{"id":155227,"date":"2023-07-05T10:41:01","date_gmt":"2023-07-05T10:41:01","guid":{"rendered":"http:\/\/talkpal.ai\/urdu-malfraedi-aefingar\/"},"modified":"2025-12-17T14:41:51","modified_gmt":"2025-12-17T14:41:51","slug":"urdu-malfraedi-aefingar","status":"publish","type":"page","link":"https:\/\/talkpal.ai\/is\/urdu-malfraedi-aefingar\/","title":{"rendered":"Urdu M\u00e1lfr\u00e6\u00f0i \u00c6fingar"},"content":{"rendered":"\r\n\r\n\r\n<section class=\"languageChallengeSection\">\r\n    <div class=\"languageInfoWrapper\">\r\n        \r\n        <h1>Urdu M\u00e1lfr\u00e6\u00f0i \u00c6fingar<\/h1>\r\n        <p>Viltu vera \u00f6ruggari me\u00f0 a\u00f0 nota \u00fard\u00fa? A\u00f0 \u00e6fa <a href=\"https:\/\/talkpal.ai\/grammar\/\">m\u00e1lfr\u00e6\u00f0i<\/a> er fr\u00e1b\u00e6r lei\u00f0 til a\u00f0 n\u00e1 t\u00f6kum \u00e1 setningager\u00f0, sagnor\u00f0um og einst\u00f6kum eiginleikum \u00fard\u00fam\u00e1lsins. Byrja\u00f0u a\u00f0 vinna \u00ed \u00fard\u00fa <a href=\"https:\/\/talkpal.ai\/grammar\/\">m\u00e1lfr\u00e6\u00f0i<\/a> \u00feinni \u00ed dag og sj\u00e1\u00f0u skilning \u00feinn og fl\u00e6\u00f0i batna me\u00f0 hverri \u00e6fingu!<\/p>\r\n\r\n                            <a class=\"getStartedHidden\" href=\"https:\/\/app.talkpal.ai\/signup?lng=\">Byrja\u00f0u<\/a>\r\n        \r\n    <\/div>\r\n\r\n    <figure>\r\n    <img decoding=\"async\" width=\"768\" height=\"768\" src=\"https:\/\/talkpal.ai\/wp-content\/uploads\/2023\/06\/urdu-768x768.png\" class=\"languageImage no-lazy\" alt=\"Language learning for global understanding\" fetchpriority=\"high\" sizes=\"(max-width: 768px) 150px, 768px\" srcset=\"https:\/\/talkpal.ai\/wp-content\/uploads\/2023\/06\/urdu-768x768.png 768w, https:\/\/talkpal.ai\/wp-content\/uploads\/2023\/06\/urdu-300x300.png 300w\" \/>\r\n    \r\n\r\n    <\/figure>\r\n\r\n            <a class=\"getStartedVisible\" href=\"https:\/\/app.talkpal.ai\/signup?lng=\">Byrja\u00f0u<\/a>\r\n    \r\n<\/section>\r\n\r\n\r\n<!-- <section class=\"grammarSection\">\r\n    <div class=\"grammarLinks\">\r\n            <\/div>\r\n<\/section> -->\r\n\r\n\r\n\r\n\r\n<section class=\"promotionalBanner\">\r\n    <p class=\"promotionalText\">Skilvirkasta lei\u00f0in til a\u00f0 l\u00e6ra tungum\u00e1l<\/p>\r\n    <a class=\"promotionalLink\" href=\"https:\/\/app.talkpal.ai\/signup?lng=\">Pr\u00f3fa\u00f0u Talkpal \u00f3keypis<\/a>\r\n<\/section>\n<div class=\"wp-block-group pageContainerStyle\"><div class=\"wp-block-group__inner-container is-layout-constrained wp-block-group-is-layout-constrained\">\n<h2 class=\"wp-block-heading\" id=\"h-urdu-grammar-topics\">Urdu M\u00e1lfr\u00e6\u00f0i Topics<\/h2>\n\n\n\n<p>A\u00f0 <a href=\"https:\/\/talkpal.ai\/learn-urdu\/\">l\u00e6ra \u00fard\u00fa<\/a>, tungum\u00e1l au\u00f0ga\u00f0 me\u00f0 fj\u00f6lbreyttum tj\u00e1ningum, dj\u00fapst\u00e6\u00f0ri merkingu og fl\u00f3kinni m\u00e1lfr\u00e6\u00f0ilegri uppbyggingu, g\u00e6ti veri\u00f0 heillandi fer\u00f0. Hins vegar \u00fearf kerfisbundna n\u00e1lgun a\u00f0 n\u00e1 t\u00f6kum \u00e1 m\u00e1lfr\u00e6\u00f0i \u00feess. H\u00e9r a\u00f0 ne\u00f0an er fyrirhugu\u00f0 r\u00f6\u00f0 og stutt l\u00fdsing \u00e1 <a href=\"https:\/\/talkpal.ai\/urdu-grammar\/\">\u00fard\u00fa m\u00e1lfr\u00e6\u00f0i<\/a> efni til a\u00f0 a\u00f0sto\u00f0a \u00feig vi\u00f0 a\u00f0 l\u00e6ra tungum\u00e1li\u00f0 me\u00f0 vell\u00ed\u00f0an og skilvirkni.<\/p>\n\n\n\n<h3 class=\"wp-block-heading\" id=\"h-1-nouns\">1. Nafnor\u00f0:<\/h3>\n\n\n\n<p>Byrja\u00f0u \u00e1 \u00fev\u00ed a\u00f0 bera kennsl \u00e1 nafnor\u00f0 e\u00f0a \u201eisma\u201c \u00ed \u00fard\u00fa, skilja hvernig \u00feau mynda grunn setninga. L\u00e6r\u00f0u a\u00f0 bera kennsl \u00e1 algeng, vi\u00f0eigandi, teljanleg og \u00f3teljandi nafnor\u00f0.<\/p>\n\n\n\n<h3 class=\"wp-block-heading\" id=\"h-2-pronouns-determiners\">2. Forn\u00f6fn\/\u00e1kv\u00f6r\u00f0unaror\u00f0:<\/h3>\n\n\n\n<p>F\u00e6r\u00f0u \u00feig vi\u00f0 hli\u00f0ina \u00e1 forn\u00f6fnum e\u00f0a \u201ezaameer\u201c og \u00e1kvar\u00f0anir e\u00f0a \u201emuarref\u201c. \u00deeir skipta \u00fat nafnor\u00f0um \u00ed setningu og gefa til kynna eignarhald, magn e\u00f0a sj\u00e1lfsmynd \u00ed s\u00f6mu r\u00f6\u00f0.<\/p>\n\n\n\n<h3 class=\"wp-block-heading\" id=\"h-3-articles\">3. Greinar:<\/h3>\n\n\n\n<p>\u00cd \u00fard\u00fa er hugtaki\u00f0 greinar ekki eins \u00e1berandi og \u00e1 ensku. Samt sem \u00e1\u00f0ur er mikilv\u00e6gt a\u00f0 skilja f\u00ednger\u00f0a tilvist \u00feeirra \u00ed formi \u00e1kve\u00f0inna sta\u00f0a.<\/p>\n\n\n\n<h3 class=\"wp-block-heading\" id=\"h-4-adjectives\">4. L\u00fdsingaror\u00f0:<\/h3>\n\n\n\n<p>L\u00fdsingaror\u00f0 e\u00f0a \u201esigta\u201c l\u00fdsa e\u00f0a breyta nafnor\u00f0um. L\u00e6r\u00f0u sta\u00f0setningu \u00feeirra \u00ed setningum og samr\u00e6mi \u00feeirra vi\u00f0 nafnor\u00f0in sem \u00feeir breyta.<\/p>\n\n\n\n<h3 class=\"wp-block-heading\" id=\"h-5-verbs\">5. Sagnir:<\/h3>\n\n\n\n<p>Sagnir e\u00f0a \u201emistak\u201c eru grundvallaratri\u00f0i \u00ed setningager\u00f0. L\u00e6r\u00f0u mismunandi ger\u00f0ir sagna og beygingarreglur \u00feeirra.<\/p>\n\n\n\n<h3 class=\"wp-block-heading\" id=\"h-6-adverbs\">6. Atviksor\u00f0:<\/h3>\n\n\n\n<p>Atviksor\u00f0 e\u00f0a \u201eh\u0101l\u201c breyta sagnor\u00f0um, l\u00fdsingaror\u00f0um e\u00f0a \u00f6\u00f0rum atviksor\u00f0um. Skilja sta\u00f0setningu \u00feeirra og mismunandi ger\u00f0ir.<\/p>\n\n\n\n<h3 class=\"wp-block-heading\" id=\"h-7-prepositions\">7. Forsetningar:<\/h3>\n\n\n\n<p>Forsetningar e\u00f0a \u201eharf-e-jarr\u201c tengja nafnor\u00f0 e\u00f0a forn\u00f6fn vi\u00f0 \u00f6nnur or\u00f0 \u00ed setningu. \u00deeir tj\u00e1 \u00fdmis tengsl eins og stefnu, sta\u00f0setningu, t\u00edma, ors\u00f6k, h\u00e1tt og upph\u00e6\u00f0.<\/p>\n\n\n\n<h3 class=\"wp-block-heading\" id=\"h-8-tenses\">8. Spennur:<\/h3>\n\n\n\n<p>Tenses e\u00f0a \u201ezam\u0101n\u201c gefa til kynna hven\u00e6r a\u00f0ger\u00f0 \u00e1 s\u00e9r sta\u00f0. \u00dea\u00f0 eru \u00ferj\u00e1r grunnspennur \u00ed \u00fard\u00fa: Fort\u00ed\u00f0, n\u00fat\u00ed\u00f0 og framt\u00ed\u00f0, hver me\u00f0 s\u00ednar undirtegundir.<\/p>\n\n\n\n<h3 class=\"wp-block-heading\" id=\"h-9-tense-comparison\">9. Spenntur samanbur\u00f0ur:<\/h3>\n\n\n\n<p>L\u00e6r\u00f0u a\u00f0 bera saman spennur til a\u00f0 skilja l\u00famskur munur \u00e1 merkingu milli svipa\u00f0ra setningager\u00f0a \u00ed mismunandi t\u00ed\u00f0um.<\/p>\n\n\n\n<h3 class=\"wp-block-heading\" id=\"h-10-progressive\">10. Frams\u00f3kn:<\/h3>\n\n\n\n<p>Frams\u00e6kin spenna gefur til kynna \u00e1framhaldandi a\u00f0ger\u00f0ir. \u00deetta hugtak er gefi\u00f0 upp \u00ed \u00fard\u00fa me\u00f0 \u00fev\u00ed a\u00f0 nota hj\u00e1lparsagnir.<\/p>\n\n\n\n<h3 class=\"wp-block-heading\" id=\"h-11-perfect-progressive\">11. Fullkominn frams\u00e6kinn:<\/h3>\n\n\n\n<p><a href=\"https:\/\/talkpal.ai\/et\/grammar\/esitlus-perfect-progressive-inglise-keele-grammatikas\/\">Perfect Progressive<\/a> spenna l\u00fdsir a\u00f0ger\u00f0 sem h\u00f3fst \u00ed fort\u00ed\u00f0inni, h\u00e9lt \u00e1fram um nokkurt skei\u00f0 og g\u00e6ti enn veri\u00f0 a\u00f0 gerast. \u00cd \u00fard\u00fa er \u00feetta gefi\u00f0 upp me\u00f0 bl\u00f6ndu af hj\u00e1lpars\u00f6gnum.<\/p>\n\n\n\n<h3 class=\"wp-block-heading\" id=\"h-12-conditionals\">12. Skilyr\u00f0i:<\/h3>\n\n\n\n<p>Skilyrt e\u00f0a \u201eshartia\u201c tj\u00e1 \u00edmynda\u00f0ar a\u00f0st\u00e6\u00f0ur og hugsanlegar ni\u00f0urst\u00f6\u00f0ur \u00feeirra. \u00deessar fl\u00f3knu setningar krefjast g\u00f3\u00f0s skilnings \u00e1 s\u00f6gnum og t\u00ed\u00f0um.<\/p>\n\n\n\n<h3 class=\"wp-block-heading\" id=\"h-13-sentences\">13. Setningar:<\/h3>\n\n\n\n<p>A\u00f0 lokum skaltu nota \u00f6ll \u00feessi hugt\u00f6k til a\u00f0 mynda setningar e\u00f0a \u201ejumley\u201c. Skilja mismunandi ger\u00f0ir setninga og uppbyggingu \u00feeirra \u00ed \u00fard\u00fa.<\/p>\n<\/div><\/div>\n\r\n<section class=\"learnNavigationSection\">\r\n            \r\n        <a href=\"https:\/\/talkpal.ai\/is\/laerdu-urdu\/\">\r\n            <div class=\"learnNavigationWrapper\">\r\n                <div class=\"learnNavigationContent\">\r\n                    <img decoding=\"async\" src=\"https:\/\/talkpal.ai\/wp-content\/uploads\/2024\/08\/Urdu.jpg\" alt=\"Pakistani Flag\">\r\n                    <div>\r\n                        <h4>Um \u00fard\u00fa n\u00e1m<\/h4>\r\n                        <p>Finndu \u00fat allt um \u00fard\u00fa m\u00e1lfr\u00e6\u00f0i.<\/p>\r\n                    <\/div>\r\n                <\/div>\r\n            <\/div>\r\n        <\/a>\r\n\r\n        \r\n        <a href=\"https:\/\/talkpal.ai\/is\/urdu-malfraedi\/\">\r\n            <div class=\"learnNavigationWrapper\">\r\n                <div class=\"learnNavigationContent\">\r\n                    <img decoding=\"async\" src=\"https:\/\/talkpal.ai\/wp-content\/uploads\/2024\/08\/Urdu.jpg\" alt=\"Pakistani Flag\">\r\n                    <div>\r\n                        <h4>Urdu Grammar Lessons<\/h4>\r\n                        <p>\u00c6f\u00f0u \u00fard\u00fa m\u00e1lfr\u00e6\u00f0i.<\/p>\r\n                    <\/div>\r\n                <\/div>\r\n            <\/div>\r\n        <\/a>\r\n\r\n        \r\n        <a href=\"https:\/\/talkpal.ai\/vocabulary_language\/urdu\/\">\r\n            <div class=\"learnNavigationWrapper\">\r\n                <div class=\"learnNavigationContent\">\r\n                    <img decoding=\"async\" src=\"https:\/\/talkpal.ai\/wp-content\/uploads\/2024\/08\/Urdu.jpg\" alt=\"Pakistani Flag\">\r\n                    <div>\r\n                        <h4>\u00dard\u00fa or\u00f0afor\u00f0i<\/h4>\r\n                        <p>St\u00e6kka\u00f0u \u00fard\u00fa or\u00f0afor\u00f0a \u00feinn.<\/p>\r\n                    <\/div>\r\n                <\/div>\r\n            <\/div>\r\n        <\/a>\r\n\r\n            <\/section>","protected":false},"excerpt":{"rendered":"<p>Urdu M\u00e1lfr\u00e6\u00f0i Topics A\u00f0 l\u00e6ra \u00fard\u00fa, tungum\u00e1l au\u00f0ga\u00f0 me\u00f0 fj\u00f6lbreyttum tj\u00e1ningum, dj\u00fapst\u00e6\u00f0ri merkingu og fl\u00f3kinni m\u00e1lfr\u00e6\u00f0ilegri uppbyggingu, g\u00e6ti veri\u00f0 heillandi fer\u00f0. Hins vegar \u00fearf kerfisbundna n\u00e1lgun a\u00f0 n\u00e1 t\u00f6kum \u00e1 m\u00e1lfr\u00e6\u00f0i \u00feess. H\u00e9r a\u00f0 ne\u00f0an er fyrirhugu\u00f0 r\u00f6\u00f0 og stutt l\u00fdsing \u00e1 \u00fard\u00fa m\u00e1lfr\u00e6\u00f0i efni til a\u00f0 a\u00f0sto\u00f0a \u00feig vi\u00f0 a\u00f0 l\u00e6ra tungum\u00e1li\u00f0 me\u00f0 vell\u00ed\u00f0an [&hellip;]<\/p>\n","protected":false},"author":6,"featured_media":121289,"parent":0,"menu_order":0,"comment_status":"closed","ping_status":"closed","template":"LearningContentPage.php","meta":{"_acf_changed":false,"footnotes":""},"class_list":["post-155227","page","type-page","status-publish","has-post-thumbnail","hentry"],"acf":[],"yoast_head":"<!-- This site is optimized with the Yoast SEO Premium plugin v27.2 (Yoast SEO v27.2) - https:\/\/yoast.com\/product\/yoast-seo-premium-wordpress\/ -->\n<title>Urdu M\u00e1lfr\u00e6\u00f0i \u00c6fingar - Talkpal<\/title>\n<meta name=\"description\" content=\"N\u00e1\u00f0u t\u00f6kum \u00e1 \u00fard\u00fa me\u00f0 \u00edtarlegum m\u00e1lfr\u00e6\u00f0i\u00e6fingum okkar \u00ed \u00fard\u00fa til a\u00f0 auka skilning \u00feinn \u00e1 nafnor\u00f0um, forn\u00f6fnum og fleiru.\" \/>\n<meta name=\"robots\" content=\"index, follow, max-snippet:-1, max-image-preview:large, max-video-preview:-1\" \/>\n<link rel=\"canonical\" href=\"https:\/\/talkpal.ai\/is\/urdu-malfraedi-aefingar\/\" \/>\n<meta property=\"og:locale\" content=\"is_IS\" \/>\n<meta property=\"og:type\" content=\"article\" \/>\n<meta property=\"og:title\" content=\"Urdu M\u00e1lfr\u00e6\u00f0i \u00c6fingar\" \/>\n<meta property=\"og:description\" content=\"Urdu M\u00e1lfr\u00e6\u00f0i Topics A\u00f0 l\u00e6ra \u00fard\u00fa, tungum\u00e1l au\u00f0ga\u00f0 me\u00f0 fj\u00f6lbreyttum tj\u00e1ningum, dj\u00fapst\u00e6\u00f0ri merkingu og fl\u00f3kinni m\u00e1lfr\u00e6\u00f0ilegri uppbyggingu, g\u00e6ti veri\u00f0\" \/>\n<meta property=\"og:url\" content=\"https:\/\/talkpal.ai\/is\/urdu-malfraedi-aefingar\/\" \/>\n<meta property=\"og:site_name\" content=\"Talkpal\" \/>\n<meta property=\"article:publisher\" content=\"https:\/\/www.facebook.com\/profile.php?id=100090733639311\" \/>\n<meta property=\"article:modified_time\" content=\"2025-12-17T14:41:51+00:00\" \/>\n<meta property=\"og:image\" content=\"https:\/\/talkpal.ai\/wp-content\/uploads\/2023\/05\/Urdu-pakistan.png\" \/>\n\t<meta property=\"og:image:width\" content=\"512\" \/>\n\t<meta property=\"og:image:height\" content=\"512\" \/>\n\t<meta property=\"og:image:type\" content=\"image\/png\" \/>\n<meta name=\"twitter:card\" content=\"summary_large_image\" \/>\n<meta name=\"twitter:site\" content=\"@talkpalai\" \/>\n<meta name=\"twitter:label1\" content=\"Est. reading time\" \/>\n\t<meta name=\"twitter:data1\" content=\"2 minutes\" \/>\n<script type=\"application\/ld+json\" class=\"yoast-schema-graph\">{\"@context\":\"https:\/\/schema.org\",\"@graph\":[{\"@type\":\"WebPage\",\"@id\":\"https:\/\/talkpal.ai\/is\/urdu-malfraedi-aefingar\/\",\"url\":\"https:\/\/talkpal.ai\/is\/urdu-malfraedi-aefingar\/\",\"name\":\"Urdu M\u00e1lfr\u00e6\u00f0i \u00c6fingar - Talkpal\",\"isPartOf\":{\"@id\":\"https:\/\/talkpal.ai\/is\/#website\"},\"primaryImageOfPage\":{\"@id\":\"https:\/\/talkpal.ai\/is\/urdu-malfraedi-aefingar\/#primaryimage\"},\"image\":{\"@id\":\"https:\/\/talkpal.ai\/is\/urdu-malfraedi-aefingar\/#primaryimage\"},\"thumbnailUrl\":\"https:\/\/talkpal.ai\/wp-content\/uploads\/2023\/05\/Urdu-pakistan.png\",\"datePublished\":\"2023-07-05T10:41:01+00:00\",\"dateModified\":\"2025-12-17T14:41:51+00:00\",\"description\":\"N\u00e1\u00f0u t\u00f6kum \u00e1 \u00fard\u00fa me\u00f0 \u00edtarlegum m\u00e1lfr\u00e6\u00f0i\u00e6fingum okkar \u00ed \u00fard\u00fa til a\u00f0 auka skilning \u00feinn \u00e1 nafnor\u00f0um, forn\u00f6fnum og fleiru.\",\"breadcrumb\":{\"@id\":\"https:\/\/talkpal.ai\/is\/urdu-malfraedi-aefingar\/#breadcrumb\"},\"inLanguage\":\"is\",\"potentialAction\":[{\"@type\":\"ReadAction\",\"target\":[\"https:\/\/talkpal.ai\/is\/urdu-malfraedi-aefingar\/\"]}]},{\"@type\":\"ImageObject\",\"inLanguage\":\"is\",\"@id\":\"https:\/\/talkpal.ai\/is\/urdu-malfraedi-aefingar\/#primaryimage\",\"url\":\"https:\/\/talkpal.ai\/wp-content\/uploads\/2023\/05\/Urdu-pakistan.png\",\"contentUrl\":\"https:\/\/talkpal.ai\/wp-content\/uploads\/2023\/05\/Urdu-pakistan.png\",\"width\":512,\"height\":512},{\"@type\":\"BreadcrumbList\",\"@id\":\"https:\/\/talkpal.ai\/is\/urdu-malfraedi-aefingar\/#breadcrumb\",\"itemListElement\":[{\"@type\":\"ListItem\",\"position\":1,\"name\":\"Homepage\",\"item\":\"https:\/\/talkpal.ai\/is\/\"},{\"@type\":\"ListItem\",\"position\":2,\"name\":\"Urdu M\u00e1lfr\u00e6\u00f0i \u00c6fingar\"}]},{\"@type\":\"WebSite\",\"@id\":\"https:\/\/talkpal.ai\/is\/#website\",\"url\":\"https:\/\/talkpal.ai\/is\/\",\"name\":\"Talkpal\",\"description\":\"AI Language Learning\",\"publisher\":{\"@id\":\"https:\/\/talkpal.ai\/is\/#organization\"},\"alternateName\":\"Talkpal AI\",\"potentialAction\":[{\"@type\":\"SearchAction\",\"target\":{\"@type\":\"EntryPoint\",\"urlTemplate\":\"https:\/\/talkpal.ai\/is\/?s={search_term_string}\"},\"query-input\":{\"@type\":\"PropertyValueSpecification\",\"valueRequired\":true,\"valueName\":\"search_term_string\"}}],\"inLanguage\":\"is\"},{\"@type\":\"Organization\",\"@id\":\"https:\/\/talkpal.ai\/is\/#organization\",\"name\":\"Talkpal, Inc.\",\"alternateName\":\"Talkpal AI\",\"url\":\"https:\/\/talkpal.ai\/is\/\",\"logo\":{\"@type\":\"ImageObject\",\"inLanguage\":\"is\",\"@id\":\"https:\/\/talkpal.ai\/is\/#\/schema\/logo\/image\/\",\"url\":\"https:\/\/talkpal.ai\/wp-content\/uploads\/2024\/03\/Talkpal-Logo-Icon.png\",\"contentUrl\":\"https:\/\/talkpal.ai\/wp-content\/uploads\/2024\/03\/Talkpal-Logo-Icon.png\",\"width\":2880,\"height\":2880,\"caption\":\"Talkpal, Inc.\"},\"image\":{\"@id\":\"https:\/\/talkpal.ai\/is\/#\/schema\/logo\/image\/\"},\"sameAs\":[\"https:\/\/www.facebook.com\/profile.php?id=100090733639311\",\"https:\/\/x.com\/talkpalai\",\"https:\/\/www.linkedin.com\/company\/talkpal\/\",\"https:\/\/www.youtube.com\/@TalkPal\/\",\"https:\/\/www.tiktok.com\/@talkpal\",\"https:\/\/www.instagram.com\/talkpal_ai\/\",\"https:\/\/www.crunchbase.com\/organization\/talkpal-9cde\",\"https:\/\/www.g2.com\/products\/talkpal-for-business\/\",\"https:\/\/www.trustpilot.com\/review\/talkpal.ai\",\"https:\/\/www.capterra.com\/p\/10006800\/TalkPal\/\"],\"description\":\"Talkpal is a language learning web and mobile education app, powered by the latest AI technologies, that provides engaging experiences to its customers in many different languages to help them improve their language skills. Users can chat about unlimited amount of topics with the app and use other modes to practice their language learning.\",\"email\":\"support@talkpal.ai\",\"legalName\":\"Talkpal, Inc.\",\"foundingDate\":\"2023-04-03\",\"duns\":\"118989042\",\"numberOfEmployees\":{\"@type\":\"QuantitativeValue\",\"minValue\":\"11\",\"maxValue\":\"50\"},\"publishingPrinciples\":\"https:\/\/talkpal.ai\/publishing-principles\/\",\"actionableFeedbackPolicy\":\"https:\/\/talkpal.ai\/actionable-feedback-policy\/\",\"correctionsPolicy\":\"https:\/\/talkpal.ai\/corrections-policy\/\",\"ethicsPolicy\":\"https:\/\/talkpal.ai\/ethics-policy\/\",\"diversityPolicy\":\"https:\/\/talkpal.ai\/diversity-policy\/\",\"diversityStaffingReport\":\"https:\/\/talkpal.ai\/diversity-policy\/\"}]}<\/script>\n<!-- \/ Yoast SEO Premium plugin. -->","yoast_head_json":{"title":"Urdu M\u00e1lfr\u00e6\u00f0i \u00c6fingar - Talkpal","description":"N\u00e1\u00f0u t\u00f6kum \u00e1 \u00fard\u00fa me\u00f0 \u00edtarlegum m\u00e1lfr\u00e6\u00f0i\u00e6fingum okkar \u00ed \u00fard\u00fa til a\u00f0 auka skilning \u00feinn \u00e1 nafnor\u00f0um, forn\u00f6fnum og fleiru.","robots":{"index":"index","follow":"follow","max-snippet":"max-snippet:-1","max-image-preview":"max-image-preview:large","max-video-preview":"max-video-preview:-1"},"canonical":"https:\/\/talkpal.ai\/is\/urdu-malfraedi-aefingar\/","og_locale":"is_IS","og_type":"article","og_title":"Urdu M\u00e1lfr\u00e6\u00f0i \u00c6fingar","og_description":"Urdu M\u00e1lfr\u00e6\u00f0i Topics A\u00f0 l\u00e6ra \u00fard\u00fa, tungum\u00e1l au\u00f0ga\u00f0 me\u00f0 fj\u00f6lbreyttum tj\u00e1ningum, dj\u00fapst\u00e6\u00f0ri merkingu og fl\u00f3kinni m\u00e1lfr\u00e6\u00f0ilegri uppbyggingu, g\u00e6ti veri\u00f0","og_url":"https:\/\/talkpal.ai\/is\/urdu-malfraedi-aefingar\/","og_site_name":"Talkpal","article_publisher":"https:\/\/www.facebook.com\/profile.php?id=100090733639311","article_modified_time":"2025-12-17T14:41:51+00:00","og_image":[{"width":512,"height":512,"url":"https:\/\/talkpal.ai\/wp-content\/uploads\/2023\/05\/Urdu-pakistan.png","type":"image\/png"}],"twitter_card":"summary_large_image","twitter_site":"@talkpalai","twitter_misc":{"Est. reading time":"2 minutes"},"schema":{"@context":"https:\/\/schema.org","@graph":[{"@type":"WebPage","@id":"https:\/\/talkpal.ai\/is\/urdu-malfraedi-aefingar\/","url":"https:\/\/talkpal.ai\/is\/urdu-malfraedi-aefingar\/","name":"Urdu M\u00e1lfr\u00e6\u00f0i \u00c6fingar - Talkpal","isPartOf":{"@id":"https:\/\/talkpal.ai\/is\/#website"},"primaryImageOfPage":{"@id":"https:\/\/talkpal.ai\/is\/urdu-malfraedi-aefingar\/#primaryimage"},"image":{"@id":"https:\/\/talkpal.ai\/is\/urdu-malfraedi-aefingar\/#primaryimage"},"thumbnailUrl":"https:\/\/talkpal.ai\/wp-content\/uploads\/2023\/05\/Urdu-pakistan.png","datePublished":"2023-07-05T10:41:01+00:00","dateModified":"2025-12-17T14:41:51+00:00","description":"N\u00e1\u00f0u t\u00f6kum \u00e1 \u00fard\u00fa me\u00f0 \u00edtarlegum m\u00e1lfr\u00e6\u00f0i\u00e6fingum okkar \u00ed \u00fard\u00fa til a\u00f0 auka skilning \u00feinn \u00e1 nafnor\u00f0um, forn\u00f6fnum og fleiru.","breadcrumb":{"@id":"https:\/\/talkpal.ai\/is\/urdu-malfraedi-aefingar\/#breadcrumb"},"inLanguage":"is","potentialAction":[{"@type":"ReadAction","target":["https:\/\/talkpal.ai\/is\/urdu-malfraedi-aefingar\/"]}]},{"@type":"ImageObject","inLanguage":"is","@id":"https:\/\/talkpal.ai\/is\/urdu-malfraedi-aefingar\/#primaryimage","url":"https:\/\/talkpal.ai\/wp-content\/uploads\/2023\/05\/Urdu-pakistan.png","contentUrl":"https:\/\/talkpal.ai\/wp-content\/uploads\/2023\/05\/Urdu-pakistan.png","width":512,"height":512},{"@type":"BreadcrumbList","@id":"https:\/\/talkpal.ai\/is\/urdu-malfraedi-aefingar\/#breadcrumb","itemListElement":[{"@type":"ListItem","position":1,"name":"Homepage","item":"https:\/\/talkpal.ai\/is\/"},{"@type":"ListItem","position":2,"name":"Urdu M\u00e1lfr\u00e6\u00f0i \u00c6fingar"}]},{"@type":"WebSite","@id":"https:\/\/talkpal.ai\/is\/#website","url":"https:\/\/talkpal.ai\/is\/","name":"Talkpal","description":"AI Language Learning","publisher":{"@id":"https:\/\/talkpal.ai\/is\/#organization"},"alternateName":"Talkpal AI","potentialAction":[{"@type":"SearchAction","target":{"@type":"EntryPoint","urlTemplate":"https:\/\/talkpal.ai\/is\/?s={search_term_string}"},"query-input":{"@type":"PropertyValueSpecification","valueRequired":true,"valueName":"search_term_string"}}],"inLanguage":"is"},{"@type":"Organization","@id":"https:\/\/talkpal.ai\/is\/#organization","name":"Talkpal, Inc.","alternateName":"Talkpal AI","url":"https:\/\/talkpal.ai\/is\/","logo":{"@type":"ImageObject","inLanguage":"is","@id":"https:\/\/talkpal.ai\/is\/#\/schema\/logo\/image\/","url":"https:\/\/talkpal.ai\/wp-content\/uploads\/2024\/03\/Talkpal-Logo-Icon.png","contentUrl":"https:\/\/talkpal.ai\/wp-content\/uploads\/2024\/03\/Talkpal-Logo-Icon.png","width":2880,"height":2880,"caption":"Talkpal, Inc."},"image":{"@id":"https:\/\/talkpal.ai\/is\/#\/schema\/logo\/image\/"},"sameAs":["https:\/\/www.facebook.com\/profile.php?id=100090733639311","https:\/\/x.com\/talkpalai","https:\/\/www.linkedin.com\/company\/talkpal\/","https:\/\/www.youtube.com\/@TalkPal\/","https:\/\/www.tiktok.com\/@talkpal","https:\/\/www.instagram.com\/talkpal_ai\/","https:\/\/www.crunchbase.com\/organization\/talkpal-9cde","https:\/\/www.g2.com\/products\/talkpal-for-business\/","https:\/\/www.trustpilot.com\/review\/talkpal.ai","https:\/\/www.capterra.com\/p\/10006800\/TalkPal\/"],"description":"Talkpal is a language learning web and mobile education app, powered by the latest AI technologies, that provides engaging experiences to its customers in many different languages to help them improve their language skills. Users can chat about unlimited amount of topics with the app and use other modes to practice their language learning.","email":"support@talkpal.ai","legalName":"Talkpal, Inc.","foundingDate":"2023-04-03","duns":"118989042","numberOfEmployees":{"@type":"QuantitativeValue","minValue":"11","maxValue":"50"},"publishingPrinciples":"https:\/\/talkpal.ai\/publishing-principles\/","actionableFeedbackPolicy":"https:\/\/talkpal.ai\/actionable-feedback-policy\/","correctionsPolicy":"https:\/\/talkpal.ai\/corrections-policy\/","ethicsPolicy":"https:\/\/talkpal.ai\/ethics-policy\/","diversityPolicy":"https:\/\/talkpal.ai\/diversity-policy\/","diversityStaffingReport":"https:\/\/talkpal.ai\/diversity-policy\/"}]}},"_links":{"self":[{"href":"https:\/\/talkpal.ai\/is\/wp-json\/wp\/v2\/pages\/155227","targetHints":{"allow":["GET"]}}],"collection":[{"href":"https:\/\/talkpal.ai\/is\/wp-json\/wp\/v2\/pages"}],"about":[{"href":"https:\/\/talkpal.ai\/is\/wp-json\/wp\/v2\/types\/page"}],"author":[{"embeddable":true,"href":"https:\/\/talkpal.ai\/is\/wp-json\/wp\/v2\/users\/6"}],"replies":[{"embeddable":true,"href":"https:\/\/talkpal.ai\/is\/wp-json\/wp\/v2\/comments?post=155227"}],"version-history":[{"count":0,"href":"https:\/\/talkpal.ai\/is\/wp-json\/wp\/v2\/pages\/155227\/revisions"}],"wp:featuredmedia":[{"embeddable":true,"href":"https:\/\/talkpal.ai\/is\/wp-json\/wp\/v2\/media\/121289"}],"wp:attachment":[{"href":"https:\/\/talkpal.ai\/is\/wp-json\/wp\/v2\/media?parent=155227"}],"curies":[{"name":"wp","href":"https:\/\/api.w.org\/{rel}","templated":true}]}}