{"id":154934,"date":"2023-07-05T11:05:37","date_gmt":"2023-07-05T11:05:37","guid":{"rendered":"http:\/\/talkpal.ai\/vietnamska-malfraedi-aefingar\/"},"modified":"2025-12-17T14:43:06","modified_gmt":"2025-12-17T14:43:06","slug":"vietnamska-malfraedi-aefingar","status":"publish","type":"page","link":"https:\/\/talkpal.ai\/is\/vietnamska-malfraedi-aefingar\/","title":{"rendered":"V\u00edetnamska M\u00e1lfr\u00e6\u00f0i \u00c6fingar"},"content":{"rendered":"\r\n\r\n\r\n<section class=\"languageChallengeSection\">\r\n    <div class=\"languageInfoWrapper\">\r\n        \r\n        <h1>V\u00edetnamska M\u00e1lfr\u00e6\u00f0i \u00c6fingar<\/h1>\r\n        <p>Skemmtum okkur a\u00f0eins me\u00f0 sl\u00f3vak\u00edsku m\u00e1lfr\u00e6\u00f0inni! \u00deessar einf\u00f6ldu \u00e6fingar munu hj\u00e1lpa \u00fe\u00e9r a\u00f0 venjast \u00fev\u00ed hvernig tungum\u00e1li\u00f0 virkar og auka sj\u00e1lfstraust \u00feitt \u00e1 me\u00f0an \u00fe\u00fa l\u00e6rir. Tilb\u00fainn\/n? Byrjum!<\/p>\r\n\r\n                            <a class=\"getStartedHidden\" href=\"https:\/\/app.talkpal.ai\/signup?lng=\">Byrja\u00f0u<\/a>\r\n        \r\n    <\/div>\r\n\r\n    <figure>\r\n    <img decoding=\"async\" width=\"768\" height=\"768\" src=\"https:\/\/talkpal.ai\/wp-content\/uploads\/2023\/06\/vietnamese-768x768.png\" class=\"languageImage no-lazy\" alt=\"Language learning for extensive cultural knowledge\" fetchpriority=\"high\" sizes=\"(max-width: 768px) 150px, 768px\" srcset=\"https:\/\/talkpal.ai\/wp-content\/uploads\/2023\/06\/vietnamese-768x768.png 768w, https:\/\/talkpal.ai\/wp-content\/uploads\/2023\/06\/vietnamese-300x300.png 300w\" \/>\r\n    \r\n\r\n    <\/figure>\r\n\r\n            <a class=\"getStartedVisible\" href=\"https:\/\/app.talkpal.ai\/signup?lng=\">Byrja\u00f0u<\/a>\r\n    \r\n<\/section>\r\n\r\n\r\n<!-- <section class=\"grammarSection\">\r\n    <div class=\"grammarLinks\">\r\n            <\/div>\r\n<\/section> -->\r\n\r\n\r\n\r\n\r\n<section class=\"promotionalBanner\">\r\n    <p class=\"promotionalText\">Skilvirkasta lei\u00f0in til a\u00f0 l\u00e6ra tungum\u00e1l<\/p>\r\n    <a class=\"promotionalLink\" href=\"https:\/\/app.talkpal.ai\/signup?lng=\">Pr\u00f3fa\u00f0u Talkpal \u00f3keypis<\/a>\r\n<\/section>\n<div class=\"wp-block-group pageContainerStyle\"><div class=\"wp-block-group__inner-container is-layout-constrained wp-block-group-is-layout-constrained\">\n<h2 class=\"wp-block-heading\" id=\"h-vietnamese-grammar-topics\">V\u00edetnamska M\u00e1lfr\u00e6\u00f0i Topics<\/h2>\n\n\n\n<p>A\u00f0 l\u00e6ra n\u00fdtt tungum\u00e1l getur veri\u00f0 spennandi og krefjandi verkefni. A\u00f0 skilja <a href=\"https:\/\/talkpal.ai\/learn-vietnamese\/\">v\u00edetnamska<\/a> <a href=\"https:\/\/talkpal.ai\/grammar\/\">m\u00e1lfr\u00e6\u00f0i<\/a> er lykillinn a\u00f0 \u00fev\u00ed a\u00f0 opna \u00feetta heillandi tungum\u00e1l. H\u00e9r munum vi\u00f0 r\u00e6\u00f0a og flokka mikilv\u00e6g efni \u00ed \u00feeirri r\u00f6\u00f0 sem helst \u00e6tti a\u00f0 l\u00e6ra \u00feau, sem gerir kleift a\u00f0 byggja upp fl\u00e6kjustigi\u00f0 sm\u00e1m saman. \u00deessi handb\u00f3k mun fjalla um allt fr\u00e1 grunn\u00fe\u00e1ttum eins og nafnor\u00f0um og s\u00f6gnum til fl\u00f3knari mannvirkja eins og t\u00ed\u00f0a og skilyrtra.<\/p>\n\n\n\n<h3 class=\"wp-block-heading\" id=\"h-1-nouns\">1. Nafnor\u00f0:<\/h3>\n\n\n\n<p>Byrja\u00f0u \u00e1 grunnatri\u00f0unum me\u00f0 \u00fev\u00ed a\u00f0 l\u00e6ra v\u00edetn\u00f6msk nafnor\u00f0. \u00deetta eru n\u00f6fn f\u00f3lks, sta\u00f0a, hluta e\u00f0a hugmynda. V\u00edetn\u00f6msk nafnor\u00f0 hafa ekki kyn, sem gerir \u00feau einfaldari en \u00e1 sumum \u00f6\u00f0rum tungum\u00e1lum.<\/p>\n\n\n\n<h3 class=\"wp-block-heading\" id=\"h-2-pronouns-determiners\">2. Forn\u00f6fn\/\u00e1kv\u00f6r\u00f0unaror\u00f0:<\/h3>\n\n\n\n<p>\u00deegar \u00fe\u00fa ert \u00e1n\u00e6g\u00f0ur me\u00f0 nafnor\u00f0 skaltu fara yfir \u00ed forn\u00f6fn og \u00e1kvar\u00f0ana. \u00deessi or\u00f0 koma \u00ed sta\u00f0 e\u00f0a breyta nafnor\u00f0um, hj\u00e1lpa til vi\u00f0 a\u00f0 <a href=\"https:\/\/talkpal.ai\/locations\/language-courses-in-gera\/\">gera<\/a> setningar hnitmi\u00f0a\u00f0ri og for\u00f0ast endurtekningu.<\/p>\n\n\n\n<h3 class=\"wp-block-heading\" id=\"h-3-verbs\">3. Sagnir:<\/h3>\n\n\n\n<p>Sagnir eru nota\u00f0ar til a\u00f0 l\u00fdsa ath\u00f6fnum e\u00f0a tilveru\u00e1standi. \u00c1 v\u00edetn\u00f6msku breyta sagnir ekki formi s\u00ednu eftir vi\u00f0fangsefni e\u00f0a spennu, sem gerir \u00fe\u00e6r minna fl\u00f3knar en \u00ed sumum \u00f6\u00f0rum tungum\u00e1lum.<\/p>\n\n\n\n<h3 class=\"wp-block-heading\" id=\"h-4-adjectives\">4. L\u00fdsingaror\u00f0:<\/h3>\n\n\n\n<p>A\u00f0 l\u00e6ra l\u00fdsingaror\u00f0 gerir \u00fe\u00e9r kleift a\u00f0 l\u00fdsa nafnor\u00f0um n\u00e1nar. \u00c1 v\u00edetn\u00f6msku fylgja l\u00fdsingaror\u00f0 nafnor\u00f0inu sem \u00feeir breyta, sem er fr\u00e1brug\u00f0i\u00f0 ensku.<\/p>\n\n\n\n<h3 class=\"wp-block-heading\" id=\"h-5-articles\">5. Greinar:<\/h3>\n\n\n\n<p><a href=\"https:\/\/talkpal.ai\/learn-vietnamese\/\">V\u00edetnamska<\/a> hefur ekki greinar \u00e1 <a href=\"https:\/\/talkpal.ai\/locations\/language-courses-in-sama\/\">sama<\/a> h\u00e1tt og <a href=\"https:\/\/talkpal.ai\/learn-english-with-ai\/\">enska<\/a> gerir. Hins vegar er samt mikilv\u00e6gt a\u00f0 skilja hvernig \u00e1 a\u00f0 gefa til kynna skilgreiningu e\u00f0a \u00f3endanlega nafnor\u00f0s.<\/p>\n\n\n\n<h3 class=\"wp-block-heading\" id=\"h-6-adverbs\">6. Atviksor\u00f0:<\/h3>\n\n\n\n<p>Atviksor\u00f0 eru notu\u00f0 til a\u00f0 breyta s\u00f6gnum, l\u00fdsingaror\u00f0um e\u00f0a \u00f6\u00f0rum atviksor\u00f0um. \u00deeir geta veitt uppl\u00fdsingar um h\u00e1tt, sta\u00f0, t\u00edma, t\u00ed\u00f0ni, gr\u00e1\u00f0u og a\u00f0ra.<\/p>\n\n\n\n<h3 class=\"wp-block-heading\" id=\"h-7-prepositions\">7. Forsetningar:<\/h3>\n\n\n\n<p>\u00deetta eru or\u00f0 sem s\u00fdna tengsl nafnor\u00f0s e\u00f0a fornafns vi\u00f0 anna\u00f0 or\u00f0 \u00ed setningu. \u00deeir geta gefi\u00f0 til kynna sta\u00f0setningu, stefnu, t\u00edma, ors\u00f6k og \u00f6nnur samb\u00f6nd.<\/p>\n\n\n\n<h3 class=\"wp-block-heading\" id=\"h-8-tenses\">8. Spennur:<\/h3>\n\n\n\n<p>V\u00edetnamska hefur ekki spennu \u00ed hef\u00f0bundnum skilningi. \u00deess \u00ed sta\u00f0 notar \u00fea\u00f0 or\u00f0 og samhengi til a\u00f0 gefa til kynna hven\u00e6r a\u00f0ger\u00f0 \u00e1 s\u00e9r sta\u00f0.<\/p>\n\n\n\n<h3 class=\"wp-block-heading\" id=\"h-9-tense-comparison\">9. Spenntur samanbur\u00f0ur:<\/h3>\n\n\n\n<p>\u00dea\u00f0 er mikilv\u00e6gt a\u00f0 skilja hvernig \u00e1 a\u00f0 bera saman spennur \u00e1 v\u00edetn\u00f6msku. \u00deetta felur \u00ed s\u00e9r a\u00f0 l\u00e6ra \u00e1kve\u00f0in or\u00f0 og mannvirki sem notu\u00f0 eru til a\u00f0 gefa til kynna breytingar \u00e1 t\u00edma.<\/p>\n\n\n\n<h3 class=\"wp-block-heading\" id=\"h-10-progressive\">10. Frams\u00f3kn:<\/h3>\n\n\n\n<p>Frams\u00e6kni \u00fe\u00e1tturinn \u00e1 v\u00edetn\u00f6msku er nota\u00f0ur til a\u00f0 gefa til kynna \u00e1framhaldandi a\u00f0ger\u00f0ir. \u00dea\u00f0 getur \u00e1tt vi\u00f0 fort\u00ed\u00f0, n\u00fat\u00ed\u00f0 e\u00f0a framt\u00ed\u00f0.<\/p>\n\n\n\n<h3 class=\"wp-block-heading\" id=\"h-11-perfect-progressive\">11. Fullkominn frams\u00e6kinn:<\/h3>\n\n\n\n<p>\u00deessi spenna er notu\u00f0 til a\u00f0 tj\u00e1 athafnir sem voru \u00ed gangi \u00ed fort\u00ed\u00f0inni og hafa einhver tengsl vi\u00f0 n\u00fat\u00ed\u00f0ina.<\/p>\n\n\n\n<h3 class=\"wp-block-heading\" id=\"h-12-conditionals\">12. Skilyr\u00f0i:<\/h3>\n\n\n\n<p>Skilyrtar setningar eru setningar sem tj\u00e1 \u00edmynda\u00f0ar a\u00f0st\u00e6\u00f0ur og aflei\u00f0ingarnar sem \u00feeim fylgja.<\/p>\n\n\n\n<h3 class=\"wp-block-heading\" id=\"h-13-sentences\">13. Setningar:<\/h3>\n\n\n\n<p>\u00deegar \u00fe\u00fa hefur n\u00e1\u00f0 t\u00f6kum \u00e1 \u00f6llum \u00feessum \u00fe\u00e1ttum getur\u00f0u byrja\u00f0 a\u00f0 mynda heilar setningar \u00e1 v\u00edetn\u00f6msku. \u00deetta felur \u00ed s\u00e9r skilning \u00e1 grunnsetningaskipaninni, sem er venjulega efni-s\u00f6gn-hlutur.<\/p>\n<\/div><\/div>\n\r\n<section class=\"learnNavigationSection\">\r\n            \r\n        <a href=\"https:\/\/talkpal.ai\/is\/laerdu-vietnomsku\/\">\r\n            <div class=\"learnNavigationWrapper\">\r\n                <div class=\"learnNavigationContent\">\r\n                    <img decoding=\"async\" src=\"https:\/\/talkpal.ai\/wp-content\/uploads\/2024\/08\/Vietnamese.jpg\" alt=\"Vietnamise Flag\">\r\n                    <div>\r\n                        <h4>Um v\u00edetnamska n\u00e1m<\/h4>\r\n                        <p>Finndu \u00fat allt um v\u00edetnamska m\u00e1lfr\u00e6\u00f0i.<\/p>\r\n                    <\/div>\r\n                <\/div>\r\n            <\/div>\r\n        <\/a>\r\n\r\n        \r\n        <a href=\"https:\/\/talkpal.ai\/is\/vietnomsk-malfraedi\/\">\r\n            <div class=\"learnNavigationWrapper\">\r\n                <div class=\"learnNavigationContent\">\r\n                    <img decoding=\"async\" src=\"https:\/\/talkpal.ai\/wp-content\/uploads\/2024\/08\/Vietnamese.jpg\" alt=\"Vietnamise Flag\">\r\n                    <div>\r\n                        <h4>V\u00edetnamska m\u00e1lfr\u00e6\u00f0ikennsla<\/h4>\r\n                        <p>\u00c6f\u00f0u v\u00edetnamska m\u00e1lfr\u00e6\u00f0i.<\/p>\r\n                    <\/div>\r\n                <\/div>\r\n            <\/div>\r\n        <\/a>\r\n\r\n        \r\n        <a href=\"https:\/\/talkpal.ai\/vocabulary_language\/vietnamese\/\">\r\n            <div class=\"learnNavigationWrapper\">\r\n                <div class=\"learnNavigationContent\">\r\n                    <img decoding=\"async\" src=\"https:\/\/talkpal.ai\/wp-content\/uploads\/2024\/08\/Vietnamese.jpg\" alt=\"Vietnamise Flag\">\r\n                    <div>\r\n                        <h4>V\u00edetnamskur or\u00f0afor\u00f0i<\/h4>\r\n                        <p>St\u00e6kka\u00f0u v\u00edetnamska or\u00f0afor\u00f0a \u00feinn.<\/p>\r\n                    <\/div>\r\n                <\/div>\r\n            <\/div>\r\n        <\/a>\r\n\r\n            <\/section>","protected":false},"excerpt":{"rendered":"<p>V\u00edetnamska M\u00e1lfr\u00e6\u00f0i Topics A\u00f0 l\u00e6ra n\u00fdtt tungum\u00e1l getur veri\u00f0 spennandi og krefjandi verkefni. A\u00f0 skilja v\u00edetnamska m\u00e1lfr\u00e6\u00f0i er lykillinn a\u00f0 \u00fev\u00ed a\u00f0 opna \u00feetta heillandi tungum\u00e1l. H\u00e9r munum vi\u00f0 r\u00e6\u00f0a og flokka mikilv\u00e6g efni \u00ed \u00feeirri r\u00f6\u00f0 sem helst \u00e6tti a\u00f0 l\u00e6ra \u00feau, sem gerir kleift a\u00f0 byggja upp fl\u00e6kjustigi\u00f0 sm\u00e1m saman. \u00deessi handb\u00f3k mun [&hellip;]<\/p>\n","protected":false},"author":6,"featured_media":120570,"parent":0,"menu_order":0,"comment_status":"closed","ping_status":"closed","template":"LearningContentPage.php","meta":{"_acf_changed":false,"footnotes":""},"class_list":["post-154934","page","type-page","status-publish","has-post-thumbnail","hentry"],"acf":[],"yoast_head":"<!-- This site is optimized with the Yoast SEO Premium plugin v27.2 (Yoast SEO v27.2) - https:\/\/yoast.com\/product\/yoast-seo-premium-wordpress\/ -->\n<title>V\u00edetnamska M\u00e1lfr\u00e6\u00f0i \u00c6fingar - Talkpal<\/title>\n<meta name=\"description\" content=\"Opna\u00f0u leyndard\u00f3ma v\u00edetnamsku tungum\u00e1lsins me\u00f0 v\u00edetnamskum m\u00e1lfr\u00e6\u00f0i\u00e6fingum okkar sem eru hanna\u00f0ar fyrir stigvaxandi n\u00e1m.\" \/>\n<meta name=\"robots\" content=\"index, follow, max-snippet:-1, max-image-preview:large, max-video-preview:-1\" \/>\n<link rel=\"canonical\" href=\"https:\/\/talkpal.ai\/is\/vietnamska-malfraedi-aefingar\/\" \/>\n<meta property=\"og:locale\" content=\"is_IS\" \/>\n<meta property=\"og:type\" content=\"article\" \/>\n<meta property=\"og:title\" content=\"V\u00edetnamska M\u00e1lfr\u00e6\u00f0i \u00c6fingar\" \/>\n<meta property=\"og:description\" content=\"V\u00edetnamska M\u00e1lfr\u00e6\u00f0i Topics A\u00f0 l\u00e6ra n\u00fdtt tungum\u00e1l getur veri\u00f0 spennandi og krefjandi verkefni. A\u00f0 skilja v\u00edetnamska m\u00e1lfr\u00e6\u00f0i er lykillinn a\u00f0 \u00fev\u00ed a\u00f0 opna\" \/>\n<meta property=\"og:url\" content=\"https:\/\/talkpal.ai\/is\/vietnamska-malfraedi-aefingar\/\" \/>\n<meta property=\"og:site_name\" content=\"Talkpal\" \/>\n<meta property=\"article:publisher\" content=\"https:\/\/www.facebook.com\/profile.php?id=100090733639311\" \/>\n<meta property=\"article:modified_time\" content=\"2025-12-17T14:43:06+00:00\" \/>\n<meta property=\"og:image\" content=\"https:\/\/talkpal.ai\/wp-content\/uploads\/2023\/05\/vietnam.png\" \/>\n\t<meta property=\"og:image:width\" content=\"512\" \/>\n\t<meta property=\"og:image:height\" content=\"512\" \/>\n\t<meta property=\"og:image:type\" content=\"image\/png\" \/>\n<meta name=\"twitter:card\" content=\"summary_large_image\" \/>\n<meta name=\"twitter:site\" content=\"@talkpalai\" \/>\n<meta name=\"twitter:label1\" content=\"Est. reading time\" \/>\n\t<meta name=\"twitter:data1\" content=\"3 minutes\" \/>\n<script type=\"application\/ld+json\" class=\"yoast-schema-graph\">{\"@context\":\"https:\/\/schema.org\",\"@graph\":[{\"@type\":\"WebPage\",\"@id\":\"https:\/\/talkpal.ai\/is\/vietnamska-malfraedi-aefingar\/\",\"url\":\"https:\/\/talkpal.ai\/is\/vietnamska-malfraedi-aefingar\/\",\"name\":\"V\u00edetnamska M\u00e1lfr\u00e6\u00f0i \u00c6fingar - Talkpal\",\"isPartOf\":{\"@id\":\"https:\/\/talkpal.ai\/is\/#website\"},\"primaryImageOfPage\":{\"@id\":\"https:\/\/talkpal.ai\/is\/vietnamska-malfraedi-aefingar\/#primaryimage\"},\"image\":{\"@id\":\"https:\/\/talkpal.ai\/is\/vietnamska-malfraedi-aefingar\/#primaryimage\"},\"thumbnailUrl\":\"https:\/\/talkpal.ai\/wp-content\/uploads\/2023\/05\/vietnam.png\",\"datePublished\":\"2023-07-05T11:05:37+00:00\",\"dateModified\":\"2025-12-17T14:43:06+00:00\",\"description\":\"Opna\u00f0u leyndard\u00f3ma v\u00edetnamsku tungum\u00e1lsins me\u00f0 v\u00edetnamskum m\u00e1lfr\u00e6\u00f0i\u00e6fingum okkar sem eru hanna\u00f0ar fyrir stigvaxandi n\u00e1m.\",\"breadcrumb\":{\"@id\":\"https:\/\/talkpal.ai\/is\/vietnamska-malfraedi-aefingar\/#breadcrumb\"},\"inLanguage\":\"is\",\"potentialAction\":[{\"@type\":\"ReadAction\",\"target\":[\"https:\/\/talkpal.ai\/is\/vietnamska-malfraedi-aefingar\/\"]}]},{\"@type\":\"ImageObject\",\"inLanguage\":\"is\",\"@id\":\"https:\/\/talkpal.ai\/is\/vietnamska-malfraedi-aefingar\/#primaryimage\",\"url\":\"https:\/\/talkpal.ai\/wp-content\/uploads\/2023\/05\/vietnam.png\",\"contentUrl\":\"https:\/\/talkpal.ai\/wp-content\/uploads\/2023\/05\/vietnam.png\",\"width\":512,\"height\":512},{\"@type\":\"BreadcrumbList\",\"@id\":\"https:\/\/talkpal.ai\/is\/vietnamska-malfraedi-aefingar\/#breadcrumb\",\"itemListElement\":[{\"@type\":\"ListItem\",\"position\":1,\"name\":\"Homepage\",\"item\":\"https:\/\/talkpal.ai\/is\/\"},{\"@type\":\"ListItem\",\"position\":2,\"name\":\"V\u00edetnamska M\u00e1lfr\u00e6\u00f0i \u00c6fingar\"}]},{\"@type\":\"WebSite\",\"@id\":\"https:\/\/talkpal.ai\/is\/#website\",\"url\":\"https:\/\/talkpal.ai\/is\/\",\"name\":\"Talkpal\",\"description\":\"AI Language Learning\",\"publisher\":{\"@id\":\"https:\/\/talkpal.ai\/is\/#organization\"},\"alternateName\":\"Talkpal AI\",\"potentialAction\":[{\"@type\":\"SearchAction\",\"target\":{\"@type\":\"EntryPoint\",\"urlTemplate\":\"https:\/\/talkpal.ai\/is\/?s={search_term_string}\"},\"query-input\":{\"@type\":\"PropertyValueSpecification\",\"valueRequired\":true,\"valueName\":\"search_term_string\"}}],\"inLanguage\":\"is\"},{\"@type\":\"Organization\",\"@id\":\"https:\/\/talkpal.ai\/is\/#organization\",\"name\":\"Talkpal, Inc.\",\"alternateName\":\"Talkpal AI\",\"url\":\"https:\/\/talkpal.ai\/is\/\",\"logo\":{\"@type\":\"ImageObject\",\"inLanguage\":\"is\",\"@id\":\"https:\/\/talkpal.ai\/is\/#\/schema\/logo\/image\/\",\"url\":\"https:\/\/talkpal.ai\/wp-content\/uploads\/2024\/03\/Talkpal-Logo-Icon.png\",\"contentUrl\":\"https:\/\/talkpal.ai\/wp-content\/uploads\/2024\/03\/Talkpal-Logo-Icon.png\",\"width\":2880,\"height\":2880,\"caption\":\"Talkpal, Inc.\"},\"image\":{\"@id\":\"https:\/\/talkpal.ai\/is\/#\/schema\/logo\/image\/\"},\"sameAs\":[\"https:\/\/www.facebook.com\/profile.php?id=100090733639311\",\"https:\/\/x.com\/talkpalai\",\"https:\/\/www.linkedin.com\/company\/talkpal\/\",\"https:\/\/www.youtube.com\/@TalkPal\/\",\"https:\/\/www.tiktok.com\/@talkpal\",\"https:\/\/www.instagram.com\/talkpal_ai\/\",\"https:\/\/www.crunchbase.com\/organization\/talkpal-9cde\",\"https:\/\/www.g2.com\/products\/talkpal-for-business\/\",\"https:\/\/www.trustpilot.com\/review\/talkpal.ai\",\"https:\/\/www.capterra.com\/p\/10006800\/TalkPal\/\"],\"description\":\"Talkpal is a language learning web and mobile education app, powered by the latest AI technologies, that provides engaging experiences to its customers in many different languages to help them improve their language skills. Users can chat about unlimited amount of topics with the app and use other modes to practice their language learning.\",\"email\":\"support@talkpal.ai\",\"legalName\":\"Talkpal, Inc.\",\"foundingDate\":\"2023-04-03\",\"duns\":\"118989042\",\"numberOfEmployees\":{\"@type\":\"QuantitativeValue\",\"minValue\":\"11\",\"maxValue\":\"50\"},\"publishingPrinciples\":\"https:\/\/talkpal.ai\/publishing-principles\/\",\"actionableFeedbackPolicy\":\"https:\/\/talkpal.ai\/actionable-feedback-policy\/\",\"correctionsPolicy\":\"https:\/\/talkpal.ai\/corrections-policy\/\",\"ethicsPolicy\":\"https:\/\/talkpal.ai\/ethics-policy\/\",\"diversityPolicy\":\"https:\/\/talkpal.ai\/diversity-policy\/\",\"diversityStaffingReport\":\"https:\/\/talkpal.ai\/diversity-policy\/\"}]}<\/script>\n<!-- \/ Yoast SEO Premium plugin. -->","yoast_head_json":{"title":"V\u00edetnamska M\u00e1lfr\u00e6\u00f0i \u00c6fingar - Talkpal","description":"Opna\u00f0u leyndard\u00f3ma v\u00edetnamsku tungum\u00e1lsins me\u00f0 v\u00edetnamskum m\u00e1lfr\u00e6\u00f0i\u00e6fingum okkar sem eru hanna\u00f0ar fyrir stigvaxandi n\u00e1m.","robots":{"index":"index","follow":"follow","max-snippet":"max-snippet:-1","max-image-preview":"max-image-preview:large","max-video-preview":"max-video-preview:-1"},"canonical":"https:\/\/talkpal.ai\/is\/vietnamska-malfraedi-aefingar\/","og_locale":"is_IS","og_type":"article","og_title":"V\u00edetnamska M\u00e1lfr\u00e6\u00f0i \u00c6fingar","og_description":"V\u00edetnamska M\u00e1lfr\u00e6\u00f0i Topics A\u00f0 l\u00e6ra n\u00fdtt tungum\u00e1l getur veri\u00f0 spennandi og krefjandi verkefni. A\u00f0 skilja v\u00edetnamska m\u00e1lfr\u00e6\u00f0i er lykillinn a\u00f0 \u00fev\u00ed a\u00f0 opna","og_url":"https:\/\/talkpal.ai\/is\/vietnamska-malfraedi-aefingar\/","og_site_name":"Talkpal","article_publisher":"https:\/\/www.facebook.com\/profile.php?id=100090733639311","article_modified_time":"2025-12-17T14:43:06+00:00","og_image":[{"width":512,"height":512,"url":"https:\/\/talkpal.ai\/wp-content\/uploads\/2023\/05\/vietnam.png","type":"image\/png"}],"twitter_card":"summary_large_image","twitter_site":"@talkpalai","twitter_misc":{"Est. reading time":"3 minutes"},"schema":{"@context":"https:\/\/schema.org","@graph":[{"@type":"WebPage","@id":"https:\/\/talkpal.ai\/is\/vietnamska-malfraedi-aefingar\/","url":"https:\/\/talkpal.ai\/is\/vietnamska-malfraedi-aefingar\/","name":"V\u00edetnamska M\u00e1lfr\u00e6\u00f0i \u00c6fingar - Talkpal","isPartOf":{"@id":"https:\/\/talkpal.ai\/is\/#website"},"primaryImageOfPage":{"@id":"https:\/\/talkpal.ai\/is\/vietnamska-malfraedi-aefingar\/#primaryimage"},"image":{"@id":"https:\/\/talkpal.ai\/is\/vietnamska-malfraedi-aefingar\/#primaryimage"},"thumbnailUrl":"https:\/\/talkpal.ai\/wp-content\/uploads\/2023\/05\/vietnam.png","datePublished":"2023-07-05T11:05:37+00:00","dateModified":"2025-12-17T14:43:06+00:00","description":"Opna\u00f0u leyndard\u00f3ma v\u00edetnamsku tungum\u00e1lsins me\u00f0 v\u00edetnamskum m\u00e1lfr\u00e6\u00f0i\u00e6fingum okkar sem eru hanna\u00f0ar fyrir stigvaxandi n\u00e1m.","breadcrumb":{"@id":"https:\/\/talkpal.ai\/is\/vietnamska-malfraedi-aefingar\/#breadcrumb"},"inLanguage":"is","potentialAction":[{"@type":"ReadAction","target":["https:\/\/talkpal.ai\/is\/vietnamska-malfraedi-aefingar\/"]}]},{"@type":"ImageObject","inLanguage":"is","@id":"https:\/\/talkpal.ai\/is\/vietnamska-malfraedi-aefingar\/#primaryimage","url":"https:\/\/talkpal.ai\/wp-content\/uploads\/2023\/05\/vietnam.png","contentUrl":"https:\/\/talkpal.ai\/wp-content\/uploads\/2023\/05\/vietnam.png","width":512,"height":512},{"@type":"BreadcrumbList","@id":"https:\/\/talkpal.ai\/is\/vietnamska-malfraedi-aefingar\/#breadcrumb","itemListElement":[{"@type":"ListItem","position":1,"name":"Homepage","item":"https:\/\/talkpal.ai\/is\/"},{"@type":"ListItem","position":2,"name":"V\u00edetnamska M\u00e1lfr\u00e6\u00f0i \u00c6fingar"}]},{"@type":"WebSite","@id":"https:\/\/talkpal.ai\/is\/#website","url":"https:\/\/talkpal.ai\/is\/","name":"Talkpal","description":"AI Language Learning","publisher":{"@id":"https:\/\/talkpal.ai\/is\/#organization"},"alternateName":"Talkpal AI","potentialAction":[{"@type":"SearchAction","target":{"@type":"EntryPoint","urlTemplate":"https:\/\/talkpal.ai\/is\/?s={search_term_string}"},"query-input":{"@type":"PropertyValueSpecification","valueRequired":true,"valueName":"search_term_string"}}],"inLanguage":"is"},{"@type":"Organization","@id":"https:\/\/talkpal.ai\/is\/#organization","name":"Talkpal, Inc.","alternateName":"Talkpal AI","url":"https:\/\/talkpal.ai\/is\/","logo":{"@type":"ImageObject","inLanguage":"is","@id":"https:\/\/talkpal.ai\/is\/#\/schema\/logo\/image\/","url":"https:\/\/talkpal.ai\/wp-content\/uploads\/2024\/03\/Talkpal-Logo-Icon.png","contentUrl":"https:\/\/talkpal.ai\/wp-content\/uploads\/2024\/03\/Talkpal-Logo-Icon.png","width":2880,"height":2880,"caption":"Talkpal, Inc."},"image":{"@id":"https:\/\/talkpal.ai\/is\/#\/schema\/logo\/image\/"},"sameAs":["https:\/\/www.facebook.com\/profile.php?id=100090733639311","https:\/\/x.com\/talkpalai","https:\/\/www.linkedin.com\/company\/talkpal\/","https:\/\/www.youtube.com\/@TalkPal\/","https:\/\/www.tiktok.com\/@talkpal","https:\/\/www.instagram.com\/talkpal_ai\/","https:\/\/www.crunchbase.com\/organization\/talkpal-9cde","https:\/\/www.g2.com\/products\/talkpal-for-business\/","https:\/\/www.trustpilot.com\/review\/talkpal.ai","https:\/\/www.capterra.com\/p\/10006800\/TalkPal\/"],"description":"Talkpal is a language learning web and mobile education app, powered by the latest AI technologies, that provides engaging experiences to its customers in many different languages to help them improve their language skills. Users can chat about unlimited amount of topics with the app and use other modes to practice their language learning.","email":"support@talkpal.ai","legalName":"Talkpal, Inc.","foundingDate":"2023-04-03","duns":"118989042","numberOfEmployees":{"@type":"QuantitativeValue","minValue":"11","maxValue":"50"},"publishingPrinciples":"https:\/\/talkpal.ai\/publishing-principles\/","actionableFeedbackPolicy":"https:\/\/talkpal.ai\/actionable-feedback-policy\/","correctionsPolicy":"https:\/\/talkpal.ai\/corrections-policy\/","ethicsPolicy":"https:\/\/talkpal.ai\/ethics-policy\/","diversityPolicy":"https:\/\/talkpal.ai\/diversity-policy\/","diversityStaffingReport":"https:\/\/talkpal.ai\/diversity-policy\/"}]}},"_links":{"self":[{"href":"https:\/\/talkpal.ai\/is\/wp-json\/wp\/v2\/pages\/154934","targetHints":{"allow":["GET"]}}],"collection":[{"href":"https:\/\/talkpal.ai\/is\/wp-json\/wp\/v2\/pages"}],"about":[{"href":"https:\/\/talkpal.ai\/is\/wp-json\/wp\/v2\/types\/page"}],"author":[{"embeddable":true,"href":"https:\/\/talkpal.ai\/is\/wp-json\/wp\/v2\/users\/6"}],"replies":[{"embeddable":true,"href":"https:\/\/talkpal.ai\/is\/wp-json\/wp\/v2\/comments?post=154934"}],"version-history":[{"count":0,"href":"https:\/\/talkpal.ai\/is\/wp-json\/wp\/v2\/pages\/154934\/revisions"}],"wp:featuredmedia":[{"embeddable":true,"href":"https:\/\/talkpal.ai\/is\/wp-json\/wp\/v2\/media\/120570"}],"wp:attachment":[{"href":"https:\/\/talkpal.ai\/is\/wp-json\/wp\/v2\/media?parent=154934"}],"curies":[{"name":"wp","href":"https:\/\/api.w.org\/{rel}","templated":true}]}}