{"id":154332,"date":"2023-06-16T11:18:42","date_gmt":"2023-06-16T11:18:42","guid":{"rendered":"http:\/\/talkpal.ai\/afrikaans-malfraedi-aefingar\/"},"modified":"2025-05-23T14:06:59","modified_gmt":"2025-05-23T14:06:59","slug":"afrikaans-malfraedi-aefingar","status":"publish","type":"page","link":"https:\/\/talkpal.ai\/is\/afrikaans-malfraedi-aefingar\/","title":{"rendered":"Afrikaans M\u00e1lfr\u00e6\u00f0i \u00c6fingar"},"content":{"rendered":"\r\n\r\n\r\n<section class=\"languageChallengeSection\">\r\n    <div class=\"languageInfoWrapper\">\r\n        \r\n        <h1>Afrikaans M\u00e1lfr\u00e6\u00f0i \u00c6fingar<\/h1>\r\n        <p>Tilb\u00fainn\/n a\u00f0 b\u00e6ta vi\u00f0 afr\u00edk\u00f6nskukunn\u00e1ttu \u00fe\u00edna? A\u00f0 \u00e6fa m\u00e1lfr\u00e6\u00f0i\u00e6fingar er fr\u00e1b\u00e6r lei\u00f0 til a\u00f0 n\u00e1 t\u00f6kum \u00e1 setningager\u00f0, sagnor\u00f0um og einst\u00f6kum eiginleikum <a href=\"https:\/\/talkpal.ai\/learn-afrikaans\/\">afr\u00edkanska<\/a> tungum\u00e1lsins. Byrja\u00f0u a\u00f0 vinna \u00ed <a href=\"https:\/\/talkpal.ai\/grammar\/\">m\u00e1lfr\u00e6\u00f0i<\/a> \u00e1 afr\u00edk\u00f6nsku \u00ed dag og horf\u00f0u \u00e1 sj\u00e1lfstraust \u00feitt og f\u00e6rni vaxa me\u00f0 hverri \u00e6fingu!\n\n<\/p>\r\n\r\n                            <a class=\"getStartedHidden\" href=\"https:\/\/app.talkpal.ai\/signup?lng=\">Byrja\u00f0u<\/a>\r\n        \r\n    <\/div>\r\n\r\n    <figure>\r\n    <img decoding=\"async\" width=\"768\" height=\"768\" src=\"https:\/\/talkpal.ai\/wp-content\/uploads\/2023\/06\/afrikaans-768x768.png\" class=\"languageImage no-lazy\" alt=\"Language learning for improved focus\" fetchpriority=\"high\" sizes=\"(max-width: 768px) 150px, 768px\" srcset=\"https:\/\/talkpal.ai\/wp-content\/uploads\/2023\/06\/afrikaans-768x768.png 768w, https:\/\/talkpal.ai\/wp-content\/uploads\/2023\/06\/afrikaans-300x300.png 300w\" \/>\r\n    \r\n\r\n    <\/figure>\r\n\r\n            <a class=\"getStartedVisible\" href=\"https:\/\/app.talkpal.ai\/signup?lng=\">Byrja\u00f0u<\/a>\r\n    \r\n<\/section>\r\n\r\n\r\n<!-- <section class=\"grammarSection\">\r\n    <div class=\"grammarLinks\">\r\n            <\/div>\r\n<\/section> -->\r\n\r\n\r\n\r\n\r\n<section class=\"promotionalBanner\">\r\n    <p class=\"promotionalText\">Skilvirkasta lei\u00f0in til a\u00f0 l\u00e6ra tungum\u00e1l<\/p>\r\n    <a class=\"promotionalLink\" href=\"https:\/\/app.talkpal.ai\/signup?lng=\">Pr\u00f3fa\u00f0u Talkpal \u00f3keypis<\/a>\r\n<\/section>\n<div class=\"wp-block-group pageContainerStyle\"><div class=\"wp-block-group__inner-container is-layout-constrained wp-block-group-is-layout-constrained\">\n<h2 class=\"wp-block-heading\" id=\"h-afrikaans-grammar-topics\">Afrikaans m\u00e1lfr\u00e6\u00f0i efni<\/h2>\n\n\n\n<p><a href=\"https:\/\/talkpal.ai\/learn-afrikaans\/\">Afrikaans<\/a>, vesturgermanskt tungum\u00e1l, er eitt af ellefu opinberum tungum\u00e1lum Su\u00f0ur-Afr\u00edku og er tala\u00f0 af um \u00fea\u00f0 bil 6 millj\u00f3num manna. A\u00f0 l\u00e6ra afr\u00edkanska getur veri\u00f0 au\u00f0gandi og gefandi reynsla, \u00fear sem \u00fea\u00f0 er ekki a\u00f0eins tala\u00f0 \u00ed Su\u00f0ur-Afr\u00edku heldur einnig \u00ed Namib\u00edu og \u00ed minna m\u00e6li \u00ed Simbabve og Botsvana. Tungum\u00e1li\u00f0 er tilt\u00f6lulega au\u00f0velt a\u00f0 l\u00e6ra, s\u00e9rstaklega fyrir <a href=\"https:\/\/talkpal.ai\/english-speaking-course\/\">enskum\u00e6landi<\/a>, \u00fear sem \u00fea\u00f0 hefur einfalda\u00f0a m\u00e1lfr\u00e6\u00f0i og deilir m\u00f6rgum or\u00f0um me\u00f0 ensku og hollensku. \u00cd \u00feessari handb\u00f3k munum vi\u00f0 taka \u00feig \u00ed gegnum nau\u00f0synleg <a href=\"https:\/\/talkpal.ai\/es\/gramatica-afrikaans\/\">afrikaans m\u00e1lfr\u00e6\u00f0i<\/a> efni sem \u00fe\u00fa \u00fearft a\u00f0 l\u00e6ra til a\u00f0 <a href=\"https:\/\/talkpal.ai\/locations\/language-courses-in-tala\/\">tala<\/a> og skilja tungum\u00e1li\u00f0 reiprennandi.<\/p>\n\n\n\n<h3 class=\"wp-block-heading\" id=\"h-1-nouns-and-articles\">1. Nafnor\u00f0 og greinar:<\/h3>\n\n\n\n<p>\u00c1 afr\u00edk\u00f6nsku hafa nafnor\u00f0 ekki kyn, sem gerir \u00fea\u00f0 au\u00f0veldara a\u00f0 l\u00e6ra mi\u00f0a\u00f0 vi\u00f0 \u00f6nnur germ\u00f6nsk tungum\u00e1l. Greinar eru l\u00edka einfaldar, \u00fear sem &#8216;deyja&#8217; er \u00e1kve\u00f0inn hlutur og &#8216;n&#8217; e\u00f0a &#8216;een&#8217; sem \u00f3\u00e1kve\u00f0inn hlutur.<\/p>\n\n\n\n<h3 class=\"wp-block-heading\" id=\"h-2-pronouns-determiners\">2. Forn\u00f6fn\/\u00e1kv\u00f6r\u00f0unaror\u00f0:<\/h3>\n\n\n\n<p>Forn\u00f6fn eru or\u00f0 sem koma \u00ed sta\u00f0 nafnor\u00f0a og hj\u00e1lpa til vi\u00f0 a\u00f0 for\u00f0ast endurtekningu \u00ed setningu. Afrikaans hefur pers\u00f3nuleg, eignarhaldsleg, s\u00fdnileg og spurnarforn\u00f6fn, sem eru nau\u00f0synleg til a\u00f0 mynda setningar.<\/p>\n\n\n\n<h3 class=\"wp-block-heading\" id=\"h-3-adjectives\">3. L\u00fdsingaror\u00f0:<\/h3>\n\n\n\n<p>L\u00fdsingaror\u00f0 l\u00fdsa e\u00f0a breyta nafnor\u00f0um. \u00c1 afr\u00edk\u00f6nsku koma \u00feeir venjulega \u00e1 undan nafnor\u00f0inu og eru samm\u00e1la um \u00fea\u00f0. \u00dea\u00f0 er enginn kynjamunur, sem gerir \u00fea\u00f0 einfaldara a\u00f0 l\u00e6ra.<\/p>\n\n\n\n<h3 class=\"wp-block-heading\" id=\"h-4-verbs\">4. Sagnir:<\/h3>\n\n\n\n<p>Sagnir eru athafnaor\u00f0 og eru nau\u00f0synlegar vi\u00f0 myndun setninga. \u00cd afr\u00edkanska eru sagnir ekki samtengdar eftir efninu, sem gerir \u00fea\u00f0 au\u00f0veldara a\u00f0 l\u00e6ra en \u00f6nnur tungum\u00e1l. Reglulegar sagnir fylgja einf\u00f6ldu mynstri en leggja \u00fearf \u00f3reglulegar sagnir \u00e1 minni\u00f0.<\/p>\n\n\n\n<h3 class=\"wp-block-heading\" id=\"h-5-tenses-and-tense-comparison\">5. Spenna og spennu\u00ferunginn samanbur\u00f0ur:<\/h3>\n\n\n\n<p>Afrikaans hefur \u00ferj\u00e1r meginspennur: fort\u00ed\u00f0, n\u00fat\u00ed\u00f0 og framt\u00ed\u00f0. A\u00f0 l\u00e6ra hvernig \u00e1 a\u00f0 mynda og bera saman \u00feessar spennur er mikilv\u00e6gt til a\u00f0 skilja og tala tungum\u00e1li\u00f0.<\/p>\n\n\n\n<h3 class=\"wp-block-heading\" id=\"h-6-progressive-and-perfect-progressive\">6. Frams\u00e6kinn og fullkominn frams\u00f3knarma\u00f0ur:<\/h3>\n\n\n\n<p>Frams\u00e6kin spenna er notu\u00f0 til a\u00f0 l\u00fdsa \u00e1framhaldandi a\u00f0ger\u00f0um, en hi\u00f0 fullkomna frams\u00e6ki\u00f0 gefur til kynna a\u00f0ger\u00f0ir sem er loki\u00f0. A\u00f0 l\u00e6ra \u00feessar spennur hj\u00e1lpar til vi\u00f0 a\u00f0 tj\u00e1 a\u00f0ger\u00f0ir sk\u00fdrt.<\/p>\n\n\n\n<h3 class=\"wp-block-heading\" id=\"h-7-adverbs\">7. Atviksor\u00f0:<\/h3>\n\n\n\n<p>Atviksor\u00f0 breyta s\u00f6gnum, l\u00fdsingaror\u00f0um e\u00f0a \u00f6\u00f0rum atviksor\u00f0um og veita frekari uppl\u00fdsingar um athafnir, g\u00e6\u00f0i e\u00f0a h\u00e1tt. \u00deau eru mikilv\u00e6g til a\u00f0 b\u00e6ta sm\u00e1atri\u00f0um vi\u00f0 setningarnar \u00fe\u00ednar.<\/p>\n\n\n\n<h3 class=\"wp-block-heading\" id=\"h-8-prepositions\">8. Forsetningar:<\/h3>\n\n\n\n<p>Forsetningar eru or\u00f0 sem s\u00fdna <a href=\"https:\/\/talkpal.ai\/contact\/\">samband<\/a> nafnor\u00f0a e\u00f0a fornafna og annarra or\u00f0a \u00ed setningunni. \u00deeir eru mikilv\u00e6gir til a\u00f0 tj\u00e1 sta\u00f0setningu, stefnu, t\u00edma og \u00f6nnur samb\u00f6nd.<\/p>\n\n\n\n<h3 class=\"wp-block-heading\" id=\"h-9-conditionals\">9. Skilyr\u00f0i:<\/h3>\n\n\n\n<p>Skilyrtar setningar tj\u00e1 a\u00f0ger\u00f0 e\u00f0a \u00e1stand sem er h\u00e1\u00f0 \u00fev\u00ed a\u00f0 skilyr\u00f0i s\u00e9 uppfyllt. A\u00f0 l\u00e6ra skilyr\u00f0in hj\u00e1lpar \u00fe\u00e9r a\u00f0 tj\u00e1 \u00edmynda\u00f0ar a\u00f0st\u00e6\u00f0ur og aflei\u00f0ingar.<\/p>\n\n\n\n<h3 class=\"wp-block-heading\" id=\"h-10-sentences\">10. Setningar:<\/h3>\n\n\n\n<p>A\u00f0 skilja uppbyggingu afr\u00edkanskra setninga er mikilv\u00e6gt til a\u00f0 mynda \u00fe\u00ednar eigin setningar og skilja hva\u00f0 a\u00f0rir eru a\u00f0 segja. A\u00f0 vita hvernig \u00e1 a\u00f0 nota alla m\u00e1lfr\u00e6\u00f0i\u00fe\u00e6ttina sem nefndir eru h\u00e9r a\u00f0 ofan mun hj\u00e1lpa \u00fe\u00e9r a\u00f0 b\u00faa til sk\u00fdrar og samfelldar setningar.<\/p>\n<\/div><\/div>\n\r\n<section class=\"learnNavigationSection\">\r\n            \r\n        <a href=\"https:\/\/talkpal.ai\/is\/laerdu-afrikaans\/\">\r\n            <div class=\"learnNavigationWrapper\">\r\n                <div class=\"learnNavigationContent\">\r\n                    <img decoding=\"async\" src=\"https:\/\/talkpal.ai\/wp-content\/uploads\/2024\/08\/Afrikaans.jpg\" alt=\"South Africa Flag\">\r\n                    <div>\r\n                        <h4>Um Afrikaans n\u00e1m<\/h4>\r\n                        <p>Finndu \u00fat allt um afrikaans m\u00e1lfr\u00e6\u00f0i.<\/p>\r\n                    <\/div>\r\n                <\/div>\r\n            <\/div>\r\n        <\/a>\r\n\r\n        \r\n        <a href=\"https:\/\/talkpal.ai\/is\/afrikaans-malfraedi\/\">\r\n            <div class=\"learnNavigationWrapper\">\r\n                <div class=\"learnNavigationContent\">\r\n                    <img decoding=\"async\" src=\"https:\/\/talkpal.ai\/wp-content\/uploads\/2024\/08\/Afrikaans.jpg\" alt=\"South Africa Flag\">\r\n                    <div>\r\n                        <h4>Afrikaans m\u00e1lfr\u00e6\u00f0i kennslustundir<\/h4>\r\n                        <p>\u00c6f\u00f0u afrikaans m\u00e1lfr\u00e6\u00f0i.<\/p>\r\n                    <\/div>\r\n                <\/div>\r\n            <\/div>\r\n        <\/a>\r\n\r\n        \r\n        <a href=\"https:\/\/talkpal.ai\/vocabulary_language\/afrikaans\/\">\r\n            <div class=\"learnNavigationWrapper\">\r\n                <div class=\"learnNavigationContent\">\r\n                    <img decoding=\"async\" src=\"https:\/\/talkpal.ai\/wp-content\/uploads\/2024\/08\/Afrikaans.jpg\" alt=\"South Africa Flag\">\r\n                    <div>\r\n                        <h4>Afrikaans or\u00f0afor\u00f0i<\/h4>\r\n                        <p>St\u00e6kka\u00f0u afr\u00edkanska or\u00f0afor\u00f0a \u00feinn.<\/p>\r\n                    <\/div>\r\n                <\/div>\r\n            <\/div>\r\n        <\/a>\r\n\r\n            <\/section>","protected":false},"excerpt":{"rendered":"<p>Afrikaans m\u00e1lfr\u00e6\u00f0i efni Afrikaans, vesturgermanskt tungum\u00e1l, er eitt af ellefu opinberum tungum\u00e1lum Su\u00f0ur-Afr\u00edku og er tala\u00f0 af um \u00fea\u00f0 bil 6 millj\u00f3num manna. A\u00f0 l\u00e6ra afr\u00edkanska getur veri\u00f0 au\u00f0gandi og gefandi reynsla, \u00fear sem \u00fea\u00f0 er ekki a\u00f0eins tala\u00f0 \u00ed Su\u00f0ur-Afr\u00edku heldur einnig \u00ed Namib\u00edu og \u00ed minna m\u00e6li \u00ed Simbabve og Botsvana. Tungum\u00e1li\u00f0 er [&hellip;]<\/p>\n","protected":false},"author":6,"featured_media":108961,"parent":0,"menu_order":0,"comment_status":"closed","ping_status":"closed","template":"LearningContentPage.php","meta":{"_acf_changed":false,"footnotes":""},"class_list":["post-154332","page","type-page","status-publish","has-post-thumbnail","hentry"],"acf":[],"yoast_head":"<!-- This site is optimized with the Yoast SEO Premium plugin v27.2 (Yoast SEO v27.2) - https:\/\/yoast.com\/product\/yoast-seo-premium-wordpress\/ -->\n<title>Afrikaans M\u00e1lfr\u00e6\u00f0i \u00c6fingar - Talkpal<\/title>\n<meta name=\"description\" content=\"N\u00e1\u00f0u t\u00f6kum \u00e1 afr\u00edk\u00f6nsku me\u00f0 gr\u00edpandi m\u00e1lfr\u00e6\u00f0i\u00e6fingum \u00ed afr\u00edk\u00f6nsku sem eru hanna\u00f0ar til a\u00f0 auka tungum\u00e1lakunn\u00e1ttu \u00fe\u00edna og reiprennsli.\" \/>\n<meta name=\"robots\" content=\"index, follow, max-snippet:-1, max-image-preview:large, max-video-preview:-1\" \/>\n<link rel=\"canonical\" href=\"https:\/\/talkpal.ai\/is\/afrikaans-malfraedi-aefingar\/\" \/>\n<meta property=\"og:locale\" content=\"is_IS\" \/>\n<meta property=\"og:type\" content=\"article\" \/>\n<meta property=\"og:title\" content=\"Afrikaans M\u00e1lfr\u00e6\u00f0i \u00c6fingar\" \/>\n<meta property=\"og:description\" content=\"Afrikaans m\u00e1lfr\u00e6\u00f0i efni Afrikaans, vesturgermanskt tungum\u00e1l, er eitt af ellefu opinberum tungum\u00e1lum Su\u00f0ur-Afr\u00edku og er tala\u00f0 af um \u00fea\u00f0 bil 6 millj\u00f3num\" \/>\n<meta property=\"og:url\" content=\"https:\/\/talkpal.ai\/is\/afrikaans-malfraedi-aefingar\/\" \/>\n<meta property=\"og:site_name\" content=\"Talkpal\" \/>\n<meta property=\"article:publisher\" content=\"https:\/\/www.facebook.com\/profile.php?id=100090733639311\" \/>\n<meta property=\"article:modified_time\" content=\"2025-05-23T14:06:59+00:00\" \/>\n<meta property=\"og:image\" content=\"https:\/\/talkpal.ai\/wp-content\/uploads\/2023\/05\/south-africa.png\" \/>\n\t<meta property=\"og:image:width\" content=\"512\" \/>\n\t<meta property=\"og:image:height\" content=\"512\" \/>\n\t<meta property=\"og:image:type\" content=\"image\/png\" \/>\n<meta name=\"twitter:card\" content=\"summary_large_image\" \/>\n<meta name=\"twitter:site\" content=\"@talkpalai\" \/>\n<meta name=\"twitter:label1\" content=\"Est. reading time\" \/>\n\t<meta name=\"twitter:data1\" content=\"3 minutes\" \/>\n<script type=\"application\/ld+json\" class=\"yoast-schema-graph\">{\"@context\":\"https:\/\/schema.org\",\"@graph\":[{\"@type\":\"WebPage\",\"@id\":\"https:\/\/talkpal.ai\/is\/afrikaans-malfraedi-aefingar\/\",\"url\":\"https:\/\/talkpal.ai\/is\/afrikaans-malfraedi-aefingar\/\",\"name\":\"Afrikaans M\u00e1lfr\u00e6\u00f0i \u00c6fingar - Talkpal\",\"isPartOf\":{\"@id\":\"https:\/\/talkpal.ai\/is\/#website\"},\"primaryImageOfPage\":{\"@id\":\"https:\/\/talkpal.ai\/is\/afrikaans-malfraedi-aefingar\/#primaryimage\"},\"image\":{\"@id\":\"https:\/\/talkpal.ai\/is\/afrikaans-malfraedi-aefingar\/#primaryimage\"},\"thumbnailUrl\":\"https:\/\/talkpal.ai\/wp-content\/uploads\/2023\/05\/south-africa.png\",\"datePublished\":\"2023-06-16T11:18:42+00:00\",\"dateModified\":\"2025-05-23T14:06:59+00:00\",\"description\":\"N\u00e1\u00f0u t\u00f6kum \u00e1 afr\u00edk\u00f6nsku me\u00f0 gr\u00edpandi m\u00e1lfr\u00e6\u00f0i\u00e6fingum \u00ed afr\u00edk\u00f6nsku sem eru hanna\u00f0ar til a\u00f0 auka tungum\u00e1lakunn\u00e1ttu \u00fe\u00edna og reiprennsli.\",\"breadcrumb\":{\"@id\":\"https:\/\/talkpal.ai\/is\/afrikaans-malfraedi-aefingar\/#breadcrumb\"},\"inLanguage\":\"is\",\"potentialAction\":[{\"@type\":\"ReadAction\",\"target\":[\"https:\/\/talkpal.ai\/is\/afrikaans-malfraedi-aefingar\/\"]}]},{\"@type\":\"ImageObject\",\"inLanguage\":\"is\",\"@id\":\"https:\/\/talkpal.ai\/is\/afrikaans-malfraedi-aefingar\/#primaryimage\",\"url\":\"https:\/\/talkpal.ai\/wp-content\/uploads\/2023\/05\/south-africa.png\",\"contentUrl\":\"https:\/\/talkpal.ai\/wp-content\/uploads\/2023\/05\/south-africa.png\",\"width\":512,\"height\":512},{\"@type\":\"BreadcrumbList\",\"@id\":\"https:\/\/talkpal.ai\/is\/afrikaans-malfraedi-aefingar\/#breadcrumb\",\"itemListElement\":[{\"@type\":\"ListItem\",\"position\":1,\"name\":\"Homepage\",\"item\":\"https:\/\/talkpal.ai\/is\/\"},{\"@type\":\"ListItem\",\"position\":2,\"name\":\"Afrikaans M\u00e1lfr\u00e6\u00f0i \u00c6fingar\"}]},{\"@type\":\"WebSite\",\"@id\":\"https:\/\/talkpal.ai\/is\/#website\",\"url\":\"https:\/\/talkpal.ai\/is\/\",\"name\":\"Talkpal\",\"description\":\"AI Language Learning\",\"publisher\":{\"@id\":\"https:\/\/talkpal.ai\/is\/#organization\"},\"alternateName\":\"Talkpal AI\",\"potentialAction\":[{\"@type\":\"SearchAction\",\"target\":{\"@type\":\"EntryPoint\",\"urlTemplate\":\"https:\/\/talkpal.ai\/is\/?s={search_term_string}\"},\"query-input\":{\"@type\":\"PropertyValueSpecification\",\"valueRequired\":true,\"valueName\":\"search_term_string\"}}],\"inLanguage\":\"is\"},{\"@type\":\"Organization\",\"@id\":\"https:\/\/talkpal.ai\/is\/#organization\",\"name\":\"Talkpal, Inc.\",\"alternateName\":\"Talkpal AI\",\"url\":\"https:\/\/talkpal.ai\/is\/\",\"logo\":{\"@type\":\"ImageObject\",\"inLanguage\":\"is\",\"@id\":\"https:\/\/talkpal.ai\/is\/#\/schema\/logo\/image\/\",\"url\":\"https:\/\/talkpal.ai\/wp-content\/uploads\/2024\/03\/Talkpal-Logo-Icon.png\",\"contentUrl\":\"https:\/\/talkpal.ai\/wp-content\/uploads\/2024\/03\/Talkpal-Logo-Icon.png\",\"width\":2880,\"height\":2880,\"caption\":\"Talkpal, Inc.\"},\"image\":{\"@id\":\"https:\/\/talkpal.ai\/is\/#\/schema\/logo\/image\/\"},\"sameAs\":[\"https:\/\/www.facebook.com\/profile.php?id=100090733639311\",\"https:\/\/x.com\/talkpalai\",\"https:\/\/www.linkedin.com\/company\/talkpal\/\",\"https:\/\/www.youtube.com\/@TalkPal\/\",\"https:\/\/www.tiktok.com\/@talkpal\",\"https:\/\/www.instagram.com\/talkpal_ai\/\",\"https:\/\/www.crunchbase.com\/organization\/talkpal-9cde\",\"https:\/\/www.g2.com\/products\/talkpal-for-business\/\",\"https:\/\/www.trustpilot.com\/review\/talkpal.ai\",\"https:\/\/www.capterra.com\/p\/10006800\/TalkPal\/\"],\"description\":\"Talkpal is a language learning web and mobile education app, powered by the latest AI technologies, that provides engaging experiences to its customers in many different languages to help them improve their language skills. Users can chat about unlimited amount of topics with the app and use other modes to practice their language learning.\",\"email\":\"support@talkpal.ai\",\"legalName\":\"Talkpal, Inc.\",\"foundingDate\":\"2023-04-03\",\"duns\":\"118989042\",\"numberOfEmployees\":{\"@type\":\"QuantitativeValue\",\"minValue\":\"11\",\"maxValue\":\"50\"},\"publishingPrinciples\":\"https:\/\/talkpal.ai\/publishing-principles\/\",\"actionableFeedbackPolicy\":\"https:\/\/talkpal.ai\/actionable-feedback-policy\/\",\"correctionsPolicy\":\"https:\/\/talkpal.ai\/corrections-policy\/\",\"ethicsPolicy\":\"https:\/\/talkpal.ai\/ethics-policy\/\",\"diversityPolicy\":\"https:\/\/talkpal.ai\/diversity-policy\/\",\"diversityStaffingReport\":\"https:\/\/talkpal.ai\/diversity-policy\/\"}]}<\/script>\n<!-- \/ Yoast SEO Premium plugin. -->","yoast_head_json":{"title":"Afrikaans M\u00e1lfr\u00e6\u00f0i \u00c6fingar - Talkpal","description":"N\u00e1\u00f0u t\u00f6kum \u00e1 afr\u00edk\u00f6nsku me\u00f0 gr\u00edpandi m\u00e1lfr\u00e6\u00f0i\u00e6fingum \u00ed afr\u00edk\u00f6nsku sem eru hanna\u00f0ar til a\u00f0 auka tungum\u00e1lakunn\u00e1ttu \u00fe\u00edna og reiprennsli.","robots":{"index":"index","follow":"follow","max-snippet":"max-snippet:-1","max-image-preview":"max-image-preview:large","max-video-preview":"max-video-preview:-1"},"canonical":"https:\/\/talkpal.ai\/is\/afrikaans-malfraedi-aefingar\/","og_locale":"is_IS","og_type":"article","og_title":"Afrikaans M\u00e1lfr\u00e6\u00f0i \u00c6fingar","og_description":"Afrikaans m\u00e1lfr\u00e6\u00f0i efni Afrikaans, vesturgermanskt tungum\u00e1l, er eitt af ellefu opinberum tungum\u00e1lum Su\u00f0ur-Afr\u00edku og er tala\u00f0 af um \u00fea\u00f0 bil 6 millj\u00f3num","og_url":"https:\/\/talkpal.ai\/is\/afrikaans-malfraedi-aefingar\/","og_site_name":"Talkpal","article_publisher":"https:\/\/www.facebook.com\/profile.php?id=100090733639311","article_modified_time":"2025-05-23T14:06:59+00:00","og_image":[{"width":512,"height":512,"url":"https:\/\/talkpal.ai\/wp-content\/uploads\/2023\/05\/south-africa.png","type":"image\/png"}],"twitter_card":"summary_large_image","twitter_site":"@talkpalai","twitter_misc":{"Est. reading time":"3 minutes"},"schema":{"@context":"https:\/\/schema.org","@graph":[{"@type":"WebPage","@id":"https:\/\/talkpal.ai\/is\/afrikaans-malfraedi-aefingar\/","url":"https:\/\/talkpal.ai\/is\/afrikaans-malfraedi-aefingar\/","name":"Afrikaans M\u00e1lfr\u00e6\u00f0i \u00c6fingar - Talkpal","isPartOf":{"@id":"https:\/\/talkpal.ai\/is\/#website"},"primaryImageOfPage":{"@id":"https:\/\/talkpal.ai\/is\/afrikaans-malfraedi-aefingar\/#primaryimage"},"image":{"@id":"https:\/\/talkpal.ai\/is\/afrikaans-malfraedi-aefingar\/#primaryimage"},"thumbnailUrl":"https:\/\/talkpal.ai\/wp-content\/uploads\/2023\/05\/south-africa.png","datePublished":"2023-06-16T11:18:42+00:00","dateModified":"2025-05-23T14:06:59+00:00","description":"N\u00e1\u00f0u t\u00f6kum \u00e1 afr\u00edk\u00f6nsku me\u00f0 gr\u00edpandi m\u00e1lfr\u00e6\u00f0i\u00e6fingum \u00ed afr\u00edk\u00f6nsku sem eru hanna\u00f0ar til a\u00f0 auka tungum\u00e1lakunn\u00e1ttu \u00fe\u00edna og reiprennsli.","breadcrumb":{"@id":"https:\/\/talkpal.ai\/is\/afrikaans-malfraedi-aefingar\/#breadcrumb"},"inLanguage":"is","potentialAction":[{"@type":"ReadAction","target":["https:\/\/talkpal.ai\/is\/afrikaans-malfraedi-aefingar\/"]}]},{"@type":"ImageObject","inLanguage":"is","@id":"https:\/\/talkpal.ai\/is\/afrikaans-malfraedi-aefingar\/#primaryimage","url":"https:\/\/talkpal.ai\/wp-content\/uploads\/2023\/05\/south-africa.png","contentUrl":"https:\/\/talkpal.ai\/wp-content\/uploads\/2023\/05\/south-africa.png","width":512,"height":512},{"@type":"BreadcrumbList","@id":"https:\/\/talkpal.ai\/is\/afrikaans-malfraedi-aefingar\/#breadcrumb","itemListElement":[{"@type":"ListItem","position":1,"name":"Homepage","item":"https:\/\/talkpal.ai\/is\/"},{"@type":"ListItem","position":2,"name":"Afrikaans M\u00e1lfr\u00e6\u00f0i \u00c6fingar"}]},{"@type":"WebSite","@id":"https:\/\/talkpal.ai\/is\/#website","url":"https:\/\/talkpal.ai\/is\/","name":"Talkpal","description":"AI Language Learning","publisher":{"@id":"https:\/\/talkpal.ai\/is\/#organization"},"alternateName":"Talkpal AI","potentialAction":[{"@type":"SearchAction","target":{"@type":"EntryPoint","urlTemplate":"https:\/\/talkpal.ai\/is\/?s={search_term_string}"},"query-input":{"@type":"PropertyValueSpecification","valueRequired":true,"valueName":"search_term_string"}}],"inLanguage":"is"},{"@type":"Organization","@id":"https:\/\/talkpal.ai\/is\/#organization","name":"Talkpal, Inc.","alternateName":"Talkpal AI","url":"https:\/\/talkpal.ai\/is\/","logo":{"@type":"ImageObject","inLanguage":"is","@id":"https:\/\/talkpal.ai\/is\/#\/schema\/logo\/image\/","url":"https:\/\/talkpal.ai\/wp-content\/uploads\/2024\/03\/Talkpal-Logo-Icon.png","contentUrl":"https:\/\/talkpal.ai\/wp-content\/uploads\/2024\/03\/Talkpal-Logo-Icon.png","width":2880,"height":2880,"caption":"Talkpal, Inc."},"image":{"@id":"https:\/\/talkpal.ai\/is\/#\/schema\/logo\/image\/"},"sameAs":["https:\/\/www.facebook.com\/profile.php?id=100090733639311","https:\/\/x.com\/talkpalai","https:\/\/www.linkedin.com\/company\/talkpal\/","https:\/\/www.youtube.com\/@TalkPal\/","https:\/\/www.tiktok.com\/@talkpal","https:\/\/www.instagram.com\/talkpal_ai\/","https:\/\/www.crunchbase.com\/organization\/talkpal-9cde","https:\/\/www.g2.com\/products\/talkpal-for-business\/","https:\/\/www.trustpilot.com\/review\/talkpal.ai","https:\/\/www.capterra.com\/p\/10006800\/TalkPal\/"],"description":"Talkpal is a language learning web and mobile education app, powered by the latest AI technologies, that provides engaging experiences to its customers in many different languages to help them improve their language skills. Users can chat about unlimited amount of topics with the app and use other modes to practice their language learning.","email":"support@talkpal.ai","legalName":"Talkpal, Inc.","foundingDate":"2023-04-03","duns":"118989042","numberOfEmployees":{"@type":"QuantitativeValue","minValue":"11","maxValue":"50"},"publishingPrinciples":"https:\/\/talkpal.ai\/publishing-principles\/","actionableFeedbackPolicy":"https:\/\/talkpal.ai\/actionable-feedback-policy\/","correctionsPolicy":"https:\/\/talkpal.ai\/corrections-policy\/","ethicsPolicy":"https:\/\/talkpal.ai\/ethics-policy\/","diversityPolicy":"https:\/\/talkpal.ai\/diversity-policy\/","diversityStaffingReport":"https:\/\/talkpal.ai\/diversity-policy\/"}]}},"_links":{"self":[{"href":"https:\/\/talkpal.ai\/is\/wp-json\/wp\/v2\/pages\/154332","targetHints":{"allow":["GET"]}}],"collection":[{"href":"https:\/\/talkpal.ai\/is\/wp-json\/wp\/v2\/pages"}],"about":[{"href":"https:\/\/talkpal.ai\/is\/wp-json\/wp\/v2\/types\/page"}],"author":[{"embeddable":true,"href":"https:\/\/talkpal.ai\/is\/wp-json\/wp\/v2\/users\/6"}],"replies":[{"embeddable":true,"href":"https:\/\/talkpal.ai\/is\/wp-json\/wp\/v2\/comments?post=154332"}],"version-history":[{"count":0,"href":"https:\/\/talkpal.ai\/is\/wp-json\/wp\/v2\/pages\/154332\/revisions"}],"wp:featuredmedia":[{"embeddable":true,"href":"https:\/\/talkpal.ai\/is\/wp-json\/wp\/v2\/media\/108961"}],"wp:attachment":[{"href":"https:\/\/talkpal.ai\/is\/wp-json\/wp\/v2\/media?parent=154332"}],"curies":[{"name":"wp","href":"https:\/\/api.w.org\/{rel}","templated":true}]}}