{"id":153824,"date":"2023-05-14T14:25:05","date_gmt":"2023-05-14T14:25:05","guid":{"rendered":"http:\/\/talkpal.ai\/svahili-malfraedi\/"},"modified":"2025-12-13T15:52:00","modified_gmt":"2025-12-13T15:52:00","slug":"svahili-malfraedi","status":"publish","type":"page","link":"https:\/\/talkpal.ai\/is\/svahili-malfraedi\/","title":{"rendered":"Svah\u00edl\u00ed m\u00e1lfr\u00e6\u00f0i"},"content":{"rendered":"\r\n\r\n\r\n<section class=\"languageChallengeSection\">\r\n    <div class=\"languageInfoWrapper\">\r\n        \r\n        <h1>Svah\u00edl\u00ed m\u00e1lfr\u00e6\u00f0i<\/h1>\r\n        <p>Afhj\u00fapa\u00f0u leyndard\u00f3ma svah\u00edl\u00ed-m\u00e1lfr\u00e6\u00f0innar og b\u00e6ttu tungum\u00e1lakunn\u00e1ttu \u00fe\u00edna me\u00f0 gr\u00edpandi kennslustundum og d\u00e6mum \u00far raunveruleikanum. Kaf\u00f0u ofan \u00ed grunnatri\u00f0i setningager\u00f0ar, sagnor\u00f0a og nau\u00f0synlegra m\u00e1lfr\u00e6\u00f0ireglna. \u00c6f\u00f0u \u00fea\u00f0 sem \u00fe\u00fa l\u00e6rir me\u00f0 gagnvirkum \u00e6fingum sem eru hanna\u00f0ar til a\u00f0 styrkja skilning \u00feinn. Byrja\u00f0u a\u00f0 n\u00e1 t\u00f6kum \u00e1 <a href=\"https:\/\/talkpal.ai\/learn-swahili\/\">svah\u00edl\u00ed<\/a> <a href=\"https:\/\/talkpal.ai\/grammar\/\">m\u00e1lfr\u00e6\u00f0i<\/a> \u00ed dag og \u00e1ttu meiri \u00f6ryggi \u00ed samskiptum!<\/p>\r\n\r\n                            <a class=\"getStartedHidden\" href=\"https:\/\/app.talkpal.ai\/signup?lng=\">Byrja\u00f0u<\/a>\r\n        \r\n    <\/div>\r\n\r\n    <figure>\r\n    <img decoding=\"async\" width=\"768\" height=\"768\" src=\"https:\/\/talkpal.ai\/wp-content\/uploads\/2023\/06\/Swahili-768x768.png\" class=\"languageImage no-lazy\" alt=\"Secrets to master language learning\" fetchpriority=\"high\" sizes=\"(max-width: 768px) 150px, 768px\" srcset=\"https:\/\/talkpal.ai\/wp-content\/uploads\/2023\/06\/Swahili-768x768.png 768w, https:\/\/talkpal.ai\/wp-content\/uploads\/2023\/06\/Swahili-300x300.png 300w\" \/>\r\n    \r\n\r\n    <\/figure>\r\n\r\n            <a class=\"getStartedVisible\" href=\"https:\/\/app.talkpal.ai\/signup?lng=\">Byrja\u00f0u<\/a>\r\n    \r\n<\/section>\r\n<section class=\"promotionalBanner\">\r\n    <p class=\"promotionalText\">Skilvirkasta lei\u00f0in til a\u00f0 l\u00e6ra tungum\u00e1l<\/p>\r\n    <a class=\"promotionalLink\" href=\"https:\/\/app.talkpal.ai\/signup?lng=\">Pr\u00f3fa\u00f0u Talkpal \u00f3keypis<\/a>\r\n<\/section>\n<div class=\"wp-block-group pageContainerStyle\"><div class=\"wp-block-group__inner-container is-layout-constrained wp-block-group-is-layout-constrained\">\n<h2 class=\"wp-block-heading\" id=\"h-swahili-grammar-demystifying-the-linguistic-adventure\">Svah\u00edl\u00ed m\u00e1lfr\u00e6\u00f0i: Demystifying tungum\u00e1la \u00e6vint\u00fdri<\/h2>\n\n\n\n<p>Svah\u00edl\u00ed m\u00e1lfr\u00e6\u00f0i \u2013 a\u00f0la\u00f0andi en dularfullur, flj\u00f3tandi en samt heillandi, lifandi en samt heillandi. \u00deegar \u00fe\u00fa leggur upp \u00ed tungum\u00e1lafer\u00f0 \u00fe\u00edna inn \u00ed svah\u00edl\u00ed tungum\u00e1li\u00f0 g\u00e6tir\u00f0u lent \u00ed bl\u00f6ndu af hrifningu og \u00f3vissu. Ekki hika vi\u00f0, m\u00e1lfarsofst\u00e6kismenn! Vi\u00f0 erum h\u00e9r til a\u00f0 hj\u00e1lpa \u00fe\u00e9r a\u00f0 sigla um \u00feessi spennandi tungum\u00e1lav\u00f6tn!<\/p>\n\n\n\n<p>\u00cd \u00feessari grein munum vi\u00f0 veita yfirgripsmiki\u00f0 yfirlit yfir svah\u00edl\u00ed m\u00e1lfr\u00e6\u00f0i, kanna lykil\u00fe\u00e6tti, bj\u00f3\u00f0a upp \u00e1 sk\u00fdringar og d\u00e6mi og einfalda ranghala. Svo skulum vi\u00f0 gefa t\u00f6frum svah\u00edl\u00edm\u00e1lsins lausan tauminn og afhj\u00fapa leyndard\u00f3ma m\u00e1lfr\u00e6\u00f0i \u00feess!<\/p>\n\n\n\n<h3 class=\"wp-block-heading\" id=\"h-1-noun-classes-from-people-to-abstract-ideas\">1. Nafnor\u00f0aflokkar: Fr\u00e1 f\u00f3lki til abstrakt hugmynda<\/h3>\n\n\n\n<p>Svah\u00edl\u00ed m\u00e1lfr\u00e6\u00f0i sn\u00fdst um s\u00e9rstakt en nau\u00f0synlegt nafnor\u00f0aflokkunarkerfi. Nafnor\u00f0um er ra\u00f0a\u00f0 \u00ed mismunandi flokka eftir merkingu \u00feeirra e\u00f0a einkennum og hver flokkur hefur s\u00e9rstakt forskeyti. \u00de\u00f3 a\u00f0 \u00feetta g\u00e6ti virst \u00f3gnvekjandi, \u00fe\u00e1 er \u00fea\u00f0 mikilv\u00e6gt til a\u00f0 mynda samkomulag milli nafnor\u00f0a, l\u00fdsingaror\u00f0a og sagna.<\/p>\n\n\n\n<p>Til a\u00f0 einfalda \u00feetta ferli skaltu <a href=\"https:\/\/talkpal.ai\/ko\/ai-%ec%96%b8%ec%96%b4-%ea%b5%90%ec%82%ac\/\">byrja<\/a> \u00e1 \u00fev\u00ed a\u00f0 einbeita \u00fe\u00e9r a\u00f0 algengustu nafnor\u00f0aflokkunum:<\/p>\n\n\n\n<p><strong>\u2013 Flokkur 1: F\u00f3lk (td mtu \u2013 manneskja)<\/strong><\/p>\n\n\n\n<p><strong>\u2013 Flokkur 2: Fleirt\u00f6luor\u00f0 af flokki 1 nafnor\u00f0um (td watu \u2013 f\u00f3lk)<\/strong><\/p>\n\n\n\n<p><strong>\u2013 Flokkur 3: Tr\u00e9, pl\u00f6ntur og \u00f3hlutbundin nafnor\u00f0 (td mti \u2013 tr\u00e9)<\/strong><\/p>\n\n\n\n<p><strong>\u2013 Flokkur 4: L\u00edflausir hlutir og \u00f3hlutbundin nafnor\u00f0 (td kiti \u2013 st\u00f3ll)<\/strong><\/p>\n\n\n\n<p>Mundu a\u00f0 \u00e6fingin skapar meistarann og skilningur \u00e1 nafnor\u00f0aflokkum ver\u00f0ur au\u00f0veldari me\u00f0 t\u00edmanum!<\/p>\n\n\n\n<h3 class=\"wp-block-heading\" id=\"h-2-adjectives-from-basic-to-intricate-agreement\">2. L\u00fdsingaror\u00f0: Fr\u00e1 grundvallar til fl\u00f3kins samkomulags<\/h3>\n\n\n\n<p>L\u00fdsingaror\u00f0 \u00e1 svah\u00edl\u00ed eru samm\u00e1la nafnor\u00f0inu flokki og t\u00f6lu sem \u00feau breyta. Fyrir viki\u00f0 hafa l\u00fdsingaror\u00f0 m\u00f6rg forskeyti til a\u00f0 samsvara mismunandi nafnor\u00f0aflokkum. G\u00f3\u00f0u fr\u00e9ttirnar eru \u00fe\u00e6r a\u00f0 m\u00f6rg l\u00fdsingaror\u00f0 deila <a href=\"https:\/\/talkpal.ai\/locations\/language-courses-in-sama\/\">sama<\/a> r\u00f3taror\u00f0inu, sem gerir n\u00e1m \u00feeirra vi\u00f0r\u00e1\u00f0anlegra.<\/p>\n\n\n\n<p>Til d\u00e6mis \u00fe\u00fd\u00f0ir r\u00f3tin \u201e-refu\u201c \u201elangur\u201c. \u00dea\u00f0 fer eftir nafnor\u00f0aflokki \u00feess, \u00fea\u00f0 getur birst sem \u201emrefu\u201c (Class 1), \u201ewazuri\u201c (Class 2), \u201ejurefu\u201c (Class 3) og svo framvegis. Me\u00f0 \u00e6fingu ver\u00f0ur gola a\u00f0 n\u00e1 t\u00f6kum \u00e1 samkomulagi l\u00fdsingaror\u00f0a-nafnor\u00f0a!<\/p>\n\n\n\n<h3 class=\"wp-block-heading\" id=\"h-3-verbs-tense-subject-and-object\">3. Sagnir: Spenntur, efni og hlutur<\/h3>\n\n\n\n<p>Svah\u00edl\u00ed sagnir eru eins og duglegur Swiss Army hn\u00edfa, compactly flytja spenntur, efni, og m\u00f3tm\u00e6la, allt \u00ed einu snyrtilegur pakki. Spennur myndast me\u00f0 \u00fev\u00ed a\u00f0 festa spennumerki vi\u00f0 s\u00f6gnina r\u00f3t, en vi\u00f0fangs- og hlutmerki tj\u00e1 hverjir taka \u00fe\u00e1tt \u00ed ath\u00f6fninni.<\/p>\n\n\n\n<p>Til d\u00e6mis \u00fe\u00fd\u00f0ir r\u00f3tin \u201e-soma\u201c \u201ea\u00f0 lesa\u201c. Me\u00f0 \u00fev\u00ed a\u00f0 b\u00e6ta vi\u00f0 \u00fdmsum forskeytum og vi\u00f0skeytum getur\u00f0u b\u00fai\u00f0 til fj\u00f6lm\u00f6rg afbrig\u00f0i: \u201eanasoma\u201c (hann\/h\u00fan er a\u00f0 lesa), \u201ealisoma\u201c (hann\/h\u00fan las) e\u00f0a \u201eatasoma\u201c (hann\/h\u00fan mun lesa).<\/p>\n\n\n\n<h3 class=\"wp-block-heading\" id=\"h-4-word-order-subject-verb-object-for-clarity\">4. Or\u00f0ar\u00f6\u00f0: Subject-Verb-Object til gl\u00f6ggvunar<\/h3>\n\n\n\n<p>Svah\u00edl\u00ed fylgir einfaldri en sk\u00fdrri or\u00f0ar\u00f6\u00f0 (Subject-Verb-Object (SVO)), svipa\u00f0ri ensku, sem gerir setningager\u00f0 minna \u00f3gnvekjandi. Til d\u00e6mis, \u201eMwanafunzi anasoma kitabu\u201c \u00fe\u00fd\u00f0ir beint \u00e1 \u201eNemandi (efni) er a\u00f0 lesa (s\u00f6gn) b\u00f3k (hlut).\u201c<\/p>\n\n\n\n<h3 class=\"wp-block-heading\" id=\"h-5-embrace-the-challenges-practice-is-key\">5. Taktu \u00e1skorunum: \u00c6fingin er lykilatri\u00f0i<\/h3>\n\n\n\n<p>A\u00f0 kafa \u00ed svah\u00edl\u00ed m\u00e1lfr\u00e6\u00f0i getur veri\u00f0 svol\u00edti\u00f0 yfir\u00feyrmandi \u00ed fyrstu. Haf\u00f0u samt \u00ed huga a\u00f0 \u00feolinm\u00e6\u00f0i, \u00e6fing og \u00ferautseigja eru leyndarm\u00e1l \u00e1rangurs. Taktu \u00fe\u00e1tt \u00ed tungum\u00e1linu me\u00f0 \u00fev\u00ed a\u00f0 lesa, skrifa, hlusta og <a href=\"https:\/\/talkpal.ai\/locations\/language-courses-in-tala\/\">tala<\/a> til a\u00f0 b\u00e6ta skilning \u00feinn og sj\u00e1lfstraust.<\/p>\n\n\n\n<p>Svo, ertu tilb\u00fainn til a\u00f0 kanna undur svah\u00edl\u00ed m\u00e1lfr\u00e6\u00f0i? Fa\u00f0ma\u00f0u ranghala \u00feess, nj\u00f3ttu bl\u00e6brig\u00f0anna og mundu a\u00f0 me\u00f0 v\u00edgslu og eldm\u00f3\u00f0i getur\u00f0u opna\u00f0 hina s\u00f6nnu fegur\u00f0 svah\u00edl\u00ed tungum\u00e1lsins. Bahati njema! (Gangi \u00fe\u00e9r vel!)<\/p>\n<\/div><\/div>\n\r\n<section class=\"learnNavigationSection\">\r\n            \r\n        <a href=\"https:\/\/talkpal.ai\/is\/laerdu-svahili\/\">\r\n            <div class=\"learnNavigationWrapper\">\r\n                <div class=\"learnNavigationContent\">\r\n                    <img decoding=\"async\" src=\"https:\/\/talkpal.ai\/wp-content\/uploads\/2024\/08\/Swahili.jpg\" alt=\"Kenya and Tanzania Flags\">\r\n                    <div>\r\n                        <h4>Um svah\u00edl\u00edn\u00e1m<\/h4>\r\n                        <p>Finndu \u00fat allt um svah\u00edl\u00ed m\u00e1lfr\u00e6\u00f0i.<\/p>\r\n                    <\/div>\r\n                <\/div>\r\n            <\/div>\r\n        <\/a>\r\n\r\n        \r\n        <a href=\"https:\/\/talkpal.ai\/is\/svahili-malfraedi-aefingar\/\">\r\n            <div class=\"learnNavigationWrapper\">\r\n                <div class=\"learnNavigationContent\">\r\n                    <img decoding=\"async\" src=\"https:\/\/talkpal.ai\/wp-content\/uploads\/2024\/08\/Swahili.jpg\" alt=\"Kenya and Tanzania Flags\">\r\n                    <div>\r\n                        <h4>Svah\u00edl\u00ed m\u00e1lfr\u00e6\u00f0i\u00e6fing<\/h4>\r\n                        <p>\u00c6f\u00f0u svah\u00edl\u00ed m\u00e1lfr\u00e6\u00f0i.<\/p>\r\n                    <\/div>\r\n                <\/div>\r\n            <\/div>\r\n        <\/a>\r\n\r\n        \r\n        <a href=\"https:\/\/talkpal.ai\/vocabulary_language\/swahili\/\">\r\n            <div class=\"learnNavigationWrapper\">\r\n                <div class=\"learnNavigationContent\">\r\n                    <img decoding=\"async\" src=\"https:\/\/talkpal.ai\/wp-content\/uploads\/2024\/08\/Swahili.jpg\" alt=\"Kenya and Tanzania Flags\">\r\n                    <div>\r\n                        <h4>Svah\u00edl\u00ed or\u00f0afor\u00f0i<\/h4>\r\n                        <p>St\u00e6kka\u00f0u svah\u00edl\u00ed or\u00f0afor\u00f0a \u00feinn.<\/p>\r\n                    <\/div>\r\n                <\/div>\r\n            <\/div>\r\n        <\/a>\r\n\r\n            <\/section>","protected":false},"excerpt":{"rendered":"<p>Svah\u00edl\u00ed m\u00e1lfr\u00e6\u00f0i: Demystifying tungum\u00e1la \u00e6vint\u00fdri Svah\u00edl\u00ed m\u00e1lfr\u00e6\u00f0i \u2013 a\u00f0la\u00f0andi en dularfullur, flj\u00f3tandi en samt heillandi, lifandi en samt heillandi. \u00deegar \u00fe\u00fa leggur upp \u00ed tungum\u00e1lafer\u00f0 \u00fe\u00edna inn \u00ed svah\u00edl\u00ed tungum\u00e1li\u00f0 g\u00e6tir\u00f0u lent \u00ed bl\u00f6ndu af hrifningu og \u00f3vissu. Ekki hika vi\u00f0, m\u00e1lfarsofst\u00e6kismenn! Vi\u00f0 erum h\u00e9r til a\u00f0 hj\u00e1lpa \u00fe\u00e9r a\u00f0 sigla um \u00feessi spennandi tungum\u00e1lav\u00f6tn! [&hellip;]<\/p>\n","protected":false},"author":1,"featured_media":119242,"parent":0,"menu_order":0,"comment_status":"closed","ping_status":"closed","template":"LearningContentPage.php","meta":{"_acf_changed":false,"footnotes":""},"class_list":["post-153824","page","type-page","status-publish","has-post-thumbnail","hentry"],"acf":[],"yoast_head":"<!-- This site is optimized with the Yoast SEO Premium plugin v27.2 (Yoast SEO v27.2) - https:\/\/yoast.com\/product\/yoast-seo-premium-wordpress\/ -->\n<title>Svah\u00edl\u00ed m\u00e1lfr\u00e6\u00f0i - Talkpal<\/title>\n<meta name=\"description\" content=\"Opna\u00f0u leyndard\u00f3ma svah\u00edl\u00ed-m\u00e1lfr\u00e6\u00f0innar me\u00f0 \u00edtarlegri handb\u00f3k okkar! Uppg\u00f6tva\u00f0u einstaka nafnor\u00f0aflokka \u00feess og lykil\u00fe\u00e6tti.\" \/>\n<meta name=\"robots\" content=\"index, follow, max-snippet:-1, max-image-preview:large, max-video-preview:-1\" \/>\n<link rel=\"canonical\" href=\"https:\/\/talkpal.ai\/is\/svahili-malfraedi\/\" \/>\n<meta property=\"og:locale\" content=\"is_IS\" \/>\n<meta property=\"og:type\" content=\"article\" \/>\n<meta property=\"og:title\" content=\"Svah\u00edl\u00ed m\u00e1lfr\u00e6\u00f0i\" \/>\n<meta property=\"og:description\" content=\"Svah\u00edl\u00ed m\u00e1lfr\u00e6\u00f0i: Demystifying tungum\u00e1la \u00e6vint\u00fdri Svah\u00edl\u00ed m\u00e1lfr\u00e6\u00f0i \u2013 a\u00f0la\u00f0andi en dularfullur, flj\u00f3tandi en samt heillandi, lifandi en samt heillandi.\" \/>\n<meta property=\"og:url\" content=\"https:\/\/talkpal.ai\/is\/svahili-malfraedi\/\" \/>\n<meta property=\"og:site_name\" content=\"Talkpal\" \/>\n<meta property=\"article:publisher\" content=\"https:\/\/www.facebook.com\/profile.php?id=100090733639311\" \/>\n<meta property=\"article:modified_time\" content=\"2025-12-13T15:52:00+00:00\" \/>\n<meta property=\"og:image\" content=\"https:\/\/talkpal.ai\/wp-content\/uploads\/2023\/05\/Swahili-tanzania.png\" \/>\n\t<meta property=\"og:image:width\" content=\"512\" \/>\n\t<meta property=\"og:image:height\" content=\"512\" \/>\n\t<meta property=\"og:image:type\" content=\"image\/png\" \/>\n<meta name=\"twitter:card\" content=\"summary_large_image\" \/>\n<meta name=\"twitter:site\" content=\"@talkpalai\" \/>\n<meta name=\"twitter:label1\" content=\"Est. reading time\" \/>\n\t<meta name=\"twitter:data1\" content=\"3 minutes\" \/>\n<script type=\"application\/ld+json\" class=\"yoast-schema-graph\">{\"@context\":\"https:\/\/schema.org\",\"@graph\":[{\"@type\":\"WebPage\",\"@id\":\"https:\/\/talkpal.ai\/is\/svahili-malfraedi\/\",\"url\":\"https:\/\/talkpal.ai\/is\/svahili-malfraedi\/\",\"name\":\"Svah\u00edl\u00ed m\u00e1lfr\u00e6\u00f0i - Talkpal\",\"isPartOf\":{\"@id\":\"https:\/\/talkpal.ai\/is\/#website\"},\"primaryImageOfPage\":{\"@id\":\"https:\/\/talkpal.ai\/is\/svahili-malfraedi\/#primaryimage\"},\"image\":{\"@id\":\"https:\/\/talkpal.ai\/is\/svahili-malfraedi\/#primaryimage\"},\"thumbnailUrl\":\"https:\/\/talkpal.ai\/wp-content\/uploads\/2023\/05\/Swahili-tanzania.png\",\"datePublished\":\"2023-05-14T14:25:05+00:00\",\"dateModified\":\"2025-12-13T15:52:00+00:00\",\"description\":\"Opna\u00f0u leyndard\u00f3ma svah\u00edl\u00ed-m\u00e1lfr\u00e6\u00f0innar me\u00f0 \u00edtarlegri handb\u00f3k okkar! Uppg\u00f6tva\u00f0u einstaka nafnor\u00f0aflokka \u00feess og lykil\u00fe\u00e6tti.\",\"breadcrumb\":{\"@id\":\"https:\/\/talkpal.ai\/is\/svahili-malfraedi\/#breadcrumb\"},\"inLanguage\":\"is\",\"potentialAction\":[{\"@type\":\"ReadAction\",\"target\":[\"https:\/\/talkpal.ai\/is\/svahili-malfraedi\/\"]}]},{\"@type\":\"ImageObject\",\"inLanguage\":\"is\",\"@id\":\"https:\/\/talkpal.ai\/is\/svahili-malfraedi\/#primaryimage\",\"url\":\"https:\/\/talkpal.ai\/wp-content\/uploads\/2023\/05\/Swahili-tanzania.png\",\"contentUrl\":\"https:\/\/talkpal.ai\/wp-content\/uploads\/2023\/05\/Swahili-tanzania.png\",\"width\":512,\"height\":512},{\"@type\":\"BreadcrumbList\",\"@id\":\"https:\/\/talkpal.ai\/is\/svahili-malfraedi\/#breadcrumb\",\"itemListElement\":[{\"@type\":\"ListItem\",\"position\":1,\"name\":\"Homepage\",\"item\":\"https:\/\/talkpal.ai\/is\/\"},{\"@type\":\"ListItem\",\"position\":2,\"name\":\"Svah\u00edl\u00ed m\u00e1lfr\u00e6\u00f0i\"}]},{\"@type\":\"WebSite\",\"@id\":\"https:\/\/talkpal.ai\/is\/#website\",\"url\":\"https:\/\/talkpal.ai\/is\/\",\"name\":\"Talkpal\",\"description\":\"AI Language Learning\",\"publisher\":{\"@id\":\"https:\/\/talkpal.ai\/is\/#organization\"},\"alternateName\":\"Talkpal AI\",\"potentialAction\":[{\"@type\":\"SearchAction\",\"target\":{\"@type\":\"EntryPoint\",\"urlTemplate\":\"https:\/\/talkpal.ai\/is\/?s={search_term_string}\"},\"query-input\":{\"@type\":\"PropertyValueSpecification\",\"valueRequired\":true,\"valueName\":\"search_term_string\"}}],\"inLanguage\":\"is\"},{\"@type\":\"Organization\",\"@id\":\"https:\/\/talkpal.ai\/is\/#organization\",\"name\":\"Talkpal, Inc.\",\"alternateName\":\"Talkpal AI\",\"url\":\"https:\/\/talkpal.ai\/is\/\",\"logo\":{\"@type\":\"ImageObject\",\"inLanguage\":\"is\",\"@id\":\"https:\/\/talkpal.ai\/is\/#\/schema\/logo\/image\/\",\"url\":\"https:\/\/talkpal.ai\/wp-content\/uploads\/2024\/03\/Talkpal-Logo-Icon.png\",\"contentUrl\":\"https:\/\/talkpal.ai\/wp-content\/uploads\/2024\/03\/Talkpal-Logo-Icon.png\",\"width\":2880,\"height\":2880,\"caption\":\"Talkpal, Inc.\"},\"image\":{\"@id\":\"https:\/\/talkpal.ai\/is\/#\/schema\/logo\/image\/\"},\"sameAs\":[\"https:\/\/www.facebook.com\/profile.php?id=100090733639311\",\"https:\/\/x.com\/talkpalai\",\"https:\/\/www.linkedin.com\/company\/talkpal\/\",\"https:\/\/www.youtube.com\/@TalkPal\/\",\"https:\/\/www.tiktok.com\/@talkpal\",\"https:\/\/www.instagram.com\/talkpal_ai\/\",\"https:\/\/www.crunchbase.com\/organization\/talkpal-9cde\",\"https:\/\/www.g2.com\/products\/talkpal-for-business\/\",\"https:\/\/www.trustpilot.com\/review\/talkpal.ai\",\"https:\/\/www.capterra.com\/p\/10006800\/TalkPal\/\"],\"description\":\"Talkpal is a language learning web and mobile education app, powered by the latest AI technologies, that provides engaging experiences to its customers in many different languages to help them improve their language skills. Users can chat about unlimited amount of topics with the app and use other modes to practice their language learning.\",\"email\":\"support@talkpal.ai\",\"legalName\":\"Talkpal, Inc.\",\"foundingDate\":\"2023-04-03\",\"duns\":\"118989042\",\"numberOfEmployees\":{\"@type\":\"QuantitativeValue\",\"minValue\":\"11\",\"maxValue\":\"50\"},\"publishingPrinciples\":\"https:\/\/talkpal.ai\/publishing-principles\/\",\"actionableFeedbackPolicy\":\"https:\/\/talkpal.ai\/actionable-feedback-policy\/\",\"correctionsPolicy\":\"https:\/\/talkpal.ai\/corrections-policy\/\",\"ethicsPolicy\":\"https:\/\/talkpal.ai\/ethics-policy\/\",\"diversityPolicy\":\"https:\/\/talkpal.ai\/diversity-policy\/\",\"diversityStaffingReport\":\"https:\/\/talkpal.ai\/diversity-policy\/\"}]}<\/script>\n<!-- \/ Yoast SEO Premium plugin. -->","yoast_head_json":{"title":"Svah\u00edl\u00ed m\u00e1lfr\u00e6\u00f0i - Talkpal","description":"Opna\u00f0u leyndard\u00f3ma svah\u00edl\u00ed-m\u00e1lfr\u00e6\u00f0innar me\u00f0 \u00edtarlegri handb\u00f3k okkar! Uppg\u00f6tva\u00f0u einstaka nafnor\u00f0aflokka \u00feess og lykil\u00fe\u00e6tti.","robots":{"index":"index","follow":"follow","max-snippet":"max-snippet:-1","max-image-preview":"max-image-preview:large","max-video-preview":"max-video-preview:-1"},"canonical":"https:\/\/talkpal.ai\/is\/svahili-malfraedi\/","og_locale":"is_IS","og_type":"article","og_title":"Svah\u00edl\u00ed m\u00e1lfr\u00e6\u00f0i","og_description":"Svah\u00edl\u00ed m\u00e1lfr\u00e6\u00f0i: Demystifying tungum\u00e1la \u00e6vint\u00fdri Svah\u00edl\u00ed m\u00e1lfr\u00e6\u00f0i \u2013 a\u00f0la\u00f0andi en dularfullur, flj\u00f3tandi en samt heillandi, lifandi en samt heillandi.","og_url":"https:\/\/talkpal.ai\/is\/svahili-malfraedi\/","og_site_name":"Talkpal","article_publisher":"https:\/\/www.facebook.com\/profile.php?id=100090733639311","article_modified_time":"2025-12-13T15:52:00+00:00","og_image":[{"width":512,"height":512,"url":"https:\/\/talkpal.ai\/wp-content\/uploads\/2023\/05\/Swahili-tanzania.png","type":"image\/png"}],"twitter_card":"summary_large_image","twitter_site":"@talkpalai","twitter_misc":{"Est. reading time":"3 minutes"},"schema":{"@context":"https:\/\/schema.org","@graph":[{"@type":"WebPage","@id":"https:\/\/talkpal.ai\/is\/svahili-malfraedi\/","url":"https:\/\/talkpal.ai\/is\/svahili-malfraedi\/","name":"Svah\u00edl\u00ed m\u00e1lfr\u00e6\u00f0i - Talkpal","isPartOf":{"@id":"https:\/\/talkpal.ai\/is\/#website"},"primaryImageOfPage":{"@id":"https:\/\/talkpal.ai\/is\/svahili-malfraedi\/#primaryimage"},"image":{"@id":"https:\/\/talkpal.ai\/is\/svahili-malfraedi\/#primaryimage"},"thumbnailUrl":"https:\/\/talkpal.ai\/wp-content\/uploads\/2023\/05\/Swahili-tanzania.png","datePublished":"2023-05-14T14:25:05+00:00","dateModified":"2025-12-13T15:52:00+00:00","description":"Opna\u00f0u leyndard\u00f3ma svah\u00edl\u00ed-m\u00e1lfr\u00e6\u00f0innar me\u00f0 \u00edtarlegri handb\u00f3k okkar! Uppg\u00f6tva\u00f0u einstaka nafnor\u00f0aflokka \u00feess og lykil\u00fe\u00e6tti.","breadcrumb":{"@id":"https:\/\/talkpal.ai\/is\/svahili-malfraedi\/#breadcrumb"},"inLanguage":"is","potentialAction":[{"@type":"ReadAction","target":["https:\/\/talkpal.ai\/is\/svahili-malfraedi\/"]}]},{"@type":"ImageObject","inLanguage":"is","@id":"https:\/\/talkpal.ai\/is\/svahili-malfraedi\/#primaryimage","url":"https:\/\/talkpal.ai\/wp-content\/uploads\/2023\/05\/Swahili-tanzania.png","contentUrl":"https:\/\/talkpal.ai\/wp-content\/uploads\/2023\/05\/Swahili-tanzania.png","width":512,"height":512},{"@type":"BreadcrumbList","@id":"https:\/\/talkpal.ai\/is\/svahili-malfraedi\/#breadcrumb","itemListElement":[{"@type":"ListItem","position":1,"name":"Homepage","item":"https:\/\/talkpal.ai\/is\/"},{"@type":"ListItem","position":2,"name":"Svah\u00edl\u00ed m\u00e1lfr\u00e6\u00f0i"}]},{"@type":"WebSite","@id":"https:\/\/talkpal.ai\/is\/#website","url":"https:\/\/talkpal.ai\/is\/","name":"Talkpal","description":"AI Language Learning","publisher":{"@id":"https:\/\/talkpal.ai\/is\/#organization"},"alternateName":"Talkpal AI","potentialAction":[{"@type":"SearchAction","target":{"@type":"EntryPoint","urlTemplate":"https:\/\/talkpal.ai\/is\/?s={search_term_string}"},"query-input":{"@type":"PropertyValueSpecification","valueRequired":true,"valueName":"search_term_string"}}],"inLanguage":"is"},{"@type":"Organization","@id":"https:\/\/talkpal.ai\/is\/#organization","name":"Talkpal, Inc.","alternateName":"Talkpal AI","url":"https:\/\/talkpal.ai\/is\/","logo":{"@type":"ImageObject","inLanguage":"is","@id":"https:\/\/talkpal.ai\/is\/#\/schema\/logo\/image\/","url":"https:\/\/talkpal.ai\/wp-content\/uploads\/2024\/03\/Talkpal-Logo-Icon.png","contentUrl":"https:\/\/talkpal.ai\/wp-content\/uploads\/2024\/03\/Talkpal-Logo-Icon.png","width":2880,"height":2880,"caption":"Talkpal, Inc."},"image":{"@id":"https:\/\/talkpal.ai\/is\/#\/schema\/logo\/image\/"},"sameAs":["https:\/\/www.facebook.com\/profile.php?id=100090733639311","https:\/\/x.com\/talkpalai","https:\/\/www.linkedin.com\/company\/talkpal\/","https:\/\/www.youtube.com\/@TalkPal\/","https:\/\/www.tiktok.com\/@talkpal","https:\/\/www.instagram.com\/talkpal_ai\/","https:\/\/www.crunchbase.com\/organization\/talkpal-9cde","https:\/\/www.g2.com\/products\/talkpal-for-business\/","https:\/\/www.trustpilot.com\/review\/talkpal.ai","https:\/\/www.capterra.com\/p\/10006800\/TalkPal\/"],"description":"Talkpal is a language learning web and mobile education app, powered by the latest AI technologies, that provides engaging experiences to its customers in many different languages to help them improve their language skills. Users can chat about unlimited amount of topics with the app and use other modes to practice their language learning.","email":"support@talkpal.ai","legalName":"Talkpal, Inc.","foundingDate":"2023-04-03","duns":"118989042","numberOfEmployees":{"@type":"QuantitativeValue","minValue":"11","maxValue":"50"},"publishingPrinciples":"https:\/\/talkpal.ai\/publishing-principles\/","actionableFeedbackPolicy":"https:\/\/talkpal.ai\/actionable-feedback-policy\/","correctionsPolicy":"https:\/\/talkpal.ai\/corrections-policy\/","ethicsPolicy":"https:\/\/talkpal.ai\/ethics-policy\/","diversityPolicy":"https:\/\/talkpal.ai\/diversity-policy\/","diversityStaffingReport":"https:\/\/talkpal.ai\/diversity-policy\/"}]}},"_links":{"self":[{"href":"https:\/\/talkpal.ai\/is\/wp-json\/wp\/v2\/pages\/153824","targetHints":{"allow":["GET"]}}],"collection":[{"href":"https:\/\/talkpal.ai\/is\/wp-json\/wp\/v2\/pages"}],"about":[{"href":"https:\/\/talkpal.ai\/is\/wp-json\/wp\/v2\/types\/page"}],"author":[{"embeddable":true,"href":"https:\/\/talkpal.ai\/is\/wp-json\/wp\/v2\/users\/1"}],"replies":[{"embeddable":true,"href":"https:\/\/talkpal.ai\/is\/wp-json\/wp\/v2\/comments?post=153824"}],"version-history":[{"count":0,"href":"https:\/\/talkpal.ai\/is\/wp-json\/wp\/v2\/pages\/153824\/revisions"}],"wp:featuredmedia":[{"embeddable":true,"href":"https:\/\/talkpal.ai\/is\/wp-json\/wp\/v2\/media\/119242"}],"wp:attachment":[{"href":"https:\/\/talkpal.ai\/is\/wp-json\/wp\/v2\/media?parent=153824"}],"curies":[{"name":"wp","href":"https:\/\/api.w.org\/{rel}","templated":true}]}}