{"id":153656,"date":"2023-05-14T14:24:42","date_gmt":"2023-05-14T14:24:42","guid":{"rendered":"http:\/\/talkpal.ai\/tailenska-malfraedi\/"},"modified":"2025-12-13T15:48:12","modified_gmt":"2025-12-13T15:48:12","slug":"tailenska-malfraedi","status":"publish","type":"page","link":"https:\/\/talkpal.ai\/is\/tailenska-malfraedi\/","title":{"rendered":"Ta\u00edlenska m\u00e1lfr\u00e6\u00f0i"},"content":{"rendered":"\r\n\r\n\r\n<section class=\"languageChallengeSection\">\r\n    <div class=\"languageInfoWrapper\">\r\n        \r\n        <h1>Ta\u00edlenska m\u00e1lfr\u00e6\u00f0i<\/h1>\r\n        <p>L\u00e6r\u00f0u ta\u00edlenska <a href=\"https:\/\/talkpal.ai\/grammar\/\">m\u00e1lfr\u00e6\u00f0i<\/a> og upplif\u00f0u fegur\u00f0 tungum\u00e1ls sem er b\u00e6\u00f0i r\u00f6kr\u00e9tt og tj\u00e1ningarfullt. Byrja\u00f0u fer\u00f0alag \u00feitt og opna\u00f0u dyrnar a\u00f0 heillandi hugsunar- og m\u00e1lfarslei\u00f0um!<\/p>\r\n\r\n                            <a class=\"getStartedHidden\" href=\"https:\/\/app.talkpal.ai\/signup?lng=\">Byrja\u00f0u<\/a>\r\n        \r\n    <\/div>\r\n\r\n    <figure>\r\n    <img decoding=\"async\" width=\"768\" height=\"768\" src=\"https:\/\/talkpal.ai\/wp-content\/uploads\/2023\/06\/thai-768x768.png\" class=\"languageImage no-lazy\" alt=\"Language learning for improved thought process\" fetchpriority=\"high\" sizes=\"(max-width: 768px) 150px, 768px\" srcset=\"https:\/\/talkpal.ai\/wp-content\/uploads\/2023\/06\/thai-768x768.png 768w, https:\/\/talkpal.ai\/wp-content\/uploads\/2023\/06\/thai-300x300.png 300w\" \/>\r\n    \r\n\r\n    <\/figure>\r\n\r\n            <a class=\"getStartedVisible\" href=\"https:\/\/app.talkpal.ai\/signup?lng=\">Byrja\u00f0u<\/a>\r\n    \r\n<\/section>\r\n<section class=\"promotionalBanner\">\r\n    <p class=\"promotionalText\">Skilvirkasta lei\u00f0in til a\u00f0 l\u00e6ra tungum\u00e1l<\/p>\r\n    <a class=\"promotionalLink\" href=\"https:\/\/app.talkpal.ai\/signup?lng=\">Pr\u00f3fa\u00f0u Talkpal \u00f3keypis<\/a>\r\n<\/section>\n<div class=\"wp-block-group pageContainerStyle\"><div class=\"wp-block-group__inner-container is-layout-constrained wp-block-group-is-layout-constrained\">\n<h2 class=\"wp-block-heading\" id=\"h-thai-grammar-exploring-a-unique-linguistic-world\">Ta\u00edlenska m\u00e1lfr\u00e6\u00f0i: A\u00f0 kanna einstakan m\u00e1lheim<\/h2>\n\n\n\n<p>T\u00e6lensk m\u00e1lfr\u00e6\u00f0i &#8211; a\u00f0 \u00fev\u00ed er vir\u00f0ist r\u00e1\u00f0g\u00e1ta, framandi og gr\u00edpandi. \u00deegar \u00fe\u00fa leggur af sta\u00f0 \u00e1 fer\u00f0 \u00fe\u00edna til a\u00f0 l\u00e6ra ta\u00edlenska tungum\u00e1li\u00f0 g\u00e6tir\u00f0u fundi\u00f0 fyrir \u00f3v\u00e6ntum hrifningu af m\u00e1lfr\u00e6\u00f0i \u00feess. \u0136ttist ekki, m\u00e1lk\u00f6nnu\u0111ir m\u00ednir! Vi\u00f0 erum h\u00e9r til a\u00f0 bj\u00f3\u00f0a upp \u00e1 lei\u00f0s\u00f6gn og stu\u00f0ning \u00e1 \u00feessu heillandi \u00e6vint\u00fdri!<\/p>\n\n\n\n<p>\u00cd \u00feessari grein k\u00f6fum vi\u00f0 ofan \u00ed kjarna\u00fe\u00e6tti ta\u00edlensku m\u00e1lfr\u00e6\u00f0innar, brj\u00f3tum ni\u00f0ur lykilhugt\u00f6k, \u00fatsk\u00fdrum reglur og jafnvel einf\u00f6ldum fl\u00e6kjustigi\u00f0. Vertu me\u00f0 okkur \u00feegar vi\u00f0 lyftum hulunni af ta\u00edlensku m\u00e1lfr\u00e6\u00f0i og kveikjum \u00e1str\u00ed\u00f0u \u00fe\u00edna fyrir \u00feessu fr\u00e1b\u00e6rlega einstaka tungum\u00e1li!<\/p>\n\n\n\n<h3 class=\"wp-block-heading\" id=\"h-1-nouns-no-plurals-no-genders-no-worries\">1. Nafnor\u00f0: Engin fleirt\u00f6lu, engin kyn, engar \u00e1hyggjur!<\/h3>\n\n\n\n<p>Fegur\u00f0 ta\u00edlenskrar m\u00e1lfr\u00e6\u00f0i liggur \u00ed einfaldleika hennar var\u00f0andi nafnor\u00f0. Ta\u00edlensk nafnor\u00f0 hafa ekki kyn e\u00f0a fleirt\u00f6lumynd, sem gerir \u00feau au\u00f0veld \u00ed notkun og skilja. Til a\u00f0 gefa til kynna fleirt\u00f6lu skaltu einfaldlega b\u00e6ta vi\u00f0 magnor\u00f0i eins og \u201emargir\u201c (\u0e21\u0e32\u0e01, m\u00e2ak) e\u00f0a \u201esumir\u201c (\u0e1a\u0e49\u0e32\u0e07, b\u00e2ang) e\u00f0a endurtaka nafnor\u00f0i\u00f0 til a\u00f0 leggja \u00e1herslu \u00e1 fleirt\u00f6lumerkinguna.<\/p>\n\n\n\n<h3 class=\"wp-block-heading\" id=\"h-2-pronouns-choose-wisely-based-on-politeness\">2. Forn\u00f6fn: Veldu skynsamlega \u00fat fr\u00e1 kurteisi<\/h3>\n\n\n\n<p>A\u00f0 velja vi\u00f0eigandi fornafn er nau\u00f0synlegt \u00ed ta\u00edlensku m\u00e1lfr\u00e6\u00f0i til a\u00f0 s\u00fdna vir\u00f0ingu og au\u00f0m\u00fdkt. T\u00e6lensk forn\u00f6fn eru mismunandi eftir kyni r\u00e6\u00f0umanns og hlustanda, aldri og tengslum. Til d\u00e6mis er \u201e\u0e09\u0e31\u0e19\u201c (ch\u0103n) algengt \u00f3formlegt fornafn \u00ed fyrstu pers\u00f3nu, en \u201e\u0e1c\u0e21\u201c (p\u014fm) er oft nota\u00f0 af k\u00f6rlum vi\u00f0 formlegri a\u00f0st\u00e6\u00f0ur.<\/p>\n\n\n\n<p>Til a\u00f0 misskilja kurteisi, nota\u00f0u \u201e\u0e04\u0e38\u0e13\u201c (kun) fyrir \u201e\u00fe\u00fa\u201c og \u201e\u0e40\u0e02\u0e32\u201c (k\u0103o) fyrir \u201ehann\/h\u00fan\/\u00feeir.<\/p>\n\n\n\n<h3 class=\"wp-block-heading\" id=\"h-3-verbs-no-conjugation-or-tenses-only-particles\">3. Sagnir: engin beyging e\u00f0a spennur, a\u00f0eins agnir<\/h3>\n\n\n\n<p>\u00cd ta\u00edlensku m\u00e1lfr\u00e6\u00f0i haldast sagnir \u00f3breyttar \u00f3h\u00e1\u00f0 spennu, skapi e\u00f0a efni. \u00deess \u00ed sta\u00f0 rei\u00f0ir ta\u00edlenska sig \u00e1 einf\u00f6ld or\u00f0 sem kallast agnir til a\u00f0 gefa til kynna spennu e\u00f0a vi\u00f0horf setningarinnar. \u00deessar agnir eru settar \u00ed lok setningarinnar.<\/p>\n\n\n\n<p>Til d\u00e6mis, \u00f6gnin \u201e\u0e41\u0e25\u0e49\u0e27\u201c (l\u00e1ew) gefur til kynna \u00fe\u00e1t\u00ed\u00f0 e\u00f0a loki\u00f0 a\u00f0ger\u00f0 og \u201e\u0e01\u0e33\u0e25\u0e31\u0e07\u201c (gam-lang) er nota\u00f0 fyrir a\u00f0ger\u00f0ir \u00ed gangi. \u00deess vegna \u00fe\u00fd\u00f0ir \u201e\u0e40\u0e02\u0e32\u0e01\u0e34\u0e19\u201c (k\u0103o gin) \u201ehann\/h\u00fan bor\u00f0ar,\u201c \u00e1 me\u00f0an \u201e\u0e40\u0e02\u0e32\u0e01\u0e34\u0e19\u0e41\u0e25\u0e49\u0e27\u201c (k\u0103o gin l\u00e1ew) \u00fe\u00fd\u00f0ir \u201ehann\/h\u00fan \u00e1t.<\/p>\n\n\n\n<h3 class=\"wp-block-heading\" id=\"h-4-sentence-structure-clear-and-straightforward\">4. Setningager\u00f0: Sk\u00fdr og einf\u00f6ld<\/h3>\n\n\n\n<p>Ta\u00edlenska m\u00e1lfr\u00e6\u00f0i fylgir Subject-Verb-Object (SVO) setningager\u00f0, svipa\u00f0 og <a href=\"https:\/\/talkpal.ai\/learn-english-with-ai\/\">enska<\/a>, sem einfaldar skilning fyrir <a href=\"https:\/\/talkpal.ai\/english-speaking-course\/\">enskum\u00e6landi<\/a>. Meginreglan er s\u00fa a\u00f0 l\u00fdsingaror\u00f0, atviksor\u00f0 og \u00f6nnur l\u00fdsandi or\u00f0 fylgja nafnor\u00f0i e\u00f0a s\u00f6gn sem \u00feau l\u00fdsa.<\/p>\n\n\n\n<p>Til d\u00e6mis, \u201e\u0e1c\u0e21\u0e0a\u0e2d\u0e1a\u0e2b\u0e19\u0e31\u0e07\u0e2a\u0e37\u0e2d\u0e19\u0e35\u0e49\u201c (p\u014fm ch\u00e2wp n\u0103ng s\u011bu n\u00e9e) \u00fe\u00fd\u00f0ir \u201e\u00e9g (efni) l\u00edkar vi\u00f0 (s\u00f6gn) \u00feessa b\u00f3k (hlut).\u201c<\/p>\n\n\n\n<h3 class=\"wp-block-heading\" id=\"h-5-immerse-yourself-in-thai-practice-makes-perfect\">5. S\u00f6kkva \u00fe\u00e9r ni\u00f0ur \u00e1 ta\u00edlensku: \u00c6fingin skapar meistarann<\/h3>\n\n\n\n<p>A\u00f0 skilja og n\u00e1 t\u00f6kum \u00e1 ta\u00edlensku m\u00e1lfr\u00e6\u00f0i kann \u00ed upphafi a\u00f0 vir\u00f0ast krefjandi, en lykillinn er \u00ferautseigja og st\u00f6\u00f0ug \u00e6fing. Taktu \u00fe\u00e1tt \u00ed \u00f6llum skilningarvitum \u00fe\u00ednum me\u00f0 \u00fev\u00ed a\u00f0 s\u00f6kkva \u00fe\u00e9r ni\u00f0ur \u00ed tungum\u00e1li\u00f0, lesa, skrifa, hlusta og <a href=\"https:\/\/talkpal.ai\/locations\/language-courses-in-tala\/\">tala<\/a> vi\u00f0 \u00fe\u00e1 sem hafa m\u00f3\u00f0urm\u00e1li\u00f0 a\u00f0 m\u00f3\u00f0urm\u00e1li. \u00dev\u00ed meiri \u00fatsetningu sem \u00fe\u00fa hefur fyrir ta\u00edlenska m\u00e1lfr\u00e6\u00f0i, \u00fev\u00ed meira sem \u00feessi framandi hugt\u00f6k munu l\u00ed\u00f0a kunnugleg og \u00fe\u00e6gileg.<\/p>\n\n\n\n<p>Svo, ertu tilb\u00fainn a\u00f0 kafa inn \u00ed heillandi heim ta\u00edlenskrar m\u00e1lfr\u00e6\u00f0i? Fa\u00f0ma\u00f0u \u00e1skorunina og einstaka eiginleika ta\u00edlenskrar m\u00e1lfr\u00e6\u00f0i og me\u00f0 t\u00edma, v\u00edgslu og \u00e6vint\u00fdratilfinningu getur\u00f0u opna\u00f0 gr\u00edpandi fegur\u00f0 ta\u00edlenska tungum\u00e1lsins.<\/p>\n<\/div><\/div>\n\r\n<section class=\"learnNavigationSection\">\r\n            \r\n        <a href=\"https:\/\/talkpal.ai\/is\/laerdu-tailensku\/\">\r\n            <div class=\"learnNavigationWrapper\">\r\n                <div class=\"learnNavigationContent\">\r\n                    <img decoding=\"async\" src=\"https:\/\/talkpal.ai\/wp-content\/uploads\/2024\/08\/Thai.jpg\" alt=\"Thai Flag\">\r\n                    <div>\r\n                        <h4>Um ta\u00edlenskun\u00e1m<\/h4>\r\n                        <p>Finndu \u00fat allt um ta\u00edlenska m\u00e1lfr\u00e6\u00f0i.<\/p>\r\n                    <\/div>\r\n                <\/div>\r\n            <\/div>\r\n        <\/a>\r\n\r\n        \r\n        <a href=\"https:\/\/talkpal.ai\/is\/thai-malfraedi-aefingar\/\">\r\n            <div class=\"learnNavigationWrapper\">\r\n                <div class=\"learnNavigationContent\">\r\n                    <img decoding=\"async\" src=\"https:\/\/talkpal.ai\/wp-content\/uploads\/2024\/08\/Thai.jpg\" alt=\"Thai Flag\">\r\n                    <div>\r\n                        <h4>Ta\u00edlensk m\u00e1lfr\u00e6\u00f0i\u00e6fing<\/h4>\r\n                        <p>\u00c6f\u00f0u ta\u00edlenska m\u00e1lfr\u00e6\u00f0i.<\/p>\r\n                    <\/div>\r\n                <\/div>\r\n            <\/div>\r\n        <\/a>\r\n\r\n        \r\n        <a href=\"https:\/\/talkpal.ai\/vocabulary_language\/thai\/\">\r\n            <div class=\"learnNavigationWrapper\">\r\n                <div class=\"learnNavigationContent\">\r\n                    <img decoding=\"async\" src=\"https:\/\/talkpal.ai\/wp-content\/uploads\/2024\/08\/Thai.jpg\" alt=\"Thai Flag\">\r\n                    <div>\r\n                        <h4>T\u00e6lenskur or\u00f0afor\u00f0i<\/h4>\r\n                        <p>St\u00e6kka\u00f0u t\u00e6lenskan or\u00f0afor\u00f0a \u00feinn.<\/p>\r\n                    <\/div>\r\n                <\/div>\r\n            <\/div>\r\n        <\/a>\r\n\r\n            <\/section>","protected":false},"excerpt":{"rendered":"<p>Ta\u00edlenska m\u00e1lfr\u00e6\u00f0i: A\u00f0 kanna einstakan m\u00e1lheim T\u00e6lensk m\u00e1lfr\u00e6\u00f0i &#8211; a\u00f0 \u00fev\u00ed er vir\u00f0ist r\u00e1\u00f0g\u00e1ta, framandi og gr\u00edpandi. \u00deegar \u00fe\u00fa leggur af sta\u00f0 \u00e1 fer\u00f0 \u00fe\u00edna til a\u00f0 l\u00e6ra ta\u00edlenska tungum\u00e1li\u00f0 g\u00e6tir\u00f0u fundi\u00f0 fyrir \u00f3v\u00e6ntum hrifningu af m\u00e1lfr\u00e6\u00f0i \u00feess. \u0136ttist ekki, m\u00e1lk\u00f6nnu\u0111ir m\u00ednir! Vi\u00f0 erum h\u00e9r til a\u00f0 bj\u00f3\u00f0a upp \u00e1 lei\u00f0s\u00f6gn og stu\u00f0ning \u00e1 \u00feessu [&hellip;]<\/p>\n","protected":false},"author":1,"featured_media":120859,"parent":0,"menu_order":0,"comment_status":"closed","ping_status":"closed","template":"LearningContentPage.php","meta":{"_acf_changed":false,"footnotes":""},"class_list":["post-153656","page","type-page","status-publish","has-post-thumbnail","hentry"],"acf":[],"yoast_head":"<!-- This site is optimized with the Yoast SEO Premium plugin v27.2 (Yoast SEO v27.2) - https:\/\/yoast.com\/product\/yoast-seo-premium-wordpress\/ -->\n<title>Ta\u00edlenska m\u00e1lfr\u00e6\u00f0i - Talkpal<\/title>\n<meta name=\"description\" content=\"Kanna\u00f0u heillandi heim ta\u00edlenskrar m\u00e1lfr\u00e6\u00f0i. Uppg\u00f6tva\u00f0u einfaldleika \u00feess og einstaka eiginleika sem gera n\u00e1mi\u00f0 skemmtilegt.\" \/>\n<meta name=\"robots\" content=\"index, follow, max-snippet:-1, max-image-preview:large, max-video-preview:-1\" \/>\n<link rel=\"canonical\" href=\"https:\/\/talkpal.ai\/is\/tailenska-malfraedi\/\" \/>\n<meta property=\"og:locale\" content=\"is_IS\" \/>\n<meta property=\"og:type\" content=\"article\" \/>\n<meta property=\"og:title\" content=\"Ta\u00edlenska m\u00e1lfr\u00e6\u00f0i\" \/>\n<meta property=\"og:description\" content=\"Ta\u00edlenska m\u00e1lfr\u00e6\u00f0i: A\u00f0 kanna einstakan m\u00e1lheim T\u00e6lensk m\u00e1lfr\u00e6\u00f0i - a\u00f0 \u00fev\u00ed er vir\u00f0ist r\u00e1\u00f0g\u00e1ta, framandi og gr\u00edpandi. \u00deegar \u00fe\u00fa leggur af sta\u00f0 \u00e1 fer\u00f0 \u00fe\u00edna til\" \/>\n<meta property=\"og:url\" content=\"https:\/\/talkpal.ai\/is\/tailenska-malfraedi\/\" \/>\n<meta property=\"og:site_name\" content=\"Talkpal\" \/>\n<meta property=\"article:publisher\" content=\"https:\/\/www.facebook.com\/profile.php?id=100090733639311\" \/>\n<meta property=\"article:modified_time\" content=\"2025-12-13T15:48:12+00:00\" \/>\n<meta property=\"og:image\" content=\"https:\/\/talkpal.ai\/wp-content\/uploads\/2023\/05\/thailand.png\" \/>\n\t<meta property=\"og:image:width\" content=\"512\" \/>\n\t<meta property=\"og:image:height\" content=\"512\" \/>\n\t<meta property=\"og:image:type\" content=\"image\/png\" \/>\n<meta name=\"twitter:card\" content=\"summary_large_image\" \/>\n<meta name=\"twitter:site\" content=\"@talkpalai\" \/>\n<meta name=\"twitter:label1\" content=\"Est. reading time\" \/>\n\t<meta name=\"twitter:data1\" content=\"3 minutes\" \/>\n<script type=\"application\/ld+json\" class=\"yoast-schema-graph\">{\"@context\":\"https:\/\/schema.org\",\"@graph\":[{\"@type\":\"WebPage\",\"@id\":\"https:\/\/talkpal.ai\/is\/tailenska-malfraedi\/\",\"url\":\"https:\/\/talkpal.ai\/is\/tailenska-malfraedi\/\",\"name\":\"Ta\u00edlenska m\u00e1lfr\u00e6\u00f0i - Talkpal\",\"isPartOf\":{\"@id\":\"https:\/\/talkpal.ai\/is\/#website\"},\"primaryImageOfPage\":{\"@id\":\"https:\/\/talkpal.ai\/is\/tailenska-malfraedi\/#primaryimage\"},\"image\":{\"@id\":\"https:\/\/talkpal.ai\/is\/tailenska-malfraedi\/#primaryimage\"},\"thumbnailUrl\":\"https:\/\/talkpal.ai\/wp-content\/uploads\/2023\/05\/thailand.png\",\"datePublished\":\"2023-05-14T14:24:42+00:00\",\"dateModified\":\"2025-12-13T15:48:12+00:00\",\"description\":\"Kanna\u00f0u heillandi heim ta\u00edlenskrar m\u00e1lfr\u00e6\u00f0i. Uppg\u00f6tva\u00f0u einfaldleika \u00feess og einstaka eiginleika sem gera n\u00e1mi\u00f0 skemmtilegt.\",\"breadcrumb\":{\"@id\":\"https:\/\/talkpal.ai\/is\/tailenska-malfraedi\/#breadcrumb\"},\"inLanguage\":\"is\",\"potentialAction\":[{\"@type\":\"ReadAction\",\"target\":[\"https:\/\/talkpal.ai\/is\/tailenska-malfraedi\/\"]}]},{\"@type\":\"ImageObject\",\"inLanguage\":\"is\",\"@id\":\"https:\/\/talkpal.ai\/is\/tailenska-malfraedi\/#primaryimage\",\"url\":\"https:\/\/talkpal.ai\/wp-content\/uploads\/2023\/05\/thailand.png\",\"contentUrl\":\"https:\/\/talkpal.ai\/wp-content\/uploads\/2023\/05\/thailand.png\",\"width\":512,\"height\":512},{\"@type\":\"BreadcrumbList\",\"@id\":\"https:\/\/talkpal.ai\/is\/tailenska-malfraedi\/#breadcrumb\",\"itemListElement\":[{\"@type\":\"ListItem\",\"position\":1,\"name\":\"Homepage\",\"item\":\"https:\/\/talkpal.ai\/is\/\"},{\"@type\":\"ListItem\",\"position\":2,\"name\":\"Ta\u00edlenska m\u00e1lfr\u00e6\u00f0i\"}]},{\"@type\":\"WebSite\",\"@id\":\"https:\/\/talkpal.ai\/is\/#website\",\"url\":\"https:\/\/talkpal.ai\/is\/\",\"name\":\"Talkpal\",\"description\":\"AI Language Learning\",\"publisher\":{\"@id\":\"https:\/\/talkpal.ai\/is\/#organization\"},\"alternateName\":\"Talkpal AI\",\"potentialAction\":[{\"@type\":\"SearchAction\",\"target\":{\"@type\":\"EntryPoint\",\"urlTemplate\":\"https:\/\/talkpal.ai\/is\/?s={search_term_string}\"},\"query-input\":{\"@type\":\"PropertyValueSpecification\",\"valueRequired\":true,\"valueName\":\"search_term_string\"}}],\"inLanguage\":\"is\"},{\"@type\":\"Organization\",\"@id\":\"https:\/\/talkpal.ai\/is\/#organization\",\"name\":\"Talkpal, Inc.\",\"alternateName\":\"Talkpal AI\",\"url\":\"https:\/\/talkpal.ai\/is\/\",\"logo\":{\"@type\":\"ImageObject\",\"inLanguage\":\"is\",\"@id\":\"https:\/\/talkpal.ai\/is\/#\/schema\/logo\/image\/\",\"url\":\"https:\/\/talkpal.ai\/wp-content\/uploads\/2024\/03\/Talkpal-Logo-Icon.png\",\"contentUrl\":\"https:\/\/talkpal.ai\/wp-content\/uploads\/2024\/03\/Talkpal-Logo-Icon.png\",\"width\":2880,\"height\":2880,\"caption\":\"Talkpal, Inc.\"},\"image\":{\"@id\":\"https:\/\/talkpal.ai\/is\/#\/schema\/logo\/image\/\"},\"sameAs\":[\"https:\/\/www.facebook.com\/profile.php?id=100090733639311\",\"https:\/\/x.com\/talkpalai\",\"https:\/\/www.linkedin.com\/company\/talkpal\/\",\"https:\/\/www.youtube.com\/@TalkPal\/\",\"https:\/\/www.tiktok.com\/@talkpal\",\"https:\/\/www.instagram.com\/talkpal_ai\/\",\"https:\/\/www.crunchbase.com\/organization\/talkpal-9cde\",\"https:\/\/www.g2.com\/products\/talkpal-for-business\/\",\"https:\/\/www.trustpilot.com\/review\/talkpal.ai\",\"https:\/\/www.capterra.com\/p\/10006800\/TalkPal\/\"],\"description\":\"Talkpal is a language learning web and mobile education app, powered by the latest AI technologies, that provides engaging experiences to its customers in many different languages to help them improve their language skills. Users can chat about unlimited amount of topics with the app and use other modes to practice their language learning.\",\"email\":\"support@talkpal.ai\",\"legalName\":\"Talkpal, Inc.\",\"foundingDate\":\"2023-04-03\",\"duns\":\"118989042\",\"numberOfEmployees\":{\"@type\":\"QuantitativeValue\",\"minValue\":\"11\",\"maxValue\":\"50\"},\"publishingPrinciples\":\"https:\/\/talkpal.ai\/publishing-principles\/\",\"actionableFeedbackPolicy\":\"https:\/\/talkpal.ai\/actionable-feedback-policy\/\",\"correctionsPolicy\":\"https:\/\/talkpal.ai\/corrections-policy\/\",\"ethicsPolicy\":\"https:\/\/talkpal.ai\/ethics-policy\/\",\"diversityPolicy\":\"https:\/\/talkpal.ai\/diversity-policy\/\",\"diversityStaffingReport\":\"https:\/\/talkpal.ai\/diversity-policy\/\"}]}<\/script>\n<!-- \/ Yoast SEO Premium plugin. -->","yoast_head_json":{"title":"Ta\u00edlenska m\u00e1lfr\u00e6\u00f0i - Talkpal","description":"Kanna\u00f0u heillandi heim ta\u00edlenskrar m\u00e1lfr\u00e6\u00f0i. Uppg\u00f6tva\u00f0u einfaldleika \u00feess og einstaka eiginleika sem gera n\u00e1mi\u00f0 skemmtilegt.","robots":{"index":"index","follow":"follow","max-snippet":"max-snippet:-1","max-image-preview":"max-image-preview:large","max-video-preview":"max-video-preview:-1"},"canonical":"https:\/\/talkpal.ai\/is\/tailenska-malfraedi\/","og_locale":"is_IS","og_type":"article","og_title":"Ta\u00edlenska m\u00e1lfr\u00e6\u00f0i","og_description":"Ta\u00edlenska m\u00e1lfr\u00e6\u00f0i: A\u00f0 kanna einstakan m\u00e1lheim T\u00e6lensk m\u00e1lfr\u00e6\u00f0i - a\u00f0 \u00fev\u00ed er vir\u00f0ist r\u00e1\u00f0g\u00e1ta, framandi og gr\u00edpandi. \u00deegar \u00fe\u00fa leggur af sta\u00f0 \u00e1 fer\u00f0 \u00fe\u00edna til","og_url":"https:\/\/talkpal.ai\/is\/tailenska-malfraedi\/","og_site_name":"Talkpal","article_publisher":"https:\/\/www.facebook.com\/profile.php?id=100090733639311","article_modified_time":"2025-12-13T15:48:12+00:00","og_image":[{"width":512,"height":512,"url":"https:\/\/talkpal.ai\/wp-content\/uploads\/2023\/05\/thailand.png","type":"image\/png"}],"twitter_card":"summary_large_image","twitter_site":"@talkpalai","twitter_misc":{"Est. reading time":"3 minutes"},"schema":{"@context":"https:\/\/schema.org","@graph":[{"@type":"WebPage","@id":"https:\/\/talkpal.ai\/is\/tailenska-malfraedi\/","url":"https:\/\/talkpal.ai\/is\/tailenska-malfraedi\/","name":"Ta\u00edlenska m\u00e1lfr\u00e6\u00f0i - Talkpal","isPartOf":{"@id":"https:\/\/talkpal.ai\/is\/#website"},"primaryImageOfPage":{"@id":"https:\/\/talkpal.ai\/is\/tailenska-malfraedi\/#primaryimage"},"image":{"@id":"https:\/\/talkpal.ai\/is\/tailenska-malfraedi\/#primaryimage"},"thumbnailUrl":"https:\/\/talkpal.ai\/wp-content\/uploads\/2023\/05\/thailand.png","datePublished":"2023-05-14T14:24:42+00:00","dateModified":"2025-12-13T15:48:12+00:00","description":"Kanna\u00f0u heillandi heim ta\u00edlenskrar m\u00e1lfr\u00e6\u00f0i. Uppg\u00f6tva\u00f0u einfaldleika \u00feess og einstaka eiginleika sem gera n\u00e1mi\u00f0 skemmtilegt.","breadcrumb":{"@id":"https:\/\/talkpal.ai\/is\/tailenska-malfraedi\/#breadcrumb"},"inLanguage":"is","potentialAction":[{"@type":"ReadAction","target":["https:\/\/talkpal.ai\/is\/tailenska-malfraedi\/"]}]},{"@type":"ImageObject","inLanguage":"is","@id":"https:\/\/talkpal.ai\/is\/tailenska-malfraedi\/#primaryimage","url":"https:\/\/talkpal.ai\/wp-content\/uploads\/2023\/05\/thailand.png","contentUrl":"https:\/\/talkpal.ai\/wp-content\/uploads\/2023\/05\/thailand.png","width":512,"height":512},{"@type":"BreadcrumbList","@id":"https:\/\/talkpal.ai\/is\/tailenska-malfraedi\/#breadcrumb","itemListElement":[{"@type":"ListItem","position":1,"name":"Homepage","item":"https:\/\/talkpal.ai\/is\/"},{"@type":"ListItem","position":2,"name":"Ta\u00edlenska m\u00e1lfr\u00e6\u00f0i"}]},{"@type":"WebSite","@id":"https:\/\/talkpal.ai\/is\/#website","url":"https:\/\/talkpal.ai\/is\/","name":"Talkpal","description":"AI Language Learning","publisher":{"@id":"https:\/\/talkpal.ai\/is\/#organization"},"alternateName":"Talkpal AI","potentialAction":[{"@type":"SearchAction","target":{"@type":"EntryPoint","urlTemplate":"https:\/\/talkpal.ai\/is\/?s={search_term_string}"},"query-input":{"@type":"PropertyValueSpecification","valueRequired":true,"valueName":"search_term_string"}}],"inLanguage":"is"},{"@type":"Organization","@id":"https:\/\/talkpal.ai\/is\/#organization","name":"Talkpal, Inc.","alternateName":"Talkpal AI","url":"https:\/\/talkpal.ai\/is\/","logo":{"@type":"ImageObject","inLanguage":"is","@id":"https:\/\/talkpal.ai\/is\/#\/schema\/logo\/image\/","url":"https:\/\/talkpal.ai\/wp-content\/uploads\/2024\/03\/Talkpal-Logo-Icon.png","contentUrl":"https:\/\/talkpal.ai\/wp-content\/uploads\/2024\/03\/Talkpal-Logo-Icon.png","width":2880,"height":2880,"caption":"Talkpal, Inc."},"image":{"@id":"https:\/\/talkpal.ai\/is\/#\/schema\/logo\/image\/"},"sameAs":["https:\/\/www.facebook.com\/profile.php?id=100090733639311","https:\/\/x.com\/talkpalai","https:\/\/www.linkedin.com\/company\/talkpal\/","https:\/\/www.youtube.com\/@TalkPal\/","https:\/\/www.tiktok.com\/@talkpal","https:\/\/www.instagram.com\/talkpal_ai\/","https:\/\/www.crunchbase.com\/organization\/talkpal-9cde","https:\/\/www.g2.com\/products\/talkpal-for-business\/","https:\/\/www.trustpilot.com\/review\/talkpal.ai","https:\/\/www.capterra.com\/p\/10006800\/TalkPal\/"],"description":"Talkpal is a language learning web and mobile education app, powered by the latest AI technologies, that provides engaging experiences to its customers in many different languages to help them improve their language skills. Users can chat about unlimited amount of topics with the app and use other modes to practice their language learning.","email":"support@talkpal.ai","legalName":"Talkpal, Inc.","foundingDate":"2023-04-03","duns":"118989042","numberOfEmployees":{"@type":"QuantitativeValue","minValue":"11","maxValue":"50"},"publishingPrinciples":"https:\/\/talkpal.ai\/publishing-principles\/","actionableFeedbackPolicy":"https:\/\/talkpal.ai\/actionable-feedback-policy\/","correctionsPolicy":"https:\/\/talkpal.ai\/corrections-policy\/","ethicsPolicy":"https:\/\/talkpal.ai\/ethics-policy\/","diversityPolicy":"https:\/\/talkpal.ai\/diversity-policy\/","diversityStaffingReport":"https:\/\/talkpal.ai\/diversity-policy\/"}]}},"_links":{"self":[{"href":"https:\/\/talkpal.ai\/is\/wp-json\/wp\/v2\/pages\/153656","targetHints":{"allow":["GET"]}}],"collection":[{"href":"https:\/\/talkpal.ai\/is\/wp-json\/wp\/v2\/pages"}],"about":[{"href":"https:\/\/talkpal.ai\/is\/wp-json\/wp\/v2\/types\/page"}],"author":[{"embeddable":true,"href":"https:\/\/talkpal.ai\/is\/wp-json\/wp\/v2\/users\/1"}],"replies":[{"embeddable":true,"href":"https:\/\/talkpal.ai\/is\/wp-json\/wp\/v2\/comments?post=153656"}],"version-history":[{"count":0,"href":"https:\/\/talkpal.ai\/is\/wp-json\/wp\/v2\/pages\/153656\/revisions"}],"wp:featuredmedia":[{"embeddable":true,"href":"https:\/\/talkpal.ai\/is\/wp-json\/wp\/v2\/media\/120859"}],"wp:attachment":[{"href":"https:\/\/talkpal.ai\/is\/wp-json\/wp\/v2\/media?parent=153656"}],"curies":[{"name":"wp","href":"https:\/\/api.w.org\/{rel}","templated":true}]}}