{"id":153194,"date":"2023-05-14T14:23:49","date_gmt":"2023-05-14T14:23:49","guid":{"rendered":"http:\/\/talkpal.ai\/tyrknesk-malfraedi\/"},"modified":"2025-12-13T15:56:57","modified_gmt":"2025-12-13T15:56:57","slug":"tyrknesk-malfraedi","status":"publish","type":"page","link":"https:\/\/talkpal.ai\/is\/tyrknesk-malfraedi\/","title":{"rendered":"Tyrknesk m\u00e1lfr\u00e6\u00f0i"},"content":{"rendered":"\r\n\r\n\r\n<section class=\"languageChallengeSection\">\r\n    <div class=\"languageInfoWrapper\">\r\n        \r\n        <h1>Tyrknesk m\u00e1lfr\u00e6\u00f0i<\/h1>\r\n        <p>Forvitinn\/n a\u00f0 l\u00e6ra tyrknesku? Kanna\u00f0u <a href=\"https:\/\/talkpal.ai\/learn-turkish\/\">tyrkneska<\/a> <a href=\"https:\/\/talkpal.ai\/grammar\/\">m\u00e1lfr\u00e6\u00f0i<\/a> og sj\u00e1\u00f0u hvernig r\u00f6kr\u00e9tt uppbygging hennar, s\u00e9rhlj\u00f3\u00f0asamhlj\u00f3mur og au\u00f0skiljanleg sagnor\u00f0amynstur gera hana b\u00e6\u00f0i heillandi og a\u00f0gengilega. Byrja\u00f0u fer\u00f0alag \u00feitt \u00ed dag \u2014 a\u00f0 n\u00e1 g\u00f3\u00f0um t\u00f6kum \u00e1 tyrkneskri m\u00e1lfr\u00e6\u00f0i er lykillinn a\u00f0 reiprennandi samskiptum og a\u00f0 opna fyrir l\u00edflegan heim menningar og tengsla!<\/p>\r\n\r\n                            <a class=\"getStartedHidden\" href=\"https:\/\/app.talkpal.ai\/signup?lng=\">Byrja\u00f0u<\/a>\r\n        \r\n    <\/div>\r\n\r\n    <figure>\r\n    <img decoding=\"async\" width=\"768\" height=\"768\" src=\"https:\/\/talkpal.ai\/wp-content\/uploads\/2023\/06\/turkish-768x768.png\" class=\"languageImage no-lazy\" alt=\"Language learning for increased focus\" fetchpriority=\"high\" sizes=\"(max-width: 768px) 150px, 768px\" srcset=\"https:\/\/talkpal.ai\/wp-content\/uploads\/2023\/06\/turkish-768x768.png 768w, https:\/\/talkpal.ai\/wp-content\/uploads\/2023\/06\/turkish-300x300.png 300w\" \/>\r\n    \r\n\r\n    <\/figure>\r\n\r\n            <a class=\"getStartedVisible\" href=\"https:\/\/app.talkpal.ai\/signup?lng=\">Byrja\u00f0u<\/a>\r\n    \r\n<\/section>\r\n<section class=\"promotionalBanner\">\r\n    <p class=\"promotionalText\">Skilvirkasta lei\u00f0in til a\u00f0 l\u00e6ra tungum\u00e1l<\/p>\r\n    <a class=\"promotionalLink\" href=\"https:\/\/app.talkpal.ai\/signup?lng=\">Pr\u00f3fa\u00f0u Talkpal \u00f3keypis<\/a>\r\n<\/section>\n<div class=\"wp-block-group pageContainerStyle\"><div class=\"wp-block-group__inner-container is-layout-constrained wp-block-group-is-layout-constrained\">\n<h2 class=\"wp-block-heading\" id=\"h-the-ultimate-guide-to-turkish-grammar-navigating-the-intricacies-of-a-unique-language\">Fullkominn lei\u00f0arv\u00edsir um tyrkneska m\u00e1lfr\u00e6\u00f0i: A\u00f0 sigla um ranghala einstaks tungum\u00e1ls<\/h2>\n\n\n\n<p><a href=\"https:\/\/talkpal.ai\/turkish-grammar\/\">Tyrknesk m\u00e1lfr\u00e6\u00f0i<\/a>, eins og tungum\u00e1li\u00f0 sj\u00e1lft, b\u00fd\u00f0ur upp \u00e1 r\u00edkan og heillandi veggteppi tungum\u00e1la\u00fe\u00e1tta. Sem me\u00f0limur tyrknesku tungum\u00e1lafj\u00f6lskyldunnar hr\u00edfur tyrkneska <a href=\"https:\/\/talkpal.ai\/talkpal-discount-for-students\/\">nemendur<\/a> me\u00f0 fj\u00f6lbreyttum eiginleikum og \u00e1skorunum, jafnvel f\u00e6rustu h\u00e1talara. \u00cd \u00feessari handb\u00f3k munum vi\u00f0 kanna helstu meginreglur tyrkneskrar m\u00e1lfr\u00e6\u00f0i, afst\u00fdra margbreytileika hennar og sty\u00f0ja \u00feig \u00e1 lei\u00f0inni til a\u00f0 ver\u00f0a altalandi \u00ed \u00feessu gr\u00edpandi tungum\u00e1li. Byrjum!<\/p>\n\n\n\n<h3 class=\"wp-block-heading\" id=\"h-the-nuts-and-bolts-turkish-sentence-structure\">Hneturnar og boltarnir: Tyrknesk setningaskipan<\/h3>\n\n\n\n<p>\u00cd kjarna \u00feess er <a href=\"https:\/\/talkpal.ai\/turkish-grammar\/\">tyrknesk m\u00e1lfr\u00e6\u00f0i<\/a> nokku\u00f0 einf\u00f6ld. Tungum\u00e1li\u00f0 fylgir almennt <a href=\"https:\/\/talkpal.ai\/culture\/how-do-you-structure-a-sentence-using-subject-object-verb-order-in-uzbek\/\">Subject-Object-Verb<\/a> (SOV) setningager\u00f0, \u00f3l\u00edkt ensku og m\u00f6rgum \u00f6\u00f0rum tungum\u00e1lum. Til d\u00e6mis, setningin \u201e\u00e9g bor\u00f0a epli\u201c \u00fe\u00fd\u00f0ir \u201eBen elma yiyorum\u201c (Ben=I, elma=epli, yiyorum=bor\u00f0a). Einfalt, ekki satt? Hins vegar, \u00feegar vi\u00f0 gr\u00f6fum d\u00fdpra, muntu lenda \u00ed nokkrum heillandi og \u00e1berandi einkennum tyrkneskrar m\u00e1lfr\u00e6\u00f0i.<\/p>\n\n\n\n<h3 class=\"wp-block-heading\" id=\"h-meet-the-family-turkish-nouns-and-their-suffixes\">Hittu fj\u00f6lskylduna: tyrknesk nafnor\u00f0 og vi\u00f0skeyti \u00feeirra<\/h3>\n\n\n\n<p>Eitt s\u00e9rkennilegasta einkenni tyrkneskrar m\u00e1lfr\u00e6\u00f0i er notkun vi\u00f0skeyta til a\u00f0 tj\u00e1 \u00fdmis m\u00e1lfr\u00e6\u00f0ileg samb\u00f6nd. \u00dea\u00f0 eru engar forsetningar \u00e1 tyrknesku; \u00cd sta\u00f0 \u00feeirra eru vi\u00f0skeyti fest vi\u00f0 nafnor\u00f0 til a\u00f0 gefa til kynna eignarfall, beina hluti og sta\u00f0setningu.<\/p>\n\n\n\n<p>T\u00f6kum til d\u00e6mis or\u00f0i\u00f0 \u201eelma\u201c (elma) sem \u00fe\u00fd\u00f0ir \u201eepli\u201c:<\/p>\n\n\n\n<p><strong>\u2013 Eign: Benim elmam (epli mitt)<\/strong><\/p>\n\n\n\n<p><strong>\u2013 Beinn hlutur: Elmay\u0131 yedim (\u00e9g \u00e1t epli\u00f0)<\/strong><\/p>\n\n\n\n<p><strong>\u2013 Sta\u00f0setning: Elmada (vi\u00f0 epli\u00f0)<\/strong><\/p>\n\n\n\n<p>\u00dea\u00f0 er mikilv\u00e6gt a\u00f0 kynna s\u00e9r \u00feessi vi\u00f0skeyti, \u00fear sem \u00feau geta verulega breytt merkingu setninganna \u00feinna.<\/p>\n\n\n\n<h3 class=\"wp-block-heading\" id=\"h-playing-with-numbers-turkish-plurals-and-genders\">Leika me\u00f0 t\u00f6lur: tyrkneska fleirt\u00f6lu og kyn<\/h3>\n\n\n\n<p>\u00deegar fleirt\u00f6luor\u00f0 eru myndu\u00f0 \u00e1 tyrknesku er nau\u00f0synlegt a\u00f0 b\u00e6ta a\u00f0eins vi\u00f0 einu vi\u00f0skeyti: -ler e\u00f0a -lar, allt eftir n\u00e6sta s\u00e9rhlj\u00f3\u00f0i \u00ed or\u00f0inu. \u00d3l\u00edkt m\u00f6rgum \u00f6\u00f0rum tungum\u00e1lum hefur tyrkneska ekki m\u00e1lfr\u00e6\u00f0ilegt kyn. \u00deetta \u00fe\u00fd\u00f0ir a\u00f0 \u00fe\u00fa \u00fearft ekki <a href=\"https:\/\/talkpal.ai\/culture\/what-is-the-verb-ad-hafa-and-when-is-it-used\/\">a\u00f0 hafa<\/a> \u00e1hyggjur af \u00fev\u00ed a\u00f0 l\u00e6ra mismunandi endingar e\u00f0a form fyrir karlkyns, kvenkyns e\u00f0a hvorugkyns nafnor\u00f0.<\/p>\n\n\n\n<p>Til d\u00e6mis ver\u00f0ur \u201ek\u00f6pek\u201c (k\u00f6pek, nafnor\u00f0 sem \u00fe\u00fd\u00f0ir \u201ehundur\u201c) \u201ek\u00f6pekler\u201c (k\u00f6pekler, hundar) og \u201ekedi\u201c (kedi, nafnor\u00f0 sem \u00fe\u00fd\u00f0ir \u201ek\u00f6ttur\u201c) ver\u00f0ur \u201ekediler\u201c (kediler, kettir).<\/p>\n\n\n\n<h3 class=\"wp-block-heading\" id=\"h-the-art-of-conjugation-turkish-verbs\">Listin a\u00f0 beygja: tyrkneskar sagnir<\/h3>\n\n\n\n<p>Tyrkneskar sagnir g\u00e6tu virst \u00f3gnvekjandi \u00ed fyrstu, vegna fj\u00f6lmargra spenna, skaps og beyginga. Hins vegar er lykillinn a\u00f0 \u00fev\u00ed a\u00f0 skilja \u00feau a\u00f0 \u00feekkja algeng mynstur og \u00e6fa reglulega.<\/p>\n\n\n\n<p>\u00c1 tyrknesku nota sagnir margs konar vi\u00f0skeyti til a\u00f0 gefa til kynna spennu, skap og pers\u00f3nu. S\u00f6gnin stofn helst \u00f3breytt. T\u00f6kum s\u00f6gnina \u201eyemek\u201c (yemek, \u201ea\u00f0 bor\u00f0a\u201c) sem d\u00e6mi:<\/p>\n\n\n\n<p><strong>N\u00faverandi samfelld spenna: Yiyorum (\u00e9g er a\u00f0 bor\u00f0a)<\/strong><\/p>\n\n\n\n<p><strong>Past spenntur: Yedim (\u00e9g \u00e1t)<\/strong><\/p>\n\n\n\n<p><strong>Framt\u00ed\u00f0 spenntur: Yiyece\u011fim (\u00e9g mun bor\u00f0a)<\/strong><\/p>\n\n\n\n<p>Eins og \u00fe\u00fa s\u00e9r\u00f0 breytast endingarnar eftir spennu og pers\u00f3nu. Me\u00f0 \u00e6fingu og \u00feolinm\u00e6\u00f0i muntu <a href=\"https:\/\/talkpal.ai\/ko\/ai-%ec%96%b8%ec%96%b4-%ea%b5%90%ec%82%ac\/\">byrja<\/a> a\u00f0 \u00feekkja mynstrin og sigra \u00feessa \u00e1skorun.<\/p>\n\n\n\n<h3 class=\"wp-block-heading\" id=\"h-the-finishing-touches-turkish-adjectives-adverbs-and-more\">Fr\u00e1gangurinn: tyrknesk l\u00fdsingaror\u00f0, atviksor\u00f0 og fleira<\/h3>\n\n\n\n<p>\u00deegar kemur a\u00f0 tyrkneskum l\u00fdsingaror\u00f0um og atviksor\u00f0um gegna \u00feau mikilv\u00e6gu hlutverki vi\u00f0 a\u00f0 b\u00e6ta d\u00fdpt og margbreytileika vi\u00f0 r\u00e6\u00f0u \u00fe\u00edna. L\u00fdsingaror\u00f0 \u00e1 tyrknesku \u00feurfa ekki a\u00f0 vera samm\u00e1la nafnor\u00f0unum sem \u00feau breyta, sem gerir \u00fea\u00f0 au\u00f0veldara a\u00f0 eiga vi\u00f0 \u00feau en \u00e1 m\u00f6rgum \u00f6\u00f0rum tungum\u00e1lum.<\/p>\n\n\n\n<p>Til d\u00e6mis \u00fe\u00fd\u00f0ir \u201eg\u00fczel\u201c (g\u00fczel) \u201efallegt\u201c og \u00fe\u00fa g\u00e6tir s\u00e9\u00f0 \u00fea\u00f0 sem \u201eg\u00fczel \u00e7i\u00e7ek\u201c (g\u00fczel \u00e7i\u00e7ek, \u201efallegt bl\u00f3m\u201c) e\u00f0a \u201eg\u00fczel k\u00f6pek\u201c (g\u00fczel k\u00f6pek, \u201efallegur hundur\u201c), \u00e1n breyta fyrir fleirt\u00f6lu e\u00f0a kyn.<\/p>\n\n\n\n<p>Atviksor\u00f0 fylgja yfirleitt svipu\u00f0um mynstrum, oft dregin af l\u00fdsingaror\u00f0um. \u00c1 tyrknesku er h\u00e6gt a\u00f0 mynda m\u00f6rg atviksor\u00f0 me\u00f0 \u00fev\u00ed a\u00f0 b\u00e6ta vi\u00f0skeytinu -ce e\u00f0a -ca vi\u00f0 l\u00fdsingaror\u00f0in, allt eftir n\u00e6sta s\u00e9rhlj\u00f3\u00f0i.<\/p>\n\n\n\n<p>A\u00f0 lokum m\u00e1 segja a\u00f0 margbreytileiki og s\u00e9rkenni tyrkneskrar m\u00e1lfr\u00e6\u00f0i, \u00fe\u00f3 h\u00fan s\u00e9 krefjandi, gefur tungum\u00e1linu gr\u00edpandi fegur\u00f0 og karakter. Me\u00f0 bl\u00f6ndu af \u00ferautseigju, forvitni og hagn\u00fdtri beitingu muntu flj\u00f3tlega vafra um tyrkneska m\u00e1lfr\u00e6\u00f0i me\u00f0 au\u00f0veldum og sj\u00e1lfstrausti. Gle\u00f0ilegt n\u00e1m!<\/p>\n<\/div><\/div>\n\r\n<section class=\"learnNavigationSection\">\r\n            \r\n        <a href=\"https:\/\/talkpal.ai\/is\/laerdu-tyrknesku\/\">\r\n            <div class=\"learnNavigationWrapper\">\r\n                <div class=\"learnNavigationContent\">\r\n                    <img decoding=\"async\" src=\"https:\/\/talkpal.ai\/wp-content\/uploads\/2024\/08\/Turkish.jpg\" alt=\"Turkish Flag\">\r\n                    <div>\r\n                        <h4>Um tyrkneskun\u00e1m<\/h4>\r\n                        <p>Finndu \u00fat allt um tyrkneska m\u00e1lfr\u00e6\u00f0i.<\/p>\r\n                    <\/div>\r\n                <\/div>\r\n            <\/div>\r\n        <\/a>\r\n\r\n        \r\n        <a href=\"https:\/\/talkpal.ai\/is\/tyrkneskar-malfraediaefingar\/\">\r\n            <div class=\"learnNavigationWrapper\">\r\n                <div class=\"learnNavigationContent\">\r\n                    <img decoding=\"async\" src=\"https:\/\/talkpal.ai\/wp-content\/uploads\/2024\/08\/Turkish.jpg\" alt=\"Turkish Flag\">\r\n                    <div>\r\n                        <h4>Tyrknesk m\u00e1lfr\u00e6\u00f0i\u00e6fing<\/h4>\r\n                        <p>\u00c6f\u00f0u tyrkneska m\u00e1lfr\u00e6\u00f0i.<\/p>\r\n                    <\/div>\r\n                <\/div>\r\n            <\/div>\r\n        <\/a>\r\n\r\n        \r\n        <a href=\"https:\/\/talkpal.ai\/vocabulary_language\/turkish\/\">\r\n            <div class=\"learnNavigationWrapper\">\r\n                <div class=\"learnNavigationContent\">\r\n                    <img decoding=\"async\" src=\"https:\/\/talkpal.ai\/wp-content\/uploads\/2024\/08\/Turkish.jpg\" alt=\"Turkish Flag\">\r\n                    <div>\r\n                        <h4>Tyrkneskur or\u00f0afor\u00f0i<\/h4>\r\n                        <p>St\u00e6kka\u00f0u tyrkneska or\u00f0afor\u00f0a \u00feinn.<\/p>\r\n                    <\/div>\r\n                <\/div>\r\n            <\/div>\r\n        <\/a>\r\n\r\n            <\/section>","protected":false},"excerpt":{"rendered":"<p>Fullkominn lei\u00f0arv\u00edsir um tyrkneska m\u00e1lfr\u00e6\u00f0i: A\u00f0 sigla um ranghala einstaks tungum\u00e1ls Tyrknesk m\u00e1lfr\u00e6\u00f0i, eins og tungum\u00e1li\u00f0 sj\u00e1lft, b\u00fd\u00f0ur upp \u00e1 r\u00edkan og heillandi veggteppi tungum\u00e1la\u00fe\u00e1tta. Sem me\u00f0limur tyrknesku tungum\u00e1lafj\u00f6lskyldunnar hr\u00edfur tyrkneska nemendur me\u00f0 fj\u00f6lbreyttum eiginleikum og \u00e1skorunum, jafnvel f\u00e6rustu h\u00e1talara. \u00cd \u00feessari handb\u00f3k munum vi\u00f0 kanna helstu meginreglur tyrkneskrar m\u00e1lfr\u00e6\u00f0i, afst\u00fdra margbreytileika hennar og sty\u00f0ja [&hellip;]<\/p>\n","protected":false},"author":1,"featured_media":121046,"parent":0,"menu_order":0,"comment_status":"closed","ping_status":"closed","template":"LearningContentPage.php","meta":{"_acf_changed":false,"footnotes":""},"class_list":["post-153194","page","type-page","status-publish","has-post-thumbnail","hentry"],"acf":[],"yoast_head":"<!-- This site is optimized with the Yoast SEO Premium plugin v27.2 (Yoast SEO v27.2) - https:\/\/yoast.com\/product\/yoast-seo-premium-wordpress\/ -->\n<title>Tyrknesk m\u00e1lfr\u00e6\u00f0i - Talkpal<\/title>\n<meta name=\"description\" content=\"Opna\u00f0u leyndard\u00f3ma tyrkneskrar m\u00e1lfr\u00e6\u00f0i me\u00f0 \u00edtarlegri handb\u00f3k okkar um lykilreglur hennar og setningager\u00f0.\" \/>\n<meta name=\"robots\" content=\"index, follow, max-snippet:-1, max-image-preview:large, max-video-preview:-1\" \/>\n<link rel=\"canonical\" href=\"https:\/\/talkpal.ai\/is\/tyrknesk-malfraedi\/\" \/>\n<meta property=\"og:locale\" content=\"is_IS\" \/>\n<meta property=\"og:type\" content=\"article\" \/>\n<meta property=\"og:title\" content=\"Tyrknesk m\u00e1lfr\u00e6\u00f0i\" \/>\n<meta property=\"og:description\" content=\"Fullkominn lei\u00f0arv\u00edsir um tyrkneska m\u00e1lfr\u00e6\u00f0i: A\u00f0 sigla um ranghala einstaks tungum\u00e1ls Tyrknesk m\u00e1lfr\u00e6\u00f0i, eins og tungum\u00e1li\u00f0 sj\u00e1lft, b\u00fd\u00f0ur upp \u00e1 r\u00edkan og\" \/>\n<meta property=\"og:url\" content=\"https:\/\/talkpal.ai\/is\/tyrknesk-malfraedi\/\" \/>\n<meta property=\"og:site_name\" content=\"Talkpal\" \/>\n<meta property=\"article:publisher\" content=\"https:\/\/www.facebook.com\/profile.php?id=100090733639311\" \/>\n<meta property=\"article:modified_time\" content=\"2025-12-13T15:56:57+00:00\" \/>\n<meta property=\"og:image\" content=\"https:\/\/talkpal.ai\/wp-content\/uploads\/2023\/05\/turkish.png\" \/>\n\t<meta property=\"og:image:width\" content=\"512\" \/>\n\t<meta property=\"og:image:height\" content=\"512\" \/>\n\t<meta property=\"og:image:type\" content=\"image\/png\" \/>\n<meta name=\"twitter:card\" content=\"summary_large_image\" \/>\n<meta name=\"twitter:site\" content=\"@talkpalai\" \/>\n<meta name=\"twitter:label1\" content=\"Est. reading time\" \/>\n\t<meta name=\"twitter:data1\" content=\"4 minutes\" \/>\n<script type=\"application\/ld+json\" class=\"yoast-schema-graph\">{\"@context\":\"https:\/\/schema.org\",\"@graph\":[{\"@type\":\"WebPage\",\"@id\":\"https:\/\/talkpal.ai\/is\/tyrknesk-malfraedi\/\",\"url\":\"https:\/\/talkpal.ai\/is\/tyrknesk-malfraedi\/\",\"name\":\"Tyrknesk m\u00e1lfr\u00e6\u00f0i - Talkpal\",\"isPartOf\":{\"@id\":\"https:\/\/talkpal.ai\/is\/#website\"},\"primaryImageOfPage\":{\"@id\":\"https:\/\/talkpal.ai\/is\/tyrknesk-malfraedi\/#primaryimage\"},\"image\":{\"@id\":\"https:\/\/talkpal.ai\/is\/tyrknesk-malfraedi\/#primaryimage\"},\"thumbnailUrl\":\"https:\/\/talkpal.ai\/wp-content\/uploads\/2023\/05\/turkish.png\",\"datePublished\":\"2023-05-14T14:23:49+00:00\",\"dateModified\":\"2025-12-13T15:56:57+00:00\",\"description\":\"Opna\u00f0u leyndard\u00f3ma tyrkneskrar m\u00e1lfr\u00e6\u00f0i me\u00f0 \u00edtarlegri handb\u00f3k okkar um lykilreglur hennar og setningager\u00f0.\",\"breadcrumb\":{\"@id\":\"https:\/\/talkpal.ai\/is\/tyrknesk-malfraedi\/#breadcrumb\"},\"inLanguage\":\"is\",\"potentialAction\":[{\"@type\":\"ReadAction\",\"target\":[\"https:\/\/talkpal.ai\/is\/tyrknesk-malfraedi\/\"]}]},{\"@type\":\"ImageObject\",\"inLanguage\":\"is\",\"@id\":\"https:\/\/talkpal.ai\/is\/tyrknesk-malfraedi\/#primaryimage\",\"url\":\"https:\/\/talkpal.ai\/wp-content\/uploads\/2023\/05\/turkish.png\",\"contentUrl\":\"https:\/\/talkpal.ai\/wp-content\/uploads\/2023\/05\/turkish.png\",\"width\":512,\"height\":512},{\"@type\":\"BreadcrumbList\",\"@id\":\"https:\/\/talkpal.ai\/is\/tyrknesk-malfraedi\/#breadcrumb\",\"itemListElement\":[{\"@type\":\"ListItem\",\"position\":1,\"name\":\"Homepage\",\"item\":\"https:\/\/talkpal.ai\/is\/\"},{\"@type\":\"ListItem\",\"position\":2,\"name\":\"Tyrknesk m\u00e1lfr\u00e6\u00f0i\"}]},{\"@type\":\"WebSite\",\"@id\":\"https:\/\/talkpal.ai\/is\/#website\",\"url\":\"https:\/\/talkpal.ai\/is\/\",\"name\":\"Talkpal\",\"description\":\"AI Language Learning\",\"publisher\":{\"@id\":\"https:\/\/talkpal.ai\/is\/#organization\"},\"alternateName\":\"Talkpal AI\",\"potentialAction\":[{\"@type\":\"SearchAction\",\"target\":{\"@type\":\"EntryPoint\",\"urlTemplate\":\"https:\/\/talkpal.ai\/is\/?s={search_term_string}\"},\"query-input\":{\"@type\":\"PropertyValueSpecification\",\"valueRequired\":true,\"valueName\":\"search_term_string\"}}],\"inLanguage\":\"is\"},{\"@type\":\"Organization\",\"@id\":\"https:\/\/talkpal.ai\/is\/#organization\",\"name\":\"Talkpal, Inc.\",\"alternateName\":\"Talkpal AI\",\"url\":\"https:\/\/talkpal.ai\/is\/\",\"logo\":{\"@type\":\"ImageObject\",\"inLanguage\":\"is\",\"@id\":\"https:\/\/talkpal.ai\/is\/#\/schema\/logo\/image\/\",\"url\":\"https:\/\/talkpal.ai\/wp-content\/uploads\/2024\/03\/Talkpal-Logo-Icon.png\",\"contentUrl\":\"https:\/\/talkpal.ai\/wp-content\/uploads\/2024\/03\/Talkpal-Logo-Icon.png\",\"width\":2880,\"height\":2880,\"caption\":\"Talkpal, Inc.\"},\"image\":{\"@id\":\"https:\/\/talkpal.ai\/is\/#\/schema\/logo\/image\/\"},\"sameAs\":[\"https:\/\/www.facebook.com\/profile.php?id=100090733639311\",\"https:\/\/x.com\/talkpalai\",\"https:\/\/www.linkedin.com\/company\/talkpal\/\",\"https:\/\/www.youtube.com\/@TalkPal\/\",\"https:\/\/www.tiktok.com\/@talkpal\",\"https:\/\/www.instagram.com\/talkpal_ai\/\",\"https:\/\/www.crunchbase.com\/organization\/talkpal-9cde\",\"https:\/\/www.g2.com\/products\/talkpal-for-business\/\",\"https:\/\/www.trustpilot.com\/review\/talkpal.ai\",\"https:\/\/www.capterra.com\/p\/10006800\/TalkPal\/\"],\"description\":\"Talkpal is a language learning web and mobile education app, powered by the latest AI technologies, that provides engaging experiences to its customers in many different languages to help them improve their language skills. Users can chat about unlimited amount of topics with the app and use other modes to practice their language learning.\",\"email\":\"support@talkpal.ai\",\"legalName\":\"Talkpal, Inc.\",\"foundingDate\":\"2023-04-03\",\"duns\":\"118989042\",\"numberOfEmployees\":{\"@type\":\"QuantitativeValue\",\"minValue\":\"11\",\"maxValue\":\"50\"},\"publishingPrinciples\":\"https:\/\/talkpal.ai\/publishing-principles\/\",\"actionableFeedbackPolicy\":\"https:\/\/talkpal.ai\/actionable-feedback-policy\/\",\"correctionsPolicy\":\"https:\/\/talkpal.ai\/corrections-policy\/\",\"ethicsPolicy\":\"https:\/\/talkpal.ai\/ethics-policy\/\",\"diversityPolicy\":\"https:\/\/talkpal.ai\/diversity-policy\/\",\"diversityStaffingReport\":\"https:\/\/talkpal.ai\/diversity-policy\/\"}]}<\/script>\n<!-- \/ Yoast SEO Premium plugin. -->","yoast_head_json":{"title":"Tyrknesk m\u00e1lfr\u00e6\u00f0i - Talkpal","description":"Opna\u00f0u leyndard\u00f3ma tyrkneskrar m\u00e1lfr\u00e6\u00f0i me\u00f0 \u00edtarlegri handb\u00f3k okkar um lykilreglur hennar og setningager\u00f0.","robots":{"index":"index","follow":"follow","max-snippet":"max-snippet:-1","max-image-preview":"max-image-preview:large","max-video-preview":"max-video-preview:-1"},"canonical":"https:\/\/talkpal.ai\/is\/tyrknesk-malfraedi\/","og_locale":"is_IS","og_type":"article","og_title":"Tyrknesk m\u00e1lfr\u00e6\u00f0i","og_description":"Fullkominn lei\u00f0arv\u00edsir um tyrkneska m\u00e1lfr\u00e6\u00f0i: A\u00f0 sigla um ranghala einstaks tungum\u00e1ls Tyrknesk m\u00e1lfr\u00e6\u00f0i, eins og tungum\u00e1li\u00f0 sj\u00e1lft, b\u00fd\u00f0ur upp \u00e1 r\u00edkan og","og_url":"https:\/\/talkpal.ai\/is\/tyrknesk-malfraedi\/","og_site_name":"Talkpal","article_publisher":"https:\/\/www.facebook.com\/profile.php?id=100090733639311","article_modified_time":"2025-12-13T15:56:57+00:00","og_image":[{"width":512,"height":512,"url":"https:\/\/talkpal.ai\/wp-content\/uploads\/2023\/05\/turkish.png","type":"image\/png"}],"twitter_card":"summary_large_image","twitter_site":"@talkpalai","twitter_misc":{"Est. reading time":"4 minutes"},"schema":{"@context":"https:\/\/schema.org","@graph":[{"@type":"WebPage","@id":"https:\/\/talkpal.ai\/is\/tyrknesk-malfraedi\/","url":"https:\/\/talkpal.ai\/is\/tyrknesk-malfraedi\/","name":"Tyrknesk m\u00e1lfr\u00e6\u00f0i - Talkpal","isPartOf":{"@id":"https:\/\/talkpal.ai\/is\/#website"},"primaryImageOfPage":{"@id":"https:\/\/talkpal.ai\/is\/tyrknesk-malfraedi\/#primaryimage"},"image":{"@id":"https:\/\/talkpal.ai\/is\/tyrknesk-malfraedi\/#primaryimage"},"thumbnailUrl":"https:\/\/talkpal.ai\/wp-content\/uploads\/2023\/05\/turkish.png","datePublished":"2023-05-14T14:23:49+00:00","dateModified":"2025-12-13T15:56:57+00:00","description":"Opna\u00f0u leyndard\u00f3ma tyrkneskrar m\u00e1lfr\u00e6\u00f0i me\u00f0 \u00edtarlegri handb\u00f3k okkar um lykilreglur hennar og setningager\u00f0.","breadcrumb":{"@id":"https:\/\/talkpal.ai\/is\/tyrknesk-malfraedi\/#breadcrumb"},"inLanguage":"is","potentialAction":[{"@type":"ReadAction","target":["https:\/\/talkpal.ai\/is\/tyrknesk-malfraedi\/"]}]},{"@type":"ImageObject","inLanguage":"is","@id":"https:\/\/talkpal.ai\/is\/tyrknesk-malfraedi\/#primaryimage","url":"https:\/\/talkpal.ai\/wp-content\/uploads\/2023\/05\/turkish.png","contentUrl":"https:\/\/talkpal.ai\/wp-content\/uploads\/2023\/05\/turkish.png","width":512,"height":512},{"@type":"BreadcrumbList","@id":"https:\/\/talkpal.ai\/is\/tyrknesk-malfraedi\/#breadcrumb","itemListElement":[{"@type":"ListItem","position":1,"name":"Homepage","item":"https:\/\/talkpal.ai\/is\/"},{"@type":"ListItem","position":2,"name":"Tyrknesk m\u00e1lfr\u00e6\u00f0i"}]},{"@type":"WebSite","@id":"https:\/\/talkpal.ai\/is\/#website","url":"https:\/\/talkpal.ai\/is\/","name":"Talkpal","description":"AI Language Learning","publisher":{"@id":"https:\/\/talkpal.ai\/is\/#organization"},"alternateName":"Talkpal AI","potentialAction":[{"@type":"SearchAction","target":{"@type":"EntryPoint","urlTemplate":"https:\/\/talkpal.ai\/is\/?s={search_term_string}"},"query-input":{"@type":"PropertyValueSpecification","valueRequired":true,"valueName":"search_term_string"}}],"inLanguage":"is"},{"@type":"Organization","@id":"https:\/\/talkpal.ai\/is\/#organization","name":"Talkpal, Inc.","alternateName":"Talkpal AI","url":"https:\/\/talkpal.ai\/is\/","logo":{"@type":"ImageObject","inLanguage":"is","@id":"https:\/\/talkpal.ai\/is\/#\/schema\/logo\/image\/","url":"https:\/\/talkpal.ai\/wp-content\/uploads\/2024\/03\/Talkpal-Logo-Icon.png","contentUrl":"https:\/\/talkpal.ai\/wp-content\/uploads\/2024\/03\/Talkpal-Logo-Icon.png","width":2880,"height":2880,"caption":"Talkpal, Inc."},"image":{"@id":"https:\/\/talkpal.ai\/is\/#\/schema\/logo\/image\/"},"sameAs":["https:\/\/www.facebook.com\/profile.php?id=100090733639311","https:\/\/x.com\/talkpalai","https:\/\/www.linkedin.com\/company\/talkpal\/","https:\/\/www.youtube.com\/@TalkPal\/","https:\/\/www.tiktok.com\/@talkpal","https:\/\/www.instagram.com\/talkpal_ai\/","https:\/\/www.crunchbase.com\/organization\/talkpal-9cde","https:\/\/www.g2.com\/products\/talkpal-for-business\/","https:\/\/www.trustpilot.com\/review\/talkpal.ai","https:\/\/www.capterra.com\/p\/10006800\/TalkPal\/"],"description":"Talkpal is a language learning web and mobile education app, powered by the latest AI technologies, that provides engaging experiences to its customers in many different languages to help them improve their language skills. Users can chat about unlimited amount of topics with the app and use other modes to practice their language learning.","email":"support@talkpal.ai","legalName":"Talkpal, Inc.","foundingDate":"2023-04-03","duns":"118989042","numberOfEmployees":{"@type":"QuantitativeValue","minValue":"11","maxValue":"50"},"publishingPrinciples":"https:\/\/talkpal.ai\/publishing-principles\/","actionableFeedbackPolicy":"https:\/\/talkpal.ai\/actionable-feedback-policy\/","correctionsPolicy":"https:\/\/talkpal.ai\/corrections-policy\/","ethicsPolicy":"https:\/\/talkpal.ai\/ethics-policy\/","diversityPolicy":"https:\/\/talkpal.ai\/diversity-policy\/","diversityStaffingReport":"https:\/\/talkpal.ai\/diversity-policy\/"}]}},"_links":{"self":[{"href":"https:\/\/talkpal.ai\/is\/wp-json\/wp\/v2\/pages\/153194","targetHints":{"allow":["GET"]}}],"collection":[{"href":"https:\/\/talkpal.ai\/is\/wp-json\/wp\/v2\/pages"}],"about":[{"href":"https:\/\/talkpal.ai\/is\/wp-json\/wp\/v2\/types\/page"}],"author":[{"embeddable":true,"href":"https:\/\/talkpal.ai\/is\/wp-json\/wp\/v2\/users\/1"}],"replies":[{"embeddable":true,"href":"https:\/\/talkpal.ai\/is\/wp-json\/wp\/v2\/comments?post=153194"}],"version-history":[{"count":0,"href":"https:\/\/talkpal.ai\/is\/wp-json\/wp\/v2\/pages\/153194\/revisions"}],"wp:featuredmedia":[{"embeddable":true,"href":"https:\/\/talkpal.ai\/is\/wp-json\/wp\/v2\/media\/121046"}],"wp:attachment":[{"href":"https:\/\/talkpal.ai\/is\/wp-json\/wp\/v2\/media?parent=153194"}],"curies":[{"name":"wp","href":"https:\/\/api.w.org\/{rel}","templated":true}]}}