{"id":152885,"date":"2023-05-14T14:23:21","date_gmt":"2023-05-14T14:23:21","guid":{"rendered":"http:\/\/talkpal.ai\/tagalog-malfraedi\/"},"modified":"2025-12-17T15:39:19","modified_gmt":"2025-12-17T15:39:19","slug":"tagalog-malfraedi","status":"publish","type":"page","link":"https:\/\/talkpal.ai\/is\/tagalog-malfraedi\/","title":{"rendered":"Tagalog M\u00e1lfr\u00e6\u00f0i"},"content":{"rendered":"\r\n\r\n\r\n<section class=\"languageChallengeSection\">\r\n    <div class=\"languageInfoWrapper\">\r\n        \r\n        <h1>Tagalog M\u00e1lfr\u00e6\u00f0i<\/h1>\r\n        <p>Spenntur a\u00f0 l\u00e6ra <a href=\"https:\/\/talkpal.ai\/learn-tagalog\/\">tagalog<\/a>? Sko\u00f0a\u00f0u <a href=\"https:\/\/talkpal.ai\/tagalog-grammar\/\">tagalog m\u00e1lfr\u00e6\u00f0i<\/a>, \u00fear sem einst\u00f6k sagnf\u00f3kuskerfi, sveigjanleg setningar\u00f6\u00f0 og gagnlegar agnir skapa tungum\u00e1l sem er jafn svipmiki\u00f0 og \u00fea\u00f0 er \u00e1hugavert. Byrja\u00f0u fer\u00f0 \u00fe\u00edna n\u00fana &#8211; a\u00f0 n\u00e1 t\u00f6kum \u00e1 <a href=\"https:\/\/talkpal.ai\/learn-tagalog\/\">tagalog<\/a> <a href=\"https:\/\/talkpal.ai\/grammar\/\">m\u00e1lfr\u00e6\u00f0i<\/a> mun styrkja \u00feig til a\u00f0 eiga samskipti af \u00f6ryggi og s\u00f6kkva \u00fe\u00e9r ni\u00f0ur \u00ed l\u00edflega menningu Filippseyja!<\/p>\r\n\r\n                            <a class=\"getStartedHidden\" href=\"https:\/\/app.talkpal.ai\/signup?lng=\">Byrja\u00f0u<\/a>\r\n        \r\n    <\/div>\r\n\r\n    <figure>\r\n    <img decoding=\"async\" width=\"768\" height=\"768\" src=\"https:\/\/talkpal.ai\/wp-content\/uploads\/2023\/06\/tagalog-768x768.png\" class=\"languageImage no-lazy\" alt=\"Overcoming challenges in language learning\" fetchpriority=\"high\" sizes=\"(max-width: 768px) 150px, 768px\" srcset=\"https:\/\/talkpal.ai\/wp-content\/uploads\/2023\/06\/tagalog-768x768.png 768w, https:\/\/talkpal.ai\/wp-content\/uploads\/2023\/06\/tagalog-300x300.png 300w\" \/>\r\n    \r\n\r\n    <\/figure>\r\n\r\n            <a class=\"getStartedVisible\" href=\"https:\/\/app.talkpal.ai\/signup?lng=\">Byrja\u00f0u<\/a>\r\n    \r\n<\/section>\r\n<section class=\"promotionalBanner\">\r\n    <p class=\"promotionalText\">Skilvirkasta lei\u00f0in til a\u00f0 l\u00e6ra tungum\u00e1l<\/p>\r\n    <a class=\"promotionalLink\" href=\"https:\/\/app.talkpal.ai\/signup?lng=\">Pr\u00f3fa\u00f0u Talkpal \u00f3keypis<\/a>\r\n<\/section>\n<div class=\"wp-block-group pageContainerStyle\"><div class=\"wp-block-group__inner-container is-layout-constrained wp-block-group-is-layout-constrained\">\n<h1 class=\"wp-block-heading\" id=\"h-tagalog-grammar-get-to-know-the-heart-of-filipino-language\">Tagalog m\u00e1lfr\u00e6\u00f0i: Kynntu \u00fe\u00e9r hjarta filippseysku tungum\u00e1lsins<\/h1>\n\n\n\n<p>Tagalog, grunnurinn a\u00f0 \u00fej\u00f3\u00f0tungu Filippseyja, Filipino, er tala\u00f0 af millj\u00f3num manna um allan heim. Til a\u00f0 l\u00e6ra tagalog ver\u00f0ur \u00fe\u00fa fyrst a\u00f0 skilja fl\u00f3kna og heillandi m\u00e1lfr\u00e6\u00f0i \u00feess. \u00cd \u00feessari grein munum vi\u00f0 kafa ofan \u00ed grundvallar\u00fe\u00e6tti <a href=\"https:\/\/talkpal.ai\/tagalog-grammar\/\">tagalog m\u00e1lfr\u00e6\u00f0i<\/a> og hj\u00e1lpa \u00fe\u00e9r a\u00f0 meta \u00feetta fallega tungum\u00e1l \u00e1 samtalslegan og vinalegan h\u00e1tt.<\/p>\n\n\n\n<h3 class=\"wp-block-heading\" id=\"h-1-nouns-genderless-countable-and-uncountable\">1. Nafnor\u00f0 \u2013 Kynlaus, teljanleg og \u00f3teljanleg<\/h3>\n\n\n\n<p>\u00c1 tagalog eru nafnor\u00f0 (pangngalan) ekki flokku\u00f0 eftir kyni, sem gerir \u00fea\u00f0 au\u00f0veldara a\u00f0 stj\u00f3rna en sum \u00f6nnur tungum\u00e1l. Algeng nafnor\u00f0 v\u00edsa til f\u00f3lks, d\u00fdra, sta\u00f0a, hluta e\u00f0a hugmynda, me\u00f0 s\u00e9rn\u00f6fnum sem t\u00e1kna \u00e1kve\u00f0in n\u00f6fn. \u00de\u00fa munt hitta b\u00e6\u00f0i talanlega (tahanan, sem \u00fe\u00fd\u00f0ir \u201eh\u00fas\u201c) og \u00f3teljandi nafnor\u00f0 (tubig, sem \u00fe\u00fd\u00f0ir \u201evatn\u201c). Einnig er h\u00e6gt a\u00f0 breyta nafnor\u00f0um \u00ed fleirt\u00f6luform me\u00f0 \u00fev\u00ed a\u00f0 b\u00e6ta vi\u00f0 s\u00e9rst\u00f6kum merkjum eins og \u201emga\u201c.<\/p>\n\n\n\n<h3 class=\"wp-block-heading\" id=\"h-2-adjectives-describing-with-flair\">2. L\u00fdsingaror\u00f0 &#8211; A\u00f0 l\u00fdsa me\u00f0 h\u00e6fileikum<\/h3>\n\n\n\n<p>L\u00fdsingaror\u00f0 (pang-uri) veita frekari uppl\u00fdsingar um nafnor\u00f0, me\u00f0 nokkrum lei\u00f0um til a\u00f0 nota l\u00fdsingaror\u00f0 \u00e1 tagalog. Samanbur\u00f0ur \u00e1 nafnor\u00f0um er n\u00e1\u00f0 me\u00f0 l\u00fdsingaror\u00f0um me\u00f0 \u00fev\u00ed a\u00f0 nota merkin \u201emas\u201c og \u201epinaka\u201c til a\u00f0 b\u00faa til samanbur\u00f0ar- og yfirbur\u00f0agr\u00e1\u00f0ur. Til d\u00e6mis \u00fe\u00fd\u00f0ir \u201emaganda\u201c \u201efallegt,\u201c \u00e1 me\u00f0an \u201emas maganda\u201c \u00fe\u00fd\u00f0ir \u201efallegri\u201c og \u201epinakamaganda\u201c \u00fe\u00fd\u00f0ir \u201efegurst.<\/p>\n\n\n\n<h3 class=\"wp-block-heading\" id=\"h-3-pronouns-keeping-it-personal\">3. Forn\u00f6fn &#8211; Haltu \u00fev\u00ed pers\u00f3nulegu<\/h3>\n\n\n\n<p>Tagalog m\u00e1lfr\u00e6\u00f0i samanstendur af pers\u00f3nulegum, eignarhaldslegum, s\u00fdnilegum, spyrjandi og afst\u00e6\u00f0um forn\u00f6fnum. Pers\u00f3nuforn\u00f6fn eru \u00ed \u00feremur tilvikum: nafnor\u00f0 (gefur til kynna vi\u00f0fangsefni\u00f0), genitive (gefur til kynna eignarhald) og \u00e1sakandi (gefur til kynna hlutinn). S\u00fdndarforn\u00f6fn, eins og \u201eito\u201c (\u00feetta) og \u201eiyan\u201c (\u00fea\u00f0), eru notu\u00f0 til a\u00f0 benda \u00e1 \u00e1kve\u00f0na hluti, en spurnarforn\u00f6fn eru notu\u00f0 til a\u00f0 spyrja spurninga.<\/p>\n\n\n\n<h3 class=\"wp-block-heading\" id=\"h-4-verbs-conjugation-and-focus\">4. Sagnir \u2013 Samtenging og f\u00f3kus<\/h3>\n\n\n\n<p>Tagalog sagnir (pandiwa) gegna mikilv\u00e6gu hlutverki \u00ed setningager\u00f0 og beyging \u00feeirra er greinileg. \u00cd sta\u00f0 spennubreytinga fela sagnbeygingar \u00ed tagalog \u00ed s\u00e9r hli\u00f0arbreytingar. \u00dea\u00f0 eru \u00fer\u00edr sagn\u00fe\u00e6ttir: loki\u00f0 (fullkomnun), \u00f3loki\u00f0 (\u00f3fullkomi\u00f0) og \u00edhuga\u00f0 (framt\u00ed\u00f0).  <\/p>\n\n\n\n<p>\u00dear a\u00f0 auki hefur Tagalog einstakt f\u00f3kuskerfi sem tengist s\u00f6gnum. \u00cd \u00feessu kerfi breytist s\u00f6gnin form eftir \u00fev\u00ed hva\u00f0a hluta setningarinnar er beint a\u00f0, svo sem hlut, efni e\u00f0a stefnu a\u00f0ger\u00f0arinnar. Lykilmerki eins og \u201eum-\u201c, \u201emag-\u201c og \u201e-in\u201c hj\u00e1lpa til vi\u00f0 a\u00f0 mi\u00f0la \u00fdmsum bl\u00e6brig\u00f0um innan setninga.<\/p>\n\n\n\n<h3 class=\"wp-block-heading\" id=\"h-5-embracing-the-journey\">5. Fa\u00f0ma fer\u00f0ina<\/h3>\n\n\n\n<p>A\u00f0 l\u00e6ra tagalog m\u00e1lfr\u00e6\u00f0i krefst t\u00edma, fyrirhafnar og snertingar af \u00feolinm\u00e6\u00f0i. Hins vegar veitir s\u00e9rsta\u00f0a \u00feess, \u00feegar \u00fea\u00f0 hefur n\u00e1\u00f0 t\u00f6kum \u00e1, \u00f3vi\u00f0jafnanlega inns\u00fdn \u00ed filippseyska menningu og arfleif\u00f0. Haltu opnum huga, \u00e6f\u00f0u \u00feig st\u00f6\u00f0ugt og ekki vera hr\u00e6ddur vi\u00f0 a\u00f0 <a href=\"https:\/\/talkpal.ai\/locations\/language-courses-in-gera\/\">gera<\/a> mist\u00f6k me\u00f0an \u00fe\u00fa talar.<\/p>\n\n\n\n<p>\u00deegar \u00fe\u00fa kafar d\u00fdpra \u00ed bl\u00e6brig\u00f0i tagalog m\u00e1lfr\u00e6\u00f0innar, gef\u00f0u \u00fe\u00e9r t\u00edma til a\u00f0 nj\u00f3ta l\u00edfsins og au\u00f0leg\u00f0ar sem h\u00fan b\u00fd\u00f0ur upp \u00e1. Nj\u00f3ttu skilnings \u00fe\u00edns \u00e1 margbreytileikanum sem gera \u00feetta tungum\u00e1l sannarlega einstakt. Maligayang pag-aaral &#8211; hamingjusamur <a href=\"https:\/\/talkpal.ai\/is\/laerdomur\/\">l\u00e6rd\u00f3mur<\/a>!<\/p>\n<\/div><\/div>\n\r\n<section class=\"learnNavigationSection\">\r\n            \r\n        <a href=\"https:\/\/talkpal.ai\/is\/laerdu-tagalog\/\">\r\n            <div class=\"learnNavigationWrapper\">\r\n                <div class=\"learnNavigationContent\">\r\n                    <img decoding=\"async\" src=\"https:\/\/talkpal.ai\/wp-content\/uploads\/2024\/08\/Tagalog.jpg\" alt=\"Philippines Flag\">\r\n                    <div>\r\n                        <h4>Um Tagalog Learning<\/h4>\r\n                        <p>Finndu \u00fat allt um Tagalog m\u00e1lfr\u00e6\u00f0i.<\/p>\r\n                    <\/div>\r\n                <\/div>\r\n            <\/div>\r\n        <\/a>\r\n\r\n        \r\n        <a href=\"https:\/\/talkpal.ai\/is\/tagalog-malfraedi-aefingar\/\">\r\n            <div class=\"learnNavigationWrapper\">\r\n                <div class=\"learnNavigationContent\">\r\n                    <img decoding=\"async\" src=\"https:\/\/talkpal.ai\/wp-content\/uploads\/2024\/08\/Tagalog.jpg\" alt=\"Philippines Flag\">\r\n                    <div>\r\n                        <h4>Tagalog m\u00e1lfr\u00e6\u00f0i\u00e6fing<\/h4>\r\n                        <p>\u00c6f\u00f0u Tagalog m\u00e1lfr\u00e6\u00f0i.<\/p>\r\n                    <\/div>\r\n                <\/div>\r\n            <\/div>\r\n        <\/a>\r\n\r\n        \r\n        <a href=\"https:\/\/talkpal.ai\/vocabulary_language\/tagalog\/\">\r\n            <div class=\"learnNavigationWrapper\">\r\n                <div class=\"learnNavigationContent\">\r\n                    <img decoding=\"async\" src=\"https:\/\/talkpal.ai\/wp-content\/uploads\/2024\/08\/Tagalog.jpg\" alt=\"Philippines Flag\">\r\n                    <div>\r\n                        <h4>Tagalog or\u00f0afor\u00f0i<\/h4>\r\n                        <p>St\u00e6kka\u00f0u Tagalog or\u00f0afor\u00f0a \u00feinn.<\/p>\r\n                    <\/div>\r\n                <\/div>\r\n            <\/div>\r\n        <\/a>\r\n\r\n            <\/section>","protected":false},"excerpt":{"rendered":"<p>Tagalog m\u00e1lfr\u00e6\u00f0i: Kynntu \u00fe\u00e9r hjarta filippseysku tungum\u00e1lsins Tagalog, grunnurinn a\u00f0 \u00fej\u00f3\u00f0tungu Filippseyja, Filipino, er tala\u00f0 af millj\u00f3num manna um allan heim. Til a\u00f0 l\u00e6ra tagalog ver\u00f0ur \u00fe\u00fa fyrst a\u00f0 skilja fl\u00f3kna og heillandi m\u00e1lfr\u00e6\u00f0i \u00feess. \u00cd \u00feessari grein munum vi\u00f0 kafa ofan \u00ed grundvallar\u00fe\u00e6tti tagalog m\u00e1lfr\u00e6\u00f0i og hj\u00e1lpa \u00fe\u00e9r a\u00f0 meta \u00feetta fallega tungum\u00e1l \u00e1 [&hellip;]<\/p>\n","protected":false},"author":1,"featured_media":120087,"parent":0,"menu_order":0,"comment_status":"closed","ping_status":"closed","template":"LearningContentPage.php","meta":{"_acf_changed":false,"footnotes":""},"class_list":["post-152885","page","type-page","status-publish","has-post-thumbnail","hentry"],"acf":[],"yoast_head":"<!-- This site is optimized with the Yoast SEO Premium plugin v27.2 (Yoast SEO v27.2) - https:\/\/yoast.com\/product\/yoast-seo-premium-wordpress\/ -->\n<title>Tagalog M\u00e1lfr\u00e6\u00f0i - Talkpal<\/title>\n<meta name=\"description\" content=\"Sko\u00f0a\u00f0u tagalog m\u00e1lfr\u00e6\u00f0i nau\u00f0synjar og l\u00e6r\u00f0u hvernig \u00e1 a\u00f0 meta \u00feetta fallega tungum\u00e1l \u00e1 einfaldan og vinalegan h\u00e1tt.\" \/>\n<meta name=\"robots\" content=\"index, follow, max-snippet:-1, max-image-preview:large, max-video-preview:-1\" \/>\n<link rel=\"canonical\" href=\"https:\/\/talkpal.ai\/is\/tagalog-malfraedi\/\" \/>\n<meta property=\"og:locale\" content=\"is_IS\" \/>\n<meta property=\"og:type\" content=\"article\" \/>\n<meta property=\"og:title\" content=\"Tagalog M\u00e1lfr\u00e6\u00f0i\" \/>\n<meta property=\"og:description\" content=\"Tagalog m\u00e1lfr\u00e6\u00f0i: Kynntu \u00fe\u00e9r hjarta filippseysku tungum\u00e1lsins Tagalog, grunnurinn a\u00f0 \u00fej\u00f3\u00f0tungu Filippseyja, Filipino, er tala\u00f0 af millj\u00f3num manna um allan\" \/>\n<meta property=\"og:url\" content=\"https:\/\/talkpal.ai\/is\/tagalog-malfraedi\/\" \/>\n<meta property=\"og:site_name\" content=\"Talkpal\" \/>\n<meta property=\"article:publisher\" content=\"https:\/\/www.facebook.com\/profile.php?id=100090733639311\" \/>\n<meta property=\"article:modified_time\" content=\"2025-12-17T15:39:19+00:00\" \/>\n<meta property=\"og:image\" content=\"https:\/\/talkpal.ai\/wp-content\/uploads\/2023\/05\/Tagalog-philippines.png\" \/>\n\t<meta property=\"og:image:width\" content=\"512\" \/>\n\t<meta property=\"og:image:height\" content=\"512\" \/>\n\t<meta property=\"og:image:type\" content=\"image\/png\" \/>\n<meta name=\"twitter:card\" content=\"summary_large_image\" \/>\n<meta name=\"twitter:site\" content=\"@talkpalai\" \/>\n<meta name=\"twitter:label1\" content=\"Est. reading time\" \/>\n\t<meta name=\"twitter:data1\" content=\"3 minutes\" \/>\n<script type=\"application\/ld+json\" class=\"yoast-schema-graph\">{\"@context\":\"https:\/\/schema.org\",\"@graph\":[{\"@type\":\"WebPage\",\"@id\":\"https:\/\/talkpal.ai\/is\/tagalog-malfraedi\/\",\"url\":\"https:\/\/talkpal.ai\/is\/tagalog-malfraedi\/\",\"name\":\"Tagalog M\u00e1lfr\u00e6\u00f0i - Talkpal\",\"isPartOf\":{\"@id\":\"https:\/\/talkpal.ai\/is\/#website\"},\"primaryImageOfPage\":{\"@id\":\"https:\/\/talkpal.ai\/is\/tagalog-malfraedi\/#primaryimage\"},\"image\":{\"@id\":\"https:\/\/talkpal.ai\/is\/tagalog-malfraedi\/#primaryimage\"},\"thumbnailUrl\":\"https:\/\/talkpal.ai\/wp-content\/uploads\/2023\/05\/Tagalog-philippines.png\",\"datePublished\":\"2023-05-14T14:23:21+00:00\",\"dateModified\":\"2025-12-17T15:39:19+00:00\",\"description\":\"Sko\u00f0a\u00f0u tagalog m\u00e1lfr\u00e6\u00f0i nau\u00f0synjar og l\u00e6r\u00f0u hvernig \u00e1 a\u00f0 meta \u00feetta fallega tungum\u00e1l \u00e1 einfaldan og vinalegan h\u00e1tt.\",\"breadcrumb\":{\"@id\":\"https:\/\/talkpal.ai\/is\/tagalog-malfraedi\/#breadcrumb\"},\"inLanguage\":\"is\",\"potentialAction\":[{\"@type\":\"ReadAction\",\"target\":[\"https:\/\/talkpal.ai\/is\/tagalog-malfraedi\/\"]}]},{\"@type\":\"ImageObject\",\"inLanguage\":\"is\",\"@id\":\"https:\/\/talkpal.ai\/is\/tagalog-malfraedi\/#primaryimage\",\"url\":\"https:\/\/talkpal.ai\/wp-content\/uploads\/2023\/05\/Tagalog-philippines.png\",\"contentUrl\":\"https:\/\/talkpal.ai\/wp-content\/uploads\/2023\/05\/Tagalog-philippines.png\",\"width\":512,\"height\":512},{\"@type\":\"BreadcrumbList\",\"@id\":\"https:\/\/talkpal.ai\/is\/tagalog-malfraedi\/#breadcrumb\",\"itemListElement\":[{\"@type\":\"ListItem\",\"position\":1,\"name\":\"Homepage\",\"item\":\"https:\/\/talkpal.ai\/is\/\"},{\"@type\":\"ListItem\",\"position\":2,\"name\":\"Tagalog M\u00e1lfr\u00e6\u00f0i\"}]},{\"@type\":\"WebSite\",\"@id\":\"https:\/\/talkpal.ai\/is\/#website\",\"url\":\"https:\/\/talkpal.ai\/is\/\",\"name\":\"Talkpal\",\"description\":\"AI Language Learning\",\"publisher\":{\"@id\":\"https:\/\/talkpal.ai\/is\/#organization\"},\"alternateName\":\"Talkpal AI\",\"potentialAction\":[{\"@type\":\"SearchAction\",\"target\":{\"@type\":\"EntryPoint\",\"urlTemplate\":\"https:\/\/talkpal.ai\/is\/?s={search_term_string}\"},\"query-input\":{\"@type\":\"PropertyValueSpecification\",\"valueRequired\":true,\"valueName\":\"search_term_string\"}}],\"inLanguage\":\"is\"},{\"@type\":\"Organization\",\"@id\":\"https:\/\/talkpal.ai\/is\/#organization\",\"name\":\"Talkpal, Inc.\",\"alternateName\":\"Talkpal AI\",\"url\":\"https:\/\/talkpal.ai\/is\/\",\"logo\":{\"@type\":\"ImageObject\",\"inLanguage\":\"is\",\"@id\":\"https:\/\/talkpal.ai\/is\/#\/schema\/logo\/image\/\",\"url\":\"https:\/\/talkpal.ai\/wp-content\/uploads\/2024\/03\/Talkpal-Logo-Icon.png\",\"contentUrl\":\"https:\/\/talkpal.ai\/wp-content\/uploads\/2024\/03\/Talkpal-Logo-Icon.png\",\"width\":2880,\"height\":2880,\"caption\":\"Talkpal, Inc.\"},\"image\":{\"@id\":\"https:\/\/talkpal.ai\/is\/#\/schema\/logo\/image\/\"},\"sameAs\":[\"https:\/\/www.facebook.com\/profile.php?id=100090733639311\",\"https:\/\/x.com\/talkpalai\",\"https:\/\/www.linkedin.com\/company\/talkpal\/\",\"https:\/\/www.youtube.com\/@TalkPal\/\",\"https:\/\/www.tiktok.com\/@talkpal\",\"https:\/\/www.instagram.com\/talkpal_ai\/\",\"https:\/\/www.crunchbase.com\/organization\/talkpal-9cde\",\"https:\/\/www.g2.com\/products\/talkpal-for-business\/\",\"https:\/\/www.trustpilot.com\/review\/talkpal.ai\",\"https:\/\/www.capterra.com\/p\/10006800\/TalkPal\/\"],\"description\":\"Talkpal is a language learning web and mobile education app, powered by the latest AI technologies, that provides engaging experiences to its customers in many different languages to help them improve their language skills. Users can chat about unlimited amount of topics with the app and use other modes to practice their language learning.\",\"email\":\"support@talkpal.ai\",\"legalName\":\"Talkpal, Inc.\",\"foundingDate\":\"2023-04-03\",\"duns\":\"118989042\",\"numberOfEmployees\":{\"@type\":\"QuantitativeValue\",\"minValue\":\"11\",\"maxValue\":\"50\"},\"publishingPrinciples\":\"https:\/\/talkpal.ai\/publishing-principles\/\",\"actionableFeedbackPolicy\":\"https:\/\/talkpal.ai\/actionable-feedback-policy\/\",\"correctionsPolicy\":\"https:\/\/talkpal.ai\/corrections-policy\/\",\"ethicsPolicy\":\"https:\/\/talkpal.ai\/ethics-policy\/\",\"diversityPolicy\":\"https:\/\/talkpal.ai\/diversity-policy\/\",\"diversityStaffingReport\":\"https:\/\/talkpal.ai\/diversity-policy\/\"}]}<\/script>\n<!-- \/ Yoast SEO Premium plugin. -->","yoast_head_json":{"title":"Tagalog M\u00e1lfr\u00e6\u00f0i - Talkpal","description":"Sko\u00f0a\u00f0u tagalog m\u00e1lfr\u00e6\u00f0i nau\u00f0synjar og l\u00e6r\u00f0u hvernig \u00e1 a\u00f0 meta \u00feetta fallega tungum\u00e1l \u00e1 einfaldan og vinalegan h\u00e1tt.","robots":{"index":"index","follow":"follow","max-snippet":"max-snippet:-1","max-image-preview":"max-image-preview:large","max-video-preview":"max-video-preview:-1"},"canonical":"https:\/\/talkpal.ai\/is\/tagalog-malfraedi\/","og_locale":"is_IS","og_type":"article","og_title":"Tagalog M\u00e1lfr\u00e6\u00f0i","og_description":"Tagalog m\u00e1lfr\u00e6\u00f0i: Kynntu \u00fe\u00e9r hjarta filippseysku tungum\u00e1lsins Tagalog, grunnurinn a\u00f0 \u00fej\u00f3\u00f0tungu Filippseyja, Filipino, er tala\u00f0 af millj\u00f3num manna um allan","og_url":"https:\/\/talkpal.ai\/is\/tagalog-malfraedi\/","og_site_name":"Talkpal","article_publisher":"https:\/\/www.facebook.com\/profile.php?id=100090733639311","article_modified_time":"2025-12-17T15:39:19+00:00","og_image":[{"width":512,"height":512,"url":"https:\/\/talkpal.ai\/wp-content\/uploads\/2023\/05\/Tagalog-philippines.png","type":"image\/png"}],"twitter_card":"summary_large_image","twitter_site":"@talkpalai","twitter_misc":{"Est. reading time":"3 minutes"},"schema":{"@context":"https:\/\/schema.org","@graph":[{"@type":"WebPage","@id":"https:\/\/talkpal.ai\/is\/tagalog-malfraedi\/","url":"https:\/\/talkpal.ai\/is\/tagalog-malfraedi\/","name":"Tagalog M\u00e1lfr\u00e6\u00f0i - Talkpal","isPartOf":{"@id":"https:\/\/talkpal.ai\/is\/#website"},"primaryImageOfPage":{"@id":"https:\/\/talkpal.ai\/is\/tagalog-malfraedi\/#primaryimage"},"image":{"@id":"https:\/\/talkpal.ai\/is\/tagalog-malfraedi\/#primaryimage"},"thumbnailUrl":"https:\/\/talkpal.ai\/wp-content\/uploads\/2023\/05\/Tagalog-philippines.png","datePublished":"2023-05-14T14:23:21+00:00","dateModified":"2025-12-17T15:39:19+00:00","description":"Sko\u00f0a\u00f0u tagalog m\u00e1lfr\u00e6\u00f0i nau\u00f0synjar og l\u00e6r\u00f0u hvernig \u00e1 a\u00f0 meta \u00feetta fallega tungum\u00e1l \u00e1 einfaldan og vinalegan h\u00e1tt.","breadcrumb":{"@id":"https:\/\/talkpal.ai\/is\/tagalog-malfraedi\/#breadcrumb"},"inLanguage":"is","potentialAction":[{"@type":"ReadAction","target":["https:\/\/talkpal.ai\/is\/tagalog-malfraedi\/"]}]},{"@type":"ImageObject","inLanguage":"is","@id":"https:\/\/talkpal.ai\/is\/tagalog-malfraedi\/#primaryimage","url":"https:\/\/talkpal.ai\/wp-content\/uploads\/2023\/05\/Tagalog-philippines.png","contentUrl":"https:\/\/talkpal.ai\/wp-content\/uploads\/2023\/05\/Tagalog-philippines.png","width":512,"height":512},{"@type":"BreadcrumbList","@id":"https:\/\/talkpal.ai\/is\/tagalog-malfraedi\/#breadcrumb","itemListElement":[{"@type":"ListItem","position":1,"name":"Homepage","item":"https:\/\/talkpal.ai\/is\/"},{"@type":"ListItem","position":2,"name":"Tagalog M\u00e1lfr\u00e6\u00f0i"}]},{"@type":"WebSite","@id":"https:\/\/talkpal.ai\/is\/#website","url":"https:\/\/talkpal.ai\/is\/","name":"Talkpal","description":"AI Language Learning","publisher":{"@id":"https:\/\/talkpal.ai\/is\/#organization"},"alternateName":"Talkpal AI","potentialAction":[{"@type":"SearchAction","target":{"@type":"EntryPoint","urlTemplate":"https:\/\/talkpal.ai\/is\/?s={search_term_string}"},"query-input":{"@type":"PropertyValueSpecification","valueRequired":true,"valueName":"search_term_string"}}],"inLanguage":"is"},{"@type":"Organization","@id":"https:\/\/talkpal.ai\/is\/#organization","name":"Talkpal, Inc.","alternateName":"Talkpal AI","url":"https:\/\/talkpal.ai\/is\/","logo":{"@type":"ImageObject","inLanguage":"is","@id":"https:\/\/talkpal.ai\/is\/#\/schema\/logo\/image\/","url":"https:\/\/talkpal.ai\/wp-content\/uploads\/2024\/03\/Talkpal-Logo-Icon.png","contentUrl":"https:\/\/talkpal.ai\/wp-content\/uploads\/2024\/03\/Talkpal-Logo-Icon.png","width":2880,"height":2880,"caption":"Talkpal, Inc."},"image":{"@id":"https:\/\/talkpal.ai\/is\/#\/schema\/logo\/image\/"},"sameAs":["https:\/\/www.facebook.com\/profile.php?id=100090733639311","https:\/\/x.com\/talkpalai","https:\/\/www.linkedin.com\/company\/talkpal\/","https:\/\/www.youtube.com\/@TalkPal\/","https:\/\/www.tiktok.com\/@talkpal","https:\/\/www.instagram.com\/talkpal_ai\/","https:\/\/www.crunchbase.com\/organization\/talkpal-9cde","https:\/\/www.g2.com\/products\/talkpal-for-business\/","https:\/\/www.trustpilot.com\/review\/talkpal.ai","https:\/\/www.capterra.com\/p\/10006800\/TalkPal\/"],"description":"Talkpal is a language learning web and mobile education app, powered by the latest AI technologies, that provides engaging experiences to its customers in many different languages to help them improve their language skills. Users can chat about unlimited amount of topics with the app and use other modes to practice their language learning.","email":"support@talkpal.ai","legalName":"Talkpal, Inc.","foundingDate":"2023-04-03","duns":"118989042","numberOfEmployees":{"@type":"QuantitativeValue","minValue":"11","maxValue":"50"},"publishingPrinciples":"https:\/\/talkpal.ai\/publishing-principles\/","actionableFeedbackPolicy":"https:\/\/talkpal.ai\/actionable-feedback-policy\/","correctionsPolicy":"https:\/\/talkpal.ai\/corrections-policy\/","ethicsPolicy":"https:\/\/talkpal.ai\/ethics-policy\/","diversityPolicy":"https:\/\/talkpal.ai\/diversity-policy\/","diversityStaffingReport":"https:\/\/talkpal.ai\/diversity-policy\/"}]}},"_links":{"self":[{"href":"https:\/\/talkpal.ai\/is\/wp-json\/wp\/v2\/pages\/152885","targetHints":{"allow":["GET"]}}],"collection":[{"href":"https:\/\/talkpal.ai\/is\/wp-json\/wp\/v2\/pages"}],"about":[{"href":"https:\/\/talkpal.ai\/is\/wp-json\/wp\/v2\/types\/page"}],"author":[{"embeddable":true,"href":"https:\/\/talkpal.ai\/is\/wp-json\/wp\/v2\/users\/1"}],"replies":[{"embeddable":true,"href":"https:\/\/talkpal.ai\/is\/wp-json\/wp\/v2\/comments?post=152885"}],"version-history":[{"count":0,"href":"https:\/\/talkpal.ai\/is\/wp-json\/wp\/v2\/pages\/152885\/revisions"}],"wp:featuredmedia":[{"embeddable":true,"href":"https:\/\/talkpal.ai\/is\/wp-json\/wp\/v2\/media\/120087"}],"wp:attachment":[{"href":"https:\/\/talkpal.ai\/is\/wp-json\/wp\/v2\/media?parent=152885"}],"curies":[{"name":"wp","href":"https:\/\/api.w.org\/{rel}","templated":true}]}}