{"id":152589,"date":"2023-05-14T14:23:00","date_gmt":"2023-05-14T14:23:00","guid":{"rendered":"http:\/\/talkpal.ai\/vietnomsk-malfraedi\/"},"modified":"2025-12-12T11:04:37","modified_gmt":"2025-12-12T11:04:37","slug":"vietnomsk-malfraedi","status":"publish","type":"page","link":"https:\/\/talkpal.ai\/is\/vietnomsk-malfraedi\/","title":{"rendered":"v\u00edetn\u00f6msk m\u00e1lfr\u00e6\u00f0i"},"content":{"rendered":"\r\n\r\n\r\n<section class=\"languageChallengeSection\">\r\n    <div class=\"languageInfoWrapper\">\r\n        \r\n        <h1>v\u00edetn\u00f6msk m\u00e1lfr\u00e6\u00f0i<\/h1>\r\n        <p>V\u00edetn\u00f6msk <a href=\"https:\/\/talkpal.ai\/grammar\/\">m\u00e1lfr\u00e6\u00f0i<\/a> er \u00feekkt fyrir einfaldleika sinn og r\u00f6kr\u00e9tta uppbyggingu, sem gerir hana a\u00f0gengilega fyrir n\u00fdja nemendur. Me\u00f0 r\u00f3m\u00f6nsku stafr\u00f3fi, engum sagnor\u00f0abeygingum og l\u00e1gmarksnotkun fleirt\u00f6lu geta nemendur flj\u00f3tt einbeitt s\u00e9r a\u00f0 \u00fev\u00ed a\u00f0 byggja upp or\u00f0afor\u00f0a og samr\u00e6\u00f0uh\u00e6fni. A\u00f0 kanna <a href=\"https:\/\/talkpal.ai\/learn-vietnamese\/\">v\u00edetnamska<\/a> sn\u00fdst ekki bara um a\u00f0 l\u00e6ra tungum\u00e1li\u00f0 &#8211; \u00fea\u00f0 opnar l\u00edka glugga inn \u00ed r\u00edka menningu og s\u00f6gu landsins.<\/p>\r\n\r\n                            <a class=\"getStartedHidden\" href=\"https:\/\/app.talkpal.ai\/signup?lng=\">Byrja\u00f0u<\/a>\r\n        \r\n    <\/div>\r\n\r\n    <figure>\r\n    <img decoding=\"async\" width=\"768\" height=\"768\" src=\"https:\/\/talkpal.ai\/wp-content\/uploads\/2023\/06\/vietnamese-768x768.png\" class=\"languageImage no-lazy\" alt=\"Language learning for extensive cultural knowledge\" fetchpriority=\"high\" sizes=\"(max-width: 768px) 150px, 768px\" srcset=\"https:\/\/talkpal.ai\/wp-content\/uploads\/2023\/06\/vietnamese-768x768.png 768w, https:\/\/talkpal.ai\/wp-content\/uploads\/2023\/06\/vietnamese-300x300.png 300w\" \/>\r\n    \r\n\r\n    <\/figure>\r\n\r\n            <a class=\"getStartedVisible\" href=\"https:\/\/app.talkpal.ai\/signup?lng=\">Byrja\u00f0u<\/a>\r\n    \r\n<\/section>\r\n<section class=\"promotionalBanner\">\r\n    <p class=\"promotionalText\">Skilvirkasta lei\u00f0in til a\u00f0 l\u00e6ra tungum\u00e1l<\/p>\r\n    <a class=\"promotionalLink\" href=\"https:\/\/app.talkpal.ai\/signup?lng=\">Pr\u00f3fa\u00f0u Talkpal \u00f3keypis<\/a>\r\n<\/section>\n<div class=\"wp-block-group pageContainerStyle\"><div class=\"wp-block-group__inner-container is-layout-constrained wp-block-group-is-layout-constrained\">\n<h2 class=\"wp-block-heading\" id=\"h-the-intricacies-of-vietnamese-grammar-an-engaging-exploration\">Ranghalar v\u00edetnamskrar m\u00e1lfr\u00e6\u00f0i: gr\u00edpandi k\u00f6nnun<\/h2>\n\n\n\n<p>V\u00edetnamska tungum\u00e1li\u00f0, me\u00f0 dj\u00fapar s\u00f6gulegar r\u00e6tur og einstakan menningarlegan bakgrunn, b\u00fd\u00f0ur upp \u00e1 t\u00e6landi \u00e6vint\u00fdri fyrir m\u00e1lfr\u00e6\u00f0inga og tungum\u00e1lanemendur. \u00de\u00f3 a\u00f0 v\u00edetn\u00f6msk m\u00e1lfr\u00e6\u00f0i g\u00e6ti upphaflega komi\u00f0 fram sem \u00e1skorun, \u00fe\u00e1 ry\u00f0ja einf\u00f6ld r\u00f6kfr\u00e6\u00f0i hennar og samkv\u00e6mni brautina fyrir spennandi n\u00e1msupplifun. Svo, b\u00fa\u00f0u \u00feig undir forvitnilega tungum\u00e1lafer\u00f0 \u00feegar vi\u00f0 k\u00f6fum ofan \u00ed s\u00e9rkenni v\u00edetnamskrar m\u00e1lfr\u00e6\u00f0i.<\/p>\n\n\n\n<h3 class=\"wp-block-heading\" id=\"h-1-the-alphabet-a-gift-from-the-past\">1. Stafr\u00f3fi\u00f0: Gj\u00f6f fr\u00e1 fort\u00ed\u00f0inni<\/h3>\n\n\n\n<p>V\u00edetnamska stafr\u00f3fi\u00f0, sem samanstendur af 29 b\u00f3kst\u00f6fum, er a\u00f0allega dregi\u00f0 af latnesku letri, me\u00f0 port\u00fag\u00f6lsku og fr\u00f6nsku upphafi. \u00de\u00f6kk s\u00e9 Qu\u1ed1c Ng\u1eef handritinu hafa umskiptin yfir \u00ed r\u00f3mverskt handrit gert stafr\u00f3fi\u00f0 kunnuglegt og a\u00f0gengilegt \u00feeim sem <a href=\"https:\/\/talkpal.ai\/locations\/language-courses-in-tala\/\">tala<\/a> \u00f6nnur latnesk tungum\u00e1l. \u00deetta gerir byrjendum kleift a\u00f0 einbeita s\u00e9r a\u00f0 einst\u00f6kum hlj\u00f3\u00f0um og frambur\u00f0i tungum\u00e1lsins.<\/p>\n\n\n\n<h3 class=\"wp-block-heading\" id=\"h-2-tones-vietnamese-s-musical-notation\">2. T\u00f3nar: N\u00f3tnaskrift v\u00edetnamska<\/h3>\n\n\n\n<p>V\u00edetnamska er t\u00f3nm\u00e1l, me\u00f0 sex s\u00e9rst\u00f6kum t\u00f3num sem breyta merkingu or\u00f0s me\u00f0 \u00fev\u00ed a\u00f0 nota \u00fdmis d\u00edrit\u00edsk merki. \u00dea\u00f0 getur veri\u00f0 krefjandi a\u00f0 n\u00e1 t\u00f6kum \u00e1 \u00feessum t\u00f3num, en \u00fea\u00f0 b\u00e6tir t\u00f3nlistarleika og bl\u00e6brig\u00f0um vi\u00f0 tungum\u00e1li\u00f0 sem gerir \u00fea\u00f0 enn meira gr\u00edpandi. \u00deolinm\u00e6\u00f0i og \u00e6fing mun <a href=\"https:\/\/talkpal.ai\/locations\/language-courses-in-gera\/\">gera<\/a> \u00fea\u00f0 fullkomi\u00f0, sem gerir \u00fe\u00e9r kleift a\u00f0 meta mel\u00f3d\u00edska fegur\u00f0 v\u00edetnamska.<\/p>\n\n\n\n<h3 class=\"wp-block-heading\" id=\"h-3-word-order-unraveling-the-vietnamese-sentence-structure\">3. Or\u00f0ar\u00f6\u00f0: A\u00f0 afhj\u00fapa v\u00edetnamska setningager\u00f0ina<\/h3>\n\n\n\n<p>Sem betur fer er v\u00edetn\u00f6msk or\u00f0ar\u00f6\u00f0 frekar einf\u00f6ld, eftir kunnuglegu Subject-Verb-Object (SVO) sni\u00f0i. \u00deessi a\u00f0gengilega uppbygging au\u00f0veldar <a href=\"https:\/\/talkpal.ai\/english-speaking-course\/\">enskum\u00e6landi<\/a> a\u00f0 mynda setningar \u00e1 v\u00edetn\u00f6msku \u00e1n \u00feess a\u00f0 upplifa mikla breytingu \u00e1 m\u00e1lv\u00edsindum. T\u00f6kum d\u00e6mi um \u201eT\u00f4i y\u00eau Vi\u1ec7t Nam! (\u00c9g elska V\u00edetnam!), \u00fear sem b\u00e6\u00f0i tungum\u00e1lin deila samhli\u00f0a byggingu.<\/p>\n\n\n\n<h3 class=\"wp-block-heading\" id=\"h-4-no-more-plural-nouns-or-verb-conjugations\">4. Ekki fleiri fleirt\u00f6lu nafnor\u00f0 e\u00f0a sagnasamtengingar<\/h3>\n\n\n\n<p>\u00cd v\u00edetn\u00f6msku breyta nafnor\u00f0 ekki formi s\u00ednu til a\u00f0 gefa til kynna fleirt\u00f6lu og sagnir haldast st\u00f6\u00f0ugar \u00f3h\u00e1\u00f0 spennu e\u00f0a efni. \u00de\u00f3 a\u00f0 \u00feetta g\u00e6ti virst ruglingslegt \u00ed fyrstu, einfaldar \u00fea\u00f0 verulega n\u00e1m m\u00e1lfr\u00e6\u00f0ireglna. \u00deess \u00ed sta\u00f0 sk\u00fdrir samhengi og notkun vi\u00f0b\u00f3taror\u00f0a merkingu setningarinnar. Svo, anda\u00f0u andvarpa af l\u00e9ttir \u00feegar \u00fe\u00fa kve\u00f0ur \u00fer\u00e6ta um samtengingu.<\/p>\n\n\n\n<h3 class=\"wp-block-heading\" id=\"h-5-immerse-yourself-in-the-vietnamese-mindset\">5. S\u00f6kkva \u00fe\u00e9r ni\u00f0ur \u00ed v\u00edetnamska hugarfari\u00f0<\/h3>\n\n\n\n<p>A\u00f0 l\u00e6ra v\u00edetn\u00f6msku sn\u00fdst ekki a\u00f0eins um a\u00f0 n\u00e1 t\u00f6kum \u00e1 m\u00e1lfr\u00e6\u00f0i hennar &#8211; \u00fea\u00f0 sn\u00fdst l\u00edka um a\u00f0 tileinka s\u00e9r hi\u00f0 menningarlega, s\u00f6gulega og f\u00e9lagslega samhengi sem hefur m\u00f3ta\u00f0 tungum\u00e1li\u00f0. Taktu \u00fe\u00e1tt \u00ed m\u00f3\u00f0urm\u00e1li, sko\u00f0a\u00f0u v\u00edetnamskar b\u00f3kmenntir og listir og reyndu a\u00f0 tengjast gildum og si\u00f0um \u00fej\u00f3\u00f0arinnar. \u00deessi heildr\u00e6na n\u00e1lgun mun ekki a\u00f0eins auka tungum\u00e1lakunn\u00e1ttu \u00fe\u00edna heldur einnig d\u00fdpka skilning \u00feinn \u00e1 marg\u00fe\u00e6ttri fegur\u00f0 V\u00edetnam.<\/p>\n\n\n\n<h3 class=\"wp-block-heading\" id=\"h-in-conclusion-relish-the-charm-of-vietnamese-grammar\">A\u00f0 lokum: Nj\u00f3ttu sjarma v\u00edetnamskrar m\u00e1lfr\u00e6\u00f0i<\/h3>\n\n\n\n<p>\u00der\u00e1tt fyrir a\u00f0 v\u00edetn\u00f6msk m\u00e1lfr\u00e6\u00f0i g\u00e6ti virst vandr\u00e6\u00f0aleg \u00e1 yfirbor\u00f0inu, b\u00fd\u00f0ur heillandi uppbygging hennar og e\u00f0lisl\u00e6gur einfaldleiki nemendum a\u00f0 leggja af sta\u00f0 \u00ed gefandi tungum\u00e1lafer\u00f0. \u00deegar \u00fe\u00fa kafar inn \u00ed heim v\u00edetn\u00f6msku muntu d\u00e1sama gl\u00e6sileika og fegur\u00f0 m\u00e1lfr\u00e6\u00f0i \u00feess og r\u00edkulega menningarteppi sem hefur m\u00f3ta\u00f0 tungum\u00e1li\u00f0 \u00ed gegnum aldirnar. Svo, far\u00f0u \u00e1 undan og kanna\u00f0u undur v\u00edetnamskrar m\u00e1lfr\u00e6\u00f0i \u00feegar \u00fe\u00fa vafrar um tungum\u00e1lalandslag \u00feessa heillandi tungum\u00e1ls.<\/p>\n<\/div><\/div>\n\r\n<section class=\"learnNavigationSection\">\r\n            \r\n        <a href=\"https:\/\/talkpal.ai\/is\/laerdu-vietnomsku\/\">\r\n            <div class=\"learnNavigationWrapper\">\r\n                <div class=\"learnNavigationContent\">\r\n                    <img decoding=\"async\" src=\"https:\/\/talkpal.ai\/wp-content\/uploads\/2024\/08\/Vietnamese.jpg\" alt=\"Vietnamise Flag\">\r\n                    <div>\r\n                        <h4>Um v\u00edetnamska n\u00e1m<\/h4>\r\n                        <p>Finndu \u00fat allt um v\u00edetnamska m\u00e1lfr\u00e6\u00f0i.<\/p>\r\n                    <\/div>\r\n                <\/div>\r\n            <\/div>\r\n        <\/a>\r\n\r\n        \r\n        <a href=\"https:\/\/talkpal.ai\/is\/vietnamska-malfraedi-aefingar\/\">\r\n            <div class=\"learnNavigationWrapper\">\r\n                <div class=\"learnNavigationContent\">\r\n                    <img decoding=\"async\" src=\"https:\/\/talkpal.ai\/wp-content\/uploads\/2024\/08\/Vietnamese.jpg\" alt=\"Vietnamise Flag\">\r\n                    <div>\r\n                        <h4>V\u00edetnamska m\u00e1lfr\u00e6\u00f0i\u00e6fing<\/h4>\r\n                        <p>\u00c6f\u00f0u v\u00edetnamska m\u00e1lfr\u00e6\u00f0i.<\/p>\r\n                    <\/div>\r\n                <\/div>\r\n            <\/div>\r\n        <\/a>\r\n\r\n        \r\n        <a href=\"https:\/\/talkpal.ai\/vocabulary_language\/vietnamese\/\">\r\n            <div class=\"learnNavigationWrapper\">\r\n                <div class=\"learnNavigationContent\">\r\n                    <img decoding=\"async\" src=\"https:\/\/talkpal.ai\/wp-content\/uploads\/2024\/08\/Vietnamese.jpg\" alt=\"Vietnamise Flag\">\r\n                    <div>\r\n                        <h4>V\u00edetnamskur or\u00f0afor\u00f0i<\/h4>\r\n                        <p>St\u00e6kka\u00f0u v\u00edetnamska or\u00f0afor\u00f0a \u00feinn.<\/p>\r\n                    <\/div>\r\n                <\/div>\r\n            <\/div>\r\n        <\/a>\r\n\r\n            <\/section>","protected":false},"excerpt":{"rendered":"<p>Ranghalar v\u00edetnamskrar m\u00e1lfr\u00e6\u00f0i: gr\u00edpandi k\u00f6nnun V\u00edetnamska tungum\u00e1li\u00f0, me\u00f0 dj\u00fapar s\u00f6gulegar r\u00e6tur og einstakan menningarlegan bakgrunn, b\u00fd\u00f0ur upp \u00e1 t\u00e6landi \u00e6vint\u00fdri fyrir m\u00e1lfr\u00e6\u00f0inga og tungum\u00e1lanemendur. \u00de\u00f3 a\u00f0 v\u00edetn\u00f6msk m\u00e1lfr\u00e6\u00f0i g\u00e6ti upphaflega komi\u00f0 fram sem \u00e1skorun, \u00fe\u00e1 ry\u00f0ja einf\u00f6ld r\u00f6kfr\u00e6\u00f0i hennar og samkv\u00e6mni brautina fyrir spennandi n\u00e1msupplifun. Svo, b\u00fa\u00f0u \u00feig undir forvitnilega tungum\u00e1lafer\u00f0 \u00feegar vi\u00f0 k\u00f6fum ofan [&hellip;]<\/p>\n","protected":false},"author":1,"featured_media":120570,"parent":0,"menu_order":0,"comment_status":"closed","ping_status":"closed","template":"LearningContentPage.php","meta":{"_acf_changed":false,"footnotes":""},"class_list":["post-152589","page","type-page","status-publish","has-post-thumbnail","hentry"],"acf":[],"yoast_head":"<!-- This site is optimized with the Yoast SEO Premium plugin v27.2 (Yoast SEO v27.2) - https:\/\/yoast.com\/product\/yoast-seo-premium-wordpress\/ -->\n<title>v\u00edetn\u00f6msk m\u00e1lfr\u00e6\u00f0i - Talkpal<\/title>\n<meta name=\"description\" content=\"Kanna\u00f0u heillandi \u00fe\u00e6tti v\u00edetn\u00f6msku m\u00e1lfr\u00e6\u00f0innar og uppg\u00f6tva\u00f0u gle\u00f0ina vi\u00f0 a\u00f0 l\u00e6ra \u00feetta einstaka tungum\u00e1l.\" \/>\n<meta name=\"robots\" content=\"index, follow, max-snippet:-1, max-image-preview:large, max-video-preview:-1\" \/>\n<link rel=\"canonical\" href=\"https:\/\/talkpal.ai\/is\/vietnomsk-malfraedi\/\" \/>\n<meta property=\"og:locale\" content=\"is_IS\" \/>\n<meta property=\"og:type\" content=\"article\" \/>\n<meta property=\"og:title\" content=\"v\u00edetn\u00f6msk m\u00e1lfr\u00e6\u00f0i\" \/>\n<meta property=\"og:description\" content=\"Ranghalar v\u00edetnamskrar m\u00e1lfr\u00e6\u00f0i: gr\u00edpandi k\u00f6nnun V\u00edetnamska tungum\u00e1li\u00f0, me\u00f0 dj\u00fapar s\u00f6gulegar r\u00e6tur og einstakan menningarlegan bakgrunn, b\u00fd\u00f0ur upp \u00e1\" \/>\n<meta property=\"og:url\" content=\"https:\/\/talkpal.ai\/is\/vietnomsk-malfraedi\/\" \/>\n<meta property=\"og:site_name\" content=\"Talkpal\" \/>\n<meta property=\"article:publisher\" content=\"https:\/\/www.facebook.com\/profile.php?id=100090733639311\" \/>\n<meta property=\"article:modified_time\" content=\"2025-12-12T11:04:37+00:00\" \/>\n<meta property=\"og:image\" content=\"https:\/\/talkpal.ai\/wp-content\/uploads\/2023\/05\/vietnam.png\" \/>\n\t<meta property=\"og:image:width\" content=\"512\" \/>\n\t<meta property=\"og:image:height\" content=\"512\" \/>\n\t<meta property=\"og:image:type\" content=\"image\/png\" \/>\n<meta name=\"twitter:card\" content=\"summary_large_image\" \/>\n<meta name=\"twitter:site\" content=\"@talkpalai\" \/>\n<meta name=\"twitter:label1\" content=\"Est. reading time\" \/>\n\t<meta name=\"twitter:data1\" content=\"3 minutes\" \/>\n<script type=\"application\/ld+json\" class=\"yoast-schema-graph\">{\"@context\":\"https:\/\/schema.org\",\"@graph\":[{\"@type\":\"WebPage\",\"@id\":\"https:\/\/talkpal.ai\/is\/vietnomsk-malfraedi\/\",\"url\":\"https:\/\/talkpal.ai\/is\/vietnomsk-malfraedi\/\",\"name\":\"v\u00edetn\u00f6msk m\u00e1lfr\u00e6\u00f0i - Talkpal\",\"isPartOf\":{\"@id\":\"https:\/\/talkpal.ai\/is\/#website\"},\"primaryImageOfPage\":{\"@id\":\"https:\/\/talkpal.ai\/is\/vietnomsk-malfraedi\/#primaryimage\"},\"image\":{\"@id\":\"https:\/\/talkpal.ai\/is\/vietnomsk-malfraedi\/#primaryimage\"},\"thumbnailUrl\":\"https:\/\/talkpal.ai\/wp-content\/uploads\/2023\/05\/vietnam.png\",\"datePublished\":\"2023-05-14T14:23:00+00:00\",\"dateModified\":\"2025-12-12T11:04:37+00:00\",\"description\":\"Kanna\u00f0u heillandi \u00fe\u00e6tti v\u00edetn\u00f6msku m\u00e1lfr\u00e6\u00f0innar og uppg\u00f6tva\u00f0u gle\u00f0ina vi\u00f0 a\u00f0 l\u00e6ra \u00feetta einstaka tungum\u00e1l.\",\"breadcrumb\":{\"@id\":\"https:\/\/talkpal.ai\/is\/vietnomsk-malfraedi\/#breadcrumb\"},\"inLanguage\":\"is\",\"potentialAction\":[{\"@type\":\"ReadAction\",\"target\":[\"https:\/\/talkpal.ai\/is\/vietnomsk-malfraedi\/\"]}]},{\"@type\":\"ImageObject\",\"inLanguage\":\"is\",\"@id\":\"https:\/\/talkpal.ai\/is\/vietnomsk-malfraedi\/#primaryimage\",\"url\":\"https:\/\/talkpal.ai\/wp-content\/uploads\/2023\/05\/vietnam.png\",\"contentUrl\":\"https:\/\/talkpal.ai\/wp-content\/uploads\/2023\/05\/vietnam.png\",\"width\":512,\"height\":512},{\"@type\":\"BreadcrumbList\",\"@id\":\"https:\/\/talkpal.ai\/is\/vietnomsk-malfraedi\/#breadcrumb\",\"itemListElement\":[{\"@type\":\"ListItem\",\"position\":1,\"name\":\"Homepage\",\"item\":\"https:\/\/talkpal.ai\/is\/\"},{\"@type\":\"ListItem\",\"position\":2,\"name\":\"v\u00edetn\u00f6msk m\u00e1lfr\u00e6\u00f0i\"}]},{\"@type\":\"WebSite\",\"@id\":\"https:\/\/talkpal.ai\/is\/#website\",\"url\":\"https:\/\/talkpal.ai\/is\/\",\"name\":\"Talkpal\",\"description\":\"AI Language Learning\",\"publisher\":{\"@id\":\"https:\/\/talkpal.ai\/is\/#organization\"},\"alternateName\":\"Talkpal AI\",\"potentialAction\":[{\"@type\":\"SearchAction\",\"target\":{\"@type\":\"EntryPoint\",\"urlTemplate\":\"https:\/\/talkpal.ai\/is\/?s={search_term_string}\"},\"query-input\":{\"@type\":\"PropertyValueSpecification\",\"valueRequired\":true,\"valueName\":\"search_term_string\"}}],\"inLanguage\":\"is\"},{\"@type\":\"Organization\",\"@id\":\"https:\/\/talkpal.ai\/is\/#organization\",\"name\":\"Talkpal, Inc.\",\"alternateName\":\"Talkpal AI\",\"url\":\"https:\/\/talkpal.ai\/is\/\",\"logo\":{\"@type\":\"ImageObject\",\"inLanguage\":\"is\",\"@id\":\"https:\/\/talkpal.ai\/is\/#\/schema\/logo\/image\/\",\"url\":\"https:\/\/talkpal.ai\/wp-content\/uploads\/2024\/03\/Talkpal-Logo-Icon.png\",\"contentUrl\":\"https:\/\/talkpal.ai\/wp-content\/uploads\/2024\/03\/Talkpal-Logo-Icon.png\",\"width\":2880,\"height\":2880,\"caption\":\"Talkpal, Inc.\"},\"image\":{\"@id\":\"https:\/\/talkpal.ai\/is\/#\/schema\/logo\/image\/\"},\"sameAs\":[\"https:\/\/www.facebook.com\/profile.php?id=100090733639311\",\"https:\/\/x.com\/talkpalai\",\"https:\/\/www.linkedin.com\/company\/talkpal\/\",\"https:\/\/www.youtube.com\/@TalkPal\/\",\"https:\/\/www.tiktok.com\/@talkpal\",\"https:\/\/www.instagram.com\/talkpal_ai\/\",\"https:\/\/www.crunchbase.com\/organization\/talkpal-9cde\",\"https:\/\/www.g2.com\/products\/talkpal-for-business\/\",\"https:\/\/www.trustpilot.com\/review\/talkpal.ai\",\"https:\/\/www.capterra.com\/p\/10006800\/TalkPal\/\"],\"description\":\"Talkpal is a language learning web and mobile education app, powered by the latest AI technologies, that provides engaging experiences to its customers in many different languages to help them improve their language skills. Users can chat about unlimited amount of topics with the app and use other modes to practice their language learning.\",\"email\":\"support@talkpal.ai\",\"legalName\":\"Talkpal, Inc.\",\"foundingDate\":\"2023-04-03\",\"duns\":\"118989042\",\"numberOfEmployees\":{\"@type\":\"QuantitativeValue\",\"minValue\":\"11\",\"maxValue\":\"50\"},\"publishingPrinciples\":\"https:\/\/talkpal.ai\/publishing-principles\/\",\"actionableFeedbackPolicy\":\"https:\/\/talkpal.ai\/actionable-feedback-policy\/\",\"correctionsPolicy\":\"https:\/\/talkpal.ai\/corrections-policy\/\",\"ethicsPolicy\":\"https:\/\/talkpal.ai\/ethics-policy\/\",\"diversityPolicy\":\"https:\/\/talkpal.ai\/diversity-policy\/\",\"diversityStaffingReport\":\"https:\/\/talkpal.ai\/diversity-policy\/\"}]}<\/script>\n<!-- \/ Yoast SEO Premium plugin. -->","yoast_head_json":{"title":"v\u00edetn\u00f6msk m\u00e1lfr\u00e6\u00f0i - Talkpal","description":"Kanna\u00f0u heillandi \u00fe\u00e6tti v\u00edetn\u00f6msku m\u00e1lfr\u00e6\u00f0innar og uppg\u00f6tva\u00f0u gle\u00f0ina vi\u00f0 a\u00f0 l\u00e6ra \u00feetta einstaka tungum\u00e1l.","robots":{"index":"index","follow":"follow","max-snippet":"max-snippet:-1","max-image-preview":"max-image-preview:large","max-video-preview":"max-video-preview:-1"},"canonical":"https:\/\/talkpal.ai\/is\/vietnomsk-malfraedi\/","og_locale":"is_IS","og_type":"article","og_title":"v\u00edetn\u00f6msk m\u00e1lfr\u00e6\u00f0i","og_description":"Ranghalar v\u00edetnamskrar m\u00e1lfr\u00e6\u00f0i: gr\u00edpandi k\u00f6nnun V\u00edetnamska tungum\u00e1li\u00f0, me\u00f0 dj\u00fapar s\u00f6gulegar r\u00e6tur og einstakan menningarlegan bakgrunn, b\u00fd\u00f0ur upp \u00e1","og_url":"https:\/\/talkpal.ai\/is\/vietnomsk-malfraedi\/","og_site_name":"Talkpal","article_publisher":"https:\/\/www.facebook.com\/profile.php?id=100090733639311","article_modified_time":"2025-12-12T11:04:37+00:00","og_image":[{"width":512,"height":512,"url":"https:\/\/talkpal.ai\/wp-content\/uploads\/2023\/05\/vietnam.png","type":"image\/png"}],"twitter_card":"summary_large_image","twitter_site":"@talkpalai","twitter_misc":{"Est. reading time":"3 minutes"},"schema":{"@context":"https:\/\/schema.org","@graph":[{"@type":"WebPage","@id":"https:\/\/talkpal.ai\/is\/vietnomsk-malfraedi\/","url":"https:\/\/talkpal.ai\/is\/vietnomsk-malfraedi\/","name":"v\u00edetn\u00f6msk m\u00e1lfr\u00e6\u00f0i - Talkpal","isPartOf":{"@id":"https:\/\/talkpal.ai\/is\/#website"},"primaryImageOfPage":{"@id":"https:\/\/talkpal.ai\/is\/vietnomsk-malfraedi\/#primaryimage"},"image":{"@id":"https:\/\/talkpal.ai\/is\/vietnomsk-malfraedi\/#primaryimage"},"thumbnailUrl":"https:\/\/talkpal.ai\/wp-content\/uploads\/2023\/05\/vietnam.png","datePublished":"2023-05-14T14:23:00+00:00","dateModified":"2025-12-12T11:04:37+00:00","description":"Kanna\u00f0u heillandi \u00fe\u00e6tti v\u00edetn\u00f6msku m\u00e1lfr\u00e6\u00f0innar og uppg\u00f6tva\u00f0u gle\u00f0ina vi\u00f0 a\u00f0 l\u00e6ra \u00feetta einstaka tungum\u00e1l.","breadcrumb":{"@id":"https:\/\/talkpal.ai\/is\/vietnomsk-malfraedi\/#breadcrumb"},"inLanguage":"is","potentialAction":[{"@type":"ReadAction","target":["https:\/\/talkpal.ai\/is\/vietnomsk-malfraedi\/"]}]},{"@type":"ImageObject","inLanguage":"is","@id":"https:\/\/talkpal.ai\/is\/vietnomsk-malfraedi\/#primaryimage","url":"https:\/\/talkpal.ai\/wp-content\/uploads\/2023\/05\/vietnam.png","contentUrl":"https:\/\/talkpal.ai\/wp-content\/uploads\/2023\/05\/vietnam.png","width":512,"height":512},{"@type":"BreadcrumbList","@id":"https:\/\/talkpal.ai\/is\/vietnomsk-malfraedi\/#breadcrumb","itemListElement":[{"@type":"ListItem","position":1,"name":"Homepage","item":"https:\/\/talkpal.ai\/is\/"},{"@type":"ListItem","position":2,"name":"v\u00edetn\u00f6msk m\u00e1lfr\u00e6\u00f0i"}]},{"@type":"WebSite","@id":"https:\/\/talkpal.ai\/is\/#website","url":"https:\/\/talkpal.ai\/is\/","name":"Talkpal","description":"AI Language Learning","publisher":{"@id":"https:\/\/talkpal.ai\/is\/#organization"},"alternateName":"Talkpal AI","potentialAction":[{"@type":"SearchAction","target":{"@type":"EntryPoint","urlTemplate":"https:\/\/talkpal.ai\/is\/?s={search_term_string}"},"query-input":{"@type":"PropertyValueSpecification","valueRequired":true,"valueName":"search_term_string"}}],"inLanguage":"is"},{"@type":"Organization","@id":"https:\/\/talkpal.ai\/is\/#organization","name":"Talkpal, Inc.","alternateName":"Talkpal AI","url":"https:\/\/talkpal.ai\/is\/","logo":{"@type":"ImageObject","inLanguage":"is","@id":"https:\/\/talkpal.ai\/is\/#\/schema\/logo\/image\/","url":"https:\/\/talkpal.ai\/wp-content\/uploads\/2024\/03\/Talkpal-Logo-Icon.png","contentUrl":"https:\/\/talkpal.ai\/wp-content\/uploads\/2024\/03\/Talkpal-Logo-Icon.png","width":2880,"height":2880,"caption":"Talkpal, Inc."},"image":{"@id":"https:\/\/talkpal.ai\/is\/#\/schema\/logo\/image\/"},"sameAs":["https:\/\/www.facebook.com\/profile.php?id=100090733639311","https:\/\/x.com\/talkpalai","https:\/\/www.linkedin.com\/company\/talkpal\/","https:\/\/www.youtube.com\/@TalkPal\/","https:\/\/www.tiktok.com\/@talkpal","https:\/\/www.instagram.com\/talkpal_ai\/","https:\/\/www.crunchbase.com\/organization\/talkpal-9cde","https:\/\/www.g2.com\/products\/talkpal-for-business\/","https:\/\/www.trustpilot.com\/review\/talkpal.ai","https:\/\/www.capterra.com\/p\/10006800\/TalkPal\/"],"description":"Talkpal is a language learning web and mobile education app, powered by the latest AI technologies, that provides engaging experiences to its customers in many different languages to help them improve their language skills. Users can chat about unlimited amount of topics with the app and use other modes to practice their language learning.","email":"support@talkpal.ai","legalName":"Talkpal, Inc.","foundingDate":"2023-04-03","duns":"118989042","numberOfEmployees":{"@type":"QuantitativeValue","minValue":"11","maxValue":"50"},"publishingPrinciples":"https:\/\/talkpal.ai\/publishing-principles\/","actionableFeedbackPolicy":"https:\/\/talkpal.ai\/actionable-feedback-policy\/","correctionsPolicy":"https:\/\/talkpal.ai\/corrections-policy\/","ethicsPolicy":"https:\/\/talkpal.ai\/ethics-policy\/","diversityPolicy":"https:\/\/talkpal.ai\/diversity-policy\/","diversityStaffingReport":"https:\/\/talkpal.ai\/diversity-policy\/"}]}},"_links":{"self":[{"href":"https:\/\/talkpal.ai\/is\/wp-json\/wp\/v2\/pages\/152589","targetHints":{"allow":["GET"]}}],"collection":[{"href":"https:\/\/talkpal.ai\/is\/wp-json\/wp\/v2\/pages"}],"about":[{"href":"https:\/\/talkpal.ai\/is\/wp-json\/wp\/v2\/types\/page"}],"author":[{"embeddable":true,"href":"https:\/\/talkpal.ai\/is\/wp-json\/wp\/v2\/users\/1"}],"replies":[{"embeddable":true,"href":"https:\/\/talkpal.ai\/is\/wp-json\/wp\/v2\/comments?post=152589"}],"version-history":[{"count":0,"href":"https:\/\/talkpal.ai\/is\/wp-json\/wp\/v2\/pages\/152589\/revisions"}],"wp:featuredmedia":[{"embeddable":true,"href":"https:\/\/talkpal.ai\/is\/wp-json\/wp\/v2\/media\/120570"}],"wp:attachment":[{"href":"https:\/\/talkpal.ai\/is\/wp-json\/wp\/v2\/media?parent=152589"}],"curies":[{"name":"wp","href":"https:\/\/api.w.org\/{rel}","templated":true}]}}