{"id":152273,"date":"2023-05-14T14:22:39","date_gmt":"2023-05-14T14:22:39","guid":{"rendered":"http:\/\/talkpal.ai\/urdu-malfraedi\/"},"modified":"2025-12-11T16:26:22","modified_gmt":"2025-12-11T16:26:22","slug":"urdu-malfraedi","status":"publish","type":"page","link":"https:\/\/talkpal.ai\/is\/urdu-malfraedi\/","title":{"rendered":"\u00dard\u00fa m\u00e1lfr\u00e6\u00f0i"},"content":{"rendered":"\r\n\r\n\r\n<section class=\"languageChallengeSection\">\r\n    <div class=\"languageInfoWrapper\">\r\n        \r\n        <h1>\u00dard\u00fa m\u00e1lfr\u00e6\u00f0i<\/h1>\r\n        <p>Hefur\u00f0u \u00e1huga \u00e1 a\u00f0 l\u00e6ra <a href=\"https:\/\/talkpal.ai\/learn-urdu\/\">\u00fard\u00fa<\/a>? Kaf\u00f0u \u00fe\u00e9r ofan \u00ed \u00fard\u00fam\u00e1lfr\u00e6\u00f0i, \u00fear sem gl\u00e6silegt letur, kynbundin nafnor\u00f0 og tj\u00e1ningarfull sagnor\u00f0 skapa tungum\u00e1l sem er b\u00e6\u00f0i lj\u00f3\u00f0r\u00e6nt og hagn\u00fdtt. Byrja\u00f0u \u00fard\u00fa-fer\u00f0alag \u00feitt \u00ed dag \u2014 a\u00f0 n\u00e1 g\u00f3\u00f0um t\u00f6kum \u00e1 m\u00e1lfr\u00e6\u00f0inni mun opna n\u00fdjar lei\u00f0ir fyrir samskipti og tengja \u00feig dj\u00fapt vi\u00f0 r\u00edkar b\u00f3kmennta- og menningarhef\u00f0ir Su\u00f0ur-As\u00edu!<\/p>\r\n\r\n                            <a class=\"getStartedHidden\" href=\"https:\/\/app.talkpal.ai\/signup?lng=\">Byrja\u00f0u<\/a>\r\n        \r\n    <\/div>\r\n\r\n    <figure>\r\n    <img decoding=\"async\" width=\"768\" height=\"768\" src=\"https:\/\/talkpal.ai\/wp-content\/uploads\/2023\/06\/urdu-768x768.png\" class=\"languageImage no-lazy\" alt=\"Language learning for global understanding\" fetchpriority=\"high\" sizes=\"(max-width: 768px) 150px, 768px\" srcset=\"https:\/\/talkpal.ai\/wp-content\/uploads\/2023\/06\/urdu-768x768.png 768w, https:\/\/talkpal.ai\/wp-content\/uploads\/2023\/06\/urdu-300x300.png 300w\" \/>\r\n    \r\n\r\n    <\/figure>\r\n\r\n            <a class=\"getStartedVisible\" href=\"https:\/\/app.talkpal.ai\/signup?lng=\">Byrja\u00f0u<\/a>\r\n    \r\n<\/section>\r\n<section class=\"promotionalBanner\">\r\n    <p class=\"promotionalText\">Skilvirkasta lei\u00f0in til a\u00f0 l\u00e6ra tungum\u00e1l<\/p>\r\n    <a class=\"promotionalLink\" href=\"https:\/\/app.talkpal.ai\/signup?lng=\">Pr\u00f3fa\u00f0u Talkpal \u00f3keypis<\/a>\r\n<\/section>\n<div class=\"wp-block-group pageContainerStyle\"><div class=\"wp-block-group__inner-container is-layout-constrained wp-block-group-is-layout-constrained\">\n<h2 class=\"wp-block-heading\" id=\"h-urdu-grammar-exploring-the-beauty-and-intricacies-of-the-indo-aryan-language\">\u00dard\u00fa m\u00e1lfr\u00e6\u00f0i: A\u00f0 kanna fegur\u00f0 og ranghala ind\u00f3ar\u00edska tungum\u00e1lsins<\/h2>\n\n\n\n<p>Tungum\u00e1la\u00e1hugamenn og forvitnir <a href=\"https:\/\/talkpal.ai\/talkpal-discount-for-students\/\">nemendur<\/a>, ertu tilb\u00fainn a\u00f0 kafa inn \u00ed heillandi heim <a href=\"https:\/\/talkpal.ai\/urdu-grammar\/\">\u00fard\u00fa m\u00e1lfr\u00e6\u00f0i<\/a>? <a href=\"https:\/\/talkpal.ai\/learn-urdu\/\">\u00dard\u00fa<\/a>, ind\u00f3ar\u00edskt tungum\u00e1l, er \u00fej\u00f3\u00f0tunga Pakistan og eitt af opinberum tungum\u00e1lum Indlands. Me\u00f0 um \u00fea\u00f0 bil 70 millj\u00f3nir h\u00e1talara um allan heim er \u00fard\u00fa ekki a\u00f0eins r\u00edkt og tj\u00e1ningarr\u00edkt tungum\u00e1l heldur einnig br\u00fa til lifandi menningar og s\u00f6gu. \u00cd \u00feessari grein munum vi\u00f0 kafa ofan \u00ed einstaka \u00fe\u00e6tti <a href=\"https:\/\/talkpal.ai\/urdu-grammar\/\">\u00fard\u00fa m\u00e1lfr\u00e6\u00f0i<\/a> og uppg\u00f6tva hva\u00f0 a\u00f0greinir hana fr\u00e1 \u00f6\u00f0rum tungum\u00e1lum.<\/p>\n\n\n\n<h3 class=\"wp-block-heading\" id=\"h-script-and-pronunciation-the-elegant-nastaliq\">Handrit og frambur\u00f0ur: The Elegant Nastaliq<\/h3>\n\n\n\n<p>\u00dard\u00fa handriti\u00f0 er byggt \u00e1 persnesk-arab\u00edska Nastaliq st\u00edlnum, sem er skrifa\u00f0ur og lesinn fr\u00e1 h\u00e6gri til vinstri. Nastaliq letri\u00f0, sem samanstendur af 38 b\u00f3kst\u00f6fum me\u00f0 vi\u00f0b\u00f3tar diacritical merkjum fyrir s\u00e9rhlj\u00f3\u00f0a og frambur\u00f0, er b\u00e6\u00f0i gl\u00e6silegt og flj\u00f3tandi. A\u00f0 l\u00e6ra handriti\u00f0 og n\u00e1 t\u00f6kum \u00e1 frambur\u00f0i \u00fard\u00fa hlj\u00f3\u00f0a ver\u00f0ur fyrsta skrefi\u00f0 \u00ed \u00e1tt a\u00f0 \u00fev\u00ed a\u00f0 skilja <a href=\"https:\/\/talkpal.ai\/grammar\/\">m\u00e1lfr\u00e6\u00f0i<\/a> tungum\u00e1lsins.<\/p>\n\n\n\n<h3 class=\"wp-block-heading\" id=\"h-nouns-and-pronouns-exploring-gender-number-and-case\">Nafnor\u00f0 og forn\u00f6fn: A\u00f0 kanna kyn, t\u00f6lu og fall<\/h3>\n\n\n\n<p>\u00dard\u00fa nafnor\u00f0 eru flokku\u00f0 eftir kyni (karlkyns e\u00f0a kvenkyns), t\u00f6lu (eint\u00f6lu e\u00f0a fleirt\u00f6lu) og falli (beint e\u00f0a sk\u00e1). Tungum\u00e1li\u00f0 hefur ekki greinar (eins og &#8216;a&#8217; e\u00f0a &#8216;the&#8217;), \u00ed sta\u00f0 \u00feess a\u00f0 treysta \u00e1 samhengi til a\u00f0 mi\u00f0la \u00e1kve\u00f0ni. \u00dard\u00fa forn\u00f6fn fylgja einnig kyni, t\u00f6lu og h\u00e1st\u00f6fum og hafa \u00fdmis konar kurteisi og kunnugleika.<\/p>\n\n\n\n<h3 class=\"wp-block-heading\" id=\"h-postpositions-and-cases-urdu-s-unique-approach-to-indicating-relationships\">Eftirst\u00f6\u00f0ur og m\u00e1l: Einst\u00f6k n\u00e1lgun \u00fard\u00fa til a\u00f0 gefa til kynna tengsl<\/h3>\n\n\n\n<p>\u00cd sta\u00f0 forsetninga notar \u00fard\u00fa p\u00f3stsetningar &#8211; or\u00f0 sem koma \u00e1 eftir nafnor\u00f0unum sem \u00feau stj\u00f3rna. \u00deessi s\u00e9rstaki eiginleiki m\u00e1 sj\u00e1 um allt tungum\u00e1li\u00f0 og hefur veruleg \u00e1hrif \u00e1 merkingar falla. Tv\u00f6 fall \u00fard\u00fa, bein og sk\u00e1, eru notu\u00f0 \u00e1samt eftirst\u00f6\u00f0usetningum til a\u00f0 gefa til kynna tengsl milli or\u00f0a.<\/p>\n\n\n\n<h3 class=\"wp-block-heading\" id=\"h-harnessing-the-power-of-verbs-tense-aspect-and-moods\">A\u00f0 beisla kraft sagna: spenntur, \u00fe\u00e1ttur og skap<\/h3>\n\n\n\n<p>\u00dard\u00fa sagnir eru heillandi me\u00f0 fj\u00f6lbreyttu svi\u00f0 \u00feeirra spenntur (fort\u00ed\u00f0, n\u00fat\u00ed\u00f0 og framt\u00ed\u00f0), \u00fe\u00e6tti (fullkominn, \u00f3fullkominn og venjulegur) og skap (lei\u00f0beinandi, mikilv\u00e6gt og subjunctive). Tungum\u00e1li\u00f0 notar einnig hj\u00e1lparsagnir miki\u00f0 til a\u00f0 mynda samsettar t\u00ed\u00f0ir, tj\u00e1 bl\u00e6brig\u00f0i \u00ed t\u00edma og lok athafna.<\/p>\n\n\n\n<p>Sagnirnar eru einnig samm\u00e1la vi\u00f0fangsefnum s\u00ednum hva\u00f0 var\u00f0ar kyn og fj\u00f6lda, sem b\u00e6tir enn frekar fl\u00f3knum og r\u00edkid\u00e6mi vi\u00f0 \u00fard\u00fa m\u00e1lfr\u00e6\u00f0i.<\/p>\n\n\n\n<h3 class=\"wp-block-heading\" id=\"h-adjectives-adverbs-and-more-adding-color-to-your-language\">L\u00fdsingaror\u00f0, atviksor\u00f0 og fleira: A\u00f0 b\u00e6ta lit vi\u00f0 tungum\u00e1li\u00f0 \u00feitt<\/h3>\n\n\n\n<p>\u00dard\u00fa l\u00fdsingaror\u00f0 fylgja venjulega nafnor\u00f0unum sem \u00feau breyta og eru samm\u00e1la \u00feeim hva\u00f0 var\u00f0ar kyn og fj\u00f6lda. H\u00e6gt er a\u00f0 efla l\u00fdsingaror\u00f0 me\u00f0 \u00fev\u00ed a\u00f0 nota samanbur\u00f0 og greinar og b\u00e6ta d\u00fdpt vi\u00f0 l\u00fdsingar. \u00dard\u00fa atviksor\u00f0, unnin \u00far l\u00fdsingaror\u00f0um e\u00f0a n\u00faverandi sj\u00e1lfst\u00e6tt, gegna einnig mikilv\u00e6gu hlutverki \u00ed tungum\u00e1linu og veita uppl\u00fdsingar um t\u00edma, h\u00e1tt, sta\u00f0 og gr\u00e1\u00f0u.<\/p>\n\n\n\n<p>\u00dard\u00fa m\u00e1lfr\u00e6\u00f0i st\u00e1tar af ofgn\u00f3tt af samtengingum, innskotum, \u00f6gnum og fleiru, sem hj\u00e1lpar \u00fe\u00e9r a\u00f0 b\u00faa til r\u00edkar, \u00feroskandi og svipmiklar setningar.<\/p>\n\n\n\n<h3 class=\"wp-block-heading\" id=\"h-embracing-the-world-of-urdu-grammar\">Fa\u00f0ma heim \u00fard\u00fa m\u00e1lfr\u00e6\u00f0i<\/h3>\n\n\n\n<p>\u00dard\u00fa m\u00e1lfr\u00e6\u00f0i g\u00e6ti virst fl\u00f3kin \u00ed upphafi, en \u00feegar \u00fe\u00fa s\u00f6kkvar \u00fe\u00e9r ni\u00f0ur \u00ed ranghala hennar muntu finna a\u00f0 tungum\u00e1li\u00f0 er fullt af fegur\u00f0 og tj\u00e1ningu. A\u00f0 l\u00e6ra \u00fard\u00fa mun ekki a\u00f0eins auka skilning \u00feinn \u00e1 ind\u00f3ar\u00edsku tungum\u00e1lafj\u00f6lskyldunni heldur einnig hj\u00e1lpa \u00fe\u00e9r a\u00f0 tengjast heillandi menningu, b\u00f3kmenntum og s\u00f6gu.<\/p>\n\n\n\n<p>Svo, hvers vegna ekki a\u00f0 leggja af sta\u00f0 \u00ed spennandi fer\u00f0 a\u00f0 l\u00e6ra \u00fard\u00fa m\u00e1lfr\u00e6\u00f0i? Af al\u00fa\u00f0 og forvitni g\u00e6tir\u00f0u flj\u00f3tlega lent \u00ed \u00fev\u00ed a\u00f0 <a href=\"https:\/\/talkpal.ai\/locations\/language-courses-in-tala\/\">tala<\/a> vi\u00f0 \u00fe\u00e1 sem hafa m\u00f3\u00f0urm\u00e1li\u00f0 a\u00f0 m\u00f3\u00f0urm\u00e1li, skiptast \u00e1 hugmyndum og s\u00f6gum \u00e1 \u00feessu \u00f6fluga tungum\u00e1li. Gle\u00f0ilegt n\u00e1m!<\/p>\n<\/div><\/div>\n\r\n<section class=\"learnNavigationSection\">\r\n            \r\n        <a href=\"https:\/\/talkpal.ai\/is\/laerdu-urdu\/\">\r\n            <div class=\"learnNavigationWrapper\">\r\n                <div class=\"learnNavigationContent\">\r\n                    <img decoding=\"async\" src=\"https:\/\/talkpal.ai\/wp-content\/uploads\/2024\/08\/Urdu.jpg\" alt=\"Pakistani Flag\">\r\n                    <div>\r\n                        <h4>Um \u00fard\u00fa n\u00e1m<\/h4>\r\n                        <p>Finndu \u00fat allt um \u00fard\u00fa m\u00e1lfr\u00e6\u00f0i.<\/p>\r\n                    <\/div>\r\n                <\/div>\r\n            <\/div>\r\n        <\/a>\r\n\r\n        \r\n        <a href=\"https:\/\/talkpal.ai\/is\/urdu-malfraedi-aefingar\/\">\r\n            <div class=\"learnNavigationWrapper\">\r\n                <div class=\"learnNavigationContent\">\r\n                    <img decoding=\"async\" src=\"https:\/\/talkpal.ai\/wp-content\/uploads\/2024\/08\/Urdu.jpg\" alt=\"Pakistani Flag\">\r\n                    <div>\r\n                        <h4>\u00dard\u00fa m\u00e1lfr\u00e6\u00f0i\u00e6fing<\/h4>\r\n                        <p>\u00c6f\u00f0u \u00fard\u00fa m\u00e1lfr\u00e6\u00f0i.<\/p>\r\n                    <\/div>\r\n                <\/div>\r\n            <\/div>\r\n        <\/a>\r\n\r\n        \r\n        <a href=\"https:\/\/talkpal.ai\/vocabulary_language\/urdu\/\">\r\n            <div class=\"learnNavigationWrapper\">\r\n                <div class=\"learnNavigationContent\">\r\n                    <img decoding=\"async\" src=\"https:\/\/talkpal.ai\/wp-content\/uploads\/2024\/08\/Urdu.jpg\" alt=\"Pakistani Flag\">\r\n                    <div>\r\n                        <h4>\u00dard\u00fa or\u00f0afor\u00f0i<\/h4>\r\n                        <p>St\u00e6kka\u00f0u \u00fard\u00fa or\u00f0afor\u00f0a \u00feinn.<\/p>\r\n                    <\/div>\r\n                <\/div>\r\n            <\/div>\r\n        <\/a>\r\n\r\n            <\/section>","protected":false},"excerpt":{"rendered":"<p>\u00dard\u00fa m\u00e1lfr\u00e6\u00f0i: A\u00f0 kanna fegur\u00f0 og ranghala ind\u00f3ar\u00edska tungum\u00e1lsins Tungum\u00e1la\u00e1hugamenn og forvitnir nemendur, ertu tilb\u00fainn a\u00f0 kafa inn \u00ed heillandi heim \u00fard\u00fa m\u00e1lfr\u00e6\u00f0i? \u00dard\u00fa, ind\u00f3ar\u00edskt tungum\u00e1l, er \u00fej\u00f3\u00f0tunga Pakistan og eitt af opinberum tungum\u00e1lum Indlands. Me\u00f0 um \u00fea\u00f0 bil 70 millj\u00f3nir h\u00e1talara um allan heim er \u00fard\u00fa ekki a\u00f0eins r\u00edkt og tj\u00e1ningarr\u00edkt tungum\u00e1l heldur einnig [&hellip;]<\/p>\n","protected":false},"author":1,"featured_media":121289,"parent":0,"menu_order":0,"comment_status":"closed","ping_status":"closed","template":"LearningContentPage.php","meta":{"_acf_changed":false,"footnotes":""},"class_list":["post-152273","page","type-page","status-publish","has-post-thumbnail","hentry"],"acf":[],"yoast_head":"<!-- This site is optimized with the Yoast SEO Premium plugin v27.2 (Yoast SEO v27.2) - https:\/\/yoast.com\/product\/yoast-seo-premium-wordpress\/ -->\n<title>\u00dard\u00fa m\u00e1lfr\u00e6\u00f0i - Talkpal<\/title>\n<meta name=\"description\" content=\"Opna\u00f0u fegur\u00f0 \u00fard\u00fa m\u00e1lfr\u00e6\u00f0innar. Kanna\u00f0u einstaka \u00fe\u00e6tti \u00feess, handrit og hvernig \u00fea\u00f0 tengist menningu og s\u00f6gu.\" \/>\n<meta name=\"robots\" content=\"index, follow, max-snippet:-1, max-image-preview:large, max-video-preview:-1\" \/>\n<link rel=\"canonical\" href=\"https:\/\/talkpal.ai\/is\/urdu-malfraedi\/\" \/>\n<meta property=\"og:locale\" content=\"is_IS\" \/>\n<meta property=\"og:type\" content=\"article\" \/>\n<meta property=\"og:title\" content=\"\u00dard\u00fa m\u00e1lfr\u00e6\u00f0i\" \/>\n<meta property=\"og:description\" content=\"\u00dard\u00fa m\u00e1lfr\u00e6\u00f0i: A\u00f0 kanna fegur\u00f0 og ranghala ind\u00f3ar\u00edska tungum\u00e1lsins Tungum\u00e1la\u00e1hugamenn og forvitnir nemendur, ertu tilb\u00fainn a\u00f0 kafa inn \u00ed heillandi heim\" \/>\n<meta property=\"og:url\" content=\"https:\/\/talkpal.ai\/is\/urdu-malfraedi\/\" \/>\n<meta property=\"og:site_name\" content=\"Talkpal\" \/>\n<meta property=\"article:publisher\" content=\"https:\/\/www.facebook.com\/profile.php?id=100090733639311\" \/>\n<meta property=\"article:modified_time\" content=\"2025-12-11T16:26:22+00:00\" \/>\n<meta property=\"og:image\" content=\"https:\/\/talkpal.ai\/wp-content\/uploads\/2023\/05\/Urdu-pakistan.png\" \/>\n\t<meta property=\"og:image:width\" content=\"512\" \/>\n\t<meta property=\"og:image:height\" content=\"512\" \/>\n\t<meta property=\"og:image:type\" content=\"image\/png\" \/>\n<meta name=\"twitter:card\" content=\"summary_large_image\" \/>\n<meta name=\"twitter:site\" content=\"@talkpalai\" \/>\n<meta name=\"twitter:label1\" content=\"Est. reading time\" \/>\n\t<meta name=\"twitter:data1\" content=\"3 minutes\" \/>\n<script type=\"application\/ld+json\" class=\"yoast-schema-graph\">{\"@context\":\"https:\/\/schema.org\",\"@graph\":[{\"@type\":\"WebPage\",\"@id\":\"https:\/\/talkpal.ai\/is\/urdu-malfraedi\/\",\"url\":\"https:\/\/talkpal.ai\/is\/urdu-malfraedi\/\",\"name\":\"\u00dard\u00fa m\u00e1lfr\u00e6\u00f0i - Talkpal\",\"isPartOf\":{\"@id\":\"https:\/\/talkpal.ai\/is\/#website\"},\"primaryImageOfPage\":{\"@id\":\"https:\/\/talkpal.ai\/is\/urdu-malfraedi\/#primaryimage\"},\"image\":{\"@id\":\"https:\/\/talkpal.ai\/is\/urdu-malfraedi\/#primaryimage\"},\"thumbnailUrl\":\"https:\/\/talkpal.ai\/wp-content\/uploads\/2023\/05\/Urdu-pakistan.png\",\"datePublished\":\"2023-05-14T14:22:39+00:00\",\"dateModified\":\"2025-12-11T16:26:22+00:00\",\"description\":\"Opna\u00f0u fegur\u00f0 \u00fard\u00fa m\u00e1lfr\u00e6\u00f0innar. Kanna\u00f0u einstaka \u00fe\u00e6tti \u00feess, handrit og hvernig \u00fea\u00f0 tengist menningu og s\u00f6gu.\",\"breadcrumb\":{\"@id\":\"https:\/\/talkpal.ai\/is\/urdu-malfraedi\/#breadcrumb\"},\"inLanguage\":\"is\",\"potentialAction\":[{\"@type\":\"ReadAction\",\"target\":[\"https:\/\/talkpal.ai\/is\/urdu-malfraedi\/\"]}]},{\"@type\":\"ImageObject\",\"inLanguage\":\"is\",\"@id\":\"https:\/\/talkpal.ai\/is\/urdu-malfraedi\/#primaryimage\",\"url\":\"https:\/\/talkpal.ai\/wp-content\/uploads\/2023\/05\/Urdu-pakistan.png\",\"contentUrl\":\"https:\/\/talkpal.ai\/wp-content\/uploads\/2023\/05\/Urdu-pakistan.png\",\"width\":512,\"height\":512},{\"@type\":\"BreadcrumbList\",\"@id\":\"https:\/\/talkpal.ai\/is\/urdu-malfraedi\/#breadcrumb\",\"itemListElement\":[{\"@type\":\"ListItem\",\"position\":1,\"name\":\"Homepage\",\"item\":\"https:\/\/talkpal.ai\/is\/\"},{\"@type\":\"ListItem\",\"position\":2,\"name\":\"\u00dard\u00fa m\u00e1lfr\u00e6\u00f0i\"}]},{\"@type\":\"WebSite\",\"@id\":\"https:\/\/talkpal.ai\/is\/#website\",\"url\":\"https:\/\/talkpal.ai\/is\/\",\"name\":\"Talkpal\",\"description\":\"AI Language Learning\",\"publisher\":{\"@id\":\"https:\/\/talkpal.ai\/is\/#organization\"},\"alternateName\":\"Talkpal AI\",\"potentialAction\":[{\"@type\":\"SearchAction\",\"target\":{\"@type\":\"EntryPoint\",\"urlTemplate\":\"https:\/\/talkpal.ai\/is\/?s={search_term_string}\"},\"query-input\":{\"@type\":\"PropertyValueSpecification\",\"valueRequired\":true,\"valueName\":\"search_term_string\"}}],\"inLanguage\":\"is\"},{\"@type\":\"Organization\",\"@id\":\"https:\/\/talkpal.ai\/is\/#organization\",\"name\":\"Talkpal, Inc.\",\"alternateName\":\"Talkpal AI\",\"url\":\"https:\/\/talkpal.ai\/is\/\",\"logo\":{\"@type\":\"ImageObject\",\"inLanguage\":\"is\",\"@id\":\"https:\/\/talkpal.ai\/is\/#\/schema\/logo\/image\/\",\"url\":\"https:\/\/talkpal.ai\/wp-content\/uploads\/2024\/03\/Talkpal-Logo-Icon.png\",\"contentUrl\":\"https:\/\/talkpal.ai\/wp-content\/uploads\/2024\/03\/Talkpal-Logo-Icon.png\",\"width\":2880,\"height\":2880,\"caption\":\"Talkpal, Inc.\"},\"image\":{\"@id\":\"https:\/\/talkpal.ai\/is\/#\/schema\/logo\/image\/\"},\"sameAs\":[\"https:\/\/www.facebook.com\/profile.php?id=100090733639311\",\"https:\/\/x.com\/talkpalai\",\"https:\/\/www.linkedin.com\/company\/talkpal\/\",\"https:\/\/www.youtube.com\/@TalkPal\/\",\"https:\/\/www.tiktok.com\/@talkpal\",\"https:\/\/www.instagram.com\/talkpal_ai\/\",\"https:\/\/www.crunchbase.com\/organization\/talkpal-9cde\",\"https:\/\/www.g2.com\/products\/talkpal-for-business\/\",\"https:\/\/www.trustpilot.com\/review\/talkpal.ai\",\"https:\/\/www.capterra.com\/p\/10006800\/TalkPal\/\"],\"description\":\"Talkpal is a language learning web and mobile education app, powered by the latest AI technologies, that provides engaging experiences to its customers in many different languages to help them improve their language skills. Users can chat about unlimited amount of topics with the app and use other modes to practice their language learning.\",\"email\":\"support@talkpal.ai\",\"legalName\":\"Talkpal, Inc.\",\"foundingDate\":\"2023-04-03\",\"duns\":\"118989042\",\"numberOfEmployees\":{\"@type\":\"QuantitativeValue\",\"minValue\":\"11\",\"maxValue\":\"50\"},\"publishingPrinciples\":\"https:\/\/talkpal.ai\/publishing-principles\/\",\"actionableFeedbackPolicy\":\"https:\/\/talkpal.ai\/actionable-feedback-policy\/\",\"correctionsPolicy\":\"https:\/\/talkpal.ai\/corrections-policy\/\",\"ethicsPolicy\":\"https:\/\/talkpal.ai\/ethics-policy\/\",\"diversityPolicy\":\"https:\/\/talkpal.ai\/diversity-policy\/\",\"diversityStaffingReport\":\"https:\/\/talkpal.ai\/diversity-policy\/\"}]}<\/script>\n<!-- \/ Yoast SEO Premium plugin. -->","yoast_head_json":{"title":"\u00dard\u00fa m\u00e1lfr\u00e6\u00f0i - Talkpal","description":"Opna\u00f0u fegur\u00f0 \u00fard\u00fa m\u00e1lfr\u00e6\u00f0innar. Kanna\u00f0u einstaka \u00fe\u00e6tti \u00feess, handrit og hvernig \u00fea\u00f0 tengist menningu og s\u00f6gu.","robots":{"index":"index","follow":"follow","max-snippet":"max-snippet:-1","max-image-preview":"max-image-preview:large","max-video-preview":"max-video-preview:-1"},"canonical":"https:\/\/talkpal.ai\/is\/urdu-malfraedi\/","og_locale":"is_IS","og_type":"article","og_title":"\u00dard\u00fa m\u00e1lfr\u00e6\u00f0i","og_description":"\u00dard\u00fa m\u00e1lfr\u00e6\u00f0i: A\u00f0 kanna fegur\u00f0 og ranghala ind\u00f3ar\u00edska tungum\u00e1lsins Tungum\u00e1la\u00e1hugamenn og forvitnir nemendur, ertu tilb\u00fainn a\u00f0 kafa inn \u00ed heillandi heim","og_url":"https:\/\/talkpal.ai\/is\/urdu-malfraedi\/","og_site_name":"Talkpal","article_publisher":"https:\/\/www.facebook.com\/profile.php?id=100090733639311","article_modified_time":"2025-12-11T16:26:22+00:00","og_image":[{"width":512,"height":512,"url":"https:\/\/talkpal.ai\/wp-content\/uploads\/2023\/05\/Urdu-pakistan.png","type":"image\/png"}],"twitter_card":"summary_large_image","twitter_site":"@talkpalai","twitter_misc":{"Est. reading time":"3 minutes"},"schema":{"@context":"https:\/\/schema.org","@graph":[{"@type":"WebPage","@id":"https:\/\/talkpal.ai\/is\/urdu-malfraedi\/","url":"https:\/\/talkpal.ai\/is\/urdu-malfraedi\/","name":"\u00dard\u00fa m\u00e1lfr\u00e6\u00f0i - Talkpal","isPartOf":{"@id":"https:\/\/talkpal.ai\/is\/#website"},"primaryImageOfPage":{"@id":"https:\/\/talkpal.ai\/is\/urdu-malfraedi\/#primaryimage"},"image":{"@id":"https:\/\/talkpal.ai\/is\/urdu-malfraedi\/#primaryimage"},"thumbnailUrl":"https:\/\/talkpal.ai\/wp-content\/uploads\/2023\/05\/Urdu-pakistan.png","datePublished":"2023-05-14T14:22:39+00:00","dateModified":"2025-12-11T16:26:22+00:00","description":"Opna\u00f0u fegur\u00f0 \u00fard\u00fa m\u00e1lfr\u00e6\u00f0innar. Kanna\u00f0u einstaka \u00fe\u00e6tti \u00feess, handrit og hvernig \u00fea\u00f0 tengist menningu og s\u00f6gu.","breadcrumb":{"@id":"https:\/\/talkpal.ai\/is\/urdu-malfraedi\/#breadcrumb"},"inLanguage":"is","potentialAction":[{"@type":"ReadAction","target":["https:\/\/talkpal.ai\/is\/urdu-malfraedi\/"]}]},{"@type":"ImageObject","inLanguage":"is","@id":"https:\/\/talkpal.ai\/is\/urdu-malfraedi\/#primaryimage","url":"https:\/\/talkpal.ai\/wp-content\/uploads\/2023\/05\/Urdu-pakistan.png","contentUrl":"https:\/\/talkpal.ai\/wp-content\/uploads\/2023\/05\/Urdu-pakistan.png","width":512,"height":512},{"@type":"BreadcrumbList","@id":"https:\/\/talkpal.ai\/is\/urdu-malfraedi\/#breadcrumb","itemListElement":[{"@type":"ListItem","position":1,"name":"Homepage","item":"https:\/\/talkpal.ai\/is\/"},{"@type":"ListItem","position":2,"name":"\u00dard\u00fa m\u00e1lfr\u00e6\u00f0i"}]},{"@type":"WebSite","@id":"https:\/\/talkpal.ai\/is\/#website","url":"https:\/\/talkpal.ai\/is\/","name":"Talkpal","description":"AI Language Learning","publisher":{"@id":"https:\/\/talkpal.ai\/is\/#organization"},"alternateName":"Talkpal AI","potentialAction":[{"@type":"SearchAction","target":{"@type":"EntryPoint","urlTemplate":"https:\/\/talkpal.ai\/is\/?s={search_term_string}"},"query-input":{"@type":"PropertyValueSpecification","valueRequired":true,"valueName":"search_term_string"}}],"inLanguage":"is"},{"@type":"Organization","@id":"https:\/\/talkpal.ai\/is\/#organization","name":"Talkpal, Inc.","alternateName":"Talkpal AI","url":"https:\/\/talkpal.ai\/is\/","logo":{"@type":"ImageObject","inLanguage":"is","@id":"https:\/\/talkpal.ai\/is\/#\/schema\/logo\/image\/","url":"https:\/\/talkpal.ai\/wp-content\/uploads\/2024\/03\/Talkpal-Logo-Icon.png","contentUrl":"https:\/\/talkpal.ai\/wp-content\/uploads\/2024\/03\/Talkpal-Logo-Icon.png","width":2880,"height":2880,"caption":"Talkpal, Inc."},"image":{"@id":"https:\/\/talkpal.ai\/is\/#\/schema\/logo\/image\/"},"sameAs":["https:\/\/www.facebook.com\/profile.php?id=100090733639311","https:\/\/x.com\/talkpalai","https:\/\/www.linkedin.com\/company\/talkpal\/","https:\/\/www.youtube.com\/@TalkPal\/","https:\/\/www.tiktok.com\/@talkpal","https:\/\/www.instagram.com\/talkpal_ai\/","https:\/\/www.crunchbase.com\/organization\/talkpal-9cde","https:\/\/www.g2.com\/products\/talkpal-for-business\/","https:\/\/www.trustpilot.com\/review\/talkpal.ai","https:\/\/www.capterra.com\/p\/10006800\/TalkPal\/"],"description":"Talkpal is a language learning web and mobile education app, powered by the latest AI technologies, that provides engaging experiences to its customers in many different languages to help them improve their language skills. Users can chat about unlimited amount of topics with the app and use other modes to practice their language learning.","email":"support@talkpal.ai","legalName":"Talkpal, Inc.","foundingDate":"2023-04-03","duns":"118989042","numberOfEmployees":{"@type":"QuantitativeValue","minValue":"11","maxValue":"50"},"publishingPrinciples":"https:\/\/talkpal.ai\/publishing-principles\/","actionableFeedbackPolicy":"https:\/\/talkpal.ai\/actionable-feedback-policy\/","correctionsPolicy":"https:\/\/talkpal.ai\/corrections-policy\/","ethicsPolicy":"https:\/\/talkpal.ai\/ethics-policy\/","diversityPolicy":"https:\/\/talkpal.ai\/diversity-policy\/","diversityStaffingReport":"https:\/\/talkpal.ai\/diversity-policy\/"}]}},"_links":{"self":[{"href":"https:\/\/talkpal.ai\/is\/wp-json\/wp\/v2\/pages\/152273","targetHints":{"allow":["GET"]}}],"collection":[{"href":"https:\/\/talkpal.ai\/is\/wp-json\/wp\/v2\/pages"}],"about":[{"href":"https:\/\/talkpal.ai\/is\/wp-json\/wp\/v2\/types\/page"}],"author":[{"embeddable":true,"href":"https:\/\/talkpal.ai\/is\/wp-json\/wp\/v2\/users\/1"}],"replies":[{"embeddable":true,"href":"https:\/\/talkpal.ai\/is\/wp-json\/wp\/v2\/comments?post=152273"}],"version-history":[{"count":0,"href":"https:\/\/talkpal.ai\/is\/wp-json\/wp\/v2\/pages\/152273\/revisions"}],"wp:featuredmedia":[{"embeddable":true,"href":"https:\/\/talkpal.ai\/is\/wp-json\/wp\/v2\/media\/121289"}],"wp:attachment":[{"href":"https:\/\/talkpal.ai\/is\/wp-json\/wp\/v2\/media?parent=152273"}],"curies":[{"name":"wp","href":"https:\/\/api.w.org\/{rel}","templated":true}]}}