{"id":151956,"date":"2023-05-14T14:22:16","date_gmt":"2023-05-14T14:22:16","guid":{"rendered":"http:\/\/talkpal.ai\/tamil-malfraedi\/"},"modified":"2025-12-12T11:02:48","modified_gmt":"2025-12-12T11:02:48","slug":"tamil-malfraedi","status":"publish","type":"page","link":"https:\/\/talkpal.ai\/is\/tamil-malfraedi\/","title":{"rendered":"Tamil m\u00e1lfr\u00e6\u00f0i"},"content":{"rendered":"\r\n\r\n\r\n<section class=\"languageChallengeSection\">\r\n    <div class=\"languageInfoWrapper\">\r\n        \r\n        <h1>Tamil m\u00e1lfr\u00e6\u00f0i<\/h1>\r\n        <p>Taktu tam\u00edlskukunn\u00e1ttu \u00fe\u00edna \u00e1 n\u00e6sta stig me\u00f0 \u00fev\u00ed a\u00f0 n\u00e1 t\u00f6kum \u00e1 grunnatri\u00f0um <a href=\"https:\/\/talkpal.ai\/grammar\/\">m\u00e1lfr\u00e6\u00f0i<\/a> og fl\u00f3knari hugt\u00f6kum. Sko\u00f0a\u00f0u sk\u00fdrar \u00fatsk\u00fdringar, hagn\u00fdt d\u00e6mi og gagnvirkar \u00e6fingar sem eru hanna\u00f0ar til a\u00f0 byggja upp sj\u00e1lfstraust \u00feitt. Byrja\u00f0u a\u00f0 l\u00e6ra um setningarbyggingu, sagnbeygingu og nau\u00f0synlegar reglur \u00ed dag. Byrja\u00f0u fer\u00f0alag \u00feitt til a\u00f0 tala og skrifa tam\u00edlsku me\u00f0 n\u00e1kv\u00e6mni og au\u00f0veldum h\u00e6tti!<\/p>\r\n\r\n                            <a class=\"getStartedHidden\" href=\"https:\/\/app.talkpal.ai\/signup?lng=\">Byrja\u00f0u<\/a>\r\n        \r\n    <\/div>\r\n\r\n    <figure>\r\n    <img decoding=\"async\" width=\"768\" height=\"768\" src=\"https:\/\/talkpal.ai\/wp-content\/uploads\/2023\/06\/tamil-768x768.png\" class=\"languageImage no-lazy\" alt=\"Language learning for enhanced creativity\" fetchpriority=\"high\" sizes=\"(max-width: 768px) 150px, 768px\" srcset=\"https:\/\/talkpal.ai\/wp-content\/uploads\/2023\/06\/tamil-768x768.png 768w, https:\/\/talkpal.ai\/wp-content\/uploads\/2023\/06\/tamil-300x300.png 300w\" \/>\r\n    \r\n\r\n    <\/figure>\r\n\r\n            <a class=\"getStartedVisible\" href=\"https:\/\/app.talkpal.ai\/signup?lng=\">Byrja\u00f0u<\/a>\r\n    \r\n<\/section>\r\n<section class=\"promotionalBanner\">\r\n    <p class=\"promotionalText\">Skilvirkasta lei\u00f0in til a\u00f0 l\u00e6ra tungum\u00e1l<\/p>\r\n    <a class=\"promotionalLink\" href=\"https:\/\/app.talkpal.ai\/signup?lng=\">Pr\u00f3fa\u00f0u Talkpal \u00f3keypis<\/a>\r\n<\/section>\n<div class=\"wp-block-group pageContainerStyle\"><div class=\"wp-block-group__inner-container is-layout-constrained wp-block-group-is-layout-constrained\">\n<h2 class=\"wp-block-heading\" id=\"h-tamil-grammar-understanding-the-richness-of-the-tamil-language\">Tamil m\u00e1lfr\u00e6\u00f0i: A\u00f0 skilja au\u00f0leg\u00f0 tam\u00edlska tungum\u00e1lsins<\/h2>\n\n\n\n<p>\u00deegar \u00fe\u00fa byrjar a\u00f0 l\u00e6ra <a href=\"https:\/\/talkpal.ai\/learn-tamil\/\">tam\u00edlska<\/a> \u2013 eitt af elstu lifandi tungum\u00e1lum heims \u2013 er nau\u00f0synlegt a\u00f0 afhj\u00fapa margbreytileika m\u00e1lfr\u00e6\u00f0innar og au\u00f0leg\u00f0. <a href=\"https:\/\/talkpal.ai\/learn-tamil\/\">Tamil<\/a>, sem st\u00e1tar af rithef\u00f0 sem n\u00e6r yfir 2,000 \u00e1r aftur \u00ed t\u00edmann, er enn a\u00f0altungum\u00e1l 70 millj\u00f3na h\u00e1talara um allan heim. Til a\u00f0 hj\u00e1lpa \u00fe\u00e9r a\u00f0 <a href=\"https:\/\/talkpal.ai\/ko\/ai-%ec%96%b8%ec%96%b4-%ea%b5%90%ec%82%ac\/\">byrja<\/a>, l\u00fdsir \u00feessi grein nokkrum lykil\u00fe\u00e1ttum tam\u00edlskrar m\u00e1lfr\u00e6\u00f0i me\u00f0 samtalslegri og \u00f3formlegri n\u00e1lgun.<\/p>\n\n\n\n<h3 class=\"wp-block-heading\" id=\"h-1-nouns-classifications-and-cases\">1. Nafnor\u00f0 \u2013 Flokkanir og tilvik<\/h3>\n\n\n\n<p>Mikilv\u00e6gur \u00fe\u00e1ttur \u00ed tam\u00edlskri m\u00e1lfr\u00e6\u00f0i eru nafnor\u00f0 \u00feess, sem eru flokku\u00f0 eftir kyni (karlkyns, kvenkyns og hvorugkyns), t\u00f6lu (eint\u00f6lu og fleirt\u00f6lu) og falli (nafnor\u00f0, \u00e1sakandi, dative, genitive, locative, instrumental, comitative, abessive og vocative). \u00de\u00f3 a\u00f0 \u00feetta kunni a\u00f0 vir\u00f0ast yfir\u00feyrmandi, er \u00fea\u00f0 nau\u00f0synlegt til a\u00f0 skilja tengsl or\u00f0a innan setninga og afk\u00f3\u00f0un e\u00f0lisl\u00e6grar r\u00f6kfr\u00e6\u00f0i tam\u00edlska.<\/p>\n\n\n\n<p>Til d\u00e6mis er or\u00f0i\u00f0 \u201eb\u00f3k\u201c \u00ed tam\u00edlska \u201e\u0baa\u0bc1\u0ba4\u0bcd\u0ba4\u0b95\u0bae\u0bcd\u201c (putthakam). Til a\u00f0 segja \u201e\u00e9g las b\u00f3kina\u201c myndir\u00f0u nota \u00e1sakandi fall, sem gefur til kynna a\u00f0 b\u00f3kin s\u00e9 vi\u00f0fang a\u00f0ger\u00f0arinnar: \u201e\u0ba8\u0bbe\u0ba9\u0bcd \u0baa\u0bc1\u0ba4\u0bcd\u0ba4\u0b95\u0ba4\u0bcd\u0ba4\u0bc8 \u0bb5\u0bbe\u0b9a\u0bbf\u0b95\u0bcd\u0b95\u0baf\u0b95\u0bcd\u0b95 thakaththai vaasikkiren).<\/p>\n\n\n\n<h3 class=\"wp-block-heading\" id=\"h-2-adjectives-and-pronouns-consistent-harmony\">2. L\u00fdsingaror\u00f0 og forn\u00f6fn \u2013 St\u00f6\u00f0ugur samhlj\u00f3mur<\/h3>\n\n\n\n<p>\u00c1 tam\u00edlsku fylgja l\u00fdsingaror\u00f0 (\u0baa\u0ba3\u0bcd\u0baa\u0bc1\u0b9f\u0bc8\u0bae\u0bc8) og forn\u00f6fn (\u0ba4\u0ba9\u0bbf\u0baa\u0bcd\u0baa\u0bca\u0bb0\u0bc1\u0bb3\u0bcd) mikilv\u00e6ga reglu: \u00feeir ver\u00f0a a\u00f0 vera samm\u00e1la \u00ed kyni og t\u00f6lu me\u00f0 nafnor\u00f0unum sem \u00feeir breyta. \u00deessi samkv\u00e6mni stu\u00f0lar a\u00f0 m\u00e1lfr\u00e6\u00f0ilegum samhlj\u00f3mi og eykur sk\u00fdrleika tj\u00e1ningar.<\/p>\n\n\n\n<h3 class=\"wp-block-heading\" id=\"h-3-verbs-conjugation-and-tenses\">3. Sagnir \u2013 Samtenging og t\u00ed\u00f0ir<\/h3>\n\n\n\n<p>Tam\u00edlskar sagnir gegna mikilv\u00e6gu hlutverki vi\u00f0 a\u00f0 m\u00f3ta setningar. Sagnir gangast undir beygingu bygg\u00f0ar \u00e1 pers\u00f3nu, t\u00f6lu, spennu, r\u00f6dd og skapi. Tamil hefur \u00ferj\u00e1r meginspennur (fort\u00ed\u00f0, n\u00fat\u00ed\u00f0 og framt\u00ed\u00f0) og \u00ferj\u00fa skap (lei\u00f0beinandi, mikilv\u00e6gt og vi\u00f0tengingarh\u00e1ttur). Samtenging getur virst \u00f3gnvekjandi \u00ed fyrstu, en a\u00f0 n\u00e1 t\u00f6kum \u00e1 henni mun hj\u00e1lpa \u00fe\u00e9r a\u00f0 tj\u00e1 fj\u00f6lda tilfinninga, a\u00f0ger\u00f0a og bl\u00e6brig\u00f0a.<\/p>\n\n\n\n<h3 class=\"wp-block-heading\" id=\"h-4-sentence-structure-word-order-and-agreement\">4. Setningaskipan \u2013 Or\u00f0ar\u00f6\u00f0 og samkomulag<\/h3>\n\n\n\n<p>Tamil fylgir <a href=\"https:\/\/talkpal.ai\/culture\/how-do-you-structure-a-sentence-using-subject-object-verb-order-in-uzbek\/\">Subject-Object-Verb<\/a> (SOV) or\u00f0ar\u00f6\u00f0, sem gerir \u00fea\u00f0 fr\u00e1brug\u00f0i\u00f0 ensku, sem fylgir Subject-Verb-Object (SVO) uppbyggingu. Ennfremur leggur tam\u00edlsk m\u00e1lfr\u00e6\u00f0i \u00e1herslu \u00e1 or\u00f0asamkomulag og tryggir samr\u00e6mi milli nafnor\u00f0a, l\u00fdsingaror\u00f0a og fornafna.<\/p>\n\n\n\n<p>Til d\u00e6mis, \u00e1 tam\u00edlska, er setningin \u201eH\u00fan bor\u00f0ar epli\u201c skrifu\u00f0 sem \u201e\u0b85\u0bb5\u0bb3\u0bcd \u0b92\u0bb0\u0bc1 \u0b86\u0baa\u0bcd\u0baa\u0bbf\u0bb3\u0bcd \u0b9a\u0bbe\u0baa\u0bcd\u0baa\u0bbf\u0b9f\u0bc1\u0b95\u0bbf (\u0bb7\u0b9f\u0bc1\u0b95\u0bbf\u201d \u1e37 s\u0101ppi\u1e6dugi\u1e5f\u0101\u1e37), \u00fear sem nafnor\u00f0 og s\u00f6gn falla saman a\u00f0 kyni og t\u00f6lu.<\/p>\n\n\n\n<h3 class=\"wp-block-heading\" id=\"h-5-embrace-the-journey\">5. Fa\u00f0ma\u00f0u fer\u00f0ina<\/h3>\n\n\n\n<p>\u00dea\u00f0 getur veri\u00f0 krefjandi a\u00f0 l\u00e6ra <a href=\"https:\/\/talkpal.ai\/tamil-grammar\/\">tam\u00edlska m\u00e1lfr\u00e6\u00f0i<\/a>, en \u00fea\u00f0 b\u00fd\u00f0ur upp \u00e1 hli\u00f0 a\u00f0 lifandi b\u00f3kmenntahef\u00f0 og r\u00edkum menningararfi. Mundu a\u00f0 \u00fea\u00f0 er mikilv\u00e6gt a\u00f0 taka eitt skref \u00ed einu og meta ranghala sem <a href=\"https:\/\/talkpal.ai\/locations\/language-courses-in-gera\/\">gera<\/a> tam\u00edlska tungum\u00e1li\u00f0 svo s\u00e9rstakt.<\/p>\n\n\n\n<p>\u00deegar \u00fe\u00fa sko\u00f0ar margbreytileika tam\u00edlskrar m\u00e1lfr\u00e6\u00f0i, vertu viss um a\u00f0 \u00e6fa \u00feig reglulega, hafa samskipti vi\u00f0 m\u00f3\u00f0urm\u00e1l og vertu \u00feolinm\u00f3\u00f0ur vi\u00f0 sj\u00e1lfan \u00feig. Me\u00f0 hollustu muntu opna fegur\u00f0 og au\u00f0leg\u00f0 \u00feessa forna tungum\u00e1ls. \u0b87\u0ba9\u0bbf\u0baf \u0b95\u0bb1\u0bcd\u0bb1\u0bb2\u0bcd \u2013 Iniy ka\u1e5f\u1e5fal (hamingjusamt n\u00e1m)!<\/p>\n<\/div><\/div>\n\r\n<section class=\"learnNavigationSection\">\r\n            \r\n        <a href=\"https:\/\/talkpal.ai\/is\/laerdu-tamilska\/\">\r\n            <div class=\"learnNavigationWrapper\">\r\n                <div class=\"learnNavigationContent\">\r\n                    <img decoding=\"async\" src=\"https:\/\/talkpal.ai\/wp-content\/uploads\/2024\/08\/Tamil.jpg\" alt=\"Indian Simplified Flag\">\r\n                    <div>\r\n                        <h4>Um tam\u00edlskun\u00e1m<\/h4>\r\n                        <p>Finndu \u00fat allt um tam\u00edlska m\u00e1lfr\u00e6\u00f0i.<\/p>\r\n                    <\/div>\r\n                <\/div>\r\n            <\/div>\r\n        <\/a>\r\n\r\n        \r\n        <a href=\"https:\/\/talkpal.ai\/is\/tamil-malfraedi-aefingar\/\">\r\n            <div class=\"learnNavigationWrapper\">\r\n                <div class=\"learnNavigationContent\">\r\n                    <img decoding=\"async\" src=\"https:\/\/talkpal.ai\/wp-content\/uploads\/2024\/08\/Tamil.jpg\" alt=\"Indian Simplified Flag\">\r\n                    <div>\r\n                        <h4>Tam\u00edlska m\u00e1lfr\u00e6\u00f0i\u00e6fing<\/h4>\r\n                        <p>\u00c6f\u00f0u tam\u00edlska m\u00e1lfr\u00e6\u00f0i.<\/p>\r\n                    <\/div>\r\n                <\/div>\r\n            <\/div>\r\n        <\/a>\r\n\r\n        \r\n        <a href=\"https:\/\/talkpal.ai\/vocabulary_language\/tamil\/\">\r\n            <div class=\"learnNavigationWrapper\">\r\n                <div class=\"learnNavigationContent\">\r\n                    <img decoding=\"async\" src=\"https:\/\/talkpal.ai\/wp-content\/uploads\/2024\/08\/Tamil.jpg\" alt=\"Indian Simplified Flag\">\r\n                    <div>\r\n                        <h4>Tam\u00edlska or\u00f0afor\u00f0i<\/h4>\r\n                        <p>St\u00e6kka\u00f0u tam\u00edlska or\u00f0afor\u00f0a \u00feinn.<\/p>\r\n                    <\/div>\r\n                <\/div>\r\n            <\/div>\r\n        <\/a>\r\n\r\n            <\/section>","protected":false},"excerpt":{"rendered":"<p>Tamil m\u00e1lfr\u00e6\u00f0i: A\u00f0 skilja au\u00f0leg\u00f0 tam\u00edlska tungum\u00e1lsins \u00deegar \u00fe\u00fa byrjar a\u00f0 l\u00e6ra tam\u00edlska \u2013 eitt af elstu lifandi tungum\u00e1lum heims \u2013 er nau\u00f0synlegt a\u00f0 afhj\u00fapa margbreytileika m\u00e1lfr\u00e6\u00f0innar og au\u00f0leg\u00f0. Tamil, sem st\u00e1tar af rithef\u00f0 sem n\u00e6r yfir 2,000 \u00e1r aftur \u00ed t\u00edmann, er enn a\u00f0altungum\u00e1l 70 millj\u00f3na h\u00e1talara um allan heim. Til a\u00f0 hj\u00e1lpa \u00fe\u00e9r [&hellip;]<\/p>\n","protected":false},"author":1,"featured_media":120400,"parent":0,"menu_order":0,"comment_status":"closed","ping_status":"closed","template":"LearningContentPage.php","meta":{"_acf_changed":false,"footnotes":""},"class_list":["post-151956","page","type-page","status-publish","has-post-thumbnail","hentry"],"acf":[],"yoast_head":"<!-- This site is optimized with the Yoast SEO Premium plugin v27.2 (Yoast SEO v27.2) - https:\/\/yoast.com\/product\/yoast-seo-premium-wordpress\/ -->\n<title>Tamil m\u00e1lfr\u00e6\u00f0i - Talkpal<\/title>\n<meta name=\"description\" content=\"Kanna\u00f0u grunnatri\u00f0i tam\u00edlsku m\u00e1lfr\u00e6\u00f0innar og auktu skilning \u00feinn \u00e1 \u00feessu r\u00edka tungum\u00e1li.\" \/>\n<meta name=\"robots\" content=\"index, follow, max-snippet:-1, max-image-preview:large, max-video-preview:-1\" \/>\n<link rel=\"canonical\" href=\"https:\/\/talkpal.ai\/is\/tamil-malfraedi\/\" \/>\n<meta property=\"og:locale\" content=\"is_IS\" \/>\n<meta property=\"og:type\" content=\"article\" \/>\n<meta property=\"og:title\" content=\"Tamil m\u00e1lfr\u00e6\u00f0i\" \/>\n<meta property=\"og:description\" content=\"Tamil m\u00e1lfr\u00e6\u00f0i: A\u00f0 skilja au\u00f0leg\u00f0 tam\u00edlska tungum\u00e1lsins \u00deegar \u00fe\u00fa byrjar a\u00f0 l\u00e6ra tam\u00edlska \u2013 eitt af elstu lifandi tungum\u00e1lum heims \u2013 er nau\u00f0synlegt a\u00f0\" \/>\n<meta property=\"og:url\" content=\"https:\/\/talkpal.ai\/is\/tamil-malfraedi\/\" \/>\n<meta property=\"og:site_name\" content=\"Talkpal\" \/>\n<meta property=\"article:publisher\" content=\"https:\/\/www.facebook.com\/profile.php?id=100090733639311\" \/>\n<meta property=\"article:modified_time\" content=\"2025-12-12T11:02:48+00:00\" \/>\n<meta property=\"og:image\" content=\"https:\/\/talkpal.ai\/wp-content\/uploads\/2023\/05\/Tamil-india.png\" \/>\n\t<meta property=\"og:image:width\" content=\"512\" \/>\n\t<meta property=\"og:image:height\" content=\"512\" \/>\n\t<meta property=\"og:image:type\" content=\"image\/png\" \/>\n<meta name=\"twitter:card\" content=\"summary_large_image\" \/>\n<meta name=\"twitter:site\" content=\"@talkpalai\" \/>\n<meta name=\"twitter:label1\" content=\"Est. reading time\" \/>\n\t<meta name=\"twitter:data1\" content=\"3 minutes\" \/>\n<script type=\"application\/ld+json\" class=\"yoast-schema-graph\">{\"@context\":\"https:\/\/schema.org\",\"@graph\":[{\"@type\":\"WebPage\",\"@id\":\"https:\/\/talkpal.ai\/is\/tamil-malfraedi\/\",\"url\":\"https:\/\/talkpal.ai\/is\/tamil-malfraedi\/\",\"name\":\"Tamil m\u00e1lfr\u00e6\u00f0i - Talkpal\",\"isPartOf\":{\"@id\":\"https:\/\/talkpal.ai\/is\/#website\"},\"primaryImageOfPage\":{\"@id\":\"https:\/\/talkpal.ai\/is\/tamil-malfraedi\/#primaryimage\"},\"image\":{\"@id\":\"https:\/\/talkpal.ai\/is\/tamil-malfraedi\/#primaryimage\"},\"thumbnailUrl\":\"https:\/\/talkpal.ai\/wp-content\/uploads\/2023\/05\/Tamil-india.png\",\"datePublished\":\"2023-05-14T14:22:16+00:00\",\"dateModified\":\"2025-12-12T11:02:48+00:00\",\"description\":\"Kanna\u00f0u grunnatri\u00f0i tam\u00edlsku m\u00e1lfr\u00e6\u00f0innar og auktu skilning \u00feinn \u00e1 \u00feessu r\u00edka tungum\u00e1li.\",\"breadcrumb\":{\"@id\":\"https:\/\/talkpal.ai\/is\/tamil-malfraedi\/#breadcrumb\"},\"inLanguage\":\"is\",\"potentialAction\":[{\"@type\":\"ReadAction\",\"target\":[\"https:\/\/talkpal.ai\/is\/tamil-malfraedi\/\"]}]},{\"@type\":\"ImageObject\",\"inLanguage\":\"is\",\"@id\":\"https:\/\/talkpal.ai\/is\/tamil-malfraedi\/#primaryimage\",\"url\":\"https:\/\/talkpal.ai\/wp-content\/uploads\/2023\/05\/Tamil-india.png\",\"contentUrl\":\"https:\/\/talkpal.ai\/wp-content\/uploads\/2023\/05\/Tamil-india.png\",\"width\":512,\"height\":512},{\"@type\":\"BreadcrumbList\",\"@id\":\"https:\/\/talkpal.ai\/is\/tamil-malfraedi\/#breadcrumb\",\"itemListElement\":[{\"@type\":\"ListItem\",\"position\":1,\"name\":\"Homepage\",\"item\":\"https:\/\/talkpal.ai\/is\/\"},{\"@type\":\"ListItem\",\"position\":2,\"name\":\"Tamil m\u00e1lfr\u00e6\u00f0i\"}]},{\"@type\":\"WebSite\",\"@id\":\"https:\/\/talkpal.ai\/is\/#website\",\"url\":\"https:\/\/talkpal.ai\/is\/\",\"name\":\"Talkpal\",\"description\":\"AI Language Learning\",\"publisher\":{\"@id\":\"https:\/\/talkpal.ai\/is\/#organization\"},\"alternateName\":\"Talkpal AI\",\"potentialAction\":[{\"@type\":\"SearchAction\",\"target\":{\"@type\":\"EntryPoint\",\"urlTemplate\":\"https:\/\/talkpal.ai\/is\/?s={search_term_string}\"},\"query-input\":{\"@type\":\"PropertyValueSpecification\",\"valueRequired\":true,\"valueName\":\"search_term_string\"}}],\"inLanguage\":\"is\"},{\"@type\":\"Organization\",\"@id\":\"https:\/\/talkpal.ai\/is\/#organization\",\"name\":\"Talkpal, Inc.\",\"alternateName\":\"Talkpal AI\",\"url\":\"https:\/\/talkpal.ai\/is\/\",\"logo\":{\"@type\":\"ImageObject\",\"inLanguage\":\"is\",\"@id\":\"https:\/\/talkpal.ai\/is\/#\/schema\/logo\/image\/\",\"url\":\"https:\/\/talkpal.ai\/wp-content\/uploads\/2024\/03\/Talkpal-Logo-Icon.png\",\"contentUrl\":\"https:\/\/talkpal.ai\/wp-content\/uploads\/2024\/03\/Talkpal-Logo-Icon.png\",\"width\":2880,\"height\":2880,\"caption\":\"Talkpal, Inc.\"},\"image\":{\"@id\":\"https:\/\/talkpal.ai\/is\/#\/schema\/logo\/image\/\"},\"sameAs\":[\"https:\/\/www.facebook.com\/profile.php?id=100090733639311\",\"https:\/\/x.com\/talkpalai\",\"https:\/\/www.linkedin.com\/company\/talkpal\/\",\"https:\/\/www.youtube.com\/@TalkPal\/\",\"https:\/\/www.tiktok.com\/@talkpal\",\"https:\/\/www.instagram.com\/talkpal_ai\/\",\"https:\/\/www.crunchbase.com\/organization\/talkpal-9cde\",\"https:\/\/www.g2.com\/products\/talkpal-for-business\/\",\"https:\/\/www.trustpilot.com\/review\/talkpal.ai\",\"https:\/\/www.capterra.com\/p\/10006800\/TalkPal\/\"],\"description\":\"Talkpal is a language learning web and mobile education app, powered by the latest AI technologies, that provides engaging experiences to its customers in many different languages to help them improve their language skills. Users can chat about unlimited amount of topics with the app and use other modes to practice their language learning.\",\"email\":\"support@talkpal.ai\",\"legalName\":\"Talkpal, Inc.\",\"foundingDate\":\"2023-04-03\",\"duns\":\"118989042\",\"numberOfEmployees\":{\"@type\":\"QuantitativeValue\",\"minValue\":\"11\",\"maxValue\":\"50\"},\"publishingPrinciples\":\"https:\/\/talkpal.ai\/publishing-principles\/\",\"actionableFeedbackPolicy\":\"https:\/\/talkpal.ai\/actionable-feedback-policy\/\",\"correctionsPolicy\":\"https:\/\/talkpal.ai\/corrections-policy\/\",\"ethicsPolicy\":\"https:\/\/talkpal.ai\/ethics-policy\/\",\"diversityPolicy\":\"https:\/\/talkpal.ai\/diversity-policy\/\",\"diversityStaffingReport\":\"https:\/\/talkpal.ai\/diversity-policy\/\"}]}<\/script>\n<!-- \/ Yoast SEO Premium plugin. -->","yoast_head_json":{"title":"Tamil m\u00e1lfr\u00e6\u00f0i - Talkpal","description":"Kanna\u00f0u grunnatri\u00f0i tam\u00edlsku m\u00e1lfr\u00e6\u00f0innar og auktu skilning \u00feinn \u00e1 \u00feessu r\u00edka tungum\u00e1li.","robots":{"index":"index","follow":"follow","max-snippet":"max-snippet:-1","max-image-preview":"max-image-preview:large","max-video-preview":"max-video-preview:-1"},"canonical":"https:\/\/talkpal.ai\/is\/tamil-malfraedi\/","og_locale":"is_IS","og_type":"article","og_title":"Tamil m\u00e1lfr\u00e6\u00f0i","og_description":"Tamil m\u00e1lfr\u00e6\u00f0i: A\u00f0 skilja au\u00f0leg\u00f0 tam\u00edlska tungum\u00e1lsins \u00deegar \u00fe\u00fa byrjar a\u00f0 l\u00e6ra tam\u00edlska \u2013 eitt af elstu lifandi tungum\u00e1lum heims \u2013 er nau\u00f0synlegt a\u00f0","og_url":"https:\/\/talkpal.ai\/is\/tamil-malfraedi\/","og_site_name":"Talkpal","article_publisher":"https:\/\/www.facebook.com\/profile.php?id=100090733639311","article_modified_time":"2025-12-12T11:02:48+00:00","og_image":[{"width":512,"height":512,"url":"https:\/\/talkpal.ai\/wp-content\/uploads\/2023\/05\/Tamil-india.png","type":"image\/png"}],"twitter_card":"summary_large_image","twitter_site":"@talkpalai","twitter_misc":{"Est. reading time":"3 minutes"},"schema":{"@context":"https:\/\/schema.org","@graph":[{"@type":"WebPage","@id":"https:\/\/talkpal.ai\/is\/tamil-malfraedi\/","url":"https:\/\/talkpal.ai\/is\/tamil-malfraedi\/","name":"Tamil m\u00e1lfr\u00e6\u00f0i - Talkpal","isPartOf":{"@id":"https:\/\/talkpal.ai\/is\/#website"},"primaryImageOfPage":{"@id":"https:\/\/talkpal.ai\/is\/tamil-malfraedi\/#primaryimage"},"image":{"@id":"https:\/\/talkpal.ai\/is\/tamil-malfraedi\/#primaryimage"},"thumbnailUrl":"https:\/\/talkpal.ai\/wp-content\/uploads\/2023\/05\/Tamil-india.png","datePublished":"2023-05-14T14:22:16+00:00","dateModified":"2025-12-12T11:02:48+00:00","description":"Kanna\u00f0u grunnatri\u00f0i tam\u00edlsku m\u00e1lfr\u00e6\u00f0innar og auktu skilning \u00feinn \u00e1 \u00feessu r\u00edka tungum\u00e1li.","breadcrumb":{"@id":"https:\/\/talkpal.ai\/is\/tamil-malfraedi\/#breadcrumb"},"inLanguage":"is","potentialAction":[{"@type":"ReadAction","target":["https:\/\/talkpal.ai\/is\/tamil-malfraedi\/"]}]},{"@type":"ImageObject","inLanguage":"is","@id":"https:\/\/talkpal.ai\/is\/tamil-malfraedi\/#primaryimage","url":"https:\/\/talkpal.ai\/wp-content\/uploads\/2023\/05\/Tamil-india.png","contentUrl":"https:\/\/talkpal.ai\/wp-content\/uploads\/2023\/05\/Tamil-india.png","width":512,"height":512},{"@type":"BreadcrumbList","@id":"https:\/\/talkpal.ai\/is\/tamil-malfraedi\/#breadcrumb","itemListElement":[{"@type":"ListItem","position":1,"name":"Homepage","item":"https:\/\/talkpal.ai\/is\/"},{"@type":"ListItem","position":2,"name":"Tamil m\u00e1lfr\u00e6\u00f0i"}]},{"@type":"WebSite","@id":"https:\/\/talkpal.ai\/is\/#website","url":"https:\/\/talkpal.ai\/is\/","name":"Talkpal","description":"AI Language Learning","publisher":{"@id":"https:\/\/talkpal.ai\/is\/#organization"},"alternateName":"Talkpal AI","potentialAction":[{"@type":"SearchAction","target":{"@type":"EntryPoint","urlTemplate":"https:\/\/talkpal.ai\/is\/?s={search_term_string}"},"query-input":{"@type":"PropertyValueSpecification","valueRequired":true,"valueName":"search_term_string"}}],"inLanguage":"is"},{"@type":"Organization","@id":"https:\/\/talkpal.ai\/is\/#organization","name":"Talkpal, Inc.","alternateName":"Talkpal AI","url":"https:\/\/talkpal.ai\/is\/","logo":{"@type":"ImageObject","inLanguage":"is","@id":"https:\/\/talkpal.ai\/is\/#\/schema\/logo\/image\/","url":"https:\/\/talkpal.ai\/wp-content\/uploads\/2024\/03\/Talkpal-Logo-Icon.png","contentUrl":"https:\/\/talkpal.ai\/wp-content\/uploads\/2024\/03\/Talkpal-Logo-Icon.png","width":2880,"height":2880,"caption":"Talkpal, Inc."},"image":{"@id":"https:\/\/talkpal.ai\/is\/#\/schema\/logo\/image\/"},"sameAs":["https:\/\/www.facebook.com\/profile.php?id=100090733639311","https:\/\/x.com\/talkpalai","https:\/\/www.linkedin.com\/company\/talkpal\/","https:\/\/www.youtube.com\/@TalkPal\/","https:\/\/www.tiktok.com\/@talkpal","https:\/\/www.instagram.com\/talkpal_ai\/","https:\/\/www.crunchbase.com\/organization\/talkpal-9cde","https:\/\/www.g2.com\/products\/talkpal-for-business\/","https:\/\/www.trustpilot.com\/review\/talkpal.ai","https:\/\/www.capterra.com\/p\/10006800\/TalkPal\/"],"description":"Talkpal is a language learning web and mobile education app, powered by the latest AI technologies, that provides engaging experiences to its customers in many different languages to help them improve their language skills. Users can chat about unlimited amount of topics with the app and use other modes to practice their language learning.","email":"support@talkpal.ai","legalName":"Talkpal, Inc.","foundingDate":"2023-04-03","duns":"118989042","numberOfEmployees":{"@type":"QuantitativeValue","minValue":"11","maxValue":"50"},"publishingPrinciples":"https:\/\/talkpal.ai\/publishing-principles\/","actionableFeedbackPolicy":"https:\/\/talkpal.ai\/actionable-feedback-policy\/","correctionsPolicy":"https:\/\/talkpal.ai\/corrections-policy\/","ethicsPolicy":"https:\/\/talkpal.ai\/ethics-policy\/","diversityPolicy":"https:\/\/talkpal.ai\/diversity-policy\/","diversityStaffingReport":"https:\/\/talkpal.ai\/diversity-policy\/"}]}},"_links":{"self":[{"href":"https:\/\/talkpal.ai\/is\/wp-json\/wp\/v2\/pages\/151956","targetHints":{"allow":["GET"]}}],"collection":[{"href":"https:\/\/talkpal.ai\/is\/wp-json\/wp\/v2\/pages"}],"about":[{"href":"https:\/\/talkpal.ai\/is\/wp-json\/wp\/v2\/types\/page"}],"author":[{"embeddable":true,"href":"https:\/\/talkpal.ai\/is\/wp-json\/wp\/v2\/users\/1"}],"replies":[{"embeddable":true,"href":"https:\/\/talkpal.ai\/is\/wp-json\/wp\/v2\/comments?post=151956"}],"version-history":[{"count":0,"href":"https:\/\/talkpal.ai\/is\/wp-json\/wp\/v2\/pages\/151956\/revisions"}],"wp:featuredmedia":[{"embeddable":true,"href":"https:\/\/talkpal.ai\/is\/wp-json\/wp\/v2\/media\/120400"}],"wp:attachment":[{"href":"https:\/\/talkpal.ai\/is\/wp-json\/wp\/v2\/media?parent=151956"}],"curies":[{"name":"wp","href":"https:\/\/api.w.org\/{rel}","templated":true}]}}