{"id":151369,"date":"2023-05-14T14:20:51","date_gmt":"2023-05-14T14:20:51","guid":{"rendered":"http:\/\/talkpal.ai\/velsk-malfraedi\/"},"modified":"2025-12-12T10:59:36","modified_gmt":"2025-12-12T10:59:36","slug":"velsk-malfraedi","status":"publish","type":"page","link":"https:\/\/talkpal.ai\/is\/velsk-malfraedi\/","title":{"rendered":"Velsk m\u00e1lfr\u00e6\u00f0i"},"content":{"rendered":"\r\n\r\n\r\n<section class=\"languageChallengeSection\">\r\n    <div class=\"languageInfoWrapper\">\r\n        \r\n        <h1>Velsk m\u00e1lfr\u00e6\u00f0i<\/h1>\r\n        <p><a href=\"https:\/\/talkpal.ai\/learn-welsh\/\">Velska<\/a> m\u00e1lfr\u00e6\u00f0in kann a\u00f0 vir\u00f0ast krefjandi \u00ed fyrstu, en einst\u00f6k einkenni hennar gera \u00fea\u00f0 a\u00f0 verkum a\u00f0 \u00fea\u00f0 er gefandi a\u00f0 l\u00e6ra tungum\u00e1li\u00f0. Me\u00f0 \u00fev\u00ed a\u00f0 sko\u00f0a stafr\u00f3fi\u00f0, st\u00f6kkbreytingar og m\u00e1lfr\u00e6\u00f0ireglur f\u00e6r\u00f0u inns\u00fdn \u00ed r\u00edka m\u00e1lhef\u00f0. Byrja\u00f0u fer\u00f0alag \u00feitt og uppg\u00f6tva\u00f0u fegur\u00f0 velsku!<\/p>\r\n\r\n                            <a class=\"getStartedHidden\" href=\"https:\/\/app.talkpal.ai\/signup?lng=\">Byrja\u00f0u<\/a>\r\n        \r\n    <\/div>\r\n\r\n    <figure>\r\n    <img decoding=\"async\" width=\"768\" height=\"768\" src=\"https:\/\/talkpal.ai\/wp-content\/uploads\/2023\/06\/welsh-768x768.png\" class=\"languageImage no-lazy\" alt=\"Language learning for better cognitive abilities\" fetchpriority=\"high\" sizes=\"(max-width: 768px) 150px, 768px\" srcset=\"https:\/\/talkpal.ai\/wp-content\/uploads\/2023\/06\/welsh-768x768.png 768w, https:\/\/talkpal.ai\/wp-content\/uploads\/2023\/06\/welsh-300x300.png 300w\" \/>\r\n    \r\n\r\n    <\/figure>\r\n\r\n            <a class=\"getStartedVisible\" href=\"https:\/\/app.talkpal.ai\/signup?lng=\">Byrja\u00f0u<\/a>\r\n    \r\n<\/section>\r\n<section class=\"promotionalBanner\">\r\n    <p class=\"promotionalText\">Skilvirkasta lei\u00f0in til a\u00f0 l\u00e6ra tungum\u00e1l<\/p>\r\n    <a class=\"promotionalLink\" href=\"https:\/\/app.talkpal.ai\/signup?lng=\">Pr\u00f3fa\u00f0u Talkpal \u00f3keypis<\/a>\r\n<\/section>\n<div class=\"wp-block-group pageContainerStyle\"><div class=\"wp-block-group__inner-container is-layout-constrained wp-block-group-is-layout-constrained\">\n<h2 class=\"wp-block-heading\" id=\"h-navigating-the-intricacies-of-welsh-grammar\">Siglingar um ranghala velskrar m\u00e1lfr\u00e6\u00f0i<\/h2>\n\n\n\n<p><a href=\"https:\/\/talkpal.ai\/is\/laerdu-velsku\/\">Velska<\/a> , breskt keltneskt tungum\u00e1l me\u00f0 r\u00edka s\u00f6gu og menningarlega \u00fe\u00fd\u00f0ingu, b\u00fd\u00f0ur upp \u00e1 spennandi tungum\u00e1laupplifun fyrir \u00fe\u00e1 sem vilja kanna einstakt m\u00e1lfr\u00e6\u00f0ikerfi \u00feess. \u00deegar \u00fe\u00fa fer\u00f0 inn \u00e1 r\u00edki velska, muntu ekki a\u00f0eins au\u00f0ga m\u00e1lefnaskr\u00e1na \u00fe\u00edna heldur einnig a\u00f0 fa\u00f0ma heillandi menningarfer\u00f0. \u00de\u00f3tt velska <a href=\"https:\/\/talkpal.ai\/grammar\/\">m\u00e1lfr\u00e6\u00f0i<\/a> geti virst fl\u00f3kin \u00ed fyrstu, \u00fe\u00e1 gerir \u00fea\u00f0 a\u00f0gengilegra <a href=\"https:\/\/talkpal.ai\/is\/talkpal-fyrir-menntun\/\">a\u00f0 l\u00e6ra<\/a> tungum\u00e1li\u00f0 a\u00f0 brj\u00f3ta hana ni\u00f0ur \u00ed kjarna\u00fe\u00e6tti. \u00cd \u00feessari grein munum vi\u00f0 kanna gr\u00edpandi heim velskrar m\u00e1lfr\u00e6\u00f0i og veita r\u00e1\u00f0 um hvernig \u00e1 a\u00f0 n\u00e1 t\u00f6kum \u00e1 margbreytileika hennar.<\/p>\n\n\n\n<h3 class=\"wp-block-heading\" id=\"h-1-welsh-alphabet-and-phonetics\">1. Velska stafr\u00f3fi\u00f0 og hlj\u00f3\u00f0fr\u00e6\u00f0i<\/h3>\n\n\n\n<p>Velska stafr\u00f3fi\u00f0 samanstendur af 29 b\u00f3kst\u00f6fum, sem sumir eru einstakir fyrir tungum\u00e1li\u00f0, eins og \u201ell\u201c, \u201edd\u201c og \u201eff\u201c. Til a\u00f0 <a href=\"https:\/\/talkpal.ai\/is\/laerdu-velsku\/\">l\u00e6ra velska<\/a> m\u00e1lfr\u00e6\u00f0i er mikilv\u00e6gt a\u00f0 kynnast \u00feessu s\u00e9rstaka ritkerfi me\u00f0 \u00fev\u00ed a\u00f0 \u00e6fa sig \u00ed a\u00f0 lesa og skrifa \u00e1 velsku.<\/p>\n\n\n\n<h3 class=\"wp-block-heading\" id=\"h-2-mutations-a-peculiar-welsh-feature\">2. St\u00f6kkbreytingar: S\u00e9rkennilegur velskur eiginleiki<\/h3>\n\n\n\n<p>Einn mest sl\u00e1andi \u00fe\u00e1ttur velskrar m\u00e1lfr\u00e6\u00f0i er algengi st\u00f6kkbreytinga, sem fela \u00ed s\u00e9r breytingar \u00e1 upphafssamhlj\u00f3\u00f0a or\u00f0s. \u00dea\u00f0 eru \u00ferj\u00e1r a\u00f0al tegundir st\u00f6kkbreytinga \u00e1 velsku: mj\u00fak st\u00f6kkbreyting, nefst\u00f6kkbreyting og aspirate st\u00f6kkbreyting. A\u00f0 skilja hven\u00e6r og hvernig \u00feessar st\u00f6kkbreytingar eiga s\u00e9r sta\u00f0 er mikilv\u00e6gt fyrir n\u00e1kv\u00e6m samskipti \u00e1 velsku.<\/p>\n\n\n\n<h3 class=\"wp-block-heading\" id=\"h-3-nouns-and-pronouns-gender-and-cases\">3. Nafnor\u00f0 og forn\u00f6fn: Kyn og m\u00e1l<\/h3>\n\n\n\n<p>Velsk nafnor\u00f0 hafa m\u00e1lfr\u00e6\u00f0ilegt kyn (karlkyn e\u00f0a kvenkyn) og geta fylgt mismunandi fleirt\u00f6lumyndunarreglum eftir kyni \u00feeirra. Forn\u00f6fn \u00e1 velsku innihalda pers\u00f3nuleg, eignarhaldsleg, sj\u00e1lfhverf, m\u00f3tm\u00e6landi og spyrjandi forn\u00f6fn. A\u00f0 kynnast \u00feessum forn\u00f6fnum og formum \u00feeirra mun auka verulega skilning \u00feinn \u00e1 velskri m\u00e1lfr\u00e6\u00f0i.<\/p>\n\n\n\n<h3 class=\"wp-block-heading\" id=\"h-4-verbs-structure-and-conjugation\">4. Sagnir: Uppbygging og samtenging<\/h3>\n\n\n\n<p>Velskar sagnir fylgja einstakri uppbyggingu og beygingarmynstri eftir spennu, skapi og pers\u00f3nu. Nau\u00f0synleg spenna \u00e1 velsku eru n\u00fat\u00ed\u00f0, fort\u00ed\u00f0 og framt\u00ed\u00f0, me\u00f0 vi\u00f0b\u00f3tar\u00fe\u00e1ttum eins og skilyrtu og nau\u00f0synlegu skapi. A\u00f0 l\u00e6ra sagnabeygingarreglurnar mun b\u00e6ta getu \u00fe\u00edna til a\u00f0 eiga skilvirk samskipti \u00e1 velsku.<\/p>\n\n\n\n<h3 class=\"wp-block-heading\" id=\"h-5-adjectives-agreement-and-placement\">5. L\u00fdsingaror\u00f0: Samkomulag og sta\u00f0setning<\/h3>\n\n\n\n<p>\u00cd velskri m\u00e1lfr\u00e6\u00f0i fylgja l\u00fdsingaror\u00f0 venjulega nafnor\u00f0inu sem \u00feau breyta og \u00e6ttu a\u00f0 vera samm\u00e1la nafnor\u00f0inu. Sum l\u00fdsingaror\u00f0 \u00e1 velsku s\u00fdna \u00f3regluleg samanbur\u00f0ar- og yfirbur\u00f0aform, sem eru nau\u00f0synleg til a\u00f0 l\u00e6ra <a href=\"https:\/\/talkpal.ai\/culture\/what-is-the-verb-ad-hafa-and-when-is-it-used\/\">a\u00f0 hafa<\/a> e\u00f0lilegri samskipti.<\/p>\n\n\n\n<p><strong>D\u00e6mi:<\/strong><\/p>\n\n\n\n<p><strong>&#8211; cariad mawr (st\u00f3r \u00e1st)<\/strong><\/p>\n\n\n\n<p><strong>&#8211; planta bach (l\u00edtil b\u00f6rn)<\/strong><\/p>\n\n\n\n<h3 class=\"wp-block-heading\" id=\"h-6-engaging-with-the-language\">6. A\u00f0 taka \u00fe\u00e1tt \u00ed tungum\u00e1linu<\/h3>\n\n\n\n<p>\u00c1hrifar\u00edkasta lei\u00f0in til a\u00f0 skilja og innr\u00e6ta velska m\u00e1lfr\u00e6\u00f0i a\u00f0 fullu er a\u00f0 taka st\u00f6\u00f0ugt \u00fe\u00e1tt \u00ed tungum\u00e1linu. Me\u00f0 \u00fev\u00ed a\u00f0 lesa velskar b\u00f3kmenntir, horfa \u00e1 velskar kvikmyndir e\u00f0a sj\u00f3nvarps\u00fe\u00e6tti og eiga virkan samskipti vi\u00f0 m\u00f3\u00f0urm\u00e1l muntu styrkja skilning \u00feinn \u00e1 m\u00e1lfr\u00e6\u00f0i \u00e1 <a href=\"https:\/\/talkpal.ai\/locations\/language-courses-in-sama\/\">sama<\/a> t\u00edma og \u00fe\u00fa eykur or\u00f0afor\u00f0a \u00feinn.<\/p>\n\n\n\n<h3 class=\"wp-block-heading\" id=\"h-conclusion\">Ni\u00f0ursta\u00f0a<\/h3>\n\n\n\n<p>\u00de\u00f3 a\u00f0 <a href=\"https:\/\/talkpal.ai\/welsh-grammar\/\">velsk m\u00e1lfr\u00e6\u00f0i<\/a> kunni a\u00f0 vir\u00f0ast fl\u00f3kin getur\u00f0u or\u00f0i\u00f0 f\u00e6r \u00ed \u00feessu fallega tungum\u00e1li me\u00f0 hollustu, \u00e6fingu og eldm\u00f3\u00f0i. Me\u00f0 \u00fev\u00ed a\u00f0 einbeita \u00fe\u00e9r a\u00f0 grunnreglunum og takast \u00e1 vi\u00f0 tungum\u00e1li\u00f0 \u00ed mismunandi samhengi munt \u00fe\u00fa hratt b\u00e6ta <a href=\"https:\/\/talkpal.ai\/is\/malfraedi\/\">m\u00e1lfr\u00e6\u00f0ikunn\u00e1ttu<\/a> \u00fe\u00edna \u00ed velsku. Pob lwc (gangi \u00fe\u00e9r vel) me\u00f0 velska tungum\u00e1lafer\u00f0inni \u00feinni og nj\u00f3ttu \u00feess a\u00f0 afhj\u00fapa dularfullan en gr\u00edpandi heim velskrar m\u00e1lfr\u00e6\u00f0i!<\/p>\n<\/div><\/div>\n\r\n<section class=\"learnNavigationSection\">\r\n            \r\n        <a href=\"https:\/\/talkpal.ai\/is\/laerdu-velsku\/\">\r\n            <div class=\"learnNavigationWrapper\">\r\n                <div class=\"learnNavigationContent\">\r\n                    <img decoding=\"async\" src=\"https:\/\/talkpal.ai\/wp-content\/uploads\/2024\/08\/Welsh.jpg\" alt=\"Welsh Flag\">\r\n                    <div>\r\n                        <h4>Um velskun\u00e1m<\/h4>\r\n                        <p>Kynntu \u00fe\u00e9r allt um velska m\u00e1lfr\u00e6\u00f0i.<\/p>\r\n                    <\/div>\r\n                <\/div>\r\n            <\/div>\r\n        <\/a>\r\n\r\n        \r\n        <a href=\"https:\/\/talkpal.ai\/is\/velska-malfraedi-aefingar\/\">\r\n            <div class=\"learnNavigationWrapper\">\r\n                <div class=\"learnNavigationContent\">\r\n                    <img decoding=\"async\" src=\"https:\/\/talkpal.ai\/wp-content\/uploads\/2024\/08\/Welsh.jpg\" alt=\"Welsh Flag\">\r\n                    <div>\r\n                        <h4>Velska m\u00e1lfr\u00e6\u00f0i\u00e6fing<\/h4>\r\n                        <p>\u00c6f\u00f0u velska m\u00e1lfr\u00e6\u00f0i.<\/p>\r\n                    <\/div>\r\n                <\/div>\r\n            <\/div>\r\n        <\/a>\r\n\r\n        \r\n        <a href=\"https:\/\/talkpal.ai\/vocabulary_language\/welsh\/\">\r\n            <div class=\"learnNavigationWrapper\">\r\n                <div class=\"learnNavigationContent\">\r\n                    <img decoding=\"async\" src=\"https:\/\/talkpal.ai\/wp-content\/uploads\/2024\/08\/Welsh.jpg\" alt=\"Welsh Flag\">\r\n                    <div>\r\n                        <h4>Velskur or\u00f0afor\u00f0i<\/h4>\r\n                        <p>St\u00e6kka\u00f0u velska or\u00f0afor\u00f0a \u00feinn.<\/p>\r\n                    <\/div>\r\n                <\/div>\r\n            <\/div>\r\n        <\/a>\r\n\r\n            <\/section>","protected":false},"excerpt":{"rendered":"<p>Siglingar um ranghala velskrar m\u00e1lfr\u00e6\u00f0i Velska , breskt keltneskt tungum\u00e1l me\u00f0 r\u00edka s\u00f6gu og menningarlega \u00fe\u00fd\u00f0ingu, b\u00fd\u00f0ur upp \u00e1 spennandi tungum\u00e1laupplifun fyrir \u00fe\u00e1 sem vilja kanna einstakt m\u00e1lfr\u00e6\u00f0ikerfi \u00feess. \u00deegar \u00fe\u00fa fer\u00f0 inn \u00e1 r\u00edki velska, muntu ekki a\u00f0eins au\u00f0ga m\u00e1lefnaskr\u00e1na \u00fe\u00edna heldur einnig a\u00f0 fa\u00f0ma heillandi menningarfer\u00f0. \u00de\u00f3tt velska m\u00e1lfr\u00e6\u00f0i geti virst fl\u00f3kin \u00ed [&hellip;]<\/p>\n","protected":false},"author":1,"featured_media":121640,"parent":0,"menu_order":0,"comment_status":"closed","ping_status":"closed","template":"LearningContentPage.php","meta":{"_acf_changed":false,"footnotes":""},"class_list":["post-151369","page","type-page","status-publish","has-post-thumbnail","hentry"],"acf":[],"yoast_head":"<!-- This site is optimized with the Yoast SEO Premium plugin v27.2 (Yoast SEO v27.2) - https:\/\/yoast.com\/product\/yoast-seo-premium-wordpress\/ -->\n<title>Velsk m\u00e1lfr\u00e6\u00f0i - Talkpal<\/title>\n<meta name=\"description\" content=\"Kanna\u00f0u fl\u00e6kjur velskrar m\u00e1lfr\u00e6\u00f0i og afhj\u00fapa\u00f0u leyndard\u00f3ma \u00feessa einstaka keltneska tungum\u00e1ls. Byrja\u00f0u fer\u00f0alag \u00feitt \u00ed dag.\" \/>\n<meta name=\"robots\" content=\"index, follow, max-snippet:-1, max-image-preview:large, max-video-preview:-1\" \/>\n<link rel=\"canonical\" href=\"https:\/\/talkpal.ai\/is\/velsk-malfraedi\/\" \/>\n<meta property=\"og:locale\" content=\"is_IS\" \/>\n<meta property=\"og:type\" content=\"article\" \/>\n<meta property=\"og:title\" content=\"Velsk m\u00e1lfr\u00e6\u00f0i\" \/>\n<meta property=\"og:description\" content=\"Siglingar um ranghala velskrar m\u00e1lfr\u00e6\u00f0i Velska , breskt keltneskt tungum\u00e1l me\u00f0 r\u00edka s\u00f6gu og menningarlega \u00fe\u00fd\u00f0ingu, b\u00fd\u00f0ur upp \u00e1 spennandi tungum\u00e1laupplifun\" \/>\n<meta property=\"og:url\" content=\"https:\/\/talkpal.ai\/is\/velsk-malfraedi\/\" \/>\n<meta property=\"og:site_name\" content=\"Talkpal\" \/>\n<meta property=\"article:publisher\" content=\"https:\/\/www.facebook.com\/profile.php?id=100090733639311\" \/>\n<meta property=\"article:modified_time\" content=\"2025-12-12T10:59:36+00:00\" \/>\n<meta property=\"og:image\" content=\"https:\/\/talkpal.ai\/wp-content\/uploads\/2023\/05\/Wales.png\" \/>\n\t<meta property=\"og:image:width\" content=\"512\" \/>\n\t<meta property=\"og:image:height\" content=\"512\" \/>\n\t<meta property=\"og:image:type\" content=\"image\/png\" \/>\n<meta name=\"twitter:card\" content=\"summary_large_image\" \/>\n<meta name=\"twitter:site\" content=\"@talkpalai\" \/>\n<meta name=\"twitter:label1\" content=\"Est. reading time\" \/>\n\t<meta name=\"twitter:data1\" content=\"3 minutes\" \/>\n<script type=\"application\/ld+json\" class=\"yoast-schema-graph\">{\"@context\":\"https:\/\/schema.org\",\"@graph\":[{\"@type\":\"WebPage\",\"@id\":\"https:\/\/talkpal.ai\/is\/velsk-malfraedi\/\",\"url\":\"https:\/\/talkpal.ai\/is\/velsk-malfraedi\/\",\"name\":\"Velsk m\u00e1lfr\u00e6\u00f0i - Talkpal\",\"isPartOf\":{\"@id\":\"https:\/\/talkpal.ai\/is\/#website\"},\"primaryImageOfPage\":{\"@id\":\"https:\/\/talkpal.ai\/is\/velsk-malfraedi\/#primaryimage\"},\"image\":{\"@id\":\"https:\/\/talkpal.ai\/is\/velsk-malfraedi\/#primaryimage\"},\"thumbnailUrl\":\"https:\/\/talkpal.ai\/wp-content\/uploads\/2023\/05\/Wales.png\",\"datePublished\":\"2023-05-14T14:20:51+00:00\",\"dateModified\":\"2025-12-12T10:59:36+00:00\",\"description\":\"Kanna\u00f0u fl\u00e6kjur velskrar m\u00e1lfr\u00e6\u00f0i og afhj\u00fapa\u00f0u leyndard\u00f3ma \u00feessa einstaka keltneska tungum\u00e1ls. Byrja\u00f0u fer\u00f0alag \u00feitt \u00ed dag.\",\"breadcrumb\":{\"@id\":\"https:\/\/talkpal.ai\/is\/velsk-malfraedi\/#breadcrumb\"},\"inLanguage\":\"is\",\"potentialAction\":[{\"@type\":\"ReadAction\",\"target\":[\"https:\/\/talkpal.ai\/is\/velsk-malfraedi\/\"]}]},{\"@type\":\"ImageObject\",\"inLanguage\":\"is\",\"@id\":\"https:\/\/talkpal.ai\/is\/velsk-malfraedi\/#primaryimage\",\"url\":\"https:\/\/talkpal.ai\/wp-content\/uploads\/2023\/05\/Wales.png\",\"contentUrl\":\"https:\/\/talkpal.ai\/wp-content\/uploads\/2023\/05\/Wales.png\",\"width\":512,\"height\":512},{\"@type\":\"BreadcrumbList\",\"@id\":\"https:\/\/talkpal.ai\/is\/velsk-malfraedi\/#breadcrumb\",\"itemListElement\":[{\"@type\":\"ListItem\",\"position\":1,\"name\":\"Homepage\",\"item\":\"https:\/\/talkpal.ai\/is\/\"},{\"@type\":\"ListItem\",\"position\":2,\"name\":\"Velsk m\u00e1lfr\u00e6\u00f0i\"}]},{\"@type\":\"WebSite\",\"@id\":\"https:\/\/talkpal.ai\/is\/#website\",\"url\":\"https:\/\/talkpal.ai\/is\/\",\"name\":\"Talkpal\",\"description\":\"AI Language Learning\",\"publisher\":{\"@id\":\"https:\/\/talkpal.ai\/is\/#organization\"},\"alternateName\":\"Talkpal AI\",\"potentialAction\":[{\"@type\":\"SearchAction\",\"target\":{\"@type\":\"EntryPoint\",\"urlTemplate\":\"https:\/\/talkpal.ai\/is\/?s={search_term_string}\"},\"query-input\":{\"@type\":\"PropertyValueSpecification\",\"valueRequired\":true,\"valueName\":\"search_term_string\"}}],\"inLanguage\":\"is\"},{\"@type\":\"Organization\",\"@id\":\"https:\/\/talkpal.ai\/is\/#organization\",\"name\":\"Talkpal, Inc.\",\"alternateName\":\"Talkpal AI\",\"url\":\"https:\/\/talkpal.ai\/is\/\",\"logo\":{\"@type\":\"ImageObject\",\"inLanguage\":\"is\",\"@id\":\"https:\/\/talkpal.ai\/is\/#\/schema\/logo\/image\/\",\"url\":\"https:\/\/talkpal.ai\/wp-content\/uploads\/2024\/03\/Talkpal-Logo-Icon.png\",\"contentUrl\":\"https:\/\/talkpal.ai\/wp-content\/uploads\/2024\/03\/Talkpal-Logo-Icon.png\",\"width\":2880,\"height\":2880,\"caption\":\"Talkpal, Inc.\"},\"image\":{\"@id\":\"https:\/\/talkpal.ai\/is\/#\/schema\/logo\/image\/\"},\"sameAs\":[\"https:\/\/www.facebook.com\/profile.php?id=100090733639311\",\"https:\/\/x.com\/talkpalai\",\"https:\/\/www.linkedin.com\/company\/talkpal\/\",\"https:\/\/www.youtube.com\/@TalkPal\/\",\"https:\/\/www.tiktok.com\/@talkpal\",\"https:\/\/www.instagram.com\/talkpal_ai\/\",\"https:\/\/www.crunchbase.com\/organization\/talkpal-9cde\",\"https:\/\/www.g2.com\/products\/talkpal-for-business\/\",\"https:\/\/www.trustpilot.com\/review\/talkpal.ai\",\"https:\/\/www.capterra.com\/p\/10006800\/TalkPal\/\"],\"description\":\"Talkpal is a language learning web and mobile education app, powered by the latest AI technologies, that provides engaging experiences to its customers in many different languages to help them improve their language skills. Users can chat about unlimited amount of topics with the app and use other modes to practice their language learning.\",\"email\":\"support@talkpal.ai\",\"legalName\":\"Talkpal, Inc.\",\"foundingDate\":\"2023-04-03\",\"duns\":\"118989042\",\"numberOfEmployees\":{\"@type\":\"QuantitativeValue\",\"minValue\":\"11\",\"maxValue\":\"50\"},\"publishingPrinciples\":\"https:\/\/talkpal.ai\/publishing-principles\/\",\"actionableFeedbackPolicy\":\"https:\/\/talkpal.ai\/actionable-feedback-policy\/\",\"correctionsPolicy\":\"https:\/\/talkpal.ai\/corrections-policy\/\",\"ethicsPolicy\":\"https:\/\/talkpal.ai\/ethics-policy\/\",\"diversityPolicy\":\"https:\/\/talkpal.ai\/diversity-policy\/\",\"diversityStaffingReport\":\"https:\/\/talkpal.ai\/diversity-policy\/\"}]}<\/script>\n<!-- \/ Yoast SEO Premium plugin. -->","yoast_head_json":{"title":"Velsk m\u00e1lfr\u00e6\u00f0i - Talkpal","description":"Kanna\u00f0u fl\u00e6kjur velskrar m\u00e1lfr\u00e6\u00f0i og afhj\u00fapa\u00f0u leyndard\u00f3ma \u00feessa einstaka keltneska tungum\u00e1ls. Byrja\u00f0u fer\u00f0alag \u00feitt \u00ed dag.","robots":{"index":"index","follow":"follow","max-snippet":"max-snippet:-1","max-image-preview":"max-image-preview:large","max-video-preview":"max-video-preview:-1"},"canonical":"https:\/\/talkpal.ai\/is\/velsk-malfraedi\/","og_locale":"is_IS","og_type":"article","og_title":"Velsk m\u00e1lfr\u00e6\u00f0i","og_description":"Siglingar um ranghala velskrar m\u00e1lfr\u00e6\u00f0i Velska , breskt keltneskt tungum\u00e1l me\u00f0 r\u00edka s\u00f6gu og menningarlega \u00fe\u00fd\u00f0ingu, b\u00fd\u00f0ur upp \u00e1 spennandi tungum\u00e1laupplifun","og_url":"https:\/\/talkpal.ai\/is\/velsk-malfraedi\/","og_site_name":"Talkpal","article_publisher":"https:\/\/www.facebook.com\/profile.php?id=100090733639311","article_modified_time":"2025-12-12T10:59:36+00:00","og_image":[{"width":512,"height":512,"url":"https:\/\/talkpal.ai\/wp-content\/uploads\/2023\/05\/Wales.png","type":"image\/png"}],"twitter_card":"summary_large_image","twitter_site":"@talkpalai","twitter_misc":{"Est. reading time":"3 minutes"},"schema":{"@context":"https:\/\/schema.org","@graph":[{"@type":"WebPage","@id":"https:\/\/talkpal.ai\/is\/velsk-malfraedi\/","url":"https:\/\/talkpal.ai\/is\/velsk-malfraedi\/","name":"Velsk m\u00e1lfr\u00e6\u00f0i - Talkpal","isPartOf":{"@id":"https:\/\/talkpal.ai\/is\/#website"},"primaryImageOfPage":{"@id":"https:\/\/talkpal.ai\/is\/velsk-malfraedi\/#primaryimage"},"image":{"@id":"https:\/\/talkpal.ai\/is\/velsk-malfraedi\/#primaryimage"},"thumbnailUrl":"https:\/\/talkpal.ai\/wp-content\/uploads\/2023\/05\/Wales.png","datePublished":"2023-05-14T14:20:51+00:00","dateModified":"2025-12-12T10:59:36+00:00","description":"Kanna\u00f0u fl\u00e6kjur velskrar m\u00e1lfr\u00e6\u00f0i og afhj\u00fapa\u00f0u leyndard\u00f3ma \u00feessa einstaka keltneska tungum\u00e1ls. Byrja\u00f0u fer\u00f0alag \u00feitt \u00ed dag.","breadcrumb":{"@id":"https:\/\/talkpal.ai\/is\/velsk-malfraedi\/#breadcrumb"},"inLanguage":"is","potentialAction":[{"@type":"ReadAction","target":["https:\/\/talkpal.ai\/is\/velsk-malfraedi\/"]}]},{"@type":"ImageObject","inLanguage":"is","@id":"https:\/\/talkpal.ai\/is\/velsk-malfraedi\/#primaryimage","url":"https:\/\/talkpal.ai\/wp-content\/uploads\/2023\/05\/Wales.png","contentUrl":"https:\/\/talkpal.ai\/wp-content\/uploads\/2023\/05\/Wales.png","width":512,"height":512},{"@type":"BreadcrumbList","@id":"https:\/\/talkpal.ai\/is\/velsk-malfraedi\/#breadcrumb","itemListElement":[{"@type":"ListItem","position":1,"name":"Homepage","item":"https:\/\/talkpal.ai\/is\/"},{"@type":"ListItem","position":2,"name":"Velsk m\u00e1lfr\u00e6\u00f0i"}]},{"@type":"WebSite","@id":"https:\/\/talkpal.ai\/is\/#website","url":"https:\/\/talkpal.ai\/is\/","name":"Talkpal","description":"AI Language Learning","publisher":{"@id":"https:\/\/talkpal.ai\/is\/#organization"},"alternateName":"Talkpal AI","potentialAction":[{"@type":"SearchAction","target":{"@type":"EntryPoint","urlTemplate":"https:\/\/talkpal.ai\/is\/?s={search_term_string}"},"query-input":{"@type":"PropertyValueSpecification","valueRequired":true,"valueName":"search_term_string"}}],"inLanguage":"is"},{"@type":"Organization","@id":"https:\/\/talkpal.ai\/is\/#organization","name":"Talkpal, Inc.","alternateName":"Talkpal AI","url":"https:\/\/talkpal.ai\/is\/","logo":{"@type":"ImageObject","inLanguage":"is","@id":"https:\/\/talkpal.ai\/is\/#\/schema\/logo\/image\/","url":"https:\/\/talkpal.ai\/wp-content\/uploads\/2024\/03\/Talkpal-Logo-Icon.png","contentUrl":"https:\/\/talkpal.ai\/wp-content\/uploads\/2024\/03\/Talkpal-Logo-Icon.png","width":2880,"height":2880,"caption":"Talkpal, Inc."},"image":{"@id":"https:\/\/talkpal.ai\/is\/#\/schema\/logo\/image\/"},"sameAs":["https:\/\/www.facebook.com\/profile.php?id=100090733639311","https:\/\/x.com\/talkpalai","https:\/\/www.linkedin.com\/company\/talkpal\/","https:\/\/www.youtube.com\/@TalkPal\/","https:\/\/www.tiktok.com\/@talkpal","https:\/\/www.instagram.com\/talkpal_ai\/","https:\/\/www.crunchbase.com\/organization\/talkpal-9cde","https:\/\/www.g2.com\/products\/talkpal-for-business\/","https:\/\/www.trustpilot.com\/review\/talkpal.ai","https:\/\/www.capterra.com\/p\/10006800\/TalkPal\/"],"description":"Talkpal is a language learning web and mobile education app, powered by the latest AI technologies, that provides engaging experiences to its customers in many different languages to help them improve their language skills. Users can chat about unlimited amount of topics with the app and use other modes to practice their language learning.","email":"support@talkpal.ai","legalName":"Talkpal, Inc.","foundingDate":"2023-04-03","duns":"118989042","numberOfEmployees":{"@type":"QuantitativeValue","minValue":"11","maxValue":"50"},"publishingPrinciples":"https:\/\/talkpal.ai\/publishing-principles\/","actionableFeedbackPolicy":"https:\/\/talkpal.ai\/actionable-feedback-policy\/","correctionsPolicy":"https:\/\/talkpal.ai\/corrections-policy\/","ethicsPolicy":"https:\/\/talkpal.ai\/ethics-policy\/","diversityPolicy":"https:\/\/talkpal.ai\/diversity-policy\/","diversityStaffingReport":"https:\/\/talkpal.ai\/diversity-policy\/"}]}},"_links":{"self":[{"href":"https:\/\/talkpal.ai\/is\/wp-json\/wp\/v2\/pages\/151369","targetHints":{"allow":["GET"]}}],"collection":[{"href":"https:\/\/talkpal.ai\/is\/wp-json\/wp\/v2\/pages"}],"about":[{"href":"https:\/\/talkpal.ai\/is\/wp-json\/wp\/v2\/types\/page"}],"author":[{"embeddable":true,"href":"https:\/\/talkpal.ai\/is\/wp-json\/wp\/v2\/users\/1"}],"replies":[{"embeddable":true,"href":"https:\/\/talkpal.ai\/is\/wp-json\/wp\/v2\/comments?post=151369"}],"version-history":[{"count":0,"href":"https:\/\/talkpal.ai\/is\/wp-json\/wp\/v2\/pages\/151369\/revisions"}],"wp:featuredmedia":[{"embeddable":true,"href":"https:\/\/talkpal.ai\/is\/wp-json\/wp\/v2\/media\/121640"}],"wp:attachment":[{"href":"https:\/\/talkpal.ai\/is\/wp-json\/wp\/v2\/media?parent=151369"}],"curies":[{"name":"wp","href":"https:\/\/api.w.org\/{rel}","templated":true}]}}