{"id":150914,"date":"2023-05-14T14:20:10","date_gmt":"2023-05-14T14:20:10","guid":{"rendered":"http:\/\/talkpal.ai\/slovensk-malfraedi\/"},"modified":"2025-12-12T11:07:14","modified_gmt":"2025-12-12T11:07:14","slug":"slovensk-malfraedi","status":"publish","type":"page","link":"https:\/\/talkpal.ai\/is\/slovensk-malfraedi\/","title":{"rendered":"Sl\u00f3vensk m\u00e1lfr\u00e6\u00f0i"},"content":{"rendered":"\r\n\r\n\r\n<section class=\"languageChallengeSection\">\r\n    <div class=\"languageInfoWrapper\">\r\n        \r\n        <h1>Sl\u00f3vensk m\u00e1lfr\u00e6\u00f0i<\/h1>\r\n        <p>Opna\u00f0u s\u00e9rstakan sjarma sl\u00f3vensku tungum\u00e1lsins me\u00f0 \u00fev\u00ed a\u00f0 n\u00e1 t\u00f6kum \u00e1 grundvallarm\u00e1lfr\u00e6\u00f0ireglum \u00feess. Me\u00f0 g\u00f3\u00f0ri \u00feekkingu \u00e1 sl\u00f3venskri <a href=\"https:\/\/talkpal.ai\/grammar\/\">m\u00e1lfr\u00e6\u00f0i<\/a> munt \u00fe\u00fa geta tengst vi\u00f0 m\u00f3\u00f0urm\u00e1lsmenn og meti\u00f0 betur r\u00edka menningararf landsins. Byrja\u00f0u a\u00f0 l\u00e6ra sl\u00f3vensku m\u00e1lfr\u00e6\u00f0i \u00ed dag og taktu fyrsta skrefi\u00f0 \u00ed \u00e1tt a\u00f0 f\u00e6rni \u00ed sl\u00f3vensku!<\/p>\r\n\r\n                            <a class=\"getStartedHidden\" href=\"https:\/\/app.talkpal.ai\/signup?lng=\">Byrja\u00f0u<\/a>\r\n        \r\n    <\/div>\r\n\r\n    <figure>\r\n    <img decoding=\"async\" width=\"768\" height=\"768\" src=\"https:\/\/talkpal.ai\/wp-content\/uploads\/2023\/06\/slovenian-768x768.png\" class=\"languageImage no-lazy\" alt=\"Language learning for broader perspectives\" fetchpriority=\"high\" sizes=\"(max-width: 768px) 150px, 768px\" srcset=\"https:\/\/talkpal.ai\/wp-content\/uploads\/2023\/06\/slovenian-768x768.png 768w, https:\/\/talkpal.ai\/wp-content\/uploads\/2023\/06\/slovenian-300x300.png 300w\" \/>\r\n    \r\n\r\n    <\/figure>\r\n\r\n            <a class=\"getStartedVisible\" href=\"https:\/\/app.talkpal.ai\/signup?lng=\">Byrja\u00f0u<\/a>\r\n    \r\n<\/section>\r\n<section class=\"promotionalBanner\">\r\n    <p class=\"promotionalText\">Skilvirkasta lei\u00f0in til a\u00f0 l\u00e6ra tungum\u00e1l<\/p>\r\n    <a class=\"promotionalLink\" href=\"https:\/\/app.talkpal.ai\/signup?lng=\">Pr\u00f3fa\u00f0u Talkpal \u00f3keypis<\/a>\r\n<\/section>\n<div class=\"wp-block-group pageContainerStyle\"><div class=\"wp-block-group__inner-container is-layout-constrained wp-block-group-is-layout-constrained\">\n<h1 class=\"wp-block-heading\" id=\"h-slovenian-grammar-a-short-introduction-for-language-lovers\">Sl\u00f3vensk m\u00e1lfr\u00e6\u00f0i: stutt kynning fyrir tungum\u00e1launnendur<\/h1>\n\n\n\n<p>Ertu tilb\u00fainn til a\u00f0 kafa inn \u00ed heillandi heim sl\u00f3vensku, t\u00f6frandi slavnesku? \u00de\u00fa ert \u00ed skemmtun! \u00deessi stutti lei\u00f0arv\u00edsir veitir \u00fe\u00e9r inns\u00fdn \u00ed <a href=\"https:\/\/talkpal.ai\/learn-slovenian\/\">sl\u00f3venska<\/a> m\u00e1lfr\u00e6\u00f0i, sem er nau\u00f0synleg til a\u00f0 skilja og n\u00e1 t\u00f6kum \u00e1 \u00feessu gr\u00edpandi tungum\u00e1li. Svo skulum vi\u00f0 fara \u00ed \u00feetta tungum\u00e1la\u00e6vint\u00fdri og kanna ranghala sl\u00f3venskrar m\u00e1lfr\u00e6\u00f0i skref fyrir skref.<\/p>\n\n\n\n<p><a href=\"https:\/\/talkpal.ai\/learn-slovenian\/\">Sl\u00f3venska<\/a>, einnig \u00feekkt sem sl\u00f3venska, er a\u00f0allega t\u00f6lu\u00f0 \u00ed Sl\u00f3ven\u00edu af um 2,5 millj\u00f3num manna. Sem su\u00f0urslavneskt tungum\u00e1l deilir \u00fea\u00f0 nokkrum eiginleikum me\u00f0 n\u00e1num \u00e6ttingjum s\u00ednum, svo sem serbnesku, kr\u00f3at\u00edsku og b\u00falg\u00f6rsku. Hins vegar st\u00e1tar sl\u00f3venska af einst\u00f6kum fl\u00e6kjum og h\u00e6fileikum.<\/p>\n\n\n\n<p>\u00c1n frekari umm\u00e6la skulum vi\u00f0 kafa ofan \u00ed helstu \u00fe\u00e6tti sl\u00f3venskrar m\u00e1lfr\u00e6\u00f0i:<\/p>\n\n\n\n<h3 class=\"wp-block-heading\" id=\"h-1-nouns-and-cases\">1. Nafnor\u00f0 og m\u00e1l:<\/h3>\n\n\n\n<p>Sl\u00f3vensk nafnor\u00f0 eru \u00ed \u00feremur kynjum &#8211; karlkyns, kvenkyns og hvorugkyns. Hvert nafnor\u00f0 er h\u00e6gt a\u00f0 nota \u00ed einu af sex sl\u00f3vensku tilvikunum: nafnor\u00f0, genitive, dative, accusative, locative og instrumental. \u00deessi tilvik tj\u00e1 mismunandi m\u00e1lfr\u00e6\u00f0ilegar a\u00f0ger\u00f0ir e\u00f0a tengsl milli or\u00f0a, svo \u00fea\u00f0 er mikilv\u00e6gt a\u00f0 l\u00e6ra r\u00e9tta notkun \u00feeirra \u00ed samhengi.<\/p>\n\n\n\n<h3 class=\"wp-block-heading\" id=\"h-2-articles\">2. Greinar:<\/h3>\n\n\n\n<p>H\u00e9r eru g\u00f3\u00f0ar fr\u00e9ttir &#8211; sl\u00f3venska notar ekki greinar eins og \u201ethe\u201c e\u00f0a \u201ea\u201c! \u00deess \u00ed sta\u00f0 er merkingunni mi\u00f0la\u00f0 me\u00f0 \u00fev\u00ed a\u00f0 nota m\u00e1l og or\u00f0ar\u00f6\u00f0. \u00deetta g\u00e6ti gert sl\u00f3venskun\u00e1mi\u00f0 \u00feitt a\u00f0eins au\u00f0veldara, s\u00e9rstaklega ef \u00fe\u00fa ert ekki vanur tungum\u00e1lum me\u00f0 fl\u00f3knu greinakerfi.<\/p>\n\n\n\n<h3 class=\"wp-block-heading\" id=\"h-3-adjectives\">3. L\u00fdsingaror\u00f0:<\/h3>\n\n\n\n<p>R\u00e9tt eins og nafnor\u00f0 eru l\u00fdsingaror\u00f0 \u00e1 sl\u00f3vensku samm\u00e1la \u00ed kyni, t\u00f6lu og falli me\u00f0 nafnor\u00f0inu sem \u00feau breyta. \u00deetta gerir notkun l\u00fdsingaror\u00f0a a\u00f0eins fl\u00f3knari en \u00e1 ensku, en ekki \u00f3ttast \u2013 me\u00f0 \u00e6fingu muntu n\u00e1 t\u00f6kum \u00e1 sl\u00f3venskum l\u00fdsingaror\u00f0um \u00e1 sk\u00f6mmum t\u00edma!<\/p>\n\n\n\n<h3 class=\"wp-block-heading\" id=\"h-4-verbs\">4. Sagnir:<\/h3>\n\n\n\n<p>Sl\u00f3venska hefur \u00feriggja \u00ferepa sagnor\u00f0skerfi: \u00fer\u00edr samtengingarh\u00f3par eftir \u00fev\u00ed a\u00f0 stofn sagnarinnar endar \u00e1 \u00f3endanlegu formi. Sl\u00f3venskar sagnir hafa einnig mismunandi t\u00ed\u00f0ir og skap, \u00fear \u00e1 me\u00f0al hi\u00f0 einstaka tv\u00edmynd, sem nota\u00f0 er \u00feegar v\u00edsa\u00f0 er til tveggja vi\u00f0fangsefna e\u00f0a hluta. Vertu tilb\u00fainn a\u00f0 verja t\u00edma \u00ed a\u00f0 l\u00e6ra og \u00e6fa sl\u00f3venskar sagnasamtengingar til a\u00f0 \u00f6\u00f0last sj\u00e1lfstraust \u00ed tungum\u00e1lakunn\u00e1ttu \u00feinni.<\/p>\n\n\n\n<h3 class=\"wp-block-heading\" id=\"h-5-word-order\">5. Or\u00f0ar\u00f6\u00f0:<\/h3>\n\n\n\n<p>Sl\u00f3venska fylgir yfirleitt efnis-verb-object (SVO) or\u00f0ar\u00f6\u00f0, sem \u00e6tti a\u00f0 vera kunnugleg <a href=\"https:\/\/talkpal.ai\/english-speaking-course\/\">enskum\u00e6landi<\/a>. Hins vegar n\u00fdtur tungum\u00e1li\u00f0 \u00e1kve\u00f0ins sveigjanleika, sem gerir \u00fe\u00e9r kleift a\u00f0 leggja \u00e1herslu \u00e1 \u00e1kve\u00f0na hluta setningarinnar me\u00f0 \u00fev\u00ed a\u00f0 skipta um or\u00f0ar\u00f6\u00f0. Nau\u00f0synlegt er a\u00f0 nota tilvik r\u00e9tt til a\u00f0 for\u00f0ast rugling og koma til\u00e6tlu\u00f0um skilningi \u00e1 framf\u00e6ri.<\/p>\n\n\n\n<h3 class=\"wp-block-heading\" id=\"h-6-pronouns-and-prepositions\">6. Forn\u00f6fn og forsetningar:<\/h3>\n\n\n\n<p>Sl\u00f3vensk forn\u00f6fn, eins og a\u00f0rir \u00fe\u00e6ttir tungum\u00e1lsins, ver\u00f0a fyrir \u00e1hrifum af kyni, t\u00f6lu og falli. \u00deeir koma \u00ed \u00fdmsum myndum, svo sem pers\u00f3nulegum, eignarhaldslegum, s\u00fdnandi og vi\u00f0brag\u00f0sr\u00edkum. A\u00f0 kynnast sl\u00f3venskum forsetningum mun einnig hj\u00e1lpa \u00fe\u00e9r a\u00f0 tengja or\u00f0 og or\u00f0asamb\u00f6nd til a\u00f0 b\u00faa til fl\u00f3knari setningar.<\/p>\n\n\n\n<p>Svo n\u00fana hefur\u00f0u grunnskilning \u00e1 sl\u00f3venskri m\u00e1lfr\u00e6\u00f0i! Haf\u00f0u \u00ed huga a\u00f0 \u00fea\u00f0 a\u00f0 ver\u00f0a f\u00e6r \u00ed hva\u00f0a tungum\u00e1li sem er krefst v\u00edgslu og \u00e6fingar. Taktu vi\u00f0 \u00e1skorunum og ekki hika vi\u00f0 a\u00f0 l\u00e6ra af mist\u00f6kum \u00fe\u00ednum. Mundu a\u00f0 \u00fea\u00f0 a\u00f0 l\u00e6ra n\u00fdtt tungum\u00e1l er spennandi fer\u00f0alag fullt af eftirminnilegum upplifunum og gefandi uppg\u00f6tvunum. Sre\u010dno!<\/p>\n<\/div><\/div>\n\r\n<section class=\"learnNavigationSection\">\r\n            \r\n        <a href=\"https:\/\/talkpal.ai\/is\/laerdu-slovensku\/\">\r\n            <div class=\"learnNavigationWrapper\">\r\n                <div class=\"learnNavigationContent\">\r\n                    <img decoding=\"async\" src=\"https:\/\/talkpal.ai\/wp-content\/uploads\/2024\/08\/Slovenian.jpg\" alt=\"Slovenian Flag\">\r\n                    <div>\r\n                        <h4>Um sl\u00f3venskun\u00e1m<\/h4>\r\n                        <p>L\u00e6r\u00f0u allt um sl\u00f3venska m\u00e1lfr\u00e6\u00f0i.<\/p>\r\n                    <\/div>\r\n                <\/div>\r\n            <\/div>\r\n        <\/a>\r\n\r\n        \r\n        <a href=\"https:\/\/talkpal.ai\/is\/slovenskar-malfraediaefingar\/\">\r\n            <div class=\"learnNavigationWrapper\">\r\n                <div class=\"learnNavigationContent\">\r\n                    <img decoding=\"async\" src=\"https:\/\/talkpal.ai\/wp-content\/uploads\/2024\/08\/Slovenian.jpg\" alt=\"Slovenian Flag\">\r\n                    <div>\r\n                        <h4>Sl\u00f3vensk m\u00e1lfr\u00e6\u00f0i\u00e6fing<\/h4>\r\n                        <p>\u00c6f\u00f0u sl\u00f3venska m\u00e1lfr\u00e6\u00f0i.<\/p>\r\n                    <\/div>\r\n                <\/div>\r\n            <\/div>\r\n        <\/a>\r\n\r\n        \r\n        <a href=\"https:\/\/talkpal.ai\/vocabulary_language\/slovenian\/\">\r\n            <div class=\"learnNavigationWrapper\">\r\n                <div class=\"learnNavigationContent\">\r\n                    <img decoding=\"async\" src=\"https:\/\/talkpal.ai\/wp-content\/uploads\/2024\/08\/Slovenian.jpg\" alt=\"Slovenian Flag\">\r\n                    <div>\r\n                        <h4>Sl\u00f3venskur or\u00f0afor\u00f0i<\/h4>\r\n                        <p>St\u00e6kka\u00f0u sl\u00f3venskan or\u00f0afor\u00f0a \u00feinn.<\/p>\r\n                    <\/div>\r\n                <\/div>\r\n            <\/div>\r\n        <\/a>\r\n\r\n            <\/section>","protected":false},"excerpt":{"rendered":"<p>Sl\u00f3vensk m\u00e1lfr\u00e6\u00f0i: stutt kynning fyrir tungum\u00e1launnendur Ertu tilb\u00fainn til a\u00f0 kafa inn \u00ed heillandi heim sl\u00f3vensku, t\u00f6frandi slavnesku? \u00de\u00fa ert \u00ed skemmtun! \u00deessi stutti lei\u00f0arv\u00edsir veitir \u00fe\u00e9r inns\u00fdn \u00ed sl\u00f3venska m\u00e1lfr\u00e6\u00f0i, sem er nau\u00f0synleg til a\u00f0 skilja og n\u00e1 t\u00f6kum \u00e1 \u00feessu gr\u00edpandi tungum\u00e1li. Svo skulum vi\u00f0 fara \u00ed \u00feetta tungum\u00e1la\u00e6vint\u00fdri og kanna ranghala sl\u00f3venskrar [&hellip;]<\/p>\n","protected":false},"author":1,"featured_media":119612,"parent":0,"menu_order":0,"comment_status":"closed","ping_status":"closed","template":"LearningContentPage.php","meta":{"_acf_changed":false,"footnotes":""},"class_list":["post-150914","page","type-page","status-publish","has-post-thumbnail","hentry"],"acf":[],"yoast_head":"<!-- This site is optimized with the Yoast SEO Premium plugin v27.2 (Yoast SEO v27.2) - https:\/\/yoast.com\/product\/yoast-seo-premium-wordpress\/ -->\n<title>Sl\u00f3vensk m\u00e1lfr\u00e6\u00f0i - Talkpal<\/title>\n<meta name=\"description\" content=\"Kanna\u00f0u fl\u00e6kjustig sl\u00f3venskrar m\u00e1lfr\u00e6\u00f0i til a\u00f0 b\u00e6ta tungum\u00e1lakunn\u00e1ttu og skilning. N\u00e1\u00f0u t\u00f6kum \u00e1 m\u00e1lfr\u00e6\u00f0inni \u00ed dag.\" \/>\n<meta name=\"robots\" content=\"index, follow, max-snippet:-1, max-image-preview:large, max-video-preview:-1\" \/>\n<link rel=\"canonical\" href=\"https:\/\/talkpal.ai\/is\/slovensk-malfraedi\/\" \/>\n<meta property=\"og:locale\" content=\"is_IS\" \/>\n<meta property=\"og:type\" content=\"article\" \/>\n<meta property=\"og:title\" content=\"Sl\u00f3vensk m\u00e1lfr\u00e6\u00f0i\" \/>\n<meta property=\"og:description\" content=\"Sl\u00f3vensk m\u00e1lfr\u00e6\u00f0i: stutt kynning fyrir tungum\u00e1launnendur Ertu tilb\u00fainn til a\u00f0 kafa inn \u00ed heillandi heim sl\u00f3vensku, t\u00f6frandi slavnesku? \u00de\u00fa ert \u00ed skemmtun!\" \/>\n<meta property=\"og:url\" content=\"https:\/\/talkpal.ai\/is\/slovensk-malfraedi\/\" \/>\n<meta property=\"og:site_name\" content=\"Talkpal\" \/>\n<meta property=\"article:publisher\" content=\"https:\/\/www.facebook.com\/profile.php?id=100090733639311\" \/>\n<meta property=\"article:modified_time\" content=\"2025-12-12T11:07:14+00:00\" \/>\n<meta property=\"og:image\" content=\"https:\/\/talkpal.ai\/wp-content\/uploads\/2023\/05\/slovenia.png\" \/>\n\t<meta property=\"og:image:width\" content=\"512\" \/>\n\t<meta property=\"og:image:height\" content=\"512\" \/>\n\t<meta property=\"og:image:type\" content=\"image\/png\" \/>\n<meta name=\"twitter:card\" content=\"summary_large_image\" \/>\n<meta name=\"twitter:site\" content=\"@talkpalai\" \/>\n<meta name=\"twitter:label1\" content=\"Est. reading time\" \/>\n\t<meta name=\"twitter:data1\" content=\"3 minutes\" \/>\n<script type=\"application\/ld+json\" class=\"yoast-schema-graph\">{\"@context\":\"https:\/\/schema.org\",\"@graph\":[{\"@type\":\"WebPage\",\"@id\":\"https:\/\/talkpal.ai\/is\/slovensk-malfraedi\/\",\"url\":\"https:\/\/talkpal.ai\/is\/slovensk-malfraedi\/\",\"name\":\"Sl\u00f3vensk m\u00e1lfr\u00e6\u00f0i - Talkpal\",\"isPartOf\":{\"@id\":\"https:\/\/talkpal.ai\/is\/#website\"},\"primaryImageOfPage\":{\"@id\":\"https:\/\/talkpal.ai\/is\/slovensk-malfraedi\/#primaryimage\"},\"image\":{\"@id\":\"https:\/\/talkpal.ai\/is\/slovensk-malfraedi\/#primaryimage\"},\"thumbnailUrl\":\"https:\/\/talkpal.ai\/wp-content\/uploads\/2023\/05\/slovenia.png\",\"datePublished\":\"2023-05-14T14:20:10+00:00\",\"dateModified\":\"2025-12-12T11:07:14+00:00\",\"description\":\"Kanna\u00f0u fl\u00e6kjustig sl\u00f3venskrar m\u00e1lfr\u00e6\u00f0i til a\u00f0 b\u00e6ta tungum\u00e1lakunn\u00e1ttu og skilning. N\u00e1\u00f0u t\u00f6kum \u00e1 m\u00e1lfr\u00e6\u00f0inni \u00ed dag.\",\"breadcrumb\":{\"@id\":\"https:\/\/talkpal.ai\/is\/slovensk-malfraedi\/#breadcrumb\"},\"inLanguage\":\"is\",\"potentialAction\":[{\"@type\":\"ReadAction\",\"target\":[\"https:\/\/talkpal.ai\/is\/slovensk-malfraedi\/\"]}]},{\"@type\":\"ImageObject\",\"inLanguage\":\"is\",\"@id\":\"https:\/\/talkpal.ai\/is\/slovensk-malfraedi\/#primaryimage\",\"url\":\"https:\/\/talkpal.ai\/wp-content\/uploads\/2023\/05\/slovenia.png\",\"contentUrl\":\"https:\/\/talkpal.ai\/wp-content\/uploads\/2023\/05\/slovenia.png\",\"width\":512,\"height\":512},{\"@type\":\"BreadcrumbList\",\"@id\":\"https:\/\/talkpal.ai\/is\/slovensk-malfraedi\/#breadcrumb\",\"itemListElement\":[{\"@type\":\"ListItem\",\"position\":1,\"name\":\"Homepage\",\"item\":\"https:\/\/talkpal.ai\/is\/\"},{\"@type\":\"ListItem\",\"position\":2,\"name\":\"Sl\u00f3vensk m\u00e1lfr\u00e6\u00f0i\"}]},{\"@type\":\"WebSite\",\"@id\":\"https:\/\/talkpal.ai\/is\/#website\",\"url\":\"https:\/\/talkpal.ai\/is\/\",\"name\":\"Talkpal\",\"description\":\"AI Language Learning\",\"publisher\":{\"@id\":\"https:\/\/talkpal.ai\/is\/#organization\"},\"alternateName\":\"Talkpal AI\",\"potentialAction\":[{\"@type\":\"SearchAction\",\"target\":{\"@type\":\"EntryPoint\",\"urlTemplate\":\"https:\/\/talkpal.ai\/is\/?s={search_term_string}\"},\"query-input\":{\"@type\":\"PropertyValueSpecification\",\"valueRequired\":true,\"valueName\":\"search_term_string\"}}],\"inLanguage\":\"is\"},{\"@type\":\"Organization\",\"@id\":\"https:\/\/talkpal.ai\/is\/#organization\",\"name\":\"Talkpal, Inc.\",\"alternateName\":\"Talkpal AI\",\"url\":\"https:\/\/talkpal.ai\/is\/\",\"logo\":{\"@type\":\"ImageObject\",\"inLanguage\":\"is\",\"@id\":\"https:\/\/talkpal.ai\/is\/#\/schema\/logo\/image\/\",\"url\":\"https:\/\/talkpal.ai\/wp-content\/uploads\/2024\/03\/Talkpal-Logo-Icon.png\",\"contentUrl\":\"https:\/\/talkpal.ai\/wp-content\/uploads\/2024\/03\/Talkpal-Logo-Icon.png\",\"width\":2880,\"height\":2880,\"caption\":\"Talkpal, Inc.\"},\"image\":{\"@id\":\"https:\/\/talkpal.ai\/is\/#\/schema\/logo\/image\/\"},\"sameAs\":[\"https:\/\/www.facebook.com\/profile.php?id=100090733639311\",\"https:\/\/x.com\/talkpalai\",\"https:\/\/www.linkedin.com\/company\/talkpal\/\",\"https:\/\/www.youtube.com\/@TalkPal\/\",\"https:\/\/www.tiktok.com\/@talkpal\",\"https:\/\/www.instagram.com\/talkpal_ai\/\",\"https:\/\/www.crunchbase.com\/organization\/talkpal-9cde\",\"https:\/\/www.g2.com\/products\/talkpal-for-business\/\",\"https:\/\/www.trustpilot.com\/review\/talkpal.ai\",\"https:\/\/www.capterra.com\/p\/10006800\/TalkPal\/\"],\"description\":\"Talkpal is a language learning web and mobile education app, powered by the latest AI technologies, that provides engaging experiences to its customers in many different languages to help them improve their language skills. Users can chat about unlimited amount of topics with the app and use other modes to practice their language learning.\",\"email\":\"support@talkpal.ai\",\"legalName\":\"Talkpal, Inc.\",\"foundingDate\":\"2023-04-03\",\"duns\":\"118989042\",\"numberOfEmployees\":{\"@type\":\"QuantitativeValue\",\"minValue\":\"11\",\"maxValue\":\"50\"},\"publishingPrinciples\":\"https:\/\/talkpal.ai\/publishing-principles\/\",\"actionableFeedbackPolicy\":\"https:\/\/talkpal.ai\/actionable-feedback-policy\/\",\"correctionsPolicy\":\"https:\/\/talkpal.ai\/corrections-policy\/\",\"ethicsPolicy\":\"https:\/\/talkpal.ai\/ethics-policy\/\",\"diversityPolicy\":\"https:\/\/talkpal.ai\/diversity-policy\/\",\"diversityStaffingReport\":\"https:\/\/talkpal.ai\/diversity-policy\/\"}]}<\/script>\n<!-- \/ Yoast SEO Premium plugin. -->","yoast_head_json":{"title":"Sl\u00f3vensk m\u00e1lfr\u00e6\u00f0i - Talkpal","description":"Kanna\u00f0u fl\u00e6kjustig sl\u00f3venskrar m\u00e1lfr\u00e6\u00f0i til a\u00f0 b\u00e6ta tungum\u00e1lakunn\u00e1ttu og skilning. N\u00e1\u00f0u t\u00f6kum \u00e1 m\u00e1lfr\u00e6\u00f0inni \u00ed dag.","robots":{"index":"index","follow":"follow","max-snippet":"max-snippet:-1","max-image-preview":"max-image-preview:large","max-video-preview":"max-video-preview:-1"},"canonical":"https:\/\/talkpal.ai\/is\/slovensk-malfraedi\/","og_locale":"is_IS","og_type":"article","og_title":"Sl\u00f3vensk m\u00e1lfr\u00e6\u00f0i","og_description":"Sl\u00f3vensk m\u00e1lfr\u00e6\u00f0i: stutt kynning fyrir tungum\u00e1launnendur Ertu tilb\u00fainn til a\u00f0 kafa inn \u00ed heillandi heim sl\u00f3vensku, t\u00f6frandi slavnesku? \u00de\u00fa ert \u00ed skemmtun!","og_url":"https:\/\/talkpal.ai\/is\/slovensk-malfraedi\/","og_site_name":"Talkpal","article_publisher":"https:\/\/www.facebook.com\/profile.php?id=100090733639311","article_modified_time":"2025-12-12T11:07:14+00:00","og_image":[{"width":512,"height":512,"url":"https:\/\/talkpal.ai\/wp-content\/uploads\/2023\/05\/slovenia.png","type":"image\/png"}],"twitter_card":"summary_large_image","twitter_site":"@talkpalai","twitter_misc":{"Est. reading time":"3 minutes"},"schema":{"@context":"https:\/\/schema.org","@graph":[{"@type":"WebPage","@id":"https:\/\/talkpal.ai\/is\/slovensk-malfraedi\/","url":"https:\/\/talkpal.ai\/is\/slovensk-malfraedi\/","name":"Sl\u00f3vensk m\u00e1lfr\u00e6\u00f0i - Talkpal","isPartOf":{"@id":"https:\/\/talkpal.ai\/is\/#website"},"primaryImageOfPage":{"@id":"https:\/\/talkpal.ai\/is\/slovensk-malfraedi\/#primaryimage"},"image":{"@id":"https:\/\/talkpal.ai\/is\/slovensk-malfraedi\/#primaryimage"},"thumbnailUrl":"https:\/\/talkpal.ai\/wp-content\/uploads\/2023\/05\/slovenia.png","datePublished":"2023-05-14T14:20:10+00:00","dateModified":"2025-12-12T11:07:14+00:00","description":"Kanna\u00f0u fl\u00e6kjustig sl\u00f3venskrar m\u00e1lfr\u00e6\u00f0i til a\u00f0 b\u00e6ta tungum\u00e1lakunn\u00e1ttu og skilning. N\u00e1\u00f0u t\u00f6kum \u00e1 m\u00e1lfr\u00e6\u00f0inni \u00ed dag.","breadcrumb":{"@id":"https:\/\/talkpal.ai\/is\/slovensk-malfraedi\/#breadcrumb"},"inLanguage":"is","potentialAction":[{"@type":"ReadAction","target":["https:\/\/talkpal.ai\/is\/slovensk-malfraedi\/"]}]},{"@type":"ImageObject","inLanguage":"is","@id":"https:\/\/talkpal.ai\/is\/slovensk-malfraedi\/#primaryimage","url":"https:\/\/talkpal.ai\/wp-content\/uploads\/2023\/05\/slovenia.png","contentUrl":"https:\/\/talkpal.ai\/wp-content\/uploads\/2023\/05\/slovenia.png","width":512,"height":512},{"@type":"BreadcrumbList","@id":"https:\/\/talkpal.ai\/is\/slovensk-malfraedi\/#breadcrumb","itemListElement":[{"@type":"ListItem","position":1,"name":"Homepage","item":"https:\/\/talkpal.ai\/is\/"},{"@type":"ListItem","position":2,"name":"Sl\u00f3vensk m\u00e1lfr\u00e6\u00f0i"}]},{"@type":"WebSite","@id":"https:\/\/talkpal.ai\/is\/#website","url":"https:\/\/talkpal.ai\/is\/","name":"Talkpal","description":"AI Language Learning","publisher":{"@id":"https:\/\/talkpal.ai\/is\/#organization"},"alternateName":"Talkpal AI","potentialAction":[{"@type":"SearchAction","target":{"@type":"EntryPoint","urlTemplate":"https:\/\/talkpal.ai\/is\/?s={search_term_string}"},"query-input":{"@type":"PropertyValueSpecification","valueRequired":true,"valueName":"search_term_string"}}],"inLanguage":"is"},{"@type":"Organization","@id":"https:\/\/talkpal.ai\/is\/#organization","name":"Talkpal, Inc.","alternateName":"Talkpal AI","url":"https:\/\/talkpal.ai\/is\/","logo":{"@type":"ImageObject","inLanguage":"is","@id":"https:\/\/talkpal.ai\/is\/#\/schema\/logo\/image\/","url":"https:\/\/talkpal.ai\/wp-content\/uploads\/2024\/03\/Talkpal-Logo-Icon.png","contentUrl":"https:\/\/talkpal.ai\/wp-content\/uploads\/2024\/03\/Talkpal-Logo-Icon.png","width":2880,"height":2880,"caption":"Talkpal, Inc."},"image":{"@id":"https:\/\/talkpal.ai\/is\/#\/schema\/logo\/image\/"},"sameAs":["https:\/\/www.facebook.com\/profile.php?id=100090733639311","https:\/\/x.com\/talkpalai","https:\/\/www.linkedin.com\/company\/talkpal\/","https:\/\/www.youtube.com\/@TalkPal\/","https:\/\/www.tiktok.com\/@talkpal","https:\/\/www.instagram.com\/talkpal_ai\/","https:\/\/www.crunchbase.com\/organization\/talkpal-9cde","https:\/\/www.g2.com\/products\/talkpal-for-business\/","https:\/\/www.trustpilot.com\/review\/talkpal.ai","https:\/\/www.capterra.com\/p\/10006800\/TalkPal\/"],"description":"Talkpal is a language learning web and mobile education app, powered by the latest AI technologies, that provides engaging experiences to its customers in many different languages to help them improve their language skills. Users can chat about unlimited amount of topics with the app and use other modes to practice their language learning.","email":"support@talkpal.ai","legalName":"Talkpal, Inc.","foundingDate":"2023-04-03","duns":"118989042","numberOfEmployees":{"@type":"QuantitativeValue","minValue":"11","maxValue":"50"},"publishingPrinciples":"https:\/\/talkpal.ai\/publishing-principles\/","actionableFeedbackPolicy":"https:\/\/talkpal.ai\/actionable-feedback-policy\/","correctionsPolicy":"https:\/\/talkpal.ai\/corrections-policy\/","ethicsPolicy":"https:\/\/talkpal.ai\/ethics-policy\/","diversityPolicy":"https:\/\/talkpal.ai\/diversity-policy\/","diversityStaffingReport":"https:\/\/talkpal.ai\/diversity-policy\/"}]}},"_links":{"self":[{"href":"https:\/\/talkpal.ai\/is\/wp-json\/wp\/v2\/pages\/150914","targetHints":{"allow":["GET"]}}],"collection":[{"href":"https:\/\/talkpal.ai\/is\/wp-json\/wp\/v2\/pages"}],"about":[{"href":"https:\/\/talkpal.ai\/is\/wp-json\/wp\/v2\/types\/page"}],"author":[{"embeddable":true,"href":"https:\/\/talkpal.ai\/is\/wp-json\/wp\/v2\/users\/1"}],"replies":[{"embeddable":true,"href":"https:\/\/talkpal.ai\/is\/wp-json\/wp\/v2\/comments?post=150914"}],"version-history":[{"count":0,"href":"https:\/\/talkpal.ai\/is\/wp-json\/wp\/v2\/pages\/150914\/revisions"}],"wp:featuredmedia":[{"embeddable":true,"href":"https:\/\/talkpal.ai\/is\/wp-json\/wp\/v2\/media\/119612"}],"wp:attachment":[{"href":"https:\/\/talkpal.ai\/is\/wp-json\/wp\/v2\/media?parent=150914"}],"curies":[{"name":"wp","href":"https:\/\/api.w.org\/{rel}","templated":true}]}}