{"id":150163,"date":"2023-05-14T14:19:49","date_gmt":"2023-05-14T14:19:49","guid":{"rendered":"http:\/\/talkpal.ai\/slovakisk-malfraedi\/"},"modified":"2025-12-12T11:12:08","modified_gmt":"2025-12-12T11:12:08","slug":"slovakisk-malfraedi","status":"publish","type":"page","link":"https:\/\/talkpal.ai\/is\/slovakisk-malfraedi\/","title":{"rendered":"Sl\u00f3vak\u00edsk m\u00e1lfr\u00e6\u00f0i"},"content":{"rendered":"\r\n\r\n\r\n<section class=\"languageChallengeSection\">\r\n    <div class=\"languageInfoWrapper\">\r\n        \r\n        <h1>Sl\u00f3vak\u00edsk m\u00e1lfr\u00e6\u00f0i<\/h1>\r\n        <p>Opna\u00f0u fegur\u00f0 sl\u00f3vak\u00edsku tungum\u00e1lsins me\u00f0 \u00fev\u00ed a\u00f0 l\u00e6ra grunnreglur m\u00e1lfr\u00e6\u00f0innar. A\u00f0 skilja sl\u00f3vak\u00edska <a href=\"https:\/\/talkpal.ai\/grammar\/\">m\u00e1lfr\u00e6\u00f0i<\/a> mun hj\u00e1lpa \u00fe\u00e9r a\u00f0 eiga samskipti af \u00f6ryggi og tengjast d\u00fdpri vi\u00f0 r\u00edkar hef\u00f0ir Sl\u00f3vak\u00edu. Byrja\u00f0u fer\u00f0alag \u00feitt \u00ed dag og taktu fyrsta skrefi\u00f0 \u00ed \u00e1tt a\u00f0 \u00fev\u00ed a\u00f0 n\u00e1 t\u00f6kum \u00e1 sl\u00f3vak\u00edsku!\n\n<\/p>\r\n\r\n                            <a class=\"getStartedHidden\" href=\"https:\/\/app.talkpal.ai\/signup?lng=\">Byrja\u00f0u<\/a>\r\n        \r\n    <\/div>\r\n\r\n    <figure>\r\n    <img decoding=\"async\" width=\"768\" height=\"768\" src=\"https:\/\/talkpal.ai\/wp-content\/uploads\/2023\/06\/slovak-768x768.png\" class=\"languageImage no-lazy\" alt=\"Language learning for cross-cultural competence\" fetchpriority=\"high\" sizes=\"(max-width: 768px) 150px, 768px\" srcset=\"https:\/\/talkpal.ai\/wp-content\/uploads\/2023\/06\/slovak-768x768.png 768w, https:\/\/talkpal.ai\/wp-content\/uploads\/2023\/06\/slovak-300x300.png 300w\" \/>\r\n    \r\n\r\n    <\/figure>\r\n\r\n            <a class=\"getStartedVisible\" href=\"https:\/\/app.talkpal.ai\/signup?lng=\">Byrja\u00f0u<\/a>\r\n    \r\n<\/section>\r\n<section class=\"promotionalBanner\">\r\n    <p class=\"promotionalText\">Skilvirkasta lei\u00f0in til a\u00f0 l\u00e6ra tungum\u00e1l<\/p>\r\n    <a class=\"promotionalLink\" href=\"https:\/\/app.talkpal.ai\/signup?lng=\">Pr\u00f3fa\u00f0u Talkpal \u00f3keypis<\/a>\r\n<\/section>\n<div class=\"wp-block-group pageContainerStyle\"><div class=\"wp-block-group__inner-container is-layout-constrained wp-block-group-is-layout-constrained\">\n<h2 class=\"wp-block-heading\" id=\"h-slovak-grammar-the-key-to-unlocking-a-beautiful-language\">Sl\u00f3vak\u00edsk m\u00e1lfr\u00e6\u00f0i: lykillinn a\u00f0 \u00fev\u00ed a\u00f0 opna fallegt tungum\u00e1l<\/h2>\n\n\n\n<p>\u00c6tlar \u00fe\u00fa a\u00f0 l\u00e6ra sl\u00f3vak\u00edsku e\u00f0a bara forvitinn um einstaka m\u00e1lfr\u00e6\u00f0i \u00feess? \u00de\u00fa ert \u00e1 r\u00e9ttum sta\u00f0! <a href=\"https:\/\/talkpal.ai\/slovak-grammar\/\">Sl\u00f3vak\u00edsk m\u00e1lfr\u00e6\u00f0i<\/a> kann a\u00f0 vir\u00f0ast \u00f3gnvekjandi vi\u00f0 fyrstu s\u00fdn, en ekki hafa \u00e1hyggjur &#8211; \u00fea\u00f0 er \u00ed raun alveg r\u00f6kr\u00e9tt og vi\u00f0r\u00e1\u00f0anlegt. \u00cd \u00feessari grein munum vi\u00f0 kanna inn og \u00fat sl\u00f3vak\u00edska m\u00e1lfr\u00e6\u00f0i til a\u00f0 hj\u00e1lpa \u00fe\u00e9r a\u00f0 skilja betur og meta fegur\u00f0 hennar.<\/p>\n\n\n\n<p>Fyrst skulum vi\u00f0 <a href=\"https:\/\/talkpal.ai\/ko\/ai-%ec%96%b8%ec%96%b4-%ea%b5%90%ec%82%ac\/\">byrja<\/a> \u00e1 sm\u00e1 bakgrunni. Sl\u00f3vak\u00edska er vesturslavneskt tungum\u00e1l sem a\u00f0allega er tala\u00f0 \u00ed Sl\u00f3vak\u00edu, en einnig er h\u00e6gt a\u00f0 finna \u00fe\u00e1 sem <a href=\"https:\/\/talkpal.ai\/locations\/language-courses-in-tala\/\">tala<\/a> \u00ed n\u00e1grannal\u00f6ndunum. Sem slavneskt tungum\u00e1l deilir \u00fea\u00f0 margt l\u00edkt me\u00f0 \u00f6\u00f0rum tungum\u00e1lum \u00e1 sv\u00e6\u00f0inu, eins og t\u00e9kknesku og p\u00f3lsku. Hins vegar hefur \u00fea\u00f0 s\u00ednar s\u00e9rst\u00f6ku m\u00e1lfr\u00e6\u00f0ireglur og notkunarmynstur sem a\u00f0greina \u00fea\u00f0.<\/p>\n\n\n\n<p>N\u00fa skulum vi\u00f0 kafa ofan \u00ed nokkra af mikilv\u00e6gustu \u00fe\u00e1ttum sl\u00f3vak\u00edskrar m\u00e1lfr\u00e6\u00f0i.<\/p>\n\n\n\n<h3 class=\"wp-block-heading\" id=\"h-1-nouns-and-their-cases\">1. Nafnor\u00f0 og m\u00e1l \u00feeirra<\/h3>\n\n\n\n<p>Eitt mest sl\u00e1andi einkenni sl\u00f3vak\u00edskrar m\u00e1lfr\u00e6\u00f0i er fl\u00f3ki\u00f0 m\u00e1lakerfi hennar. Ef \u00fe\u00fa ert kunnugur \u00fe\u00fdsku e\u00f0a r\u00fassnesku, veistu hva\u00f0 vi\u00f0 erum a\u00f0 tala um: Sl\u00f3vak\u00edsk nafnor\u00f0 breyta formi eftir hlutverki \u00feeirra \u00ed setningu. Me\u00f0 sj\u00f6 f\u00f6llum (nefnifalli, eignarfalli, dau\u00f0falli, setningarfalli, sta\u00f0setningum, hlj\u00f3\u00f0f\u00e6ri og or\u00f0falli), g\u00e6ti \u00feetta virst yfir\u00feyrmandi \u00ed fyrstu, en ekki gefast upp! \u00deegar ma\u00f0ur er <a href=\"https:\/\/talkpal.ai\/culture\/how-do-i-use-the-construction-buinn-ad-correctly\/\">b\u00fainn a\u00f0<\/a> n\u00e1 t\u00f6kum \u00e1 \u00feessu er \u00feetta \u00f3tr\u00falega r\u00f6kr\u00e9tt og jafnvel skemmtilegt.<\/p>\n\n\n\n<p>T\u00f6kum nafnor\u00f0i\u00f0 \u201echlapec\u201c (str\u00e1kur) sem d\u00e6mi. \u00dea\u00f0 getur breyst \u00ed \u201echlapca,\u201c \u201echlapcovi,\u201c \u201echlapcom,\u201c og svo framvegis, eftir \u00fev\u00ed hvort \u00fea\u00f0 er vi\u00f0fangsefni, hlutur e\u00f0a vi\u00f0takandi a\u00f0ger\u00f0ar. Endingarnar eru einnig h\u00e1\u00f0ar kyni nafnor\u00f0sins (karlkyns, kvenkyns e\u00f0a hvorugkyns), sem gefur tungum\u00e1linu enn meiri fj\u00f6lbreytni.<\/p>\n\n\n\n<h3 class=\"wp-block-heading\" id=\"h-2-verb-conjugation-and-tenses\">2. Sagnbeyging og spennur<\/h3>\n\n\n\n<p>Sl\u00f3vak\u00edskar sagnir breyta endingum s\u00ednum eftir pers\u00f3nu og t\u00f6lu (eint\u00f6lu e\u00f0a fleirt\u00f6lu) vi\u00f0fangsefnisins. Til d\u00e6mis getur s\u00f6gnin \u201evidie\u0165\u201c (a\u00f0 sj\u00e1) or\u00f0i\u00f0 \u201evid\u00edm\u201c (\u00e9g s\u00e9), \u201evid\u00ed\u0161\u201c (\u00fe\u00fa s\u00e9r\u00f0), \u201evidia\u201c (\u00feeir sj\u00e1) og fleiri.<\/p>\n\n\n\n<p>Sl\u00f3vak\u00edska hefur \u00ferj\u00e1r meginspennur: fort\u00ed\u00f0, n\u00fat\u00ed\u00f0 og framt\u00ed\u00f0. \u00dea\u00f0 \u00e1hugaver\u00f0a er a\u00f0 \u00f3l\u00edkt ensku notar sl\u00f3vak\u00edska venjulega ekki hj\u00e1lparsagnir til a\u00f0 mynda \u00feessar t\u00ed\u00f0ir. \u00deess \u00ed sta\u00f0 eru \u00feau myndu\u00f0 me\u00f0 \u00fev\u00ed a\u00f0 breyta s\u00f6gnendingum. Til d\u00e6mis er \u201e\u00e9g s\u00e9\u201c \u201evi\u00f0\u00edm\u201c, \u201e\u00e9g s\u00e1\u201c er \u201evi\u00f0el sem\u201c og \u201e\u00e9g mun sj\u00e1\u201c er \u201euvid\u00edm\u201c.<\/p>\n\n\n\n<h3 class=\"wp-block-heading\" id=\"h-3-sentence-structure-and-word-order\">3. Setningaskipan og or\u00f0ar\u00f6\u00f0<\/h3>\n\n\n\n<p>Sl\u00f3vak\u00edska hefur tilt\u00f6lulega sveigjanlega or\u00f0ar\u00f6\u00f0, \u00fe\u00f6kk s\u00e9 nafnor\u00f0i og sagnabeygingarkerfi. \u00deetta \u00fe\u00fd\u00f0ir a\u00f0 \u00f3l\u00edkt ensku er h\u00e6gt a\u00f0 setja or\u00f0 \u00e1 mismunandi sta\u00f0i innan setningar \u00e1n \u00feess a\u00f0 breyta merkingu hennar &#8211; til d\u00e6mis getur \u201echlapec vid\u00ed psa\u201c (str\u00e1kurinn s\u00e9r hundinn) l\u00edka veri\u00f0 \u201epsa vid\u00ed chlapec\u201c og samt haft \u00fea\u00f0 <a href=\"https:\/\/talkpal.ai\/locations\/language-courses-in-sama\/\">sama<\/a> merkingu.<\/p>\n\n\n\n<p>Sem sagt, algengasta or\u00f0ar\u00f6\u00f0in \u00ed sl\u00f3vak\u00edsku er subject-verb-object e\u00f0a SVO. \u00deetta er svipa\u00f0 og ensku og er fr\u00e1b\u00e6r upphafspunktur fyrir <a href=\"https:\/\/talkpal.ai\/talkpal-discount-for-students\/\">nemendur<\/a>. Eftir \u00fev\u00ed sem \u00fe\u00fa ver\u00f0ur \u00f6ruggari me\u00f0 tungum\u00e1li\u00f0 getur\u00f0u gert tilraunir me\u00f0 mismunandi or\u00f0askipanir til a\u00f0 b\u00e6ta \u00e1herslum e\u00f0a bl\u00e6brig\u00f0um vi\u00f0 setningarnar \u00fe\u00ednar.<\/p>\n\n\n\n<h3 class=\"wp-block-heading\" id=\"h-4-adjectives-and-adverbs\">4. L\u00fdsingaror\u00f0 og atviksor\u00f0<\/h3>\n\n\n\n<p>R\u00e9tt eins og \u00ed m\u00f6rgum \u00f6\u00f0rum tungum\u00e1lum eru l\u00fdsingaror\u00f0 og atviksor\u00f0 \u00e1 sl\u00f3vak\u00edsku notu\u00f0 til a\u00f0 l\u00fdsa nafnor\u00f0um og s\u00f6gnum. Hins vegar koma \u00feeir l\u00edka me\u00f0 sitt eigi\u00f0 m\u00e1l og reglur um samkomulag kynjanna, sem getur gert hlutina a\u00f0eins fl\u00f3knari. Sem betur fer, \u00feegar \u00fe\u00fa hefur n\u00e1\u00f0 t\u00f6kum \u00e1 nafnor\u00f0stilvikum og sagnbeygingum, munu \u00feessar reglur koma e\u00f0lilegri.<\/p>\n\n\n\n<p>Svo ertu tilb\u00fainn til a\u00f0 takast \u00e1 vi\u00f0 sl\u00f3vak\u00edska m\u00e1lfr\u00e6\u00f0i? Me\u00f0 r\u00e9ttu hugarfari og \u00farr\u00e6\u00f0um er \u00fea\u00f0 gefandi reynsla a\u00f0 l\u00e6ra sl\u00f3vak\u00edsku sem getur opna\u00f0 dyr a\u00f0 r\u00edkri menningu og fallegu landi. Taktu \u00fea\u00f0 skref fyrir skref, \u00e6f\u00f0u \u00feig reglulega og ekki vera hr\u00e6ddur vi\u00f0 a\u00f0 gera mist\u00f6k \u2013 \u00feannig l\u00e6rum vi\u00f0 \u00f6ll, \u00feegar allt kemur til alls. Ve\u013ea \u0161\u0165astia! (Gangi \u00fe\u00e9r vel!)<\/p>\n<\/div><\/div>\n\r\n<section class=\"learnNavigationSection\">\r\n            \r\n        <a href=\"https:\/\/talkpal.ai\/is\/laerdu-slovakisku\/\">\r\n            <div class=\"learnNavigationWrapper\">\r\n                <div class=\"learnNavigationContent\">\r\n                    <img decoding=\"async\" src=\"https:\/\/talkpal.ai\/wp-content\/uploads\/2024\/08\/Slovak.jpg\" alt=\"Slovak Flag\">\r\n                    <div>\r\n                        <h4>Um Sl\u00f3vak\u00edun\u00e1m<\/h4>\r\n                        <p>L\u00e6r\u00f0u allt um sl\u00f3vak\u00edska m\u00e1lfr\u00e6\u00f0i.<\/p>\r\n                    <\/div>\r\n                <\/div>\r\n            <\/div>\r\n        <\/a>\r\n\r\n        \r\n        <a href=\"https:\/\/talkpal.ai\/is\/slovakiskar-malfraediaefingar\/\">\r\n            <div class=\"learnNavigationWrapper\">\r\n                <div class=\"learnNavigationContent\">\r\n                    <img decoding=\"async\" src=\"https:\/\/talkpal.ai\/wp-content\/uploads\/2024\/08\/Slovak.jpg\" alt=\"Slovak Flag\">\r\n                    <div>\r\n                        <h4>Sl\u00f3vak\u00edsk m\u00e1lfr\u00e6\u00f0i\u00e6fing<\/h4>\r\n                        <p>\u00c6f\u00f0u sl\u00f3vak\u00edska m\u00e1lfr\u00e6\u00f0i.<\/p>\r\n                    <\/div>\r\n                <\/div>\r\n            <\/div>\r\n        <\/a>\r\n\r\n        \r\n        <a href=\"https:\/\/talkpal.ai\/vocabulary_language\/slovak\/\">\r\n            <div class=\"learnNavigationWrapper\">\r\n                <div class=\"learnNavigationContent\">\r\n                    <img decoding=\"async\" src=\"https:\/\/talkpal.ai\/wp-content\/uploads\/2024\/08\/Slovak.jpg\" alt=\"Slovak Flag\">\r\n                    <div>\r\n                        <h4>Sl\u00f3vak\u00edskur or\u00f0afor\u00f0i<\/h4>\r\n                        <p>St\u00e6kka\u00f0u sl\u00f3vak\u00edska or\u00f0afor\u00f0a \u00feinn.<\/p>\r\n                    <\/div>\r\n                <\/div>\r\n            <\/div>\r\n        <\/a>\r\n\r\n            <\/section>","protected":false},"excerpt":{"rendered":"<p>Sl\u00f3vak\u00edsk m\u00e1lfr\u00e6\u00f0i: lykillinn a\u00f0 \u00fev\u00ed a\u00f0 opna fallegt tungum\u00e1l \u00c6tlar \u00fe\u00fa a\u00f0 l\u00e6ra sl\u00f3vak\u00edsku e\u00f0a bara forvitinn um einstaka m\u00e1lfr\u00e6\u00f0i \u00feess? \u00de\u00fa ert \u00e1 r\u00e9ttum sta\u00f0! Sl\u00f3vak\u00edsk m\u00e1lfr\u00e6\u00f0i kann a\u00f0 vir\u00f0ast \u00f3gnvekjandi vi\u00f0 fyrstu s\u00fdn, en ekki hafa \u00e1hyggjur &#8211; \u00fea\u00f0 er \u00ed raun alveg r\u00f6kr\u00e9tt og vi\u00f0r\u00e1\u00f0anlegt. \u00cd \u00feessari grein munum vi\u00f0 kanna inn [&hellip;]<\/p>\n","protected":false},"author":1,"featured_media":118539,"parent":0,"menu_order":0,"comment_status":"closed","ping_status":"closed","template":"LearningContentPage.php","meta":{"_acf_changed":false,"footnotes":""},"class_list":["post-150163","page","type-page","status-publish","has-post-thumbnail","hentry"],"acf":[],"yoast_head":"<!-- This site is optimized with the Yoast SEO Premium plugin v27.2 (Yoast SEO v27.2) - https:\/\/yoast.com\/product\/yoast-seo-premium-wordpress\/ -->\n<title>Sl\u00f3vak\u00edsk m\u00e1lfr\u00e6\u00f0i - Talkpal<\/title>\n<meta name=\"description\" content=\"N\u00e1\u00f0u t\u00f6kum \u00e1 sl\u00f3vak\u00edskri m\u00e1lfr\u00e6\u00f0i me\u00f0 sk\u00fdrum \u00fatsk\u00fdringum, hagn\u00fdtum d\u00e6mum og gagnvirkum \u00e6fingum. B\u00e6ttu f\u00e6rni \u00fe\u00edna!\" \/>\n<meta name=\"robots\" content=\"index, follow, max-snippet:-1, max-image-preview:large, max-video-preview:-1\" \/>\n<link rel=\"canonical\" href=\"https:\/\/talkpal.ai\/is\/slovakisk-malfraedi\/\" \/>\n<meta property=\"og:locale\" content=\"is_IS\" \/>\n<meta property=\"og:type\" content=\"article\" \/>\n<meta property=\"og:title\" content=\"Sl\u00f3vak\u00edsk m\u00e1lfr\u00e6\u00f0i\" \/>\n<meta property=\"og:description\" content=\"Sl\u00f3vak\u00edsk m\u00e1lfr\u00e6\u00f0i: lykillinn a\u00f0 \u00fev\u00ed a\u00f0 opna fallegt tungum\u00e1l \u00c6tlar \u00fe\u00fa a\u00f0 l\u00e6ra sl\u00f3vak\u00edsku e\u00f0a bara forvitinn um einstaka m\u00e1lfr\u00e6\u00f0i \u00feess? \u00de\u00fa ert \u00e1 r\u00e9ttum\" \/>\n<meta property=\"og:url\" content=\"https:\/\/talkpal.ai\/is\/slovakisk-malfraedi\/\" \/>\n<meta property=\"og:site_name\" content=\"Talkpal\" \/>\n<meta property=\"article:publisher\" content=\"https:\/\/www.facebook.com\/profile.php?id=100090733639311\" \/>\n<meta property=\"article:modified_time\" content=\"2025-12-12T11:12:08+00:00\" \/>\n<meta property=\"og:image\" content=\"https:\/\/talkpal.ai\/wp-content\/uploads\/2023\/05\/slovakia.png\" \/>\n\t<meta property=\"og:image:width\" content=\"512\" \/>\n\t<meta property=\"og:image:height\" content=\"512\" \/>\n\t<meta property=\"og:image:type\" content=\"image\/png\" \/>\n<meta name=\"twitter:card\" content=\"summary_large_image\" \/>\n<meta name=\"twitter:site\" content=\"@talkpalai\" \/>\n<meta name=\"twitter:label1\" content=\"Est. reading time\" \/>\n\t<meta name=\"twitter:data1\" content=\"4 minutes\" \/>\n<script type=\"application\/ld+json\" class=\"yoast-schema-graph\">{\"@context\":\"https:\/\/schema.org\",\"@graph\":[{\"@type\":\"WebPage\",\"@id\":\"https:\/\/talkpal.ai\/is\/slovakisk-malfraedi\/\",\"url\":\"https:\/\/talkpal.ai\/is\/slovakisk-malfraedi\/\",\"name\":\"Sl\u00f3vak\u00edsk m\u00e1lfr\u00e6\u00f0i - Talkpal\",\"isPartOf\":{\"@id\":\"https:\/\/talkpal.ai\/is\/#website\"},\"primaryImageOfPage\":{\"@id\":\"https:\/\/talkpal.ai\/is\/slovakisk-malfraedi\/#primaryimage\"},\"image\":{\"@id\":\"https:\/\/talkpal.ai\/is\/slovakisk-malfraedi\/#primaryimage\"},\"thumbnailUrl\":\"https:\/\/talkpal.ai\/wp-content\/uploads\/2023\/05\/slovakia.png\",\"datePublished\":\"2023-05-14T14:19:49+00:00\",\"dateModified\":\"2025-12-12T11:12:08+00:00\",\"description\":\"N\u00e1\u00f0u t\u00f6kum \u00e1 sl\u00f3vak\u00edskri m\u00e1lfr\u00e6\u00f0i me\u00f0 sk\u00fdrum \u00fatsk\u00fdringum, hagn\u00fdtum d\u00e6mum og gagnvirkum \u00e6fingum. B\u00e6ttu f\u00e6rni \u00fe\u00edna!\",\"breadcrumb\":{\"@id\":\"https:\/\/talkpal.ai\/is\/slovakisk-malfraedi\/#breadcrumb\"},\"inLanguage\":\"is\",\"potentialAction\":[{\"@type\":\"ReadAction\",\"target\":[\"https:\/\/talkpal.ai\/is\/slovakisk-malfraedi\/\"]}]},{\"@type\":\"ImageObject\",\"inLanguage\":\"is\",\"@id\":\"https:\/\/talkpal.ai\/is\/slovakisk-malfraedi\/#primaryimage\",\"url\":\"https:\/\/talkpal.ai\/wp-content\/uploads\/2023\/05\/slovakia.png\",\"contentUrl\":\"https:\/\/talkpal.ai\/wp-content\/uploads\/2023\/05\/slovakia.png\",\"width\":512,\"height\":512},{\"@type\":\"BreadcrumbList\",\"@id\":\"https:\/\/talkpal.ai\/is\/slovakisk-malfraedi\/#breadcrumb\",\"itemListElement\":[{\"@type\":\"ListItem\",\"position\":1,\"name\":\"Homepage\",\"item\":\"https:\/\/talkpal.ai\/is\/\"},{\"@type\":\"ListItem\",\"position\":2,\"name\":\"Sl\u00f3vak\u00edsk m\u00e1lfr\u00e6\u00f0i\"}]},{\"@type\":\"WebSite\",\"@id\":\"https:\/\/talkpal.ai\/is\/#website\",\"url\":\"https:\/\/talkpal.ai\/is\/\",\"name\":\"Talkpal\",\"description\":\"AI Language Learning\",\"publisher\":{\"@id\":\"https:\/\/talkpal.ai\/is\/#organization\"},\"alternateName\":\"Talkpal AI\",\"potentialAction\":[{\"@type\":\"SearchAction\",\"target\":{\"@type\":\"EntryPoint\",\"urlTemplate\":\"https:\/\/talkpal.ai\/is\/?s={search_term_string}\"},\"query-input\":{\"@type\":\"PropertyValueSpecification\",\"valueRequired\":true,\"valueName\":\"search_term_string\"}}],\"inLanguage\":\"is\"},{\"@type\":\"Organization\",\"@id\":\"https:\/\/talkpal.ai\/is\/#organization\",\"name\":\"Talkpal, Inc.\",\"alternateName\":\"Talkpal AI\",\"url\":\"https:\/\/talkpal.ai\/is\/\",\"logo\":{\"@type\":\"ImageObject\",\"inLanguage\":\"is\",\"@id\":\"https:\/\/talkpal.ai\/is\/#\/schema\/logo\/image\/\",\"url\":\"https:\/\/talkpal.ai\/wp-content\/uploads\/2024\/03\/Talkpal-Logo-Icon.png\",\"contentUrl\":\"https:\/\/talkpal.ai\/wp-content\/uploads\/2024\/03\/Talkpal-Logo-Icon.png\",\"width\":2880,\"height\":2880,\"caption\":\"Talkpal, Inc.\"},\"image\":{\"@id\":\"https:\/\/talkpal.ai\/is\/#\/schema\/logo\/image\/\"},\"sameAs\":[\"https:\/\/www.facebook.com\/profile.php?id=100090733639311\",\"https:\/\/x.com\/talkpalai\",\"https:\/\/www.linkedin.com\/company\/talkpal\/\",\"https:\/\/www.youtube.com\/@TalkPal\/\",\"https:\/\/www.tiktok.com\/@talkpal\",\"https:\/\/www.instagram.com\/talkpal_ai\/\",\"https:\/\/www.crunchbase.com\/organization\/talkpal-9cde\",\"https:\/\/www.g2.com\/products\/talkpal-for-business\/\",\"https:\/\/www.trustpilot.com\/review\/talkpal.ai\",\"https:\/\/www.capterra.com\/p\/10006800\/TalkPal\/\"],\"description\":\"Talkpal is a language learning web and mobile education app, powered by the latest AI technologies, that provides engaging experiences to its customers in many different languages to help them improve their language skills. Users can chat about unlimited amount of topics with the app and use other modes to practice their language learning.\",\"email\":\"support@talkpal.ai\",\"legalName\":\"Talkpal, Inc.\",\"foundingDate\":\"2023-04-03\",\"duns\":\"118989042\",\"numberOfEmployees\":{\"@type\":\"QuantitativeValue\",\"minValue\":\"11\",\"maxValue\":\"50\"},\"publishingPrinciples\":\"https:\/\/talkpal.ai\/publishing-principles\/\",\"actionableFeedbackPolicy\":\"https:\/\/talkpal.ai\/actionable-feedback-policy\/\",\"correctionsPolicy\":\"https:\/\/talkpal.ai\/corrections-policy\/\",\"ethicsPolicy\":\"https:\/\/talkpal.ai\/ethics-policy\/\",\"diversityPolicy\":\"https:\/\/talkpal.ai\/diversity-policy\/\",\"diversityStaffingReport\":\"https:\/\/talkpal.ai\/diversity-policy\/\"}]}<\/script>\n<!-- \/ Yoast SEO Premium plugin. -->","yoast_head_json":{"title":"Sl\u00f3vak\u00edsk m\u00e1lfr\u00e6\u00f0i - Talkpal","description":"N\u00e1\u00f0u t\u00f6kum \u00e1 sl\u00f3vak\u00edskri m\u00e1lfr\u00e6\u00f0i me\u00f0 sk\u00fdrum \u00fatsk\u00fdringum, hagn\u00fdtum d\u00e6mum og gagnvirkum \u00e6fingum. B\u00e6ttu f\u00e6rni \u00fe\u00edna!","robots":{"index":"index","follow":"follow","max-snippet":"max-snippet:-1","max-image-preview":"max-image-preview:large","max-video-preview":"max-video-preview:-1"},"canonical":"https:\/\/talkpal.ai\/is\/slovakisk-malfraedi\/","og_locale":"is_IS","og_type":"article","og_title":"Sl\u00f3vak\u00edsk m\u00e1lfr\u00e6\u00f0i","og_description":"Sl\u00f3vak\u00edsk m\u00e1lfr\u00e6\u00f0i: lykillinn a\u00f0 \u00fev\u00ed a\u00f0 opna fallegt tungum\u00e1l \u00c6tlar \u00fe\u00fa a\u00f0 l\u00e6ra sl\u00f3vak\u00edsku e\u00f0a bara forvitinn um einstaka m\u00e1lfr\u00e6\u00f0i \u00feess? \u00de\u00fa ert \u00e1 r\u00e9ttum","og_url":"https:\/\/talkpal.ai\/is\/slovakisk-malfraedi\/","og_site_name":"Talkpal","article_publisher":"https:\/\/www.facebook.com\/profile.php?id=100090733639311","article_modified_time":"2025-12-12T11:12:08+00:00","og_image":[{"width":512,"height":512,"url":"https:\/\/talkpal.ai\/wp-content\/uploads\/2023\/05\/slovakia.png","type":"image\/png"}],"twitter_card":"summary_large_image","twitter_site":"@talkpalai","twitter_misc":{"Est. reading time":"4 minutes"},"schema":{"@context":"https:\/\/schema.org","@graph":[{"@type":"WebPage","@id":"https:\/\/talkpal.ai\/is\/slovakisk-malfraedi\/","url":"https:\/\/talkpal.ai\/is\/slovakisk-malfraedi\/","name":"Sl\u00f3vak\u00edsk m\u00e1lfr\u00e6\u00f0i - Talkpal","isPartOf":{"@id":"https:\/\/talkpal.ai\/is\/#website"},"primaryImageOfPage":{"@id":"https:\/\/talkpal.ai\/is\/slovakisk-malfraedi\/#primaryimage"},"image":{"@id":"https:\/\/talkpal.ai\/is\/slovakisk-malfraedi\/#primaryimage"},"thumbnailUrl":"https:\/\/talkpal.ai\/wp-content\/uploads\/2023\/05\/slovakia.png","datePublished":"2023-05-14T14:19:49+00:00","dateModified":"2025-12-12T11:12:08+00:00","description":"N\u00e1\u00f0u t\u00f6kum \u00e1 sl\u00f3vak\u00edskri m\u00e1lfr\u00e6\u00f0i me\u00f0 sk\u00fdrum \u00fatsk\u00fdringum, hagn\u00fdtum d\u00e6mum og gagnvirkum \u00e6fingum. B\u00e6ttu f\u00e6rni \u00fe\u00edna!","breadcrumb":{"@id":"https:\/\/talkpal.ai\/is\/slovakisk-malfraedi\/#breadcrumb"},"inLanguage":"is","potentialAction":[{"@type":"ReadAction","target":["https:\/\/talkpal.ai\/is\/slovakisk-malfraedi\/"]}]},{"@type":"ImageObject","inLanguage":"is","@id":"https:\/\/talkpal.ai\/is\/slovakisk-malfraedi\/#primaryimage","url":"https:\/\/talkpal.ai\/wp-content\/uploads\/2023\/05\/slovakia.png","contentUrl":"https:\/\/talkpal.ai\/wp-content\/uploads\/2023\/05\/slovakia.png","width":512,"height":512},{"@type":"BreadcrumbList","@id":"https:\/\/talkpal.ai\/is\/slovakisk-malfraedi\/#breadcrumb","itemListElement":[{"@type":"ListItem","position":1,"name":"Homepage","item":"https:\/\/talkpal.ai\/is\/"},{"@type":"ListItem","position":2,"name":"Sl\u00f3vak\u00edsk m\u00e1lfr\u00e6\u00f0i"}]},{"@type":"WebSite","@id":"https:\/\/talkpal.ai\/is\/#website","url":"https:\/\/talkpal.ai\/is\/","name":"Talkpal","description":"AI Language Learning","publisher":{"@id":"https:\/\/talkpal.ai\/is\/#organization"},"alternateName":"Talkpal AI","potentialAction":[{"@type":"SearchAction","target":{"@type":"EntryPoint","urlTemplate":"https:\/\/talkpal.ai\/is\/?s={search_term_string}"},"query-input":{"@type":"PropertyValueSpecification","valueRequired":true,"valueName":"search_term_string"}}],"inLanguage":"is"},{"@type":"Organization","@id":"https:\/\/talkpal.ai\/is\/#organization","name":"Talkpal, Inc.","alternateName":"Talkpal AI","url":"https:\/\/talkpal.ai\/is\/","logo":{"@type":"ImageObject","inLanguage":"is","@id":"https:\/\/talkpal.ai\/is\/#\/schema\/logo\/image\/","url":"https:\/\/talkpal.ai\/wp-content\/uploads\/2024\/03\/Talkpal-Logo-Icon.png","contentUrl":"https:\/\/talkpal.ai\/wp-content\/uploads\/2024\/03\/Talkpal-Logo-Icon.png","width":2880,"height":2880,"caption":"Talkpal, Inc."},"image":{"@id":"https:\/\/talkpal.ai\/is\/#\/schema\/logo\/image\/"},"sameAs":["https:\/\/www.facebook.com\/profile.php?id=100090733639311","https:\/\/x.com\/talkpalai","https:\/\/www.linkedin.com\/company\/talkpal\/","https:\/\/www.youtube.com\/@TalkPal\/","https:\/\/www.tiktok.com\/@talkpal","https:\/\/www.instagram.com\/talkpal_ai\/","https:\/\/www.crunchbase.com\/organization\/talkpal-9cde","https:\/\/www.g2.com\/products\/talkpal-for-business\/","https:\/\/www.trustpilot.com\/review\/talkpal.ai","https:\/\/www.capterra.com\/p\/10006800\/TalkPal\/"],"description":"Talkpal is a language learning web and mobile education app, powered by the latest AI technologies, that provides engaging experiences to its customers in many different languages to help them improve their language skills. Users can chat about unlimited amount of topics with the app and use other modes to practice their language learning.","email":"support@talkpal.ai","legalName":"Talkpal, Inc.","foundingDate":"2023-04-03","duns":"118989042","numberOfEmployees":{"@type":"QuantitativeValue","minValue":"11","maxValue":"50"},"publishingPrinciples":"https:\/\/talkpal.ai\/publishing-principles\/","actionableFeedbackPolicy":"https:\/\/talkpal.ai\/actionable-feedback-policy\/","correctionsPolicy":"https:\/\/talkpal.ai\/corrections-policy\/","ethicsPolicy":"https:\/\/talkpal.ai\/ethics-policy\/","diversityPolicy":"https:\/\/talkpal.ai\/diversity-policy\/","diversityStaffingReport":"https:\/\/talkpal.ai\/diversity-policy\/"}]}},"_links":{"self":[{"href":"https:\/\/talkpal.ai\/is\/wp-json\/wp\/v2\/pages\/150163","targetHints":{"allow":["GET"]}}],"collection":[{"href":"https:\/\/talkpal.ai\/is\/wp-json\/wp\/v2\/pages"}],"about":[{"href":"https:\/\/talkpal.ai\/is\/wp-json\/wp\/v2\/types\/page"}],"author":[{"embeddable":true,"href":"https:\/\/talkpal.ai\/is\/wp-json\/wp\/v2\/users\/1"}],"replies":[{"embeddable":true,"href":"https:\/\/talkpal.ai\/is\/wp-json\/wp\/v2\/comments?post=150163"}],"version-history":[{"count":0,"href":"https:\/\/talkpal.ai\/is\/wp-json\/wp\/v2\/pages\/150163\/revisions"}],"wp:featuredmedia":[{"embeddable":true,"href":"https:\/\/talkpal.ai\/is\/wp-json\/wp\/v2\/media\/118539"}],"wp:attachment":[{"href":"https:\/\/talkpal.ai\/is\/wp-json\/wp\/v2\/media?parent=150163"}],"curies":[{"name":"wp","href":"https:\/\/api.w.org\/{rel}","templated":true}]}}