{"id":149958,"date":"2023-05-14T14:19:26","date_gmt":"2023-05-14T14:19:26","guid":{"rendered":"http:\/\/talkpal.ai\/serbnesk-malfraedi\/"},"modified":"2025-12-17T15:37:13","modified_gmt":"2025-12-17T15:37:13","slug":"serbnesk-malfraedi","status":"publish","type":"page","link":"https:\/\/talkpal.ai\/is\/serbnesk-malfraedi\/","title":{"rendered":"Serbnesk m\u00e1lfr\u00e6\u00f0i"},"content":{"rendered":"\r\n\r\n\r\n<section class=\"languageChallengeSection\">\r\n    <div class=\"languageInfoWrapper\">\r\n        \r\n        <h1>Serbnesk m\u00e1lfr\u00e6\u00f0i<\/h1>\r\n        <p>Byrja\u00f0u \u00e6vint\u00fdri \u00feitt \u00ed r\u00fassnesku og opna\u00f0u dyr a\u00f0 r\u00edkri menningu og s\u00f6gu. A\u00f0 n\u00e1 g\u00f3\u00f0um t\u00f6kum \u00e1 r\u00fassneskri <a href=\"https:\/\/talkpal.ai\/grammar\/\">m\u00e1lfr\u00e6\u00f0i<\/a> og or\u00f0afor\u00f0a mun auka fer\u00f0a-, starfs- og samskiptam\u00f6guleika \u00fe\u00edna. Byrja\u00f0u a\u00f0 l\u00e6ra r\u00fassnesku \u00ed dag og taktu fyrsta skrefi\u00f0 \u00ed \u00e1tt a\u00f0 reiprennandi tali!\n\n<\/p>\r\n\r\n                            <a class=\"getStartedHidden\" href=\"https:\/\/app.talkpal.ai\/signup?lng=\">Byrja\u00f0u<\/a>\r\n        \r\n    <\/div>\r\n\r\n    <figure>\r\n    <img decoding=\"async\" width=\"768\" height=\"768\" src=\"https:\/\/talkpal.ai\/wp-content\/uploads\/2023\/06\/serbian-768x768.png\" class=\"languageImage no-lazy\" alt=\"Fast-track to fluency with language learning\" fetchpriority=\"high\" sizes=\"(max-width: 768px) 150px, 768px\" srcset=\"https:\/\/talkpal.ai\/wp-content\/uploads\/2023\/06\/serbian-768x768.png 768w, https:\/\/talkpal.ai\/wp-content\/uploads\/2023\/06\/serbian-300x300.png 300w\" \/>\r\n    \r\n\r\n    <\/figure>\r\n\r\n            <a class=\"getStartedVisible\" href=\"https:\/\/app.talkpal.ai\/signup?lng=\">Byrja\u00f0u<\/a>\r\n    \r\n<\/section>\r\n<section class=\"promotionalBanner\">\r\n    <p class=\"promotionalText\">Skilvirkasta lei\u00f0in til a\u00f0 l\u00e6ra tungum\u00e1l<\/p>\r\n    <a class=\"promotionalLink\" href=\"https:\/\/app.talkpal.ai\/signup?lng=\">Pr\u00f3fa\u00f0u Talkpal \u00f3keypis<\/a>\r\n<\/section>\n<div class=\"wp-block-group pageContainerStyle\"><div class=\"wp-block-group__inner-container is-layout-constrained wp-block-group-is-layout-constrained\">\n<h1 class=\"wp-block-heading\" id=\"h-serbian-grammar-unraveling-the-intricacies-of-the-south-slavic-language\">Serbnesk m\u00e1lfr\u00e6\u00f0i: A\u00f0 afhj\u00fapa ranghala su\u00f0urslavnesku tungum\u00e1lsins<\/h1>\n\n\n\n<p>Starf alla tungum\u00e1l \u00e1hugamenn og Balkanskaga aficionados! Hefur \u00fe\u00fa einhvern t\u00edma \u00edhuga\u00f0 a\u00f0 kafa inn \u00ed heim serbneskrar m\u00e1lfr\u00e6\u00f0i? Su\u00f0urslavneska er opinbert tungum\u00e1l \u00ed Serb\u00edu og eitt af opinberum tungum\u00e1lum \u00ed Bosn\u00edu og Herseg\u00f3v\u00ednu. Me\u00f0 um 9 millj\u00f3nir m\u00f3\u00f0urm\u00e1lsmanna deilir \u00feetta forvitnilega tungum\u00e1l l\u00edkt me\u00f0 kr\u00f3at\u00edsku, bosn\u00edsku og svartfjallalandi en st\u00e1tar af s\u00e9rkennum sem a\u00f0greina \u00fea\u00f0. \u00cd \u00feessari grein munum vi\u00f0 kanna heillandi hli\u00f0ar serbneskrar m\u00e1lfr\u00e6\u00f0i.<\/p>\n\n\n\n<h3 class=\"wp-block-heading\" id=\"h-the-dual-alphabet-cyrillic-and-latin\">Tv\u00edstafr\u00f3fi\u00f0: k\u00fdrill\u00edska og lat\u00edna<\/h3>\n\n\n\n<p>Eitt af \u00fev\u00ed fyrsta sem \u00fe\u00fa munt taka eftir vi\u00f0 serbnesku er notkun \u00feess \u00e1 tveimur stafr\u00f3fum: kyrill\u00edsku og lat\u00ednu. <a href=\"https:\/\/talkpal.ai\/learn-serbian\/\">Serbneska<\/a> k\u00fdrill\u00edska stafr\u00f3fi\u00f0, me\u00f0 30 b\u00f3kst\u00f6fum, var sta\u00f0la\u00f0 af m\u00e1lfr\u00e6\u00f0ingnum Vuk Karad\u017ei\u0107 \u00e1ri\u00f0 1818 og er opinbert stafr\u00f3f landsins. Hins vegar er latneska stafr\u00f3fi\u00f0, sem einnig samanstendur af 30 b\u00f3kst\u00f6fum, miki\u00f0 nota\u00f0, s\u00e9rstaklega fyrir stafr\u00e6n samskipti og \u00f3formlegt samhengi. Notkun tveggja stafr\u00f3fa gefur <a href=\"https:\/\/talkpal.ai\/learn-serbian\/\">serbneska<\/a> einstakt, fj\u00f6lh\u00e6fur staf.<\/p>\n\n\n\n<h3 class=\"wp-block-heading\" id=\"h-the-building-blocks-nouns-pronouns-and-cases\">Byggingareiningarnar: nafnor\u00f0, forn\u00f6fn og f\u00f6ll<\/h3>\n\n\n\n<p>Eins og \u00f6nnur slavnesk tungum\u00e1l sn\u00fdst serbnesk m\u00e1lfr\u00e6\u00f0i um beygingu, \u00fear sem or\u00f0 breyta endingu sinni eftir m\u00e1lfr\u00e6\u00f0ilegu hlutverki \u00feeirra. \u00deetta er mest \u00e1berandi \u00ed nafnor\u00f0um, forn\u00f6fnum og l\u00fdsingaror\u00f0um. Serbneska hefur sj\u00f6 tilfelli:<\/p>\n\n\n\n<p><strong>1. Nefnifall \u2013 gefur til kynna efni setningar<\/strong><\/p>\n\n\n\n<p><strong>2. Erf\u00f0aefni \u2013 s\u00fdnir eign, afneitun e\u00f0a hlutdeild<\/strong><\/p>\n\n\n\n<p><strong>3. Dative \u2013 merkir \u00f3beina hlutinn<\/strong><\/p>\n\n\n\n<p><strong>4. \u00c1sakandi \u2013 t\u00e1knar beinan hlut<\/strong><\/p>\n\n\n\n<p><strong>5. Vocative &#8211; nota\u00f0 til a\u00f0 \u00e1varpa e\u00f0a hringja \u00ed einhvern<\/strong><\/p>\n\n\n\n<p><strong>6. Hlj\u00f3\u00f0f\u00e6ri \u2013 tj\u00e1ir lei\u00f0 e\u00f0a a\u00f0fer\u00f0 a\u00f0ger\u00f0a<\/strong><\/p>\n\n\n\n<p><strong>7. Sta\u00f0setning \u2013 tilgreinir sta\u00f0setningu e\u00f0a hlut \u00e1kve\u00f0inna forsetninga<\/strong><\/p>\n\n\n\n<p>Serbnesk nafnor\u00f0 hafa \u00ferj\u00fa kyn (karlkyns, kvenkyns og hvorugkyns) og tv\u00e6r t\u00f6lur (eint\u00f6lu og fleirt\u00f6lu). S\u00e9rstakar endingar fyrir hvert kyn og fj\u00f6lda eru mismunandi eftir tilfellum, svo \u00fea\u00f0 er nau\u00f0synlegt a\u00f0 leggja \u00feessar endingar \u00e1 minni\u00f0 til a\u00f0 b\u00faa til m\u00e1lfr\u00e6\u00f0ilega n\u00e1kv\u00e6mar setningar.<\/p>\n\n\n\n<h3 class=\"wp-block-heading\" id=\"h-get-moving-with-verbs-tenses-aspects-and-moods\">Hreyf\u00f0u \u00feig me\u00f0 s\u00f6gnum: Spennur, \u00fe\u00e6ttir og skap<\/h3>\n\n\n\n<p>Serbneskar sagnir s\u00fdna heillandi margbreytileika me\u00f0 spennum s\u00ednum (fort\u00ed\u00f0, n\u00fat\u00ed\u00f0 og framt\u00ed\u00f0), \u00fe\u00e1ttum (fullkomnum og \u00f3fullkomnum) og skapi (lei\u00f0beinandi, br\u00fdnt og skilyrt). \u00de\u00e1ttur gegnir mikilv\u00e6gu hlutverki \u00ed serbneskum s\u00f6gnum, \u00fear sem \u00fea\u00f0 gefur til kynna hvort a\u00f0ger\u00f0 er talin loki\u00f0 (fullkomin) e\u00f0a \u00e1framhaldandi (\u00f3fullkomin). Margar sagnir koma \u00ed p\u00f6rum sem gefa til kynna mismunandi \u00fe\u00e6tti, oft me\u00f0 \u00fev\u00ed a\u00f0 nota s\u00e9rst\u00f6k forskeyti e\u00f0a vi\u00f0skeyti.<\/p>\n\n\n\n<h3 class=\"wp-block-heading\" id=\"h-adjectives-adverbs-and-all-that-jazz\">L\u00fdsingaror\u00f0, atviksor\u00f0 og allt \u00fea\u00f0 djass<\/h3>\n\n\n\n<p>Serbnesk l\u00fdsingaror\u00f0 eru samm\u00e1la nafnor\u00f0unum sem \u00feau breyta hva\u00f0 var\u00f0ar kyn, t\u00f6lu og fall. \u00deeir hafa einnig samanbur\u00f0ar- og yfirbur\u00f0aform til a\u00f0 tj\u00e1 mismikla eiginleika. Ennfremur eru atviksor\u00f0 oft dregin af l\u00fdsingaror\u00f0um og mi\u00f0la \u00fdmsum merkingum eins og t\u00edma, h\u00e1tt, sta\u00f0 og gr\u00e1\u00f0u.<\/p>\n\n\n\n<p>Serbneska tungum\u00e1li\u00f0 st\u00e1tar einnig af fj\u00f6lda samtenginga, forsetninga, t\u00f6lustafa og agna sem stu\u00f0la a\u00f0 fegur\u00f0 tungum\u00e1lsins og hj\u00e1lpa til vi\u00f0 a\u00f0 b\u00faa til fl\u00f3knar, \u00feroskandi setningar.<\/p>\n\n\n\n<h3 class=\"wp-block-heading\" id=\"h-embracing-the-world-of-serbian-grammar\">Fa\u00f0ma heim serbneska m\u00e1lfr\u00e6\u00f0i<\/h3>\n\n\n\n<p>Serbnesk m\u00e1lfr\u00e6\u00f0i kann a\u00f0 vir\u00f0ast yfir\u00feyrmandi vi\u00f0 fyrstu s\u00fdn. Hins vegar, \u00feegar \u00fe\u00fa kafar d\u00fdpra \u00ed r\u00edkulegt landslag \u00feess af m\u00e1lum, hli\u00f0um og tungum\u00e1lalegum s\u00e9rkenni, muntu afhj\u00fapa lifandi og svipmiki\u00f0 tungum\u00e1l. A\u00f0 l\u00e6ra serbnesku mun ekki a\u00f0eins skerpa skilning \u00feinn \u00e1 slavnesku tungum\u00e1lafj\u00f6lskyldunni heldur einnig hj\u00e1lpa \u00fe\u00e9r a\u00f0 tengjast gr\u00edpandi s\u00f6gu og menningu.<\/p>\n\n\n\n<p>Svo hvers vegna ekki a\u00f0 takast \u00e1 vi\u00f0 \u00e1skorunina um a\u00f0 kanna <a href=\"https:\/\/talkpal.ai\/serbian-grammar\/\">serbneska m\u00e1lfr\u00e6\u00f0i<\/a> frekar? Af \u00ferautseigju og \u00e1str\u00ed\u00f0u g\u00e6tir\u00f0u dag einn r\u00f6lt um str\u00e6ti Belgrad og \u00e1tt l\u00edflegar samr\u00e6\u00f0ur vi\u00f0 heimamenn \u00e1 m\u00f3\u00f0urm\u00e1li \u00feeirra. Gle\u00f0ilegt n\u00e1m!<\/p>\n<\/div><\/div>\n\r\n<section class=\"learnNavigationSection\">\r\n            \r\n        <a href=\"https:\/\/talkpal.ai\/is\/laerdu-serbnesku\/\">\r\n            <div class=\"learnNavigationWrapper\">\r\n                <div class=\"learnNavigationContent\">\r\n                    <img decoding=\"async\" src=\"https:\/\/talkpal.ai\/wp-content\/uploads\/2024\/08\/Serbian.jpg\" alt=\"Serbian Flag\">\r\n                    <div>\r\n                        <h4>Um Serb\u00edun\u00e1m<\/h4>\r\n                        <p>Kynntu \u00fe\u00e9r allt um serbneska m\u00e1lfr\u00e6\u00f0i.<\/p>\r\n                    <\/div>\r\n                <\/div>\r\n            <\/div>\r\n        <\/a>\r\n\r\n        \r\n        <a href=\"https:\/\/talkpal.ai\/is\/serbneska-malfraedi-aefingum\/\">\r\n            <div class=\"learnNavigationWrapper\">\r\n                <div class=\"learnNavigationContent\">\r\n                    <img decoding=\"async\" src=\"https:\/\/talkpal.ai\/wp-content\/uploads\/2024\/08\/Serbian.jpg\" alt=\"Serbian Flag\">\r\n                    <div>\r\n                        <h4>Serbnesk m\u00e1lfr\u00e6\u00f0i\u00e6fing<\/h4>\r\n                        <p>\u00c6f\u00f0u serbneska m\u00e1lfr\u00e6\u00f0i.<\/p>\r\n                    <\/div>\r\n                <\/div>\r\n            <\/div>\r\n        <\/a>\r\n\r\n        \r\n        <a href=\"https:\/\/talkpal.ai\/vocabulary_language\/serbian\/\">\r\n            <div class=\"learnNavigationWrapper\">\r\n                <div class=\"learnNavigationContent\">\r\n                    <img decoding=\"async\" src=\"https:\/\/talkpal.ai\/wp-content\/uploads\/2024\/08\/Serbian.jpg\" alt=\"Serbian Flag\">\r\n                    <div>\r\n                        <h4>Serbneskur or\u00f0afor\u00f0i<\/h4>\r\n                        <p>St\u00e6kka\u00f0u serbneskan or\u00f0afor\u00f0a \u00feinn.<\/p>\r\n                    <\/div>\r\n                <\/div>\r\n            <\/div>\r\n        <\/a>\r\n\r\n            <\/section>","protected":false},"excerpt":{"rendered":"<p>Serbnesk m\u00e1lfr\u00e6\u00f0i: A\u00f0 afhj\u00fapa ranghala su\u00f0urslavnesku tungum\u00e1lsins Starf alla tungum\u00e1l \u00e1hugamenn og Balkanskaga aficionados! Hefur \u00fe\u00fa einhvern t\u00edma \u00edhuga\u00f0 a\u00f0 kafa inn \u00ed heim serbneskrar m\u00e1lfr\u00e6\u00f0i? Su\u00f0urslavneska er opinbert tungum\u00e1l \u00ed Serb\u00edu og eitt af opinberum tungum\u00e1lum \u00ed Bosn\u00edu og Herseg\u00f3v\u00ednu. Me\u00f0 um 9 millj\u00f3nir m\u00f3\u00f0urm\u00e1lsmanna deilir \u00feetta forvitnilega tungum\u00e1l l\u00edkt me\u00f0 kr\u00f3at\u00edsku, bosn\u00edsku og [&hellip;]<\/p>\n","protected":false},"author":1,"featured_media":118102,"parent":0,"menu_order":0,"comment_status":"closed","ping_status":"closed","template":"LearningContentPage.php","meta":{"_acf_changed":false,"footnotes":""},"class_list":["post-149958","page","type-page","status-publish","has-post-thumbnail","hentry"],"acf":[],"yoast_head":"<!-- This site is optimized with the Yoast SEO Premium plugin v27.2 (Yoast SEO v27.2) - https:\/\/yoast.com\/product\/yoast-seo-premium-wordpress\/ -->\n<title>Serbnesk m\u00e1lfr\u00e6\u00f0i - Talkpal<\/title>\n<meta name=\"description\" content=\"Kanna\u00f0u fl\u00e6kjur serbnesku m\u00e1lfr\u00e6\u00f0innar og uppg\u00f6tva\u00f0u \u00fe\u00e1 einst\u00f6ku eiginleika sem a\u00f0greina hana fr\u00e1 \u00f6\u00f0rum tungum\u00e1lum \u00e1 Balkanskaga.\" \/>\n<meta name=\"robots\" content=\"index, follow, max-snippet:-1, max-image-preview:large, max-video-preview:-1\" \/>\n<link rel=\"canonical\" href=\"https:\/\/talkpal.ai\/is\/serbnesk-malfraedi\/\" \/>\n<meta property=\"og:locale\" content=\"is_IS\" \/>\n<meta property=\"og:type\" content=\"article\" \/>\n<meta property=\"og:title\" content=\"Serbnesk m\u00e1lfr\u00e6\u00f0i\" \/>\n<meta property=\"og:description\" content=\"Serbnesk m\u00e1lfr\u00e6\u00f0i: A\u00f0 afhj\u00fapa ranghala su\u00f0urslavnesku tungum\u00e1lsins Starf alla tungum\u00e1l \u00e1hugamenn og Balkanskaga aficionados! Hefur \u00fe\u00fa einhvern t\u00edma \u00edhuga\u00f0\" \/>\n<meta property=\"og:url\" content=\"https:\/\/talkpal.ai\/is\/serbnesk-malfraedi\/\" \/>\n<meta property=\"og:site_name\" content=\"Talkpal\" \/>\n<meta property=\"article:publisher\" content=\"https:\/\/www.facebook.com\/profile.php?id=100090733639311\" \/>\n<meta property=\"article:modified_time\" content=\"2025-12-17T15:37:13+00:00\" \/>\n<meta property=\"og:image\" content=\"https:\/\/talkpal.ai\/wp-content\/uploads\/2023\/05\/serbia.png\" \/>\n\t<meta property=\"og:image:width\" content=\"512\" \/>\n\t<meta property=\"og:image:height\" content=\"512\" \/>\n\t<meta property=\"og:image:type\" content=\"image\/png\" \/>\n<meta name=\"twitter:card\" content=\"summary_large_image\" \/>\n<meta name=\"twitter:site\" content=\"@talkpalai\" \/>\n<meta name=\"twitter:label1\" content=\"Est. reading time\" \/>\n\t<meta name=\"twitter:data1\" content=\"3 minutes\" \/>\n<script type=\"application\/ld+json\" class=\"yoast-schema-graph\">{\"@context\":\"https:\/\/schema.org\",\"@graph\":[{\"@type\":\"WebPage\",\"@id\":\"https:\/\/talkpal.ai\/is\/serbnesk-malfraedi\/\",\"url\":\"https:\/\/talkpal.ai\/is\/serbnesk-malfraedi\/\",\"name\":\"Serbnesk m\u00e1lfr\u00e6\u00f0i - Talkpal\",\"isPartOf\":{\"@id\":\"https:\/\/talkpal.ai\/is\/#website\"},\"primaryImageOfPage\":{\"@id\":\"https:\/\/talkpal.ai\/is\/serbnesk-malfraedi\/#primaryimage\"},\"image\":{\"@id\":\"https:\/\/talkpal.ai\/is\/serbnesk-malfraedi\/#primaryimage\"},\"thumbnailUrl\":\"https:\/\/talkpal.ai\/wp-content\/uploads\/2023\/05\/serbia.png\",\"datePublished\":\"2023-05-14T14:19:26+00:00\",\"dateModified\":\"2025-12-17T15:37:13+00:00\",\"description\":\"Kanna\u00f0u fl\u00e6kjur serbnesku m\u00e1lfr\u00e6\u00f0innar og uppg\u00f6tva\u00f0u \u00fe\u00e1 einst\u00f6ku eiginleika sem a\u00f0greina hana fr\u00e1 \u00f6\u00f0rum tungum\u00e1lum \u00e1 Balkanskaga.\",\"breadcrumb\":{\"@id\":\"https:\/\/talkpal.ai\/is\/serbnesk-malfraedi\/#breadcrumb\"},\"inLanguage\":\"is\",\"potentialAction\":[{\"@type\":\"ReadAction\",\"target\":[\"https:\/\/talkpal.ai\/is\/serbnesk-malfraedi\/\"]}]},{\"@type\":\"ImageObject\",\"inLanguage\":\"is\",\"@id\":\"https:\/\/talkpal.ai\/is\/serbnesk-malfraedi\/#primaryimage\",\"url\":\"https:\/\/talkpal.ai\/wp-content\/uploads\/2023\/05\/serbia.png\",\"contentUrl\":\"https:\/\/talkpal.ai\/wp-content\/uploads\/2023\/05\/serbia.png\",\"width\":512,\"height\":512},{\"@type\":\"BreadcrumbList\",\"@id\":\"https:\/\/talkpal.ai\/is\/serbnesk-malfraedi\/#breadcrumb\",\"itemListElement\":[{\"@type\":\"ListItem\",\"position\":1,\"name\":\"Homepage\",\"item\":\"https:\/\/talkpal.ai\/is\/\"},{\"@type\":\"ListItem\",\"position\":2,\"name\":\"Serbnesk m\u00e1lfr\u00e6\u00f0i\"}]},{\"@type\":\"WebSite\",\"@id\":\"https:\/\/talkpal.ai\/is\/#website\",\"url\":\"https:\/\/talkpal.ai\/is\/\",\"name\":\"Talkpal\",\"description\":\"AI Language Learning\",\"publisher\":{\"@id\":\"https:\/\/talkpal.ai\/is\/#organization\"},\"alternateName\":\"Talkpal AI\",\"potentialAction\":[{\"@type\":\"SearchAction\",\"target\":{\"@type\":\"EntryPoint\",\"urlTemplate\":\"https:\/\/talkpal.ai\/is\/?s={search_term_string}\"},\"query-input\":{\"@type\":\"PropertyValueSpecification\",\"valueRequired\":true,\"valueName\":\"search_term_string\"}}],\"inLanguage\":\"is\"},{\"@type\":\"Organization\",\"@id\":\"https:\/\/talkpal.ai\/is\/#organization\",\"name\":\"Talkpal, Inc.\",\"alternateName\":\"Talkpal AI\",\"url\":\"https:\/\/talkpal.ai\/is\/\",\"logo\":{\"@type\":\"ImageObject\",\"inLanguage\":\"is\",\"@id\":\"https:\/\/talkpal.ai\/is\/#\/schema\/logo\/image\/\",\"url\":\"https:\/\/talkpal.ai\/wp-content\/uploads\/2024\/03\/Talkpal-Logo-Icon.png\",\"contentUrl\":\"https:\/\/talkpal.ai\/wp-content\/uploads\/2024\/03\/Talkpal-Logo-Icon.png\",\"width\":2880,\"height\":2880,\"caption\":\"Talkpal, Inc.\"},\"image\":{\"@id\":\"https:\/\/talkpal.ai\/is\/#\/schema\/logo\/image\/\"},\"sameAs\":[\"https:\/\/www.facebook.com\/profile.php?id=100090733639311\",\"https:\/\/x.com\/talkpalai\",\"https:\/\/www.linkedin.com\/company\/talkpal\/\",\"https:\/\/www.youtube.com\/@TalkPal\/\",\"https:\/\/www.tiktok.com\/@talkpal\",\"https:\/\/www.instagram.com\/talkpal_ai\/\",\"https:\/\/www.crunchbase.com\/organization\/talkpal-9cde\",\"https:\/\/www.g2.com\/products\/talkpal-for-business\/\",\"https:\/\/www.trustpilot.com\/review\/talkpal.ai\",\"https:\/\/www.capterra.com\/p\/10006800\/TalkPal\/\"],\"description\":\"Talkpal is a language learning web and mobile education app, powered by the latest AI technologies, that provides engaging experiences to its customers in many different languages to help them improve their language skills. Users can chat about unlimited amount of topics with the app and use other modes to practice their language learning.\",\"email\":\"support@talkpal.ai\",\"legalName\":\"Talkpal, Inc.\",\"foundingDate\":\"2023-04-03\",\"duns\":\"118989042\",\"numberOfEmployees\":{\"@type\":\"QuantitativeValue\",\"minValue\":\"11\",\"maxValue\":\"50\"},\"publishingPrinciples\":\"https:\/\/talkpal.ai\/publishing-principles\/\",\"actionableFeedbackPolicy\":\"https:\/\/talkpal.ai\/actionable-feedback-policy\/\",\"correctionsPolicy\":\"https:\/\/talkpal.ai\/corrections-policy\/\",\"ethicsPolicy\":\"https:\/\/talkpal.ai\/ethics-policy\/\",\"diversityPolicy\":\"https:\/\/talkpal.ai\/diversity-policy\/\",\"diversityStaffingReport\":\"https:\/\/talkpal.ai\/diversity-policy\/\"}]}<\/script>\n<!-- \/ Yoast SEO Premium plugin. -->","yoast_head_json":{"title":"Serbnesk m\u00e1lfr\u00e6\u00f0i - Talkpal","description":"Kanna\u00f0u fl\u00e6kjur serbnesku m\u00e1lfr\u00e6\u00f0innar og uppg\u00f6tva\u00f0u \u00fe\u00e1 einst\u00f6ku eiginleika sem a\u00f0greina hana fr\u00e1 \u00f6\u00f0rum tungum\u00e1lum \u00e1 Balkanskaga.","robots":{"index":"index","follow":"follow","max-snippet":"max-snippet:-1","max-image-preview":"max-image-preview:large","max-video-preview":"max-video-preview:-1"},"canonical":"https:\/\/talkpal.ai\/is\/serbnesk-malfraedi\/","og_locale":"is_IS","og_type":"article","og_title":"Serbnesk m\u00e1lfr\u00e6\u00f0i","og_description":"Serbnesk m\u00e1lfr\u00e6\u00f0i: A\u00f0 afhj\u00fapa ranghala su\u00f0urslavnesku tungum\u00e1lsins Starf alla tungum\u00e1l \u00e1hugamenn og Balkanskaga aficionados! Hefur \u00fe\u00fa einhvern t\u00edma \u00edhuga\u00f0","og_url":"https:\/\/talkpal.ai\/is\/serbnesk-malfraedi\/","og_site_name":"Talkpal","article_publisher":"https:\/\/www.facebook.com\/profile.php?id=100090733639311","article_modified_time":"2025-12-17T15:37:13+00:00","og_image":[{"width":512,"height":512,"url":"https:\/\/talkpal.ai\/wp-content\/uploads\/2023\/05\/serbia.png","type":"image\/png"}],"twitter_card":"summary_large_image","twitter_site":"@talkpalai","twitter_misc":{"Est. reading time":"3 minutes"},"schema":{"@context":"https:\/\/schema.org","@graph":[{"@type":"WebPage","@id":"https:\/\/talkpal.ai\/is\/serbnesk-malfraedi\/","url":"https:\/\/talkpal.ai\/is\/serbnesk-malfraedi\/","name":"Serbnesk m\u00e1lfr\u00e6\u00f0i - Talkpal","isPartOf":{"@id":"https:\/\/talkpal.ai\/is\/#website"},"primaryImageOfPage":{"@id":"https:\/\/talkpal.ai\/is\/serbnesk-malfraedi\/#primaryimage"},"image":{"@id":"https:\/\/talkpal.ai\/is\/serbnesk-malfraedi\/#primaryimage"},"thumbnailUrl":"https:\/\/talkpal.ai\/wp-content\/uploads\/2023\/05\/serbia.png","datePublished":"2023-05-14T14:19:26+00:00","dateModified":"2025-12-17T15:37:13+00:00","description":"Kanna\u00f0u fl\u00e6kjur serbnesku m\u00e1lfr\u00e6\u00f0innar og uppg\u00f6tva\u00f0u \u00fe\u00e1 einst\u00f6ku eiginleika sem a\u00f0greina hana fr\u00e1 \u00f6\u00f0rum tungum\u00e1lum \u00e1 Balkanskaga.","breadcrumb":{"@id":"https:\/\/talkpal.ai\/is\/serbnesk-malfraedi\/#breadcrumb"},"inLanguage":"is","potentialAction":[{"@type":"ReadAction","target":["https:\/\/talkpal.ai\/is\/serbnesk-malfraedi\/"]}]},{"@type":"ImageObject","inLanguage":"is","@id":"https:\/\/talkpal.ai\/is\/serbnesk-malfraedi\/#primaryimage","url":"https:\/\/talkpal.ai\/wp-content\/uploads\/2023\/05\/serbia.png","contentUrl":"https:\/\/talkpal.ai\/wp-content\/uploads\/2023\/05\/serbia.png","width":512,"height":512},{"@type":"BreadcrumbList","@id":"https:\/\/talkpal.ai\/is\/serbnesk-malfraedi\/#breadcrumb","itemListElement":[{"@type":"ListItem","position":1,"name":"Homepage","item":"https:\/\/talkpal.ai\/is\/"},{"@type":"ListItem","position":2,"name":"Serbnesk m\u00e1lfr\u00e6\u00f0i"}]},{"@type":"WebSite","@id":"https:\/\/talkpal.ai\/is\/#website","url":"https:\/\/talkpal.ai\/is\/","name":"Talkpal","description":"AI Language Learning","publisher":{"@id":"https:\/\/talkpal.ai\/is\/#organization"},"alternateName":"Talkpal AI","potentialAction":[{"@type":"SearchAction","target":{"@type":"EntryPoint","urlTemplate":"https:\/\/talkpal.ai\/is\/?s={search_term_string}"},"query-input":{"@type":"PropertyValueSpecification","valueRequired":true,"valueName":"search_term_string"}}],"inLanguage":"is"},{"@type":"Organization","@id":"https:\/\/talkpal.ai\/is\/#organization","name":"Talkpal, Inc.","alternateName":"Talkpal AI","url":"https:\/\/talkpal.ai\/is\/","logo":{"@type":"ImageObject","inLanguage":"is","@id":"https:\/\/talkpal.ai\/is\/#\/schema\/logo\/image\/","url":"https:\/\/talkpal.ai\/wp-content\/uploads\/2024\/03\/Talkpal-Logo-Icon.png","contentUrl":"https:\/\/talkpal.ai\/wp-content\/uploads\/2024\/03\/Talkpal-Logo-Icon.png","width":2880,"height":2880,"caption":"Talkpal, Inc."},"image":{"@id":"https:\/\/talkpal.ai\/is\/#\/schema\/logo\/image\/"},"sameAs":["https:\/\/www.facebook.com\/profile.php?id=100090733639311","https:\/\/x.com\/talkpalai","https:\/\/www.linkedin.com\/company\/talkpal\/","https:\/\/www.youtube.com\/@TalkPal\/","https:\/\/www.tiktok.com\/@talkpal","https:\/\/www.instagram.com\/talkpal_ai\/","https:\/\/www.crunchbase.com\/organization\/talkpal-9cde","https:\/\/www.g2.com\/products\/talkpal-for-business\/","https:\/\/www.trustpilot.com\/review\/talkpal.ai","https:\/\/www.capterra.com\/p\/10006800\/TalkPal\/"],"description":"Talkpal is a language learning web and mobile education app, powered by the latest AI technologies, that provides engaging experiences to its customers in many different languages to help them improve their language skills. Users can chat about unlimited amount of topics with the app and use other modes to practice their language learning.","email":"support@talkpal.ai","legalName":"Talkpal, Inc.","foundingDate":"2023-04-03","duns":"118989042","numberOfEmployees":{"@type":"QuantitativeValue","minValue":"11","maxValue":"50"},"publishingPrinciples":"https:\/\/talkpal.ai\/publishing-principles\/","actionableFeedbackPolicy":"https:\/\/talkpal.ai\/actionable-feedback-policy\/","correctionsPolicy":"https:\/\/talkpal.ai\/corrections-policy\/","ethicsPolicy":"https:\/\/talkpal.ai\/ethics-policy\/","diversityPolicy":"https:\/\/talkpal.ai\/diversity-policy\/","diversityStaffingReport":"https:\/\/talkpal.ai\/diversity-policy\/"}]}},"_links":{"self":[{"href":"https:\/\/talkpal.ai\/is\/wp-json\/wp\/v2\/pages\/149958","targetHints":{"allow":["GET"]}}],"collection":[{"href":"https:\/\/talkpal.ai\/is\/wp-json\/wp\/v2\/pages"}],"about":[{"href":"https:\/\/talkpal.ai\/is\/wp-json\/wp\/v2\/types\/page"}],"author":[{"embeddable":true,"href":"https:\/\/talkpal.ai\/is\/wp-json\/wp\/v2\/users\/1"}],"replies":[{"embeddable":true,"href":"https:\/\/talkpal.ai\/is\/wp-json\/wp\/v2\/comments?post=149958"}],"version-history":[{"count":0,"href":"https:\/\/talkpal.ai\/is\/wp-json\/wp\/v2\/pages\/149958\/revisions"}],"wp:featuredmedia":[{"embeddable":true,"href":"https:\/\/talkpal.ai\/is\/wp-json\/wp\/v2\/media\/118102"}],"wp:attachment":[{"href":"https:\/\/talkpal.ai\/is\/wp-json\/wp\/v2\/media?parent=149958"}],"curies":[{"name":"wp","href":"https:\/\/api.w.org\/{rel}","templated":true}]}}