{"id":149449,"date":"2023-05-14T14:19:07","date_gmt":"2023-05-14T14:19:07","guid":{"rendered":"http:\/\/talkpal.ai\/rumensk-malfraedi\/"},"modified":"2025-12-17T15:35:00","modified_gmt":"2025-12-17T15:35:00","slug":"rumensk-malfraedi","status":"publish","type":"page","link":"https:\/\/talkpal.ai\/is\/rumensk-malfraedi\/","title":{"rendered":"R\u00famensk m\u00e1lfr\u00e6\u00f0i"},"content":{"rendered":"\r\n\r\n\r\n<section class=\"languageChallengeSection\">\r\n    <div class=\"languageInfoWrapper\">\r\n        \r\n        <h1>R\u00famensk m\u00e1lfr\u00e6\u00f0i<\/h1>\r\n        <p>Opna\u00f0u fegur\u00f0 r\u00famensku tungum\u00e1lsins me\u00f0 \u00fev\u00ed a\u00f0 l\u00e6ra nau\u00f0synlegar m\u00e1lfr\u00e6\u00f0ireglur \u00feess. A\u00f0 n\u00e1 g\u00f3\u00f0um t\u00f6kum \u00e1 r\u00famenskri <a href=\"https:\/\/talkpal.ai\/grammar\/\">m\u00e1lfr\u00e6\u00f0i<\/a> mun hj\u00e1lpa \u00fe\u00e9r a\u00f0 eiga \u00f6rugg samskipti og tengjast r\u00edkri menningu og s\u00f6gu R\u00famen\u00edu. Byrja\u00f0u a\u00f0 l\u00e6ra r\u00famensku m\u00e1lfr\u00e6\u00f0i \u00ed dag og taktu fyrsta skrefi\u00f0 \u00ed \u00e1tt a\u00f0 f\u00e6rni \u00ed tungum\u00e1linu.<\/p>\r\n\r\n                            <a class=\"getStartedHidden\" href=\"https:\/\/app.talkpal.ai\/signup?lng=\">Byrja\u00f0u<\/a>\r\n        \r\n    <\/div>\r\n\r\n    <figure>\r\n    <img decoding=\"async\" width=\"768\" height=\"768\" src=\"https:\/\/talkpal.ai\/wp-content\/uploads\/2023\/06\/romanian-768x768.png\" class=\"languageImage no-lazy\" alt=\"Language learning for intellectual challenge\" fetchpriority=\"high\" sizes=\"(max-width: 768px) 150px, 768px\" srcset=\"https:\/\/talkpal.ai\/wp-content\/uploads\/2023\/06\/romanian-768x768.png 768w, https:\/\/talkpal.ai\/wp-content\/uploads\/2023\/06\/romanian-300x300.png 300w\" \/>\r\n    \r\n\r\n    <\/figure>\r\n\r\n            <a class=\"getStartedVisible\" href=\"https:\/\/app.talkpal.ai\/signup?lng=\">Byrja\u00f0u<\/a>\r\n    \r\n<\/section>\r\n<section class=\"promotionalBanner\">\r\n    <p class=\"promotionalText\">Skilvirkasta lei\u00f0in til a\u00f0 l\u00e6ra tungum\u00e1l<\/p>\r\n    <a class=\"promotionalLink\" href=\"https:\/\/app.talkpal.ai\/signup?lng=\">Pr\u00f3fa\u00f0u Talkpal \u00f3keypis<\/a>\r\n<\/section>\n<div class=\"wp-block-group pageContainerStyle\"><div class=\"wp-block-group__inner-container is-layout-constrained wp-block-group-is-layout-constrained\">\n<h2 class=\"wp-block-heading\" id=\"h-unraveling-the-mysteries-of-romanian-grammar\">Unraveling leyndard\u00f3ma r\u00famenska m\u00e1lfr\u00e6\u00f0i<\/h2>\n\n\n\n<p><a href=\"https:\/\/talkpal.ai\/learn-romanian\/\">R\u00famenska<\/a>, eina r\u00f3mant\u00edska tungum\u00e1li\u00f0 sem tala\u00f0 er \u00ed Austur-Evr\u00f3pu, b\u00fd\u00f0ur upp \u00e1 einstakt og \u00e1hugavert tungum\u00e1lafer\u00f0. Straddling menningararfleif\u00f0 b\u00e6\u00f0i lat\u00ednu og slavneska heima, <a href=\"https:\/\/talkpal.ai\/learn-romanian\/\">r\u00famenska<\/a> hefur heillandi s\u00f6gu og spennandi m\u00e1lfr\u00e6\u00f0i kerfi til a\u00f0 kanna. Svo hvort sem \u00fe\u00fa ert \u00e1hugama\u00f0ur um fj\u00f6lhyggja e\u00f0a bara a\u00f0 leita a\u00f0 n\u00fdju tungum\u00e1la\u00e6vint\u00fdri, taktu \u00feig upp og ger\u00f0u \u00feig tilb\u00fainn til a\u00f0 kanna fegur\u00f0 r\u00famenskrar m\u00e1lfr\u00e6\u00f0i!<\/p>\n\n\n\n<h3 class=\"wp-block-heading\" id=\"h-1-the-alphabet-a-familiar-friend-with-a-twist\">1. Stafr\u00f3fi\u00f0: Kunnuglegur vinur me\u00f0 \u00edvafi<\/h3>\n\n\n\n<p>R\u00famenska stafr\u00f3fi\u00f0 er byggt \u00e1 latnesku letri, sem samanstendur af 31 b\u00f3kst\u00f6fum. Sem betur fer fyrir <a href=\"https:\/\/talkpal.ai\/english-speaking-course\/\">enskum\u00e6landi<\/a> er \u00fea\u00f0 nokku\u00f0 svipa\u00f0 <a href=\"https:\/\/talkpal.ai\/learn-english-with-ai\/\">enska<\/a> stafr\u00f3finu, me\u00f0 a\u00f0eins nokkrum aukast\u00f6fum til a\u00f0 t\u00e1kna \u00e1kve\u00f0in r\u00famensk hlj\u00f3\u00f0. Me\u00f0 sm\u00e1 \u00e6fingu ver\u00f0ur gola a\u00f0 n\u00e1 t\u00f6kum \u00e1 grunnatri\u00f0unum (eins og a\u00f0 stafsetja nafni\u00f0 \u00feitt e\u00f0a lesa g\u00f6tuskilti).<\/p>\n\n\n\n<h3 class=\"wp-block-heading\" id=\"h-2-nouns-meet-cases-the-dynamic-duo\">2. Nafnor\u00f0 m\u00e6ta m\u00e1lum: Dynamic Duo<\/h3>\n\n\n\n<p>R\u00famensk nafnor\u00f0 falla \u00ed \u00ferj\u00fa kyn (karlkyns, kvenkyns og hvorugkyns) og \u00feau breyta um form eftir m\u00e1lfr\u00e6\u00f0ilegu tilfelli (nafnor\u00f0, genitive, dative, accusative e\u00f0a vocative). \u00de\u00f3 a\u00f0 \u00feetta g\u00e6ti virst \u00f3gnvekjandi \u00ed fyrstu, gefur \u00feetta kerfi r\u00famenska r\u00edkid\u00e6mi sem gerir r\u00e1\u00f0 fyrir bl\u00e6brig\u00f0i og sk\u00f6punarg\u00e1fu vi\u00f0 a\u00f0 semja setningar, sem gerir tungum\u00e1lafer\u00f0 \u00fe\u00edna enn meira gefandi.<\/p>\n\n\n\n<h3 class=\"wp-block-heading\" id=\"h-3-verbs-conjugating-your-way-to-success\">3. Sagnir: Samtenging lei\u00f0 til \u00e1rangurs<\/h3>\n\n\n\n<p>R\u00famensk sagnbeyging, \u00fe\u00f3 h\u00fan s\u00e9 a\u00f0eins einfaldari en fallbeyging nafnor\u00f0s, er samt marg\u00fe\u00e6tt ferli. Sagnir breytast eftir t\u00ed\u00f0aranda, skapi, r\u00f6dd og pers\u00f3nu og t\u00f6lu vi\u00f0fangsefnisins. Eins og f\u00ednstillt hlj\u00f3\u00f0f\u00e6ri geta r\u00famenskar sagnir mi\u00f0la\u00f0 margv\u00edslegum a\u00f0ger\u00f0um, tilfinningum og fyrir\u00e6tlunum, sem gerir r\u00e1\u00f0 fyrir b\u00e6\u00f0i n\u00e1kv\u00e6mri og lj\u00f3\u00f0r\u00e6nni tj\u00e1ningu.<\/p>\n\n\n\n<h3 class=\"wp-block-heading\" id=\"h-4-flexible-word-order-shuffle-the-sentences\">4. Sveigjanleg or\u00f0ar\u00f6\u00f0: Stokka\u00f0u setningarnar<\/h3>\n\n\n\n<p>R\u00famenska er nokku\u00f0 sveigjanleg \u00feegar kemur a\u00f0 or\u00f0ar\u00f6\u00f0, sem gerir \u00fe\u00e9r kleift a\u00f0 ra\u00f0a vi\u00f0fangsefnum, s\u00f6gnum og hlutum \u00e1 \u00fdmsa vegu \u00e1n \u00feess a\u00f0 sker\u00f0a merkingu. \u00deessi sveigjanleiki getur auki\u00f0 \u00e1herslur, skapa\u00f0 andst\u00e6\u00f0ur e\u00f0a einfaldlega gert tal meira a\u00f0la\u00f0andi. Eftir \u00fev\u00ed sem \u00fe\u00fa ver\u00f0ur f\u00e6rari \u00ed r\u00famensku muntu skemmta \u00fe\u00e9r vi\u00f0 a\u00f0 <a href=\"https:\/\/talkpal.ai\/locations\/language-courses-in-gera\/\">gera<\/a> tilraunir me\u00f0 mismunandi lei\u00f0ir til a\u00f0 segja \u00fea\u00f0 <a href=\"https:\/\/talkpal.ai\/locations\/language-courses-in-sama\/\">sama<\/a> og finna hinn fullkomna t\u00f3n fyrir allar a\u00f0st\u00e6\u00f0ur.<\/p>\n\n\n\n<h3 class=\"wp-block-heading\" id=\"h-5-wading-deeper-language-through-culture\">5. A\u00f0 va\u00f0a d\u00fdpra: Tungum\u00e1l \u00ed gegnum menningu<\/h3>\n\n\n\n<p>Til a\u00f0 meta r\u00famensku sannarlega ver\u00f0ur \u00fe\u00fa a\u00f0 kafa d\u00fdpra \u00ed menningu, s\u00f6gu og hugarfar sem m\u00f3ta\u00f0i tungum\u00e1li\u00f0. Taktu \u00fe\u00e1tt \u00ed m\u00f3\u00f0urm\u00e1li, kanna\u00f0u r\u00famenskar b\u00f3kmenntir og s\u00f6kktu \u00fe\u00e9r ni\u00f0ur \u00ed sta\u00f0bundna si\u00f0i og hef\u00f0ir. Me\u00f0 \u00fev\u00ed a\u00f0 gera \u00fea\u00f0 muntu ekki a\u00f0eins b\u00e6ta tungum\u00e1lakunn\u00e1ttu \u00fe\u00edna heldur einnig uppg\u00f6tva marg\u00fe\u00e6tta fegur\u00f0 r\u00famenskrar menningar.<\/p>\n\n\n\n<h3 class=\"wp-block-heading\" id=\"h-in-conclusion-embrace-the-magic-of-romanian-grammar\">A\u00f0 lokum: Fa\u00f0ma t\u00f6fra r\u00famenska m\u00e1lfr\u00e6\u00f0i<\/h3>\n\n\n\n<p>R\u00famensk m\u00e1lfr\u00e6\u00f0i kann a\u00f0 vir\u00f0ast eins og r\u00e1\u00f0g\u00e1ta \u00ed fyrstu, en me\u00f0 t\u00edma, \u00feolinm\u00e6\u00f0i og brennandi \u00e1huga \u00e1 tungum\u00e1linu muntu opna leyndarm\u00e1l \u00feessa merkilega m\u00e1lr\u00e6na fj\u00e1rsj\u00f3\u00f0s. Af hverju a\u00f0 b\u00ed\u00f0a? Byrja\u00f0u r\u00famenska tungum\u00e1lafer\u00f0 \u00fe\u00edna \u00ed dag og ba\u00f0a\u00f0u \u00feig \u00ed fegur\u00f0 m\u00e1lfr\u00e6\u00f0i \u00feess, menningu og gr\u00edpandi heimi sem \u00fea\u00f0 opnar fyrir \u00fe\u00e9r.<\/p>\n<\/div><\/div>\n\r\n<section class=\"learnNavigationSection\">\r\n            \r\n        <a href=\"https:\/\/talkpal.ai\/is\/laerdu-rumensku\/\">\r\n            <div class=\"learnNavigationWrapper\">\r\n                <div class=\"learnNavigationContent\">\r\n                    <img decoding=\"async\" src=\"https:\/\/talkpal.ai\/wp-content\/uploads\/2024\/08\/Romanian.jpg\" alt=\"Romanian Flag\">\r\n                    <div>\r\n                        <h4>Um r\u00famenskun\u00e1m<\/h4>\r\n                        <p>Finndu \u00fat allt um r\u00famenska m\u00e1lfr\u00e6\u00f0i.<\/p>\r\n                    <\/div>\r\n                <\/div>\r\n            <\/div>\r\n        <\/a>\r\n\r\n        \r\n        <a href=\"https:\/\/talkpal.ai\/is\/rumenska-malfraedi-aefingar\/\">\r\n            <div class=\"learnNavigationWrapper\">\r\n                <div class=\"learnNavigationContent\">\r\n                    <img decoding=\"async\" src=\"https:\/\/talkpal.ai\/wp-content\/uploads\/2024\/08\/Romanian.jpg\" alt=\"Romanian Flag\">\r\n                    <div>\r\n                        <h4>R\u00famensk m\u00e1lfr\u00e6\u00f0i\u00e6fing<\/h4>\r\n                        <p>\u00c6f\u00f0u r\u00famenska m\u00e1lfr\u00e6\u00f0i.<\/p>\r\n                    <\/div>\r\n                <\/div>\r\n            <\/div>\r\n        <\/a>\r\n\r\n        \r\n        <a href=\"https:\/\/talkpal.ai\/vocabulary_language\/romanian\/\">\r\n            <div class=\"learnNavigationWrapper\">\r\n                <div class=\"learnNavigationContent\">\r\n                    <img decoding=\"async\" src=\"https:\/\/talkpal.ai\/wp-content\/uploads\/2024\/08\/Romanian.jpg\" alt=\"Romanian Flag\">\r\n                    <div>\r\n                        <h4>R\u00famenskur or\u00f0afor\u00f0i<\/h4>\r\n                        <p>St\u00e6kka\u00f0u r\u00famenskan or\u00f0afor\u00f0a \u00feinn.<\/p>\r\n                    <\/div>\r\n                <\/div>\r\n            <\/div>\r\n        <\/a>\r\n\r\n            <\/section>","protected":false},"excerpt":{"rendered":"<p>Unraveling leyndard\u00f3ma r\u00famenska m\u00e1lfr\u00e6\u00f0i R\u00famenska, eina r\u00f3mant\u00edska tungum\u00e1li\u00f0 sem tala\u00f0 er \u00ed Austur-Evr\u00f3pu, b\u00fd\u00f0ur upp \u00e1 einstakt og \u00e1hugavert tungum\u00e1lafer\u00f0. Straddling menningararfleif\u00f0 b\u00e6\u00f0i lat\u00ednu og slavneska heima, r\u00famenska hefur heillandi s\u00f6gu og spennandi m\u00e1lfr\u00e6\u00f0i kerfi til a\u00f0 kanna. Svo hvort sem \u00fe\u00fa ert \u00e1hugama\u00f0ur um fj\u00f6lhyggja e\u00f0a bara a\u00f0 leita a\u00f0 n\u00fdju tungum\u00e1la\u00e6vint\u00fdri, taktu \u00feig [&hellip;]<\/p>\n","protected":false},"author":1,"featured_media":117772,"parent":0,"menu_order":0,"comment_status":"closed","ping_status":"closed","template":"LearningContentPage.php","meta":{"_acf_changed":false,"footnotes":""},"class_list":["post-149449","page","type-page","status-publish","has-post-thumbnail","hentry"],"acf":[],"yoast_head":"<!-- This site is optimized with the Yoast SEO Premium plugin v27.2 (Yoast SEO v27.2) - https:\/\/yoast.com\/product\/yoast-seo-premium-wordpress\/ -->\n<title>R\u00famensk m\u00e1lfr\u00e6\u00f0i - Talkpal<\/title>\n<meta name=\"description\" content=\"Kanna\u00f0u heillandi heim r\u00famenskrar m\u00e1lfr\u00e6\u00f0i og uppg\u00f6tva\u00f0u einstaka eiginleika \u00feessa fallega r\u00f3m\u00f6nsku tungum\u00e1ls.\" \/>\n<meta name=\"robots\" content=\"index, follow, max-snippet:-1, max-image-preview:large, max-video-preview:-1\" \/>\n<link rel=\"canonical\" href=\"https:\/\/talkpal.ai\/is\/rumensk-malfraedi\/\" \/>\n<meta property=\"og:locale\" content=\"is_IS\" \/>\n<meta property=\"og:type\" content=\"article\" \/>\n<meta property=\"og:title\" content=\"R\u00famensk m\u00e1lfr\u00e6\u00f0i\" \/>\n<meta property=\"og:description\" content=\"Unraveling leyndard\u00f3ma r\u00famenska m\u00e1lfr\u00e6\u00f0i R\u00famenska, eina r\u00f3mant\u00edska tungum\u00e1li\u00f0 sem tala\u00f0 er \u00ed Austur-Evr\u00f3pu, b\u00fd\u00f0ur upp \u00e1 einstakt og \u00e1hugavert\" \/>\n<meta property=\"og:url\" content=\"https:\/\/talkpal.ai\/is\/rumensk-malfraedi\/\" \/>\n<meta property=\"og:site_name\" content=\"Talkpal\" \/>\n<meta property=\"article:publisher\" content=\"https:\/\/www.facebook.com\/profile.php?id=100090733639311\" \/>\n<meta property=\"article:modified_time\" content=\"2025-12-17T15:35:00+00:00\" \/>\n<meta property=\"og:image\" content=\"https:\/\/talkpal.ai\/wp-content\/uploads\/2023\/05\/romania.png\" \/>\n\t<meta property=\"og:image:width\" content=\"512\" \/>\n\t<meta property=\"og:image:height\" content=\"512\" \/>\n\t<meta property=\"og:image:type\" content=\"image\/png\" \/>\n<meta name=\"twitter:card\" content=\"summary_large_image\" \/>\n<meta name=\"twitter:site\" content=\"@talkpalai\" \/>\n<meta name=\"twitter:label1\" content=\"Est. reading time\" \/>\n\t<meta name=\"twitter:data1\" content=\"3 minutes\" \/>\n<script type=\"application\/ld+json\" class=\"yoast-schema-graph\">{\"@context\":\"https:\/\/schema.org\",\"@graph\":[{\"@type\":\"WebPage\",\"@id\":\"https:\/\/talkpal.ai\/is\/rumensk-malfraedi\/\",\"url\":\"https:\/\/talkpal.ai\/is\/rumensk-malfraedi\/\",\"name\":\"R\u00famensk m\u00e1lfr\u00e6\u00f0i - Talkpal\",\"isPartOf\":{\"@id\":\"https:\/\/talkpal.ai\/is\/#website\"},\"primaryImageOfPage\":{\"@id\":\"https:\/\/talkpal.ai\/is\/rumensk-malfraedi\/#primaryimage\"},\"image\":{\"@id\":\"https:\/\/talkpal.ai\/is\/rumensk-malfraedi\/#primaryimage\"},\"thumbnailUrl\":\"https:\/\/talkpal.ai\/wp-content\/uploads\/2023\/05\/romania.png\",\"datePublished\":\"2023-05-14T14:19:07+00:00\",\"dateModified\":\"2025-12-17T15:35:00+00:00\",\"description\":\"Kanna\u00f0u heillandi heim r\u00famenskrar m\u00e1lfr\u00e6\u00f0i og uppg\u00f6tva\u00f0u einstaka eiginleika \u00feessa fallega r\u00f3m\u00f6nsku tungum\u00e1ls.\",\"breadcrumb\":{\"@id\":\"https:\/\/talkpal.ai\/is\/rumensk-malfraedi\/#breadcrumb\"},\"inLanguage\":\"is\",\"potentialAction\":[{\"@type\":\"ReadAction\",\"target\":[\"https:\/\/talkpal.ai\/is\/rumensk-malfraedi\/\"]}]},{\"@type\":\"ImageObject\",\"inLanguage\":\"is\",\"@id\":\"https:\/\/talkpal.ai\/is\/rumensk-malfraedi\/#primaryimage\",\"url\":\"https:\/\/talkpal.ai\/wp-content\/uploads\/2023\/05\/romania.png\",\"contentUrl\":\"https:\/\/talkpal.ai\/wp-content\/uploads\/2023\/05\/romania.png\",\"width\":512,\"height\":512},{\"@type\":\"BreadcrumbList\",\"@id\":\"https:\/\/talkpal.ai\/is\/rumensk-malfraedi\/#breadcrumb\",\"itemListElement\":[{\"@type\":\"ListItem\",\"position\":1,\"name\":\"Homepage\",\"item\":\"https:\/\/talkpal.ai\/is\/\"},{\"@type\":\"ListItem\",\"position\":2,\"name\":\"R\u00famensk m\u00e1lfr\u00e6\u00f0i\"}]},{\"@type\":\"WebSite\",\"@id\":\"https:\/\/talkpal.ai\/is\/#website\",\"url\":\"https:\/\/talkpal.ai\/is\/\",\"name\":\"Talkpal\",\"description\":\"AI Language Learning\",\"publisher\":{\"@id\":\"https:\/\/talkpal.ai\/is\/#organization\"},\"alternateName\":\"Talkpal AI\",\"potentialAction\":[{\"@type\":\"SearchAction\",\"target\":{\"@type\":\"EntryPoint\",\"urlTemplate\":\"https:\/\/talkpal.ai\/is\/?s={search_term_string}\"},\"query-input\":{\"@type\":\"PropertyValueSpecification\",\"valueRequired\":true,\"valueName\":\"search_term_string\"}}],\"inLanguage\":\"is\"},{\"@type\":\"Organization\",\"@id\":\"https:\/\/talkpal.ai\/is\/#organization\",\"name\":\"Talkpal, Inc.\",\"alternateName\":\"Talkpal AI\",\"url\":\"https:\/\/talkpal.ai\/is\/\",\"logo\":{\"@type\":\"ImageObject\",\"inLanguage\":\"is\",\"@id\":\"https:\/\/talkpal.ai\/is\/#\/schema\/logo\/image\/\",\"url\":\"https:\/\/talkpal.ai\/wp-content\/uploads\/2024\/03\/Talkpal-Logo-Icon.png\",\"contentUrl\":\"https:\/\/talkpal.ai\/wp-content\/uploads\/2024\/03\/Talkpal-Logo-Icon.png\",\"width\":2880,\"height\":2880,\"caption\":\"Talkpal, Inc.\"},\"image\":{\"@id\":\"https:\/\/talkpal.ai\/is\/#\/schema\/logo\/image\/\"},\"sameAs\":[\"https:\/\/www.facebook.com\/profile.php?id=100090733639311\",\"https:\/\/x.com\/talkpalai\",\"https:\/\/www.linkedin.com\/company\/talkpal\/\",\"https:\/\/www.youtube.com\/@TalkPal\/\",\"https:\/\/www.tiktok.com\/@talkpal\",\"https:\/\/www.instagram.com\/talkpal_ai\/\",\"https:\/\/www.crunchbase.com\/organization\/talkpal-9cde\",\"https:\/\/www.g2.com\/products\/talkpal-for-business\/\",\"https:\/\/www.trustpilot.com\/review\/talkpal.ai\",\"https:\/\/www.capterra.com\/p\/10006800\/TalkPal\/\"],\"description\":\"Talkpal is a language learning web and mobile education app, powered by the latest AI technologies, that provides engaging experiences to its customers in many different languages to help them improve their language skills. Users can chat about unlimited amount of topics with the app and use other modes to practice their language learning.\",\"email\":\"support@talkpal.ai\",\"legalName\":\"Talkpal, Inc.\",\"foundingDate\":\"2023-04-03\",\"duns\":\"118989042\",\"numberOfEmployees\":{\"@type\":\"QuantitativeValue\",\"minValue\":\"11\",\"maxValue\":\"50\"},\"publishingPrinciples\":\"https:\/\/talkpal.ai\/publishing-principles\/\",\"actionableFeedbackPolicy\":\"https:\/\/talkpal.ai\/actionable-feedback-policy\/\",\"correctionsPolicy\":\"https:\/\/talkpal.ai\/corrections-policy\/\",\"ethicsPolicy\":\"https:\/\/talkpal.ai\/ethics-policy\/\",\"diversityPolicy\":\"https:\/\/talkpal.ai\/diversity-policy\/\",\"diversityStaffingReport\":\"https:\/\/talkpal.ai\/diversity-policy\/\"}]}<\/script>\n<!-- \/ Yoast SEO Premium plugin. -->","yoast_head_json":{"title":"R\u00famensk m\u00e1lfr\u00e6\u00f0i - Talkpal","description":"Kanna\u00f0u heillandi heim r\u00famenskrar m\u00e1lfr\u00e6\u00f0i og uppg\u00f6tva\u00f0u einstaka eiginleika \u00feessa fallega r\u00f3m\u00f6nsku tungum\u00e1ls.","robots":{"index":"index","follow":"follow","max-snippet":"max-snippet:-1","max-image-preview":"max-image-preview:large","max-video-preview":"max-video-preview:-1"},"canonical":"https:\/\/talkpal.ai\/is\/rumensk-malfraedi\/","og_locale":"is_IS","og_type":"article","og_title":"R\u00famensk m\u00e1lfr\u00e6\u00f0i","og_description":"Unraveling leyndard\u00f3ma r\u00famenska m\u00e1lfr\u00e6\u00f0i R\u00famenska, eina r\u00f3mant\u00edska tungum\u00e1li\u00f0 sem tala\u00f0 er \u00ed Austur-Evr\u00f3pu, b\u00fd\u00f0ur upp \u00e1 einstakt og \u00e1hugavert","og_url":"https:\/\/talkpal.ai\/is\/rumensk-malfraedi\/","og_site_name":"Talkpal","article_publisher":"https:\/\/www.facebook.com\/profile.php?id=100090733639311","article_modified_time":"2025-12-17T15:35:00+00:00","og_image":[{"width":512,"height":512,"url":"https:\/\/talkpal.ai\/wp-content\/uploads\/2023\/05\/romania.png","type":"image\/png"}],"twitter_card":"summary_large_image","twitter_site":"@talkpalai","twitter_misc":{"Est. reading time":"3 minutes"},"schema":{"@context":"https:\/\/schema.org","@graph":[{"@type":"WebPage","@id":"https:\/\/talkpal.ai\/is\/rumensk-malfraedi\/","url":"https:\/\/talkpal.ai\/is\/rumensk-malfraedi\/","name":"R\u00famensk m\u00e1lfr\u00e6\u00f0i - Talkpal","isPartOf":{"@id":"https:\/\/talkpal.ai\/is\/#website"},"primaryImageOfPage":{"@id":"https:\/\/talkpal.ai\/is\/rumensk-malfraedi\/#primaryimage"},"image":{"@id":"https:\/\/talkpal.ai\/is\/rumensk-malfraedi\/#primaryimage"},"thumbnailUrl":"https:\/\/talkpal.ai\/wp-content\/uploads\/2023\/05\/romania.png","datePublished":"2023-05-14T14:19:07+00:00","dateModified":"2025-12-17T15:35:00+00:00","description":"Kanna\u00f0u heillandi heim r\u00famenskrar m\u00e1lfr\u00e6\u00f0i og uppg\u00f6tva\u00f0u einstaka eiginleika \u00feessa fallega r\u00f3m\u00f6nsku tungum\u00e1ls.","breadcrumb":{"@id":"https:\/\/talkpal.ai\/is\/rumensk-malfraedi\/#breadcrumb"},"inLanguage":"is","potentialAction":[{"@type":"ReadAction","target":["https:\/\/talkpal.ai\/is\/rumensk-malfraedi\/"]}]},{"@type":"ImageObject","inLanguage":"is","@id":"https:\/\/talkpal.ai\/is\/rumensk-malfraedi\/#primaryimage","url":"https:\/\/talkpal.ai\/wp-content\/uploads\/2023\/05\/romania.png","contentUrl":"https:\/\/talkpal.ai\/wp-content\/uploads\/2023\/05\/romania.png","width":512,"height":512},{"@type":"BreadcrumbList","@id":"https:\/\/talkpal.ai\/is\/rumensk-malfraedi\/#breadcrumb","itemListElement":[{"@type":"ListItem","position":1,"name":"Homepage","item":"https:\/\/talkpal.ai\/is\/"},{"@type":"ListItem","position":2,"name":"R\u00famensk m\u00e1lfr\u00e6\u00f0i"}]},{"@type":"WebSite","@id":"https:\/\/talkpal.ai\/is\/#website","url":"https:\/\/talkpal.ai\/is\/","name":"Talkpal","description":"AI Language Learning","publisher":{"@id":"https:\/\/talkpal.ai\/is\/#organization"},"alternateName":"Talkpal AI","potentialAction":[{"@type":"SearchAction","target":{"@type":"EntryPoint","urlTemplate":"https:\/\/talkpal.ai\/is\/?s={search_term_string}"},"query-input":{"@type":"PropertyValueSpecification","valueRequired":true,"valueName":"search_term_string"}}],"inLanguage":"is"},{"@type":"Organization","@id":"https:\/\/talkpal.ai\/is\/#organization","name":"Talkpal, Inc.","alternateName":"Talkpal AI","url":"https:\/\/talkpal.ai\/is\/","logo":{"@type":"ImageObject","inLanguage":"is","@id":"https:\/\/talkpal.ai\/is\/#\/schema\/logo\/image\/","url":"https:\/\/talkpal.ai\/wp-content\/uploads\/2024\/03\/Talkpal-Logo-Icon.png","contentUrl":"https:\/\/talkpal.ai\/wp-content\/uploads\/2024\/03\/Talkpal-Logo-Icon.png","width":2880,"height":2880,"caption":"Talkpal, Inc."},"image":{"@id":"https:\/\/talkpal.ai\/is\/#\/schema\/logo\/image\/"},"sameAs":["https:\/\/www.facebook.com\/profile.php?id=100090733639311","https:\/\/x.com\/talkpalai","https:\/\/www.linkedin.com\/company\/talkpal\/","https:\/\/www.youtube.com\/@TalkPal\/","https:\/\/www.tiktok.com\/@talkpal","https:\/\/www.instagram.com\/talkpal_ai\/","https:\/\/www.crunchbase.com\/organization\/talkpal-9cde","https:\/\/www.g2.com\/products\/talkpal-for-business\/","https:\/\/www.trustpilot.com\/review\/talkpal.ai","https:\/\/www.capterra.com\/p\/10006800\/TalkPal\/"],"description":"Talkpal is a language learning web and mobile education app, powered by the latest AI technologies, that provides engaging experiences to its customers in many different languages to help them improve their language skills. Users can chat about unlimited amount of topics with the app and use other modes to practice their language learning.","email":"support@talkpal.ai","legalName":"Talkpal, Inc.","foundingDate":"2023-04-03","duns":"118989042","numberOfEmployees":{"@type":"QuantitativeValue","minValue":"11","maxValue":"50"},"publishingPrinciples":"https:\/\/talkpal.ai\/publishing-principles\/","actionableFeedbackPolicy":"https:\/\/talkpal.ai\/actionable-feedback-policy\/","correctionsPolicy":"https:\/\/talkpal.ai\/corrections-policy\/","ethicsPolicy":"https:\/\/talkpal.ai\/ethics-policy\/","diversityPolicy":"https:\/\/talkpal.ai\/diversity-policy\/","diversityStaffingReport":"https:\/\/talkpal.ai\/diversity-policy\/"}]}},"_links":{"self":[{"href":"https:\/\/talkpal.ai\/is\/wp-json\/wp\/v2\/pages\/149449","targetHints":{"allow":["GET"]}}],"collection":[{"href":"https:\/\/talkpal.ai\/is\/wp-json\/wp\/v2\/pages"}],"about":[{"href":"https:\/\/talkpal.ai\/is\/wp-json\/wp\/v2\/types\/page"}],"author":[{"embeddable":true,"href":"https:\/\/talkpal.ai\/is\/wp-json\/wp\/v2\/users\/1"}],"replies":[{"embeddable":true,"href":"https:\/\/talkpal.ai\/is\/wp-json\/wp\/v2\/comments?post=149449"}],"version-history":[{"count":0,"href":"https:\/\/talkpal.ai\/is\/wp-json\/wp\/v2\/pages\/149449\/revisions"}],"wp:featuredmedia":[{"embeddable":true,"href":"https:\/\/talkpal.ai\/is\/wp-json\/wp\/v2\/media\/117772"}],"wp:attachment":[{"href":"https:\/\/talkpal.ai\/is\/wp-json\/wp\/v2\/media?parent=149449"}],"curies":[{"name":"wp","href":"https:\/\/api.w.org\/{rel}","templated":true}]}}