{"id":149083,"date":"2023-05-14T14:18:46","date_gmt":"2023-05-14T14:18:46","guid":{"rendered":"http:\/\/talkpal.ai\/polsk-malfraedi\/"},"modified":"2025-12-17T17:16:01","modified_gmt":"2025-12-17T17:16:01","slug":"polsk-malfraedi","status":"publish","type":"page","link":"https:\/\/talkpal.ai\/is\/polsk-malfraedi\/","title":{"rendered":"P\u00f3lsk m\u00e1lfr\u00e6\u00f0i"},"content":{"rendered":"\r\n\r\n\r\n<section class=\"languageChallengeSection\">\r\n    <div class=\"languageInfoWrapper\">\r\n        \r\n        <h1>P\u00f3lsk m\u00e1lfr\u00e6\u00f0i<\/h1>\r\n        <p>Kaf\u00f0u \u00fe\u00e9r f\u00e6ri \u00e1 a\u00f0 kafa d\u00fdpra \u00ed heillandi heim p\u00f3lskrar <a href=\"https:\/\/talkpal.ai\/grammar\/\">m\u00e1lfr\u00e6\u00f0i<\/a> og uppg\u00f6tva\u00f0u grunnatri\u00f0i eins \u00fatbreiddasta tungum\u00e1ls Mi\u00f0-Evr\u00f3pu. Me\u00f0 \u00fev\u00ed a\u00f0 n\u00e1 t\u00f6kum \u00e1 grunnreglunum munt \u00fe\u00fa eiga skilvirkari samskipti og \u00f6\u00f0last d\u00fdpri skilning \u00e1 p\u00f3lskri menningu. Byrja\u00f0u a\u00f0 l\u00e6ra <a href=\"https:\/\/talkpal.ai\/learn-polish\/\">p\u00f3lska<\/a> m\u00e1lfr\u00e6\u00f0i \u00ed dag og taktu fyrsta skrefi\u00f0 \u00ed \u00e1tt a\u00f0 f\u00e6rni \u00ed p\u00f3lsku!<\/p>\r\n\r\n                            <a class=\"getStartedHidden\" href=\"https:\/\/app.talkpal.ai\/signup?lng=\">Byrja\u00f0u<\/a>\r\n        \r\n    <\/div>\r\n\r\n    <figure>\r\n    <img decoding=\"async\" width=\"768\" height=\"768\" src=\"https:\/\/talkpal.ai\/wp-content\/uploads\/2023\/06\/polish-768x768.png\" class=\"languageImage no-lazy\" alt=\"Practical tips on language learning techniques\" fetchpriority=\"high\" sizes=\"(max-width: 768px) 150px, 768px\" srcset=\"https:\/\/talkpal.ai\/wp-content\/uploads\/2023\/06\/polish-768x768.png 768w, https:\/\/talkpal.ai\/wp-content\/uploads\/2023\/06\/polish-300x300.png 300w\" \/>\r\n    \r\n\r\n    <\/figure>\r\n\r\n            <a class=\"getStartedVisible\" href=\"https:\/\/app.talkpal.ai\/signup?lng=\">Byrja\u00f0u<\/a>\r\n    \r\n<\/section>\r\n<section class=\"promotionalBanner\">\r\n    <p class=\"promotionalText\">Skilvirkasta lei\u00f0in til a\u00f0 l\u00e6ra tungum\u00e1l<\/p>\r\n    <a class=\"promotionalLink\" href=\"https:\/\/app.talkpal.ai\/signup?lng=\">Pr\u00f3fa\u00f0u Talkpal \u00f3keypis<\/a>\r\n<\/section>\n<div class=\"wp-block-group pageContainerStyle\"><div class=\"wp-block-group__inner-container is-layout-constrained wp-block-group-is-layout-constrained\">\n<h2 class=\"wp-block-heading\" id=\"h-breaking-down-the-puzzle-of-polish-grammar\">A\u00f0 brj\u00f3ta ni\u00f0ur p\u00fasluspili\u00f0 \u00ed p\u00f3lskri m\u00e1lfr\u00e6\u00f0i<\/h2>\n\n\n\n<p><a href=\"https:\/\/talkpal.ai\/learn-polish\/\">P\u00f3lska<\/a>, slavneskt tungum\u00e1l, er b\u00e6\u00f0i krefjandi og gefandi fyrir tungum\u00e1lanemendur sem leita a\u00f0 einst\u00f6ku tungum\u00e1la\u00e6vint\u00fdri. \u00deegar \u00fe\u00fa kafar yfir \u00e1 p\u00f3lsku muntu afhj\u00fapa heillandi s\u00f6gu og menningu sem vi\u00f0b\u00f3t vi\u00f0 r\u00edkid\u00e6mi tungum\u00e1lsins sj\u00e1lfs. \u00der\u00e1tt fyrir a\u00f0 <a href=\"https:\/\/talkpal.ai\/polish-grammar\/\">p\u00f3lsk m\u00e1lfr\u00e6\u00f0i<\/a> kunni a\u00f0 vir\u00f0ast fl\u00f3kin, gerir afbygging hennar \u00ed vi\u00f0r\u00e1\u00f0anlega \u00fe\u00e6tti n\u00e1msferli\u00f0 a\u00f0gengilegra. \u00deessi grein mi\u00f0ar a\u00f0 \u00fev\u00ed a\u00f0 kynna \u00fe\u00e9r gr\u00edpandi heim p\u00f3lskrar m\u00e1lfr\u00e6\u00f0i og veita lei\u00f0beiningar um hvernig \u00e1 a\u00f0 takast \u00e1 vi\u00f0 margbreytileika \u00feess.<\/p>\n\n\n\n<h3 class=\"wp-block-heading\" id=\"h-1-noun-gender-and-cases\">1. Nafnor\u00f0 Kyn og m\u00e1l<\/h3>\n\n\n\n<p>P\u00f3lsk nafnor\u00f0 hafa m\u00e1lfr\u00e6\u00f0ileg kyn &#8211; karlkyns, kvenkyns og hvorugkyns &#8211; sem hafa \u00e1hrif \u00e1 form l\u00fdsingaror\u00f0a, fornafna og sagnor\u00f0a sem fylgja \u00feeim. Ennfremur hefur p\u00f3lska sj\u00f6 m\u00e1lfr\u00e6\u00f0ileg tilfelli: nafnh\u00e1ttur, genitive, dative, accusative, instrumental, locative og vocative. A\u00f0 kynna s\u00e9r kynja- og m\u00e1lskerfi\u00f0 skiptir sk\u00f6pum til a\u00f0 skilja og sm\u00ed\u00f0a n\u00e1kv\u00e6mar p\u00f3lskar setningar.<\/p>\n\n\n\n<h3 class=\"wp-block-heading\" id=\"h-2-verb-conjugation-person-tense-and-aspect\">2. Sagnbeyging: Pers\u00f3na, spenna og \u00fe\u00e1ttur<\/h3>\n\n\n\n<p>P\u00f3lskar sagnir ver\u00f0a a\u00f0 beygjast eftir spennu, \u00fe\u00e6tti og pers\u00f3nu (fyrsta, anna\u00f0 e\u00f0a \u00feri\u00f0ja). \u00dea\u00f0 eru \u00ferj\u00e1r meginspennur: n\u00fat\u00ed\u00f0, fort\u00ed\u00f0 og framt\u00ed\u00f0. A\u00f0 auki hafa p\u00f3lskar sagnir tvo \u00fe\u00e6tti: fullkominn (fyrir fullger\u00f0ar a\u00f0ger\u00f0ir) og \u00f3fullkominn (fyrir \u00e1framhaldandi e\u00f0a venjulega framkv\u00e6mdar a\u00f0ger\u00f0ir). A\u00f0 n\u00e1 t\u00f6kum \u00e1 \u00feessum samtengingarreglum mun b\u00e6ta munnlega samskiptah\u00e6fileika \u00fe\u00edna verulega \u00e1 p\u00f3lsku.<\/p>\n\n\n\n<h3 class=\"wp-block-heading\" id=\"h-3-adjectives-agreement-and-placement\">3. L\u00fdsingaror\u00f0: Samkomulag og sta\u00f0setning<\/h3>\n\n\n\n<p>P\u00f3lsk l\u00fdsingaror\u00f0 ver\u00f0a a\u00f0 vera samm\u00e1la nafnor\u00f0inu sem \u00feau breyta var\u00f0andi kyn, t\u00f6lu og fall. L\u00fdsingaror\u00f0 eru venjulega \u00e1 undan nafnor\u00f0inu, sem veitir nau\u00f0synlegt l\u00fdsandi samhengi fyrir setninguna.<\/p>\n\n\n\n<p>D\u00e6mi:<\/p>\n\n\n\n<p>&#8211; czerwona sukienka (rau\u00f0ur kj\u00f3ll)<\/p>\n\n\n\n<p>\u2013 pi\u0119kny ogr\u00f3d (fallegur gar\u00f0ur)<\/p>\n\n\n\n<h3 class=\"wp-block-heading\" id=\"h-4-pronouns-types-and-uses\">4. Forn\u00f6fn: Tegundir og notkun<\/h3>\n\n\n\n<p>P\u00f3lsk forn\u00f6fn eru \u00ed \u00fdmsum myndum, \u00fear \u00e1 me\u00f0al pers\u00f3nuleg, eignarfallsleg, sj\u00e1lfhverf, s\u00fdnandi og spyrjandi forn\u00f6fn. A\u00f0 skilja hvernig og hven\u00e6r \u00e1 a\u00f0 nota \u00feessi forn\u00f6fn mun <a href=\"https:\/\/talkpal.ai\/locations\/language-courses-in-gera\/\">gera<\/a> p\u00f3lska m\u00e1lfr\u00e6\u00f0i \u00fe\u00edna n\u00e1kv\u00e6mari og auka almenna tungum\u00e1lakunn\u00e1ttu \u00fe\u00edna.<\/p>\n\n\n\n<h3 class=\"wp-block-heading\" id=\"h-5-negation-conveying-the-opposite\">5. Afneitun: A\u00f0 mi\u00f0la hinu gagnst\u00e6\u00f0a<\/h3>\n\n\n\n<p>\u00cd p\u00f3lskri m\u00e1lfr\u00e6\u00f0i er neitun n\u00e1\u00f0 me\u00f0 \u00fev\u00ed a\u00f0 b\u00e6ta or\u00f0inu \u201enie\u201c \u00e1 undan sagnor\u00f0um, l\u00fdsingaror\u00f0um, atviksor\u00f0um e\u00f0a forn\u00f6fnum. S\u00e9rstakar reglur gilda \u00fe\u00f3 um neitunarsetningar me\u00f0 nafnor\u00f0um, sem geta krafist vi\u00f0b\u00f3tarforsetningar e\u00f0a annars nafnor\u00f0sforms. A\u00f0 \u00feekkja \u00feessi afneitunarmynstur mun hj\u00e1lpa \u00fe\u00e9r a\u00f0 koma fyrirhuga\u00f0ri merkingu \u00feinni sk\u00fdrt \u00e1 framf\u00e6ri \u00e1 p\u00f3lsku.<\/p>\n\n\n\n<h3 class=\"wp-block-heading\" id=\"h-6-engage-with-the-language\">6. Taktu \u00fe\u00e1tt \u00ed tungum\u00e1linu<\/h3>\n\n\n\n<p>\u00c1hrifar\u00edkasta lei\u00f0in til a\u00f0 skilja og tileinka s\u00e9r p\u00f3lska m\u00e1lfr\u00e6\u00f0i er a\u00f0 eiga regluleg samskipti vi\u00f0 tungum\u00e1li\u00f0. Allt fr\u00e1 \u00fev\u00ed a\u00f0 lesa p\u00f3lskar b\u00f3kmenntir, horfa \u00e1 p\u00f3lskar kvikmyndir e\u00f0a <a href=\"https:\/\/talkpal.ai\/locations\/language-courses-in-tala\/\">tala<\/a> virkan vi\u00f0 m\u00f3\u00f0urm\u00e1lsmenn, s\u00f6kkva \u00fe\u00e9r ni\u00f0ur \u00ed \u00fdmislegt samhengi mun styrkja skilning \u00feinn \u00e1 m\u00e1lfr\u00e6\u00f0i \u00e1 <a href=\"https:\/\/talkpal.ai\/locations\/language-courses-in-sama\/\">sama<\/a> t\u00edma og \u00fe\u00fa eykur or\u00f0afor\u00f0a \u00feinn.<\/p>\n\n\n\n<h3 class=\"wp-block-heading\" id=\"h-conclusion\">Ni\u00f0ursta\u00f0a<\/h3>\n\n\n\n<p>\u00der\u00e1tt fyrir a\u00f0 p\u00f3lsk m\u00e1lfr\u00e6\u00f0i kunni a\u00f0 vir\u00f0ast fl\u00f3kin, mun st\u00f6\u00f0ugt a\u00f0 \u00e6fa og takast \u00e1 vi\u00f0 hana skref fyrir skref hj\u00e1lpa \u00fe\u00e9r a\u00f0 ver\u00f0a f\u00e6r \u00ed \u00feessu einstaka tungum\u00e1li. Taktu \u00e1skoruninni fagnandi \u00feegar \u00fe\u00fa byrjar p\u00f3lsku tungum\u00e1lafer\u00f0ina \u00fe\u00edna og flj\u00f3tlega muntu finna sj\u00e1lfan \u00feig me\u00f0 \u00f6ryggi a\u00f0 afk\u00f3\u00f0a ranghala m\u00e1lfr\u00e6\u00f0i \u00feess. Gangi \u00fe\u00e9r vel me\u00f0 n\u00e1mi\u00f0 og nj\u00f3ttu \u00feess a\u00f0 kanna l\u00f6g p\u00f3lskrar m\u00e1lfr\u00e6\u00f0i!<\/p>\n<\/div><\/div>\n\r\n<section class=\"learnNavigationSection\">\r\n            \r\n        <a href=\"https:\/\/talkpal.ai\/is\/laerdu-polsku\/\">\r\n            <div class=\"learnNavigationWrapper\">\r\n                <div class=\"learnNavigationContent\">\r\n                    <img decoding=\"async\" src=\"https:\/\/talkpal.ai\/wp-content\/uploads\/2024\/08\/Polish.jpg\" alt=\"Polish Flag\">\r\n                    <div>\r\n                        <h4>Um p\u00f3lskun\u00e1m<\/h4>\r\n                        <p>Finndu \u00fat allt um p\u00f3lska m\u00e1lfr\u00e6\u00f0i.<\/p>\r\n                    <\/div>\r\n                <\/div>\r\n            <\/div>\r\n        <\/a>\r\n\r\n        \r\n        <a href=\"https:\/\/talkpal.ai\/is\/polska-malfraedi-aefingar\/\">\r\n            <div class=\"learnNavigationWrapper\">\r\n                <div class=\"learnNavigationContent\">\r\n                    <img decoding=\"async\" src=\"https:\/\/talkpal.ai\/wp-content\/uploads\/2024\/08\/Polish.jpg\" alt=\"Polish Flag\">\r\n                    <div>\r\n                        <h4>P\u00f3lsk m\u00e1lfr\u00e6\u00f0i\u00e6fing<\/h4>\r\n                        <p>\u00c6f\u00f0u p\u00f3lska m\u00e1lfr\u00e6\u00f0i.<\/p>\r\n                    <\/div>\r\n                <\/div>\r\n            <\/div>\r\n        <\/a>\r\n\r\n        \r\n        <a href=\"https:\/\/talkpal.ai\/vocabulary_language\/polish\/\">\r\n            <div class=\"learnNavigationWrapper\">\r\n                <div class=\"learnNavigationContent\">\r\n                    <img decoding=\"async\" src=\"https:\/\/talkpal.ai\/wp-content\/uploads\/2024\/08\/Polish.jpg\" alt=\"Polish Flag\">\r\n                    <div>\r\n                        <h4>P\u00f3lskur or\u00f0afor\u00f0i<\/h4>\r\n                        <p>St\u00e6kka\u00f0u p\u00f3lska or\u00f0afor\u00f0a \u00feinn.<\/p>\r\n                    <\/div>\r\n                <\/div>\r\n            <\/div>\r\n        <\/a>\r\n\r\n            <\/section>","protected":false},"excerpt":{"rendered":"<p>A\u00f0 brj\u00f3ta ni\u00f0ur p\u00fasluspili\u00f0 \u00ed p\u00f3lskri m\u00e1lfr\u00e6\u00f0i P\u00f3lska, slavneskt tungum\u00e1l, er b\u00e6\u00f0i krefjandi og gefandi fyrir tungum\u00e1lanemendur sem leita a\u00f0 einst\u00f6ku tungum\u00e1la\u00e6vint\u00fdri. \u00deegar \u00fe\u00fa kafar yfir \u00e1 p\u00f3lsku muntu afhj\u00fapa heillandi s\u00f6gu og menningu sem vi\u00f0b\u00f3t vi\u00f0 r\u00edkid\u00e6mi tungum\u00e1lsins sj\u00e1lfs. \u00der\u00e1tt fyrir a\u00f0 p\u00f3lsk m\u00e1lfr\u00e6\u00f0i kunni a\u00f0 vir\u00f0ast fl\u00f3kin, gerir afbygging hennar \u00ed vi\u00f0r\u00e1\u00f0anlega \u00fe\u00e6tti [&hellip;]<\/p>\n","protected":false},"author":1,"featured_media":117536,"parent":0,"menu_order":0,"comment_status":"closed","ping_status":"closed","template":"LearningContentPage.php","meta":{"_acf_changed":false,"footnotes":""},"class_list":["post-149083","page","type-page","status-publish","has-post-thumbnail","hentry"],"acf":[],"yoast_head":"<!-- This site is optimized with the Yoast SEO Premium plugin v27.2 (Yoast SEO v27.2) - https:\/\/yoast.com\/product\/yoast-seo-premium-wordpress\/ -->\n<title>P\u00f3lsk m\u00e1lfr\u00e6\u00f0i - Talkpal<\/title>\n<meta name=\"description\" content=\"N\u00e1\u00f0u t\u00f6kum \u00e1 p\u00f3lskri m\u00e1lfr\u00e6\u00f0i me\u00f0 gagnvirkum \u00e6fingum sem eru hanna\u00f0ar fyrir \u00f6ll n\u00e1msstig. B\u00e6ttu p\u00f3lskukunn\u00e1ttu \u00fe\u00edna!\" \/>\n<meta name=\"robots\" content=\"index, follow, max-snippet:-1, max-image-preview:large, max-video-preview:-1\" \/>\n<link rel=\"canonical\" href=\"https:\/\/talkpal.ai\/is\/polsk-malfraedi\/\" \/>\n<meta property=\"og:locale\" content=\"is_IS\" \/>\n<meta property=\"og:type\" content=\"article\" \/>\n<meta property=\"og:title\" content=\"P\u00f3lsk m\u00e1lfr\u00e6\u00f0i\" \/>\n<meta property=\"og:description\" content=\"A\u00f0 brj\u00f3ta ni\u00f0ur p\u00fasluspili\u00f0 \u00ed p\u00f3lskri m\u00e1lfr\u00e6\u00f0i P\u00f3lska, slavneskt tungum\u00e1l, er b\u00e6\u00f0i krefjandi og gefandi fyrir tungum\u00e1lanemendur sem leita a\u00f0 einst\u00f6ku\" \/>\n<meta property=\"og:url\" content=\"https:\/\/talkpal.ai\/is\/polsk-malfraedi\/\" \/>\n<meta property=\"og:site_name\" content=\"Talkpal\" \/>\n<meta property=\"article:publisher\" content=\"https:\/\/www.facebook.com\/profile.php?id=100090733639311\" \/>\n<meta property=\"article:modified_time\" content=\"2025-12-17T17:16:01+00:00\" \/>\n<meta property=\"og:image\" content=\"https:\/\/talkpal.ai\/wp-content\/uploads\/2023\/05\/poland.png\" \/>\n\t<meta property=\"og:image:width\" content=\"512\" \/>\n\t<meta property=\"og:image:height\" content=\"512\" \/>\n\t<meta property=\"og:image:type\" content=\"image\/png\" \/>\n<meta name=\"twitter:card\" content=\"summary_large_image\" \/>\n<meta name=\"twitter:site\" content=\"@talkpalai\" \/>\n<meta name=\"twitter:label1\" content=\"Est. reading time\" \/>\n\t<meta name=\"twitter:data1\" content=\"3 minutes\" \/>\n<script type=\"application\/ld+json\" class=\"yoast-schema-graph\">{\"@context\":\"https:\/\/schema.org\",\"@graph\":[{\"@type\":\"WebPage\",\"@id\":\"https:\/\/talkpal.ai\/is\/polsk-malfraedi\/\",\"url\":\"https:\/\/talkpal.ai\/is\/polsk-malfraedi\/\",\"name\":\"P\u00f3lsk m\u00e1lfr\u00e6\u00f0i - Talkpal\",\"isPartOf\":{\"@id\":\"https:\/\/talkpal.ai\/is\/#website\"},\"primaryImageOfPage\":{\"@id\":\"https:\/\/talkpal.ai\/is\/polsk-malfraedi\/#primaryimage\"},\"image\":{\"@id\":\"https:\/\/talkpal.ai\/is\/polsk-malfraedi\/#primaryimage\"},\"thumbnailUrl\":\"https:\/\/talkpal.ai\/wp-content\/uploads\/2023\/05\/poland.png\",\"datePublished\":\"2023-05-14T14:18:46+00:00\",\"dateModified\":\"2025-12-17T17:16:01+00:00\",\"description\":\"N\u00e1\u00f0u t\u00f6kum \u00e1 p\u00f3lskri m\u00e1lfr\u00e6\u00f0i me\u00f0 gagnvirkum \u00e6fingum sem eru hanna\u00f0ar fyrir \u00f6ll n\u00e1msstig. B\u00e6ttu p\u00f3lskukunn\u00e1ttu \u00fe\u00edna!\",\"breadcrumb\":{\"@id\":\"https:\/\/talkpal.ai\/is\/polsk-malfraedi\/#breadcrumb\"},\"inLanguage\":\"is\",\"potentialAction\":[{\"@type\":\"ReadAction\",\"target\":[\"https:\/\/talkpal.ai\/is\/polsk-malfraedi\/\"]}]},{\"@type\":\"ImageObject\",\"inLanguage\":\"is\",\"@id\":\"https:\/\/talkpal.ai\/is\/polsk-malfraedi\/#primaryimage\",\"url\":\"https:\/\/talkpal.ai\/wp-content\/uploads\/2023\/05\/poland.png\",\"contentUrl\":\"https:\/\/talkpal.ai\/wp-content\/uploads\/2023\/05\/poland.png\",\"width\":512,\"height\":512},{\"@type\":\"BreadcrumbList\",\"@id\":\"https:\/\/talkpal.ai\/is\/polsk-malfraedi\/#breadcrumb\",\"itemListElement\":[{\"@type\":\"ListItem\",\"position\":1,\"name\":\"Homepage\",\"item\":\"https:\/\/talkpal.ai\/is\/\"},{\"@type\":\"ListItem\",\"position\":2,\"name\":\"P\u00f3lsk m\u00e1lfr\u00e6\u00f0i\"}]},{\"@type\":\"WebSite\",\"@id\":\"https:\/\/talkpal.ai\/is\/#website\",\"url\":\"https:\/\/talkpal.ai\/is\/\",\"name\":\"Talkpal\",\"description\":\"AI Language Learning\",\"publisher\":{\"@id\":\"https:\/\/talkpal.ai\/is\/#organization\"},\"alternateName\":\"Talkpal AI\",\"potentialAction\":[{\"@type\":\"SearchAction\",\"target\":{\"@type\":\"EntryPoint\",\"urlTemplate\":\"https:\/\/talkpal.ai\/is\/?s={search_term_string}\"},\"query-input\":{\"@type\":\"PropertyValueSpecification\",\"valueRequired\":true,\"valueName\":\"search_term_string\"}}],\"inLanguage\":\"is\"},{\"@type\":\"Organization\",\"@id\":\"https:\/\/talkpal.ai\/is\/#organization\",\"name\":\"Talkpal, Inc.\",\"alternateName\":\"Talkpal AI\",\"url\":\"https:\/\/talkpal.ai\/is\/\",\"logo\":{\"@type\":\"ImageObject\",\"inLanguage\":\"is\",\"@id\":\"https:\/\/talkpal.ai\/is\/#\/schema\/logo\/image\/\",\"url\":\"https:\/\/talkpal.ai\/wp-content\/uploads\/2024\/03\/Talkpal-Logo-Icon.png\",\"contentUrl\":\"https:\/\/talkpal.ai\/wp-content\/uploads\/2024\/03\/Talkpal-Logo-Icon.png\",\"width\":2880,\"height\":2880,\"caption\":\"Talkpal, Inc.\"},\"image\":{\"@id\":\"https:\/\/talkpal.ai\/is\/#\/schema\/logo\/image\/\"},\"sameAs\":[\"https:\/\/www.facebook.com\/profile.php?id=100090733639311\",\"https:\/\/x.com\/talkpalai\",\"https:\/\/www.linkedin.com\/company\/talkpal\/\",\"https:\/\/www.youtube.com\/@TalkPal\/\",\"https:\/\/www.tiktok.com\/@talkpal\",\"https:\/\/www.instagram.com\/talkpal_ai\/\",\"https:\/\/www.crunchbase.com\/organization\/talkpal-9cde\",\"https:\/\/www.g2.com\/products\/talkpal-for-business\/\",\"https:\/\/www.trustpilot.com\/review\/talkpal.ai\",\"https:\/\/www.capterra.com\/p\/10006800\/TalkPal\/\"],\"description\":\"Talkpal is a language learning web and mobile education app, powered by the latest AI technologies, that provides engaging experiences to its customers in many different languages to help them improve their language skills. Users can chat about unlimited amount of topics with the app and use other modes to practice their language learning.\",\"email\":\"support@talkpal.ai\",\"legalName\":\"Talkpal, Inc.\",\"foundingDate\":\"2023-04-03\",\"duns\":\"118989042\",\"numberOfEmployees\":{\"@type\":\"QuantitativeValue\",\"minValue\":\"11\",\"maxValue\":\"50\"},\"publishingPrinciples\":\"https:\/\/talkpal.ai\/publishing-principles\/\",\"actionableFeedbackPolicy\":\"https:\/\/talkpal.ai\/actionable-feedback-policy\/\",\"correctionsPolicy\":\"https:\/\/talkpal.ai\/corrections-policy\/\",\"ethicsPolicy\":\"https:\/\/talkpal.ai\/ethics-policy\/\",\"diversityPolicy\":\"https:\/\/talkpal.ai\/diversity-policy\/\",\"diversityStaffingReport\":\"https:\/\/talkpal.ai\/diversity-policy\/\"}]}<\/script>\n<!-- \/ Yoast SEO Premium plugin. -->","yoast_head_json":{"title":"P\u00f3lsk m\u00e1lfr\u00e6\u00f0i - Talkpal","description":"N\u00e1\u00f0u t\u00f6kum \u00e1 p\u00f3lskri m\u00e1lfr\u00e6\u00f0i me\u00f0 gagnvirkum \u00e6fingum sem eru hanna\u00f0ar fyrir \u00f6ll n\u00e1msstig. B\u00e6ttu p\u00f3lskukunn\u00e1ttu \u00fe\u00edna!","robots":{"index":"index","follow":"follow","max-snippet":"max-snippet:-1","max-image-preview":"max-image-preview:large","max-video-preview":"max-video-preview:-1"},"canonical":"https:\/\/talkpal.ai\/is\/polsk-malfraedi\/","og_locale":"is_IS","og_type":"article","og_title":"P\u00f3lsk m\u00e1lfr\u00e6\u00f0i","og_description":"A\u00f0 brj\u00f3ta ni\u00f0ur p\u00fasluspili\u00f0 \u00ed p\u00f3lskri m\u00e1lfr\u00e6\u00f0i P\u00f3lska, slavneskt tungum\u00e1l, er b\u00e6\u00f0i krefjandi og gefandi fyrir tungum\u00e1lanemendur sem leita a\u00f0 einst\u00f6ku","og_url":"https:\/\/talkpal.ai\/is\/polsk-malfraedi\/","og_site_name":"Talkpal","article_publisher":"https:\/\/www.facebook.com\/profile.php?id=100090733639311","article_modified_time":"2025-12-17T17:16:01+00:00","og_image":[{"width":512,"height":512,"url":"https:\/\/talkpal.ai\/wp-content\/uploads\/2023\/05\/poland.png","type":"image\/png"}],"twitter_card":"summary_large_image","twitter_site":"@talkpalai","twitter_misc":{"Est. reading time":"3 minutes"},"schema":{"@context":"https:\/\/schema.org","@graph":[{"@type":"WebPage","@id":"https:\/\/talkpal.ai\/is\/polsk-malfraedi\/","url":"https:\/\/talkpal.ai\/is\/polsk-malfraedi\/","name":"P\u00f3lsk m\u00e1lfr\u00e6\u00f0i - Talkpal","isPartOf":{"@id":"https:\/\/talkpal.ai\/is\/#website"},"primaryImageOfPage":{"@id":"https:\/\/talkpal.ai\/is\/polsk-malfraedi\/#primaryimage"},"image":{"@id":"https:\/\/talkpal.ai\/is\/polsk-malfraedi\/#primaryimage"},"thumbnailUrl":"https:\/\/talkpal.ai\/wp-content\/uploads\/2023\/05\/poland.png","datePublished":"2023-05-14T14:18:46+00:00","dateModified":"2025-12-17T17:16:01+00:00","description":"N\u00e1\u00f0u t\u00f6kum \u00e1 p\u00f3lskri m\u00e1lfr\u00e6\u00f0i me\u00f0 gagnvirkum \u00e6fingum sem eru hanna\u00f0ar fyrir \u00f6ll n\u00e1msstig. B\u00e6ttu p\u00f3lskukunn\u00e1ttu \u00fe\u00edna!","breadcrumb":{"@id":"https:\/\/talkpal.ai\/is\/polsk-malfraedi\/#breadcrumb"},"inLanguage":"is","potentialAction":[{"@type":"ReadAction","target":["https:\/\/talkpal.ai\/is\/polsk-malfraedi\/"]}]},{"@type":"ImageObject","inLanguage":"is","@id":"https:\/\/talkpal.ai\/is\/polsk-malfraedi\/#primaryimage","url":"https:\/\/talkpal.ai\/wp-content\/uploads\/2023\/05\/poland.png","contentUrl":"https:\/\/talkpal.ai\/wp-content\/uploads\/2023\/05\/poland.png","width":512,"height":512},{"@type":"BreadcrumbList","@id":"https:\/\/talkpal.ai\/is\/polsk-malfraedi\/#breadcrumb","itemListElement":[{"@type":"ListItem","position":1,"name":"Homepage","item":"https:\/\/talkpal.ai\/is\/"},{"@type":"ListItem","position":2,"name":"P\u00f3lsk m\u00e1lfr\u00e6\u00f0i"}]},{"@type":"WebSite","@id":"https:\/\/talkpal.ai\/is\/#website","url":"https:\/\/talkpal.ai\/is\/","name":"Talkpal","description":"AI Language Learning","publisher":{"@id":"https:\/\/talkpal.ai\/is\/#organization"},"alternateName":"Talkpal AI","potentialAction":[{"@type":"SearchAction","target":{"@type":"EntryPoint","urlTemplate":"https:\/\/talkpal.ai\/is\/?s={search_term_string}"},"query-input":{"@type":"PropertyValueSpecification","valueRequired":true,"valueName":"search_term_string"}}],"inLanguage":"is"},{"@type":"Organization","@id":"https:\/\/talkpal.ai\/is\/#organization","name":"Talkpal, Inc.","alternateName":"Talkpal AI","url":"https:\/\/talkpal.ai\/is\/","logo":{"@type":"ImageObject","inLanguage":"is","@id":"https:\/\/talkpal.ai\/is\/#\/schema\/logo\/image\/","url":"https:\/\/talkpal.ai\/wp-content\/uploads\/2024\/03\/Talkpal-Logo-Icon.png","contentUrl":"https:\/\/talkpal.ai\/wp-content\/uploads\/2024\/03\/Talkpal-Logo-Icon.png","width":2880,"height":2880,"caption":"Talkpal, Inc."},"image":{"@id":"https:\/\/talkpal.ai\/is\/#\/schema\/logo\/image\/"},"sameAs":["https:\/\/www.facebook.com\/profile.php?id=100090733639311","https:\/\/x.com\/talkpalai","https:\/\/www.linkedin.com\/company\/talkpal\/","https:\/\/www.youtube.com\/@TalkPal\/","https:\/\/www.tiktok.com\/@talkpal","https:\/\/www.instagram.com\/talkpal_ai\/","https:\/\/www.crunchbase.com\/organization\/talkpal-9cde","https:\/\/www.g2.com\/products\/talkpal-for-business\/","https:\/\/www.trustpilot.com\/review\/talkpal.ai","https:\/\/www.capterra.com\/p\/10006800\/TalkPal\/"],"description":"Talkpal is a language learning web and mobile education app, powered by the latest AI technologies, that provides engaging experiences to its customers in many different languages to help them improve their language skills. Users can chat about unlimited amount of topics with the app and use other modes to practice their language learning.","email":"support@talkpal.ai","legalName":"Talkpal, Inc.","foundingDate":"2023-04-03","duns":"118989042","numberOfEmployees":{"@type":"QuantitativeValue","minValue":"11","maxValue":"50"},"publishingPrinciples":"https:\/\/talkpal.ai\/publishing-principles\/","actionableFeedbackPolicy":"https:\/\/talkpal.ai\/actionable-feedback-policy\/","correctionsPolicy":"https:\/\/talkpal.ai\/corrections-policy\/","ethicsPolicy":"https:\/\/talkpal.ai\/ethics-policy\/","diversityPolicy":"https:\/\/talkpal.ai\/diversity-policy\/","diversityStaffingReport":"https:\/\/talkpal.ai\/diversity-policy\/"}]}},"_links":{"self":[{"href":"https:\/\/talkpal.ai\/is\/wp-json\/wp\/v2\/pages\/149083","targetHints":{"allow":["GET"]}}],"collection":[{"href":"https:\/\/talkpal.ai\/is\/wp-json\/wp\/v2\/pages"}],"about":[{"href":"https:\/\/talkpal.ai\/is\/wp-json\/wp\/v2\/types\/page"}],"author":[{"embeddable":true,"href":"https:\/\/talkpal.ai\/is\/wp-json\/wp\/v2\/users\/1"}],"replies":[{"embeddable":true,"href":"https:\/\/talkpal.ai\/is\/wp-json\/wp\/v2\/comments?post=149083"}],"version-history":[{"count":0,"href":"https:\/\/talkpal.ai\/is\/wp-json\/wp\/v2\/pages\/149083\/revisions"}],"wp:featuredmedia":[{"embeddable":true,"href":"https:\/\/talkpal.ai\/is\/wp-json\/wp\/v2\/media\/117536"}],"wp:attachment":[{"href":"https:\/\/talkpal.ai\/is\/wp-json\/wp\/v2\/media?parent=149083"}],"curies":[{"name":"wp","href":"https:\/\/api.w.org\/{rel}","templated":true}]}}