{"id":148764,"date":"2023-05-14T14:18:22","date_gmt":"2023-05-14T14:18:22","guid":{"rendered":"http:\/\/talkpal.ai\/persnesk-malfraedi\/"},"modified":"2025-12-12T10:32:23","modified_gmt":"2025-12-12T10:32:23","slug":"persnesk-malfraedi","status":"publish","type":"page","link":"https:\/\/talkpal.ai\/is\/persnesk-malfraedi\/","title":{"rendered":"Persnesk m\u00e1lfr\u00e6\u00f0i"},"content":{"rendered":"\r\n\r\n\r\n<section class=\"languageChallengeSection\">\r\n    <div class=\"languageInfoWrapper\">\r\n        \r\n        <h1>Persnesk m\u00e1lfr\u00e6\u00f0i<\/h1>\r\n        <p>Forvitinn um persnesku? Kanna\u00f0u persneska <a href=\"https:\/\/talkpal.ai\/grammar\/\">m\u00e1lfr\u00e6\u00f0i<\/a>, sem er \u00feekkt fyrir einfaldleika sinn \u2014 engin nafnor\u00f0skyn, einf\u00f6ld sagnbeyging og sveigjanleg setningager\u00f0 gerir hana a\u00f0gengilega. Byrja\u00f0u persneska \u00e6vint\u00fdri\u00f0 \u00feitt \u00ed dag \u2014 a\u00f0 n\u00e1 g\u00f3\u00f0um t\u00f6kum \u00e1 m\u00e1lfr\u00e6\u00f0i landsins mun opna n\u00fd t\u00e6kif\u00e6ri til samskipta og \u00fe\u00fa munt s\u00f6kkva \u00fe\u00e9r ni\u00f0ur \u00ed r\u00edka lj\u00f3\u00f0list og menningu \u00cdrans og v\u00ed\u00f0ar!<\/p>\r\n\r\n                            <a class=\"getStartedHidden\" href=\"https:\/\/app.talkpal.ai\/signup?lng=\">Byrja\u00f0u<\/a>\r\n        \r\n    <\/div>\r\n\r\n    <figure>\r\n    <img decoding=\"async\" width=\"768\" height=\"768\" src=\"https:\/\/talkpal.ai\/wp-content\/uploads\/2023\/06\/persian-768x768.png\" class=\"languageImage no-lazy\" alt=\"Language learning to comprehend global news\" fetchpriority=\"high\" sizes=\"(max-width: 768px) 150px, 768px\" srcset=\"https:\/\/talkpal.ai\/wp-content\/uploads\/2023\/06\/persian-768x768.png 768w, https:\/\/talkpal.ai\/wp-content\/uploads\/2023\/06\/persian-300x300.png 300w\" \/>\r\n    \r\n\r\n    <\/figure>\r\n\r\n            <a class=\"getStartedVisible\" href=\"https:\/\/app.talkpal.ai\/signup?lng=\">Byrja\u00f0u<\/a>\r\n    \r\n<\/section>\r\n<section class=\"promotionalBanner\">\r\n    <p class=\"promotionalText\">Skilvirkasta lei\u00f0in til a\u00f0 l\u00e6ra tungum\u00e1l<\/p>\r\n    <a class=\"promotionalLink\" href=\"https:\/\/app.talkpal.ai\/signup?lng=\">Pr\u00f3fa\u00f0u Talkpal \u00f3keypis<\/a>\r\n<\/section>\n<div class=\"wp-block-group pageContainerStyle\"><div class=\"wp-block-group__inner-container is-layout-constrained wp-block-group-is-layout-constrained\">\n<h2 class=\"wp-block-heading\" id=\"h-mastering-persian-grammar-your-ultimate-guide\">A\u00f0 n\u00e1 t\u00f6kum \u00e1 persneskri m\u00e1lfr\u00e6\u00f0i: Fullkominn lei\u00f0arv\u00edsir \u00feinn<\/h2>\n\n\n\n<p>Salam, tungum\u00e1la\u00e1hugamenn! Ertu tilb\u00fainn a\u00f0 leggja af sta\u00f0 \u00ed fer\u00f0alag inn \u00ed heim persneskrar m\u00e1lfr\u00e6\u00f0i? \u00de\u00fa ert kominn \u00e1 r\u00e9ttan sta\u00f0. \u00deessi grein er full af au\u00f0skiljanlegum uppl\u00fdsingum og samtalst\u00f3n og mun lei\u00f0a \u00feig \u00ed gegnum gr\u00edpandi svi\u00f0 persneskrar m\u00e1lfr\u00e6\u00f0i. Br\u00e1\u00f0um muntu geta sm\u00ed\u00f0a\u00f0 setningar og teki\u00f0 \u00fe\u00e1tt \u00ed innihaldsr\u00edkum samt\u00f6lum vi\u00f0 m\u00f3\u00f0urm\u00e1l. Svo, vi\u00f0 skulum <a href=\"https:\/\/talkpal.ai\/ko\/ai-%ec%96%b8%ec%96%b4-%ea%b5%90%ec%82%ac\/\">byrja<\/a> a\u00f0 opna leyndarm\u00e1l persneskrar m\u00e1lfr\u00e6\u00f0i!<\/p>\n\n\n\n<p><strong>En fyrst, hvers vegna persnesk m\u00e1lfr\u00e6\u00f0i?<\/strong><\/p>\n\n\n\n<p>Ef \u00fe\u00fa ert a\u00f0 <a href=\"https:\/\/talkpal.ai\/learn-persian\/\">l\u00e6ra persnesku<\/a> er sterkur grunnur \u00ed m\u00e1lfr\u00e6\u00f0i nau\u00f0synlegur til a\u00f0 <a href=\"https:\/\/talkpal.ai\/locations\/language-courses-in-tala\/\">tala<\/a>, lesa og skrifa reiprennandi. \u00de\u00f3 a\u00f0 persnesk m\u00e1lfr\u00e6\u00f0i g\u00e6ti \u00ed upphafi virst fl\u00f3kin, ver\u00f0ur h\u00fan a\u00f0gengilegri \u00feegar \u00fe\u00fa br\u00fdtur hana ni\u00f0ur \u00ed sm\u00e6rri, vi\u00f0r\u00e1\u00f0anlegri hluta. Svo, vi\u00f0 skulum byrja \u00e1 fer\u00f0 \u00feinni til a\u00f0 n\u00e1 t\u00f6kum \u00e1 persneskri m\u00e1lfr\u00e6\u00f0i!<\/p>\n\n\n\n<h3 class=\"wp-block-heading\" id=\"h-1-nouns-gender-and-number\">1. Nafnor\u00f0, kyn og tala<\/h3>\n\n\n\n<p>\u00cd persnesku hafa nafnor\u00f0 ekki kyn &#8211; sem gerir \u00fea\u00f0 einfaldara en m\u00f6rg \u00f6nnur tungum\u00e1l. Eint\u00f6luform nafnor\u00f0a er \u00f3breytt en fleirt\u00f6lumyndin endar venjulega \u00e1 \u201e-\u0647\u0627\u201c e\u00f0a \u201e-\u0627\u0646. Til d\u00e6mis:<\/p>\n\n\n\n<p>\u2013 \u06a9\u062a\u0627\u0628 (ket\u0101b \u2013 b\u00f3k)<\/p>\n\n\n\n<p>\u2013 \u06a9\u062a\u0627\u0628\u200c\u0647\u0627 (ket\u0101b-h\u0101 \u2013 b\u00e6kur)<\/p>\n\n\n\n<h3 class=\"wp-block-heading\" id=\"h-2-adjectives-agreement-and-definite-articles\">2. L\u00fdsingaror\u00f0, samkomulag og \u00e1kve\u00f0nar greinar<\/h3>\n\n\n\n<p>L\u00fdsingaror\u00f0 \u00e1 persnesku fylgja venjulega nafnor\u00f0inu sem \u00feau breyta og \u00feurfa ekki a\u00f0 vera samm\u00e1la \u00ed kyni e\u00f0a t\u00f6lu. Til d\u00e6mis:<\/p>\n\n\n\n<p><strong>\u2013 \u062e\u0627\u0646\u0647 \u0628\u0632\u0631\u06af (kh\u0101ne bozorg \u2013 st\u00f3rt h\u00fas)<\/strong><\/p>\n\n\n\n<p><strong>\u2013 \u0645\u0646\u0632\u0644 \u06a9\u0648\u0686\u06a9 (manzel kuchak \u2013 l\u00edti\u00f0 h\u00fas)<\/strong><\/p>\n\n\n\n<p>\u00dea\u00f0 er engin \u00e1kve\u00f0in grein \u00e1 persnesku, en \u00f3\u00e1kve\u00f0nu greininni er b\u00e6tt vi\u00f0 sem vi\u00f0skeyti \u201e-\u06cc\u201c (i) fyrir eint\u00f6luor\u00f0.<\/p>\n\n\n\n<h3 class=\"wp-block-heading\" id=\"h-3-verbs-tense-and-conjugation\">3. Sagnor\u00f0, t\u00ed\u00f0 og samtenging<\/h3>\n\n\n\n<p>Persneskar sagnir gegna mikilv\u00e6gu hlutverki \u00ed m\u00e1lfr\u00e6\u00f0i og eru nau\u00f0synlegar til a\u00f0 sm\u00ed\u00f0a setningar. Hver s\u00f6gn hefur r\u00f3t sem sameinast \u00fdmsum forskeytum og vi\u00f0skeytum til a\u00f0 gefa til kynna spennu og samr\u00e6mi vi\u00f0 vi\u00f0fangsefni\u00f0.<\/p>\n\n\n\n<p>Til a\u00f0 gefa \u00fe\u00e9r stutt yfirlit skulum vi\u00f0 r\u00e6\u00f0a venjulegar sagnir \u00ed n\u00fat\u00ed\u00f0:<\/p>\n\n\n\n<p><strong>\u2013 \u0645\u0646 \u0645\u06cc\u200c\u062e\u0648\u0627\u0646\u0645 (man mikh\u0101nam \u2013 \u00e9g las)<\/strong><\/p>\n\n\n\n<p><strong>\u2013 \u062a\u0648 \u0645\u06cc\u200c\u062e\u0648\u0627\u0646\u06cc (a\u00f0 mikhani \u2013 \u00fe\u00fa lest, \u00f3formlegt)<\/strong><\/p>\n\n\n\n<p><strong>\u2013 \u0627\u0648 \u0645\u06cc\u200c\u062e\u0648\u0627\u0646\u062f (u mikh\u0101nad \u2013 hann\/h\u00fan les)<\/strong><\/p>\n\n\n\n<p>Mundu a\u00f0 \u00feetta er bara byrjunin! \u00de\u00fa munt lenda \u00ed \u00fdmsum \u00f6\u00f0rum spennum, \u00f3reglulegum s\u00f6gnum og ranghala \u00feegar \u00fe\u00fa kafar d\u00fdpra \u00ed <a href=\"https:\/\/talkpal.ai\/persian-grammar\/\">persneska m\u00e1lfr\u00e6\u00f0i<\/a>.<\/p>\n\n\n\n<h3 class=\"wp-block-heading\" id=\"h-4-pronouns-prepositions-and-more\">4. Forn\u00f6fn, forsetningar og fleira!<\/h3>\n\n\n\n<p>Persnesk m\u00e1lfr\u00e6\u00f0i n\u00e6r yfir a\u00f0ra \u00fe\u00e6tti eins og forn\u00f6fn (\u0645\u0646, \u062a\u0648, \u0627\u0648, o.s.frv.), forsetningar (\u0628\u0647, \u0627\u0632, \u062f\u0631, osfrv.) og or\u00f0atilt\u00e6ki. A\u00f0 n\u00e1 t\u00f6kum \u00e1 hverjum \u00fe\u00e6tti eitt skref \u00ed einu er lykillinn a\u00f0 \u00fev\u00ed a\u00f0 n\u00e1 yfirgripsmiklu reiprennandi \u00e1 persnesku.<\/p>\n\n\n\n<p>A\u00f0 lokum, \u00fea\u00f0 er engin fl\u00fdtilei\u00f0 til a\u00f0 n\u00e1 t\u00f6kum \u00e1 persneskri m\u00e1lfr\u00e6\u00f0i. \u00dea\u00f0 krefst \u00ferautseigju, \u00e6fingu og \u00feolinm\u00e6\u00f0i. Hins vegar, \u00feegar \u00fe\u00fa skilur ranghala \u00feess, muntu vera vel \u00ed stakk b\u00fainn til a\u00f0 meta bl\u00e6brig\u00f0i \u00feess a\u00f0 tala \u00e1 persnesku, kanna r\u00edka menningu og s\u00f6gu persneskum\u00e6landi sv\u00e6\u00f0a og d\u00fdpka \u00e1st \u00fe\u00edna \u00e1 tungum\u00e1linu. \u0645\u0648\u0641\u0642 \u0628\u0627\u0634\u06cc\u062f (movaffagh b\u0101shid \u2013 gangi \u00fe\u00e9r vel)!<\/p>\n<\/div><\/div>\n\r\n<section class=\"learnNavigationSection\">\r\n            \r\n        <a href=\"https:\/\/talkpal.ai\/is\/laerdu-persnesku\/\">\r\n            <div class=\"learnNavigationWrapper\">\r\n                <div class=\"learnNavigationContent\">\r\n                    <img decoding=\"async\" src=\"https:\/\/talkpal.ai\/wp-content\/uploads\/2024\/08\/Persian.jpg\" alt=\"Persian Flag\">\r\n                    <div>\r\n                        <h4>Um persneska n\u00e1m<\/h4>\r\n                        <p>Finndu \u00fat allt um persneska m\u00e1lfr\u00e6\u00f0i.<\/p>\r\n                    <\/div>\r\n                <\/div>\r\n            <\/div>\r\n        <\/a>\r\n\r\n        \r\n        <a href=\"https:\/\/talkpal.ai\/is\/persneska-malfraedi-aefingar\/\">\r\n            <div class=\"learnNavigationWrapper\">\r\n                <div class=\"learnNavigationContent\">\r\n                    <img decoding=\"async\" src=\"https:\/\/talkpal.ai\/wp-content\/uploads\/2024\/08\/Persian.jpg\" alt=\"Persian Flag\">\r\n                    <div>\r\n                        <h4>Persnesk m\u00e1lfr\u00e6\u00f0i\u00e6fing<\/h4>\r\n                        <p>\u00c6f\u00f0u persneska m\u00e1lfr\u00e6\u00f0i.<\/p>\r\n                    <\/div>\r\n                <\/div>\r\n            <\/div>\r\n        <\/a>\r\n\r\n        \r\n        <a href=\"https:\/\/talkpal.ai\/vocabulary_language\/persian\/\">\r\n            <div class=\"learnNavigationWrapper\">\r\n                <div class=\"learnNavigationContent\">\r\n                    <img decoding=\"async\" src=\"https:\/\/talkpal.ai\/wp-content\/uploads\/2024\/08\/Persian.jpg\" alt=\"Persian Flag\">\r\n                    <div>\r\n                        <h4>Persneskur or\u00f0afor\u00f0i<\/h4>\r\n                        <p>St\u00e6kka\u00f0u persneska or\u00f0afor\u00f0a \u00feinn.<\/p>\r\n                    <\/div>\r\n                <\/div>\r\n            <\/div>\r\n        <\/a>\r\n\r\n            <\/section>","protected":false},"excerpt":{"rendered":"<p>A\u00f0 n\u00e1 t\u00f6kum \u00e1 persneskri m\u00e1lfr\u00e6\u00f0i: Fullkominn lei\u00f0arv\u00edsir \u00feinn Salam, tungum\u00e1la\u00e1hugamenn! Ertu tilb\u00fainn a\u00f0 leggja af sta\u00f0 \u00ed fer\u00f0alag inn \u00ed heim persneskrar m\u00e1lfr\u00e6\u00f0i? \u00de\u00fa ert kominn \u00e1 r\u00e9ttan sta\u00f0. \u00deessi grein er full af au\u00f0skiljanlegum uppl\u00fdsingum og samtalst\u00f3n og mun lei\u00f0a \u00feig \u00ed gegnum gr\u00edpandi svi\u00f0 persneskrar m\u00e1lfr\u00e6\u00f0i. Br\u00e1\u00f0um muntu geta sm\u00ed\u00f0a\u00f0 setningar og [&hellip;]<\/p>\n","protected":false},"author":1,"featured_media":117229,"parent":0,"menu_order":0,"comment_status":"closed","ping_status":"closed","template":"LearningContentPage.php","meta":{"_acf_changed":false,"footnotes":""},"class_list":["post-148764","page","type-page","status-publish","has-post-thumbnail","hentry"],"acf":[],"yoast_head":"<!-- This site is optimized with the Yoast SEO Premium plugin v27.2 (Yoast SEO v27.2) - https:\/\/yoast.com\/product\/yoast-seo-premium-wordpress\/ -->\n<title>Persnesk m\u00e1lfr\u00e6\u00f0i - Talkpal<\/title>\n<meta name=\"description\" content=\"Kanna\u00f0u fl\u00e6kjur persnesku m\u00e1lfr\u00e6\u00f0innar til a\u00f0 auka skilning \u00feinn og reiprennandi h\u00e6fni \u00ed persnesku.\" \/>\n<meta name=\"robots\" content=\"index, follow, max-snippet:-1, max-image-preview:large, max-video-preview:-1\" \/>\n<link rel=\"canonical\" href=\"https:\/\/talkpal.ai\/is\/persnesk-malfraedi\/\" \/>\n<meta property=\"og:locale\" content=\"is_IS\" \/>\n<meta property=\"og:type\" content=\"article\" \/>\n<meta property=\"og:title\" content=\"Persnesk m\u00e1lfr\u00e6\u00f0i\" \/>\n<meta property=\"og:description\" content=\"A\u00f0 n\u00e1 t\u00f6kum \u00e1 persneskri m\u00e1lfr\u00e6\u00f0i: Fullkominn lei\u00f0arv\u00edsir \u00feinn Salam, tungum\u00e1la\u00e1hugamenn! Ertu tilb\u00fainn a\u00f0 leggja af sta\u00f0 \u00ed fer\u00f0alag inn \u00ed heim\" \/>\n<meta property=\"og:url\" content=\"https:\/\/talkpal.ai\/is\/persnesk-malfraedi\/\" \/>\n<meta property=\"og:site_name\" content=\"Talkpal\" \/>\n<meta property=\"article:publisher\" content=\"https:\/\/www.facebook.com\/profile.php?id=100090733639311\" \/>\n<meta property=\"article:modified_time\" content=\"2025-12-12T10:32:23+00:00\" \/>\n<meta property=\"og:image\" content=\"https:\/\/talkpal.ai\/wp-content\/uploads\/2023\/05\/Persian-iran.png\" \/>\n\t<meta property=\"og:image:width\" content=\"512\" \/>\n\t<meta property=\"og:image:height\" content=\"512\" \/>\n\t<meta property=\"og:image:type\" content=\"image\/png\" \/>\n<meta name=\"twitter:card\" content=\"summary_large_image\" \/>\n<meta name=\"twitter:site\" content=\"@talkpalai\" \/>\n<meta name=\"twitter:label1\" content=\"Est. reading time\" \/>\n\t<meta name=\"twitter:data1\" content=\"2 minutes\" \/>\n<script type=\"application\/ld+json\" class=\"yoast-schema-graph\">{\"@context\":\"https:\/\/schema.org\",\"@graph\":[{\"@type\":\"WebPage\",\"@id\":\"https:\/\/talkpal.ai\/is\/persnesk-malfraedi\/\",\"url\":\"https:\/\/talkpal.ai\/is\/persnesk-malfraedi\/\",\"name\":\"Persnesk m\u00e1lfr\u00e6\u00f0i - Talkpal\",\"isPartOf\":{\"@id\":\"https:\/\/talkpal.ai\/is\/#website\"},\"primaryImageOfPage\":{\"@id\":\"https:\/\/talkpal.ai\/is\/persnesk-malfraedi\/#primaryimage\"},\"image\":{\"@id\":\"https:\/\/talkpal.ai\/is\/persnesk-malfraedi\/#primaryimage\"},\"thumbnailUrl\":\"https:\/\/talkpal.ai\/wp-content\/uploads\/2023\/05\/Persian-iran.png\",\"datePublished\":\"2023-05-14T14:18:22+00:00\",\"dateModified\":\"2025-12-12T10:32:23+00:00\",\"description\":\"Kanna\u00f0u fl\u00e6kjur persnesku m\u00e1lfr\u00e6\u00f0innar til a\u00f0 auka skilning \u00feinn og reiprennandi h\u00e6fni \u00ed persnesku.\",\"breadcrumb\":{\"@id\":\"https:\/\/talkpal.ai\/is\/persnesk-malfraedi\/#breadcrumb\"},\"inLanguage\":\"is\",\"potentialAction\":[{\"@type\":\"ReadAction\",\"target\":[\"https:\/\/talkpal.ai\/is\/persnesk-malfraedi\/\"]}]},{\"@type\":\"ImageObject\",\"inLanguage\":\"is\",\"@id\":\"https:\/\/talkpal.ai\/is\/persnesk-malfraedi\/#primaryimage\",\"url\":\"https:\/\/talkpal.ai\/wp-content\/uploads\/2023\/05\/Persian-iran.png\",\"contentUrl\":\"https:\/\/talkpal.ai\/wp-content\/uploads\/2023\/05\/Persian-iran.png\",\"width\":512,\"height\":512},{\"@type\":\"BreadcrumbList\",\"@id\":\"https:\/\/talkpal.ai\/is\/persnesk-malfraedi\/#breadcrumb\",\"itemListElement\":[{\"@type\":\"ListItem\",\"position\":1,\"name\":\"Homepage\",\"item\":\"https:\/\/talkpal.ai\/is\/\"},{\"@type\":\"ListItem\",\"position\":2,\"name\":\"Persnesk m\u00e1lfr\u00e6\u00f0i\"}]},{\"@type\":\"WebSite\",\"@id\":\"https:\/\/talkpal.ai\/is\/#website\",\"url\":\"https:\/\/talkpal.ai\/is\/\",\"name\":\"Talkpal\",\"description\":\"AI Language Learning\",\"publisher\":{\"@id\":\"https:\/\/talkpal.ai\/is\/#organization\"},\"alternateName\":\"Talkpal AI\",\"potentialAction\":[{\"@type\":\"SearchAction\",\"target\":{\"@type\":\"EntryPoint\",\"urlTemplate\":\"https:\/\/talkpal.ai\/is\/?s={search_term_string}\"},\"query-input\":{\"@type\":\"PropertyValueSpecification\",\"valueRequired\":true,\"valueName\":\"search_term_string\"}}],\"inLanguage\":\"is\"},{\"@type\":\"Organization\",\"@id\":\"https:\/\/talkpal.ai\/is\/#organization\",\"name\":\"Talkpal, Inc.\",\"alternateName\":\"Talkpal AI\",\"url\":\"https:\/\/talkpal.ai\/is\/\",\"logo\":{\"@type\":\"ImageObject\",\"inLanguage\":\"is\",\"@id\":\"https:\/\/talkpal.ai\/is\/#\/schema\/logo\/image\/\",\"url\":\"https:\/\/talkpal.ai\/wp-content\/uploads\/2024\/03\/Talkpal-Logo-Icon.png\",\"contentUrl\":\"https:\/\/talkpal.ai\/wp-content\/uploads\/2024\/03\/Talkpal-Logo-Icon.png\",\"width\":2880,\"height\":2880,\"caption\":\"Talkpal, Inc.\"},\"image\":{\"@id\":\"https:\/\/talkpal.ai\/is\/#\/schema\/logo\/image\/\"},\"sameAs\":[\"https:\/\/www.facebook.com\/profile.php?id=100090733639311\",\"https:\/\/x.com\/talkpalai\",\"https:\/\/www.linkedin.com\/company\/talkpal\/\",\"https:\/\/www.youtube.com\/@TalkPal\/\",\"https:\/\/www.tiktok.com\/@talkpal\",\"https:\/\/www.instagram.com\/talkpal_ai\/\",\"https:\/\/www.crunchbase.com\/organization\/talkpal-9cde\",\"https:\/\/www.g2.com\/products\/talkpal-for-business\/\",\"https:\/\/www.trustpilot.com\/review\/talkpal.ai\",\"https:\/\/www.capterra.com\/p\/10006800\/TalkPal\/\"],\"description\":\"Talkpal is a language learning web and mobile education app, powered by the latest AI technologies, that provides engaging experiences to its customers in many different languages to help them improve their language skills. Users can chat about unlimited amount of topics with the app and use other modes to practice their language learning.\",\"email\":\"support@talkpal.ai\",\"legalName\":\"Talkpal, Inc.\",\"foundingDate\":\"2023-04-03\",\"duns\":\"118989042\",\"numberOfEmployees\":{\"@type\":\"QuantitativeValue\",\"minValue\":\"11\",\"maxValue\":\"50\"},\"publishingPrinciples\":\"https:\/\/talkpal.ai\/publishing-principles\/\",\"actionableFeedbackPolicy\":\"https:\/\/talkpal.ai\/actionable-feedback-policy\/\",\"correctionsPolicy\":\"https:\/\/talkpal.ai\/corrections-policy\/\",\"ethicsPolicy\":\"https:\/\/talkpal.ai\/ethics-policy\/\",\"diversityPolicy\":\"https:\/\/talkpal.ai\/diversity-policy\/\",\"diversityStaffingReport\":\"https:\/\/talkpal.ai\/diversity-policy\/\"}]}<\/script>\n<!-- \/ Yoast SEO Premium plugin. -->","yoast_head_json":{"title":"Persnesk m\u00e1lfr\u00e6\u00f0i - Talkpal","description":"Kanna\u00f0u fl\u00e6kjur persnesku m\u00e1lfr\u00e6\u00f0innar til a\u00f0 auka skilning \u00feinn og reiprennandi h\u00e6fni \u00ed persnesku.","robots":{"index":"index","follow":"follow","max-snippet":"max-snippet:-1","max-image-preview":"max-image-preview:large","max-video-preview":"max-video-preview:-1"},"canonical":"https:\/\/talkpal.ai\/is\/persnesk-malfraedi\/","og_locale":"is_IS","og_type":"article","og_title":"Persnesk m\u00e1lfr\u00e6\u00f0i","og_description":"A\u00f0 n\u00e1 t\u00f6kum \u00e1 persneskri m\u00e1lfr\u00e6\u00f0i: Fullkominn lei\u00f0arv\u00edsir \u00feinn Salam, tungum\u00e1la\u00e1hugamenn! Ertu tilb\u00fainn a\u00f0 leggja af sta\u00f0 \u00ed fer\u00f0alag inn \u00ed heim","og_url":"https:\/\/talkpal.ai\/is\/persnesk-malfraedi\/","og_site_name":"Talkpal","article_publisher":"https:\/\/www.facebook.com\/profile.php?id=100090733639311","article_modified_time":"2025-12-12T10:32:23+00:00","og_image":[{"width":512,"height":512,"url":"https:\/\/talkpal.ai\/wp-content\/uploads\/2023\/05\/Persian-iran.png","type":"image\/png"}],"twitter_card":"summary_large_image","twitter_site":"@talkpalai","twitter_misc":{"Est. reading time":"2 minutes"},"schema":{"@context":"https:\/\/schema.org","@graph":[{"@type":"WebPage","@id":"https:\/\/talkpal.ai\/is\/persnesk-malfraedi\/","url":"https:\/\/talkpal.ai\/is\/persnesk-malfraedi\/","name":"Persnesk m\u00e1lfr\u00e6\u00f0i - Talkpal","isPartOf":{"@id":"https:\/\/talkpal.ai\/is\/#website"},"primaryImageOfPage":{"@id":"https:\/\/talkpal.ai\/is\/persnesk-malfraedi\/#primaryimage"},"image":{"@id":"https:\/\/talkpal.ai\/is\/persnesk-malfraedi\/#primaryimage"},"thumbnailUrl":"https:\/\/talkpal.ai\/wp-content\/uploads\/2023\/05\/Persian-iran.png","datePublished":"2023-05-14T14:18:22+00:00","dateModified":"2025-12-12T10:32:23+00:00","description":"Kanna\u00f0u fl\u00e6kjur persnesku m\u00e1lfr\u00e6\u00f0innar til a\u00f0 auka skilning \u00feinn og reiprennandi h\u00e6fni \u00ed persnesku.","breadcrumb":{"@id":"https:\/\/talkpal.ai\/is\/persnesk-malfraedi\/#breadcrumb"},"inLanguage":"is","potentialAction":[{"@type":"ReadAction","target":["https:\/\/talkpal.ai\/is\/persnesk-malfraedi\/"]}]},{"@type":"ImageObject","inLanguage":"is","@id":"https:\/\/talkpal.ai\/is\/persnesk-malfraedi\/#primaryimage","url":"https:\/\/talkpal.ai\/wp-content\/uploads\/2023\/05\/Persian-iran.png","contentUrl":"https:\/\/talkpal.ai\/wp-content\/uploads\/2023\/05\/Persian-iran.png","width":512,"height":512},{"@type":"BreadcrumbList","@id":"https:\/\/talkpal.ai\/is\/persnesk-malfraedi\/#breadcrumb","itemListElement":[{"@type":"ListItem","position":1,"name":"Homepage","item":"https:\/\/talkpal.ai\/is\/"},{"@type":"ListItem","position":2,"name":"Persnesk m\u00e1lfr\u00e6\u00f0i"}]},{"@type":"WebSite","@id":"https:\/\/talkpal.ai\/is\/#website","url":"https:\/\/talkpal.ai\/is\/","name":"Talkpal","description":"AI Language Learning","publisher":{"@id":"https:\/\/talkpal.ai\/is\/#organization"},"alternateName":"Talkpal AI","potentialAction":[{"@type":"SearchAction","target":{"@type":"EntryPoint","urlTemplate":"https:\/\/talkpal.ai\/is\/?s={search_term_string}"},"query-input":{"@type":"PropertyValueSpecification","valueRequired":true,"valueName":"search_term_string"}}],"inLanguage":"is"},{"@type":"Organization","@id":"https:\/\/talkpal.ai\/is\/#organization","name":"Talkpal, Inc.","alternateName":"Talkpal AI","url":"https:\/\/talkpal.ai\/is\/","logo":{"@type":"ImageObject","inLanguage":"is","@id":"https:\/\/talkpal.ai\/is\/#\/schema\/logo\/image\/","url":"https:\/\/talkpal.ai\/wp-content\/uploads\/2024\/03\/Talkpal-Logo-Icon.png","contentUrl":"https:\/\/talkpal.ai\/wp-content\/uploads\/2024\/03\/Talkpal-Logo-Icon.png","width":2880,"height":2880,"caption":"Talkpal, Inc."},"image":{"@id":"https:\/\/talkpal.ai\/is\/#\/schema\/logo\/image\/"},"sameAs":["https:\/\/www.facebook.com\/profile.php?id=100090733639311","https:\/\/x.com\/talkpalai","https:\/\/www.linkedin.com\/company\/talkpal\/","https:\/\/www.youtube.com\/@TalkPal\/","https:\/\/www.tiktok.com\/@talkpal","https:\/\/www.instagram.com\/talkpal_ai\/","https:\/\/www.crunchbase.com\/organization\/talkpal-9cde","https:\/\/www.g2.com\/products\/talkpal-for-business\/","https:\/\/www.trustpilot.com\/review\/talkpal.ai","https:\/\/www.capterra.com\/p\/10006800\/TalkPal\/"],"description":"Talkpal is a language learning web and mobile education app, powered by the latest AI technologies, that provides engaging experiences to its customers in many different languages to help them improve their language skills. Users can chat about unlimited amount of topics with the app and use other modes to practice their language learning.","email":"support@talkpal.ai","legalName":"Talkpal, Inc.","foundingDate":"2023-04-03","duns":"118989042","numberOfEmployees":{"@type":"QuantitativeValue","minValue":"11","maxValue":"50"},"publishingPrinciples":"https:\/\/talkpal.ai\/publishing-principles\/","actionableFeedbackPolicy":"https:\/\/talkpal.ai\/actionable-feedback-policy\/","correctionsPolicy":"https:\/\/talkpal.ai\/corrections-policy\/","ethicsPolicy":"https:\/\/talkpal.ai\/ethics-policy\/","diversityPolicy":"https:\/\/talkpal.ai\/diversity-policy\/","diversityStaffingReport":"https:\/\/talkpal.ai\/diversity-policy\/"}]}},"_links":{"self":[{"href":"https:\/\/talkpal.ai\/is\/wp-json\/wp\/v2\/pages\/148764","targetHints":{"allow":["GET"]}}],"collection":[{"href":"https:\/\/talkpal.ai\/is\/wp-json\/wp\/v2\/pages"}],"about":[{"href":"https:\/\/talkpal.ai\/is\/wp-json\/wp\/v2\/types\/page"}],"author":[{"embeddable":true,"href":"https:\/\/talkpal.ai\/is\/wp-json\/wp\/v2\/users\/1"}],"replies":[{"embeddable":true,"href":"https:\/\/talkpal.ai\/is\/wp-json\/wp\/v2\/comments?post=148764"}],"version-history":[{"count":0,"href":"https:\/\/talkpal.ai\/is\/wp-json\/wp\/v2\/pages\/148764\/revisions"}],"wp:featuredmedia":[{"embeddable":true,"href":"https:\/\/talkpal.ai\/is\/wp-json\/wp\/v2\/media\/117229"}],"wp:attachment":[{"href":"https:\/\/talkpal.ai\/is\/wp-json\/wp\/v2\/media?parent=148764"}],"curies":[{"name":"wp","href":"https:\/\/api.w.org\/{rel}","templated":true}]}}