{"id":148471,"date":"2023-05-14T14:13:06","date_gmt":"2023-05-14T14:13:06","guid":{"rendered":"http:\/\/talkpal.ai\/norsk-malfraedi\/"},"modified":"2025-12-17T17:36:18","modified_gmt":"2025-12-17T17:36:18","slug":"norsk-malfraedi","status":"publish","type":"page","link":"https:\/\/talkpal.ai\/is\/norsk-malfraedi\/","title":{"rendered":"Norsk m\u00e1lfr\u00e6\u00f0i"},"content":{"rendered":"\r\n\r\n\r\n<section class=\"languageChallengeSection\">\r\n    <div class=\"languageInfoWrapper\">\r\n        \r\n        <h1>Norsk m\u00e1lfr\u00e6\u00f0i<\/h1>\r\n        <p>Kynntu \u00fe\u00e9r grunnatri\u00f0i norskrar <a href=\"https:\/\/talkpal.ai\/grammar\/\">m\u00e1lfr\u00e6\u00f0i<\/a> og opna\u00f0u fyrir \u00f6ryggi \u00ed samskiptum \u00e1 einu fallegasta tungum\u00e1li Skandinav\u00edu. A\u00f0 skilja <a href=\"https:\/\/talkpal.ai\/learn-norwegian\/\">norska<\/a> m\u00e1lfr\u00e6\u00f0i mun opna dyr a\u00f0 n\u00fdjum menningarlegum upplifunum og innihaldsr\u00edkum samr\u00e6\u00f0um. Byrja\u00f0u a\u00f0 l\u00e6ra norsku m\u00e1lfr\u00e6\u00f0i \u00ed dag og taktu fyrsta skrefi\u00f0 \u00ed \u00e1tt a\u00f0 f\u00e6rni \u00ed tungum\u00e1linu!<\/p>\r\n\r\n                            <a class=\"getStartedHidden\" href=\"https:\/\/app.talkpal.ai\/signup?lng=\">Byrja\u00f0u<\/a>\r\n        \r\n    <\/div>\r\n\r\n    <figure>\r\n    <img decoding=\"async\" width=\"768\" height=\"768\" src=\"https:\/\/talkpal.ai\/wp-content\/uploads\/2023\/06\/norwegian-768x768.png\" class=\"languageImage no-lazy\" alt=\"Language learning for extensive vocabulary\" fetchpriority=\"high\" sizes=\"(max-width: 768px) 150px, 768px\" srcset=\"https:\/\/talkpal.ai\/wp-content\/uploads\/2023\/06\/norwegian-768x768.png 768w, https:\/\/talkpal.ai\/wp-content\/uploads\/2023\/06\/norwegian-300x300.png 300w\" \/>\r\n    \r\n\r\n    <\/figure>\r\n\r\n            <a class=\"getStartedVisible\" href=\"https:\/\/app.talkpal.ai\/signup?lng=\">Byrja\u00f0u<\/a>\r\n    \r\n<\/section>\r\n<section class=\"promotionalBanner\">\r\n    <p class=\"promotionalText\">Skilvirkasta lei\u00f0in til a\u00f0 l\u00e6ra tungum\u00e1l<\/p>\r\n    <a class=\"promotionalLink\" href=\"https:\/\/app.talkpal.ai\/signup?lng=\">Pr\u00f3fa\u00f0u Talkpal \u00f3keypis<\/a>\r\n<\/section>\n<div class=\"wp-block-group pageContainerStyle\"><div class=\"wp-block-group__inner-container is-layout-constrained wp-block-group-is-layout-constrained\">\n<h2 class=\"wp-block-heading\" id=\"h-dive-into-norwegian-grammar-a-comprehensive-guide\">Kafa \u00ed norska m\u00e1lfr\u00e6\u00f0i: Alhli\u00f0a lei\u00f0arv\u00edsir<\/h2>\n\n\n\n<p><a href=\"https:\/\/talkpal.ai\/learn-norwegian\/\">Norska<\/a>, heillandi og tj\u00e1ningarr\u00edkt tungum\u00e1l, b\u00fd\u00f0ur upp \u00e1 einstakt t\u00e6kif\u00e6ri fyrir tungum\u00e1lanema til a\u00f0 kanna r\u00edkulega menningar- og s\u00f6gulega arfleif\u00f0 Noregs. G\u00f3\u00f0u fr\u00e9ttirnar eru \u00fe\u00e6r a\u00f0 <a href=\"https:\/\/talkpal.ai\/norwegian-grammar\/\">norsk m\u00e1lfr\u00e6\u00f0i<\/a> deilir nokkrum l\u00edkt me\u00f0 ensku, sem gerir \u00fea\u00f0 a\u00f0gengilegt tungum\u00e1l til a\u00f0 l\u00e6ra. \u00deessi grein mun lei\u00f0a \u00feig \u00ed gegnum grundvallar\u00fe\u00e6tti norskrar m\u00e1lfr\u00e6\u00f0i, tryggja a\u00f0 \u00fe\u00fa byggir upp sterkan grunn og skilur tungum\u00e1li\u00f0 me\u00f0 sj\u00e1lfstrausti.<\/p>\n\n\n\n<h3 class=\"wp-block-heading\" id=\"h-1-embracing-norwegian-nouns-and-articles\">1. Fa\u00f0ma norsk nafnor\u00f0 og greinar<\/h3>\n\n\n\n<p>Norsk nafnor\u00f0, eins og ensk hli\u00f0st\u00e6\u00f0a \u00feeirra, t\u00e1kna f\u00f3lk, sta\u00f0i, hluti e\u00f0a hugmyndir. \u00deeir eru flokka\u00f0ir \u00ed \u00ferj\u00fa kyn: karlkyns, kvenkyns og hvorugkyn. Kyn skiptir sk\u00f6pum vi\u00f0 a\u00f0 \u00e1kvar\u00f0a endingar nafnor\u00f0sins og \u00fe\u00e6r greinar sem \u00fea\u00f0 \u00e6tti a\u00f0 para saman vi\u00f0.<\/p>\n\n\n\n<p>\u00dea\u00f0 eru tv\u00e6r tegundir greina \u00e1 norsku: \u00e1kve\u00f0in og \u00f3\u00e1kve\u00f0in. \u00c1kve\u00f0nir hlutir birtast sem vi\u00f0skeyti \u00ed lok nafnor\u00f0a en \u00f3\u00e1kve\u00f0nir hlutir eru a\u00f0skilin or\u00f0 sem koma \u00e1 undan nafnor\u00f0um. Greinar ver\u00f0a a\u00f0 vera samm\u00e1la nafnor\u00f0um \u00ed kyni og t\u00f6lu.<\/p>\n\n\n\n<p><strong>\u2013 \u00c1kve\u00f0nar greinar: -en (karlkyn), -a (kvenkyns), -et (hvorugkyns)<\/strong><\/p>\n\n\n\n<p><strong>\u2013 \u00d3\u00e1kve\u00f0nar greinar: en (karlkyn), ei (kvenkyn), et (hvorugkyn)<\/strong><\/p>\n\n\n\n<h3 class=\"wp-block-heading\" id=\"h-2-mastering-norwegian-verbs-conjugation-and-tenses\">2. A\u00f0 n\u00e1 t\u00f6kum \u00e1 norskum s\u00f6gnum: beyging og t\u00ed\u00f0<\/h3>\n\n\n\n<p>Tilt\u00f6lulega au\u00f0velt er a\u00f0 l\u00e6ra norskar sagnir \u00fear sem \u00fe\u00e6r hafa f\u00e6rri beygingar en m\u00f6rg \u00f6nnur tungum\u00e1l. Sagnir eru beyg\u00f0ar eftir spennu og skapi. Norskum s\u00f6gnum er fyrst og fremst skipt \u00ed fj\u00f3ra h\u00f3pa, sem hver um sig hefur beygingarmynstur. G\u00f3\u00f0u fr\u00e9ttirnar eru hins vegar \u00fe\u00e6r a\u00f0 \u00f3l\u00edkt m\u00f6rgum \u00f6\u00f0rum tungum\u00e1lum breyta norskar sagnir ekki formi s\u00ednu eftir efni e\u00f0a t\u00f6lu.<\/p>\n\n\n\n<p>Norska hefur f\u00e6rri spennur en <a href=\"https:\/\/talkpal.ai\/learn-english-with-ai\/\">enska<\/a>, me\u00f0 a\u00f0eins \u00ferj\u00e1r spennur: n\u00fat\u00ed\u00f0, fort\u00ed\u00f0arspenna og fort\u00ed\u00f0 fullkomin spenna. N\u00fat\u00ed\u00f0 er notu\u00f0 til a\u00f0 tj\u00e1 atbur\u00f0i \u00ed n\u00fat\u00ed\u00f0 og framt\u00ed\u00f0, en fort\u00ed\u00f0arspenna t\u00e1knar loki\u00f0 athafnir og fullkomin spenna \u00ed fort\u00ed\u00f0inni gefur til kynna reynslu e\u00f0a \u00e1stand sem ger\u00f0ist fyrir \u00e1kve\u00f0inn t\u00edmapunkt \u00ed fort\u00ed\u00f0inni.<\/p>\n\n\n\n<h3 class=\"wp-block-heading\" id=\"h-3-expressing-yourself-with-norwegian-adjectives-and-adverbs\">3. Tj\u00e1\u00f0u \u00feig me\u00f0 norskum l\u00fdsingaror\u00f0um og atviksor\u00f0um<\/h3>\n\n\n\n<p>Notkun l\u00fdsingaror\u00f0a eykur \u00e1 \u00e1hrifar\u00edkan h\u00e1tt getu \u00fe\u00edna til a\u00f0 tj\u00e1 \u00feig \u00e1 norsku. L\u00fdsingaror\u00f0 l\u00fdsa eiginleikum e\u00f0a einkennum nafnor\u00f0a og \u00feurfa a\u00f0 vera samm\u00e1la nafnor\u00f0um \u00ed kyni og t\u00f6lu. \u00cd norsku koma l\u00fdsingaror\u00f0 venjulega \u00e1 undan nafnor\u00f0inu sem \u00feau l\u00fdsa.<\/p>\n\n\n\n<p>Atviksor\u00f0 \u00ed norsku breyta s\u00f6gnum, l\u00fdsingaror\u00f0um e\u00f0a \u00f6\u00f0rum atviksor\u00f0um. \u00deeir mi\u00f0la uppl\u00fdsingum um hvernig, hven\u00e6r, hvar og a\u00f0 hve miklu leyti a\u00f0ger\u00f0 \u00e1 s\u00e9r sta\u00f0. \u00d3l\u00edkt l\u00fdsingaror\u00f0um eru atviksor\u00f0 \u00feau s\u00f6mu \u00f3h\u00e1\u00f0 kyni e\u00f0a fj\u00f6lda nafnor\u00f0a sem veri\u00f0 er a\u00f0 l\u00fdsa.<\/p>\n\n\n\n<h3 class=\"wp-block-heading\" id=\"h-4-constructing-sentences-with-norwegian-pronouns-and-word-order\">4. Sm\u00ed\u00f0a setningar me\u00f0 norskum forn\u00f6fnum og or\u00f0ar\u00f6\u00f0<\/h3>\n\n\n\n<p>Norsk forn\u00f6fn koma \u00ed sta\u00f0 nafnor\u00f0a og eru yfirleitt samm\u00e1la nafnor\u00f0inu sem \u00feau t\u00e1kna \u00ed kyni, t\u00f6lu og falli. \u00dea\u00f0 eru \u00fdmsar tegundir af forn\u00f6fnum \u00ed norsku, \u00fear \u00e1 me\u00f0al pers\u00f3nuleg, eignarfallsleg, s\u00fdnandi, ni\u00f0randi, \u00e6ttingja- og spurnarforn\u00f6fn.<\/p>\n\n\n\n<p>Norsk setningaskipan fylgir efniss\u00f6gn-hlut (SVO) r\u00f6\u00f0inni, svipa\u00f0ri og \u00ed ensku. Hins vegar notar h\u00fan einnig sagnasek\u00fandu (V2) reglu \u00fear sem s\u00f6gnin skipar venjulega a\u00f0ra st\u00f6\u00f0u \u00ed a\u00f0al\u00e1kv\u00e6\u00f0um. A\u00f0 skilja og \u00e6fa norska or\u00f0ar\u00f6\u00f0 er nau\u00f0synlegt til a\u00f0 n\u00e1 reiprennandi \u00ed tungum\u00e1linu.<\/p>\n\n\n\n<h3 class=\"wp-block-heading\" id=\"h-conclusion\">Ni\u00f0ursta\u00f0a<\/h3>\n\n\n\n<p>Til a\u00f0 n\u00e1 t\u00f6kum \u00e1 norskri m\u00e1lfr\u00e6\u00f0i \u00fearf v\u00edgslu, \u00e6fingu og opinn huga til a\u00f0 kanna s\u00e9rkenni tungum\u00e1lsins. Hvort sem \u00fe\u00fa hefur \u00e1huga \u00e1 a\u00f0 s\u00f6kkva \u00fe\u00e9r ni\u00f0ur \u00ed menningu Noregs e\u00f0a \u00e1huga \u00e1 a\u00f0 l\u00e6ra n\u00fdtt tungum\u00e1l, \u00fe\u00e1 leggur \u00fea\u00f0 a\u00f0 l\u00e6ra norska m\u00e1lfr\u00e6\u00f0i grunninn a\u00f0 fars\u00e6lum samskiptum. \u00deegar \u00fe\u00fa kafar ofan \u00ed norsk nafnor\u00f0, sagnir, l\u00fdsingaror\u00f0 og or\u00f0ar\u00f6\u00f0, mundu a\u00f0 nj\u00f3ta ferlisins og \u00feykja v\u00e6nt um hina r\u00edku tungum\u00e1lareynslu sem b\u00ed\u00f0ur \u00fe\u00edn. <a href=\"https:\/\/talkpal.ai\/culture\/how-do-you-say-good-luck-with-that-in-norwegian\/\">Lykke til<\/a>!<\/p>\n<\/div><\/div>\n\r\n<section class=\"learnNavigationSection\">\r\n            \r\n        <a href=\"https:\/\/talkpal.ai\/is\/laerdu-norsku\/\">\r\n            <div class=\"learnNavigationWrapper\">\r\n                <div class=\"learnNavigationContent\">\r\n                    <img decoding=\"async\" src=\"https:\/\/talkpal.ai\/wp-content\/uploads\/2024\/08\/Norwegian.jpg\" alt=\"Norwegian Flag\">\r\n                    <div>\r\n                        <h4>Um norskun\u00e1m<\/h4>\r\n                        <p>Finndu \u00fat allt um norska m\u00e1lfr\u00e6\u00f0i.<\/p>\r\n                    <\/div>\r\n                <\/div>\r\n            <\/div>\r\n        <\/a>\r\n\r\n        \r\n        <a href=\"https:\/\/talkpal.ai\/is\/norska-malfraedi-aefingar\/\">\r\n            <div class=\"learnNavigationWrapper\">\r\n                <div class=\"learnNavigationContent\">\r\n                    <img decoding=\"async\" src=\"https:\/\/talkpal.ai\/wp-content\/uploads\/2024\/08\/Norwegian.jpg\" alt=\"Norwegian Flag\">\r\n                    <div>\r\n                        <h4>Norsk m\u00e1lfr\u00e6\u00f0i\u00e6fing<\/h4>\r\n                        <p>\u00c6f\u00f0u \u00feig \u00ed norskri m\u00e1lfr\u00e6\u00f0i.<\/p>\r\n                    <\/div>\r\n                <\/div>\r\n            <\/div>\r\n        <\/a>\r\n\r\n        \r\n        <a href=\"https:\/\/talkpal.ai\/vocabulary_language\/norwegian\/\">\r\n            <div class=\"learnNavigationWrapper\">\r\n                <div class=\"learnNavigationContent\">\r\n                    <img decoding=\"async\" src=\"https:\/\/talkpal.ai\/wp-content\/uploads\/2024\/08\/Norwegian.jpg\" alt=\"Norwegian Flag\">\r\n                    <div>\r\n                        <h4>Norskur or\u00f0afor\u00f0i<\/h4>\r\n                        <p>St\u00e6kka\u00f0u norskan or\u00f0afor\u00f0a \u00feinn.<\/p>\r\n                    <\/div>\r\n                <\/div>\r\n            <\/div>\r\n        <\/a>\r\n\r\n            <\/section>","protected":false},"excerpt":{"rendered":"<p>Kafa \u00ed norska m\u00e1lfr\u00e6\u00f0i: Alhli\u00f0a lei\u00f0arv\u00edsir Norska, heillandi og tj\u00e1ningarr\u00edkt tungum\u00e1l, b\u00fd\u00f0ur upp \u00e1 einstakt t\u00e6kif\u00e6ri fyrir tungum\u00e1lanema til a\u00f0 kanna r\u00edkulega menningar- og s\u00f6gulega arfleif\u00f0 Noregs. G\u00f3\u00f0u fr\u00e9ttirnar eru \u00fe\u00e6r a\u00f0 norsk m\u00e1lfr\u00e6\u00f0i deilir nokkrum l\u00edkt me\u00f0 ensku, sem gerir \u00fea\u00f0 a\u00f0gengilegt tungum\u00e1l til a\u00f0 l\u00e6ra. \u00deessi grein mun lei\u00f0a \u00feig \u00ed gegnum grundvallar\u00fe\u00e6tti [&hellip;]<\/p>\n","protected":false},"author":1,"featured_media":116949,"parent":0,"menu_order":0,"comment_status":"closed","ping_status":"closed","template":"LearningContentPage.php","meta":{"_acf_changed":false,"footnotes":""},"class_list":["post-148471","page","type-page","status-publish","has-post-thumbnail","hentry"],"acf":[],"yoast_head":"<!-- This site is optimized with the Yoast SEO Premium plugin v27.2 (Yoast SEO v27.2) - https:\/\/yoast.com\/product\/yoast-seo-premium-wordpress\/ -->\n<title>Norsk m\u00e1lfr\u00e6\u00f0i - Talkpal<\/title>\n<meta name=\"description\" content=\"Kanna\u00f0u fl\u00e6kjustig norskrar m\u00e1lfr\u00e6\u00f0i og lyftu tungum\u00e1lakunn\u00e1ttu \u00feinni \u00e1 n\u00e6sta stig.\" \/>\n<meta name=\"robots\" content=\"index, follow, max-snippet:-1, max-image-preview:large, max-video-preview:-1\" \/>\n<link rel=\"canonical\" href=\"https:\/\/talkpal.ai\/is\/norsk-malfraedi\/\" \/>\n<meta property=\"og:locale\" content=\"is_IS\" \/>\n<meta property=\"og:type\" content=\"article\" \/>\n<meta property=\"og:title\" content=\"Norsk m\u00e1lfr\u00e6\u00f0i\" \/>\n<meta property=\"og:description\" content=\"Kafa \u00ed norska m\u00e1lfr\u00e6\u00f0i: Alhli\u00f0a lei\u00f0arv\u00edsir Norska, heillandi og tj\u00e1ningarr\u00edkt tungum\u00e1l, b\u00fd\u00f0ur upp \u00e1 einstakt t\u00e6kif\u00e6ri fyrir tungum\u00e1lanema til a\u00f0 kanna\" \/>\n<meta property=\"og:url\" content=\"https:\/\/talkpal.ai\/is\/norsk-malfraedi\/\" \/>\n<meta property=\"og:site_name\" content=\"Talkpal\" \/>\n<meta property=\"article:publisher\" content=\"https:\/\/www.facebook.com\/profile.php?id=100090733639311\" \/>\n<meta property=\"article:modified_time\" content=\"2025-12-17T17:36:18+00:00\" \/>\n<meta property=\"og:image\" content=\"https:\/\/talkpal.ai\/wp-content\/uploads\/2023\/05\/norway.png\" \/>\n\t<meta property=\"og:image:width\" content=\"512\" \/>\n\t<meta property=\"og:image:height\" content=\"512\" \/>\n\t<meta property=\"og:image:type\" content=\"image\/png\" \/>\n<meta name=\"twitter:card\" content=\"summary_large_image\" \/>\n<meta name=\"twitter:site\" content=\"@talkpalai\" \/>\n<meta name=\"twitter:label1\" content=\"Est. reading time\" \/>\n\t<meta name=\"twitter:data1\" content=\"3 minutes\" \/>\n<script type=\"application\/ld+json\" class=\"yoast-schema-graph\">{\"@context\":\"https:\/\/schema.org\",\"@graph\":[{\"@type\":\"WebPage\",\"@id\":\"https:\/\/talkpal.ai\/is\/norsk-malfraedi\/\",\"url\":\"https:\/\/talkpal.ai\/is\/norsk-malfraedi\/\",\"name\":\"Norsk m\u00e1lfr\u00e6\u00f0i - Talkpal\",\"isPartOf\":{\"@id\":\"https:\/\/talkpal.ai\/is\/#website\"},\"primaryImageOfPage\":{\"@id\":\"https:\/\/talkpal.ai\/is\/norsk-malfraedi\/#primaryimage\"},\"image\":{\"@id\":\"https:\/\/talkpal.ai\/is\/norsk-malfraedi\/#primaryimage\"},\"thumbnailUrl\":\"https:\/\/talkpal.ai\/wp-content\/uploads\/2023\/05\/norway.png\",\"datePublished\":\"2023-05-14T14:13:06+00:00\",\"dateModified\":\"2025-12-17T17:36:18+00:00\",\"description\":\"Kanna\u00f0u fl\u00e6kjustig norskrar m\u00e1lfr\u00e6\u00f0i og lyftu tungum\u00e1lakunn\u00e1ttu \u00feinni \u00e1 n\u00e6sta stig.\",\"breadcrumb\":{\"@id\":\"https:\/\/talkpal.ai\/is\/norsk-malfraedi\/#breadcrumb\"},\"inLanguage\":\"is\",\"potentialAction\":[{\"@type\":\"ReadAction\",\"target\":[\"https:\/\/talkpal.ai\/is\/norsk-malfraedi\/\"]}]},{\"@type\":\"ImageObject\",\"inLanguage\":\"is\",\"@id\":\"https:\/\/talkpal.ai\/is\/norsk-malfraedi\/#primaryimage\",\"url\":\"https:\/\/talkpal.ai\/wp-content\/uploads\/2023\/05\/norway.png\",\"contentUrl\":\"https:\/\/talkpal.ai\/wp-content\/uploads\/2023\/05\/norway.png\",\"width\":512,\"height\":512},{\"@type\":\"BreadcrumbList\",\"@id\":\"https:\/\/talkpal.ai\/is\/norsk-malfraedi\/#breadcrumb\",\"itemListElement\":[{\"@type\":\"ListItem\",\"position\":1,\"name\":\"Homepage\",\"item\":\"https:\/\/talkpal.ai\/is\/\"},{\"@type\":\"ListItem\",\"position\":2,\"name\":\"Norsk m\u00e1lfr\u00e6\u00f0i\"}]},{\"@type\":\"WebSite\",\"@id\":\"https:\/\/talkpal.ai\/is\/#website\",\"url\":\"https:\/\/talkpal.ai\/is\/\",\"name\":\"Talkpal\",\"description\":\"AI Language Learning\",\"publisher\":{\"@id\":\"https:\/\/talkpal.ai\/is\/#organization\"},\"alternateName\":\"Talkpal AI\",\"potentialAction\":[{\"@type\":\"SearchAction\",\"target\":{\"@type\":\"EntryPoint\",\"urlTemplate\":\"https:\/\/talkpal.ai\/is\/?s={search_term_string}\"},\"query-input\":{\"@type\":\"PropertyValueSpecification\",\"valueRequired\":true,\"valueName\":\"search_term_string\"}}],\"inLanguage\":\"is\"},{\"@type\":\"Organization\",\"@id\":\"https:\/\/talkpal.ai\/is\/#organization\",\"name\":\"Talkpal, Inc.\",\"alternateName\":\"Talkpal AI\",\"url\":\"https:\/\/talkpal.ai\/is\/\",\"logo\":{\"@type\":\"ImageObject\",\"inLanguage\":\"is\",\"@id\":\"https:\/\/talkpal.ai\/is\/#\/schema\/logo\/image\/\",\"url\":\"https:\/\/talkpal.ai\/wp-content\/uploads\/2024\/03\/Talkpal-Logo-Icon.png\",\"contentUrl\":\"https:\/\/talkpal.ai\/wp-content\/uploads\/2024\/03\/Talkpal-Logo-Icon.png\",\"width\":2880,\"height\":2880,\"caption\":\"Talkpal, Inc.\"},\"image\":{\"@id\":\"https:\/\/talkpal.ai\/is\/#\/schema\/logo\/image\/\"},\"sameAs\":[\"https:\/\/www.facebook.com\/profile.php?id=100090733639311\",\"https:\/\/x.com\/talkpalai\",\"https:\/\/www.linkedin.com\/company\/talkpal\/\",\"https:\/\/www.youtube.com\/@TalkPal\/\",\"https:\/\/www.tiktok.com\/@talkpal\",\"https:\/\/www.instagram.com\/talkpal_ai\/\",\"https:\/\/www.crunchbase.com\/organization\/talkpal-9cde\",\"https:\/\/www.g2.com\/products\/talkpal-for-business\/\",\"https:\/\/www.trustpilot.com\/review\/talkpal.ai\",\"https:\/\/www.capterra.com\/p\/10006800\/TalkPal\/\"],\"description\":\"Talkpal is a language learning web and mobile education app, powered by the latest AI technologies, that provides engaging experiences to its customers in many different languages to help them improve their language skills. Users can chat about unlimited amount of topics with the app and use other modes to practice their language learning.\",\"email\":\"support@talkpal.ai\",\"legalName\":\"Talkpal, Inc.\",\"foundingDate\":\"2023-04-03\",\"duns\":\"118989042\",\"numberOfEmployees\":{\"@type\":\"QuantitativeValue\",\"minValue\":\"11\",\"maxValue\":\"50\"},\"publishingPrinciples\":\"https:\/\/talkpal.ai\/publishing-principles\/\",\"actionableFeedbackPolicy\":\"https:\/\/talkpal.ai\/actionable-feedback-policy\/\",\"correctionsPolicy\":\"https:\/\/talkpal.ai\/corrections-policy\/\",\"ethicsPolicy\":\"https:\/\/talkpal.ai\/ethics-policy\/\",\"diversityPolicy\":\"https:\/\/talkpal.ai\/diversity-policy\/\",\"diversityStaffingReport\":\"https:\/\/talkpal.ai\/diversity-policy\/\"}]}<\/script>\n<!-- \/ Yoast SEO Premium plugin. -->","yoast_head_json":{"title":"Norsk m\u00e1lfr\u00e6\u00f0i - Talkpal","description":"Kanna\u00f0u fl\u00e6kjustig norskrar m\u00e1lfr\u00e6\u00f0i og lyftu tungum\u00e1lakunn\u00e1ttu \u00feinni \u00e1 n\u00e6sta stig.","robots":{"index":"index","follow":"follow","max-snippet":"max-snippet:-1","max-image-preview":"max-image-preview:large","max-video-preview":"max-video-preview:-1"},"canonical":"https:\/\/talkpal.ai\/is\/norsk-malfraedi\/","og_locale":"is_IS","og_type":"article","og_title":"Norsk m\u00e1lfr\u00e6\u00f0i","og_description":"Kafa \u00ed norska m\u00e1lfr\u00e6\u00f0i: Alhli\u00f0a lei\u00f0arv\u00edsir Norska, heillandi og tj\u00e1ningarr\u00edkt tungum\u00e1l, b\u00fd\u00f0ur upp \u00e1 einstakt t\u00e6kif\u00e6ri fyrir tungum\u00e1lanema til a\u00f0 kanna","og_url":"https:\/\/talkpal.ai\/is\/norsk-malfraedi\/","og_site_name":"Talkpal","article_publisher":"https:\/\/www.facebook.com\/profile.php?id=100090733639311","article_modified_time":"2025-12-17T17:36:18+00:00","og_image":[{"width":512,"height":512,"url":"https:\/\/talkpal.ai\/wp-content\/uploads\/2023\/05\/norway.png","type":"image\/png"}],"twitter_card":"summary_large_image","twitter_site":"@talkpalai","twitter_misc":{"Est. reading time":"3 minutes"},"schema":{"@context":"https:\/\/schema.org","@graph":[{"@type":"WebPage","@id":"https:\/\/talkpal.ai\/is\/norsk-malfraedi\/","url":"https:\/\/talkpal.ai\/is\/norsk-malfraedi\/","name":"Norsk m\u00e1lfr\u00e6\u00f0i - Talkpal","isPartOf":{"@id":"https:\/\/talkpal.ai\/is\/#website"},"primaryImageOfPage":{"@id":"https:\/\/talkpal.ai\/is\/norsk-malfraedi\/#primaryimage"},"image":{"@id":"https:\/\/talkpal.ai\/is\/norsk-malfraedi\/#primaryimage"},"thumbnailUrl":"https:\/\/talkpal.ai\/wp-content\/uploads\/2023\/05\/norway.png","datePublished":"2023-05-14T14:13:06+00:00","dateModified":"2025-12-17T17:36:18+00:00","description":"Kanna\u00f0u fl\u00e6kjustig norskrar m\u00e1lfr\u00e6\u00f0i og lyftu tungum\u00e1lakunn\u00e1ttu \u00feinni \u00e1 n\u00e6sta stig.","breadcrumb":{"@id":"https:\/\/talkpal.ai\/is\/norsk-malfraedi\/#breadcrumb"},"inLanguage":"is","potentialAction":[{"@type":"ReadAction","target":["https:\/\/talkpal.ai\/is\/norsk-malfraedi\/"]}]},{"@type":"ImageObject","inLanguage":"is","@id":"https:\/\/talkpal.ai\/is\/norsk-malfraedi\/#primaryimage","url":"https:\/\/talkpal.ai\/wp-content\/uploads\/2023\/05\/norway.png","contentUrl":"https:\/\/talkpal.ai\/wp-content\/uploads\/2023\/05\/norway.png","width":512,"height":512},{"@type":"BreadcrumbList","@id":"https:\/\/talkpal.ai\/is\/norsk-malfraedi\/#breadcrumb","itemListElement":[{"@type":"ListItem","position":1,"name":"Homepage","item":"https:\/\/talkpal.ai\/is\/"},{"@type":"ListItem","position":2,"name":"Norsk m\u00e1lfr\u00e6\u00f0i"}]},{"@type":"WebSite","@id":"https:\/\/talkpal.ai\/is\/#website","url":"https:\/\/talkpal.ai\/is\/","name":"Talkpal","description":"AI Language Learning","publisher":{"@id":"https:\/\/talkpal.ai\/is\/#organization"},"alternateName":"Talkpal AI","potentialAction":[{"@type":"SearchAction","target":{"@type":"EntryPoint","urlTemplate":"https:\/\/talkpal.ai\/is\/?s={search_term_string}"},"query-input":{"@type":"PropertyValueSpecification","valueRequired":true,"valueName":"search_term_string"}}],"inLanguage":"is"},{"@type":"Organization","@id":"https:\/\/talkpal.ai\/is\/#organization","name":"Talkpal, Inc.","alternateName":"Talkpal AI","url":"https:\/\/talkpal.ai\/is\/","logo":{"@type":"ImageObject","inLanguage":"is","@id":"https:\/\/talkpal.ai\/is\/#\/schema\/logo\/image\/","url":"https:\/\/talkpal.ai\/wp-content\/uploads\/2024\/03\/Talkpal-Logo-Icon.png","contentUrl":"https:\/\/talkpal.ai\/wp-content\/uploads\/2024\/03\/Talkpal-Logo-Icon.png","width":2880,"height":2880,"caption":"Talkpal, Inc."},"image":{"@id":"https:\/\/talkpal.ai\/is\/#\/schema\/logo\/image\/"},"sameAs":["https:\/\/www.facebook.com\/profile.php?id=100090733639311","https:\/\/x.com\/talkpalai","https:\/\/www.linkedin.com\/company\/talkpal\/","https:\/\/www.youtube.com\/@TalkPal\/","https:\/\/www.tiktok.com\/@talkpal","https:\/\/www.instagram.com\/talkpal_ai\/","https:\/\/www.crunchbase.com\/organization\/talkpal-9cde","https:\/\/www.g2.com\/products\/talkpal-for-business\/","https:\/\/www.trustpilot.com\/review\/talkpal.ai","https:\/\/www.capterra.com\/p\/10006800\/TalkPal\/"],"description":"Talkpal is a language learning web and mobile education app, powered by the latest AI technologies, that provides engaging experiences to its customers in many different languages to help them improve their language skills. Users can chat about unlimited amount of topics with the app and use other modes to practice their language learning.","email":"support@talkpal.ai","legalName":"Talkpal, Inc.","foundingDate":"2023-04-03","duns":"118989042","numberOfEmployees":{"@type":"QuantitativeValue","minValue":"11","maxValue":"50"},"publishingPrinciples":"https:\/\/talkpal.ai\/publishing-principles\/","actionableFeedbackPolicy":"https:\/\/talkpal.ai\/actionable-feedback-policy\/","correctionsPolicy":"https:\/\/talkpal.ai\/corrections-policy\/","ethicsPolicy":"https:\/\/talkpal.ai\/ethics-policy\/","diversityPolicy":"https:\/\/talkpal.ai\/diversity-policy\/","diversityStaffingReport":"https:\/\/talkpal.ai\/diversity-policy\/"}]}},"_links":{"self":[{"href":"https:\/\/talkpal.ai\/is\/wp-json\/wp\/v2\/pages\/148471","targetHints":{"allow":["GET"]}}],"collection":[{"href":"https:\/\/talkpal.ai\/is\/wp-json\/wp\/v2\/pages"}],"about":[{"href":"https:\/\/talkpal.ai\/is\/wp-json\/wp\/v2\/types\/page"}],"author":[{"embeddable":true,"href":"https:\/\/talkpal.ai\/is\/wp-json\/wp\/v2\/users\/1"}],"replies":[{"embeddable":true,"href":"https:\/\/talkpal.ai\/is\/wp-json\/wp\/v2\/comments?post=148471"}],"version-history":[{"count":0,"href":"https:\/\/talkpal.ai\/is\/wp-json\/wp\/v2\/pages\/148471\/revisions"}],"wp:featuredmedia":[{"embeddable":true,"href":"https:\/\/talkpal.ai\/is\/wp-json\/wp\/v2\/media\/116949"}],"wp:attachment":[{"href":"https:\/\/talkpal.ai\/is\/wp-json\/wp\/v2\/media?parent=148471"}],"curies":[{"name":"wp","href":"https:\/\/api.w.org\/{rel}","templated":true}]}}