{"id":1481506,"date":"2025-11-27T17:03:24","date_gmt":"2025-11-27T17:03:24","guid":{"rendered":"https:\/\/talkpal.ai\/talkpal-halloween-afslattur\/"},"modified":"2026-01-22T15:09:41","modified_gmt":"2026-01-22T15:09:41","slug":"talkpal-halloween-afslattur","status":"publish","type":"page","link":"https:\/\/talkpal.ai\/is\/talkpal-halloween-afslattur\/","title":{"rendered":"Talkpal Halloween afsl\u00e1ttur"},"content":{"rendered":"<section class=\"languageChallengeSection\">\r\n    <div class=\"languageInfoWrapper\">\r\n        \r\n        <h1>Talkpal Halloween afsl\u00e1ttur<\/h1>\r\n        <p>Ertu tilb\u00fainn a\u00f0 styrkja tungum\u00e1lakunn\u00e1ttu \u00fe\u00edna? \u00c1 \u00feessari Hrekkjav\u00f6ku b\u00fd\u00f0ur Talkpal upp \u00e1 einkar\u00e9tt 79% afsl\u00e1tt til a\u00f0 hj\u00e1lpa \u00fe\u00e9r a\u00f0 l\u00e6ra hra\u00f0ar og snjallar. Afl\u00e6stu \u00f6llum \u00farvalseiginleikum, \u00e6f\u00f0u raunveruleg samt\u00f6l vi\u00f0 gervigreind og bygg\u00f0u upp fl\u00e6\u00f0i fyrir helmingi l\u00e6gra ver\u00f0s.<\/p>\r\n\r\n                    <a class=\"getStartedHidden\" href=\"https:\/\/app.talkpal.ai\/signup?discount=50\">\r\n                F\u00e1\u00f0u afsl\u00e1tt            <\/a>\r\n            <\/div>\r\n\r\n            <figure>\r\n            <img decoding=\"async\" class=\"no-lazy\" src=\"https:\/\/talkpal.ai\/wp-content\/uploads\/2026\/01\/curly-girl-with-phone-light-background.webp\" alt=\"\" fetchpriority=\"high\" \/>\r\n        <\/figure>\r\n        \r\n                    <a class=\"getStartedVisible\" href=\"https:\/\/app.talkpal.ai\/signup?discount=50\">\r\n                F\u00e1\u00f0u afsl\u00e1tt            <\/a>\r\n        <\/section><section class=\"featureSection\">\r\n    <div class=\"featureIntroduce\">\r\n        <a class=\"introduceLink\" href=\"https:\/\/app.talkpal.ai\/signup?lng=\">\r\n            <img decoding=\"async\" src=\"https:\/\/talkpal.ai\/wp-content\/themes\/talkpal\/assets\/img\/Sparkle.svg\" alt=\"\" \/>Lengst komna\n  AI<\/a>\r\n        <h3 class=\"featureTitle\">Munurinn \u00e1 talkpal<\/h3>\r\n    <\/div>\r\n            <div class=\"introduceWrapper\">\r\n                            <a class=\"introducCard\" href=\"https:\/\/app.talkpal.ai\/signup?lng=\">\r\n\r\n                    \r\n                                                <img decoding=\"async\" src=\"https:\/\/talkpal.ai\/wp-content\/uploads\/2025\/05\/Immersive_conversations.png\" alt=\"Immersive Conversation Screenshot\" \/>\r\n                        <h4 class=\"introduceTitle\">Pers\u00f3nuleg menntun<\/h4>\r\n                        <p class=\"cardText\">Lei\u00f0 hvers n\u00e1msmanns er \u00f3l\u00edk, me\u00f0 fer\u00f0al\u00f6gum, vinnu og annas\u00f6mum dagskr\u00e1m \u00ed bland. Talkpal notar h\u00e1\u00fer\u00f3a\u00f0a gervigreind til a\u00f0 l\u00e6ra af millj\u00f3num n\u00e1msmynstra og b\u00fdr til pers\u00f3nulegar, skilvirkar og \u00e1hugaver\u00f0ar upplifanir sem eru sni\u00f0nar a\u00f0 \u00fe\u00e9r.<\/p>\r\n                    \r\n                <\/a>\r\n                            <a class=\"introducCard\" href=\"https:\/\/app.talkpal.ai\/signup?lng=\">\r\n\r\n                    \r\n                                                <img decoding=\"async\" src=\"https:\/\/talkpal.ai\/wp-content\/uploads\/2025\/05\/Realtime_feedback.png\" alt=\"Feedback Screenshot\" \/>\r\n                        <h4 class=\"introduceTitle\">N\u00fdjasta t\u00e6kni<\/h4>\r\n                        <p class=\"cardText\">Markmi\u00f0 okkar er a\u00f0 gera pers\u00f3nulegt tungum\u00e1lan\u00e1m a\u00f0gengilegt \u00f6llum me\u00f0 \u00fev\u00ed a\u00f0 sameina n\u00fdjustu gervigreind og sanna\u00f0ar kennslua\u00f0fer\u00f0ir. \u00deessa Hrekkjav\u00f6ku er h\u00fan a\u00f0gengilegri en nokkru sinni fyrr. Me\u00f0 Talkpal f\u00e6r\u00f0u s\u00e9rsni\u00f0na fer\u00f0 sem a\u00f0lagast \u00fe\u00ednum hra\u00f0a, l\u00edfsst\u00edl og markmi\u00f0um, hvert sem l\u00edfi\u00f0 lei\u00f0ir \u00feig.<\/p>\r\n                    \r\n                <\/a>\r\n                            <a class=\"introducCard\" href=\"https:\/\/app.talkpal.ai\/signup?lng=\">\r\n\r\n                    \r\n                                                <img decoding=\"async\" src=\"https:\/\/talkpal.ai\/wp-content\/uploads\/2025\/05\/Personalization.png\" alt=\"Personalization Screenshot\" \/>\r\n                        <h4 class=\"introduceTitle\">A\u00f0 gera n\u00e1m skemmtilegt<\/h4>\r\n                        <p class=\"cardText\">Vi\u00f0 tr\u00faum \u00fev\u00ed a\u00f0 tungum\u00e1lan\u00e1m eigi a\u00f0 vera \u00e1n\u00e6gjulegt og hvetjandi. \u00deess vegna heldur Talkpal \u00fe\u00e9r \u00e1hugas\u00f6mum og innbl\u00e1snum, svo \u00fea\u00f0 l\u00ed\u00f0ur minna eins og n\u00e1m og meira eins og \u00e6vint\u00fdri. Taktu \u00fe\u00e1tt me\u00f0 \u00fe\u00fasundum nemenda um allan heim og n\u00fdttu \u00fe\u00e9r Halloween-tilbo\u00f0i\u00f0 okkar til a\u00f0 byrja a\u00f0 n\u00e1 t\u00f6kum \u00e1 n\u00e6sta tungum\u00e1li \u00fe\u00ednu.<\/p>\r\n                    \r\n                <\/a>\r\n                            <\/div>\r\n                     <a class=\"featureSectionLink\" href=\"https:\/\/app.talkpal.ai\/signup?discount=50\">\r\n                F\u00e1\u00f0u afsl\u00e1tt            <\/a>\r\n                \r\n<\/section>\r\n\r\n\r\n<section class=\"smartFunSection\">\r\n            \r\n            <div class=\"smartFunCard\">\r\n                <div class=\"smartFunWrapper\"><img decoding=\"async\" src=\"https:\/\/talkpal.ai\/wp-content\/uploads\/2025\/05\/1.png\" alt=\"Learning Stats Screenshot\"><\/div>\r\n                <h3>S\u00e9rsni\u00f0i\u00f0 a\u00f0 \u00fe\u00e9r<\/h3>\r\n                <p>Talkpal notar gervigreindardrifna t\u00e6kni til a\u00f0 bj\u00f3\u00f0a upp \u00e1 pers\u00f3nulegar lotur sem eru laga\u00f0ar a\u00f0 \u00fe\u00ednu stigi og hra\u00f0a. Hver kennslustund uppfyllir \u00fearfir \u00fe\u00ednar og hj\u00e1lpar \u00fe\u00e9r a\u00f0 n\u00e1 st\u00f6\u00f0ugum framf\u00f6rum, hvort sem \u00fe\u00fa ert heima e\u00f0a erlendis.<\/p>\r\n            <\/div>\r\n\r\n        \r\n            <div class=\"smartFunCard\">\r\n                <div class=\"smartFunWrapper\"><img decoding=\"async\" src=\"https:\/\/talkpal.ai\/wp-content\/uploads\/2025\/05\/2.png\" alt=\"Pronunciation Score Screenshot\"><\/div>\r\n                <h3>\u00c1rangursr\u00edk &amp; Duglegur<\/h3>\r\n                <p>Styrktu lestrar-, hlustunar- og talf\u00e6rni \u00fe\u00edna \u00e1 skilvirkan h\u00e1tt me\u00f0 Talkpal. N\u00fdst\u00e1rleg verkf\u00e6ri okkar gera tungum\u00e1lan\u00e1m b\u00e6\u00f0i \u00e1rangursr\u00edkt og \u00e1n\u00e6gjulegt fyrir nemendur me\u00f0 alls konar stundat\u00f6flur.<\/p>\r\n            <\/div>\r\n\r\n        \r\n            <div class=\"smartFunCard\">\r\n                <div class=\"smartFunWrapper\"><img decoding=\"async\" src=\"https:\/\/talkpal.ai\/wp-content\/uploads\/2025\/05\/3.png\" alt=\"Chat Topics Screenshot\"><\/div>\r\n                <h3>Haltu tr\u00falofun<\/h3>\r\n                <p>Vettvangurinn blandar saman leikjager\u00f0um \u00fe\u00e1ttum, \u00e1hugaver\u00f0um \u00e1skorunum og hugvekjandi \u00e1bendingum til a\u00f0 halda \u00fe\u00e9r hv\u00f6ttum og st\u00f6\u00f0ugum. Me\u00f0 Talkpal ver\u00f0ur tungum\u00e1lan\u00e1m skemmtileg dagleg venja, ekki \u00f6nnur skylda.<\/p>\r\n            <\/div>\r\n\r\n        \r\n            <div class=\"smartFunCard\">\r\n                <div class=\"smartFunWrapper\"><img decoding=\"async\" src=\"https:\/\/talkpal.ai\/wp-content\/uploads\/2025\/05\/4.png\" alt=\"Dashboard Screenshot\"><\/div>\r\n                <h3>Nj\u00f3ttu \u00feess a\u00f0 l\u00e6ra<\/h3>\r\n                <p>A\u00f0 n\u00e1 t\u00f6kum \u00e1 n\u00fdju tungum\u00e1li \u00fearf ekki a\u00f0 vera lei\u00f0inlegt. Talkpal b\u00fd\u00f0ur upp \u00e1 gagnvirkar \u00e6fingar, l\u00edflegar pers\u00f3nur og l\u00e9tt gervigreindarsamt\u00f6l til a\u00f0 gera n\u00e1m a\u00f0 skemmtilegum hluta dagsins. Trygg\u00f0u \u00fe\u00e9r 79% hrekkjav\u00f6kuafsl\u00e1tt og byrja\u00f0u \u00ed dag.<\/p>\r\n            <\/div>\r\n\r\n            \r\n<\/section>\r\n\r\n<section class=\"promotionalBanner\">\r\n    <p class=\"promotionalText\">Talkpal Halloween afsl\u00e1ttur &#8211; Byrja\u00f0u a\u00f0 l\u00e6ra me\u00f0 afsl\u00e6tti<\/p>\r\n                <a class=\"promotionalLink\" href=\"https:\/\/app.talkpal.ai\/signup?discount=50\">\r\n                F\u00e1\u00f0u afsl\u00e1tt            <\/a>\r\n            \r\n<\/section>","protected":false},"excerpt":{"rendered":"","protected":false},"author":20,"featured_media":0,"parent":0,"menu_order":0,"comment_status":"closed","ping_status":"closed","template":"LearningContentPage.php","meta":{"_acf_changed":false,"footnotes":""},"class_list":["post-1481506","page","type-page","status-publish","hentry"],"acf":[],"yoast_head":"<!-- This site is optimized with the Yoast SEO Premium plugin v27.2 (Yoast SEO v27.2) - https:\/\/yoast.com\/product\/yoast-seo-premium-wordpress\/ -->\n<title>Talkpal Halloween afsl\u00e1ttur - Talkpal<\/title>\n<meta name=\"description\" content=\"Spara\u00f0u 79% \u00e1 Talkpal Premium \u00feessa Hrekkjav\u00f6ku og n\u00e1\u00f0u t\u00f6kum \u00e1 hva\u00f0a tungum\u00e1li sem er me\u00f0 h\u00e1\u00fer\u00f3a\u00f0ri gervigreindarkennara okkar.\" \/>\n<meta name=\"robots\" content=\"index, follow, max-snippet:-1, max-image-preview:large, max-video-preview:-1\" \/>\n<link rel=\"canonical\" href=\"https:\/\/talkpal.ai\/is\/talkpal-halloween-afslattur\/\" \/>\n<meta property=\"og:locale\" content=\"is_IS\" \/>\n<meta property=\"og:type\" content=\"article\" \/>\n<meta property=\"og:title\" content=\"Talkpal Halloween afsl\u00e1ttur\" \/>\n<meta property=\"og:url\" content=\"https:\/\/talkpal.ai\/is\/talkpal-halloween-afslattur\/\" \/>\n<meta property=\"og:site_name\" content=\"Talkpal\" \/>\n<meta property=\"article:publisher\" content=\"https:\/\/www.facebook.com\/profile.php?id=100090733639311\" \/>\n<meta property=\"article:modified_time\" content=\"2026-01-22T15:09:41+00:00\" \/>\n<meta property=\"og:image\" content=\"https:\/\/talkpal.ai\/wp-content\/uploads\/2025\/02\/Progress-tab-16_9.png\" \/>\n\t<meta property=\"og:image:width\" content=\"2880\" \/>\n\t<meta property=\"og:image:height\" content=\"1620\" \/>\n\t<meta property=\"og:image:type\" content=\"image\/png\" \/>\n<meta name=\"twitter:card\" content=\"summary_large_image\" \/>\n<meta name=\"twitter:site\" content=\"@talkpalai\" \/>\n<script type=\"application\/ld+json\" class=\"yoast-schema-graph\">{\"@context\":\"https:\/\/schema.org\",\"@graph\":[{\"@type\":\"WebPage\",\"@id\":\"https:\/\/talkpal.ai\/is\/talkpal-halloween-afslattur\/\",\"url\":\"https:\/\/talkpal.ai\/is\/talkpal-halloween-afslattur\/\",\"name\":\"Talkpal Halloween afsl\u00e1ttur - Talkpal\",\"isPartOf\":{\"@id\":\"https:\/\/talkpal.ai\/is\/#website\"},\"datePublished\":\"2025-11-27T17:03:24+00:00\",\"dateModified\":\"2026-01-22T15:09:41+00:00\",\"description\":\"Spara\u00f0u 79% \u00e1 Talkpal Premium \u00feessa Hrekkjav\u00f6ku og n\u00e1\u00f0u t\u00f6kum \u00e1 hva\u00f0a tungum\u00e1li sem er me\u00f0 h\u00e1\u00fer\u00f3a\u00f0ri gervigreindarkennara okkar.\",\"breadcrumb\":{\"@id\":\"https:\/\/talkpal.ai\/is\/talkpal-halloween-afslattur\/#breadcrumb\"},\"inLanguage\":\"is\",\"potentialAction\":[{\"@type\":\"ReadAction\",\"target\":[\"https:\/\/talkpal.ai\/is\/talkpal-halloween-afslattur\/\"]}]},{\"@type\":\"BreadcrumbList\",\"@id\":\"https:\/\/talkpal.ai\/is\/talkpal-halloween-afslattur\/#breadcrumb\",\"itemListElement\":[{\"@type\":\"ListItem\",\"position\":1,\"name\":\"Homepage\",\"item\":\"https:\/\/talkpal.ai\/is\/\"},{\"@type\":\"ListItem\",\"position\":2,\"name\":\"Talkpal Halloween afsl\u00e1ttur\"}]},{\"@type\":\"WebSite\",\"@id\":\"https:\/\/talkpal.ai\/is\/#website\",\"url\":\"https:\/\/talkpal.ai\/is\/\",\"name\":\"Talkpal\",\"description\":\"AI Language Learning\",\"publisher\":{\"@id\":\"https:\/\/talkpal.ai\/is\/#organization\"},\"alternateName\":\"Talkpal AI\",\"potentialAction\":[{\"@type\":\"SearchAction\",\"target\":{\"@type\":\"EntryPoint\",\"urlTemplate\":\"https:\/\/talkpal.ai\/is\/?s={search_term_string}\"},\"query-input\":{\"@type\":\"PropertyValueSpecification\",\"valueRequired\":true,\"valueName\":\"search_term_string\"}}],\"inLanguage\":\"is\"},{\"@type\":\"Organization\",\"@id\":\"https:\/\/talkpal.ai\/is\/#organization\",\"name\":\"Talkpal, Inc.\",\"alternateName\":\"Talkpal AI\",\"url\":\"https:\/\/talkpal.ai\/is\/\",\"logo\":{\"@type\":\"ImageObject\",\"inLanguage\":\"is\",\"@id\":\"https:\/\/talkpal.ai\/is\/#\/schema\/logo\/image\/\",\"url\":\"https:\/\/talkpal.ai\/wp-content\/uploads\/2024\/03\/Talkpal-Logo-Icon.png\",\"contentUrl\":\"https:\/\/talkpal.ai\/wp-content\/uploads\/2024\/03\/Talkpal-Logo-Icon.png\",\"width\":2880,\"height\":2880,\"caption\":\"Talkpal, Inc.\"},\"image\":{\"@id\":\"https:\/\/talkpal.ai\/is\/#\/schema\/logo\/image\/\"},\"sameAs\":[\"https:\/\/www.facebook.com\/profile.php?id=100090733639311\",\"https:\/\/x.com\/talkpalai\",\"https:\/\/www.linkedin.com\/company\/talkpal\/\",\"https:\/\/www.youtube.com\/@TalkPal\/\",\"https:\/\/www.tiktok.com\/@talkpal\",\"https:\/\/www.instagram.com\/talkpal_ai\/\",\"https:\/\/www.crunchbase.com\/organization\/talkpal-9cde\",\"https:\/\/www.g2.com\/products\/talkpal-for-business\/\",\"https:\/\/www.trustpilot.com\/review\/talkpal.ai\",\"https:\/\/www.capterra.com\/p\/10006800\/TalkPal\/\"],\"description\":\"Talkpal is a language learning web and mobile education app, powered by the latest AI technologies, that provides engaging experiences to its customers in many different languages to help them improve their language skills. Users can chat about unlimited amount of topics with the app and use other modes to practice their language learning.\",\"email\":\"support@talkpal.ai\",\"legalName\":\"Talkpal, Inc.\",\"foundingDate\":\"2023-04-03\",\"duns\":\"118989042\",\"numberOfEmployees\":{\"@type\":\"QuantitativeValue\",\"minValue\":\"11\",\"maxValue\":\"50\"},\"publishingPrinciples\":\"https:\/\/talkpal.ai\/publishing-principles\/\",\"actionableFeedbackPolicy\":\"https:\/\/talkpal.ai\/actionable-feedback-policy\/\",\"correctionsPolicy\":\"https:\/\/talkpal.ai\/corrections-policy\/\",\"ethicsPolicy\":\"https:\/\/talkpal.ai\/ethics-policy\/\",\"diversityPolicy\":\"https:\/\/talkpal.ai\/diversity-policy\/\",\"diversityStaffingReport\":\"https:\/\/talkpal.ai\/diversity-policy\/\"}]}<\/script>\n<!-- \/ Yoast SEO Premium plugin. -->","yoast_head_json":{"title":"Talkpal Halloween afsl\u00e1ttur - Talkpal","description":"Spara\u00f0u 79% \u00e1 Talkpal Premium \u00feessa Hrekkjav\u00f6ku og n\u00e1\u00f0u t\u00f6kum \u00e1 hva\u00f0a tungum\u00e1li sem er me\u00f0 h\u00e1\u00fer\u00f3a\u00f0ri gervigreindarkennara okkar.","robots":{"index":"index","follow":"follow","max-snippet":"max-snippet:-1","max-image-preview":"max-image-preview:large","max-video-preview":"max-video-preview:-1"},"canonical":"https:\/\/talkpal.ai\/is\/talkpal-halloween-afslattur\/","og_locale":"is_IS","og_type":"article","og_title":"Talkpal Halloween afsl\u00e1ttur","og_url":"https:\/\/talkpal.ai\/is\/talkpal-halloween-afslattur\/","og_site_name":"Talkpal","article_publisher":"https:\/\/www.facebook.com\/profile.php?id=100090733639311","article_modified_time":"2026-01-22T15:09:41+00:00","og_image":[{"width":2880,"height":1620,"url":"https:\/\/talkpal.ai\/wp-content\/uploads\/2025\/02\/Progress-tab-16_9.png","type":"image\/png"}],"twitter_card":"summary_large_image","twitter_site":"@talkpalai","schema":{"@context":"https:\/\/schema.org","@graph":[{"@type":"WebPage","@id":"https:\/\/talkpal.ai\/is\/talkpal-halloween-afslattur\/","url":"https:\/\/talkpal.ai\/is\/talkpal-halloween-afslattur\/","name":"Talkpal Halloween afsl\u00e1ttur - Talkpal","isPartOf":{"@id":"https:\/\/talkpal.ai\/is\/#website"},"datePublished":"2025-11-27T17:03:24+00:00","dateModified":"2026-01-22T15:09:41+00:00","description":"Spara\u00f0u 79% \u00e1 Talkpal Premium \u00feessa Hrekkjav\u00f6ku og n\u00e1\u00f0u t\u00f6kum \u00e1 hva\u00f0a tungum\u00e1li sem er me\u00f0 h\u00e1\u00fer\u00f3a\u00f0ri gervigreindarkennara okkar.","breadcrumb":{"@id":"https:\/\/talkpal.ai\/is\/talkpal-halloween-afslattur\/#breadcrumb"},"inLanguage":"is","potentialAction":[{"@type":"ReadAction","target":["https:\/\/talkpal.ai\/is\/talkpal-halloween-afslattur\/"]}]},{"@type":"BreadcrumbList","@id":"https:\/\/talkpal.ai\/is\/talkpal-halloween-afslattur\/#breadcrumb","itemListElement":[{"@type":"ListItem","position":1,"name":"Homepage","item":"https:\/\/talkpal.ai\/is\/"},{"@type":"ListItem","position":2,"name":"Talkpal Halloween afsl\u00e1ttur"}]},{"@type":"WebSite","@id":"https:\/\/talkpal.ai\/is\/#website","url":"https:\/\/talkpal.ai\/is\/","name":"Talkpal","description":"AI Language Learning","publisher":{"@id":"https:\/\/talkpal.ai\/is\/#organization"},"alternateName":"Talkpal AI","potentialAction":[{"@type":"SearchAction","target":{"@type":"EntryPoint","urlTemplate":"https:\/\/talkpal.ai\/is\/?s={search_term_string}"},"query-input":{"@type":"PropertyValueSpecification","valueRequired":true,"valueName":"search_term_string"}}],"inLanguage":"is"},{"@type":"Organization","@id":"https:\/\/talkpal.ai\/is\/#organization","name":"Talkpal, Inc.","alternateName":"Talkpal AI","url":"https:\/\/talkpal.ai\/is\/","logo":{"@type":"ImageObject","inLanguage":"is","@id":"https:\/\/talkpal.ai\/is\/#\/schema\/logo\/image\/","url":"https:\/\/talkpal.ai\/wp-content\/uploads\/2024\/03\/Talkpal-Logo-Icon.png","contentUrl":"https:\/\/talkpal.ai\/wp-content\/uploads\/2024\/03\/Talkpal-Logo-Icon.png","width":2880,"height":2880,"caption":"Talkpal, Inc."},"image":{"@id":"https:\/\/talkpal.ai\/is\/#\/schema\/logo\/image\/"},"sameAs":["https:\/\/www.facebook.com\/profile.php?id=100090733639311","https:\/\/x.com\/talkpalai","https:\/\/www.linkedin.com\/company\/talkpal\/","https:\/\/www.youtube.com\/@TalkPal\/","https:\/\/www.tiktok.com\/@talkpal","https:\/\/www.instagram.com\/talkpal_ai\/","https:\/\/www.crunchbase.com\/organization\/talkpal-9cde","https:\/\/www.g2.com\/products\/talkpal-for-business\/","https:\/\/www.trustpilot.com\/review\/talkpal.ai","https:\/\/www.capterra.com\/p\/10006800\/TalkPal\/"],"description":"Talkpal is a language learning web and mobile education app, powered by the latest AI technologies, that provides engaging experiences to its customers in many different languages to help them improve their language skills. Users can chat about unlimited amount of topics with the app and use other modes to practice their language learning.","email":"support@talkpal.ai","legalName":"Talkpal, Inc.","foundingDate":"2023-04-03","duns":"118989042","numberOfEmployees":{"@type":"QuantitativeValue","minValue":"11","maxValue":"50"},"publishingPrinciples":"https:\/\/talkpal.ai\/publishing-principles\/","actionableFeedbackPolicy":"https:\/\/talkpal.ai\/actionable-feedback-policy\/","correctionsPolicy":"https:\/\/talkpal.ai\/corrections-policy\/","ethicsPolicy":"https:\/\/talkpal.ai\/ethics-policy\/","diversityPolicy":"https:\/\/talkpal.ai\/diversity-policy\/","diversityStaffingReport":"https:\/\/talkpal.ai\/diversity-policy\/"}]}},"_links":{"self":[{"href":"https:\/\/talkpal.ai\/is\/wp-json\/wp\/v2\/pages\/1481506","targetHints":{"allow":["GET"]}}],"collection":[{"href":"https:\/\/talkpal.ai\/is\/wp-json\/wp\/v2\/pages"}],"about":[{"href":"https:\/\/talkpal.ai\/is\/wp-json\/wp\/v2\/types\/page"}],"author":[{"embeddable":true,"href":"https:\/\/talkpal.ai\/is\/wp-json\/wp\/v2\/users\/20"}],"replies":[{"embeddable":true,"href":"https:\/\/talkpal.ai\/is\/wp-json\/wp\/v2\/comments?post=1481506"}],"version-history":[{"count":0,"href":"https:\/\/talkpal.ai\/is\/wp-json\/wp\/v2\/pages\/1481506\/revisions"}],"wp:attachment":[{"href":"https:\/\/talkpal.ai\/is\/wp-json\/wp\/v2\/media?parent=1481506"}],"curies":[{"name":"wp","href":"https:\/\/api.w.org\/{rel}","templated":true}]}}