{"id":148121,"date":"2023-05-14T14:12:45","date_gmt":"2023-05-14T14:12:45","guid":{"rendered":"http:\/\/talkpal.ai\/nepolsk-malfraedi\/"},"modified":"2025-12-17T17:00:24","modified_gmt":"2025-12-17T17:00:24","slug":"nepolsk-malfraedi","status":"publish","type":"page","link":"https:\/\/talkpal.ai\/is\/nepolsk-malfraedi\/","title":{"rendered":"Nep\u00f6lsk m\u00e1lfr\u00e6\u00f0i"},"content":{"rendered":"\r\n\r\n\r\n<section class=\"languageChallengeSection\">\r\n    <div class=\"languageInfoWrapper\">\r\n        \r\n        <h1>Nep\u00f6lsk m\u00e1lfr\u00e6\u00f0i<\/h1>\r\n        <p>Forvitinn um nepalsku? Uppg\u00f6tva\u00f0u <a href=\"https:\/\/talkpal.ai\/learn-nepali\/\">nepalska<\/a> <a href=\"https:\/\/talkpal.ai\/grammar\/\">m\u00e1lfr\u00e6\u00f0i<\/a>, me\u00f0 kynju\u00f0um nafnor\u00f0um, brottf\u00f6rum og sveigjanlegri setningager\u00f0 sem gerir tungum\u00e1li\u00f0 b\u00e6\u00f0i tj\u00e1ningarfullt og gr\u00edpandi. Byrja\u00f0u a\u00f0 l\u00e6ra \u00ed dag \u2014 a\u00f0 n\u00e1 g\u00f3\u00f0um t\u00f6kum \u00e1 nepalskri m\u00e1lfr\u00e6\u00f0i mun opna fyrir innihaldsr\u00edkar samr\u00e6\u00f0ur og tengja \u00feig vi\u00f0 fj\u00f6lbreytta menningu og hef\u00f0ir Nepals!<\/p>\r\n\r\n                            <a class=\"getStartedHidden\" href=\"https:\/\/app.talkpal.ai\/signup?lng=\">Byrja\u00f0u<\/a>\r\n        \r\n    <\/div>\r\n\r\n    <figure>\r\n    <img decoding=\"async\" width=\"768\" height=\"768\" src=\"https:\/\/talkpal.ai\/wp-content\/uploads\/2023\/06\/nepali-768x768.png\" class=\"languageImage no-lazy\" alt=\"Practical language learning for real-life application\" fetchpriority=\"high\" sizes=\"(max-width: 768px) 150px, 768px\" srcset=\"https:\/\/talkpal.ai\/wp-content\/uploads\/2023\/06\/nepali-768x768.png 768w, https:\/\/talkpal.ai\/wp-content\/uploads\/2023\/06\/nepali-300x300.png 300w\" \/>\r\n    \r\n\r\n    <\/figure>\r\n\r\n            <a class=\"getStartedVisible\" href=\"https:\/\/app.talkpal.ai\/signup?lng=\">Byrja\u00f0u<\/a>\r\n    \r\n<\/section>\r\n<section class=\"promotionalBanner\">\r\n    <p class=\"promotionalText\">Skilvirkasta lei\u00f0in til a\u00f0 l\u00e6ra tungum\u00e1l<\/p>\r\n    <a class=\"promotionalLink\" href=\"https:\/\/app.talkpal.ai\/signup?lng=\">Pr\u00f3fa\u00f0u Talkpal \u00f3keypis<\/a>\r\n<\/section>\n<div class=\"wp-block-group pageContainerStyle\"><div class=\"wp-block-group__inner-container is-layout-constrained wp-block-group-is-layout-constrained\">\n<h2 class=\"wp-block-heading\" id=\"h-delving-into-the-richness-of-nepali-grammar-an-insightful-guide\">A\u00f0 kafa ofan \u00ed gl\u00e6sileika nepalskrar m\u00e1lfr\u00e6\u00f0i: inns\u00e6i lei\u00f0arv\u00edsir<\/h2>\n\n\n\n<p><a href=\"https:\/\/talkpal.ai\/learn-nepali\/\">Nepalska<\/a>, ind\u00f3ar\u00edskt tungum\u00e1l sem tala\u00f0 er af yfir 25 millj\u00f3num manna \u00ed Nepal og n\u00e1grannah\u00e9ru\u00f0unum, er yndislegt tungum\u00e1l sem s\u00fdnir menningarlegan au\u00f0 og tungum\u00e1lalegan fj\u00f6lbreytileika Su\u00f0ur-As\u00edu. Til a\u00f0 eiga skilvirk samskipti \u00e1 nepalsku og meta sannarlega fegur\u00f0 \u00feess ver\u00f0ur ma\u00f0ur a\u00f0 skilja m\u00e1lfr\u00e6\u00f0i \u00feess. \u00cd \u00feessari grein munum vi\u00f0 veita yfirlit yfir mikilv\u00e6ga \u00fe\u00e6tti nepalskrar m\u00e1lfr\u00e6\u00f0i og bj\u00f3\u00f0a upp \u00e1 hagn\u00fdt r\u00e1\u00f0 til a\u00f0 hj\u00e1lpa \u00fe\u00e9r a\u00f0 n\u00e1 t\u00f6kum \u00e1 \u00feessu heillandi tungum\u00e1li.<\/p>\n\n\n\n<h3 class=\"wp-block-heading\" id=\"h-key-aspects-of-nepali-grammar\">Lykilatri\u00f0i nepalskrar m\u00e1lfr\u00e6\u00f0i:<\/h3>\n\n\n\n<p>Nep\u00f6lsk m\u00e1lfr\u00e6\u00f0i kann \u00ed upphafi a\u00f0 vir\u00f0ast krefjandi, en me\u00f0 t\u00edma og \u00e6fingu getur\u00f0u n\u00e1\u00f0 t\u00f6kum \u00e1 henni. H\u00e9r eru nokkur grundvallaratri\u00f0i \u00ed nepalskri m\u00e1lfr\u00e6\u00f0i til a\u00f0 kynna \u00fe\u00e9r:<\/p>\n\n\n\n<p><strong>1. Nafnor\u00f0:<\/strong> Nep\u00f6lsk nafnor\u00f0 hafa ekki m\u00e1lfr\u00e6\u00f0ilegt kyn, sem au\u00f0veldar nemendum \u00fear sem engin \u00fe\u00f6rf er \u00e1 a\u00f0 leggja kyn hvers nafnor\u00f0s \u00e1 minni\u00f0. Hins vegar eru nafnor\u00f0 beyg\u00f0 fyrir t\u00f6lu (eint\u00f6lu og fleirt\u00f6lu) og falli (nafnor\u00f0, kyn, dative o.s.frv.).<\/p>\n\n\n\n<p><strong>2. Forn\u00f6fn: Pers\u00f3nuforn\u00f6fn<\/strong> \u00e1 nepalsku hafa \u00ferj\u00fa form: hugl\u00e6g, hlutl\u00e6g og eignarfallin. \u00deeir eru samm\u00e1la nafnor\u00f0inu sem \u00feeir v\u00edsa til hva\u00f0 var\u00f0ar fj\u00f6lda en ekki kyn. \u00dea\u00f0 eru l\u00edka mismunandi forn\u00f6fn og sagnabeygingarform bygg\u00f0 \u00e1 formsatri\u00f0um (kurteis, kunnugleg e\u00f0a n\u00e1in).<\/p>\n\n\n\n<p><strong>3. Sagnir:<\/strong> Nepalskar sagnir eru beyg\u00f0ar fyrir spenntur (n\u00fat\u00ed\u00f0, fort\u00ed\u00f0 og framt\u00ed\u00f0), skap (lei\u00f0beinandi, br\u00fdnt e\u00f0a vi\u00f0tengingarh\u00e1ttur) og \u00fe\u00e1ttur (samfelldur, fullkominn e\u00f0a einfaldur). \u00dea\u00f0 eru l\u00edka mismunandi s\u00f6gn samtengingarmynstur eftir \u00fev\u00ed hversu formlega vi\u00f0fangsefni\u00f0 er.<\/p>\n\n\n\n<p><strong>4. L\u00fdsingaror\u00f0 og atviksor\u00f0: L\u00fdsingaror\u00f0<\/strong> \u00e1 nepalsku fylgja venjulega nafnor\u00f0inu sem \u00feeir breyta og koma s\u00e9r saman um \u00ed t\u00f6lu og falli. Atviksor\u00f0 er h\u00e6gt a\u00f0 nota til a\u00f0 veita frekari uppl\u00fdsingar og breyta almennt ekki formi \u00feeirra.<\/p>\n\n\n\n<p>5. Setningager\u00f0: D\u00e6miger\u00f0 nep\u00f6lsk <strong>setningager\u00f0<\/strong> fylgir <a href=\"https:\/\/talkpal.ai\/culture\/how-do-you-structure-a-sentence-using-subject-object-verb-order-in-uzbek\/\">Subject-Object-Verb<\/a> (SOV) r\u00f6\u00f0inni. Hins vegar getur or\u00f0ar\u00f6\u00f0 veri\u00f0 sveigjanleg, allt eftir \u00e1herslum og samhengi.<\/p>\n\n\n\n<h3 class=\"wp-block-heading\" id=\"h-tips-for-learning-nepali-grammar\">R\u00e1\u00f0 til a\u00f0 l\u00e6ra nepalska m\u00e1lfr\u00e6\u00f0i:<\/h3>\n\n\n\n<p>H\u00e9r eru nokkrar \u00e1hrifar\u00edkar a\u00f0fer\u00f0ir til a\u00f0 <a href=\"https:\/\/talkpal.ai\/locations\/language-courses-in-gera\/\">gera<\/a> nepalska m\u00e1lfr\u00e6\u00f0in\u00e1msfer\u00f0ina \u00fe\u00edna sl\u00e9ttari:<\/p>\n\n\n\n<p><strong>1. Byrja\u00f0u \u00e1 grunnatri\u00f0unum:<\/strong> Einbeittu \u00fe\u00e9r a\u00f0 \u00fev\u00ed a\u00f0 l\u00e6ra grundvallaratri\u00f0i nepalskrar m\u00e1lfr\u00e6\u00f0i, svo sem nafnor\u00f0, forn\u00f6fn og sagnbeygingu. Eftir \u00fev\u00ed sem skilningur \u00feinn eykst skaltu sm\u00e1m saman fella fl\u00f3knari mannvirki og reglur.<\/p>\n\n\n\n<p><strong>2. \u00c6f\u00f0u reglulega:<\/strong> Samkv\u00e6mni er mikilv\u00e6g \u00feegar \u00fe\u00fa l\u00e6rir n\u00fdtt tungum\u00e1l. \u00dathluta\u00f0u \u00e1kve\u00f0num t\u00edmum \u00e1 hverjum degi e\u00f0a viku til a\u00f0 \u00e6fa <a href=\"https:\/\/talkpal.ai\/is\/usbekiskar-malfraediaefingar\/\">m\u00e1lfr\u00e6\u00f0i\u00e6fingar<\/a>, lestur og ritun \u00e1 nepalsku.<\/p>\n\n\n\n<p><strong>3. Nota\u00f0u innf\u00e6dd \u00farr\u00e6\u00f0i:<\/strong> S\u00f6kkva \u00fe\u00e9r ni\u00f0ur \u00ed ekta nepalskt efni, svo sem b\u00f3kmenntir, fr\u00e9ttagreinar og <a href=\"https:\/\/talkpal.ai\/talkpal-podcast\/\">podcast<\/a>. \u00deetta mun ekki a\u00f0eins hj\u00e1lpa \u00fe\u00e9r a\u00f0 skilja <a href=\"https:\/\/talkpal.ai\/nepali-grammar\/\">nepalska m\u00e1lfr\u00e6\u00f0i<\/a> \u00ed samhengi heldur einnig b\u00e6ta heildar tungum\u00e1lakunn\u00e1ttu \u00fe\u00edna.<\/p>\n\n\n\n<p><strong>4. Tengstu m\u00f3\u00f0urm\u00e1li:<\/strong> A\u00f0 taka \u00fe\u00e1tt \u00ed samt\u00f6lum vi\u00f0 nepalska a\u00f0 m\u00f3\u00f0urm\u00e1li gerir \u00fe\u00e9r kleift a\u00f0 \u00e6fa m\u00e1lfr\u00e6\u00f0i \u00ed raunverulegum a\u00f0st\u00e6\u00f0um og f\u00e1 d\u00fdrm\u00e6t vi\u00f0br\u00f6g\u00f0. \u00cdhuga\u00f0u a\u00f0 ganga \u00ed tungum\u00e1laskiptah\u00f3pa e\u00f0a spjallbor\u00f0 \u00e1 netinu til a\u00f0 tengjast nepalskum\u00e6landi einstaklingum.<\/p>\n\n\n\n<p><strong>5. Vertu \u00feolinm\u00f3\u00f0ur og \u00ferautseigur:<\/strong> Mundu a\u00f0 \u00fea\u00f0 tekur t\u00edma, \u00ferautseigju og \u00feolinm\u00e6\u00f0i a\u00f0 l\u00e6ra n\u00fdtt tungum\u00e1l. Taktu \u00e1skorunum opnum \u00f6rmum og fagna\u00f0u framf\u00f6rum \u00fe\u00ednum \u00e1 lei\u00f0inni.<\/p>\n\n\n\n<h3 class=\"wp-block-heading\" id=\"h-conclusion\">\u00c1lyktun:<\/h3>\n\n\n\n<p>Nep\u00f6lsk m\u00e1lfr\u00e6\u00f0i, me\u00f0 s\u00edn einst\u00f6ku einkenni og tengsl vi\u00f0 ind\u00f3ar\u00edsku tungum\u00e1lafj\u00f6lskylduna, b\u00fd\u00f0ur upp \u00e1 heillandi tungum\u00e1lafer\u00f0. Me\u00f0 \u00fev\u00ed a\u00f0 skilja lykil\u00fe\u00e6tti \u00feess og fylgja hagn\u00fdtum r\u00e1\u00f0um okkar, muntu grei\u00f0a lei\u00f0 \u00ed \u00e1tt a\u00f0 tungum\u00e1lakunn\u00e1ttu og \u00f6\u00f0last d\u00fdpri skilning \u00e1 nepalsku. Svo, h\u00e6ttuspil fram me\u00f0 \u00e1huga og forvitni, og fa\u00f0ma tungum\u00e1la fj\u00e1rsj\u00f3\u00f0i Nepal!<\/p>\n<\/div><\/div>\n\r\n<section class=\"learnNavigationSection\">\r\n            \r\n        <a href=\"https:\/\/talkpal.ai\/is\/laerdu-nepalska\/\">\r\n            <div class=\"learnNavigationWrapper\">\r\n                <div class=\"learnNavigationContent\">\r\n                    <img decoding=\"async\" src=\"https:\/\/talkpal.ai\/wp-content\/uploads\/2024\/08\/Nepali.jpg\" alt=\"Nepali Flag\">\r\n                    <div>\r\n                        <h4>Um nepalska n\u00e1m<\/h4>\r\n                        <p>Finndu \u00fat allt um nepalska m\u00e1lfr\u00e6\u00f0i.<\/p>\r\n                    <\/div>\r\n                <\/div>\r\n            <\/div>\r\n        <\/a>\r\n\r\n        \r\n        <a href=\"https:\/\/talkpal.ai\/is\/nepalska-malfraedi-aefingar\/\">\r\n            <div class=\"learnNavigationWrapper\">\r\n                <div class=\"learnNavigationContent\">\r\n                    <img decoding=\"async\" src=\"https:\/\/talkpal.ai\/wp-content\/uploads\/2024\/08\/Nepali.jpg\" alt=\"Nepali Flag\">\r\n                    <div>\r\n                        <h4>Nepalska m\u00e1lfr\u00e6\u00f0i\u00e6fing<\/h4>\r\n                        <p>\u00c6f\u00f0u nepalska m\u00e1lfr\u00e6\u00f0i.<\/p>\r\n                    <\/div>\r\n                <\/div>\r\n            <\/div>\r\n        <\/a>\r\n\r\n        \r\n        <a href=\"https:\/\/talkpal.ai\/vocabulary_language\/nepali\/\">\r\n            <div class=\"learnNavigationWrapper\">\r\n                <div class=\"learnNavigationContent\">\r\n                    <img decoding=\"async\" src=\"https:\/\/talkpal.ai\/wp-content\/uploads\/2024\/08\/Nepali.jpg\" alt=\"Nepali Flag\">\r\n                    <div>\r\n                        <h4>nepalskur or\u00f0afor\u00f0i<\/h4>\r\n                        <p>St\u00e6kka\u00f0u nepalska or\u00f0afor\u00f0a \u00feinn.<\/p>\r\n                    <\/div>\r\n                <\/div>\r\n            <\/div>\r\n        <\/a>\r\n\r\n            <\/section>","protected":false},"excerpt":{"rendered":"<p>A\u00f0 kafa ofan \u00ed gl\u00e6sileika nepalskrar m\u00e1lfr\u00e6\u00f0i: inns\u00e6i lei\u00f0arv\u00edsir Nepalska, ind\u00f3ar\u00edskt tungum\u00e1l sem tala\u00f0 er af yfir 25 millj\u00f3num manna \u00ed Nepal og n\u00e1grannah\u00e9ru\u00f0unum, er yndislegt tungum\u00e1l sem s\u00fdnir menningarlegan au\u00f0 og tungum\u00e1lalegan fj\u00f6lbreytileika Su\u00f0ur-As\u00edu. Til a\u00f0 eiga skilvirk samskipti \u00e1 nepalsku og meta sannarlega fegur\u00f0 \u00feess ver\u00f0ur ma\u00f0ur a\u00f0 skilja m\u00e1lfr\u00e6\u00f0i \u00feess. \u00cd \u00feessari [&hellip;]<\/p>\n","protected":false},"author":1,"featured_media":116219,"parent":0,"menu_order":0,"comment_status":"closed","ping_status":"closed","template":"LearningContentPage.php","meta":{"_acf_changed":false,"footnotes":""},"class_list":["post-148121","page","type-page","status-publish","has-post-thumbnail","hentry"],"acf":[],"yoast_head":"<!-- This site is optimized with the Yoast SEO Premium plugin v27.2 (Yoast SEO v27.2) - https:\/\/yoast.com\/product\/yoast-seo-premium-wordpress\/ -->\n<title>Nep\u00f6lsk m\u00e1lfr\u00e6\u00f0i - Talkpal<\/title>\n<meta name=\"description\" content=\"Kanna\u00f0u nepalska m\u00e1lfr\u00e6\u00f0i og auktu skilning \u00feinn \u00e1 tungum\u00e1linu me\u00f0 sk\u00fdrum og hnitmi\u00f0u\u00f0um \u00fatsk\u00fdringum.\" \/>\n<meta name=\"robots\" content=\"index, follow, max-snippet:-1, max-image-preview:large, max-video-preview:-1\" \/>\n<link rel=\"canonical\" href=\"https:\/\/talkpal.ai\/is\/nepolsk-malfraedi\/\" \/>\n<meta property=\"og:locale\" content=\"is_IS\" \/>\n<meta property=\"og:type\" content=\"article\" \/>\n<meta property=\"og:title\" content=\"Nep\u00f6lsk m\u00e1lfr\u00e6\u00f0i\" \/>\n<meta property=\"og:description\" content=\"A\u00f0 kafa ofan \u00ed gl\u00e6sileika nepalskrar m\u00e1lfr\u00e6\u00f0i: inns\u00e6i lei\u00f0arv\u00edsir Nepalska, ind\u00f3ar\u00edskt tungum\u00e1l sem tala\u00f0 er af yfir 25 millj\u00f3num manna \u00ed Nepal og\" \/>\n<meta property=\"og:url\" content=\"https:\/\/talkpal.ai\/is\/nepolsk-malfraedi\/\" \/>\n<meta property=\"og:site_name\" content=\"Talkpal\" \/>\n<meta property=\"article:publisher\" content=\"https:\/\/www.facebook.com\/profile.php?id=100090733639311\" \/>\n<meta property=\"article:modified_time\" content=\"2025-12-17T17:00:24+00:00\" \/>\n<meta property=\"og:image\" content=\"https:\/\/talkpal.ai\/wp-content\/uploads\/2023\/05\/nepal.png\" \/>\n\t<meta property=\"og:image:width\" content=\"512\" \/>\n\t<meta property=\"og:image:height\" content=\"512\" \/>\n\t<meta property=\"og:image:type\" content=\"image\/png\" \/>\n<meta name=\"twitter:card\" content=\"summary_large_image\" \/>\n<meta name=\"twitter:site\" content=\"@talkpalai\" \/>\n<meta name=\"twitter:label1\" content=\"Est. reading time\" \/>\n\t<meta name=\"twitter:data1\" content=\"3 minutes\" \/>\n<script type=\"application\/ld+json\" class=\"yoast-schema-graph\">{\"@context\":\"https:\/\/schema.org\",\"@graph\":[{\"@type\":\"WebPage\",\"@id\":\"https:\/\/talkpal.ai\/is\/nepolsk-malfraedi\/\",\"url\":\"https:\/\/talkpal.ai\/is\/nepolsk-malfraedi\/\",\"name\":\"Nep\u00f6lsk m\u00e1lfr\u00e6\u00f0i - Talkpal\",\"isPartOf\":{\"@id\":\"https:\/\/talkpal.ai\/is\/#website\"},\"primaryImageOfPage\":{\"@id\":\"https:\/\/talkpal.ai\/is\/nepolsk-malfraedi\/#primaryimage\"},\"image\":{\"@id\":\"https:\/\/talkpal.ai\/is\/nepolsk-malfraedi\/#primaryimage\"},\"thumbnailUrl\":\"https:\/\/talkpal.ai\/wp-content\/uploads\/2023\/05\/nepal.png\",\"datePublished\":\"2023-05-14T14:12:45+00:00\",\"dateModified\":\"2025-12-17T17:00:24+00:00\",\"description\":\"Kanna\u00f0u nepalska m\u00e1lfr\u00e6\u00f0i og auktu skilning \u00feinn \u00e1 tungum\u00e1linu me\u00f0 sk\u00fdrum og hnitmi\u00f0u\u00f0um \u00fatsk\u00fdringum.\",\"breadcrumb\":{\"@id\":\"https:\/\/talkpal.ai\/is\/nepolsk-malfraedi\/#breadcrumb\"},\"inLanguage\":\"is\",\"potentialAction\":[{\"@type\":\"ReadAction\",\"target\":[\"https:\/\/talkpal.ai\/is\/nepolsk-malfraedi\/\"]}]},{\"@type\":\"ImageObject\",\"inLanguage\":\"is\",\"@id\":\"https:\/\/talkpal.ai\/is\/nepolsk-malfraedi\/#primaryimage\",\"url\":\"https:\/\/talkpal.ai\/wp-content\/uploads\/2023\/05\/nepal.png\",\"contentUrl\":\"https:\/\/talkpal.ai\/wp-content\/uploads\/2023\/05\/nepal.png\",\"width\":512,\"height\":512},{\"@type\":\"BreadcrumbList\",\"@id\":\"https:\/\/talkpal.ai\/is\/nepolsk-malfraedi\/#breadcrumb\",\"itemListElement\":[{\"@type\":\"ListItem\",\"position\":1,\"name\":\"Homepage\",\"item\":\"https:\/\/talkpal.ai\/is\/\"},{\"@type\":\"ListItem\",\"position\":2,\"name\":\"Nep\u00f6lsk m\u00e1lfr\u00e6\u00f0i\"}]},{\"@type\":\"WebSite\",\"@id\":\"https:\/\/talkpal.ai\/is\/#website\",\"url\":\"https:\/\/talkpal.ai\/is\/\",\"name\":\"Talkpal\",\"description\":\"AI Language Learning\",\"publisher\":{\"@id\":\"https:\/\/talkpal.ai\/is\/#organization\"},\"alternateName\":\"Talkpal AI\",\"potentialAction\":[{\"@type\":\"SearchAction\",\"target\":{\"@type\":\"EntryPoint\",\"urlTemplate\":\"https:\/\/talkpal.ai\/is\/?s={search_term_string}\"},\"query-input\":{\"@type\":\"PropertyValueSpecification\",\"valueRequired\":true,\"valueName\":\"search_term_string\"}}],\"inLanguage\":\"is\"},{\"@type\":\"Organization\",\"@id\":\"https:\/\/talkpal.ai\/is\/#organization\",\"name\":\"Talkpal, Inc.\",\"alternateName\":\"Talkpal AI\",\"url\":\"https:\/\/talkpal.ai\/is\/\",\"logo\":{\"@type\":\"ImageObject\",\"inLanguage\":\"is\",\"@id\":\"https:\/\/talkpal.ai\/is\/#\/schema\/logo\/image\/\",\"url\":\"https:\/\/talkpal.ai\/wp-content\/uploads\/2024\/03\/Talkpal-Logo-Icon.png\",\"contentUrl\":\"https:\/\/talkpal.ai\/wp-content\/uploads\/2024\/03\/Talkpal-Logo-Icon.png\",\"width\":2880,\"height\":2880,\"caption\":\"Talkpal, Inc.\"},\"image\":{\"@id\":\"https:\/\/talkpal.ai\/is\/#\/schema\/logo\/image\/\"},\"sameAs\":[\"https:\/\/www.facebook.com\/profile.php?id=100090733639311\",\"https:\/\/x.com\/talkpalai\",\"https:\/\/www.linkedin.com\/company\/talkpal\/\",\"https:\/\/www.youtube.com\/@TalkPal\/\",\"https:\/\/www.tiktok.com\/@talkpal\",\"https:\/\/www.instagram.com\/talkpal_ai\/\",\"https:\/\/www.crunchbase.com\/organization\/talkpal-9cde\",\"https:\/\/www.g2.com\/products\/talkpal-for-business\/\",\"https:\/\/www.trustpilot.com\/review\/talkpal.ai\",\"https:\/\/www.capterra.com\/p\/10006800\/TalkPal\/\"],\"description\":\"Talkpal is a language learning web and mobile education app, powered by the latest AI technologies, that provides engaging experiences to its customers in many different languages to help them improve their language skills. Users can chat about unlimited amount of topics with the app and use other modes to practice their language learning.\",\"email\":\"support@talkpal.ai\",\"legalName\":\"Talkpal, Inc.\",\"foundingDate\":\"2023-04-03\",\"duns\":\"118989042\",\"numberOfEmployees\":{\"@type\":\"QuantitativeValue\",\"minValue\":\"11\",\"maxValue\":\"50\"},\"publishingPrinciples\":\"https:\/\/talkpal.ai\/publishing-principles\/\",\"actionableFeedbackPolicy\":\"https:\/\/talkpal.ai\/actionable-feedback-policy\/\",\"correctionsPolicy\":\"https:\/\/talkpal.ai\/corrections-policy\/\",\"ethicsPolicy\":\"https:\/\/talkpal.ai\/ethics-policy\/\",\"diversityPolicy\":\"https:\/\/talkpal.ai\/diversity-policy\/\",\"diversityStaffingReport\":\"https:\/\/talkpal.ai\/diversity-policy\/\"}]}<\/script>\n<!-- \/ Yoast SEO Premium plugin. -->","yoast_head_json":{"title":"Nep\u00f6lsk m\u00e1lfr\u00e6\u00f0i - Talkpal","description":"Kanna\u00f0u nepalska m\u00e1lfr\u00e6\u00f0i og auktu skilning \u00feinn \u00e1 tungum\u00e1linu me\u00f0 sk\u00fdrum og hnitmi\u00f0u\u00f0um \u00fatsk\u00fdringum.","robots":{"index":"index","follow":"follow","max-snippet":"max-snippet:-1","max-image-preview":"max-image-preview:large","max-video-preview":"max-video-preview:-1"},"canonical":"https:\/\/talkpal.ai\/is\/nepolsk-malfraedi\/","og_locale":"is_IS","og_type":"article","og_title":"Nep\u00f6lsk m\u00e1lfr\u00e6\u00f0i","og_description":"A\u00f0 kafa ofan \u00ed gl\u00e6sileika nepalskrar m\u00e1lfr\u00e6\u00f0i: inns\u00e6i lei\u00f0arv\u00edsir Nepalska, ind\u00f3ar\u00edskt tungum\u00e1l sem tala\u00f0 er af yfir 25 millj\u00f3num manna \u00ed Nepal og","og_url":"https:\/\/talkpal.ai\/is\/nepolsk-malfraedi\/","og_site_name":"Talkpal","article_publisher":"https:\/\/www.facebook.com\/profile.php?id=100090733639311","article_modified_time":"2025-12-17T17:00:24+00:00","og_image":[{"width":512,"height":512,"url":"https:\/\/talkpal.ai\/wp-content\/uploads\/2023\/05\/nepal.png","type":"image\/png"}],"twitter_card":"summary_large_image","twitter_site":"@talkpalai","twitter_misc":{"Est. reading time":"3 minutes"},"schema":{"@context":"https:\/\/schema.org","@graph":[{"@type":"WebPage","@id":"https:\/\/talkpal.ai\/is\/nepolsk-malfraedi\/","url":"https:\/\/talkpal.ai\/is\/nepolsk-malfraedi\/","name":"Nep\u00f6lsk m\u00e1lfr\u00e6\u00f0i - Talkpal","isPartOf":{"@id":"https:\/\/talkpal.ai\/is\/#website"},"primaryImageOfPage":{"@id":"https:\/\/talkpal.ai\/is\/nepolsk-malfraedi\/#primaryimage"},"image":{"@id":"https:\/\/talkpal.ai\/is\/nepolsk-malfraedi\/#primaryimage"},"thumbnailUrl":"https:\/\/talkpal.ai\/wp-content\/uploads\/2023\/05\/nepal.png","datePublished":"2023-05-14T14:12:45+00:00","dateModified":"2025-12-17T17:00:24+00:00","description":"Kanna\u00f0u nepalska m\u00e1lfr\u00e6\u00f0i og auktu skilning \u00feinn \u00e1 tungum\u00e1linu me\u00f0 sk\u00fdrum og hnitmi\u00f0u\u00f0um \u00fatsk\u00fdringum.","breadcrumb":{"@id":"https:\/\/talkpal.ai\/is\/nepolsk-malfraedi\/#breadcrumb"},"inLanguage":"is","potentialAction":[{"@type":"ReadAction","target":["https:\/\/talkpal.ai\/is\/nepolsk-malfraedi\/"]}]},{"@type":"ImageObject","inLanguage":"is","@id":"https:\/\/talkpal.ai\/is\/nepolsk-malfraedi\/#primaryimage","url":"https:\/\/talkpal.ai\/wp-content\/uploads\/2023\/05\/nepal.png","contentUrl":"https:\/\/talkpal.ai\/wp-content\/uploads\/2023\/05\/nepal.png","width":512,"height":512},{"@type":"BreadcrumbList","@id":"https:\/\/talkpal.ai\/is\/nepolsk-malfraedi\/#breadcrumb","itemListElement":[{"@type":"ListItem","position":1,"name":"Homepage","item":"https:\/\/talkpal.ai\/is\/"},{"@type":"ListItem","position":2,"name":"Nep\u00f6lsk m\u00e1lfr\u00e6\u00f0i"}]},{"@type":"WebSite","@id":"https:\/\/talkpal.ai\/is\/#website","url":"https:\/\/talkpal.ai\/is\/","name":"Talkpal","description":"AI Language Learning","publisher":{"@id":"https:\/\/talkpal.ai\/is\/#organization"},"alternateName":"Talkpal AI","potentialAction":[{"@type":"SearchAction","target":{"@type":"EntryPoint","urlTemplate":"https:\/\/talkpal.ai\/is\/?s={search_term_string}"},"query-input":{"@type":"PropertyValueSpecification","valueRequired":true,"valueName":"search_term_string"}}],"inLanguage":"is"},{"@type":"Organization","@id":"https:\/\/talkpal.ai\/is\/#organization","name":"Talkpal, Inc.","alternateName":"Talkpal AI","url":"https:\/\/talkpal.ai\/is\/","logo":{"@type":"ImageObject","inLanguage":"is","@id":"https:\/\/talkpal.ai\/is\/#\/schema\/logo\/image\/","url":"https:\/\/talkpal.ai\/wp-content\/uploads\/2024\/03\/Talkpal-Logo-Icon.png","contentUrl":"https:\/\/talkpal.ai\/wp-content\/uploads\/2024\/03\/Talkpal-Logo-Icon.png","width":2880,"height":2880,"caption":"Talkpal, Inc."},"image":{"@id":"https:\/\/talkpal.ai\/is\/#\/schema\/logo\/image\/"},"sameAs":["https:\/\/www.facebook.com\/profile.php?id=100090733639311","https:\/\/x.com\/talkpalai","https:\/\/www.linkedin.com\/company\/talkpal\/","https:\/\/www.youtube.com\/@TalkPal\/","https:\/\/www.tiktok.com\/@talkpal","https:\/\/www.instagram.com\/talkpal_ai\/","https:\/\/www.crunchbase.com\/organization\/talkpal-9cde","https:\/\/www.g2.com\/products\/talkpal-for-business\/","https:\/\/www.trustpilot.com\/review\/talkpal.ai","https:\/\/www.capterra.com\/p\/10006800\/TalkPal\/"],"description":"Talkpal is a language learning web and mobile education app, powered by the latest AI technologies, that provides engaging experiences to its customers in many different languages to help them improve their language skills. Users can chat about unlimited amount of topics with the app and use other modes to practice their language learning.","email":"support@talkpal.ai","legalName":"Talkpal, Inc.","foundingDate":"2023-04-03","duns":"118989042","numberOfEmployees":{"@type":"QuantitativeValue","minValue":"11","maxValue":"50"},"publishingPrinciples":"https:\/\/talkpal.ai\/publishing-principles\/","actionableFeedbackPolicy":"https:\/\/talkpal.ai\/actionable-feedback-policy\/","correctionsPolicy":"https:\/\/talkpal.ai\/corrections-policy\/","ethicsPolicy":"https:\/\/talkpal.ai\/ethics-policy\/","diversityPolicy":"https:\/\/talkpal.ai\/diversity-policy\/","diversityStaffingReport":"https:\/\/talkpal.ai\/diversity-policy\/"}]}},"_links":{"self":[{"href":"https:\/\/talkpal.ai\/is\/wp-json\/wp\/v2\/pages\/148121","targetHints":{"allow":["GET"]}}],"collection":[{"href":"https:\/\/talkpal.ai\/is\/wp-json\/wp\/v2\/pages"}],"about":[{"href":"https:\/\/talkpal.ai\/is\/wp-json\/wp\/v2\/types\/page"}],"author":[{"embeddable":true,"href":"https:\/\/talkpal.ai\/is\/wp-json\/wp\/v2\/users\/1"}],"replies":[{"embeddable":true,"href":"https:\/\/talkpal.ai\/is\/wp-json\/wp\/v2\/comments?post=148121"}],"version-history":[{"count":0,"href":"https:\/\/talkpal.ai\/is\/wp-json\/wp\/v2\/pages\/148121\/revisions"}],"wp:featuredmedia":[{"embeddable":true,"href":"https:\/\/talkpal.ai\/is\/wp-json\/wp\/v2\/media\/116219"}],"wp:attachment":[{"href":"https:\/\/talkpal.ai\/is\/wp-json\/wp\/v2\/media?parent=148121"}],"curies":[{"name":"wp","href":"https:\/\/api.w.org\/{rel}","templated":true}]}}