{"id":147929,"date":"2023-05-14T14:12:25","date_gmt":"2023-05-14T14:12:25","guid":{"rendered":"http:\/\/talkpal.ai\/maori-malfraedi\/"},"modified":"2025-12-17T16:44:29","modified_gmt":"2025-12-17T16:44:29","slug":"maori-malfraedi","status":"publish","type":"page","link":"https:\/\/talkpal.ai\/is\/maori-malfraedi\/","title":{"rendered":"Maori m\u00e1lfr\u00e6\u00f0i"},"content":{"rendered":"\r\n\r\n\r\n<section class=\"languageChallengeSection\">\r\n    <div class=\"languageInfoWrapper\">\r\n        \r\n        <h1>Maori m\u00e1lfr\u00e6\u00f0i<\/h1>\r\n        <p>Langar \u00feig a\u00f0 l\u00e6ra M\u0101ori? Kynntu \u00fe\u00e9r ma\u00f3r\u00edska <a href=\"https:\/\/talkpal.ai\/grammar\/\">m\u00e1lfr\u00e6\u00f0i<\/a>, sem er \u00feekkt fyrir einfaldleika sinn, notkun greinar og mikilv\u00e6gt hlutverk agna \u00ed a\u00f0 m\u00f3ta merkingu. Byrja\u00f0u \u00ed dag \u2014 a\u00f0 n\u00e1 g\u00f3\u00f0um t\u00f6kum \u00e1 m\u00e1lfr\u00e6\u00f0i ma\u00f3r\u00ed mun hj\u00e1lpa \u00fe\u00e9r a\u00f0 tengjast d\u00fdpri arfleif\u00f0 tungum\u00e1lsins og l\u00edflegri menningu Aotearoa \u00e1 N\u00fdja-Sj\u00e1landi!<\/p>\r\n\r\n                            <a class=\"getStartedHidden\" href=\"https:\/\/app.talkpal.ai\/signup?lng=\">Byrja\u00f0u<\/a>\r\n        \r\n    <\/div>\r\n\r\n    <figure>\r\n    <img decoding=\"async\" width=\"768\" height=\"768\" src=\"https:\/\/talkpal.ai\/wp-content\/uploads\/2023\/06\/maori-768x768.png\" class=\"languageImage no-lazy\" alt=\"Language learning for social and professional settings\" fetchpriority=\"high\" sizes=\"(max-width: 768px) 150px, 768px\" srcset=\"https:\/\/talkpal.ai\/wp-content\/uploads\/2023\/06\/maori-768x768.png 768w, https:\/\/talkpal.ai\/wp-content\/uploads\/2023\/06\/maori-300x300.png 300w\" \/>\r\n    \r\n\r\n    <\/figure>\r\n\r\n            <a class=\"getStartedVisible\" href=\"https:\/\/app.talkpal.ai\/signup?lng=\">Byrja\u00f0u<\/a>\r\n    \r\n<\/section>\r\n<section class=\"promotionalBanner\">\r\n    <p class=\"promotionalText\">Skilvirkasta lei\u00f0in til a\u00f0 l\u00e6ra tungum\u00e1l<\/p>\r\n    <a class=\"promotionalLink\" href=\"https:\/\/app.talkpal.ai\/signup?lng=\">Pr\u00f3fa\u00f0u Talkpal \u00f3keypis<\/a>\r\n<\/section>\n<div class=\"wp-block-group pageContainerStyle\"><div class=\"wp-block-group__inner-container is-layout-constrained wp-block-group-is-layout-constrained\">\n<h2 class=\"wp-block-heading\" id=\"h-maori-grammar-your-ticket-to-a-vibrant-bicultural-world\">Maori Grammar: Mi\u00f0inn \u00feinn \u00ed lifandi tv\u00edmenningarlegan heim<\/h2>\n\n\n\n<p><a href=\"https:\/\/talkpal.ai\/culture\/how-do-you-say-lets-go-in-maori\/\">Kia Ora<\/a>! Velkomin \u00ed undraheim <a href=\"https:\/\/talkpal.ai\/learn-maori\/\">maori<\/a> tungum\u00e1lsins. Sem frumbyggjam\u00e1l N\u00fdja Sj\u00e1lands, <a href=\"https:\/\/talkpal.ai\/learn-maori\/\">Maori<\/a> e\u00f0a te reo Maori b\u00fd\u00f0ur \u00fe\u00e9r einstakt t\u00e6kif\u00e6ri til a\u00f0 tengjast fornri menningu og l\u00edflegu samf\u00e9lagi r\u00e6\u00f0umanna. Eins og <a href=\"https:\/\/talkpal.ai\/languages\/\">\u00f6ll tungum\u00e1l<\/a> getur Maori m\u00e1lfr\u00e6\u00f0i virst krefjandi, en ekki hafa \u00e1hyggjur! \u00deessi byrjendav\u00e6na handb\u00f3k mun einfalda kjarna\u00fe\u00e6tti Maori m\u00e1lfr\u00e6\u00f0i fyrir sj\u00f3nr\u00e6nt gr\u00edpandi og fr\u00e6\u00f0andi fer\u00f0.<\/p>\n\n\n\n<h3 class=\"wp-block-heading\" id=\"h-1-starting-with-the-basics-maori-alphabet-and-pronunciation\">1. Byrjar \u00e1 grunnatri\u00f0um: Maori stafr\u00f3fi\u00f0 og frambur\u00f0ur<\/h3>\n\n\n\n<p>Maori notar breytt latneskt letur sem samanstendur af a\u00f0eins 15 b\u00f3kst\u00f6fum: fimm s\u00e9rhlj\u00f3\u00f0um (a, e, i, o og u) og t\u00edu samhlj\u00f3\u00f0um (h, k, m, n, p, r, t, w, ng og wh). Kynntu \u00fe\u00e9r \u00feessa stafi og mismunandi frambur\u00f0 \u00feeirra, \u00fear sem \u00feeir leggja grunninn a\u00f0 \u00f6llu s\u00ed\u00f0ari Maori m\u00e1lfr\u00e6\u00f0in\u00e1mi.<\/p>\n\n\n\n<h3 class=\"wp-block-heading\" id=\"h-2-exploring-maori-sentence-structure\">2. A\u00f0 kanna setningaskipan Maori<\/h3>\n\n\n\n<p>\u00cd kjarna s\u00ednum fylgir Maori m\u00e1lfr\u00e6\u00f0i einfaldri efniss\u00f6gn (-hlut) uppbyggingu, \u00fear sem s\u00f6gnin er venjulega \u00e1 undan vi\u00f0fangsefninu. Sk\u00fdrasta lei\u00f0in til a\u00f0 skilja \u00feessa uppbyggingu er a\u00f0 sj\u00e1 hana \u00ed verki:<\/p>\n\n\n\n<p><strong>Enska: Barni\u00f0 er a\u00f0 leika s\u00e9r.<\/strong><\/p>\n\n\n\n<p><strong>Maori: Kei te t\u0101karo te tamaiti.<\/strong><\/p>\n\n\n\n<p>\u00cd Maori er t\u00ed\u00f0 s\u00f6gnarinnar gefin til kynna me\u00f0 samsetningu agna e\u00f0a me\u00f0 \u00fev\u00ed a\u00f0 b\u00e6ta t\u00edmav\u00edsi vi\u00f0 setninguna.<\/p>\n\n\n\n<h3 class=\"wp-block-heading\" id=\"h-3-demystifying-particles-building-blocks-of-maori-grammar\">3. Afm\u00fdkjandi agnir: Byggingareiningar Maori m\u00e1lfr\u00e6\u00f0i<\/h3>\n\n\n\n<p>Eindir gegna mikilv\u00e6gu hlutverki \u00ed Maori m\u00e1lfr\u00e6\u00f0i, tengja or\u00f0 og or\u00f0asamb\u00f6nd saman til a\u00f0 b\u00faa til samfelldar og svipmiklar setningar. Sem byrjandi skaltu einbeita \u00fe\u00e9r a\u00f0 \u00fev\u00ed a\u00f0 skilja nokkrar nau\u00f0synlegar agnir:<\/p>\n\n\n\n<p><strong>\u2013 Kia: nota\u00f0 fyrir skipanir, \u00f3skir og til a\u00f0 gefa til kynna tilgang a\u00f0ger\u00f0a.<\/strong><\/p>\n\n\n\n<p><strong>\u2013 Kei: nota\u00f0 til a\u00f0 mynda samfellda t\u00ed\u00f0.<\/strong><\/p>\n\n\n\n<p><strong>\u2013 Ko: nota\u00f0 til a\u00f0 gefa til kynna efni setningar.<\/strong><\/p>\n\n\n\n<h3 class=\"wp-block-heading\" id=\"h-4-getting-to-know-maori-pronouns\">4. A\u00f0 kynnast Maori forn\u00f6fnum<\/h3>\n\n\n\n<p>Forn\u00f6fn \u00e1 Maori koma \u00ed sta\u00f0 nafnor\u00f0a og hj\u00e1lpa til vi\u00f0 a\u00f0 halda samt\u00f6lum \u00fe\u00ednum n\u00e1tt\u00farulegum og flj\u00f3tandi. Sem byrjandi skaltu einbeita \u00fe\u00e9r a\u00f0 \u00fev\u00ed a\u00f0 skilja pers\u00f3nuleg og eignarforn\u00f6fn:<\/p>\n\n\n\n<p>Pers\u00f3nuforn\u00f6fn: ahau (I), koe (\u00fe\u00fa, \u00ed eint\u00f6lu), ia (hann\/h\u00fan), t\u0101ua (vi\u00f0, \u00fear me\u00f0 talinn einstaklingur sem tala\u00f0 er vi\u00f0), m\u0101ua (vi\u00f0, a\u00f0 undanskildum \u00feeim sem tala\u00f0 er vi\u00f0), koutou (\u00fe\u00fa, fleirt\u00f6lu), r\u0101tau (\u00feeir)<\/p>\n\n\n\n<p>Eignarforn\u00f6fn: taku\/t\u014dku (my), t\u014du (ur, eintala), t\u014dna (hans\/h\u00fan), t\u014d t\u0101ua (okkar, \u00fear \u00e1 me\u00f0al r\u00e6\u00f0uma\u00f0ur og hlustandi), t\u014d m\u0101ua (okkar, r\u00e6\u00f0uma\u00f0ur og einhver annar), t\u014d koutou (ur, fleirt\u00f6lu), t\u014d r\u0101tau (\u00feeirra)<\/p>\n\n\n\n<h3 class=\"wp-block-heading\" id=\"h-5-navigating-maori-nouns-and-adjectives\">5. Siglingar Maori nafnor\u00f0 og l\u00fdsingaror\u00f0<\/h3>\n\n\n\n<p>Maori nafnor\u00f0 og l\u00fdsingaror\u00f0 fylgja einf\u00f6ldum m\u00e1lfr\u00e6\u00f0ireglum, sem gerir byrjendum au\u00f0velt a\u00f0 skilja. L\u00fdsingaror\u00f0 fylgja venjulega nafnor\u00f0inu sem \u00feau eru a\u00f0 l\u00fdsa og fleirt\u00f6lu nafnor\u00f0s felur einfaldlega \u00ed s\u00e9r a\u00f0 b\u00e6ta \u00f6gn, \u201eng\u0101,\u201c \u00e1 undan nafnor\u00f0inu. Til d\u00e6mis:<\/p>\n\n\n\n<p><strong>Te whare nui \u2013 \u201est\u00f3ra h\u00fasi\u00f0\u201c<\/strong><\/p>\n\n\n\n<p><strong>Ng\u0101 tamariki &#8211; \u201eb\u00f6rnin\u201c<\/strong><\/p>\n\n\n\n<p>\u00dear hafi\u00f0 \u00fei\u00f0 \u00fea\u00f0! \u00de\u00fa hefur teki\u00f0 fyrstu skrefin \u00ed \u00e1tt a\u00f0 \u00fev\u00ed a\u00f0 n\u00e1 t\u00f6kum \u00e1 Maori m\u00e1lfr\u00e6\u00f0i og au\u00f0ga fer\u00f0 \u00fe\u00edna me\u00f0 Maori tungum\u00e1li og menningu. Mundu a\u00f0 \u00e6fing, \u00ferautseigja og ni\u00f0urd\u00fdfing eru nau\u00f0synleg til a\u00f0 n\u00e1 \u00e1rangri, svo taktu \u00fe\u00e1tt \u00ed m\u00f3\u00f0urm\u00e1linu, kanna\u00f0u Maori texta og styrktu tungum\u00e1lagrunninn \u00feinn. <a href=\"https:\/\/talkpal.ai\/culture\/how-do-you-say-be-strong-in-maori\/\">Kia kaha<\/a>! (Fara sterkur!)<\/p>\n<\/div><\/div>\n\r\n<section class=\"learnNavigationSection\">\r\n            \r\n        <a href=\"https:\/\/talkpal.ai\/is\/laerdu-maori\/\">\r\n            <div class=\"learnNavigationWrapper\">\r\n                <div class=\"learnNavigationContent\">\r\n                    <img decoding=\"async\" src=\"https:\/\/talkpal.ai\/wp-content\/uploads\/2024\/08\/Maori.jpg\" alt=\"New Zealand Flag\">\r\n                    <div>\r\n                        <h4>Maori m\u00e1lfr\u00e6\u00f0ikennsla<\/h4>\r\n                        <p>Finndu \u00fat allt um Maori m\u00e1lfr\u00e6\u00f0i.<\/p>\r\n                    <\/div>\r\n                <\/div>\r\n            <\/div>\r\n        <\/a>\r\n\r\n        \r\n        <a href=\"https:\/\/talkpal.ai\/is\/maori-malfraedi-aefingar\/\">\r\n            <div class=\"learnNavigationWrapper\">\r\n                <div class=\"learnNavigationContent\">\r\n                    <img decoding=\"async\" src=\"https:\/\/talkpal.ai\/wp-content\/uploads\/2024\/08\/Maori.jpg\" alt=\"New Zealand Flag\">\r\n                    <div>\r\n                        <h4>Maori m\u00e1lfr\u00e6\u00f0i\u00e6fing<\/h4>\r\n                        <p>\u00c6f\u00f0u Maori m\u00e1lfr\u00e6\u00f0i.<\/p>\r\n                    <\/div>\r\n                <\/div>\r\n            <\/div>\r\n        <\/a>\r\n\r\n        \r\n        <a href=\"https:\/\/talkpal.ai\/vocabulary_language\/maori\/\">\r\n            <div class=\"learnNavigationWrapper\">\r\n                <div class=\"learnNavigationContent\">\r\n                    <img decoding=\"async\" src=\"https:\/\/talkpal.ai\/wp-content\/uploads\/2024\/08\/Maori.jpg\" alt=\"New Zealand Flag\">\r\n                    <div>\r\n                        <h4>Maori or\u00f0afor\u00f0i<\/h4>\r\n                        <p>St\u00e6kka\u00f0u Maori or\u00f0afor\u00f0a \u00feinn.<\/p>\r\n                    <\/div>\r\n                <\/div>\r\n            <\/div>\r\n        <\/a>\r\n\r\n            <\/section>","protected":false},"excerpt":{"rendered":"<p>Maori Grammar: Mi\u00f0inn \u00feinn \u00ed lifandi tv\u00edmenningarlegan heim Kia Ora! Velkomin \u00ed undraheim maori tungum\u00e1lsins. Sem frumbyggjam\u00e1l N\u00fdja Sj\u00e1lands, Maori e\u00f0a te reo Maori b\u00fd\u00f0ur \u00fe\u00e9r einstakt t\u00e6kif\u00e6ri til a\u00f0 tengjast fornri menningu og l\u00edflegu samf\u00e9lagi r\u00e6\u00f0umanna. Eins og \u00f6ll tungum\u00e1l getur Maori m\u00e1lfr\u00e6\u00f0i virst krefjandi, en ekki hafa \u00e1hyggjur! \u00deessi byrjendav\u00e6na handb\u00f3k mun einfalda [&hellip;]<\/p>\n","protected":false},"author":1,"featured_media":116791,"parent":0,"menu_order":0,"comment_status":"closed","ping_status":"closed","template":"LearningContentPage.php","meta":{"_acf_changed":false,"footnotes":""},"class_list":["post-147929","page","type-page","status-publish","has-post-thumbnail","hentry"],"acf":[],"yoast_head":"<!-- This site is optimized with the Yoast SEO Premium plugin v27.2 (Yoast SEO v27.2) - https:\/\/yoast.com\/product\/yoast-seo-premium-wordpress\/ -->\n<title>Maori m\u00e1lfr\u00e6\u00f0i - Talkpal<\/title>\n<meta name=\"description\" content=\"Kanna\u00f0u grunnatri\u00f0i ma\u00f3r\u00edskrar m\u00e1lfr\u00e6\u00f0i me\u00f0 byrjendav\u00e6num lei\u00f0beiningum okkar. Uppg\u00f6tva\u00f0u 15 stafina og nau\u00f0synlegar reglur te reo ma\u00f3r\u00edm\u00e1lsins.\" \/>\n<meta name=\"robots\" content=\"index, follow, max-snippet:-1, max-image-preview:large, max-video-preview:-1\" \/>\n<link rel=\"canonical\" href=\"https:\/\/talkpal.ai\/is\/maori-malfraedi\/\" \/>\n<meta property=\"og:locale\" content=\"is_IS\" \/>\n<meta property=\"og:type\" content=\"article\" \/>\n<meta property=\"og:title\" content=\"Maori m\u00e1lfr\u00e6\u00f0i\" \/>\n<meta property=\"og:description\" content=\"Maori Grammar: Mi\u00f0inn \u00feinn \u00ed lifandi tv\u00edmenningarlegan heim Kia Ora! Velkomin \u00ed undraheim maori tungum\u00e1lsins. Sem frumbyggjam\u00e1l N\u00fdja Sj\u00e1lands, Maori e\u00f0a\" \/>\n<meta property=\"og:url\" content=\"https:\/\/talkpal.ai\/is\/maori-malfraedi\/\" \/>\n<meta property=\"og:site_name\" content=\"Talkpal\" \/>\n<meta property=\"article:publisher\" content=\"https:\/\/www.facebook.com\/profile.php?id=100090733639311\" \/>\n<meta property=\"article:modified_time\" content=\"2025-12-17T16:44:29+00:00\" \/>\n<meta property=\"og:image\" content=\"https:\/\/talkpal.ai\/wp-content\/uploads\/2023\/05\/Maori-new-zealand.png\" \/>\n\t<meta property=\"og:image:width\" content=\"512\" \/>\n\t<meta property=\"og:image:height\" content=\"512\" \/>\n\t<meta property=\"og:image:type\" content=\"image\/png\" \/>\n<meta name=\"twitter:card\" content=\"summary_large_image\" \/>\n<meta name=\"twitter:site\" content=\"@talkpalai\" \/>\n<meta name=\"twitter:label1\" content=\"Est. reading time\" \/>\n\t<meta name=\"twitter:data1\" content=\"3 minutes\" \/>\n<script type=\"application\/ld+json\" class=\"yoast-schema-graph\">{\"@context\":\"https:\/\/schema.org\",\"@graph\":[{\"@type\":\"WebPage\",\"@id\":\"https:\/\/talkpal.ai\/is\/maori-malfraedi\/\",\"url\":\"https:\/\/talkpal.ai\/is\/maori-malfraedi\/\",\"name\":\"Maori m\u00e1lfr\u00e6\u00f0i - Talkpal\",\"isPartOf\":{\"@id\":\"https:\/\/talkpal.ai\/is\/#website\"},\"primaryImageOfPage\":{\"@id\":\"https:\/\/talkpal.ai\/is\/maori-malfraedi\/#primaryimage\"},\"image\":{\"@id\":\"https:\/\/talkpal.ai\/is\/maori-malfraedi\/#primaryimage\"},\"thumbnailUrl\":\"https:\/\/talkpal.ai\/wp-content\/uploads\/2023\/05\/Maori-new-zealand.png\",\"datePublished\":\"2023-05-14T14:12:25+00:00\",\"dateModified\":\"2025-12-17T16:44:29+00:00\",\"description\":\"Kanna\u00f0u grunnatri\u00f0i ma\u00f3r\u00edskrar m\u00e1lfr\u00e6\u00f0i me\u00f0 byrjendav\u00e6num lei\u00f0beiningum okkar. Uppg\u00f6tva\u00f0u 15 stafina og nau\u00f0synlegar reglur te reo ma\u00f3r\u00edm\u00e1lsins.\",\"breadcrumb\":{\"@id\":\"https:\/\/talkpal.ai\/is\/maori-malfraedi\/#breadcrumb\"},\"inLanguage\":\"is\",\"potentialAction\":[{\"@type\":\"ReadAction\",\"target\":[\"https:\/\/talkpal.ai\/is\/maori-malfraedi\/\"]}]},{\"@type\":\"ImageObject\",\"inLanguage\":\"is\",\"@id\":\"https:\/\/talkpal.ai\/is\/maori-malfraedi\/#primaryimage\",\"url\":\"https:\/\/talkpal.ai\/wp-content\/uploads\/2023\/05\/Maori-new-zealand.png\",\"contentUrl\":\"https:\/\/talkpal.ai\/wp-content\/uploads\/2023\/05\/Maori-new-zealand.png\",\"width\":512,\"height\":512},{\"@type\":\"BreadcrumbList\",\"@id\":\"https:\/\/talkpal.ai\/is\/maori-malfraedi\/#breadcrumb\",\"itemListElement\":[{\"@type\":\"ListItem\",\"position\":1,\"name\":\"Homepage\",\"item\":\"https:\/\/talkpal.ai\/is\/\"},{\"@type\":\"ListItem\",\"position\":2,\"name\":\"Maori m\u00e1lfr\u00e6\u00f0i\"}]},{\"@type\":\"WebSite\",\"@id\":\"https:\/\/talkpal.ai\/is\/#website\",\"url\":\"https:\/\/talkpal.ai\/is\/\",\"name\":\"Talkpal\",\"description\":\"AI Language Learning\",\"publisher\":{\"@id\":\"https:\/\/talkpal.ai\/is\/#organization\"},\"alternateName\":\"Talkpal AI\",\"potentialAction\":[{\"@type\":\"SearchAction\",\"target\":{\"@type\":\"EntryPoint\",\"urlTemplate\":\"https:\/\/talkpal.ai\/is\/?s={search_term_string}\"},\"query-input\":{\"@type\":\"PropertyValueSpecification\",\"valueRequired\":true,\"valueName\":\"search_term_string\"}}],\"inLanguage\":\"is\"},{\"@type\":\"Organization\",\"@id\":\"https:\/\/talkpal.ai\/is\/#organization\",\"name\":\"Talkpal, Inc.\",\"alternateName\":\"Talkpal AI\",\"url\":\"https:\/\/talkpal.ai\/is\/\",\"logo\":{\"@type\":\"ImageObject\",\"inLanguage\":\"is\",\"@id\":\"https:\/\/talkpal.ai\/is\/#\/schema\/logo\/image\/\",\"url\":\"https:\/\/talkpal.ai\/wp-content\/uploads\/2024\/03\/Talkpal-Logo-Icon.png\",\"contentUrl\":\"https:\/\/talkpal.ai\/wp-content\/uploads\/2024\/03\/Talkpal-Logo-Icon.png\",\"width\":2880,\"height\":2880,\"caption\":\"Talkpal, Inc.\"},\"image\":{\"@id\":\"https:\/\/talkpal.ai\/is\/#\/schema\/logo\/image\/\"},\"sameAs\":[\"https:\/\/www.facebook.com\/profile.php?id=100090733639311\",\"https:\/\/x.com\/talkpalai\",\"https:\/\/www.linkedin.com\/company\/talkpal\/\",\"https:\/\/www.youtube.com\/@TalkPal\/\",\"https:\/\/www.tiktok.com\/@talkpal\",\"https:\/\/www.instagram.com\/talkpal_ai\/\",\"https:\/\/www.crunchbase.com\/organization\/talkpal-9cde\",\"https:\/\/www.g2.com\/products\/talkpal-for-business\/\",\"https:\/\/www.trustpilot.com\/review\/talkpal.ai\",\"https:\/\/www.capterra.com\/p\/10006800\/TalkPal\/\"],\"description\":\"Talkpal is a language learning web and mobile education app, powered by the latest AI technologies, that provides engaging experiences to its customers in many different languages to help them improve their language skills. Users can chat about unlimited amount of topics with the app and use other modes to practice their language learning.\",\"email\":\"support@talkpal.ai\",\"legalName\":\"Talkpal, Inc.\",\"foundingDate\":\"2023-04-03\",\"duns\":\"118989042\",\"numberOfEmployees\":{\"@type\":\"QuantitativeValue\",\"minValue\":\"11\",\"maxValue\":\"50\"},\"publishingPrinciples\":\"https:\/\/talkpal.ai\/publishing-principles\/\",\"actionableFeedbackPolicy\":\"https:\/\/talkpal.ai\/actionable-feedback-policy\/\",\"correctionsPolicy\":\"https:\/\/talkpal.ai\/corrections-policy\/\",\"ethicsPolicy\":\"https:\/\/talkpal.ai\/ethics-policy\/\",\"diversityPolicy\":\"https:\/\/talkpal.ai\/diversity-policy\/\",\"diversityStaffingReport\":\"https:\/\/talkpal.ai\/diversity-policy\/\"}]}<\/script>\n<!-- \/ Yoast SEO Premium plugin. -->","yoast_head_json":{"title":"Maori m\u00e1lfr\u00e6\u00f0i - Talkpal","description":"Kanna\u00f0u grunnatri\u00f0i ma\u00f3r\u00edskrar m\u00e1lfr\u00e6\u00f0i me\u00f0 byrjendav\u00e6num lei\u00f0beiningum okkar. Uppg\u00f6tva\u00f0u 15 stafina og nau\u00f0synlegar reglur te reo ma\u00f3r\u00edm\u00e1lsins.","robots":{"index":"index","follow":"follow","max-snippet":"max-snippet:-1","max-image-preview":"max-image-preview:large","max-video-preview":"max-video-preview:-1"},"canonical":"https:\/\/talkpal.ai\/is\/maori-malfraedi\/","og_locale":"is_IS","og_type":"article","og_title":"Maori m\u00e1lfr\u00e6\u00f0i","og_description":"Maori Grammar: Mi\u00f0inn \u00feinn \u00ed lifandi tv\u00edmenningarlegan heim Kia Ora! Velkomin \u00ed undraheim maori tungum\u00e1lsins. Sem frumbyggjam\u00e1l N\u00fdja Sj\u00e1lands, Maori e\u00f0a","og_url":"https:\/\/talkpal.ai\/is\/maori-malfraedi\/","og_site_name":"Talkpal","article_publisher":"https:\/\/www.facebook.com\/profile.php?id=100090733639311","article_modified_time":"2025-12-17T16:44:29+00:00","og_image":[{"width":512,"height":512,"url":"https:\/\/talkpal.ai\/wp-content\/uploads\/2023\/05\/Maori-new-zealand.png","type":"image\/png"}],"twitter_card":"summary_large_image","twitter_site":"@talkpalai","twitter_misc":{"Est. reading time":"3 minutes"},"schema":{"@context":"https:\/\/schema.org","@graph":[{"@type":"WebPage","@id":"https:\/\/talkpal.ai\/is\/maori-malfraedi\/","url":"https:\/\/talkpal.ai\/is\/maori-malfraedi\/","name":"Maori m\u00e1lfr\u00e6\u00f0i - Talkpal","isPartOf":{"@id":"https:\/\/talkpal.ai\/is\/#website"},"primaryImageOfPage":{"@id":"https:\/\/talkpal.ai\/is\/maori-malfraedi\/#primaryimage"},"image":{"@id":"https:\/\/talkpal.ai\/is\/maori-malfraedi\/#primaryimage"},"thumbnailUrl":"https:\/\/talkpal.ai\/wp-content\/uploads\/2023\/05\/Maori-new-zealand.png","datePublished":"2023-05-14T14:12:25+00:00","dateModified":"2025-12-17T16:44:29+00:00","description":"Kanna\u00f0u grunnatri\u00f0i ma\u00f3r\u00edskrar m\u00e1lfr\u00e6\u00f0i me\u00f0 byrjendav\u00e6num lei\u00f0beiningum okkar. Uppg\u00f6tva\u00f0u 15 stafina og nau\u00f0synlegar reglur te reo ma\u00f3r\u00edm\u00e1lsins.","breadcrumb":{"@id":"https:\/\/talkpal.ai\/is\/maori-malfraedi\/#breadcrumb"},"inLanguage":"is","potentialAction":[{"@type":"ReadAction","target":["https:\/\/talkpal.ai\/is\/maori-malfraedi\/"]}]},{"@type":"ImageObject","inLanguage":"is","@id":"https:\/\/talkpal.ai\/is\/maori-malfraedi\/#primaryimage","url":"https:\/\/talkpal.ai\/wp-content\/uploads\/2023\/05\/Maori-new-zealand.png","contentUrl":"https:\/\/talkpal.ai\/wp-content\/uploads\/2023\/05\/Maori-new-zealand.png","width":512,"height":512},{"@type":"BreadcrumbList","@id":"https:\/\/talkpal.ai\/is\/maori-malfraedi\/#breadcrumb","itemListElement":[{"@type":"ListItem","position":1,"name":"Homepage","item":"https:\/\/talkpal.ai\/is\/"},{"@type":"ListItem","position":2,"name":"Maori m\u00e1lfr\u00e6\u00f0i"}]},{"@type":"WebSite","@id":"https:\/\/talkpal.ai\/is\/#website","url":"https:\/\/talkpal.ai\/is\/","name":"Talkpal","description":"AI Language Learning","publisher":{"@id":"https:\/\/talkpal.ai\/is\/#organization"},"alternateName":"Talkpal AI","potentialAction":[{"@type":"SearchAction","target":{"@type":"EntryPoint","urlTemplate":"https:\/\/talkpal.ai\/is\/?s={search_term_string}"},"query-input":{"@type":"PropertyValueSpecification","valueRequired":true,"valueName":"search_term_string"}}],"inLanguage":"is"},{"@type":"Organization","@id":"https:\/\/talkpal.ai\/is\/#organization","name":"Talkpal, Inc.","alternateName":"Talkpal AI","url":"https:\/\/talkpal.ai\/is\/","logo":{"@type":"ImageObject","inLanguage":"is","@id":"https:\/\/talkpal.ai\/is\/#\/schema\/logo\/image\/","url":"https:\/\/talkpal.ai\/wp-content\/uploads\/2024\/03\/Talkpal-Logo-Icon.png","contentUrl":"https:\/\/talkpal.ai\/wp-content\/uploads\/2024\/03\/Talkpal-Logo-Icon.png","width":2880,"height":2880,"caption":"Talkpal, Inc."},"image":{"@id":"https:\/\/talkpal.ai\/is\/#\/schema\/logo\/image\/"},"sameAs":["https:\/\/www.facebook.com\/profile.php?id=100090733639311","https:\/\/x.com\/talkpalai","https:\/\/www.linkedin.com\/company\/talkpal\/","https:\/\/www.youtube.com\/@TalkPal\/","https:\/\/www.tiktok.com\/@talkpal","https:\/\/www.instagram.com\/talkpal_ai\/","https:\/\/www.crunchbase.com\/organization\/talkpal-9cde","https:\/\/www.g2.com\/products\/talkpal-for-business\/","https:\/\/www.trustpilot.com\/review\/talkpal.ai","https:\/\/www.capterra.com\/p\/10006800\/TalkPal\/"],"description":"Talkpal is a language learning web and mobile education app, powered by the latest AI technologies, that provides engaging experiences to its customers in many different languages to help them improve their language skills. Users can chat about unlimited amount of topics with the app and use other modes to practice their language learning.","email":"support@talkpal.ai","legalName":"Talkpal, Inc.","foundingDate":"2023-04-03","duns":"118989042","numberOfEmployees":{"@type":"QuantitativeValue","minValue":"11","maxValue":"50"},"publishingPrinciples":"https:\/\/talkpal.ai\/publishing-principles\/","actionableFeedbackPolicy":"https:\/\/talkpal.ai\/actionable-feedback-policy\/","correctionsPolicy":"https:\/\/talkpal.ai\/corrections-policy\/","ethicsPolicy":"https:\/\/talkpal.ai\/ethics-policy\/","diversityPolicy":"https:\/\/talkpal.ai\/diversity-policy\/","diversityStaffingReport":"https:\/\/talkpal.ai\/diversity-policy\/"}]}},"_links":{"self":[{"href":"https:\/\/talkpal.ai\/is\/wp-json\/wp\/v2\/pages\/147929","targetHints":{"allow":["GET"]}}],"collection":[{"href":"https:\/\/talkpal.ai\/is\/wp-json\/wp\/v2\/pages"}],"about":[{"href":"https:\/\/talkpal.ai\/is\/wp-json\/wp\/v2\/types\/page"}],"author":[{"embeddable":true,"href":"https:\/\/talkpal.ai\/is\/wp-json\/wp\/v2\/users\/1"}],"replies":[{"embeddable":true,"href":"https:\/\/talkpal.ai\/is\/wp-json\/wp\/v2\/comments?post=147929"}],"version-history":[{"count":0,"href":"https:\/\/talkpal.ai\/is\/wp-json\/wp\/v2\/pages\/147929\/revisions"}],"wp:featuredmedia":[{"embeddable":true,"href":"https:\/\/talkpal.ai\/is\/wp-json\/wp\/v2\/media\/116791"}],"wp:attachment":[{"href":"https:\/\/talkpal.ai\/is\/wp-json\/wp\/v2\/media?parent=147929"}],"curies":[{"name":"wp","href":"https:\/\/api.w.org\/{rel}","templated":true}]}}