{"id":1476438,"date":"2025-11-12T17:36:06","date_gmt":"2025-11-12T17:36:06","guid":{"rendered":"https:\/\/talkpal.ai\/zulu-malfraediaefingar\/"},"modified":"2025-12-30T13:21:57","modified_gmt":"2025-12-30T13:21:57","slug":"zulu-malfraediaefingar","status":"publish","type":"page","link":"https:\/\/talkpal.ai\/is\/zulu-malfraediaefingar\/","title":{"rendered":"Zulu m\u00e1lfr\u00e6\u00f0i\u00e6fingar"},"content":{"rendered":"\r\n\r\n\r\n<section class=\"languageChallengeSection\">\r\n    <div class=\"languageInfoWrapper\">\r\n        \r\n        <h1>Zulu m\u00e1lfr\u00e6\u00f0i\u00e6fingar<\/h1>\r\n        <p>Tilb\u00fainn til a\u00f0 kafa \u00ed <a href=\"https:\/\/talkpal.ai\/learn-zulu\/\">Zulu<\/a> <a href=\"https:\/\/talkpal.ai\/grammar\/\">m\u00e1lfr\u00e6\u00f0i<\/a>? A\u00f0 \u00e6fa sig \u00ed nokkrum grunnatri\u00f0um mun hj\u00e1lpa \u00fe\u00e9r a\u00f0 tileinka \u00fe\u00e9r \u00feetta einstaka og fallega tungum\u00e1l. Pr\u00f3fa\u00f0u \u00feessar \u00e6fingar til a\u00f0 byggja upp sj\u00e1lfstrausti\u00f0 og skemmta \u00fe\u00e9r vel \u00ed lei\u00f0inni!<\/p>\r\n\r\n                            <a class=\"getStartedHidden\" href=\"https:\/\/app.talkpal.ai\/signup?lng=\">Byrja\u00f0u<\/a>\r\n        \r\n    <\/div>\r\n\r\n    <figure>\r\n    <img decoding=\"async\" width=\"768\" height=\"768\" src=\"https:\/\/talkpal.ai\/wp-content\/uploads\/2023\/06\/welsh-768x768.png\" class=\"languageImage no-lazy\" alt=\"Language learning for better cognitive abilities\" fetchpriority=\"high\" sizes=\"(max-width: 768px) 150px, 768px\" srcset=\"https:\/\/talkpal.ai\/wp-content\/uploads\/2023\/06\/welsh-768x768.png 768w, https:\/\/talkpal.ai\/wp-content\/uploads\/2023\/06\/welsh-300x300.png 300w\" \/>\r\n    \r\n\r\n    <\/figure>\r\n\r\n            <a class=\"getStartedVisible\" href=\"https:\/\/app.talkpal.ai\/signup?lng=\">Byrja\u00f0u<\/a>\r\n    \r\n<\/section><section class=\"promotionalBanner\">\r\n    <p class=\"promotionalText\">Skilvirkasta lei\u00f0in til a\u00f0 l\u00e6ra tungum\u00e1l<\/p>\r\n    <a class=\"promotionalLink\" href=\"https:\/\/app.talkpal.ai\/signup?lng=\">Pr\u00f3fa\u00f0u Talkpal \u00f3keypis<\/a>\r\n<\/section>\n<div class=\"wp-block-group pageContainerStyle\"><div class=\"wp-block-group__inner-container is-layout-constrained wp-block-group-is-layout-constrained\">\n<h2 class=\"wp-block-heading\" id=\"h-zulu-grammar-topics\">Zulu m\u00e1lfr\u00e6\u00f0i efni<\/h2>\n\n\n\n<p><a href=\"https:\/\/talkpal.ai\/is\/staerstu-mistokin-sem-tharf-ad-fordast-thegar-thu-laerir-nytt-tungumal\/\">A\u00f0 l\u00e6ra n\u00fdtt tungum\u00e1l<\/a> getur veri\u00f0 krefjandi en gefandi vi\u00f0leitni. Zulu, bant\u00fam\u00e1l sem a\u00f0allega er tala\u00f0 \u00ed Su\u00f0ur-Afr\u00edku, er engin undantekning. Me\u00f0 einst\u00f6kum eiginleikum s\u00ednum og uppbyggingu krefst <a href=\"https:\/\/talkpal.ai\/is\/talkpal-fyrir-menntun\/\">n\u00e1m<\/a> \u00ed zulu kerfisbundinnar n\u00e1lgunar til a\u00f0 skilja r\u00edkulega, agglutinerende m\u00e1lfr\u00e6\u00f0i. \u00deessi handb\u00f3k \u00fatlistar lykilsvi\u00f0 <a href=\"https:\/\/talkpal.ai\/is\/zulu-malfraedi\/\">Zulu m\u00e1lfr\u00e6\u00f0i<\/a> \u00ed r\u00f6kr\u00e9ttri r\u00f6\u00f0 fyrir <a href=\"https:\/\/talkpal.ai\/is\/talkpal-fyrir-menntun\/\">tungum\u00e1lan\u00e1m<\/a>, byrjar \u00e1 grunnatri\u00f0um eins og nafnor\u00f0um og greinum, og fer yfir \u00e1 fl\u00f3knari sv\u00e6\u00f0i eins og t\u00ed\u00f0ir og setningager\u00f0.<\/p>\n\n\n\n<h3 class=\"wp-block-heading\" id=\"h-1-nouns\">1. Nafnor\u00f0:<\/h3>\n\n\n\n<p>Byrja\u00f0u Zulu tungum\u00e1lafer\u00f0ina \u00fe\u00edna me\u00f0 \u00fev\u00ed a\u00f0 l\u00e6ra nafnor\u00f0in. \u00deetta felur \u00ed s\u00e9r a\u00f0 skilja nafnor\u00f0aflokkakerfi\u00f0 me\u00f0 forskeytum \u00feess, hvernig samkomulag virkar \u00fevert \u00e1 setninguna og hvernig fleirt\u00f6luform eru b\u00fain til me\u00f0 \u00fev\u00ed a\u00f0 breyta nafnor\u00f0aflokksforskeytinu.<\/p>\n\n\n\n<h3 class=\"wp-block-heading\" id=\"h-2-articles\">2. Greinar:<\/h3>\n\n\n\n<p>Zulu notar ekki \u00e1kve\u00f0na e\u00f0a \u00f3\u00e1kve\u00f0na hluti eins og <a href=\"https:\/\/talkpal.ai\/ai-english-speaking-practice\/\">enska<\/a> gerir. \u00c1kve\u00f0ni r\u00e6\u00f0st venjulega af samhengi, or\u00f0ar\u00f6\u00f0 e\u00f0a s\u00fdnikennslu. A\u00f0 l\u00e6ra a\u00f0 nota s\u00fdnikennslu r\u00e9tt skiptir sk\u00f6pum \u00ed setningager\u00f0.<\/p>\n\n\n\n<h3 class=\"wp-block-heading\" id=\"h-3-adjectives\">3. L\u00fdsingaror\u00f0:<\/h3>\n\n\n\n<p>L\u00fdsingaror\u00f0 \u00e1 zulu fylgja venjulega nafnor\u00f0um s\u00ednum og ver\u00f0a a\u00f0 vera \u00ed samr\u00e6mi vi\u00f0 nafnor\u00f0aflokkinn \u00ed gegnum l\u00fdsingaror\u00f0asamkv\u00e6mni. \u00de\u00fa \u00fearft l\u00edka a\u00f0 l\u00e6ra hvernig \u00e1 a\u00f0 mynda samanbur\u00f0 og yfirbur\u00f0i, oft me\u00f0 \u00fev\u00ed a\u00f0 nota byggingar \u00fear sem s\u00f6gnin \u00fe\u00fd\u00f0ir yfirst\u00edga e\u00f0a \u00f6gnin fyrir enn, og magnarar eins og kakhulu.<\/p>\n\n\n\n<h3 class=\"wp-block-heading\" id=\"h-4-pronouns-determiners\">4. Forn\u00f6fn\/\u00e1kv\u00f6r\u00f0unaror\u00f0:<\/h3>\n\n\n\n<p>Forn\u00f6fn og \u00e1kvar\u00f0anir eru nau\u00f0synleg \u00e1 zulu; \u00feau innihalda sj\u00e1lfst\u00e6\u00f0 forn\u00f6fn, vi\u00f0fangs- og hlutsamlj\u00f3\u00f0 \u00e1 s\u00f6gninni, eignaror\u00f0 bygg\u00f0 me\u00f0 flokksbundnum eignarfallssamkv\u00e6mum, s\u00fdnior\u00f0um og magnm\u00e6lum. R\u00e9ttur, st\u00e9ttarbundinn samningur \u00feeirra er nau\u00f0synlegur fyrir skilvirk samskipti.<\/p>\n\n\n\n<h3 class=\"wp-block-heading\" id=\"h-5-verbs\">5. Sagnir:<\/h3>\n\n\n\n<p>Zulu-sagnir breyta um form me\u00f0 forskeytum og vi\u00f0skeytum sem merkja vi\u00f0fang, hlut, t\u00ed\u00f0, \u00fe\u00e1tt og skap. Byrja\u00f0u \u00e1 n\u00fat\u00ed\u00f0arformunum, kanna\u00f0u s\u00ed\u00f0an fort\u00ed\u00f0 og framt\u00ed\u00f0 \u00e1samt algengum vi\u00f0b\u00f3tum eins og orsakavaldi, beitandi og \u00f3virkum.<\/p>\n\n\n\n<h3 class=\"wp-block-heading\" id=\"h-6-tenses\">6. Spennur:<\/h3>\n\n\n\n<p>Eftir <a href=\"https:\/\/talkpal.ai\/culture\/what-is-the-verb-ad-hafa-and-when-is-it-used\/\">a\u00f0 hafa<\/a> n\u00e1\u00f0 t\u00f6kum \u00e1 sagnbyggingunni skaltu kafa d\u00fdpra \u00ed Zulu t\u00ed\u00f0ir. \u00deetta felur \u00ed s\u00e9r skilning \u00e1 n\u00fat\u00ed\u00f0, n\u00fdlegri fort\u00ed\u00f0, fjarl\u00e6gri fort\u00ed\u00f0 og framt\u00ed\u00f0, svo og fullkomnunarformum og hvernig \u00fe\u00e1ttur hefur samskipti vi\u00f0 t\u00edma \u00ed mismunandi samhengi.<\/p>\n\n\n\n<h3 class=\"wp-block-heading\" id=\"h-7-tense-comparison\">7. Spenntur samanbur\u00f0ur:<\/h3>\n\n\n\n<p>Samanbur\u00f0ur \u00e1 t\u00ed\u00f0um \u00ed Zulu hj\u00e1lpar til vi\u00f0 a\u00f0 skilja r\u00f6\u00f0 og bl\u00e6brig\u00f0i. Ber\u00f0u saman n\u00fat\u00ed\u00f0, fullkomnun, n\u00fdlega fort\u00ed\u00f0, fjarl\u00e6ga fort\u00ed\u00f0 og framt\u00ed\u00f0arform s\u00f6mu sagnarinnar til a\u00f0 f\u00e1 sk\u00fdrari tilfinningu fyrir t\u00edma og \u00fe\u00e6tti.<\/p>\n\n\n\n<h3 class=\"wp-block-heading\" id=\"h-8-progressive\">8. Frams\u00e6ki\u00f0:<\/h3>\n\n\n\n<p>Frams\u00e6ki\u00f0 \u00ed zulu er tj\u00e1\u00f0 me\u00f0 n\u00fat\u00ed\u00f0 me\u00f0 \u00fev\u00ed a\u00f0 nota -ya- merki\u00f0 \u00e1 eftir vi\u00f0fangssamhlj\u00f3mnum, og me\u00f0 hli\u00f0armerkjum eins og -sa still og se \u00feegar. Zulu notar ekki hj\u00e1lpars\u00f6gn \u00ed \u00feessum tilgangi.<\/p>\n\n\n\n<h3 class=\"wp-block-heading\" id=\"h-9-perfect-progressive\">9. Fullkominn frams\u00e6kinn:<\/h3>\n\n\n\n<p>\u00deessi merking er tj\u00e1\u00f0 me\u00f0 hj\u00e1lparstarfinu \u00ed samsetningu vi\u00f0 frams\u00e6ki\u00f0, sem gefur oft til kynna a\u00f0ger\u00f0 sem er \u00ed gangi upp a\u00f0 tilteknum t\u00edmapunkti. Zulu notar almennt vera me\u00f0 sj\u00f3narhornsmerki e\u00f0a atviksor\u00f0 samfellu til a\u00f0 koma \u00e1 framf\u00e6ri hafa veri\u00f0 a\u00f0 <a href=\"https:\/\/talkpal.ai\/locations\/language-courses-in-gera\/\">gera<\/a>.<\/p>\n\n\n\n<h3 class=\"wp-block-heading\" id=\"h-10-conditionals\">10. Skilyr\u00f0i:<\/h3>\n\n\n\n<p>Skilyrt l\u00fdsir \u00edmyndu\u00f0um a\u00f0st\u00e6\u00f0um og hugsanlegum ni\u00f0urst\u00f6\u00f0um \u00feeirra. \u00c1 zulu eru \u00feau myndu\u00f0 me\u00f0 skilyrtum skapmerkjum og samtengingum eins og uma ef, me\u00f0 vi\u00f0eigandi sagnamyndum fyrir raunverulegar og gagnraunverulegar a\u00f0st\u00e6\u00f0ur.<\/p>\n\n\n\n<h3 class=\"wp-block-heading\" id=\"h-11-adverbs\">11. Atviksor\u00f0:<\/h3>\n\n\n\n<p>Atviksor\u00f0 \u00e1 zulu breyta s\u00f6gnum, l\u00fdsingaror\u00f0um e\u00f0a \u00f6\u00f0rum atviksor\u00f0um. \u00deau innihalda atviksor\u00f0agnir, hugmyndaf\u00f3na og t\u00edma- e\u00f0a h\u00e1ttaor\u00f0 og margar atviksor\u00f0smerkingar eru einnig tj\u00e1\u00f0ar me\u00f0 sta\u00f0setningarformum og or\u00f0asamb\u00f6ndum.<\/p>\n\n\n\n<h3 class=\"wp-block-heading\" id=\"h-12-prepositions\">12. Forsetningar:<\/h3>\n\n\n\n<p>Tengsl t\u00edma, sta\u00f0ar og h\u00e1ttar eru oft tj\u00e1\u00f0 me\u00f0 sta\u00f0setningarnafnor\u00f0um og forsetningarforskeytum eins og ku, e, na og nga, \u00e1samt samkomumynstri \u00feeirra.<\/p>\n\n\n\n<h3 class=\"wp-block-heading\" id=\"h-13-sentences\">13. Setningar:<\/h3>\n\n\n\n<p>A\u00f0 lokum, \u00e6f\u00f0u \u00feig \u00ed a\u00f0 sm\u00ed\u00f0a setningar. \u00deetta mun fela \u00ed s\u00e9r a\u00f0 nota \u00f6ll \u00e1\u00f0ur l\u00e6r\u00f0 m\u00e1lfr\u00e6\u00f0iatri\u00f0i \u00ed samhengi, \u00fear \u00e1 me\u00f0al vi\u00f0fangss\u00f6gn hlutr\u00f6\u00f0, samkomulag milli nafnor\u00f0aflokka, neitunarmynstur og spurningamyndun, og tryggja \u00feannig alhli\u00f0a skilning \u00e1 Zulu tungum\u00e1linu.<\/p>\n<\/div><\/div>\n\r\n<section class=\"learnNavigationSection\">\r\n            \r\n        <a href=\"https:\/\/talkpal.ai\/is\/laerdu-zulu\/\">\r\n            <div class=\"learnNavigationWrapper\">\r\n                <div class=\"learnNavigationContent\">\r\n                    <img decoding=\"async\" src=\"https:\/\/talkpal.ai\/wp-content\/uploads\/2025\/11\/Zulu.png\" alt=\"South African Flag\">\r\n                    <div>\r\n                        <h4>Um Zulu Learning<\/h4>\r\n                        <p>Kynntu \u00fe\u00e9r allt um Zulu m\u00e1lfr\u00e6\u00f0i.<\/p>\r\n                    <\/div>\r\n                <\/div>\r\n            <\/div>\r\n        <\/a>\r\n\r\n        \r\n        <a href=\"https:\/\/talkpal.ai\/is\/zulu-malfraedi\/\">\r\n            <div class=\"learnNavigationWrapper\">\r\n                <div class=\"learnNavigationContent\">\r\n                    <img decoding=\"async\" src=\"https:\/\/talkpal.ai\/wp-content\/uploads\/2025\/11\/Zulu.png\" alt=\"South African Flag\">\r\n                    <div>\r\n                        <h4>Zulu m\u00e1lfr\u00e6\u00f0ikennsla<\/h4>\r\n                        <p>\u00c6f\u00f0u Zulu m\u00e1lfr\u00e6\u00f0i.<\/p>\r\n                    <\/div>\r\n                <\/div>\r\n            <\/div>\r\n        <\/a>\r\n\r\n            <\/section>","protected":false},"excerpt":{"rendered":"<p>Zulu m\u00e1lfr\u00e6\u00f0i efni A\u00f0 l\u00e6ra n\u00fdtt tungum\u00e1l getur veri\u00f0 krefjandi en gefandi vi\u00f0leitni. Zulu, bant\u00fam\u00e1l sem a\u00f0allega er tala\u00f0 \u00ed Su\u00f0ur-Afr\u00edku, er engin undantekning. Me\u00f0 einst\u00f6kum eiginleikum s\u00ednum og uppbyggingu krefst n\u00e1m \u00ed zulu kerfisbundinnar n\u00e1lgunar til a\u00f0 skilja r\u00edkulega, agglutinerende m\u00e1lfr\u00e6\u00f0i. \u00deessi handb\u00f3k \u00fatlistar lykilsvi\u00f0 Zulu m\u00e1lfr\u00e6\u00f0i \u00ed r\u00f6kr\u00e9ttri r\u00f6\u00f0 fyrir tungum\u00e1lan\u00e1m, byrjar \u00e1 [&hellip;]<\/p>\n","protected":false},"author":20,"featured_media":0,"parent":0,"menu_order":0,"comment_status":"closed","ping_status":"closed","template":"LearningContentPage.php","meta":{"_acf_changed":false,"footnotes":""},"class_list":["post-1476438","page","type-page","status-publish","hentry"],"acf":[],"yoast_head":"<!-- This site is optimized with the Yoast SEO Premium plugin v27.2 (Yoast SEO v27.2) - https:\/\/yoast.com\/product\/yoast-seo-premium-wordpress\/ -->\n<title>Zulu m\u00e1lfr\u00e6\u00f0i\u00e6fingar - Talkpal<\/title>\n<meta name=\"description\" content=\"N\u00e1\u00f0u t\u00f6kum \u00e1 s\u00fal\u00fasku m\u00e1lfr\u00e6\u00f0i me\u00f0 gagnvirkum \u00e6fingum sem fjalla um nafnor\u00f0, sagnir og t\u00ed\u00f0ir til a\u00f0 byggja upp fl\u00e6\u00f0i og sj\u00e1lfstraust.\" \/>\n<meta name=\"robots\" content=\"index, follow, max-snippet:-1, max-image-preview:large, max-video-preview:-1\" \/>\n<link rel=\"canonical\" href=\"https:\/\/talkpal.ai\/is\/zulu-malfraediaefingar\/\" \/>\n<meta property=\"og:locale\" content=\"is_IS\" \/>\n<meta property=\"og:type\" content=\"article\" \/>\n<meta property=\"og:title\" content=\"Zulu m\u00e1lfr\u00e6\u00f0i\u00e6fingar\" \/>\n<meta property=\"og:description\" content=\"Zulu m\u00e1lfr\u00e6\u00f0i efni A\u00f0 l\u00e6ra n\u00fdtt tungum\u00e1l getur veri\u00f0 krefjandi en gefandi vi\u00f0leitni. Zulu, bant\u00fam\u00e1l sem a\u00f0allega er tala\u00f0 \u00ed Su\u00f0ur-Afr\u00edku, er engin\" \/>\n<meta property=\"og:url\" content=\"https:\/\/talkpal.ai\/is\/zulu-malfraediaefingar\/\" \/>\n<meta property=\"og:site_name\" content=\"Talkpal\" \/>\n<meta property=\"article:publisher\" content=\"https:\/\/www.facebook.com\/profile.php?id=100090733639311\" \/>\n<meta property=\"article:modified_time\" content=\"2025-12-30T13:21:57+00:00\" \/>\n<meta property=\"og:image\" content=\"https:\/\/talkpal.ai\/wp-content\/uploads\/2025\/02\/Progress-tab-16_9.png\" \/>\n\t<meta property=\"og:image:width\" content=\"2880\" \/>\n\t<meta property=\"og:image:height\" content=\"1620\" \/>\n\t<meta property=\"og:image:type\" content=\"image\/png\" \/>\n<meta name=\"twitter:card\" content=\"summary_large_image\" \/>\n<meta name=\"twitter:site\" content=\"@talkpalai\" \/>\n<meta name=\"twitter:label1\" content=\"Est. reading time\" \/>\n\t<meta name=\"twitter:data1\" content=\"3 minutes\" \/>\n<script type=\"application\/ld+json\" class=\"yoast-schema-graph\">{\"@context\":\"https:\/\/schema.org\",\"@graph\":[{\"@type\":\"WebPage\",\"@id\":\"https:\/\/talkpal.ai\/is\/zulu-malfraediaefingar\/\",\"url\":\"https:\/\/talkpal.ai\/is\/zulu-malfraediaefingar\/\",\"name\":\"Zulu m\u00e1lfr\u00e6\u00f0i\u00e6fingar - Talkpal\",\"isPartOf\":{\"@id\":\"https:\/\/talkpal.ai\/is\/#website\"},\"datePublished\":\"2025-11-12T17:36:06+00:00\",\"dateModified\":\"2025-12-30T13:21:57+00:00\",\"description\":\"N\u00e1\u00f0u t\u00f6kum \u00e1 s\u00fal\u00fasku m\u00e1lfr\u00e6\u00f0i me\u00f0 gagnvirkum \u00e6fingum sem fjalla um nafnor\u00f0, sagnir og t\u00ed\u00f0ir til a\u00f0 byggja upp fl\u00e6\u00f0i og sj\u00e1lfstraust.\",\"breadcrumb\":{\"@id\":\"https:\/\/talkpal.ai\/is\/zulu-malfraediaefingar\/#breadcrumb\"},\"inLanguage\":\"is\",\"potentialAction\":[{\"@type\":\"ReadAction\",\"target\":[\"https:\/\/talkpal.ai\/is\/zulu-malfraediaefingar\/\"]}]},{\"@type\":\"BreadcrumbList\",\"@id\":\"https:\/\/talkpal.ai\/is\/zulu-malfraediaefingar\/#breadcrumb\",\"itemListElement\":[{\"@type\":\"ListItem\",\"position\":1,\"name\":\"Homepage\",\"item\":\"https:\/\/talkpal.ai\/is\/\"},{\"@type\":\"ListItem\",\"position\":2,\"name\":\"Zulu m\u00e1lfr\u00e6\u00f0i\u00e6fingar\"}]},{\"@type\":\"WebSite\",\"@id\":\"https:\/\/talkpal.ai\/is\/#website\",\"url\":\"https:\/\/talkpal.ai\/is\/\",\"name\":\"Talkpal\",\"description\":\"AI Language Learning\",\"publisher\":{\"@id\":\"https:\/\/talkpal.ai\/is\/#organization\"},\"alternateName\":\"Talkpal AI\",\"potentialAction\":[{\"@type\":\"SearchAction\",\"target\":{\"@type\":\"EntryPoint\",\"urlTemplate\":\"https:\/\/talkpal.ai\/is\/?s={search_term_string}\"},\"query-input\":{\"@type\":\"PropertyValueSpecification\",\"valueRequired\":true,\"valueName\":\"search_term_string\"}}],\"inLanguage\":\"is\"},{\"@type\":\"Organization\",\"@id\":\"https:\/\/talkpal.ai\/is\/#organization\",\"name\":\"Talkpal, Inc.\",\"alternateName\":\"Talkpal AI\",\"url\":\"https:\/\/talkpal.ai\/is\/\",\"logo\":{\"@type\":\"ImageObject\",\"inLanguage\":\"is\",\"@id\":\"https:\/\/talkpal.ai\/is\/#\/schema\/logo\/image\/\",\"url\":\"https:\/\/talkpal.ai\/wp-content\/uploads\/2024\/03\/Talkpal-Logo-Icon.png\",\"contentUrl\":\"https:\/\/talkpal.ai\/wp-content\/uploads\/2024\/03\/Talkpal-Logo-Icon.png\",\"width\":2880,\"height\":2880,\"caption\":\"Talkpal, Inc.\"},\"image\":{\"@id\":\"https:\/\/talkpal.ai\/is\/#\/schema\/logo\/image\/\"},\"sameAs\":[\"https:\/\/www.facebook.com\/profile.php?id=100090733639311\",\"https:\/\/x.com\/talkpalai\",\"https:\/\/www.linkedin.com\/company\/talkpal\/\",\"https:\/\/www.youtube.com\/@TalkPal\/\",\"https:\/\/www.tiktok.com\/@talkpal\",\"https:\/\/www.instagram.com\/talkpal_ai\/\",\"https:\/\/www.crunchbase.com\/organization\/talkpal-9cde\",\"https:\/\/www.g2.com\/products\/talkpal-for-business\/\",\"https:\/\/www.trustpilot.com\/review\/talkpal.ai\",\"https:\/\/www.capterra.com\/p\/10006800\/TalkPal\/\"],\"description\":\"Talkpal is a language learning web and mobile education app, powered by the latest AI technologies, that provides engaging experiences to its customers in many different languages to help them improve their language skills. Users can chat about unlimited amount of topics with the app and use other modes to practice their language learning.\",\"email\":\"support@talkpal.ai\",\"legalName\":\"Talkpal, Inc.\",\"foundingDate\":\"2023-04-03\",\"duns\":\"118989042\",\"numberOfEmployees\":{\"@type\":\"QuantitativeValue\",\"minValue\":\"11\",\"maxValue\":\"50\"},\"publishingPrinciples\":\"https:\/\/talkpal.ai\/publishing-principles\/\",\"actionableFeedbackPolicy\":\"https:\/\/talkpal.ai\/actionable-feedback-policy\/\",\"correctionsPolicy\":\"https:\/\/talkpal.ai\/corrections-policy\/\",\"ethicsPolicy\":\"https:\/\/talkpal.ai\/ethics-policy\/\",\"diversityPolicy\":\"https:\/\/talkpal.ai\/diversity-policy\/\",\"diversityStaffingReport\":\"https:\/\/talkpal.ai\/diversity-policy\/\"}]}<\/script>\n<!-- \/ Yoast SEO Premium plugin. -->","yoast_head_json":{"title":"Zulu m\u00e1lfr\u00e6\u00f0i\u00e6fingar - Talkpal","description":"N\u00e1\u00f0u t\u00f6kum \u00e1 s\u00fal\u00fasku m\u00e1lfr\u00e6\u00f0i me\u00f0 gagnvirkum \u00e6fingum sem fjalla um nafnor\u00f0, sagnir og t\u00ed\u00f0ir til a\u00f0 byggja upp fl\u00e6\u00f0i og sj\u00e1lfstraust.","robots":{"index":"index","follow":"follow","max-snippet":"max-snippet:-1","max-image-preview":"max-image-preview:large","max-video-preview":"max-video-preview:-1"},"canonical":"https:\/\/talkpal.ai\/is\/zulu-malfraediaefingar\/","og_locale":"is_IS","og_type":"article","og_title":"Zulu m\u00e1lfr\u00e6\u00f0i\u00e6fingar","og_description":"Zulu m\u00e1lfr\u00e6\u00f0i efni A\u00f0 l\u00e6ra n\u00fdtt tungum\u00e1l getur veri\u00f0 krefjandi en gefandi vi\u00f0leitni. Zulu, bant\u00fam\u00e1l sem a\u00f0allega er tala\u00f0 \u00ed Su\u00f0ur-Afr\u00edku, er engin","og_url":"https:\/\/talkpal.ai\/is\/zulu-malfraediaefingar\/","og_site_name":"Talkpal","article_publisher":"https:\/\/www.facebook.com\/profile.php?id=100090733639311","article_modified_time":"2025-12-30T13:21:57+00:00","og_image":[{"width":2880,"height":1620,"url":"https:\/\/talkpal.ai\/wp-content\/uploads\/2025\/02\/Progress-tab-16_9.png","type":"image\/png"}],"twitter_card":"summary_large_image","twitter_site":"@talkpalai","twitter_misc":{"Est. reading time":"3 minutes"},"schema":{"@context":"https:\/\/schema.org","@graph":[{"@type":"WebPage","@id":"https:\/\/talkpal.ai\/is\/zulu-malfraediaefingar\/","url":"https:\/\/talkpal.ai\/is\/zulu-malfraediaefingar\/","name":"Zulu m\u00e1lfr\u00e6\u00f0i\u00e6fingar - Talkpal","isPartOf":{"@id":"https:\/\/talkpal.ai\/is\/#website"},"datePublished":"2025-11-12T17:36:06+00:00","dateModified":"2025-12-30T13:21:57+00:00","description":"N\u00e1\u00f0u t\u00f6kum \u00e1 s\u00fal\u00fasku m\u00e1lfr\u00e6\u00f0i me\u00f0 gagnvirkum \u00e6fingum sem fjalla um nafnor\u00f0, sagnir og t\u00ed\u00f0ir til a\u00f0 byggja upp fl\u00e6\u00f0i og sj\u00e1lfstraust.","breadcrumb":{"@id":"https:\/\/talkpal.ai\/is\/zulu-malfraediaefingar\/#breadcrumb"},"inLanguage":"is","potentialAction":[{"@type":"ReadAction","target":["https:\/\/talkpal.ai\/is\/zulu-malfraediaefingar\/"]}]},{"@type":"BreadcrumbList","@id":"https:\/\/talkpal.ai\/is\/zulu-malfraediaefingar\/#breadcrumb","itemListElement":[{"@type":"ListItem","position":1,"name":"Homepage","item":"https:\/\/talkpal.ai\/is\/"},{"@type":"ListItem","position":2,"name":"Zulu m\u00e1lfr\u00e6\u00f0i\u00e6fingar"}]},{"@type":"WebSite","@id":"https:\/\/talkpal.ai\/is\/#website","url":"https:\/\/talkpal.ai\/is\/","name":"Talkpal","description":"AI Language Learning","publisher":{"@id":"https:\/\/talkpal.ai\/is\/#organization"},"alternateName":"Talkpal AI","potentialAction":[{"@type":"SearchAction","target":{"@type":"EntryPoint","urlTemplate":"https:\/\/talkpal.ai\/is\/?s={search_term_string}"},"query-input":{"@type":"PropertyValueSpecification","valueRequired":true,"valueName":"search_term_string"}}],"inLanguage":"is"},{"@type":"Organization","@id":"https:\/\/talkpal.ai\/is\/#organization","name":"Talkpal, Inc.","alternateName":"Talkpal AI","url":"https:\/\/talkpal.ai\/is\/","logo":{"@type":"ImageObject","inLanguage":"is","@id":"https:\/\/talkpal.ai\/is\/#\/schema\/logo\/image\/","url":"https:\/\/talkpal.ai\/wp-content\/uploads\/2024\/03\/Talkpal-Logo-Icon.png","contentUrl":"https:\/\/talkpal.ai\/wp-content\/uploads\/2024\/03\/Talkpal-Logo-Icon.png","width":2880,"height":2880,"caption":"Talkpal, Inc."},"image":{"@id":"https:\/\/talkpal.ai\/is\/#\/schema\/logo\/image\/"},"sameAs":["https:\/\/www.facebook.com\/profile.php?id=100090733639311","https:\/\/x.com\/talkpalai","https:\/\/www.linkedin.com\/company\/talkpal\/","https:\/\/www.youtube.com\/@TalkPal\/","https:\/\/www.tiktok.com\/@talkpal","https:\/\/www.instagram.com\/talkpal_ai\/","https:\/\/www.crunchbase.com\/organization\/talkpal-9cde","https:\/\/www.g2.com\/products\/talkpal-for-business\/","https:\/\/www.trustpilot.com\/review\/talkpal.ai","https:\/\/www.capterra.com\/p\/10006800\/TalkPal\/"],"description":"Talkpal is a language learning web and mobile education app, powered by the latest AI technologies, that provides engaging experiences to its customers in many different languages to help them improve their language skills. Users can chat about unlimited amount of topics with the app and use other modes to practice their language learning.","email":"support@talkpal.ai","legalName":"Talkpal, Inc.","foundingDate":"2023-04-03","duns":"118989042","numberOfEmployees":{"@type":"QuantitativeValue","minValue":"11","maxValue":"50"},"publishingPrinciples":"https:\/\/talkpal.ai\/publishing-principles\/","actionableFeedbackPolicy":"https:\/\/talkpal.ai\/actionable-feedback-policy\/","correctionsPolicy":"https:\/\/talkpal.ai\/corrections-policy\/","ethicsPolicy":"https:\/\/talkpal.ai\/ethics-policy\/","diversityPolicy":"https:\/\/talkpal.ai\/diversity-policy\/","diversityStaffingReport":"https:\/\/talkpal.ai\/diversity-policy\/"}]}},"_links":{"self":[{"href":"https:\/\/talkpal.ai\/is\/wp-json\/wp\/v2\/pages\/1476438","targetHints":{"allow":["GET"]}}],"collection":[{"href":"https:\/\/talkpal.ai\/is\/wp-json\/wp\/v2\/pages"}],"about":[{"href":"https:\/\/talkpal.ai\/is\/wp-json\/wp\/v2\/types\/page"}],"author":[{"embeddable":true,"href":"https:\/\/talkpal.ai\/is\/wp-json\/wp\/v2\/users\/20"}],"replies":[{"embeddable":true,"href":"https:\/\/talkpal.ai\/is\/wp-json\/wp\/v2\/comments?post=1476438"}],"version-history":[{"count":0,"href":"https:\/\/talkpal.ai\/is\/wp-json\/wp\/v2\/pages\/1476438\/revisions"}],"wp:attachment":[{"href":"https:\/\/talkpal.ai\/is\/wp-json\/wp\/v2\/media?parent=1476438"}],"curies":[{"name":"wp","href":"https:\/\/api.w.org\/{rel}","templated":true}]}}