{"id":1476396,"date":"2025-11-12T17:11:45","date_gmt":"2025-11-12T17:11:45","guid":{"rendered":"https:\/\/talkpal.ai\/telugu-malfraedi\/"},"modified":"2025-12-30T11:48:50","modified_gmt":"2025-12-30T11:48:50","slug":"telugu-malfraedi","status":"publish","type":"page","link":"https:\/\/talkpal.ai\/is\/telugu-malfraedi\/","title":{"rendered":"Tel\u00fag\u00fa m\u00e1lfr\u00e6\u00f0i"},"content":{"rendered":"\r\n\r\n\r\n<section class=\"languageChallengeSection\">\r\n    <div class=\"languageInfoWrapper\">\r\n        \r\n        <h1>Tel\u00fag\u00fa m\u00e1lfr\u00e6\u00f0i<\/h1>\r\n        <p><a href=\"https:\/\/talkpal.ai\/telugu-grammar\/\">Tel\u00fag\u00fa m\u00e1lfr\u00e6\u00f0i<\/a> kann a\u00f0 vir\u00f0ast krefjandi \u00ed fyrstu, en einstakir eiginleikar hennar gera tungum\u00e1lan\u00e1mi\u00f0 a\u00f0 gefandi upplifun. Me\u00f0 \u00fev\u00ed a\u00f0 sko\u00f0a stafr\u00f3fi\u00f0, st\u00f6kkbreytingar og m\u00e1lfr\u00e6\u00f0ireglur f\u00e6r\u00f0u inns\u00fdn \u00ed r\u00edka m\u00e1lhef\u00f0. Byrja\u00f0u fer\u00f0 \u00fe\u00edna og uppg\u00f6tva\u00f0u fegur\u00f0 Telugu!<\/p>\r\n\r\n                            <a class=\"getStartedHidden\" href=\"https:\/\/app.talkpal.ai\/signup?lng=\">Byrja\u00f0u<\/a>\r\n        \r\n    <\/div>\r\n\r\n    <figure>\r\n    <img decoding=\"async\" width=\"768\" height=\"768\" src=\"https:\/\/talkpal.ai\/wp-content\/uploads\/2023\/06\/welsh-768x768.png\" class=\"languageImage no-lazy\" alt=\"Language learning for better cognitive abilities\" fetchpriority=\"high\" sizes=\"(max-width: 768px) 150px, 768px\" srcset=\"https:\/\/talkpal.ai\/wp-content\/uploads\/2023\/06\/welsh-768x768.png 768w, https:\/\/talkpal.ai\/wp-content\/uploads\/2023\/06\/welsh-300x300.png 300w\" \/>\r\n    \r\n\r\n    <\/figure>\r\n\r\n            <a class=\"getStartedVisible\" href=\"https:\/\/app.talkpal.ai\/signup?lng=\">Byrja\u00f0u<\/a>\r\n    \r\n<\/section><section class=\"promotionalBanner\">\r\n    <p class=\"promotionalText\">Skilvirkasta lei\u00f0in til a\u00f0 l\u00e6ra tungum\u00e1l<\/p>\r\n    <a class=\"promotionalLink\" href=\"https:\/\/app.talkpal.ai\/signup?lng=\">Pr\u00f3fa\u00f0u Talkpal \u00f3keypis<\/a>\r\n<\/section>\n<div class=\"wp-block-group pageContainerStyle\"><div class=\"wp-block-group__inner-container is-layout-constrained wp-block-group-is-layout-constrained\">\n<h2 class=\"wp-block-heading\" id=\"h-navigating-the-intricacies-of-telugu-grammar\">A\u00f0 sigla um ranghala tel\u00fag\u00fa m\u00e1lfr\u00e6\u00f0i<\/h2>\n\n\n\n<p><a href=\"https:\/\/talkpal.ai\/is\/laerdu-telugu\/\">Tel\u00fag\u00fa<\/a>, dravid\u00edskt tungum\u00e1l me\u00f0 lifandi b\u00f3kmenntahef\u00f0 og menningarlega \u00fe\u00fd\u00f0ingu \u00ed Andhra Pradesh og Telangana, b\u00fd\u00f0ur upp \u00e1 spennandi tungum\u00e1laupplifun fyrir \u00fe\u00e1 sem eru f\u00fasir til a\u00f0 kanna einstakt m\u00e1lfr\u00e6\u00f0ikerfi \u00feess. \u00deegar \u00fe\u00fa fer\u00f0 inn \u00ed r\u00edki <a href=\"https:\/\/talkpal.ai\/learn-telugu\/\">tel\u00fag\u00fa<\/a> muntu ekki a\u00f0eins au\u00f0ga tungum\u00e1laskr\u00e1 \u00fe\u00edna heldur einnig fa\u00f0ma heillandi menningarfer\u00f0. \u00de\u00f3 a\u00f0 tel\u00fag\u00fa <a href=\"https:\/\/talkpal.ai\/grammar\/\">m\u00e1lfr\u00e6\u00f0i<\/a> kunni a\u00f0 vir\u00f0ast fl\u00f3kin \u00ed fyrstu, gerir \u00fea\u00f0 a\u00f0 skipta henni ni\u00f0ur \u00ed kjarna\u00fe\u00e6tti a\u00f0gengilegra a\u00f0 l\u00e6ra tungum\u00e1li\u00f0. \u00cd \u00feessari grein munum vi\u00f0 kanna gr\u00edpandi heim tel\u00fag\u00fa m\u00e1lfr\u00e6\u00f0i og gefa r\u00e1\u00f0 um hvernig \u00e1 a\u00f0 n\u00e1 t\u00f6kum \u00e1 margbreytileika hennar.<\/p>\n\n\n\n<h3 class=\"wp-block-heading\" id=\"h-1-telugu-alphabet-and-phonetics\">1. Tel\u00fag\u00fa stafr\u00f3f og hlj\u00f3\u00f0fr\u00e6\u00f0i<\/h3>\n\n\n\n<p>Tel\u00fag\u00fa-letri\u00f0 inniheldur 16 s\u00e9rhlj\u00f3\u00f0a og 36 samhlj\u00f3\u00f0a, \u00e1samt t\u00e1knum eins og anusvara og visarga. \u00dea\u00f0 er abugida, \u00fear sem samhlj\u00f3\u00f0at\u00e1kn bera e\u00f0lisl\u00e6gt s\u00e9rhlj\u00f3\u00f0 sem h\u00e6gt er a\u00f0 breyta me\u00f0 s\u00e9rhlj\u00f3\u00f0at\u00e1knum sem kallast gunintalu. Tel\u00fag\u00fa hlj\u00f3\u00f0fr\u00e6\u00f0i felur \u00ed s\u00e9r sk\u00fdrar langar og stuttar s\u00e9rhlj\u00f3\u00f0aandst\u00e6\u00f0ur og sett af aftursveigjanlegum samhlj\u00f3\u00f0um. Til a\u00f0 l\u00e6ra tel\u00fag\u00fa m\u00e1lfr\u00e6\u00f0i er mikilv\u00e6gt a\u00f0 kynnast \u00feessu s\u00e9rstaka ritkerfi me\u00f0 \u00fev\u00ed a\u00f0 \u00e6fa lestur og ritun \u00e1 tel\u00fag\u00fa.<\/p>\n\n\n\n<h3 class=\"wp-block-heading\" id=\"h-2-sandhi-and-assimilation-a-notable-telugu-feature\">2. Sandhi og a\u00f0l\u00f6gun: \u00c1berandi Telugu eiginleiki<\/h3>\n\n\n\n<p>Einn af mest sl\u00e1andi \u00fe\u00e1ttum tel\u00fag\u00fa m\u00e1lfr\u00e6\u00f0i er notkun sandhi og hlj\u00f3\u00f0fr\u00e6\u00f0ilegrar a\u00f0l\u00f6gunar, sem valda \u00fev\u00ed a\u00f0 hlj\u00f3\u00f0 breytast vi\u00f0 m\u00f6rk or\u00f0a og morfems. S\u00e9rhlj\u00f3\u00f0ar geta sameinast e\u00f0a lengst og samhlj\u00f3\u00f0ar geta samlagast e\u00f0a geminate. Skilningur \u00e1 \u00fev\u00ed hven\u00e6r og hvernig \u00feessar breytingar eiga s\u00e9r sta\u00f0, b\u00e6\u00f0i \u00ed tali og r\u00e9ttritun, er mikilv\u00e6gt fyrir n\u00e1kv\u00e6m samskipti \u00ed tel\u00fag\u00fa.<\/p>\n\n\n\n<h3 class=\"wp-block-heading\" id=\"h-3-nouns-and-pronouns-gender-and-cases\">3. Nafnor\u00f0 og forn\u00f6fn: Kyn og m\u00e1l<\/h3>\n\n\n\n<p>Tel\u00fag\u00fa nafnor\u00f0 eru ekki merkt fyrir m\u00e1lfr\u00e6\u00f0ilegt kyn \u00e1 <a href=\"https:\/\/talkpal.ai\/locations\/language-courses-in-sama\/\">sama<\/a> h\u00e1tt og sum ind\u00f3evr\u00f3psk tungum\u00e1l, en samkomulag endurspeglast \u00ed s\u00f6gnum og forn\u00f6fnum, sem a\u00f0greina karlkyn, kvenkyn og n\u00fdyr\u00f0i \u00ed \u00feri\u00f0ju pers\u00f3nu. Fleirt\u00f6lur eru venjulega mynda\u00f0ar me\u00f0 vi\u00f0skeytinu -lu, \u00fe\u00f3 mynstur s\u00e9u mismunandi eftir nafnor\u00f0aflokki. Tel\u00fag\u00fa notar h\u00e1stafsvi\u00f0skeyti til a\u00f0 merkja tengsl, svo sem \u00e1fallsfall -ni, dativ -ki e\u00f0a -ku, eignarfall -di e\u00f0a -yokka, instrumental -to, sta\u00f0setningar-lo og ey\u00f0ingaror\u00f0 -nundi. Forn\u00f6fn eru pers\u00f3nuleg (nenu, nuvvu, meeru, atanu, ame, adi), eignarfall (naa, nee, maa, me), vi\u00f0brag\u00f0 (tanu \u00ed \u00fdmsum a\u00f0ger\u00f0um), s\u00fdnikennsla (idi, adi, ivvi, avi) og spyrjandi (emi, evaru, \u0113di). A\u00f0 kynnast \u00feessum ey\u00f0ubl\u00f6\u00f0um mun auka verulega t\u00f6k \u00fe\u00edn \u00e1 tel\u00fag\u00fa m\u00e1lfr\u00e6\u00f0i.<\/p>\n\n\n\n<h3 class=\"wp-block-heading\" id=\"h-4-verbs-structure-and-conjugation\">4. Sagnir: Uppbygging og samtenging<\/h3>\n\n\n\n<p>Tel\u00fag\u00fasagnir eru agglutinative og samtengdar fyrir pers\u00f3nu, t\u00f6lu og oft kyn, me\u00f0 vi\u00f0b\u00f3tarmerkingu fyrir t\u00ed\u00f0, \u00fe\u00e1tt, skap og kurteisi. Algengar t\u00ed\u00f0ir og \u00fe\u00e6ttir eru me\u00f0al annars fort\u00ed\u00f0, framt\u00ed\u00f0 og v\u00ed\u00f0a notu\u00f0 n\u00fat\u00ed\u00f0 frams\u00e6kin \u00ed -tunn- formi. Skap er tj\u00e1\u00f0 me\u00f0 br\u00fdnum og skilyrtum formum og kurteisi er merkt me\u00f0 vir\u00f0ingarfullum endum eins og -andi. A\u00f0 l\u00e6ra sagnstofna og samtengingarmynstur mun b\u00e6ta getu \u00fe\u00edna til a\u00f0 eiga skilvirk samskipti \u00e1 tel\u00fag\u00fa.<\/p>\n\n\n\n<h3 class=\"wp-block-heading\" id=\"h-5-adjectives-agreement-and-placement\">5. L\u00fdsingaror\u00f0: Samkomulag og sta\u00f0setning<\/h3>\n\n\n\n<p>\u00cd tel\u00fag\u00fa m\u00e1lfr\u00e6\u00f0i eru l\u00fdsingaror\u00f0 venjulega \u00e1 undan nafnor\u00f0inu sem \u00feau breyta og breyta almennt ekki formi fyrir t\u00f6lu e\u00f0a kyn. L\u00fdsingaror\u00f0 og \u00e1kve\u00f0in l\u00e1nsform geta s\u00fdnt frekari formger\u00f0 og samanbur\u00f0ur er oft settur fram greinandi me\u00f0 or\u00f0um eins og inka fyrir meira og atyantha e\u00f0a ch\u0101la fyrir flesta, me\u00f0 kannamerkingarsamanbur\u00f0i. \u00deessi mynstur eru nau\u00f0synleg til a\u00f0 l\u00e6ra a\u00f0 eiga e\u00f0lilegri samskipti.<\/p>\n\n\n\n<p><strong>D\u00e6mi:<\/strong><\/p>\n\n\n\n<p><strong>\u2013 Pedda Prema (St\u00f3r \u00e1st)<\/strong><\/p>\n\n\n\n<p><strong>\u2013 Chinna Pillalu (l\u00edtil b\u00f6rn)<\/strong><\/p>\n\n\n\n<h3 class=\"wp-block-heading\" id=\"h-6-engaging-with-the-language\">6. A\u00f0 taka \u00fe\u00e1tt \u00ed tungum\u00e1linu<\/h3>\n\n\n\n<p>\u00c1hrifar\u00edkasta lei\u00f0in til a\u00f0 skilja og innbyr\u00f0a tel\u00fag\u00fa m\u00e1lfr\u00e6\u00f0i a\u00f0 fullu er a\u00f0 taka st\u00f6\u00f0ugt \u00fe\u00e1tt \u00ed tungum\u00e1linu. Me\u00f0 \u00fev\u00ed a\u00f0 lesa tel\u00fag\u00fa b\u00f3kmenntir, horfa \u00e1 tel\u00fag\u00fa kvikmyndir e\u00f0a sj\u00f3nvarps\u00fe\u00e6tti og eiga virk samskipti vi\u00f0 m\u00f3\u00f0urm\u00e1l styrkir \u00fe\u00fa skilning \u00feinn \u00e1 m\u00e1lfr\u00e6\u00f0i \u00e1 me\u00f0an \u00fe\u00fa st\u00e6kkar or\u00f0afor\u00f0a \u00feinn.<\/p>\n\n\n\n<h3 class=\"wp-block-heading\" id=\"h-conclusion\">Ni\u00f0ursta\u00f0a<\/h3>\n\n\n\n<p>\u00de\u00f3 a\u00f0 tel\u00fag\u00fa m\u00e1lfr\u00e6\u00f0i kunni a\u00f0 vir\u00f0ast fl\u00f3kin getur\u00f0u or\u00f0i\u00f0 f\u00e6r \u00ed \u00feessu fallega tungum\u00e1li me\u00f0 hollustu, \u00e6fingu og eldm\u00f3\u00f0i. Me\u00f0 \u00fev\u00ed a\u00f0 einbeita \u00fe\u00e9r a\u00f0 grundvallarreglunum og taka \u00fe\u00e1tt \u00ed tungum\u00e1linu \u00ed mismunandi samhengi muntu flj\u00f3tt auka <a href=\"https:\/\/talkpal.ai\/is\/malfraedi\/\">tel\u00fag\u00fa m\u00e1lfr\u00e6\u00f0ikunn\u00e1ttu<\/a> \u00fe\u00edna. Shubhakankshalu (bestu \u00f3skir) me\u00f0 tel\u00fag\u00fa tungum\u00e1lafer\u00f0 \u00feinni og nj\u00f3ttu \u00feess a\u00f0 afhj\u00fapa r\u00edkan og gr\u00edpandi heim tel\u00fag\u00fa m\u00e1lfr\u00e6\u00f0i!<\/p>\n<\/div><\/div>\n\r\n<section class=\"learnNavigationSection\">\r\n            \r\n        <a href=\"https:\/\/talkpal.ai\/is\/laerdu-telugu\/\">\r\n            <div class=\"learnNavigationWrapper\">\r\n                <div class=\"learnNavigationContent\">\r\n                    <img decoding=\"async\" src=\"https:\/\/talkpal.ai\/wp-content\/uploads\/2025\/11\/Telugu.png\" alt=\"Indian Simplified Flag\">\r\n                    <div>\r\n                        <h4>Um Telugu Learning<\/h4>\r\n                        <p>Finndu \u00fat allt um Telugu Grammar.<\/p>\r\n                    <\/div>\r\n                <\/div>\r\n            <\/div>\r\n        <\/a>\r\n\r\n        \r\n        <a href=\"https:\/\/talkpal.ai\/is\/telugu-malfraediaefingar\/\">\r\n            <div class=\"learnNavigationWrapper\">\r\n                <div class=\"learnNavigationContent\">\r\n                    <img decoding=\"async\" src=\"https:\/\/talkpal.ai\/wp-content\/uploads\/2025\/11\/Telugu.png\" alt=\"Indian Simplified Flag\">\r\n                    <div>\r\n                        <h4>Telugu m\u00e1lfr\u00e6\u00f0i\u00e6fing<\/h4>\r\n                        <p>\u00c6f\u00f0u tel\u00fag\u00fa m\u00e1lfr\u00e6\u00f0i.<\/p>\r\n                    <\/div>\r\n                <\/div>\r\n            <\/div>\r\n        <\/a>\r\n\r\n            <\/section>","protected":false},"excerpt":{"rendered":"<p>A\u00f0 sigla um ranghala tel\u00fag\u00fa m\u00e1lfr\u00e6\u00f0i Tel\u00fag\u00fa, dravid\u00edskt tungum\u00e1l me\u00f0 lifandi b\u00f3kmenntahef\u00f0 og menningarlega \u00fe\u00fd\u00f0ingu \u00ed Andhra Pradesh og Telangana, b\u00fd\u00f0ur upp \u00e1 spennandi tungum\u00e1laupplifun fyrir \u00fe\u00e1 sem eru f\u00fasir til a\u00f0 kanna einstakt m\u00e1lfr\u00e6\u00f0ikerfi \u00feess. \u00deegar \u00fe\u00fa fer\u00f0 inn \u00ed r\u00edki tel\u00fag\u00fa muntu ekki a\u00f0eins au\u00f0ga tungum\u00e1laskr\u00e1 \u00fe\u00edna heldur einnig fa\u00f0ma heillandi menningarfer\u00f0. \u00de\u00f3 [&hellip;]<\/p>\n","protected":false},"author":20,"featured_media":0,"parent":0,"menu_order":0,"comment_status":"closed","ping_status":"closed","template":"LearningContentPage.php","meta":{"_acf_changed":false,"footnotes":""},"class_list":["post-1476396","page","type-page","status-publish","hentry"],"acf":[],"yoast_head":"<!-- This site is optimized with the Yoast SEO Premium plugin v27.2 (Yoast SEO v27.2) - https:\/\/yoast.com\/product\/yoast-seo-premium-wordpress\/ -->\n<title>Tel\u00fag\u00fa m\u00e1lfr\u00e6\u00f0i - Talkpal<\/title>\n<meta name=\"description\" content=\"L\u00e6r\u00f0u m\u00e1lfr\u00e6\u00f0ireglur tel\u00fag\u00fa, \u00fear \u00e1 me\u00f0al sandhi, f\u00f6ll og sagnbeygingar, me\u00f0 \u00edtarlegri lei\u00f0beiningum okkar og gagnvirkum \u00e6fingum.\" \/>\n<meta name=\"robots\" content=\"index, follow, max-snippet:-1, max-image-preview:large, max-video-preview:-1\" \/>\n<link rel=\"canonical\" href=\"https:\/\/talkpal.ai\/is\/telugu-malfraedi\/\" \/>\n<meta property=\"og:locale\" content=\"is_IS\" \/>\n<meta property=\"og:type\" content=\"article\" \/>\n<meta property=\"og:title\" content=\"Tel\u00fag\u00fa m\u00e1lfr\u00e6\u00f0i\" \/>\n<meta property=\"og:description\" content=\"A\u00f0 sigla um ranghala tel\u00fag\u00fa m\u00e1lfr\u00e6\u00f0i Tel\u00fag\u00fa, dravid\u00edskt tungum\u00e1l me\u00f0 lifandi b\u00f3kmenntahef\u00f0 og menningarlega \u00fe\u00fd\u00f0ingu \u00ed Andhra Pradesh og Telangana, b\u00fd\u00f0ur\" \/>\n<meta property=\"og:url\" content=\"https:\/\/talkpal.ai\/is\/telugu-malfraedi\/\" \/>\n<meta property=\"og:site_name\" content=\"Talkpal\" \/>\n<meta property=\"article:publisher\" content=\"https:\/\/www.facebook.com\/profile.php?id=100090733639311\" \/>\n<meta property=\"article:modified_time\" content=\"2025-12-30T11:48:50+00:00\" \/>\n<meta property=\"og:image\" content=\"https:\/\/talkpal.ai\/wp-content\/uploads\/2025\/02\/Progress-tab-16_9.png\" \/>\n\t<meta property=\"og:image:width\" content=\"2880\" \/>\n\t<meta property=\"og:image:height\" content=\"1620\" \/>\n\t<meta property=\"og:image:type\" content=\"image\/png\" \/>\n<meta name=\"twitter:card\" content=\"summary_large_image\" \/>\n<meta name=\"twitter:site\" content=\"@talkpalai\" \/>\n<meta name=\"twitter:label1\" content=\"Est. reading time\" \/>\n\t<meta name=\"twitter:data1\" content=\"4 minutes\" \/>\n<script type=\"application\/ld+json\" class=\"yoast-schema-graph\">{\"@context\":\"https:\/\/schema.org\",\"@graph\":[{\"@type\":\"WebPage\",\"@id\":\"https:\/\/talkpal.ai\/is\/telugu-malfraedi\/\",\"url\":\"https:\/\/talkpal.ai\/is\/telugu-malfraedi\/\",\"name\":\"Tel\u00fag\u00fa m\u00e1lfr\u00e6\u00f0i - Talkpal\",\"isPartOf\":{\"@id\":\"https:\/\/talkpal.ai\/is\/#website\"},\"datePublished\":\"2025-11-12T17:11:45+00:00\",\"dateModified\":\"2025-12-30T11:48:50+00:00\",\"description\":\"L\u00e6r\u00f0u m\u00e1lfr\u00e6\u00f0ireglur tel\u00fag\u00fa, \u00fear \u00e1 me\u00f0al sandhi, f\u00f6ll og sagnbeygingar, me\u00f0 \u00edtarlegri lei\u00f0beiningum okkar og gagnvirkum \u00e6fingum.\",\"breadcrumb\":{\"@id\":\"https:\/\/talkpal.ai\/is\/telugu-malfraedi\/#breadcrumb\"},\"inLanguage\":\"is\",\"potentialAction\":[{\"@type\":\"ReadAction\",\"target\":[\"https:\/\/talkpal.ai\/is\/telugu-malfraedi\/\"]}]},{\"@type\":\"BreadcrumbList\",\"@id\":\"https:\/\/talkpal.ai\/is\/telugu-malfraedi\/#breadcrumb\",\"itemListElement\":[{\"@type\":\"ListItem\",\"position\":1,\"name\":\"Homepage\",\"item\":\"https:\/\/talkpal.ai\/is\/\"},{\"@type\":\"ListItem\",\"position\":2,\"name\":\"Tel\u00fag\u00fa m\u00e1lfr\u00e6\u00f0i\"}]},{\"@type\":\"WebSite\",\"@id\":\"https:\/\/talkpal.ai\/is\/#website\",\"url\":\"https:\/\/talkpal.ai\/is\/\",\"name\":\"Talkpal\",\"description\":\"AI Language Learning\",\"publisher\":{\"@id\":\"https:\/\/talkpal.ai\/is\/#organization\"},\"alternateName\":\"Talkpal AI\",\"potentialAction\":[{\"@type\":\"SearchAction\",\"target\":{\"@type\":\"EntryPoint\",\"urlTemplate\":\"https:\/\/talkpal.ai\/is\/?s={search_term_string}\"},\"query-input\":{\"@type\":\"PropertyValueSpecification\",\"valueRequired\":true,\"valueName\":\"search_term_string\"}}],\"inLanguage\":\"is\"},{\"@type\":\"Organization\",\"@id\":\"https:\/\/talkpal.ai\/is\/#organization\",\"name\":\"Talkpal, Inc.\",\"alternateName\":\"Talkpal AI\",\"url\":\"https:\/\/talkpal.ai\/is\/\",\"logo\":{\"@type\":\"ImageObject\",\"inLanguage\":\"is\",\"@id\":\"https:\/\/talkpal.ai\/is\/#\/schema\/logo\/image\/\",\"url\":\"https:\/\/talkpal.ai\/wp-content\/uploads\/2024\/03\/Talkpal-Logo-Icon.png\",\"contentUrl\":\"https:\/\/talkpal.ai\/wp-content\/uploads\/2024\/03\/Talkpal-Logo-Icon.png\",\"width\":2880,\"height\":2880,\"caption\":\"Talkpal, Inc.\"},\"image\":{\"@id\":\"https:\/\/talkpal.ai\/is\/#\/schema\/logo\/image\/\"},\"sameAs\":[\"https:\/\/www.facebook.com\/profile.php?id=100090733639311\",\"https:\/\/x.com\/talkpalai\",\"https:\/\/www.linkedin.com\/company\/talkpal\/\",\"https:\/\/www.youtube.com\/@TalkPal\/\",\"https:\/\/www.tiktok.com\/@talkpal\",\"https:\/\/www.instagram.com\/talkpal_ai\/\",\"https:\/\/www.crunchbase.com\/organization\/talkpal-9cde\",\"https:\/\/www.g2.com\/products\/talkpal-for-business\/\",\"https:\/\/www.trustpilot.com\/review\/talkpal.ai\",\"https:\/\/www.capterra.com\/p\/10006800\/TalkPal\/\"],\"description\":\"Talkpal is a language learning web and mobile education app, powered by the latest AI technologies, that provides engaging experiences to its customers in many different languages to help them improve their language skills. Users can chat about unlimited amount of topics with the app and use other modes to practice their language learning.\",\"email\":\"support@talkpal.ai\",\"legalName\":\"Talkpal, Inc.\",\"foundingDate\":\"2023-04-03\",\"duns\":\"118989042\",\"numberOfEmployees\":{\"@type\":\"QuantitativeValue\",\"minValue\":\"11\",\"maxValue\":\"50\"},\"publishingPrinciples\":\"https:\/\/talkpal.ai\/publishing-principles\/\",\"actionableFeedbackPolicy\":\"https:\/\/talkpal.ai\/actionable-feedback-policy\/\",\"correctionsPolicy\":\"https:\/\/talkpal.ai\/corrections-policy\/\",\"ethicsPolicy\":\"https:\/\/talkpal.ai\/ethics-policy\/\",\"diversityPolicy\":\"https:\/\/talkpal.ai\/diversity-policy\/\",\"diversityStaffingReport\":\"https:\/\/talkpal.ai\/diversity-policy\/\"}]}<\/script>\n<!-- \/ Yoast SEO Premium plugin. -->","yoast_head_json":{"title":"Tel\u00fag\u00fa m\u00e1lfr\u00e6\u00f0i - Talkpal","description":"L\u00e6r\u00f0u m\u00e1lfr\u00e6\u00f0ireglur tel\u00fag\u00fa, \u00fear \u00e1 me\u00f0al sandhi, f\u00f6ll og sagnbeygingar, me\u00f0 \u00edtarlegri lei\u00f0beiningum okkar og gagnvirkum \u00e6fingum.","robots":{"index":"index","follow":"follow","max-snippet":"max-snippet:-1","max-image-preview":"max-image-preview:large","max-video-preview":"max-video-preview:-1"},"canonical":"https:\/\/talkpal.ai\/is\/telugu-malfraedi\/","og_locale":"is_IS","og_type":"article","og_title":"Tel\u00fag\u00fa m\u00e1lfr\u00e6\u00f0i","og_description":"A\u00f0 sigla um ranghala tel\u00fag\u00fa m\u00e1lfr\u00e6\u00f0i Tel\u00fag\u00fa, dravid\u00edskt tungum\u00e1l me\u00f0 lifandi b\u00f3kmenntahef\u00f0 og menningarlega \u00fe\u00fd\u00f0ingu \u00ed Andhra Pradesh og Telangana, b\u00fd\u00f0ur","og_url":"https:\/\/talkpal.ai\/is\/telugu-malfraedi\/","og_site_name":"Talkpal","article_publisher":"https:\/\/www.facebook.com\/profile.php?id=100090733639311","article_modified_time":"2025-12-30T11:48:50+00:00","og_image":[{"width":2880,"height":1620,"url":"https:\/\/talkpal.ai\/wp-content\/uploads\/2025\/02\/Progress-tab-16_9.png","type":"image\/png"}],"twitter_card":"summary_large_image","twitter_site":"@talkpalai","twitter_misc":{"Est. reading time":"4 minutes"},"schema":{"@context":"https:\/\/schema.org","@graph":[{"@type":"WebPage","@id":"https:\/\/talkpal.ai\/is\/telugu-malfraedi\/","url":"https:\/\/talkpal.ai\/is\/telugu-malfraedi\/","name":"Tel\u00fag\u00fa m\u00e1lfr\u00e6\u00f0i - Talkpal","isPartOf":{"@id":"https:\/\/talkpal.ai\/is\/#website"},"datePublished":"2025-11-12T17:11:45+00:00","dateModified":"2025-12-30T11:48:50+00:00","description":"L\u00e6r\u00f0u m\u00e1lfr\u00e6\u00f0ireglur tel\u00fag\u00fa, \u00fear \u00e1 me\u00f0al sandhi, f\u00f6ll og sagnbeygingar, me\u00f0 \u00edtarlegri lei\u00f0beiningum okkar og gagnvirkum \u00e6fingum.","breadcrumb":{"@id":"https:\/\/talkpal.ai\/is\/telugu-malfraedi\/#breadcrumb"},"inLanguage":"is","potentialAction":[{"@type":"ReadAction","target":["https:\/\/talkpal.ai\/is\/telugu-malfraedi\/"]}]},{"@type":"BreadcrumbList","@id":"https:\/\/talkpal.ai\/is\/telugu-malfraedi\/#breadcrumb","itemListElement":[{"@type":"ListItem","position":1,"name":"Homepage","item":"https:\/\/talkpal.ai\/is\/"},{"@type":"ListItem","position":2,"name":"Tel\u00fag\u00fa m\u00e1lfr\u00e6\u00f0i"}]},{"@type":"WebSite","@id":"https:\/\/talkpal.ai\/is\/#website","url":"https:\/\/talkpal.ai\/is\/","name":"Talkpal","description":"AI Language Learning","publisher":{"@id":"https:\/\/talkpal.ai\/is\/#organization"},"alternateName":"Talkpal AI","potentialAction":[{"@type":"SearchAction","target":{"@type":"EntryPoint","urlTemplate":"https:\/\/talkpal.ai\/is\/?s={search_term_string}"},"query-input":{"@type":"PropertyValueSpecification","valueRequired":true,"valueName":"search_term_string"}}],"inLanguage":"is"},{"@type":"Organization","@id":"https:\/\/talkpal.ai\/is\/#organization","name":"Talkpal, Inc.","alternateName":"Talkpal AI","url":"https:\/\/talkpal.ai\/is\/","logo":{"@type":"ImageObject","inLanguage":"is","@id":"https:\/\/talkpal.ai\/is\/#\/schema\/logo\/image\/","url":"https:\/\/talkpal.ai\/wp-content\/uploads\/2024\/03\/Talkpal-Logo-Icon.png","contentUrl":"https:\/\/talkpal.ai\/wp-content\/uploads\/2024\/03\/Talkpal-Logo-Icon.png","width":2880,"height":2880,"caption":"Talkpal, Inc."},"image":{"@id":"https:\/\/talkpal.ai\/is\/#\/schema\/logo\/image\/"},"sameAs":["https:\/\/www.facebook.com\/profile.php?id=100090733639311","https:\/\/x.com\/talkpalai","https:\/\/www.linkedin.com\/company\/talkpal\/","https:\/\/www.youtube.com\/@TalkPal\/","https:\/\/www.tiktok.com\/@talkpal","https:\/\/www.instagram.com\/talkpal_ai\/","https:\/\/www.crunchbase.com\/organization\/talkpal-9cde","https:\/\/www.g2.com\/products\/talkpal-for-business\/","https:\/\/www.trustpilot.com\/review\/talkpal.ai","https:\/\/www.capterra.com\/p\/10006800\/TalkPal\/"],"description":"Talkpal is a language learning web and mobile education app, powered by the latest AI technologies, that provides engaging experiences to its customers in many different languages to help them improve their language skills. Users can chat about unlimited amount of topics with the app and use other modes to practice their language learning.","email":"support@talkpal.ai","legalName":"Talkpal, Inc.","foundingDate":"2023-04-03","duns":"118989042","numberOfEmployees":{"@type":"QuantitativeValue","minValue":"11","maxValue":"50"},"publishingPrinciples":"https:\/\/talkpal.ai\/publishing-principles\/","actionableFeedbackPolicy":"https:\/\/talkpal.ai\/actionable-feedback-policy\/","correctionsPolicy":"https:\/\/talkpal.ai\/corrections-policy\/","ethicsPolicy":"https:\/\/talkpal.ai\/ethics-policy\/","diversityPolicy":"https:\/\/talkpal.ai\/diversity-policy\/","diversityStaffingReport":"https:\/\/talkpal.ai\/diversity-policy\/"}]}},"_links":{"self":[{"href":"https:\/\/talkpal.ai\/is\/wp-json\/wp\/v2\/pages\/1476396","targetHints":{"allow":["GET"]}}],"collection":[{"href":"https:\/\/talkpal.ai\/is\/wp-json\/wp\/v2\/pages"}],"about":[{"href":"https:\/\/talkpal.ai\/is\/wp-json\/wp\/v2\/types\/page"}],"author":[{"embeddable":true,"href":"https:\/\/talkpal.ai\/is\/wp-json\/wp\/v2\/users\/20"}],"replies":[{"embeddable":true,"href":"https:\/\/talkpal.ai\/is\/wp-json\/wp\/v2\/comments?post=1476396"}],"version-history":[{"count":0,"href":"https:\/\/talkpal.ai\/is\/wp-json\/wp\/v2\/pages\/1476396\/revisions"}],"wp:attachment":[{"href":"https:\/\/talkpal.ai\/is\/wp-json\/wp\/v2\/media?parent=1476396"}],"curies":[{"name":"wp","href":"https:\/\/api.w.org\/{rel}","templated":true}]}}