{"id":1476375,"date":"2025-11-12T16:46:50","date_gmt":"2025-11-12T16:46:50","guid":{"rendered":"https:\/\/talkpal.ai\/singaliskar-malfraediaefingar\/"},"modified":"2025-12-30T11:07:32","modified_gmt":"2025-12-30T11:07:32","slug":"singaliskar-malfraediaefingar","status":"publish","type":"page","link":"https:\/\/talkpal.ai\/is\/singaliskar-malfraediaefingar\/","title":{"rendered":"Singal\u00edskar m\u00e1lfr\u00e6\u00f0i\u00e6fingar"},"content":{"rendered":"\r\n\r\n\r\n<section class=\"languageChallengeSection\">\r\n    <div class=\"languageInfoWrapper\">\r\n        \r\n        <h1>Singal\u00edskar m\u00e1lfr\u00e6\u00f0i\u00e6fingar<\/h1>\r\n        <p>Tilb\u00fainn til a\u00f0 kafa ofan \u00ed singal\u00edska <a href=\"https:\/\/talkpal.ai\/grammar\/\">m\u00e1lfr\u00e6\u00f0i<\/a>? A\u00f0 \u00e6fa sig \u00ed nokkrum grunnatri\u00f0um mun hj\u00e1lpa \u00fe\u00e9r a\u00f0 tileinka \u00fe\u00e9r \u00feetta einstaka og fallega tungum\u00e1l. Pr\u00f3fa\u00f0u \u00feessar \u00e6fingar til a\u00f0 byggja upp sj\u00e1lfstrausti\u00f0 og skemmta \u00fe\u00e9r vel \u00ed lei\u00f0inni!<\/p>\r\n\r\n                            <a class=\"getStartedHidden\" href=\"https:\/\/app.talkpal.ai\/signup?lng=\">Byrja\u00f0u<\/a>\r\n        \r\n    <\/div>\r\n\r\n    <figure>\r\n    <img decoding=\"async\" width=\"768\" height=\"768\" src=\"https:\/\/talkpal.ai\/wp-content\/uploads\/2023\/06\/welsh-768x768.png\" class=\"languageImage no-lazy\" alt=\"Language learning for better cognitive abilities\" fetchpriority=\"high\" sizes=\"(max-width: 768px) 150px, 768px\" srcset=\"https:\/\/talkpal.ai\/wp-content\/uploads\/2023\/06\/welsh-768x768.png 768w, https:\/\/talkpal.ai\/wp-content\/uploads\/2023\/06\/welsh-300x300.png 300w\" \/>\r\n    \r\n\r\n    <\/figure>\r\n\r\n            <a class=\"getStartedVisible\" href=\"https:\/\/app.talkpal.ai\/signup?lng=\">Byrja\u00f0u<\/a>\r\n    \r\n<\/section><section class=\"promotionalBanner\">\r\n    <p class=\"promotionalText\">Skilvirkasta lei\u00f0in til a\u00f0 l\u00e6ra tungum\u00e1l<\/p>\r\n    <a class=\"promotionalLink\" href=\"https:\/\/app.talkpal.ai\/signup?lng=\">Pr\u00f3fa\u00f0u Talkpal \u00f3keypis<\/a>\r\n<\/section>\n<div class=\"wp-block-group pageContainerStyle\"><div class=\"wp-block-group__inner-container is-layout-constrained wp-block-group-is-layout-constrained\">\n<h2 class=\"wp-block-heading\" id=\"h-sinhala-grammar-topics\">Singal\u00edsk m\u00e1lfr\u00e6\u00f0i efni<\/h2>\n\n\n\n<p><a href=\"https:\/\/talkpal.ai\/is\/staerstu-mistokin-sem-tharf-ad-fordast-thegar-thu-laerir-nytt-tungumal\/\">A\u00f0 l\u00e6ra n\u00fdtt tungum\u00e1l<\/a> getur veri\u00f0 krefjandi en gefandi vi\u00f0leitni. Singal\u00edska, ind\u00f3ar\u00edskt tungum\u00e1l sem a\u00f0allega er tala\u00f0 \u00e1 Sri Lanka, er engin undantekning. Me\u00f0 einst\u00f6kum eiginleikum s\u00ednum og uppbyggingu krefst <a href=\"https:\/\/talkpal.ai\/is\/talkpal-fyrir-menntun\/\">n\u00e1m<\/a> singal\u00edsku kerfisbundinnar n\u00e1lgunar til a\u00f0 skilja m\u00e1lfr\u00e6\u00f0i \u00feess. \u00deessi handb\u00f3k \u00fatlistar lykilsvi\u00f0 <a href=\"https:\/\/talkpal.ai\/is\/singalisk-malfraedi\/\">singal\u00edskrar m\u00e1lfr\u00e6\u00f0i<\/a> \u00ed r\u00f6kr\u00e9ttri r\u00f6\u00f0 fyrir <a href=\"https:\/\/talkpal.ai\/is\/talkpal-fyrir-menntun\/\">tungum\u00e1lan\u00e1m<\/a>, byrja\u00f0 \u00e1 grunnatri\u00f0um eins og nafnor\u00f0um og greinum, og fari\u00f0 yfir \u00e1 fl\u00f3knari sv\u00e6\u00f0i eins og t\u00ed\u00f0ir og setningager\u00f0.<\/p>\n\n\n\n<h3 class=\"wp-block-heading\" id=\"h-1-nouns\">1. Nafnor\u00f0:<\/h3>\n\n\n\n<p>Byrja\u00f0u fer\u00f0alag \u00feitt \u00e1 singal\u00edsku tungum\u00e1li me\u00f0 \u00fev\u00ed a\u00f0 l\u00e6ra nafnor\u00f0in. \u00deetta felur \u00ed s\u00e9r a\u00f0 skilja mismunandi flokka nafnor\u00f0a, svo sem algeng n\u00f6fn og s\u00e9rn\u00f6fn sem og fleirt\u00f6luform \u00feeirra og hvernig <a href=\"https:\/\/talkpal.ai\/locations\/language-courses-in-tala\/\">tala<\/a> og \u00e1kve\u00f0ni eru tj\u00e1\u00f0 \u00ed samhengi.<\/p>\n\n\n\n<h3 class=\"wp-block-heading\" id=\"h-2-articles\">2. Greinar:<\/h3>\n\n\n\n<p>Singal\u00edska notar ekki \u00e1kve\u00f0na e\u00f0a \u00f3\u00e1kve\u00f0na hluti \u00e1 <a href=\"https:\/\/talkpal.ai\/locations\/language-courses-in-sama\/\">sama<\/a> h\u00e1tt og <a href=\"https:\/\/talkpal.ai\/ai-english-speaking-practice\/\">enska<\/a>. \u00d3\u00e1kve\u00f0ni me\u00f0 talningarnafnor\u00f0um er oft s\u00fdnd me\u00f0 vi\u00f0skeyti eins og -ek e\u00f0a -ak, en \u00e1kve\u00f0ni er venjulega gefin til kynna me\u00f0 samhengi og \u00f6gnum eins og tiltekna hlutmerkinu -wa.<\/p>\n\n\n\n<h3 class=\"wp-block-heading\" id=\"h-3-adjectives\">3. L\u00fdsingaror\u00f0:<\/h3>\n\n\n\n<p>L\u00fdsingaror\u00f0 \u00e1 singal\u00edsku koma venjulega \u00e1 undan nafnor\u00f0unum sem \u00feau breyta. \u00deeir breytast almennt ekki eftir fj\u00f6lda e\u00f0a kyni. L\u00e6r\u00f0u hvernig \u00e1 a\u00f0 mynda samanbur\u00f0 vi\u00f0 wada sem \u00fe\u00fd\u00f0ir fleiri og algengar lei\u00f0ir til a\u00f0 tj\u00e1 yfirbur\u00f0ina, oft me\u00f0 <a href=\"https:\/\/talkpal.ai\/locations\/language-courses-in-tama\/\">tama<\/a> og \u00e1herslumerkjum.<\/p>\n\n\n\n<h3 class=\"wp-block-heading\" id=\"h-4-pronouns-determiners\">4. Forn\u00f6fn\/\u00e1kv\u00f6r\u00f0unaror\u00f0:<\/h3>\n\n\n\n<p>Forn\u00f6fn og \u00e1kvar\u00f0anir eru nau\u00f0synleg \u00ed singal\u00edsku; \u00fe\u00e6r endurspegla pers\u00f3nu, fj\u00f6lda og stig kurteisi e\u00f0a hei\u00f0urs. Eign er venjulega s\u00fdnd me\u00f0 eignarfallsmerkinu -ge. S\u00fdnikennsla eins og \u00feetta og hitt og magnm\u00e6li hj\u00e1lpa til vi\u00f0 a\u00f0 tilgreina tilv\u00edsun og magn.<\/p>\n\n\n\n<h3 class=\"wp-block-heading\" id=\"h-5-verbs\">5. Sagnir:<\/h3>\n\n\n\n<p>Singal\u00edskar sagnir breyta um form eftir t\u00ed\u00f0, p\u00f3lun og stundum kurteisi, frekar en pers\u00f3nu e\u00f0a t\u00f6lu. Byrja\u00f0u \u00e1 n\u00fat\u00ed\u00f0arformunum sem notu\u00f0 eru \u00ed daglegu tali, sko\u00f0a\u00f0u s\u00ed\u00f0an fort\u00ed\u00f0 og framt\u00ed\u00f0, sem og nau\u00f0syn og neikv\u00e6\u00f0.<\/p>\n\n\n\n<h3 class=\"wp-block-heading\" id=\"h-6-tenses\">6. Spennur:<\/h3>\n\n\n\n<p>Eftir <a href=\"https:\/\/talkpal.ai\/culture\/what-is-the-verb-ad-hafa-and-when-is-it-used\/\">a\u00f0 hafa<\/a> n\u00e1\u00f0 t\u00f6kum \u00e1 sagnformunum skaltu kafa d\u00fdpra \u00ed singal\u00edskar t\u00ed\u00f0ir. Einbeittu \u00fe\u00e9r a\u00f0 n\u00fat\u00ed\u00f0, fort\u00ed\u00f0 og framt\u00ed\u00f0 og l\u00e6r\u00f0u hvernig fullkomin merking er bygg\u00f0 upp me\u00f0 hj\u00e1lpart\u00e6kjum eins og tiyenawa hafa og inna vera \u00ed daglegu tali.<\/p>\n\n\n\n<h3 class=\"wp-block-heading\" id=\"h-7-tense-comparison\">7. Spenntur samanbur\u00f0ur:<\/h3>\n\n\n\n<p>Samanbur\u00f0ur \u00e1 t\u00ed\u00f0um \u00e1 singal\u00edsku hj\u00e1lpar til vi\u00f0 a\u00f0 skilja r\u00f6\u00f0 og \u00fe\u00e1tt atbur\u00f0a. Me\u00f0 \u00fev\u00ed a\u00f0 nota s\u00f6mu s\u00f6gn \u00ed n\u00fat\u00ed\u00f0, fort\u00ed\u00f0, framt\u00ed\u00f0 og fullkomnum byggingum mun \u00fea\u00f0 sk\u00fdra hvernig singal\u00edska tj\u00e1ir t\u00edma og lok.<\/p>\n\n\n\n<h3 class=\"wp-block-heading\" id=\"h-8-progressive\">8. Frams\u00e6ki\u00f0:<\/h3>\n\n\n\n<p>Frams\u00f3knarma\u00f0urinn \u00e1 singal\u00edsku l\u00fdsir \u00e1framhaldandi a\u00f0ger\u00f0um. \u00dea\u00f0 er venjulega mynda\u00f0 me\u00f0 -min particip auk sagnarinnar inna a\u00f0 vera, og \u00ed daglegu tali gefur n\u00fat\u00ed\u00f0arformi\u00f0 me\u00f0 -nawa oft \u00e1framhaldandi merkingu l\u00edka.<\/p>\n\n\n\n<h3 class=\"wp-block-heading\" id=\"h-9-perfect-progressive\">9. Fullkominn frams\u00e6kinn:<\/h3>\n\n\n\n<p>\u00deetta er nota\u00f0 til a\u00f0 tj\u00e1 a\u00f0ger\u00f0ir sem hafa veri\u00f0 \u00ed gangi fram a\u00f0 \u00e1kve\u00f0num t\u00edmapunkti. Singal\u00edska mi\u00f0lar \u00feessu oft me\u00f0 samsetningum eins og \u00fe\u00e1t\u00ed\u00f0arfalli + inna fyrir \u00e1framhaldandi ni\u00f0urst\u00f6\u00f0u e\u00f0a \u00fe\u00e1t\u00ed\u00f0arfalli + tiyenawa til a\u00f0 s\u00fdna \u00e1framhaldandi \u00e1stand fram a\u00f0 \u00feessu, allt eftir samhengi.<\/p>\n\n\n\n<h3 class=\"wp-block-heading\" id=\"h-10-conditionals\">10. Skilyr\u00f0i:<\/h3>\n\n\n\n<p>Skilyrt l\u00fdsir \u00edmyndu\u00f0um a\u00f0st\u00e6\u00f0um og hugsanlegum ni\u00f0urst\u00f6\u00f0um \u00feeirra. <a href=\"https:\/\/talkpal.ai\/learn-sinhala\/\">Sinhala<\/a> notar agnir eins og nam e\u00f0a nang og skilyrt sagnamynstur til a\u00f0 merkja raunverulegar, \u00edmynda\u00f0ar og gagnraunverulegar a\u00f0st\u00e6\u00f0ur.<\/p>\n\n\n\n<h3 class=\"wp-block-heading\" id=\"h-11-adverbs\">11. Atviksor\u00f0:<\/h3>\n\n\n\n<p>Atviksor\u00f0 \u00e1 singal\u00edsku breyta s\u00f6gnum, l\u00fdsingaror\u00f0um e\u00f0a \u00f6\u00f0rum atviksor\u00f0um. M\u00f6rg eru myndu\u00f0 me\u00f0 hlj\u00f3\u00f0f\u00e6ramerkinu -in til a\u00f0 gefa til kynna h\u00e1tt, og \u00fea\u00f0 eru s\u00e9rst\u00f6k or\u00f0 fyrir t\u00edma, sta\u00f0, gr\u00e1\u00f0u og t\u00ed\u00f0ni.<\/p>\n\n\n\n<h3 class=\"wp-block-heading\" id=\"h-12-prepositions\">12. Forsetningar:<\/h3>\n\n\n\n<p>Sinhala notar fyrst og fremst p\u00f3stst\u00f6\u00f0ur og hulsturagnir frekar en forsetningar. Tengsl t\u00edma, sta\u00f0ar, stefnu og annarra tengsla eru tj\u00e1\u00f0 me\u00f0 merkjum eins og -\u1e6da dativ, -ge eignarfalli, -\u00ed instrumental og sta\u00f0setningarformi.<\/p>\n\n\n\n<h3 class=\"wp-block-heading\" id=\"h-13-sentences\">13. Setningar:<\/h3>\n\n\n\n<p>A\u00f0 lokum, \u00e6f\u00f0u \u00feig \u00ed a\u00f0 sm\u00ed\u00f0a setningar. Singal\u00edska fylgir venjulega or\u00f0ar\u00f6\u00f0 vi\u00f0fangshlutar sagna og treystir \u00e1 agnir fyrir spurningar og \u00e1herslur. \u00deetta mun fela \u00ed s\u00e9r a\u00f0 nota \u00f6ll \u00e1\u00f0ur l\u00e6r\u00f0 m\u00e1lfr\u00e6\u00f0iatri\u00f0i \u00ed samhengi og tryggja alhli\u00f0a skilning \u00e1 singal\u00edsku tungum\u00e1linu.<\/p>\n<\/div><\/div>\n\r\n<section class=\"learnNavigationSection\">\r\n            \r\n        <a href=\"https:\/\/talkpal.ai\/is\/laerdu-singalisku\/\">\r\n            <div class=\"learnNavigationWrapper\">\r\n                <div class=\"learnNavigationContent\">\r\n                    <img decoding=\"async\" src=\"https:\/\/talkpal.ai\/wp-content\/uploads\/2025\/11\/Sinhala.png\" alt=\"Sri Lankan Flag\">\r\n                    <div>\r\n                        <h4>Um n\u00e1m \u00e1 Sinhala<\/h4>\r\n                        <p>Kynntu \u00fe\u00e9r allt um singal\u00edska m\u00e1lfr\u00e6\u00f0i.<\/p>\r\n                    <\/div>\r\n                <\/div>\r\n            <\/div>\r\n        <\/a>\r\n\r\n        \r\n        <a href=\"https:\/\/talkpal.ai\/is\/singalisk-malfraedi\/\">\r\n            <div class=\"learnNavigationWrapper\">\r\n                <div class=\"learnNavigationContent\">\r\n                    <img decoding=\"async\" src=\"https:\/\/talkpal.ai\/wp-content\/uploads\/2025\/11\/Sinhala.png\" alt=\"Sri Lankan Flag\">\r\n                    <div>\r\n                        <h4>Singal\u00edsk m\u00e1lfr\u00e6\u00f0ikennsla<\/h4>\r\n                        <p>\u00c6f\u00f0u singal\u00edska m\u00e1lfr\u00e6\u00f0i.<\/p>\r\n                    <\/div>\r\n                <\/div>\r\n            <\/div>\r\n        <\/a>\r\n\r\n            <\/section>","protected":false},"excerpt":{"rendered":"<p>Singal\u00edsk m\u00e1lfr\u00e6\u00f0i efni A\u00f0 l\u00e6ra n\u00fdtt tungum\u00e1l getur veri\u00f0 krefjandi en gefandi vi\u00f0leitni. Singal\u00edska, ind\u00f3ar\u00edskt tungum\u00e1l sem a\u00f0allega er tala\u00f0 \u00e1 Sri Lanka, er engin undantekning. Me\u00f0 einst\u00f6kum eiginleikum s\u00ednum og uppbyggingu krefst n\u00e1m singal\u00edsku kerfisbundinnar n\u00e1lgunar til a\u00f0 skilja m\u00e1lfr\u00e6\u00f0i \u00feess. \u00deessi handb\u00f3k \u00fatlistar lykilsvi\u00f0 singal\u00edskrar m\u00e1lfr\u00e6\u00f0i \u00ed r\u00f6kr\u00e9ttri r\u00f6\u00f0 fyrir tungum\u00e1lan\u00e1m, byrja\u00f0 \u00e1 [&hellip;]<\/p>\n","protected":false},"author":20,"featured_media":0,"parent":0,"menu_order":0,"comment_status":"closed","ping_status":"closed","template":"LearningContentPage.php","meta":{"_acf_changed":false,"footnotes":""},"class_list":["post-1476375","page","type-page","status-publish","hentry"],"acf":[],"yoast_head":"<!-- This site is optimized with the Yoast SEO Premium plugin v27.2 (Yoast SEO v27.2) - https:\/\/yoast.com\/product\/yoast-seo-premium-wordpress\/ -->\n<title>Singal\u00edskar m\u00e1lfr\u00e6\u00f0i\u00e6fingar - Talkpal<\/title>\n<meta name=\"description\" content=\"N\u00e1\u00f0u t\u00f6kum \u00e1 singalesku m\u00e1lfr\u00e6\u00f0i me\u00f0 gagnvirkum \u00e6fingum sem fjalla um nafnor\u00f0, sagnir og t\u00ed\u00f0ir til a\u00f0 b\u00e6ta tungum\u00e1laflott \u00feinn \u00e1 \u00e1hrifar\u00edkan h\u00e1tt.\" \/>\n<meta name=\"robots\" content=\"index, follow, max-snippet:-1, max-image-preview:large, max-video-preview:-1\" \/>\n<link rel=\"canonical\" href=\"https:\/\/talkpal.ai\/is\/singaliskar-malfraediaefingar\/\" \/>\n<meta property=\"og:locale\" content=\"is_IS\" \/>\n<meta property=\"og:type\" content=\"article\" \/>\n<meta property=\"og:title\" content=\"Singal\u00edskar m\u00e1lfr\u00e6\u00f0i\u00e6fingar\" \/>\n<meta property=\"og:description\" content=\"Singal\u00edsk m\u00e1lfr\u00e6\u00f0i efni A\u00f0 l\u00e6ra n\u00fdtt tungum\u00e1l getur veri\u00f0 krefjandi en gefandi vi\u00f0leitni. Singal\u00edska, ind\u00f3ar\u00edskt tungum\u00e1l sem a\u00f0allega er tala\u00f0 \u00e1 Sri\" \/>\n<meta property=\"og:url\" content=\"https:\/\/talkpal.ai\/is\/singaliskar-malfraediaefingar\/\" \/>\n<meta property=\"og:site_name\" content=\"Talkpal\" \/>\n<meta property=\"article:publisher\" content=\"https:\/\/www.facebook.com\/profile.php?id=100090733639311\" \/>\n<meta property=\"article:modified_time\" content=\"2025-12-30T11:07:32+00:00\" \/>\n<meta property=\"og:image\" content=\"https:\/\/talkpal.ai\/wp-content\/uploads\/2025\/02\/Progress-tab-16_9.png\" \/>\n\t<meta property=\"og:image:width\" content=\"2880\" \/>\n\t<meta property=\"og:image:height\" content=\"1620\" \/>\n\t<meta property=\"og:image:type\" content=\"image\/png\" \/>\n<meta name=\"twitter:card\" content=\"summary_large_image\" \/>\n<meta name=\"twitter:site\" content=\"@talkpalai\" \/>\n<meta name=\"twitter:label1\" content=\"Est. reading time\" \/>\n\t<meta name=\"twitter:data1\" content=\"4 minutes\" \/>\n<script type=\"application\/ld+json\" class=\"yoast-schema-graph\">{\"@context\":\"https:\/\/schema.org\",\"@graph\":[{\"@type\":\"WebPage\",\"@id\":\"https:\/\/talkpal.ai\/is\/singaliskar-malfraediaefingar\/\",\"url\":\"https:\/\/talkpal.ai\/is\/singaliskar-malfraediaefingar\/\",\"name\":\"Singal\u00edskar m\u00e1lfr\u00e6\u00f0i\u00e6fingar - Talkpal\",\"isPartOf\":{\"@id\":\"https:\/\/talkpal.ai\/is\/#website\"},\"datePublished\":\"2025-11-12T16:46:50+00:00\",\"dateModified\":\"2025-12-30T11:07:32+00:00\",\"description\":\"N\u00e1\u00f0u t\u00f6kum \u00e1 singalesku m\u00e1lfr\u00e6\u00f0i me\u00f0 gagnvirkum \u00e6fingum sem fjalla um nafnor\u00f0, sagnir og t\u00ed\u00f0ir til a\u00f0 b\u00e6ta tungum\u00e1laflott \u00feinn \u00e1 \u00e1hrifar\u00edkan h\u00e1tt.\",\"breadcrumb\":{\"@id\":\"https:\/\/talkpal.ai\/is\/singaliskar-malfraediaefingar\/#breadcrumb\"},\"inLanguage\":\"is\",\"potentialAction\":[{\"@type\":\"ReadAction\",\"target\":[\"https:\/\/talkpal.ai\/is\/singaliskar-malfraediaefingar\/\"]}]},{\"@type\":\"BreadcrumbList\",\"@id\":\"https:\/\/talkpal.ai\/is\/singaliskar-malfraediaefingar\/#breadcrumb\",\"itemListElement\":[{\"@type\":\"ListItem\",\"position\":1,\"name\":\"Homepage\",\"item\":\"https:\/\/talkpal.ai\/is\/\"},{\"@type\":\"ListItem\",\"position\":2,\"name\":\"Singal\u00edskar m\u00e1lfr\u00e6\u00f0i\u00e6fingar\"}]},{\"@type\":\"WebSite\",\"@id\":\"https:\/\/talkpal.ai\/is\/#website\",\"url\":\"https:\/\/talkpal.ai\/is\/\",\"name\":\"Talkpal\",\"description\":\"AI Language Learning\",\"publisher\":{\"@id\":\"https:\/\/talkpal.ai\/is\/#organization\"},\"alternateName\":\"Talkpal AI\",\"potentialAction\":[{\"@type\":\"SearchAction\",\"target\":{\"@type\":\"EntryPoint\",\"urlTemplate\":\"https:\/\/talkpal.ai\/is\/?s={search_term_string}\"},\"query-input\":{\"@type\":\"PropertyValueSpecification\",\"valueRequired\":true,\"valueName\":\"search_term_string\"}}],\"inLanguage\":\"is\"},{\"@type\":\"Organization\",\"@id\":\"https:\/\/talkpal.ai\/is\/#organization\",\"name\":\"Talkpal, Inc.\",\"alternateName\":\"Talkpal AI\",\"url\":\"https:\/\/talkpal.ai\/is\/\",\"logo\":{\"@type\":\"ImageObject\",\"inLanguage\":\"is\",\"@id\":\"https:\/\/talkpal.ai\/is\/#\/schema\/logo\/image\/\",\"url\":\"https:\/\/talkpal.ai\/wp-content\/uploads\/2024\/03\/Talkpal-Logo-Icon.png\",\"contentUrl\":\"https:\/\/talkpal.ai\/wp-content\/uploads\/2024\/03\/Talkpal-Logo-Icon.png\",\"width\":2880,\"height\":2880,\"caption\":\"Talkpal, Inc.\"},\"image\":{\"@id\":\"https:\/\/talkpal.ai\/is\/#\/schema\/logo\/image\/\"},\"sameAs\":[\"https:\/\/www.facebook.com\/profile.php?id=100090733639311\",\"https:\/\/x.com\/talkpalai\",\"https:\/\/www.linkedin.com\/company\/talkpal\/\",\"https:\/\/www.youtube.com\/@TalkPal\/\",\"https:\/\/www.tiktok.com\/@talkpal\",\"https:\/\/www.instagram.com\/talkpal_ai\/\",\"https:\/\/www.crunchbase.com\/organization\/talkpal-9cde\",\"https:\/\/www.g2.com\/products\/talkpal-for-business\/\",\"https:\/\/www.trustpilot.com\/review\/talkpal.ai\",\"https:\/\/www.capterra.com\/p\/10006800\/TalkPal\/\"],\"description\":\"Talkpal is a language learning web and mobile education app, powered by the latest AI technologies, that provides engaging experiences to its customers in many different languages to help them improve their language skills. Users can chat about unlimited amount of topics with the app and use other modes to practice their language learning.\",\"email\":\"support@talkpal.ai\",\"legalName\":\"Talkpal, Inc.\",\"foundingDate\":\"2023-04-03\",\"duns\":\"118989042\",\"numberOfEmployees\":{\"@type\":\"QuantitativeValue\",\"minValue\":\"11\",\"maxValue\":\"50\"},\"publishingPrinciples\":\"https:\/\/talkpal.ai\/publishing-principles\/\",\"actionableFeedbackPolicy\":\"https:\/\/talkpal.ai\/actionable-feedback-policy\/\",\"correctionsPolicy\":\"https:\/\/talkpal.ai\/corrections-policy\/\",\"ethicsPolicy\":\"https:\/\/talkpal.ai\/ethics-policy\/\",\"diversityPolicy\":\"https:\/\/talkpal.ai\/diversity-policy\/\",\"diversityStaffingReport\":\"https:\/\/talkpal.ai\/diversity-policy\/\"}]}<\/script>\n<!-- \/ Yoast SEO Premium plugin. -->","yoast_head_json":{"title":"Singal\u00edskar m\u00e1lfr\u00e6\u00f0i\u00e6fingar - Talkpal","description":"N\u00e1\u00f0u t\u00f6kum \u00e1 singalesku m\u00e1lfr\u00e6\u00f0i me\u00f0 gagnvirkum \u00e6fingum sem fjalla um nafnor\u00f0, sagnir og t\u00ed\u00f0ir til a\u00f0 b\u00e6ta tungum\u00e1laflott \u00feinn \u00e1 \u00e1hrifar\u00edkan h\u00e1tt.","robots":{"index":"index","follow":"follow","max-snippet":"max-snippet:-1","max-image-preview":"max-image-preview:large","max-video-preview":"max-video-preview:-1"},"canonical":"https:\/\/talkpal.ai\/is\/singaliskar-malfraediaefingar\/","og_locale":"is_IS","og_type":"article","og_title":"Singal\u00edskar m\u00e1lfr\u00e6\u00f0i\u00e6fingar","og_description":"Singal\u00edsk m\u00e1lfr\u00e6\u00f0i efni A\u00f0 l\u00e6ra n\u00fdtt tungum\u00e1l getur veri\u00f0 krefjandi en gefandi vi\u00f0leitni. Singal\u00edska, ind\u00f3ar\u00edskt tungum\u00e1l sem a\u00f0allega er tala\u00f0 \u00e1 Sri","og_url":"https:\/\/talkpal.ai\/is\/singaliskar-malfraediaefingar\/","og_site_name":"Talkpal","article_publisher":"https:\/\/www.facebook.com\/profile.php?id=100090733639311","article_modified_time":"2025-12-30T11:07:32+00:00","og_image":[{"width":2880,"height":1620,"url":"https:\/\/talkpal.ai\/wp-content\/uploads\/2025\/02\/Progress-tab-16_9.png","type":"image\/png"}],"twitter_card":"summary_large_image","twitter_site":"@talkpalai","twitter_misc":{"Est. reading time":"4 minutes"},"schema":{"@context":"https:\/\/schema.org","@graph":[{"@type":"WebPage","@id":"https:\/\/talkpal.ai\/is\/singaliskar-malfraediaefingar\/","url":"https:\/\/talkpal.ai\/is\/singaliskar-malfraediaefingar\/","name":"Singal\u00edskar m\u00e1lfr\u00e6\u00f0i\u00e6fingar - Talkpal","isPartOf":{"@id":"https:\/\/talkpal.ai\/is\/#website"},"datePublished":"2025-11-12T16:46:50+00:00","dateModified":"2025-12-30T11:07:32+00:00","description":"N\u00e1\u00f0u t\u00f6kum \u00e1 singalesku m\u00e1lfr\u00e6\u00f0i me\u00f0 gagnvirkum \u00e6fingum sem fjalla um nafnor\u00f0, sagnir og t\u00ed\u00f0ir til a\u00f0 b\u00e6ta tungum\u00e1laflott \u00feinn \u00e1 \u00e1hrifar\u00edkan h\u00e1tt.","breadcrumb":{"@id":"https:\/\/talkpal.ai\/is\/singaliskar-malfraediaefingar\/#breadcrumb"},"inLanguage":"is","potentialAction":[{"@type":"ReadAction","target":["https:\/\/talkpal.ai\/is\/singaliskar-malfraediaefingar\/"]}]},{"@type":"BreadcrumbList","@id":"https:\/\/talkpal.ai\/is\/singaliskar-malfraediaefingar\/#breadcrumb","itemListElement":[{"@type":"ListItem","position":1,"name":"Homepage","item":"https:\/\/talkpal.ai\/is\/"},{"@type":"ListItem","position":2,"name":"Singal\u00edskar m\u00e1lfr\u00e6\u00f0i\u00e6fingar"}]},{"@type":"WebSite","@id":"https:\/\/talkpal.ai\/is\/#website","url":"https:\/\/talkpal.ai\/is\/","name":"Talkpal","description":"AI Language Learning","publisher":{"@id":"https:\/\/talkpal.ai\/is\/#organization"},"alternateName":"Talkpal AI","potentialAction":[{"@type":"SearchAction","target":{"@type":"EntryPoint","urlTemplate":"https:\/\/talkpal.ai\/is\/?s={search_term_string}"},"query-input":{"@type":"PropertyValueSpecification","valueRequired":true,"valueName":"search_term_string"}}],"inLanguage":"is"},{"@type":"Organization","@id":"https:\/\/talkpal.ai\/is\/#organization","name":"Talkpal, Inc.","alternateName":"Talkpal AI","url":"https:\/\/talkpal.ai\/is\/","logo":{"@type":"ImageObject","inLanguage":"is","@id":"https:\/\/talkpal.ai\/is\/#\/schema\/logo\/image\/","url":"https:\/\/talkpal.ai\/wp-content\/uploads\/2024\/03\/Talkpal-Logo-Icon.png","contentUrl":"https:\/\/talkpal.ai\/wp-content\/uploads\/2024\/03\/Talkpal-Logo-Icon.png","width":2880,"height":2880,"caption":"Talkpal, Inc."},"image":{"@id":"https:\/\/talkpal.ai\/is\/#\/schema\/logo\/image\/"},"sameAs":["https:\/\/www.facebook.com\/profile.php?id=100090733639311","https:\/\/x.com\/talkpalai","https:\/\/www.linkedin.com\/company\/talkpal\/","https:\/\/www.youtube.com\/@TalkPal\/","https:\/\/www.tiktok.com\/@talkpal","https:\/\/www.instagram.com\/talkpal_ai\/","https:\/\/www.crunchbase.com\/organization\/talkpal-9cde","https:\/\/www.g2.com\/products\/talkpal-for-business\/","https:\/\/www.trustpilot.com\/review\/talkpal.ai","https:\/\/www.capterra.com\/p\/10006800\/TalkPal\/"],"description":"Talkpal is a language learning web and mobile education app, powered by the latest AI technologies, that provides engaging experiences to its customers in many different languages to help them improve their language skills. Users can chat about unlimited amount of topics with the app and use other modes to practice their language learning.","email":"support@talkpal.ai","legalName":"Talkpal, Inc.","foundingDate":"2023-04-03","duns":"118989042","numberOfEmployees":{"@type":"QuantitativeValue","minValue":"11","maxValue":"50"},"publishingPrinciples":"https:\/\/talkpal.ai\/publishing-principles\/","actionableFeedbackPolicy":"https:\/\/talkpal.ai\/actionable-feedback-policy\/","correctionsPolicy":"https:\/\/talkpal.ai\/corrections-policy\/","ethicsPolicy":"https:\/\/talkpal.ai\/ethics-policy\/","diversityPolicy":"https:\/\/talkpal.ai\/diversity-policy\/","diversityStaffingReport":"https:\/\/talkpal.ai\/diversity-policy\/"}]}},"_links":{"self":[{"href":"https:\/\/talkpal.ai\/is\/wp-json\/wp\/v2\/pages\/1476375","targetHints":{"allow":["GET"]}}],"collection":[{"href":"https:\/\/talkpal.ai\/is\/wp-json\/wp\/v2\/pages"}],"about":[{"href":"https:\/\/talkpal.ai\/is\/wp-json\/wp\/v2\/types\/page"}],"author":[{"embeddable":true,"href":"https:\/\/talkpal.ai\/is\/wp-json\/wp\/v2\/users\/20"}],"replies":[{"embeddable":true,"href":"https:\/\/talkpal.ai\/is\/wp-json\/wp\/v2\/comments?post=1476375"}],"version-history":[{"count":0,"href":"https:\/\/talkpal.ai\/is\/wp-json\/wp\/v2\/pages\/1476375\/revisions"}],"wp:attachment":[{"href":"https:\/\/talkpal.ai\/is\/wp-json\/wp\/v2\/media?parent=1476375"}],"curies":[{"name":"wp","href":"https:\/\/api.w.org\/{rel}","templated":true}]}}