{"id":1476330,"date":"2025-11-12T16:20:16","date_gmt":"2025-11-12T16:20:16","guid":{"rendered":"https:\/\/talkpal.ai\/pashto-malfraedi\/"},"modified":"2025-12-30T11:43:42","modified_gmt":"2025-12-30T11:43:42","slug":"pashto-malfraedi","status":"publish","type":"page","link":"https:\/\/talkpal.ai\/is\/pashto-malfraedi\/","title":{"rendered":"Pashto m\u00e1lfr\u00e6\u00f0i"},"content":{"rendered":"\r\n\r\n\r\n<section class=\"languageChallengeSection\">\r\n    <div class=\"languageInfoWrapper\">\r\n        \r\n        <h1>Pashto m\u00e1lfr\u00e6\u00f0i<\/h1>\r\n        <p><a href=\"https:\/\/talkpal.ai\/learn-pashto\/\">Pashto<\/a> <a href=\"https:\/\/talkpal.ai\/grammar\/\">m\u00e1lfr\u00e6\u00f0i<\/a> kann a\u00f0 vir\u00f0ast krefjandi \u00ed fyrstu, en einstakir eiginleikar hennar gera \u00fea\u00f0 a\u00f0 verkum a\u00f0 \u00fea\u00f0 er gefandi a\u00f0 l\u00e6ra tungum\u00e1li\u00f0. Me\u00f0 \u00fev\u00ed a\u00f0 sko\u00f0a stafr\u00f3fi\u00f0, st\u00f6kkbreytingar og m\u00e1lfr\u00e6\u00f0ireglur f\u00e6r\u00f0u inns\u00fdn \u00ed r\u00edka m\u00e1lhef\u00f0. Byrja\u00f0u fer\u00f0 \u00fe\u00edna og uppg\u00f6tva\u00f0u fegur\u00f0 <a href=\"https:\/\/talkpal.ai\/learn-pashto\/\">Pashto<\/a>!<\/p>\r\n\r\n                            <a class=\"getStartedHidden\" href=\"https:\/\/app.talkpal.ai\/signup?lng=\">Byrja\u00f0u<\/a>\r\n        \r\n    <\/div>\r\n\r\n    <figure>\r\n    <img decoding=\"async\" width=\"768\" height=\"768\" src=\"https:\/\/talkpal.ai\/wp-content\/uploads\/2023\/06\/welsh-768x768.png\" class=\"languageImage no-lazy\" alt=\"Language learning for better cognitive abilities\" fetchpriority=\"high\" sizes=\"(max-width: 768px) 150px, 768px\" srcset=\"https:\/\/talkpal.ai\/wp-content\/uploads\/2023\/06\/welsh-768x768.png 768w, https:\/\/talkpal.ai\/wp-content\/uploads\/2023\/06\/welsh-300x300.png 300w\" \/>\r\n    \r\n\r\n    <\/figure>\r\n\r\n            <a class=\"getStartedVisible\" href=\"https:\/\/app.talkpal.ai\/signup?lng=\">Byrja\u00f0u<\/a>\r\n    \r\n<\/section><section class=\"promotionalBanner\">\r\n    <p class=\"promotionalText\">Skilvirkasta lei\u00f0in til a\u00f0 l\u00e6ra tungum\u00e1l<\/p>\r\n    <a class=\"promotionalLink\" href=\"https:\/\/app.talkpal.ai\/signup?lng=\">Pr\u00f3fa\u00f0u Talkpal \u00f3keypis<\/a>\r\n<\/section>\n<div class=\"wp-block-group pageContainerStyle\"><div class=\"wp-block-group__inner-container is-layout-constrained wp-block-group-is-layout-constrained\">\n<h2 class=\"wp-block-heading\" id=\"h-navigating-the-intricacies-of-pashto-grammar\">A\u00f0 sigla um ranghala pashto m\u00e1lfr\u00e6\u00f0i<\/h2>\n\n\n\n<p><a href=\"https:\/\/talkpal.ai\/is\/laerdu-pashto\/\">Pashto<\/a>, austur-\u00edranskt tungum\u00e1l me\u00f0 r\u00edka s\u00f6gu og menningarlega \u00fe\u00fd\u00f0ingu \u00ed Afganistan og Pakistan, b\u00fd\u00f0ur upp \u00e1 spennandi tungum\u00e1laupplifun fyrir \u00fe\u00e1 sem eru f\u00fasir til a\u00f0 kanna einstakt m\u00e1lfr\u00e6\u00f0ikerfi \u00feess. \u00deegar \u00fe\u00fa fer\u00f0 inn \u00ed r\u00edki Pashto muntu ekki a\u00f0eins au\u00f0ga tungum\u00e1laskr\u00e1 \u00fe\u00edna heldur einnig tileinka \u00fe\u00e9r heillandi menningarfer\u00f0. \u00de\u00f3 a\u00f0 Pashto m\u00e1lfr\u00e6\u00f0i kunni a\u00f0 vir\u00f0ast fl\u00f3kin \u00ed fyrstu, gerir \u00fea\u00f0 a\u00f0 skipta henni ni\u00f0ur \u00ed kjarna\u00fe\u00e6tti a\u00f0gengilegra a\u00f0 l\u00e6ra tungum\u00e1li\u00f0. \u00cd \u00feessari grein munum vi\u00f0 kanna gr\u00edpandi heim Pashto m\u00e1lfr\u00e6\u00f0i og gefa r\u00e1\u00f0 um hvernig \u00e1 a\u00f0 n\u00e1 t\u00f6kum \u00e1 margbreytileika hennar.<\/p>\n\n\n\n<h3 class=\"wp-block-heading\" id=\"h-1-pashto-alphabet-and-phonetics\">1. Pashto stafr\u00f3f og hlj\u00f3\u00f0fr\u00e6\u00f0i<\/h3>\n\n\n\n<p>Pashto ritkerfi\u00f0 er byggt \u00e1 pers\u00f3-arab\u00edska letrinu og inniheldur vi\u00f0b\u00f3tarstafi sem eru einstakir fyrir Pashto, svo sem \u067c, \u0689, \u0693, \u06bc, \u0685, \u0681, \u069a, \u0696 og \u06ab. Til a\u00f0 l\u00e6ra Pashto m\u00e1lfr\u00e6\u00f0i er mikilv\u00e6gt a\u00f0 kynnast \u00feessu s\u00e9rst\u00f6ku handriti og hlj\u00f3\u00f0kerfi Pashto, sem inniheldur afturbeygju og innsoga\u00f0a samhlj\u00f3\u00f0a, auk einkennandi s\u00e9rhlj\u00f3\u00f0aandst\u00e6\u00f0na.<\/p>\n\n\n\n<h3 class=\"wp-block-heading\" id=\"h-2-split-ergativity-a-peculiar-pashto-feature\">2. Split Ergativity: S\u00e9rkennilegur Pashto eiginleiki<\/h3>\n\n\n\n<p>Einn af mest sl\u00e1andi \u00fe\u00e1ttum pashto m\u00e1lfr\u00e6\u00f0i er klofin ergativity hennar \u00ed m\u00f6rgum \u00fe\u00e1t\u00ed\u00f0arsetningum. \u00cd \u00feessu samhengi kemur umbo\u00f0sma\u00f0urinn fyrir \u00ed sk\u00e1falli og s\u00f6gnin hefur tilhneigingu til a\u00f0 vera samm\u00e1la beina hlutnum \u00ed kyni og t\u00f6lu frekar en umbo\u00f0smanninum. A\u00f0 skilja hven\u00e6r \u00feetta j\u00f6fnunarmynstur \u00e1 vi\u00f0 og hvernig samkomulag virkar er mikilv\u00e6gt fyrir n\u00e1kv\u00e6m samskipti \u00e1 Pashto.<\/p>\n\n\n\n<h3 class=\"wp-block-heading\" id=\"h-3-nouns-and-pronouns-gender-and-cases\">3. Nafnor\u00f0 og forn\u00f6fn: Kyn og m\u00e1l<\/h3>\n\n\n\n<p>Pashto nafnor\u00f0 hafa m\u00e1lfr\u00e6\u00f0ilegt kyn (karlkyn e\u00f0a kvenkyns) og fylgja nokkrum fleirt\u00f6lumyndunarmynstrum sem eru mismunandi eftir nafnor\u00f0aflokki. Pashto gerir einnig greinarmun \u00e1 beinum og sk\u00e1fellum, sem hafa \u00e1hrif \u00e1 hvernig nafnor\u00f0 og forn\u00f6fn heg\u00f0a s\u00e9r vi\u00f0 p\u00f3stst\u00f6\u00f0ur og \u00ed \u00e1kve\u00f0num sagnbyggingum. Forn\u00f6fn \u00e1 pashto innihalda pers\u00f3nuleg, eignarfall, vi\u00f0brag\u00f0sform, s\u00fdniform og spyrjandi, me\u00f0 b\u00e6\u00f0i sj\u00e1lfst\u00e6\u00f0um og enclitic afbrig\u00f0um. A\u00f0 kynnast \u00feessum formum og a\u00f0greiningu \u00feeirra mun auka verulega t\u00f6k \u00fe\u00edn \u00e1 Pashto m\u00e1lfr\u00e6\u00f0i.<\/p>\n\n\n\n<h3 class=\"wp-block-heading\" id=\"h-4-verbs-structure-and-conjugation\">4. Sagnir: Uppbygging og samtenging<\/h3>\n\n\n\n<p>Pashto sagnir fylgja s\u00e9rst\u00f6ku kerfi sem er skipulagt \u00ed kringum \u00fe\u00e1tt og t\u00ed\u00f0, me\u00f0 samkomulagi um pers\u00f3nu og t\u00f6lu. Kjarnat\u00ed\u00f0ir innihalda n\u00fat\u00ed\u00f0, fort\u00ed\u00f0 og framt\u00ed\u00f0, \u00fear sem framt\u00ed\u00f0in er almennt merkt me\u00f0 \u00f6gninni ba. Pashto notar einnig hugar\u00e1stand eins og skilyr\u00f0i, tengingu og <a href=\"https:\/\/talkpal.ai\/ja\/grammar_exercises\/imperatif-%e3%83%95%e3%83%a9%e3%83%b3%e3%82%b9%e3%81%ae%e6%96%87%e6%b3%95%e3%81%ae%e3%81%9f%e3%82%81%e3%81%ae%e6%bc%94%e7%bf%92\/\">imperativ<\/a> og notar neitunaragnir sem eru mismunandi milli sta\u00f0h\u00e6finga og skipana. A\u00f0 l\u00e6ra samtengingarmynstrin, \u00fear \u00e1 me\u00f0al fullkomna og \u00f3fullkomna stilka, mun b\u00e6ta getu \u00fe\u00edna til a\u00f0 eiga skilvirk samskipti \u00e1 Pashto.<\/p>\n\n\n\n<h3 class=\"wp-block-heading\" id=\"h-5-adjectives-agreement-and-placement\">5. L\u00fdsingaror\u00f0: Samkomulag og sta\u00f0setning<\/h3>\n\n\n\n<p>\u00cd pashto m\u00e1lfr\u00e6\u00f0i eru l\u00fdsingaror\u00f0 venjulega \u00e1 undan nafnor\u00f0inu sem \u00feau breyta og m\u00f6rg l\u00fdsingaror\u00f0 breyta ekki um form fyrir kyn e\u00f0a t\u00f6lu. Sum l\u00fdsingaror\u00f0 mynda samanbur\u00f0ar- og yfirbur\u00f0amerkingu \u00f3reglulega e\u00f0a me\u00f0 stilltum or\u00f0asamb\u00f6ndum, sem eru nau\u00f0synleg til a\u00f0 l\u00e6ra a\u00f0 eiga e\u00f0lilegri samskipti.<\/p>\n\n\n\n<p><strong>D\u00e6mi:<\/strong><\/p>\n\n\n\n<p><strong>\u2013 Loy Kor (St\u00f3ra h\u00fasi\u00f0)<\/strong><\/p>\n\n\n\n<p><strong>\u2013 Kuchni Mashuman (l\u00edtil b\u00f6rn)<\/strong><\/p>\n\n\n\n<h3 class=\"wp-block-heading\" id=\"h-6-engaging-with-the-language\">6. A\u00f0 taka \u00fe\u00e1tt \u00ed tungum\u00e1linu<\/h3>\n\n\n\n<p>\u00c1hrifar\u00edkasta lei\u00f0in til a\u00f0 skilja og innbyr\u00f0a pashto m\u00e1lfr\u00e6\u00f0i a\u00f0 fullu er a\u00f0 taka st\u00f6\u00f0ugt \u00fe\u00e1tt \u00ed tungum\u00e1linu. Me\u00f0 \u00fev\u00ed a\u00f0 lesa pashto b\u00f3kmenntir, horfa \u00e1 pashto kvikmyndir e\u00f0a sj\u00f3nvarps\u00fe\u00e6tti, hlusta \u00e1 \u00fatvarp og t\u00f3nlist og eiga virk samskipti vi\u00f0 m\u00f3\u00f0urm\u00e1lsm\u00e6lendur, styrkir \u00fe\u00fa skilning \u00feinn \u00e1 m\u00e1lfr\u00e6\u00f0i \u00e1 <a href=\"https:\/\/talkpal.ai\/locations\/language-courses-in-sama\/\">sama<\/a> t\u00edma og \u00fe\u00fa st\u00e6kkar or\u00f0afor\u00f0a \u00feinn.<\/p>\n\n\n\n<h3 class=\"wp-block-heading\" id=\"h-conclusion\">Ni\u00f0ursta\u00f0a<\/h3>\n\n\n\n<p>\u00de\u00f3 a\u00f0 Pashto m\u00e1lfr\u00e6\u00f0i kunni a\u00f0 vir\u00f0ast fl\u00f3kin getur\u00f0u or\u00f0i\u00f0 f\u00e6r \u00ed \u00feessu fallega tungum\u00e1li me\u00f0 al\u00fa\u00f0, \u00e6fingu og eldm\u00f3\u00f0i. Me\u00f0 \u00fev\u00ed a\u00f0 einbeita \u00fe\u00e9r a\u00f0 grundvallarreglunum og taka \u00fe\u00e1tt \u00ed tungum\u00e1linu \u00ed mismunandi samhengi muntu flj\u00f3tt auka Pashto <a href=\"https:\/\/talkpal.ai\/is\/malfraedi\/\">m\u00e1lfr\u00e6\u00f0ikunn\u00e1ttu<\/a> \u00fe\u00edna. Kha bakht (gangi \u00fe\u00e9r vel) me\u00f0 pashto tungum\u00e1lafer\u00f0 \u00fe\u00edna og nj\u00f3ttu \u00feess a\u00f0 afhj\u00fapa dularfullan en gr\u00edpandi heim Pashto m\u00e1lfr\u00e6\u00f0i!<\/p>\n<\/div><\/div>\n\r\n<section class=\"learnNavigationSection\">\r\n            \r\n        <a href=\"https:\/\/talkpal.ai\/is\/laerdu-pashto\/\">\r\n            <div class=\"learnNavigationWrapper\">\r\n                <div class=\"learnNavigationContent\">\r\n                    <img decoding=\"async\" src=\"https:\/\/talkpal.ai\/wp-content\/uploads\/2025\/11\/Pashto.png\" alt=\"Afghan Flag\">\r\n                    <div>\r\n                        <h4>Um Pashto n\u00e1m<\/h4>\r\n                        <p>Kynntu \u00fe\u00e9r allt um Pashto Grammar.<\/p>\r\n                    <\/div>\r\n                <\/div>\r\n            <\/div>\r\n        <\/a>\r\n\r\n        \r\n        <a href=\"https:\/\/talkpal.ai\/is\/pashto-malfraediaefingar\/\">\r\n            <div class=\"learnNavigationWrapper\">\r\n                <div class=\"learnNavigationContent\">\r\n                    <img decoding=\"async\" src=\"https:\/\/talkpal.ai\/wp-content\/uploads\/2025\/11\/Pashto.png\" alt=\"Afghan Flag\">\r\n                    <div>\r\n                        <h4>Pashto m\u00e1lfr\u00e6\u00f0i\u00e6fing<\/h4>\r\n                        <p>\u00c6f\u00f0u Pashto.<\/p>\r\n                    <\/div>\r\n                <\/div>\r\n            <\/div>\r\n        <\/a>\r\n\r\n            <\/section>","protected":false},"excerpt":{"rendered":"<p>A\u00f0 sigla um ranghala pashto m\u00e1lfr\u00e6\u00f0i Pashto, austur-\u00edranskt tungum\u00e1l me\u00f0 r\u00edka s\u00f6gu og menningarlega \u00fe\u00fd\u00f0ingu \u00ed Afganistan og Pakistan, b\u00fd\u00f0ur upp \u00e1 spennandi tungum\u00e1laupplifun fyrir \u00fe\u00e1 sem eru f\u00fasir til a\u00f0 kanna einstakt m\u00e1lfr\u00e6\u00f0ikerfi \u00feess. \u00deegar \u00fe\u00fa fer\u00f0 inn \u00ed r\u00edki Pashto muntu ekki a\u00f0eins au\u00f0ga tungum\u00e1laskr\u00e1 \u00fe\u00edna heldur einnig tileinka \u00fe\u00e9r heillandi menningarfer\u00f0. \u00de\u00f3 [&hellip;]<\/p>\n","protected":false},"author":20,"featured_media":0,"parent":0,"menu_order":0,"comment_status":"closed","ping_status":"closed","template":"LearningContentPage.php","meta":{"_acf_changed":false,"footnotes":""},"class_list":["post-1476330","page","type-page","status-publish","hentry"],"acf":[],"yoast_head":"<!-- This site is optimized with the Yoast SEO Premium plugin v27.2 (Yoast SEO v27.2) - https:\/\/yoast.com\/product\/yoast-seo-premium-wordpress\/ -->\n<title>Pashto m\u00e1lfr\u00e6\u00f0i - Talkpal<\/title>\n<meta name=\"description\" content=\"N\u00e1\u00f0u t\u00f6kum \u00e1 past\u00fa m\u00e1lfr\u00e6\u00f0i me\u00f0 \u00feessari \u00edtarlegu handb\u00f3k sem fjallar um stafr\u00f3fi\u00f0, hlj\u00f3\u00f0fr\u00e6\u00f0i, klofinn stafr\u00f3f, nafnor\u00f0, forn\u00f6fn, sagnor\u00f0 og l\u00fdsingaror\u00f0.\" \/>\n<meta name=\"robots\" content=\"index, follow, max-snippet:-1, max-image-preview:large, max-video-preview:-1\" \/>\n<link rel=\"canonical\" href=\"https:\/\/talkpal.ai\/is\/pashto-malfraedi\/\" \/>\n<meta property=\"og:locale\" content=\"is_IS\" \/>\n<meta property=\"og:type\" content=\"article\" \/>\n<meta property=\"og:title\" content=\"Pashto m\u00e1lfr\u00e6\u00f0i\" \/>\n<meta property=\"og:description\" content=\"A\u00f0 sigla um ranghala pashto m\u00e1lfr\u00e6\u00f0i Pashto, austur-\u00edranskt tungum\u00e1l me\u00f0 r\u00edka s\u00f6gu og menningarlega \u00fe\u00fd\u00f0ingu \u00ed Afganistan og Pakistan, b\u00fd\u00f0ur upp \u00e1\" \/>\n<meta property=\"og:url\" content=\"https:\/\/talkpal.ai\/is\/pashto-malfraedi\/\" \/>\n<meta property=\"og:site_name\" content=\"Talkpal\" \/>\n<meta property=\"article:publisher\" content=\"https:\/\/www.facebook.com\/profile.php?id=100090733639311\" \/>\n<meta property=\"article:modified_time\" content=\"2025-12-30T11:43:42+00:00\" \/>\n<meta property=\"og:image\" content=\"https:\/\/talkpal.ai\/wp-content\/uploads\/2025\/02\/Progress-tab-16_9.png\" \/>\n\t<meta property=\"og:image:width\" content=\"2880\" \/>\n\t<meta property=\"og:image:height\" content=\"1620\" \/>\n\t<meta property=\"og:image:type\" content=\"image\/png\" \/>\n<meta name=\"twitter:card\" content=\"summary_large_image\" \/>\n<meta name=\"twitter:site\" content=\"@talkpalai\" \/>\n<meta name=\"twitter:label1\" content=\"Est. reading time\" \/>\n\t<meta name=\"twitter:data1\" content=\"3 minutes\" \/>\n<script type=\"application\/ld+json\" class=\"yoast-schema-graph\">{\"@context\":\"https:\/\/schema.org\",\"@graph\":[{\"@type\":\"WebPage\",\"@id\":\"https:\/\/talkpal.ai\/is\/pashto-malfraedi\/\",\"url\":\"https:\/\/talkpal.ai\/is\/pashto-malfraedi\/\",\"name\":\"Pashto m\u00e1lfr\u00e6\u00f0i - Talkpal\",\"isPartOf\":{\"@id\":\"https:\/\/talkpal.ai\/is\/#website\"},\"datePublished\":\"2025-11-12T16:20:16+00:00\",\"dateModified\":\"2025-12-30T11:43:42+00:00\",\"description\":\"N\u00e1\u00f0u t\u00f6kum \u00e1 past\u00fa m\u00e1lfr\u00e6\u00f0i me\u00f0 \u00feessari \u00edtarlegu handb\u00f3k sem fjallar um stafr\u00f3fi\u00f0, hlj\u00f3\u00f0fr\u00e6\u00f0i, klofinn stafr\u00f3f, nafnor\u00f0, forn\u00f6fn, sagnor\u00f0 og l\u00fdsingaror\u00f0.\",\"breadcrumb\":{\"@id\":\"https:\/\/talkpal.ai\/is\/pashto-malfraedi\/#breadcrumb\"},\"inLanguage\":\"is\",\"potentialAction\":[{\"@type\":\"ReadAction\",\"target\":[\"https:\/\/talkpal.ai\/is\/pashto-malfraedi\/\"]}]},{\"@type\":\"BreadcrumbList\",\"@id\":\"https:\/\/talkpal.ai\/is\/pashto-malfraedi\/#breadcrumb\",\"itemListElement\":[{\"@type\":\"ListItem\",\"position\":1,\"name\":\"Homepage\",\"item\":\"https:\/\/talkpal.ai\/is\/\"},{\"@type\":\"ListItem\",\"position\":2,\"name\":\"Pashto m\u00e1lfr\u00e6\u00f0i\"}]},{\"@type\":\"WebSite\",\"@id\":\"https:\/\/talkpal.ai\/is\/#website\",\"url\":\"https:\/\/talkpal.ai\/is\/\",\"name\":\"Talkpal\",\"description\":\"AI Language Learning\",\"publisher\":{\"@id\":\"https:\/\/talkpal.ai\/is\/#organization\"},\"alternateName\":\"Talkpal AI\",\"potentialAction\":[{\"@type\":\"SearchAction\",\"target\":{\"@type\":\"EntryPoint\",\"urlTemplate\":\"https:\/\/talkpal.ai\/is\/?s={search_term_string}\"},\"query-input\":{\"@type\":\"PropertyValueSpecification\",\"valueRequired\":true,\"valueName\":\"search_term_string\"}}],\"inLanguage\":\"is\"},{\"@type\":\"Organization\",\"@id\":\"https:\/\/talkpal.ai\/is\/#organization\",\"name\":\"Talkpal, Inc.\",\"alternateName\":\"Talkpal AI\",\"url\":\"https:\/\/talkpal.ai\/is\/\",\"logo\":{\"@type\":\"ImageObject\",\"inLanguage\":\"is\",\"@id\":\"https:\/\/talkpal.ai\/is\/#\/schema\/logo\/image\/\",\"url\":\"https:\/\/talkpal.ai\/wp-content\/uploads\/2024\/03\/Talkpal-Logo-Icon.png\",\"contentUrl\":\"https:\/\/talkpal.ai\/wp-content\/uploads\/2024\/03\/Talkpal-Logo-Icon.png\",\"width\":2880,\"height\":2880,\"caption\":\"Talkpal, Inc.\"},\"image\":{\"@id\":\"https:\/\/talkpal.ai\/is\/#\/schema\/logo\/image\/\"},\"sameAs\":[\"https:\/\/www.facebook.com\/profile.php?id=100090733639311\",\"https:\/\/x.com\/talkpalai\",\"https:\/\/www.linkedin.com\/company\/talkpal\/\",\"https:\/\/www.youtube.com\/@TalkPal\/\",\"https:\/\/www.tiktok.com\/@talkpal\",\"https:\/\/www.instagram.com\/talkpal_ai\/\",\"https:\/\/www.crunchbase.com\/organization\/talkpal-9cde\",\"https:\/\/www.g2.com\/products\/talkpal-for-business\/\",\"https:\/\/www.trustpilot.com\/review\/talkpal.ai\",\"https:\/\/www.capterra.com\/p\/10006800\/TalkPal\/\"],\"description\":\"Talkpal is a language learning web and mobile education app, powered by the latest AI technologies, that provides engaging experiences to its customers in many different languages to help them improve their language skills. Users can chat about unlimited amount of topics with the app and use other modes to practice their language learning.\",\"email\":\"support@talkpal.ai\",\"legalName\":\"Talkpal, Inc.\",\"foundingDate\":\"2023-04-03\",\"duns\":\"118989042\",\"numberOfEmployees\":{\"@type\":\"QuantitativeValue\",\"minValue\":\"11\",\"maxValue\":\"50\"},\"publishingPrinciples\":\"https:\/\/talkpal.ai\/publishing-principles\/\",\"actionableFeedbackPolicy\":\"https:\/\/talkpal.ai\/actionable-feedback-policy\/\",\"correctionsPolicy\":\"https:\/\/talkpal.ai\/corrections-policy\/\",\"ethicsPolicy\":\"https:\/\/talkpal.ai\/ethics-policy\/\",\"diversityPolicy\":\"https:\/\/talkpal.ai\/diversity-policy\/\",\"diversityStaffingReport\":\"https:\/\/talkpal.ai\/diversity-policy\/\"}]}<\/script>\n<!-- \/ Yoast SEO Premium plugin. -->","yoast_head_json":{"title":"Pashto m\u00e1lfr\u00e6\u00f0i - Talkpal","description":"N\u00e1\u00f0u t\u00f6kum \u00e1 past\u00fa m\u00e1lfr\u00e6\u00f0i me\u00f0 \u00feessari \u00edtarlegu handb\u00f3k sem fjallar um stafr\u00f3fi\u00f0, hlj\u00f3\u00f0fr\u00e6\u00f0i, klofinn stafr\u00f3f, nafnor\u00f0, forn\u00f6fn, sagnor\u00f0 og l\u00fdsingaror\u00f0.","robots":{"index":"index","follow":"follow","max-snippet":"max-snippet:-1","max-image-preview":"max-image-preview:large","max-video-preview":"max-video-preview:-1"},"canonical":"https:\/\/talkpal.ai\/is\/pashto-malfraedi\/","og_locale":"is_IS","og_type":"article","og_title":"Pashto m\u00e1lfr\u00e6\u00f0i","og_description":"A\u00f0 sigla um ranghala pashto m\u00e1lfr\u00e6\u00f0i Pashto, austur-\u00edranskt tungum\u00e1l me\u00f0 r\u00edka s\u00f6gu og menningarlega \u00fe\u00fd\u00f0ingu \u00ed Afganistan og Pakistan, b\u00fd\u00f0ur upp \u00e1","og_url":"https:\/\/talkpal.ai\/is\/pashto-malfraedi\/","og_site_name":"Talkpal","article_publisher":"https:\/\/www.facebook.com\/profile.php?id=100090733639311","article_modified_time":"2025-12-30T11:43:42+00:00","og_image":[{"width":2880,"height":1620,"url":"https:\/\/talkpal.ai\/wp-content\/uploads\/2025\/02\/Progress-tab-16_9.png","type":"image\/png"}],"twitter_card":"summary_large_image","twitter_site":"@talkpalai","twitter_misc":{"Est. reading time":"3 minutes"},"schema":{"@context":"https:\/\/schema.org","@graph":[{"@type":"WebPage","@id":"https:\/\/talkpal.ai\/is\/pashto-malfraedi\/","url":"https:\/\/talkpal.ai\/is\/pashto-malfraedi\/","name":"Pashto m\u00e1lfr\u00e6\u00f0i - Talkpal","isPartOf":{"@id":"https:\/\/talkpal.ai\/is\/#website"},"datePublished":"2025-11-12T16:20:16+00:00","dateModified":"2025-12-30T11:43:42+00:00","description":"N\u00e1\u00f0u t\u00f6kum \u00e1 past\u00fa m\u00e1lfr\u00e6\u00f0i me\u00f0 \u00feessari \u00edtarlegu handb\u00f3k sem fjallar um stafr\u00f3fi\u00f0, hlj\u00f3\u00f0fr\u00e6\u00f0i, klofinn stafr\u00f3f, nafnor\u00f0, forn\u00f6fn, sagnor\u00f0 og l\u00fdsingaror\u00f0.","breadcrumb":{"@id":"https:\/\/talkpal.ai\/is\/pashto-malfraedi\/#breadcrumb"},"inLanguage":"is","potentialAction":[{"@type":"ReadAction","target":["https:\/\/talkpal.ai\/is\/pashto-malfraedi\/"]}]},{"@type":"BreadcrumbList","@id":"https:\/\/talkpal.ai\/is\/pashto-malfraedi\/#breadcrumb","itemListElement":[{"@type":"ListItem","position":1,"name":"Homepage","item":"https:\/\/talkpal.ai\/is\/"},{"@type":"ListItem","position":2,"name":"Pashto m\u00e1lfr\u00e6\u00f0i"}]},{"@type":"WebSite","@id":"https:\/\/talkpal.ai\/is\/#website","url":"https:\/\/talkpal.ai\/is\/","name":"Talkpal","description":"AI Language Learning","publisher":{"@id":"https:\/\/talkpal.ai\/is\/#organization"},"alternateName":"Talkpal AI","potentialAction":[{"@type":"SearchAction","target":{"@type":"EntryPoint","urlTemplate":"https:\/\/talkpal.ai\/is\/?s={search_term_string}"},"query-input":{"@type":"PropertyValueSpecification","valueRequired":true,"valueName":"search_term_string"}}],"inLanguage":"is"},{"@type":"Organization","@id":"https:\/\/talkpal.ai\/is\/#organization","name":"Talkpal, Inc.","alternateName":"Talkpal AI","url":"https:\/\/talkpal.ai\/is\/","logo":{"@type":"ImageObject","inLanguage":"is","@id":"https:\/\/talkpal.ai\/is\/#\/schema\/logo\/image\/","url":"https:\/\/talkpal.ai\/wp-content\/uploads\/2024\/03\/Talkpal-Logo-Icon.png","contentUrl":"https:\/\/talkpal.ai\/wp-content\/uploads\/2024\/03\/Talkpal-Logo-Icon.png","width":2880,"height":2880,"caption":"Talkpal, Inc."},"image":{"@id":"https:\/\/talkpal.ai\/is\/#\/schema\/logo\/image\/"},"sameAs":["https:\/\/www.facebook.com\/profile.php?id=100090733639311","https:\/\/x.com\/talkpalai","https:\/\/www.linkedin.com\/company\/talkpal\/","https:\/\/www.youtube.com\/@TalkPal\/","https:\/\/www.tiktok.com\/@talkpal","https:\/\/www.instagram.com\/talkpal_ai\/","https:\/\/www.crunchbase.com\/organization\/talkpal-9cde","https:\/\/www.g2.com\/products\/talkpal-for-business\/","https:\/\/www.trustpilot.com\/review\/talkpal.ai","https:\/\/www.capterra.com\/p\/10006800\/TalkPal\/"],"description":"Talkpal is a language learning web and mobile education app, powered by the latest AI technologies, that provides engaging experiences to its customers in many different languages to help them improve their language skills. Users can chat about unlimited amount of topics with the app and use other modes to practice their language learning.","email":"support@talkpal.ai","legalName":"Talkpal, Inc.","foundingDate":"2023-04-03","duns":"118989042","numberOfEmployees":{"@type":"QuantitativeValue","minValue":"11","maxValue":"50"},"publishingPrinciples":"https:\/\/talkpal.ai\/publishing-principles\/","actionableFeedbackPolicy":"https:\/\/talkpal.ai\/actionable-feedback-policy\/","correctionsPolicy":"https:\/\/talkpal.ai\/corrections-policy\/","ethicsPolicy":"https:\/\/talkpal.ai\/ethics-policy\/","diversityPolicy":"https:\/\/talkpal.ai\/diversity-policy\/","diversityStaffingReport":"https:\/\/talkpal.ai\/diversity-policy\/"}]}},"_links":{"self":[{"href":"https:\/\/talkpal.ai\/is\/wp-json\/wp\/v2\/pages\/1476330","targetHints":{"allow":["GET"]}}],"collection":[{"href":"https:\/\/talkpal.ai\/is\/wp-json\/wp\/v2\/pages"}],"about":[{"href":"https:\/\/talkpal.ai\/is\/wp-json\/wp\/v2\/types\/page"}],"author":[{"embeddable":true,"href":"https:\/\/talkpal.ai\/is\/wp-json\/wp\/v2\/users\/20"}],"replies":[{"embeddable":true,"href":"https:\/\/talkpal.ai\/is\/wp-json\/wp\/v2\/comments?post=1476330"}],"version-history":[{"count":0,"href":"https:\/\/talkpal.ai\/is\/wp-json\/wp\/v2\/pages\/1476330\/revisions"}],"wp:attachment":[{"href":"https:\/\/talkpal.ai\/is\/wp-json\/wp\/v2\/media?parent=1476330"}],"curies":[{"name":"wp","href":"https:\/\/api.w.org\/{rel}","templated":true}]}}