{"id":1476315,"date":"2025-11-12T16:07:26","date_gmt":"2025-11-12T16:07:26","guid":{"rendered":"https:\/\/talkpal.ai\/oriya-malfraedi\/"},"modified":"2025-12-30T12:45:22","modified_gmt":"2025-12-30T12:45:22","slug":"oriya-malfraedi","status":"publish","type":"page","link":"https:\/\/talkpal.ai\/is\/oriya-malfraedi\/","title":{"rendered":"Odia-m\u00e1lfr\u00e6\u00f0i"},"content":{"rendered":"\r\n\r\n\r\n<section class=\"languageChallengeSection\">\r\n    <div class=\"languageInfoWrapper\">\r\n        \r\n        <h1>Odia-m\u00e1lfr\u00e6\u00f0i<\/h1>\r\n        <p>Odia-<a href=\"https:\/\/talkpal.ai\/grammar\/\">m\u00e1lfr\u00e6\u00f0i<\/a> kann a\u00f0 vir\u00f0ast krefjandi \u00ed fyrstu, en einstakar eiginleikar hennar gera \u00fea\u00f0 a\u00f0 verkum a\u00f0 tungum\u00e1lan\u00e1mi\u00f0 er \u00e1n\u00e6gjulegt. Me\u00f0 \u00fev\u00ed a\u00f0 sko\u00f0a stafr\u00f3fi\u00f0, st\u00f6kkbreytingar og m\u00e1lfr\u00e6\u00f0ireglur f\u00e6r\u00f0u inns\u00fdn \u00ed r\u00edka m\u00e1lhef\u00f0. Byrja\u00f0u fer\u00f0alagi\u00f0 \u00feitt og uppg\u00f6tva\u00f0u fegur\u00f0 <a href=\"https:\/\/talkpal.ai\/learn-odia\/\">Odia<\/a>!<\/p>\r\n\r\n                            <a class=\"getStartedHidden\" href=\"https:\/\/app.talkpal.ai\/signup?lng=\">Byrja\u00f0u<\/a>\r\n        \r\n    <\/div>\r\n\r\n    <figure>\r\n    <img decoding=\"async\" width=\"768\" height=\"768\" src=\"https:\/\/talkpal.ai\/wp-content\/uploads\/2023\/06\/welsh-768x768.png\" class=\"languageImage no-lazy\" alt=\"Language learning for better cognitive abilities\" fetchpriority=\"high\" sizes=\"(max-width: 768px) 150px, 768px\" srcset=\"https:\/\/talkpal.ai\/wp-content\/uploads\/2023\/06\/welsh-768x768.png 768w, https:\/\/talkpal.ai\/wp-content\/uploads\/2023\/06\/welsh-300x300.png 300w\" \/>\r\n    \r\n\r\n    <\/figure>\r\n\r\n            <a class=\"getStartedVisible\" href=\"https:\/\/app.talkpal.ai\/signup?lng=\">Byrja\u00f0u<\/a>\r\n    \r\n<\/section><section class=\"promotionalBanner\">\r\n    <p class=\"promotionalText\">Skilvirkasta lei\u00f0in til a\u00f0 l\u00e6ra tungum\u00e1l<\/p>\r\n    <a class=\"promotionalLink\" href=\"https:\/\/app.talkpal.ai\/signup?lng=\">Pr\u00f3fa\u00f0u Talkpal \u00f3keypis<\/a>\r\n<\/section>\n<div class=\"wp-block-group pageContainerStyle\"><div class=\"wp-block-group__inner-container is-layout-constrained wp-block-group-is-layout-constrained\">\n<h2 class=\"wp-block-heading\" id=\"h-navigating-the-intricacies-of-odia-grammar\">A\u00f0 rata um fl\u00e6kjur Odia-m\u00e1lfr\u00e6\u00f0innar<\/h2>\n\n\n\n<p><a href=\"https:\/\/talkpal.ai\/learn-oriya\/\">Odia<\/a>, einnig \u00feekkt sem Odia, er ind\u00f3-ar\u00edskt tungum\u00e1l me\u00f0 r\u00edka b\u00f3kmenntahef\u00f0 og dj\u00fapar menningarlegar r\u00e6tur \u00ed austurhluta Indlands. \u00dea\u00f0 b\u00fd\u00f0ur upp \u00e1 spennandi tungum\u00e1laupplifun fyrir <a href=\"https:\/\/talkpal.ai\/talkpal-discount-for-students\/\">nemendur<\/a> sem eru f\u00fasir til a\u00f0 kanna s\u00e9rstakt m\u00e1lfr\u00e6\u00f0ikerfi \u00feess. \u00deegar \u00fe\u00fa leggur af sta\u00f0 inn \u00ed r\u00edki Od\u00edu munt \u00fe\u00fa ekki a\u00f0eins au\u00f0ga tungum\u00e1lasafn \u00feitt heldur einnig fa\u00f0ma heillandi menningarfer\u00f0alag. \u00de\u00f3 a\u00f0 Odia-m\u00e1lfr\u00e6\u00f0i kunni a\u00f0 vir\u00f0ast fl\u00f3kin \u00ed fyrstu, gerir \u00fea\u00f0 a\u00f0gengilegra a\u00f0 brj\u00f3ta hana ni\u00f0ur \u00ed kjarnahluta. \u00cd \u00feessari grein munum vi\u00f0 kanna heillandi heim Odia-m\u00e1lfr\u00e6\u00f0innar og gefa r\u00e1\u00f0 um hvernig h\u00e6gt er a\u00f0 n\u00e1 t\u00f6kum \u00e1 fl\u00e6kjum hennar.<\/p>\n\n\n\n<h3 class=\"wp-block-heading\" id=\"h-1-odia-alphabet-and-phonetics\">1. Odia-stafr\u00f3fi\u00f0 og hlj\u00f3\u00f0fr\u00e6\u00f0i<\/h3>\n\n\n\n<p>Odia-skriftin er abugida me\u00f0 11 s\u00e9rhlj\u00f3\u00f0um og um 35 samhlj\u00f3\u00f0um, \u00e1samt stimplum og samhlj\u00f3\u00f0um. \u00dea\u00f0 felur \u00ed s\u00e9r aftursveigjanleika og innbl\u00e1sna hlj\u00f3\u00f0 sem eru einkennandi fyrir ind\u00f3ar\u00edsk tungum\u00e1l. \u00deekking \u00e1 handritinu, s\u00e9rhlj\u00f3\u00f0amerkjum og samtengingar\u00feyrpingum skiptir sk\u00f6pum til a\u00f0 n\u00e1 t\u00f6kum \u00e1 frambur\u00f0i og lestri. \u00c6f\u00f0u \u00feig me\u00f0 \u00fev\u00ed a\u00f0 lesa og skrifa \u00e1 Odia til a\u00f0 innlei\u00f0a samsv\u00f6run hlj\u00f3\u00f0s og t\u00e1kna.<\/p>\n\n\n\n<h3 class=\"wp-block-heading\" id=\"h-2-case-markers-and-postpositions-a-distinctive-odia-feature\">2. Kassamerki og p\u00f3stst\u00f6\u00f0ur: S\u00e9rkenni Odia-einkennis<\/h3>\n\n\n\n<p>\u00c1berandi \u00fe\u00e1ttur \u00ed <a href=\"https:\/\/talkpal.ai\/odia-grammar\/\">m\u00e1lfr\u00e6\u00f0i Odia<\/a> er notkun fallmerkja og eftirsetninga frekar en forsetninga. Algeng merki eru ku fyrir \u00e1k\u00e6ru- og dativ hlutverk, ra fyrir eignarfall, re fyrir sta\u00f0setningu, ru fyrir ablative, saha fyrir comitative, dwara fyrir instrumental e\u00f0a agentive, og pain for purpose. A\u00f0 skilja hvernig \u00feessi merki tengjast nafnor\u00f0um og forn\u00f6fnum er nau\u00f0synlegt fyrir n\u00e1kv\u00e6ma samskipti \u00ed Odia.<\/p>\n\n\n\n<h3 class=\"wp-block-heading\" id=\"h-3-nouns-and-pronouns-gender-and-cases\">3. Nafnor\u00f0 og forn\u00f6fn: Kyn og m\u00e1l<\/h3>\n\n\n\n<p>Odia nafnor\u00f0 hafa ekki m\u00e1lfr\u00e6\u00f0ilegt kyn og fleirtala breytist eftir nafnor\u00f0sger\u00f0 og samhengi. Mannleg og lifandi nafnor\u00f0 taka oft fleirt\u00f6luvi\u00f0skeyti\u00f0 -mane, en l\u00edflaus nafnor\u00f0 geta nota\u00f0 -gudika e\u00f0a veri\u00f0 \u00f3merkt \u00feegar fleirt\u00f6lu er sk\u00fdr \u00far samhengi. Forn\u00f6fn fela \u00ed s\u00e9r pers\u00f3nuleg, eignarfall, vi\u00f0brag\u00f0, s\u00fdnikennslu og spyrjandi, me\u00f0 hei\u00f0ursvi\u00f0urkenningum: mu I, tume you informleg, apana you kurteis, se he e\u00f0a h\u00fan, semane \u00feeir. Eignarhald eru m.a. <a href=\"https:\/\/talkpal.ai\/locations\/language-courses-in-mora\/\">mora<\/a> my, tora ur, apanangkara kurteis, tara hans e\u00f0a hennar. A\u00f0 kynnast \u00feessum formum og afbrig\u00f0um \u00feeirra mun auka skilning \u00feinn \u00e1 Odia m\u00e1lfr\u00e6\u00f0i verulega.<\/p>\n\n\n\n<h3 class=\"wp-block-heading\" id=\"h-4-verbs-structure-and-conjugation\">4. Sagnir: Uppbygging og samtenging<\/h3>\n\n\n\n<p>Odia-sagnir beygja fyrir t\u00ed\u00f0, \u00e1s\u00fdnd, stemmingu og samr\u00e6mi, me\u00f0 hei\u00f0ursstigum sem hafa \u00e1hrif \u00e1 sagnform. Kjarna t\u00ed\u00f0ar\u00fe\u00e1ttamyndanir fela \u00ed s\u00e9r n\u00fat\u00ed\u00f0 frams\u00e6kna \u00ed -uchi, einfalda fort\u00ed\u00f0 \u00ed -ila og framt\u00ed\u00f0 \u00ed -iba, \u00e1samt samsettum byggingum og hj\u00e1lpart\u00e6kjum. Skilyrt og br\u00fdnt skap er virkt nota\u00f0. A\u00f0 l\u00e6ra beygingarmynstur og hvernig \u00feau hafa samskipti vi\u00f0 manneskju og kurteisi mun b\u00e6ta h\u00e6fni \u00fe\u00edna til a\u00f0 tj\u00e1 \u00feig \u00e1 \u00e1hrifar\u00edkan h\u00e1tt \u00e1 Odia.<\/p>\n\n\n\n<h3 class=\"wp-block-heading\" id=\"h-5-adjectives-agreement-and-placement\">5. L\u00fdsingaror\u00f0: Samkomulag og sta\u00f0setning<\/h3>\n\n\n\n<p>\u00cd Odia-m\u00e1lfr\u00e6\u00f0i eru l\u00fdsingaror\u00f0 yfirleitt \u00e1 undan nafnor\u00f0inu sem \u00feau breyta og breytast almennt ekki vegna fj\u00f6lda e\u00f0a kyns. Samanbur\u00f0aror\u00f0 og ofuror\u00f0 eru venjulega myndu\u00f0 me\u00f0 atviksor\u00f0um eins og adhika more og sabutharu flestum, \u00fe\u00f3 a\u00f0 tatsama form geti einnig nota\u00f0 vi\u00f0skeyti \u00ed formlegum skr\u00e1m. A\u00f0 n\u00e1 t\u00f6kum \u00e1 \u00feessum mynstrum hj\u00e1lpar tali a\u00f0 hlj\u00f3ma e\u00f0lilegt og or\u00f0atilt\u00e6ki.<\/p>\n\n\n\n<p><strong>D\u00e6mi:<\/strong><\/p>\n\n\n\n<p><strong>\u2013 Bada Prema (St\u00f3r \u00e1st)  <\/strong><\/p>\n\n\n\n<p><strong>\u2013 Chhota Pilamane (l\u00edtil b\u00f6rn)<\/strong><\/p>\n\n\n\n<h3 class=\"wp-block-heading\" id=\"h-6-engaging-with-the-language\">6. A\u00f0 taka \u00fe\u00e1tt \u00ed tungum\u00e1linu<\/h3>\n\n\n\n<p>\u00c1rangursr\u00edkasta lei\u00f0in til a\u00f0 skilja og innr\u00e6ta Odia-m\u00e1lfr\u00e6\u00f0i er a\u00f0 taka st\u00f6\u00f0ugt \u00fe\u00e1tt \u00ed tungum\u00e1linu. Me\u00f0 \u00fev\u00ed a\u00f0 lesa Odia-b\u00f3kmenntir, horfa \u00e1 Odia-kvikmyndir e\u00f0a sj\u00f3nvarps\u00fe\u00e6tti, fylgjast me\u00f0 Odia-fr\u00e9ttum og eiga virkan samskipti vi\u00f0 m\u00f3\u00f0urm\u00e1lsnotendur styrkir \u00fe\u00fa skilning \u00feinn \u00e1 m\u00e1lfr\u00e6\u00f0i \u00e1 <a href=\"https:\/\/talkpal.ai\/locations\/language-courses-in-sama\/\">sama<\/a> t\u00edma og \u00fe\u00fa v\u00edkkar \u00fat or\u00f0afor\u00f0a.<\/p>\n\n\n\n<h3 class=\"wp-block-heading\" id=\"h-conclusion\">Ni\u00f0ursta\u00f0a<\/h3>\n\n\n\n<p>\u00de\u00f3 a\u00f0 Odia-m\u00e1lfr\u00e6\u00f0i kunni a\u00f0 vir\u00f0ast fl\u00f3kin, getur\u00f0u or\u00f0i\u00f0 f\u00e6r \u00ed \u00feessu fallega tungum\u00e1li me\u00f0 elju, \u00e6fingu og eldm\u00f3\u00f0i. Me\u00f0 \u00fev\u00ed a\u00f0 einbeita \u00fe\u00e9r a\u00f0 grundvallarreglum og taka \u00fe\u00e1tt \u00ed tungum\u00e1linu \u00ed mismunandi samhengi, munt \u00fe\u00fa flj\u00f3tt b\u00e6ta <a href=\"https:\/\/talkpal.ai\/is\/malfraedi\/\">m\u00e1lfr\u00e6\u00f0ikunn\u00e1ttu<\/a> \u00fe\u00edna \u00ed Odia. Subha kamana (gangi \u00fe\u00e9r vel) me\u00f0 fer\u00f0 \u00fe\u00edna \u00e1 Odia-m\u00e1linu og nj\u00f3ttu \u00feess a\u00f0 afhj\u00fapa hinn gl\u00e6silega en heillandi heim Odia-m\u00e1lfr\u00e6\u00f0innar!<\/p>\n<\/div><\/div>\n\r\n<section class=\"learnNavigationSection\">\r\n            \r\n        <a href=\"https:\/\/talkpal.ai\/is\/laerdu-oriya\/\">\r\n            <div class=\"learnNavigationWrapper\">\r\n                <div class=\"learnNavigationContent\">\r\n                    <img decoding=\"async\" src=\"https:\/\/talkpal.ai\/wp-content\/uploads\/2025\/11\/Oriya.png\" alt=\"Indian Simplified Flag\">\r\n                    <div>\r\n                        <h4>Um Odia-n\u00e1m<\/h4>\r\n                        <p>Finndu \u00fat allt um Odia m\u00e1lfr\u00e6\u00f0i.<\/p>\r\n                    <\/div>\r\n                <\/div>\r\n            <\/div>\r\n        <\/a>\r\n\r\n        \r\n        <a href=\"https:\/\/talkpal.ai\/is\/oriya-malfraediaefingar\/\">\r\n            <div class=\"learnNavigationWrapper\">\r\n                <div class=\"learnNavigationContent\">\r\n                    <img decoding=\"async\" src=\"https:\/\/talkpal.ai\/wp-content\/uploads\/2025\/11\/Oriya.png\" alt=\"Indian Simplified Flag\">\r\n                    <div>\r\n                        <h4>Odia m\u00e1lfr\u00e6\u00f0i\u00e6fing<\/h4>\r\n                        <p>\u00c6f\u00f0u Odia-m\u00e1lfr\u00e6\u00f0i.<\/p>\r\n                    <\/div>\r\n                <\/div>\r\n            <\/div>\r\n        <\/a>\r\n\r\n            <\/section>","protected":false},"excerpt":{"rendered":"<p>A\u00f0 rata um fl\u00e6kjur Odia-m\u00e1lfr\u00e6\u00f0innar Odia, einnig \u00feekkt sem Odia, er ind\u00f3-ar\u00edskt tungum\u00e1l me\u00f0 r\u00edka b\u00f3kmenntahef\u00f0 og dj\u00fapar menningarlegar r\u00e6tur \u00ed austurhluta Indlands. \u00dea\u00f0 b\u00fd\u00f0ur upp \u00e1 spennandi tungum\u00e1laupplifun fyrir nemendur sem eru f\u00fasir til a\u00f0 kanna s\u00e9rstakt m\u00e1lfr\u00e6\u00f0ikerfi \u00feess. \u00deegar \u00fe\u00fa leggur af sta\u00f0 inn \u00ed r\u00edki Od\u00edu munt \u00fe\u00fa ekki a\u00f0eins au\u00f0ga tungum\u00e1lasafn [&hellip;]<\/p>\n","protected":false},"author":20,"featured_media":0,"parent":0,"menu_order":0,"comment_status":"closed","ping_status":"closed","template":"LearningContentPage.php","meta":{"_acf_changed":false,"footnotes":""},"class_list":["post-1476315","page","type-page","status-publish","hentry"],"acf":[],"yoast_head":"<!-- This site is optimized with the Yoast SEO Premium plugin v27.2 (Yoast SEO v27.2) - https:\/\/yoast.com\/product\/yoast-seo-premium-wordpress\/ -->\n<title>Odia-m\u00e1lfr\u00e6\u00f0i - Talkpal<\/title>\n<meta name=\"description\" content=\"N\u00e1\u00f0u t\u00f6kum \u00e1 m\u00e1lfr\u00e6\u00f0i Odia, \u00fear \u00e1 me\u00f0al stafr\u00f3finu, h\u00e1- og l\u00e1gstafamerkingum og s\u00f6gnum, me\u00f0 \u00edtarlegri lei\u00f0beiningum okkar um tungum\u00e1lan\u00e1m.\" \/>\n<meta name=\"robots\" content=\"index, follow, max-snippet:-1, max-image-preview:large, max-video-preview:-1\" \/>\n<link rel=\"canonical\" href=\"https:\/\/talkpal.ai\/is\/oriya-malfraedi\/\" \/>\n<meta property=\"og:locale\" content=\"is_IS\" \/>\n<meta property=\"og:type\" content=\"article\" \/>\n<meta property=\"og:title\" content=\"Odia-m\u00e1lfr\u00e6\u00f0i\" \/>\n<meta property=\"og:description\" content=\"A\u00f0 rata um fl\u00e6kjur Odia-m\u00e1lfr\u00e6\u00f0innar Odia, einnig \u00feekkt sem Odia, er ind\u00f3-ar\u00edskt tungum\u00e1l me\u00f0 r\u00edka b\u00f3kmenntahef\u00f0 og dj\u00fapar menningarlegar r\u00e6tur \u00ed\" \/>\n<meta property=\"og:url\" content=\"https:\/\/talkpal.ai\/is\/oriya-malfraedi\/\" \/>\n<meta property=\"og:site_name\" content=\"Talkpal\" \/>\n<meta property=\"article:publisher\" content=\"https:\/\/www.facebook.com\/profile.php?id=100090733639311\" \/>\n<meta property=\"article:modified_time\" content=\"2025-12-30T12:45:22+00:00\" \/>\n<meta property=\"og:image\" content=\"https:\/\/talkpal.ai\/wp-content\/uploads\/2025\/02\/Progress-tab-16_9.png\" \/>\n\t<meta property=\"og:image:width\" content=\"2880\" \/>\n\t<meta property=\"og:image:height\" content=\"1620\" \/>\n\t<meta property=\"og:image:type\" content=\"image\/png\" \/>\n<meta name=\"twitter:card\" content=\"summary_large_image\" \/>\n<meta name=\"twitter:site\" content=\"@talkpalai\" \/>\n<meta name=\"twitter:label1\" content=\"Est. reading time\" \/>\n\t<meta name=\"twitter:data1\" content=\"4 minutes\" \/>\n<script type=\"application\/ld+json\" class=\"yoast-schema-graph\">{\"@context\":\"https:\/\/schema.org\",\"@graph\":[{\"@type\":\"WebPage\",\"@id\":\"https:\/\/talkpal.ai\/is\/oriya-malfraedi\/\",\"url\":\"https:\/\/talkpal.ai\/is\/oriya-malfraedi\/\",\"name\":\"Odia-m\u00e1lfr\u00e6\u00f0i - Talkpal\",\"isPartOf\":{\"@id\":\"https:\/\/talkpal.ai\/is\/#website\"},\"datePublished\":\"2025-11-12T16:07:26+00:00\",\"dateModified\":\"2025-12-30T12:45:22+00:00\",\"description\":\"N\u00e1\u00f0u t\u00f6kum \u00e1 m\u00e1lfr\u00e6\u00f0i Odia, \u00fear \u00e1 me\u00f0al stafr\u00f3finu, h\u00e1- og l\u00e1gstafamerkingum og s\u00f6gnum, me\u00f0 \u00edtarlegri lei\u00f0beiningum okkar um tungum\u00e1lan\u00e1m.\",\"breadcrumb\":{\"@id\":\"https:\/\/talkpal.ai\/is\/oriya-malfraedi\/#breadcrumb\"},\"inLanguage\":\"is\",\"potentialAction\":[{\"@type\":\"ReadAction\",\"target\":[\"https:\/\/talkpal.ai\/is\/oriya-malfraedi\/\"]}]},{\"@type\":\"BreadcrumbList\",\"@id\":\"https:\/\/talkpal.ai\/is\/oriya-malfraedi\/#breadcrumb\",\"itemListElement\":[{\"@type\":\"ListItem\",\"position\":1,\"name\":\"Homepage\",\"item\":\"https:\/\/talkpal.ai\/is\/\"},{\"@type\":\"ListItem\",\"position\":2,\"name\":\"Odia-m\u00e1lfr\u00e6\u00f0i\"}]},{\"@type\":\"WebSite\",\"@id\":\"https:\/\/talkpal.ai\/is\/#website\",\"url\":\"https:\/\/talkpal.ai\/is\/\",\"name\":\"Talkpal\",\"description\":\"AI Language Learning\",\"publisher\":{\"@id\":\"https:\/\/talkpal.ai\/is\/#organization\"},\"alternateName\":\"Talkpal AI\",\"potentialAction\":[{\"@type\":\"SearchAction\",\"target\":{\"@type\":\"EntryPoint\",\"urlTemplate\":\"https:\/\/talkpal.ai\/is\/?s={search_term_string}\"},\"query-input\":{\"@type\":\"PropertyValueSpecification\",\"valueRequired\":true,\"valueName\":\"search_term_string\"}}],\"inLanguage\":\"is\"},{\"@type\":\"Organization\",\"@id\":\"https:\/\/talkpal.ai\/is\/#organization\",\"name\":\"Talkpal, Inc.\",\"alternateName\":\"Talkpal AI\",\"url\":\"https:\/\/talkpal.ai\/is\/\",\"logo\":{\"@type\":\"ImageObject\",\"inLanguage\":\"is\",\"@id\":\"https:\/\/talkpal.ai\/is\/#\/schema\/logo\/image\/\",\"url\":\"https:\/\/talkpal.ai\/wp-content\/uploads\/2024\/03\/Talkpal-Logo-Icon.png\",\"contentUrl\":\"https:\/\/talkpal.ai\/wp-content\/uploads\/2024\/03\/Talkpal-Logo-Icon.png\",\"width\":2880,\"height\":2880,\"caption\":\"Talkpal, Inc.\"},\"image\":{\"@id\":\"https:\/\/talkpal.ai\/is\/#\/schema\/logo\/image\/\"},\"sameAs\":[\"https:\/\/www.facebook.com\/profile.php?id=100090733639311\",\"https:\/\/x.com\/talkpalai\",\"https:\/\/www.linkedin.com\/company\/talkpal\/\",\"https:\/\/www.youtube.com\/@TalkPal\/\",\"https:\/\/www.tiktok.com\/@talkpal\",\"https:\/\/www.instagram.com\/talkpal_ai\/\",\"https:\/\/www.crunchbase.com\/organization\/talkpal-9cde\",\"https:\/\/www.g2.com\/products\/talkpal-for-business\/\",\"https:\/\/www.trustpilot.com\/review\/talkpal.ai\",\"https:\/\/www.capterra.com\/p\/10006800\/TalkPal\/\"],\"description\":\"Talkpal is a language learning web and mobile education app, powered by the latest AI technologies, that provides engaging experiences to its customers in many different languages to help them improve their language skills. Users can chat about unlimited amount of topics with the app and use other modes to practice their language learning.\",\"email\":\"support@talkpal.ai\",\"legalName\":\"Talkpal, Inc.\",\"foundingDate\":\"2023-04-03\",\"duns\":\"118989042\",\"numberOfEmployees\":{\"@type\":\"QuantitativeValue\",\"minValue\":\"11\",\"maxValue\":\"50\"},\"publishingPrinciples\":\"https:\/\/talkpal.ai\/publishing-principles\/\",\"actionableFeedbackPolicy\":\"https:\/\/talkpal.ai\/actionable-feedback-policy\/\",\"correctionsPolicy\":\"https:\/\/talkpal.ai\/corrections-policy\/\",\"ethicsPolicy\":\"https:\/\/talkpal.ai\/ethics-policy\/\",\"diversityPolicy\":\"https:\/\/talkpal.ai\/diversity-policy\/\",\"diversityStaffingReport\":\"https:\/\/talkpal.ai\/diversity-policy\/\"}]}<\/script>\n<!-- \/ Yoast SEO Premium plugin. -->","yoast_head_json":{"title":"Odia-m\u00e1lfr\u00e6\u00f0i - Talkpal","description":"N\u00e1\u00f0u t\u00f6kum \u00e1 m\u00e1lfr\u00e6\u00f0i Odia, \u00fear \u00e1 me\u00f0al stafr\u00f3finu, h\u00e1- og l\u00e1gstafamerkingum og s\u00f6gnum, me\u00f0 \u00edtarlegri lei\u00f0beiningum okkar um tungum\u00e1lan\u00e1m.","robots":{"index":"index","follow":"follow","max-snippet":"max-snippet:-1","max-image-preview":"max-image-preview:large","max-video-preview":"max-video-preview:-1"},"canonical":"https:\/\/talkpal.ai\/is\/oriya-malfraedi\/","og_locale":"is_IS","og_type":"article","og_title":"Odia-m\u00e1lfr\u00e6\u00f0i","og_description":"A\u00f0 rata um fl\u00e6kjur Odia-m\u00e1lfr\u00e6\u00f0innar Odia, einnig \u00feekkt sem Odia, er ind\u00f3-ar\u00edskt tungum\u00e1l me\u00f0 r\u00edka b\u00f3kmenntahef\u00f0 og dj\u00fapar menningarlegar r\u00e6tur \u00ed","og_url":"https:\/\/talkpal.ai\/is\/oriya-malfraedi\/","og_site_name":"Talkpal","article_publisher":"https:\/\/www.facebook.com\/profile.php?id=100090733639311","article_modified_time":"2025-12-30T12:45:22+00:00","og_image":[{"width":2880,"height":1620,"url":"https:\/\/talkpal.ai\/wp-content\/uploads\/2025\/02\/Progress-tab-16_9.png","type":"image\/png"}],"twitter_card":"summary_large_image","twitter_site":"@talkpalai","twitter_misc":{"Est. reading time":"4 minutes"},"schema":{"@context":"https:\/\/schema.org","@graph":[{"@type":"WebPage","@id":"https:\/\/talkpal.ai\/is\/oriya-malfraedi\/","url":"https:\/\/talkpal.ai\/is\/oriya-malfraedi\/","name":"Odia-m\u00e1lfr\u00e6\u00f0i - Talkpal","isPartOf":{"@id":"https:\/\/talkpal.ai\/is\/#website"},"datePublished":"2025-11-12T16:07:26+00:00","dateModified":"2025-12-30T12:45:22+00:00","description":"N\u00e1\u00f0u t\u00f6kum \u00e1 m\u00e1lfr\u00e6\u00f0i Odia, \u00fear \u00e1 me\u00f0al stafr\u00f3finu, h\u00e1- og l\u00e1gstafamerkingum og s\u00f6gnum, me\u00f0 \u00edtarlegri lei\u00f0beiningum okkar um tungum\u00e1lan\u00e1m.","breadcrumb":{"@id":"https:\/\/talkpal.ai\/is\/oriya-malfraedi\/#breadcrumb"},"inLanguage":"is","potentialAction":[{"@type":"ReadAction","target":["https:\/\/talkpal.ai\/is\/oriya-malfraedi\/"]}]},{"@type":"BreadcrumbList","@id":"https:\/\/talkpal.ai\/is\/oriya-malfraedi\/#breadcrumb","itemListElement":[{"@type":"ListItem","position":1,"name":"Homepage","item":"https:\/\/talkpal.ai\/is\/"},{"@type":"ListItem","position":2,"name":"Odia-m\u00e1lfr\u00e6\u00f0i"}]},{"@type":"WebSite","@id":"https:\/\/talkpal.ai\/is\/#website","url":"https:\/\/talkpal.ai\/is\/","name":"Talkpal","description":"AI Language Learning","publisher":{"@id":"https:\/\/talkpal.ai\/is\/#organization"},"alternateName":"Talkpal AI","potentialAction":[{"@type":"SearchAction","target":{"@type":"EntryPoint","urlTemplate":"https:\/\/talkpal.ai\/is\/?s={search_term_string}"},"query-input":{"@type":"PropertyValueSpecification","valueRequired":true,"valueName":"search_term_string"}}],"inLanguage":"is"},{"@type":"Organization","@id":"https:\/\/talkpal.ai\/is\/#organization","name":"Talkpal, Inc.","alternateName":"Talkpal AI","url":"https:\/\/talkpal.ai\/is\/","logo":{"@type":"ImageObject","inLanguage":"is","@id":"https:\/\/talkpal.ai\/is\/#\/schema\/logo\/image\/","url":"https:\/\/talkpal.ai\/wp-content\/uploads\/2024\/03\/Talkpal-Logo-Icon.png","contentUrl":"https:\/\/talkpal.ai\/wp-content\/uploads\/2024\/03\/Talkpal-Logo-Icon.png","width":2880,"height":2880,"caption":"Talkpal, Inc."},"image":{"@id":"https:\/\/talkpal.ai\/is\/#\/schema\/logo\/image\/"},"sameAs":["https:\/\/www.facebook.com\/profile.php?id=100090733639311","https:\/\/x.com\/talkpalai","https:\/\/www.linkedin.com\/company\/talkpal\/","https:\/\/www.youtube.com\/@TalkPal\/","https:\/\/www.tiktok.com\/@talkpal","https:\/\/www.instagram.com\/talkpal_ai\/","https:\/\/www.crunchbase.com\/organization\/talkpal-9cde","https:\/\/www.g2.com\/products\/talkpal-for-business\/","https:\/\/www.trustpilot.com\/review\/talkpal.ai","https:\/\/www.capterra.com\/p\/10006800\/TalkPal\/"],"description":"Talkpal is a language learning web and mobile education app, powered by the latest AI technologies, that provides engaging experiences to its customers in many different languages to help them improve their language skills. Users can chat about unlimited amount of topics with the app and use other modes to practice their language learning.","email":"support@talkpal.ai","legalName":"Talkpal, Inc.","foundingDate":"2023-04-03","duns":"118989042","numberOfEmployees":{"@type":"QuantitativeValue","minValue":"11","maxValue":"50"},"publishingPrinciples":"https:\/\/talkpal.ai\/publishing-principles\/","actionableFeedbackPolicy":"https:\/\/talkpal.ai\/actionable-feedback-policy\/","correctionsPolicy":"https:\/\/talkpal.ai\/corrections-policy\/","ethicsPolicy":"https:\/\/talkpal.ai\/ethics-policy\/","diversityPolicy":"https:\/\/talkpal.ai\/diversity-policy\/","diversityStaffingReport":"https:\/\/talkpal.ai\/diversity-policy\/"}]}},"_links":{"self":[{"href":"https:\/\/talkpal.ai\/is\/wp-json\/wp\/v2\/pages\/1476315","targetHints":{"allow":["GET"]}}],"collection":[{"href":"https:\/\/talkpal.ai\/is\/wp-json\/wp\/v2\/pages"}],"about":[{"href":"https:\/\/talkpal.ai\/is\/wp-json\/wp\/v2\/types\/page"}],"author":[{"embeddable":true,"href":"https:\/\/talkpal.ai\/is\/wp-json\/wp\/v2\/users\/20"}],"replies":[{"embeddable":true,"href":"https:\/\/talkpal.ai\/is\/wp-json\/wp\/v2\/comments?post=1476315"}],"version-history":[{"count":0,"href":"https:\/\/talkpal.ai\/is\/wp-json\/wp\/v2\/pages\/1476315\/revisions"}],"wp:attachment":[{"href":"https:\/\/talkpal.ai\/is\/wp-json\/wp\/v2\/media?parent=1476315"}],"curies":[{"name":"wp","href":"https:\/\/api.w.org\/{rel}","templated":true}]}}