{"id":1476287,"date":"2025-11-12T15:57:33","date_gmt":"2025-11-12T15:57:33","guid":{"rendered":"https:\/\/talkpal.ai\/mongolskar-malfraediaefingar\/"},"modified":"2025-12-30T12:41:00","modified_gmt":"2025-12-30T12:41:00","slug":"mongolskar-malfraediaefingar","status":"publish","type":"page","link":"https:\/\/talkpal.ai\/is\/mongolskar-malfraediaefingar\/","title":{"rendered":"Mong\u00f3lskar m\u00e1lfr\u00e6\u00f0i\u00e6fingar"},"content":{"rendered":"\r\n\r\n\r\n<section class=\"languageChallengeSection\">\r\n    <div class=\"languageInfoWrapper\">\r\n        \r\n        <h1>Mong\u00f3lskar m\u00e1lfr\u00e6\u00f0i\u00e6fingar<\/h1>\r\n        <p>Tilb\u00fainn til a\u00f0 kafa ofan \u00ed <a href=\"https:\/\/talkpal.ai\/learn-mongolian\/\">mong\u00f3lska<\/a> <a href=\"https:\/\/talkpal.ai\/grammar\/\">m\u00e1lfr\u00e6\u00f0i<\/a>? A\u00f0 \u00e6fa sig \u00ed nokkrum grunnatri\u00f0um mun hj\u00e1lpa \u00fe\u00e9r a\u00f0 tileinka \u00fe\u00e9r \u00feetta einstaka og fallega tungum\u00e1l. Pr\u00f3fa\u00f0u \u00feessar \u00e6fingar til a\u00f0 byggja upp sj\u00e1lfstrausti\u00f0 og skemmta \u00fe\u00e9r vel \u00ed lei\u00f0inni!<\/p>\r\n\r\n                            <a class=\"getStartedHidden\" href=\"https:\/\/app.talkpal.ai\/signup?lng=\">Byrja\u00f0u<\/a>\r\n        \r\n    <\/div>\r\n\r\n    <figure>\r\n    <img decoding=\"async\" width=\"768\" height=\"768\" src=\"https:\/\/talkpal.ai\/wp-content\/uploads\/2023\/06\/welsh-768x768.png\" class=\"languageImage no-lazy\" alt=\"Language learning for better cognitive abilities\" fetchpriority=\"high\" sizes=\"(max-width: 768px) 150px, 768px\" srcset=\"https:\/\/talkpal.ai\/wp-content\/uploads\/2023\/06\/welsh-768x768.png 768w, https:\/\/talkpal.ai\/wp-content\/uploads\/2023\/06\/welsh-300x300.png 300w\" \/>\r\n    \r\n\r\n    <\/figure>\r\n\r\n            <a class=\"getStartedVisible\" href=\"https:\/\/app.talkpal.ai\/signup?lng=\">Byrja\u00f0u<\/a>\r\n    \r\n<\/section><section class=\"promotionalBanner\">\r\n    <p class=\"promotionalText\">Skilvirkasta lei\u00f0in til a\u00f0 l\u00e6ra tungum\u00e1l<\/p>\r\n    <a class=\"promotionalLink\" href=\"https:\/\/app.talkpal.ai\/signup?lng=\">Pr\u00f3fa\u00f0u Talkpal \u00f3keypis<\/a>\r\n<\/section>\n<div class=\"wp-block-group pageContainerStyle\"><div class=\"wp-block-group__inner-container is-layout-constrained wp-block-group-is-layout-constrained\">\n<h2 class=\"wp-block-heading\" id=\"h-mongolian-grammar-topics\">Mong\u00f3lsk m\u00e1lfr\u00e6\u00f0i efni<\/h2>\n\n\n\n<p><a href=\"https:\/\/talkpal.ai\/is\/staerstu-mistokin-sem-tharf-ad-fordast-thegar-thu-laerir-nytt-tungumal\/\">A\u00f0 l\u00e6ra n\u00fdtt tungum\u00e1l<\/a> getur veri\u00f0 krefjandi en gefandi vi\u00f0leitni. <a href=\"https:\/\/talkpal.ai\/learn-mongolian\/\">Mong\u00f3lska<\/a>, mong\u00f3lska tungum\u00e1li\u00f0 sem a\u00f0allega er tala\u00f0 \u00ed Mong\u00f3l\u00edu og hluta Nor\u00f0ur-K\u00edna, er engin undantekning. Me\u00f0 einst\u00f6kum eiginleikum s\u00ednum og uppbyggingu eins og s\u00e9rhlj\u00f3\u00f0asamhlj\u00f3mi, agglutinative formger\u00f0, r\u00edkulegri fallmerkingu og p\u00f3stst\u00f6\u00f0um, krefst <a href=\"https:\/\/talkpal.ai\/is\/talkpal-fyrir-menntun\/\">n\u00e1m<\/a> mong\u00f3lsku kerfisbundinnar n\u00e1lgunar til a\u00f0 skilja m\u00e1lfr\u00e6\u00f0i \u00feess. \u00deessi handb\u00f3k \u00fatlistar lykilsvi\u00f0 <a href=\"https:\/\/talkpal.ai\/is\/mongolsk-malfraedi\/\">mong\u00f3lskrar m\u00e1lfr\u00e6\u00f0i<\/a> \u00ed r\u00f6kr\u00e9ttri r\u00f6\u00f0 fyrir <a href=\"https:\/\/talkpal.ai\/is\/talkpal-fyrir-menntun\/\">tungum\u00e1lan\u00e1m<\/a>, byrja\u00f0 \u00e1 grunnatri\u00f0um eins og nafnor\u00f0um og greinum, og fari\u00f0 yfir \u00e1 fl\u00f3knari sv\u00e6\u00f0i eins og t\u00ed\u00f0ir og setningager\u00f0.<\/p>\n\n\n\n<h3 class=\"wp-block-heading\" id=\"h-1-nouns\">1. Nafnor\u00f0:<\/h3>\n\n\n\n<p>Byrja\u00f0u mong\u00f3lsku tungum\u00e1lafer\u00f0 \u00fe\u00edna me\u00f0 \u00fev\u00ed a\u00f0 l\u00e6ra nafnor\u00f0in. \u00deetta felur \u00ed s\u00e9r skilning \u00e1 mismunandi flokkum nafnor\u00f0a, svo sem algengum og eiginlegum nafnor\u00f0um sem og fleirt\u00f6lumyndum \u00feeirra. \u00de\u00fa munt einnig lenda \u00ed m\u00e1lfr\u00e6\u00f0ilegum hlutverkum eins og vi\u00f0fangsefni, hlut, sta\u00f0setningu og stefnu.<\/p>\n\n\n\n<h3 class=\"wp-block-heading\" id=\"h-2-articles\">2. Greinar:<\/h3>\n\n\n\n<p>Greinar \u00e1 mong\u00f3lsku eru ekki nota\u00f0ar eins og \u00fe\u00e6r eru \u00e1 <a href=\"https:\/\/talkpal.ai\/ai-english-speaking-practice\/\">ensku<\/a>. Mong\u00f3lska hefur ekki \u00e1kve\u00f0na e\u00f0a \u00f3\u00e1kve\u00f0na greina. \u00deess \u00ed sta\u00f0 er \u00e1kve\u00f0ni tj\u00e1\u00f0 me\u00f0 samhengi, or\u00f0ar\u00f6\u00f0, s\u00fdnikennum eins og \u00feessu og hinu, og stundum me\u00f0 h\u00e1fallsmerkingu eins og \u00e1sakandi fyrir \u00e1kve\u00f0na beina hluti.<\/p>\n\n\n\n<h3 class=\"wp-block-heading\" id=\"h-3-adjectives\">3. L\u00fdsingaror\u00f0:<\/h3>\n\n\n\n<p>L\u00fdsingaror\u00f0 \u00e1 mong\u00f3lsku eru venjulega \u00e1 undan nafnor\u00f0um \u00feeirra, sem er fr\u00e1brug\u00f0i\u00f0 ensku hj\u00e1 sumum nemendum. \u00deeir eru ekki samm\u00e1la \u00ed kyni e\u00f0a fj\u00f6lda. \u00de\u00fa \u00fearft l\u00edka a\u00f0 l\u00e6ra hvernig \u00e1 a\u00f0 mynda samanbur\u00f0 og yfirbur\u00f0i, oft me\u00f0 or\u00f0um eins og meira og flest e\u00f0a me\u00f0 samanbur\u00f0arsm\u00ed\u00f0um me\u00f0 en.<\/p>\n\n\n\n<h3 class=\"wp-block-heading\" id=\"h-4-pronouns-determiners\">4. Forn\u00f6fn\/\u00e1kv\u00f6r\u00f0unaror\u00f0:<\/h3>\n\n\n\n<p>Forn\u00f6fn og \u00e1kvar\u00f0anir eru nau\u00f0synleg \u00ed mong\u00f3lsku; \u00deeir koma \u00ed sta\u00f0 nafnor\u00f0a og veita uppl\u00fdsingar um magn, eign og fleira. Eignarforn\u00f6fn eru almennt s\u00fdnd me\u00f0 eignarfallsformum og eignarforn\u00f6fnum og h\u00e6gt er a\u00f0 sleppa vi\u00f0fangsforn\u00f6fnum \u00feegar \u00feau eru skilin \u00far samhengi. S\u00fdnikennsla eins og \u00feetta og hitt, t\u00f6lur og magnm\u00e6li eru lykilatri\u00f0i til a\u00f0 n\u00e1 t\u00f6kum \u00e1.<\/p>\n\n\n\n<h3 class=\"wp-block-heading\" id=\"h-5-verbs\">5. Sagnir:<\/h3>\n\n\n\n<p>Mong\u00f3lskar sagnir hafa mismunandi form eftir t\u00ed\u00f0, \u00fe\u00e6tti og skapi, oft bygg\u00f0ar me\u00f0 vi\u00f0skeytum og hj\u00e1lparor\u00f0um. Samkomulag einstaklinga er takmarka\u00f0 og vi\u00f0fangsefnum er oft sleppt ef \u00fea\u00f0 er sk\u00fdrt. Byrja\u00f0u \u00e1 grunnformum sem ekki eru fort\u00ed\u00f0 og fort\u00ed\u00f0, kanna\u00f0u s\u00ed\u00f0an vanabundna, framt\u00ed\u00f0ar-viljandi og modala notkun.<\/p>\n\n\n\n<h3 class=\"wp-block-heading\" id=\"h-6-tenses\">6. Spennur:<\/h3>\n\n\n\n<p>Eftir <a href=\"https:\/\/talkpal.ai\/culture\/what-is-the-verb-ad-hafa-and-when-is-it-used\/\">a\u00f0 hafa<\/a> n\u00e1\u00f0 t\u00f6kum \u00e1 sagnstofnunum og grunnformunum skaltu kafa d\u00fdpra \u00ed mong\u00f3lska t\u00ed\u00f0 og \u00fe\u00e1tt. \u00deetta felur \u00ed s\u00e9r a\u00f0 skilja muninn \u00e1 venjulegri n\u00fat\u00ed\u00f0, frams\u00e6kinni n\u00fat\u00ed\u00f0, einfaldri fort\u00ed\u00f0, fort\u00ed\u00f0 fullkomnun og lestri sem ekki er fort\u00ed\u00f0 e\u00f0a framt\u00ed\u00f0 og hvernig \u00feau eru notu\u00f0 \u00ed mismunandi samhengi.<\/p>\n\n\n\n<h3 class=\"wp-block-heading\" id=\"h-7-tense-comparison\">7. Spenntur samanbur\u00f0ur:<\/h3>\n\n\n\n<p>Samanbur\u00f0ur \u00e1 t\u00ed\u00f0um \u00ed mong\u00f3lsku hj\u00e1lpar til vi\u00f0 a\u00f0 skilja r\u00f6\u00f0 og bl\u00e6brig\u00f0i athafna. Samanbur\u00f0ur \u00e1 s\u00f6mu s\u00f6gn \u00ed venjulegum, frams\u00e6knum, \u00fe\u00e1t\u00ed\u00f0ar- og fort\u00ed\u00f0arformum mun veita betri skilning \u00e1 merkingarmun og notkun.<\/p>\n\n\n\n<h3 class=\"wp-block-heading\" id=\"h-8-progressive\">8. Frams\u00e6ki\u00f0:<\/h3>\n\n\n\n<p>Frams\u00f3knarma\u00f0urinn \u00e1 mong\u00f3lsku er nota\u00f0ur til a\u00f0 tj\u00e1 \u00e1framhaldandi a\u00f0ger\u00f0ir. \u00dea\u00f0 er mynda\u00f0 me\u00f0 \u00fev\u00ed a\u00f0 nota sagnstofninn me\u00f0 spakm\u00e6lisvi\u00f0skeytinu og hj\u00e1lparstafnum a\u00f0 vera, venjulega tj\u00e1\u00f0 me\u00f0 formi sem jafngildir \u00fev\u00ed a\u00f0 <a href=\"https:\/\/talkpal.ai\/locations\/language-courses-in-gera\/\">gera<\/a>.<\/p>\n\n\n\n<h3 class=\"wp-block-heading\" id=\"h-9-perfect-progressive\">9. Fullkominn frams\u00e6kinn:<\/h3>\n\n\n\n<p>\u00deessi merking er notu\u00f0 til a\u00f0 tj\u00e1 a\u00f0ger\u00f0ir sem hafa veri\u00f0 \u00ed gangi fram a\u00f0 \u00e1kve\u00f0num t\u00edmapunkti. \u00c1 mong\u00f3lsku er \u00fea\u00f0 tj\u00e1\u00f0 me\u00f0 spakm\u00e6li \u00e1samt hj\u00e1lparor\u00f0um eins og a\u00f0 hafa komi\u00f0 e\u00f0a a\u00f0 hafa veri\u00f0, sem gefa til kynna framhald fram a\u00f0 \u00feessu e\u00f0a fram a\u00f0 fyrri vi\u00f0mi\u00f0unarpunkti.<\/p>\n\n\n\n<h3 class=\"wp-block-heading\" id=\"h-10-conditionals\">10. Skilyr\u00f0i:<\/h3>\n\n\n\n<p>Skilyrt l\u00fdsir \u00edmyndu\u00f0um a\u00f0st\u00e6\u00f0um og hugsanlegum ni\u00f0urst\u00f6\u00f0um \u00feeirra. \u00deau eru mikilv\u00e6gur hluti af mong\u00f3lskri m\u00e1lfr\u00e6\u00f0i og eru venjulega myndu\u00f0 me\u00f0 skilyrtum vi\u00f0skeytum sem jafngilda ef, \u00e1samt byggingum sem tj\u00e1 raunverulegar, hugsanlegar e\u00f0a gagnraunverulegar a\u00f0st\u00e6\u00f0ur.<\/p>\n\n\n\n<h3 class=\"wp-block-heading\" id=\"h-11-adverbs\">11. Atviksor\u00f0:<\/h3>\n\n\n\n<p>Atviksor\u00f0 \u00e1 mong\u00f3lsku breyta s\u00f6gnum, l\u00fdsingaror\u00f0um e\u00f0a \u00f6\u00f0rum atviksor\u00f0um. \u00deeir veita uppl\u00fdsingar um h\u00e1tt, sta\u00f0, t\u00edma, gr\u00e1\u00f0u og fleira. Atviksor\u00f0 \u00e1 marga h\u00e1tt eru dregin af l\u00fdsingaror\u00f0um me\u00f0 atviksvi\u00f0skeytum og \u00fea\u00f0 eru m\u00f6rg algeng atviksor\u00f0 fyrir t\u00edma og t\u00ed\u00f0ni.<\/p>\n\n\n\n<h3 class=\"wp-block-heading\" id=\"h-12-prepositions\">12. Forsetningar:<\/h3>\n\n\n\n<p>Forsetningar \u00e1 mong\u00f3lsku eru fyrst og fremst ger\u00f0ar sem p\u00f3stsetningar og fallendir. \u00deeir tengja or\u00f0 og or\u00f0asamb\u00f6nd saman og tj\u00e1 tengsl t\u00edma, sta\u00f0ar, stefnu, tilgangs, ors\u00f6k og fleira. \u00dea\u00f0 er nau\u00f0synlegt a\u00f0 l\u00e6ra algengar p\u00f3stst\u00f6\u00f0ur og virkni m\u00e1lskerfisins.<\/p>\n\n\n\n<h3 class=\"wp-block-heading\" id=\"h-13-sentences\">13. Setningar:<\/h3>\n\n\n\n<p>A\u00f0 lokum, \u00e6f\u00f0u \u00feig \u00ed a\u00f0 sm\u00ed\u00f0a setningar. Mong\u00f3lska fylgir venjulega or\u00f0ar\u00f6\u00f0 vi\u00f0fangshlutar sagna, notar efnisau\u00f0kenningu me\u00f0 \u00f6gnum og myndar spurningar me\u00f0 spyrjandi \u00f6gnum og t\u00f3nfalli. \u00deetta mun fela \u00ed s\u00e9r a\u00f0 nota \u00f6ll \u00e1\u00f0ur l\u00e6r\u00f0 m\u00e1lfr\u00e6\u00f0iatri\u00f0i \u00ed samhengi og tryggja \u00feannig alhli\u00f0a skilning \u00e1 mong\u00f3lsku.<\/p>\n<\/div><\/div>\n\r\n<section class=\"learnNavigationSection\">\r\n            \r\n        <a href=\"https:\/\/talkpal.ai\/is\/laerdu-mongolsku\/\">\r\n            <div class=\"learnNavigationWrapper\">\r\n                <div class=\"learnNavigationContent\">\r\n                    <img decoding=\"async\" src=\"https:\/\/talkpal.ai\/wp-content\/uploads\/2025\/11\/Mongolian.png\" alt=\"Mongolian Flag\">\r\n                    <div>\r\n                        <h4>Um mong\u00f3lskt n\u00e1m<\/h4>\r\n                        <p>Kynntu \u00fe\u00e9r allt um mong\u00f3lska m\u00e1lfr\u00e6\u00f0i.<\/p>\r\n                    <\/div>\r\n                <\/div>\r\n            <\/div>\r\n        <\/a>\r\n\r\n        \r\n        <a href=\"https:\/\/talkpal.ai\/is\/mongolsk-malfraedi\/\">\r\n            <div class=\"learnNavigationWrapper\">\r\n                <div class=\"learnNavigationContent\">\r\n                    <img decoding=\"async\" src=\"https:\/\/talkpal.ai\/wp-content\/uploads\/2025\/11\/Mongolian.png\" alt=\"Mongolian Flag\">\r\n                    <div>\r\n                        <h4>Mong\u00f3lsk m\u00e1lfr\u00e6\u00f0ikennsla<\/h4>\r\n                        <p>\u00c6f\u00f0u mong\u00f3lska m\u00e1lfr\u00e6\u00f0i.<\/p>\r\n                    <\/div>\r\n                <\/div>\r\n            <\/div>\r\n        <\/a>\r\n\r\n            <\/section>","protected":false},"excerpt":{"rendered":"<p>Mong\u00f3lsk m\u00e1lfr\u00e6\u00f0i efni A\u00f0 l\u00e6ra n\u00fdtt tungum\u00e1l getur veri\u00f0 krefjandi en gefandi vi\u00f0leitni. Mong\u00f3lska, mong\u00f3lska tungum\u00e1li\u00f0 sem a\u00f0allega er tala\u00f0 \u00ed Mong\u00f3l\u00edu og hluta Nor\u00f0ur-K\u00edna, er engin undantekning. Me\u00f0 einst\u00f6kum eiginleikum s\u00ednum og uppbyggingu eins og s\u00e9rhlj\u00f3\u00f0asamhlj\u00f3mi, agglutinative formger\u00f0, r\u00edkulegri fallmerkingu og p\u00f3stst\u00f6\u00f0um, krefst n\u00e1m mong\u00f3lsku kerfisbundinnar n\u00e1lgunar til a\u00f0 skilja m\u00e1lfr\u00e6\u00f0i \u00feess. \u00deessi handb\u00f3k [&hellip;]<\/p>\n","protected":false},"author":20,"featured_media":0,"parent":0,"menu_order":0,"comment_status":"closed","ping_status":"closed","template":"LearningContentPage.php","meta":{"_acf_changed":false,"footnotes":""},"class_list":["post-1476287","page","type-page","status-publish","hentry"],"acf":[],"yoast_head":"<!-- This site is optimized with the Yoast SEO Premium plugin v27.2 (Yoast SEO v27.2) - https:\/\/yoast.com\/product\/yoast-seo-premium-wordpress\/ -->\n<title>Mong\u00f3lskar m\u00e1lfr\u00e6\u00f0i\u00e6fingar - Talkpal<\/title>\n<meta name=\"description\" content=\"N\u00e1\u00f0u t\u00f6kum \u00e1 mong\u00f3lskri m\u00e1lfr\u00e6\u00f0i me\u00f0 gagnvirkum \u00e6fingum og gervigreindarkn\u00fanum kennslustundum sem eru hanna\u00f0ar til a\u00f0 auka fl\u00e6\u00f0i og tungum\u00e1laskilning \u00feinn.\" \/>\n<meta name=\"robots\" content=\"index, follow, max-snippet:-1, max-image-preview:large, max-video-preview:-1\" \/>\n<link rel=\"canonical\" href=\"https:\/\/talkpal.ai\/is\/mongolskar-malfraediaefingar\/\" \/>\n<meta property=\"og:locale\" content=\"is_IS\" \/>\n<meta property=\"og:type\" content=\"article\" \/>\n<meta property=\"og:title\" content=\"Mong\u00f3lskar m\u00e1lfr\u00e6\u00f0i\u00e6fingar\" \/>\n<meta property=\"og:description\" content=\"Mong\u00f3lsk m\u00e1lfr\u00e6\u00f0i efni A\u00f0 l\u00e6ra n\u00fdtt tungum\u00e1l getur veri\u00f0 krefjandi en gefandi vi\u00f0leitni. Mong\u00f3lska, mong\u00f3lska tungum\u00e1li\u00f0 sem a\u00f0allega er tala\u00f0 \u00ed Mong\u00f3l\u00edu\" \/>\n<meta property=\"og:url\" content=\"https:\/\/talkpal.ai\/is\/mongolskar-malfraediaefingar\/\" \/>\n<meta property=\"og:site_name\" content=\"Talkpal\" \/>\n<meta property=\"article:publisher\" content=\"https:\/\/www.facebook.com\/profile.php?id=100090733639311\" \/>\n<meta property=\"article:modified_time\" content=\"2025-12-30T12:41:00+00:00\" \/>\n<meta property=\"og:image\" content=\"https:\/\/talkpal.ai\/wp-content\/uploads\/2025\/02\/Progress-tab-16_9.png\" \/>\n\t<meta property=\"og:image:width\" content=\"2880\" \/>\n\t<meta property=\"og:image:height\" content=\"1620\" \/>\n\t<meta property=\"og:image:type\" content=\"image\/png\" \/>\n<meta name=\"twitter:card\" content=\"summary_large_image\" \/>\n<meta name=\"twitter:site\" content=\"@talkpalai\" \/>\n<meta name=\"twitter:label1\" content=\"Est. reading time\" \/>\n\t<meta name=\"twitter:data1\" content=\"4 minutes\" \/>\n<script type=\"application\/ld+json\" class=\"yoast-schema-graph\">{\"@context\":\"https:\/\/schema.org\",\"@graph\":[{\"@type\":\"WebPage\",\"@id\":\"https:\/\/talkpal.ai\/is\/mongolskar-malfraediaefingar\/\",\"url\":\"https:\/\/talkpal.ai\/is\/mongolskar-malfraediaefingar\/\",\"name\":\"Mong\u00f3lskar m\u00e1lfr\u00e6\u00f0i\u00e6fingar - Talkpal\",\"isPartOf\":{\"@id\":\"https:\/\/talkpal.ai\/is\/#website\"},\"datePublished\":\"2025-11-12T15:57:33+00:00\",\"dateModified\":\"2025-12-30T12:41:00+00:00\",\"description\":\"N\u00e1\u00f0u t\u00f6kum \u00e1 mong\u00f3lskri m\u00e1lfr\u00e6\u00f0i me\u00f0 gagnvirkum \u00e6fingum og gervigreindarkn\u00fanum kennslustundum sem eru hanna\u00f0ar til a\u00f0 auka fl\u00e6\u00f0i og tungum\u00e1laskilning \u00feinn.\",\"breadcrumb\":{\"@id\":\"https:\/\/talkpal.ai\/is\/mongolskar-malfraediaefingar\/#breadcrumb\"},\"inLanguage\":\"is\",\"potentialAction\":[{\"@type\":\"ReadAction\",\"target\":[\"https:\/\/talkpal.ai\/is\/mongolskar-malfraediaefingar\/\"]}]},{\"@type\":\"BreadcrumbList\",\"@id\":\"https:\/\/talkpal.ai\/is\/mongolskar-malfraediaefingar\/#breadcrumb\",\"itemListElement\":[{\"@type\":\"ListItem\",\"position\":1,\"name\":\"Homepage\",\"item\":\"https:\/\/talkpal.ai\/is\/\"},{\"@type\":\"ListItem\",\"position\":2,\"name\":\"Mong\u00f3lskar m\u00e1lfr\u00e6\u00f0i\u00e6fingar\"}]},{\"@type\":\"WebSite\",\"@id\":\"https:\/\/talkpal.ai\/is\/#website\",\"url\":\"https:\/\/talkpal.ai\/is\/\",\"name\":\"Talkpal\",\"description\":\"AI Language Learning\",\"publisher\":{\"@id\":\"https:\/\/talkpal.ai\/is\/#organization\"},\"alternateName\":\"Talkpal AI\",\"potentialAction\":[{\"@type\":\"SearchAction\",\"target\":{\"@type\":\"EntryPoint\",\"urlTemplate\":\"https:\/\/talkpal.ai\/is\/?s={search_term_string}\"},\"query-input\":{\"@type\":\"PropertyValueSpecification\",\"valueRequired\":true,\"valueName\":\"search_term_string\"}}],\"inLanguage\":\"is\"},{\"@type\":\"Organization\",\"@id\":\"https:\/\/talkpal.ai\/is\/#organization\",\"name\":\"Talkpal, Inc.\",\"alternateName\":\"Talkpal AI\",\"url\":\"https:\/\/talkpal.ai\/is\/\",\"logo\":{\"@type\":\"ImageObject\",\"inLanguage\":\"is\",\"@id\":\"https:\/\/talkpal.ai\/is\/#\/schema\/logo\/image\/\",\"url\":\"https:\/\/talkpal.ai\/wp-content\/uploads\/2024\/03\/Talkpal-Logo-Icon.png\",\"contentUrl\":\"https:\/\/talkpal.ai\/wp-content\/uploads\/2024\/03\/Talkpal-Logo-Icon.png\",\"width\":2880,\"height\":2880,\"caption\":\"Talkpal, Inc.\"},\"image\":{\"@id\":\"https:\/\/talkpal.ai\/is\/#\/schema\/logo\/image\/\"},\"sameAs\":[\"https:\/\/www.facebook.com\/profile.php?id=100090733639311\",\"https:\/\/x.com\/talkpalai\",\"https:\/\/www.linkedin.com\/company\/talkpal\/\",\"https:\/\/www.youtube.com\/@TalkPal\/\",\"https:\/\/www.tiktok.com\/@talkpal\",\"https:\/\/www.instagram.com\/talkpal_ai\/\",\"https:\/\/www.crunchbase.com\/organization\/talkpal-9cde\",\"https:\/\/www.g2.com\/products\/talkpal-for-business\/\",\"https:\/\/www.trustpilot.com\/review\/talkpal.ai\",\"https:\/\/www.capterra.com\/p\/10006800\/TalkPal\/\"],\"description\":\"Talkpal is a language learning web and mobile education app, powered by the latest AI technologies, that provides engaging experiences to its customers in many different languages to help them improve their language skills. Users can chat about unlimited amount of topics with the app and use other modes to practice their language learning.\",\"email\":\"support@talkpal.ai\",\"legalName\":\"Talkpal, Inc.\",\"foundingDate\":\"2023-04-03\",\"duns\":\"118989042\",\"numberOfEmployees\":{\"@type\":\"QuantitativeValue\",\"minValue\":\"11\",\"maxValue\":\"50\"},\"publishingPrinciples\":\"https:\/\/talkpal.ai\/publishing-principles\/\",\"actionableFeedbackPolicy\":\"https:\/\/talkpal.ai\/actionable-feedback-policy\/\",\"correctionsPolicy\":\"https:\/\/talkpal.ai\/corrections-policy\/\",\"ethicsPolicy\":\"https:\/\/talkpal.ai\/ethics-policy\/\",\"diversityPolicy\":\"https:\/\/talkpal.ai\/diversity-policy\/\",\"diversityStaffingReport\":\"https:\/\/talkpal.ai\/diversity-policy\/\"}]}<\/script>\n<!-- \/ Yoast SEO Premium plugin. -->","yoast_head_json":{"title":"Mong\u00f3lskar m\u00e1lfr\u00e6\u00f0i\u00e6fingar - Talkpal","description":"N\u00e1\u00f0u t\u00f6kum \u00e1 mong\u00f3lskri m\u00e1lfr\u00e6\u00f0i me\u00f0 gagnvirkum \u00e6fingum og gervigreindarkn\u00fanum kennslustundum sem eru hanna\u00f0ar til a\u00f0 auka fl\u00e6\u00f0i og tungum\u00e1laskilning \u00feinn.","robots":{"index":"index","follow":"follow","max-snippet":"max-snippet:-1","max-image-preview":"max-image-preview:large","max-video-preview":"max-video-preview:-1"},"canonical":"https:\/\/talkpal.ai\/is\/mongolskar-malfraediaefingar\/","og_locale":"is_IS","og_type":"article","og_title":"Mong\u00f3lskar m\u00e1lfr\u00e6\u00f0i\u00e6fingar","og_description":"Mong\u00f3lsk m\u00e1lfr\u00e6\u00f0i efni A\u00f0 l\u00e6ra n\u00fdtt tungum\u00e1l getur veri\u00f0 krefjandi en gefandi vi\u00f0leitni. Mong\u00f3lska, mong\u00f3lska tungum\u00e1li\u00f0 sem a\u00f0allega er tala\u00f0 \u00ed Mong\u00f3l\u00edu","og_url":"https:\/\/talkpal.ai\/is\/mongolskar-malfraediaefingar\/","og_site_name":"Talkpal","article_publisher":"https:\/\/www.facebook.com\/profile.php?id=100090733639311","article_modified_time":"2025-12-30T12:41:00+00:00","og_image":[{"width":2880,"height":1620,"url":"https:\/\/talkpal.ai\/wp-content\/uploads\/2025\/02\/Progress-tab-16_9.png","type":"image\/png"}],"twitter_card":"summary_large_image","twitter_site":"@talkpalai","twitter_misc":{"Est. reading time":"4 minutes"},"schema":{"@context":"https:\/\/schema.org","@graph":[{"@type":"WebPage","@id":"https:\/\/talkpal.ai\/is\/mongolskar-malfraediaefingar\/","url":"https:\/\/talkpal.ai\/is\/mongolskar-malfraediaefingar\/","name":"Mong\u00f3lskar m\u00e1lfr\u00e6\u00f0i\u00e6fingar - Talkpal","isPartOf":{"@id":"https:\/\/talkpal.ai\/is\/#website"},"datePublished":"2025-11-12T15:57:33+00:00","dateModified":"2025-12-30T12:41:00+00:00","description":"N\u00e1\u00f0u t\u00f6kum \u00e1 mong\u00f3lskri m\u00e1lfr\u00e6\u00f0i me\u00f0 gagnvirkum \u00e6fingum og gervigreindarkn\u00fanum kennslustundum sem eru hanna\u00f0ar til a\u00f0 auka fl\u00e6\u00f0i og tungum\u00e1laskilning \u00feinn.","breadcrumb":{"@id":"https:\/\/talkpal.ai\/is\/mongolskar-malfraediaefingar\/#breadcrumb"},"inLanguage":"is","potentialAction":[{"@type":"ReadAction","target":["https:\/\/talkpal.ai\/is\/mongolskar-malfraediaefingar\/"]}]},{"@type":"BreadcrumbList","@id":"https:\/\/talkpal.ai\/is\/mongolskar-malfraediaefingar\/#breadcrumb","itemListElement":[{"@type":"ListItem","position":1,"name":"Homepage","item":"https:\/\/talkpal.ai\/is\/"},{"@type":"ListItem","position":2,"name":"Mong\u00f3lskar m\u00e1lfr\u00e6\u00f0i\u00e6fingar"}]},{"@type":"WebSite","@id":"https:\/\/talkpal.ai\/is\/#website","url":"https:\/\/talkpal.ai\/is\/","name":"Talkpal","description":"AI Language Learning","publisher":{"@id":"https:\/\/talkpal.ai\/is\/#organization"},"alternateName":"Talkpal AI","potentialAction":[{"@type":"SearchAction","target":{"@type":"EntryPoint","urlTemplate":"https:\/\/talkpal.ai\/is\/?s={search_term_string}"},"query-input":{"@type":"PropertyValueSpecification","valueRequired":true,"valueName":"search_term_string"}}],"inLanguage":"is"},{"@type":"Organization","@id":"https:\/\/talkpal.ai\/is\/#organization","name":"Talkpal, Inc.","alternateName":"Talkpal AI","url":"https:\/\/talkpal.ai\/is\/","logo":{"@type":"ImageObject","inLanguage":"is","@id":"https:\/\/talkpal.ai\/is\/#\/schema\/logo\/image\/","url":"https:\/\/talkpal.ai\/wp-content\/uploads\/2024\/03\/Talkpal-Logo-Icon.png","contentUrl":"https:\/\/talkpal.ai\/wp-content\/uploads\/2024\/03\/Talkpal-Logo-Icon.png","width":2880,"height":2880,"caption":"Talkpal, Inc."},"image":{"@id":"https:\/\/talkpal.ai\/is\/#\/schema\/logo\/image\/"},"sameAs":["https:\/\/www.facebook.com\/profile.php?id=100090733639311","https:\/\/x.com\/talkpalai","https:\/\/www.linkedin.com\/company\/talkpal\/","https:\/\/www.youtube.com\/@TalkPal\/","https:\/\/www.tiktok.com\/@talkpal","https:\/\/www.instagram.com\/talkpal_ai\/","https:\/\/www.crunchbase.com\/organization\/talkpal-9cde","https:\/\/www.g2.com\/products\/talkpal-for-business\/","https:\/\/www.trustpilot.com\/review\/talkpal.ai","https:\/\/www.capterra.com\/p\/10006800\/TalkPal\/"],"description":"Talkpal is a language learning web and mobile education app, powered by the latest AI technologies, that provides engaging experiences to its customers in many different languages to help them improve their language skills. Users can chat about unlimited amount of topics with the app and use other modes to practice their language learning.","email":"support@talkpal.ai","legalName":"Talkpal, Inc.","foundingDate":"2023-04-03","duns":"118989042","numberOfEmployees":{"@type":"QuantitativeValue","minValue":"11","maxValue":"50"},"publishingPrinciples":"https:\/\/talkpal.ai\/publishing-principles\/","actionableFeedbackPolicy":"https:\/\/talkpal.ai\/actionable-feedback-policy\/","correctionsPolicy":"https:\/\/talkpal.ai\/corrections-policy\/","ethicsPolicy":"https:\/\/talkpal.ai\/ethics-policy\/","diversityPolicy":"https:\/\/talkpal.ai\/diversity-policy\/","diversityStaffingReport":"https:\/\/talkpal.ai\/diversity-policy\/"}]}},"_links":{"self":[{"href":"https:\/\/talkpal.ai\/is\/wp-json\/wp\/v2\/pages\/1476287","targetHints":{"allow":["GET"]}}],"collection":[{"href":"https:\/\/talkpal.ai\/is\/wp-json\/wp\/v2\/pages"}],"about":[{"href":"https:\/\/talkpal.ai\/is\/wp-json\/wp\/v2\/types\/page"}],"author":[{"embeddable":true,"href":"https:\/\/talkpal.ai\/is\/wp-json\/wp\/v2\/users\/20"}],"replies":[{"embeddable":true,"href":"https:\/\/talkpal.ai\/is\/wp-json\/wp\/v2\/comments?post=1476287"}],"version-history":[{"count":0,"href":"https:\/\/talkpal.ai\/is\/wp-json\/wp\/v2\/pages\/1476287\/revisions"}],"wp:attachment":[{"href":"https:\/\/talkpal.ai\/is\/wp-json\/wp\/v2\/media?parent=1476287"}],"curies":[{"name":"wp","href":"https:\/\/api.w.org\/{rel}","templated":true}]}}