{"id":1476218,"date":"2025-11-12T12:14:54","date_gmt":"2025-11-12T12:14:54","guid":{"rendered":"https:\/\/talkpal.ai\/laos-malfraediaefingar\/"},"modified":"2025-12-30T14:08:25","modified_gmt":"2025-12-30T14:08:25","slug":"laos-malfraediaefingar","status":"publish","type":"page","link":"https:\/\/talkpal.ai\/is\/laos-malfraediaefingar\/","title":{"rendered":"Laos m\u00e1lfr\u00e6\u00f0i\u00e6fingar"},"content":{"rendered":"\r\n\r\n\r\n<section class=\"languageChallengeSection\">\r\n    <div class=\"languageInfoWrapper\">\r\n        \r\n        <h1>Laos m\u00e1lfr\u00e6\u00f0i\u00e6fingar<\/h1>\r\n        <p>Tilb\u00fainn til a\u00f0 kafa ofan \u00ed la\u00f3ska m\u00e1lfr\u00e6\u00f0i? A\u00f0 \u00e6fa sig \u00ed nokkrum grunnatri\u00f0um mun hj\u00e1lpa \u00fe\u00e9r a\u00f0 tileinka \u00fe\u00e9r \u00feetta einstaka og fallega tungum\u00e1l. Pr\u00f3fa\u00f0u \u00feessar \u00e6fingar til a\u00f0 byggja upp sj\u00e1lfstrausti\u00f0 og skemmta \u00fe\u00e9r vel \u00ed lei\u00f0inni!<\/p>\r\n\r\n                            <a class=\"getStartedHidden\" href=\"https:\/\/app.talkpal.ai\/signup?lng=\">Byrja\u00f0u<\/a>\r\n        \r\n    <\/div>\r\n\r\n    <figure>\r\n    <img decoding=\"async\" width=\"768\" height=\"768\" src=\"https:\/\/talkpal.ai\/wp-content\/uploads\/2023\/06\/welsh-768x768.png\" class=\"languageImage no-lazy\" alt=\"Language learning for better cognitive abilities\" fetchpriority=\"high\" sizes=\"(max-width: 768px) 150px, 768px\" srcset=\"https:\/\/talkpal.ai\/wp-content\/uploads\/2023\/06\/welsh-768x768.png 768w, https:\/\/talkpal.ai\/wp-content\/uploads\/2023\/06\/welsh-300x300.png 300w\" \/>\r\n    \r\n\r\n    <\/figure>\r\n\r\n            <a class=\"getStartedVisible\" href=\"https:\/\/app.talkpal.ai\/signup?lng=\">Byrja\u00f0u<\/a>\r\n    \r\n<\/section><section class=\"promotionalBanner\">\r\n    <p class=\"promotionalText\">Skilvirkasta lei\u00f0in til a\u00f0 l\u00e6ra tungum\u00e1l<\/p>\r\n    <a class=\"promotionalLink\" href=\"https:\/\/app.talkpal.ai\/signup?lng=\">Pr\u00f3fa\u00f0u Talkpal \u00f3keypis<\/a>\r\n<\/section>\n<div class=\"wp-block-group pageContainerStyle\"><div class=\"wp-block-group__inner-container is-layout-constrained wp-block-group-is-layout-constrained\">\n<h2 class=\"wp-block-heading\" id=\"h-lao-grammar-topics\">Lao m\u00e1lfr\u00e6\u00f0iefni<\/h2>\n\n\n\n<p><a href=\"https:\/\/talkpal.ai\/is\/staerstu-mistokin-sem-tharf-ad-fordast-thegar-thu-laerir-nytt-tungumal\/\">A\u00f0 l\u00e6ra n\u00fdtt tungum\u00e1l<\/a> getur veri\u00f0 krefjandi en gefandi vi\u00f0leitni. <a href=\"https:\/\/talkpal.ai\/learn-lao\/\">Lao<\/a>, Tai-Kadai tungum\u00e1l sem a\u00f0allega er tala\u00f0 \u00ed Laos, er engin undantekning. Me\u00f0 einst\u00f6kum eiginleikum s\u00ednum og uppbyggingu krefst <a href=\"https:\/\/talkpal.ai\/is\/talkpal-fyrir-menntun\/\">n\u00e1m<\/a> Lao kerfisbundinnar n\u00e1lgunar til a\u00f0 skilja hvernig merking er bygg\u00f0 upp me\u00f0 \u00f6gnum, or\u00f0ar\u00f6\u00f0 og flokkara frekar en beygingu. \u00deessi handb\u00f3k l\u00fdsir lykilsvi\u00f0um <a href=\"https:\/\/talkpal.ai\/is\/lao-malfraedi\/\">la\u00f3skrar m\u00e1lfr\u00e6\u00f0i<\/a> \u00ed r\u00f6kr\u00e9ttri r\u00f6\u00f0 fyrir <a href=\"https:\/\/talkpal.ai\/is\/ai-chatbot-fyrir-tungumalanam\/\">tungum\u00e1lan\u00e1m<\/a>, byrja\u00f0 \u00e1 grunnatri\u00f0um eins og nafnor\u00f0um og flokkara, og fari\u00f0 yfir \u00e1 fl\u00f3knari sv\u00e6\u00f0i eins og hli\u00f0armerki og setningager\u00f0.<\/p>\n\n\n\n<h3 class=\"wp-block-heading\" id=\"h-1-nouns\">1. Nafnor\u00f0:<\/h3>\n\n\n\n<p>Byrja\u00f0u la\u00f3ska tungum\u00e1lafer\u00f0 \u00fe\u00edna me\u00f0 \u00fev\u00ed a\u00f0 l\u00e6ra nafnor\u00f0in. \u00deetta felur \u00ed s\u00e9r skilning \u00e1 algengum n\u00f6fnum og s\u00e9rn\u00f6fnum, hvernig fleirt\u00f6lur eru s\u00fdndar me\u00f0 samhengi, t\u00f6lust\u00f6fum og or\u00f0um eins og m\u00f6rgum, sem og mikilv\u00e6gu hlutverki flokkara \u00e1 eftir t\u00f6lum og magnm\u00e6lum.<\/p>\n\n\n\n<h3 class=\"wp-block-heading\" id=\"h-2-articles\">2. Greinar:<\/h3>\n\n\n\n<p>La\u00f3 notar ekki \u00e1kve\u00f0na e\u00f0a \u00f3\u00e1kve\u00f0na greini. \u00deess \u00ed sta\u00f0 er \u00e1kve\u00f0ni og s\u00e9rh\u00e6fni tj\u00e1\u00f0 me\u00f0 samhengi, s\u00fdnikennum eins og \u00feessu og hinu og flokkunarsm\u00ed\u00f0um.<\/p>\n\n\n\n<h3 class=\"wp-block-heading\" id=\"h-3-adjectives\">3. L\u00fdsingaror\u00f0:<\/h3>\n\n\n\n<p>L\u00fdsingaror\u00f0 \u00e1 Lao fylgja venjulega nafnor\u00f0unum sem \u00feau breyta. L\u00e6r\u00f0u hvernig l\u00fdsingaror\u00f0 geta einnig virka\u00f0 sem forsendur og hvernig \u00e1 a\u00f0 mynda samanbur\u00f0 me\u00f0 \u00fev\u00ed a\u00f0 nota merki fyrir meira og en, sem og ofuror\u00f0 me\u00f0 flestum.<\/p>\n\n\n\n<h3 class=\"wp-block-heading\" id=\"h-4-pronouns-determiners\">4. Forn\u00f6fn\/\u00e1kv\u00f6r\u00f0unaror\u00f0:<\/h3>\n\n\n\n<p>Forn\u00f6fn og \u00e1kvar\u00f0anir eru nau\u00f0synleg \u00ed Laos; Forn\u00f6fn eru mismunandi eftir kurteisi, aldri og f\u00e9lagslegu samhengi. \u00c1kvar\u00f0anir fela \u00ed s\u00e9r m\u00f3tm\u00e6li og magnm\u00e6li og eign er almennt merkt me\u00f0 or\u00f0inu fyrir af milli eignar og nafnor\u00f0s.<\/p>\n\n\n\n<h3 class=\"wp-block-heading\" id=\"h-5-verbs\">5. Sagnir:<\/h3>\n\n\n\n<p>La\u00f3ssagnir breyta ekki um form fyrir t\u00ed\u00f0, pers\u00f3nu e\u00f0a t\u00f6lu. T\u00edmi, \u00fe\u00e1ttur og stemning eru s\u00fdnd me\u00f0 \u00f6gnum og hj\u00e1lparor\u00f0um. Byrja\u00f0u \u00e1 grunnsagnamynstri og l\u00e6r\u00f0u algeng merki fyrir fort\u00ed\u00f0, fr\u00e1gang, \u00e1framhaldandi a\u00f0ger\u00f0 og \u00e1setning.<\/p>\n\n\n\n<h3 class=\"wp-block-heading\" id=\"h-6-tenses\">6. Spennur:<\/h3>\n\n\n\n<p>Eftir <a href=\"https:\/\/talkpal.ai\/culture\/what-is-the-verb-ad-hafa-and-when-is-it-used\/\">a\u00f0 hafa<\/a> n\u00e1\u00f0 t\u00f6kum \u00e1 grunnsagnamynstrum skaltu kafa d\u00fdpra \u00ed hvernig Lao tj\u00e1ir t\u00edma \u00e1n beyg\u00f0ra t\u00ed\u00f0a. \u00deetta felur \u00ed s\u00e9r a\u00f0 nota t\u00edmaor\u00f0 og hli\u00f0armerki til a\u00f0 greina n\u00faverandi a\u00f0st\u00e6\u00f0ur, loki\u00f0 atbur\u00f0i og framt\u00ed\u00f0ar e\u00f0a fyrirhuga\u00f0ar a\u00f0ger\u00f0ir \u00ed mismunandi samhengi.<\/p>\n\n\n\n<h3 class=\"wp-block-heading\" id=\"h-7-tense-comparison\">7. Spenntur samanbur\u00f0ur:<\/h3>\n\n\n\n<p>Samanbur\u00f0ur \u00e1 t\u00edma og \u00fe\u00e1ttamerkingu \u00e1 Lao hj\u00e1lpar til vi\u00f0 a\u00f0 skilja r\u00f6\u00f0 og sj\u00f3narhorn atbur\u00f0a. Ber\u00f0u s\u00f6mu setningu saman vi\u00f0 mismunandi agnir til a\u00f0 sj\u00e1 hvernig merking f\u00e6rist \u00e1 milli lokinna, \u00e1framhaldandi, vanabundinna og v\u00e6ntanlegra lestra.<\/p>\n\n\n\n<h3 class=\"wp-block-heading\" id=\"h-8-progressive\">8. Frams\u00e6ki\u00f0:<\/h3>\n\n\n\n<p>Frams\u00f3knarma\u00f0urinn \u00ed Laos er nota\u00f0ur til a\u00f0 tj\u00e1 \u00e1framhaldandi a\u00f0ger\u00f0ir. \u00dea\u00f0 er venjulega mynda\u00f0 me\u00f0 for-munnlegu merki fyrir \u00ed vinnslu og getur veri\u00f0 styrkt me\u00f0 setningarloka- e\u00f0a eftir-munnlegu merki sem gefur til kynna n\u00faverandi \u00e1stand.<\/p>\n\n\n\n<h3 class=\"wp-block-heading\" id=\"h-9-perfect-progressive\">9. Fullkominn frams\u00e6kinn:<\/h3>\n\n\n\n<p>\u00deessi merking er tj\u00e1\u00f0 me\u00f0 samsetningum sem s\u00fdna lengd upp a\u00f0 vi\u00f0mi\u00f0unarpunkti. Lao notar hli\u00f0armerki, t\u00edmatj\u00e1ningar og agnir sem gefa til kynna \u00feegar e\u00f0a hinga\u00f0 til a\u00f0 mi\u00f0la hafa veri\u00f0 a\u00f0 <a href=\"https:\/\/talkpal.ai\/locations\/language-courses-in-gera\/\">gera<\/a> \u00ed nokkurn t\u00edma.<\/p>\n\n\n\n<h3 class=\"wp-block-heading\" id=\"h-10-conditionals\">10. Skilyr\u00f0i:<\/h3>\n\n\n\n<p>Skilyrt l\u00fdsir \u00edmyndu\u00f0um a\u00f0st\u00e6\u00f0um og hugsanlegum ni\u00f0urst\u00f6\u00f0um \u00feeirra. \u00deau eru myndu\u00f0 me\u00f0 if-setningu \u00e1 eftir ni\u00f0urst\u00f6\u00f0usetningu, oft me\u00f0 \u00fev\u00ed a\u00f0 nota m\u00f3delagnir til a\u00f0 gefa til kynna l\u00edkur e\u00f0a \u00e1setning frekar en t\u00ed\u00f0arbreytingar.<\/p>\n\n\n\n<h3 class=\"wp-block-heading\" id=\"h-11-adverbs\">11. Atviksor\u00f0:<\/h3>\n\n\n\n<p>Atviksor\u00f0 \u00e1 Lao breyta s\u00f6gnum, l\u00fdsingaror\u00f0um e\u00f0a \u00f6\u00f0rum atviksor\u00f0um. \u00deeir birtast venjulega \u00e1 eftir s\u00f6gninni e\u00f0a \u00ed lok setningarinnar og veita uppl\u00fdsingar um h\u00e1tt, sta\u00f0, t\u00edma, gr\u00e1\u00f0u og fleira.<\/p>\n\n\n\n<h3 class=\"wp-block-heading\" id=\"h-12-prepositions\">12. Forsetningar:<\/h3>\n\n\n\n<p>Forsetningar tengja or\u00f0 og or\u00f0asamb\u00f6nd saman. \u00c1 la\u00f3sku eru m\u00f6rg \u00feessara hylkja sem koma fyrir \u00e1 undan nafnor\u00f0inu e\u00f0a \u00ed ra\u00f0sagnbyggingum til a\u00f0 tj\u00e1 tengsl t\u00edma, sta\u00f0ar, stefnu og undirleiks.<\/p>\n\n\n\n<h3 class=\"wp-block-heading\" id=\"h-13-sentences\">13. Setningar:<\/h3>\n\n\n\n<p>A\u00f0 lokum, \u00e6f\u00f0u \u00feig \u00ed a\u00f0 sm\u00ed\u00f0a setningar. Lao er fyrst og fremst subjekt sagnahlutur, me\u00f0 neitun \u00e1 undan s\u00f6gninni og spurninga\u00f6gnum e\u00f0a spurningaor\u00f0um \u00ed st\u00f6\u00f0u. Nota\u00f0u \u00f6ll \u00e1\u00f0ur l\u00e6r\u00f0 m\u00e1lfr\u00e6\u00f0iatri\u00f0i \u00ed samhengi, \u00fear \u00e1 me\u00f0al flokkara, hli\u00f0armerki og ra\u00f0sagnir, til a\u00f0 tryggja alhli\u00f0a skilning \u00e1 la\u00f3sku.<\/p>\n<\/div><\/div>\n\r\n<section class=\"learnNavigationSection\">\r\n            \r\n        <a href=\"https:\/\/talkpal.ai\/is\/laerdu-lao\/\">\r\n            <div class=\"learnNavigationWrapper\">\r\n                <div class=\"learnNavigationContent\">\r\n                    <img decoding=\"async\" src=\"https:\/\/talkpal.ai\/wp-content\/uploads\/2025\/11\/Lao-1.png\" alt=\"Laotian Flag\">\r\n                    <div>\r\n                        <h4>Um Lao Learning<\/h4>\r\n                        <p>Kynntu \u00fe\u00e9r allt um Lao Grammar.<\/p>\r\n                    <\/div>\r\n                <\/div>\r\n            <\/div>\r\n        <\/a>\r\n\r\n        \r\n        <a href=\"https:\/\/talkpal.ai\/is\/lao-malfraedi\/\">\r\n            <div class=\"learnNavigationWrapper\">\r\n                <div class=\"learnNavigationContent\">\r\n                    <img decoding=\"async\" src=\"https:\/\/talkpal.ai\/wp-content\/uploads\/2025\/11\/Lao-1.png\" alt=\"Laotian Flag\">\r\n                    <div>\r\n                        <h4>Lao m\u00e1lfr\u00e6\u00f0ikennsla<\/h4>\r\n                        <p>\u00c6f\u00f0u Lao m\u00e1lfr\u00e6\u00f0i.<\/p>\r\n                    <\/div>\r\n                <\/div>\r\n            <\/div>\r\n        <\/a>\r\n\r\n            <\/section>","protected":false},"excerpt":{"rendered":"<p>Lao m\u00e1lfr\u00e6\u00f0iefni A\u00f0 l\u00e6ra n\u00fdtt tungum\u00e1l getur veri\u00f0 krefjandi en gefandi vi\u00f0leitni. Lao, Tai-Kadai tungum\u00e1l sem a\u00f0allega er tala\u00f0 \u00ed Laos, er engin undantekning. Me\u00f0 einst\u00f6kum eiginleikum s\u00ednum og uppbyggingu krefst n\u00e1m Lao kerfisbundinnar n\u00e1lgunar til a\u00f0 skilja hvernig merking er bygg\u00f0 upp me\u00f0 \u00f6gnum, or\u00f0ar\u00f6\u00f0 og flokkara frekar en beygingu. \u00deessi handb\u00f3k l\u00fdsir lykilsvi\u00f0um [&hellip;]<\/p>\n","protected":false},"author":20,"featured_media":0,"parent":0,"menu_order":0,"comment_status":"closed","ping_status":"closed","template":"LearningContentPage.php","meta":{"_acf_changed":false,"footnotes":""},"class_list":["post-1476218","page","type-page","status-publish","hentry"],"acf":[],"yoast_head":"<!-- This site is optimized with the Yoast SEO Premium plugin v27.2 (Yoast SEO v27.2) - https:\/\/yoast.com\/product\/yoast-seo-premium-wordpress\/ -->\n<title>Laos m\u00e1lfr\u00e6\u00f0i\u00e6fingar - Talkpal<\/title>\n<meta name=\"description\" content=\"N\u00e1\u00f0u t\u00f6kum \u00e1 m\u00e1lfr\u00e6\u00f0i la\u00f3t\u00edsku me\u00f0 gagnvirkum \u00e6fingum sem eru hanna\u00f0ar til a\u00f0 hj\u00e1lpa \u00fe\u00e9r a\u00f0 byggja upp reiprennandi og sj\u00e1lfstraust \u00ed tungum\u00e1linu.\" \/>\n<meta name=\"robots\" content=\"index, follow, max-snippet:-1, max-image-preview:large, max-video-preview:-1\" \/>\n<link rel=\"canonical\" href=\"https:\/\/talkpal.ai\/is\/laos-malfraediaefingar\/\" \/>\n<meta property=\"og:locale\" content=\"is_IS\" \/>\n<meta property=\"og:type\" content=\"article\" \/>\n<meta property=\"og:title\" content=\"Laos m\u00e1lfr\u00e6\u00f0i\u00e6fingar\" \/>\n<meta property=\"og:description\" content=\"Lao m\u00e1lfr\u00e6\u00f0iefni A\u00f0 l\u00e6ra n\u00fdtt tungum\u00e1l getur veri\u00f0 krefjandi en gefandi vi\u00f0leitni. Lao, Tai-Kadai tungum\u00e1l sem a\u00f0allega er tala\u00f0 \u00ed Laos, er engin\" \/>\n<meta property=\"og:url\" content=\"https:\/\/talkpal.ai\/is\/laos-malfraediaefingar\/\" \/>\n<meta property=\"og:site_name\" content=\"Talkpal\" \/>\n<meta property=\"article:publisher\" content=\"https:\/\/www.facebook.com\/profile.php?id=100090733639311\" \/>\n<meta property=\"article:modified_time\" content=\"2025-12-30T14:08:25+00:00\" \/>\n<meta property=\"og:image\" content=\"https:\/\/talkpal.ai\/wp-content\/uploads\/2025\/02\/Progress-tab-16_9.png\" \/>\n\t<meta property=\"og:image:width\" content=\"2880\" \/>\n\t<meta property=\"og:image:height\" content=\"1620\" \/>\n\t<meta property=\"og:image:type\" content=\"image\/png\" \/>\n<meta name=\"twitter:card\" content=\"summary_large_image\" \/>\n<meta name=\"twitter:site\" content=\"@talkpalai\" \/>\n<meta name=\"twitter:label1\" content=\"Est. reading time\" \/>\n\t<meta name=\"twitter:data1\" content=\"4 minutes\" \/>\n<script type=\"application\/ld+json\" class=\"yoast-schema-graph\">{\"@context\":\"https:\/\/schema.org\",\"@graph\":[{\"@type\":\"WebPage\",\"@id\":\"https:\/\/talkpal.ai\/is\/laos-malfraediaefingar\/\",\"url\":\"https:\/\/talkpal.ai\/is\/laos-malfraediaefingar\/\",\"name\":\"Laos m\u00e1lfr\u00e6\u00f0i\u00e6fingar - Talkpal\",\"isPartOf\":{\"@id\":\"https:\/\/talkpal.ai\/is\/#website\"},\"datePublished\":\"2025-11-12T12:14:54+00:00\",\"dateModified\":\"2025-12-30T14:08:25+00:00\",\"description\":\"N\u00e1\u00f0u t\u00f6kum \u00e1 m\u00e1lfr\u00e6\u00f0i la\u00f3t\u00edsku me\u00f0 gagnvirkum \u00e6fingum sem eru hanna\u00f0ar til a\u00f0 hj\u00e1lpa \u00fe\u00e9r a\u00f0 byggja upp reiprennandi og sj\u00e1lfstraust \u00ed tungum\u00e1linu.\",\"breadcrumb\":{\"@id\":\"https:\/\/talkpal.ai\/is\/laos-malfraediaefingar\/#breadcrumb\"},\"inLanguage\":\"is\",\"potentialAction\":[{\"@type\":\"ReadAction\",\"target\":[\"https:\/\/talkpal.ai\/is\/laos-malfraediaefingar\/\"]}]},{\"@type\":\"BreadcrumbList\",\"@id\":\"https:\/\/talkpal.ai\/is\/laos-malfraediaefingar\/#breadcrumb\",\"itemListElement\":[{\"@type\":\"ListItem\",\"position\":1,\"name\":\"Homepage\",\"item\":\"https:\/\/talkpal.ai\/is\/\"},{\"@type\":\"ListItem\",\"position\":2,\"name\":\"Laos m\u00e1lfr\u00e6\u00f0i\u00e6fingar\"}]},{\"@type\":\"WebSite\",\"@id\":\"https:\/\/talkpal.ai\/is\/#website\",\"url\":\"https:\/\/talkpal.ai\/is\/\",\"name\":\"Talkpal\",\"description\":\"AI Language Learning\",\"publisher\":{\"@id\":\"https:\/\/talkpal.ai\/is\/#organization\"},\"alternateName\":\"Talkpal AI\",\"potentialAction\":[{\"@type\":\"SearchAction\",\"target\":{\"@type\":\"EntryPoint\",\"urlTemplate\":\"https:\/\/talkpal.ai\/is\/?s={search_term_string}\"},\"query-input\":{\"@type\":\"PropertyValueSpecification\",\"valueRequired\":true,\"valueName\":\"search_term_string\"}}],\"inLanguage\":\"is\"},{\"@type\":\"Organization\",\"@id\":\"https:\/\/talkpal.ai\/is\/#organization\",\"name\":\"Talkpal, Inc.\",\"alternateName\":\"Talkpal AI\",\"url\":\"https:\/\/talkpal.ai\/is\/\",\"logo\":{\"@type\":\"ImageObject\",\"inLanguage\":\"is\",\"@id\":\"https:\/\/talkpal.ai\/is\/#\/schema\/logo\/image\/\",\"url\":\"https:\/\/talkpal.ai\/wp-content\/uploads\/2024\/03\/Talkpal-Logo-Icon.png\",\"contentUrl\":\"https:\/\/talkpal.ai\/wp-content\/uploads\/2024\/03\/Talkpal-Logo-Icon.png\",\"width\":2880,\"height\":2880,\"caption\":\"Talkpal, Inc.\"},\"image\":{\"@id\":\"https:\/\/talkpal.ai\/is\/#\/schema\/logo\/image\/\"},\"sameAs\":[\"https:\/\/www.facebook.com\/profile.php?id=100090733639311\",\"https:\/\/x.com\/talkpalai\",\"https:\/\/www.linkedin.com\/company\/talkpal\/\",\"https:\/\/www.youtube.com\/@TalkPal\/\",\"https:\/\/www.tiktok.com\/@talkpal\",\"https:\/\/www.instagram.com\/talkpal_ai\/\",\"https:\/\/www.crunchbase.com\/organization\/talkpal-9cde\",\"https:\/\/www.g2.com\/products\/talkpal-for-business\/\",\"https:\/\/www.trustpilot.com\/review\/talkpal.ai\",\"https:\/\/www.capterra.com\/p\/10006800\/TalkPal\/\"],\"description\":\"Talkpal is a language learning web and mobile education app, powered by the latest AI technologies, that provides engaging experiences to its customers in many different languages to help them improve their language skills. Users can chat about unlimited amount of topics with the app and use other modes to practice their language learning.\",\"email\":\"support@talkpal.ai\",\"legalName\":\"Talkpal, Inc.\",\"foundingDate\":\"2023-04-03\",\"duns\":\"118989042\",\"numberOfEmployees\":{\"@type\":\"QuantitativeValue\",\"minValue\":\"11\",\"maxValue\":\"50\"},\"publishingPrinciples\":\"https:\/\/talkpal.ai\/publishing-principles\/\",\"actionableFeedbackPolicy\":\"https:\/\/talkpal.ai\/actionable-feedback-policy\/\",\"correctionsPolicy\":\"https:\/\/talkpal.ai\/corrections-policy\/\",\"ethicsPolicy\":\"https:\/\/talkpal.ai\/ethics-policy\/\",\"diversityPolicy\":\"https:\/\/talkpal.ai\/diversity-policy\/\",\"diversityStaffingReport\":\"https:\/\/talkpal.ai\/diversity-policy\/\"}]}<\/script>\n<!-- \/ Yoast SEO Premium plugin. -->","yoast_head_json":{"title":"Laos m\u00e1lfr\u00e6\u00f0i\u00e6fingar - Talkpal","description":"N\u00e1\u00f0u t\u00f6kum \u00e1 m\u00e1lfr\u00e6\u00f0i la\u00f3t\u00edsku me\u00f0 gagnvirkum \u00e6fingum sem eru hanna\u00f0ar til a\u00f0 hj\u00e1lpa \u00fe\u00e9r a\u00f0 byggja upp reiprennandi og sj\u00e1lfstraust \u00ed tungum\u00e1linu.","robots":{"index":"index","follow":"follow","max-snippet":"max-snippet:-1","max-image-preview":"max-image-preview:large","max-video-preview":"max-video-preview:-1"},"canonical":"https:\/\/talkpal.ai\/is\/laos-malfraediaefingar\/","og_locale":"is_IS","og_type":"article","og_title":"Laos m\u00e1lfr\u00e6\u00f0i\u00e6fingar","og_description":"Lao m\u00e1lfr\u00e6\u00f0iefni A\u00f0 l\u00e6ra n\u00fdtt tungum\u00e1l getur veri\u00f0 krefjandi en gefandi vi\u00f0leitni. Lao, Tai-Kadai tungum\u00e1l sem a\u00f0allega er tala\u00f0 \u00ed Laos, er engin","og_url":"https:\/\/talkpal.ai\/is\/laos-malfraediaefingar\/","og_site_name":"Talkpal","article_publisher":"https:\/\/www.facebook.com\/profile.php?id=100090733639311","article_modified_time":"2025-12-30T14:08:25+00:00","og_image":[{"width":2880,"height":1620,"url":"https:\/\/talkpal.ai\/wp-content\/uploads\/2025\/02\/Progress-tab-16_9.png","type":"image\/png"}],"twitter_card":"summary_large_image","twitter_site":"@talkpalai","twitter_misc":{"Est. reading time":"4 minutes"},"schema":{"@context":"https:\/\/schema.org","@graph":[{"@type":"WebPage","@id":"https:\/\/talkpal.ai\/is\/laos-malfraediaefingar\/","url":"https:\/\/talkpal.ai\/is\/laos-malfraediaefingar\/","name":"Laos m\u00e1lfr\u00e6\u00f0i\u00e6fingar - Talkpal","isPartOf":{"@id":"https:\/\/talkpal.ai\/is\/#website"},"datePublished":"2025-11-12T12:14:54+00:00","dateModified":"2025-12-30T14:08:25+00:00","description":"N\u00e1\u00f0u t\u00f6kum \u00e1 m\u00e1lfr\u00e6\u00f0i la\u00f3t\u00edsku me\u00f0 gagnvirkum \u00e6fingum sem eru hanna\u00f0ar til a\u00f0 hj\u00e1lpa \u00fe\u00e9r a\u00f0 byggja upp reiprennandi og sj\u00e1lfstraust \u00ed tungum\u00e1linu.","breadcrumb":{"@id":"https:\/\/talkpal.ai\/is\/laos-malfraediaefingar\/#breadcrumb"},"inLanguage":"is","potentialAction":[{"@type":"ReadAction","target":["https:\/\/talkpal.ai\/is\/laos-malfraediaefingar\/"]}]},{"@type":"BreadcrumbList","@id":"https:\/\/talkpal.ai\/is\/laos-malfraediaefingar\/#breadcrumb","itemListElement":[{"@type":"ListItem","position":1,"name":"Homepage","item":"https:\/\/talkpal.ai\/is\/"},{"@type":"ListItem","position":2,"name":"Laos m\u00e1lfr\u00e6\u00f0i\u00e6fingar"}]},{"@type":"WebSite","@id":"https:\/\/talkpal.ai\/is\/#website","url":"https:\/\/talkpal.ai\/is\/","name":"Talkpal","description":"AI Language Learning","publisher":{"@id":"https:\/\/talkpal.ai\/is\/#organization"},"alternateName":"Talkpal AI","potentialAction":[{"@type":"SearchAction","target":{"@type":"EntryPoint","urlTemplate":"https:\/\/talkpal.ai\/is\/?s={search_term_string}"},"query-input":{"@type":"PropertyValueSpecification","valueRequired":true,"valueName":"search_term_string"}}],"inLanguage":"is"},{"@type":"Organization","@id":"https:\/\/talkpal.ai\/is\/#organization","name":"Talkpal, Inc.","alternateName":"Talkpal AI","url":"https:\/\/talkpal.ai\/is\/","logo":{"@type":"ImageObject","inLanguage":"is","@id":"https:\/\/talkpal.ai\/is\/#\/schema\/logo\/image\/","url":"https:\/\/talkpal.ai\/wp-content\/uploads\/2024\/03\/Talkpal-Logo-Icon.png","contentUrl":"https:\/\/talkpal.ai\/wp-content\/uploads\/2024\/03\/Talkpal-Logo-Icon.png","width":2880,"height":2880,"caption":"Talkpal, Inc."},"image":{"@id":"https:\/\/talkpal.ai\/is\/#\/schema\/logo\/image\/"},"sameAs":["https:\/\/www.facebook.com\/profile.php?id=100090733639311","https:\/\/x.com\/talkpalai","https:\/\/www.linkedin.com\/company\/talkpal\/","https:\/\/www.youtube.com\/@TalkPal\/","https:\/\/www.tiktok.com\/@talkpal","https:\/\/www.instagram.com\/talkpal_ai\/","https:\/\/www.crunchbase.com\/organization\/talkpal-9cde","https:\/\/www.g2.com\/products\/talkpal-for-business\/","https:\/\/www.trustpilot.com\/review\/talkpal.ai","https:\/\/www.capterra.com\/p\/10006800\/TalkPal\/"],"description":"Talkpal is a language learning web and mobile education app, powered by the latest AI technologies, that provides engaging experiences to its customers in many different languages to help them improve their language skills. Users can chat about unlimited amount of topics with the app and use other modes to practice their language learning.","email":"support@talkpal.ai","legalName":"Talkpal, Inc.","foundingDate":"2023-04-03","duns":"118989042","numberOfEmployees":{"@type":"QuantitativeValue","minValue":"11","maxValue":"50"},"publishingPrinciples":"https:\/\/talkpal.ai\/publishing-principles\/","actionableFeedbackPolicy":"https:\/\/talkpal.ai\/actionable-feedback-policy\/","correctionsPolicy":"https:\/\/talkpal.ai\/corrections-policy\/","ethicsPolicy":"https:\/\/talkpal.ai\/ethics-policy\/","diversityPolicy":"https:\/\/talkpal.ai\/diversity-policy\/","diversityStaffingReport":"https:\/\/talkpal.ai\/diversity-policy\/"}]}},"_links":{"self":[{"href":"https:\/\/talkpal.ai\/is\/wp-json\/wp\/v2\/pages\/1476218","targetHints":{"allow":["GET"]}}],"collection":[{"href":"https:\/\/talkpal.ai\/is\/wp-json\/wp\/v2\/pages"}],"about":[{"href":"https:\/\/talkpal.ai\/is\/wp-json\/wp\/v2\/types\/page"}],"author":[{"embeddable":true,"href":"https:\/\/talkpal.ai\/is\/wp-json\/wp\/v2\/users\/20"}],"replies":[{"embeddable":true,"href":"https:\/\/talkpal.ai\/is\/wp-json\/wp\/v2\/comments?post=1476218"}],"version-history":[{"count":0,"href":"https:\/\/talkpal.ai\/is\/wp-json\/wp\/v2\/pages\/1476218\/revisions"}],"wp:attachment":[{"href":"https:\/\/talkpal.ai\/is\/wp-json\/wp\/v2\/media?parent=1476218"}],"curies":[{"name":"wp","href":"https:\/\/api.w.org\/{rel}","templated":true}]}}