{"id":1476206,"date":"2025-11-12T12:14:52","date_gmt":"2025-11-12T12:14:52","guid":{"rendered":"https:\/\/talkpal.ai\/lao-malfraedi\/"},"modified":"2025-12-30T14:12:28","modified_gmt":"2025-12-30T14:12:28","slug":"lao-malfraedi","status":"publish","type":"page","link":"https:\/\/talkpal.ai\/is\/lao-malfraedi\/","title":{"rendered":"Lao m\u00e1lfr\u00e6\u00f0i"},"content":{"rendered":"\r\n\r\n\r\n<section class=\"languageChallengeSection\">\r\n    <div class=\"languageInfoWrapper\">\r\n        \r\n        <h1>Lao m\u00e1lfr\u00e6\u00f0i<\/h1>\r\n        <p>La\u00f3sk <a href=\"https:\/\/talkpal.ai\/grammar\/\">m\u00e1lfr\u00e6\u00f0i<\/a> kann a\u00f0 vir\u00f0ast krefjandi \u00ed fyrstu, en einstakir eiginleikar hennar gera \u00fea\u00f0 a\u00f0 verkum a\u00f0 \u00fea\u00f0 er gefandi a\u00f0 l\u00e6ra tungum\u00e1li\u00f0. Me\u00f0 \u00fev\u00ed a\u00f0 sko\u00f0a stafr\u00f3fi\u00f0, st\u00f6kkbreytingar og m\u00e1lfr\u00e6\u00f0ireglur f\u00e6r\u00f0u inns\u00fdn \u00ed r\u00edka m\u00e1lhef\u00f0. Byrja\u00f0u fer\u00f0 \u00fe\u00edna og uppg\u00f6tva\u00f0u fegur\u00f0 <a href=\"https:\/\/talkpal.ai\/learn-lao\/\">Laos<\/a>!<\/p>\r\n\r\n                            <a class=\"getStartedHidden\" href=\"https:\/\/app.talkpal.ai\/signup?lng=\">Byrja\u00f0u<\/a>\r\n        \r\n    <\/div>\r\n\r\n    <figure>\r\n    <img decoding=\"async\" width=\"768\" height=\"768\" src=\"https:\/\/talkpal.ai\/wp-content\/uploads\/2023\/06\/welsh-768x768.png\" class=\"languageImage no-lazy\" alt=\"Language learning for better cognitive abilities\" fetchpriority=\"high\" sizes=\"(max-width: 768px) 150px, 768px\" srcset=\"https:\/\/talkpal.ai\/wp-content\/uploads\/2023\/06\/welsh-768x768.png 768w, https:\/\/talkpal.ai\/wp-content\/uploads\/2023\/06\/welsh-300x300.png 300w\" \/>\r\n    \r\n\r\n    <\/figure>\r\n\r\n            <a class=\"getStartedVisible\" href=\"https:\/\/app.talkpal.ai\/signup?lng=\">Byrja\u00f0u<\/a>\r\n    \r\n<\/section><section class=\"promotionalBanner\">\r\n    <p class=\"promotionalText\">Skilvirkasta lei\u00f0in til a\u00f0 l\u00e6ra tungum\u00e1l<\/p>\r\n    <a class=\"promotionalLink\" href=\"https:\/\/app.talkpal.ai\/signup?lng=\">Pr\u00f3fa\u00f0u Talkpal \u00f3keypis<\/a>\r\n<\/section>\n<div class=\"wp-block-group pageContainerStyle\"><div class=\"wp-block-group__inner-container is-layout-constrained wp-block-group-is-layout-constrained\">\n<h2 class=\"wp-block-heading\" id=\"h-navigating-the-intricacies-of-lao-grammar\">A\u00f0 sigla um ranghala la\u00f3skrar m\u00e1lfr\u00e6\u00f0i<\/h2>\n\n\n\n<p><a href=\"https:\/\/talkpal.ai\/is\/laerdu-lao\/\">Lao<\/a>, Tai-Kadai tungum\u00e1l me\u00f0 r\u00edka s\u00f6gu og menningarlega \u00fe\u00fd\u00f0ingu, b\u00fd\u00f0ur upp \u00e1 spennandi tungum\u00e1laupplifun fyrir \u00fe\u00e1 sem eru f\u00fasir til a\u00f0 kanna einstakt m\u00e1lfr\u00e6\u00f0ikerfi \u00feess. \u00deegar \u00fe\u00fa fer\u00f0 inn \u00ed r\u00edki Laos muntu ekki a\u00f0eins au\u00f0ga tungum\u00e1laskr\u00e1 \u00fe\u00edna heldur einnig tileinka \u00fe\u00e9r heillandi menningarfer\u00f0. \u00de\u00f3 a\u00f0 <a href=\"https:\/\/talkpal.ai\/lao-grammar\/\">la\u00f3sk m\u00e1lfr\u00e6\u00f0i<\/a> kunni a\u00f0 vir\u00f0ast framandi \u00ed fyrstu, \u00fe\u00e1 gerir \u00fea\u00f0 au\u00f0veldara a\u00f0 l\u00e6ra tungum\u00e1li\u00f0 me\u00f0 \u00fev\u00ed a\u00f0 skipta henni ni\u00f0ur \u00ed kjarna\u00fe\u00e6tti. \u00cd \u00feessari grein munum vi\u00f0 kanna gr\u00edpandi heim <a href=\"https:\/\/talkpal.ai\/learn-lao\/\">Lao<\/a> m\u00e1lfr\u00e6\u00f0i og gefa r\u00e1\u00f0 um hvernig \u00e1 a\u00f0 n\u00e1 t\u00f6kum \u00e1 margbreytileika hennar.<\/p>\n\n\n\n<h3 class=\"wp-block-heading\" id=\"h-1-lao-alphabet-and-phonetics\">1. Lao-stafr\u00f3fi\u00f0 og hlj\u00f3\u00f0fr\u00e6\u00f0i<\/h3>\n\n\n\n<p>Lao-letri\u00f0 notar 27 samhlj\u00f3\u00f0astafi, fj\u00f6lm\u00f6rg s\u00e9rhlj\u00f3\u00f0amerki og fj\u00f6gur t\u00f3nmerki. Lao er t\u00f3nn, me\u00f0 fimm t\u00f3na \u00ed venjulegri Vientiane m\u00e1ll\u00fdsku. Til a\u00f0 l\u00e6ra Lao m\u00e1lfr\u00e6\u00f0i er mikilv\u00e6gt a\u00f0 kynnast \u00feessu s\u00e9rstaka ritkerfi me\u00f0 \u00fev\u00ed a\u00f0 \u00e6fa lestur og ritun \u00e1 Lao.<\/p>\n\n\n\n<h3 class=\"wp-block-heading\" id=\"h-2-tone-system-a-defining-lao-feature\">2. T\u00f3nkerfi: Skilgreindur Laos eiginleiki<\/h3>\n\n\n\n<p>Einn af mest sl\u00e1andi \u00fe\u00e1ttum <a href=\"https:\/\/talkpal.ai\/is\/laos-malfraediaefingar\/\">Laos m\u00e1lfr\u00e6\u00f0i<\/a> er t\u00f3nkerfi hennar. Samhlj\u00f3\u00f0ar eru flokka\u00f0ir \u00ed h\u00e1a, mi\u00f0ja og l\u00e1ga flokka, sem hafa samskipti vi\u00f0 t\u00f3nmerki, s\u00e9rhlj\u00f3\u00f0alengd og atkv\u00e6\u00f0ager\u00f0 til a\u00f0 \u00e1kvar\u00f0a t\u00f3n. A\u00f0 skilja hvernig samhlj\u00f3\u00f0aflokkar og t\u00f3nmerki m\u00f3ta frambur\u00f0 er mikilv\u00e6gt fyrir n\u00e1kv\u00e6m samskipti \u00e1 Lao.<\/p>\n\n\n\n<h3 class=\"wp-block-heading\" id=\"h-3-nouns-and-pronouns-classifiers-and-politeness\">3. Nafnor\u00f0 og forn\u00f6fn: flokkarar og kurteisi<\/h3>\n\n\n\n<p>Laosk nafnor\u00f0 hafa ekki m\u00e1lfr\u00e6\u00f0ilegt kyn e\u00f0a fall, og fleirtala er venjulega sett fram me\u00f0 or\u00f0um eins og &#8222;margir&#8220; e\u00f0a me\u00f0 flokkara frekar en beygingu. Forn\u00f6fn \u00e1 la\u00f3sku innihalda pers\u00f3nuleg, eignarfall, vi\u00f0brag\u00f0, s\u00fdnikennslu og spyrjandi, me\u00f0 m\u00f6rgum valm\u00f6guleikum sem m\u00f3tast af aldri, st\u00f6\u00f0u og kurteisi. A\u00f0 kynnast \u00feessum forn\u00f6fnum, flokkurum og eignarmerkinu &#8222;khong&#8220; mun auka verulega t\u00f6k \u00fe\u00edn \u00e1 la\u00f3skri m\u00e1lfr\u00e6\u00f0i.<\/p>\n\n\n\n<h3 class=\"wp-block-heading\" id=\"h-4-verbs-structure-and-conjugation\">4. Sagnir: Uppbygging og samtenging<\/h3>\n\n\n\n<p>La\u00f3ssagnir beygja ekki saman fyrir t\u00ed\u00f0, skap e\u00f0a pers\u00f3nu. T\u00edmi og \u00fe\u00e1ttur eru gefin upp me\u00f0 \u00f6gnum eins og &#8222;kamlang&#8220; fyrir frams\u00e6ki\u00f0, &#8222;laew&#8220; fyrir fullger\u00f0ar a\u00f0ger\u00f0ir og &#8222;si&#8220; fyrir framt\u00ed\u00f0. Skilyrt og br\u00fdn merking myndast me\u00f0 \u00f6gnum og samhengi. A\u00f0 l\u00e6ra hvernig Lao notar agnir, ra\u00f0sagnir og k\u00f3pula eins og &#8222;penni&#8220; fyrir au\u00f0kenni og &#8222;yu&#8220; fyrir sta\u00f0setningu mun b\u00e6ta getu \u00fe\u00edna til a\u00f0 eiga skilvirk samskipti \u00e1 Lao.<\/p>\n\n\n\n<h3 class=\"wp-block-heading\" id=\"h-5-adjectives-agreement-and-placement\">5. L\u00fdsingaror\u00f0: Samkomulag og sta\u00f0setning<\/h3>\n\n\n\n<p>\u00cd la\u00f3skri m\u00e1lfr\u00e6\u00f0i fylgja l\u00fdsingaror\u00f0 venjulega nafnor\u00f0inu sem \u00feau breyta og eru ekki samm\u00e1la \u00ed kyni e\u00f0a fj\u00f6lda. Samanbur\u00f0ur og ofuror\u00f0 eru bygg\u00f0 me\u00f0 \u00f6gnum eins og &#8222;kwaa&#8220; fyrir &#8222;meira en&#8220; og &#8222;thi sut&#8220; fyrir &#8222;mest,&#8220; sem eru nau\u00f0synlegar til a\u00f0 l\u00e6ra a\u00f0 eiga e\u00f0lilegri samskipti.<\/p>\n\n\n\n<p><strong>D\u00e6mi:<\/strong><\/p>\n\n\n\n<p><strong>\u2013 Khw\u0101m Hak Nyai (St\u00f3r \u00e1st)<\/strong><\/p>\n\n\n\n<p><strong>\u2013 Dek N\u00f2i (l\u00edtil b\u00f6rn)<\/strong><\/p>\n\n\n\n<h3 class=\"wp-block-heading\" id=\"h-6-engaging-with-the-language\">6. A\u00f0 taka \u00fe\u00e1tt \u00ed tungum\u00e1linu<\/h3>\n\n\n\n<p>\u00c1hrifar\u00edkasta lei\u00f0in til a\u00f0 skilja og innbyr\u00f0a la\u00f3ska m\u00e1lfr\u00e6\u00f0i a\u00f0 fullu er a\u00f0 taka st\u00f6\u00f0ugt \u00fe\u00e1tt \u00ed tungum\u00e1linu. Me\u00f0 \u00fev\u00ed a\u00f0 lesa la\u00f3skar b\u00f3kmenntir, horfa \u00e1 la\u00f3skar kvikmyndir e\u00f0a sj\u00f3nvarps\u00fe\u00e6tti og eiga virk samskipti vi\u00f0 m\u00f3\u00f0urm\u00e1l styrkir \u00fe\u00fa skilning \u00feinn \u00e1 m\u00e1lfr\u00e6\u00f0i \u00e1 me\u00f0an \u00fe\u00fa st\u00e6kkar or\u00f0afor\u00f0a \u00feinn.<\/p>\n\n\n\n<h3 class=\"wp-block-heading\" id=\"h-conclusion\">Ni\u00f0ursta\u00f0a<\/h3>\n\n\n\n<p>\u00de\u00f3 a\u00f0 la\u00f3sk m\u00e1lfr\u00e6\u00f0i kunni a\u00f0 vir\u00f0ast fl\u00f3kin getur\u00f0u or\u00f0i\u00f0 f\u00e6r \u00ed \u00feessu fallega tungum\u00e1li me\u00f0 al\u00fa\u00f0, \u00e6fingu og eldm\u00f3\u00f0i. Me\u00f0 \u00fev\u00ed a\u00f0 einbeita \u00fe\u00e9r a\u00f0 grundvallarreglunum og taka \u00fe\u00e1tt \u00ed tungum\u00e1linu \u00ed mismunandi samhengi muntu flj\u00f3tt auka <a href=\"https:\/\/talkpal.ai\/is\/malfraedi\/\">m\u00e1lfr\u00e6\u00f0ikunn\u00e1ttu<\/a> \u00fe\u00edna \u00ed Lao. Gangi \u00fe\u00e9r vel me\u00f0 la\u00f3ska tungum\u00e1lafer\u00f0 \u00fe\u00edna og nj\u00f3ttu \u00feess a\u00f0 afhj\u00fapa dularfullan en gr\u00edpandi heim la\u00f3skrar m\u00e1lfr\u00e6\u00f0i!<\/p>\n<\/div><\/div>\n\r\n<section class=\"learnNavigationSection\">\r\n            \r\n        <a href=\"https:\/\/talkpal.ai\/is\/laerdu-lao\/\">\r\n            <div class=\"learnNavigationWrapper\">\r\n                <div class=\"learnNavigationContent\">\r\n                    <img decoding=\"async\" src=\"https:\/\/talkpal.ai\/wp-content\/uploads\/2025\/11\/Lao-1.png\" alt=\"Laotian Flag\">\r\n                    <div>\r\n                        <h4>Um Lao Learning<\/h4>\r\n                        <p>Kynntu \u00fe\u00e9r allt um Lao Grammar.<\/p>\r\n                    <\/div>\r\n                <\/div>\r\n            <\/div>\r\n        <\/a>\r\n\r\n        \r\n        <a href=\"https:\/\/talkpal.ai\/is\/laos-malfraediaefingar\/\">\r\n            <div class=\"learnNavigationWrapper\">\r\n                <div class=\"learnNavigationContent\">\r\n                    <img decoding=\"async\" src=\"https:\/\/talkpal.ai\/wp-content\/uploads\/2025\/11\/Lao-1.png\" alt=\"Laotian Flag\">\r\n                    <div>\r\n                        <h4>Lao m\u00e1lfr\u00e6\u00f0i\u00e6fing<\/h4>\r\n                        <p>\u00c6f\u00f0u Lao m\u00e1lfr\u00e6\u00f0i.<\/p>\r\n                    <\/div>\r\n                <\/div>\r\n            <\/div>\r\n        <\/a>\r\n\r\n            <\/section>","protected":false},"excerpt":{"rendered":"<p>A\u00f0 sigla um ranghala la\u00f3skrar m\u00e1lfr\u00e6\u00f0i Lao, Tai-Kadai tungum\u00e1l me\u00f0 r\u00edka s\u00f6gu og menningarlega \u00fe\u00fd\u00f0ingu, b\u00fd\u00f0ur upp \u00e1 spennandi tungum\u00e1laupplifun fyrir \u00fe\u00e1 sem eru f\u00fasir til a\u00f0 kanna einstakt m\u00e1lfr\u00e6\u00f0ikerfi \u00feess. \u00deegar \u00fe\u00fa fer\u00f0 inn \u00ed r\u00edki Laos muntu ekki a\u00f0eins au\u00f0ga tungum\u00e1laskr\u00e1 \u00fe\u00edna heldur einnig tileinka \u00fe\u00e9r heillandi menningarfer\u00f0. \u00de\u00f3 a\u00f0 la\u00f3sk m\u00e1lfr\u00e6\u00f0i kunni [&hellip;]<\/p>\n","protected":false},"author":20,"featured_media":0,"parent":0,"menu_order":0,"comment_status":"closed","ping_status":"closed","template":"LearningContentPage.php","meta":{"_acf_changed":false,"footnotes":""},"class_list":["post-1476206","page","type-page","status-publish","hentry"],"acf":[],"yoast_head":"<!-- This site is optimized with the Yoast SEO Premium plugin v27.2 (Yoast SEO v27.2) - https:\/\/yoast.com\/product\/yoast-seo-premium-wordpress\/ -->\n<title>Lao m\u00e1lfr\u00e6\u00f0i - Talkpal<\/title>\n<meta name=\"description\" content=\"N\u00e1\u00f0u t\u00f6kum \u00e1 grunnatri\u00f0um la\u00f3sku m\u00e1lfr\u00e6\u00f0innar, \u00fear \u00e1 me\u00f0al t\u00f3nakerfinu og setningager\u00f0, til a\u00f0 auka tungum\u00e1lakunn\u00e1ttu \u00fe\u00edna me\u00f0 Talkpal.\" \/>\n<meta name=\"robots\" content=\"index, follow, max-snippet:-1, max-image-preview:large, max-video-preview:-1\" \/>\n<link rel=\"canonical\" href=\"https:\/\/talkpal.ai\/is\/lao-malfraedi\/\" \/>\n<meta property=\"og:locale\" content=\"is_IS\" \/>\n<meta property=\"og:type\" content=\"article\" \/>\n<meta property=\"og:title\" content=\"Lao m\u00e1lfr\u00e6\u00f0i\" \/>\n<meta property=\"og:description\" content=\"A\u00f0 sigla um ranghala la\u00f3skrar m\u00e1lfr\u00e6\u00f0i Lao, Tai-Kadai tungum\u00e1l me\u00f0 r\u00edka s\u00f6gu og menningarlega \u00fe\u00fd\u00f0ingu, b\u00fd\u00f0ur upp \u00e1 spennandi tungum\u00e1laupplifun fyrir \u00fe\u00e1\" \/>\n<meta property=\"og:url\" content=\"https:\/\/talkpal.ai\/is\/lao-malfraedi\/\" \/>\n<meta property=\"og:site_name\" content=\"Talkpal\" \/>\n<meta property=\"article:publisher\" content=\"https:\/\/www.facebook.com\/profile.php?id=100090733639311\" \/>\n<meta property=\"article:modified_time\" content=\"2025-12-30T14:12:28+00:00\" \/>\n<meta property=\"og:image\" content=\"https:\/\/talkpal.ai\/wp-content\/uploads\/2025\/02\/Progress-tab-16_9.png\" \/>\n\t<meta property=\"og:image:width\" content=\"2880\" \/>\n\t<meta property=\"og:image:height\" content=\"1620\" \/>\n\t<meta property=\"og:image:type\" content=\"image\/png\" \/>\n<meta name=\"twitter:card\" content=\"summary_large_image\" \/>\n<meta name=\"twitter:site\" content=\"@talkpalai\" \/>\n<meta name=\"twitter:label1\" content=\"Est. reading time\" \/>\n\t<meta name=\"twitter:data1\" content=\"3 minutes\" \/>\n<script type=\"application\/ld+json\" class=\"yoast-schema-graph\">{\"@context\":\"https:\/\/schema.org\",\"@graph\":[{\"@type\":\"WebPage\",\"@id\":\"https:\/\/talkpal.ai\/is\/lao-malfraedi\/\",\"url\":\"https:\/\/talkpal.ai\/is\/lao-malfraedi\/\",\"name\":\"Lao m\u00e1lfr\u00e6\u00f0i - Talkpal\",\"isPartOf\":{\"@id\":\"https:\/\/talkpal.ai\/is\/#website\"},\"datePublished\":\"2025-11-12T12:14:52+00:00\",\"dateModified\":\"2025-12-30T14:12:28+00:00\",\"description\":\"N\u00e1\u00f0u t\u00f6kum \u00e1 grunnatri\u00f0um la\u00f3sku m\u00e1lfr\u00e6\u00f0innar, \u00fear \u00e1 me\u00f0al t\u00f3nakerfinu og setningager\u00f0, til a\u00f0 auka tungum\u00e1lakunn\u00e1ttu \u00fe\u00edna me\u00f0 Talkpal.\",\"breadcrumb\":{\"@id\":\"https:\/\/talkpal.ai\/is\/lao-malfraedi\/#breadcrumb\"},\"inLanguage\":\"is\",\"potentialAction\":[{\"@type\":\"ReadAction\",\"target\":[\"https:\/\/talkpal.ai\/is\/lao-malfraedi\/\"]}]},{\"@type\":\"BreadcrumbList\",\"@id\":\"https:\/\/talkpal.ai\/is\/lao-malfraedi\/#breadcrumb\",\"itemListElement\":[{\"@type\":\"ListItem\",\"position\":1,\"name\":\"Homepage\",\"item\":\"https:\/\/talkpal.ai\/is\/\"},{\"@type\":\"ListItem\",\"position\":2,\"name\":\"Lao m\u00e1lfr\u00e6\u00f0i\"}]},{\"@type\":\"WebSite\",\"@id\":\"https:\/\/talkpal.ai\/is\/#website\",\"url\":\"https:\/\/talkpal.ai\/is\/\",\"name\":\"Talkpal\",\"description\":\"AI Language Learning\",\"publisher\":{\"@id\":\"https:\/\/talkpal.ai\/is\/#organization\"},\"alternateName\":\"Talkpal AI\",\"potentialAction\":[{\"@type\":\"SearchAction\",\"target\":{\"@type\":\"EntryPoint\",\"urlTemplate\":\"https:\/\/talkpal.ai\/is\/?s={search_term_string}\"},\"query-input\":{\"@type\":\"PropertyValueSpecification\",\"valueRequired\":true,\"valueName\":\"search_term_string\"}}],\"inLanguage\":\"is\"},{\"@type\":\"Organization\",\"@id\":\"https:\/\/talkpal.ai\/is\/#organization\",\"name\":\"Talkpal, Inc.\",\"alternateName\":\"Talkpal AI\",\"url\":\"https:\/\/talkpal.ai\/is\/\",\"logo\":{\"@type\":\"ImageObject\",\"inLanguage\":\"is\",\"@id\":\"https:\/\/talkpal.ai\/is\/#\/schema\/logo\/image\/\",\"url\":\"https:\/\/talkpal.ai\/wp-content\/uploads\/2024\/03\/Talkpal-Logo-Icon.png\",\"contentUrl\":\"https:\/\/talkpal.ai\/wp-content\/uploads\/2024\/03\/Talkpal-Logo-Icon.png\",\"width\":2880,\"height\":2880,\"caption\":\"Talkpal, Inc.\"},\"image\":{\"@id\":\"https:\/\/talkpal.ai\/is\/#\/schema\/logo\/image\/\"},\"sameAs\":[\"https:\/\/www.facebook.com\/profile.php?id=100090733639311\",\"https:\/\/x.com\/talkpalai\",\"https:\/\/www.linkedin.com\/company\/talkpal\/\",\"https:\/\/www.youtube.com\/@TalkPal\/\",\"https:\/\/www.tiktok.com\/@talkpal\",\"https:\/\/www.instagram.com\/talkpal_ai\/\",\"https:\/\/www.crunchbase.com\/organization\/talkpal-9cde\",\"https:\/\/www.g2.com\/products\/talkpal-for-business\/\",\"https:\/\/www.trustpilot.com\/review\/talkpal.ai\",\"https:\/\/www.capterra.com\/p\/10006800\/TalkPal\/\"],\"description\":\"Talkpal is a language learning web and mobile education app, powered by the latest AI technologies, that provides engaging experiences to its customers in many different languages to help them improve their language skills. Users can chat about unlimited amount of topics with the app and use other modes to practice their language learning.\",\"email\":\"support@talkpal.ai\",\"legalName\":\"Talkpal, Inc.\",\"foundingDate\":\"2023-04-03\",\"duns\":\"118989042\",\"numberOfEmployees\":{\"@type\":\"QuantitativeValue\",\"minValue\":\"11\",\"maxValue\":\"50\"},\"publishingPrinciples\":\"https:\/\/talkpal.ai\/publishing-principles\/\",\"actionableFeedbackPolicy\":\"https:\/\/talkpal.ai\/actionable-feedback-policy\/\",\"correctionsPolicy\":\"https:\/\/talkpal.ai\/corrections-policy\/\",\"ethicsPolicy\":\"https:\/\/talkpal.ai\/ethics-policy\/\",\"diversityPolicy\":\"https:\/\/talkpal.ai\/diversity-policy\/\",\"diversityStaffingReport\":\"https:\/\/talkpal.ai\/diversity-policy\/\"}]}<\/script>\n<!-- \/ Yoast SEO Premium plugin. -->","yoast_head_json":{"title":"Lao m\u00e1lfr\u00e6\u00f0i - Talkpal","description":"N\u00e1\u00f0u t\u00f6kum \u00e1 grunnatri\u00f0um la\u00f3sku m\u00e1lfr\u00e6\u00f0innar, \u00fear \u00e1 me\u00f0al t\u00f3nakerfinu og setningager\u00f0, til a\u00f0 auka tungum\u00e1lakunn\u00e1ttu \u00fe\u00edna me\u00f0 Talkpal.","robots":{"index":"index","follow":"follow","max-snippet":"max-snippet:-1","max-image-preview":"max-image-preview:large","max-video-preview":"max-video-preview:-1"},"canonical":"https:\/\/talkpal.ai\/is\/lao-malfraedi\/","og_locale":"is_IS","og_type":"article","og_title":"Lao m\u00e1lfr\u00e6\u00f0i","og_description":"A\u00f0 sigla um ranghala la\u00f3skrar m\u00e1lfr\u00e6\u00f0i Lao, Tai-Kadai tungum\u00e1l me\u00f0 r\u00edka s\u00f6gu og menningarlega \u00fe\u00fd\u00f0ingu, b\u00fd\u00f0ur upp \u00e1 spennandi tungum\u00e1laupplifun fyrir \u00fe\u00e1","og_url":"https:\/\/talkpal.ai\/is\/lao-malfraedi\/","og_site_name":"Talkpal","article_publisher":"https:\/\/www.facebook.com\/profile.php?id=100090733639311","article_modified_time":"2025-12-30T14:12:28+00:00","og_image":[{"width":2880,"height":1620,"url":"https:\/\/talkpal.ai\/wp-content\/uploads\/2025\/02\/Progress-tab-16_9.png","type":"image\/png"}],"twitter_card":"summary_large_image","twitter_site":"@talkpalai","twitter_misc":{"Est. reading time":"3 minutes"},"schema":{"@context":"https:\/\/schema.org","@graph":[{"@type":"WebPage","@id":"https:\/\/talkpal.ai\/is\/lao-malfraedi\/","url":"https:\/\/talkpal.ai\/is\/lao-malfraedi\/","name":"Lao m\u00e1lfr\u00e6\u00f0i - Talkpal","isPartOf":{"@id":"https:\/\/talkpal.ai\/is\/#website"},"datePublished":"2025-11-12T12:14:52+00:00","dateModified":"2025-12-30T14:12:28+00:00","description":"N\u00e1\u00f0u t\u00f6kum \u00e1 grunnatri\u00f0um la\u00f3sku m\u00e1lfr\u00e6\u00f0innar, \u00fear \u00e1 me\u00f0al t\u00f3nakerfinu og setningager\u00f0, til a\u00f0 auka tungum\u00e1lakunn\u00e1ttu \u00fe\u00edna me\u00f0 Talkpal.","breadcrumb":{"@id":"https:\/\/talkpal.ai\/is\/lao-malfraedi\/#breadcrumb"},"inLanguage":"is","potentialAction":[{"@type":"ReadAction","target":["https:\/\/talkpal.ai\/is\/lao-malfraedi\/"]}]},{"@type":"BreadcrumbList","@id":"https:\/\/talkpal.ai\/is\/lao-malfraedi\/#breadcrumb","itemListElement":[{"@type":"ListItem","position":1,"name":"Homepage","item":"https:\/\/talkpal.ai\/is\/"},{"@type":"ListItem","position":2,"name":"Lao m\u00e1lfr\u00e6\u00f0i"}]},{"@type":"WebSite","@id":"https:\/\/talkpal.ai\/is\/#website","url":"https:\/\/talkpal.ai\/is\/","name":"Talkpal","description":"AI Language Learning","publisher":{"@id":"https:\/\/talkpal.ai\/is\/#organization"},"alternateName":"Talkpal AI","potentialAction":[{"@type":"SearchAction","target":{"@type":"EntryPoint","urlTemplate":"https:\/\/talkpal.ai\/is\/?s={search_term_string}"},"query-input":{"@type":"PropertyValueSpecification","valueRequired":true,"valueName":"search_term_string"}}],"inLanguage":"is"},{"@type":"Organization","@id":"https:\/\/talkpal.ai\/is\/#organization","name":"Talkpal, Inc.","alternateName":"Talkpal AI","url":"https:\/\/talkpal.ai\/is\/","logo":{"@type":"ImageObject","inLanguage":"is","@id":"https:\/\/talkpal.ai\/is\/#\/schema\/logo\/image\/","url":"https:\/\/talkpal.ai\/wp-content\/uploads\/2024\/03\/Talkpal-Logo-Icon.png","contentUrl":"https:\/\/talkpal.ai\/wp-content\/uploads\/2024\/03\/Talkpal-Logo-Icon.png","width":2880,"height":2880,"caption":"Talkpal, Inc."},"image":{"@id":"https:\/\/talkpal.ai\/is\/#\/schema\/logo\/image\/"},"sameAs":["https:\/\/www.facebook.com\/profile.php?id=100090733639311","https:\/\/x.com\/talkpalai","https:\/\/www.linkedin.com\/company\/talkpal\/","https:\/\/www.youtube.com\/@TalkPal\/","https:\/\/www.tiktok.com\/@talkpal","https:\/\/www.instagram.com\/talkpal_ai\/","https:\/\/www.crunchbase.com\/organization\/talkpal-9cde","https:\/\/www.g2.com\/products\/talkpal-for-business\/","https:\/\/www.trustpilot.com\/review\/talkpal.ai","https:\/\/www.capterra.com\/p\/10006800\/TalkPal\/"],"description":"Talkpal is a language learning web and mobile education app, powered by the latest AI technologies, that provides engaging experiences to its customers in many different languages to help them improve their language skills. Users can chat about unlimited amount of topics with the app and use other modes to practice their language learning.","email":"support@talkpal.ai","legalName":"Talkpal, Inc.","foundingDate":"2023-04-03","duns":"118989042","numberOfEmployees":{"@type":"QuantitativeValue","minValue":"11","maxValue":"50"},"publishingPrinciples":"https:\/\/talkpal.ai\/publishing-principles\/","actionableFeedbackPolicy":"https:\/\/talkpal.ai\/actionable-feedback-policy\/","correctionsPolicy":"https:\/\/talkpal.ai\/corrections-policy\/","ethicsPolicy":"https:\/\/talkpal.ai\/ethics-policy\/","diversityPolicy":"https:\/\/talkpal.ai\/diversity-policy\/","diversityStaffingReport":"https:\/\/talkpal.ai\/diversity-policy\/"}]}},"_links":{"self":[{"href":"https:\/\/talkpal.ai\/is\/wp-json\/wp\/v2\/pages\/1476206","targetHints":{"allow":["GET"]}}],"collection":[{"href":"https:\/\/talkpal.ai\/is\/wp-json\/wp\/v2\/pages"}],"about":[{"href":"https:\/\/talkpal.ai\/is\/wp-json\/wp\/v2\/types\/page"}],"author":[{"embeddable":true,"href":"https:\/\/talkpal.ai\/is\/wp-json\/wp\/v2\/users\/20"}],"replies":[{"embeddable":true,"href":"https:\/\/talkpal.ai\/is\/wp-json\/wp\/v2\/comments?post=1476206"}],"version-history":[{"count":0,"href":"https:\/\/talkpal.ai\/is\/wp-json\/wp\/v2\/pages\/1476206\/revisions"}],"wp:attachment":[{"href":"https:\/\/talkpal.ai\/is\/wp-json\/wp\/v2\/media?parent=1476206"}],"curies":[{"name":"wp","href":"https:\/\/api.w.org\/{rel}","templated":true}]}}