{"id":1476184,"date":"2025-11-12T11:25:18","date_gmt":"2025-11-12T11:25:18","guid":{"rendered":"https:\/\/talkpal.ai\/khmer-malfraediaefingar\/"},"modified":"2025-12-30T14:44:03","modified_gmt":"2025-12-30T14:44:03","slug":"khmer-malfraediaefingar","status":"publish","type":"page","link":"https:\/\/talkpal.ai\/is\/khmer-malfraediaefingar\/","title":{"rendered":"Khmer m\u00e1lfr\u00e6\u00f0i\u00e6fingar"},"content":{"rendered":"\r\n\r\n\r\n<section class=\"languageChallengeSection\">\r\n    <div class=\"languageInfoWrapper\">\r\n        \r\n        <h1>Khmer m\u00e1lfr\u00e6\u00f0i\u00e6fingar<\/h1>\r\n        <p>Tilb\u00fainn til a\u00f0 kafa ofan \u00ed <a href=\"https:\/\/talkpal.ai\/khmer-grammar\/\">Khmer m\u00e1lfr\u00e6\u00f0i<\/a>? A\u00f0 \u00e6fa sig \u00ed nokkrum grunnatri\u00f0um mun hj\u00e1lpa \u00fe\u00e9r a\u00f0 tileinka \u00fe\u00e9r \u00feetta einstaka og fallega tungum\u00e1l. Pr\u00f3fa\u00f0u \u00feessar \u00e6fingar til a\u00f0 byggja upp sj\u00e1lfstrausti\u00f0 og skemmta \u00fe\u00e9r vel \u00ed lei\u00f0inni!<\/p>\r\n\r\n                            <a class=\"getStartedHidden\" href=\"https:\/\/app.talkpal.ai\/signup?lng=\">Byrja\u00f0u<\/a>\r\n        \r\n    <\/div>\r\n\r\n    <figure>\r\n    <img decoding=\"async\" width=\"768\" height=\"768\" src=\"https:\/\/talkpal.ai\/wp-content\/uploads\/2023\/06\/welsh-768x768.png\" class=\"languageImage no-lazy\" alt=\"Language learning for better cognitive abilities\" fetchpriority=\"high\" sizes=\"(max-width: 768px) 150px, 768px\" srcset=\"https:\/\/talkpal.ai\/wp-content\/uploads\/2023\/06\/welsh-768x768.png 768w, https:\/\/talkpal.ai\/wp-content\/uploads\/2023\/06\/welsh-300x300.png 300w\" \/>\r\n    \r\n\r\n    <\/figure>\r\n\r\n            <a class=\"getStartedVisible\" href=\"https:\/\/app.talkpal.ai\/signup?lng=\">Byrja\u00f0u<\/a>\r\n    \r\n<\/section><section class=\"promotionalBanner\">\r\n    <p class=\"promotionalText\">Skilvirkasta lei\u00f0in til a\u00f0 l\u00e6ra tungum\u00e1l<\/p>\r\n    <a class=\"promotionalLink\" href=\"https:\/\/app.talkpal.ai\/signup?lng=\">Pr\u00f3fa\u00f0u Talkpal \u00f3keypis<\/a>\r\n<\/section>\n<div class=\"wp-block-group pageContainerStyle\"><div class=\"wp-block-group__inner-container is-layout-constrained wp-block-group-is-layout-constrained\">\n<h2 class=\"wp-block-heading\" id=\"h-khmer-grammar-topics\">Khmer m\u00e1lfr\u00e6\u00f0i efni<\/h2>\n\n\n\n<p><a href=\"https:\/\/talkpal.ai\/is\/staerstu-mistokin-sem-tharf-ad-fordast-thegar-thu-laerir-nytt-tungumal\/\">A\u00f0 l\u00e6ra n\u00fdtt tungum\u00e1l<\/a> getur veri\u00f0 krefjandi en gefandi vi\u00f0leitni. <a href=\"https:\/\/talkpal.ai\/learn-khmer\/\">Khmer<\/a>, austr\u00f3as\u00edskt tungum\u00e1l sem a\u00f0allega er tala\u00f0 \u00ed Kamb\u00f3d\u00edu, er engin undantekning. Me\u00f0 greiningarbyggingu sinni og \u00e1berandi \u00f6gnum krefst <a href=\"https:\/\/talkpal.ai\/is\/talkpal-fyrir-menntun\/\">n\u00e1m<\/a> \u00ed Khmer kerfisbundinnar n\u00e1lgunar til a\u00f0 skilja hvernig merking er bygg\u00f0 upp \u00e1n beygingar. \u00deessi handb\u00f3k \u00fatlistar lykilsvi\u00f0 <a href=\"https:\/\/talkpal.ai\/is\/khmer-malfraedi\/\">Khmer m\u00e1lfr\u00e6\u00f0i<\/a> \u00ed r\u00f6kr\u00e9ttri r\u00f6\u00f0 fyrir <a href=\"https:\/\/talkpal.ai\/is\/ai-chatbot-fyrir-tungumalanam\/\">tungum\u00e1lan\u00e1m<\/a>, byrja\u00f0 \u00e1 grunnatri\u00f0um eins og nafnor\u00f0um og greinum, og fari\u00f0 yfir \u00e1 fl\u00f3knari svi\u00f0 eins og t\u00ed\u00f0ir og setningager\u00f0.<\/p>\n\n\n\n<h3 class=\"wp-block-heading\" id=\"h-1-nouns\">1. Nafnor\u00f0:<\/h3>\n\n\n\n<p>Byrja\u00f0u Khmer tungum\u00e1lafer\u00f0 \u00fe\u00edna me\u00f0 \u00fev\u00ed a\u00f0 l\u00e6ra nafnor\u00f0in. \u00deetta felur \u00ed s\u00e9r skilning \u00e1 algengum n\u00f6fnum og s\u00e9rn\u00f6fnum, hvernig fleirt\u00f6lu er oft s\u00fdnd me\u00f0 magnm\u00e6lum, flokkurum e\u00f0a endurtekningu frekar en beygingu, og fjarveru m\u00e1lfr\u00e6\u00f0ilegs kyns e\u00f0a <a href=\"https:\/\/talkpal.ai\/locations\/learn-english-in-falls\/\">falls<\/a>.<\/p>\n\n\n\n<h3 class=\"wp-block-heading\" id=\"h-2-articles\">2. Greinar:<\/h3>\n\n\n\n<p>Khmer notar ekki \u00e1kve\u00f0na e\u00f0a \u00f3\u00e1kve\u00f0na hluti eins og \u00e1 <a href=\"https:\/\/talkpal.ai\/ai-english-speaking-practice\/\">ensku<\/a>. \u00c1kve\u00f0ni er tj\u00e1\u00f0 me\u00f0 samhengi e\u00f0a s\u00fdnikennum eins og \u1793\u17c1\u17c7 \u00feetta og \u1793\u17c4\u17c7 a\u00f0, \u00e1 me\u00f0an h\u00e6gt er a\u00f0 s\u00fdna \u00f3\u00e1kve\u00f0ni me\u00f0 t\u00f6lunni \u1798\u17bd\u1799 einn e\u00f0a or\u00f0um eins og \u1798\u17bd\u1799\u1785\u17c6\u1793\u17bd\u1793 sumum.<\/p>\n\n\n\n<h3 class=\"wp-block-heading\" id=\"h-3-adjectives\">3. L\u00fdsingaror\u00f0:<\/h3>\n\n\n\n<p>L\u00fdsingaror\u00f0 \u00ed khmer fylgja venjulega nafnor\u00f0um s\u00ednum og geta virka\u00f0 sem stativ sagnir \u00ed fors\u00f6gnum. L\u00e6r\u00f0u gr\u00e1\u00f0umerki og samanbur\u00f0, svo sem gr\u00e1\u00f0a mj\u00f6g, afrit fyrir samanbur\u00f0, og skref fyrir yfirbur\u00f0i, svo og endurtekningu fyrir \u00e1herslur.<\/p>\n\n\n\n<h3 class=\"wp-block-heading\" id=\"h-4-pronouns-determiners\">4. Forn\u00f6fn\/\u00e1kv\u00f6r\u00f0unaror\u00f0:<\/h3>\n\n\n\n<p>Forn\u00f6fn og \u00e1kvar\u00f0anir eru nau\u00f0synleg \u00ed Khmer og endurspegla formsatri\u00f0i og f\u00e9lagsleg tengsl. N\u00e1\u00f0u t\u00f6kum \u00e1 pers\u00f3nulegum forn\u00f6fnum, s\u00fdnior\u00f0um, magnm\u00e6lum, t\u00f6lust\u00f6fum me\u00f0 flokkurum og eign me\u00f0 \u00fev\u00ed a\u00f0 nota \u179a\u1794\u179f\u17cb e\u00f0a nafnor\u00f0ara\u00f0ir fyrir sk\u00fdr og vi\u00f0eigandi samskipti.<\/p>\n\n\n\n<h3 class=\"wp-block-heading\" id=\"h-5-verbs\">5. Sagnir:<\/h3>\n\n\n\n<p>Khmer sagnir beygja ekki fyrir pers\u00f3nu e\u00f0a t\u00ed\u00f0. \u00de\u00e1ttur, t\u00edmi og stemning eru s\u00fdnd me\u00f0 \u00f6gnum og atviksor\u00f0um, svo sem \u1780\u17c6\u1796\u17bb\u1784 frams\u00e6ki\u00f0, \u1794\u17b6\u1793 loki\u00f0 e\u00f0a fort\u00ed\u00f0, \u1793\u17b9\u1784 framt\u00ed\u00f0 e\u00f0a \u00e1setningur, \u1791\u17be\u1794 bara og \u178f\u17c2\u1784 vanabundin, \u00e1samt ra\u00f0sagnsm\u00ed\u00f0um og takmarka\u00f0ri notkun k\u00f3pula eins og \u1787\u17b6 fyrir flokkun og \u1793\u17c5 fyrir sta\u00f0setningu.<\/p>\n\n\n\n<h3 class=\"wp-block-heading\" id=\"h-6-tenses\">6. Spennur:<\/h3>\n\n\n\n<p>Eftir <a href=\"https:\/\/talkpal.ai\/culture\/what-is-the-verb-ad-hafa-and-when-is-it-used\/\">a\u00f0 hafa<\/a> n\u00e1\u00f0 t\u00f6kum \u00e1 sagnanotkun skaltu kanna hvernig Khmer tj\u00e1ir t\u00edma \u00e1n beygingart\u00ed\u00f0a. N\u00fat\u00ed\u00f0 er oft \u00f3merkt, fort\u00ed\u00f0 er almennt t\u00e1knu\u00f0 me\u00f0 \u1794\u17b6\u1793 e\u00f0a t\u00edmatj\u00e1ningum, og framt\u00ed\u00f0 e\u00f0a \u00e1setningur er s\u00fdnd me\u00f0 \u1793\u17b9\u1784 e\u00f0a samhengi, me\u00f0 fullkomnum bl\u00e6brig\u00f0um sem oft eru merkt me\u00f0 \u17a0\u17be\u1799 \u00feegar.<\/p>\n\n\n\n<h3 class=\"wp-block-heading\" id=\"h-7-tense-comparison\">7. Spenntur samanbur\u00f0ur:<\/h3>\n\n\n\n<p>Samanbur\u00f0ur \u00e1 t\u00edma og \u00fe\u00e6tti \u00ed Khmer beinist a\u00f0 \u00f6gnum og atviksor\u00f0um frekar en sagnbreytingum. A\u00f0 nota s\u00f6mu s\u00f6gn me\u00f0 \u00f6gnum eins og \u1794\u17b6\u1793, \u1793\u17b9\u1784 og \u1780\u17c6\u1796\u17bb\u1784 \u00ed \u00fdmsu samhengi mun sk\u00fdra hvernig atbur\u00f0ara\u00f0ir eru tj\u00e1\u00f0ar.<\/p>\n\n\n\n<h3 class=\"wp-block-heading\" id=\"h-8-progressive\">8. Frams\u00e6ki\u00f0:<\/h3>\n\n\n\n<p>Frams\u00f3knarma\u00f0urinn \u00ed Khmer er nota\u00f0ur til a\u00f0 tj\u00e1 \u00e1framhaldandi a\u00f0ger\u00f0ir. \u00dea\u00f0 er mynda\u00f0 me\u00f0 \u00fev\u00ed a\u00f0 setja \u1780\u17c6\u1796\u17bb\u1784 fyrir framan a\u00f0als\u00f6gnina, me\u00f0 valfrj\u00e1lsu \u178f\u17c2 fyrir \u00e1herslur, og m\u00e1 sameina \u00fea\u00f0 me\u00f0 t\u00edmatj\u00e1ningum til gl\u00f6ggvunar.<\/p>\n\n\n\n<h3 class=\"wp-block-heading\" id=\"h-9-perfect-progressive\">9. Fullkominn frams\u00e6kinn:<\/h3>\n\n\n\n<p>\u00deetta er nota\u00f0 til a\u00f0 tj\u00e1 a\u00f0ger\u00f0ir sem hafa veri\u00f0 \u00ed gangi fram a\u00f0 \u00e1kve\u00f0num t\u00edmapunkti. \u00cd Khmer er h\u00e6gt a\u00f0 s\u00fdna samfellu hinga\u00f0 til me\u00f0 \u1780\u17c6\u1796\u17bb\u1784 &#8230; \u1798\u1780 e\u00f0a \u1794\u17b6\u1793 + s\u00f6gn + \u1798\u1780 \u00e1samt t\u00edmalengdarsetningum, allt eftir samhengi og \u00e1herslum.<\/p>\n\n\n\n<h3 class=\"wp-block-heading\" id=\"h-10-conditionals\">10. Skilyr\u00f0i:<\/h3>\n\n\n\n<p>Skilyr\u00f0i tj\u00e1 \u00edmynda\u00f0ar a\u00f0st\u00e6\u00f0ur og ni\u00f0urst\u00f6\u00f0ur. Khmer notar venjulega \u1794\u17be e\u00f0a \u1794\u17d2\u179a\u179f\u17b7\u1793\u1794\u17be fyrir ef \u00ed skilyr\u00f0is\u00e1kv\u00e6\u00f0inu, \u00fear sem ni\u00f0ursta\u00f0an er oft merkt me\u00f0 \u00f6gnum eins og \u1793\u17c4\u17c7 e\u00f0a vi\u00f0eigandi a\u00f0fer\u00f0um fyrir bl\u00e6brig\u00f0i.<\/p>\n\n\n\n<h3 class=\"wp-block-heading\" id=\"h-11-adverbs\">11. Atviksor\u00f0:<\/h3>\n\n\n\n<p>Atviksor\u00f0 \u00ed Khmer breyta s\u00f6gnum, l\u00fdsingaror\u00f0um e\u00f0a \u00f6\u00f0rum atviksor\u00f0um og innihalda h\u00e1tt, sta\u00f0, t\u00edma og gr\u00e1\u00f0u. Sta\u00f0a er sveigjanleg, me\u00f0 t\u00edmaatviksor\u00f0 oft \u00ed upphafi, h\u00e1ttur oft \u00e1 eftir s\u00f6gninni og gr\u00e1\u00f0uor\u00f0 eins og \u178e\u17b6\u179f\u17cb og \u1794\u1793\u17d2\u178f\u17b7\u1785 m\u00f3ta styrkleika.<\/p>\n\n\n\n<h3 class=\"wp-block-heading\" id=\"h-12-prepositions\">12. Forsetningar:<\/h3>\n\n\n\n<p>Forsetningar tengja saman or\u00f0 og or\u00f0asamb\u00f6nd til a\u00f0 s\u00fdna tengsl t\u00edma, sta\u00f0ar og stefnu. Khmer notar hluti eins og \u1793\u17c5 vi\u00f0 e\u00f0a \u00ed, \u1791\u17c5 til, \u1796\u17b8 fr\u00e1 og venslaform eins og \u1781\u17b6\u1784\u1780\u17d2\u179a\u17c4\u1799 fyrir aftan og \u179b\u17be \u00e1, oft \u00e1samt sta\u00f0setningarnafnor\u00f0um.<\/p>\n\n\n\n<h3 class=\"wp-block-heading\" id=\"h-13-sentences\">13. Setningar:<\/h3>\n\n\n\n<p>A\u00f0 lokum, \u00e6f\u00f0u \u00feig \u00ed a\u00f0 sm\u00ed\u00f0a setningar. Khmer hefur tilhneigingu til SVO-reglu me\u00f0 t\u00ed\u00f0um efnisathugasemdum. Master neitun me\u00f0 \u1798\u17b7\u1793 &#8230; \u1791\u17c1 \u00ed sta\u00f0la\u00f0ri notkun og algengum talm\u00e1lsformum, nau\u00f0syn me\u00f0 \u00f6gnum eins og \u179f\u17bc\u1798, og sam\u00fe\u00e6tting allra \u00e1\u00f0ur l\u00e6r\u00f0ra m\u00e1lfr\u00e6\u00f0ipunkta \u00ed samhengi.<\/p>\n<\/div><\/div>\n\r\n<section class=\"learnNavigationSection\">\r\n            \r\n        <a href=\"https:\/\/talkpal.ai\/is\/laerdu-velsku\/\">\r\n            <div class=\"learnNavigationWrapper\">\r\n                <div class=\"learnNavigationContent\">\r\n                    <img decoding=\"async\" src=\"https:\/\/talkpal.ai\/wp-content\/uploads\/2025\/11\/Khmer.png\" alt=\"Cambodian Flag\">\r\n                    <div>\r\n                        <h4>Um Khmer Learning<\/h4>\r\n                        <p>Kynntu \u00fe\u00e9r allt um Khmer m\u00e1lfr\u00e6\u00f0i.<\/p>\r\n                    <\/div>\r\n                <\/div>\r\n            <\/div>\r\n        <\/a>\r\n\r\n        \r\n        <a href=\"https:\/\/talkpal.ai\/is\/khmer-malfraedi\/\">\r\n            <div class=\"learnNavigationWrapper\">\r\n                <div class=\"learnNavigationContent\">\r\n                    <img decoding=\"async\" src=\"https:\/\/talkpal.ai\/wp-content\/uploads\/2025\/11\/Khmer.png\" alt=\"Cambodian Flag\">\r\n                    <div>\r\n                        <h4>Khmer m\u00e1lfr\u00e6\u00f0ikennsla<\/h4>\r\n                        <p>\u00c6f\u00f0u Khmer m\u00e1lfr\u00e6\u00f0i.<\/p>\r\n                    <\/div>\r\n                <\/div>\r\n            <\/div>\r\n        <\/a>\r\n\r\n            <\/section>","protected":false},"excerpt":{"rendered":"<p>Khmer m\u00e1lfr\u00e6\u00f0i efni A\u00f0 l\u00e6ra n\u00fdtt tungum\u00e1l getur veri\u00f0 krefjandi en gefandi vi\u00f0leitni. Khmer, austr\u00f3as\u00edskt tungum\u00e1l sem a\u00f0allega er tala\u00f0 \u00ed Kamb\u00f3d\u00edu, er engin undantekning. Me\u00f0 greiningarbyggingu sinni og \u00e1berandi \u00f6gnum krefst n\u00e1m \u00ed Khmer kerfisbundinnar n\u00e1lgunar til a\u00f0 skilja hvernig merking er bygg\u00f0 upp \u00e1n beygingar. \u00deessi handb\u00f3k \u00fatlistar lykilsvi\u00f0 Khmer m\u00e1lfr\u00e6\u00f0i \u00ed r\u00f6kr\u00e9ttri [&hellip;]<\/p>\n","protected":false},"author":20,"featured_media":0,"parent":0,"menu_order":0,"comment_status":"closed","ping_status":"closed","template":"LearningContentPage.php","meta":{"_acf_changed":false,"footnotes":""},"class_list":["post-1476184","page","type-page","status-publish","hentry"],"acf":[],"yoast_head":"<!-- This site is optimized with the Yoast SEO Premium plugin v27.2 (Yoast SEO v27.2) - https:\/\/yoast.com\/product\/yoast-seo-premium-wordpress\/ -->\n<title>Khmer m\u00e1lfr\u00e6\u00f0i\u00e6fingar - Talkpal<\/title>\n<meta name=\"description\" content=\"B\u00e6ttu f\u00e6rni \u00fe\u00edna me\u00f0 gagnvirkum m\u00e1lfr\u00e6\u00f0i\u00e6fingum \u00ed Khmer sem eru hanna\u00f0ar til a\u00f0 hj\u00e1lpa \u00fe\u00e9r a\u00f0 tala og skrifa af \u00f6ryggi.\" \/>\n<meta name=\"robots\" content=\"index, follow, max-snippet:-1, max-image-preview:large, max-video-preview:-1\" \/>\n<link rel=\"canonical\" href=\"https:\/\/talkpal.ai\/is\/khmer-malfraediaefingar\/\" \/>\n<meta property=\"og:locale\" content=\"is_IS\" \/>\n<meta property=\"og:type\" content=\"article\" \/>\n<meta property=\"og:title\" content=\"Khmer m\u00e1lfr\u00e6\u00f0i\u00e6fingar\" \/>\n<meta property=\"og:description\" content=\"Khmer m\u00e1lfr\u00e6\u00f0i efni A\u00f0 l\u00e6ra n\u00fdtt tungum\u00e1l getur veri\u00f0 krefjandi en gefandi vi\u00f0leitni. Khmer, austr\u00f3as\u00edskt tungum\u00e1l sem a\u00f0allega er tala\u00f0 \u00ed Kamb\u00f3d\u00edu, er\" \/>\n<meta property=\"og:url\" content=\"https:\/\/talkpal.ai\/is\/khmer-malfraediaefingar\/\" \/>\n<meta property=\"og:site_name\" content=\"Talkpal\" \/>\n<meta property=\"article:publisher\" content=\"https:\/\/www.facebook.com\/profile.php?id=100090733639311\" \/>\n<meta property=\"article:modified_time\" content=\"2025-12-30T14:44:03+00:00\" \/>\n<meta property=\"og:image\" content=\"https:\/\/talkpal.ai\/wp-content\/uploads\/2025\/02\/Progress-tab-16_9.png\" \/>\n\t<meta property=\"og:image:width\" content=\"2880\" \/>\n\t<meta property=\"og:image:height\" content=\"1620\" \/>\n\t<meta property=\"og:image:type\" content=\"image\/png\" \/>\n<meta name=\"twitter:card\" content=\"summary_large_image\" \/>\n<meta name=\"twitter:site\" content=\"@talkpalai\" \/>\n<meta name=\"twitter:label1\" content=\"Est. reading time\" \/>\n\t<meta name=\"twitter:data1\" content=\"4 minutes\" \/>\n<script type=\"application\/ld+json\" class=\"yoast-schema-graph\">{\"@context\":\"https:\/\/schema.org\",\"@graph\":[{\"@type\":\"WebPage\",\"@id\":\"https:\/\/talkpal.ai\/is\/khmer-malfraediaefingar\/\",\"url\":\"https:\/\/talkpal.ai\/is\/khmer-malfraediaefingar\/\",\"name\":\"Khmer m\u00e1lfr\u00e6\u00f0i\u00e6fingar - Talkpal\",\"isPartOf\":{\"@id\":\"https:\/\/talkpal.ai\/is\/#website\"},\"datePublished\":\"2025-11-12T11:25:18+00:00\",\"dateModified\":\"2025-12-30T14:44:03+00:00\",\"description\":\"B\u00e6ttu f\u00e6rni \u00fe\u00edna me\u00f0 gagnvirkum m\u00e1lfr\u00e6\u00f0i\u00e6fingum \u00ed Khmer sem eru hanna\u00f0ar til a\u00f0 hj\u00e1lpa \u00fe\u00e9r a\u00f0 tala og skrifa af \u00f6ryggi.\",\"breadcrumb\":{\"@id\":\"https:\/\/talkpal.ai\/is\/khmer-malfraediaefingar\/#breadcrumb\"},\"inLanguage\":\"is\",\"potentialAction\":[{\"@type\":\"ReadAction\",\"target\":[\"https:\/\/talkpal.ai\/is\/khmer-malfraediaefingar\/\"]}]},{\"@type\":\"BreadcrumbList\",\"@id\":\"https:\/\/talkpal.ai\/is\/khmer-malfraediaefingar\/#breadcrumb\",\"itemListElement\":[{\"@type\":\"ListItem\",\"position\":1,\"name\":\"Homepage\",\"item\":\"https:\/\/talkpal.ai\/is\/\"},{\"@type\":\"ListItem\",\"position\":2,\"name\":\"Khmer m\u00e1lfr\u00e6\u00f0i\u00e6fingar\"}]},{\"@type\":\"WebSite\",\"@id\":\"https:\/\/talkpal.ai\/is\/#website\",\"url\":\"https:\/\/talkpal.ai\/is\/\",\"name\":\"Talkpal\",\"description\":\"AI Language Learning\",\"publisher\":{\"@id\":\"https:\/\/talkpal.ai\/is\/#organization\"},\"alternateName\":\"Talkpal AI\",\"potentialAction\":[{\"@type\":\"SearchAction\",\"target\":{\"@type\":\"EntryPoint\",\"urlTemplate\":\"https:\/\/talkpal.ai\/is\/?s={search_term_string}\"},\"query-input\":{\"@type\":\"PropertyValueSpecification\",\"valueRequired\":true,\"valueName\":\"search_term_string\"}}],\"inLanguage\":\"is\"},{\"@type\":\"Organization\",\"@id\":\"https:\/\/talkpal.ai\/is\/#organization\",\"name\":\"Talkpal, Inc.\",\"alternateName\":\"Talkpal AI\",\"url\":\"https:\/\/talkpal.ai\/is\/\",\"logo\":{\"@type\":\"ImageObject\",\"inLanguage\":\"is\",\"@id\":\"https:\/\/talkpal.ai\/is\/#\/schema\/logo\/image\/\",\"url\":\"https:\/\/talkpal.ai\/wp-content\/uploads\/2024\/03\/Talkpal-Logo-Icon.png\",\"contentUrl\":\"https:\/\/talkpal.ai\/wp-content\/uploads\/2024\/03\/Talkpal-Logo-Icon.png\",\"width\":2880,\"height\":2880,\"caption\":\"Talkpal, Inc.\"},\"image\":{\"@id\":\"https:\/\/talkpal.ai\/is\/#\/schema\/logo\/image\/\"},\"sameAs\":[\"https:\/\/www.facebook.com\/profile.php?id=100090733639311\",\"https:\/\/x.com\/talkpalai\",\"https:\/\/www.linkedin.com\/company\/talkpal\/\",\"https:\/\/www.youtube.com\/@TalkPal\/\",\"https:\/\/www.tiktok.com\/@talkpal\",\"https:\/\/www.instagram.com\/talkpal_ai\/\",\"https:\/\/www.crunchbase.com\/organization\/talkpal-9cde\",\"https:\/\/www.g2.com\/products\/talkpal-for-business\/\",\"https:\/\/www.trustpilot.com\/review\/talkpal.ai\",\"https:\/\/www.capterra.com\/p\/10006800\/TalkPal\/\"],\"description\":\"Talkpal is a language learning web and mobile education app, powered by the latest AI technologies, that provides engaging experiences to its customers in many different languages to help them improve their language skills. Users can chat about unlimited amount of topics with the app and use other modes to practice their language learning.\",\"email\":\"support@talkpal.ai\",\"legalName\":\"Talkpal, Inc.\",\"foundingDate\":\"2023-04-03\",\"duns\":\"118989042\",\"numberOfEmployees\":{\"@type\":\"QuantitativeValue\",\"minValue\":\"11\",\"maxValue\":\"50\"},\"publishingPrinciples\":\"https:\/\/talkpal.ai\/publishing-principles\/\",\"actionableFeedbackPolicy\":\"https:\/\/talkpal.ai\/actionable-feedback-policy\/\",\"correctionsPolicy\":\"https:\/\/talkpal.ai\/corrections-policy\/\",\"ethicsPolicy\":\"https:\/\/talkpal.ai\/ethics-policy\/\",\"diversityPolicy\":\"https:\/\/talkpal.ai\/diversity-policy\/\",\"diversityStaffingReport\":\"https:\/\/talkpal.ai\/diversity-policy\/\"}]}<\/script>\n<!-- \/ Yoast SEO Premium plugin. -->","yoast_head_json":{"title":"Khmer m\u00e1lfr\u00e6\u00f0i\u00e6fingar - Talkpal","description":"B\u00e6ttu f\u00e6rni \u00fe\u00edna me\u00f0 gagnvirkum m\u00e1lfr\u00e6\u00f0i\u00e6fingum \u00ed Khmer sem eru hanna\u00f0ar til a\u00f0 hj\u00e1lpa \u00fe\u00e9r a\u00f0 tala og skrifa af \u00f6ryggi.","robots":{"index":"index","follow":"follow","max-snippet":"max-snippet:-1","max-image-preview":"max-image-preview:large","max-video-preview":"max-video-preview:-1"},"canonical":"https:\/\/talkpal.ai\/is\/khmer-malfraediaefingar\/","og_locale":"is_IS","og_type":"article","og_title":"Khmer m\u00e1lfr\u00e6\u00f0i\u00e6fingar","og_description":"Khmer m\u00e1lfr\u00e6\u00f0i efni A\u00f0 l\u00e6ra n\u00fdtt tungum\u00e1l getur veri\u00f0 krefjandi en gefandi vi\u00f0leitni. Khmer, austr\u00f3as\u00edskt tungum\u00e1l sem a\u00f0allega er tala\u00f0 \u00ed Kamb\u00f3d\u00edu, er","og_url":"https:\/\/talkpal.ai\/is\/khmer-malfraediaefingar\/","og_site_name":"Talkpal","article_publisher":"https:\/\/www.facebook.com\/profile.php?id=100090733639311","article_modified_time":"2025-12-30T14:44:03+00:00","og_image":[{"width":2880,"height":1620,"url":"https:\/\/talkpal.ai\/wp-content\/uploads\/2025\/02\/Progress-tab-16_9.png","type":"image\/png"}],"twitter_card":"summary_large_image","twitter_site":"@talkpalai","twitter_misc":{"Est. reading time":"4 minutes"},"schema":{"@context":"https:\/\/schema.org","@graph":[{"@type":"WebPage","@id":"https:\/\/talkpal.ai\/is\/khmer-malfraediaefingar\/","url":"https:\/\/talkpal.ai\/is\/khmer-malfraediaefingar\/","name":"Khmer m\u00e1lfr\u00e6\u00f0i\u00e6fingar - Talkpal","isPartOf":{"@id":"https:\/\/talkpal.ai\/is\/#website"},"datePublished":"2025-11-12T11:25:18+00:00","dateModified":"2025-12-30T14:44:03+00:00","description":"B\u00e6ttu f\u00e6rni \u00fe\u00edna me\u00f0 gagnvirkum m\u00e1lfr\u00e6\u00f0i\u00e6fingum \u00ed Khmer sem eru hanna\u00f0ar til a\u00f0 hj\u00e1lpa \u00fe\u00e9r a\u00f0 tala og skrifa af \u00f6ryggi.","breadcrumb":{"@id":"https:\/\/talkpal.ai\/is\/khmer-malfraediaefingar\/#breadcrumb"},"inLanguage":"is","potentialAction":[{"@type":"ReadAction","target":["https:\/\/talkpal.ai\/is\/khmer-malfraediaefingar\/"]}]},{"@type":"BreadcrumbList","@id":"https:\/\/talkpal.ai\/is\/khmer-malfraediaefingar\/#breadcrumb","itemListElement":[{"@type":"ListItem","position":1,"name":"Homepage","item":"https:\/\/talkpal.ai\/is\/"},{"@type":"ListItem","position":2,"name":"Khmer m\u00e1lfr\u00e6\u00f0i\u00e6fingar"}]},{"@type":"WebSite","@id":"https:\/\/talkpal.ai\/is\/#website","url":"https:\/\/talkpal.ai\/is\/","name":"Talkpal","description":"AI Language Learning","publisher":{"@id":"https:\/\/talkpal.ai\/is\/#organization"},"alternateName":"Talkpal AI","potentialAction":[{"@type":"SearchAction","target":{"@type":"EntryPoint","urlTemplate":"https:\/\/talkpal.ai\/is\/?s={search_term_string}"},"query-input":{"@type":"PropertyValueSpecification","valueRequired":true,"valueName":"search_term_string"}}],"inLanguage":"is"},{"@type":"Organization","@id":"https:\/\/talkpal.ai\/is\/#organization","name":"Talkpal, Inc.","alternateName":"Talkpal AI","url":"https:\/\/talkpal.ai\/is\/","logo":{"@type":"ImageObject","inLanguage":"is","@id":"https:\/\/talkpal.ai\/is\/#\/schema\/logo\/image\/","url":"https:\/\/talkpal.ai\/wp-content\/uploads\/2024\/03\/Talkpal-Logo-Icon.png","contentUrl":"https:\/\/talkpal.ai\/wp-content\/uploads\/2024\/03\/Talkpal-Logo-Icon.png","width":2880,"height":2880,"caption":"Talkpal, Inc."},"image":{"@id":"https:\/\/talkpal.ai\/is\/#\/schema\/logo\/image\/"},"sameAs":["https:\/\/www.facebook.com\/profile.php?id=100090733639311","https:\/\/x.com\/talkpalai","https:\/\/www.linkedin.com\/company\/talkpal\/","https:\/\/www.youtube.com\/@TalkPal\/","https:\/\/www.tiktok.com\/@talkpal","https:\/\/www.instagram.com\/talkpal_ai\/","https:\/\/www.crunchbase.com\/organization\/talkpal-9cde","https:\/\/www.g2.com\/products\/talkpal-for-business\/","https:\/\/www.trustpilot.com\/review\/talkpal.ai","https:\/\/www.capterra.com\/p\/10006800\/TalkPal\/"],"description":"Talkpal is a language learning web and mobile education app, powered by the latest AI technologies, that provides engaging experiences to its customers in many different languages to help them improve their language skills. Users can chat about unlimited amount of topics with the app and use other modes to practice their language learning.","email":"support@talkpal.ai","legalName":"Talkpal, Inc.","foundingDate":"2023-04-03","duns":"118989042","numberOfEmployees":{"@type":"QuantitativeValue","minValue":"11","maxValue":"50"},"publishingPrinciples":"https:\/\/talkpal.ai\/publishing-principles\/","actionableFeedbackPolicy":"https:\/\/talkpal.ai\/actionable-feedback-policy\/","correctionsPolicy":"https:\/\/talkpal.ai\/corrections-policy\/","ethicsPolicy":"https:\/\/talkpal.ai\/ethics-policy\/","diversityPolicy":"https:\/\/talkpal.ai\/diversity-policy\/","diversityStaffingReport":"https:\/\/talkpal.ai\/diversity-policy\/"}]}},"_links":{"self":[{"href":"https:\/\/talkpal.ai\/is\/wp-json\/wp\/v2\/pages\/1476184","targetHints":{"allow":["GET"]}}],"collection":[{"href":"https:\/\/talkpal.ai\/is\/wp-json\/wp\/v2\/pages"}],"about":[{"href":"https:\/\/talkpal.ai\/is\/wp-json\/wp\/v2\/types\/page"}],"author":[{"embeddable":true,"href":"https:\/\/talkpal.ai\/is\/wp-json\/wp\/v2\/users\/20"}],"replies":[{"embeddable":true,"href":"https:\/\/talkpal.ai\/is\/wp-json\/wp\/v2\/comments?post=1476184"}],"version-history":[{"count":0,"href":"https:\/\/talkpal.ai\/is\/wp-json\/wp\/v2\/pages\/1476184\/revisions"}],"wp:attachment":[{"href":"https:\/\/talkpal.ai\/is\/wp-json\/wp\/v2\/media?parent=1476184"}],"curies":[{"name":"wp","href":"https:\/\/api.w.org\/{rel}","templated":true}]}}