{"id":1476178,"date":"2025-11-12T10:09:39","date_gmt":"2025-11-12T10:09:39","guid":{"rendered":"https:\/\/talkpal.ai\/javanska-malfraediaefingar\/"},"modified":"2025-12-30T14:37:23","modified_gmt":"2025-12-30T14:37:23","slug":"javanska-malfraediaefingar","status":"publish","type":"page","link":"https:\/\/talkpal.ai\/is\/javanska-malfraediaefingar\/","title":{"rendered":"Javanska m\u00e1lfr\u00e6\u00f0i\u00e6fingar"},"content":{"rendered":"\r\n\r\n\r\n<section class=\"languageChallengeSection\">\r\n    <div class=\"languageInfoWrapper\">\r\n        \r\n        <h1>Javanska m\u00e1lfr\u00e6\u00f0i\u00e6fingar<\/h1>\r\n        <p>Tilb\u00fainn til a\u00f0 kafa ofan \u00ed javanska <a href=\"https:\/\/talkpal.ai\/grammar\/\">m\u00e1lfr\u00e6\u00f0i<\/a>? A\u00f0 \u00e6fa sig \u00ed nokkrum grunnatri\u00f0um mun hj\u00e1lpa \u00fe\u00e9r a\u00f0 tileinka \u00fe\u00e9r \u00feetta einstaka og fallega tungum\u00e1l. Pr\u00f3fa\u00f0u \u00feessar \u00e6fingar til a\u00f0 byggja upp sj\u00e1lfstrausti\u00f0 og skemmta \u00fe\u00e9r vel \u00ed lei\u00f0inni!<\/p>\r\n\r\n                            <a class=\"getStartedHidden\" href=\"https:\/\/app.talkpal.ai\/signup?lng=\">Byrja\u00f0u<\/a>\r\n        \r\n    <\/div>\r\n\r\n    <figure>\r\n    <img decoding=\"async\" width=\"768\" height=\"768\" src=\"https:\/\/talkpal.ai\/wp-content\/uploads\/2023\/06\/welsh-768x768.png\" class=\"languageImage no-lazy\" alt=\"Language learning for better cognitive abilities\" fetchpriority=\"high\" sizes=\"(max-width: 768px) 150px, 768px\" srcset=\"https:\/\/talkpal.ai\/wp-content\/uploads\/2023\/06\/welsh-768x768.png 768w, https:\/\/talkpal.ai\/wp-content\/uploads\/2023\/06\/welsh-300x300.png 300w\" \/>\r\n    \r\n\r\n    <\/figure>\r\n\r\n            <a class=\"getStartedVisible\" href=\"https:\/\/app.talkpal.ai\/signup?lng=\">Byrja\u00f0u<\/a>\r\n    \r\n<\/section><section class=\"promotionalBanner\">\r\n    <p class=\"promotionalText\">Skilvirkasta lei\u00f0in til a\u00f0 l\u00e6ra tungum\u00e1l<\/p>\r\n    <a class=\"promotionalLink\" href=\"https:\/\/app.talkpal.ai\/signup?lng=\">Pr\u00f3fa\u00f0u Talkpal \u00f3keypis<\/a>\r\n<\/section>\n<div class=\"wp-block-group pageContainerStyle\"><div class=\"wp-block-group__inner-container is-layout-constrained wp-block-group-is-layout-constrained\">\n<h2 class=\"wp-block-heading\" id=\"h-javanese-grammar-topics\">Javanska m\u00e1lfr\u00e6\u00f0iefni<\/h2>\n\n\n\n<p><a href=\"https:\/\/talkpal.ai\/is\/staerstu-mistokin-sem-tharf-ad-fordast-thegar-thu-laerir-nytt-tungumal\/\">A\u00f0 l\u00e6ra n\u00fdtt tungum\u00e1l <\/a>getur veri\u00f0 krefjandi en gefandi vi\u00f0leitni. Javanska, austr\u00f3nes\u00edskt tungum\u00e1l sem a\u00f0allega er tala\u00f0 \u00e1 eyjunni Java, er engin undantekning. Me\u00f0 einst\u00f6kum eiginleikum s\u00ednum eins og talstigi og festingu krefst <a href=\"https:\/\/talkpal.ai\/is\/talkpal-fyrir-menntun\/\">n\u00e1m<\/a> javansku kerfisbundinnar n\u00e1lgunar til a\u00f0 skilja m\u00e1lfr\u00e6\u00f0i \u00feess. \u00deessi handb\u00f3k l\u00fdsir lykilsvi\u00f0um <a href=\"https:\/\/talkpal.ai\/is\/javansk-malfraedi\/\">javanskrar m\u00e1lfr\u00e6\u00f0i<\/a> \u00ed r\u00f6kr\u00e9ttri r\u00f6\u00f0 fyrir <a href=\"https:\/\/talkpal.ai\/is\/ai-chatbot-fyrir-tungumalanam\/\">tungum\u00e1lan\u00e1m<\/a>, byrja\u00f0 \u00e1 grunnatri\u00f0um eins og nafnor\u00f0um og greinum, og fari\u00f0 yfir \u00e1 fl\u00f3knari sv\u00e6\u00f0i eins og t\u00ed\u00f0ir og setningager\u00f0.<\/p>\n\n\n\n<h3 class=\"wp-block-heading\" id=\"h-1-nouns\">1. Nafnor\u00f0:<\/h3>\n\n\n\n<p>Byrja\u00f0u javansku tungum\u00e1lafer\u00f0 \u00fe\u00edna me\u00f0 \u00fev\u00ed a\u00f0 l\u00e6ra nafnor\u00f0in. \u00deetta felur \u00ed s\u00e9r a\u00f0 skilja mismunandi flokka nafnor\u00f0a, svo sem algeng n\u00f6fn og s\u00e9rn\u00f6fn sem og hvernig fleirt\u00f6lu er tj\u00e1\u00f0 me\u00f0 endurtekningu e\u00f0a magnm\u00e6lum.<\/p>\n\n\n\n<h3 class=\"wp-block-heading\" id=\"h-2-articles\">2. Greinar:<\/h3>\n\n\n\n<p>Greinar \u00e1 javansku eru ekki nota\u00f0ar eins og \u00e1 <a href=\"https:\/\/talkpal.ai\/ai-english-speaking-practice\/\">ensku<\/a>. A\u00f0 skilja hvernig \u00e1 a\u00f0 merkja \u00e1kve\u00f0ni me\u00f0 \u00e1kve\u00f0nu vi\u00f0skeytinu -e e\u00f0a -ne og me\u00f0 s\u00fdnikennum eins og iki this og iku sem skiptir sk\u00f6pum \u00ed setningager\u00f0.<\/p>\n\n\n\n<h3 class=\"wp-block-heading\" id=\"h-3-adjectives\">3. L\u00fdsingaror\u00f0:<\/h3>\n\n\n\n<p>L\u00fdsingaror\u00f0 \u00e1 javansku fylgja venjulega nafnor\u00f0um s\u00ednum, sem er fr\u00e1brug\u00f0i\u00f0 ensku. \u00de\u00fa \u00fearft l\u00edka a\u00f0 l\u00e6ra hvernig \u00e1 a\u00f0 mynda samanbur\u00f0 vi\u00f0 luwih til samanbur\u00f0ar og f\u00f6lna fyrir ofur, og hvernig endurtekning e\u00f0a magnarar eins og banget mi\u00f0la gr\u00e1\u00f0u.<\/p>\n\n\n\n<h3 class=\"wp-block-heading\" id=\"h-4-pronouns-determiners\">4. Forn\u00f6fn\/\u00e1kv\u00f6r\u00f0unaror\u00f0:<\/h3>\n\n\n\n<p>Forn\u00f6fn og \u00e1kvar\u00f0anir eru nau\u00f0synleg \u00e1 javan\u00edsku; \u00deeir koma \u00ed sta\u00f0 nafnor\u00f0a og veita uppl\u00fdsingar um magn, eign og fleira. R\u00e9tt notkun \u00feeirra \u00e1 talstigum eins og ngoko, madya og krama er nau\u00f0synleg fyrir skilvirk samskipti.<\/p>\n\n\n\n<h3 class=\"wp-block-heading\" id=\"h-5-verbs\">5. Sagnir:<\/h3>\n\n\n\n<p>Javanskar sagnir beygja sig ekki fyrir pers\u00f3nu e\u00f0a t\u00f6lu, en \u00fe\u00e6r s\u00fdna r\u00f6dd og aflei\u00f0slu me\u00f0 vi\u00f0skeytum. Byrja\u00f0u \u00e1 virku og \u00f3virku mynstrunum eins og N- og di- og kanna\u00f0u sm\u00e1m saman \u00f6nnur form og sn\u00edp eins og tak- og ke-.<\/p>\n\n\n\n<h3 class=\"wp-block-heading\" id=\"h-6-tenses\">6. Spennur:<\/h3>\n\n\n\n<p>Eftir <a href=\"https:\/\/talkpal.ai\/culture\/what-is-the-verb-ad-hafa-and-when-is-it-used\/\">a\u00f0 hafa<\/a> n\u00e1\u00f0 t\u00f6kum \u00e1 sagnformunum skaltu kafa d\u00fdpra \u00ed hvernig javanska tj\u00e1ir t\u00edma me\u00f0 \u00fe\u00e6tti og a\u00f0fer\u00f0 frekar en t\u00ed\u00f0. \u00deetta felur \u00ed s\u00e9r a\u00f0 skilja merki eins og wis perfective, durung not yet, lagi progressive, og arep e\u00f0a bakal future, og hvernig \u00feau eru notu\u00f0 \u00ed mismunandi samhengi.<\/p>\n\n\n\n<h3 class=\"wp-block-heading\" id=\"h-7-tense-comparison\">7. Spenntur samanbur\u00f0ur:<\/h3>\n\n\n\n<p>Samanbur\u00f0ur \u00e1 \u00fe\u00e1tta- og t\u00edmatj\u00e1ningu \u00e1 javansku hj\u00e1lpar til vi\u00f0 a\u00f0 skilja atbur\u00f0arr\u00e1sina. A\u00f0 bera saman s\u00f6mu s\u00f6gn vi\u00f0 merki eins og wis, lagi og bakal \u00e1samt t\u00edmaatviksor\u00f0um eins og <a href=\"https:\/\/talkpal.ai\/locations\/language-courses-in-saiki\/\">saiki<\/a> n\u00fana, wingi \u00ed g\u00e6r og sesuk \u00e1 morgun mun veita betri skilning \u00e1 tungum\u00e1linu.<\/p>\n\n\n\n<h3 class=\"wp-block-heading\" id=\"h-8-progressive\">8. Frams\u00e6ki\u00f0:<\/h3>\n\n\n\n<p>Frams\u00f3knarma\u00f0urinn \u00e1 javansku er nota\u00f0ur til a\u00f0 tj\u00e1 \u00e1framhaldandi a\u00f0ger\u00f0ir. \u00dea\u00f0 er mynda\u00f0 me\u00f0 \u00fev\u00ed a\u00f0 nota \u00f6gnina lagi \u00e1 undan s\u00f6gninni, me\u00f0 formlegu jafngildi eins og nembe \u00ed h\u00e6rri skr\u00e1m.<\/p>\n\n\n\n<h3 class=\"wp-block-heading\" id=\"h-9-perfect-progressive\">9. Fullkominn frams\u00e6kinn:<\/h3>\n\n\n\n<p>\u00deessi merking er notu\u00f0 til a\u00f0 tj\u00e1 a\u00f0ger\u00f0ir sem hafa veri\u00f0 \u00ed gangi fram a\u00f0 \u00e1kve\u00f0num t\u00edmapunkti. \u00c1 javan\u00edsku er \u00fea\u00f0 venjulega flutt me\u00f0 wis pl\u00fas lengdarsetningu eins og suwe long time \u00e1 eftir s\u00f6gninni, e\u00f0a me\u00f0 sm\u00ed\u00f0um sem nota saka since og nganti until.<\/p>\n\n\n\n<h3 class=\"wp-block-heading\" id=\"h-10-conditionals\">10. Skilyr\u00f0i:<\/h3>\n\n\n\n<p>Skilyrt l\u00fdsir \u00edmyndu\u00f0um a\u00f0st\u00e6\u00f0um og hugsanlegum ni\u00f0urst\u00f6\u00f0um \u00feeirra. \u00deau eru mikilv\u00e6gur hluti af javanskri m\u00e1lfr\u00e6\u00f0i og eru myndu\u00f0 me\u00f0 tengjum eins og yen e\u00f0a nek if og nota oft \u00fe\u00e6tti eins og mesthi til a\u00f0 s\u00fdna v\u00e6ntanlegar ni\u00f0urst\u00f6\u00f0ur, me\u00f0 gagnsta\u00f0reyndum sem settar eru fram me\u00f0 umpama e\u00f0a seandine.<\/p>\n\n\n\n<h3 class=\"wp-block-heading\" id=\"h-11-adverbs\">11. Atviksor\u00f0:<\/h3>\n\n\n\n<p>Atviksor\u00f0 \u00e1 javansku breyta s\u00f6gnum, l\u00fdsingaror\u00f0um e\u00f0a \u00f6\u00f0rum atviksor\u00f0um. \u00deeir veita uppl\u00fdsingar um h\u00e1tt, sta\u00f0, t\u00edma, gr\u00e1\u00f0u og fleira, oft nota or\u00f0 eins og kanthi fyrir h\u00e1tt, saiki \u00ed bili, kene fyrir h\u00e9r og banget e\u00f0a sanget fyrir gr\u00e1\u00f0u.<\/p>\n\n\n\n<h3 class=\"wp-block-heading\" id=\"h-12-prepositions\">12. Forsetningar:<\/h3>\n\n\n\n<p>Forsetningar tengja or\u00f0 og or\u00f0asamb\u00f6nd saman. \u00deeir tj\u00e1 tengsl t\u00edma, sta\u00f0ar, stefnu og fleira, me\u00f0 algengum hlutum, \u00fear \u00e1 me\u00f0al ing e\u00f0a ning \u00e1 e\u00f0a \u00ed, saka fr\u00e1, marang e\u00f0a menyang til, karo me\u00f0 og kanggo fyrir.<\/p>\n\n\n\n<h3 class=\"wp-block-heading\" id=\"h-13-sentences\">13. Setningar:<\/h3>\n\n\n\n<p>A\u00f0 lokum, \u00e6f\u00f0u \u00feig \u00ed a\u00f0 sm\u00ed\u00f0a setningar. \u00deetta mun fela \u00ed s\u00e9r a\u00f0 nota \u00f6ll \u00e1\u00f0ur l\u00e6r\u00f0 m\u00e1lfr\u00e6\u00f0iatri\u00f0i \u00ed samhengi, \u00fear \u00e1 me\u00f0al grunn SVO-r\u00f6\u00f0, neitun me\u00f0 ora og dudu og spurningaform me\u00f0 apa, og tryggja \u00feannig alhli\u00f0a skilning \u00e1 javansku.<\/p>\n<\/div><\/div>\n\r\n<section class=\"learnNavigationSection\">\r\n            \r\n        <a href=\"https:\/\/talkpal.ai\/is\/laerdu-javansku\/\">\r\n            <div class=\"learnNavigationWrapper\">\r\n                <div class=\"learnNavigationContent\">\r\n                    <img decoding=\"async\" src=\"https:\/\/talkpal.ai\/wp-content\/uploads\/2025\/11\/Javanese.png\" alt=\"Indonesian Flag\">\r\n                    <div>\r\n                        <h4>Um javanskt n\u00e1m<\/h4>\r\n                        <p>Kynntu \u00fe\u00e9r allt um javanska m\u00e1lfr\u00e6\u00f0i.<\/p>\r\n                    <\/div>\r\n                <\/div>\r\n            <\/div>\r\n        <\/a>\r\n\r\n        \r\n        <a href=\"https:\/\/talkpal.ai\/is\/javansk-malfraedi\/\">\r\n            <div class=\"learnNavigationWrapper\">\r\n                <div class=\"learnNavigationContent\">\r\n                    <img decoding=\"async\" src=\"https:\/\/talkpal.ai\/wp-content\/uploads\/2025\/11\/Javanese.png\" alt=\"Indonesian Flag\">\r\n                    <div>\r\n                        <h4>Javanska m\u00e1lfr\u00e6\u00f0ikennsla<\/h4>\r\n                        <p>\u00c6f\u00f0u javanska m\u00e1lfr\u00e6\u00f0i.<\/p>\r\n                    <\/div>\r\n                <\/div>\r\n            <\/div>\r\n        <\/a>\r\n\r\n            <\/section>","protected":false},"excerpt":{"rendered":"<p>Javanska m\u00e1lfr\u00e6\u00f0iefni A\u00f0 l\u00e6ra n\u00fdtt tungum\u00e1l getur veri\u00f0 krefjandi en gefandi vi\u00f0leitni. Javanska, austr\u00f3nes\u00edskt tungum\u00e1l sem a\u00f0allega er tala\u00f0 \u00e1 eyjunni Java, er engin undantekning. Me\u00f0 einst\u00f6kum eiginleikum s\u00ednum eins og talstigi og festingu krefst n\u00e1m javansku kerfisbundinnar n\u00e1lgunar til a\u00f0 skilja m\u00e1lfr\u00e6\u00f0i \u00feess. \u00deessi handb\u00f3k l\u00fdsir lykilsvi\u00f0um javanskrar m\u00e1lfr\u00e6\u00f0i \u00ed r\u00f6kr\u00e9ttri r\u00f6\u00f0 fyrir tungum\u00e1lan\u00e1m, [&hellip;]<\/p>\n","protected":false},"author":20,"featured_media":0,"parent":0,"menu_order":0,"comment_status":"closed","ping_status":"closed","template":"LearningContentPage.php","meta":{"_acf_changed":false,"footnotes":""},"class_list":["post-1476178","page","type-page","status-publish","hentry"],"acf":[],"yoast_head":"<!-- This site is optimized with the Yoast SEO Premium plugin v27.2 (Yoast SEO v27.2) - https:\/\/yoast.com\/product\/yoast-seo-premium-wordpress\/ -->\n<title>Javanska m\u00e1lfr\u00e6\u00f0i\u00e6fingar - Talkpal<\/title>\n<meta name=\"description\" content=\"N\u00e1\u00f0u t\u00f6kum \u00e1 jav\u00f6nsku m\u00e1lfr\u00e6\u00f0i me\u00f0 gagnvirkum \u00e6fingum sem eru hanna\u00f0ar til a\u00f0 hj\u00e1lpa \u00fe\u00e9r a\u00f0 \u00e6fa nafnor\u00f0, sagnir og setningarbyggingar.\" \/>\n<meta name=\"robots\" content=\"index, follow, max-snippet:-1, max-image-preview:large, max-video-preview:-1\" \/>\n<link rel=\"canonical\" href=\"https:\/\/talkpal.ai\/is\/javanska-malfraediaefingar\/\" \/>\n<meta property=\"og:locale\" content=\"is_IS\" \/>\n<meta property=\"og:type\" content=\"article\" \/>\n<meta property=\"og:title\" content=\"Javanska m\u00e1lfr\u00e6\u00f0i\u00e6fingar\" \/>\n<meta property=\"og:description\" content=\"Javanska m\u00e1lfr\u00e6\u00f0iefni A\u00f0 l\u00e6ra n\u00fdtt tungum\u00e1l getur veri\u00f0 krefjandi en gefandi vi\u00f0leitni. Javanska, austr\u00f3nes\u00edskt tungum\u00e1l sem a\u00f0allega er tala\u00f0 \u00e1 eyjunni\" \/>\n<meta property=\"og:url\" content=\"https:\/\/talkpal.ai\/is\/javanska-malfraediaefingar\/\" \/>\n<meta property=\"og:site_name\" content=\"Talkpal\" \/>\n<meta property=\"article:publisher\" content=\"https:\/\/www.facebook.com\/profile.php?id=100090733639311\" \/>\n<meta property=\"article:modified_time\" content=\"2025-12-30T14:37:23+00:00\" \/>\n<meta property=\"og:image\" content=\"https:\/\/talkpal.ai\/wp-content\/uploads\/2025\/02\/Progress-tab-16_9.png\" \/>\n\t<meta property=\"og:image:width\" content=\"2880\" \/>\n\t<meta property=\"og:image:height\" content=\"1620\" \/>\n\t<meta property=\"og:image:type\" content=\"image\/png\" \/>\n<meta name=\"twitter:card\" content=\"summary_large_image\" \/>\n<meta name=\"twitter:site\" content=\"@talkpalai\" \/>\n<meta name=\"twitter:label1\" content=\"Est. reading time\" \/>\n\t<meta name=\"twitter:data1\" content=\"4 minutes\" \/>\n<script type=\"application\/ld+json\" class=\"yoast-schema-graph\">{\"@context\":\"https:\/\/schema.org\",\"@graph\":[{\"@type\":\"WebPage\",\"@id\":\"https:\/\/talkpal.ai\/is\/javanska-malfraediaefingar\/\",\"url\":\"https:\/\/talkpal.ai\/is\/javanska-malfraediaefingar\/\",\"name\":\"Javanska m\u00e1lfr\u00e6\u00f0i\u00e6fingar - Talkpal\",\"isPartOf\":{\"@id\":\"https:\/\/talkpal.ai\/is\/#website\"},\"datePublished\":\"2025-11-12T10:09:39+00:00\",\"dateModified\":\"2025-12-30T14:37:23+00:00\",\"description\":\"N\u00e1\u00f0u t\u00f6kum \u00e1 jav\u00f6nsku m\u00e1lfr\u00e6\u00f0i me\u00f0 gagnvirkum \u00e6fingum sem eru hanna\u00f0ar til a\u00f0 hj\u00e1lpa \u00fe\u00e9r a\u00f0 \u00e6fa nafnor\u00f0, sagnir og setningarbyggingar.\",\"breadcrumb\":{\"@id\":\"https:\/\/talkpal.ai\/is\/javanska-malfraediaefingar\/#breadcrumb\"},\"inLanguage\":\"is\",\"potentialAction\":[{\"@type\":\"ReadAction\",\"target\":[\"https:\/\/talkpal.ai\/is\/javanska-malfraediaefingar\/\"]}]},{\"@type\":\"BreadcrumbList\",\"@id\":\"https:\/\/talkpal.ai\/is\/javanska-malfraediaefingar\/#breadcrumb\",\"itemListElement\":[{\"@type\":\"ListItem\",\"position\":1,\"name\":\"Homepage\",\"item\":\"https:\/\/talkpal.ai\/is\/\"},{\"@type\":\"ListItem\",\"position\":2,\"name\":\"Javanska m\u00e1lfr\u00e6\u00f0i\u00e6fingar\"}]},{\"@type\":\"WebSite\",\"@id\":\"https:\/\/talkpal.ai\/is\/#website\",\"url\":\"https:\/\/talkpal.ai\/is\/\",\"name\":\"Talkpal\",\"description\":\"AI Language Learning\",\"publisher\":{\"@id\":\"https:\/\/talkpal.ai\/is\/#organization\"},\"alternateName\":\"Talkpal AI\",\"potentialAction\":[{\"@type\":\"SearchAction\",\"target\":{\"@type\":\"EntryPoint\",\"urlTemplate\":\"https:\/\/talkpal.ai\/is\/?s={search_term_string}\"},\"query-input\":{\"@type\":\"PropertyValueSpecification\",\"valueRequired\":true,\"valueName\":\"search_term_string\"}}],\"inLanguage\":\"is\"},{\"@type\":\"Organization\",\"@id\":\"https:\/\/talkpal.ai\/is\/#organization\",\"name\":\"Talkpal, Inc.\",\"alternateName\":\"Talkpal AI\",\"url\":\"https:\/\/talkpal.ai\/is\/\",\"logo\":{\"@type\":\"ImageObject\",\"inLanguage\":\"is\",\"@id\":\"https:\/\/talkpal.ai\/is\/#\/schema\/logo\/image\/\",\"url\":\"https:\/\/talkpal.ai\/wp-content\/uploads\/2024\/03\/Talkpal-Logo-Icon.png\",\"contentUrl\":\"https:\/\/talkpal.ai\/wp-content\/uploads\/2024\/03\/Talkpal-Logo-Icon.png\",\"width\":2880,\"height\":2880,\"caption\":\"Talkpal, Inc.\"},\"image\":{\"@id\":\"https:\/\/talkpal.ai\/is\/#\/schema\/logo\/image\/\"},\"sameAs\":[\"https:\/\/www.facebook.com\/profile.php?id=100090733639311\",\"https:\/\/x.com\/talkpalai\",\"https:\/\/www.linkedin.com\/company\/talkpal\/\",\"https:\/\/www.youtube.com\/@TalkPal\/\",\"https:\/\/www.tiktok.com\/@talkpal\",\"https:\/\/www.instagram.com\/talkpal_ai\/\",\"https:\/\/www.crunchbase.com\/organization\/talkpal-9cde\",\"https:\/\/www.g2.com\/products\/talkpal-for-business\/\",\"https:\/\/www.trustpilot.com\/review\/talkpal.ai\",\"https:\/\/www.capterra.com\/p\/10006800\/TalkPal\/\"],\"description\":\"Talkpal is a language learning web and mobile education app, powered by the latest AI technologies, that provides engaging experiences to its customers in many different languages to help them improve their language skills. Users can chat about unlimited amount of topics with the app and use other modes to practice their language learning.\",\"email\":\"support@talkpal.ai\",\"legalName\":\"Talkpal, Inc.\",\"foundingDate\":\"2023-04-03\",\"duns\":\"118989042\",\"numberOfEmployees\":{\"@type\":\"QuantitativeValue\",\"minValue\":\"11\",\"maxValue\":\"50\"},\"publishingPrinciples\":\"https:\/\/talkpal.ai\/publishing-principles\/\",\"actionableFeedbackPolicy\":\"https:\/\/talkpal.ai\/actionable-feedback-policy\/\",\"correctionsPolicy\":\"https:\/\/talkpal.ai\/corrections-policy\/\",\"ethicsPolicy\":\"https:\/\/talkpal.ai\/ethics-policy\/\",\"diversityPolicy\":\"https:\/\/talkpal.ai\/diversity-policy\/\",\"diversityStaffingReport\":\"https:\/\/talkpal.ai\/diversity-policy\/\"}]}<\/script>\n<!-- \/ Yoast SEO Premium plugin. -->","yoast_head_json":{"title":"Javanska m\u00e1lfr\u00e6\u00f0i\u00e6fingar - Talkpal","description":"N\u00e1\u00f0u t\u00f6kum \u00e1 jav\u00f6nsku m\u00e1lfr\u00e6\u00f0i me\u00f0 gagnvirkum \u00e6fingum sem eru hanna\u00f0ar til a\u00f0 hj\u00e1lpa \u00fe\u00e9r a\u00f0 \u00e6fa nafnor\u00f0, sagnir og setningarbyggingar.","robots":{"index":"index","follow":"follow","max-snippet":"max-snippet:-1","max-image-preview":"max-image-preview:large","max-video-preview":"max-video-preview:-1"},"canonical":"https:\/\/talkpal.ai\/is\/javanska-malfraediaefingar\/","og_locale":"is_IS","og_type":"article","og_title":"Javanska m\u00e1lfr\u00e6\u00f0i\u00e6fingar","og_description":"Javanska m\u00e1lfr\u00e6\u00f0iefni A\u00f0 l\u00e6ra n\u00fdtt tungum\u00e1l getur veri\u00f0 krefjandi en gefandi vi\u00f0leitni. Javanska, austr\u00f3nes\u00edskt tungum\u00e1l sem a\u00f0allega er tala\u00f0 \u00e1 eyjunni","og_url":"https:\/\/talkpal.ai\/is\/javanska-malfraediaefingar\/","og_site_name":"Talkpal","article_publisher":"https:\/\/www.facebook.com\/profile.php?id=100090733639311","article_modified_time":"2025-12-30T14:37:23+00:00","og_image":[{"width":2880,"height":1620,"url":"https:\/\/talkpal.ai\/wp-content\/uploads\/2025\/02\/Progress-tab-16_9.png","type":"image\/png"}],"twitter_card":"summary_large_image","twitter_site":"@talkpalai","twitter_misc":{"Est. reading time":"4 minutes"},"schema":{"@context":"https:\/\/schema.org","@graph":[{"@type":"WebPage","@id":"https:\/\/talkpal.ai\/is\/javanska-malfraediaefingar\/","url":"https:\/\/talkpal.ai\/is\/javanska-malfraediaefingar\/","name":"Javanska m\u00e1lfr\u00e6\u00f0i\u00e6fingar - Talkpal","isPartOf":{"@id":"https:\/\/talkpal.ai\/is\/#website"},"datePublished":"2025-11-12T10:09:39+00:00","dateModified":"2025-12-30T14:37:23+00:00","description":"N\u00e1\u00f0u t\u00f6kum \u00e1 jav\u00f6nsku m\u00e1lfr\u00e6\u00f0i me\u00f0 gagnvirkum \u00e6fingum sem eru hanna\u00f0ar til a\u00f0 hj\u00e1lpa \u00fe\u00e9r a\u00f0 \u00e6fa nafnor\u00f0, sagnir og setningarbyggingar.","breadcrumb":{"@id":"https:\/\/talkpal.ai\/is\/javanska-malfraediaefingar\/#breadcrumb"},"inLanguage":"is","potentialAction":[{"@type":"ReadAction","target":["https:\/\/talkpal.ai\/is\/javanska-malfraediaefingar\/"]}]},{"@type":"BreadcrumbList","@id":"https:\/\/talkpal.ai\/is\/javanska-malfraediaefingar\/#breadcrumb","itemListElement":[{"@type":"ListItem","position":1,"name":"Homepage","item":"https:\/\/talkpal.ai\/is\/"},{"@type":"ListItem","position":2,"name":"Javanska m\u00e1lfr\u00e6\u00f0i\u00e6fingar"}]},{"@type":"WebSite","@id":"https:\/\/talkpal.ai\/is\/#website","url":"https:\/\/talkpal.ai\/is\/","name":"Talkpal","description":"AI Language Learning","publisher":{"@id":"https:\/\/talkpal.ai\/is\/#organization"},"alternateName":"Talkpal AI","potentialAction":[{"@type":"SearchAction","target":{"@type":"EntryPoint","urlTemplate":"https:\/\/talkpal.ai\/is\/?s={search_term_string}"},"query-input":{"@type":"PropertyValueSpecification","valueRequired":true,"valueName":"search_term_string"}}],"inLanguage":"is"},{"@type":"Organization","@id":"https:\/\/talkpal.ai\/is\/#organization","name":"Talkpal, Inc.","alternateName":"Talkpal AI","url":"https:\/\/talkpal.ai\/is\/","logo":{"@type":"ImageObject","inLanguage":"is","@id":"https:\/\/talkpal.ai\/is\/#\/schema\/logo\/image\/","url":"https:\/\/talkpal.ai\/wp-content\/uploads\/2024\/03\/Talkpal-Logo-Icon.png","contentUrl":"https:\/\/talkpal.ai\/wp-content\/uploads\/2024\/03\/Talkpal-Logo-Icon.png","width":2880,"height":2880,"caption":"Talkpal, Inc."},"image":{"@id":"https:\/\/talkpal.ai\/is\/#\/schema\/logo\/image\/"},"sameAs":["https:\/\/www.facebook.com\/profile.php?id=100090733639311","https:\/\/x.com\/talkpalai","https:\/\/www.linkedin.com\/company\/talkpal\/","https:\/\/www.youtube.com\/@TalkPal\/","https:\/\/www.tiktok.com\/@talkpal","https:\/\/www.instagram.com\/talkpal_ai\/","https:\/\/www.crunchbase.com\/organization\/talkpal-9cde","https:\/\/www.g2.com\/products\/talkpal-for-business\/","https:\/\/www.trustpilot.com\/review\/talkpal.ai","https:\/\/www.capterra.com\/p\/10006800\/TalkPal\/"],"description":"Talkpal is a language learning web and mobile education app, powered by the latest AI technologies, that provides engaging experiences to its customers in many different languages to help them improve their language skills. Users can chat about unlimited amount of topics with the app and use other modes to practice their language learning.","email":"support@talkpal.ai","legalName":"Talkpal, Inc.","foundingDate":"2023-04-03","duns":"118989042","numberOfEmployees":{"@type":"QuantitativeValue","minValue":"11","maxValue":"50"},"publishingPrinciples":"https:\/\/talkpal.ai\/publishing-principles\/","actionableFeedbackPolicy":"https:\/\/talkpal.ai\/actionable-feedback-policy\/","correctionsPolicy":"https:\/\/talkpal.ai\/corrections-policy\/","ethicsPolicy":"https:\/\/talkpal.ai\/ethics-policy\/","diversityPolicy":"https:\/\/talkpal.ai\/diversity-policy\/","diversityStaffingReport":"https:\/\/talkpal.ai\/diversity-policy\/"}]}},"_links":{"self":[{"href":"https:\/\/talkpal.ai\/is\/wp-json\/wp\/v2\/pages\/1476178","targetHints":{"allow":["GET"]}}],"collection":[{"href":"https:\/\/talkpal.ai\/is\/wp-json\/wp\/v2\/pages"}],"about":[{"href":"https:\/\/talkpal.ai\/is\/wp-json\/wp\/v2\/types\/page"}],"author":[{"embeddable":true,"href":"https:\/\/talkpal.ai\/is\/wp-json\/wp\/v2\/users\/20"}],"replies":[{"embeddable":true,"href":"https:\/\/talkpal.ai\/is\/wp-json\/wp\/v2\/comments?post=1476178"}],"version-history":[{"count":0,"href":"https:\/\/talkpal.ai\/is\/wp-json\/wp\/v2\/pages\/1476178\/revisions"}],"wp:attachment":[{"href":"https:\/\/talkpal.ai\/is\/wp-json\/wp\/v2\/media?parent=1476178"}],"curies":[{"name":"wp","href":"https:\/\/api.w.org\/{rel}","templated":true}]}}