{"id":1476131,"date":"2025-11-12T09:38:09","date_gmt":"2025-11-12T09:38:09","guid":{"rendered":"https:\/\/talkpal.ai\/gujarati-malfraedi\/"},"modified":"2025-12-30T15:11:31","modified_gmt":"2025-12-30T15:11:31","slug":"gujarati-malfraedi","status":"publish","type":"page","link":"https:\/\/talkpal.ai\/is\/gujarati-malfraedi\/","title":{"rendered":"Gujarati m\u00e1lfr\u00e6\u00f0i"},"content":{"rendered":"\r\n\r\n\r\n<section class=\"languageChallengeSection\">\r\n    <div class=\"languageInfoWrapper\">\r\n        \r\n        <h1>Gujarati m\u00e1lfr\u00e6\u00f0i<\/h1>\r\n        <p><a href=\"https:\/\/talkpal.ai\/learn-gujarati\/\">Gujarati<\/a> <a href=\"https:\/\/talkpal.ai\/grammar\/\">m\u00e1lfr\u00e6\u00f0i<\/a> kann a\u00f0 vir\u00f0ast krefjandi \u00ed fyrstu, en einstakir eiginleikar hennar gera tungum\u00e1lan\u00e1m a\u00f0 gefandi upplifun. Me\u00f0 \u00fev\u00ed a\u00f0 sko\u00f0a stafr\u00f3fi\u00f0, st\u00f6kkbreytingar og m\u00e1lfr\u00e6\u00f0ireglur f\u00e6r\u00f0u inns\u00fdn \u00ed r\u00edka m\u00e1lhef\u00f0. Byrja\u00f0u fer\u00f0 \u00fe\u00edna og uppg\u00f6tva\u00f0u fegur\u00f0 Gujarati!<\/p>\r\n\r\n                            <a class=\"getStartedHidden\" href=\"https:\/\/app.talkpal.ai\/signup?lng=\">Byrja\u00f0u<\/a>\r\n        \r\n    <\/div>\r\n\r\n    <figure>\r\n    <img decoding=\"async\" width=\"768\" height=\"768\" src=\"https:\/\/talkpal.ai\/wp-content\/uploads\/2023\/06\/welsh-768x768.png\" class=\"languageImage no-lazy\" alt=\"Language learning for better cognitive abilities\" fetchpriority=\"high\" sizes=\"(max-width: 768px) 150px, 768px\" srcset=\"https:\/\/talkpal.ai\/wp-content\/uploads\/2023\/06\/welsh-768x768.png 768w, https:\/\/talkpal.ai\/wp-content\/uploads\/2023\/06\/welsh-300x300.png 300w\" \/>\r\n    \r\n\r\n    <\/figure>\r\n\r\n            <a class=\"getStartedVisible\" href=\"https:\/\/app.talkpal.ai\/signup?lng=\">Byrja\u00f0u<\/a>\r\n    \r\n<\/section><section class=\"promotionalBanner\">\r\n    <p class=\"promotionalText\">Skilvirkasta lei\u00f0in til a\u00f0 l\u00e6ra tungum\u00e1l<\/p>\r\n    <a class=\"promotionalLink\" href=\"https:\/\/app.talkpal.ai\/signup?lng=\">Pr\u00f3fa\u00f0u Talkpal \u00f3keypis<\/a>\r\n<\/section>\n<div class=\"wp-block-group pageContainerStyle\"><div class=\"wp-block-group__inner-container is-layout-constrained wp-block-group-is-layout-constrained\">\n<h2 class=\"wp-block-heading\" id=\"h-navigating-the-intricacies-of-gujarati-grammar\">A\u00f0 sigla um ranghala Gujarati m\u00e1lfr\u00e6\u00f0i<\/h2>\n\n\n\n<p><a href=\"https:\/\/talkpal.ai\/is\/laerdu-gujarati\/\">Gujarati<\/a>, ind\u00f3ar\u00edskt tungum\u00e1l me\u00f0 r\u00edka s\u00f6gu og menningarlega \u00fe\u00fd\u00f0ingu, b\u00fd\u00f0ur upp \u00e1 spennandi tungum\u00e1laupplifun fyrir \u00fe\u00e1 sem eru f\u00fasir til a\u00f0 kanna einstakt m\u00e1lfr\u00e6\u00f0ikerfi \u00feess. \u00deegar \u00fe\u00fa fer\u00f0 inn \u00ed r\u00edki Gujarati muntu ekki a\u00f0eins au\u00f0ga tungum\u00e1laskr\u00e1 \u00fe\u00edna heldur einnig tileinka \u00fe\u00e9r heillandi menningarfer\u00f0. \u00de\u00f3 a\u00f0 Gujarati m\u00e1lfr\u00e6\u00f0i kunni a\u00f0 vir\u00f0ast fl\u00f3kin \u00ed fyrstu, \u00fe\u00e1 gerir \u00fea\u00f0 a\u00f0gengilegra a\u00f0 l\u00e6ra tungum\u00e1li\u00f0 me\u00f0 \u00fev\u00ed a\u00f0 brj\u00f3ta hana ni\u00f0ur \u00ed kjarna\u00fe\u00e6tti. \u00cd \u00feessari grein munum vi\u00f0 kanna gr\u00edpandi heim Gujarati m\u00e1lfr\u00e6\u00f0i og gefa r\u00e1\u00f0 um hvernig \u00e1 a\u00f0 n\u00e1 t\u00f6kum \u00e1 margbreytileika hennar.<\/p>\n\n\n\n<h3 class=\"wp-block-heading\" id=\"h-1-gujarati-alphabet-and-phonetics\">1. Gujarati stafr\u00f3fi\u00f0 og hlj\u00f3\u00f0fr\u00e6\u00f0i<\/h3>\n\n\n\n<p>Gujarati letri\u00f0 er abugida sem notar mengi samhlj\u00f3\u00f0a og s\u00e9rhlj\u00f3\u00f0a me\u00f0 diacritic merkjum sem kallast matras, og \u00fea\u00f0 hefur e\u00f0lisl\u00e6gt s\u00e9rhlj\u00f3\u00f0 sem er breytt e\u00f0a b\u00e6lt \u00ed samhengi. Til a\u00f0 l\u00e6ra Gujarati m\u00e1lfr\u00e6\u00f0i er mikilv\u00e6gt a\u00f0 kynnast \u00feessu s\u00e9rstaka ritkerfi me\u00f0 \u00fev\u00ed a\u00f0 \u00e6fa lestur og ritun \u00e1 Gujarati.<\/p>\n\n\n\n<h3 class=\"wp-block-heading\" id=\"h-2-postpositions-and-case-markers-a-peculiar-gujarati-feature\">2. P\u00f3stst\u00f6\u00f0ur og tilfellamerki: S\u00e9rkennilegur Gujarati eiginleiki<\/h3>\n\n\n\n<p>Einn af mest sl\u00e1andi \u00fe\u00e1ttum Gujarati m\u00e1lfr\u00e6\u00f0i er notkun p\u00f3ststa\u00f0a og fallmerkja sem fylgja nafnor\u00f0um til a\u00f0 gefa til kynna m\u00e1lfr\u00e6\u00f0ileg tengsl. Algeng merki eru dativ -ne, eignarfall -no\/-ni\/-nu sem er \u00ed samr\u00e6mi vi\u00f0 eignarnafnor\u00f0i\u00f0, instrumental -thi, sta\u00f0setningaror\u00f0i\u00f0 -ma og ergativ -e \u00ed m\u00f6rgum li\u00f0num t\u00edmasetningum. A\u00f0 skilja hven\u00e6r og hvernig \u00feessi merki eiga s\u00e9r sta\u00f0 er mikilv\u00e6gt fyrir n\u00e1kv\u00e6m samskipti \u00e1 Gujarati.<\/p>\n\n\n\n<h3 class=\"wp-block-heading\" id=\"h-3-nouns-and-pronouns-gender-and-cases\">3. Nafnor\u00f0 og forn\u00f6fn: Kyn og m\u00e1l<\/h3>\n\n\n\n<p>Gujarati nafnor\u00f0 hafa m\u00e1lfr\u00e6\u00f0ilegt kyn (karlkyn, kvenkyn e\u00f0a n\u00fdyr\u00f0i) og fylgja mismunandi fleirt\u00f6lumyndun og samkomulagsmynstri byggt \u00e1 kyni \u00feeirra og fj\u00f6lda. Forn\u00f6fn \u00ed Gujarati innihalda pers\u00f3nuleg, eignarforn\u00f6fn, vi\u00f0brag\u00f0sforn\u00f6fn, s\u00f6nnunarforn\u00f6fn og spyrjandiforn\u00f6fn. A\u00f0 kynnast \u00feessum forn\u00f6fnum og formum \u00feeirra mun auka verulega t\u00f6k \u00fe\u00edn \u00e1 Gujarati m\u00e1lfr\u00e6\u00f0i.<\/p>\n\n\n\n<h3 class=\"wp-block-heading\" id=\"h-4-verbs-structure-and-conjugation\">4. Sagnir: Uppbygging og samtenging<\/h3>\n\n\n\n<p>Gujarati sagnir fylgja s\u00e9rstakri uppbyggingu og samtengingarmynstri eftir t\u00ed\u00f0, \u00fe\u00e6tti, skapi og pers\u00f3nu, me\u00f0 samkomulagi sem getur veri\u00f0 mismunandi eftir kyni og fj\u00f6lda \u00ed sumum samhengi. Grundvallart\u00ed\u00f0ir \u00ed Gujarati eru n\u00fat\u00ed\u00f0, fort\u00ed\u00f0 og framt\u00ed\u00f0, me\u00f0 vi\u00f0b\u00f3tar\u00fe\u00e1ttum eins og vanabundnum, frams\u00e6knum, fullkomnum \u00fe\u00e1ttum og skilyrtum og br\u00fdnni stemningu. A\u00f0 l\u00e6ra reglur um samtengingu sagna mun b\u00e6ta getu \u00fe\u00edna til a\u00f0 eiga skilvirk samskipti \u00e1 Gujarati.<\/p>\n\n\n\n<h3 class=\"wp-block-heading\" id=\"h-5-adjectives-agreement-and-placement\">5. L\u00fdsingaror\u00f0: Samkomulag og sta\u00f0setning<\/h3>\n\n\n\n<p>\u00cd Gujarati m\u00e1lfr\u00e6\u00f0i eru l\u00fdsingaror\u00f0 venjulega \u00e1 undan nafnor\u00f0inu sem \u00feau breyta og fallandi l\u00fdsingaror\u00f0 eru samhlj\u00f3\u00f0a \u00ed kyni og t\u00f6lu nafnor\u00f0inu. M\u00f6rg l\u00fdsingaror\u00f0 eru \u00f3beygjanleg og samanbur\u00f0ar- og yfirbur\u00f0amerkingar eru venjulega mynda\u00f0ar me\u00f0 atviksor\u00f0unum vadhaare (meira) og savthi (flestum), sem eru nau\u00f0synleg til a\u00f0 l\u00e6ra a\u00f0 eiga e\u00f0lilegri samskipti.<\/p>\n\n\n\n<p><strong>D\u00e6mi:<\/strong><\/p>\n\n\n\n<p><strong>\u2013 \u0aae\u0acb\u0a9f\u0acb \u0aaa\u0acd\u0ab0\u0ac7\u0aae (st\u00f3r \u00e1st)<\/strong><\/p>\n\n\n\n<p><strong>\u2013 \u0aa8\u0abe\u0aa8\u0abe \u0aac\u0abe\u0ab3\u0a95\u0acb (l\u00edtil b\u00f6rn)<\/strong><\/p>\n\n\n\n<h3 class=\"wp-block-heading\" id=\"h-6-engaging-with-the-language\">6. A\u00f0 taka \u00fe\u00e1tt \u00ed tungum\u00e1linu<\/h3>\n\n\n\n<p>\u00c1hrifar\u00edkasta lei\u00f0in til a\u00f0 skilja og innbyr\u00f0a Gujarati m\u00e1lfr\u00e6\u00f0i a\u00f0 fullu er a\u00f0 taka st\u00f6\u00f0ugt \u00fe\u00e1tt \u00ed tungum\u00e1linu. Me\u00f0 \u00fev\u00ed a\u00f0 lesa Gujarati b\u00f3kmenntir, horfa \u00e1 Gujarati kvikmyndir e\u00f0a sj\u00f3nvarps\u00fe\u00e6tti og eiga virk samskipti vi\u00f0 m\u00f3\u00f0urm\u00e1l muntu styrkja skilning \u00feinn \u00e1 m\u00e1lfr\u00e6\u00f0i \u00e1 me\u00f0an \u00fe\u00fa st\u00e6kkar or\u00f0afor\u00f0a \u00feinn.<\/p>\n\n\n\n<h3 class=\"wp-block-heading\" id=\"h-conclusion\">Ni\u00f0ursta\u00f0a<\/h3>\n\n\n\n<p>\u00de\u00f3 a\u00f0 Gujarati m\u00e1lfr\u00e6\u00f0i kunni a\u00f0 vir\u00f0ast fl\u00f3kin getur\u00f0u or\u00f0i\u00f0 f\u00e6r \u00ed \u00feessu fallega tungum\u00e1li me\u00f0 hollustu, \u00e6fingu og eldm\u00f3\u00f0i. Me\u00f0 \u00fev\u00ed a\u00f0 einbeita \u00fe\u00e9r a\u00f0 grundvallarreglunum og taka \u00fe\u00e1tt \u00ed tungum\u00e1linu \u00ed mismunandi samhengi muntu flj\u00f3tt auka Gujarati <a href=\"https:\/\/talkpal.ai\/is\/malfraedi\/\">m\u00e1lfr\u00e6\u00f0ikunn\u00e1ttu<\/a> \u00fe\u00edna. Shubhkamnao (g\u00f3\u00f0ar \u00f3skir) me\u00f0 Gujarati tungum\u00e1lafer\u00f0 \u00feinni og nj\u00f3ttu \u00feess a\u00f0 afhj\u00fapa dularfullan en gr\u00edpandi heim Gujarati m\u00e1lfr\u00e6\u00f0i!<\/p>\n<\/div><\/div>\n\r\n<section class=\"learnNavigationSection\">\r\n            \r\n        <a href=\"https:\/\/talkpal.ai\/is\/laerdu-gujarati\/\">\r\n            <div class=\"learnNavigationWrapper\">\r\n                <div class=\"learnNavigationContent\">\r\n                    <img decoding=\"async\" src=\"https:\/\/talkpal.ai\/wp-content\/uploads\/2025\/11\/Gujarati.png\" alt=\"Indian Simplified Flag\">\r\n                    <div>\r\n                        <h4>Um Gujarati n\u00e1m<\/h4>\r\n                        <p>Kynntu \u00fe\u00e9r allt um Gujarati m\u00e1lfr\u00e6\u00f0i.<\/p>\r\n                    <\/div>\r\n                <\/div>\r\n            <\/div>\r\n        <\/a>\r\n\r\n        \r\n        <a href=\"https:\/\/talkpal.ai\/is\/gujarati-malfraediaefingar\/\">\r\n            <div class=\"learnNavigationWrapper\">\r\n                <div class=\"learnNavigationContent\">\r\n                    <img decoding=\"async\" src=\"https:\/\/talkpal.ai\/wp-content\/uploads\/2025\/11\/Gujarati.png\" alt=\"Indian Simplified Flag\">\r\n                    <div>\r\n                        <h4>Gujarati m\u00e1lfr\u00e6\u00f0i\u00e6fing<\/h4>\r\n                        <p>\u00c6f\u00f0u Gujarati m\u00e1lfr\u00e6\u00f0i.<\/p>\r\n                    <\/div>\r\n                <\/div>\r\n            <\/div>\r\n        <\/a>\r\n\r\n            <\/section>","protected":false},"excerpt":{"rendered":"<p>A\u00f0 sigla um ranghala Gujarati m\u00e1lfr\u00e6\u00f0i Gujarati, ind\u00f3ar\u00edskt tungum\u00e1l me\u00f0 r\u00edka s\u00f6gu og menningarlega \u00fe\u00fd\u00f0ingu, b\u00fd\u00f0ur upp \u00e1 spennandi tungum\u00e1laupplifun fyrir \u00fe\u00e1 sem eru f\u00fasir til a\u00f0 kanna einstakt m\u00e1lfr\u00e6\u00f0ikerfi \u00feess. \u00deegar \u00fe\u00fa fer\u00f0 inn \u00ed r\u00edki Gujarati muntu ekki a\u00f0eins au\u00f0ga tungum\u00e1laskr\u00e1 \u00fe\u00edna heldur einnig tileinka \u00fe\u00e9r heillandi menningarfer\u00f0. \u00de\u00f3 a\u00f0 Gujarati m\u00e1lfr\u00e6\u00f0i kunni [&hellip;]<\/p>\n","protected":false},"author":20,"featured_media":0,"parent":0,"menu_order":0,"comment_status":"closed","ping_status":"closed","template":"LearningContentPage.php","meta":{"_acf_changed":false,"footnotes":""},"class_list":["post-1476131","page","type-page","status-publish","hentry"],"acf":[],"yoast_head":"<!-- This site is optimized with the Yoast SEO Premium plugin v27.2 (Yoast SEO v27.2) - https:\/\/yoast.com\/product\/yoast-seo-premium-wordpress\/ -->\n<title>Gujarati m\u00e1lfr\u00e6\u00f0i - Talkpal<\/title>\n<meta name=\"description\" content=\"N\u00e1\u00f0u t\u00f6kum \u00e1 grunnatri\u00f0um g\u00fajarat\u00ed-m\u00e1lfr\u00e6\u00f0i, \u00fear \u00e1 me\u00f0al sagnor\u00f0um og nafnor\u00f0um, til a\u00f0 auka verulega tungum\u00e1lakunn\u00e1ttu \u00fe\u00edna.\" \/>\n<meta name=\"robots\" content=\"index, follow, max-snippet:-1, max-image-preview:large, max-video-preview:-1\" \/>\n<link rel=\"canonical\" href=\"https:\/\/talkpal.ai\/is\/gujarati-malfraedi\/\" \/>\n<meta property=\"og:locale\" content=\"is_IS\" \/>\n<meta property=\"og:type\" content=\"article\" \/>\n<meta property=\"og:title\" content=\"Gujarati m\u00e1lfr\u00e6\u00f0i\" \/>\n<meta property=\"og:description\" content=\"A\u00f0 sigla um ranghala Gujarati m\u00e1lfr\u00e6\u00f0i Gujarati, ind\u00f3ar\u00edskt tungum\u00e1l me\u00f0 r\u00edka s\u00f6gu og menningarlega \u00fe\u00fd\u00f0ingu, b\u00fd\u00f0ur upp \u00e1 spennandi tungum\u00e1laupplifun fyrir\" \/>\n<meta property=\"og:url\" content=\"https:\/\/talkpal.ai\/is\/gujarati-malfraedi\/\" \/>\n<meta property=\"og:site_name\" content=\"Talkpal\" \/>\n<meta property=\"article:publisher\" content=\"https:\/\/www.facebook.com\/profile.php?id=100090733639311\" \/>\n<meta property=\"article:modified_time\" content=\"2025-12-30T15:11:31+00:00\" \/>\n<meta property=\"og:image\" content=\"https:\/\/talkpal.ai\/wp-content\/uploads\/2025\/02\/Progress-tab-16_9.png\" \/>\n\t<meta property=\"og:image:width\" content=\"2880\" \/>\n\t<meta property=\"og:image:height\" content=\"1620\" \/>\n\t<meta property=\"og:image:type\" content=\"image\/png\" \/>\n<meta name=\"twitter:card\" content=\"summary_large_image\" \/>\n<meta name=\"twitter:site\" content=\"@talkpalai\" \/>\n<meta name=\"twitter:label1\" content=\"Est. reading time\" \/>\n\t<meta name=\"twitter:data1\" content=\"3 minutes\" \/>\n<script type=\"application\/ld+json\" class=\"yoast-schema-graph\">{\"@context\":\"https:\/\/schema.org\",\"@graph\":[{\"@type\":\"WebPage\",\"@id\":\"https:\/\/talkpal.ai\/is\/gujarati-malfraedi\/\",\"url\":\"https:\/\/talkpal.ai\/is\/gujarati-malfraedi\/\",\"name\":\"Gujarati m\u00e1lfr\u00e6\u00f0i - Talkpal\",\"isPartOf\":{\"@id\":\"https:\/\/talkpal.ai\/is\/#website\"},\"datePublished\":\"2025-11-12T09:38:09+00:00\",\"dateModified\":\"2025-12-30T15:11:31+00:00\",\"description\":\"N\u00e1\u00f0u t\u00f6kum \u00e1 grunnatri\u00f0um g\u00fajarat\u00ed-m\u00e1lfr\u00e6\u00f0i, \u00fear \u00e1 me\u00f0al sagnor\u00f0um og nafnor\u00f0um, til a\u00f0 auka verulega tungum\u00e1lakunn\u00e1ttu \u00fe\u00edna.\",\"breadcrumb\":{\"@id\":\"https:\/\/talkpal.ai\/is\/gujarati-malfraedi\/#breadcrumb\"},\"inLanguage\":\"is\",\"potentialAction\":[{\"@type\":\"ReadAction\",\"target\":[\"https:\/\/talkpal.ai\/is\/gujarati-malfraedi\/\"]}]},{\"@type\":\"BreadcrumbList\",\"@id\":\"https:\/\/talkpal.ai\/is\/gujarati-malfraedi\/#breadcrumb\",\"itemListElement\":[{\"@type\":\"ListItem\",\"position\":1,\"name\":\"Homepage\",\"item\":\"https:\/\/talkpal.ai\/is\/\"},{\"@type\":\"ListItem\",\"position\":2,\"name\":\"Gujarati m\u00e1lfr\u00e6\u00f0i\"}]},{\"@type\":\"WebSite\",\"@id\":\"https:\/\/talkpal.ai\/is\/#website\",\"url\":\"https:\/\/talkpal.ai\/is\/\",\"name\":\"Talkpal\",\"description\":\"AI Language Learning\",\"publisher\":{\"@id\":\"https:\/\/talkpal.ai\/is\/#organization\"},\"alternateName\":\"Talkpal AI\",\"potentialAction\":[{\"@type\":\"SearchAction\",\"target\":{\"@type\":\"EntryPoint\",\"urlTemplate\":\"https:\/\/talkpal.ai\/is\/?s={search_term_string}\"},\"query-input\":{\"@type\":\"PropertyValueSpecification\",\"valueRequired\":true,\"valueName\":\"search_term_string\"}}],\"inLanguage\":\"is\"},{\"@type\":\"Organization\",\"@id\":\"https:\/\/talkpal.ai\/is\/#organization\",\"name\":\"Talkpal, Inc.\",\"alternateName\":\"Talkpal AI\",\"url\":\"https:\/\/talkpal.ai\/is\/\",\"logo\":{\"@type\":\"ImageObject\",\"inLanguage\":\"is\",\"@id\":\"https:\/\/talkpal.ai\/is\/#\/schema\/logo\/image\/\",\"url\":\"https:\/\/talkpal.ai\/wp-content\/uploads\/2024\/03\/Talkpal-Logo-Icon.png\",\"contentUrl\":\"https:\/\/talkpal.ai\/wp-content\/uploads\/2024\/03\/Talkpal-Logo-Icon.png\",\"width\":2880,\"height\":2880,\"caption\":\"Talkpal, Inc.\"},\"image\":{\"@id\":\"https:\/\/talkpal.ai\/is\/#\/schema\/logo\/image\/\"},\"sameAs\":[\"https:\/\/www.facebook.com\/profile.php?id=100090733639311\",\"https:\/\/x.com\/talkpalai\",\"https:\/\/www.linkedin.com\/company\/talkpal\/\",\"https:\/\/www.youtube.com\/@TalkPal\/\",\"https:\/\/www.tiktok.com\/@talkpal\",\"https:\/\/www.instagram.com\/talkpal_ai\/\",\"https:\/\/www.crunchbase.com\/organization\/talkpal-9cde\",\"https:\/\/www.g2.com\/products\/talkpal-for-business\/\",\"https:\/\/www.trustpilot.com\/review\/talkpal.ai\",\"https:\/\/www.capterra.com\/p\/10006800\/TalkPal\/\"],\"description\":\"Talkpal is a language learning web and mobile education app, powered by the latest AI technologies, that provides engaging experiences to its customers in many different languages to help them improve their language skills. Users can chat about unlimited amount of topics with the app and use other modes to practice their language learning.\",\"email\":\"support@talkpal.ai\",\"legalName\":\"Talkpal, Inc.\",\"foundingDate\":\"2023-04-03\",\"duns\":\"118989042\",\"numberOfEmployees\":{\"@type\":\"QuantitativeValue\",\"minValue\":\"11\",\"maxValue\":\"50\"},\"publishingPrinciples\":\"https:\/\/talkpal.ai\/publishing-principles\/\",\"actionableFeedbackPolicy\":\"https:\/\/talkpal.ai\/actionable-feedback-policy\/\",\"correctionsPolicy\":\"https:\/\/talkpal.ai\/corrections-policy\/\",\"ethicsPolicy\":\"https:\/\/talkpal.ai\/ethics-policy\/\",\"diversityPolicy\":\"https:\/\/talkpal.ai\/diversity-policy\/\",\"diversityStaffingReport\":\"https:\/\/talkpal.ai\/diversity-policy\/\"}]}<\/script>\n<!-- \/ Yoast SEO Premium plugin. -->","yoast_head_json":{"title":"Gujarati m\u00e1lfr\u00e6\u00f0i - Talkpal","description":"N\u00e1\u00f0u t\u00f6kum \u00e1 grunnatri\u00f0um g\u00fajarat\u00ed-m\u00e1lfr\u00e6\u00f0i, \u00fear \u00e1 me\u00f0al sagnor\u00f0um og nafnor\u00f0um, til a\u00f0 auka verulega tungum\u00e1lakunn\u00e1ttu \u00fe\u00edna.","robots":{"index":"index","follow":"follow","max-snippet":"max-snippet:-1","max-image-preview":"max-image-preview:large","max-video-preview":"max-video-preview:-1"},"canonical":"https:\/\/talkpal.ai\/is\/gujarati-malfraedi\/","og_locale":"is_IS","og_type":"article","og_title":"Gujarati m\u00e1lfr\u00e6\u00f0i","og_description":"A\u00f0 sigla um ranghala Gujarati m\u00e1lfr\u00e6\u00f0i Gujarati, ind\u00f3ar\u00edskt tungum\u00e1l me\u00f0 r\u00edka s\u00f6gu og menningarlega \u00fe\u00fd\u00f0ingu, b\u00fd\u00f0ur upp \u00e1 spennandi tungum\u00e1laupplifun fyrir","og_url":"https:\/\/talkpal.ai\/is\/gujarati-malfraedi\/","og_site_name":"Talkpal","article_publisher":"https:\/\/www.facebook.com\/profile.php?id=100090733639311","article_modified_time":"2025-12-30T15:11:31+00:00","og_image":[{"width":2880,"height":1620,"url":"https:\/\/talkpal.ai\/wp-content\/uploads\/2025\/02\/Progress-tab-16_9.png","type":"image\/png"}],"twitter_card":"summary_large_image","twitter_site":"@talkpalai","twitter_misc":{"Est. reading time":"3 minutes"},"schema":{"@context":"https:\/\/schema.org","@graph":[{"@type":"WebPage","@id":"https:\/\/talkpal.ai\/is\/gujarati-malfraedi\/","url":"https:\/\/talkpal.ai\/is\/gujarati-malfraedi\/","name":"Gujarati m\u00e1lfr\u00e6\u00f0i - Talkpal","isPartOf":{"@id":"https:\/\/talkpal.ai\/is\/#website"},"datePublished":"2025-11-12T09:38:09+00:00","dateModified":"2025-12-30T15:11:31+00:00","description":"N\u00e1\u00f0u t\u00f6kum \u00e1 grunnatri\u00f0um g\u00fajarat\u00ed-m\u00e1lfr\u00e6\u00f0i, \u00fear \u00e1 me\u00f0al sagnor\u00f0um og nafnor\u00f0um, til a\u00f0 auka verulega tungum\u00e1lakunn\u00e1ttu \u00fe\u00edna.","breadcrumb":{"@id":"https:\/\/talkpal.ai\/is\/gujarati-malfraedi\/#breadcrumb"},"inLanguage":"is","potentialAction":[{"@type":"ReadAction","target":["https:\/\/talkpal.ai\/is\/gujarati-malfraedi\/"]}]},{"@type":"BreadcrumbList","@id":"https:\/\/talkpal.ai\/is\/gujarati-malfraedi\/#breadcrumb","itemListElement":[{"@type":"ListItem","position":1,"name":"Homepage","item":"https:\/\/talkpal.ai\/is\/"},{"@type":"ListItem","position":2,"name":"Gujarati m\u00e1lfr\u00e6\u00f0i"}]},{"@type":"WebSite","@id":"https:\/\/talkpal.ai\/is\/#website","url":"https:\/\/talkpal.ai\/is\/","name":"Talkpal","description":"AI Language Learning","publisher":{"@id":"https:\/\/talkpal.ai\/is\/#organization"},"alternateName":"Talkpal AI","potentialAction":[{"@type":"SearchAction","target":{"@type":"EntryPoint","urlTemplate":"https:\/\/talkpal.ai\/is\/?s={search_term_string}"},"query-input":{"@type":"PropertyValueSpecification","valueRequired":true,"valueName":"search_term_string"}}],"inLanguage":"is"},{"@type":"Organization","@id":"https:\/\/talkpal.ai\/is\/#organization","name":"Talkpal, Inc.","alternateName":"Talkpal AI","url":"https:\/\/talkpal.ai\/is\/","logo":{"@type":"ImageObject","inLanguage":"is","@id":"https:\/\/talkpal.ai\/is\/#\/schema\/logo\/image\/","url":"https:\/\/talkpal.ai\/wp-content\/uploads\/2024\/03\/Talkpal-Logo-Icon.png","contentUrl":"https:\/\/talkpal.ai\/wp-content\/uploads\/2024\/03\/Talkpal-Logo-Icon.png","width":2880,"height":2880,"caption":"Talkpal, Inc."},"image":{"@id":"https:\/\/talkpal.ai\/is\/#\/schema\/logo\/image\/"},"sameAs":["https:\/\/www.facebook.com\/profile.php?id=100090733639311","https:\/\/x.com\/talkpalai","https:\/\/www.linkedin.com\/company\/talkpal\/","https:\/\/www.youtube.com\/@TalkPal\/","https:\/\/www.tiktok.com\/@talkpal","https:\/\/www.instagram.com\/talkpal_ai\/","https:\/\/www.crunchbase.com\/organization\/talkpal-9cde","https:\/\/www.g2.com\/products\/talkpal-for-business\/","https:\/\/www.trustpilot.com\/review\/talkpal.ai","https:\/\/www.capterra.com\/p\/10006800\/TalkPal\/"],"description":"Talkpal is a language learning web and mobile education app, powered by the latest AI technologies, that provides engaging experiences to its customers in many different languages to help them improve their language skills. Users can chat about unlimited amount of topics with the app and use other modes to practice their language learning.","email":"support@talkpal.ai","legalName":"Talkpal, Inc.","foundingDate":"2023-04-03","duns":"118989042","numberOfEmployees":{"@type":"QuantitativeValue","minValue":"11","maxValue":"50"},"publishingPrinciples":"https:\/\/talkpal.ai\/publishing-principles\/","actionableFeedbackPolicy":"https:\/\/talkpal.ai\/actionable-feedback-policy\/","correctionsPolicy":"https:\/\/talkpal.ai\/corrections-policy\/","ethicsPolicy":"https:\/\/talkpal.ai\/ethics-policy\/","diversityPolicy":"https:\/\/talkpal.ai\/diversity-policy\/","diversityStaffingReport":"https:\/\/talkpal.ai\/diversity-policy\/"}]}},"_links":{"self":[{"href":"https:\/\/talkpal.ai\/is\/wp-json\/wp\/v2\/pages\/1476131","targetHints":{"allow":["GET"]}}],"collection":[{"href":"https:\/\/talkpal.ai\/is\/wp-json\/wp\/v2\/pages"}],"about":[{"href":"https:\/\/talkpal.ai\/is\/wp-json\/wp\/v2\/types\/page"}],"author":[{"embeddable":true,"href":"https:\/\/talkpal.ai\/is\/wp-json\/wp\/v2\/users\/20"}],"replies":[{"embeddable":true,"href":"https:\/\/talkpal.ai\/is\/wp-json\/wp\/v2\/comments?post=1476131"}],"version-history":[{"count":0,"href":"https:\/\/talkpal.ai\/is\/wp-json\/wp\/v2\/pages\/1476131\/revisions"}],"wp:attachment":[{"href":"https:\/\/talkpal.ai\/is\/wp-json\/wp\/v2\/media?parent=1476131"}],"curies":[{"name":"wp","href":"https:\/\/api.w.org\/{rel}","templated":true}]}}