{"id":1476107,"date":"2025-11-11T17:01:24","date_gmt":"2025-11-11T17:01:24","guid":{"rendered":"https:\/\/talkpal.ai\/georgiskar-malfraediaefingar\/"},"modified":"2025-12-30T14:55:25","modified_gmt":"2025-12-30T14:55:25","slug":"georgiskar-malfraediaefingar","status":"publish","type":"page","link":"https:\/\/talkpal.ai\/is\/georgiskar-malfraediaefingar\/","title":{"rendered":"Georg\u00edskar m\u00e1lfr\u00e6\u00f0i\u00e6fingar"},"content":{"rendered":"\r\n\r\n\r\n<section class=\"languageChallengeSection\">\r\n    <div class=\"languageInfoWrapper\">\r\n        \r\n        <h1>Georg\u00edskar m\u00e1lfr\u00e6\u00f0i\u00e6fingar<\/h1>\r\n        <p>Tilb\u00fainn til a\u00f0 kafa ofan \u00ed <a href=\"https:\/\/talkpal.ai\/learn-georgian\/\">georg\u00edska<\/a> <a href=\"https:\/\/talkpal.ai\/grammar\/\">m\u00e1lfr\u00e6\u00f0i<\/a>? A\u00f0 \u00e6fa sig \u00ed nokkrum grunnatri\u00f0um mun hj\u00e1lpa \u00fe\u00e9r a\u00f0 tileinka \u00fe\u00e9r \u00feetta einstaka og fallega tungum\u00e1l. Pr\u00f3fa\u00f0u \u00feessar \u00e6fingar til a\u00f0 byggja upp sj\u00e1lfstrausti\u00f0 og skemmta \u00fe\u00e9r vel \u00ed lei\u00f0inni!<\/p>\r\n\r\n                            <a class=\"getStartedHidden\" href=\"https:\/\/app.talkpal.ai\/signup?lng=\">Byrja\u00f0u<\/a>\r\n        \r\n    <\/div>\r\n\r\n    <figure>\r\n    <img decoding=\"async\" width=\"768\" height=\"768\" src=\"https:\/\/talkpal.ai\/wp-content\/uploads\/2023\/06\/welsh-768x768.png\" class=\"languageImage no-lazy\" alt=\"Language learning for better cognitive abilities\" fetchpriority=\"high\" sizes=\"(max-width: 768px) 150px, 768px\" srcset=\"https:\/\/talkpal.ai\/wp-content\/uploads\/2023\/06\/welsh-768x768.png 768w, https:\/\/talkpal.ai\/wp-content\/uploads\/2023\/06\/welsh-300x300.png 300w\" \/>\r\n    \r\n\r\n    <\/figure>\r\n\r\n            <a class=\"getStartedVisible\" href=\"https:\/\/app.talkpal.ai\/signup?lng=\">Byrja\u00f0u<\/a>\r\n    \r\n<\/section><section class=\"promotionalBanner\">\r\n    <p class=\"promotionalText\">Skilvirkasta lei\u00f0in til a\u00f0 l\u00e6ra tungum\u00e1l<\/p>\r\n    <a class=\"promotionalLink\" href=\"https:\/\/app.talkpal.ai\/signup?lng=\">Pr\u00f3fa\u00f0u Talkpal \u00f3keypis<\/a>\r\n<\/section>\n<div class=\"wp-block-group pageContainerStyle\"><div class=\"wp-block-group__inner-container is-layout-constrained wp-block-group-is-layout-constrained\">\n<h2 class=\"wp-block-heading\" id=\"h-georgian-grammar-topics\">Georg\u00edsk m\u00e1lfr\u00e6\u00f0iefni<\/h2>\n\n\n\n<p><a href=\"https:\/\/talkpal.ai\/is\/staerstu-mistokin-sem-tharf-ad-fordast-thegar-thu-laerir-nytt-tungumal\/\">A\u00f0 l\u00e6ra n\u00fdtt tungum\u00e1l<\/a> getur veri\u00f0 krefjandi en gefandi vi\u00f0leitni. Georg\u00edska, kartvel\u00edskt tungum\u00e1l sem a\u00f0allega er tala\u00f0 \u00ed Georg\u00edu, er engin undantekning. Me\u00f0 einst\u00f6kum eiginleikum s\u00ednum og uppbyggingu krefst <a href=\"https:\/\/talkpal.ai\/is\/talkpal-fyrir-menntun\/\">n\u00e1m<\/a> georg\u00edsku kerfisbundinnar n\u00e1lgunar til a\u00f0 skilja fl\u00f3kna m\u00e1lfr\u00e6\u00f0i \u00feess. \u00deessi handb\u00f3k l\u00fdsir lykilsvi\u00f0um <a href=\"https:\/\/talkpal.ai\/is\/georgisk-malfraedi\/\">georg\u00edskrar m\u00e1lfr\u00e6\u00f0i<\/a> \u00ed r\u00f6kr\u00e9ttri r\u00f6\u00f0 fyrir <a href=\"https:\/\/talkpal.ai\/is\/ai-chatbot-fyrir-tungumalanam\/\">tungum\u00e1lan\u00e1m<\/a>, byrja\u00f0 \u00e1 grunnatri\u00f0um eins og nafnor\u00f0um og greinum, og fari\u00f0 yfir \u00e1 fl\u00f3knari sv\u00e6\u00f0i eins og t\u00ed\u00f0ir og setningager\u00f0.<\/p>\n\n\n\n<h3 class=\"wp-block-heading\" id=\"h-1-nouns\">1. Nafnor\u00f0:<\/h3>\n\n\n\n<p>Byrja\u00f0u georg\u00edsku tungum\u00e1lafer\u00f0 \u00fe\u00edna me\u00f0 \u00fev\u00ed a\u00f0 l\u00e6ra nafnor\u00f0in. \u00deetta felur \u00ed s\u00e9r skilning \u00e1 mismunandi flokkum nafnor\u00f0a, svo sem algengum n\u00f6fnum og s\u00e9rn\u00f6fnum, fleirt\u00f6luformum \u00feeirra og fallakerfinu sem nota\u00f0 er til a\u00f0 merkja m\u00e1lfr\u00e6\u00f0ileg tengsl.<\/p>\n\n\n\n<h3 class=\"wp-block-heading\" id=\"h-2-articles\">2. Greinar:<\/h3>\n\n\n\n<p>Georg\u00edska hefur ekki \u00e1kve\u00f0na e\u00f0a \u00f3\u00e1kve\u00f0na greina. Skilningur \u00e1 \u00fev\u00ed hvernig \u00e1kve\u00f0ni og \u00f3\u00e1kve\u00f0ni eru tj\u00e1\u00f0 me\u00f0 samhengi e\u00f0a s\u00fdnikennslu skiptir sk\u00f6pum \u00ed setningager\u00f0.<\/p>\n\n\n\n<h3 class=\"wp-block-heading\" id=\"h-3-adjectives\">3. L\u00fdsingaror\u00f0:<\/h3>\n\n\n\n<p>L\u00fdsingaror\u00f0 \u00e1 georg\u00edsku eru venjulega \u00e1 undan nafnor\u00f0um \u00feeirra og eru samm\u00e1la \u00feeim ef svo er a\u00f0 r\u00e6\u00f0a. L\u00e6r\u00f0u hvernig \u00e1 a\u00f0 mynda samanbur\u00f0 og yfirbur\u00f0i me\u00f0 \u00fev\u00ed a\u00f0 nota or\u00f0 eins og &#8222;upro&#8220; fyrir meira og &#8222;qvelaze&#8220; fyrir flesta.<\/p>\n\n\n\n<h3 class=\"wp-block-heading\" id=\"h-4-pronouns-determiners\">4. Forn\u00f6fn\/\u00e1kv\u00f6r\u00f0unaror\u00f0:<\/h3>\n\n\n\n<p>Forn\u00f6fn og \u00e1kvar\u00f0anir eru nau\u00f0synleg \u00e1 georg\u00edsku; Forn\u00f6fnum er oft sleppt \u00feegar samhengi er sk\u00fdrt og eignarform eins og &#8216;chemi&#8217;, &#8216;sheni&#8217; og &#8216;misi&#8217; breyta nafnor\u00f0um. M\u00f3tm\u00e6li eins og &#8216;es&#8217;, &#8216;is&#8217; og &#8216;igi&#8217;, t\u00f6lustafir og m\u00e6lit\u00e6ki virka sem \u00e1kv\u00f6r\u00f0unara\u00f0ilar.<\/p>\n\n\n\n<h3 class=\"wp-block-heading\" id=\"h-5-verbs\">5. Sagnir:<\/h3>\n\n\n\n<p>Georg\u00edskar sagnir eru r\u00edkar af formger\u00f0 og s\u00fdna samr\u00e6mi vi\u00f0 vi\u00f0fangsefni og stundum hluti. Byrja\u00f0u \u00e1 n\u00fat\u00ed\u00f0arser\u00edunni, kanna\u00f0u s\u00ed\u00f0an hvernig framt\u00ed\u00f0ir myndast me\u00f0 spakm\u00e6lum og far\u00f0u yfir \u00ed fort\u00ed\u00f0arform eins og \u00f3rist og \u00f3fullkominn.<\/p>\n\n\n\n<h3 class=\"wp-block-heading\" id=\"h-6-tenses\">6. Spennur:<\/h3>\n\n\n\n<p>Eftir <a href=\"https:\/\/talkpal.ai\/culture\/what-is-the-verb-ad-hafa-and-when-is-it-used\/\">a\u00f0 hafa<\/a> n\u00e1\u00f0 t\u00f6kum \u00e1 grunnsagnaformum skaltu kafa d\u00fdpra \u00ed georg\u00edska t\u00ed\u00f0 og \u00fe\u00e1tt. L\u00e6r\u00f0u hvernig n\u00fat\u00ed\u00f0, fort\u00ed\u00f0 og framt\u00ed\u00f0 eru tj\u00e1\u00f0 \u00ed a\u00f0alser\u00edunum \u00feremur og hven\u00e6r \u00e1 a\u00f0 nota \u00f3fullkomin, \u00f3r\u00edsk og fullkomin form \u00ed mismunandi samhengi.<\/p>\n\n\n\n<h3 class=\"wp-block-heading\" id=\"h-7-tense-comparison\">7. Spenntur samanbur\u00f0ur:<\/h3>\n\n\n\n<p>Samanbur\u00f0ur \u00e1 ey\u00f0ubl\u00f6\u00f0um milli ser\u00edna hj\u00e1lpar til vi\u00f0 a\u00f0 skilja t\u00edma, \u00fe\u00e1tt og r\u00f6\u00f0un. A\u00f0 sko\u00f0a s\u00f6mu s\u00f6gnina \u00ed \u00fdmsum skri\u00f0um sk\u00fdrir atbur\u00f0ar\u00e1s og stafamerkingarmynstur.<\/p>\n\n\n\n<h3 class=\"wp-block-heading\" id=\"h-8-progressive\">8. Frams\u00e6ki\u00f0:<\/h3>\n\n\n\n<p>Georg\u00edska hefur ekki s\u00e9rstaka frams\u00e6kna t\u00ed\u00f0. \u00c1framhaldandi a\u00f0ger\u00f0ir eru tj\u00e1\u00f0ar me\u00f0 n\u00fat\u00ed\u00f0 e\u00f0a \u00f3fullkomnu, oft studdar af t\u00edmaor\u00f0atilt\u00e6kjum eins og &#8222;akhla&#8220; \u00ed bili e\u00f0a samhengi.<\/p>\n\n\n\n<h3 class=\"wp-block-heading\" id=\"h-9-perfect-progressive\">9. Fullkominn frams\u00e6kinn:<\/h3>\n\n\n\n<p>\u00dea\u00f0 er engin greinileg fullkomin frams\u00f3knarstefna. \u00c1framhaldandi a\u00f0ger\u00f0um upp a\u00f0 vissu <a href=\"https:\/\/talkpal.ai\/locations\/language-courses-in-marki\/\">marki<\/a> er mi\u00f0la\u00f0 \u00ed gegnum fullkomna r\u00f6\u00f0 fyrir afleidda merkingu e\u00f0a me\u00f0 \u00f3fullkomnum pl\u00fas samhengisv\u00edsbendingum.<\/p>\n\n\n\n<h3 class=\"wp-block-heading\" id=\"h-10-conditionals\">10. Skilyr\u00f0i:<\/h3>\n\n\n\n<p>Skilyrt l\u00fdsir \u00edmyndu\u00f0um a\u00f0st\u00e6\u00f0um og hugsanlegum ni\u00f0urst\u00f6\u00f0um \u00feeirra. \u00c1 georg\u00edsku eru \u00feau venjulega myndu\u00f0 me\u00f0 a\u00f0l\u00f6gunar- og sj\u00f3nformum, oft kynnt me\u00f0 &#8216;tu&#8217; sem \u00fe\u00fd\u00f0ir ef, og getur nota\u00f0 m\u00f3delor\u00f0asamb\u00f6nd eins og &#8216;sheidzleba&#8217; \u00fea\u00f0 er m\u00f6gulegt.<\/p>\n\n\n\n<h3 class=\"wp-block-heading\" id=\"h-11-adverbs\">11. Atviksor\u00f0:<\/h3>\n\n\n\n<p>Atviksor\u00f0 \u00e1 georg\u00edsku breyta s\u00f6gnum, l\u00fdsingaror\u00f0um e\u00f0a \u00f6\u00f0rum atviksor\u00f0um. M\u00f6rg atviksor\u00f0 eru myndu\u00f0 me\u00f0 vi\u00f0skeytinu &#8216;-ad&#8217; og algeng gr\u00e1\u00f0uor\u00f0 eru &#8216;dzalian&#8217; fyrir mj\u00f6g og &#8216;upro&#8217; fyrir meira.<\/p>\n\n\n\n<h3 class=\"wp-block-heading\" id=\"h-12-prepositions\">12. Forsetningar:<\/h3>\n\n\n\n<p>Georg\u00edska notar p\u00f3stst\u00f6\u00f0ur frekar en forsetningar. \u00deetta fylgir nafnor\u00f0inu og hefur samskipti vi\u00f0 \u00e1kve\u00f0in f\u00f6ll og margar tengslamerkingar eru tj\u00e1\u00f0ar beint me\u00f0 fallendingum.<\/p>\n\n\n\n<h3 class=\"wp-block-heading\" id=\"h-13-sentences\">13. Setningar:<\/h3>\n\n\n\n<p>A\u00f0 lokum, \u00e6f\u00f0u \u00feig \u00ed a\u00f0 sm\u00ed\u00f0a setningar. \u00deetta mun fela \u00ed s\u00e9r a\u00f0 nota \u00f6ll \u00e1\u00f0ur l\u00e6r\u00f0 m\u00e1lfr\u00e6\u00f0iatri\u00f0i \u00ed samhengi, stj\u00f3rna sveigjanlegri or\u00f0ar\u00f6\u00f0 me\u00f0 SOV tilhneigingu, h\u00e1stafamerkingu og vi\u00f0eigandi sagnaformum.<\/p>\n<\/div><\/div>\n\r\n<section class=\"learnNavigationSection\">\r\n            \r\n        <a href=\"https:\/\/talkpal.ai\/is\/laerdu-velsku\/\">\r\n            <div class=\"learnNavigationWrapper\">\r\n                <div class=\"learnNavigationContent\">\r\n                    <img decoding=\"async\" src=\"https:\/\/talkpal.ai\/wp-content\/uploads\/2025\/11\/Georgian.png\" alt=\"Georgian Flag\">\r\n                    <div>\r\n                        <h4>Um georg\u00edskt n\u00e1m<\/h4>\r\n                        <p>Kynntu \u00fe\u00e9r allt um georg\u00edska m\u00e1lfr\u00e6\u00f0i.<\/p>\r\n                    <\/div>\r\n                <\/div>\r\n            <\/div>\r\n        <\/a>\r\n\r\n        \r\n        <a href=\"https:\/\/talkpal.ai\/is\/velsk-malfraedi\/\">\r\n            <div class=\"learnNavigationWrapper\">\r\n                <div class=\"learnNavigationContent\">\r\n                    <img decoding=\"async\" src=\"https:\/\/talkpal.ai\/wp-content\/uploads\/2025\/11\/Georgian.png\" alt=\"Georgian Flag\">\r\n                    <div>\r\n                        <h4>Georg\u00edsk m\u00e1lfr\u00e6\u00f0ikennsla<\/h4>\r\n                        <p>\u00c6f\u00f0u georg\u00edska m\u00e1lfr\u00e6\u00f0i.<\/p>\r\n                    <\/div>\r\n                <\/div>\r\n            <\/div>\r\n        <\/a>\r\n\r\n            <\/section>","protected":false},"excerpt":{"rendered":"<p>Georg\u00edsk m\u00e1lfr\u00e6\u00f0iefni A\u00f0 l\u00e6ra n\u00fdtt tungum\u00e1l getur veri\u00f0 krefjandi en gefandi vi\u00f0leitni. Georg\u00edska, kartvel\u00edskt tungum\u00e1l sem a\u00f0allega er tala\u00f0 \u00ed Georg\u00edu, er engin undantekning. Me\u00f0 einst\u00f6kum eiginleikum s\u00ednum og uppbyggingu krefst n\u00e1m georg\u00edsku kerfisbundinnar n\u00e1lgunar til a\u00f0 skilja fl\u00f3kna m\u00e1lfr\u00e6\u00f0i \u00feess. \u00deessi handb\u00f3k l\u00fdsir lykilsvi\u00f0um georg\u00edskrar m\u00e1lfr\u00e6\u00f0i \u00ed r\u00f6kr\u00e9ttri r\u00f6\u00f0 fyrir tungum\u00e1lan\u00e1m, byrja\u00f0 \u00e1 grunnatri\u00f0um [&hellip;]<\/p>\n","protected":false},"author":20,"featured_media":0,"parent":0,"menu_order":0,"comment_status":"closed","ping_status":"closed","template":"LearningContentPage.php","meta":{"_acf_changed":false,"footnotes":""},"class_list":["post-1476107","page","type-page","status-publish","hentry"],"acf":[],"yoast_head":"<!-- This site is optimized with the Yoast SEO Premium plugin v27.2 (Yoast SEO v27.2) - https:\/\/yoast.com\/product\/yoast-seo-premium-wordpress\/ -->\n<title>Georg\u00edskar m\u00e1lfr\u00e6\u00f0i\u00e6fingar - Talkpal<\/title>\n<meta name=\"description\" content=\"N\u00e1\u00f0u t\u00f6kum \u00e1 georg\u00edsku m\u00e1lfr\u00e6\u00f0i me\u00f0 gagnvirkum \u00e6fingum sem eru hanna\u00f0ar til a\u00f0 hj\u00e1lpa \u00fe\u00e9r a\u00f0 byggja upp reiprennandi og sj\u00e1lfstraust \u00ed tungum\u00e1linu.\" \/>\n<meta name=\"robots\" content=\"index, follow, max-snippet:-1, max-image-preview:large, max-video-preview:-1\" \/>\n<link rel=\"canonical\" href=\"https:\/\/talkpal.ai\/is\/georgiskar-malfraediaefingar\/\" \/>\n<meta property=\"og:locale\" content=\"is_IS\" \/>\n<meta property=\"og:type\" content=\"article\" \/>\n<meta property=\"og:title\" content=\"Georg\u00edskar m\u00e1lfr\u00e6\u00f0i\u00e6fingar\" \/>\n<meta property=\"og:description\" content=\"Georg\u00edsk m\u00e1lfr\u00e6\u00f0iefni A\u00f0 l\u00e6ra n\u00fdtt tungum\u00e1l getur veri\u00f0 krefjandi en gefandi vi\u00f0leitni. Georg\u00edska, kartvel\u00edskt tungum\u00e1l sem a\u00f0allega er tala\u00f0 \u00ed Georg\u00edu,\" \/>\n<meta property=\"og:url\" content=\"https:\/\/talkpal.ai\/is\/georgiskar-malfraediaefingar\/\" \/>\n<meta property=\"og:site_name\" content=\"Talkpal\" \/>\n<meta property=\"article:publisher\" content=\"https:\/\/www.facebook.com\/profile.php?id=100090733639311\" \/>\n<meta property=\"article:modified_time\" content=\"2025-12-30T14:55:25+00:00\" \/>\n<meta property=\"og:image\" content=\"https:\/\/talkpal.ai\/wp-content\/uploads\/2025\/02\/Progress-tab-16_9.png\" \/>\n\t<meta property=\"og:image:width\" content=\"2880\" \/>\n\t<meta property=\"og:image:height\" content=\"1620\" \/>\n\t<meta property=\"og:image:type\" content=\"image\/png\" \/>\n<meta name=\"twitter:card\" content=\"summary_large_image\" \/>\n<meta name=\"twitter:site\" content=\"@talkpalai\" \/>\n<meta name=\"twitter:label1\" content=\"Est. reading time\" \/>\n\t<meta name=\"twitter:data1\" content=\"3 minutes\" \/>\n<script type=\"application\/ld+json\" class=\"yoast-schema-graph\">{\"@context\":\"https:\/\/schema.org\",\"@graph\":[{\"@type\":\"WebPage\",\"@id\":\"https:\/\/talkpal.ai\/is\/georgiskar-malfraediaefingar\/\",\"url\":\"https:\/\/talkpal.ai\/is\/georgiskar-malfraediaefingar\/\",\"name\":\"Georg\u00edskar m\u00e1lfr\u00e6\u00f0i\u00e6fingar - Talkpal\",\"isPartOf\":{\"@id\":\"https:\/\/talkpal.ai\/is\/#website\"},\"datePublished\":\"2025-11-11T17:01:24+00:00\",\"dateModified\":\"2025-12-30T14:55:25+00:00\",\"description\":\"N\u00e1\u00f0u t\u00f6kum \u00e1 georg\u00edsku m\u00e1lfr\u00e6\u00f0i me\u00f0 gagnvirkum \u00e6fingum sem eru hanna\u00f0ar til a\u00f0 hj\u00e1lpa \u00fe\u00e9r a\u00f0 byggja upp reiprennandi og sj\u00e1lfstraust \u00ed tungum\u00e1linu.\",\"breadcrumb\":{\"@id\":\"https:\/\/talkpal.ai\/is\/georgiskar-malfraediaefingar\/#breadcrumb\"},\"inLanguage\":\"is\",\"potentialAction\":[{\"@type\":\"ReadAction\",\"target\":[\"https:\/\/talkpal.ai\/is\/georgiskar-malfraediaefingar\/\"]}]},{\"@type\":\"BreadcrumbList\",\"@id\":\"https:\/\/talkpal.ai\/is\/georgiskar-malfraediaefingar\/#breadcrumb\",\"itemListElement\":[{\"@type\":\"ListItem\",\"position\":1,\"name\":\"Homepage\",\"item\":\"https:\/\/talkpal.ai\/is\/\"},{\"@type\":\"ListItem\",\"position\":2,\"name\":\"Georg\u00edskar m\u00e1lfr\u00e6\u00f0i\u00e6fingar\"}]},{\"@type\":\"WebSite\",\"@id\":\"https:\/\/talkpal.ai\/is\/#website\",\"url\":\"https:\/\/talkpal.ai\/is\/\",\"name\":\"Talkpal\",\"description\":\"AI Language Learning\",\"publisher\":{\"@id\":\"https:\/\/talkpal.ai\/is\/#organization\"},\"alternateName\":\"Talkpal AI\",\"potentialAction\":[{\"@type\":\"SearchAction\",\"target\":{\"@type\":\"EntryPoint\",\"urlTemplate\":\"https:\/\/talkpal.ai\/is\/?s={search_term_string}\"},\"query-input\":{\"@type\":\"PropertyValueSpecification\",\"valueRequired\":true,\"valueName\":\"search_term_string\"}}],\"inLanguage\":\"is\"},{\"@type\":\"Organization\",\"@id\":\"https:\/\/talkpal.ai\/is\/#organization\",\"name\":\"Talkpal, Inc.\",\"alternateName\":\"Talkpal AI\",\"url\":\"https:\/\/talkpal.ai\/is\/\",\"logo\":{\"@type\":\"ImageObject\",\"inLanguage\":\"is\",\"@id\":\"https:\/\/talkpal.ai\/is\/#\/schema\/logo\/image\/\",\"url\":\"https:\/\/talkpal.ai\/wp-content\/uploads\/2024\/03\/Talkpal-Logo-Icon.png\",\"contentUrl\":\"https:\/\/talkpal.ai\/wp-content\/uploads\/2024\/03\/Talkpal-Logo-Icon.png\",\"width\":2880,\"height\":2880,\"caption\":\"Talkpal, Inc.\"},\"image\":{\"@id\":\"https:\/\/talkpal.ai\/is\/#\/schema\/logo\/image\/\"},\"sameAs\":[\"https:\/\/www.facebook.com\/profile.php?id=100090733639311\",\"https:\/\/x.com\/talkpalai\",\"https:\/\/www.linkedin.com\/company\/talkpal\/\",\"https:\/\/www.youtube.com\/@TalkPal\/\",\"https:\/\/www.tiktok.com\/@talkpal\",\"https:\/\/www.instagram.com\/talkpal_ai\/\",\"https:\/\/www.crunchbase.com\/organization\/talkpal-9cde\",\"https:\/\/www.g2.com\/products\/talkpal-for-business\/\",\"https:\/\/www.trustpilot.com\/review\/talkpal.ai\",\"https:\/\/www.capterra.com\/p\/10006800\/TalkPal\/\"],\"description\":\"Talkpal is a language learning web and mobile education app, powered by the latest AI technologies, that provides engaging experiences to its customers in many different languages to help them improve their language skills. Users can chat about unlimited amount of topics with the app and use other modes to practice their language learning.\",\"email\":\"support@talkpal.ai\",\"legalName\":\"Talkpal, Inc.\",\"foundingDate\":\"2023-04-03\",\"duns\":\"118989042\",\"numberOfEmployees\":{\"@type\":\"QuantitativeValue\",\"minValue\":\"11\",\"maxValue\":\"50\"},\"publishingPrinciples\":\"https:\/\/talkpal.ai\/publishing-principles\/\",\"actionableFeedbackPolicy\":\"https:\/\/talkpal.ai\/actionable-feedback-policy\/\",\"correctionsPolicy\":\"https:\/\/talkpal.ai\/corrections-policy\/\",\"ethicsPolicy\":\"https:\/\/talkpal.ai\/ethics-policy\/\",\"diversityPolicy\":\"https:\/\/talkpal.ai\/diversity-policy\/\",\"diversityStaffingReport\":\"https:\/\/talkpal.ai\/diversity-policy\/\"}]}<\/script>\n<!-- \/ Yoast SEO Premium plugin. -->","yoast_head_json":{"title":"Georg\u00edskar m\u00e1lfr\u00e6\u00f0i\u00e6fingar - Talkpal","description":"N\u00e1\u00f0u t\u00f6kum \u00e1 georg\u00edsku m\u00e1lfr\u00e6\u00f0i me\u00f0 gagnvirkum \u00e6fingum sem eru hanna\u00f0ar til a\u00f0 hj\u00e1lpa \u00fe\u00e9r a\u00f0 byggja upp reiprennandi og sj\u00e1lfstraust \u00ed tungum\u00e1linu.","robots":{"index":"index","follow":"follow","max-snippet":"max-snippet:-1","max-image-preview":"max-image-preview:large","max-video-preview":"max-video-preview:-1"},"canonical":"https:\/\/talkpal.ai\/is\/georgiskar-malfraediaefingar\/","og_locale":"is_IS","og_type":"article","og_title":"Georg\u00edskar m\u00e1lfr\u00e6\u00f0i\u00e6fingar","og_description":"Georg\u00edsk m\u00e1lfr\u00e6\u00f0iefni A\u00f0 l\u00e6ra n\u00fdtt tungum\u00e1l getur veri\u00f0 krefjandi en gefandi vi\u00f0leitni. Georg\u00edska, kartvel\u00edskt tungum\u00e1l sem a\u00f0allega er tala\u00f0 \u00ed Georg\u00edu,","og_url":"https:\/\/talkpal.ai\/is\/georgiskar-malfraediaefingar\/","og_site_name":"Talkpal","article_publisher":"https:\/\/www.facebook.com\/profile.php?id=100090733639311","article_modified_time":"2025-12-30T14:55:25+00:00","og_image":[{"width":2880,"height":1620,"url":"https:\/\/talkpal.ai\/wp-content\/uploads\/2025\/02\/Progress-tab-16_9.png","type":"image\/png"}],"twitter_card":"summary_large_image","twitter_site":"@talkpalai","twitter_misc":{"Est. reading time":"3 minutes"},"schema":{"@context":"https:\/\/schema.org","@graph":[{"@type":"WebPage","@id":"https:\/\/talkpal.ai\/is\/georgiskar-malfraediaefingar\/","url":"https:\/\/talkpal.ai\/is\/georgiskar-malfraediaefingar\/","name":"Georg\u00edskar m\u00e1lfr\u00e6\u00f0i\u00e6fingar - Talkpal","isPartOf":{"@id":"https:\/\/talkpal.ai\/is\/#website"},"datePublished":"2025-11-11T17:01:24+00:00","dateModified":"2025-12-30T14:55:25+00:00","description":"N\u00e1\u00f0u t\u00f6kum \u00e1 georg\u00edsku m\u00e1lfr\u00e6\u00f0i me\u00f0 gagnvirkum \u00e6fingum sem eru hanna\u00f0ar til a\u00f0 hj\u00e1lpa \u00fe\u00e9r a\u00f0 byggja upp reiprennandi og sj\u00e1lfstraust \u00ed tungum\u00e1linu.","breadcrumb":{"@id":"https:\/\/talkpal.ai\/is\/georgiskar-malfraediaefingar\/#breadcrumb"},"inLanguage":"is","potentialAction":[{"@type":"ReadAction","target":["https:\/\/talkpal.ai\/is\/georgiskar-malfraediaefingar\/"]}]},{"@type":"BreadcrumbList","@id":"https:\/\/talkpal.ai\/is\/georgiskar-malfraediaefingar\/#breadcrumb","itemListElement":[{"@type":"ListItem","position":1,"name":"Homepage","item":"https:\/\/talkpal.ai\/is\/"},{"@type":"ListItem","position":2,"name":"Georg\u00edskar m\u00e1lfr\u00e6\u00f0i\u00e6fingar"}]},{"@type":"WebSite","@id":"https:\/\/talkpal.ai\/is\/#website","url":"https:\/\/talkpal.ai\/is\/","name":"Talkpal","description":"AI Language Learning","publisher":{"@id":"https:\/\/talkpal.ai\/is\/#organization"},"alternateName":"Talkpal AI","potentialAction":[{"@type":"SearchAction","target":{"@type":"EntryPoint","urlTemplate":"https:\/\/talkpal.ai\/is\/?s={search_term_string}"},"query-input":{"@type":"PropertyValueSpecification","valueRequired":true,"valueName":"search_term_string"}}],"inLanguage":"is"},{"@type":"Organization","@id":"https:\/\/talkpal.ai\/is\/#organization","name":"Talkpal, Inc.","alternateName":"Talkpal AI","url":"https:\/\/talkpal.ai\/is\/","logo":{"@type":"ImageObject","inLanguage":"is","@id":"https:\/\/talkpal.ai\/is\/#\/schema\/logo\/image\/","url":"https:\/\/talkpal.ai\/wp-content\/uploads\/2024\/03\/Talkpal-Logo-Icon.png","contentUrl":"https:\/\/talkpal.ai\/wp-content\/uploads\/2024\/03\/Talkpal-Logo-Icon.png","width":2880,"height":2880,"caption":"Talkpal, Inc."},"image":{"@id":"https:\/\/talkpal.ai\/is\/#\/schema\/logo\/image\/"},"sameAs":["https:\/\/www.facebook.com\/profile.php?id=100090733639311","https:\/\/x.com\/talkpalai","https:\/\/www.linkedin.com\/company\/talkpal\/","https:\/\/www.youtube.com\/@TalkPal\/","https:\/\/www.tiktok.com\/@talkpal","https:\/\/www.instagram.com\/talkpal_ai\/","https:\/\/www.crunchbase.com\/organization\/talkpal-9cde","https:\/\/www.g2.com\/products\/talkpal-for-business\/","https:\/\/www.trustpilot.com\/review\/talkpal.ai","https:\/\/www.capterra.com\/p\/10006800\/TalkPal\/"],"description":"Talkpal is a language learning web and mobile education app, powered by the latest AI technologies, that provides engaging experiences to its customers in many different languages to help them improve their language skills. Users can chat about unlimited amount of topics with the app and use other modes to practice their language learning.","email":"support@talkpal.ai","legalName":"Talkpal, Inc.","foundingDate":"2023-04-03","duns":"118989042","numberOfEmployees":{"@type":"QuantitativeValue","minValue":"11","maxValue":"50"},"publishingPrinciples":"https:\/\/talkpal.ai\/publishing-principles\/","actionableFeedbackPolicy":"https:\/\/talkpal.ai\/actionable-feedback-policy\/","correctionsPolicy":"https:\/\/talkpal.ai\/corrections-policy\/","ethicsPolicy":"https:\/\/talkpal.ai\/ethics-policy\/","diversityPolicy":"https:\/\/talkpal.ai\/diversity-policy\/","diversityStaffingReport":"https:\/\/talkpal.ai\/diversity-policy\/"}]}},"_links":{"self":[{"href":"https:\/\/talkpal.ai\/is\/wp-json\/wp\/v2\/pages\/1476107","targetHints":{"allow":["GET"]}}],"collection":[{"href":"https:\/\/talkpal.ai\/is\/wp-json\/wp\/v2\/pages"}],"about":[{"href":"https:\/\/talkpal.ai\/is\/wp-json\/wp\/v2\/types\/page"}],"author":[{"embeddable":true,"href":"https:\/\/talkpal.ai\/is\/wp-json\/wp\/v2\/users\/20"}],"replies":[{"embeddable":true,"href":"https:\/\/talkpal.ai\/is\/wp-json\/wp\/v2\/comments?post=1476107"}],"version-history":[{"count":0,"href":"https:\/\/talkpal.ai\/is\/wp-json\/wp\/v2\/pages\/1476107\/revisions"}],"wp:attachment":[{"href":"https:\/\/talkpal.ai\/is\/wp-json\/wp\/v2\/media?parent=1476107"}],"curies":[{"name":"wp","href":"https:\/\/api.w.org\/{rel}","templated":true}]}}