{"id":1476056,"date":"2025-11-11T15:55:06","date_gmt":"2025-11-11T15:55:06","guid":{"rendered":"https:\/\/talkpal.ai\/bengalska-malfraediaefingar\/"},"modified":"2025-12-30T15:03:34","modified_gmt":"2025-12-30T15:03:34","slug":"bengalska-malfraediaefingar","status":"publish","type":"page","link":"https:\/\/talkpal.ai\/is\/bengalska-malfraediaefingar\/","title":{"rendered":"Bengalska m\u00e1lfr\u00e6\u00f0i\u00e6fingar"},"content":{"rendered":"\r\n\r\n\r\n<section class=\"languageChallengeSection\">\r\n    <div class=\"languageInfoWrapper\">\r\n        \r\n        <h1>Bengalska m\u00e1lfr\u00e6\u00f0i\u00e6fingar<\/h1>\r\n        <p>Tilb\u00fainn til a\u00f0 kafa ofan \u00ed <a href=\"https:\/\/talkpal.ai\/learn-bengali\/\">bengalska<\/a> <a href=\"https:\/\/talkpal.ai\/grammar\/\">m\u00e1lfr\u00e6\u00f0i<\/a>? A\u00f0 \u00e6fa sig \u00ed nokkrum grunnatri\u00f0um mun hj\u00e1lpa \u00fe\u00e9r a\u00f0 tileinka \u00fe\u00e9r \u00feetta einstaka og fallega tungum\u00e1l. Pr\u00f3fa\u00f0u \u00feessar \u00e6fingar til a\u00f0 byggja upp sj\u00e1lfstrausti\u00f0 og skemmta \u00fe\u00e9r vel \u00ed lei\u00f0inni!<\/p>\r\n\r\n                            <a class=\"getStartedHidden\" href=\"https:\/\/app.talkpal.ai\/signup?lng=\">Byrja\u00f0u<\/a>\r\n        \r\n    <\/div>\r\n\r\n    <figure>\r\n    <img decoding=\"async\" width=\"768\" height=\"768\" src=\"https:\/\/talkpal.ai\/wp-content\/uploads\/2023\/06\/welsh-768x768.png\" class=\"languageImage no-lazy\" alt=\"Language learning for better cognitive abilities\" fetchpriority=\"high\" sizes=\"(max-width: 768px) 150px, 768px\" srcset=\"https:\/\/talkpal.ai\/wp-content\/uploads\/2023\/06\/welsh-768x768.png 768w, https:\/\/talkpal.ai\/wp-content\/uploads\/2023\/06\/welsh-300x300.png 300w\" \/>\r\n    \r\n\r\n    <\/figure>\r\n\r\n            <a class=\"getStartedVisible\" href=\"https:\/\/app.talkpal.ai\/signup?lng=\">Byrja\u00f0u<\/a>\r\n    \r\n<\/section><section class=\"promotionalBanner\">\r\n    <p class=\"promotionalText\">Skilvirkasta lei\u00f0in til a\u00f0 l\u00e6ra tungum\u00e1l<\/p>\r\n    <a class=\"promotionalLink\" href=\"https:\/\/app.talkpal.ai\/signup?lng=\">Pr\u00f3fa\u00f0u Talkpal \u00f3keypis<\/a>\r\n<\/section>\n<div class=\"wp-block-group pageContainerStyle\"><div class=\"wp-block-group__inner-container is-layout-constrained wp-block-group-is-layout-constrained\">\n<h2 class=\"wp-block-heading\" id=\"h-bengali-grammar-topics\">Bengalska m\u00e1lfr\u00e6\u00f0iefni<\/h2>\n\n\n\n<p><a href=\"https:\/\/talkpal.ai\/is\/staerstu-mistokin-sem-tharf-ad-fordast-thegar-thu-laerir-nytt-tungumal\/\">A\u00f0 l\u00e6ra n\u00fdtt tungum\u00e1l<\/a> getur veri\u00f0 krefjandi en gefandi vi\u00f0leitni. Bengalska, ind\u00f3ar\u00edskt tungum\u00e1l sem a\u00f0allega er tala\u00f0 \u00ed Bangladess og indverska r\u00edkinu Vestur-Bengal, er engin undantekning. Me\u00f0 einst\u00f6kum eiginleikum s\u00ednum og uppbyggingu krefst <a href=\"https:\/\/talkpal.ai\/is\/talkpal-fyrir-menntun\/\">n\u00e1m<\/a> bengalsku kerfisbundinnar n\u00e1lgunar til a\u00f0 skilja m\u00e1lfr\u00e6\u00f0i \u00feess. \u00deessi handb\u00f3k l\u00fdsir lykilsvi\u00f0um <a href=\"https:\/\/talkpal.ai\/is\/bengalsk-malfraedi\/\">bengalskrar m\u00e1lfr\u00e6\u00f0i<\/a> \u00ed r\u00f6kr\u00e9ttri r\u00f6\u00f0 fyrir <a href=\"https:\/\/talkpal.ai\/is\/ai-chatbot-fyrir-tungumalanam\/\">tungum\u00e1lan\u00e1m<\/a>, byrja\u00f0 \u00e1 grunnatri\u00f0um eins og nafnor\u00f0um og greinum, og fari\u00f0 yfir \u00e1 fl\u00f3knari sv\u00e6\u00f0i eins og t\u00ed\u00f0ir og setningager\u00f0.<\/p>\n\n\n\n<h3 class=\"wp-block-heading\" id=\"h-1-nouns\">1. Nafnor\u00f0:<\/h3>\n\n\n\n<p>Byrja\u00f0u bengalska tungum\u00e1lafer\u00f0 \u00fe\u00edna me\u00f0 \u00fev\u00ed a\u00f0 l\u00e6ra nafnor\u00f0in. \u00deetta felur \u00ed s\u00e9r skilning \u00e1 algengum n\u00f6fnum og s\u00e9rn\u00f6fnum, hvernig fleirt\u00f6lu er tj\u00e1\u00f0 me\u00f0 formum eins og -ra fyrir f\u00f3lk og -gulo e\u00f0a -guli fyrir hluti, og hlutverk flokkara me\u00f0 t\u00f6lum.<\/p>\n\n\n\n<h3 class=\"wp-block-heading\" id=\"h-2-articles\">2. Greinar:<\/h3>\n\n\n\n<p>Bengalska hefur ekki \u00e1kve\u00f0na e\u00f0a \u00f3\u00e1kve\u00f0na hluti eins og <a href=\"https:\/\/talkpal.ai\/ai-english-speaking-practice\/\">enska<\/a>. \u00deess \u00ed sta\u00f0 er \u00e1kve\u00f0ni og \u00f3\u00e1kve\u00f0ni tj\u00e1\u00f0 me\u00f0 samhengi, s\u00fdnimerkjum, t\u00f6lust\u00f6fum og flokkurum eins og -ta, -ti, -khana og fleirt\u00f6lumerkjum eins og -gulo.<\/p>\n\n\n\n<h3 class=\"wp-block-heading\" id=\"h-3-adjectives\">3. L\u00fdsingaror\u00f0:<\/h3>\n\n\n\n<p>L\u00fdsingaror\u00f0 \u00e1 beng\u00f6lsku eru venjulega \u00e1 undan nafnor\u00f0um \u00feeirra. \u00deeir breytast almennt ekki eftir kyni e\u00f0a fj\u00f6lda. L\u00e6r\u00f0u hvernig \u00e1 a\u00f0 tengja nafnor\u00f0al\u00edkar breytingar vi\u00f0 eignarfalli\u00f0 -er, og hvernig \u00e1 a\u00f0 mynda samanbur\u00f0 og yfirbur\u00f0i me\u00f0 \u00fev\u00ed a\u00f0 nota aro fyrir samanbur\u00f0 og shobcheye fyrir ofuror\u00f0, sem og b\u00f3kmenntavi\u00f0skeyti -tar og -tam.<\/p>\n\n\n\n<h3 class=\"wp-block-heading\" id=\"h-4-pronouns-determiners\">4. Forn\u00f6fn\/\u00e1kv\u00f6r\u00f0unaror\u00f0:<\/h3>\n\n\n\n<p>Forn\u00f6fn og \u00e1kvar\u00f0anir eru nau\u00f0synleg \u00e1 bengalsku. N\u00e1\u00f0u t\u00f6kum \u00e1 pers\u00f3nulegum forn\u00f6fnum \u00fevert \u00e1 formfestustig og n\u00e1l\u00e6g\u00f0, svo sem <a href=\"https:\/\/talkpal.ai\/locations\/language-courses-in-ami\/\">ami<\/a>, tumi, apni, tui, eta, ota, seta. L\u00e6r\u00f0u eignarfall me\u00f0 eignarfalli -er og magnor\u00f0um eins og onek, kichu, koyek, og hvernig flokkara er krafist \u00e1 eftir t\u00f6lust\u00f6fum og m\u00f6rgum \u00e1kv\u00f6r\u00f0unaror\u00f0um.<\/p>\n\n\n\n<h3 class=\"wp-block-heading\" id=\"h-5-verbs\">5. Sagnir:<\/h3>\n\n\n\n<p>Bengalskar sagnir breyta um form fyrir t\u00ed\u00f0, \u00fe\u00e1tt, pers\u00f3nu og formlegheit. Byrja\u00f0u \u00e1 n\u00fat\u00ed\u00f0arformunum og far\u00f0u til fort\u00ed\u00f0ar og framt\u00ed\u00f0ar. L\u00e6r\u00f0u hvernig sagnstofnar sameinast hli\u00f0armerkjum og pers\u00f3nulegum endingum, svo og br\u00fdnni og tengingarl\u00edkri notkun.<\/p>\n\n\n\n<h3 class=\"wp-block-heading\" id=\"h-6-tenses\">6. Spennur:<\/h3>\n\n\n\n<p>Eftir <a href=\"https:\/\/talkpal.ai\/culture\/what-is-the-verb-ad-hafa-and-when-is-it-used\/\">a\u00f0 hafa<\/a> n\u00e1\u00f0 t\u00f6kum \u00e1 sagnamynstrinu skaltu kafa d\u00fdpra \u00ed bengalska t\u00ed\u00f0 og \u00fe\u00e1tt. Skildu n\u00fat\u00ed\u00f0, fort\u00ed\u00f0 og framt\u00ed\u00f0 \u00e1samt \u00fe\u00e1ttagreinarmun eins og einf\u00f6ldum, frams\u00e6knum og fullkomnum og hvernig formfesta hefur \u00e1hrif \u00e1 endalok.<\/p>\n\n\n\n<h3 class=\"wp-block-heading\" id=\"h-7-tense-comparison\">7. Spenntur samanbur\u00f0ur:<\/h3>\n\n\n\n<p>Samanbur\u00f0ur \u00e1 t\u00ed\u00f0um og \u00fe\u00e1ttum \u00ed bengalsku hj\u00e1lpar til vi\u00f0 a\u00f0 skilja r\u00f6\u00f0 og bl\u00e6brig\u00f0i atbur\u00f0a. A\u00f0 bera saman s\u00f6mu s\u00f6gnina \u00ed n\u00fat\u00ed\u00f0, fort\u00ed\u00f0, framt\u00ed\u00f0 og formfestu mun styrkja skilning \u00feinn \u00e1 notkun.<\/p>\n\n\n\n<h3 class=\"wp-block-heading\" id=\"h-8-progressive\">8. Frams\u00e6ki\u00f0:<\/h3>\n\n\n\n<p>Frams\u00f3knarma\u00f0urinn \u00e1 bengalsku l\u00fdsir \u00e1framhaldandi a\u00f0ger\u00f0um. \u00dea\u00f0 er venjulega mynda\u00f0 me\u00f0 frams\u00e6kna merkinu -chh- fest vi\u00f0 sagnstofninn auk pers\u00f3nulegra endinga, til d\u00e6mis korchhi fyrir \u00e9g er a\u00f0 <a href=\"https:\/\/talkpal.ai\/locations\/language-courses-in-gera\/\">gera<\/a>, og getur einnig komi\u00f0 fyrir \u00ed ja\u00f0arformum eins og korte achhi \u00ed sumum skr\u00e1m.<\/p>\n\n\n\n<h3 class=\"wp-block-heading\" id=\"h-9-perfect-progressive\">9. Fullkominn frams\u00e6kinn:<\/h3>\n\n\n\n<p>\u00deetta l\u00fdsir a\u00f0ger\u00f0um sem hafa veri\u00f0 \u00ed gangi fram a\u00f0 \u00e1kve\u00f0num t\u00edmapunkti. \u00cd beng\u00f6lsku er \u00fea\u00f0 venjulega flutt me\u00f0 participum og hj\u00e1lparor\u00f0um eins og kore aschi fyrir hafa veri\u00f0 a\u00f0 gera og korte chhilam fyrir var a\u00f0 gera, me\u00f0 afbrig\u00f0um sem nota thaka til a\u00f0 leggja \u00e1herslu \u00e1 samfellu.<\/p>\n\n\n\n<h3 class=\"wp-block-heading\" id=\"h-10-conditionals\">10. Skilyr\u00f0i:<\/h3>\n\n\n\n<p>Skilyr\u00f0i tj\u00e1 \u00edmynda\u00f0ar a\u00f0st\u00e6\u00f0ur og ni\u00f0urst\u00f6\u00f0ur. \u00cd beng\u00f6lsku eru \u00feau myndu\u00f0 me\u00f0 \u00f6gninni jodi og oft tahole, sem og me\u00f0 skilyrtum vi\u00f0skeytum eins og -le \u00e1 s\u00f6gninni, og gagnsta\u00f0reyndum me\u00f0 hoto fyrir would have.<\/p>\n\n\n\n<h3 class=\"wp-block-heading\" id=\"h-11-adverbs\">11. Atviksor\u00f0:<\/h3>\n\n\n\n<p>Atviksor\u00f0 \u00e1 bengalsku breyta s\u00f6gnum, l\u00fdsingaror\u00f0um e\u00f0a \u00f6\u00f0rum atviksor\u00f0um. L\u00e6r\u00f0u atviksor\u00f0 sem myndast me\u00f0 -bhabe, sem og algeng \u00f3breytanleg atviksor\u00f0 sta\u00f0a, t\u00edma og gr\u00e1\u00f0u eins og ekhane, ekhon, beshi og khub.<\/p>\n\n\n\n<h3 class=\"wp-block-heading\" id=\"h-12-prepositions\">12. Forsetningar:<\/h3>\n\n\n\n<p>Bengalska notar p\u00f3stst\u00f6\u00f0ur frekar en forsetningar. \u00deeir fylgja nafnor\u00f0inu og \u00feurfa oft fall- e\u00f0a eignarfallstengingu, til d\u00e6mis ghore, ghar theke, boi er upor, bandhuder shathe, kal porjonto, og tj\u00e1 tengsl t\u00edma, sta\u00f0ar og stefnu.<\/p>\n\n\n\n<h3 class=\"wp-block-heading\" id=\"h-13-sentences\">13. Setningar:<\/h3>\n\n\n\n<p>A\u00f0 lokum, \u00e6f\u00f0u \u00feig \u00ed a\u00f0 sm\u00ed\u00f0a setningar. \u00deetta mun fela \u00ed s\u00e9r a\u00f0 nota \u00f6ll \u00e1\u00f0ur l\u00e6r\u00f0 m\u00e1lfr\u00e6\u00f0iatri\u00f0i \u00ed samhengi, \u00fear \u00e1 me\u00f0al d\u00e6miger\u00f0a SOV or\u00f0ar\u00f6\u00f0, neitun me\u00f0 na, oft n\u00fall k\u00f3pula \u00ed n\u00fat\u00ed\u00f0 og spurningamyndun me\u00f0 ki og wh-or\u00f0um, og tryggja \u00feannig alhli\u00f0a skilning \u00e1 bengalsku.<\/p>\n<\/div><\/div>\n\r\n<section class=\"learnNavigationSection\">\r\n            \r\n        <a href=\"https:\/\/talkpal.ai\/is\/laerdu-bengalsku\/\">\r\n            <div class=\"learnNavigationWrapper\">\r\n                <div class=\"learnNavigationContent\">\r\n                    <img decoding=\"async\" src=\"https:\/\/talkpal.ai\/wp-content\/uploads\/2025\/11\/Bengali.png\" alt=\"Bengali Flag\">\r\n                    <div>\r\n                        <h4>Um bengalskt n\u00e1m<\/h4>\r\n                        <p>Kynntu \u00fe\u00e9r allt um bengalska m\u00e1lfr\u00e6\u00f0i.<\/p>\r\n                    <\/div>\r\n                <\/div>\r\n            <\/div>\r\n        <\/a>\r\n\r\n        \r\n        <a href=\"https:\/\/talkpal.ai\/is\/bengalsk-malfraedi\/\">\r\n            <div class=\"learnNavigationWrapper\">\r\n                <div class=\"learnNavigationContent\">\r\n                    <img decoding=\"async\" src=\"https:\/\/talkpal.ai\/wp-content\/uploads\/2025\/11\/Bengali.png\" alt=\"Bengali Flag\">\r\n                    <div>\r\n                        <h4>Bengalska m\u00e1lfr\u00e6\u00f0ikennsla<\/h4>\r\n                        <p>\u00c6f\u00f0u bengalska m\u00e1lfr\u00e6\u00f0i.<\/p>\r\n                    <\/div>\r\n                <\/div>\r\n            <\/div>\r\n        <\/a>\r\n\r\n            <\/section>","protected":false},"excerpt":{"rendered":"<p>Bengalska m\u00e1lfr\u00e6\u00f0iefni A\u00f0 l\u00e6ra n\u00fdtt tungum\u00e1l getur veri\u00f0 krefjandi en gefandi vi\u00f0leitni. Bengalska, ind\u00f3ar\u00edskt tungum\u00e1l sem a\u00f0allega er tala\u00f0 \u00ed Bangladess og indverska r\u00edkinu Vestur-Bengal, er engin undantekning. Me\u00f0 einst\u00f6kum eiginleikum s\u00ednum og uppbyggingu krefst n\u00e1m bengalsku kerfisbundinnar n\u00e1lgunar til a\u00f0 skilja m\u00e1lfr\u00e6\u00f0i \u00feess. \u00deessi handb\u00f3k l\u00fdsir lykilsvi\u00f0um bengalskrar m\u00e1lfr\u00e6\u00f0i \u00ed r\u00f6kr\u00e9ttri r\u00f6\u00f0 fyrir tungum\u00e1lan\u00e1m, [&hellip;]<\/p>\n","protected":false},"author":20,"featured_media":0,"parent":0,"menu_order":0,"comment_status":"closed","ping_status":"closed","template":"LearningContentPage.php","meta":{"_acf_changed":false,"footnotes":""},"class_list":["post-1476056","page","type-page","status-publish","hentry"],"acf":[],"yoast_head":"<!-- This site is optimized with the Yoast SEO Premium plugin v27.2 (Yoast SEO v27.2) - https:\/\/yoast.com\/product\/yoast-seo-premium-wordpress\/ -->\n<title>Bengalska m\u00e1lfr\u00e6\u00f0i\u00e6fingar - Talkpal<\/title>\n<meta name=\"description\" content=\"N\u00e1\u00f0u t\u00f6kum \u00e1 grunnatri\u00f0um beng\u00f6lsku m\u00e1lfr\u00e6\u00f0innar me\u00f0 gagnvirkum \u00e6fingum sem fjalla um nafnor\u00f0, sagnir og t\u00ed\u00f0ir til a\u00f0 auka tungum\u00e1lakunn\u00e1ttu \u00fe\u00edna.\" \/>\n<meta name=\"robots\" content=\"index, follow, max-snippet:-1, max-image-preview:large, max-video-preview:-1\" \/>\n<link rel=\"canonical\" href=\"https:\/\/talkpal.ai\/is\/bengalska-malfraediaefingar\/\" \/>\n<meta property=\"og:locale\" content=\"is_IS\" \/>\n<meta property=\"og:type\" content=\"article\" \/>\n<meta property=\"og:title\" content=\"Bengalska m\u00e1lfr\u00e6\u00f0i\u00e6fingar\" \/>\n<meta property=\"og:description\" content=\"Bengalska m\u00e1lfr\u00e6\u00f0iefni A\u00f0 l\u00e6ra n\u00fdtt tungum\u00e1l getur veri\u00f0 krefjandi en gefandi vi\u00f0leitni. Bengalska, ind\u00f3ar\u00edskt tungum\u00e1l sem a\u00f0allega er tala\u00f0 \u00ed Bangladess\" \/>\n<meta property=\"og:url\" content=\"https:\/\/talkpal.ai\/is\/bengalska-malfraediaefingar\/\" \/>\n<meta property=\"og:site_name\" content=\"Talkpal\" \/>\n<meta property=\"article:publisher\" content=\"https:\/\/www.facebook.com\/profile.php?id=100090733639311\" \/>\n<meta property=\"article:modified_time\" content=\"2025-12-30T15:03:34+00:00\" \/>\n<meta property=\"og:image\" content=\"https:\/\/talkpal.ai\/wp-content\/uploads\/2025\/02\/Progress-tab-16_9.png\" \/>\n\t<meta property=\"og:image:width\" content=\"2880\" \/>\n\t<meta property=\"og:image:height\" content=\"1620\" \/>\n\t<meta property=\"og:image:type\" content=\"image\/png\" \/>\n<meta name=\"twitter:card\" content=\"summary_large_image\" \/>\n<meta name=\"twitter:site\" content=\"@talkpalai\" \/>\n<meta name=\"twitter:label1\" content=\"Est. reading time\" \/>\n\t<meta name=\"twitter:data1\" content=\"4 minutes\" \/>\n<script type=\"application\/ld+json\" class=\"yoast-schema-graph\">{\"@context\":\"https:\/\/schema.org\",\"@graph\":[{\"@type\":\"WebPage\",\"@id\":\"https:\/\/talkpal.ai\/is\/bengalska-malfraediaefingar\/\",\"url\":\"https:\/\/talkpal.ai\/is\/bengalska-malfraediaefingar\/\",\"name\":\"Bengalska m\u00e1lfr\u00e6\u00f0i\u00e6fingar - Talkpal\",\"isPartOf\":{\"@id\":\"https:\/\/talkpal.ai\/is\/#website\"},\"datePublished\":\"2025-11-11T15:55:06+00:00\",\"dateModified\":\"2025-12-30T15:03:34+00:00\",\"description\":\"N\u00e1\u00f0u t\u00f6kum \u00e1 grunnatri\u00f0um beng\u00f6lsku m\u00e1lfr\u00e6\u00f0innar me\u00f0 gagnvirkum \u00e6fingum sem fjalla um nafnor\u00f0, sagnir og t\u00ed\u00f0ir til a\u00f0 auka tungum\u00e1lakunn\u00e1ttu \u00fe\u00edna.\",\"breadcrumb\":{\"@id\":\"https:\/\/talkpal.ai\/is\/bengalska-malfraediaefingar\/#breadcrumb\"},\"inLanguage\":\"is\",\"potentialAction\":[{\"@type\":\"ReadAction\",\"target\":[\"https:\/\/talkpal.ai\/is\/bengalska-malfraediaefingar\/\"]}]},{\"@type\":\"BreadcrumbList\",\"@id\":\"https:\/\/talkpal.ai\/is\/bengalska-malfraediaefingar\/#breadcrumb\",\"itemListElement\":[{\"@type\":\"ListItem\",\"position\":1,\"name\":\"Homepage\",\"item\":\"https:\/\/talkpal.ai\/is\/\"},{\"@type\":\"ListItem\",\"position\":2,\"name\":\"Bengalska m\u00e1lfr\u00e6\u00f0i\u00e6fingar\"}]},{\"@type\":\"WebSite\",\"@id\":\"https:\/\/talkpal.ai\/is\/#website\",\"url\":\"https:\/\/talkpal.ai\/is\/\",\"name\":\"Talkpal\",\"description\":\"AI Language Learning\",\"publisher\":{\"@id\":\"https:\/\/talkpal.ai\/is\/#organization\"},\"alternateName\":\"Talkpal AI\",\"potentialAction\":[{\"@type\":\"SearchAction\",\"target\":{\"@type\":\"EntryPoint\",\"urlTemplate\":\"https:\/\/talkpal.ai\/is\/?s={search_term_string}\"},\"query-input\":{\"@type\":\"PropertyValueSpecification\",\"valueRequired\":true,\"valueName\":\"search_term_string\"}}],\"inLanguage\":\"is\"},{\"@type\":\"Organization\",\"@id\":\"https:\/\/talkpal.ai\/is\/#organization\",\"name\":\"Talkpal, Inc.\",\"alternateName\":\"Talkpal AI\",\"url\":\"https:\/\/talkpal.ai\/is\/\",\"logo\":{\"@type\":\"ImageObject\",\"inLanguage\":\"is\",\"@id\":\"https:\/\/talkpal.ai\/is\/#\/schema\/logo\/image\/\",\"url\":\"https:\/\/talkpal.ai\/wp-content\/uploads\/2024\/03\/Talkpal-Logo-Icon.png\",\"contentUrl\":\"https:\/\/talkpal.ai\/wp-content\/uploads\/2024\/03\/Talkpal-Logo-Icon.png\",\"width\":2880,\"height\":2880,\"caption\":\"Talkpal, Inc.\"},\"image\":{\"@id\":\"https:\/\/talkpal.ai\/is\/#\/schema\/logo\/image\/\"},\"sameAs\":[\"https:\/\/www.facebook.com\/profile.php?id=100090733639311\",\"https:\/\/x.com\/talkpalai\",\"https:\/\/www.linkedin.com\/company\/talkpal\/\",\"https:\/\/www.youtube.com\/@TalkPal\/\",\"https:\/\/www.tiktok.com\/@talkpal\",\"https:\/\/www.instagram.com\/talkpal_ai\/\",\"https:\/\/www.crunchbase.com\/organization\/talkpal-9cde\",\"https:\/\/www.g2.com\/products\/talkpal-for-business\/\",\"https:\/\/www.trustpilot.com\/review\/talkpal.ai\",\"https:\/\/www.capterra.com\/p\/10006800\/TalkPal\/\"],\"description\":\"Talkpal is a language learning web and mobile education app, powered by the latest AI technologies, that provides engaging experiences to its customers in many different languages to help them improve their language skills. Users can chat about unlimited amount of topics with the app and use other modes to practice their language learning.\",\"email\":\"support@talkpal.ai\",\"legalName\":\"Talkpal, Inc.\",\"foundingDate\":\"2023-04-03\",\"duns\":\"118989042\",\"numberOfEmployees\":{\"@type\":\"QuantitativeValue\",\"minValue\":\"11\",\"maxValue\":\"50\"},\"publishingPrinciples\":\"https:\/\/talkpal.ai\/publishing-principles\/\",\"actionableFeedbackPolicy\":\"https:\/\/talkpal.ai\/actionable-feedback-policy\/\",\"correctionsPolicy\":\"https:\/\/talkpal.ai\/corrections-policy\/\",\"ethicsPolicy\":\"https:\/\/talkpal.ai\/ethics-policy\/\",\"diversityPolicy\":\"https:\/\/talkpal.ai\/diversity-policy\/\",\"diversityStaffingReport\":\"https:\/\/talkpal.ai\/diversity-policy\/\"}]}<\/script>\n<!-- \/ Yoast SEO Premium plugin. -->","yoast_head_json":{"title":"Bengalska m\u00e1lfr\u00e6\u00f0i\u00e6fingar - Talkpal","description":"N\u00e1\u00f0u t\u00f6kum \u00e1 grunnatri\u00f0um beng\u00f6lsku m\u00e1lfr\u00e6\u00f0innar me\u00f0 gagnvirkum \u00e6fingum sem fjalla um nafnor\u00f0, sagnir og t\u00ed\u00f0ir til a\u00f0 auka tungum\u00e1lakunn\u00e1ttu \u00fe\u00edna.","robots":{"index":"index","follow":"follow","max-snippet":"max-snippet:-1","max-image-preview":"max-image-preview:large","max-video-preview":"max-video-preview:-1"},"canonical":"https:\/\/talkpal.ai\/is\/bengalska-malfraediaefingar\/","og_locale":"is_IS","og_type":"article","og_title":"Bengalska m\u00e1lfr\u00e6\u00f0i\u00e6fingar","og_description":"Bengalska m\u00e1lfr\u00e6\u00f0iefni A\u00f0 l\u00e6ra n\u00fdtt tungum\u00e1l getur veri\u00f0 krefjandi en gefandi vi\u00f0leitni. Bengalska, ind\u00f3ar\u00edskt tungum\u00e1l sem a\u00f0allega er tala\u00f0 \u00ed Bangladess","og_url":"https:\/\/talkpal.ai\/is\/bengalska-malfraediaefingar\/","og_site_name":"Talkpal","article_publisher":"https:\/\/www.facebook.com\/profile.php?id=100090733639311","article_modified_time":"2025-12-30T15:03:34+00:00","og_image":[{"width":2880,"height":1620,"url":"https:\/\/talkpal.ai\/wp-content\/uploads\/2025\/02\/Progress-tab-16_9.png","type":"image\/png"}],"twitter_card":"summary_large_image","twitter_site":"@talkpalai","twitter_misc":{"Est. reading time":"4 minutes"},"schema":{"@context":"https:\/\/schema.org","@graph":[{"@type":"WebPage","@id":"https:\/\/talkpal.ai\/is\/bengalska-malfraediaefingar\/","url":"https:\/\/talkpal.ai\/is\/bengalska-malfraediaefingar\/","name":"Bengalska m\u00e1lfr\u00e6\u00f0i\u00e6fingar - Talkpal","isPartOf":{"@id":"https:\/\/talkpal.ai\/is\/#website"},"datePublished":"2025-11-11T15:55:06+00:00","dateModified":"2025-12-30T15:03:34+00:00","description":"N\u00e1\u00f0u t\u00f6kum \u00e1 grunnatri\u00f0um beng\u00f6lsku m\u00e1lfr\u00e6\u00f0innar me\u00f0 gagnvirkum \u00e6fingum sem fjalla um nafnor\u00f0, sagnir og t\u00ed\u00f0ir til a\u00f0 auka tungum\u00e1lakunn\u00e1ttu \u00fe\u00edna.","breadcrumb":{"@id":"https:\/\/talkpal.ai\/is\/bengalska-malfraediaefingar\/#breadcrumb"},"inLanguage":"is","potentialAction":[{"@type":"ReadAction","target":["https:\/\/talkpal.ai\/is\/bengalska-malfraediaefingar\/"]}]},{"@type":"BreadcrumbList","@id":"https:\/\/talkpal.ai\/is\/bengalska-malfraediaefingar\/#breadcrumb","itemListElement":[{"@type":"ListItem","position":1,"name":"Homepage","item":"https:\/\/talkpal.ai\/is\/"},{"@type":"ListItem","position":2,"name":"Bengalska m\u00e1lfr\u00e6\u00f0i\u00e6fingar"}]},{"@type":"WebSite","@id":"https:\/\/talkpal.ai\/is\/#website","url":"https:\/\/talkpal.ai\/is\/","name":"Talkpal","description":"AI Language Learning","publisher":{"@id":"https:\/\/talkpal.ai\/is\/#organization"},"alternateName":"Talkpal AI","potentialAction":[{"@type":"SearchAction","target":{"@type":"EntryPoint","urlTemplate":"https:\/\/talkpal.ai\/is\/?s={search_term_string}"},"query-input":{"@type":"PropertyValueSpecification","valueRequired":true,"valueName":"search_term_string"}}],"inLanguage":"is"},{"@type":"Organization","@id":"https:\/\/talkpal.ai\/is\/#organization","name":"Talkpal, Inc.","alternateName":"Talkpal AI","url":"https:\/\/talkpal.ai\/is\/","logo":{"@type":"ImageObject","inLanguage":"is","@id":"https:\/\/talkpal.ai\/is\/#\/schema\/logo\/image\/","url":"https:\/\/talkpal.ai\/wp-content\/uploads\/2024\/03\/Talkpal-Logo-Icon.png","contentUrl":"https:\/\/talkpal.ai\/wp-content\/uploads\/2024\/03\/Talkpal-Logo-Icon.png","width":2880,"height":2880,"caption":"Talkpal, Inc."},"image":{"@id":"https:\/\/talkpal.ai\/is\/#\/schema\/logo\/image\/"},"sameAs":["https:\/\/www.facebook.com\/profile.php?id=100090733639311","https:\/\/x.com\/talkpalai","https:\/\/www.linkedin.com\/company\/talkpal\/","https:\/\/www.youtube.com\/@TalkPal\/","https:\/\/www.tiktok.com\/@talkpal","https:\/\/www.instagram.com\/talkpal_ai\/","https:\/\/www.crunchbase.com\/organization\/talkpal-9cde","https:\/\/www.g2.com\/products\/talkpal-for-business\/","https:\/\/www.trustpilot.com\/review\/talkpal.ai","https:\/\/www.capterra.com\/p\/10006800\/TalkPal\/"],"description":"Talkpal is a language learning web and mobile education app, powered by the latest AI technologies, that provides engaging experiences to its customers in many different languages to help them improve their language skills. Users can chat about unlimited amount of topics with the app and use other modes to practice their language learning.","email":"support@talkpal.ai","legalName":"Talkpal, Inc.","foundingDate":"2023-04-03","duns":"118989042","numberOfEmployees":{"@type":"QuantitativeValue","minValue":"11","maxValue":"50"},"publishingPrinciples":"https:\/\/talkpal.ai\/publishing-principles\/","actionableFeedbackPolicy":"https:\/\/talkpal.ai\/actionable-feedback-policy\/","correctionsPolicy":"https:\/\/talkpal.ai\/corrections-policy\/","ethicsPolicy":"https:\/\/talkpal.ai\/ethics-policy\/","diversityPolicy":"https:\/\/talkpal.ai\/diversity-policy\/","diversityStaffingReport":"https:\/\/talkpal.ai\/diversity-policy\/"}]}},"_links":{"self":[{"href":"https:\/\/talkpal.ai\/is\/wp-json\/wp\/v2\/pages\/1476056","targetHints":{"allow":["GET"]}}],"collection":[{"href":"https:\/\/talkpal.ai\/is\/wp-json\/wp\/v2\/pages"}],"about":[{"href":"https:\/\/talkpal.ai\/is\/wp-json\/wp\/v2\/types\/page"}],"author":[{"embeddable":true,"href":"https:\/\/talkpal.ai\/is\/wp-json\/wp\/v2\/users\/20"}],"replies":[{"embeddable":true,"href":"https:\/\/talkpal.ai\/is\/wp-json\/wp\/v2\/comments?post=1476056"}],"version-history":[{"count":0,"href":"https:\/\/talkpal.ai\/is\/wp-json\/wp\/v2\/pages\/1476056\/revisions"}],"wp:attachment":[{"href":"https:\/\/talkpal.ai\/is\/wp-json\/wp\/v2\/media?parent=1476056"}],"curies":[{"name":"wp","href":"https:\/\/api.w.org\/{rel}","templated":true}]}}