{"id":1475928,"date":"2025-11-11T15:33:20","date_gmt":"2025-11-11T15:33:20","guid":{"rendered":"https:\/\/talkpal.ai\/baskneskar-malfraediaefingar\/"},"modified":"2025-12-30T15:06:41","modified_gmt":"2025-12-30T15:06:41","slug":"baskneskar-malfraediaefingar","status":"publish","type":"page","link":"https:\/\/talkpal.ai\/is\/baskneskar-malfraediaefingar\/","title":{"rendered":"Baskneskar m\u00e1lfr\u00e6\u00f0i\u00e6fingar"},"content":{"rendered":"\r\n\r\n\r\n<section class=\"languageChallengeSection\">\r\n    <div class=\"languageInfoWrapper\">\r\n        \r\n        <h1>Baskneskar m\u00e1lfr\u00e6\u00f0i\u00e6fingar<\/h1>\r\n        <p>Tilb\u00fainn til a\u00f0 kafa ofan \u00ed <a href=\"https:\/\/talkpal.ai\/learn-basque\/\">baskneska<\/a> <a href=\"https:\/\/talkpal.ai\/grammar\/\">m\u00e1lfr\u00e6\u00f0i<\/a>? A\u00f0 \u00e6fa sig \u00ed nokkrum grunnatri\u00f0um mun hj\u00e1lpa \u00fe\u00e9r a\u00f0 tileinka \u00fe\u00e9r \u00feetta einstaka og fallega tungum\u00e1l. Pr\u00f3fa\u00f0u \u00feessar \u00e6fingar til a\u00f0 byggja upp sj\u00e1lfstrausti\u00f0 og skemmta \u00fe\u00e9r vel \u00ed lei\u00f0inni!<\/p>\r\n\r\n                            <a class=\"getStartedHidden\" href=\"https:\/\/app.talkpal.ai\/signup?lng=\">Byrja\u00f0u<\/a>\r\n        \r\n    <\/div>\r\n\r\n    <figure>\r\n    <img decoding=\"async\" width=\"768\" height=\"768\" src=\"https:\/\/talkpal.ai\/wp-content\/uploads\/2023\/06\/welsh-768x768.png\" class=\"languageImage no-lazy\" alt=\"Language learning for better cognitive abilities\" fetchpriority=\"high\" sizes=\"(max-width: 768px) 150px, 768px\" srcset=\"https:\/\/talkpal.ai\/wp-content\/uploads\/2023\/06\/welsh-768x768.png 768w, https:\/\/talkpal.ai\/wp-content\/uploads\/2023\/06\/welsh-300x300.png 300w\" \/>\r\n    \r\n\r\n    <\/figure>\r\n\r\n            <a class=\"getStartedVisible\" href=\"https:\/\/app.talkpal.ai\/signup?lng=\">Byrja\u00f0u<\/a>\r\n    \r\n<\/section><section class=\"promotionalBanner\">\r\n    <p class=\"promotionalText\">Skilvirkasta lei\u00f0in til a\u00f0 l\u00e6ra tungum\u00e1l<\/p>\r\n    <a class=\"promotionalLink\" href=\"https:\/\/app.talkpal.ai\/signup?lng=\">Pr\u00f3fa\u00f0u Talkpal \u00f3keypis<\/a>\r\n<\/section>\n<div class=\"wp-block-group pageContainerStyle\"><div class=\"wp-block-group__inner-container is-layout-constrained wp-block-group-is-layout-constrained\">\n<h2 class=\"wp-block-heading\" id=\"h-basque-grammar-topics\">Basknesk m\u00e1lfr\u00e6\u00f0iefni<\/h2>\n\n\n\n<p><a href=\"https:\/\/talkpal.ai\/is\/staerstu-mistokin-sem-tharf-ad-fordast-thegar-thu-laerir-nytt-tungumal\/\">A\u00f0 l\u00e6ra n\u00fdtt tungum\u00e1l<\/a> A\u00f0 l\u00e6ra n\u00fdtt tungum\u00e1l getur veri\u00f0 krefjandi en gefandi vi\u00f0leitni. Baska, tungum\u00e1l sem er einangra\u00f0 \u00ed Baskalandi, er engin undantekning. Me\u00f0 einst\u00f6kum eiginleikum s\u00ednum og uppbyggingu, \u00fear \u00e1 me\u00f0al ergativity og umfangsmiklu m\u00e1lkerfi, krefst <a href=\"https:\/\/talkpal.ai\/is\/talkpal-fyrir-menntun\/\">n\u00e1m<\/a> basknesku kerfisbundinnar n\u00e1lgunar til a\u00f0 skilja m\u00e1lfr\u00e6\u00f0i \u00feess. \u00deessi handb\u00f3k l\u00fdsir lykilsvi\u00f0um baskneskrar<a href=\"https:\/\/talkpal.ai\/is\/basknesk-malfraedi\/\"> m\u00e1lfr\u00e6\u00f0i <\/a>\u00ed r\u00f6kr\u00e9ttri r\u00f6\u00f0 fyrir <a href=\"https:\/\/talkpal.ai\/is\/ai-chatbot-fyrir-tungumalanam\/\">tungum\u00e1lan\u00e1m<\/a>, byrja\u00f0 \u00e1 grunnatri\u00f0um eins og nafnor\u00f0um og greinum, og fari\u00f0 yfir \u00e1 fl\u00f3knari sv\u00e6\u00f0i eins og t\u00ed\u00f0ir og setningager\u00f0.<\/p>\n\n\n\n<h3 class=\"wp-block-heading\" id=\"h-1-nouns\">1. Nafnor\u00f0:<\/h3>\n\n\n\n<p>Byrja\u00f0u basknesku tungum\u00e1lafer\u00f0ina \u00fe\u00edna me\u00f0 \u00fev\u00ed a\u00f0 l\u00e6ra nafnor\u00f0in. \u00deetta felur \u00ed s\u00e9r skilning \u00e1 algengum n\u00f6fnum og s\u00e9rn\u00f6fnum, hvernig <a href=\"https:\/\/talkpal.ai\/locations\/language-courses-in-tala\/\">tala<\/a> og \u00e1kve\u00f0ni eru merkt me\u00f0 vi\u00f0skeytum og hvernig fallendingar virka fyrir hlutverk eins og algert, ergative og dative.<\/p>\n\n\n\n<h3 class=\"wp-block-heading\" id=\"h-2-articles\">2. Greinar:<\/h3>\n\n\n\n<p>Greinar \u00e1 basknesku virka \u00f6\u00f0ruv\u00edsi en <a href=\"https:\/\/talkpal.ai\/ai-english-speaking-practice\/\">\u00e1 ensku<\/a>. \u00c1kve\u00f0ni greinin er vi\u00f0skeyti sem fylgir nafnor\u00f0inu og \u00fea\u00f0 er enginn sannur \u00f3\u00e1kve\u00f0inn greinir. A\u00f0 n\u00e1 t\u00f6kum \u00e1 \u00fev\u00ed hvernig \u00e1kve\u00f0ni og fj\u00f6ldi eru merkt skiptir sk\u00f6pum \u00ed setningager\u00f0.<\/p>\n\n\n\n<h3 class=\"wp-block-heading\" id=\"h-3-adjectives\">3. L\u00fdsingaror\u00f0:<\/h3>\n\n\n\n<p>L\u00fdsingaror\u00f0 \u00e1 basknesku fylgja venjulega nafnor\u00f0um \u00feeirra. L\u00e6r\u00f0u hvernig greinin tengist endanum \u00e1 allri nafnor\u00f0asambandinu og hvernig \u00e1 a\u00f0 mynda samanbur\u00f0aror\u00f0 og yfirbur\u00f0i, til d\u00e6mis me\u00f0 -ago fyrir samanbur\u00f0 og -en vi\u00f0 greinina fyrir yfirbur\u00f0i.<\/p>\n\n\n\n<h3 class=\"wp-block-heading\" id=\"h-4-pronouns-determiners\">4. Forn\u00f6fn\/\u00e1kv\u00f6r\u00f0unaror\u00f0:<\/h3>\n\n\n\n<p>Forn\u00f6fn og \u00e1kvar\u00f0anir eru nau\u00f0synleg \u00e1 basknesku; \u00deeir koma \u00ed sta\u00f0 nafnor\u00f0a og veita uppl\u00fdsingar um magn, eign og fleira. Gef\u00f0u gaum a\u00f0 eignarfalls\u00e1kv\u00f6r\u00f0unum og hvernig pers\u00f3na og tala endurspeglast \u00ed hj\u00e1lpars\u00f6gninni.<\/p>\n\n\n\n<h3 class=\"wp-block-heading\" id=\"h-5-verbs\">5. Sagnir:<\/h3>\n\n\n\n<p>Baskneskar sagnir eru a\u00f0 mestu ja\u00f0arsetningar, me\u00f0 hj\u00e1lparor\u00f0um sem eru samm\u00e1la vi\u00f0fangsefni og hlutum. Byrja\u00f0u \u00e1 n\u00fat\u00ed\u00f0 algengra hj\u00e1lparor\u00f0a og a\u00f0alsagna\u00fe\u00e1tta, kanna\u00f0u s\u00ed\u00f0an sm\u00e1m saman fort\u00ed\u00f0 og framt\u00ed\u00f0, sem og nau\u00f0synjaform.<\/p>\n\n\n\n<h3 class=\"wp-block-heading\" id=\"h-6-tenses\">6. Spennur:<\/h3>\n\n\n\n<p>Eftir <a href=\"https:\/\/talkpal.ai\/culture\/what-is-the-verb-ad-hafa-and-when-is-it-used\/\">a\u00f0 hafa<\/a> n\u00e1\u00f0 t\u00f6kum \u00e1 sagnformunum skaltu kafa d\u00fdpra \u00ed baskneska t\u00ed\u00f0 og \u00fe\u00e1tt. Skilja hvernig n\u00fat\u00ed\u00f0, fort\u00ed\u00f0 og framt\u00ed\u00f0 merkingar eru tj\u00e1\u00f0ar me\u00f0 hj\u00e1lparor\u00f0um og \u00fe\u00e1ttum og hvernig \u00fe\u00e1ttagreinarmunur hefur \u00e1hrif \u00e1 notkun \u00ed mismunandi samhengi.<\/p>\n\n\n\n<h3 class=\"wp-block-heading\" id=\"h-7-tense-comparison\">7. Spenntur samanbur\u00f0ur:<\/h3>\n\n\n\n<p>Samanbur\u00f0ur \u00e1 t\u00ed\u00f0um \u00e1 basknesku hj\u00e1lpar til vi\u00f0 a\u00f0 skilja atbur\u00f0arr\u00e1sina. Samanbur\u00f0ur \u00e1 s\u00f6mu sagnsetningu milli n\u00fat\u00ed\u00f0ar, fort\u00ed\u00f0ar og framt\u00ed\u00f0ar hj\u00e1lpart\u00e6kja mun veita betri skilning \u00e1 \u00fev\u00ed hvernig baskneska h\u00f6ndlar t\u00edma og \u00fe\u00e1tt.<\/p>\n\n\n\n<h3 class=\"wp-block-heading\" id=\"h-8-progressive\">8. Frams\u00e6ki\u00f0:<\/h3>\n\n\n\n<p>Frams\u00f3knarma\u00f0urinn \u00e1 basknesku er nota\u00f0ur til a\u00f0 tj\u00e1 \u00e1framhaldandi a\u00f0ger\u00f0ir. \u00dea\u00f0 er mynda\u00f0 me\u00f0 -tzen mynd sagnarinnar \u00e1samt ari izan sem hj\u00e1lparefni.<\/p>\n\n\n\n<h3 class=\"wp-block-heading\" id=\"h-9-perfect-progressive\">9. Fullkominn frams\u00e6kinn:<\/h3>\n\n\n\n<p>\u00deetta er nota\u00f0 til a\u00f0 tj\u00e1 a\u00f0ger\u00f0ir sem hafa veri\u00f0 \u00ed gangi fram a\u00f0 \u00e1kve\u00f0num t\u00edmapunkti. \u00c1 basknesku er \u00fea\u00f0 mynda\u00f0 me\u00f0 fullkomnu izan \u00e1samt ari og -tzen mynd a\u00f0alsagnarinnar.<\/p>\n\n\n\n<h3 class=\"wp-block-heading\" id=\"h-10-conditionals\">10. Skilyr\u00f0i:<\/h3>\n\n\n\n<p>Skilyrt l\u00fdsir \u00edmyndu\u00f0um a\u00f0st\u00e6\u00f0um og hugsanlegum ni\u00f0urst\u00f6\u00f0um \u00feeirra. \u00c1 basknesku eru \u00feau myndu\u00f0 me\u00f0 skilyrtum hj\u00e1lparor\u00f0um og setningum kynnt me\u00f0 ba, og \u00feau munu b\u00e6ta bl\u00e6brig\u00f0um og n\u00e1kv\u00e6mni vi\u00f0 tungum\u00e1lakunn\u00e1ttu \u00fe\u00edna.<\/p>\n\n\n\n<h3 class=\"wp-block-heading\" id=\"h-11-adverbs\">11. Atviksor\u00f0:<\/h3>\n\n\n\n<p>Atviksor\u00f0 \u00e1 basknesku breyta s\u00f6gnum, l\u00fdsingaror\u00f0um e\u00f0a \u00f6\u00f0rum atviksor\u00f0um. \u00deau veita uppl\u00fdsingar um h\u00e1tt, sta\u00f0, t\u00edma, gr\u00e1\u00f0u og fleira og h\u00e6gt er a\u00f0 mynda \u00feau me\u00f0 algengum atviksor\u00f0um e\u00f0a me\u00f0 vi\u00f0skeytum eins og -ki e\u00f0a -z eftir samhengi.<\/p>\n\n\n\n<h3 class=\"wp-block-heading\" id=\"h-12-prepositions\">12. Forsetningar:<\/h3>\n\n\n\n<p>Baskaska notar fyrst og fremst p\u00f3stst\u00f6\u00f0ur og fallendingar frekar en forsetningar. \u00deau tj\u00e1 tengsl t\u00edma, sta\u00f0ar, stefnu og fleira og eru nau\u00f0synleg til a\u00f0 tengja or\u00f0 og or\u00f0asamb\u00f6nd saman.<\/p>\n\n\n\n<h3 class=\"wp-block-heading\" id=\"h-13-sentences\">13. Setningar:<\/h3>\n\n\n\n<p>A\u00f0 lokum, \u00e6f\u00f0u \u00feig \u00ed a\u00f0 sm\u00ed\u00f0a setningar. \u00deetta mun fela \u00ed s\u00e9r a\u00f0 nota \u00f6ll \u00e1\u00f0ur l\u00e6r\u00f0 m\u00e1lfr\u00e6\u00f0iatri\u00f0i \u00ed samhengi, huga a\u00f0 d\u00e6miger\u00f0ri SOV or\u00f0ar\u00f6\u00f0 basknesku, f\u00f3kussta\u00f0setningu og afneitun og tryggja \u00feannig alhli\u00f0a skilning \u00e1 basknesku.<\/p>\n<\/div><\/div>\n\r\n<section class=\"learnNavigationSection\">\r\n            \r\n        <a href=\"https:\/\/talkpal.ai\/is\/laerdu-basknesku\/\">\r\n            <div class=\"learnNavigationWrapper\">\r\n                <div class=\"learnNavigationContent\">\r\n                    <img decoding=\"async\" src=\"https:\/\/talkpal.ai\/wp-content\/uploads\/2025\/11\/Basque.png\" alt=\"Basque Flag\">\r\n                    <div>\r\n                        <h4>Um baskneskt n\u00e1m<\/h4>\r\n                        <p>Kynntu \u00fe\u00e9r allt um baskneska m\u00e1lfr\u00e6\u00f0i.<\/p>\r\n                    <\/div>\r\n                <\/div>\r\n            <\/div>\r\n        <\/a>\r\n\r\n        \r\n        <a href=\"https:\/\/talkpal.ai\/is\/basknesk-malfraedi\/\">\r\n            <div class=\"learnNavigationWrapper\">\r\n                <div class=\"learnNavigationContent\">\r\n                    <img decoding=\"async\" src=\"https:\/\/talkpal.ai\/wp-content\/uploads\/2025\/11\/Basque.png\" alt=\"Basque Flag\">\r\n                    <div>\r\n                        <h4>Basknesk m\u00e1lfr\u00e6\u00f0ikennsla<\/h4>\r\n                        <p>\u00c6f\u00f0u baskneska m\u00e1lfr\u00e6\u00f0i.<\/p>\r\n                    <\/div>\r\n                <\/div>\r\n            <\/div>\r\n        <\/a>\r\n\r\n            <\/section>","protected":false},"excerpt":{"rendered":"<p>Basknesk m\u00e1lfr\u00e6\u00f0iefni A\u00f0 l\u00e6ra n\u00fdtt tungum\u00e1l A\u00f0 l\u00e6ra n\u00fdtt tungum\u00e1l getur veri\u00f0 krefjandi en gefandi vi\u00f0leitni. Baska, tungum\u00e1l sem er einangra\u00f0 \u00ed Baskalandi, er engin undantekning. Me\u00f0 einst\u00f6kum eiginleikum s\u00ednum og uppbyggingu, \u00fear \u00e1 me\u00f0al ergativity og umfangsmiklu m\u00e1lkerfi, krefst n\u00e1m basknesku kerfisbundinnar n\u00e1lgunar til a\u00f0 skilja m\u00e1lfr\u00e6\u00f0i \u00feess. \u00deessi handb\u00f3k l\u00fdsir lykilsvi\u00f0um baskneskrar m\u00e1lfr\u00e6\u00f0i [&hellip;]<\/p>\n","protected":false},"author":20,"featured_media":0,"parent":0,"menu_order":0,"comment_status":"closed","ping_status":"closed","template":"LearningContentPage.php","meta":{"_acf_changed":false,"footnotes":""},"class_list":["post-1475928","page","type-page","status-publish","hentry"],"acf":[],"yoast_head":"<!-- This site is optimized with the Yoast SEO Premium plugin v27.2 (Yoast SEO v27.2) - https:\/\/yoast.com\/product\/yoast-seo-premium-wordpress\/ -->\n<title>Baskneskar m\u00e1lfr\u00e6\u00f0i\u00e6fingar - Talkpal<\/title>\n<meta name=\"description\" content=\"N\u00e1\u00f0u t\u00f6kum \u00e1 baskneskri m\u00e1lfr\u00e6\u00f0i me\u00f0 gr\u00edpandi \u00e6fingum sem fjalla um nafnor\u00f0, sagnir og t\u00ed\u00f0ir til a\u00f0 auka tungum\u00e1lakunn\u00e1ttu \u00fe\u00edna.\" \/>\n<meta name=\"robots\" content=\"index, follow, max-snippet:-1, max-image-preview:large, max-video-preview:-1\" \/>\n<link rel=\"canonical\" href=\"https:\/\/talkpal.ai\/is\/baskneskar-malfraediaefingar\/\" \/>\n<meta property=\"og:locale\" content=\"is_IS\" \/>\n<meta property=\"og:type\" content=\"article\" \/>\n<meta property=\"og:title\" content=\"Baskneskar m\u00e1lfr\u00e6\u00f0i\u00e6fingar\" \/>\n<meta property=\"og:description\" content=\"Basknesk m\u00e1lfr\u00e6\u00f0iefni A\u00f0 l\u00e6ra n\u00fdtt tungum\u00e1l A\u00f0 l\u00e6ra n\u00fdtt tungum\u00e1l getur veri\u00f0 krefjandi en gefandi vi\u00f0leitni. Baska, tungum\u00e1l sem er einangra\u00f0 \u00ed\" \/>\n<meta property=\"og:url\" content=\"https:\/\/talkpal.ai\/is\/baskneskar-malfraediaefingar\/\" \/>\n<meta property=\"og:site_name\" content=\"Talkpal\" \/>\n<meta property=\"article:publisher\" content=\"https:\/\/www.facebook.com\/profile.php?id=100090733639311\" \/>\n<meta property=\"article:modified_time\" content=\"2025-12-30T15:06:41+00:00\" \/>\n<meta property=\"og:image\" content=\"https:\/\/talkpal.ai\/wp-content\/uploads\/2025\/02\/Progress-tab-16_9.png\" \/>\n\t<meta property=\"og:image:width\" content=\"2880\" \/>\n\t<meta property=\"og:image:height\" content=\"1620\" \/>\n\t<meta property=\"og:image:type\" content=\"image\/png\" \/>\n<meta name=\"twitter:card\" content=\"summary_large_image\" \/>\n<meta name=\"twitter:site\" content=\"@talkpalai\" \/>\n<meta name=\"twitter:label1\" content=\"Est. reading time\" \/>\n\t<meta name=\"twitter:data1\" content=\"3 minutes\" \/>\n<script type=\"application\/ld+json\" class=\"yoast-schema-graph\">{\"@context\":\"https:\/\/schema.org\",\"@graph\":[{\"@type\":\"WebPage\",\"@id\":\"https:\/\/talkpal.ai\/is\/baskneskar-malfraediaefingar\/\",\"url\":\"https:\/\/talkpal.ai\/is\/baskneskar-malfraediaefingar\/\",\"name\":\"Baskneskar m\u00e1lfr\u00e6\u00f0i\u00e6fingar - Talkpal\",\"isPartOf\":{\"@id\":\"https:\/\/talkpal.ai\/is\/#website\"},\"datePublished\":\"2025-11-11T15:33:20+00:00\",\"dateModified\":\"2025-12-30T15:06:41+00:00\",\"description\":\"N\u00e1\u00f0u t\u00f6kum \u00e1 baskneskri m\u00e1lfr\u00e6\u00f0i me\u00f0 gr\u00edpandi \u00e6fingum sem fjalla um nafnor\u00f0, sagnir og t\u00ed\u00f0ir til a\u00f0 auka tungum\u00e1lakunn\u00e1ttu \u00fe\u00edna.\",\"breadcrumb\":{\"@id\":\"https:\/\/talkpal.ai\/is\/baskneskar-malfraediaefingar\/#breadcrumb\"},\"inLanguage\":\"is\",\"potentialAction\":[{\"@type\":\"ReadAction\",\"target\":[\"https:\/\/talkpal.ai\/is\/baskneskar-malfraediaefingar\/\"]}]},{\"@type\":\"BreadcrumbList\",\"@id\":\"https:\/\/talkpal.ai\/is\/baskneskar-malfraediaefingar\/#breadcrumb\",\"itemListElement\":[{\"@type\":\"ListItem\",\"position\":1,\"name\":\"Homepage\",\"item\":\"https:\/\/talkpal.ai\/is\/\"},{\"@type\":\"ListItem\",\"position\":2,\"name\":\"Baskneskar m\u00e1lfr\u00e6\u00f0i\u00e6fingar\"}]},{\"@type\":\"WebSite\",\"@id\":\"https:\/\/talkpal.ai\/is\/#website\",\"url\":\"https:\/\/talkpal.ai\/is\/\",\"name\":\"Talkpal\",\"description\":\"AI Language Learning\",\"publisher\":{\"@id\":\"https:\/\/talkpal.ai\/is\/#organization\"},\"alternateName\":\"Talkpal AI\",\"potentialAction\":[{\"@type\":\"SearchAction\",\"target\":{\"@type\":\"EntryPoint\",\"urlTemplate\":\"https:\/\/talkpal.ai\/is\/?s={search_term_string}\"},\"query-input\":{\"@type\":\"PropertyValueSpecification\",\"valueRequired\":true,\"valueName\":\"search_term_string\"}}],\"inLanguage\":\"is\"},{\"@type\":\"Organization\",\"@id\":\"https:\/\/talkpal.ai\/is\/#organization\",\"name\":\"Talkpal, Inc.\",\"alternateName\":\"Talkpal AI\",\"url\":\"https:\/\/talkpal.ai\/is\/\",\"logo\":{\"@type\":\"ImageObject\",\"inLanguage\":\"is\",\"@id\":\"https:\/\/talkpal.ai\/is\/#\/schema\/logo\/image\/\",\"url\":\"https:\/\/talkpal.ai\/wp-content\/uploads\/2024\/03\/Talkpal-Logo-Icon.png\",\"contentUrl\":\"https:\/\/talkpal.ai\/wp-content\/uploads\/2024\/03\/Talkpal-Logo-Icon.png\",\"width\":2880,\"height\":2880,\"caption\":\"Talkpal, Inc.\"},\"image\":{\"@id\":\"https:\/\/talkpal.ai\/is\/#\/schema\/logo\/image\/\"},\"sameAs\":[\"https:\/\/www.facebook.com\/profile.php?id=100090733639311\",\"https:\/\/x.com\/talkpalai\",\"https:\/\/www.linkedin.com\/company\/talkpal\/\",\"https:\/\/www.youtube.com\/@TalkPal\/\",\"https:\/\/www.tiktok.com\/@talkpal\",\"https:\/\/www.instagram.com\/talkpal_ai\/\",\"https:\/\/www.crunchbase.com\/organization\/talkpal-9cde\",\"https:\/\/www.g2.com\/products\/talkpal-for-business\/\",\"https:\/\/www.trustpilot.com\/review\/talkpal.ai\",\"https:\/\/www.capterra.com\/p\/10006800\/TalkPal\/\"],\"description\":\"Talkpal is a language learning web and mobile education app, powered by the latest AI technologies, that provides engaging experiences to its customers in many different languages to help them improve their language skills. Users can chat about unlimited amount of topics with the app and use other modes to practice their language learning.\",\"email\":\"support@talkpal.ai\",\"legalName\":\"Talkpal, Inc.\",\"foundingDate\":\"2023-04-03\",\"duns\":\"118989042\",\"numberOfEmployees\":{\"@type\":\"QuantitativeValue\",\"minValue\":\"11\",\"maxValue\":\"50\"},\"publishingPrinciples\":\"https:\/\/talkpal.ai\/publishing-principles\/\",\"actionableFeedbackPolicy\":\"https:\/\/talkpal.ai\/actionable-feedback-policy\/\",\"correctionsPolicy\":\"https:\/\/talkpal.ai\/corrections-policy\/\",\"ethicsPolicy\":\"https:\/\/talkpal.ai\/ethics-policy\/\",\"diversityPolicy\":\"https:\/\/talkpal.ai\/diversity-policy\/\",\"diversityStaffingReport\":\"https:\/\/talkpal.ai\/diversity-policy\/\"}]}<\/script>\n<!-- \/ Yoast SEO Premium plugin. -->","yoast_head_json":{"title":"Baskneskar m\u00e1lfr\u00e6\u00f0i\u00e6fingar - Talkpal","description":"N\u00e1\u00f0u t\u00f6kum \u00e1 baskneskri m\u00e1lfr\u00e6\u00f0i me\u00f0 gr\u00edpandi \u00e6fingum sem fjalla um nafnor\u00f0, sagnir og t\u00ed\u00f0ir til a\u00f0 auka tungum\u00e1lakunn\u00e1ttu \u00fe\u00edna.","robots":{"index":"index","follow":"follow","max-snippet":"max-snippet:-1","max-image-preview":"max-image-preview:large","max-video-preview":"max-video-preview:-1"},"canonical":"https:\/\/talkpal.ai\/is\/baskneskar-malfraediaefingar\/","og_locale":"is_IS","og_type":"article","og_title":"Baskneskar m\u00e1lfr\u00e6\u00f0i\u00e6fingar","og_description":"Basknesk m\u00e1lfr\u00e6\u00f0iefni A\u00f0 l\u00e6ra n\u00fdtt tungum\u00e1l A\u00f0 l\u00e6ra n\u00fdtt tungum\u00e1l getur veri\u00f0 krefjandi en gefandi vi\u00f0leitni. Baska, tungum\u00e1l sem er einangra\u00f0 \u00ed","og_url":"https:\/\/talkpal.ai\/is\/baskneskar-malfraediaefingar\/","og_site_name":"Talkpal","article_publisher":"https:\/\/www.facebook.com\/profile.php?id=100090733639311","article_modified_time":"2025-12-30T15:06:41+00:00","og_image":[{"width":2880,"height":1620,"url":"https:\/\/talkpal.ai\/wp-content\/uploads\/2025\/02\/Progress-tab-16_9.png","type":"image\/png"}],"twitter_card":"summary_large_image","twitter_site":"@talkpalai","twitter_misc":{"Est. reading time":"3 minutes"},"schema":{"@context":"https:\/\/schema.org","@graph":[{"@type":"WebPage","@id":"https:\/\/talkpal.ai\/is\/baskneskar-malfraediaefingar\/","url":"https:\/\/talkpal.ai\/is\/baskneskar-malfraediaefingar\/","name":"Baskneskar m\u00e1lfr\u00e6\u00f0i\u00e6fingar - Talkpal","isPartOf":{"@id":"https:\/\/talkpal.ai\/is\/#website"},"datePublished":"2025-11-11T15:33:20+00:00","dateModified":"2025-12-30T15:06:41+00:00","description":"N\u00e1\u00f0u t\u00f6kum \u00e1 baskneskri m\u00e1lfr\u00e6\u00f0i me\u00f0 gr\u00edpandi \u00e6fingum sem fjalla um nafnor\u00f0, sagnir og t\u00ed\u00f0ir til a\u00f0 auka tungum\u00e1lakunn\u00e1ttu \u00fe\u00edna.","breadcrumb":{"@id":"https:\/\/talkpal.ai\/is\/baskneskar-malfraediaefingar\/#breadcrumb"},"inLanguage":"is","potentialAction":[{"@type":"ReadAction","target":["https:\/\/talkpal.ai\/is\/baskneskar-malfraediaefingar\/"]}]},{"@type":"BreadcrumbList","@id":"https:\/\/talkpal.ai\/is\/baskneskar-malfraediaefingar\/#breadcrumb","itemListElement":[{"@type":"ListItem","position":1,"name":"Homepage","item":"https:\/\/talkpal.ai\/is\/"},{"@type":"ListItem","position":2,"name":"Baskneskar m\u00e1lfr\u00e6\u00f0i\u00e6fingar"}]},{"@type":"WebSite","@id":"https:\/\/talkpal.ai\/is\/#website","url":"https:\/\/talkpal.ai\/is\/","name":"Talkpal","description":"AI Language Learning","publisher":{"@id":"https:\/\/talkpal.ai\/is\/#organization"},"alternateName":"Talkpal AI","potentialAction":[{"@type":"SearchAction","target":{"@type":"EntryPoint","urlTemplate":"https:\/\/talkpal.ai\/is\/?s={search_term_string}"},"query-input":{"@type":"PropertyValueSpecification","valueRequired":true,"valueName":"search_term_string"}}],"inLanguage":"is"},{"@type":"Organization","@id":"https:\/\/talkpal.ai\/is\/#organization","name":"Talkpal, Inc.","alternateName":"Talkpal AI","url":"https:\/\/talkpal.ai\/is\/","logo":{"@type":"ImageObject","inLanguage":"is","@id":"https:\/\/talkpal.ai\/is\/#\/schema\/logo\/image\/","url":"https:\/\/talkpal.ai\/wp-content\/uploads\/2024\/03\/Talkpal-Logo-Icon.png","contentUrl":"https:\/\/talkpal.ai\/wp-content\/uploads\/2024\/03\/Talkpal-Logo-Icon.png","width":2880,"height":2880,"caption":"Talkpal, Inc."},"image":{"@id":"https:\/\/talkpal.ai\/is\/#\/schema\/logo\/image\/"},"sameAs":["https:\/\/www.facebook.com\/profile.php?id=100090733639311","https:\/\/x.com\/talkpalai","https:\/\/www.linkedin.com\/company\/talkpal\/","https:\/\/www.youtube.com\/@TalkPal\/","https:\/\/www.tiktok.com\/@talkpal","https:\/\/www.instagram.com\/talkpal_ai\/","https:\/\/www.crunchbase.com\/organization\/talkpal-9cde","https:\/\/www.g2.com\/products\/talkpal-for-business\/","https:\/\/www.trustpilot.com\/review\/talkpal.ai","https:\/\/www.capterra.com\/p\/10006800\/TalkPal\/"],"description":"Talkpal is a language learning web and mobile education app, powered by the latest AI technologies, that provides engaging experiences to its customers in many different languages to help them improve their language skills. Users can chat about unlimited amount of topics with the app and use other modes to practice their language learning.","email":"support@talkpal.ai","legalName":"Talkpal, Inc.","foundingDate":"2023-04-03","duns":"118989042","numberOfEmployees":{"@type":"QuantitativeValue","minValue":"11","maxValue":"50"},"publishingPrinciples":"https:\/\/talkpal.ai\/publishing-principles\/","actionableFeedbackPolicy":"https:\/\/talkpal.ai\/actionable-feedback-policy\/","correctionsPolicy":"https:\/\/talkpal.ai\/corrections-policy\/","ethicsPolicy":"https:\/\/talkpal.ai\/ethics-policy\/","diversityPolicy":"https:\/\/talkpal.ai\/diversity-policy\/","diversityStaffingReport":"https:\/\/talkpal.ai\/diversity-policy\/"}]}},"_links":{"self":[{"href":"https:\/\/talkpal.ai\/is\/wp-json\/wp\/v2\/pages\/1475928","targetHints":{"allow":["GET"]}}],"collection":[{"href":"https:\/\/talkpal.ai\/is\/wp-json\/wp\/v2\/pages"}],"about":[{"href":"https:\/\/talkpal.ai\/is\/wp-json\/wp\/v2\/types\/page"}],"author":[{"embeddable":true,"href":"https:\/\/talkpal.ai\/is\/wp-json\/wp\/v2\/users\/20"}],"replies":[{"embeddable":true,"href":"https:\/\/talkpal.ai\/is\/wp-json\/wp\/v2\/comments?post=1475928"}],"version-history":[{"count":0,"href":"https:\/\/talkpal.ai\/is\/wp-json\/wp\/v2\/pages\/1475928\/revisions"}],"wp:attachment":[{"href":"https:\/\/talkpal.ai\/is\/wp-json\/wp\/v2\/media?parent=1475928"}],"curies":[{"name":"wp","href":"https:\/\/api.w.org\/{rel}","templated":true}]}}