{"id":1475927,"date":"2025-11-11T15:33:17","date_gmt":"2025-11-11T15:33:17","guid":{"rendered":"https:\/\/talkpal.ai\/basknesk-malfraedi\/"},"modified":"2025-12-30T15:33:02","modified_gmt":"2025-12-30T15:33:02","slug":"basknesk-malfraedi","status":"publish","type":"page","link":"https:\/\/talkpal.ai\/is\/basknesk-malfraedi\/","title":{"rendered":"Basknesk m\u00e1lfr\u00e6\u00f0i"},"content":{"rendered":"\r\n\r\n\r\n<section class=\"languageChallengeSection\">\r\n    <div class=\"languageInfoWrapper\">\r\n        \r\n        <h1>Basknesk m\u00e1lfr\u00e6\u00f0i<\/h1>\r\n        <p>Basknesk <a href=\"https:\/\/talkpal.ai\/grammar\/\">m\u00e1lfr\u00e6\u00f0i<\/a> kann a\u00f0 vir\u00f0ast krefjandi \u00ed fyrstu, en einstakir eiginleikar hennar gera tungum\u00e1lan\u00e1mi\u00f0 a\u00f0 gefandi upplifun. Me\u00f0 \u00fev\u00ed a\u00f0 sko\u00f0a stafr\u00f3fi\u00f0, st\u00f6kkbreytingar og m\u00e1lfr\u00e6\u00f0ireglur f\u00e6r\u00f0u inns\u00fdn \u00ed r\u00edka m\u00e1lhef\u00f0. Byrja\u00f0u fer\u00f0 \u00fe\u00edna og uppg\u00f6tva\u00f0u fegur\u00f0 Baska!<\/p>\r\n\r\n                            <a class=\"getStartedHidden\" href=\"https:\/\/app.talkpal.ai\/signup?lng=\">Byrja\u00f0u<\/a>\r\n        \r\n    <\/div>\r\n\r\n    <figure>\r\n    <img decoding=\"async\" width=\"768\" height=\"768\" src=\"https:\/\/talkpal.ai\/wp-content\/uploads\/2023\/06\/welsh-768x768.png\" class=\"languageImage no-lazy\" alt=\"Language learning for better cognitive abilities\" fetchpriority=\"high\" sizes=\"(max-width: 768px) 150px, 768px\" srcset=\"https:\/\/talkpal.ai\/wp-content\/uploads\/2023\/06\/welsh-768x768.png 768w, https:\/\/talkpal.ai\/wp-content\/uploads\/2023\/06\/welsh-300x300.png 300w\" \/>\r\n    \r\n\r\n    <\/figure>\r\n\r\n            <a class=\"getStartedVisible\" href=\"https:\/\/app.talkpal.ai\/signup?lng=\">Byrja\u00f0u<\/a>\r\n    \r\n<\/section><section class=\"promotionalBanner\">\r\n    <p class=\"promotionalText\">Skilvirkasta lei\u00f0in til a\u00f0 l\u00e6ra tungum\u00e1l<\/p>\r\n    <a class=\"promotionalLink\" href=\"https:\/\/app.talkpal.ai\/signup?lng=\">Pr\u00f3fa\u00f0u Talkpal \u00f3keypis<\/a>\r\n<\/section>\n<div class=\"wp-block-group pageContainerStyle\"><div class=\"wp-block-group__inner-container is-layout-constrained wp-block-group-is-layout-constrained\">\n<h2 class=\"wp-block-heading\" id=\"h-navigating-the-intricacies-of-basque-grammar\">A\u00f0 sigla um ranghala baskneskrar m\u00e1lfr\u00e6\u00f0i<\/h2>\n\n\n\n<p><a href=\"https:\/\/talkpal.ai\/is\/laerdu-basknesku\/\">Baska<\/a>, tungum\u00e1l einangra\u00f0 me\u00f0 r\u00edka s\u00f6gu og menningarlega \u00fe\u00fd\u00f0ingu, b\u00fd\u00f0ur upp \u00e1 spennandi tungum\u00e1laupplifun fyrir \u00fe\u00e1 sem eru f\u00fasir til a\u00f0 kanna einstakt m\u00e1lfr\u00e6\u00f0ikerfi \u00feess. \u00deegar \u00fe\u00fa h\u00e6ttir \u00fe\u00e9r inn \u00ed r\u00edki basknesku muntu ekki a\u00f0eins au\u00f0ga tungum\u00e1laskr\u00e1 \u00fe\u00edna heldur einnig tileinka \u00fe\u00e9r heillandi menningarfer\u00f0. \u00de\u00f3 a\u00f0 basknesk m\u00e1lfr\u00e6\u00f0i kunni a\u00f0 vir\u00f0ast fl\u00f3kin \u00ed fyrstu, gerir \u00fea\u00f0 a\u00f0 skipta henni ni\u00f0ur \u00ed kjarna\u00fe\u00e6tti a\u00f0gengilegra a\u00f0 l\u00e6ra tungum\u00e1li\u00f0. \u00cd \u00feessari grein munum vi\u00f0 kanna gr\u00edpandi heim baskneskrar m\u00e1lfr\u00e6\u00f0i og gefa r\u00e1\u00f0 um hvernig \u00e1 a\u00f0 n\u00e1 t\u00f6kum \u00e1 margbreytileika hennar.<\/p>\n\n\n\n<h3 class=\"wp-block-heading\" id=\"h-1-basque-alphabet-and-phonetics\">1. Baskneska stafr\u00f3fi\u00f0 og hlj\u00f3\u00f0fr\u00e6\u00f0i<\/h3>\n\n\n\n<p><a href=\"https:\/\/talkpal.ai\/learn-basque\/\">Baskneska<\/a> stafr\u00f3fi\u00f0 \u00e1 sta\u00f0la\u00f0ri basknesku samanstendur af 27 b\u00f3kst\u00f6fum. S\u00e9rkenni eru me\u00f0al annars tv\u00edritin &#8222;tx&#8220;, &#8222;tz&#8220; og &#8222;ts,&#8220; sem t\u00e1kna einst\u00f6k hlj\u00f3\u00f0, b\u00f3kstafurinn &#8222;x&#8220; borinn fram eins og <a href=\"https:\/\/talkpal.ai\/learn-english-with-ai\/\">enska<\/a> &#8222;sh&#8220; og andst\u00e6\u00f0an milli einfalds &#8222;r&#8220; og tv\u00f6falds &#8222;rr&#8220;. Sumir stafir eins og &#8222;c&#8220;, &#8222;q&#8220;, &#8222;v&#8220;, &#8222;w&#8220; og &#8222;y&#8220; koma a\u00f0allega fyrir \u00ed l\u00e1nsor\u00f0um. Til a\u00f0 l\u00e6ra baskneska m\u00e1lfr\u00e6\u00f0i er mikilv\u00e6gt a\u00f0 kynnast \u00feessu ritkerfi me\u00f0 \u00fev\u00ed a\u00f0 \u00e6fa lestur og ritun \u00e1 basknesku.<\/p>\n\n\n\n<h3 class=\"wp-block-heading\" id=\"h-2-case-suffixes-and-ergativity-a-core-basque-feature\">2. Vi\u00f0skeyti og ergativity: Kjarni basknesks eiginleiki<\/h3>\n\n\n\n<p>Einn af mest sl\u00e1andi \u00fe\u00e1ttum baskneskrar m\u00e1lfr\u00e6\u00f0i er ergativ-absolutive r\u00f6\u00f0un hennar og r\u00edkulegt kerfi fallvi\u00f0skeyta. Nafnor\u00f0 og heil nafnor\u00f0asamb\u00f6nd taka endingar sem marka hlutverk \u00feeirra \u00ed setningunni, svo sem alr\u00e6\u00f0i (oft n\u00fall, e\u00f0a -a\/-ak me\u00f0 \u00e1kve\u00f0na greininum), ergativ (-k e\u00f0a -ek), danativ (-ri e\u00f0a -ei), eignarfall (-ren), inessive (-n), allative (-ra), ablativ (-tik), instrumental (-z) og comitative (-ekin). A\u00f0 skilja hven\u00e6r og hvernig \u00feessar endingar eru nota\u00f0ar, og a\u00f0 \u00fe\u00e6r tengjast s\u00ed\u00f0asta or\u00f0i nafnor\u00f0asambandsins, er mikilv\u00e6gt fyrir n\u00e1kv\u00e6m samskipti \u00e1 basknesku.<\/p>\n\n\n\n<h3 class=\"wp-block-heading\" id=\"h-3-nouns-and-pronouns-gender-and-cases\">3. Nafnor\u00f0 og forn\u00f6fn: Kyn og m\u00e1l<\/h3>\n\n\n\n<p>Basknesk nafnor\u00f0 hafa ekki m\u00e1lfr\u00e6\u00f0ilegt kyn, sem einfaldar samkomulag, en \u00feau hafa samskipti vi\u00f0 v\u00ed\u00f0t\u00e6kt fallkerfi og \u00e1kve\u00f0ni. <a href=\"https:\/\/talkpal.ai\/locations\/language-courses-in-tala\/\">Tala<\/a> og \u00e1kve\u00f0ni eru venjulega sett fram me\u00f0 vi\u00f0skeytum greinarinnar -a (\u00e1kve\u00f0in eint\u00f6lu) og -ak (\u00e1kve\u00f0in fleirtala e\u00f0a ergativ eint\u00f6lu). Forn\u00f6fn \u00e1 basknesku eru pers\u00f3nuforn\u00f6fn (ni, hi, zu, zuek, gu, bera, haiek), eignarforn\u00f6fn (nire, zure, bere, gure, zuen, haien), vi\u00f0brag\u00f0sforn\u00f6fn (bere burua), s\u00fdnandi (hau, hori, hura) og spyrjandi (nor, zer, zein). A\u00f0 kynnast \u00feessum forn\u00f6fnum og formi \u00feeirra \u00fevert \u00e1 m\u00e1l mun auka verulega t\u00f6k \u00fe\u00edn \u00e1 baskneskri m\u00e1lfr\u00e6\u00f0i.<\/p>\n\n\n\n<h3 class=\"wp-block-heading\" id=\"h-4-verbs-structure-and-conjugation\">4. Sagnir: Uppbygging og samtenging<\/h3>\n\n\n\n<p>Baskneskar sagnir rei\u00f0a sig a\u00f0 miklu leyti \u00e1 hj\u00e1lparefni og s\u00fdna samr\u00e6mi vi\u00f0 vi\u00f0fangsefni\u00f0 og oft beina og \u00f3beina hluti. Margar t\u00ed\u00f0ir eru ja\u00f0arsetningar, bygg\u00f0ar me\u00f0 hlutst\u00f6fum og hj\u00e1lparskipunum izan og edun, en takmarka\u00f0 mengi sagna hefur einnig tilb\u00fai\u00f0 form. Megint\u00ed\u00f0ir basknesku eru n\u00fat\u00ed\u00f0, fort\u00ed\u00f0 og framt\u00ed\u00f0, me\u00f0 vi\u00f0b\u00f3tar\u00fe\u00e1ttum eins og skilyrtum og br\u00fdnum stemningum. A\u00f0 l\u00e6ra hvernig hj\u00e1lparval virkar, \u00e1samt kjarnasamtengingarmynstri, mun b\u00e6ta getu \u00fe\u00edna til a\u00f0 eiga skilvirk samskipti \u00e1 basknesku.<\/p>\n\n\n\n<h3 class=\"wp-block-heading\" id=\"h-5-adjectives-agreement-and-placement\">5. L\u00fdsingaror\u00f0: Samkomulag og sta\u00f0setning<\/h3>\n\n\n\n<p>\u00cd baskneskri m\u00e1lfr\u00e6\u00f0i fylgja l\u00fdsingaror\u00f0 venjulega nafnor\u00f0inu sem \u00feau breyta. L\u00fdsingaror\u00f0in sj\u00e1lf breytast ekki fyrir t\u00f6lu e\u00f0a kyn, en \u00e1kv\u00f6r\u00f0unar- og fallvi\u00f0skeyti fyrir alla nafnor\u00f0asambandi\u00f0 koma fyrir \u00e1 loka\u00fe\u00e6ttinum, oft l\u00fdsingaror\u00f0inu. Samanbur\u00f0ur og yfirbur\u00f0ir eru venjulega mynda\u00f0ir me\u00f0 -ago og -en e\u00f0a -ena, sem eru nau\u00f0synleg til a\u00f0 l\u00e6ra a\u00f0 eiga e\u00f0lilegri samskipti.<\/p>\n\n\n\n<p><strong>D\u00e6mi:<\/strong><\/p>\n\n\n\n<p><strong>\u2013 Ume Txikiak (l\u00edtil b\u00f6rn)<\/strong><\/p>\n\n\n\n<p><strong>\u2013 Maitasun Handi (st\u00f3r \u00e1st)<\/strong><\/p>\n\n\n\n<h3 class=\"wp-block-heading\" id=\"h-6-engaging-with-the-language\">6. A\u00f0 taka \u00fe\u00e1tt \u00ed tungum\u00e1linu<\/h3>\n\n\n\n<p>\u00c1hrifar\u00edkasta lei\u00f0in til a\u00f0 skilja a\u00f0 fullu og innbyr\u00f0a baskneska m\u00e1lfr\u00e6\u00f0i er a\u00f0 taka st\u00f6\u00f0ugt \u00fe\u00e1tt \u00ed tungum\u00e1linu. Me\u00f0 \u00fev\u00ed a\u00f0 lesa baskneskar b\u00f3kmenntir, horfa \u00e1 baskneskar kvikmyndir e\u00f0a sj\u00f3nvarps\u00fe\u00e6tti, hlusta \u00e1 baskneskt \u00fatvarp og eiga virk samskipti vi\u00f0 m\u00f3\u00f0urm\u00e1l styrkir \u00fe\u00fa skilning \u00feinn \u00e1 m\u00e1lfr\u00e6\u00f0i \u00e1 <a href=\"https:\/\/talkpal.ai\/locations\/language-courses-in-sama\/\">sama<\/a> t\u00edma og \u00fe\u00fa st\u00e6kkar or\u00f0afor\u00f0a \u00feinn.<\/p>\n\n\n\n<h3 class=\"wp-block-heading\" id=\"h-conclusion\">Ni\u00f0ursta\u00f0a<\/h3>\n\n\n\n<p>\u00de\u00f3 a\u00f0 basknesk m\u00e1lfr\u00e6\u00f0i kunni a\u00f0 vir\u00f0ast fl\u00f3kin getur\u00f0u or\u00f0i\u00f0 f\u00e6r \u00ed \u00feessu fallega tungum\u00e1li me\u00f0 hollustu, \u00e6fingu og eldm\u00f3\u00f0i. Me\u00f0 \u00fev\u00ed a\u00f0 einbeita \u00fe\u00e9r a\u00f0 grundvallarreglunum og taka \u00fe\u00e1tt \u00ed tungum\u00e1linu \u00ed mismunandi samhengi muntu flj\u00f3tt auka baskneska <a href=\"https:\/\/talkpal.ai\/is\/malfraedi\/\">m\u00e1lfr\u00e6\u00f0ikunn\u00e1ttu<\/a> \u00fe\u00edna. Zorte \u00e1fram (gangi \u00fe\u00e9r vel) me\u00f0 basknesku tungum\u00e1lafer\u00f0ina \u00fe\u00edna og nj\u00f3ttu \u00feess a\u00f0 afhj\u00fapa dularfullan en gr\u00edpandi heim baskneskrar m\u00e1lfr\u00e6\u00f0i!<\/p>\n<\/div><\/div>\n\r\n<section class=\"learnNavigationSection\">\r\n            \r\n        <a href=\"https:\/\/talkpal.ai\/is\/laerdu-basknesku\/\">\r\n            <div class=\"learnNavigationWrapper\">\r\n                <div class=\"learnNavigationContent\">\r\n                    <img decoding=\"async\" src=\"https:\/\/talkpal.ai\/wp-content\/uploads\/2025\/11\/Basque.png\" alt=\"Basque Flag\">\r\n                    <div>\r\n                        <h4>Um baskneskt n\u00e1m<\/h4>\r\n                        <p>Kynntu \u00fe\u00e9r allt um baskneska m\u00e1lfr\u00e6\u00f0i.<\/p>\r\n                    <\/div>\r\n                <\/div>\r\n            <\/div>\r\n        <\/a>\r\n\r\n        \r\n        <a href=\"https:\/\/talkpal.ai\/is\/baskneskar-malfraediaefingar\/\">\r\n            <div class=\"learnNavigationWrapper\">\r\n                <div class=\"learnNavigationContent\">\r\n                    <img decoding=\"async\" src=\"https:\/\/talkpal.ai\/wp-content\/uploads\/2025\/11\/Basque.png\" alt=\"Basque Flag\">\r\n                    <div>\r\n                        <h4>Basknesk m\u00e1lfr\u00e6\u00f0i\u00e6fing<\/h4>\r\n                        <p>\u00c6f\u00f0u baskneska m\u00e1lfr\u00e6\u00f0i.<\/p>\r\n                    <\/div>\r\n                <\/div>\r\n            <\/div>\r\n        <\/a>\r\n\r\n            <\/section>\n<p><\/p>\n","protected":false},"excerpt":{"rendered":"<p>A\u00f0 sigla um ranghala baskneskrar m\u00e1lfr\u00e6\u00f0i Baska, tungum\u00e1l einangra\u00f0 me\u00f0 r\u00edka s\u00f6gu og menningarlega \u00fe\u00fd\u00f0ingu, b\u00fd\u00f0ur upp \u00e1 spennandi tungum\u00e1laupplifun fyrir \u00fe\u00e1 sem eru f\u00fasir til a\u00f0 kanna einstakt m\u00e1lfr\u00e6\u00f0ikerfi \u00feess. \u00deegar \u00fe\u00fa h\u00e6ttir \u00fe\u00e9r inn \u00ed r\u00edki basknesku muntu ekki a\u00f0eins au\u00f0ga tungum\u00e1laskr\u00e1 \u00fe\u00edna heldur einnig tileinka \u00fe\u00e9r heillandi menningarfer\u00f0. \u00de\u00f3 a\u00f0 basknesk m\u00e1lfr\u00e6\u00f0i [&hellip;]<\/p>\n","protected":false},"author":20,"featured_media":0,"parent":0,"menu_order":0,"comment_status":"closed","ping_status":"closed","template":"LearningContentPage.php","meta":{"_acf_changed":false,"footnotes":""},"class_list":["post-1475927","page","type-page","status-publish","hentry"],"acf":[],"yoast_head":"<!-- This site is optimized with the Yoast SEO Premium plugin v27.2 (Yoast SEO v27.2) - https:\/\/yoast.com\/product\/yoast-seo-premium-wordpress\/ -->\n<title>Basknesk m\u00e1lfr\u00e6\u00f0i - Talkpal<\/title>\n<meta name=\"description\" content=\"N\u00e1\u00f0u t\u00f6kum \u00e1 baskneskri m\u00e1lfr\u00e6\u00f0i me\u00f0 \u00feessari handb\u00f3k sem fjallar um stafr\u00f3fi\u00f0, hlj\u00f3\u00f0fr\u00e6\u00f0i, vi\u00f0skeyti \u00ed f\u00f6llum og reglur um sagnbeygingu.\" \/>\n<meta name=\"robots\" content=\"index, follow, max-snippet:-1, max-image-preview:large, max-video-preview:-1\" \/>\n<link rel=\"canonical\" href=\"https:\/\/talkpal.ai\/is\/basknesk-malfraedi\/\" \/>\n<meta property=\"og:locale\" content=\"is_IS\" \/>\n<meta property=\"og:type\" content=\"article\" \/>\n<meta property=\"og:title\" content=\"Basknesk m\u00e1lfr\u00e6\u00f0i\" \/>\n<meta property=\"og:description\" content=\"A\u00f0 sigla um ranghala baskneskrar m\u00e1lfr\u00e6\u00f0i Baska, tungum\u00e1l einangra\u00f0 me\u00f0 r\u00edka s\u00f6gu og menningarlega \u00fe\u00fd\u00f0ingu, b\u00fd\u00f0ur upp \u00e1 spennandi tungum\u00e1laupplifun fyrir\" \/>\n<meta property=\"og:url\" content=\"https:\/\/talkpal.ai\/is\/basknesk-malfraedi\/\" \/>\n<meta property=\"og:site_name\" content=\"Talkpal\" \/>\n<meta property=\"article:publisher\" content=\"https:\/\/www.facebook.com\/profile.php?id=100090733639311\" \/>\n<meta property=\"article:modified_time\" content=\"2025-12-30T15:33:02+00:00\" \/>\n<meta property=\"og:image\" content=\"https:\/\/talkpal.ai\/wp-content\/uploads\/2025\/02\/Progress-tab-16_9.png\" \/>\n\t<meta property=\"og:image:width\" content=\"2880\" \/>\n\t<meta property=\"og:image:height\" content=\"1620\" \/>\n\t<meta property=\"og:image:type\" content=\"image\/png\" \/>\n<meta name=\"twitter:card\" content=\"summary_large_image\" \/>\n<meta name=\"twitter:site\" content=\"@talkpalai\" \/>\n<meta name=\"twitter:label1\" content=\"Est. reading time\" \/>\n\t<meta name=\"twitter:data1\" content=\"4 minutes\" \/>\n<script type=\"application\/ld+json\" class=\"yoast-schema-graph\">{\"@context\":\"https:\/\/schema.org\",\"@graph\":[{\"@type\":\"WebPage\",\"@id\":\"https:\/\/talkpal.ai\/is\/basknesk-malfraedi\/\",\"url\":\"https:\/\/talkpal.ai\/is\/basknesk-malfraedi\/\",\"name\":\"Basknesk m\u00e1lfr\u00e6\u00f0i - Talkpal\",\"isPartOf\":{\"@id\":\"https:\/\/talkpal.ai\/is\/#website\"},\"datePublished\":\"2025-11-11T15:33:17+00:00\",\"dateModified\":\"2025-12-30T15:33:02+00:00\",\"description\":\"N\u00e1\u00f0u t\u00f6kum \u00e1 baskneskri m\u00e1lfr\u00e6\u00f0i me\u00f0 \u00feessari handb\u00f3k sem fjallar um stafr\u00f3fi\u00f0, hlj\u00f3\u00f0fr\u00e6\u00f0i, vi\u00f0skeyti \u00ed f\u00f6llum og reglur um sagnbeygingu.\",\"breadcrumb\":{\"@id\":\"https:\/\/talkpal.ai\/is\/basknesk-malfraedi\/#breadcrumb\"},\"inLanguage\":\"is\",\"potentialAction\":[{\"@type\":\"ReadAction\",\"target\":[\"https:\/\/talkpal.ai\/is\/basknesk-malfraedi\/\"]}]},{\"@type\":\"BreadcrumbList\",\"@id\":\"https:\/\/talkpal.ai\/is\/basknesk-malfraedi\/#breadcrumb\",\"itemListElement\":[{\"@type\":\"ListItem\",\"position\":1,\"name\":\"Homepage\",\"item\":\"https:\/\/talkpal.ai\/is\/\"},{\"@type\":\"ListItem\",\"position\":2,\"name\":\"Basknesk m\u00e1lfr\u00e6\u00f0i\"}]},{\"@type\":\"WebSite\",\"@id\":\"https:\/\/talkpal.ai\/is\/#website\",\"url\":\"https:\/\/talkpal.ai\/is\/\",\"name\":\"Talkpal\",\"description\":\"AI Language Learning\",\"publisher\":{\"@id\":\"https:\/\/talkpal.ai\/is\/#organization\"},\"alternateName\":\"Talkpal AI\",\"potentialAction\":[{\"@type\":\"SearchAction\",\"target\":{\"@type\":\"EntryPoint\",\"urlTemplate\":\"https:\/\/talkpal.ai\/is\/?s={search_term_string}\"},\"query-input\":{\"@type\":\"PropertyValueSpecification\",\"valueRequired\":true,\"valueName\":\"search_term_string\"}}],\"inLanguage\":\"is\"},{\"@type\":\"Organization\",\"@id\":\"https:\/\/talkpal.ai\/is\/#organization\",\"name\":\"Talkpal, Inc.\",\"alternateName\":\"Talkpal AI\",\"url\":\"https:\/\/talkpal.ai\/is\/\",\"logo\":{\"@type\":\"ImageObject\",\"inLanguage\":\"is\",\"@id\":\"https:\/\/talkpal.ai\/is\/#\/schema\/logo\/image\/\",\"url\":\"https:\/\/talkpal.ai\/wp-content\/uploads\/2024\/03\/Talkpal-Logo-Icon.png\",\"contentUrl\":\"https:\/\/talkpal.ai\/wp-content\/uploads\/2024\/03\/Talkpal-Logo-Icon.png\",\"width\":2880,\"height\":2880,\"caption\":\"Talkpal, Inc.\"},\"image\":{\"@id\":\"https:\/\/talkpal.ai\/is\/#\/schema\/logo\/image\/\"},\"sameAs\":[\"https:\/\/www.facebook.com\/profile.php?id=100090733639311\",\"https:\/\/x.com\/talkpalai\",\"https:\/\/www.linkedin.com\/company\/talkpal\/\",\"https:\/\/www.youtube.com\/@TalkPal\/\",\"https:\/\/www.tiktok.com\/@talkpal\",\"https:\/\/www.instagram.com\/talkpal_ai\/\",\"https:\/\/www.crunchbase.com\/organization\/talkpal-9cde\",\"https:\/\/www.g2.com\/products\/talkpal-for-business\/\",\"https:\/\/www.trustpilot.com\/review\/talkpal.ai\",\"https:\/\/www.capterra.com\/p\/10006800\/TalkPal\/\"],\"description\":\"Talkpal is a language learning web and mobile education app, powered by the latest AI technologies, that provides engaging experiences to its customers in many different languages to help them improve their language skills. Users can chat about unlimited amount of topics with the app and use other modes to practice their language learning.\",\"email\":\"support@talkpal.ai\",\"legalName\":\"Talkpal, Inc.\",\"foundingDate\":\"2023-04-03\",\"duns\":\"118989042\",\"numberOfEmployees\":{\"@type\":\"QuantitativeValue\",\"minValue\":\"11\",\"maxValue\":\"50\"},\"publishingPrinciples\":\"https:\/\/talkpal.ai\/publishing-principles\/\",\"actionableFeedbackPolicy\":\"https:\/\/talkpal.ai\/actionable-feedback-policy\/\",\"correctionsPolicy\":\"https:\/\/talkpal.ai\/corrections-policy\/\",\"ethicsPolicy\":\"https:\/\/talkpal.ai\/ethics-policy\/\",\"diversityPolicy\":\"https:\/\/talkpal.ai\/diversity-policy\/\",\"diversityStaffingReport\":\"https:\/\/talkpal.ai\/diversity-policy\/\"}]}<\/script>\n<!-- \/ Yoast SEO Premium plugin. -->","yoast_head_json":{"title":"Basknesk m\u00e1lfr\u00e6\u00f0i - Talkpal","description":"N\u00e1\u00f0u t\u00f6kum \u00e1 baskneskri m\u00e1lfr\u00e6\u00f0i me\u00f0 \u00feessari handb\u00f3k sem fjallar um stafr\u00f3fi\u00f0, hlj\u00f3\u00f0fr\u00e6\u00f0i, vi\u00f0skeyti \u00ed f\u00f6llum og reglur um sagnbeygingu.","robots":{"index":"index","follow":"follow","max-snippet":"max-snippet:-1","max-image-preview":"max-image-preview:large","max-video-preview":"max-video-preview:-1"},"canonical":"https:\/\/talkpal.ai\/is\/basknesk-malfraedi\/","og_locale":"is_IS","og_type":"article","og_title":"Basknesk m\u00e1lfr\u00e6\u00f0i","og_description":"A\u00f0 sigla um ranghala baskneskrar m\u00e1lfr\u00e6\u00f0i Baska, tungum\u00e1l einangra\u00f0 me\u00f0 r\u00edka s\u00f6gu og menningarlega \u00fe\u00fd\u00f0ingu, b\u00fd\u00f0ur upp \u00e1 spennandi tungum\u00e1laupplifun fyrir","og_url":"https:\/\/talkpal.ai\/is\/basknesk-malfraedi\/","og_site_name":"Talkpal","article_publisher":"https:\/\/www.facebook.com\/profile.php?id=100090733639311","article_modified_time":"2025-12-30T15:33:02+00:00","og_image":[{"width":2880,"height":1620,"url":"https:\/\/talkpal.ai\/wp-content\/uploads\/2025\/02\/Progress-tab-16_9.png","type":"image\/png"}],"twitter_card":"summary_large_image","twitter_site":"@talkpalai","twitter_misc":{"Est. reading time":"4 minutes"},"schema":{"@context":"https:\/\/schema.org","@graph":[{"@type":"WebPage","@id":"https:\/\/talkpal.ai\/is\/basknesk-malfraedi\/","url":"https:\/\/talkpal.ai\/is\/basknesk-malfraedi\/","name":"Basknesk m\u00e1lfr\u00e6\u00f0i - Talkpal","isPartOf":{"@id":"https:\/\/talkpal.ai\/is\/#website"},"datePublished":"2025-11-11T15:33:17+00:00","dateModified":"2025-12-30T15:33:02+00:00","description":"N\u00e1\u00f0u t\u00f6kum \u00e1 baskneskri m\u00e1lfr\u00e6\u00f0i me\u00f0 \u00feessari handb\u00f3k sem fjallar um stafr\u00f3fi\u00f0, hlj\u00f3\u00f0fr\u00e6\u00f0i, vi\u00f0skeyti \u00ed f\u00f6llum og reglur um sagnbeygingu.","breadcrumb":{"@id":"https:\/\/talkpal.ai\/is\/basknesk-malfraedi\/#breadcrumb"},"inLanguage":"is","potentialAction":[{"@type":"ReadAction","target":["https:\/\/talkpal.ai\/is\/basknesk-malfraedi\/"]}]},{"@type":"BreadcrumbList","@id":"https:\/\/talkpal.ai\/is\/basknesk-malfraedi\/#breadcrumb","itemListElement":[{"@type":"ListItem","position":1,"name":"Homepage","item":"https:\/\/talkpal.ai\/is\/"},{"@type":"ListItem","position":2,"name":"Basknesk m\u00e1lfr\u00e6\u00f0i"}]},{"@type":"WebSite","@id":"https:\/\/talkpal.ai\/is\/#website","url":"https:\/\/talkpal.ai\/is\/","name":"Talkpal","description":"AI Language Learning","publisher":{"@id":"https:\/\/talkpal.ai\/is\/#organization"},"alternateName":"Talkpal AI","potentialAction":[{"@type":"SearchAction","target":{"@type":"EntryPoint","urlTemplate":"https:\/\/talkpal.ai\/is\/?s={search_term_string}"},"query-input":{"@type":"PropertyValueSpecification","valueRequired":true,"valueName":"search_term_string"}}],"inLanguage":"is"},{"@type":"Organization","@id":"https:\/\/talkpal.ai\/is\/#organization","name":"Talkpal, Inc.","alternateName":"Talkpal AI","url":"https:\/\/talkpal.ai\/is\/","logo":{"@type":"ImageObject","inLanguage":"is","@id":"https:\/\/talkpal.ai\/is\/#\/schema\/logo\/image\/","url":"https:\/\/talkpal.ai\/wp-content\/uploads\/2024\/03\/Talkpal-Logo-Icon.png","contentUrl":"https:\/\/talkpal.ai\/wp-content\/uploads\/2024\/03\/Talkpal-Logo-Icon.png","width":2880,"height":2880,"caption":"Talkpal, Inc."},"image":{"@id":"https:\/\/talkpal.ai\/is\/#\/schema\/logo\/image\/"},"sameAs":["https:\/\/www.facebook.com\/profile.php?id=100090733639311","https:\/\/x.com\/talkpalai","https:\/\/www.linkedin.com\/company\/talkpal\/","https:\/\/www.youtube.com\/@TalkPal\/","https:\/\/www.tiktok.com\/@talkpal","https:\/\/www.instagram.com\/talkpal_ai\/","https:\/\/www.crunchbase.com\/organization\/talkpal-9cde","https:\/\/www.g2.com\/products\/talkpal-for-business\/","https:\/\/www.trustpilot.com\/review\/talkpal.ai","https:\/\/www.capterra.com\/p\/10006800\/TalkPal\/"],"description":"Talkpal is a language learning web and mobile education app, powered by the latest AI technologies, that provides engaging experiences to its customers in many different languages to help them improve their language skills. Users can chat about unlimited amount of topics with the app and use other modes to practice their language learning.","email":"support@talkpal.ai","legalName":"Talkpal, Inc.","foundingDate":"2023-04-03","duns":"118989042","numberOfEmployees":{"@type":"QuantitativeValue","minValue":"11","maxValue":"50"},"publishingPrinciples":"https:\/\/talkpal.ai\/publishing-principles\/","actionableFeedbackPolicy":"https:\/\/talkpal.ai\/actionable-feedback-policy\/","correctionsPolicy":"https:\/\/talkpal.ai\/corrections-policy\/","ethicsPolicy":"https:\/\/talkpal.ai\/ethics-policy\/","diversityPolicy":"https:\/\/talkpal.ai\/diversity-policy\/","diversityStaffingReport":"https:\/\/talkpal.ai\/diversity-policy\/"}]}},"_links":{"self":[{"href":"https:\/\/talkpal.ai\/is\/wp-json\/wp\/v2\/pages\/1475927","targetHints":{"allow":["GET"]}}],"collection":[{"href":"https:\/\/talkpal.ai\/is\/wp-json\/wp\/v2\/pages"}],"about":[{"href":"https:\/\/talkpal.ai\/is\/wp-json\/wp\/v2\/types\/page"}],"author":[{"embeddable":true,"href":"https:\/\/talkpal.ai\/is\/wp-json\/wp\/v2\/users\/20"}],"replies":[{"embeddable":true,"href":"https:\/\/talkpal.ai\/is\/wp-json\/wp\/v2\/comments?post=1475927"}],"version-history":[{"count":0,"href":"https:\/\/talkpal.ai\/is\/wp-json\/wp\/v2\/pages\/1475927\/revisions"}],"wp:attachment":[{"href":"https:\/\/talkpal.ai\/is\/wp-json\/wp\/v2\/media?parent=1475927"}],"curies":[{"name":"wp","href":"https:\/\/api.w.org\/{rel}","templated":true}]}}