{"id":1475887,"date":"2025-11-11T15:06:39","date_gmt":"2025-11-11T15:06:39","guid":{"rendered":"https:\/\/talkpal.ai\/assamisk-malfraedi\/"},"modified":"2025-12-30T15:41:54","modified_gmt":"2025-12-30T15:41:54","slug":"assamisk-malfraedi","status":"publish","type":"page","link":"https:\/\/talkpal.ai\/is\/assamisk-malfraedi\/","title":{"rendered":"Assam\u00edsk m\u00e1lfr\u00e6\u00f0i"},"content":{"rendered":"\r\n\r\n\r\n<section class=\"languageChallengeSection\">\r\n    <div class=\"languageInfoWrapper\">\r\n        \r\n        <h1>Assam\u00edsk m\u00e1lfr\u00e6\u00f0i<\/h1>\r\n        <p>Assam\u00edsk <a href=\"https:\/\/talkpal.ai\/grammar\/\">m\u00e1lfr\u00e6\u00f0i<\/a> kann a\u00f0 vir\u00f0ast krefjandi \u00ed fyrstu, en einstakir eiginleikar hennar gera \u00fea\u00f0 a\u00f0 verkum a\u00f0 \u00fea\u00f0 er gefandi a\u00f0 l\u00e6ra tungum\u00e1li\u00f0. Me\u00f0 \u00fev\u00ed a\u00f0 sko\u00f0a stafr\u00f3fi\u00f0, st\u00f6kkbreytingar og m\u00e1lfr\u00e6\u00f0ireglur f\u00e6r\u00f0u inns\u00fdn \u00ed r\u00edka m\u00e1lhef\u00f0. Byrja\u00f0u fer\u00f0 \u00fe\u00edna og uppg\u00f6tva\u00f0u fegur\u00f0 Assamese!<\/p>\r\n\r\n                            <a class=\"getStartedHidden\" href=\"https:\/\/app.talkpal.ai\/signup?lng=\">Byrja\u00f0u<\/a>\r\n        \r\n    <\/div>\r\n\r\n    <figure>\r\n    <img decoding=\"async\" width=\"768\" height=\"768\" src=\"https:\/\/talkpal.ai\/wp-content\/uploads\/2023\/06\/welsh-768x768.png\" class=\"languageImage no-lazy\" alt=\"Language learning for better cognitive abilities\" fetchpriority=\"high\" sizes=\"(max-width: 768px) 150px, 768px\" srcset=\"https:\/\/talkpal.ai\/wp-content\/uploads\/2023\/06\/welsh-768x768.png 768w, https:\/\/talkpal.ai\/wp-content\/uploads\/2023\/06\/welsh-300x300.png 300w\" \/>\r\n    \r\n\r\n    <\/figure>\r\n\r\n            <a class=\"getStartedVisible\" href=\"https:\/\/app.talkpal.ai\/signup?lng=\">Byrja\u00f0u<\/a>\r\n    \r\n<\/section><section class=\"promotionalBanner\">\r\n    <p class=\"promotionalText\">Skilvirkasta lei\u00f0in til a\u00f0 l\u00e6ra tungum\u00e1l<\/p>\r\n    <a class=\"promotionalLink\" href=\"https:\/\/app.talkpal.ai\/signup?lng=\">Pr\u00f3fa\u00f0u Talkpal \u00f3keypis<\/a>\r\n<\/section>\n<div class=\"wp-block-group pageContainerStyle\"><div class=\"wp-block-group__inner-container is-layout-constrained wp-block-group-is-layout-constrained\">\n<h2 class=\"wp-block-heading\" id=\"h-navigating-the-intricacies-of-assamese-grammar\">A\u00f0 sigla um ranghala assam\u00edskrar m\u00e1lfr\u00e6\u00f0i<\/h2>\n\n\n\n<p><a href=\"https:\/\/talkpal.ai\/is\/laerdu-assamisku\/\">Assam\u00edska<\/a>, ind\u00f3ar\u00edskt tungum\u00e1l me\u00f0 r\u00edka s\u00f6gu og menningarlega \u00fe\u00fd\u00f0ingu, b\u00fd\u00f0ur upp \u00e1 spennandi tungum\u00e1laupplifun fyrir \u00fe\u00e1 sem eru f\u00fasir til a\u00f0 kanna einstakt m\u00e1lfr\u00e6\u00f0ikerfi \u00feess. \u00deegar \u00fe\u00fa h\u00e6ttir \u00fe\u00e9r inn \u00e1 r\u00edki assam\u00edsku muntu ekki a\u00f0eins au\u00f0ga tungum\u00e1laskr\u00e1 \u00fe\u00edna heldur einnig tileinka \u00fe\u00e9r heillandi menningarfer\u00f0. \u00de\u00f3 a\u00f0 assam\u00edsk m\u00e1lfr\u00e6\u00f0i kunni a\u00f0 vir\u00f0ast fl\u00f3kin \u00ed fyrstu, gerir \u00fea\u00f0 a\u00f0 skipta henni ni\u00f0ur \u00ed kjarna\u00fe\u00e6tti a\u00f0gengilegra a\u00f0 l\u00e6ra tungum\u00e1li\u00f0. \u00cd \u00feessari grein munum vi\u00f0 kanna gr\u00edpandi heim assam\u00edskrar m\u00e1lfr\u00e6\u00f0i og gefa r\u00e1\u00f0 um hvernig \u00e1 a\u00f0 n\u00e1 t\u00f6kum \u00e1 margbreytileika hennar.<\/p>\n\n\n\n<h3 class=\"wp-block-heading\" id=\"h-1-assamese-alphabet-and-phonetics\">1. Assam\u00edskt stafr\u00f3f og hlj\u00f3\u00f0fr\u00e6\u00f0i<\/h3>\n\n\n\n<p>Assam\u00edska leturkerfi\u00f0 notar austur-nagari letri\u00f0 og inniheldur s\u00e9rstaka stafi og hlj\u00f3\u00f0gildi, svo sem \u09f0 ra og \u09f1 wa, auk samhlj\u00f3\u00f0a\u00feyrpinga og s\u00e9rhlj\u00f3\u00f0a diacritics. Til a\u00f0 l\u00e6ra assam\u00edska m\u00e1lfr\u00e6\u00f0i er mikilv\u00e6gt a\u00f0 kynnast \u00feessu handriti og hlj\u00f3\u00f0fr\u00e6\u00f0i \u00feess me\u00f0 \u00fev\u00ed a\u00f0 \u00e6fa lestur og skrift \u00e1 assam\u00edsku.<\/p>\n\n\n\n<h3 class=\"wp-block-heading\" id=\"h-2-sandhi-and-sound-changes-a-peculiar-assamese-feature\">2. Sandhi og hlj\u00f3\u00f0breytingar: S\u00e9rkennilegur assam\u00edskur eiginleiki<\/h3>\n\n\n\n<p>Sl\u00e1andi \u00fe\u00e1ttur assam\u00edsku er hlutverk sandhi og hlj\u00f3\u00f0fr\u00e6\u00f0ilegra v\u00edxla sem eiga s\u00e9r sta\u00f0 \u00feegar or\u00f0 sameinast e\u00f0a \u00feegar vi\u00f0skeyti festast. \u00de\u00fa munt lenda \u00ed ferlum eins og schwa ey\u00f0ingu \u00ed talm\u00e1li, svifinnsetningu \u00e1 milli s\u00e9rhlj\u00f3\u00f0a og v\u00edxlformum af fallamerkjum og vi\u00f0skeytum, til d\u00e6mis -or or -ar fyrir eignarfall og -ok e\u00f0a -ak fyrir \u00e1k\u00e6ru e\u00f0a dativ. Skilningur \u00e1 \u00fev\u00ed hven\u00e6r og hvernig \u00feessar breytingar eiga s\u00e9r sta\u00f0 er mikilv\u00e6gur fyrir n\u00e1kv\u00e6m og n\u00e1tt\u00faruleg samskipti \u00e1 assam\u00edsku.<\/p>\n\n\n\n<h3 class=\"wp-block-heading\" id=\"h-3-nouns-and-pronouns-number-classifiers-and-cases\">3. Nafnor\u00f0 og forn\u00f6fn: N\u00famer, flokkarar og m\u00e1l<\/h3>\n\n\n\n<p>Assam\u00edsk nafnor\u00f0 hafa ekki m\u00e1lfr\u00e6\u00f0ilegt kyn, en <a href=\"https:\/\/talkpal.ai\/locations\/language-courses-in-tala\/\">tala<\/a> og \u00e1kve\u00f0ni eru tj\u00e1\u00f0 me\u00f0 fleirt\u00f6lumerkjum og flokkara. Algeng fleirt\u00f6lumerki eru -bor og -bilak, en flokkarar eins og -ta, -khon og -zoni eru t\u00ed\u00f0ir \u00ed nafnor\u00f0asamb\u00f6ndum me\u00f0 t\u00f6lust\u00f6fum e\u00f0a \u00e1kve\u00f0ni. Assam\u00edska notar p\u00f3stst\u00f6\u00f0ur og fallmerki, \u00fear \u00e1 me\u00f0al eignarfall -e\u00f0a e\u00f0a -ar, a\u00f0lagandi e\u00f0a dativ -ok e\u00f0a -ak, sta\u00f0setningaror\u00f0 -at e\u00f0a -ot, instrumental e\u00f0a agentive -e, ablative -pora og comitative logot. Forn\u00f6fn innihalda pers\u00f3nuleg form eins og moi I, toi e\u00f0a tumi e\u00f0a apuni u me\u00f0 mismikilli kunnugleika og kurteisi, og se hann e\u00f0a h\u00fan, me\u00f0 fleirt\u00f6lu eins og <a href=\"https:\/\/talkpal.ai\/locations\/language-courses-in-ami\/\">ami<\/a> we og teolok \u00feeir. Eignarform eru ger\u00f0 me\u00f0 eignarfalli, svo sem mur my, tomar ur, apunar your poarti, tar his or her. Reflexive nij og nijeke, demonstratives eita this and seita that, og yfirheyrslur eins og kune sem, ki hva\u00f0, kot hvar, og ketiya hven\u00e6r eru nau\u00f0synlegar til a\u00f0 l\u00e6ra.<\/p>\n\n\n\n<h3 class=\"wp-block-heading\" id=\"h-4-verbs-structure-and-conjugation\">4. Sagnir: Uppbygging og samtenging<\/h3>\n\n\n\n<p>Assam\u00edskar sagnir eru merktar fyrir t\u00ed\u00f0, \u00fe\u00e1tt, skap og p\u00f3lun, oft me\u00f0 aukaor\u00f0um, og s\u00fdna takmarka\u00f0 samr\u00e6mi. Grundvallart\u00ed\u00f0irnar eru n\u00fat\u00ed\u00f0, fort\u00ed\u00f0 og framt\u00ed\u00f0, \u00e1samt \u00fe\u00e1ttum eins og frams\u00e6knum og fullkomnum. Afneitun notar venjulega na \u00e1 undan s\u00f6gninni e\u00f0a hj\u00e1lparefninu og neikv\u00e6tt tilvistarlegt er nai. Nau\u00f0syn er mismunandi eftir kurteisisstigi, til d\u00e6mis kor do, kora e\u00f0a korun kurteis. A\u00f0 l\u00e6ra kjarnasamtengingarmynstrin og hvernig hj\u00e1lpart\u00e6ki tj\u00e1 \u00fe\u00e1tt mun b\u00e6ta getu \u00fe\u00edna til a\u00f0 eiga skilvirk samskipti \u00e1 assam\u00edsku.<\/p>\n\n\n\n<h3 class=\"wp-block-heading\" id=\"h-5-adjectives-agreement-and-placement\">5. L\u00fdsingaror\u00f0: Samkomulag og sta\u00f0setning<\/h3>\n\n\n\n<p>n Assam\u00edsk m\u00e1lfr\u00e6\u00f0i, l\u00fdsingaror\u00f0 koma venjulega \u00e1 undan nafnor\u00f0inu sem \u00feau breyta og eru ekki samhlj\u00f3\u00f0a \u00ed kyni e\u00f0a t\u00f6lu nafnor\u00f0inu. Samanbur\u00f0arstig eru oft myndu\u00f0 me\u00f0 atviksor\u00f0um og ja\u00f0arbyggingum, til d\u00e6mis me\u00f0 \u00fev\u00ed a\u00f0 nota besi fyrir fleiri og mj\u00f6g merki til \u00e1herslu. A\u00f0 l\u00e6ra algeng mynstur mun hj\u00e1lpa \u00fe\u00e9r a\u00f0 hlj\u00f3ma e\u00f0lilega \u00ed daglegu tali.  <\/p>\n\n\n\n<p><strong>D\u00e6mi:<\/strong><\/p>\n\n\n\n<p><strong>\u2013 Dangor Morom (st\u00f3r \u00e1st)<\/strong><\/p>\n\n\n\n<p><strong>\u2013 Xoru Sishu-Bilak (l\u00edtil b\u00f6rn)<\/strong><\/p>\n\n\n\n<h3 class=\"wp-block-heading\" id=\"h-6-engaging-with-the-language\">6. A\u00f0 taka \u00fe\u00e1tt \u00ed tungum\u00e1linu<\/h3>\n\n\n\n<p>\u00c1hrifar\u00edkasta lei\u00f0in til a\u00f0 skilja a\u00f0 fullu og innbyr\u00f0a assam\u00edska m\u00e1lfr\u00e6\u00f0i er a\u00f0 taka st\u00f6\u00f0ugt \u00fe\u00e1tt \u00ed tungum\u00e1linu. Me\u00f0 \u00fev\u00ed a\u00f0 lesa assam\u00edskar b\u00f3kmenntir, horfa \u00e1 assam\u00edskar kvikmyndir e\u00f0a sj\u00f3nvarps\u00fe\u00e6tti, hlusta \u00e1 assam\u00edskar fr\u00e9ttir e\u00f0a \u00fatvarp og eiga virk samskipti vi\u00f0 m\u00f3\u00f0urm\u00e1lsm\u00e6lendur, styrkir \u00fe\u00fa skilning \u00feinn \u00e1 m\u00e1lfr\u00e6\u00f0i \u00e1 me\u00f0an \u00fe\u00fa st\u00e6kkar or\u00f0afor\u00f0a \u00feinn.<\/p>\n\n\n\n<h3 class=\"wp-block-heading\" id=\"h-conclusion\">Ni\u00f0ursta\u00f0a<\/h3>\n\n\n\n<p>\u00de\u00f3 a\u00f0 assam\u00edsk m\u00e1lfr\u00e6\u00f0i kunni a\u00f0 vir\u00f0ast fl\u00f3kin getur\u00f0u or\u00f0i\u00f0 f\u00e6r \u00ed \u00feessu fallega tungum\u00e1li me\u00f0 al\u00fa\u00f0, \u00e6fingu og eldm\u00f3\u00f0i. Me\u00f0 \u00fev\u00ed a\u00f0 einbeita \u00fe\u00e9r a\u00f0 grundvallarreglunum og taka \u00fe\u00e1tt \u00ed tungum\u00e1linu \u00ed mismunandi samhengi muntu flj\u00f3tt auka assam\u00edska <a href=\"https:\/\/talkpal.ai\/is\/malfraedi\/\">m\u00e1lfr\u00e6\u00f0ikunn\u00e1ttu<\/a> \u00fe\u00edna. Gangi \u00fe\u00e9r vel me\u00f0 assam\u00edska tungum\u00e1lafer\u00f0ina \u00fe\u00edna og nj\u00f3ttu \u00feess a\u00f0 afhj\u00fapa r\u00edkulegan og gr\u00edpandi heim assam\u00edskrar m\u00e1lfr\u00e6\u00f0i!<\/p>\n<\/div><\/div>\n\r\n<section class=\"learnNavigationSection\">\r\n            \r\n        <a href=\"https:\/\/talkpal.ai\/is\/laerdu-assamisku\/\">\r\n            <div class=\"learnNavigationWrapper\">\r\n                <div class=\"learnNavigationContent\">\r\n                    <img decoding=\"async\" src=\"https:\/\/talkpal.ai\/wp-content\/uploads\/2025\/11\/Assamese.png\" alt=\"Indian Simplified Flag\">\r\n                    <div>\r\n                        <h4>Um assam\u00edskt n\u00e1m<\/h4>\r\n                        <p>Finndu \u00fat allt um assam\u00edska m\u00e1lfr\u00e6\u00f0i.<\/p>\r\n                    <\/div>\r\n                <\/div>\r\n            <\/div>\r\n        <\/a>\r\n\r\n        \r\n        <a href=\"https:\/\/talkpal.ai\/is\/assamiskar-malfraediaefingar\/\">\r\n            <div class=\"learnNavigationWrapper\">\r\n                <div class=\"learnNavigationContent\">\r\n                    <img decoding=\"async\" src=\"https:\/\/talkpal.ai\/wp-content\/uploads\/2025\/11\/Assamese.png\" alt=\"Indian Simplified Flag\">\r\n                    <div>\r\n                        <h4>Assam\u00edsk m\u00e1lfr\u00e6\u00f0i\u00e6fing<\/h4>\r\n                        <p>\u00c6f\u00f0u assam\u00edska m\u00e1lfr\u00e6\u00f0i.<\/p>\r\n                    <\/div>\r\n                <\/div>\r\n            <\/div>\r\n        <\/a>\r\n\r\n            <\/section>","protected":false},"excerpt":{"rendered":"<p>A\u00f0 sigla um ranghala assam\u00edskrar m\u00e1lfr\u00e6\u00f0i Assam\u00edska, ind\u00f3ar\u00edskt tungum\u00e1l me\u00f0 r\u00edka s\u00f6gu og menningarlega \u00fe\u00fd\u00f0ingu, b\u00fd\u00f0ur upp \u00e1 spennandi tungum\u00e1laupplifun fyrir \u00fe\u00e1 sem eru f\u00fasir til a\u00f0 kanna einstakt m\u00e1lfr\u00e6\u00f0ikerfi \u00feess. \u00deegar \u00fe\u00fa h\u00e6ttir \u00fe\u00e9r inn \u00e1 r\u00edki assam\u00edsku muntu ekki a\u00f0eins au\u00f0ga tungum\u00e1laskr\u00e1 \u00fe\u00edna heldur einnig tileinka \u00fe\u00e9r heillandi menningarfer\u00f0. \u00de\u00f3 a\u00f0 assam\u00edsk m\u00e1lfr\u00e6\u00f0i [&hellip;]<\/p>\n","protected":false},"author":20,"featured_media":0,"parent":0,"menu_order":0,"comment_status":"closed","ping_status":"closed","template":"LearningContentPage.php","meta":{"_acf_changed":false,"footnotes":""},"class_list":["post-1475887","page","type-page","status-publish","hentry"],"acf":[],"yoast_head":"<!-- This site is optimized with the Yoast SEO Premium plugin v27.2 (Yoast SEO v27.2) - https:\/\/yoast.com\/product\/yoast-seo-premium-wordpress\/ -->\n<title>Assam\u00edsk m\u00e1lfr\u00e6\u00f0i - Talkpal<\/title>\n<meta name=\"description\" content=\"N\u00e1\u00f0u t\u00f6kum \u00e1 fl\u00e6kjum assamsku m\u00e1lfr\u00e6\u00f0innar me\u00f0 Talkpal gervigreind til a\u00f0 auka f\u00e6rni \u00fe\u00edna og tala af fullkomnu \u00f6ryggi \u00ed dag.\" \/>\n<meta name=\"robots\" content=\"index, follow, max-snippet:-1, max-image-preview:large, max-video-preview:-1\" \/>\n<link rel=\"canonical\" href=\"https:\/\/talkpal.ai\/is\/assamisk-malfraedi\/\" \/>\n<meta property=\"og:locale\" content=\"is_IS\" \/>\n<meta property=\"og:type\" content=\"article\" \/>\n<meta property=\"og:title\" content=\"Assam\u00edsk m\u00e1lfr\u00e6\u00f0i\" \/>\n<meta property=\"og:description\" content=\"A\u00f0 sigla um ranghala assam\u00edskrar m\u00e1lfr\u00e6\u00f0i Assam\u00edska, ind\u00f3ar\u00edskt tungum\u00e1l me\u00f0 r\u00edka s\u00f6gu og menningarlega \u00fe\u00fd\u00f0ingu, b\u00fd\u00f0ur upp \u00e1 spennandi tungum\u00e1laupplifun\" \/>\n<meta property=\"og:url\" content=\"https:\/\/talkpal.ai\/is\/assamisk-malfraedi\/\" \/>\n<meta property=\"og:site_name\" content=\"Talkpal\" \/>\n<meta property=\"article:publisher\" content=\"https:\/\/www.facebook.com\/profile.php?id=100090733639311\" \/>\n<meta property=\"article:modified_time\" content=\"2025-12-30T15:41:54+00:00\" \/>\n<meta property=\"og:image\" content=\"https:\/\/talkpal.ai\/wp-content\/uploads\/2025\/02\/Progress-tab-16_9.png\" \/>\n\t<meta property=\"og:image:width\" content=\"2880\" \/>\n\t<meta property=\"og:image:height\" content=\"1620\" \/>\n\t<meta property=\"og:image:type\" content=\"image\/png\" \/>\n<meta name=\"twitter:card\" content=\"summary_large_image\" \/>\n<meta name=\"twitter:site\" content=\"@talkpalai\" \/>\n<meta name=\"twitter:label1\" content=\"Est. reading time\" \/>\n\t<meta name=\"twitter:data1\" content=\"4 minutes\" \/>\n<script type=\"application\/ld+json\" class=\"yoast-schema-graph\">{\"@context\":\"https:\/\/schema.org\",\"@graph\":[{\"@type\":\"WebPage\",\"@id\":\"https:\/\/talkpal.ai\/is\/assamisk-malfraedi\/\",\"url\":\"https:\/\/talkpal.ai\/is\/assamisk-malfraedi\/\",\"name\":\"Assam\u00edsk m\u00e1lfr\u00e6\u00f0i - Talkpal\",\"isPartOf\":{\"@id\":\"https:\/\/talkpal.ai\/is\/#website\"},\"datePublished\":\"2025-11-11T15:06:39+00:00\",\"dateModified\":\"2025-12-30T15:41:54+00:00\",\"description\":\"N\u00e1\u00f0u t\u00f6kum \u00e1 fl\u00e6kjum assamsku m\u00e1lfr\u00e6\u00f0innar me\u00f0 Talkpal gervigreind til a\u00f0 auka f\u00e6rni \u00fe\u00edna og tala af fullkomnu \u00f6ryggi \u00ed dag.\",\"breadcrumb\":{\"@id\":\"https:\/\/talkpal.ai\/is\/assamisk-malfraedi\/#breadcrumb\"},\"inLanguage\":\"is\",\"potentialAction\":[{\"@type\":\"ReadAction\",\"target\":[\"https:\/\/talkpal.ai\/is\/assamisk-malfraedi\/\"]}]},{\"@type\":\"BreadcrumbList\",\"@id\":\"https:\/\/talkpal.ai\/is\/assamisk-malfraedi\/#breadcrumb\",\"itemListElement\":[{\"@type\":\"ListItem\",\"position\":1,\"name\":\"Homepage\",\"item\":\"https:\/\/talkpal.ai\/is\/\"},{\"@type\":\"ListItem\",\"position\":2,\"name\":\"Assam\u00edsk m\u00e1lfr\u00e6\u00f0i\"}]},{\"@type\":\"WebSite\",\"@id\":\"https:\/\/talkpal.ai\/is\/#website\",\"url\":\"https:\/\/talkpal.ai\/is\/\",\"name\":\"Talkpal\",\"description\":\"AI Language Learning\",\"publisher\":{\"@id\":\"https:\/\/talkpal.ai\/is\/#organization\"},\"alternateName\":\"Talkpal AI\",\"potentialAction\":[{\"@type\":\"SearchAction\",\"target\":{\"@type\":\"EntryPoint\",\"urlTemplate\":\"https:\/\/talkpal.ai\/is\/?s={search_term_string}\"},\"query-input\":{\"@type\":\"PropertyValueSpecification\",\"valueRequired\":true,\"valueName\":\"search_term_string\"}}],\"inLanguage\":\"is\"},{\"@type\":\"Organization\",\"@id\":\"https:\/\/talkpal.ai\/is\/#organization\",\"name\":\"Talkpal, Inc.\",\"alternateName\":\"Talkpal AI\",\"url\":\"https:\/\/talkpal.ai\/is\/\",\"logo\":{\"@type\":\"ImageObject\",\"inLanguage\":\"is\",\"@id\":\"https:\/\/talkpal.ai\/is\/#\/schema\/logo\/image\/\",\"url\":\"https:\/\/talkpal.ai\/wp-content\/uploads\/2024\/03\/Talkpal-Logo-Icon.png\",\"contentUrl\":\"https:\/\/talkpal.ai\/wp-content\/uploads\/2024\/03\/Talkpal-Logo-Icon.png\",\"width\":2880,\"height\":2880,\"caption\":\"Talkpal, Inc.\"},\"image\":{\"@id\":\"https:\/\/talkpal.ai\/is\/#\/schema\/logo\/image\/\"},\"sameAs\":[\"https:\/\/www.facebook.com\/profile.php?id=100090733639311\",\"https:\/\/x.com\/talkpalai\",\"https:\/\/www.linkedin.com\/company\/talkpal\/\",\"https:\/\/www.youtube.com\/@TalkPal\/\",\"https:\/\/www.tiktok.com\/@talkpal\",\"https:\/\/www.instagram.com\/talkpal_ai\/\",\"https:\/\/www.crunchbase.com\/organization\/talkpal-9cde\",\"https:\/\/www.g2.com\/products\/talkpal-for-business\/\",\"https:\/\/www.trustpilot.com\/review\/talkpal.ai\",\"https:\/\/www.capterra.com\/p\/10006800\/TalkPal\/\"],\"description\":\"Talkpal is a language learning web and mobile education app, powered by the latest AI technologies, that provides engaging experiences to its customers in many different languages to help them improve their language skills. Users can chat about unlimited amount of topics with the app and use other modes to practice their language learning.\",\"email\":\"support@talkpal.ai\",\"legalName\":\"Talkpal, Inc.\",\"foundingDate\":\"2023-04-03\",\"duns\":\"118989042\",\"numberOfEmployees\":{\"@type\":\"QuantitativeValue\",\"minValue\":\"11\",\"maxValue\":\"50\"},\"publishingPrinciples\":\"https:\/\/talkpal.ai\/publishing-principles\/\",\"actionableFeedbackPolicy\":\"https:\/\/talkpal.ai\/actionable-feedback-policy\/\",\"correctionsPolicy\":\"https:\/\/talkpal.ai\/corrections-policy\/\",\"ethicsPolicy\":\"https:\/\/talkpal.ai\/ethics-policy\/\",\"diversityPolicy\":\"https:\/\/talkpal.ai\/diversity-policy\/\",\"diversityStaffingReport\":\"https:\/\/talkpal.ai\/diversity-policy\/\"}]}<\/script>\n<!-- \/ Yoast SEO Premium plugin. -->","yoast_head_json":{"title":"Assam\u00edsk m\u00e1lfr\u00e6\u00f0i - Talkpal","description":"N\u00e1\u00f0u t\u00f6kum \u00e1 fl\u00e6kjum assamsku m\u00e1lfr\u00e6\u00f0innar me\u00f0 Talkpal gervigreind til a\u00f0 auka f\u00e6rni \u00fe\u00edna og tala af fullkomnu \u00f6ryggi \u00ed dag.","robots":{"index":"index","follow":"follow","max-snippet":"max-snippet:-1","max-image-preview":"max-image-preview:large","max-video-preview":"max-video-preview:-1"},"canonical":"https:\/\/talkpal.ai\/is\/assamisk-malfraedi\/","og_locale":"is_IS","og_type":"article","og_title":"Assam\u00edsk m\u00e1lfr\u00e6\u00f0i","og_description":"A\u00f0 sigla um ranghala assam\u00edskrar m\u00e1lfr\u00e6\u00f0i Assam\u00edska, ind\u00f3ar\u00edskt tungum\u00e1l me\u00f0 r\u00edka s\u00f6gu og menningarlega \u00fe\u00fd\u00f0ingu, b\u00fd\u00f0ur upp \u00e1 spennandi tungum\u00e1laupplifun","og_url":"https:\/\/talkpal.ai\/is\/assamisk-malfraedi\/","og_site_name":"Talkpal","article_publisher":"https:\/\/www.facebook.com\/profile.php?id=100090733639311","article_modified_time":"2025-12-30T15:41:54+00:00","og_image":[{"width":2880,"height":1620,"url":"https:\/\/talkpal.ai\/wp-content\/uploads\/2025\/02\/Progress-tab-16_9.png","type":"image\/png"}],"twitter_card":"summary_large_image","twitter_site":"@talkpalai","twitter_misc":{"Est. reading time":"4 minutes"},"schema":{"@context":"https:\/\/schema.org","@graph":[{"@type":"WebPage","@id":"https:\/\/talkpal.ai\/is\/assamisk-malfraedi\/","url":"https:\/\/talkpal.ai\/is\/assamisk-malfraedi\/","name":"Assam\u00edsk m\u00e1lfr\u00e6\u00f0i - Talkpal","isPartOf":{"@id":"https:\/\/talkpal.ai\/is\/#website"},"datePublished":"2025-11-11T15:06:39+00:00","dateModified":"2025-12-30T15:41:54+00:00","description":"N\u00e1\u00f0u t\u00f6kum \u00e1 fl\u00e6kjum assamsku m\u00e1lfr\u00e6\u00f0innar me\u00f0 Talkpal gervigreind til a\u00f0 auka f\u00e6rni \u00fe\u00edna og tala af fullkomnu \u00f6ryggi \u00ed dag.","breadcrumb":{"@id":"https:\/\/talkpal.ai\/is\/assamisk-malfraedi\/#breadcrumb"},"inLanguage":"is","potentialAction":[{"@type":"ReadAction","target":["https:\/\/talkpal.ai\/is\/assamisk-malfraedi\/"]}]},{"@type":"BreadcrumbList","@id":"https:\/\/talkpal.ai\/is\/assamisk-malfraedi\/#breadcrumb","itemListElement":[{"@type":"ListItem","position":1,"name":"Homepage","item":"https:\/\/talkpal.ai\/is\/"},{"@type":"ListItem","position":2,"name":"Assam\u00edsk m\u00e1lfr\u00e6\u00f0i"}]},{"@type":"WebSite","@id":"https:\/\/talkpal.ai\/is\/#website","url":"https:\/\/talkpal.ai\/is\/","name":"Talkpal","description":"AI Language Learning","publisher":{"@id":"https:\/\/talkpal.ai\/is\/#organization"},"alternateName":"Talkpal AI","potentialAction":[{"@type":"SearchAction","target":{"@type":"EntryPoint","urlTemplate":"https:\/\/talkpal.ai\/is\/?s={search_term_string}"},"query-input":{"@type":"PropertyValueSpecification","valueRequired":true,"valueName":"search_term_string"}}],"inLanguage":"is"},{"@type":"Organization","@id":"https:\/\/talkpal.ai\/is\/#organization","name":"Talkpal, Inc.","alternateName":"Talkpal AI","url":"https:\/\/talkpal.ai\/is\/","logo":{"@type":"ImageObject","inLanguage":"is","@id":"https:\/\/talkpal.ai\/is\/#\/schema\/logo\/image\/","url":"https:\/\/talkpal.ai\/wp-content\/uploads\/2024\/03\/Talkpal-Logo-Icon.png","contentUrl":"https:\/\/talkpal.ai\/wp-content\/uploads\/2024\/03\/Talkpal-Logo-Icon.png","width":2880,"height":2880,"caption":"Talkpal, Inc."},"image":{"@id":"https:\/\/talkpal.ai\/is\/#\/schema\/logo\/image\/"},"sameAs":["https:\/\/www.facebook.com\/profile.php?id=100090733639311","https:\/\/x.com\/talkpalai","https:\/\/www.linkedin.com\/company\/talkpal\/","https:\/\/www.youtube.com\/@TalkPal\/","https:\/\/www.tiktok.com\/@talkpal","https:\/\/www.instagram.com\/talkpal_ai\/","https:\/\/www.crunchbase.com\/organization\/talkpal-9cde","https:\/\/www.g2.com\/products\/talkpal-for-business\/","https:\/\/www.trustpilot.com\/review\/talkpal.ai","https:\/\/www.capterra.com\/p\/10006800\/TalkPal\/"],"description":"Talkpal is a language learning web and mobile education app, powered by the latest AI technologies, that provides engaging experiences to its customers in many different languages to help them improve their language skills. Users can chat about unlimited amount of topics with the app and use other modes to practice their language learning.","email":"support@talkpal.ai","legalName":"Talkpal, Inc.","foundingDate":"2023-04-03","duns":"118989042","numberOfEmployees":{"@type":"QuantitativeValue","minValue":"11","maxValue":"50"},"publishingPrinciples":"https:\/\/talkpal.ai\/publishing-principles\/","actionableFeedbackPolicy":"https:\/\/talkpal.ai\/actionable-feedback-policy\/","correctionsPolicy":"https:\/\/talkpal.ai\/corrections-policy\/","ethicsPolicy":"https:\/\/talkpal.ai\/ethics-policy\/","diversityPolicy":"https:\/\/talkpal.ai\/diversity-policy\/","diversityStaffingReport":"https:\/\/talkpal.ai\/diversity-policy\/"}]}},"_links":{"self":[{"href":"https:\/\/talkpal.ai\/is\/wp-json\/wp\/v2\/pages\/1475887","targetHints":{"allow":["GET"]}}],"collection":[{"href":"https:\/\/talkpal.ai\/is\/wp-json\/wp\/v2\/pages"}],"about":[{"href":"https:\/\/talkpal.ai\/is\/wp-json\/wp\/v2\/types\/page"}],"author":[{"embeddable":true,"href":"https:\/\/talkpal.ai\/is\/wp-json\/wp\/v2\/users\/20"}],"replies":[{"embeddable":true,"href":"https:\/\/talkpal.ai\/is\/wp-json\/wp\/v2\/comments?post=1475887"}],"version-history":[{"count":0,"href":"https:\/\/talkpal.ai\/is\/wp-json\/wp\/v2\/pages\/1475887\/revisions"}],"wp:attachment":[{"href":"https:\/\/talkpal.ai\/is\/wp-json\/wp\/v2\/media?parent=1475887"}],"curies":[{"name":"wp","href":"https:\/\/api.w.org\/{rel}","templated":true}]}}