{"id":1475868,"date":"2025-11-11T12:32:58","date_gmt":"2025-11-11T12:32:58","guid":{"rendered":"https:\/\/talkpal.ai\/albanskar-malfraediaefingar\/"},"modified":"2025-12-30T15:39:39","modified_gmt":"2025-12-30T15:39:39","slug":"albanskar-malfraediaefingar","status":"publish","type":"page","link":"https:\/\/talkpal.ai\/is\/albanskar-malfraediaefingar\/","title":{"rendered":"Albanskar m\u00e1lfr\u00e6\u00f0i\u00e6fingar"},"content":{"rendered":"\r\n\r\n\r\n<section class=\"languageChallengeSection\">\r\n    <div class=\"languageInfoWrapper\">\r\n        \r\n        <h1>Albanskar m\u00e1lfr\u00e6\u00f0i\u00e6fingar<\/h1>\r\n        <p>Tilb\u00fainn til a\u00f0 kafa ofan \u00ed <a href=\"https:\/\/talkpal.ai\/learn-albanian\/\">albanska<\/a> <a href=\"https:\/\/talkpal.ai\/grammar\/\">m\u00e1lfr\u00e6\u00f0i<\/a>? A\u00f0 \u00e6fa sig \u00ed nokkrum grunnatri\u00f0um mun hj\u00e1lpa \u00fe\u00e9r a\u00f0 tileinka \u00fe\u00e9r \u00feetta einstaka og fallega tungum\u00e1l. Pr\u00f3fa\u00f0u \u00feessar \u00e6fingar til a\u00f0 byggja upp sj\u00e1lfstrausti\u00f0 og skemmta \u00fe\u00e9r vel \u00ed lei\u00f0inni!<\/p>\r\n\r\n                            <a class=\"getStartedHidden\" href=\"https:\/\/app.talkpal.ai\/signup?lng=\">Byrja\u00f0u<\/a>\r\n        \r\n    <\/div>\r\n\r\n    <figure>\r\n    <img decoding=\"async\" width=\"768\" height=\"768\" src=\"https:\/\/talkpal.ai\/wp-content\/uploads\/2023\/06\/welsh-768x768.png\" class=\"languageImage no-lazy\" alt=\"Language learning for better cognitive abilities\" fetchpriority=\"high\" sizes=\"(max-width: 768px) 150px, 768px\" srcset=\"https:\/\/talkpal.ai\/wp-content\/uploads\/2023\/06\/welsh-768x768.png 768w, https:\/\/talkpal.ai\/wp-content\/uploads\/2023\/06\/welsh-300x300.png 300w\" \/>\r\n    \r\n\r\n    <\/figure>\r\n\r\n            <a class=\"getStartedVisible\" href=\"https:\/\/app.talkpal.ai\/signup?lng=\">Byrja\u00f0u<\/a>\r\n    \r\n<\/section><section class=\"promotionalBanner\">\r\n    <p class=\"promotionalText\">Skilvirkasta lei\u00f0in til a\u00f0 l\u00e6ra tungum\u00e1l<\/p>\r\n    <a class=\"promotionalLink\" href=\"https:\/\/app.talkpal.ai\/signup?lng=\">Pr\u00f3fa\u00f0u Talkpal \u00f3keypis<\/a>\r\n<\/section>\n<div class=\"wp-block-group pageContainerStyle\"><div class=\"wp-block-group__inner-container is-layout-constrained wp-block-group-is-layout-constrained\">\n<h2 class=\"wp-block-heading\" id=\"h-albanian-grammar-topics\">Albansk m\u00e1lfr\u00e6\u00f0i efni<\/h2>\n\n\n\n<p><a href=\"https:\/\/talkpal.ai\/is\/staerstu-mistokin-sem-tharf-ad-fordast-thegar-thu-laerir-nytt-tungumal\/\">A\u00f0 l\u00e6ra n\u00fdtt tungum\u00e1l<\/a> getur veri\u00f0 krefjandi en gefandi vi\u00f0leitni. Albanska, ind\u00f3evr\u00f3pskt tungum\u00e1l sem a\u00f0allega er tala\u00f0 \u00ed Alban\u00edu, er engin undantekning. Me\u00f0 einst\u00f6kum eiginleikum s\u00ednum og uppbyggingu krefst <a href=\"https:\/\/talkpal.ai\/is\/talkpal-fyrir-menntun\/\">n\u00e1m<\/a> \u00ed alb\u00f6nsku kerfisbundinnar n\u00e1lgunar til a\u00f0 skilja r\u00edka m\u00e1lfr\u00e6\u00f0i. \u00deessi handb\u00f3k l\u00fdsir lykilsvi\u00f0um <a href=\"https:\/\/talkpal.ai\/is\/albansk-malfraedi\/\">alb\u00f6nskrar m\u00e1lfr\u00e6\u00f0i<\/a> \u00ed r\u00f6kr\u00e9ttri r\u00f6\u00f0 fyrir <a href=\"https:\/\/talkpal.ai\/is\/ai-chatbot-fyrir-tungumalanam\/\">tungum\u00e1lan\u00e1m<\/a>, fr\u00e1 grunnatri\u00f0um eins og nafnor\u00f0um og greinum, og fer yfir \u00ed fl\u00f3knari svi\u00f0 eins og t\u00ed\u00f0ir og setningager\u00f0.<\/p>\n\n\n\n<h3 class=\"wp-block-heading\" id=\"h-1-nouns\">1. Nafnor\u00f0:<\/h3>\n\n\n\n<p>Byrja\u00f0u alb\u00f6nsku tungum\u00e1lafer\u00f0ina \u00fe\u00edna me\u00f0 \u00fev\u00ed a\u00f0 l\u00e6ra nafnor\u00f0in. \u00deetta felur \u00ed s\u00e9r skilning \u00e1 kyni og t\u00f6lu, algengum n\u00f6fnum og s\u00e9rn\u00f6fnum og fleirt\u00f6luformum \u00feeirra. Alb\u00f6nsk nafnor\u00f0 beygja einnig fyrir falli og hafa b\u00e6\u00f0i \u00f3\u00e1kve\u00f0in og \u00e1kve\u00f0in form, \u00fear sem \u00e1kve\u00f0ni er oft merkt me\u00f0 vi\u00f0skeyti sem er tengt nafnor\u00f0inu.<\/p>\n\n\n\n<h3 class=\"wp-block-heading\" id=\"h-2-articles\">2. Greinar:<\/h3>\n\n\n\n<p>Greinar \u00e1 alb\u00f6nsku virka \u00f6\u00f0ruv\u00edsi en <a href=\"https:\/\/talkpal.ai\/ai-english-speaking-practice\/\">enska<\/a>. \u00c1kve\u00f0ni greinin er venjulega vi\u00f0skeyti sem b\u00e6tt er vi\u00f0 nafnor\u00f0i\u00f0, en \u00f3\u00e1kve\u00f0ni greinin er s\u00e9rstaka or\u00f0i\u00f0 nj\u00eb \u00ed eint\u00f6lu. Albanska notar einnig tengigrein \u00e1 undan l\u00fdsingaror\u00f0um og \u00ed \u00e1kve\u00f0num eignarfallsbyggingum, sem er samhlj\u00f3\u00f0a \u00ed kyni og t\u00f6lu.<\/p>\n\n\n\n<h3 class=\"wp-block-heading\" id=\"h-3-adjectives\">3. L\u00fdsingaror\u00f0:<\/h3>\n\n\n\n<p>L\u00fdsingaror\u00f0 \u00e1 alb\u00f6nsku fylgja venjulega nafnor\u00f0um s\u00ednum. Samkomulag er s\u00fdnt me\u00f0 tengigreininni sem er sett \u00e1 undan l\u00fdsingaror\u00f0inu, sem endurspeglar kyn, t\u00f6lu og h\u00e1fall nafnor\u00f0sins. L\u00e6r\u00f0u hvernig \u00e1 a\u00f0 mynda samanbur\u00f0aror\u00f0 og yfirbur\u00f0i, venjulega me\u00f0 m\u00eb fyrir samanbur\u00f0ar- og \u00e1kve\u00f0na formi\u00f0 fyrir yfirbur\u00f0aor\u00f0i\u00f0.<\/p>\n\n\n\n<h3 class=\"wp-block-heading\" id=\"h-4-pronouns-determiners\">4. Forn\u00f6fn\/\u00e1kv\u00f6r\u00f0unaror\u00f0:<\/h3>\n\n\n\n<p>Forn\u00f6fn og \u00e1kvar\u00f0anir eru nau\u00f0synleg \u00e1 alb\u00f6nsku; \u00deeir koma \u00ed sta\u00f0 nafnor\u00f0a og veita uppl\u00fdsingar um pers\u00f3nu, eign, magn og fleira. Gef\u00f0u s\u00e9rstaka gaum a\u00f0 sn\u00edpforn\u00f6fnum, sem oft koma fyrir \u00e1 undan s\u00f6gninni, og eignarfallsforn\u00f6fnum sem eru \u00ed samr\u00e6mi vi\u00f0 nafnor\u00f0i\u00f0 sem \u00feeir breyta.<\/p>\n\n\n\n<h3 class=\"wp-block-heading\" id=\"h-5-verbs\">5. Sagnir:<\/h3>\n\n\n\n<p>Albanskar sagnir breyta um form fyrir pers\u00f3nu og t\u00f6lu og eru nota\u00f0ar \u00ed nokkrum skaptegundum eins og v\u00edsandi, tengingu, <a href=\"https:\/\/talkpal.ai\/ja\/grammar_exercises\/imperatif-%e3%83%95%e3%83%a9%e3%83%b3%e3%82%b9%e3%81%ae%e6%96%87%e6%b3%95%e3%81%ae%e3%81%9f%e3%82%81%e3%81%ae%e6%bc%94%e7%bf%92\/\">imperativ<\/a>, skilyrt og a\u00f0d\u00e1unaror\u00f0. Byrja\u00f0u \u00e1 n\u00fat\u00ed\u00f0 og algengum \u00fe\u00e1t\u00ed\u00f0arformum, v\u00edkka\u00f0u s\u00ed\u00f0an \u00fat \u00ed a\u00f0rar stemningar og raddir, \u00fear \u00e1 me\u00f0al \u00f3virkar myndanir.<\/p>\n\n\n\n<h3 class=\"wp-block-heading\" id=\"h-6-tenses\">6. Spennur:<\/h3>\n\n\n\n<p>Eftir <a href=\"https:\/\/talkpal.ai\/culture\/what-is-the-verb-ad-hafa-and-when-is-it-used\/\">a\u00f0 hafa<\/a> n\u00e1\u00f0 t\u00f6kum \u00e1 sagnformunum skaltu kafa d\u00fdpra \u00ed albanska t\u00ed\u00f0ir. Lykilt\u00ed\u00f0ir eru n\u00fat\u00ed\u00f0, \u00f3fullkomin, \u00f3rist, n\u00fat\u00ed\u00f0 fullkomin, plufullkomin og framt\u00ed\u00f0arform. L\u00e6r\u00f0u hvernig hver t\u00ed\u00f0 er notu\u00f0 \u00ed samhengi til a\u00f0 tj\u00e1 loknar a\u00f0ger\u00f0ir, \u00e1framhaldandi fyrri a\u00f0ger\u00f0ir og framt\u00ed\u00f0aratbur\u00f0i.<\/p>\n\n\n\n<h3 class=\"wp-block-heading\" id=\"h-7-tense-comparison\">7. Spenntur samanbur\u00f0ur:<\/h3>\n\n\n\n<p>Samanbur\u00f0ur \u00e1 t\u00ed\u00f0um \u00e1 alb\u00f6nsku hj\u00e1lpar til vi\u00f0 a\u00f0 skilja r\u00f6\u00f0 og hli\u00f0 atbur\u00f0a. Ber\u00f0u saman \u00f3r\u00edistann vi\u00f0 n\u00fat\u00ed\u00f0ina og hi\u00f0 \u00f3fullkomna vi\u00f0 \u00f3r\u00edistann til a\u00f0 sj\u00e1 hvernig albanska greinir \u00e1 milli einstakra athafna, \u00e1framhaldandi fyrri athafna og n\u00fat\u00ed\u00f0armikilv\u00e6gis.<\/p>\n\n\n\n<h3 class=\"wp-block-heading\" id=\"h-8-progressive\">8. Frams\u00e6ki\u00f0:<\/h3>\n\n\n\n<p>Frams\u00e6kni \u00fe\u00e1tturinn \u00ed alb\u00f6nsku er almennt settur fram me\u00f0 \u00f6gninni po \u00e1 undan endanlegu s\u00f6gninni e\u00f0a me\u00f0 uppbyggingunni jam duke \u00e1 eftir or\u00f0or\u00f0inu e\u00f0a particip. Nota\u00f0u \u00feetta til a\u00f0 tj\u00e1 \u00e1framhaldandi a\u00f0ger\u00f0ir \u00ed n\u00fat\u00ed\u00f0 e\u00f0a fort\u00ed\u00f0.<\/p>\n\n\n\n<h3 class=\"wp-block-heading\" id=\"h-9-perfect-progressive\">9. Fullkominn frams\u00e6kinn:<\/h3>\n\n\n\n<p>\u00deessi \u00fe\u00e1ttur er nota\u00f0ur til a\u00f0 tj\u00e1 a\u00f0ger\u00f0ir sem hafa veri\u00f0 \u00ed gangi fram a\u00f0 \u00e1kve\u00f0num t\u00edmapunkti. \u00c1 alb\u00f6nsku er \u00fea\u00f0 mynda\u00f0 me\u00f0 kam qen\u00eb hertoga og s\u00ed\u00f0an particip fyrir n\u00fat\u00ed\u00f0 fullkominn frams\u00e6kinn og kisha qen\u00eb hertogi fyrir fort\u00ed\u00f0 fullkominn frams\u00e6kinn.<\/p>\n\n\n\n<h3 class=\"wp-block-heading\" id=\"h-10-conditionals\">10. Skilyr\u00f0i:<\/h3>\n\n\n\n<p>Skilyrt l\u00fdsir \u00edmyndu\u00f0um a\u00f0st\u00e6\u00f0um og hugsanlegum ni\u00f0urst\u00f6\u00f0um \u00feeirra. Albanska notar form me\u00f0 do t\u00eb auk vi\u00f0eigandi sagnamyndar fyrir hugsanlegar e\u00f0a \u00f3raunverulegar a\u00f0st\u00e6\u00f0ur, og ef-setningar kynntar af n\u00ebse e\u00f0a po t\u00eb. A\u00f0 n\u00e1 t\u00f6kum \u00e1 \u00feessu mun b\u00e6ta bl\u00e6brig\u00f0um vi\u00f0 tungum\u00e1lakunn\u00e1ttu \u00fe\u00edna.<\/p>\n\n\n\n<h3 class=\"wp-block-heading\" id=\"h-11-adverbs\">11. Atviksor\u00f0:<\/h3>\n\n\n\n<p>Atviksor\u00f0 \u00e1 alb\u00f6nsku breyta s\u00f6gnum, l\u00fdsingaror\u00f0um e\u00f0a \u00f6\u00f0rum atviksor\u00f0um. \u00deeir veita uppl\u00fdsingar um h\u00e1tt, sta\u00f0, t\u00edma, gr\u00e1\u00f0u og fleira, oft me\u00f0 \u00fev\u00ed a\u00f0 nota form eins og l\u00fdsingaror\u00f0 e\u00f0a f\u00f6st atviksor\u00f0 eins og tani, dje, k\u00ebtu og atje.<\/p>\n\n\n\n<h3 class=\"wp-block-heading\" id=\"h-12-prepositions\">12. Forsetningar:<\/h3>\n\n\n\n<p>Forsetningar tengja or\u00f0 og or\u00f0asamb\u00f6nd saman. \u00deeir tj\u00e1 tengsl t\u00edma, sta\u00f0ar, stefnu og fleira me\u00f0 \u00fev\u00ed a\u00f0 nota algenga hluti eins og n\u00eb, te, tek, me, pa, p\u00ebr, nga, mbi, n\u00ebn, para og pas. L\u00e6r\u00f0u hvernig \u00feau sameinast f\u00f6llum og tengigreininni \u00ed nafnor\u00f0asamb\u00f6ndum.<\/p>\n\n\n\n<h3 class=\"wp-block-heading\" id=\"h-13-sentences\">13. Setningar:<\/h3>\n\n\n\n<p>A\u00f0 lokum, \u00e6f\u00f0u \u00feig \u00ed a\u00f0 sm\u00ed\u00f0a setningar. Albanska hefur venjulega sveigjanlega or\u00f0ar\u00f6\u00f0 me\u00f0 sameiginlegu SVO-mynstri, notar sn\u00edpforn\u00f6fn \u00e1 undan s\u00f6gninni, afneitar me\u00f0 nuk og myndar spurningar me\u00f0 t\u00f3nfalli e\u00f0a me\u00f0 a. Me\u00f0 \u00fev\u00ed a\u00f0 nota \u00f6ll \u00e1\u00f0ur l\u00e6r\u00f0 m\u00e1lfr\u00e6\u00f0iatri\u00f0i \u00ed samhengi mun \u00fea\u00f0 tryggja alhli\u00f0a skilning \u00e1 alb\u00f6nsku.<\/p>\n<\/div><\/div>\n\r\n<section class=\"learnNavigationSection\">\r\n            \r\n        <a href=\"https:\/\/talkpal.ai\/is\/laerdu-albanska\/\">\r\n            <div class=\"learnNavigationWrapper\">\r\n                <div class=\"learnNavigationContent\">\r\n                    <img decoding=\"async\" src=\"https:\/\/talkpal.ai\/wp-content\/uploads\/2025\/11\/Albanian.png\" alt=\"Albanian Flag\">\r\n                    <div>\r\n                        <h4>Um albanskt n\u00e1m<\/h4>\r\n                        <p>Kynntu \u00fe\u00e9r allt um albanska m\u00e1lfr\u00e6\u00f0i.<\/p>\r\n                    <\/div>\r\n                <\/div>\r\n            <\/div>\r\n        <\/a>\r\n\r\n        \r\n        <a href=\"https:\/\/talkpal.ai\/is\/albansk-malfraedi\/\">\r\n            <div class=\"learnNavigationWrapper\">\r\n                <div class=\"learnNavigationContent\">\r\n                    <img decoding=\"async\" src=\"https:\/\/talkpal.ai\/wp-content\/uploads\/2025\/11\/Albanian.png\" alt=\"Albanian Flag\">\r\n                    <div>\r\n                        <h4>Albansk m\u00e1lfr\u00e6\u00f0ikennsla<\/h4>\r\n                        <p>\u00c6f\u00f0u albanska m\u00e1lfr\u00e6\u00f0i.<\/p>\r\n                    <\/div>\r\n                <\/div>\r\n            <\/div>\r\n        <\/a>\r\n\r\n            <\/section>","protected":false},"excerpt":{"rendered":"<p>Albansk m\u00e1lfr\u00e6\u00f0i efni A\u00f0 l\u00e6ra n\u00fdtt tungum\u00e1l getur veri\u00f0 krefjandi en gefandi vi\u00f0leitni. Albanska, ind\u00f3evr\u00f3pskt tungum\u00e1l sem a\u00f0allega er tala\u00f0 \u00ed Alban\u00edu, er engin undantekning. Me\u00f0 einst\u00f6kum eiginleikum s\u00ednum og uppbyggingu krefst n\u00e1m \u00ed alb\u00f6nsku kerfisbundinnar n\u00e1lgunar til a\u00f0 skilja r\u00edka m\u00e1lfr\u00e6\u00f0i. \u00deessi handb\u00f3k l\u00fdsir lykilsvi\u00f0um alb\u00f6nskrar m\u00e1lfr\u00e6\u00f0i \u00ed r\u00f6kr\u00e9ttri r\u00f6\u00f0 fyrir tungum\u00e1lan\u00e1m, fr\u00e1 grunnatri\u00f0um [&hellip;]<\/p>\n","protected":false},"author":20,"featured_media":0,"parent":0,"menu_order":0,"comment_status":"closed","ping_status":"closed","template":"LearningContentPage.php","meta":{"_acf_changed":false,"footnotes":""},"class_list":["post-1475868","page","type-page","status-publish","hentry"],"acf":[],"yoast_head":"<!-- This site is optimized with the Yoast SEO Premium plugin v27.2 (Yoast SEO v27.2) - https:\/\/yoast.com\/product\/yoast-seo-premium-wordpress\/ -->\n<title>Albanskar m\u00e1lfr\u00e6\u00f0i\u00e6fingar - Talkpal<\/title>\n<meta name=\"description\" content=\"B\u00e6ttu alb\u00f6nskukunn\u00e1ttu \u00fe\u00edna me\u00f0 gagnvirkum m\u00e1lfr\u00e6\u00f0i\u00e6fingum Talkpal sem fjalla um nafnor\u00f0, sagnir, t\u00ed\u00f0ir og setningarbyggingar.\" \/>\n<meta name=\"robots\" content=\"index, follow, max-snippet:-1, max-image-preview:large, max-video-preview:-1\" \/>\n<link rel=\"canonical\" href=\"https:\/\/talkpal.ai\/is\/albanskar-malfraediaefingar\/\" \/>\n<meta property=\"og:locale\" content=\"is_IS\" \/>\n<meta property=\"og:type\" content=\"article\" \/>\n<meta property=\"og:title\" content=\"Albanskar m\u00e1lfr\u00e6\u00f0i\u00e6fingar\" \/>\n<meta property=\"og:description\" content=\"Albansk m\u00e1lfr\u00e6\u00f0i efni A\u00f0 l\u00e6ra n\u00fdtt tungum\u00e1l getur veri\u00f0 krefjandi en gefandi vi\u00f0leitni. Albanska, ind\u00f3evr\u00f3pskt tungum\u00e1l sem a\u00f0allega er tala\u00f0 \u00ed Alban\u00edu,\" \/>\n<meta property=\"og:url\" content=\"https:\/\/talkpal.ai\/is\/albanskar-malfraediaefingar\/\" \/>\n<meta property=\"og:site_name\" content=\"Talkpal\" \/>\n<meta property=\"article:publisher\" content=\"https:\/\/www.facebook.com\/profile.php?id=100090733639311\" \/>\n<meta property=\"article:modified_time\" content=\"2025-12-30T15:39:39+00:00\" \/>\n<meta property=\"og:image\" content=\"https:\/\/talkpal.ai\/wp-content\/uploads\/2025\/02\/Progress-tab-16_9.png\" \/>\n\t<meta property=\"og:image:width\" content=\"2880\" \/>\n\t<meta property=\"og:image:height\" content=\"1620\" \/>\n\t<meta property=\"og:image:type\" content=\"image\/png\" \/>\n<meta name=\"twitter:card\" content=\"summary_large_image\" \/>\n<meta name=\"twitter:site\" content=\"@talkpalai\" \/>\n<meta name=\"twitter:label1\" content=\"Est. reading time\" \/>\n\t<meta name=\"twitter:data1\" content=\"4 minutes\" \/>\n<script type=\"application\/ld+json\" class=\"yoast-schema-graph\">{\"@context\":\"https:\/\/schema.org\",\"@graph\":[{\"@type\":\"WebPage\",\"@id\":\"https:\/\/talkpal.ai\/is\/albanskar-malfraediaefingar\/\",\"url\":\"https:\/\/talkpal.ai\/is\/albanskar-malfraediaefingar\/\",\"name\":\"Albanskar m\u00e1lfr\u00e6\u00f0i\u00e6fingar - Talkpal\",\"isPartOf\":{\"@id\":\"https:\/\/talkpal.ai\/is\/#website\"},\"datePublished\":\"2025-11-11T12:32:58+00:00\",\"dateModified\":\"2025-12-30T15:39:39+00:00\",\"description\":\"B\u00e6ttu alb\u00f6nskukunn\u00e1ttu \u00fe\u00edna me\u00f0 gagnvirkum m\u00e1lfr\u00e6\u00f0i\u00e6fingum Talkpal sem fjalla um nafnor\u00f0, sagnir, t\u00ed\u00f0ir og setningarbyggingar.\",\"breadcrumb\":{\"@id\":\"https:\/\/talkpal.ai\/is\/albanskar-malfraediaefingar\/#breadcrumb\"},\"inLanguage\":\"is\",\"potentialAction\":[{\"@type\":\"ReadAction\",\"target\":[\"https:\/\/talkpal.ai\/is\/albanskar-malfraediaefingar\/\"]}]},{\"@type\":\"BreadcrumbList\",\"@id\":\"https:\/\/talkpal.ai\/is\/albanskar-malfraediaefingar\/#breadcrumb\",\"itemListElement\":[{\"@type\":\"ListItem\",\"position\":1,\"name\":\"Homepage\",\"item\":\"https:\/\/talkpal.ai\/is\/\"},{\"@type\":\"ListItem\",\"position\":2,\"name\":\"Albanskar m\u00e1lfr\u00e6\u00f0i\u00e6fingar\"}]},{\"@type\":\"WebSite\",\"@id\":\"https:\/\/talkpal.ai\/is\/#website\",\"url\":\"https:\/\/talkpal.ai\/is\/\",\"name\":\"Talkpal\",\"description\":\"AI Language Learning\",\"publisher\":{\"@id\":\"https:\/\/talkpal.ai\/is\/#organization\"},\"alternateName\":\"Talkpal AI\",\"potentialAction\":[{\"@type\":\"SearchAction\",\"target\":{\"@type\":\"EntryPoint\",\"urlTemplate\":\"https:\/\/talkpal.ai\/is\/?s={search_term_string}\"},\"query-input\":{\"@type\":\"PropertyValueSpecification\",\"valueRequired\":true,\"valueName\":\"search_term_string\"}}],\"inLanguage\":\"is\"},{\"@type\":\"Organization\",\"@id\":\"https:\/\/talkpal.ai\/is\/#organization\",\"name\":\"Talkpal, Inc.\",\"alternateName\":\"Talkpal AI\",\"url\":\"https:\/\/talkpal.ai\/is\/\",\"logo\":{\"@type\":\"ImageObject\",\"inLanguage\":\"is\",\"@id\":\"https:\/\/talkpal.ai\/is\/#\/schema\/logo\/image\/\",\"url\":\"https:\/\/talkpal.ai\/wp-content\/uploads\/2024\/03\/Talkpal-Logo-Icon.png\",\"contentUrl\":\"https:\/\/talkpal.ai\/wp-content\/uploads\/2024\/03\/Talkpal-Logo-Icon.png\",\"width\":2880,\"height\":2880,\"caption\":\"Talkpal, Inc.\"},\"image\":{\"@id\":\"https:\/\/talkpal.ai\/is\/#\/schema\/logo\/image\/\"},\"sameAs\":[\"https:\/\/www.facebook.com\/profile.php?id=100090733639311\",\"https:\/\/x.com\/talkpalai\",\"https:\/\/www.linkedin.com\/company\/talkpal\/\",\"https:\/\/www.youtube.com\/@TalkPal\/\",\"https:\/\/www.tiktok.com\/@talkpal\",\"https:\/\/www.instagram.com\/talkpal_ai\/\",\"https:\/\/www.crunchbase.com\/organization\/talkpal-9cde\",\"https:\/\/www.g2.com\/products\/talkpal-for-business\/\",\"https:\/\/www.trustpilot.com\/review\/talkpal.ai\",\"https:\/\/www.capterra.com\/p\/10006800\/TalkPal\/\"],\"description\":\"Talkpal is a language learning web and mobile education app, powered by the latest AI technologies, that provides engaging experiences to its customers in many different languages to help them improve their language skills. Users can chat about unlimited amount of topics with the app and use other modes to practice their language learning.\",\"email\":\"support@talkpal.ai\",\"legalName\":\"Talkpal, Inc.\",\"foundingDate\":\"2023-04-03\",\"duns\":\"118989042\",\"numberOfEmployees\":{\"@type\":\"QuantitativeValue\",\"minValue\":\"11\",\"maxValue\":\"50\"},\"publishingPrinciples\":\"https:\/\/talkpal.ai\/publishing-principles\/\",\"actionableFeedbackPolicy\":\"https:\/\/talkpal.ai\/actionable-feedback-policy\/\",\"correctionsPolicy\":\"https:\/\/talkpal.ai\/corrections-policy\/\",\"ethicsPolicy\":\"https:\/\/talkpal.ai\/ethics-policy\/\",\"diversityPolicy\":\"https:\/\/talkpal.ai\/diversity-policy\/\",\"diversityStaffingReport\":\"https:\/\/talkpal.ai\/diversity-policy\/\"}]}<\/script>\n<!-- \/ Yoast SEO Premium plugin. -->","yoast_head_json":{"title":"Albanskar m\u00e1lfr\u00e6\u00f0i\u00e6fingar - Talkpal","description":"B\u00e6ttu alb\u00f6nskukunn\u00e1ttu \u00fe\u00edna me\u00f0 gagnvirkum m\u00e1lfr\u00e6\u00f0i\u00e6fingum Talkpal sem fjalla um nafnor\u00f0, sagnir, t\u00ed\u00f0ir og setningarbyggingar.","robots":{"index":"index","follow":"follow","max-snippet":"max-snippet:-1","max-image-preview":"max-image-preview:large","max-video-preview":"max-video-preview:-1"},"canonical":"https:\/\/talkpal.ai\/is\/albanskar-malfraediaefingar\/","og_locale":"is_IS","og_type":"article","og_title":"Albanskar m\u00e1lfr\u00e6\u00f0i\u00e6fingar","og_description":"Albansk m\u00e1lfr\u00e6\u00f0i efni A\u00f0 l\u00e6ra n\u00fdtt tungum\u00e1l getur veri\u00f0 krefjandi en gefandi vi\u00f0leitni. Albanska, ind\u00f3evr\u00f3pskt tungum\u00e1l sem a\u00f0allega er tala\u00f0 \u00ed Alban\u00edu,","og_url":"https:\/\/talkpal.ai\/is\/albanskar-malfraediaefingar\/","og_site_name":"Talkpal","article_publisher":"https:\/\/www.facebook.com\/profile.php?id=100090733639311","article_modified_time":"2025-12-30T15:39:39+00:00","og_image":[{"width":2880,"height":1620,"url":"https:\/\/talkpal.ai\/wp-content\/uploads\/2025\/02\/Progress-tab-16_9.png","type":"image\/png"}],"twitter_card":"summary_large_image","twitter_site":"@talkpalai","twitter_misc":{"Est. reading time":"4 minutes"},"schema":{"@context":"https:\/\/schema.org","@graph":[{"@type":"WebPage","@id":"https:\/\/talkpal.ai\/is\/albanskar-malfraediaefingar\/","url":"https:\/\/talkpal.ai\/is\/albanskar-malfraediaefingar\/","name":"Albanskar m\u00e1lfr\u00e6\u00f0i\u00e6fingar - Talkpal","isPartOf":{"@id":"https:\/\/talkpal.ai\/is\/#website"},"datePublished":"2025-11-11T12:32:58+00:00","dateModified":"2025-12-30T15:39:39+00:00","description":"B\u00e6ttu alb\u00f6nskukunn\u00e1ttu \u00fe\u00edna me\u00f0 gagnvirkum m\u00e1lfr\u00e6\u00f0i\u00e6fingum Talkpal sem fjalla um nafnor\u00f0, sagnir, t\u00ed\u00f0ir og setningarbyggingar.","breadcrumb":{"@id":"https:\/\/talkpal.ai\/is\/albanskar-malfraediaefingar\/#breadcrumb"},"inLanguage":"is","potentialAction":[{"@type":"ReadAction","target":["https:\/\/talkpal.ai\/is\/albanskar-malfraediaefingar\/"]}]},{"@type":"BreadcrumbList","@id":"https:\/\/talkpal.ai\/is\/albanskar-malfraediaefingar\/#breadcrumb","itemListElement":[{"@type":"ListItem","position":1,"name":"Homepage","item":"https:\/\/talkpal.ai\/is\/"},{"@type":"ListItem","position":2,"name":"Albanskar m\u00e1lfr\u00e6\u00f0i\u00e6fingar"}]},{"@type":"WebSite","@id":"https:\/\/talkpal.ai\/is\/#website","url":"https:\/\/talkpal.ai\/is\/","name":"Talkpal","description":"AI Language Learning","publisher":{"@id":"https:\/\/talkpal.ai\/is\/#organization"},"alternateName":"Talkpal AI","potentialAction":[{"@type":"SearchAction","target":{"@type":"EntryPoint","urlTemplate":"https:\/\/talkpal.ai\/is\/?s={search_term_string}"},"query-input":{"@type":"PropertyValueSpecification","valueRequired":true,"valueName":"search_term_string"}}],"inLanguage":"is"},{"@type":"Organization","@id":"https:\/\/talkpal.ai\/is\/#organization","name":"Talkpal, Inc.","alternateName":"Talkpal AI","url":"https:\/\/talkpal.ai\/is\/","logo":{"@type":"ImageObject","inLanguage":"is","@id":"https:\/\/talkpal.ai\/is\/#\/schema\/logo\/image\/","url":"https:\/\/talkpal.ai\/wp-content\/uploads\/2024\/03\/Talkpal-Logo-Icon.png","contentUrl":"https:\/\/talkpal.ai\/wp-content\/uploads\/2024\/03\/Talkpal-Logo-Icon.png","width":2880,"height":2880,"caption":"Talkpal, Inc."},"image":{"@id":"https:\/\/talkpal.ai\/is\/#\/schema\/logo\/image\/"},"sameAs":["https:\/\/www.facebook.com\/profile.php?id=100090733639311","https:\/\/x.com\/talkpalai","https:\/\/www.linkedin.com\/company\/talkpal\/","https:\/\/www.youtube.com\/@TalkPal\/","https:\/\/www.tiktok.com\/@talkpal","https:\/\/www.instagram.com\/talkpal_ai\/","https:\/\/www.crunchbase.com\/organization\/talkpal-9cde","https:\/\/www.g2.com\/products\/talkpal-for-business\/","https:\/\/www.trustpilot.com\/review\/talkpal.ai","https:\/\/www.capterra.com\/p\/10006800\/TalkPal\/"],"description":"Talkpal is a language learning web and mobile education app, powered by the latest AI technologies, that provides engaging experiences to its customers in many different languages to help them improve their language skills. Users can chat about unlimited amount of topics with the app and use other modes to practice their language learning.","email":"support@talkpal.ai","legalName":"Talkpal, Inc.","foundingDate":"2023-04-03","duns":"118989042","numberOfEmployees":{"@type":"QuantitativeValue","minValue":"11","maxValue":"50"},"publishingPrinciples":"https:\/\/talkpal.ai\/publishing-principles\/","actionableFeedbackPolicy":"https:\/\/talkpal.ai\/actionable-feedback-policy\/","correctionsPolicy":"https:\/\/talkpal.ai\/corrections-policy\/","ethicsPolicy":"https:\/\/talkpal.ai\/ethics-policy\/","diversityPolicy":"https:\/\/talkpal.ai\/diversity-policy\/","diversityStaffingReport":"https:\/\/talkpal.ai\/diversity-policy\/"}]}},"_links":{"self":[{"href":"https:\/\/talkpal.ai\/is\/wp-json\/wp\/v2\/pages\/1475868","targetHints":{"allow":["GET"]}}],"collection":[{"href":"https:\/\/talkpal.ai\/is\/wp-json\/wp\/v2\/pages"}],"about":[{"href":"https:\/\/talkpal.ai\/is\/wp-json\/wp\/v2\/types\/page"}],"author":[{"embeddable":true,"href":"https:\/\/talkpal.ai\/is\/wp-json\/wp\/v2\/users\/20"}],"replies":[{"embeddable":true,"href":"https:\/\/talkpal.ai\/is\/wp-json\/wp\/v2\/comments?post=1475868"}],"version-history":[{"count":0,"href":"https:\/\/talkpal.ai\/is\/wp-json\/wp\/v2\/pages\/1475868\/revisions"}],"wp:attachment":[{"href":"https:\/\/talkpal.ai\/is\/wp-json\/wp\/v2\/media?parent=1475868"}],"curies":[{"name":"wp","href":"https:\/\/api.w.org\/{rel}","templated":true}]}}