{"id":147536,"date":"2023-05-14T14:12:07","date_gmt":"2023-05-14T14:12:07","guid":{"rendered":"http:\/\/talkpal.ai\/marathi-malfraedi\/"},"modified":"2025-12-12T10:38:04","modified_gmt":"2025-12-12T10:38:04","slug":"marathi-malfraedi","status":"publish","type":"page","link":"https:\/\/talkpal.ai\/is\/marathi-malfraedi\/","title":{"rendered":"Marathi m\u00e1lfr\u00e6\u00f0i"},"content":{"rendered":"\r\n\r\n\r\n<section class=\"languageChallengeSection\">\r\n    <div class=\"languageInfoWrapper\">\r\n        \r\n        <h1>Marathi m\u00e1lfr\u00e6\u00f0i<\/h1>\r\n        <p>Forvitinn um marat\u00ed? Kynntu \u00fe\u00e9r <a href=\"https:\/\/talkpal.ai\/grammar\/\">m\u00e1lfr\u00e6\u00f0i<\/a> marat\u00ed, \u00fear sem kynbundin nafnor\u00f0, sveigjanleg setningager\u00f0 og tj\u00e1ningarfull sagnbeyging skapa l\u00edflegt og kraftmiki\u00f0 tungum\u00e1l. Byrja\u00f0u n\u00e1msfer\u00f0alag \u00feitt \u00ed dag \u2014 a\u00f0 n\u00e1 g\u00f3\u00f0um t\u00f6kum \u00e1 marat\u00ed-m\u00e1lfr\u00e6\u00f0i mun hj\u00e1lpa \u00fe\u00e9r a\u00f0 eiga samskipti af \u00f6ryggi og tengjast r\u00edkum hef\u00f0um og menningu Maharashtra!<\/p>\r\n\r\n                            <a class=\"getStartedHidden\" href=\"https:\/\/app.talkpal.ai\/signup?lng=\">Byrja\u00f0u<\/a>\r\n        \r\n    <\/div>\r\n\r\n    <figure>\r\n    <img decoding=\"async\" width=\"768\" height=\"768\" src=\"https:\/\/talkpal.ai\/wp-content\/uploads\/2023\/06\/marathi-768x768.png\" class=\"languageImage no-lazy\" alt=\"Fun ways to make language learning interesting\" fetchpriority=\"high\" sizes=\"(max-width: 768px) 150px, 768px\" srcset=\"https:\/\/talkpal.ai\/wp-content\/uploads\/2023\/06\/marathi-768x768.png 768w, https:\/\/talkpal.ai\/wp-content\/uploads\/2023\/06\/marathi-300x300.png 300w\" \/>\r\n    \r\n\r\n    <\/figure>\r\n\r\n            <a class=\"getStartedVisible\" href=\"https:\/\/app.talkpal.ai\/signup?lng=\">Byrja\u00f0u<\/a>\r\n    \r\n<\/section>\r\n<section class=\"promotionalBanner\">\r\n    <p class=\"promotionalText\">Skilvirkasta lei\u00f0in til a\u00f0 l\u00e6ra tungum\u00e1l<\/p>\r\n    <a class=\"promotionalLink\" href=\"https:\/\/app.talkpal.ai\/signup?lng=\">Pr\u00f3fa\u00f0u Talkpal \u00f3keypis<\/a>\r\n<\/section>\n<div class=\"wp-block-group pageContainerStyle\"><div class=\"wp-block-group__inner-container is-layout-constrained wp-block-group-is-layout-constrained\">\n<h2 class=\"wp-block-heading\" id=\"h-the-allure-of-marathi-grammar-unfolding-its-mysteries-and-intricacies\">A\u00f0dr\u00e1ttarafl Marathi m\u00e1lfr\u00e6\u00f0innar: afhj\u00fapar leyndard\u00f3ma s\u00edna og ranghala<\/h2>\n\n\n\n<p>Manstu eftir vandr\u00e6\u00f0alegri fer\u00f0 a\u00f0 l\u00e6ra <a href=\"https:\/\/talkpal.ai\/learn-english-with-ai\/\">enska<\/a> m\u00e1lfr\u00e6\u00f0i, hla\u00f0in fl\u00f3knum reglum, undantekningum og fl\u00f3knum hugt\u00f6kum? Ef \u00fe\u00fa ert n\u00fana a\u00f0 \u00edhuga a\u00f0 l\u00e6ra <a href=\"https:\/\/talkpal.ai\/learn-marathi\/\">Marathi<\/a> tungum\u00e1li\u00f0 skaltu b\u00faa \u00feig undir jafn gr\u00edpandi k\u00f6nnun \u00e1 Marathi m\u00e1lfr\u00e6\u00f0i.<\/p>\n\n\n\n<p>Marathi, ind\u00f3ar\u00edskt tungum\u00e1l sem a\u00f0allega er tala\u00f0 \u00ed indverska r\u00edkinu Maharashtra, st\u00e1tar af r\u00edkri hef\u00f0 og einst\u00f6kum tungum\u00e1laeiginleikum. \u00deegar \u00fe\u00fa kafar ofan \u00ed dul\u00fa\u00f0 Marathi m\u00e1lfr\u00e6\u00f0i muntu afhj\u00fapa heillandi samspil stafr\u00f3fa \u00feess, fl\u00f3knar reglur og heillandi hlj\u00f3\u00f0fr\u00e6\u00f0i. Svo skulum vi\u00f0 afhj\u00fapa t\u00f6fra Marathi m\u00e1lfr\u00e6\u00f0i saman, eina litla reglu \u00ed einu.<\/p>\n\n\n\n<p>Einn mest \u00e1berandi eiginleiki <strong>Marathi m\u00e1lfr\u00e6\u00f0i<\/strong> er v\u00ed\u00f0t\u00e6k notkun hennar \u00e1 beygingum nafnor\u00f0a. \u00deessar beygingar hj\u00e1lpa oft til vi\u00f0 a\u00f0 koma mikilv\u00e6gum m\u00e1lfr\u00e6\u00f0ilegum \u00fe\u00e1ttum \u00e1 framf\u00e6ri, svo sem fj\u00f6lda, kyni og falli. Marathi hefur \u00ferj\u00fa kyn &#8211; karlkyns, kvenkyn og hvorugkyn &#8211; og hvert kyn hefur sitt s\u00e9rstaka mengi beygingarmynstra. Ennfremur hefur tungum\u00e1li\u00f0 tv\u00e6r t\u00f6lur &#8211; eint\u00f6lu og fleirt\u00f6lu &#8211; sem hj\u00e1lpa til vi\u00f0 a\u00f0 tj\u00e1 magn nafnor\u00f0s.<\/p>\n\n\n\n<p>Annar <strong>einstakur eiginleiki marathi m\u00e1lfr\u00e6\u00f0i<\/strong> er hvernig sagnir beygja, allt eftir spennu. \u00deegar \u00fe\u00fa tengir sagnir \u00ed marat\u00ed ver\u00f0ur \u00fe\u00fa ekki a\u00f0eins a\u00f0 huga a\u00f0 spennu sagnarinnar heldur einnig kyni og fj\u00f6lda vi\u00f0fangsefnisins. Marathi sagnaform fela \u00ed s\u00e9r n\u00fat\u00ed\u00f0, fort\u00ed\u00f0arspennu og framt\u00ed\u00f0arspennu, \u00e1samt br\u00fdnum og vi\u00f0tengingarh\u00e6tti. \u00deessar v\u00ed\u00f0t\u00e6ku samtengingar b\u00e6ta d\u00fdpt og krafti vi\u00f0 Marathi, sem gerir \u00fea\u00f0 a\u00f0 sannarlega gr\u00edpandi tungum\u00e1li a\u00f0 kanna.<\/p>\n\n\n\n<p>Marathi tungum\u00e1li\u00f0 er einnig vel \u00feekkt fyrir <strong>margs konar forn\u00f6fn.<\/strong> Marathi hefur fj\u00f6lm\u00f6rg pers\u00f3nuleg, s\u00fdnileg, spyrjandi og sj\u00e1lfhverf forn\u00f6fn, sem hvert um sig kemur me\u00f0 sitt fallbeygingarmynstur. \u00deetta kann a\u00f0 vir\u00f0ast \u00f3gnvekjandi \u00ed fyrstu, en \u00feegar \u00fe\u00fa kafar d\u00fdpra \u00ed tungum\u00e1li\u00f0 muntu meta \u00f3vi\u00f0jafnanlega n\u00e1kv\u00e6mni sem Marathi m\u00e1lfr\u00e6\u00f0i b\u00fd\u00f0ur upp \u00e1.<\/p>\n\n\n\n<p>Einn forvitnilegur fl\u00f6tur Marathi m\u00e1lfr\u00e6\u00f0i liggur \u00ed <strong>uppr\u00f6\u00f0un or\u00f0a \u00ed setningu<\/strong>. Or\u00f0ar\u00f6\u00f0 \u00e1 marathi fylgir almennt efnis-hlut-s\u00f6gn (SOV) uppbyggingu, svipa\u00f0 og \u00f6nnur ind\u00f3ar\u00edsk tungum\u00e1l. \u00deessi uppbygging setur venjulega s\u00f6gnina \u00ed lok setningarinnar, sem g\u00e6ti \u00ed upphafi reynst krefjandi fyrir <a href=\"https:\/\/talkpal.ai\/english-speaking-course\/\">enskum\u00e6landi<\/a>.<\/p>\n\n\n\n<p>Me\u00f0 \u00fev\u00ed a\u00f0 kafa \u00ed <strong>marathi hlj\u00f3\u00f0fr\u00e6\u00f0i<\/strong> muntu rekast \u00e1 d\u00e1lei\u00f0andi \u00farval hlj\u00f3\u00f0a, sett fram \u00ed gegnum 16 s\u00e9rhlj\u00f3\u00f0a (svar) og 36 samhlj\u00f3\u00f0a (vyanjan). Devanagari-skriftin, sem marat\u00ed notar, b\u00e6tir vi\u00f0 sjarma \u00feessu \u00feegar heillandi tungum\u00e1li.  <\/p>\n\n\n\n<p>A\u00f0 l\u00e6ra Marathi m\u00e1lfr\u00e6\u00f0i, me\u00f0 \u00f3grynni af reglum og margbreytileika, getur \u00e1n efa veri\u00f0 \u00f3gnvekjandi verkefni \u00ed fyrstu. Hins vegar er \u00feessi \u00e1skorun l\u00edka \u00fea\u00f0 sem gerir hana einstaklega \u00f6rvandi og \u00e1n\u00e6gjulega. \u00deegar \u00fe\u00fa s\u00f6kkvir \u00fe\u00e9r ni\u00f0ur \u00ed heillandi heim marat\u00ed-m\u00e1lfr\u00e6\u00f0innar muntu ekki a\u00f0eins afhj\u00fapa virkni tungum\u00e1lsins heldur einnig \u00f6\u00f0last d\u00fdpri skilning \u00e1 menningu, s\u00f6gu og visku sem \u00fea\u00f0 felur \u00ed s\u00e9r.<\/p>\n\n\n\n<p>Svo, hvers vegna ekki a\u00f0 leggja af sta\u00f0 \u00ed \u00feetta tungum\u00e1la\u00e6vint\u00fdri til a\u00f0 kanna a\u00f0la\u00f0andi d\u00fdpt Marathi m\u00e1lfr\u00e6\u00f0i og afhj\u00fapa \u00f3teljandi leyndard\u00f3ma \u00feess og bl\u00e6brig\u00f0i sem b\u00ed\u00f0a eftir a\u00f0 n\u00e1 t\u00f6kum \u00e1? Gle\u00f0in vi\u00f0 a\u00f0 l\u00e6ra og \u00e1n\u00e6gjan af \u00fev\u00ed a\u00f0 skilja n\u00e6mi Marathi m\u00e1lfr\u00e6\u00f0i eru a\u00f0eins nokkur augnablik \u00ed burtu!<\/p>\n<\/div><\/div>\n\r\n<section class=\"learnNavigationSection\">\r\n            \r\n        <a href=\"https:\/\/talkpal.ai\/is\/laerdu-marathi\/\">\r\n            <div class=\"learnNavigationWrapper\">\r\n                <div class=\"learnNavigationContent\">\r\n                    <img decoding=\"async\" src=\"https:\/\/talkpal.ai\/wp-content\/uploads\/2023\/05\/Marathi-india.png\" alt=\"TalkPal Marathi Flag\">\r\n                    <div>\r\n                        <h4>Um Marathi Learning<\/h4>\r\n                        <p>Finndu \u00fat allt um Marathi m\u00e1lfr\u00e6\u00f0i.<\/p>\r\n                    <\/div>\r\n                <\/div>\r\n            <\/div>\r\n        <\/a>\r\n\r\n        \r\n        <a href=\"https:\/\/talkpal.ai\/is\/marathi-malfraedi-aefingar\/\">\r\n            <div class=\"learnNavigationWrapper\">\r\n                <div class=\"learnNavigationContent\">\r\n                    <img decoding=\"async\" src=\"https:\/\/talkpal.ai\/wp-content\/uploads\/2023\/05\/Marathi-india.png\" alt=\"TalkPal Marathi Flag\">\r\n                    <div>\r\n                        <h4>Marathi m\u00e1lfr\u00e6\u00f0i\u00e6fing<\/h4>\r\n                        <p>\u00c6f\u00f0u Marathi m\u00e1lfr\u00e6\u00f0i.<\/p>\r\n                    <\/div>\r\n                <\/div>\r\n            <\/div>\r\n        <\/a>\r\n\r\n        \r\n        <a href=\"https:\/\/talkpal.ai\/vocabulary_language\/marathi\/\">\r\n            <div class=\"learnNavigationWrapper\">\r\n                <div class=\"learnNavigationContent\">\r\n                    <img decoding=\"async\" src=\"https:\/\/talkpal.ai\/wp-content\/uploads\/2023\/05\/Marathi-india.png\" alt=\"TalkPal Marathi Flag\">\r\n                    <div>\r\n                        <h4>Marathi or\u00f0afor\u00f0i<\/h4>\r\n                        <p>St\u00e6kka\u00f0u Marathi or\u00f0afor\u00f0a \u00feinn.<\/p>\r\n                    <\/div>\r\n                <\/div>\r\n            <\/div>\r\n        <\/a>\r\n\r\n            <\/section>","protected":false},"excerpt":{"rendered":"<p>A\u00f0dr\u00e1ttarafl Marathi m\u00e1lfr\u00e6\u00f0innar: afhj\u00fapar leyndard\u00f3ma s\u00edna og ranghala Manstu eftir vandr\u00e6\u00f0alegri fer\u00f0 a\u00f0 l\u00e6ra enska m\u00e1lfr\u00e6\u00f0i, hla\u00f0in fl\u00f3knum reglum, undantekningum og fl\u00f3knum hugt\u00f6kum? Ef \u00fe\u00fa ert n\u00fana a\u00f0 \u00edhuga a\u00f0 l\u00e6ra Marathi tungum\u00e1li\u00f0 skaltu b\u00faa \u00feig undir jafn gr\u00edpandi k\u00f6nnun \u00e1 Marathi m\u00e1lfr\u00e6\u00f0i. Marathi, ind\u00f3ar\u00edskt tungum\u00e1l sem a\u00f0allega er tala\u00f0 \u00ed indverska r\u00edkinu Maharashtra, st\u00e1tar [&hellip;]<\/p>\n","protected":false},"author":1,"featured_media":116427,"parent":0,"menu_order":0,"comment_status":"closed","ping_status":"closed","template":"LearningContentPage.php","meta":{"_acf_changed":false,"footnotes":""},"class_list":["post-147536","page","type-page","status-publish","has-post-thumbnail","hentry"],"acf":[],"yoast_head":"<!-- This site is optimized with the Yoast SEO Premium plugin v27.2 (Yoast SEO v27.2) - https:\/\/yoast.com\/product\/yoast-seo-premium-wordpress\/ -->\n<title>Marathi m\u00e1lfr\u00e6\u00f0i - Talkpal<\/title>\n<meta name=\"description\" content=\"Kanna\u00f0u heillandi heim marat\u00ed-m\u00e1lfr\u00e6\u00f0innar og uppg\u00f6tva\u00f0u einstakar reglur hennar, hlj\u00f3\u00f0fr\u00e6\u00f0i og beygingar vi\u00f0 tungum\u00e1lan\u00e1m.\" \/>\n<meta name=\"robots\" content=\"index, follow, max-snippet:-1, max-image-preview:large, max-video-preview:-1\" \/>\n<link rel=\"canonical\" href=\"https:\/\/talkpal.ai\/is\/marathi-malfraedi\/\" \/>\n<meta property=\"og:locale\" content=\"is_IS\" \/>\n<meta property=\"og:type\" content=\"article\" \/>\n<meta property=\"og:title\" content=\"Marathi m\u00e1lfr\u00e6\u00f0i\" \/>\n<meta property=\"og:description\" content=\"A\u00f0dr\u00e1ttarafl Marathi m\u00e1lfr\u00e6\u00f0innar: afhj\u00fapar leyndard\u00f3ma s\u00edna og ranghala Manstu eftir vandr\u00e6\u00f0alegri fer\u00f0 a\u00f0 l\u00e6ra enska m\u00e1lfr\u00e6\u00f0i, hla\u00f0in fl\u00f3knum reglum,\" \/>\n<meta property=\"og:url\" content=\"https:\/\/talkpal.ai\/is\/marathi-malfraedi\/\" \/>\n<meta property=\"og:site_name\" content=\"Talkpal\" \/>\n<meta property=\"article:publisher\" content=\"https:\/\/www.facebook.com\/profile.php?id=100090733639311\" \/>\n<meta property=\"article:modified_time\" content=\"2025-12-12T10:38:04+00:00\" \/>\n<meta property=\"og:image\" content=\"https:\/\/talkpal.ai\/wp-content\/uploads\/2023\/05\/Marathi-india.png\" \/>\n\t<meta property=\"og:image:width\" content=\"512\" \/>\n\t<meta property=\"og:image:height\" content=\"512\" \/>\n\t<meta property=\"og:image:type\" content=\"image\/png\" \/>\n<meta name=\"twitter:card\" content=\"summary_large_image\" \/>\n<meta name=\"twitter:site\" content=\"@talkpalai\" \/>\n<meta name=\"twitter:label1\" content=\"Est. reading time\" \/>\n\t<meta name=\"twitter:data1\" content=\"3 minutes\" \/>\n<script type=\"application\/ld+json\" class=\"yoast-schema-graph\">{\"@context\":\"https:\/\/schema.org\",\"@graph\":[{\"@type\":\"WebPage\",\"@id\":\"https:\/\/talkpal.ai\/is\/marathi-malfraedi\/\",\"url\":\"https:\/\/talkpal.ai\/is\/marathi-malfraedi\/\",\"name\":\"Marathi m\u00e1lfr\u00e6\u00f0i - Talkpal\",\"isPartOf\":{\"@id\":\"https:\/\/talkpal.ai\/is\/#website\"},\"primaryImageOfPage\":{\"@id\":\"https:\/\/talkpal.ai\/is\/marathi-malfraedi\/#primaryimage\"},\"image\":{\"@id\":\"https:\/\/talkpal.ai\/is\/marathi-malfraedi\/#primaryimage\"},\"thumbnailUrl\":\"https:\/\/talkpal.ai\/wp-content\/uploads\/2023\/05\/Marathi-india.png\",\"datePublished\":\"2023-05-14T14:12:07+00:00\",\"dateModified\":\"2025-12-12T10:38:04+00:00\",\"description\":\"Kanna\u00f0u heillandi heim marat\u00ed-m\u00e1lfr\u00e6\u00f0innar og uppg\u00f6tva\u00f0u einstakar reglur hennar, hlj\u00f3\u00f0fr\u00e6\u00f0i og beygingar vi\u00f0 tungum\u00e1lan\u00e1m.\",\"breadcrumb\":{\"@id\":\"https:\/\/talkpal.ai\/is\/marathi-malfraedi\/#breadcrumb\"},\"inLanguage\":\"is\",\"potentialAction\":[{\"@type\":\"ReadAction\",\"target\":[\"https:\/\/talkpal.ai\/is\/marathi-malfraedi\/\"]}]},{\"@type\":\"ImageObject\",\"inLanguage\":\"is\",\"@id\":\"https:\/\/talkpal.ai\/is\/marathi-malfraedi\/#primaryimage\",\"url\":\"https:\/\/talkpal.ai\/wp-content\/uploads\/2023\/05\/Marathi-india.png\",\"contentUrl\":\"https:\/\/talkpal.ai\/wp-content\/uploads\/2023\/05\/Marathi-india.png\",\"width\":512,\"height\":512},{\"@type\":\"BreadcrumbList\",\"@id\":\"https:\/\/talkpal.ai\/is\/marathi-malfraedi\/#breadcrumb\",\"itemListElement\":[{\"@type\":\"ListItem\",\"position\":1,\"name\":\"Homepage\",\"item\":\"https:\/\/talkpal.ai\/is\/\"},{\"@type\":\"ListItem\",\"position\":2,\"name\":\"Marathi m\u00e1lfr\u00e6\u00f0i\"}]},{\"@type\":\"WebSite\",\"@id\":\"https:\/\/talkpal.ai\/is\/#website\",\"url\":\"https:\/\/talkpal.ai\/is\/\",\"name\":\"Talkpal\",\"description\":\"AI Language Learning\",\"publisher\":{\"@id\":\"https:\/\/talkpal.ai\/is\/#organization\"},\"alternateName\":\"Talkpal AI\",\"potentialAction\":[{\"@type\":\"SearchAction\",\"target\":{\"@type\":\"EntryPoint\",\"urlTemplate\":\"https:\/\/talkpal.ai\/is\/?s={search_term_string}\"},\"query-input\":{\"@type\":\"PropertyValueSpecification\",\"valueRequired\":true,\"valueName\":\"search_term_string\"}}],\"inLanguage\":\"is\"},{\"@type\":\"Organization\",\"@id\":\"https:\/\/talkpal.ai\/is\/#organization\",\"name\":\"Talkpal, Inc.\",\"alternateName\":\"Talkpal AI\",\"url\":\"https:\/\/talkpal.ai\/is\/\",\"logo\":{\"@type\":\"ImageObject\",\"inLanguage\":\"is\",\"@id\":\"https:\/\/talkpal.ai\/is\/#\/schema\/logo\/image\/\",\"url\":\"https:\/\/talkpal.ai\/wp-content\/uploads\/2024\/03\/Talkpal-Logo-Icon.png\",\"contentUrl\":\"https:\/\/talkpal.ai\/wp-content\/uploads\/2024\/03\/Talkpal-Logo-Icon.png\",\"width\":2880,\"height\":2880,\"caption\":\"Talkpal, Inc.\"},\"image\":{\"@id\":\"https:\/\/talkpal.ai\/is\/#\/schema\/logo\/image\/\"},\"sameAs\":[\"https:\/\/www.facebook.com\/profile.php?id=100090733639311\",\"https:\/\/x.com\/talkpalai\",\"https:\/\/www.linkedin.com\/company\/talkpal\/\",\"https:\/\/www.youtube.com\/@TalkPal\/\",\"https:\/\/www.tiktok.com\/@talkpal\",\"https:\/\/www.instagram.com\/talkpal_ai\/\",\"https:\/\/www.crunchbase.com\/organization\/talkpal-9cde\",\"https:\/\/www.g2.com\/products\/talkpal-for-business\/\",\"https:\/\/www.trustpilot.com\/review\/talkpal.ai\",\"https:\/\/www.capterra.com\/p\/10006800\/TalkPal\/\"],\"description\":\"Talkpal is a language learning web and mobile education app, powered by the latest AI technologies, that provides engaging experiences to its customers in many different languages to help them improve their language skills. Users can chat about unlimited amount of topics with the app and use other modes to practice their language learning.\",\"email\":\"support@talkpal.ai\",\"legalName\":\"Talkpal, Inc.\",\"foundingDate\":\"2023-04-03\",\"duns\":\"118989042\",\"numberOfEmployees\":{\"@type\":\"QuantitativeValue\",\"minValue\":\"11\",\"maxValue\":\"50\"},\"publishingPrinciples\":\"https:\/\/talkpal.ai\/publishing-principles\/\",\"actionableFeedbackPolicy\":\"https:\/\/talkpal.ai\/actionable-feedback-policy\/\",\"correctionsPolicy\":\"https:\/\/talkpal.ai\/corrections-policy\/\",\"ethicsPolicy\":\"https:\/\/talkpal.ai\/ethics-policy\/\",\"diversityPolicy\":\"https:\/\/talkpal.ai\/diversity-policy\/\",\"diversityStaffingReport\":\"https:\/\/talkpal.ai\/diversity-policy\/\"}]}<\/script>\n<!-- \/ Yoast SEO Premium plugin. -->","yoast_head_json":{"title":"Marathi m\u00e1lfr\u00e6\u00f0i - Talkpal","description":"Kanna\u00f0u heillandi heim marat\u00ed-m\u00e1lfr\u00e6\u00f0innar og uppg\u00f6tva\u00f0u einstakar reglur hennar, hlj\u00f3\u00f0fr\u00e6\u00f0i og beygingar vi\u00f0 tungum\u00e1lan\u00e1m.","robots":{"index":"index","follow":"follow","max-snippet":"max-snippet:-1","max-image-preview":"max-image-preview:large","max-video-preview":"max-video-preview:-1"},"canonical":"https:\/\/talkpal.ai\/is\/marathi-malfraedi\/","og_locale":"is_IS","og_type":"article","og_title":"Marathi m\u00e1lfr\u00e6\u00f0i","og_description":"A\u00f0dr\u00e1ttarafl Marathi m\u00e1lfr\u00e6\u00f0innar: afhj\u00fapar leyndard\u00f3ma s\u00edna og ranghala Manstu eftir vandr\u00e6\u00f0alegri fer\u00f0 a\u00f0 l\u00e6ra enska m\u00e1lfr\u00e6\u00f0i, hla\u00f0in fl\u00f3knum reglum,","og_url":"https:\/\/talkpal.ai\/is\/marathi-malfraedi\/","og_site_name":"Talkpal","article_publisher":"https:\/\/www.facebook.com\/profile.php?id=100090733639311","article_modified_time":"2025-12-12T10:38:04+00:00","og_image":[{"width":512,"height":512,"url":"https:\/\/talkpal.ai\/wp-content\/uploads\/2023\/05\/Marathi-india.png","type":"image\/png"}],"twitter_card":"summary_large_image","twitter_site":"@talkpalai","twitter_misc":{"Est. reading time":"3 minutes"},"schema":{"@context":"https:\/\/schema.org","@graph":[{"@type":"WebPage","@id":"https:\/\/talkpal.ai\/is\/marathi-malfraedi\/","url":"https:\/\/talkpal.ai\/is\/marathi-malfraedi\/","name":"Marathi m\u00e1lfr\u00e6\u00f0i - Talkpal","isPartOf":{"@id":"https:\/\/talkpal.ai\/is\/#website"},"primaryImageOfPage":{"@id":"https:\/\/talkpal.ai\/is\/marathi-malfraedi\/#primaryimage"},"image":{"@id":"https:\/\/talkpal.ai\/is\/marathi-malfraedi\/#primaryimage"},"thumbnailUrl":"https:\/\/talkpal.ai\/wp-content\/uploads\/2023\/05\/Marathi-india.png","datePublished":"2023-05-14T14:12:07+00:00","dateModified":"2025-12-12T10:38:04+00:00","description":"Kanna\u00f0u heillandi heim marat\u00ed-m\u00e1lfr\u00e6\u00f0innar og uppg\u00f6tva\u00f0u einstakar reglur hennar, hlj\u00f3\u00f0fr\u00e6\u00f0i og beygingar vi\u00f0 tungum\u00e1lan\u00e1m.","breadcrumb":{"@id":"https:\/\/talkpal.ai\/is\/marathi-malfraedi\/#breadcrumb"},"inLanguage":"is","potentialAction":[{"@type":"ReadAction","target":["https:\/\/talkpal.ai\/is\/marathi-malfraedi\/"]}]},{"@type":"ImageObject","inLanguage":"is","@id":"https:\/\/talkpal.ai\/is\/marathi-malfraedi\/#primaryimage","url":"https:\/\/talkpal.ai\/wp-content\/uploads\/2023\/05\/Marathi-india.png","contentUrl":"https:\/\/talkpal.ai\/wp-content\/uploads\/2023\/05\/Marathi-india.png","width":512,"height":512},{"@type":"BreadcrumbList","@id":"https:\/\/talkpal.ai\/is\/marathi-malfraedi\/#breadcrumb","itemListElement":[{"@type":"ListItem","position":1,"name":"Homepage","item":"https:\/\/talkpal.ai\/is\/"},{"@type":"ListItem","position":2,"name":"Marathi m\u00e1lfr\u00e6\u00f0i"}]},{"@type":"WebSite","@id":"https:\/\/talkpal.ai\/is\/#website","url":"https:\/\/talkpal.ai\/is\/","name":"Talkpal","description":"AI Language Learning","publisher":{"@id":"https:\/\/talkpal.ai\/is\/#organization"},"alternateName":"Talkpal AI","potentialAction":[{"@type":"SearchAction","target":{"@type":"EntryPoint","urlTemplate":"https:\/\/talkpal.ai\/is\/?s={search_term_string}"},"query-input":{"@type":"PropertyValueSpecification","valueRequired":true,"valueName":"search_term_string"}}],"inLanguage":"is"},{"@type":"Organization","@id":"https:\/\/talkpal.ai\/is\/#organization","name":"Talkpal, Inc.","alternateName":"Talkpal AI","url":"https:\/\/talkpal.ai\/is\/","logo":{"@type":"ImageObject","inLanguage":"is","@id":"https:\/\/talkpal.ai\/is\/#\/schema\/logo\/image\/","url":"https:\/\/talkpal.ai\/wp-content\/uploads\/2024\/03\/Talkpal-Logo-Icon.png","contentUrl":"https:\/\/talkpal.ai\/wp-content\/uploads\/2024\/03\/Talkpal-Logo-Icon.png","width":2880,"height":2880,"caption":"Talkpal, Inc."},"image":{"@id":"https:\/\/talkpal.ai\/is\/#\/schema\/logo\/image\/"},"sameAs":["https:\/\/www.facebook.com\/profile.php?id=100090733639311","https:\/\/x.com\/talkpalai","https:\/\/www.linkedin.com\/company\/talkpal\/","https:\/\/www.youtube.com\/@TalkPal\/","https:\/\/www.tiktok.com\/@talkpal","https:\/\/www.instagram.com\/talkpal_ai\/","https:\/\/www.crunchbase.com\/organization\/talkpal-9cde","https:\/\/www.g2.com\/products\/talkpal-for-business\/","https:\/\/www.trustpilot.com\/review\/talkpal.ai","https:\/\/www.capterra.com\/p\/10006800\/TalkPal\/"],"description":"Talkpal is a language learning web and mobile education app, powered by the latest AI technologies, that provides engaging experiences to its customers in many different languages to help them improve their language skills. Users can chat about unlimited amount of topics with the app and use other modes to practice their language learning.","email":"support@talkpal.ai","legalName":"Talkpal, Inc.","foundingDate":"2023-04-03","duns":"118989042","numberOfEmployees":{"@type":"QuantitativeValue","minValue":"11","maxValue":"50"},"publishingPrinciples":"https:\/\/talkpal.ai\/publishing-principles\/","actionableFeedbackPolicy":"https:\/\/talkpal.ai\/actionable-feedback-policy\/","correctionsPolicy":"https:\/\/talkpal.ai\/corrections-policy\/","ethicsPolicy":"https:\/\/talkpal.ai\/ethics-policy\/","diversityPolicy":"https:\/\/talkpal.ai\/diversity-policy\/","diversityStaffingReport":"https:\/\/talkpal.ai\/diversity-policy\/"}]}},"_links":{"self":[{"href":"https:\/\/talkpal.ai\/is\/wp-json\/wp\/v2\/pages\/147536","targetHints":{"allow":["GET"]}}],"collection":[{"href":"https:\/\/talkpal.ai\/is\/wp-json\/wp\/v2\/pages"}],"about":[{"href":"https:\/\/talkpal.ai\/is\/wp-json\/wp\/v2\/types\/page"}],"author":[{"embeddable":true,"href":"https:\/\/talkpal.ai\/is\/wp-json\/wp\/v2\/users\/1"}],"replies":[{"embeddable":true,"href":"https:\/\/talkpal.ai\/is\/wp-json\/wp\/v2\/comments?post=147536"}],"version-history":[{"count":0,"href":"https:\/\/talkpal.ai\/is\/wp-json\/wp\/v2\/pages\/147536\/revisions"}],"wp:featuredmedia":[{"embeddable":true,"href":"https:\/\/talkpal.ai\/is\/wp-json\/wp\/v2\/media\/116427"}],"wp:attachment":[{"href":"https:\/\/talkpal.ai\/is\/wp-json\/wp\/v2\/media?parent=147536"}],"curies":[{"name":"wp","href":"https:\/\/api.w.org\/{rel}","templated":true}]}}