{"id":147199,"date":"2023-05-14T14:11:47","date_gmt":"2023-05-14T14:11:47","guid":{"rendered":"http:\/\/talkpal.ai\/malajisk-malfraedi\/"},"modified":"2025-12-17T16:41:11","modified_gmt":"2025-12-17T16:41:11","slug":"malajisk-malfraedi","status":"publish","type":"page","link":"https:\/\/talkpal.ai\/is\/malajisk-malfraedi\/","title":{"rendered":"Malaj\u00edsk m\u00e1lfr\u00e6\u00f0i"},"content":{"rendered":"\r\n\r\n\r\n<section class=\"languageChallengeSection\">\r\n    <div class=\"languageInfoWrapper\">\r\n        \r\n        <h1>Malaj\u00edsk m\u00e1lfr\u00e6\u00f0i<\/h1>\r\n        <p>Forvitinn\/n a\u00f0 l\u00e6ra malaj\u00edsku? Kaf\u00f0u \u00fe\u00e9r ofan \u00ed mala\u00edska <a href=\"https:\/\/talkpal.ai\/grammar\/\">m\u00e1lfr\u00e6\u00f0i<\/a>, sem er \u00feekkt fyrir einfaldar reglur, skort \u00e1 sagnbeygingum og notkun l\u00fdsingaror\u00f0a til a\u00f0 skapa merkingu. Byrja\u00f0u \u00ed dag \u2014 a\u00f0 n\u00e1 g\u00f3\u00f0um t\u00f6kum \u00e1 mala\u00edsku m\u00e1lfr\u00e6\u00f0inni mun gefa \u00fe\u00e9r sj\u00e1lfstraust til a\u00f0 eiga au\u00f0velda samskipti og opna dyr a\u00f0 fj\u00f6lbreyttri og kraftmikilli menningu Su\u00f0austur-As\u00edu.<\/p>\r\n\r\n                            <a class=\"getStartedHidden\" href=\"https:\/\/app.talkpal.ai\/signup?lng=\">Byrja\u00f0u<\/a>\r\n        \r\n    <\/div>\r\n\r\n    <figure>\r\n    <img decoding=\"async\" width=\"768\" height=\"768\" src=\"https:\/\/talkpal.ai\/wp-content\/uploads\/2023\/06\/malay-768x768.png\" class=\"languageImage no-lazy\" alt=\"Language learning for personal accomplishments\" fetchpriority=\"high\" sizes=\"(max-width: 768px) 150px, 768px\" srcset=\"https:\/\/talkpal.ai\/wp-content\/uploads\/2023\/06\/malay-768x768.png 768w, https:\/\/talkpal.ai\/wp-content\/uploads\/2023\/06\/malay-300x300.png 300w\" \/>\r\n    \r\n\r\n    <\/figure>\r\n\r\n            <a class=\"getStartedVisible\" href=\"https:\/\/app.talkpal.ai\/signup?lng=\">Byrja\u00f0u<\/a>\r\n    \r\n<\/section>\r\n<section class=\"promotionalBanner\">\r\n    <p class=\"promotionalText\">Skilvirkasta lei\u00f0in til a\u00f0 l\u00e6ra tungum\u00e1l<\/p>\r\n    <a class=\"promotionalLink\" href=\"https:\/\/app.talkpal.ai\/signup?lng=\">Pr\u00f3fa\u00f0u Talkpal \u00f3keypis<\/a>\r\n<\/section>\n<div class=\"wp-block-group pageContainerStyle\"><div class=\"wp-block-group__inner-container is-layout-constrained wp-block-group-is-layout-constrained\">\n<h2 class=\"wp-block-heading\" id=\"h-malay-grammar-exploring-the-richness-of-bahasa-melayu\">Mala\u00edsk m\u00e1lfr\u00e6\u00f0i: Exploring the Richness af Bahamaeyjar Melayu<\/h2>\n\n\n\n<p>Malas\u00edska tungum\u00e1li\u00f0, e\u00f0a Bahasa <a href=\"https:\/\/talkpal.ai\/learn-malay\/\">Melayu<\/a>, er me\u00f0al mest tala\u00f0u tungum\u00e1la heims og sameinar hinar fj\u00f6lbreyttu \u00fej\u00f3\u00f0ir Malas\u00edu, Ind\u00f3nes\u00edu, Br\u00fanei og Singap\u00far. \u00deegar \u00fe\u00fa kafar \u00ed a\u00f0 l\u00e6ra mala\u00edsku muntu flj\u00f3tt uppg\u00f6tva fegur\u00f0 m\u00e1lfr\u00e6\u00f0i hennar og vaxandi tungum\u00e1lalandslags. \u00deessi grein mi\u00f0ar a\u00f0 \u00fev\u00ed a\u00f0 kynna \u00fe\u00e9r meginreglur mala\u00edskrar m\u00e1lfr\u00e6\u00f0i og lei\u00f0beina \u00fe\u00e9r a\u00f0 skilja betur og meta \u00feetta fj\u00f6lh\u00e6fa tungum\u00e1l.<\/p>\n\n\n\n<h3 class=\"wp-block-heading\" id=\"h-1-nouns-simplicity-rules\">1. Nafnor\u00f0 \u2013 Einfaldleikareglur<\/h3>\n\n\n\n<p>\u00d6fugt vi\u00f0 \u00f6nnur tungum\u00e1l inniheldur mala\u00edska m\u00e1lfr\u00e6\u00f0i ekki beygingar e\u00f0a kynflokkun fyrir nafnor\u00f0 s\u00edn. \u00deess \u00ed sta\u00f0 leggur nafnor\u00f0anotkun mikla \u00e1herslu \u00e1 einfaldleika. Fleirt\u00f6lumyndir nafnor\u00f0a eru b\u00fanar til me\u00f0 \u00fev\u00ed einu a\u00f0 afrita \u00feau. Hlj\u00f3mar au\u00f0velt, ekki satt? Til d\u00e6mis, \u201eepli\u201c er \u201ebuah epal,\u201c svo \u201eepli\u201c ver\u00f0ur \u201ebuah-buah epal\u201c. \u00de\u00fa getur sleppt tv\u00edverkna\u00f0inum \u00ed \u00f3formlegu tali.<\/p>\n\n\n\n<h3 class=\"wp-block-heading\" id=\"h-2-adjectives-straightforward-descriptions\">2. L\u00fdsingaror\u00f0 &#8211; Einfaldar l\u00fdsingar<\/h3>\n\n\n\n<p>Malas\u00edsk l\u00fdsingaror\u00f0 haldast \u00f3breytt \u00f3h\u00e1\u00f0 nafnor\u00f0inu sem \u00feau l\u00fdsa, sem gerir \u00feau \u00f3tr\u00falega au\u00f0veld \u00ed notkun \u2013 enn einn vitnisbur\u00f0urinn um einfaldleika tungum\u00e1lsins. Sta\u00f0setning l\u00fdsingaror\u00f0a kemur \u00e1 eftir nafnor\u00f0inu og skapar skemmtilegt fl\u00e6\u00f0i \u00ed setningum. Til d\u00e6mis er \u201est\u00f3rt h\u00fas\u201c \u201erumah besar,\u201c \u00fear sem \u201erumah\u201c v\u00edsar til \u201eh\u00fass\u201c og \u201ebesar\u201c sem \u00fe\u00fd\u00f0ir \u201est\u00f3rt\u201c.<\/p>\n\n\n\n<h3 class=\"wp-block-heading\" id=\"h-3-verbs-the-magic-of-prefixes-and-suffixes\">3. Sagnor\u00f0 \u2013 Galdur forskeyta og vi\u00f0skeyta<\/h3>\n\n\n\n<p>Malas\u00edskar sagnir st\u00e1ta af fj\u00f6lh\u00e6fni sem er b\u00e6\u00f0i spennandi og einfalt. \u00cd <a href=\"https:\/\/talkpal.ai\/ms\/belajar-bahasa-melayu\/\">Bahasa Melayu<\/a> eru t\u00ed\u00f0ir ekki beinl\u00ednis fluttar \u00ed gegnum sagnor\u00f0; \u00ed sta\u00f0inn eru \u00feau s\u00fdnd me\u00f0 samhengi e\u00f0a t\u00edmamerkjum. A\u00f0 auki notar mala\u00edska miki\u00f0 forskeyti og vi\u00f0skeyti til a\u00f0 tj\u00e1 mismunandi sagna\u00fe\u00e6tti.<\/p>\n\n\n\n<p>\u00dea\u00f0 eru \u00ferj\u00fa a\u00f0alforskeyti: \u201emeN-\u201c, \u201eber-\u201c og \u201eter-\u201c. \u201emeN-\u201c forskeyti\u00f0 hefur margv\u00edslega notkun, \u00fear \u00e1 me\u00f0al a\u00f0 mynda virkar sagnir og t\u00e1kna orsakaverkanir. \u00c1 <a href=\"https:\/\/talkpal.ai\/locations\/language-courses-in-sama\/\">sama<\/a> t\u00edma t\u00e1knar \u201eber-\u201c \u00f3breytanlegar a\u00f0ger\u00f0ir og \u201eter-\u201c gefur til kynna tilviljun e\u00f0a \u00f3virkar a\u00f0ger\u00f0ir. \u00dea\u00f0 er mikilv\u00e6gt <a href=\"https:\/\/talkpal.ai\/culture\/what-is-the-verb-ad-hafa-and-when-is-it-used\/\">a\u00f0 hafa<\/a> \u00ed huga a\u00f0 hvert forskeyti getur kalla\u00f0 fram sm\u00e1v\u00e6gilegar stafsetningarbreytingar \u00e1 grunns\u00f6gninni.<\/p>\n\n\n\n<p>Vi\u00f0skeyti, eins og \u201e-kan\u201c og \u201e-i\u201c, hj\u00e1lpa til vi\u00f0 a\u00f0 veita frekari s\u00e9rst\u00f6\u00f0u, \u00e1 me\u00f0an vi\u00f0skeyti \u201e-el-\u201c d\u00e6lir styrkleika \u00ed grunns\u00f6gnina.<\/p>\n\n\n\n<h3 class=\"wp-block-heading\" id=\"h-4-prepositions-amp-particles-adding-flavor-to-sentences\">4. Forsetningar og agnir &#8211; B\u00e6tir brag\u00f0i vi\u00f0 setningar<\/h3>\n\n\n\n<p>Forsetningar og agnir gegna mikilv\u00e6gu hlutverki \u00ed mala\u00edskri m\u00e1lfr\u00e6\u00f0i, virka sem tungum\u00e1lal\u00edm og veita nau\u00f0synlegt samhengi. Forsetningar, eins og \u201edi\u201c (at), \u201eke\u201c (a\u00f0) og \u201edari\u201c (fr\u00e1), hj\u00e1lpa til vi\u00f0 a\u00f0 koma \u00e1 tengslum milli or\u00f0a. \u00c1 hinn b\u00f3ginn eru agnir, eins og \u201elah,\u201c \u201ekah,\u201c og \u201eor\u00f0aleikur,\u201c nota\u00f0ar til a\u00f0 b\u00e6ta \u00e1herslu, tilfinningum og spurningarmerkjum vi\u00f0 setningar.<\/p>\n\n\n\n<p>Til d\u00e6mis, setningin \u201eKamu pergi sana,\u201c sem \u00fe\u00fd\u00f0ir \u201e\u00de\u00fa fer\u00f0 \u00feanga\u00f0,\u201c ver\u00f0ur \u00e1kve\u00f0nari ef \u00fe\u00fa b\u00e6tir vi\u00f0 \u201elah\u201c \u00ed lokin: \u201eKamu pergi sana lah. \u00dea\u00f0 \u00fe\u00fd\u00f0ir n\u00fana &#8222;\u00de\u00fa fer\u00f0 \u00feanga\u00f0 (n\u00fana).&#8220;<\/p>\n\n\n\n<h3 class=\"wp-block-heading\" id=\"h-5-embracing-the-journey\">5. Fa\u00f0ma fer\u00f0ina<\/h3>\n\n\n\n<p>\u00de\u00f3 a\u00f0 mala\u00edsk m\u00e1lfr\u00e6\u00f0i kunni a\u00f0 vir\u00f0ast einf\u00f6ld mi\u00f0a\u00f0 vi\u00f0 \u00f6nnur tungum\u00e1l, liggur fegur\u00f0 hennar \u00ed au\u00f0leg\u00f0 og fj\u00f6lbreytni tj\u00e1ningar sem n\u00e1\u00f0st hefur me\u00f0 einf\u00f6ldum reglum. Au\u00f0velt a\u00f0 l\u00e6ra mala\u00edska m\u00e1lfr\u00e6\u00f0i gerir \u00fe\u00e9r kleift a\u00f0 taka \u00fe\u00e1tt \u00ed fj\u00f6lbreyttum mala\u00edskum\u00e6landi heimi \u00e1 skilvirkari h\u00e1tt og s\u00f6kkva \u00fe\u00e9r ni\u00f0ur \u00ed einstaka menningu hans.<\/p>\n\n\n\n<p>\u00c1\u00f0ur k\u00f6fun headfirst inn \u00ed heim Bahasa Melayu, muna a\u00f0 fer\u00f0in g\u00e6ti ekki alltaf veri\u00f0 sl\u00e9tt siglingu. Haltu opnum huga, taktu \u00fe\u00e1tt \u00ed m\u00f3\u00f0urm\u00e1li og s\u00ed\u00f0ast en ekki s\u00edst, nj\u00f3ttu upplifunarinnar af \u00fev\u00ed a\u00f0 uppg\u00f6tva bl\u00e6brig\u00f0i \u00e1 \u00feessu fallega tungum\u00e1li. Selamat belajar-hamingjusamur l\u00e6ra!<\/p>\n<\/div><\/div>\n\r\n<section class=\"learnNavigationSection\">\r\n            \r\n        <a href=\"https:\/\/talkpal.ai\/is\/laerdu-malaisku\/\">\r\n            <div class=\"learnNavigationWrapper\">\r\n                <div class=\"learnNavigationContent\">\r\n                    <img decoding=\"async\" src=\"https:\/\/talkpal.ai\/wp-content\/uploads\/2024\/08\/Malay.jpg\" alt=\"Malaysian Flag\">\r\n                    <div>\r\n                        <h4>Um Malay Learning<\/h4>\r\n                        <p>Finndu \u00fat allt um mala\u00edska m\u00e1lfr\u00e6\u00f0i.<\/p>\r\n                    <\/div>\r\n                <\/div>\r\n            <\/div>\r\n        <\/a>\r\n\r\n        \r\n        <a href=\"https:\/\/talkpal.ai\/is\/malay-malfraedi-aefingar\/\">\r\n            <div class=\"learnNavigationWrapper\">\r\n                <div class=\"learnNavigationContent\">\r\n                    <img decoding=\"async\" src=\"https:\/\/talkpal.ai\/wp-content\/uploads\/2024\/08\/Malay.jpg\" alt=\"Malaysian Flag\">\r\n                    <div>\r\n                        <h4>Malas\u00edska m\u00e1lfr\u00e6\u00f0i\u00e6fing<\/h4>\r\n                        <p>\u00c6f\u00f0u mala\u00edska m\u00e1lfr\u00e6\u00f0i<\/p>\r\n                    <\/div>\r\n                <\/div>\r\n            <\/div>\r\n        <\/a>\r\n\r\n        \r\n        <a href=\"https:\/\/talkpal.ai\/vocabulary_language\/malay\/\">\r\n            <div class=\"learnNavigationWrapper\">\r\n                <div class=\"learnNavigationContent\">\r\n                    <img decoding=\"async\" src=\"https:\/\/talkpal.ai\/wp-content\/uploads\/2024\/08\/Malay.jpg\" alt=\"Malaysian Flag\">\r\n                    <div>\r\n                        <h4>Malas\u00edskur or\u00f0afor\u00f0i<\/h4>\r\n                        <p>St\u00e6kka\u00f0u mala\u00edska or\u00f0afor\u00f0a \u00feinn.<\/p>\r\n                    <\/div>\r\n                <\/div>\r\n            <\/div>\r\n        <\/a>\r\n\r\n            <\/section>","protected":false},"excerpt":{"rendered":"<p>Mala\u00edsk m\u00e1lfr\u00e6\u00f0i: Exploring the Richness af Bahamaeyjar Melayu Malas\u00edska tungum\u00e1li\u00f0, e\u00f0a Bahasa Melayu, er me\u00f0al mest tala\u00f0u tungum\u00e1la heims og sameinar hinar fj\u00f6lbreyttu \u00fej\u00f3\u00f0ir Malas\u00edu, Ind\u00f3nes\u00edu, Br\u00fanei og Singap\u00far. \u00deegar \u00fe\u00fa kafar \u00ed a\u00f0 l\u00e6ra mala\u00edsku muntu flj\u00f3tt uppg\u00f6tva fegur\u00f0 m\u00e1lfr\u00e6\u00f0i hennar og vaxandi tungum\u00e1lalandslags. \u00deessi grein mi\u00f0ar a\u00f0 \u00fev\u00ed a\u00f0 kynna \u00fe\u00e9r meginreglur mala\u00edskrar [&hellip;]<\/p>\n","protected":false},"author":1,"featured_media":115649,"parent":0,"menu_order":0,"comment_status":"closed","ping_status":"closed","template":"LearningContentPage.php","meta":{"_acf_changed":false,"footnotes":""},"class_list":["post-147199","page","type-page","status-publish","has-post-thumbnail","hentry"],"acf":[],"yoast_head":"<!-- This site is optimized with the Yoast SEO Premium plugin v27.2 (Yoast SEO v27.2) - https:\/\/yoast.com\/product\/yoast-seo-premium-wordpress\/ -->\n<title>Malaj\u00edsk m\u00e1lfr\u00e6\u00f0i - Talkpal<\/title>\n<meta name=\"description\" content=\"Kanna\u00f0u mala\u00edska m\u00e1lfr\u00e6\u00f0i og l\u00e6r\u00f0u hvernig einfaldleiki hennar getur auki\u00f0 skilning \u00feinn \u00e1 mala\u00edsku.\" \/>\n<meta name=\"robots\" content=\"index, follow, max-snippet:-1, max-image-preview:large, max-video-preview:-1\" \/>\n<link rel=\"canonical\" href=\"https:\/\/talkpal.ai\/is\/malajisk-malfraedi\/\" \/>\n<meta property=\"og:locale\" content=\"is_IS\" \/>\n<meta property=\"og:type\" content=\"article\" \/>\n<meta property=\"og:title\" content=\"Malaj\u00edsk m\u00e1lfr\u00e6\u00f0i\" \/>\n<meta property=\"og:description\" content=\"Mala\u00edsk m\u00e1lfr\u00e6\u00f0i: Exploring the Richness af Bahamaeyjar Melayu Malas\u00edska tungum\u00e1li\u00f0, e\u00f0a Bahasa Melayu, er me\u00f0al mest tala\u00f0u tungum\u00e1la heims og sameinar\" \/>\n<meta property=\"og:url\" content=\"https:\/\/talkpal.ai\/is\/malajisk-malfraedi\/\" \/>\n<meta property=\"og:site_name\" content=\"Talkpal\" \/>\n<meta property=\"article:publisher\" content=\"https:\/\/www.facebook.com\/profile.php?id=100090733639311\" \/>\n<meta property=\"article:modified_time\" content=\"2025-12-17T16:41:11+00:00\" \/>\n<meta property=\"og:image\" content=\"https:\/\/talkpal.ai\/wp-content\/uploads\/2023\/05\/malaysia.png\" \/>\n\t<meta property=\"og:image:width\" content=\"512\" \/>\n\t<meta property=\"og:image:height\" content=\"512\" \/>\n\t<meta property=\"og:image:type\" content=\"image\/png\" \/>\n<meta name=\"twitter:card\" content=\"summary_large_image\" \/>\n<meta name=\"twitter:site\" content=\"@talkpalai\" \/>\n<meta name=\"twitter:label1\" content=\"Est. reading time\" \/>\n\t<meta name=\"twitter:data1\" content=\"3 minutes\" \/>\n<script type=\"application\/ld+json\" class=\"yoast-schema-graph\">{\"@context\":\"https:\/\/schema.org\",\"@graph\":[{\"@type\":\"WebPage\",\"@id\":\"https:\/\/talkpal.ai\/is\/malajisk-malfraedi\/\",\"url\":\"https:\/\/talkpal.ai\/is\/malajisk-malfraedi\/\",\"name\":\"Malaj\u00edsk m\u00e1lfr\u00e6\u00f0i - Talkpal\",\"isPartOf\":{\"@id\":\"https:\/\/talkpal.ai\/is\/#website\"},\"primaryImageOfPage\":{\"@id\":\"https:\/\/talkpal.ai\/is\/malajisk-malfraedi\/#primaryimage\"},\"image\":{\"@id\":\"https:\/\/talkpal.ai\/is\/malajisk-malfraedi\/#primaryimage\"},\"thumbnailUrl\":\"https:\/\/talkpal.ai\/wp-content\/uploads\/2023\/05\/malaysia.png\",\"datePublished\":\"2023-05-14T14:11:47+00:00\",\"dateModified\":\"2025-12-17T16:41:11+00:00\",\"description\":\"Kanna\u00f0u mala\u00edska m\u00e1lfr\u00e6\u00f0i og l\u00e6r\u00f0u hvernig einfaldleiki hennar getur auki\u00f0 skilning \u00feinn \u00e1 mala\u00edsku.\",\"breadcrumb\":{\"@id\":\"https:\/\/talkpal.ai\/is\/malajisk-malfraedi\/#breadcrumb\"},\"inLanguage\":\"is\",\"potentialAction\":[{\"@type\":\"ReadAction\",\"target\":[\"https:\/\/talkpal.ai\/is\/malajisk-malfraedi\/\"]}]},{\"@type\":\"ImageObject\",\"inLanguage\":\"is\",\"@id\":\"https:\/\/talkpal.ai\/is\/malajisk-malfraedi\/#primaryimage\",\"url\":\"https:\/\/talkpal.ai\/wp-content\/uploads\/2023\/05\/malaysia.png\",\"contentUrl\":\"https:\/\/talkpal.ai\/wp-content\/uploads\/2023\/05\/malaysia.png\",\"width\":512,\"height\":512},{\"@type\":\"BreadcrumbList\",\"@id\":\"https:\/\/talkpal.ai\/is\/malajisk-malfraedi\/#breadcrumb\",\"itemListElement\":[{\"@type\":\"ListItem\",\"position\":1,\"name\":\"Homepage\",\"item\":\"https:\/\/talkpal.ai\/is\/\"},{\"@type\":\"ListItem\",\"position\":2,\"name\":\"Malaj\u00edsk m\u00e1lfr\u00e6\u00f0i\"}]},{\"@type\":\"WebSite\",\"@id\":\"https:\/\/talkpal.ai\/is\/#website\",\"url\":\"https:\/\/talkpal.ai\/is\/\",\"name\":\"Talkpal\",\"description\":\"AI Language Learning\",\"publisher\":{\"@id\":\"https:\/\/talkpal.ai\/is\/#organization\"},\"alternateName\":\"Talkpal AI\",\"potentialAction\":[{\"@type\":\"SearchAction\",\"target\":{\"@type\":\"EntryPoint\",\"urlTemplate\":\"https:\/\/talkpal.ai\/is\/?s={search_term_string}\"},\"query-input\":{\"@type\":\"PropertyValueSpecification\",\"valueRequired\":true,\"valueName\":\"search_term_string\"}}],\"inLanguage\":\"is\"},{\"@type\":\"Organization\",\"@id\":\"https:\/\/talkpal.ai\/is\/#organization\",\"name\":\"Talkpal, Inc.\",\"alternateName\":\"Talkpal AI\",\"url\":\"https:\/\/talkpal.ai\/is\/\",\"logo\":{\"@type\":\"ImageObject\",\"inLanguage\":\"is\",\"@id\":\"https:\/\/talkpal.ai\/is\/#\/schema\/logo\/image\/\",\"url\":\"https:\/\/talkpal.ai\/wp-content\/uploads\/2024\/03\/Talkpal-Logo-Icon.png\",\"contentUrl\":\"https:\/\/talkpal.ai\/wp-content\/uploads\/2024\/03\/Talkpal-Logo-Icon.png\",\"width\":2880,\"height\":2880,\"caption\":\"Talkpal, Inc.\"},\"image\":{\"@id\":\"https:\/\/talkpal.ai\/is\/#\/schema\/logo\/image\/\"},\"sameAs\":[\"https:\/\/www.facebook.com\/profile.php?id=100090733639311\",\"https:\/\/x.com\/talkpalai\",\"https:\/\/www.linkedin.com\/company\/talkpal\/\",\"https:\/\/www.youtube.com\/@TalkPal\/\",\"https:\/\/www.tiktok.com\/@talkpal\",\"https:\/\/www.instagram.com\/talkpal_ai\/\",\"https:\/\/www.crunchbase.com\/organization\/talkpal-9cde\",\"https:\/\/www.g2.com\/products\/talkpal-for-business\/\",\"https:\/\/www.trustpilot.com\/review\/talkpal.ai\",\"https:\/\/www.capterra.com\/p\/10006800\/TalkPal\/\"],\"description\":\"Talkpal is a language learning web and mobile education app, powered by the latest AI technologies, that provides engaging experiences to its customers in many different languages to help them improve their language skills. Users can chat about unlimited amount of topics with the app and use other modes to practice their language learning.\",\"email\":\"support@talkpal.ai\",\"legalName\":\"Talkpal, Inc.\",\"foundingDate\":\"2023-04-03\",\"duns\":\"118989042\",\"numberOfEmployees\":{\"@type\":\"QuantitativeValue\",\"minValue\":\"11\",\"maxValue\":\"50\"},\"publishingPrinciples\":\"https:\/\/talkpal.ai\/publishing-principles\/\",\"actionableFeedbackPolicy\":\"https:\/\/talkpal.ai\/actionable-feedback-policy\/\",\"correctionsPolicy\":\"https:\/\/talkpal.ai\/corrections-policy\/\",\"ethicsPolicy\":\"https:\/\/talkpal.ai\/ethics-policy\/\",\"diversityPolicy\":\"https:\/\/talkpal.ai\/diversity-policy\/\",\"diversityStaffingReport\":\"https:\/\/talkpal.ai\/diversity-policy\/\"}]}<\/script>\n<!-- \/ Yoast SEO Premium plugin. -->","yoast_head_json":{"title":"Malaj\u00edsk m\u00e1lfr\u00e6\u00f0i - Talkpal","description":"Kanna\u00f0u mala\u00edska m\u00e1lfr\u00e6\u00f0i og l\u00e6r\u00f0u hvernig einfaldleiki hennar getur auki\u00f0 skilning \u00feinn \u00e1 mala\u00edsku.","robots":{"index":"index","follow":"follow","max-snippet":"max-snippet:-1","max-image-preview":"max-image-preview:large","max-video-preview":"max-video-preview:-1"},"canonical":"https:\/\/talkpal.ai\/is\/malajisk-malfraedi\/","og_locale":"is_IS","og_type":"article","og_title":"Malaj\u00edsk m\u00e1lfr\u00e6\u00f0i","og_description":"Mala\u00edsk m\u00e1lfr\u00e6\u00f0i: Exploring the Richness af Bahamaeyjar Melayu Malas\u00edska tungum\u00e1li\u00f0, e\u00f0a Bahasa Melayu, er me\u00f0al mest tala\u00f0u tungum\u00e1la heims og sameinar","og_url":"https:\/\/talkpal.ai\/is\/malajisk-malfraedi\/","og_site_name":"Talkpal","article_publisher":"https:\/\/www.facebook.com\/profile.php?id=100090733639311","article_modified_time":"2025-12-17T16:41:11+00:00","og_image":[{"width":512,"height":512,"url":"https:\/\/talkpal.ai\/wp-content\/uploads\/2023\/05\/malaysia.png","type":"image\/png"}],"twitter_card":"summary_large_image","twitter_site":"@talkpalai","twitter_misc":{"Est. reading time":"3 minutes"},"schema":{"@context":"https:\/\/schema.org","@graph":[{"@type":"WebPage","@id":"https:\/\/talkpal.ai\/is\/malajisk-malfraedi\/","url":"https:\/\/talkpal.ai\/is\/malajisk-malfraedi\/","name":"Malaj\u00edsk m\u00e1lfr\u00e6\u00f0i - Talkpal","isPartOf":{"@id":"https:\/\/talkpal.ai\/is\/#website"},"primaryImageOfPage":{"@id":"https:\/\/talkpal.ai\/is\/malajisk-malfraedi\/#primaryimage"},"image":{"@id":"https:\/\/talkpal.ai\/is\/malajisk-malfraedi\/#primaryimage"},"thumbnailUrl":"https:\/\/talkpal.ai\/wp-content\/uploads\/2023\/05\/malaysia.png","datePublished":"2023-05-14T14:11:47+00:00","dateModified":"2025-12-17T16:41:11+00:00","description":"Kanna\u00f0u mala\u00edska m\u00e1lfr\u00e6\u00f0i og l\u00e6r\u00f0u hvernig einfaldleiki hennar getur auki\u00f0 skilning \u00feinn \u00e1 mala\u00edsku.","breadcrumb":{"@id":"https:\/\/talkpal.ai\/is\/malajisk-malfraedi\/#breadcrumb"},"inLanguage":"is","potentialAction":[{"@type":"ReadAction","target":["https:\/\/talkpal.ai\/is\/malajisk-malfraedi\/"]}]},{"@type":"ImageObject","inLanguage":"is","@id":"https:\/\/talkpal.ai\/is\/malajisk-malfraedi\/#primaryimage","url":"https:\/\/talkpal.ai\/wp-content\/uploads\/2023\/05\/malaysia.png","contentUrl":"https:\/\/talkpal.ai\/wp-content\/uploads\/2023\/05\/malaysia.png","width":512,"height":512},{"@type":"BreadcrumbList","@id":"https:\/\/talkpal.ai\/is\/malajisk-malfraedi\/#breadcrumb","itemListElement":[{"@type":"ListItem","position":1,"name":"Homepage","item":"https:\/\/talkpal.ai\/is\/"},{"@type":"ListItem","position":2,"name":"Malaj\u00edsk m\u00e1lfr\u00e6\u00f0i"}]},{"@type":"WebSite","@id":"https:\/\/talkpal.ai\/is\/#website","url":"https:\/\/talkpal.ai\/is\/","name":"Talkpal","description":"AI Language Learning","publisher":{"@id":"https:\/\/talkpal.ai\/is\/#organization"},"alternateName":"Talkpal AI","potentialAction":[{"@type":"SearchAction","target":{"@type":"EntryPoint","urlTemplate":"https:\/\/talkpal.ai\/is\/?s={search_term_string}"},"query-input":{"@type":"PropertyValueSpecification","valueRequired":true,"valueName":"search_term_string"}}],"inLanguage":"is"},{"@type":"Organization","@id":"https:\/\/talkpal.ai\/is\/#organization","name":"Talkpal, Inc.","alternateName":"Talkpal AI","url":"https:\/\/talkpal.ai\/is\/","logo":{"@type":"ImageObject","inLanguage":"is","@id":"https:\/\/talkpal.ai\/is\/#\/schema\/logo\/image\/","url":"https:\/\/talkpal.ai\/wp-content\/uploads\/2024\/03\/Talkpal-Logo-Icon.png","contentUrl":"https:\/\/talkpal.ai\/wp-content\/uploads\/2024\/03\/Talkpal-Logo-Icon.png","width":2880,"height":2880,"caption":"Talkpal, Inc."},"image":{"@id":"https:\/\/talkpal.ai\/is\/#\/schema\/logo\/image\/"},"sameAs":["https:\/\/www.facebook.com\/profile.php?id=100090733639311","https:\/\/x.com\/talkpalai","https:\/\/www.linkedin.com\/company\/talkpal\/","https:\/\/www.youtube.com\/@TalkPal\/","https:\/\/www.tiktok.com\/@talkpal","https:\/\/www.instagram.com\/talkpal_ai\/","https:\/\/www.crunchbase.com\/organization\/talkpal-9cde","https:\/\/www.g2.com\/products\/talkpal-for-business\/","https:\/\/www.trustpilot.com\/review\/talkpal.ai","https:\/\/www.capterra.com\/p\/10006800\/TalkPal\/"],"description":"Talkpal is a language learning web and mobile education app, powered by the latest AI technologies, that provides engaging experiences to its customers in many different languages to help them improve their language skills. Users can chat about unlimited amount of topics with the app and use other modes to practice their language learning.","email":"support@talkpal.ai","legalName":"Talkpal, Inc.","foundingDate":"2023-04-03","duns":"118989042","numberOfEmployees":{"@type":"QuantitativeValue","minValue":"11","maxValue":"50"},"publishingPrinciples":"https:\/\/talkpal.ai\/publishing-principles\/","actionableFeedbackPolicy":"https:\/\/talkpal.ai\/actionable-feedback-policy\/","correctionsPolicy":"https:\/\/talkpal.ai\/corrections-policy\/","ethicsPolicy":"https:\/\/talkpal.ai\/ethics-policy\/","diversityPolicy":"https:\/\/talkpal.ai\/diversity-policy\/","diversityStaffingReport":"https:\/\/talkpal.ai\/diversity-policy\/"}]}},"_links":{"self":[{"href":"https:\/\/talkpal.ai\/is\/wp-json\/wp\/v2\/pages\/147199","targetHints":{"allow":["GET"]}}],"collection":[{"href":"https:\/\/talkpal.ai\/is\/wp-json\/wp\/v2\/pages"}],"about":[{"href":"https:\/\/talkpal.ai\/is\/wp-json\/wp\/v2\/types\/page"}],"author":[{"embeddable":true,"href":"https:\/\/talkpal.ai\/is\/wp-json\/wp\/v2\/users\/1"}],"replies":[{"embeddable":true,"href":"https:\/\/talkpal.ai\/is\/wp-json\/wp\/v2\/comments?post=147199"}],"version-history":[{"count":0,"href":"https:\/\/talkpal.ai\/is\/wp-json\/wp\/v2\/pages\/147199\/revisions"}],"wp:featuredmedia":[{"embeddable":true,"href":"https:\/\/talkpal.ai\/is\/wp-json\/wp\/v2\/media\/115649"}],"wp:attachment":[{"href":"https:\/\/talkpal.ai\/is\/wp-json\/wp\/v2\/media?parent=147199"}],"curies":[{"name":"wp","href":"https:\/\/api.w.org\/{rel}","templated":true}]}}