{"id":146882,"date":"2023-05-14T14:11:28","date_gmt":"2023-05-14T14:11:28","guid":{"rendered":"http:\/\/talkpal.ai\/makedonsk-malfraedi\/"},"modified":"2025-12-17T16:39:06","modified_gmt":"2025-12-17T16:39:06","slug":"makedonsk-malfraedi","status":"publish","type":"page","link":"https:\/\/talkpal.ai\/is\/makedonsk-malfraedi\/","title":{"rendered":"Maked\u00f3nsk m\u00e1lfr\u00e6\u00f0i"},"content":{"rendered":"\r\n\r\n\r\n<section class=\"languageChallengeSection\">\r\n    <div class=\"languageInfoWrapper\">\r\n        \r\n        <h1>Maked\u00f3nsk m\u00e1lfr\u00e6\u00f0i<\/h1>\r\n        <p>Kaf\u00f0u \u00fe\u00e9r inn \u00ed heillandi heim maked\u00f3nsku m\u00e1lfr\u00e6\u00f0innar og uppg\u00f6tva\u00f0u uppbyggingu \u00feessa einstaka su\u00f0urslavneska tungum\u00e1ls. A\u00f0 l\u00e6ra grunnatri\u00f0i maked\u00f3nsku <a href=\"https:\/\/talkpal.ai\/grammar\/\">m\u00e1lfr\u00e6\u00f0i<\/a> mun <a href=\"https:\/\/talkpal.ai\/locations\/language-courses-in-gera\/\">gera<\/a> \u00fe\u00e9r kleift a\u00f0 eiga af meiri \u00f6ryggi \u00ed samskiptum og kanna r\u00edka menningu Nor\u00f0ur-Maked\u00f3n\u00edu. Byrja\u00f0u \u00ed dag og taktu fyrsta skrefi\u00f0 \u00ed \u00e1tt a\u00f0 \u00fev\u00ed a\u00f0 n\u00e1 t\u00f6kum \u00e1 maked\u00f3nsku!<\/p>\r\n\r\n                            <a class=\"getStartedHidden\" href=\"https:\/\/app.talkpal.ai\/signup?lng=\">Byrja\u00f0u<\/a>\r\n        \r\n    <\/div>\r\n\r\n    <figure>\r\n    <img decoding=\"async\" width=\"768\" height=\"768\" src=\"https:\/\/talkpal.ai\/wp-content\/uploads\/2023\/06\/macedonian-768x768.png\" class=\"languageImage no-lazy\" alt=\"Language learning through conversational practice\" fetchpriority=\"high\" sizes=\"(max-width: 768px) 150px, 768px\" srcset=\"https:\/\/talkpal.ai\/wp-content\/uploads\/2023\/06\/macedonian-768x768.png 768w, https:\/\/talkpal.ai\/wp-content\/uploads\/2023\/06\/macedonian-300x300.png 300w\" \/>\r\n    \r\n\r\n    <\/figure>\r\n\r\n            <a class=\"getStartedVisible\" href=\"https:\/\/app.talkpal.ai\/signup?lng=\">Byrja\u00f0u<\/a>\r\n    \r\n<\/section>\r\n<section class=\"promotionalBanner\">\r\n    <p class=\"promotionalText\">Skilvirkasta lei\u00f0in til a\u00f0 l\u00e6ra tungum\u00e1l<\/p>\r\n    <a class=\"promotionalLink\" href=\"https:\/\/app.talkpal.ai\/signup?lng=\">Pr\u00f3fa\u00f0u Talkpal \u00f3keypis<\/a>\r\n<\/section>\n<div class=\"wp-block-group pageContainerStyle\"><div class=\"wp-block-group__inner-container is-layout-constrained wp-block-group-is-layout-constrained\">\n<h2 class=\"wp-block-heading\" id=\"h-unraveling-the-mysteries-of-macedonian-grammar\">A\u00f0 afhj\u00fapa leyndard\u00f3ma maked\u00f3nskrar m\u00e1lfr\u00e6\u00f0i<\/h2>\n\n\n\n<p><a href=\"https:\/\/talkpal.ai\/macedonian-grammar\/\">Maked\u00f3nsk m\u00e1lfr\u00e6\u00f0i<\/a> \u2013 fl\u00f3kin en \u00fe\u00f3 a\u00f0gengileg, heillandi en \u00fe\u00f3 \u00feokkafull, fl\u00f3kin en samt heillandi. \u00deegar \u00fe\u00fa byrjar fer\u00f0 \u00fe\u00edna inn \u00ed heim maked\u00f3nsku tungum\u00e1lsins g\u00e6tir\u00f0u fundi\u00f0 fyrir bl\u00f6ndu af spennu og \u00f3gnun \u00feegar kemur a\u00f0 \u00fev\u00ed a\u00f0 r\u00e1\u00f0a m\u00e1lfr\u00e6\u00f0ilegar r\u00e1\u00f0g\u00e1tur \u00feess. \u00d3ttastu ekki, \u00e1kafi tungum\u00e1la\u00e1hugama\u00f0ur! Vi\u00f0 erum h\u00e9r til a\u00f0 sty\u00f0ja \u00feig \u00ed \u00feessu tungum\u00e1la\u00e6vint\u00fdri!<\/p>\n\n\n\n<p>\u00cd \u00feessari gr\u00edpandi grein munum vi\u00f0 varpa lj\u00f3si \u00e1 mikilv\u00e6ga \u00fe\u00e6tti maked\u00f3nskrar m\u00e1lfr\u00e6\u00f0i, veita inns\u00fdn, sk\u00fdringar og hagn\u00fdt d\u00e6mi. Vi\u00f0 munum s\u00fdna a\u00f0 \u00feetta heillandi balkanska tungum\u00e1l er a\u00f0gengilegra en \u00fe\u00fa heldur! Svo sylgja upp og leyfa okkur a\u00f0 einfalda og demystify <a href=\"https:\/\/talkpal.ai\/learn-macedonian\/\">maked\u00f3nska<\/a> m\u00e1lfr\u00e6\u00f0i fyrir \u00feig.<\/p>\n\n\n\n<h3 class=\"wp-block-heading\" id=\"h-1-delightful-declensions-noun-cases-made-easy\">1. Yndisleg fallbeygingar: nafnor\u00f0 ger\u00f0 au\u00f0veld<\/h3>\n\n\n\n<p>Eins og \u00f6nnur slavnesk tungum\u00e1l er maked\u00f3nska me\u00f0 fl\u00f3ki\u00f0 nafnor\u00f0akerfi sem samanstendur af \u00feremur tilvikum: nafnor\u00f0, \u00e1sakandi og dative. \u00de\u00f3 a\u00f0 \u00fea\u00f0 s\u00e9 minna \u00f3gnvekjandi en tungum\u00e1l me\u00f0 fleiri tilfelli, er \u00fea\u00f0 nau\u00f0synlegt a\u00f0 n\u00e1 t\u00f6kum \u00e1 \u00feessum bl\u00e6brig\u00f0um til a\u00f0 n\u00e1 reiprennandi. \u00deessi tilvik \u00fathluta nafnor\u00f0um, forn\u00f6fnum og l\u00fdsingaror\u00f0um \u00ed setningu mismunandi hlutverk. H\u00e9r er stutt yfirlit:<\/p>\n\n\n\n<p><strong>\u2013 Nefnifall: Efni setningarinnar<\/strong><\/p>\n\n\n\n<p><strong>\u2013 \u00c1k\u00e6randi: Beinn hlutur e\u00f0a markmi\u00f0 athafnar<\/strong><\/p>\n\n\n\n<p><strong>\u2013 Dative: \u00d3beini hluturinn, e\u00f0a s\u00fdnir stefnu a\u00f0ger\u00f0ar<\/strong><\/p>\n\n\n\n<p>Til a\u00f0 n\u00e1 t\u00f6kum \u00e1 \u00feessum m\u00e1lum er \u00e6fingin lykillinn. Me\u00f0 t\u00edmanum og \u00fatsetningu fyrir tungum\u00e1linu ver\u00f0a \u00feessar greinarmunir anna\u00f0 e\u00f0li.<\/p>\n\n\n\n<h3 class=\"wp-block-heading\" id=\"h-2-amiable-adjectives-agreement-is-everything\">2. Vingjarnleg l\u00fdsingaror\u00f0: samkomulag er allt<\/h3>\n\n\n\n<p>L\u00fdsingaror\u00f0 \u00ed maked\u00f3nskri m\u00e1lfr\u00e6\u00f0i eru me\u00f0f\u00e6ddir conformists. \u00deeir eru samm\u00e1la kyni, t\u00f6lu og falli nafnor\u00f0anna sem \u00feeir l\u00fdsa. \u00deetta \u00fe\u00fd\u00f0ir a\u00f0 \u00fe\u00fa ver\u00f0ur a\u00f0 stilla form hvers l\u00fdsingaror\u00f0s til a\u00f0 samr\u00e6mast eiginleikum nafnor\u00f0sins.<\/p>\n\n\n\n<p>Til a\u00f0 gera \u00feetta ferli sl\u00e9ttara skaltu einbeita \u00fe\u00e9r a\u00f0 \u00fev\u00ed a\u00f0 l\u00e6ra kjarna l\u00fdsingaror\u00f0sformanna &#8211; karlkyns, kvenlegt og hvorugkyn. Me\u00f0 reglulegri \u00e6fingu mun ferli l\u00fdsingaror\u00f0ssamkomulags br\u00e1tt ver\u00f0a lei\u00f0andi.<\/p>\n\n\n\n<h3 class=\"wp-block-heading\" id=\"h-3-vigorous-verbs-conjugation-and-aspect-mastery\">3. Kr\u00f6ftugar sagnir: Samtenging og myndleikni<\/h3>\n\n\n\n<p>Eins og me\u00f0 \u00f6nnur slavnesk tungum\u00e1l upplifa maked\u00f3nskar sagnir verulegan breytileika. Samtenging fer eftir spennu, skapi, manneskju, fj\u00f6lda og s\u00ed\u00f0ast en ekki s\u00edst \u00fe\u00e6tti.<\/p>\n\n\n\n<p>Maked\u00f3nskar sagnir hafa tvo \u00fe\u00e6tti: fullkominn og \u00f3fullkominn. Fullkomnar sagnir tj\u00e1 fullkomna ath\u00f6fn, en \u00f3fullkomnar tj\u00e1 \u00e1framhaldandi e\u00f0a endurtekna ath\u00f6fn. Skilningur \u00e1 \u00feessu hugtaki skiptir sk\u00f6pum til a\u00f0 betrumb\u00e6ta m\u00e1lfr\u00e6\u00f0i\u00feekkingu \u00fe\u00edna.<\/p>\n\n\n\n<h3 class=\"wp-block-heading\" id=\"h-4-pitch-perfect-particles-mastering-stress-and-intonation\">4. Pitch-fullkomnar agnir: A\u00f0 n\u00e1 t\u00f6kum \u00e1 streitu og t\u00f3nfalli<\/h3>\n\n\n\n<p>Einst\u00f6k maked\u00f3nsk \u00e1skorun fyrir tungum\u00e1lanemendur er a\u00f0 n\u00e1 t\u00f6kum \u00e1 hinu s\u00e9rstaka t\u00f3nh\u00e6\u00f0arkerfi sem gefur atkv\u00e6\u00f0um streitu og t\u00f3nfall. \u00deetta kerfi getur haft bein \u00e1hrif \u00e1 merkingu og skilning.<\/p>\n\n\n\n<p>Til a\u00f0 n\u00e1 fram n\u00e1kv\u00e6mni \u00ed frambur\u00f0i og sk\u00fdrleika \u00ed samskiptum skaltu fylgjast vel me\u00f0 innlendum mynstrum \u00ed tali maked\u00f3nsku sem m\u00f3\u00f0urm\u00e1l. Sem byrjandi g\u00e6tir\u00f0u \u00e1tt \u00ed erfi\u00f0leikum, en mundu a\u00f0 \u00e6fing elur af s\u00e9r sj\u00e1lfstraust og leikni.<\/p>\n\n\n\n<h3 class=\"wp-block-heading\" id=\"h-5-embrace-the-intricacies-persevere-and-prosper\">5. Fa\u00f0ma\u00f0u ranghalana: \u00derauka og dafna<\/h3>\n\n\n\n<p>Maked\u00f3nsk m\u00e1lfr\u00e6\u00f0i kann vi\u00f0 fyrstu s\u00fdn a\u00f0 vir\u00f0ast fl\u00f3kin, en haf\u00f0u \u00ed huga a\u00f0 \u00feolinm\u00e6\u00f0i, i\u00f0kun og \u00ferautseigja eru leyndarm\u00e1l \u00e1rangurs. Taktu \u00fe\u00e1tt \u00ed tungum\u00e1linu me\u00f0 \u00fev\u00ed a\u00f0 lesa, skrifa, hlusta og <a href=\"https:\/\/talkpal.ai\/locations\/language-courses-in-tala\/\">tala<\/a>. Fa\u00f0ma\u00f0u \u00e1skoranirnar og ver\u00f0launa\u00f0u sj\u00e1lfan \u00feig me\u00f0 \u00e1n\u00e6gju framfara.<\/p>\n\n\n\n<p>Svo, ertu tilb\u00fainn a\u00f0 kafa inn \u00ed d\u00e1lei\u00f0andi svi\u00f0 maked\u00f3nskrar m\u00e1lfr\u00e6\u00f0i? Fa\u00f0ma\u00f0u s\u00e9rkenni \u00feess og margbreytileika, nj\u00f3ttu n\u00e6misins og mundu a\u00f0 me\u00f0 v\u00edgslu og eldm\u00f3\u00f0i getur\u00f0u opna\u00f0 hina s\u00f6nnu fegur\u00f0 maked\u00f3nska tungum\u00e1lsins. \u0421\u043e \u0441\u0440\u0435\u045c\u0430! (Gangi \u00fe\u00e9r vel!)<\/p>\n<\/div><\/div>\n\r\n<section class=\"learnNavigationSection\">\r\n            \r\n        <a href=\"https:\/\/talkpal.ai\/is\/laerdu-makedonsku\/\">\r\n            <div class=\"learnNavigationWrapper\">\r\n                <div class=\"learnNavigationContent\">\r\n                    <img decoding=\"async\" src=\"https:\/\/talkpal.ai\/wp-content\/uploads\/2024\/08\/Macedonian.jpg\" alt=\"Macedonian Flag\">\r\n                    <div>\r\n                        <h4>Um Maked\u00f3n\u00edun\u00e1m<\/h4>\r\n                        <p>Finndu \u00fat allt um maked\u00f3nska m\u00e1lfr\u00e6\u00f0i.<\/p>\r\n                    <\/div>\r\n                <\/div>\r\n            <\/div>\r\n        <\/a>\r\n\r\n        \r\n        <a href=\"https:\/\/talkpal.ai\/is\/makedonska-malfraedi-aefingar\/\">\r\n            <div class=\"learnNavigationWrapper\">\r\n                <div class=\"learnNavigationContent\">\r\n                    <img decoding=\"async\" src=\"https:\/\/talkpal.ai\/wp-content\/uploads\/2024\/08\/Macedonian.jpg\" alt=\"Macedonian Flag\">\r\n                    <div>\r\n                        <h4>Maked\u00f3nsk m\u00e1lfr\u00e6\u00f0i\u00e6fing<\/h4>\r\n                        <p>\u00c6f\u00f0u maked\u00f3nska m\u00e1lfr\u00e6\u00f0i.<\/p>\r\n                    <\/div>\r\n                <\/div>\r\n            <\/div>\r\n        <\/a>\r\n\r\n        \r\n        <a href=\"https:\/\/talkpal.ai\/vocabulary_language\/macedonian\/\">\r\n            <div class=\"learnNavigationWrapper\">\r\n                <div class=\"learnNavigationContent\">\r\n                    <img decoding=\"async\" src=\"https:\/\/talkpal.ai\/wp-content\/uploads\/2024\/08\/Macedonian.jpg\" alt=\"Macedonian Flag\">\r\n                    <div>\r\n                        <h4>Maked\u00f3nskur or\u00f0afor\u00f0i<\/h4>\r\n                        <p>St\u00e6kka\u00f0u maked\u00f3nskan or\u00f0afor\u00f0a \u00feinn.<\/p>\r\n                    <\/div>\r\n                <\/div>\r\n            <\/div>\r\n        <\/a>\r\n\r\n            <\/section>","protected":false},"excerpt":{"rendered":"<p>A\u00f0 afhj\u00fapa leyndard\u00f3ma maked\u00f3nskrar m\u00e1lfr\u00e6\u00f0i Maked\u00f3nsk m\u00e1lfr\u00e6\u00f0i \u2013 fl\u00f3kin en \u00fe\u00f3 a\u00f0gengileg, heillandi en \u00fe\u00f3 \u00feokkafull, fl\u00f3kin en samt heillandi. \u00deegar \u00fe\u00fa byrjar fer\u00f0 \u00fe\u00edna inn \u00ed heim maked\u00f3nsku tungum\u00e1lsins g\u00e6tir\u00f0u fundi\u00f0 fyrir bl\u00f6ndu af spennu og \u00f3gnun \u00feegar kemur a\u00f0 \u00fev\u00ed a\u00f0 r\u00e1\u00f0a m\u00e1lfr\u00e6\u00f0ilegar r\u00e1\u00f0g\u00e1tur \u00feess. \u00d3ttastu ekki, \u00e1kafi tungum\u00e1la\u00e1hugama\u00f0ur! Vi\u00f0 erum h\u00e9r til [&hellip;]<\/p>\n","protected":false},"author":1,"featured_media":115445,"parent":0,"menu_order":0,"comment_status":"closed","ping_status":"closed","template":"LearningContentPage.php","meta":{"_acf_changed":false,"footnotes":""},"class_list":["post-146882","page","type-page","status-publish","has-post-thumbnail","hentry"],"acf":[],"yoast_head":"<!-- This site is optimized with the Yoast SEO Premium plugin v27.2 (Yoast SEO v27.2) - https:\/\/yoast.com\/product\/yoast-seo-premium-wordpress\/ -->\n<title>Maked\u00f3nsk m\u00e1lfr\u00e6\u00f0i - Talkpal<\/title>\n<meta name=\"description\" content=\"N\u00e1\u00f0u t\u00f6kum \u00e1 maked\u00f3nsku m\u00e1lfr\u00e6\u00f0i \u00e1reynslulaust me\u00f0 Talkpal , tungum\u00e1lakennaranum \u00fe\u00ednum sem byggir \u00e1 gervigreind. B\u00e6ttu m\u00e1lfr\u00e6\u00f0ikunn\u00e1ttu \u00fe\u00edna \u00ed maked\u00f3nsku!\" \/>\n<meta name=\"robots\" content=\"index, follow, max-snippet:-1, max-image-preview:large, max-video-preview:-1\" \/>\n<link rel=\"canonical\" href=\"https:\/\/talkpal.ai\/is\/makedonsk-malfraedi\/\" \/>\n<meta property=\"og:locale\" content=\"is_IS\" \/>\n<meta property=\"og:type\" content=\"article\" \/>\n<meta property=\"og:title\" content=\"Maked\u00f3nsk m\u00e1lfr\u00e6\u00f0i\" \/>\n<meta property=\"og:description\" content=\"A\u00f0 afhj\u00fapa leyndard\u00f3ma maked\u00f3nskrar m\u00e1lfr\u00e6\u00f0i Maked\u00f3nsk m\u00e1lfr\u00e6\u00f0i \u2013 fl\u00f3kin en \u00fe\u00f3 a\u00f0gengileg, heillandi en \u00fe\u00f3 \u00feokkafull, fl\u00f3kin en samt heillandi. \u00deegar \u00fe\u00fa\" \/>\n<meta property=\"og:url\" content=\"https:\/\/talkpal.ai\/is\/makedonsk-malfraedi\/\" \/>\n<meta property=\"og:site_name\" content=\"Talkpal\" \/>\n<meta property=\"article:publisher\" content=\"https:\/\/www.facebook.com\/profile.php?id=100090733639311\" \/>\n<meta property=\"article:modified_time\" content=\"2025-12-17T16:39:06+00:00\" \/>\n<meta property=\"og:image\" content=\"https:\/\/talkpal.ai\/wp-content\/uploads\/2023\/05\/republic-of-macedonia.png\" \/>\n\t<meta property=\"og:image:width\" content=\"512\" \/>\n\t<meta property=\"og:image:height\" content=\"512\" \/>\n\t<meta property=\"og:image:type\" content=\"image\/png\" \/>\n<meta name=\"twitter:card\" content=\"summary_large_image\" \/>\n<meta name=\"twitter:site\" content=\"@talkpalai\" \/>\n<meta name=\"twitter:label1\" content=\"Est. reading time\" \/>\n\t<meta name=\"twitter:data1\" content=\"3 minutes\" \/>\n<script type=\"application\/ld+json\" class=\"yoast-schema-graph\">{\"@context\":\"https:\/\/schema.org\",\"@graph\":[{\"@type\":\"WebPage\",\"@id\":\"https:\/\/talkpal.ai\/is\/makedonsk-malfraedi\/\",\"url\":\"https:\/\/talkpal.ai\/is\/makedonsk-malfraedi\/\",\"name\":\"Maked\u00f3nsk m\u00e1lfr\u00e6\u00f0i - Talkpal\",\"isPartOf\":{\"@id\":\"https:\/\/talkpal.ai\/is\/#website\"},\"primaryImageOfPage\":{\"@id\":\"https:\/\/talkpal.ai\/is\/makedonsk-malfraedi\/#primaryimage\"},\"image\":{\"@id\":\"https:\/\/talkpal.ai\/is\/makedonsk-malfraedi\/#primaryimage\"},\"thumbnailUrl\":\"https:\/\/talkpal.ai\/wp-content\/uploads\/2023\/05\/republic-of-macedonia.png\",\"datePublished\":\"2023-05-14T14:11:28+00:00\",\"dateModified\":\"2025-12-17T16:39:06+00:00\",\"description\":\"N\u00e1\u00f0u t\u00f6kum \u00e1 maked\u00f3nsku m\u00e1lfr\u00e6\u00f0i \u00e1reynslulaust me\u00f0 Talkpal , tungum\u00e1lakennaranum \u00fe\u00ednum sem byggir \u00e1 gervigreind. B\u00e6ttu m\u00e1lfr\u00e6\u00f0ikunn\u00e1ttu \u00fe\u00edna \u00ed maked\u00f3nsku!\",\"breadcrumb\":{\"@id\":\"https:\/\/talkpal.ai\/is\/makedonsk-malfraedi\/#breadcrumb\"},\"inLanguage\":\"is\",\"potentialAction\":[{\"@type\":\"ReadAction\",\"target\":[\"https:\/\/talkpal.ai\/is\/makedonsk-malfraedi\/\"]}]},{\"@type\":\"ImageObject\",\"inLanguage\":\"is\",\"@id\":\"https:\/\/talkpal.ai\/is\/makedonsk-malfraedi\/#primaryimage\",\"url\":\"https:\/\/talkpal.ai\/wp-content\/uploads\/2023\/05\/republic-of-macedonia.png\",\"contentUrl\":\"https:\/\/talkpal.ai\/wp-content\/uploads\/2023\/05\/republic-of-macedonia.png\",\"width\":512,\"height\":512},{\"@type\":\"BreadcrumbList\",\"@id\":\"https:\/\/talkpal.ai\/is\/makedonsk-malfraedi\/#breadcrumb\",\"itemListElement\":[{\"@type\":\"ListItem\",\"position\":1,\"name\":\"Homepage\",\"item\":\"https:\/\/talkpal.ai\/is\/\"},{\"@type\":\"ListItem\",\"position\":2,\"name\":\"Maked\u00f3nsk m\u00e1lfr\u00e6\u00f0i\"}]},{\"@type\":\"WebSite\",\"@id\":\"https:\/\/talkpal.ai\/is\/#website\",\"url\":\"https:\/\/talkpal.ai\/is\/\",\"name\":\"Talkpal\",\"description\":\"AI Language Learning\",\"publisher\":{\"@id\":\"https:\/\/talkpal.ai\/is\/#organization\"},\"alternateName\":\"Talkpal AI\",\"potentialAction\":[{\"@type\":\"SearchAction\",\"target\":{\"@type\":\"EntryPoint\",\"urlTemplate\":\"https:\/\/talkpal.ai\/is\/?s={search_term_string}\"},\"query-input\":{\"@type\":\"PropertyValueSpecification\",\"valueRequired\":true,\"valueName\":\"search_term_string\"}}],\"inLanguage\":\"is\"},{\"@type\":\"Organization\",\"@id\":\"https:\/\/talkpal.ai\/is\/#organization\",\"name\":\"Talkpal, Inc.\",\"alternateName\":\"Talkpal AI\",\"url\":\"https:\/\/talkpal.ai\/is\/\",\"logo\":{\"@type\":\"ImageObject\",\"inLanguage\":\"is\",\"@id\":\"https:\/\/talkpal.ai\/is\/#\/schema\/logo\/image\/\",\"url\":\"https:\/\/talkpal.ai\/wp-content\/uploads\/2024\/03\/Talkpal-Logo-Icon.png\",\"contentUrl\":\"https:\/\/talkpal.ai\/wp-content\/uploads\/2024\/03\/Talkpal-Logo-Icon.png\",\"width\":2880,\"height\":2880,\"caption\":\"Talkpal, Inc.\"},\"image\":{\"@id\":\"https:\/\/talkpal.ai\/is\/#\/schema\/logo\/image\/\"},\"sameAs\":[\"https:\/\/www.facebook.com\/profile.php?id=100090733639311\",\"https:\/\/x.com\/talkpalai\",\"https:\/\/www.linkedin.com\/company\/talkpal\/\",\"https:\/\/www.youtube.com\/@TalkPal\/\",\"https:\/\/www.tiktok.com\/@talkpal\",\"https:\/\/www.instagram.com\/talkpal_ai\/\",\"https:\/\/www.crunchbase.com\/organization\/talkpal-9cde\",\"https:\/\/www.g2.com\/products\/talkpal-for-business\/\",\"https:\/\/www.trustpilot.com\/review\/talkpal.ai\",\"https:\/\/www.capterra.com\/p\/10006800\/TalkPal\/\"],\"description\":\"Talkpal is a language learning web and mobile education app, powered by the latest AI technologies, that provides engaging experiences to its customers in many different languages to help them improve their language skills. Users can chat about unlimited amount of topics with the app and use other modes to practice their language learning.\",\"email\":\"support@talkpal.ai\",\"legalName\":\"Talkpal, Inc.\",\"foundingDate\":\"2023-04-03\",\"duns\":\"118989042\",\"numberOfEmployees\":{\"@type\":\"QuantitativeValue\",\"minValue\":\"11\",\"maxValue\":\"50\"},\"publishingPrinciples\":\"https:\/\/talkpal.ai\/publishing-principles\/\",\"actionableFeedbackPolicy\":\"https:\/\/talkpal.ai\/actionable-feedback-policy\/\",\"correctionsPolicy\":\"https:\/\/talkpal.ai\/corrections-policy\/\",\"ethicsPolicy\":\"https:\/\/talkpal.ai\/ethics-policy\/\",\"diversityPolicy\":\"https:\/\/talkpal.ai\/diversity-policy\/\",\"diversityStaffingReport\":\"https:\/\/talkpal.ai\/diversity-policy\/\"}]}<\/script>\n<!-- \/ Yoast SEO Premium plugin. -->","yoast_head_json":{"title":"Maked\u00f3nsk m\u00e1lfr\u00e6\u00f0i - Talkpal","description":"N\u00e1\u00f0u t\u00f6kum \u00e1 maked\u00f3nsku m\u00e1lfr\u00e6\u00f0i \u00e1reynslulaust me\u00f0 Talkpal , tungum\u00e1lakennaranum \u00fe\u00ednum sem byggir \u00e1 gervigreind. B\u00e6ttu m\u00e1lfr\u00e6\u00f0ikunn\u00e1ttu \u00fe\u00edna \u00ed maked\u00f3nsku!","robots":{"index":"index","follow":"follow","max-snippet":"max-snippet:-1","max-image-preview":"max-image-preview:large","max-video-preview":"max-video-preview:-1"},"canonical":"https:\/\/talkpal.ai\/is\/makedonsk-malfraedi\/","og_locale":"is_IS","og_type":"article","og_title":"Maked\u00f3nsk m\u00e1lfr\u00e6\u00f0i","og_description":"A\u00f0 afhj\u00fapa leyndard\u00f3ma maked\u00f3nskrar m\u00e1lfr\u00e6\u00f0i Maked\u00f3nsk m\u00e1lfr\u00e6\u00f0i \u2013 fl\u00f3kin en \u00fe\u00f3 a\u00f0gengileg, heillandi en \u00fe\u00f3 \u00feokkafull, fl\u00f3kin en samt heillandi. \u00deegar \u00fe\u00fa","og_url":"https:\/\/talkpal.ai\/is\/makedonsk-malfraedi\/","og_site_name":"Talkpal","article_publisher":"https:\/\/www.facebook.com\/profile.php?id=100090733639311","article_modified_time":"2025-12-17T16:39:06+00:00","og_image":[{"width":512,"height":512,"url":"https:\/\/talkpal.ai\/wp-content\/uploads\/2023\/05\/republic-of-macedonia.png","type":"image\/png"}],"twitter_card":"summary_large_image","twitter_site":"@talkpalai","twitter_misc":{"Est. reading time":"3 minutes"},"schema":{"@context":"https:\/\/schema.org","@graph":[{"@type":"WebPage","@id":"https:\/\/talkpal.ai\/is\/makedonsk-malfraedi\/","url":"https:\/\/talkpal.ai\/is\/makedonsk-malfraedi\/","name":"Maked\u00f3nsk m\u00e1lfr\u00e6\u00f0i - Talkpal","isPartOf":{"@id":"https:\/\/talkpal.ai\/is\/#website"},"primaryImageOfPage":{"@id":"https:\/\/talkpal.ai\/is\/makedonsk-malfraedi\/#primaryimage"},"image":{"@id":"https:\/\/talkpal.ai\/is\/makedonsk-malfraedi\/#primaryimage"},"thumbnailUrl":"https:\/\/talkpal.ai\/wp-content\/uploads\/2023\/05\/republic-of-macedonia.png","datePublished":"2023-05-14T14:11:28+00:00","dateModified":"2025-12-17T16:39:06+00:00","description":"N\u00e1\u00f0u t\u00f6kum \u00e1 maked\u00f3nsku m\u00e1lfr\u00e6\u00f0i \u00e1reynslulaust me\u00f0 Talkpal , tungum\u00e1lakennaranum \u00fe\u00ednum sem byggir \u00e1 gervigreind. B\u00e6ttu m\u00e1lfr\u00e6\u00f0ikunn\u00e1ttu \u00fe\u00edna \u00ed maked\u00f3nsku!","breadcrumb":{"@id":"https:\/\/talkpal.ai\/is\/makedonsk-malfraedi\/#breadcrumb"},"inLanguage":"is","potentialAction":[{"@type":"ReadAction","target":["https:\/\/talkpal.ai\/is\/makedonsk-malfraedi\/"]}]},{"@type":"ImageObject","inLanguage":"is","@id":"https:\/\/talkpal.ai\/is\/makedonsk-malfraedi\/#primaryimage","url":"https:\/\/talkpal.ai\/wp-content\/uploads\/2023\/05\/republic-of-macedonia.png","contentUrl":"https:\/\/talkpal.ai\/wp-content\/uploads\/2023\/05\/republic-of-macedonia.png","width":512,"height":512},{"@type":"BreadcrumbList","@id":"https:\/\/talkpal.ai\/is\/makedonsk-malfraedi\/#breadcrumb","itemListElement":[{"@type":"ListItem","position":1,"name":"Homepage","item":"https:\/\/talkpal.ai\/is\/"},{"@type":"ListItem","position":2,"name":"Maked\u00f3nsk m\u00e1lfr\u00e6\u00f0i"}]},{"@type":"WebSite","@id":"https:\/\/talkpal.ai\/is\/#website","url":"https:\/\/talkpal.ai\/is\/","name":"Talkpal","description":"AI Language Learning","publisher":{"@id":"https:\/\/talkpal.ai\/is\/#organization"},"alternateName":"Talkpal AI","potentialAction":[{"@type":"SearchAction","target":{"@type":"EntryPoint","urlTemplate":"https:\/\/talkpal.ai\/is\/?s={search_term_string}"},"query-input":{"@type":"PropertyValueSpecification","valueRequired":true,"valueName":"search_term_string"}}],"inLanguage":"is"},{"@type":"Organization","@id":"https:\/\/talkpal.ai\/is\/#organization","name":"Talkpal, Inc.","alternateName":"Talkpal AI","url":"https:\/\/talkpal.ai\/is\/","logo":{"@type":"ImageObject","inLanguage":"is","@id":"https:\/\/talkpal.ai\/is\/#\/schema\/logo\/image\/","url":"https:\/\/talkpal.ai\/wp-content\/uploads\/2024\/03\/Talkpal-Logo-Icon.png","contentUrl":"https:\/\/talkpal.ai\/wp-content\/uploads\/2024\/03\/Talkpal-Logo-Icon.png","width":2880,"height":2880,"caption":"Talkpal, Inc."},"image":{"@id":"https:\/\/talkpal.ai\/is\/#\/schema\/logo\/image\/"},"sameAs":["https:\/\/www.facebook.com\/profile.php?id=100090733639311","https:\/\/x.com\/talkpalai","https:\/\/www.linkedin.com\/company\/talkpal\/","https:\/\/www.youtube.com\/@TalkPal\/","https:\/\/www.tiktok.com\/@talkpal","https:\/\/www.instagram.com\/talkpal_ai\/","https:\/\/www.crunchbase.com\/organization\/talkpal-9cde","https:\/\/www.g2.com\/products\/talkpal-for-business\/","https:\/\/www.trustpilot.com\/review\/talkpal.ai","https:\/\/www.capterra.com\/p\/10006800\/TalkPal\/"],"description":"Talkpal is a language learning web and mobile education app, powered by the latest AI technologies, that provides engaging experiences to its customers in many different languages to help them improve their language skills. Users can chat about unlimited amount of topics with the app and use other modes to practice their language learning.","email":"support@talkpal.ai","legalName":"Talkpal, Inc.","foundingDate":"2023-04-03","duns":"118989042","numberOfEmployees":{"@type":"QuantitativeValue","minValue":"11","maxValue":"50"},"publishingPrinciples":"https:\/\/talkpal.ai\/publishing-principles\/","actionableFeedbackPolicy":"https:\/\/talkpal.ai\/actionable-feedback-policy\/","correctionsPolicy":"https:\/\/talkpal.ai\/corrections-policy\/","ethicsPolicy":"https:\/\/talkpal.ai\/ethics-policy\/","diversityPolicy":"https:\/\/talkpal.ai\/diversity-policy\/","diversityStaffingReport":"https:\/\/talkpal.ai\/diversity-policy\/"}]}},"_links":{"self":[{"href":"https:\/\/talkpal.ai\/is\/wp-json\/wp\/v2\/pages\/146882","targetHints":{"allow":["GET"]}}],"collection":[{"href":"https:\/\/talkpal.ai\/is\/wp-json\/wp\/v2\/pages"}],"about":[{"href":"https:\/\/talkpal.ai\/is\/wp-json\/wp\/v2\/types\/page"}],"author":[{"embeddable":true,"href":"https:\/\/talkpal.ai\/is\/wp-json\/wp\/v2\/users\/1"}],"replies":[{"embeddable":true,"href":"https:\/\/talkpal.ai\/is\/wp-json\/wp\/v2\/comments?post=146882"}],"version-history":[{"count":0,"href":"https:\/\/talkpal.ai\/is\/wp-json\/wp\/v2\/pages\/146882\/revisions"}],"wp:featuredmedia":[{"embeddable":true,"href":"https:\/\/talkpal.ai\/is\/wp-json\/wp\/v2\/media\/115445"}],"wp:attachment":[{"href":"https:\/\/talkpal.ai\/is\/wp-json\/wp\/v2\/media?parent=146882"}],"curies":[{"name":"wp","href":"https:\/\/api.w.org\/{rel}","templated":true}]}}