{"id":146559,"date":"2023-05-14T14:11:00","date_gmt":"2023-05-14T14:11:00","guid":{"rendered":"http:\/\/talkpal.ai\/kasakska-malfraedi\/"},"modified":"2025-12-17T16:58:59","modified_gmt":"2025-12-17T16:58:59","slug":"kasakska-malfraedi","status":"publish","type":"page","link":"https:\/\/talkpal.ai\/is\/kasakska-malfraedi\/","title":{"rendered":"Kasakska m\u00e1lfr\u00e6\u00f0i"},"content":{"rendered":"\r\n\r\n\r\n<section class=\"languageChallengeSection\">\r\n    <div class=\"languageInfoWrapper\">\r\n        \r\n        <h1>Kasakska m\u00e1lfr\u00e6\u00f0i<\/h1>\r\n        <p>A\u00f0 l\u00e6ra kasakska opnar dyr a\u00f0 tungum\u00e1li sem er r\u00edkt af s\u00f6gu og menningu, og \u00ed hjarta \u00feess b\u00fdr heillandi m\u00e1lfr\u00e6\u00f0ikerfi. \u00de\u00f3tt kasaksk <a href=\"https:\/\/talkpal.ai\/grammar\/\">m\u00e1lfr\u00e6\u00f0i<\/a> geti virst fl\u00f3kin \u00ed fyrstu, \u00fe\u00e1 gerir skilningur \u00e1 kjarnaeinkennum hennar &#8211; eins og s\u00e9rhlj\u00f3\u00f0asamhlj\u00f3mi, nafnor\u00f0sf\u00f6llum og sagnor\u00f0at\u00ed\u00f0um &#8211; \u00fea\u00f0 b\u00e6\u00f0i m\u00f6gulegt og gefandi a\u00f0 n\u00e1 t\u00f6kum \u00e1 tungum\u00e1linu. Kaf\u00f0u ofan \u00ed \u00feetta og uppg\u00f6tva\u00f0u hva\u00f0 gerir Kasakstan einstakt!<\/p>\r\n\r\n                            <a class=\"getStartedHidden\" href=\"https:\/\/app.talkpal.ai\/signup?lng=\">Byrja\u00f0u<\/a>\r\n        \r\n    <\/div>\r\n\r\n    <figure>\r\n    <img decoding=\"async\" width=\"768\" height=\"768\" src=\"https:\/\/talkpal.ai\/wp-content\/uploads\/2023\/06\/Khazak-768x768.png\" class=\"languageImage no-lazy\" alt=\"Language learning for increased negotiation skills\" fetchpriority=\"high\" sizes=\"(max-width: 768px) 150px, 768px\" srcset=\"https:\/\/talkpal.ai\/wp-content\/uploads\/2023\/06\/Khazak-768x768.png 768w, https:\/\/talkpal.ai\/wp-content\/uploads\/2023\/06\/Khazak-300x300.png 300w\" \/>\r\n    \r\n\r\n    <\/figure>\r\n\r\n            <a class=\"getStartedVisible\" href=\"https:\/\/app.talkpal.ai\/signup?lng=\">Byrja\u00f0u<\/a>\r\n    \r\n<\/section>\r\n<section class=\"promotionalBanner\">\r\n    <p class=\"promotionalText\">Skilvirkasta lei\u00f0in til a\u00f0 l\u00e6ra tungum\u00e1l<\/p>\r\n    <a class=\"promotionalLink\" href=\"https:\/\/app.talkpal.ai\/signup?lng=\">Pr\u00f3fa\u00f0u Talkpal \u00f3keypis<\/a>\r\n<\/section>\n<div class=\"wp-block-group pageContainerStyle\"><div class=\"wp-block-group__inner-container is-layout-constrained wp-block-group-is-layout-constrained\">\n<h2 class=\"wp-block-heading\" id=\"h-kazakh-grammar-unlocking-the-secrets-of-the-kazakh-language\">Kazakh m\u00e1lfr\u00e6\u00f0i: A\u00f0 opna leyndarm\u00e1l Kazakh tungum\u00e1lsins<\/h2>\n\n\n\n<p>\u00deegar kemur a\u00f0 \u00fev\u00ed a\u00f0 l\u00e6ra kasakska tungum\u00e1li\u00f0 er skilningur \u00e1 grunnatri\u00f0um kasakskrar m\u00e1lfr\u00e6\u00f0i nau\u00f0synlegur til a\u00f0 afhj\u00fapa leyndarm\u00e1l \u00feess. \u00de\u00f3 a\u00f0 \u00fea\u00f0 kann a\u00f0 vir\u00f0ast \u00f3gnvekjandi \u00ed fyrstu, \u00fe\u00e1 st\u00e1tar m\u00e1lfr\u00e6\u00f0ikerfi\u00f0 af einst\u00f6kum eiginleikum sem <a href=\"https:\/\/talkpal.ai\/locations\/language-courses-in-gera\/\">gera<\/a> tungum\u00e1li\u00f0 heillandi. \u00cd \u00feessari grein er leitast vi\u00f0 a\u00f0 varpa lj\u00f3si \u00e1 helstu \u00fe\u00e6tti kasakskrar m\u00e1lfr\u00e6\u00f0i og veita samtals og \u00f3formlega kynningu \u00e1 r\u00edkri uppbyggingu tungum\u00e1lsins.<\/p>\n\n\n\n<h3 class=\"wp-block-heading\" id=\"h-1-nouns-harmony-in-cases-and-declensions\">1. Nafnor\u00f0 \u2013 Samhlj\u00f3mur \u00ed m\u00e1lum og fallbeygingum<\/h3>\n\n\n\n<p>Eitt af \u00fev\u00ed fyrsta sem \u00fearf a\u00f0 huga a\u00f0 \u00ed kasakskri m\u00e1lfr\u00e6\u00f0i er uppbygging nafnor\u00f0sins. Tungum\u00e1li\u00f0 notar s\u00e9rhlj\u00f3\u00f0asamr\u00e6mingarkerfi, \u00fear sem s\u00e9rhlj\u00f3\u00f0ar eru \u00fdmist a\u00f0 framan e\u00f0a aftan og samfelldar samsetningar eru \u00e1kj\u00f3sanlegri. \u00deetta kerfi tengist fleirt\u00f6lu nafnor\u00f0a, sem myndast me\u00f0 \u00fdmsum vi\u00f0skeytum sem passa vi\u00f0 samhlj\u00f3mah\u00f3p upphaflega nafnor\u00f0sins.<\/p>\n\n\n\n<p>Kasaksk nafnor\u00f0 fylgja sj\u00f6 tilvikum: nafnor\u00f0, genitive, dative, accusative, locative, ablative og instrumental. \u00de\u00f3 a\u00f0 \u00fea\u00f0 s\u00e9 \u00f3gnvekjandi \u00ed fyrstu skiptir leikni \u00ed \u00feessum m\u00e1lum sk\u00f6pum vi\u00f0 a\u00f0 mynda n\u00e1kv\u00e6ma setningager\u00f0. M\u00e1l \u00e1kvar\u00f0a tengsl or\u00f0a og leyfa sveigjanleika \u00ed or\u00f0ar\u00f6\u00f0 \u00e1n \u00feess a\u00f0 missa merkinguna.<\/p>\n\n\n\n<h3 class=\"wp-block-heading\" id=\"h-2-adjectives-agreement-and-comparison\">2. L\u00fdsingaror\u00f0 \u2013 Samkomulag og samanbur\u00f0ur<\/h3>\n\n\n\n<p><a href=\"https:\/\/talkpal.ai\/learn-kazakh\/\">Kazakh<\/a> l\u00fdsingaror\u00f0 eru notu\u00f0 til a\u00f0 l\u00fdsa og veita frekari uppl\u00fdsingar um nafnor\u00f0. \u00deeir ver\u00f0a a\u00f0 vera samm\u00e1la nafnor\u00f0inu sem \u00feeir breyta hva\u00f0 var\u00f0ar m\u00e1l og t\u00f6lu. A\u00f0 auki er h\u00e6gt a\u00f0 bera saman l\u00fdsingaror\u00f0 me\u00f0 samanbur\u00f0ar- og yfirbur\u00f0argr\u00e1\u00f0um, sem n\u00e1\u00f0st hafa me\u00f0 \u00fev\u00ed a\u00f0 b\u00e6ta vi\u00f0 samsvarandi vi\u00f0skeytum, til a\u00f0 koma mismunandi \u00e1herslum \u00e1 framf\u00e6ri.<\/p>\n\n\n\n<p>Til d\u00e6mis er or\u00f0i\u00f0 fyrir \u201efallegt\u201c \u00e1 kasakska \u201e\u0441\u044b\u04a3\u0448\u044b. \u00deegar fallegum gar\u00f0i (\u0431\u0430\u049b) er l\u00fdst, v\u00e6ri setningin \u201e\u0441\u044b\u04a3\u0448\u044b \u0431\u0430\u049b. Til a\u00f0 segja \u201efegurri\u201c myndir\u00f0u nota \u201e\u0441\u044b\u04a3\u0448\u044b\u0440\u0430\u049b,\u201c en \u201es\u00e1 fallegasta\u201c v\u00e6ri myndu\u00f0 me\u00f0 \u00fev\u00ed a\u00f0 nota \u201e\u0441\u044b\u04a3\u0448\u044b. Til a\u00f0 segja \u201efallegasti gar\u00f0urinn\u201c myndir\u00f0u nota \u201e\u0441\u044b\u04a3\u0448\u044b \u0431\u0430\u049b.<\/p>\n\n\n\n<h3 class=\"wp-block-heading\" id=\"h-3-verbs-tense-mood-and-aspect\">3. Sagnor\u00f0 \u2013 Spenna, skap og \u00fe\u00e1ttur<\/h3>\n\n\n\n<p>Sagnir \u00ed Kasakstan l\u00fdsa spennu, skapi og \u00fe\u00e6tti. Tungum\u00e1li\u00f0 inniheldur \u00ferj\u00e1r meginspennur: fort\u00ed\u00f0, n\u00fat\u00ed\u00f0 og framt\u00ed\u00f0. Hver spenna hefur mismunandi form bygg\u00f0 \u00e1 fornafni efnis, skapi (svo sem br\u00fdnt e\u00f0a skilyrt) og \u00fe\u00e6tti (hvort a\u00f0ger\u00f0in er fullkomin, endurspeglar fullna\u00f0a a\u00f0ger\u00f0 e\u00f0a \u00f3fullkomin, sem gefur til kynna \u00e1framhaldandi e\u00f0a venjubundna a\u00f0ger\u00f0).<\/p>\n\n\n\n<h3 class=\"wp-block-heading\" id=\"h-4-pronouns-personal-and-demonstrative\">4. Forn\u00f6fn \u2013 Pers\u00f3nuleg og s\u00fdnandi<\/h3>\n\n\n\n<p>Forn\u00f6fn \u00ed kasakskri m\u00e1lfr\u00e6\u00f0i fela \u00ed s\u00e9r pers\u00f3nuleg, eignarhaldsleg, s\u00fdnileg, yfirheyrandi og afst\u00e6\u00f0 afbrig\u00f0i. \u00deeir ver\u00f0a a\u00f0 koma s\u00e9r saman um fall og t\u00f6lu me\u00f0 nafnor\u00f0inu sem \u00feeir v\u00edsa til e\u00f0a skipta \u00fat. S\u00fdniforn\u00f6fn hafa til d\u00e6mis \u00ferj\u00fa form: n\u00e1l\u00e6g (\u0431\u04b1\u043b), mi\u00f0gildi (\u043e\u0441\u044b) og fjarl\u00e6g (\u0430\u043d\u0430\u0443), allt eftir fjarl\u00e6g\u00f0 til \u00feess sem talar.<\/p>\n\n\n\n<h3 class=\"wp-block-heading\" id=\"h-5-embracing-the-uniqueness-of-kazakh-grammar\">5. A\u00f0 fa\u00f0ma s\u00e9rst\u00f6\u00f0u kasakskrar m\u00e1lfr\u00e6\u00f0i<\/h3>\n\n\n\n<p>\u00deegar \u00fe\u00fa leggur af sta\u00f0 \u00ed kasakska tungum\u00e1lafer\u00f0ina skaltu muna a\u00f0 \u00fea\u00f0 sn\u00fdst ekki um a\u00f0 n\u00e1 t\u00f6kum \u00e1 bl\u00e6brig\u00f0unum \u00ed einu. Gle\u00f0i \u00ed a\u00f0 uppg\u00f6tva einstaka m\u00e1lfr\u00e6\u00f0i kerfi sem setur Kazakh \u00ed sundur og tekur t\u00edma til a\u00f0 skilja \u00fea\u00f0 \u00e1n \u00feess a\u00f0 tilfinning \u00f3vart.<\/p>\n\n\n\n<p>Me\u00f0 \u00fev\u00ed a\u00f0 meta og kanna s\u00e9rkenni kasakskrar m\u00e1lfr\u00e6\u00f0i getur\u00f0u sannarlega opna\u00f0 fegur\u00f0 tungum\u00e1lsins og fengi\u00f0 meiri a\u00f0gang a\u00f0 r\u00edkulegum menningararfi sem \u00fea\u00f0 felur \u00ed s\u00e9r. \u0441\u0559\u0442\u0442\u0456 \u043e\u049b\u0443 &#8211; Gle\u00f0ilegt n\u00e1m!<\/p>\n<\/div><\/div>\n\r\n<section class=\"learnNavigationSection\">\r\n            \r\n        <a href=\"https:\/\/talkpal.ai\/is\/laerdu-kasakstan\/\">\r\n            <div class=\"learnNavigationWrapper\">\r\n                <div class=\"learnNavigationContent\">\r\n                    <img decoding=\"async\" src=\"https:\/\/talkpal.ai\/wp-content\/uploads\/2024\/08\/Kazakh.jpg\" alt=\"Kazakh Flag\">\r\n                    <div>\r\n                        <h4>Um Kazakh Learning<\/h4>\r\n                        <p>Finndu \u00fat allt um Kazakh m\u00e1lfr\u00e6\u00f0i.<\/p>\r\n                    <\/div>\r\n                <\/div>\r\n            <\/div>\r\n        <\/a>\r\n\r\n        \r\n        <a href=\"https:\/\/talkpal.ai\/is\/kazakh-malfraedi-aefingar\/\">\r\n            <div class=\"learnNavigationWrapper\">\r\n                <div class=\"learnNavigationContent\">\r\n                    <img decoding=\"async\" src=\"https:\/\/talkpal.ai\/wp-content\/uploads\/2024\/08\/Kazakh.jpg\" alt=\"Kazakh Flag\">\r\n                    <div>\r\n                        <h4>Kasakska m\u00e1lfr\u00e6\u00f0i\u00e6fing<\/h4>\r\n                        <p>\u00c6f\u00f0u Kazakh m\u00e1lfr\u00e6\u00f0i.<\/p>\r\n                    <\/div>\r\n                <\/div>\r\n            <\/div>\r\n        <\/a>\r\n\r\n        \r\n        <a href=\"https:\/\/talkpal.ai\/vocabulary_language\/kazakh\/\">\r\n            <div class=\"learnNavigationWrapper\">\r\n                <div class=\"learnNavigationContent\">\r\n                    <img decoding=\"async\" src=\"https:\/\/talkpal.ai\/wp-content\/uploads\/2024\/08\/Kazakh.jpg\" alt=\"Kazakh Flag\">\r\n                    <div>\r\n                        <h4>Kasakskur or\u00f0afor\u00f0i<\/h4>\r\n                        <p>St\u00e6kka\u00f0u kasakska or\u00f0afor\u00f0a \u00feinn.<\/p>\r\n                    <\/div>\r\n                <\/div>\r\n            <\/div>\r\n        <\/a>\r\n\r\n            <\/section>","protected":false},"excerpt":{"rendered":"<p>Kazakh m\u00e1lfr\u00e6\u00f0i: A\u00f0 opna leyndarm\u00e1l Kazakh tungum\u00e1lsins \u00deegar kemur a\u00f0 \u00fev\u00ed a\u00f0 l\u00e6ra kasakska tungum\u00e1li\u00f0 er skilningur \u00e1 grunnatri\u00f0um kasakskrar m\u00e1lfr\u00e6\u00f0i nau\u00f0synlegur til a\u00f0 afhj\u00fapa leyndarm\u00e1l \u00feess. \u00de\u00f3 a\u00f0 \u00fea\u00f0 kann a\u00f0 vir\u00f0ast \u00f3gnvekjandi \u00ed fyrstu, \u00fe\u00e1 st\u00e1tar m\u00e1lfr\u00e6\u00f0ikerfi\u00f0 af einst\u00f6kum eiginleikum sem gera tungum\u00e1li\u00f0 heillandi. \u00cd \u00feessari grein er leitast vi\u00f0 a\u00f0 varpa lj\u00f3si [&hellip;]<\/p>\n","protected":false},"author":1,"featured_media":114358,"parent":0,"menu_order":0,"comment_status":"closed","ping_status":"closed","template":"LearningContentPage.php","meta":{"_acf_changed":false,"footnotes":""},"class_list":["post-146559","page","type-page","status-publish","has-post-thumbnail","hentry"],"acf":[],"yoast_head":"<!-- This site is optimized with the Yoast SEO Premium plugin v27.2 (Yoast SEO v27.2) - https:\/\/yoast.com\/product\/yoast-seo-premium-wordpress\/ -->\n<title>Kasakska m\u00e1lfr\u00e6\u00f0i - Talkpal<\/title>\n<meta name=\"description\" content=\"N\u00e1\u00f0u t\u00f6kum \u00e1 kasakskri m\u00e1lfr\u00e6\u00f0i \u00e1reynslulaust - l\u00e6r\u00f0u nau\u00f0synlegar reglur, \u00e6f\u00f0u setningarbyggingu og b\u00e6ttu flj\u00f3tt m\u00e1lfl\u00e6\u00f0i \u00feitt\" \/>\n<meta name=\"robots\" content=\"index, follow, max-snippet:-1, max-image-preview:large, max-video-preview:-1\" \/>\n<link rel=\"canonical\" href=\"https:\/\/talkpal.ai\/is\/kasakska-malfraedi\/\" \/>\n<meta property=\"og:locale\" content=\"is_IS\" \/>\n<meta property=\"og:type\" content=\"article\" \/>\n<meta property=\"og:title\" content=\"Kasakska m\u00e1lfr\u00e6\u00f0i\" \/>\n<meta property=\"og:description\" content=\"Kazakh m\u00e1lfr\u00e6\u00f0i: A\u00f0 opna leyndarm\u00e1l Kazakh tungum\u00e1lsins \u00deegar kemur a\u00f0 \u00fev\u00ed a\u00f0 l\u00e6ra kasakska tungum\u00e1li\u00f0 er skilningur \u00e1 grunnatri\u00f0um kasakskrar m\u00e1lfr\u00e6\u00f0i\" \/>\n<meta property=\"og:url\" content=\"https:\/\/talkpal.ai\/is\/kasakska-malfraedi\/\" \/>\n<meta property=\"og:site_name\" content=\"Talkpal\" \/>\n<meta property=\"article:publisher\" content=\"https:\/\/www.facebook.com\/profile.php?id=100090733639311\" \/>\n<meta property=\"article:modified_time\" content=\"2025-12-17T16:58:59+00:00\" \/>\n<meta property=\"og:image\" content=\"https:\/\/talkpal.ai\/wp-content\/uploads\/2023\/05\/kazakhstan.png\" \/>\n\t<meta property=\"og:image:width\" content=\"512\" \/>\n\t<meta property=\"og:image:height\" content=\"512\" \/>\n\t<meta property=\"og:image:type\" content=\"image\/png\" \/>\n<meta name=\"twitter:card\" content=\"summary_large_image\" \/>\n<meta name=\"twitter:site\" content=\"@talkpalai\" \/>\n<meta name=\"twitter:label1\" content=\"Est. reading time\" \/>\n\t<meta name=\"twitter:data1\" content=\"3 minutes\" \/>\n<script type=\"application\/ld+json\" class=\"yoast-schema-graph\">{\"@context\":\"https:\/\/schema.org\",\"@graph\":[{\"@type\":\"WebPage\",\"@id\":\"https:\/\/talkpal.ai\/is\/kasakska-malfraedi\/\",\"url\":\"https:\/\/talkpal.ai\/is\/kasakska-malfraedi\/\",\"name\":\"Kasakska m\u00e1lfr\u00e6\u00f0i - Talkpal\",\"isPartOf\":{\"@id\":\"https:\/\/talkpal.ai\/is\/#website\"},\"primaryImageOfPage\":{\"@id\":\"https:\/\/talkpal.ai\/is\/kasakska-malfraedi\/#primaryimage\"},\"image\":{\"@id\":\"https:\/\/talkpal.ai\/is\/kasakska-malfraedi\/#primaryimage\"},\"thumbnailUrl\":\"https:\/\/talkpal.ai\/wp-content\/uploads\/2023\/05\/kazakhstan.png\",\"datePublished\":\"2023-05-14T14:11:00+00:00\",\"dateModified\":\"2025-12-17T16:58:59+00:00\",\"description\":\"N\u00e1\u00f0u t\u00f6kum \u00e1 kasakskri m\u00e1lfr\u00e6\u00f0i \u00e1reynslulaust - l\u00e6r\u00f0u nau\u00f0synlegar reglur, \u00e6f\u00f0u setningarbyggingu og b\u00e6ttu flj\u00f3tt m\u00e1lfl\u00e6\u00f0i \u00feitt\",\"breadcrumb\":{\"@id\":\"https:\/\/talkpal.ai\/is\/kasakska-malfraedi\/#breadcrumb\"},\"inLanguage\":\"is\",\"potentialAction\":[{\"@type\":\"ReadAction\",\"target\":[\"https:\/\/talkpal.ai\/is\/kasakska-malfraedi\/\"]}]},{\"@type\":\"ImageObject\",\"inLanguage\":\"is\",\"@id\":\"https:\/\/talkpal.ai\/is\/kasakska-malfraedi\/#primaryimage\",\"url\":\"https:\/\/talkpal.ai\/wp-content\/uploads\/2023\/05\/kazakhstan.png\",\"contentUrl\":\"https:\/\/talkpal.ai\/wp-content\/uploads\/2023\/05\/kazakhstan.png\",\"width\":512,\"height\":512},{\"@type\":\"BreadcrumbList\",\"@id\":\"https:\/\/talkpal.ai\/is\/kasakska-malfraedi\/#breadcrumb\",\"itemListElement\":[{\"@type\":\"ListItem\",\"position\":1,\"name\":\"Homepage\",\"item\":\"https:\/\/talkpal.ai\/is\/\"},{\"@type\":\"ListItem\",\"position\":2,\"name\":\"Kasakska m\u00e1lfr\u00e6\u00f0i\"}]},{\"@type\":\"WebSite\",\"@id\":\"https:\/\/talkpal.ai\/is\/#website\",\"url\":\"https:\/\/talkpal.ai\/is\/\",\"name\":\"Talkpal\",\"description\":\"AI Language Learning\",\"publisher\":{\"@id\":\"https:\/\/talkpal.ai\/is\/#organization\"},\"alternateName\":\"Talkpal AI\",\"potentialAction\":[{\"@type\":\"SearchAction\",\"target\":{\"@type\":\"EntryPoint\",\"urlTemplate\":\"https:\/\/talkpal.ai\/is\/?s={search_term_string}\"},\"query-input\":{\"@type\":\"PropertyValueSpecification\",\"valueRequired\":true,\"valueName\":\"search_term_string\"}}],\"inLanguage\":\"is\"},{\"@type\":\"Organization\",\"@id\":\"https:\/\/talkpal.ai\/is\/#organization\",\"name\":\"Talkpal, Inc.\",\"alternateName\":\"Talkpal AI\",\"url\":\"https:\/\/talkpal.ai\/is\/\",\"logo\":{\"@type\":\"ImageObject\",\"inLanguage\":\"is\",\"@id\":\"https:\/\/talkpal.ai\/is\/#\/schema\/logo\/image\/\",\"url\":\"https:\/\/talkpal.ai\/wp-content\/uploads\/2024\/03\/Talkpal-Logo-Icon.png\",\"contentUrl\":\"https:\/\/talkpal.ai\/wp-content\/uploads\/2024\/03\/Talkpal-Logo-Icon.png\",\"width\":2880,\"height\":2880,\"caption\":\"Talkpal, Inc.\"},\"image\":{\"@id\":\"https:\/\/talkpal.ai\/is\/#\/schema\/logo\/image\/\"},\"sameAs\":[\"https:\/\/www.facebook.com\/profile.php?id=100090733639311\",\"https:\/\/x.com\/talkpalai\",\"https:\/\/www.linkedin.com\/company\/talkpal\/\",\"https:\/\/www.youtube.com\/@TalkPal\/\",\"https:\/\/www.tiktok.com\/@talkpal\",\"https:\/\/www.instagram.com\/talkpal_ai\/\",\"https:\/\/www.crunchbase.com\/organization\/talkpal-9cde\",\"https:\/\/www.g2.com\/products\/talkpal-for-business\/\",\"https:\/\/www.trustpilot.com\/review\/talkpal.ai\",\"https:\/\/www.capterra.com\/p\/10006800\/TalkPal\/\"],\"description\":\"Talkpal is a language learning web and mobile education app, powered by the latest AI technologies, that provides engaging experiences to its customers in many different languages to help them improve their language skills. Users can chat about unlimited amount of topics with the app and use other modes to practice their language learning.\",\"email\":\"support@talkpal.ai\",\"legalName\":\"Talkpal, Inc.\",\"foundingDate\":\"2023-04-03\",\"duns\":\"118989042\",\"numberOfEmployees\":{\"@type\":\"QuantitativeValue\",\"minValue\":\"11\",\"maxValue\":\"50\"},\"publishingPrinciples\":\"https:\/\/talkpal.ai\/publishing-principles\/\",\"actionableFeedbackPolicy\":\"https:\/\/talkpal.ai\/actionable-feedback-policy\/\",\"correctionsPolicy\":\"https:\/\/talkpal.ai\/corrections-policy\/\",\"ethicsPolicy\":\"https:\/\/talkpal.ai\/ethics-policy\/\",\"diversityPolicy\":\"https:\/\/talkpal.ai\/diversity-policy\/\",\"diversityStaffingReport\":\"https:\/\/talkpal.ai\/diversity-policy\/\"}]}<\/script>\n<!-- \/ Yoast SEO Premium plugin. -->","yoast_head_json":{"title":"Kasakska m\u00e1lfr\u00e6\u00f0i - Talkpal","description":"N\u00e1\u00f0u t\u00f6kum \u00e1 kasakskri m\u00e1lfr\u00e6\u00f0i \u00e1reynslulaust - l\u00e6r\u00f0u nau\u00f0synlegar reglur, \u00e6f\u00f0u setningarbyggingu og b\u00e6ttu flj\u00f3tt m\u00e1lfl\u00e6\u00f0i \u00feitt","robots":{"index":"index","follow":"follow","max-snippet":"max-snippet:-1","max-image-preview":"max-image-preview:large","max-video-preview":"max-video-preview:-1"},"canonical":"https:\/\/talkpal.ai\/is\/kasakska-malfraedi\/","og_locale":"is_IS","og_type":"article","og_title":"Kasakska m\u00e1lfr\u00e6\u00f0i","og_description":"Kazakh m\u00e1lfr\u00e6\u00f0i: A\u00f0 opna leyndarm\u00e1l Kazakh tungum\u00e1lsins \u00deegar kemur a\u00f0 \u00fev\u00ed a\u00f0 l\u00e6ra kasakska tungum\u00e1li\u00f0 er skilningur \u00e1 grunnatri\u00f0um kasakskrar m\u00e1lfr\u00e6\u00f0i","og_url":"https:\/\/talkpal.ai\/is\/kasakska-malfraedi\/","og_site_name":"Talkpal","article_publisher":"https:\/\/www.facebook.com\/profile.php?id=100090733639311","article_modified_time":"2025-12-17T16:58:59+00:00","og_image":[{"width":512,"height":512,"url":"https:\/\/talkpal.ai\/wp-content\/uploads\/2023\/05\/kazakhstan.png","type":"image\/png"}],"twitter_card":"summary_large_image","twitter_site":"@talkpalai","twitter_misc":{"Est. reading time":"3 minutes"},"schema":{"@context":"https:\/\/schema.org","@graph":[{"@type":"WebPage","@id":"https:\/\/talkpal.ai\/is\/kasakska-malfraedi\/","url":"https:\/\/talkpal.ai\/is\/kasakska-malfraedi\/","name":"Kasakska m\u00e1lfr\u00e6\u00f0i - Talkpal","isPartOf":{"@id":"https:\/\/talkpal.ai\/is\/#website"},"primaryImageOfPage":{"@id":"https:\/\/talkpal.ai\/is\/kasakska-malfraedi\/#primaryimage"},"image":{"@id":"https:\/\/talkpal.ai\/is\/kasakska-malfraedi\/#primaryimage"},"thumbnailUrl":"https:\/\/talkpal.ai\/wp-content\/uploads\/2023\/05\/kazakhstan.png","datePublished":"2023-05-14T14:11:00+00:00","dateModified":"2025-12-17T16:58:59+00:00","description":"N\u00e1\u00f0u t\u00f6kum \u00e1 kasakskri m\u00e1lfr\u00e6\u00f0i \u00e1reynslulaust - l\u00e6r\u00f0u nau\u00f0synlegar reglur, \u00e6f\u00f0u setningarbyggingu og b\u00e6ttu flj\u00f3tt m\u00e1lfl\u00e6\u00f0i \u00feitt","breadcrumb":{"@id":"https:\/\/talkpal.ai\/is\/kasakska-malfraedi\/#breadcrumb"},"inLanguage":"is","potentialAction":[{"@type":"ReadAction","target":["https:\/\/talkpal.ai\/is\/kasakska-malfraedi\/"]}]},{"@type":"ImageObject","inLanguage":"is","@id":"https:\/\/talkpal.ai\/is\/kasakska-malfraedi\/#primaryimage","url":"https:\/\/talkpal.ai\/wp-content\/uploads\/2023\/05\/kazakhstan.png","contentUrl":"https:\/\/talkpal.ai\/wp-content\/uploads\/2023\/05\/kazakhstan.png","width":512,"height":512},{"@type":"BreadcrumbList","@id":"https:\/\/talkpal.ai\/is\/kasakska-malfraedi\/#breadcrumb","itemListElement":[{"@type":"ListItem","position":1,"name":"Homepage","item":"https:\/\/talkpal.ai\/is\/"},{"@type":"ListItem","position":2,"name":"Kasakska m\u00e1lfr\u00e6\u00f0i"}]},{"@type":"WebSite","@id":"https:\/\/talkpal.ai\/is\/#website","url":"https:\/\/talkpal.ai\/is\/","name":"Talkpal","description":"AI Language Learning","publisher":{"@id":"https:\/\/talkpal.ai\/is\/#organization"},"alternateName":"Talkpal AI","potentialAction":[{"@type":"SearchAction","target":{"@type":"EntryPoint","urlTemplate":"https:\/\/talkpal.ai\/is\/?s={search_term_string}"},"query-input":{"@type":"PropertyValueSpecification","valueRequired":true,"valueName":"search_term_string"}}],"inLanguage":"is"},{"@type":"Organization","@id":"https:\/\/talkpal.ai\/is\/#organization","name":"Talkpal, Inc.","alternateName":"Talkpal AI","url":"https:\/\/talkpal.ai\/is\/","logo":{"@type":"ImageObject","inLanguage":"is","@id":"https:\/\/talkpal.ai\/is\/#\/schema\/logo\/image\/","url":"https:\/\/talkpal.ai\/wp-content\/uploads\/2024\/03\/Talkpal-Logo-Icon.png","contentUrl":"https:\/\/talkpal.ai\/wp-content\/uploads\/2024\/03\/Talkpal-Logo-Icon.png","width":2880,"height":2880,"caption":"Talkpal, Inc."},"image":{"@id":"https:\/\/talkpal.ai\/is\/#\/schema\/logo\/image\/"},"sameAs":["https:\/\/www.facebook.com\/profile.php?id=100090733639311","https:\/\/x.com\/talkpalai","https:\/\/www.linkedin.com\/company\/talkpal\/","https:\/\/www.youtube.com\/@TalkPal\/","https:\/\/www.tiktok.com\/@talkpal","https:\/\/www.instagram.com\/talkpal_ai\/","https:\/\/www.crunchbase.com\/organization\/talkpal-9cde","https:\/\/www.g2.com\/products\/talkpal-for-business\/","https:\/\/www.trustpilot.com\/review\/talkpal.ai","https:\/\/www.capterra.com\/p\/10006800\/TalkPal\/"],"description":"Talkpal is a language learning web and mobile education app, powered by the latest AI technologies, that provides engaging experiences to its customers in many different languages to help them improve their language skills. Users can chat about unlimited amount of topics with the app and use other modes to practice their language learning.","email":"support@talkpal.ai","legalName":"Talkpal, Inc.","foundingDate":"2023-04-03","duns":"118989042","numberOfEmployees":{"@type":"QuantitativeValue","minValue":"11","maxValue":"50"},"publishingPrinciples":"https:\/\/talkpal.ai\/publishing-principles\/","actionableFeedbackPolicy":"https:\/\/talkpal.ai\/actionable-feedback-policy\/","correctionsPolicy":"https:\/\/talkpal.ai\/corrections-policy\/","ethicsPolicy":"https:\/\/talkpal.ai\/ethics-policy\/","diversityPolicy":"https:\/\/talkpal.ai\/diversity-policy\/","diversityStaffingReport":"https:\/\/talkpal.ai\/diversity-policy\/"}]}},"_links":{"self":[{"href":"https:\/\/talkpal.ai\/is\/wp-json\/wp\/v2\/pages\/146559","targetHints":{"allow":["GET"]}}],"collection":[{"href":"https:\/\/talkpal.ai\/is\/wp-json\/wp\/v2\/pages"}],"about":[{"href":"https:\/\/talkpal.ai\/is\/wp-json\/wp\/v2\/types\/page"}],"author":[{"embeddable":true,"href":"https:\/\/talkpal.ai\/is\/wp-json\/wp\/v2\/users\/1"}],"replies":[{"embeddable":true,"href":"https:\/\/talkpal.ai\/is\/wp-json\/wp\/v2\/comments?post=146559"}],"version-history":[{"count":0,"href":"https:\/\/talkpal.ai\/is\/wp-json\/wp\/v2\/pages\/146559\/revisions"}],"wp:featuredmedia":[{"embeddable":true,"href":"https:\/\/talkpal.ai\/is\/wp-json\/wp\/v2\/media\/114358"}],"wp:attachment":[{"href":"https:\/\/talkpal.ai\/is\/wp-json\/wp\/v2\/media?parent=146559"}],"curies":[{"name":"wp","href":"https:\/\/api.w.org\/{rel}","templated":true}]}}