{"id":146227,"date":"2023-05-14T14:10:42","date_gmt":"2023-05-14T14:10:42","guid":{"rendered":"http:\/\/talkpal.ai\/lithaisk-malfraedi\/"},"modified":"2025-12-12T10:44:10","modified_gmt":"2025-12-12T10:44:10","slug":"lithaisk-malfraedi","status":"publish","type":"page","link":"https:\/\/talkpal.ai\/is\/lithaisk-malfraedi\/","title":{"rendered":"Lith\u00e1\u00edsk m\u00e1lfr\u00e6\u00f0i"},"content":{"rendered":"\r\n\r\n\r\n<section class=\"languageChallengeSection\">\r\n    <div class=\"languageInfoWrapper\">\r\n        \r\n        <h1>Lith\u00e1\u00edsk m\u00e1lfr\u00e6\u00f0i<\/h1>\r\n        <p>Byrja\u00f0u fer\u00f0alag \u00feitt \u00ed lith\u00e1\u00edskri <a href=\"https:\/\/talkpal.ai\/grammar\/\">m\u00e1lfr\u00e6\u00f0i<\/a> og uppg\u00f6tva\u00f0u eitt elsta og heillandi tungum\u00e1l Evr\u00f3pu. L\u00e6r\u00f0u nau\u00f0synlegar reglur og mynstur til a\u00f0 byggja upp sterkan grunn \u00ed tungum\u00e1linu. Kaf\u00f0u \u00fe\u00e9r til og byrja\u00f0u a\u00f0 n\u00e1 t\u00f6kum \u00e1 lith\u00e1\u00edsku \u00ed dag!<\/p>\r\n\r\n                            <a class=\"getStartedHidden\" href=\"https:\/\/app.talkpal.ai\/signup?lng=\">Byrja\u00f0u<\/a>\r\n        \r\n    <\/div>\r\n\r\n    <figure>\r\n    <img decoding=\"async\" width=\"768\" height=\"768\" src=\"https:\/\/talkpal.ai\/wp-content\/uploads\/2023\/06\/lithuenian-768x768.png\" class=\"languageImage no-lazy\" alt=\"Language learning for boosting creativity\" fetchpriority=\"high\" sizes=\"(max-width: 768px) 150px, 768px\" srcset=\"https:\/\/talkpal.ai\/wp-content\/uploads\/2023\/06\/lithuenian-768x768.png 768w, https:\/\/talkpal.ai\/wp-content\/uploads\/2023\/06\/lithuenian-300x300.png 300w\" \/>\r\n    \r\n\r\n    <\/figure>\r\n\r\n            <a class=\"getStartedVisible\" href=\"https:\/\/app.talkpal.ai\/signup?lng=\">Byrja\u00f0u<\/a>\r\n    \r\n<\/section>\r\n<section class=\"promotionalBanner\">\r\n    <p class=\"promotionalText\">Skilvirkasta lei\u00f0in til a\u00f0 l\u00e6ra tungum\u00e1l<\/p>\r\n    <a class=\"promotionalLink\" href=\"https:\/\/app.talkpal.ai\/signup?lng=\">Pr\u00f3fa\u00f0u Talkpal \u00f3keypis<\/a>\r\n<\/section>\n<div class=\"wp-block-group pageContainerStyle\"><div class=\"wp-block-group__inner-container is-layout-constrained wp-block-group-is-layout-constrained\">\n<h2 class=\"wp-block-heading\" id=\"h-lithuanian-grammar-a-fascinating-journey-through-language\">Lith\u00e1\u00edsk m\u00e1lfr\u00e6\u00f0i: heillandi fer\u00f0alag um tungum\u00e1li\u00f0<\/h2>\n\n\n\n<p>Hefur \u00fe\u00fa einhvern t\u00edma \u00edhuga\u00f0 a\u00f0 <a href=\"https:\/\/talkpal.ai\/learn-lithuanian\/\">l\u00e6ra lith\u00e1\u00edsku<\/a> e\u00f0a einfaldlega fundi\u00f0 \u00e1huga \u00feinn \u00e1 einstakri m\u00e1lfr\u00e6\u00f0i \u00feess? J\u00e6ja, \u00fe\u00fa ert \u00ed skemmtun! <a href=\"https:\/\/talkpal.ai\/lithuanian-grammar\/\">Lith\u00e1\u00edsk m\u00e1lfr\u00e6\u00f0i<\/a> kann a\u00f0 vir\u00f0ast s\u00e9rkennileg \u00ed fyrstu, en ger\u00f0u engin mist\u00f6k &#8211; h\u00fan s\u00fdnir st\u00f3rkostlega m\u00e1lfr\u00e6\u00f0ilega r\u00f6kfr\u00e6\u00f0i. \u00cd \u00feessari grein munum vi\u00f0 \u00fer\u00f3a hina \u00fdmsu \u00fe\u00e6tti lith\u00e1\u00edskrar m\u00e1lfr\u00e6\u00f0i, sem gerir \u00fe\u00e9r kleift a\u00f0 meta sjarma hennar.<\/p>\n\n\n\n<p>\u00cd fyrsta lagi stuttur bakgrunnur: <a href=\"https:\/\/talkpal.ai\/learn-lithuanian\/\">Lith\u00e1\u00edska<\/a> er baltneskt tungum\u00e1l sem a\u00f0allega er tala\u00f0 \u00ed Lith\u00e1en en finnst einnig \u00ed n\u00e1grannal\u00f6ndunum. Sem eitt elsta n\u00falifandi ind\u00f3evr\u00f3pska tungum\u00e1li\u00f0 heldur \u00fea\u00f0 fornum einkennum og gefur inns\u00fdn \u00ed \u00fer\u00f3un annarra tungum\u00e1la innan tungum\u00e1lafj\u00f6lskyldunnar. \u00deessi s\u00f6gulega \u00fe\u00fd\u00f0ing gerir lith\u00e1\u00edsku s\u00e9rstaklega hr\u00edfandi fyrir tungum\u00e1launnendur.<\/p>\n\n\n\n<p>Vi\u00f0 skulum n\u00fa kafa ofan \u00ed nokkra lykil\u00fe\u00e6tti lith\u00e1\u00edskrar m\u00e1lfr\u00e6\u00f0i.<\/p>\n\n\n\n<h3 class=\"wp-block-heading\" id=\"h-1-nouns-cases-and-declensions\">1. Nafnor\u00f0, fallbeygingar og fallbeygingar<\/h3>\n\n\n\n<p>Einn af mest \u00e1berandi eiginleikum lith\u00e1\u00edskrar m\u00e1lfr\u00e6\u00f0i er fl\u00f3ki\u00f0 m\u00e1lkerfi \u00feess. Nafnor\u00f0 taka upp mismunandi form eftir hlutverki \u00feeirra \u00ed setningu og hvort \u00feau endurspegla vi\u00f0fangsefni, hlut e\u00f0a vi\u00f0takanda a\u00f0ger\u00f0ar. Lith\u00e1\u00edska hefur sj\u00f6 tilfelli: nafnor\u00f0, genitive, dative, accusative, instrumental, locative og vocative.<\/p>\n\n\n\n<p>T\u00f6kum nafnor\u00f0i\u00f0 \u201evaikas\u201c (barn) sem d\u00e6mi. \u00dea\u00f0 getur breyst \u00ed \u201evaiko,\u201c \u201evaikui,\u201c \u201evaik\u0105,\u201c og svo framvegis mi\u00f0a\u00f0 vi\u00f0 hlutverki\u00f0 sem \u00fea\u00f0 gegnir \u00ed setningu. Auk \u00feess eru endingarnar undir \u00e1hrifum af kyni nafnor\u00f0sins (karlkyns e\u00f0a kvenkyns) og skiptast frekar \u00ed beygingar, sem gerir tungum\u00e1li\u00f0 enn fj\u00f6lh\u00e6fara.<\/p>\n\n\n\n<h3 class=\"wp-block-heading\" id=\"h-2-verb-conjugation-and-tenses\">2. Sagnbeyging og spennur<\/h3>\n\n\n\n<p>Lith\u00e1\u00edskar sagnir breyta endingu sinni eftir pers\u00f3nu og t\u00f6lu (eint\u00f6lu e\u00f0a fleirt\u00f6lu) vi\u00f0fangsefnisins. Til d\u00e6mis getur s\u00f6gnin \u201eeiti\u201c (a\u00f0 fara) or\u00f0i\u00f0 \u201eeinu\u201c (\u00e9g fer), \u201eeinate\u201c (\u00fe\u00fa -fleirtala- fara), \u201eeina\u201c (\u00feeir fara), me\u00f0al annarra mynda.<\/p>\n\n\n\n<p>Lith\u00e1\u00edska hefur fj\u00f6gur meginspennu: n\u00fat\u00ed\u00f0, fort\u00ed\u00f0, fort\u00ed\u00f0 endurtekning og framt\u00ed\u00f0. Athyglisvert er a\u00f0 tungum\u00e1li\u00f0 er einnig me\u00f0 hli\u00f0armerki: fullkomi\u00f0 og \u00f3fullkomi\u00f0. \u00deessi merki veita vi\u00f0b\u00f3taruppl\u00fdsingar um hvort a\u00f0ger\u00f0 s\u00e9 loki\u00f0 e\u00f0a \u00ed gangi. Til d\u00e6mis, &#8222;ne\u0161ti&#8220; (a\u00f0 bera &#8211; \u00f3fullkomi\u00f0) \u00e1 m\u00f3ti &#8222;nat&#8220; (<a href=\"https:\/\/talkpal.ai\/culture\/what-is-the-verb-ad-hafa-and-when-is-it-used\/\">a\u00f0 hafa<\/a> bori\u00f0 &#8211; fullkomi\u00f0).<\/p>\n\n\n\n<h3 class=\"wp-block-heading\" id=\"h-3-sentence-structure-and-word-order\">3. Setningaskipan og or\u00f0ar\u00f6\u00f0<\/h3>\n\n\n\n<p>\u00der\u00e1tt fyrir a\u00f0 lith\u00e1\u00edska fylgi almennt SVO-or\u00f0ar\u00f6\u00f0inni (subject-verb-object) gerir m\u00e1lkerfi hennar r\u00e1\u00f0 fyrir t\u00f6luver\u00f0um sveigjanleika. \u00d3l\u00edkt ensku, \u00fear sem or\u00f0ar\u00f6\u00f0 skilgreinir venjulega merkingu setningar, breytir \u00fea\u00f0 ekki merkingunni a\u00f0 f\u00e6ra or\u00f0 um \u00e1 lith\u00e1\u00edsku. Til d\u00e6mis getur \u201ekat\u0117 valgo \u017euv\u012f\u201c (k\u00f6tturinn bor\u00f0ar fiskinn) einnig veri\u00f0 \u201e\u017euv\u012f valgo kat\u0117\u201c \u00e1n \u00feess a\u00f0 missa e\u00f0a breyta merkingu \u00feess.<\/p>\n\n\n\n<p>\u00deessi sveigjanleiki gerir \u00fe\u00e9r kleift a\u00f0 leika \u00fe\u00e9r me\u00f0 setningager\u00f0, leggja \u00e1herslu \u00e1 \u00e1kve\u00f0na \u00fe\u00e6tti e\u00f0a b\u00faa til bl\u00e6brig\u00f0i eftir \u00fev\u00ed sem \u00fe\u00fa ver\u00f0ur f\u00e6rari \u00ed tungum\u00e1linu.<\/p>\n\n\n\n<h3 class=\"wp-block-heading\" id=\"h-4-adjectives-adverbs-and-agreement-rules\">4. L\u00fdsingaror\u00f0, atviksor\u00f0 og samkomulagsreglur<\/h3>\n\n\n\n<p>Eins og m\u00f6rg tungum\u00e1l l\u00fdsa l\u00fdsingaror\u00f0 og atviksor\u00f0 \u00e1 lith\u00e1\u00edsku nafnor\u00f0um og s\u00f6gnum, en \u00feau fylgja einnig s\u00e9rst\u00f6kum samkomulagsreglum. S\u00e9rstaklega ver\u00f0a l\u00fdsingaror\u00f0 a\u00f0 vera samm\u00e1la nafnor\u00f0inu sem \u00feau breyta \u00ed falli, kyni og t\u00f6lu. \u00deegar \u00fe\u00fa hefur \u00e1tta\u00f0 \u00feig \u00e1 nafnor\u00f0stilvikum og sagnbeygingum munu \u00feessar reglur koma e\u00f0lilegri.<\/p>\n\n\n\n<p>Svo ertu tilb\u00fainn a\u00f0 kafa \u00ed lith\u00e1\u00edska m\u00e1lfr\u00e6\u00f0i? Me\u00f0 \u00ferautseigju, hollustu og r\u00e9ttum \u00farr\u00e6\u00f0um er \u00fea\u00f0 gr\u00ed\u00f0arlega gefandi reynsla a\u00f0 l\u00e6ra lith\u00e1\u00edsku &#8211; r\u00edk af s\u00f6gu og menningararfi. Taktu \u00e1 tungum\u00e1linu skref fyrir skref, \u00e6f\u00f0u \u00feig st\u00f6\u00f0ugt og vertu opinn fyrir \u00fev\u00ed a\u00f0 l\u00e6ra af mist\u00f6kum \u00fe\u00ednum. S\u0117km\u0117s! (Gangi \u00fe\u00e9r vel!)<\/p>\n<\/div><\/div>\n\r\n<section class=\"learnNavigationSection\">\r\n            \r\n        <a href=\"https:\/\/talkpal.ai\/is\/laerdu-lithaisku\/\">\r\n            <div class=\"learnNavigationWrapper\">\r\n                <div class=\"learnNavigationContent\">\r\n                    <img decoding=\"async\" src=\"https:\/\/talkpal.ai\/wp-content\/uploads\/2024\/08\/Lithuanian.jpg\" alt=\"Lithuanian Flag\">\r\n                    <div>\r\n                        <h4>Um lith\u00e1\u00edska n\u00e1m<\/h4>\r\n                        <p>Finndu \u00fat allt um lith\u00e1\u00edska m\u00e1lfr\u00e6\u00f0i.<\/p>\r\n                    <\/div>\r\n                <\/div>\r\n            <\/div>\r\n        <\/a>\r\n\r\n        \r\n        <a href=\"https:\/\/talkpal.ai\/is\/lithaiskar-malfraediaefingar\/\">\r\n            <div class=\"learnNavigationWrapper\">\r\n                <div class=\"learnNavigationContent\">\r\n                    <img decoding=\"async\" src=\"https:\/\/talkpal.ai\/wp-content\/uploads\/2024\/08\/Lithuanian.jpg\" alt=\"Lithuanian Flag\">\r\n                    <div>\r\n                        <h4>Lith\u00e1\u00edsk m\u00e1lfr\u00e6\u00f0i\u00e6fing<\/h4>\r\n                        <p>\u00c6f\u00f0u lith\u00e1\u00edska m\u00e1lfr\u00e6\u00f0i.<\/p>\r\n                    <\/div>\r\n                <\/div>\r\n            <\/div>\r\n        <\/a>\r\n\r\n        \r\n        <a href=\"https:\/\/talkpal.ai\/vocabulary_language\/lithuanian\/\">\r\n            <div class=\"learnNavigationWrapper\">\r\n                <div class=\"learnNavigationContent\">\r\n                    <img decoding=\"async\" src=\"https:\/\/talkpal.ai\/wp-content\/uploads\/2024\/08\/Lithuanian.jpg\" alt=\"Lithuanian Flag\">\r\n                    <div>\r\n                        <h4>Lith\u00e1\u00edskur or\u00f0afor\u00f0i<\/h4>\r\n                        <p>St\u00e6kka\u00f0u lith\u00e1\u00edskan or\u00f0afor\u00f0a \u00feinn.<\/p>\r\n                    <\/div>\r\n                <\/div>\r\n            <\/div>\r\n        <\/a>\r\n\r\n            <\/section>","protected":false},"excerpt":{"rendered":"<p>Lith\u00e1\u00edsk m\u00e1lfr\u00e6\u00f0i: heillandi fer\u00f0alag um tungum\u00e1li\u00f0 Hefur \u00fe\u00fa einhvern t\u00edma \u00edhuga\u00f0 a\u00f0 l\u00e6ra lith\u00e1\u00edsku e\u00f0a einfaldlega fundi\u00f0 \u00e1huga \u00feinn \u00e1 einstakri m\u00e1lfr\u00e6\u00f0i \u00feess? J\u00e6ja, \u00fe\u00fa ert \u00ed skemmtun! Lith\u00e1\u00edsk m\u00e1lfr\u00e6\u00f0i kann a\u00f0 vir\u00f0ast s\u00e9rkennileg \u00ed fyrstu, en ger\u00f0u engin mist\u00f6k &#8211; h\u00fan s\u00fdnir st\u00f3rkostlega m\u00e1lfr\u00e6\u00f0ilega r\u00f6kfr\u00e6\u00f0i. \u00cd \u00feessari grein munum vi\u00f0 \u00fer\u00f3a hina \u00fdmsu \u00fe\u00e6tti [&hellip;]<\/p>\n","protected":false},"author":1,"featured_media":114921,"parent":0,"menu_order":0,"comment_status":"closed","ping_status":"closed","template":"LearningContentPage.php","meta":{"_acf_changed":false,"footnotes":""},"class_list":["post-146227","page","type-page","status-publish","has-post-thumbnail","hentry"],"acf":[],"yoast_head":"<!-- This site is optimized with the Yoast SEO Premium plugin v27.2 (Yoast SEO v27.2) - https:\/\/yoast.com\/product\/yoast-seo-premium-wordpress\/ -->\n<title>Lith\u00e1\u00edsk m\u00e1lfr\u00e6\u00f0i - Talkpal<\/title>\n<meta name=\"description\" content=\"Uppg\u00f6tva\u00f0u hvernig lith\u00e1\u00edsk m\u00e1lfr\u00e6\u00f0i endurspeglar s\u00f6gulegan au\u00f0 og r\u00f6kfr\u00e6\u00f0i, sem gerir hana a\u00f0 fullkomnu n\u00e1mi fyrir tungum\u00e1launnendur.\" \/>\n<meta name=\"robots\" content=\"index, follow, max-snippet:-1, max-image-preview:large, max-video-preview:-1\" \/>\n<link rel=\"canonical\" href=\"https:\/\/talkpal.ai\/is\/lithaisk-malfraedi\/\" \/>\n<meta property=\"og:locale\" content=\"is_IS\" \/>\n<meta property=\"og:type\" content=\"article\" \/>\n<meta property=\"og:title\" content=\"Lith\u00e1\u00edsk m\u00e1lfr\u00e6\u00f0i\" \/>\n<meta property=\"og:description\" content=\"Lith\u00e1\u00edsk m\u00e1lfr\u00e6\u00f0i: heillandi fer\u00f0alag um tungum\u00e1li\u00f0 Hefur \u00fe\u00fa einhvern t\u00edma \u00edhuga\u00f0 a\u00f0 l\u00e6ra lith\u00e1\u00edsku e\u00f0a einfaldlega fundi\u00f0 \u00e1huga \u00feinn \u00e1 einstakri m\u00e1lfr\u00e6\u00f0i\" \/>\n<meta property=\"og:url\" content=\"https:\/\/talkpal.ai\/is\/lithaisk-malfraedi\/\" \/>\n<meta property=\"og:site_name\" content=\"Talkpal\" \/>\n<meta property=\"article:publisher\" content=\"https:\/\/www.facebook.com\/profile.php?id=100090733639311\" \/>\n<meta property=\"article:modified_time\" content=\"2025-12-12T10:44:10+00:00\" \/>\n<meta property=\"og:image\" content=\"https:\/\/talkpal.ai\/wp-content\/uploads\/2023\/05\/Lithuanian.png\" \/>\n\t<meta property=\"og:image:width\" content=\"512\" \/>\n\t<meta property=\"og:image:height\" content=\"512\" \/>\n\t<meta property=\"og:image:type\" content=\"image\/png\" \/>\n<meta name=\"twitter:card\" content=\"summary_large_image\" \/>\n<meta name=\"twitter:site\" content=\"@talkpalai\" \/>\n<meta name=\"twitter:label1\" content=\"Est. reading time\" \/>\n\t<meta name=\"twitter:data1\" content=\"3 minutes\" \/>\n<script type=\"application\/ld+json\" class=\"yoast-schema-graph\">{\"@context\":\"https:\/\/schema.org\",\"@graph\":[{\"@type\":\"WebPage\",\"@id\":\"https:\/\/talkpal.ai\/is\/lithaisk-malfraedi\/\",\"url\":\"https:\/\/talkpal.ai\/is\/lithaisk-malfraedi\/\",\"name\":\"Lith\u00e1\u00edsk m\u00e1lfr\u00e6\u00f0i - Talkpal\",\"isPartOf\":{\"@id\":\"https:\/\/talkpal.ai\/is\/#website\"},\"primaryImageOfPage\":{\"@id\":\"https:\/\/talkpal.ai\/is\/lithaisk-malfraedi\/#primaryimage\"},\"image\":{\"@id\":\"https:\/\/talkpal.ai\/is\/lithaisk-malfraedi\/#primaryimage\"},\"thumbnailUrl\":\"https:\/\/talkpal.ai\/wp-content\/uploads\/2023\/05\/Lithuanian.png\",\"datePublished\":\"2023-05-14T14:10:42+00:00\",\"dateModified\":\"2025-12-12T10:44:10+00:00\",\"description\":\"Uppg\u00f6tva\u00f0u hvernig lith\u00e1\u00edsk m\u00e1lfr\u00e6\u00f0i endurspeglar s\u00f6gulegan au\u00f0 og r\u00f6kfr\u00e6\u00f0i, sem gerir hana a\u00f0 fullkomnu n\u00e1mi fyrir tungum\u00e1launnendur.\",\"breadcrumb\":{\"@id\":\"https:\/\/talkpal.ai\/is\/lithaisk-malfraedi\/#breadcrumb\"},\"inLanguage\":\"is\",\"potentialAction\":[{\"@type\":\"ReadAction\",\"target\":[\"https:\/\/talkpal.ai\/is\/lithaisk-malfraedi\/\"]}]},{\"@type\":\"ImageObject\",\"inLanguage\":\"is\",\"@id\":\"https:\/\/talkpal.ai\/is\/lithaisk-malfraedi\/#primaryimage\",\"url\":\"https:\/\/talkpal.ai\/wp-content\/uploads\/2023\/05\/Lithuanian.png\",\"contentUrl\":\"https:\/\/talkpal.ai\/wp-content\/uploads\/2023\/05\/Lithuanian.png\",\"width\":512,\"height\":512},{\"@type\":\"BreadcrumbList\",\"@id\":\"https:\/\/talkpal.ai\/is\/lithaisk-malfraedi\/#breadcrumb\",\"itemListElement\":[{\"@type\":\"ListItem\",\"position\":1,\"name\":\"Homepage\",\"item\":\"https:\/\/talkpal.ai\/is\/\"},{\"@type\":\"ListItem\",\"position\":2,\"name\":\"Lith\u00e1\u00edsk m\u00e1lfr\u00e6\u00f0i\"}]},{\"@type\":\"WebSite\",\"@id\":\"https:\/\/talkpal.ai\/is\/#website\",\"url\":\"https:\/\/talkpal.ai\/is\/\",\"name\":\"Talkpal\",\"description\":\"AI Language Learning\",\"publisher\":{\"@id\":\"https:\/\/talkpal.ai\/is\/#organization\"},\"alternateName\":\"Talkpal AI\",\"potentialAction\":[{\"@type\":\"SearchAction\",\"target\":{\"@type\":\"EntryPoint\",\"urlTemplate\":\"https:\/\/talkpal.ai\/is\/?s={search_term_string}\"},\"query-input\":{\"@type\":\"PropertyValueSpecification\",\"valueRequired\":true,\"valueName\":\"search_term_string\"}}],\"inLanguage\":\"is\"},{\"@type\":\"Organization\",\"@id\":\"https:\/\/talkpal.ai\/is\/#organization\",\"name\":\"Talkpal, Inc.\",\"alternateName\":\"Talkpal AI\",\"url\":\"https:\/\/talkpal.ai\/is\/\",\"logo\":{\"@type\":\"ImageObject\",\"inLanguage\":\"is\",\"@id\":\"https:\/\/talkpal.ai\/is\/#\/schema\/logo\/image\/\",\"url\":\"https:\/\/talkpal.ai\/wp-content\/uploads\/2024\/03\/Talkpal-Logo-Icon.png\",\"contentUrl\":\"https:\/\/talkpal.ai\/wp-content\/uploads\/2024\/03\/Talkpal-Logo-Icon.png\",\"width\":2880,\"height\":2880,\"caption\":\"Talkpal, Inc.\"},\"image\":{\"@id\":\"https:\/\/talkpal.ai\/is\/#\/schema\/logo\/image\/\"},\"sameAs\":[\"https:\/\/www.facebook.com\/profile.php?id=100090733639311\",\"https:\/\/x.com\/talkpalai\",\"https:\/\/www.linkedin.com\/company\/talkpal\/\",\"https:\/\/www.youtube.com\/@TalkPal\/\",\"https:\/\/www.tiktok.com\/@talkpal\",\"https:\/\/www.instagram.com\/talkpal_ai\/\",\"https:\/\/www.crunchbase.com\/organization\/talkpal-9cde\",\"https:\/\/www.g2.com\/products\/talkpal-for-business\/\",\"https:\/\/www.trustpilot.com\/review\/talkpal.ai\",\"https:\/\/www.capterra.com\/p\/10006800\/TalkPal\/\"],\"description\":\"Talkpal is a language learning web and mobile education app, powered by the latest AI technologies, that provides engaging experiences to its customers in many different languages to help them improve their language skills. Users can chat about unlimited amount of topics with the app and use other modes to practice their language learning.\",\"email\":\"support@talkpal.ai\",\"legalName\":\"Talkpal, Inc.\",\"foundingDate\":\"2023-04-03\",\"duns\":\"118989042\",\"numberOfEmployees\":{\"@type\":\"QuantitativeValue\",\"minValue\":\"11\",\"maxValue\":\"50\"},\"publishingPrinciples\":\"https:\/\/talkpal.ai\/publishing-principles\/\",\"actionableFeedbackPolicy\":\"https:\/\/talkpal.ai\/actionable-feedback-policy\/\",\"correctionsPolicy\":\"https:\/\/talkpal.ai\/corrections-policy\/\",\"ethicsPolicy\":\"https:\/\/talkpal.ai\/ethics-policy\/\",\"diversityPolicy\":\"https:\/\/talkpal.ai\/diversity-policy\/\",\"diversityStaffingReport\":\"https:\/\/talkpal.ai\/diversity-policy\/\"}]}<\/script>\n<!-- \/ Yoast SEO Premium plugin. -->","yoast_head_json":{"title":"Lith\u00e1\u00edsk m\u00e1lfr\u00e6\u00f0i - Talkpal","description":"Uppg\u00f6tva\u00f0u hvernig lith\u00e1\u00edsk m\u00e1lfr\u00e6\u00f0i endurspeglar s\u00f6gulegan au\u00f0 og r\u00f6kfr\u00e6\u00f0i, sem gerir hana a\u00f0 fullkomnu n\u00e1mi fyrir tungum\u00e1launnendur.","robots":{"index":"index","follow":"follow","max-snippet":"max-snippet:-1","max-image-preview":"max-image-preview:large","max-video-preview":"max-video-preview:-1"},"canonical":"https:\/\/talkpal.ai\/is\/lithaisk-malfraedi\/","og_locale":"is_IS","og_type":"article","og_title":"Lith\u00e1\u00edsk m\u00e1lfr\u00e6\u00f0i","og_description":"Lith\u00e1\u00edsk m\u00e1lfr\u00e6\u00f0i: heillandi fer\u00f0alag um tungum\u00e1li\u00f0 Hefur \u00fe\u00fa einhvern t\u00edma \u00edhuga\u00f0 a\u00f0 l\u00e6ra lith\u00e1\u00edsku e\u00f0a einfaldlega fundi\u00f0 \u00e1huga \u00feinn \u00e1 einstakri m\u00e1lfr\u00e6\u00f0i","og_url":"https:\/\/talkpal.ai\/is\/lithaisk-malfraedi\/","og_site_name":"Talkpal","article_publisher":"https:\/\/www.facebook.com\/profile.php?id=100090733639311","article_modified_time":"2025-12-12T10:44:10+00:00","og_image":[{"width":512,"height":512,"url":"https:\/\/talkpal.ai\/wp-content\/uploads\/2023\/05\/Lithuanian.png","type":"image\/png"}],"twitter_card":"summary_large_image","twitter_site":"@talkpalai","twitter_misc":{"Est. reading time":"3 minutes"},"schema":{"@context":"https:\/\/schema.org","@graph":[{"@type":"WebPage","@id":"https:\/\/talkpal.ai\/is\/lithaisk-malfraedi\/","url":"https:\/\/talkpal.ai\/is\/lithaisk-malfraedi\/","name":"Lith\u00e1\u00edsk m\u00e1lfr\u00e6\u00f0i - Talkpal","isPartOf":{"@id":"https:\/\/talkpal.ai\/is\/#website"},"primaryImageOfPage":{"@id":"https:\/\/talkpal.ai\/is\/lithaisk-malfraedi\/#primaryimage"},"image":{"@id":"https:\/\/talkpal.ai\/is\/lithaisk-malfraedi\/#primaryimage"},"thumbnailUrl":"https:\/\/talkpal.ai\/wp-content\/uploads\/2023\/05\/Lithuanian.png","datePublished":"2023-05-14T14:10:42+00:00","dateModified":"2025-12-12T10:44:10+00:00","description":"Uppg\u00f6tva\u00f0u hvernig lith\u00e1\u00edsk m\u00e1lfr\u00e6\u00f0i endurspeglar s\u00f6gulegan au\u00f0 og r\u00f6kfr\u00e6\u00f0i, sem gerir hana a\u00f0 fullkomnu n\u00e1mi fyrir tungum\u00e1launnendur.","breadcrumb":{"@id":"https:\/\/talkpal.ai\/is\/lithaisk-malfraedi\/#breadcrumb"},"inLanguage":"is","potentialAction":[{"@type":"ReadAction","target":["https:\/\/talkpal.ai\/is\/lithaisk-malfraedi\/"]}]},{"@type":"ImageObject","inLanguage":"is","@id":"https:\/\/talkpal.ai\/is\/lithaisk-malfraedi\/#primaryimage","url":"https:\/\/talkpal.ai\/wp-content\/uploads\/2023\/05\/Lithuanian.png","contentUrl":"https:\/\/talkpal.ai\/wp-content\/uploads\/2023\/05\/Lithuanian.png","width":512,"height":512},{"@type":"BreadcrumbList","@id":"https:\/\/talkpal.ai\/is\/lithaisk-malfraedi\/#breadcrumb","itemListElement":[{"@type":"ListItem","position":1,"name":"Homepage","item":"https:\/\/talkpal.ai\/is\/"},{"@type":"ListItem","position":2,"name":"Lith\u00e1\u00edsk m\u00e1lfr\u00e6\u00f0i"}]},{"@type":"WebSite","@id":"https:\/\/talkpal.ai\/is\/#website","url":"https:\/\/talkpal.ai\/is\/","name":"Talkpal","description":"AI Language Learning","publisher":{"@id":"https:\/\/talkpal.ai\/is\/#organization"},"alternateName":"Talkpal AI","potentialAction":[{"@type":"SearchAction","target":{"@type":"EntryPoint","urlTemplate":"https:\/\/talkpal.ai\/is\/?s={search_term_string}"},"query-input":{"@type":"PropertyValueSpecification","valueRequired":true,"valueName":"search_term_string"}}],"inLanguage":"is"},{"@type":"Organization","@id":"https:\/\/talkpal.ai\/is\/#organization","name":"Talkpal, Inc.","alternateName":"Talkpal AI","url":"https:\/\/talkpal.ai\/is\/","logo":{"@type":"ImageObject","inLanguage":"is","@id":"https:\/\/talkpal.ai\/is\/#\/schema\/logo\/image\/","url":"https:\/\/talkpal.ai\/wp-content\/uploads\/2024\/03\/Talkpal-Logo-Icon.png","contentUrl":"https:\/\/talkpal.ai\/wp-content\/uploads\/2024\/03\/Talkpal-Logo-Icon.png","width":2880,"height":2880,"caption":"Talkpal, Inc."},"image":{"@id":"https:\/\/talkpal.ai\/is\/#\/schema\/logo\/image\/"},"sameAs":["https:\/\/www.facebook.com\/profile.php?id=100090733639311","https:\/\/x.com\/talkpalai","https:\/\/www.linkedin.com\/company\/talkpal\/","https:\/\/www.youtube.com\/@TalkPal\/","https:\/\/www.tiktok.com\/@talkpal","https:\/\/www.instagram.com\/talkpal_ai\/","https:\/\/www.crunchbase.com\/organization\/talkpal-9cde","https:\/\/www.g2.com\/products\/talkpal-for-business\/","https:\/\/www.trustpilot.com\/review\/talkpal.ai","https:\/\/www.capterra.com\/p\/10006800\/TalkPal\/"],"description":"Talkpal is a language learning web and mobile education app, powered by the latest AI technologies, that provides engaging experiences to its customers in many different languages to help them improve their language skills. Users can chat about unlimited amount of topics with the app and use other modes to practice their language learning.","email":"support@talkpal.ai","legalName":"Talkpal, Inc.","foundingDate":"2023-04-03","duns":"118989042","numberOfEmployees":{"@type":"QuantitativeValue","minValue":"11","maxValue":"50"},"publishingPrinciples":"https:\/\/talkpal.ai\/publishing-principles\/","actionableFeedbackPolicy":"https:\/\/talkpal.ai\/actionable-feedback-policy\/","correctionsPolicy":"https:\/\/talkpal.ai\/corrections-policy\/","ethicsPolicy":"https:\/\/talkpal.ai\/ethics-policy\/","diversityPolicy":"https:\/\/talkpal.ai\/diversity-policy\/","diversityStaffingReport":"https:\/\/talkpal.ai\/diversity-policy\/"}]}},"_links":{"self":[{"href":"https:\/\/talkpal.ai\/is\/wp-json\/wp\/v2\/pages\/146227","targetHints":{"allow":["GET"]}}],"collection":[{"href":"https:\/\/talkpal.ai\/is\/wp-json\/wp\/v2\/pages"}],"about":[{"href":"https:\/\/talkpal.ai\/is\/wp-json\/wp\/v2\/types\/page"}],"author":[{"embeddable":true,"href":"https:\/\/talkpal.ai\/is\/wp-json\/wp\/v2\/users\/1"}],"replies":[{"embeddable":true,"href":"https:\/\/talkpal.ai\/is\/wp-json\/wp\/v2\/comments?post=146227"}],"version-history":[{"count":0,"href":"https:\/\/talkpal.ai\/is\/wp-json\/wp\/v2\/pages\/146227\/revisions"}],"wp:featuredmedia":[{"embeddable":true,"href":"https:\/\/talkpal.ai\/is\/wp-json\/wp\/v2\/media\/114921"}],"wp:attachment":[{"href":"https:\/\/talkpal.ai\/is\/wp-json\/wp\/v2\/media?parent=146227"}],"curies":[{"name":"wp","href":"https:\/\/api.w.org\/{rel}","templated":true}]}}