{"id":1461963,"date":"2025-10-22T12:21:47","date_gmt":"2025-10-22T12:21:47","guid":{"rendered":"https:\/\/talkpal.ai\/talkpal-afslattur-fyrir-namsmenn\/"},"modified":"2026-01-22T14:57:28","modified_gmt":"2026-01-22T14:57:28","slug":"talkpal-afslattur-fyrir-namsmenn","status":"publish","type":"page","link":"https:\/\/talkpal.ai\/is\/talkpal-afslattur-fyrir-namsmenn\/","title":{"rendered":"Talkpal afsl\u00e1ttur fyrir n\u00e1msmenn"},"content":{"rendered":"<section class=\"languageChallengeSection\">\r\n    <div class=\"languageInfoWrapper\">\r\n        \r\n        <h1>Talkpal afsl\u00e1ttur fyrir n\u00e1msmenn<\/h1>\r\n        <p>Ert \u00fe\u00fa nemandi a\u00f0 leita a\u00f0 \u00fev\u00ed a\u00f0 b\u00e6ta tungum\u00e1lakunn\u00e1ttu \u00fe\u00edna? Talkpal b\u00fd\u00f0ur upp \u00e1 einkar\u00e9tt 79% nemendaafsl\u00e1tt til a\u00f0 hj\u00e1lpa \u00fe\u00e9r a\u00f0 l\u00e6ra hra\u00f0ar og snjallar. F\u00e1\u00f0u a\u00f0gang a\u00f0 \u00f6llum \u00farvalseiginleikum, \u00e6f\u00f0u alv\u00f6ru samt\u00f6l vi\u00f0 gervigreind og n\u00e1\u00f0u reiprennandi \u00e1 helmingi l\u00e6gra ver\u00f0i.<\/p>\r\n\r\n                    <a class=\"getStartedHidden\" href=\"https:\/\/app.talkpal.ai\/signup?discount=50\">\r\n                F\u00e1\u00f0u afsl\u00e1tt            <\/a>\r\n            <\/div>\r\n\r\n            <figure>\r\n            <img decoding=\"async\" class=\"no-lazy\" src=\"https:\/\/talkpal.ai\/wp-content\/uploads\/2026\/01\/group-with-phone-in-circle.webp\" alt=\"\" fetchpriority=\"high\" \/>\r\n        <\/figure>\r\n        \r\n                    <a class=\"getStartedVisible\" href=\"https:\/\/app.talkpal.ai\/signup?discount=50\">\r\n                F\u00e1\u00f0u afsl\u00e1tt            <\/a>\r\n        <\/section><section class=\"featureSection\">\r\n    <div class=\"featureIntroduce\">\r\n        <a class=\"introduceLink\" href=\"https:\/\/app.talkpal.ai\/signup?lng=\">\r\n            <img decoding=\"async\" src=\"https:\/\/talkpal.ai\/wp-content\/themes\/talkpal\/assets\/img\/Sparkle.svg\" alt=\"\" \/>Lengst komna\n  AI<\/a>\r\n        <h3 class=\"featureTitle\">Munurinn \u00e1 talkpal<\/h3>\r\n    <\/div>\r\n            <div class=\"introduceWrapper\">\r\n                            <a class=\"introducCard\" href=\"https:\/\/app.talkpal.ai\/signup?lng=\">\r\n\r\n                    \r\n                                                <img decoding=\"async\" src=\"https:\/\/talkpal.ai\/wp-content\/uploads\/2025\/05\/Immersive_conversations.png\" alt=\"Immersive Conversation Screenshot\" \/>\r\n                        <h4 class=\"introduceTitle\">Pers\u00f3nuleg menntun<\/h4>\r\n                        <p class=\"cardText\">S\u00e9rhver nemandi l\u00e6rir \u00f6\u00f0ruv\u00edsi og \u00fea\u00f0 gerir fer\u00f0 \u00feeirra til a\u00f0 n\u00e1 t\u00f6kum \u00e1 n\u00fdju tungum\u00e1li l\u00edka. Hj\u00e1 Talkpal notum vi\u00f0 h\u00e1\u00fer\u00f3a\u00f0a gervigreindart\u00e6kni til a\u00f0 skilja hvernig millj\u00f3nir nemenda l\u00e6ra tungum\u00e1l \u00e1 hverjum degi. \u00deetta hj\u00e1lpar okkur a\u00f0 b\u00faa til pers\u00f3nulega, skilvirka og gr\u00edpandi n\u00e1msupplifun sem er s\u00e9rstaklega h\u00f6nnu\u00f0 fyrir nemendur eins og \u00feig.<\/p>\r\n                    \r\n                <\/a>\r\n                            <a class=\"introducCard\" href=\"https:\/\/app.talkpal.ai\/signup?lng=\">\r\n\r\n                    \r\n                                                <img decoding=\"async\" src=\"https:\/\/talkpal.ai\/wp-content\/uploads\/2025\/05\/Realtime_feedback.png\" alt=\"Feedback Screenshot\" \/>\r\n                        <h4 class=\"introduceTitle\">N\u00fdjasta t\u00e6kni<\/h4>\r\n                        <p class=\"cardText\">Markmi\u00f0 okkar er a\u00f0 gera pers\u00f3nulegt tungum\u00e1lan\u00e1m a\u00f0gengilegt \u00f6llum nemendum me\u00f0 \u00fev\u00ed a\u00f0 sameina n\u00fdjustu n\u00fdjungar \u00ed gervigreind me\u00f0 sannreyndum kennslua\u00f0fer\u00f0um. Me\u00f0 Talkpal tekur \u00fe\u00fa ekki bara kennslustundir &#8211; \u00fe\u00fa upplifir s\u00e9rsni\u00f0i\u00f0 fer\u00f0alag sem lagar sig a\u00f0 hra\u00f0a \u00fe\u00ednum, st\u00edl og markmi\u00f0um.<\/p>\r\n                    \r\n                <\/a>\r\n                            <a class=\"introducCard\" href=\"https:\/\/app.talkpal.ai\/signup?lng=\">\r\n\r\n                    \r\n                                                <img decoding=\"async\" src=\"https:\/\/talkpal.ai\/wp-content\/uploads\/2025\/05\/Personalization.png\" alt=\"Personalization Screenshot\" \/>\r\n                        <h4 class=\"introduceTitle\">A\u00f0 gera n\u00e1m skemmtilegt<\/h4>\r\n                        <p class=\"cardText\">Vi\u00f0 tr\u00faum \u00fev\u00ed a\u00f0 tungum\u00e1lan\u00e1m eigi a\u00f0 vera skemmtilegt og hvetjandi. \u00deess vegna er Talkpal sm\u00ed\u00f0a\u00f0 til a\u00f0 halda nemendum vi\u00f0 efni\u00f0 og hvetja &#8211; sem gerir n\u00e1m minna eins og n\u00e1m og meira eins og spennandi \u00e6vint\u00fdri. Taktu \u00fe\u00e1tt \u00ed \u00fe\u00fasundum nemenda um allan heim og byrja\u00f0u a\u00f0 n\u00e1 t\u00f6kum \u00e1 n\u00e6sta tungum\u00e1li \u00fe\u00ednu me\u00f0 Talkpal!<\/p>\r\n                    \r\n                <\/a>\r\n                            <\/div>\r\n                     <a class=\"featureSectionLink\" href=\"https:\/\/app.talkpal.ai\/signup?discount=50\">\r\n                F\u00e1\u00f0u afsl\u00e1tt            <\/a>\r\n                \r\n<\/section>\r\n\r\n\r\n<section class=\"smartFunSection\">\r\n            \r\n            <div class=\"smartFunCard\">\r\n                <div class=\"smartFunWrapper\"><img decoding=\"async\" src=\"https:\/\/talkpal.ai\/wp-content\/uploads\/2025\/05\/1.png\" alt=\"Learning Stats Screenshot\"><\/div>\r\n                <h3>S\u00e9rsni\u00f0i\u00f0 a\u00f0 \u00fe\u00e9r<\/h3>\r\n                <p>Talkpal notar gervigreindardrifna t\u00e6kni til a\u00f0 bj\u00f3\u00f0a upp \u00e1 pers\u00f3nulega tungum\u00e1lakennslu sem er s\u00e9rsni\u00f0in a\u00f0 stigi og hra\u00f0a hvers nemanda. Hver kennslustund er h\u00f6nnu\u00f0 til a\u00f0 m\u00e6ta n\u00e1ms\u00fe\u00f6rfum \u00fe\u00ednum og hj\u00e1lpa \u00fe\u00e9r a\u00f0 taka st\u00f6\u00f0ugum framf\u00f6rum.<\/p>\r\n            <\/div>\r\n\r\n        \r\n            <div class=\"smartFunCard\">\r\n                <div class=\"smartFunWrapper\"><img decoding=\"async\" src=\"https:\/\/talkpal.ai\/wp-content\/uploads\/2025\/05\/2.png\" alt=\"Pronunciation Score Screenshot\"><\/div>\r\n                <h3>\u00c1rangursr\u00edk &amp; Duglegur<\/h3>\r\n                <p>Auktu lestrar-, hlustunar- og talf\u00e6rni \u00fe\u00edna \u00e1 skilvirkan h\u00e1tt me\u00f0 Talkpal. N\u00fdst\u00e1rleg n\u00e1mst\u00e6ki okkar eru sm\u00ed\u00f0u\u00f0 til a\u00f0 gera tungum\u00e1lan\u00e1m b\u00e6\u00f0i \u00e1rangursr\u00edkt og skemmtilegt fyrir nemendur af \u00f6llum bakgrunni.<\/p>\r\n            <\/div>\r\n\r\n        \r\n            <div class=\"smartFunCard\">\r\n                <div class=\"smartFunWrapper\"><img decoding=\"async\" src=\"https:\/\/talkpal.ai\/wp-content\/uploads\/2025\/05\/3.png\" alt=\"Chat Topics Screenshot\"><\/div>\r\n                <h3>Haltu tr\u00falofun<\/h3>\r\n                <p>Vettvangurinn sameinar leikja\u00fe\u00e6tti, gr\u00edpandi \u00e1skoranir og umhugsunarver\u00f0ar spurningar til a\u00f0 halda nemendum \u00e1hugas\u00f6mum og st\u00f6\u00f0ugum. Me\u00f0 Talkpal ver\u00f0ur tungum\u00e1lan\u00e1m skemmtilegur daglegur venja &#8211; ekki verkefni.<\/p>\r\n            <\/div>\r\n\r\n        \r\n            <div class=\"smartFunCard\">\r\n                <div class=\"smartFunWrapper\"><img decoding=\"async\" src=\"https:\/\/talkpal.ai\/wp-content\/uploads\/2025\/05\/4.png\" alt=\"Dashboard Screenshot\"><\/div>\r\n                <h3>Nj\u00f3ttu \u00feess a\u00f0 l\u00e6ra<\/h3>\r\n                <p>A\u00f0 n\u00e1 t\u00f6kum \u00e1 n\u00fdju tungum\u00e1li \u00fearf ekki a\u00f0 vera lei\u00f0inlegt. Talkpal b\u00fd\u00f0ur upp \u00e1 gagnvirkar \u00e6fingar, l\u00edflegar pers\u00f3nur og jafnvel gamans\u00f6m gervigreindarsamt\u00f6l til a\u00f0 gera n\u00e1m a\u00f0 skemmtilegum og hvetjandi hluta af degi hvers nemanda.<\/p>\r\n            <\/div>\r\n\r\n            \r\n<\/section>\r\n\r\n<section class=\"promotionalBanner\">\r\n    <p class=\"promotionalText\">Talkpal fyrir nemendur &#8211; Byrja\u00f0u a\u00f0 l\u00e6ra me\u00f0 afsl\u00e6tti<\/p>\r\n                <a class=\"promotionalLink\" href=\"https:\/\/app.talkpal.ai\/signup?discount=50\">\r\n                F\u00e1\u00f0u afsl\u00e1tt            <\/a>\r\n            \r\n<\/section>","protected":false},"excerpt":{"rendered":"","protected":false},"author":10,"featured_media":0,"parent":0,"menu_order":0,"comment_status":"closed","ping_status":"closed","template":"LearningContentPage.php","meta":{"_acf_changed":false,"footnotes":""},"class_list":["post-1461963","page","type-page","status-publish","hentry"],"acf":[],"yoast_head":"<!-- This site is optimized with the Yoast SEO Premium plugin v27.2 (Yoast SEO v27.2) - https:\/\/yoast.com\/product\/yoast-seo-premium-wordpress\/ -->\n<title>Talkpal afsl\u00e1ttur fyrir n\u00e1msmenn - Talkpal<\/title>\n<meta name=\"description\" content=\"F\u00e1\u00f0u einkar\u00e9tt 79% nemendaafsl\u00e1tt \u00e1 Talkpal til a\u00f0 l\u00e6ra tungum\u00e1l hra\u00f0ar me\u00f0 pers\u00f3nulegri gervigreindarsamskipta\u00e6fingu.\" \/>\n<meta name=\"robots\" content=\"index, follow, max-snippet:-1, max-image-preview:large, max-video-preview:-1\" \/>\n<link rel=\"canonical\" href=\"https:\/\/talkpal.ai\/is\/talkpal-afslattur-fyrir-namsmenn\/\" \/>\n<meta property=\"og:locale\" content=\"is_IS\" \/>\n<meta property=\"og:type\" content=\"article\" \/>\n<meta property=\"og:title\" content=\"Talkpal afsl\u00e1ttur fyrir n\u00e1msmenn\" \/>\n<meta property=\"og:url\" content=\"https:\/\/talkpal.ai\/is\/talkpal-afslattur-fyrir-namsmenn\/\" \/>\n<meta property=\"og:site_name\" content=\"Talkpal\" \/>\n<meta property=\"article:publisher\" content=\"https:\/\/www.facebook.com\/profile.php?id=100090733639311\" \/>\n<meta property=\"article:modified_time\" content=\"2026-01-22T14:57:28+00:00\" \/>\n<meta property=\"og:image\" content=\"https:\/\/talkpal.ai\/wp-content\/uploads\/2025\/02\/Progress-tab-16_9.png\" \/>\n\t<meta property=\"og:image:width\" content=\"2880\" \/>\n\t<meta property=\"og:image:height\" content=\"1620\" \/>\n\t<meta property=\"og:image:type\" content=\"image\/png\" \/>\n<meta name=\"twitter:card\" content=\"summary_large_image\" \/>\n<meta name=\"twitter:site\" content=\"@talkpalai\" \/>\n<script type=\"application\/ld+json\" class=\"yoast-schema-graph\">{\"@context\":\"https:\/\/schema.org\",\"@graph\":[{\"@type\":\"WebPage\",\"@id\":\"https:\/\/talkpal.ai\/is\/talkpal-afslattur-fyrir-namsmenn\/\",\"url\":\"https:\/\/talkpal.ai\/is\/talkpal-afslattur-fyrir-namsmenn\/\",\"name\":\"Talkpal afsl\u00e1ttur fyrir n\u00e1msmenn - Talkpal\",\"isPartOf\":{\"@id\":\"https:\/\/talkpal.ai\/is\/#website\"},\"datePublished\":\"2025-10-22T12:21:47+00:00\",\"dateModified\":\"2026-01-22T14:57:28+00:00\",\"description\":\"F\u00e1\u00f0u einkar\u00e9tt 79% nemendaafsl\u00e1tt \u00e1 Talkpal til a\u00f0 l\u00e6ra tungum\u00e1l hra\u00f0ar me\u00f0 pers\u00f3nulegri gervigreindarsamskipta\u00e6fingu.\",\"breadcrumb\":{\"@id\":\"https:\/\/talkpal.ai\/is\/talkpal-afslattur-fyrir-namsmenn\/#breadcrumb\"},\"inLanguage\":\"is\",\"potentialAction\":[{\"@type\":\"ReadAction\",\"target\":[\"https:\/\/talkpal.ai\/is\/talkpal-afslattur-fyrir-namsmenn\/\"]}]},{\"@type\":\"BreadcrumbList\",\"@id\":\"https:\/\/talkpal.ai\/is\/talkpal-afslattur-fyrir-namsmenn\/#breadcrumb\",\"itemListElement\":[{\"@type\":\"ListItem\",\"position\":1,\"name\":\"Homepage\",\"item\":\"https:\/\/talkpal.ai\/is\/\"},{\"@type\":\"ListItem\",\"position\":2,\"name\":\"Talkpal afsl\u00e1ttur fyrir n\u00e1msmenn\"}]},{\"@type\":\"WebSite\",\"@id\":\"https:\/\/talkpal.ai\/is\/#website\",\"url\":\"https:\/\/talkpal.ai\/is\/\",\"name\":\"Talkpal\",\"description\":\"AI Language Learning\",\"publisher\":{\"@id\":\"https:\/\/talkpal.ai\/is\/#organization\"},\"alternateName\":\"Talkpal AI\",\"potentialAction\":[{\"@type\":\"SearchAction\",\"target\":{\"@type\":\"EntryPoint\",\"urlTemplate\":\"https:\/\/talkpal.ai\/is\/?s={search_term_string}\"},\"query-input\":{\"@type\":\"PropertyValueSpecification\",\"valueRequired\":true,\"valueName\":\"search_term_string\"}}],\"inLanguage\":\"is\"},{\"@type\":\"Organization\",\"@id\":\"https:\/\/talkpal.ai\/is\/#organization\",\"name\":\"Talkpal, Inc.\",\"alternateName\":\"Talkpal AI\",\"url\":\"https:\/\/talkpal.ai\/is\/\",\"logo\":{\"@type\":\"ImageObject\",\"inLanguage\":\"is\",\"@id\":\"https:\/\/talkpal.ai\/is\/#\/schema\/logo\/image\/\",\"url\":\"https:\/\/talkpal.ai\/wp-content\/uploads\/2024\/03\/Talkpal-Logo-Icon.png\",\"contentUrl\":\"https:\/\/talkpal.ai\/wp-content\/uploads\/2024\/03\/Talkpal-Logo-Icon.png\",\"width\":2880,\"height\":2880,\"caption\":\"Talkpal, Inc.\"},\"image\":{\"@id\":\"https:\/\/talkpal.ai\/is\/#\/schema\/logo\/image\/\"},\"sameAs\":[\"https:\/\/www.facebook.com\/profile.php?id=100090733639311\",\"https:\/\/x.com\/talkpalai\",\"https:\/\/www.linkedin.com\/company\/talkpal\/\",\"https:\/\/www.youtube.com\/@TalkPal\/\",\"https:\/\/www.tiktok.com\/@talkpal\",\"https:\/\/www.instagram.com\/talkpal_ai\/\",\"https:\/\/www.crunchbase.com\/organization\/talkpal-9cde\",\"https:\/\/www.g2.com\/products\/talkpal-for-business\/\",\"https:\/\/www.trustpilot.com\/review\/talkpal.ai\",\"https:\/\/www.capterra.com\/p\/10006800\/TalkPal\/\"],\"description\":\"Talkpal is a language learning web and mobile education app, powered by the latest AI technologies, that provides engaging experiences to its customers in many different languages to help them improve their language skills. Users can chat about unlimited amount of topics with the app and use other modes to practice their language learning.\",\"email\":\"support@talkpal.ai\",\"legalName\":\"Talkpal, Inc.\",\"foundingDate\":\"2023-04-03\",\"duns\":\"118989042\",\"numberOfEmployees\":{\"@type\":\"QuantitativeValue\",\"minValue\":\"11\",\"maxValue\":\"50\"},\"publishingPrinciples\":\"https:\/\/talkpal.ai\/publishing-principles\/\",\"actionableFeedbackPolicy\":\"https:\/\/talkpal.ai\/actionable-feedback-policy\/\",\"correctionsPolicy\":\"https:\/\/talkpal.ai\/corrections-policy\/\",\"ethicsPolicy\":\"https:\/\/talkpal.ai\/ethics-policy\/\",\"diversityPolicy\":\"https:\/\/talkpal.ai\/diversity-policy\/\",\"diversityStaffingReport\":\"https:\/\/talkpal.ai\/diversity-policy\/\"}]}<\/script>\n<!-- \/ Yoast SEO Premium plugin. -->","yoast_head_json":{"title":"Talkpal afsl\u00e1ttur fyrir n\u00e1msmenn - Talkpal","description":"F\u00e1\u00f0u einkar\u00e9tt 79% nemendaafsl\u00e1tt \u00e1 Talkpal til a\u00f0 l\u00e6ra tungum\u00e1l hra\u00f0ar me\u00f0 pers\u00f3nulegri gervigreindarsamskipta\u00e6fingu.","robots":{"index":"index","follow":"follow","max-snippet":"max-snippet:-1","max-image-preview":"max-image-preview:large","max-video-preview":"max-video-preview:-1"},"canonical":"https:\/\/talkpal.ai\/is\/talkpal-afslattur-fyrir-namsmenn\/","og_locale":"is_IS","og_type":"article","og_title":"Talkpal afsl\u00e1ttur fyrir n\u00e1msmenn","og_url":"https:\/\/talkpal.ai\/is\/talkpal-afslattur-fyrir-namsmenn\/","og_site_name":"Talkpal","article_publisher":"https:\/\/www.facebook.com\/profile.php?id=100090733639311","article_modified_time":"2026-01-22T14:57:28+00:00","og_image":[{"width":2880,"height":1620,"url":"https:\/\/talkpal.ai\/wp-content\/uploads\/2025\/02\/Progress-tab-16_9.png","type":"image\/png"}],"twitter_card":"summary_large_image","twitter_site":"@talkpalai","schema":{"@context":"https:\/\/schema.org","@graph":[{"@type":"WebPage","@id":"https:\/\/talkpal.ai\/is\/talkpal-afslattur-fyrir-namsmenn\/","url":"https:\/\/talkpal.ai\/is\/talkpal-afslattur-fyrir-namsmenn\/","name":"Talkpal afsl\u00e1ttur fyrir n\u00e1msmenn - Talkpal","isPartOf":{"@id":"https:\/\/talkpal.ai\/is\/#website"},"datePublished":"2025-10-22T12:21:47+00:00","dateModified":"2026-01-22T14:57:28+00:00","description":"F\u00e1\u00f0u einkar\u00e9tt 79% nemendaafsl\u00e1tt \u00e1 Talkpal til a\u00f0 l\u00e6ra tungum\u00e1l hra\u00f0ar me\u00f0 pers\u00f3nulegri gervigreindarsamskipta\u00e6fingu.","breadcrumb":{"@id":"https:\/\/talkpal.ai\/is\/talkpal-afslattur-fyrir-namsmenn\/#breadcrumb"},"inLanguage":"is","potentialAction":[{"@type":"ReadAction","target":["https:\/\/talkpal.ai\/is\/talkpal-afslattur-fyrir-namsmenn\/"]}]},{"@type":"BreadcrumbList","@id":"https:\/\/talkpal.ai\/is\/talkpal-afslattur-fyrir-namsmenn\/#breadcrumb","itemListElement":[{"@type":"ListItem","position":1,"name":"Homepage","item":"https:\/\/talkpal.ai\/is\/"},{"@type":"ListItem","position":2,"name":"Talkpal afsl\u00e1ttur fyrir n\u00e1msmenn"}]},{"@type":"WebSite","@id":"https:\/\/talkpal.ai\/is\/#website","url":"https:\/\/talkpal.ai\/is\/","name":"Talkpal","description":"AI Language Learning","publisher":{"@id":"https:\/\/talkpal.ai\/is\/#organization"},"alternateName":"Talkpal AI","potentialAction":[{"@type":"SearchAction","target":{"@type":"EntryPoint","urlTemplate":"https:\/\/talkpal.ai\/is\/?s={search_term_string}"},"query-input":{"@type":"PropertyValueSpecification","valueRequired":true,"valueName":"search_term_string"}}],"inLanguage":"is"},{"@type":"Organization","@id":"https:\/\/talkpal.ai\/is\/#organization","name":"Talkpal, Inc.","alternateName":"Talkpal AI","url":"https:\/\/talkpal.ai\/is\/","logo":{"@type":"ImageObject","inLanguage":"is","@id":"https:\/\/talkpal.ai\/is\/#\/schema\/logo\/image\/","url":"https:\/\/talkpal.ai\/wp-content\/uploads\/2024\/03\/Talkpal-Logo-Icon.png","contentUrl":"https:\/\/talkpal.ai\/wp-content\/uploads\/2024\/03\/Talkpal-Logo-Icon.png","width":2880,"height":2880,"caption":"Talkpal, Inc."},"image":{"@id":"https:\/\/talkpal.ai\/is\/#\/schema\/logo\/image\/"},"sameAs":["https:\/\/www.facebook.com\/profile.php?id=100090733639311","https:\/\/x.com\/talkpalai","https:\/\/www.linkedin.com\/company\/talkpal\/","https:\/\/www.youtube.com\/@TalkPal\/","https:\/\/www.tiktok.com\/@talkpal","https:\/\/www.instagram.com\/talkpal_ai\/","https:\/\/www.crunchbase.com\/organization\/talkpal-9cde","https:\/\/www.g2.com\/products\/talkpal-for-business\/","https:\/\/www.trustpilot.com\/review\/talkpal.ai","https:\/\/www.capterra.com\/p\/10006800\/TalkPal\/"],"description":"Talkpal is a language learning web and mobile education app, powered by the latest AI technologies, that provides engaging experiences to its customers in many different languages to help them improve their language skills. Users can chat about unlimited amount of topics with the app and use other modes to practice their language learning.","email":"support@talkpal.ai","legalName":"Talkpal, Inc.","foundingDate":"2023-04-03","duns":"118989042","numberOfEmployees":{"@type":"QuantitativeValue","minValue":"11","maxValue":"50"},"publishingPrinciples":"https:\/\/talkpal.ai\/publishing-principles\/","actionableFeedbackPolicy":"https:\/\/talkpal.ai\/actionable-feedback-policy\/","correctionsPolicy":"https:\/\/talkpal.ai\/corrections-policy\/","ethicsPolicy":"https:\/\/talkpal.ai\/ethics-policy\/","diversityPolicy":"https:\/\/talkpal.ai\/diversity-policy\/","diversityStaffingReport":"https:\/\/talkpal.ai\/diversity-policy\/"}]}},"_links":{"self":[{"href":"https:\/\/talkpal.ai\/is\/wp-json\/wp\/v2\/pages\/1461963","targetHints":{"allow":["GET"]}}],"collection":[{"href":"https:\/\/talkpal.ai\/is\/wp-json\/wp\/v2\/pages"}],"about":[{"href":"https:\/\/talkpal.ai\/is\/wp-json\/wp\/v2\/types\/page"}],"author":[{"embeddable":true,"href":"https:\/\/talkpal.ai\/is\/wp-json\/wp\/v2\/users\/10"}],"replies":[{"embeddable":true,"href":"https:\/\/talkpal.ai\/is\/wp-json\/wp\/v2\/comments?post=1461963"}],"version-history":[{"count":0,"href":"https:\/\/talkpal.ai\/is\/wp-json\/wp\/v2\/pages\/1461963\/revisions"}],"wp:attachment":[{"href":"https:\/\/talkpal.ai\/is\/wp-json\/wp\/v2\/media?parent=1461963"}],"curies":[{"name":"wp","href":"https:\/\/api.w.org\/{rel}","templated":true}]}}