{"id":145735,"date":"2023-05-14T14:10:24","date_gmt":"2023-05-14T14:10:24","guid":{"rendered":"http:\/\/talkpal.ai\/lettnesk-malfraedi\/"},"modified":"2025-12-17T17:12:27","modified_gmt":"2025-12-17T17:12:27","slug":"lettnesk-malfraedi","status":"publish","type":"page","link":"https:\/\/talkpal.ai\/is\/lettnesk-malfraedi\/","title":{"rendered":"Lettnesk m\u00e1lfr\u00e6\u00f0i"},"content":{"rendered":"\r\n\r\n\r\n<section class=\"languageChallengeSection\">\r\n    <div class=\"languageInfoWrapper\">\r\n        \r\n        <h1>Lettnesk m\u00e1lfr\u00e6\u00f0i<\/h1>\r\n        <p>Kanna\u00f0u einstakan heim lettnesku m\u00e1lfr\u00e6\u00f0innar og upplif\u00f0u fegur\u00f0 eins l\u00edflegasta tungum\u00e1ls Eystrasaltssv\u00e6\u00f0isins. Me\u00f0 \u00fev\u00ed a\u00f0 skilja uppbyggingu \u00feess og reglur munt \u00fe\u00fa auka sj\u00e1lfstraust \u00feitt og samskiptah\u00e6fni. Byrja\u00f0u a\u00f0 l\u00e6ra lettnesku <a href=\"https:\/\/talkpal.ai\/grammar\/\">m\u00e1lfr\u00e6\u00f0i<\/a> \u00ed dag og taktu fyrsta skrefi\u00f0 \u00ed \u00e1tt a\u00f0 f\u00e6rni \u00ed or\u00f0um!\n\n<\/p>\r\n\r\n                            <a class=\"getStartedHidden\" href=\"https:\/\/app.talkpal.ai\/signup?lng=\">Byrja\u00f0u<\/a>\r\n        \r\n    <\/div>\r\n\r\n    <figure>\r\n    <img decoding=\"async\" width=\"768\" height=\"768\" src=\"https:\/\/talkpal.ai\/wp-content\/uploads\/2023\/06\/latvian-768x768.png\" class=\"languageImage no-lazy\" alt=\"Language learning to access more cultures\" fetchpriority=\"high\" sizes=\"(max-width: 768px) 150px, 768px\" srcset=\"https:\/\/talkpal.ai\/wp-content\/uploads\/2023\/06\/latvian-768x768.png 768w, https:\/\/talkpal.ai\/wp-content\/uploads\/2023\/06\/latvian-300x300.png 300w\" \/>\r\n    \r\n\r\n    <\/figure>\r\n\r\n            <a class=\"getStartedVisible\" href=\"https:\/\/app.talkpal.ai\/signup?lng=\">Byrja\u00f0u<\/a>\r\n    \r\n<\/section>\r\n<section class=\"promotionalBanner\">\r\n    <p class=\"promotionalText\">Skilvirkasta lei\u00f0in til a\u00f0 l\u00e6ra tungum\u00e1l<\/p>\r\n    <a class=\"promotionalLink\" href=\"https:\/\/app.talkpal.ai\/signup?lng=\">Pr\u00f3fa\u00f0u Talkpal \u00f3keypis<\/a>\r\n<\/section>\n<div class=\"wp-block-group pageContainerStyle\"><div class=\"wp-block-group__inner-container is-layout-constrained wp-block-group-is-layout-constrained\">\n<h2 class=\"wp-block-heading\" id=\"h-the-ultimate-guide-to-latvian-grammar-navigating-the-intricacies-of-a-unique-language\">Fullkominn lei\u00f0arv\u00edsir um lettneska m\u00e1lfr\u00e6\u00f0i: Siglingar um ranghala einstaks tungum\u00e1ls<\/h2>\n\n\n\n<p><a href=\"https:\/\/talkpal.ai\/latvian-grammar\/\">Lettnesk m\u00e1lfr\u00e6\u00f0i<\/a>, eins og tungum\u00e1li\u00f0 sj\u00e1lft, b\u00fd\u00f0ur upp \u00e1 r\u00edkan og heillandi veggteppi tungum\u00e1la\u00fe\u00e1tta. Sem baltneskt tungum\u00e1l heillar <a href=\"https:\/\/talkpal.ai\/learn-latvian\/\">lettneska<\/a> <a href=\"https:\/\/talkpal.ai\/talkpal-discount-for-students\/\">nemendur<\/a> me\u00f0 fj\u00f6lbreyttum eiginleikum s\u00ednum og \u00e1skorunum, jafnvel f\u00e6rustu r\u00e6\u00f0um\u00f6nnum. \u00cd \u00feessari handb\u00f3k munum vi\u00f0 kanna helstu meginreglur lettneskrar m\u00e1lfr\u00e6\u00f0i, afst\u00fdra margbreytileika hennar og sty\u00f0ja \u00feig \u00e1 lei\u00f0inni til a\u00f0 ver\u00f0a altalandi \u00ed \u00feessu gr\u00edpandi tungum\u00e1li. Byrjum!<\/p>\n\n\n\n<h3 class=\"wp-block-heading\" id=\"h-the-nuts-and-bolts-latvian-sentence-structure\">Hneturnar og boltarnir: lettnesk setningager\u00f0<\/h3>\n\n\n\n<p>\u00cd kjarna \u00feess er <a href=\"https:\/\/talkpal.ai\/latvian-grammar\/\">lettnesk m\u00e1lfr\u00e6\u00f0i<\/a> nokku\u00f0 einf\u00f6ld. Tungum\u00e1li\u00f0 fylgir almennt setningager\u00f0inni Subject-Verb-Object (SVO), svipa\u00f0 og <a href=\"https:\/\/talkpal.ai\/learn-english-with-ai\/\">enska<\/a> og m\u00f6rg \u00f6nnur tungum\u00e1l. Til d\u00e6mis \u00fe\u00fd\u00f0ir setningin \u201e\u00c9g bor\u00f0a epli\u201c \u00e1 \u201eEs \u0113du \u0101bolu\u201c (Es \u0113du \u0101bolu). Einfalt, ekki satt? Hins vegar, \u00feegar vi\u00f0 gr\u00f6fum d\u00fdpra, muntu lenda \u00ed forvitnilegum og \u00e1berandi einkennum lettneskrar m\u00e1lfr\u00e6\u00f0i.<\/p>\n\n\n\n<h3 class=\"wp-block-heading\" id=\"h-meet-the-family-latvian-nouns-and-their-cases\">Hittu fj\u00f6lskylduna: Lettnesk nafnor\u00f0 og m\u00e1l \u00feeirra<\/h3>\n\n\n\n<p>Eitt vandr\u00e6\u00f0alegasta einkenni lettneskrar m\u00e1lfr\u00e6\u00f0i fyrir <a href=\"https:\/\/talkpal.ai\/english-speaking-course\/\">enskum\u00e6landi<\/a> er hugmyndin um m\u00e1lfr\u00e6\u00f0ileg tilfelli. \u00c1 lettnesku eru sj\u00f6 tilfelli: nafnh\u00e1ttur, genitive, dative, accusative, locative, instrumental og vocative. Hvert m\u00e1l hefur sitt hlutverk og hefur \u00e1hrif \u00e1 form nafnor\u00f0a, l\u00fdsingaror\u00f0a, fornafna og stundum jafnvel sagna.<\/p>\n\n\n\n<p>T\u00f6kum til d\u00e6mis or\u00f0i\u00f0 \u201e\u0101bols\u201c (\u0101bols) sem \u00fe\u00fd\u00f0ir \u201eepli\u201c:<\/p>\n\n\n\n<p><strong>\u2013 Nefnifall (nota\u00f0 fyrir efni): \u0101bols<\/strong><\/p>\n\n\n\n<p><strong>\u2013 E\u00f0lisfall (nota\u00f0 til eignar): \u0101bola<\/strong><\/p>\n\n\n\n<p><strong>\u2013 Dative fall (nota\u00f0 fyrir \u00f3beina hluti): \u0101bolam<\/strong><\/p>\n\n\n\n<p><strong>\u2013 \u00c1sakandi fall (nota\u00f0 fyrir beinan hlut): \u0101bolu<\/strong><\/p>\n\n\n\n<p><strong>\u2013 Sta\u00f0setningarfall (nota\u00f0 fyrir sta\u00f0setningu): \u0101bol\u0101<\/strong><\/p>\n\n\n\n<p><strong>\u2013 Hlj\u00f3\u00f0f\u00e6rafall (nota\u00f0 um hvernig a\u00f0ger\u00f0 er framkv\u00e6md): \u0101bolu\/-iem<\/strong><\/p>\n\n\n\n<p><strong>\u2013 Or\u00f0fall (nota\u00f0 til a\u00f0 \u00e1varpa einhvern e\u00f0a eitthva\u00f0): \u0101bol<\/strong><\/p>\n\n\n\n<p>\u00dea\u00f0 er mikilv\u00e6gt a\u00f0 kynna s\u00e9r \u00feessi m\u00e1l \u00fear sem \u00feau geta verulega breytt merkingu setninga \u00feinna.<\/p>\n\n\n\n<h3 class=\"wp-block-heading\" id=\"h-playing-with-numbers-latvian-plurals-and-genders\">Leika me\u00f0 t\u00f6lur: Lettneska fleirt\u00f6lu og kyn<\/h3>\n\n\n\n<p>\u00deegar fleirt\u00f6lu er mynda\u00f0 \u00e1 lettnesku er nau\u00f0synlegt <a href=\"https:\/\/talkpal.ai\/culture\/what-is-the-verb-ad-hafa-and-when-is-it-used\/\">a\u00f0 hafa<\/a> kyn nafnor\u00f0sins \u00ed huga. \u00cd lettnesku hafa nafnor\u00f0 tv\u00f6 kyn &#8211; karlkyns og kvenkyns. Kyn hefur \u00e1hrif \u00e1 endingar nafnor\u00f0a, l\u00fdsingaror\u00f0a, t\u00f6lustafa og \u00e1kve\u00f0inna sagnamynda.<\/p>\n\n\n\n<p>Almennt enda karlkyns nafnor\u00f0 \u00ed fleirt\u00f6lu nafnor\u00f0i \u00e1 -i, en kvenkynsnafnor\u00f0 enda \u00e1 -as. Til d\u00e6mis ver\u00f0ur \u201ezirgs\u201c (zirgs, karlkynsnafnor\u00f0 sem \u00fe\u00fd\u00f0ir \u201ehestur\u201c) \u201ezirgi\u201c (zirgi, hestar) og \u201esieviete\u201c (sieviete, kvenkynsnafnor\u00f0 sem \u00fe\u00fd\u00f0ir \u201ekona\u201c) ver\u00f0ur \u201esievietes\u201c (sievietes, konur) ).<\/p>\n\n\n\n<p>Au\u00f0vita\u00f0 eru nokkrar undantekningar til, \u00feess vegna er nau\u00f0synlegt a\u00f0 l\u00e6ra nafnor\u00f0 \u00e1samt kyni \u00feeirra og vera me\u00f0vita\u00f0ur um \u00f3reglulegar fleirt\u00f6lur.<\/p>\n\n\n\n<h3 class=\"wp-block-heading\" id=\"h-the-art-of-conjugation-latvian-verbs\">Listin a\u00f0 beygja: lettnesk s\u00f6gn<\/h3>\n\n\n\n<p>Lettneskar sagnir geta \u00ed upphafi virst \u00f3gnvekjandi vegna fj\u00f6lmargra spenna, skapa og beyginga. Hins vegar er lykillinn a\u00f0 \u00fev\u00ed a\u00f0 skilja \u00feau a\u00f0 \u00feekkja algeng mynstur og \u00e6fa reglulega.<\/p>\n\n\n\n<p>\u00cd lettnesku er s\u00f6gnum skipt \u00ed \u00ferj\u00e1 flokka eftir \u00f3endanlegum endingum \u00feeirra, -t, -ties og -ties\/-t. Hver h\u00f3pur hefur s\u00e9rstakar samtengingarreglur. T\u00f6kum s\u00f6gnina \u201elas\u012bt\u201c \u200b\u200b(las\u012bt, \u201ea\u00f0 lesa\u201c) sem d\u00e6mi:<\/p>\n\n\n\n<p><strong>N\u00fat\u00ed\u00f0: Es lasu (Es lasu, \u201e\u00e9g las\u201c)<\/strong><\/p>\n\n\n\n<p><strong>\u00de\u00e1t\u00ed\u00f0: Es las\u012bju (Es las\u012bju, &#8222;\u00e9g las&#8220;)<\/strong><\/p>\n\n\n\n<p><strong>Framt\u00ed\u00f0: Es las\u012b\u0161u (Es las\u012b\u0161u, \u201e\u00e9g mun lesa\u201c)<\/strong><\/p>\n\n\n\n<p>Eins og \u00fe\u00fa s\u00e9r\u00f0 breytast endarnir \u00ed samr\u00e6mi vi\u00f0 spennuna. Og \u00feetta kl\u00f3rar ekki einu sinni yfirbor\u00f0 lettneskrar sagnatengingar! Hins vegar, ekki l\u00e1ta \u00fea\u00f0 draga \u00far \u00fe\u00e9r kjarkinn. Me\u00f0 \u00e6fingu og \u00feolinm\u00e6\u00f0i muntu byrja a\u00f0 \u00feekkja mynstrin og sigra \u00feessa \u00e1skorun.<\/p>\n\n\n\n<h3 class=\"wp-block-heading\" id=\"h-the-finishing-touches-latvian-adjectives-adverbs-and-more\">Fr\u00e1gangurinn: lettnesk l\u00fdsingaror\u00f0, atviksor\u00f0 og fleira<\/h3>\n\n\n\n<p>\u00deegar kemur a\u00f0 lettneskum l\u00fdsingaror\u00f0um og atviksor\u00f0um gegna \u00feau mikilv\u00e6gu hlutverki vi\u00f0 a\u00f0 b\u00e6ta d\u00fdpt og fl\u00e6kjustig vi\u00f0 r\u00e6\u00f0u \u00fe\u00edna. L\u00fdsingaror\u00f0 ver\u00f0a a\u00f0 vera \u00ed samr\u00e6mi vi\u00f0 nafnor\u00f0in sem \u00feau breyta hva\u00f0 var\u00f0ar kyn og fall, me\u00f0 endingum sem eru breytilegar \u00ed samr\u00e6mi vi\u00f0 \u00fea\u00f0.<\/p>\n\n\n\n<p>Til d\u00e6mis \u00fe\u00fd\u00f0ir \u201egar\u0161\u012bgs\u201c (gar\u0161\u012bgs) \u201elj\u00faffengt\u201c og \u00fe\u00fa g\u00e6tir s\u00e9\u00f0 \u00fea\u00f0 sem \u201egar\u0161\u012bgs \u0101bols\u201c (gar\u0161\u012bgs \u0101bols, \u201elj\u00faffengt epli\u201c) e\u00f0a \u201egar\u0161\u012bga zupa\u201c (gar\u0161\u012bga zupa, \u201elj\u00faffeng s\u00fapa\u201c), me\u00f0 mismunandi endingar \u00e1 karlkyns- og kvenkynsn\u00f6fnum.<\/p>\n\n\n\n<p>Atviksor\u00f0 fylgja yfirleitt svipu\u00f0um mynstrum, oft dregin af l\u00fdsingaror\u00f0um. \u00cd lettnesku enda flest atviksor\u00f0 \u00e1 -i, sem er sama form og karlkyns eint\u00f6lu \u00e1sakandi fyrir l\u00fdsingaror\u00f0.<\/p>\n\n\n\n<p>A\u00f0 lokum m\u00e1 segja a\u00f0 margbreytileiki og s\u00e9rkenni lettneskrar m\u00e1lfr\u00e6\u00f0i, \u00fe\u00f3 h\u00fan s\u00e9 krefjandi, gefur tungum\u00e1linu gr\u00edpandi fegur\u00f0 og karakter. Me\u00f0 bl\u00f6ndu af \u00ferautseigju, forvitni og hagn\u00fdtri beitingu muntu flj\u00f3tlega vafra um lettneska m\u00e1lfr\u00e6\u00f0i me\u00f0 au\u00f0veldum og \u00f6ryggi. Gle\u00f0ilegt n\u00e1m!<\/p>\n<\/div><\/div>\n\r\n<section class=\"learnNavigationSection\">\r\n            \r\n        <a href=\"https:\/\/talkpal.ai\/is\/laerdu-lettnesku\/\">\r\n            <div class=\"learnNavigationWrapper\">\r\n                <div class=\"learnNavigationContent\">\r\n                    <img decoding=\"async\" src=\"https:\/\/talkpal.ai\/wp-content\/uploads\/2024\/08\/Latvian.jpg\" alt=\"Latvian Flag\">\r\n                    <div>\r\n                        <h4>Um lettneskun\u00e1m<\/h4>\r\n                        <p>Finndu \u00fat allt um lettneska m\u00e1lfr\u00e6\u00f0i.<\/p>\r\n                    <\/div>\r\n                <\/div>\r\n            <\/div>\r\n        <\/a>\r\n\r\n        \r\n        <a href=\"https:\/\/talkpal.ai\/is\/lettneska-malfraedi-aefingar\/\">\r\n            <div class=\"learnNavigationWrapper\">\r\n                <div class=\"learnNavigationContent\">\r\n                    <img decoding=\"async\" src=\"https:\/\/talkpal.ai\/wp-content\/uploads\/2024\/08\/Latvian.jpg\" alt=\"Latvian Flag\">\r\n                    <div>\r\n                        <h4>Lettnesk m\u00e1lfr\u00e6\u00f0i\u00e6fing<\/h4>\r\n                        <p>\u00c6f\u00f0u lettneska m\u00e1lfr\u00e6\u00f0i.<\/p>\r\n                    <\/div>\r\n                <\/div>\r\n            <\/div>\r\n        <\/a>\r\n\r\n        \r\n        <a href=\"https:\/\/talkpal.ai\/vocabulary_language\/latvian\/\">\r\n            <div class=\"learnNavigationWrapper\">\r\n                <div class=\"learnNavigationContent\">\r\n                    <img decoding=\"async\" src=\"https:\/\/talkpal.ai\/wp-content\/uploads\/2024\/08\/Latvian.jpg\" alt=\"Latvian Flag\">\r\n                    <div>\r\n                        <h4>Lettneskur or\u00f0afor\u00f0i<\/h4>\r\n                        <p>St\u00e6kka\u00f0u lettneskan or\u00f0afor\u00f0a \u00feinn.<\/p>\r\n                    <\/div>\r\n                <\/div>\r\n            <\/div>\r\n        <\/a>\r\n\r\n            <\/section>","protected":false},"excerpt":{"rendered":"<p>Fullkominn lei\u00f0arv\u00edsir um lettneska m\u00e1lfr\u00e6\u00f0i: Siglingar um ranghala einstaks tungum\u00e1ls Lettnesk m\u00e1lfr\u00e6\u00f0i, eins og tungum\u00e1li\u00f0 sj\u00e1lft, b\u00fd\u00f0ur upp \u00e1 r\u00edkan og heillandi veggteppi tungum\u00e1la\u00fe\u00e1tta. Sem baltneskt tungum\u00e1l heillar lettneska nemendur me\u00f0 fj\u00f6lbreyttum eiginleikum s\u00ednum og \u00e1skorunum, jafnvel f\u00e6rustu r\u00e6\u00f0um\u00f6nnum. \u00cd \u00feessari handb\u00f3k munum vi\u00f0 kanna helstu meginreglur lettneskrar m\u00e1lfr\u00e6\u00f0i, afst\u00fdra margbreytileika hennar og sty\u00f0ja \u00feig [&hellip;]<\/p>\n","protected":false},"author":1,"featured_media":114429,"parent":0,"menu_order":0,"comment_status":"closed","ping_status":"closed","template":"LearningContentPage.php","meta":{"_acf_changed":false,"footnotes":""},"class_list":["post-145735","page","type-page","status-publish","has-post-thumbnail","hentry"],"acf":[],"yoast_head":"<!-- This site is optimized with the Yoast SEO Premium plugin v27.2 (Yoast SEO v27.2) - https:\/\/yoast.com\/product\/yoast-seo-premium-wordpress\/ -->\n<title>Lettnesk m\u00e1lfr\u00e6\u00f0i - Talkpal<\/title>\n<meta name=\"description\" content=\"N\u00e1\u00f0u t\u00f6kum \u00e1 lettneskri m\u00e1lfr\u00e6\u00f0i af \u00f6ryggi - l\u00e6r\u00f0u reglur, \u00e6f\u00f0u notkun og b\u00e6ttu n\u00e1kv\u00e6mni tungum\u00e1lsins au\u00f0veldlega me\u00f0 s\u00e9rsni\u00f0inni gervigreindarlei\u00f0s\u00f6gn Talkpal .\" \/>\n<meta name=\"robots\" content=\"index, follow, max-snippet:-1, max-image-preview:large, max-video-preview:-1\" \/>\n<link rel=\"canonical\" href=\"https:\/\/talkpal.ai\/is\/lettnesk-malfraedi\/\" \/>\n<meta property=\"og:locale\" content=\"is_IS\" \/>\n<meta property=\"og:type\" content=\"article\" \/>\n<meta property=\"og:title\" content=\"Lettnesk m\u00e1lfr\u00e6\u00f0i\" \/>\n<meta property=\"og:description\" content=\"Fullkominn lei\u00f0arv\u00edsir um lettneska m\u00e1lfr\u00e6\u00f0i: Siglingar um ranghala einstaks tungum\u00e1ls Lettnesk m\u00e1lfr\u00e6\u00f0i, eins og tungum\u00e1li\u00f0 sj\u00e1lft, b\u00fd\u00f0ur upp \u00e1 r\u00edkan og\" \/>\n<meta property=\"og:url\" content=\"https:\/\/talkpal.ai\/is\/lettnesk-malfraedi\/\" \/>\n<meta property=\"og:site_name\" content=\"Talkpal\" \/>\n<meta property=\"article:publisher\" content=\"https:\/\/www.facebook.com\/profile.php?id=100090733639311\" \/>\n<meta property=\"article:modified_time\" content=\"2025-12-17T17:12:27+00:00\" \/>\n<meta property=\"og:image\" content=\"https:\/\/talkpal.ai\/wp-content\/uploads\/2023\/05\/latvia.png\" \/>\n\t<meta property=\"og:image:width\" content=\"512\" \/>\n\t<meta property=\"og:image:height\" content=\"512\" \/>\n\t<meta property=\"og:image:type\" content=\"image\/png\" \/>\n<meta name=\"twitter:card\" content=\"summary_large_image\" \/>\n<meta name=\"twitter:site\" content=\"@talkpalai\" \/>\n<meta name=\"twitter:label1\" content=\"Est. reading time\" \/>\n\t<meta name=\"twitter:data1\" content=\"4 minutes\" \/>\n<script type=\"application\/ld+json\" class=\"yoast-schema-graph\">{\"@context\":\"https:\/\/schema.org\",\"@graph\":[{\"@type\":\"WebPage\",\"@id\":\"https:\/\/talkpal.ai\/is\/lettnesk-malfraedi\/\",\"url\":\"https:\/\/talkpal.ai\/is\/lettnesk-malfraedi\/\",\"name\":\"Lettnesk m\u00e1lfr\u00e6\u00f0i - Talkpal\",\"isPartOf\":{\"@id\":\"https:\/\/talkpal.ai\/is\/#website\"},\"primaryImageOfPage\":{\"@id\":\"https:\/\/talkpal.ai\/is\/lettnesk-malfraedi\/#primaryimage\"},\"image\":{\"@id\":\"https:\/\/talkpal.ai\/is\/lettnesk-malfraedi\/#primaryimage\"},\"thumbnailUrl\":\"https:\/\/talkpal.ai\/wp-content\/uploads\/2023\/05\/latvia.png\",\"datePublished\":\"2023-05-14T14:10:24+00:00\",\"dateModified\":\"2025-12-17T17:12:27+00:00\",\"description\":\"N\u00e1\u00f0u t\u00f6kum \u00e1 lettneskri m\u00e1lfr\u00e6\u00f0i af \u00f6ryggi - l\u00e6r\u00f0u reglur, \u00e6f\u00f0u notkun og b\u00e6ttu n\u00e1kv\u00e6mni tungum\u00e1lsins au\u00f0veldlega me\u00f0 s\u00e9rsni\u00f0inni gervigreindarlei\u00f0s\u00f6gn Talkpal .\",\"breadcrumb\":{\"@id\":\"https:\/\/talkpal.ai\/is\/lettnesk-malfraedi\/#breadcrumb\"},\"inLanguage\":\"is\",\"potentialAction\":[{\"@type\":\"ReadAction\",\"target\":[\"https:\/\/talkpal.ai\/is\/lettnesk-malfraedi\/\"]}]},{\"@type\":\"ImageObject\",\"inLanguage\":\"is\",\"@id\":\"https:\/\/talkpal.ai\/is\/lettnesk-malfraedi\/#primaryimage\",\"url\":\"https:\/\/talkpal.ai\/wp-content\/uploads\/2023\/05\/latvia.png\",\"contentUrl\":\"https:\/\/talkpal.ai\/wp-content\/uploads\/2023\/05\/latvia.png\",\"width\":512,\"height\":512},{\"@type\":\"BreadcrumbList\",\"@id\":\"https:\/\/talkpal.ai\/is\/lettnesk-malfraedi\/#breadcrumb\",\"itemListElement\":[{\"@type\":\"ListItem\",\"position\":1,\"name\":\"Homepage\",\"item\":\"https:\/\/talkpal.ai\/is\/\"},{\"@type\":\"ListItem\",\"position\":2,\"name\":\"Lettnesk m\u00e1lfr\u00e6\u00f0i\"}]},{\"@type\":\"WebSite\",\"@id\":\"https:\/\/talkpal.ai\/is\/#website\",\"url\":\"https:\/\/talkpal.ai\/is\/\",\"name\":\"Talkpal\",\"description\":\"AI Language Learning\",\"publisher\":{\"@id\":\"https:\/\/talkpal.ai\/is\/#organization\"},\"alternateName\":\"Talkpal AI\",\"potentialAction\":[{\"@type\":\"SearchAction\",\"target\":{\"@type\":\"EntryPoint\",\"urlTemplate\":\"https:\/\/talkpal.ai\/is\/?s={search_term_string}\"},\"query-input\":{\"@type\":\"PropertyValueSpecification\",\"valueRequired\":true,\"valueName\":\"search_term_string\"}}],\"inLanguage\":\"is\"},{\"@type\":\"Organization\",\"@id\":\"https:\/\/talkpal.ai\/is\/#organization\",\"name\":\"Talkpal, Inc.\",\"alternateName\":\"Talkpal AI\",\"url\":\"https:\/\/talkpal.ai\/is\/\",\"logo\":{\"@type\":\"ImageObject\",\"inLanguage\":\"is\",\"@id\":\"https:\/\/talkpal.ai\/is\/#\/schema\/logo\/image\/\",\"url\":\"https:\/\/talkpal.ai\/wp-content\/uploads\/2024\/03\/Talkpal-Logo-Icon.png\",\"contentUrl\":\"https:\/\/talkpal.ai\/wp-content\/uploads\/2024\/03\/Talkpal-Logo-Icon.png\",\"width\":2880,\"height\":2880,\"caption\":\"Talkpal, Inc.\"},\"image\":{\"@id\":\"https:\/\/talkpal.ai\/is\/#\/schema\/logo\/image\/\"},\"sameAs\":[\"https:\/\/www.facebook.com\/profile.php?id=100090733639311\",\"https:\/\/x.com\/talkpalai\",\"https:\/\/www.linkedin.com\/company\/talkpal\/\",\"https:\/\/www.youtube.com\/@TalkPal\/\",\"https:\/\/www.tiktok.com\/@talkpal\",\"https:\/\/www.instagram.com\/talkpal_ai\/\",\"https:\/\/www.crunchbase.com\/organization\/talkpal-9cde\",\"https:\/\/www.g2.com\/products\/talkpal-for-business\/\",\"https:\/\/www.trustpilot.com\/review\/talkpal.ai\",\"https:\/\/www.capterra.com\/p\/10006800\/TalkPal\/\"],\"description\":\"Talkpal is a language learning web and mobile education app, powered by the latest AI technologies, that provides engaging experiences to its customers in many different languages to help them improve their language skills. Users can chat about unlimited amount of topics with the app and use other modes to practice their language learning.\",\"email\":\"support@talkpal.ai\",\"legalName\":\"Talkpal, Inc.\",\"foundingDate\":\"2023-04-03\",\"duns\":\"118989042\",\"numberOfEmployees\":{\"@type\":\"QuantitativeValue\",\"minValue\":\"11\",\"maxValue\":\"50\"},\"publishingPrinciples\":\"https:\/\/talkpal.ai\/publishing-principles\/\",\"actionableFeedbackPolicy\":\"https:\/\/talkpal.ai\/actionable-feedback-policy\/\",\"correctionsPolicy\":\"https:\/\/talkpal.ai\/corrections-policy\/\",\"ethicsPolicy\":\"https:\/\/talkpal.ai\/ethics-policy\/\",\"diversityPolicy\":\"https:\/\/talkpal.ai\/diversity-policy\/\",\"diversityStaffingReport\":\"https:\/\/talkpal.ai\/diversity-policy\/\"}]}<\/script>\n<!-- \/ Yoast SEO Premium plugin. -->","yoast_head_json":{"title":"Lettnesk m\u00e1lfr\u00e6\u00f0i - Talkpal","description":"N\u00e1\u00f0u t\u00f6kum \u00e1 lettneskri m\u00e1lfr\u00e6\u00f0i af \u00f6ryggi - l\u00e6r\u00f0u reglur, \u00e6f\u00f0u notkun og b\u00e6ttu n\u00e1kv\u00e6mni tungum\u00e1lsins au\u00f0veldlega me\u00f0 s\u00e9rsni\u00f0inni gervigreindarlei\u00f0s\u00f6gn Talkpal .","robots":{"index":"index","follow":"follow","max-snippet":"max-snippet:-1","max-image-preview":"max-image-preview:large","max-video-preview":"max-video-preview:-1"},"canonical":"https:\/\/talkpal.ai\/is\/lettnesk-malfraedi\/","og_locale":"is_IS","og_type":"article","og_title":"Lettnesk m\u00e1lfr\u00e6\u00f0i","og_description":"Fullkominn lei\u00f0arv\u00edsir um lettneska m\u00e1lfr\u00e6\u00f0i: Siglingar um ranghala einstaks tungum\u00e1ls Lettnesk m\u00e1lfr\u00e6\u00f0i, eins og tungum\u00e1li\u00f0 sj\u00e1lft, b\u00fd\u00f0ur upp \u00e1 r\u00edkan og","og_url":"https:\/\/talkpal.ai\/is\/lettnesk-malfraedi\/","og_site_name":"Talkpal","article_publisher":"https:\/\/www.facebook.com\/profile.php?id=100090733639311","article_modified_time":"2025-12-17T17:12:27+00:00","og_image":[{"width":512,"height":512,"url":"https:\/\/talkpal.ai\/wp-content\/uploads\/2023\/05\/latvia.png","type":"image\/png"}],"twitter_card":"summary_large_image","twitter_site":"@talkpalai","twitter_misc":{"Est. reading time":"4 minutes"},"schema":{"@context":"https:\/\/schema.org","@graph":[{"@type":"WebPage","@id":"https:\/\/talkpal.ai\/is\/lettnesk-malfraedi\/","url":"https:\/\/talkpal.ai\/is\/lettnesk-malfraedi\/","name":"Lettnesk m\u00e1lfr\u00e6\u00f0i - Talkpal","isPartOf":{"@id":"https:\/\/talkpal.ai\/is\/#website"},"primaryImageOfPage":{"@id":"https:\/\/talkpal.ai\/is\/lettnesk-malfraedi\/#primaryimage"},"image":{"@id":"https:\/\/talkpal.ai\/is\/lettnesk-malfraedi\/#primaryimage"},"thumbnailUrl":"https:\/\/talkpal.ai\/wp-content\/uploads\/2023\/05\/latvia.png","datePublished":"2023-05-14T14:10:24+00:00","dateModified":"2025-12-17T17:12:27+00:00","description":"N\u00e1\u00f0u t\u00f6kum \u00e1 lettneskri m\u00e1lfr\u00e6\u00f0i af \u00f6ryggi - l\u00e6r\u00f0u reglur, \u00e6f\u00f0u notkun og b\u00e6ttu n\u00e1kv\u00e6mni tungum\u00e1lsins au\u00f0veldlega me\u00f0 s\u00e9rsni\u00f0inni gervigreindarlei\u00f0s\u00f6gn Talkpal .","breadcrumb":{"@id":"https:\/\/talkpal.ai\/is\/lettnesk-malfraedi\/#breadcrumb"},"inLanguage":"is","potentialAction":[{"@type":"ReadAction","target":["https:\/\/talkpal.ai\/is\/lettnesk-malfraedi\/"]}]},{"@type":"ImageObject","inLanguage":"is","@id":"https:\/\/talkpal.ai\/is\/lettnesk-malfraedi\/#primaryimage","url":"https:\/\/talkpal.ai\/wp-content\/uploads\/2023\/05\/latvia.png","contentUrl":"https:\/\/talkpal.ai\/wp-content\/uploads\/2023\/05\/latvia.png","width":512,"height":512},{"@type":"BreadcrumbList","@id":"https:\/\/talkpal.ai\/is\/lettnesk-malfraedi\/#breadcrumb","itemListElement":[{"@type":"ListItem","position":1,"name":"Homepage","item":"https:\/\/talkpal.ai\/is\/"},{"@type":"ListItem","position":2,"name":"Lettnesk m\u00e1lfr\u00e6\u00f0i"}]},{"@type":"WebSite","@id":"https:\/\/talkpal.ai\/is\/#website","url":"https:\/\/talkpal.ai\/is\/","name":"Talkpal","description":"AI Language Learning","publisher":{"@id":"https:\/\/talkpal.ai\/is\/#organization"},"alternateName":"Talkpal AI","potentialAction":[{"@type":"SearchAction","target":{"@type":"EntryPoint","urlTemplate":"https:\/\/talkpal.ai\/is\/?s={search_term_string}"},"query-input":{"@type":"PropertyValueSpecification","valueRequired":true,"valueName":"search_term_string"}}],"inLanguage":"is"},{"@type":"Organization","@id":"https:\/\/talkpal.ai\/is\/#organization","name":"Talkpal, Inc.","alternateName":"Talkpal AI","url":"https:\/\/talkpal.ai\/is\/","logo":{"@type":"ImageObject","inLanguage":"is","@id":"https:\/\/talkpal.ai\/is\/#\/schema\/logo\/image\/","url":"https:\/\/talkpal.ai\/wp-content\/uploads\/2024\/03\/Talkpal-Logo-Icon.png","contentUrl":"https:\/\/talkpal.ai\/wp-content\/uploads\/2024\/03\/Talkpal-Logo-Icon.png","width":2880,"height":2880,"caption":"Talkpal, Inc."},"image":{"@id":"https:\/\/talkpal.ai\/is\/#\/schema\/logo\/image\/"},"sameAs":["https:\/\/www.facebook.com\/profile.php?id=100090733639311","https:\/\/x.com\/talkpalai","https:\/\/www.linkedin.com\/company\/talkpal\/","https:\/\/www.youtube.com\/@TalkPal\/","https:\/\/www.tiktok.com\/@talkpal","https:\/\/www.instagram.com\/talkpal_ai\/","https:\/\/www.crunchbase.com\/organization\/talkpal-9cde","https:\/\/www.g2.com\/products\/talkpal-for-business\/","https:\/\/www.trustpilot.com\/review\/talkpal.ai","https:\/\/www.capterra.com\/p\/10006800\/TalkPal\/"],"description":"Talkpal is a language learning web and mobile education app, powered by the latest AI technologies, that provides engaging experiences to its customers in many different languages to help them improve their language skills. Users can chat about unlimited amount of topics with the app and use other modes to practice their language learning.","email":"support@talkpal.ai","legalName":"Talkpal, Inc.","foundingDate":"2023-04-03","duns":"118989042","numberOfEmployees":{"@type":"QuantitativeValue","minValue":"11","maxValue":"50"},"publishingPrinciples":"https:\/\/talkpal.ai\/publishing-principles\/","actionableFeedbackPolicy":"https:\/\/talkpal.ai\/actionable-feedback-policy\/","correctionsPolicy":"https:\/\/talkpal.ai\/corrections-policy\/","ethicsPolicy":"https:\/\/talkpal.ai\/ethics-policy\/","diversityPolicy":"https:\/\/talkpal.ai\/diversity-policy\/","diversityStaffingReport":"https:\/\/talkpal.ai\/diversity-policy\/"}]}},"_links":{"self":[{"href":"https:\/\/talkpal.ai\/is\/wp-json\/wp\/v2\/pages\/145735","targetHints":{"allow":["GET"]}}],"collection":[{"href":"https:\/\/talkpal.ai\/is\/wp-json\/wp\/v2\/pages"}],"about":[{"href":"https:\/\/talkpal.ai\/is\/wp-json\/wp\/v2\/types\/page"}],"author":[{"embeddable":true,"href":"https:\/\/talkpal.ai\/is\/wp-json\/wp\/v2\/users\/1"}],"replies":[{"embeddable":true,"href":"https:\/\/talkpal.ai\/is\/wp-json\/wp\/v2\/comments?post=145735"}],"version-history":[{"count":0,"href":"https:\/\/talkpal.ai\/is\/wp-json\/wp\/v2\/pages\/145735\/revisions"}],"wp:featuredmedia":[{"embeddable":true,"href":"https:\/\/talkpal.ai\/is\/wp-json\/wp\/v2\/media\/114429"}],"wp:attachment":[{"href":"https:\/\/talkpal.ai\/is\/wp-json\/wp\/v2\/media?parent=145735"}],"curies":[{"name":"wp","href":"https:\/\/api.w.org\/{rel}","templated":true}]}}