{"id":145558,"date":"2023-05-14T14:09:47","date_gmt":"2023-05-14T14:09:47","guid":{"rendered":"http:\/\/talkpal.ai\/kannada-malfraedi\/"},"modified":"2025-12-11T16:23:20","modified_gmt":"2025-12-11T16:23:20","slug":"kannada-malfraedi","status":"publish","type":"page","link":"https:\/\/talkpal.ai\/is\/kannada-malfraedi\/","title":{"rendered":"Kannada M\u00e1lfr\u00e6\u00f0i"},"content":{"rendered":"\r\n\r\n\r\n<section class=\"languageChallengeSection\">\r\n    <div class=\"languageInfoWrapper\">\r\n        \r\n        <h1>Kannada M\u00e1lfr\u00e6\u00f0i<\/h1>\r\n        <p>Spenntur a\u00f0 kanna <a href=\"https:\/\/talkpal.ai\/learn-kannada\/\">Kannada<\/a>? Kaf\u00f0u \u00fe\u00e9r ofan \u00ed <a href=\"https:\/\/talkpal.ai\/kannada-grammar\/\">kannada m\u00e1lfr\u00e6\u00f0i<\/a>, sem b\u00fd\u00f0ur upp \u00e1 r\u00edkulegar sagnabeygingar, kynjaskipt nafnor\u00f0 og r\u00f6kfr\u00e6\u00f0ilegt fallkerfi sem l\u00edfgar upp \u00e1 tungum\u00e1li\u00f0. Byrja\u00f0u a\u00f0 l\u00e6ra \u00ed dag \u2014 a\u00f0 n\u00e1 g\u00f3\u00f0um t\u00f6kum \u00e1 kannada <a href=\"https:\/\/talkpal.ai\/grammar\/\">m\u00e1lfr\u00e6\u00f0i<\/a> mun gefa \u00fe\u00e9r verkf\u00e6rin til a\u00f0 tengjast dj\u00fapt vi\u00f0 l\u00edflega menningu Karnataka og eiga samskipti af \u00f6ryggi \u00e1 einu af tj\u00e1ningarfyllstu tungum\u00e1lum Su\u00f0ur-Indlands!<\/p>\r\n\r\n                            <a class=\"getStartedHidden\" href=\"https:\/\/app.talkpal.ai\/signup?lng=\">Byrja\u00f0u<\/a>\r\n        \r\n    <\/div>\r\n\r\n    <figure>\r\n    <img decoding=\"async\" width=\"768\" height=\"768\" src=\"https:\/\/talkpal.ai\/wp-content\/uploads\/2023\/06\/Kannada-768x768.png\" class=\"languageImage no-lazy\" alt=\"Language learning for increased mental flexibility\" fetchpriority=\"high\" sizes=\"(max-width: 768px) 150px, 768px\" srcset=\"https:\/\/talkpal.ai\/wp-content\/uploads\/2023\/06\/Kannada-768x768.png 768w, https:\/\/talkpal.ai\/wp-content\/uploads\/2023\/06\/Kannada-300x300.png 300w\" \/>\r\n    \r\n\r\n    <\/figure>\r\n\r\n            <a class=\"getStartedVisible\" href=\"https:\/\/app.talkpal.ai\/signup?lng=\">Byrja\u00f0u<\/a>\r\n    \r\n<\/section>\r\n<section class=\"promotionalBanner\">\r\n    <p class=\"promotionalText\">Skilvirkasta lei\u00f0in til a\u00f0 l\u00e6ra tungum\u00e1l<\/p>\r\n    <a class=\"promotionalLink\" href=\"https:\/\/app.talkpal.ai\/signup?lng=\">Pr\u00f3fa\u00f0u Talkpal \u00f3keypis<\/a>\r\n<\/section>\n<div class=\"wp-block-group pageContainerStyle\"><div class=\"wp-block-group__inner-container is-layout-constrained wp-block-group-is-layout-constrained\">\n<h2 class=\"wp-block-heading\" id=\"h-kannada-grammar-an-insight-into-the-richness-of-the-dravidian-language\">Kannada Grammar: Inns\u00fdn \u00ed richness af Dravidian Language<\/h2>\n\n\n\n<p>Hefur \u00fe\u00fa einhvern t\u00edma velt fyrir \u00fe\u00e9r tungum\u00e1lafj\u00f6lbreytileika Indlands? Sem tungum\u00e1la\u00e1hugama\u00f0ur e\u00f0a forvitinn nemandi g\u00e6tir\u00f0u haft \u00e1huga \u00e1 a\u00f0 sko\u00f0a n\u00e1nar eitt af klass\u00edsku tungum\u00e1lum Indlands &#8211; Kannada. Kannada er dravid\u00edskt tungum\u00e1l sem tala\u00f0 er a\u00f0allega \u00ed su\u00f0urhluta Karnataka. \u00dea\u00f0 er m\u00f3\u00f0urm\u00e1l um \u00fea\u00f0 bil 44 millj\u00f3na manna, sem gerir \u00fea\u00f0 a\u00f0 einu helsta indverska tungum\u00e1linu. Vi\u00f0 skulum kafa dj\u00fapt inn \u00ed heillandi heim Kannada m\u00e1lfr\u00e6\u00f0i og l\u00e6ra meira um \u00feetta fallega tungum\u00e1l.<\/p>\n\n\n\n<h3 class=\"wp-block-heading\" id=\"h-the-linguistic-alphabet-kannada-script\">Tungum\u00e1la stafr\u00f3fi\u00f0: Kannada Script<\/h3>\n\n\n\n<p>Kannada handrit, einnig \u00feekkt sem \u201e\u0c95\u0ca8\u0ccd\u0ca8\u0ca1 \u0cb2\u0cbf\u0caa\u0cbf\u201c (Kannada Lipi), er abugida \u2013 ritkerfi me\u00f0 stafr\u00f3fsstafi. Hver stafur t\u00e1knar mismunandi samsetningu samhlj\u00f3\u00f0a og s\u00e9rhlj\u00f3\u00f0a. Handriti\u00f0 samanstendur af 49 pers\u00f3num, \u00fear af 34 samhlj\u00f3\u00f0um og 13 s\u00e9rhlj\u00f3\u00f0um. Me\u00f0 sj\u00f3nr\u00e6nt s\u00e9rstakt \u00fatlit er Kannada handriti\u00f0 fr\u00e1b\u00e6rlega einst\u00f6k lei\u00f0 til a\u00f0 koma hlj\u00f3\u00f0um og merkingum tungum\u00e1lsins \u00e1 framf\u00e6ri.<\/p>\n\n\n\n<h3 class=\"wp-block-heading\" id=\"h-nouns-pronouns-and-cases-more-than-meets-the-eye\">Nafnor\u00f0, forn\u00f6fn og f\u00f6ll \u2013 meira en m\u00e6tir auganu<\/h3>\n\n\n\n<p>Kannada nafnor\u00f0 eru einst\u00f6k vegna fallbeygingarkerfis \u00feeirra &#8211; \u00feau fylgja m\u00e1lkerfi l\u00edkt og \u00f6nnur dravid\u00edsk tungum\u00e1l. \u00dea\u00f0 eru \u00e1tta tilfelli \u00ed Kannada, sem hj\u00e1lpa til vi\u00f0 a\u00f0 skilgreina sambandi\u00f0 milli nafnor\u00f0sins og annarra or\u00f0a \u00ed setningunni: nafnor\u00f0, \u00e1sakandi, instrumental, dative, ablative, genitive, locative og vocative. Nafnor\u00f0 \u00ed Kannada eru einnig flokku\u00f0 eftir kyni (karlkyns, kvenkyns og hvorugkyns) og fj\u00f6lda (eint\u00f6lu, fleirt\u00f6lu og tv\u00edskiptur &#8211; sjaldg\u00e6fur eiginleiki me\u00f0al indverskra tungum\u00e1la).<\/p>\n\n\n\n<p>Forn\u00f6fn \u00ed Kannada eru l\u00edka heillandi. \u00deeir bera greinarmun \u00e1 hverri pers\u00f3nu (fyrsta, annarri og \u00feri\u00f0ju), t\u00f6lu (eint\u00f6lu, fleirt\u00f6lu og tv\u00edt\u00f6lu) og kyni (karlkyns, kvenkyns og hvorugkyns). A\u00f0 auki hefur Kannada nokkur hei\u00f0ursform \u00e1varps, sem s\u00fdnir fram \u00e1 menningarlega \u00fe\u00e6tti tungum\u00e1lsins, vir\u00f0ingu og kurteisi.<\/p>\n\n\n\n<h3 class=\"wp-block-heading\" id=\"h-venturing-into-verbs-tenses-aspects-and-moods\">H\u00e6ttuspil \u00ed sagnir: Spennur, \u00fe\u00e6ttir og skap<\/h3>\n\n\n\n<p>Kannada sagnir einkennast af r\u00edku kerfi beygingar. Sagnir eru beyg\u00f0ar eftir spennu (fort\u00ed\u00f0, n\u00fat\u00ed\u00f0 og framt\u00ed\u00f0), \u00fe\u00e6tti (fullkominn e\u00f0a \u00f3fullkominn) og skapi (lei\u00f0beinandi, mikilv\u00e6gur og skilyrtur). Enn fl\u00e6kjustig b\u00e6tist vi\u00f0 me\u00f0 n\u00e6rveru orsakasagna og \u00f3virkra og virkra radda. Samtengingin fer eftir pers\u00f3nu, t\u00f6lu og kyni, sem gerir Kannada sagnaform mj\u00f6g beyg\u00f0 og fl\u00f3kin.<\/p>\n\n\n\n<h3 class=\"wp-block-heading\" id=\"h-adjectives-adverbs-and-more\">L\u00fdsingaror\u00f0, atviksor\u00f0 og fleira<\/h3>\n\n\n\n<p>Kannada l\u00fdsingaror\u00f0 og t\u00f6lustafir eru samm\u00e1la nafnor\u00f0unum sem \u00feeir breyta hva\u00f0 var\u00f0ar kyn, t\u00f6lu og fall. L\u00fdsingaror\u00f0 geta beygst \u00e1 <a href=\"https:\/\/talkpal.ai\/locations\/language-courses-in-sama\/\">sama<\/a> h\u00e1tt og nafnor\u00f0 og jafnvel veri\u00f0 sameinu\u00f0 til a\u00f0 mynda atviksor\u00f0. Tungum\u00e1li\u00f0 notar einnig \u00fdmsar samtengingar, agnir og forsetningar til a\u00f0 lei\u00f0a saman setningar og hluta \u00feeirra \u00ed samhangandi og tj\u00e1ningarr\u00edka heild.<\/p>\n\n\n\n<h3 class=\"wp-block-heading\" id=\"h-embracing-the-beauty-of-kannada-grammar\">Fa\u00f0ma fegur\u00f0 Kannada m\u00e1lfr\u00e6\u00f0i<\/h3>\n\n\n\n<p>Heimur Kannada m\u00e1lfr\u00e6\u00f0i er eins heillandi og \u00fea\u00f0 er fl\u00f3ki\u00f0. The fl\u00f3kinn tilfelli kerfi, einstakt handrit, og mj\u00f6g inflected s\u00f6gn ey\u00f0ubl\u00f6\u00f0 gefa Kannada \u00feokki og richness. Me\u00f0 \u00fev\u00ed a\u00f0 kafa ofan \u00ed svi\u00f0 \u00feessa st\u00f3rkostlega tungum\u00e1ls \u00f6\u00f0last \u00fe\u00fa d\u00fdpri skilning \u00e1 tungum\u00e1la- og menningarlegum fj\u00f6lbreytileika Indlands.<\/p>\n\n\n\n<p>Svo, hvers vegna ekki a\u00f0 kanna fegur\u00f0 Kannada frekar? Af \u00e1str\u00ed\u00f0u og forvitni g\u00e6tir\u00f0u flj\u00f3tlega noti\u00f0 gl\u00e6silegra b\u00f3kmennta, kvikmynda og t\u00f3nlistar \u00e1 \u00feessu tignarlega tungum\u00e1li. Gle\u00f0ilegt n\u00e1m!<\/p>\n<\/div><\/div>\n\r\n<section class=\"learnNavigationSection\">\r\n            \r\n        <a href=\"https:\/\/talkpal.ai\/is\/laerdu-kannada\/\">\r\n            <div class=\"learnNavigationWrapper\">\r\n                <div class=\"learnNavigationContent\">\r\n                    <img decoding=\"async\" src=\"https:\/\/talkpal.ai\/wp-content\/uploads\/2024\/08\/Kannada.jpg\" alt=\"Indian Simplified Flag\">\r\n                    <div>\r\n                        <h4>Um Kannada Learning<\/h4>\r\n                        <p>Finna \u00fat allt um Kannada m\u00e1lfr\u00e6\u00f0i.<\/p>\r\n                    <\/div>\r\n                <\/div>\r\n            <\/div>\r\n        <\/a>\r\n\r\n        \r\n        <a href=\"https:\/\/talkpal.ai\/is\/kannada-malfraedi-aefingar\/\">\r\n            <div class=\"learnNavigationWrapper\">\r\n                <div class=\"learnNavigationContent\">\r\n                    <img decoding=\"async\" src=\"https:\/\/talkpal.ai\/wp-content\/uploads\/2024\/08\/Kannada.jpg\" alt=\"Indian Simplified Flag\">\r\n                    <div>\r\n                        <h4>Kannada m\u00e1lfr\u00e6\u00f0i\u00e6fing<\/h4>\r\n                        <p>Practice Kannada m\u00e1lfr\u00e6\u00f0i.<\/p>\r\n                    <\/div>\r\n                <\/div>\r\n            <\/div>\r\n        <\/a>\r\n\r\n        \r\n        <a href=\"https:\/\/talkpal.ai\/vocabulary_language\/kannada\/\">\r\n            <div class=\"learnNavigationWrapper\">\r\n                <div class=\"learnNavigationContent\">\r\n                    <img decoding=\"async\" src=\"https:\/\/talkpal.ai\/wp-content\/uploads\/2024\/08\/Kannada.jpg\" alt=\"Indian Simplified Flag\">\r\n                    <div>\r\n                        <h4>Kannada or\u00f0afor\u00f0i<\/h4>\r\n                        <p>St\u00e6kka\u00f0u Kannada or\u00f0afor\u00f0a \u00feinn.<\/p>\r\n                    <\/div>\r\n                <\/div>\r\n            <\/div>\r\n        <\/a>\r\n\r\n            <\/section>","protected":false},"excerpt":{"rendered":"<p>Kannada Grammar: Inns\u00fdn \u00ed richness af Dravidian Language Hefur \u00fe\u00fa einhvern t\u00edma velt fyrir \u00fe\u00e9r tungum\u00e1lafj\u00f6lbreytileika Indlands? Sem tungum\u00e1la\u00e1hugama\u00f0ur e\u00f0a forvitinn nemandi g\u00e6tir\u00f0u haft \u00e1huga \u00e1 a\u00f0 sko\u00f0a n\u00e1nar eitt af klass\u00edsku tungum\u00e1lum Indlands &#8211; Kannada. Kannada er dravid\u00edskt tungum\u00e1l sem tala\u00f0 er a\u00f0allega \u00ed su\u00f0urhluta Karnataka. \u00dea\u00f0 er m\u00f3\u00f0urm\u00e1l um \u00fea\u00f0 bil 44 millj\u00f3na [&hellip;]<\/p>\n","protected":false},"author":1,"featured_media":113751,"parent":0,"menu_order":0,"comment_status":"closed","ping_status":"closed","template":"LearningContentPage.php","meta":{"_acf_changed":false,"footnotes":""},"class_list":["post-145558","page","type-page","status-publish","has-post-thumbnail","hentry"],"acf":[],"yoast_head":"<!-- This site is optimized with the Yoast SEO Premium plugin v27.2 (Yoast SEO v27.2) - https:\/\/yoast.com\/product\/yoast-seo-premium-wordpress\/ -->\n<title>Kannada M\u00e1lfr\u00e6\u00f0i - Talkpal<\/title>\n<meta name=\"description\" content=\"L\u00e6r\u00f0u kannada m\u00e1lfr\u00e6\u00f0i af \u00f6ryggi - skildu lykilreglur, skerptu setningarbyggingu og auktu fl\u00e6\u00f0i\" \/>\n<meta name=\"robots\" content=\"index, follow, max-snippet:-1, max-image-preview:large, max-video-preview:-1\" \/>\n<link rel=\"canonical\" href=\"https:\/\/talkpal.ai\/is\/kannada-malfraedi\/\" \/>\n<meta property=\"og:locale\" content=\"is_IS\" \/>\n<meta property=\"og:type\" content=\"article\" \/>\n<meta property=\"og:title\" content=\"Kannada M\u00e1lfr\u00e6\u00f0i\" \/>\n<meta property=\"og:description\" content=\"Kannada Grammar: Inns\u00fdn \u00ed richness af Dravidian Language Hefur \u00fe\u00fa einhvern t\u00edma velt fyrir \u00fe\u00e9r tungum\u00e1lafj\u00f6lbreytileika Indlands? Sem tungum\u00e1la\u00e1hugama\u00f0ur\" \/>\n<meta property=\"og:url\" content=\"https:\/\/talkpal.ai\/is\/kannada-malfraedi\/\" \/>\n<meta property=\"og:site_name\" content=\"Talkpal\" \/>\n<meta property=\"article:publisher\" content=\"https:\/\/www.facebook.com\/profile.php?id=100090733639311\" \/>\n<meta property=\"article:modified_time\" content=\"2025-12-11T16:23:20+00:00\" \/>\n<meta property=\"og:image\" content=\"https:\/\/talkpal.ai\/wp-content\/uploads\/2023\/05\/Kannada-india.png\" \/>\n\t<meta property=\"og:image:width\" content=\"512\" \/>\n\t<meta property=\"og:image:height\" content=\"512\" \/>\n\t<meta property=\"og:image:type\" content=\"image\/png\" \/>\n<meta name=\"twitter:card\" content=\"summary_large_image\" \/>\n<meta name=\"twitter:site\" content=\"@talkpalai\" \/>\n<meta name=\"twitter:label1\" content=\"Est. reading time\" \/>\n\t<meta name=\"twitter:data1\" content=\"3 minutes\" \/>\n<script type=\"application\/ld+json\" class=\"yoast-schema-graph\">{\"@context\":\"https:\/\/schema.org\",\"@graph\":[{\"@type\":\"WebPage\",\"@id\":\"https:\/\/talkpal.ai\/is\/kannada-malfraedi\/\",\"url\":\"https:\/\/talkpal.ai\/is\/kannada-malfraedi\/\",\"name\":\"Kannada M\u00e1lfr\u00e6\u00f0i - Talkpal\",\"isPartOf\":{\"@id\":\"https:\/\/talkpal.ai\/is\/#website\"},\"primaryImageOfPage\":{\"@id\":\"https:\/\/talkpal.ai\/is\/kannada-malfraedi\/#primaryimage\"},\"image\":{\"@id\":\"https:\/\/talkpal.ai\/is\/kannada-malfraedi\/#primaryimage\"},\"thumbnailUrl\":\"https:\/\/talkpal.ai\/wp-content\/uploads\/2023\/05\/Kannada-india.png\",\"datePublished\":\"2023-05-14T14:09:47+00:00\",\"dateModified\":\"2025-12-11T16:23:20+00:00\",\"description\":\"L\u00e6r\u00f0u kannada m\u00e1lfr\u00e6\u00f0i af \u00f6ryggi - skildu lykilreglur, skerptu setningarbyggingu og auktu fl\u00e6\u00f0i\",\"breadcrumb\":{\"@id\":\"https:\/\/talkpal.ai\/is\/kannada-malfraedi\/#breadcrumb\"},\"inLanguage\":\"is\",\"potentialAction\":[{\"@type\":\"ReadAction\",\"target\":[\"https:\/\/talkpal.ai\/is\/kannada-malfraedi\/\"]}]},{\"@type\":\"ImageObject\",\"inLanguage\":\"is\",\"@id\":\"https:\/\/talkpal.ai\/is\/kannada-malfraedi\/#primaryimage\",\"url\":\"https:\/\/talkpal.ai\/wp-content\/uploads\/2023\/05\/Kannada-india.png\",\"contentUrl\":\"https:\/\/talkpal.ai\/wp-content\/uploads\/2023\/05\/Kannada-india.png\",\"width\":512,\"height\":512},{\"@type\":\"BreadcrumbList\",\"@id\":\"https:\/\/talkpal.ai\/is\/kannada-malfraedi\/#breadcrumb\",\"itemListElement\":[{\"@type\":\"ListItem\",\"position\":1,\"name\":\"Homepage\",\"item\":\"https:\/\/talkpal.ai\/is\/\"},{\"@type\":\"ListItem\",\"position\":2,\"name\":\"Kannada M\u00e1lfr\u00e6\u00f0i\"}]},{\"@type\":\"WebSite\",\"@id\":\"https:\/\/talkpal.ai\/is\/#website\",\"url\":\"https:\/\/talkpal.ai\/is\/\",\"name\":\"Talkpal\",\"description\":\"AI Language Learning\",\"publisher\":{\"@id\":\"https:\/\/talkpal.ai\/is\/#organization\"},\"alternateName\":\"Talkpal AI\",\"potentialAction\":[{\"@type\":\"SearchAction\",\"target\":{\"@type\":\"EntryPoint\",\"urlTemplate\":\"https:\/\/talkpal.ai\/is\/?s={search_term_string}\"},\"query-input\":{\"@type\":\"PropertyValueSpecification\",\"valueRequired\":true,\"valueName\":\"search_term_string\"}}],\"inLanguage\":\"is\"},{\"@type\":\"Organization\",\"@id\":\"https:\/\/talkpal.ai\/is\/#organization\",\"name\":\"Talkpal, Inc.\",\"alternateName\":\"Talkpal AI\",\"url\":\"https:\/\/talkpal.ai\/is\/\",\"logo\":{\"@type\":\"ImageObject\",\"inLanguage\":\"is\",\"@id\":\"https:\/\/talkpal.ai\/is\/#\/schema\/logo\/image\/\",\"url\":\"https:\/\/talkpal.ai\/wp-content\/uploads\/2024\/03\/Talkpal-Logo-Icon.png\",\"contentUrl\":\"https:\/\/talkpal.ai\/wp-content\/uploads\/2024\/03\/Talkpal-Logo-Icon.png\",\"width\":2880,\"height\":2880,\"caption\":\"Talkpal, Inc.\"},\"image\":{\"@id\":\"https:\/\/talkpal.ai\/is\/#\/schema\/logo\/image\/\"},\"sameAs\":[\"https:\/\/www.facebook.com\/profile.php?id=100090733639311\",\"https:\/\/x.com\/talkpalai\",\"https:\/\/www.linkedin.com\/company\/talkpal\/\",\"https:\/\/www.youtube.com\/@TalkPal\/\",\"https:\/\/www.tiktok.com\/@talkpal\",\"https:\/\/www.instagram.com\/talkpal_ai\/\",\"https:\/\/www.crunchbase.com\/organization\/talkpal-9cde\",\"https:\/\/www.g2.com\/products\/talkpal-for-business\/\",\"https:\/\/www.trustpilot.com\/review\/talkpal.ai\",\"https:\/\/www.capterra.com\/p\/10006800\/TalkPal\/\"],\"description\":\"Talkpal is a language learning web and mobile education app, powered by the latest AI technologies, that provides engaging experiences to its customers in many different languages to help them improve their language skills. Users can chat about unlimited amount of topics with the app and use other modes to practice their language learning.\",\"email\":\"support@talkpal.ai\",\"legalName\":\"Talkpal, Inc.\",\"foundingDate\":\"2023-04-03\",\"duns\":\"118989042\",\"numberOfEmployees\":{\"@type\":\"QuantitativeValue\",\"minValue\":\"11\",\"maxValue\":\"50\"},\"publishingPrinciples\":\"https:\/\/talkpal.ai\/publishing-principles\/\",\"actionableFeedbackPolicy\":\"https:\/\/talkpal.ai\/actionable-feedback-policy\/\",\"correctionsPolicy\":\"https:\/\/talkpal.ai\/corrections-policy\/\",\"ethicsPolicy\":\"https:\/\/talkpal.ai\/ethics-policy\/\",\"diversityPolicy\":\"https:\/\/talkpal.ai\/diversity-policy\/\",\"diversityStaffingReport\":\"https:\/\/talkpal.ai\/diversity-policy\/\"}]}<\/script>\n<!-- \/ Yoast SEO Premium plugin. -->","yoast_head_json":{"title":"Kannada M\u00e1lfr\u00e6\u00f0i - Talkpal","description":"L\u00e6r\u00f0u kannada m\u00e1lfr\u00e6\u00f0i af \u00f6ryggi - skildu lykilreglur, skerptu setningarbyggingu og auktu fl\u00e6\u00f0i","robots":{"index":"index","follow":"follow","max-snippet":"max-snippet:-1","max-image-preview":"max-image-preview:large","max-video-preview":"max-video-preview:-1"},"canonical":"https:\/\/talkpal.ai\/is\/kannada-malfraedi\/","og_locale":"is_IS","og_type":"article","og_title":"Kannada M\u00e1lfr\u00e6\u00f0i","og_description":"Kannada Grammar: Inns\u00fdn \u00ed richness af Dravidian Language Hefur \u00fe\u00fa einhvern t\u00edma velt fyrir \u00fe\u00e9r tungum\u00e1lafj\u00f6lbreytileika Indlands? Sem tungum\u00e1la\u00e1hugama\u00f0ur","og_url":"https:\/\/talkpal.ai\/is\/kannada-malfraedi\/","og_site_name":"Talkpal","article_publisher":"https:\/\/www.facebook.com\/profile.php?id=100090733639311","article_modified_time":"2025-12-11T16:23:20+00:00","og_image":[{"width":512,"height":512,"url":"https:\/\/talkpal.ai\/wp-content\/uploads\/2023\/05\/Kannada-india.png","type":"image\/png"}],"twitter_card":"summary_large_image","twitter_site":"@talkpalai","twitter_misc":{"Est. reading time":"3 minutes"},"schema":{"@context":"https:\/\/schema.org","@graph":[{"@type":"WebPage","@id":"https:\/\/talkpal.ai\/is\/kannada-malfraedi\/","url":"https:\/\/talkpal.ai\/is\/kannada-malfraedi\/","name":"Kannada M\u00e1lfr\u00e6\u00f0i - Talkpal","isPartOf":{"@id":"https:\/\/talkpal.ai\/is\/#website"},"primaryImageOfPage":{"@id":"https:\/\/talkpal.ai\/is\/kannada-malfraedi\/#primaryimage"},"image":{"@id":"https:\/\/talkpal.ai\/is\/kannada-malfraedi\/#primaryimage"},"thumbnailUrl":"https:\/\/talkpal.ai\/wp-content\/uploads\/2023\/05\/Kannada-india.png","datePublished":"2023-05-14T14:09:47+00:00","dateModified":"2025-12-11T16:23:20+00:00","description":"L\u00e6r\u00f0u kannada m\u00e1lfr\u00e6\u00f0i af \u00f6ryggi - skildu lykilreglur, skerptu setningarbyggingu og auktu fl\u00e6\u00f0i","breadcrumb":{"@id":"https:\/\/talkpal.ai\/is\/kannada-malfraedi\/#breadcrumb"},"inLanguage":"is","potentialAction":[{"@type":"ReadAction","target":["https:\/\/talkpal.ai\/is\/kannada-malfraedi\/"]}]},{"@type":"ImageObject","inLanguage":"is","@id":"https:\/\/talkpal.ai\/is\/kannada-malfraedi\/#primaryimage","url":"https:\/\/talkpal.ai\/wp-content\/uploads\/2023\/05\/Kannada-india.png","contentUrl":"https:\/\/talkpal.ai\/wp-content\/uploads\/2023\/05\/Kannada-india.png","width":512,"height":512},{"@type":"BreadcrumbList","@id":"https:\/\/talkpal.ai\/is\/kannada-malfraedi\/#breadcrumb","itemListElement":[{"@type":"ListItem","position":1,"name":"Homepage","item":"https:\/\/talkpal.ai\/is\/"},{"@type":"ListItem","position":2,"name":"Kannada M\u00e1lfr\u00e6\u00f0i"}]},{"@type":"WebSite","@id":"https:\/\/talkpal.ai\/is\/#website","url":"https:\/\/talkpal.ai\/is\/","name":"Talkpal","description":"AI Language Learning","publisher":{"@id":"https:\/\/talkpal.ai\/is\/#organization"},"alternateName":"Talkpal AI","potentialAction":[{"@type":"SearchAction","target":{"@type":"EntryPoint","urlTemplate":"https:\/\/talkpal.ai\/is\/?s={search_term_string}"},"query-input":{"@type":"PropertyValueSpecification","valueRequired":true,"valueName":"search_term_string"}}],"inLanguage":"is"},{"@type":"Organization","@id":"https:\/\/talkpal.ai\/is\/#organization","name":"Talkpal, Inc.","alternateName":"Talkpal AI","url":"https:\/\/talkpal.ai\/is\/","logo":{"@type":"ImageObject","inLanguage":"is","@id":"https:\/\/talkpal.ai\/is\/#\/schema\/logo\/image\/","url":"https:\/\/talkpal.ai\/wp-content\/uploads\/2024\/03\/Talkpal-Logo-Icon.png","contentUrl":"https:\/\/talkpal.ai\/wp-content\/uploads\/2024\/03\/Talkpal-Logo-Icon.png","width":2880,"height":2880,"caption":"Talkpal, Inc."},"image":{"@id":"https:\/\/talkpal.ai\/is\/#\/schema\/logo\/image\/"},"sameAs":["https:\/\/www.facebook.com\/profile.php?id=100090733639311","https:\/\/x.com\/talkpalai","https:\/\/www.linkedin.com\/company\/talkpal\/","https:\/\/www.youtube.com\/@TalkPal\/","https:\/\/www.tiktok.com\/@talkpal","https:\/\/www.instagram.com\/talkpal_ai\/","https:\/\/www.crunchbase.com\/organization\/talkpal-9cde","https:\/\/www.g2.com\/products\/talkpal-for-business\/","https:\/\/www.trustpilot.com\/review\/talkpal.ai","https:\/\/www.capterra.com\/p\/10006800\/TalkPal\/"],"description":"Talkpal is a language learning web and mobile education app, powered by the latest AI technologies, that provides engaging experiences to its customers in many different languages to help them improve their language skills. Users can chat about unlimited amount of topics with the app and use other modes to practice their language learning.","email":"support@talkpal.ai","legalName":"Talkpal, Inc.","foundingDate":"2023-04-03","duns":"118989042","numberOfEmployees":{"@type":"QuantitativeValue","minValue":"11","maxValue":"50"},"publishingPrinciples":"https:\/\/talkpal.ai\/publishing-principles\/","actionableFeedbackPolicy":"https:\/\/talkpal.ai\/actionable-feedback-policy\/","correctionsPolicy":"https:\/\/talkpal.ai\/corrections-policy\/","ethicsPolicy":"https:\/\/talkpal.ai\/ethics-policy\/","diversityPolicy":"https:\/\/talkpal.ai\/diversity-policy\/","diversityStaffingReport":"https:\/\/talkpal.ai\/diversity-policy\/"}]}},"_links":{"self":[{"href":"https:\/\/talkpal.ai\/is\/wp-json\/wp\/v2\/pages\/145558","targetHints":{"allow":["GET"]}}],"collection":[{"href":"https:\/\/talkpal.ai\/is\/wp-json\/wp\/v2\/pages"}],"about":[{"href":"https:\/\/talkpal.ai\/is\/wp-json\/wp\/v2\/types\/page"}],"author":[{"embeddable":true,"href":"https:\/\/talkpal.ai\/is\/wp-json\/wp\/v2\/users\/1"}],"replies":[{"embeddable":true,"href":"https:\/\/talkpal.ai\/is\/wp-json\/wp\/v2\/comments?post=145558"}],"version-history":[{"count":0,"href":"https:\/\/talkpal.ai\/is\/wp-json\/wp\/v2\/pages\/145558\/revisions"}],"wp:featuredmedia":[{"embeddable":true,"href":"https:\/\/talkpal.ai\/is\/wp-json\/wp\/v2\/media\/113751"}],"wp:attachment":[{"href":"https:\/\/talkpal.ai\/is\/wp-json\/wp\/v2\/media?parent=145558"}],"curies":[{"name":"wp","href":"https:\/\/api.w.org\/{rel}","templated":true}]}}