{"id":145215,"date":"2023-05-14T14:09:29","date_gmt":"2023-05-14T14:09:29","guid":{"rendered":"http:\/\/talkpal.ai\/indonesisk-malfraedi\/"},"modified":"2025-12-13T15:43:15","modified_gmt":"2025-12-13T15:43:15","slug":"indonesisk-malfraedi","status":"publish","type":"page","link":"https:\/\/talkpal.ai\/is\/indonesisk-malfraedi\/","title":{"rendered":"Ind\u00f3nes\u00edsk m\u00e1lfr\u00e6\u00f0i"},"content":{"rendered":"\r\n\r\n\r\n<section class=\"languageChallengeSection\">\r\n    <div class=\"languageInfoWrapper\">\r\n        \r\n        <h1>Ind\u00f3nes\u00edsk m\u00e1lfr\u00e6\u00f0i<\/h1>\r\n        <p>Hefur\u00f0u \u00e1huga \u00e1 a\u00f0 n\u00e1 g\u00f3\u00f0um t\u00f6kum \u00e1 ind\u00f3nes\u00edsku? Ind\u00f3nes\u00edska er eitt \u00fea\u00f0 tungum\u00e1l sem hentar best fyrir nemendur, me\u00f0 einfaldri <a href=\"https:\/\/talkpal.ai\/grammar\/\">m\u00e1lfr\u00e6\u00f0i<\/a> \u2014 engar sagnabeygingar, engin nafnor\u00f0akyn og einfaldri setningager\u00f0. Byrja\u00f0u fer\u00f0alag \u00feitt \u00ed dag og sj\u00e1\u00f0u hvernig skilningur \u00e1 ind\u00f3nes\u00edskri m\u00e1lfr\u00e6\u00f0i getur flj\u00f3tt opna\u00f0 \u00fe\u00e9r heim samskipta og l\u00edflegra menningarlegra upplifana!<\/p>\r\n\r\n                            <a class=\"getStartedHidden\" href=\"https:\/\/app.talkpal.ai\/signup?lng=\">Byrja\u00f0u<\/a>\r\n        \r\n    <\/div>\r\n\r\n    <figure>\r\n    <img decoding=\"async\" width=\"768\" height=\"768\" src=\"https:\/\/talkpal.ai\/wp-content\/uploads\/2023\/06\/indonesia-768x768.png\" class=\"languageImage no-lazy\" alt=\"Language learning for personal achievement\" fetchpriority=\"high\" sizes=\"(max-width: 768px) 150px, 768px\" srcset=\"https:\/\/talkpal.ai\/wp-content\/uploads\/2023\/06\/indonesia-768x768.png 768w, https:\/\/talkpal.ai\/wp-content\/uploads\/2023\/06\/indonesia-300x300.png 300w\" \/>\r\n    \r\n\r\n    <\/figure>\r\n\r\n            <a class=\"getStartedVisible\" href=\"https:\/\/app.talkpal.ai\/signup?lng=\">Byrja\u00f0u<\/a>\r\n    \r\n<\/section>\r\n<section class=\"promotionalBanner\">\r\n    <p class=\"promotionalText\"><\/p>\r\n    <a class=\"promotionalLink\" href=\"https:\/\/app.talkpal.ai\/signup?lng=\"><\/a>\r\n<\/section>\n<div class=\"wp-block-group pageContainerStyle\"><div class=\"wp-block-group__inner-container is-layout-constrained wp-block-group-is-layout-constrained\">\n<h2 class=\"wp-block-heading\" id=\"h-the-wonders-of-indonesian-grammar-a-guide-for-language-learners\">Undur ind\u00f3nes\u00edskrar m\u00e1lfr\u00e6\u00f0i: lei\u00f0arv\u00edsir fyrir tungum\u00e1lanema<\/h2>\n\n\n\n<p><a href=\"https:\/\/talkpal.ai\/indonesian-grammar\/\">Ind\u00f3nes\u00edsk m\u00e1lfr\u00e6\u00f0i<\/a> \u2013 einf\u00f6ld en gl\u00e6sileg, velkomin en samt gr\u00edpandi, a\u00f0gengileg en samt heillandi. \u00deegar \u00fe\u00fa leggur af sta\u00f0 \u00ed fer\u00f0 \u00fe\u00edna til a\u00f0 l\u00e6ra ind\u00f3nes\u00edsku tungum\u00e1li\u00f0, vertu viss um a\u00f0 \u00fea\u00f0 ver\u00f0ur \u00e1n\u00e6gjuleg reynsla a\u00f0 fa\u00f0ma m\u00e1lfr\u00e6\u00f0i \u00feess. Me\u00f0 \u00feessari grein stefnum vi\u00f0 a\u00f0 \u00fev\u00ed a\u00f0 veita \u00fe\u00e9r skilning \u00e1 lykil\u00fe\u00e1ttum ind\u00f3nes\u00edskrar m\u00e1lfr\u00e6\u00f0i og hj\u00e1lpa \u00fe\u00e9r a\u00f0 fa\u00f0ma fegur\u00f0 \u00feessa su\u00f0austur-as\u00edska tungum\u00e1ls.<\/p>\n\n\n\n<p>Vi\u00f0 skulum kafa ofan \u00ed grundvallar\u00fe\u00e6tti ind\u00f3nes\u00edskrar m\u00e1lfr\u00e6\u00f0i, me\u00f0 \u00fatsk\u00fdringum og d\u00e6mum sem <a href=\"https:\/\/talkpal.ai\/locations\/language-courses-in-gera\/\">gera<\/a> reglurnar og hugt\u00f6kin yndislega sk\u00fdr. Svo halla\u00f0u \u00fe\u00e9r aftur, slaka\u00f0u \u00e1 og leyf\u00f0u okkur a\u00f0 afhj\u00fapa heillandi leyndarm\u00e1l ind\u00f3nes\u00edskrar m\u00e1lfr\u00e6\u00f0i fyrir \u00feig.<\/p>\n\n\n\n<h3 class=\"wp-block-heading\" id=\"h-1-nouns-no-genders-no-plurals-no-stress\">1. Nafnor\u00f0: Engin kyn, engin fleirt\u00f6lu, ekkert stress!<\/h3>\n\n\n\n<p>Einn hressandi \u00fe\u00e1ttur ind\u00f3nes\u00edskrar m\u00e1lfr\u00e6\u00f0i er einfaldleiki nafnor\u00f0akerfisins. Ind\u00f3nes\u00edsk nafnor\u00f0 hafa ekki kyn e\u00f0a fleirt\u00f6lu. \u00deetta \u00fe\u00fd\u00f0ir a\u00f0 \u00fe\u00fa segir \u201eanjing\u201c (hundur) hvort sem \u00fe\u00fa \u00e1tt vi\u00f0 einn hvolp e\u00f0a h\u00f3p fullor\u00f0inna hunda.<\/p>\n\n\n\n<p>Til a\u00f0 tilgreina fleirt\u00f6lu getur\u00f0u anna\u00f0 hvort endurteki\u00f0 nafnor\u00f0i\u00f0 (td \u201eanak-anak\u201c fyrir \u201eb\u00f6rn\u201c) e\u00f0a nota\u00f0 magnhugtak eins og \u201ebanyak\u201c (margir) e\u00f0a \u201ebeberapa\u201c (sumir). \u00dea\u00f0 er \u00fea\u00f0! Er \u00fea\u00f0 ekki ferskur andbl\u00e6r mi\u00f0a\u00f0 vi\u00f0 \u00f6nnur tungum\u00e1l?<\/p>\n\n\n\n<h3 class=\"wp-block-heading\" id=\"h-2-pronouns-staying-humble-and-respectful\">2. Forn\u00f6fn: Vertu au\u00f0mj\u00fakur og vir\u00f0ingarfullur<\/h3>\n\n\n\n<p>Ind\u00f3nes\u00edsk m\u00e1lfr\u00e6\u00f0i notar mismunandi forn\u00f6fn sem byggjast \u00e1 mismunandi formsatri\u00f0um. A\u00f0 nota vi\u00f0eigandi fornafn \u00feegar \u00fe\u00fa \u00e1varpar einhvern er nau\u00f0synlegt til a\u00f0 s\u00fdna vir\u00f0ingu og au\u00f0m\u00fdkt. Til d\u00e6mis er \u201eaku\u201c (\u00e9g\/\u00e9g) frj\u00e1lslegur og n\u00e1inn, \u201esaya\u201c er kurteis og hlutlaus og \u201esaya\u201c er formlegt og au\u00f0mj\u00fakt. \u00c1 <a href=\"https:\/\/talkpal.ai\/locations\/language-courses-in-sama\/\">sama<\/a> h\u00e1tt er \u201ekamu\u201c (\u00fe\u00fa) \u00f3formlegt, \u201eAnda\u201c er kurteislegt og \u201eBapak\/Ibu\u201c (Herra\/fr\u00fa) er fr\u00e1teki\u00f0 fyrir mj\u00f6g formlegar a\u00f0st\u00e6\u00f0ur.<\/p>\n\n\n\n<p>Mundu a\u00f0 \u00fea\u00f0 er alltaf g\u00f3\u00f0 hugmynd a\u00f0 villa um fyrir kurteisi \u00ed n\u00fdjum e\u00f0a \u00f3vissum a\u00f0st\u00e6\u00f0um.<\/p>\n\n\n\n<h3 class=\"wp-block-heading\" id=\"h-3-verbs-no-conjugations-but-prefixes-and-suffixes-galore\">3. Sagnir: Engar beygingar, en forskeyti og vi\u00f0skeyti Galore!<\/h3>\n\n\n\n<p>Ind\u00f3nes\u00edskar sagnir haldast \u00f3breyttar \u00f3h\u00e1\u00f0 spennu, skapi e\u00f0a efni, sem gerir \u00fe\u00e6r mun einfaldari en sagnir \u00ed m\u00f6rgum \u00f6\u00f0rum tungum\u00e1lum. Hins vegar \u00fearftu a\u00f0 l\u00e6ra a\u00f0 nota forskeyti og vi\u00f0skeyti til a\u00f0 breyta merkingu sagnarinnar.<\/p>\n\n\n\n<p>Sum algeng forskeyti eru \u201eme-\u201c (virkar sagnir), \u201edi-\u201c (\u00f3virkar sagnir) og \u201eber-\u201c (sta\u00f0setningarsagnir). Algeng vi\u00f0skeyti eru \u201e-kan\u201c (orsakandi sagnir) og \u201e-i\u201c (hverfasagnir). Til d\u00e6mis \u00fe\u00fd\u00f0ir \u201emakan\u201c \u201ea\u00f0 bor\u00f0a\u201c, \u201ememakan\u201c \u00fe\u00fd\u00f0ir \u201ea\u00f0 neyta\u201c og \u201edimakan\u201c \u00fe\u00fd\u00f0ir \u201ea\u00f0 bor\u00f0a.<\/p>\n\n\n\n<h3 class=\"wp-block-heading\" id=\"h-4-word-order-subject-verb-object-simplicity\">4. Or\u00f0ar\u00f6\u00f0: Subject-Verb-Object Einfaldleiki!<\/h3>\n\n\n\n<p>Ind\u00f3nes\u00edsk m\u00e1lfr\u00e6\u00f0i fylgir einfaldri or\u00f0ar\u00f6\u00f0 (Subject-Verb-Object (SVO)), svipa\u00f0 og <a href=\"https:\/\/talkpal.ai\/learn-english-with-ai\/\">enska<\/a>. \u00deetta gerir setningager\u00f0 og skilning mun au\u00f0veldari fyrir <a href=\"https:\/\/talkpal.ai\/english-speaking-course\/\">enskum\u00e6landi<\/a>. Til d\u00e6mis, &#8222;Saya memakan pisang&#8220; \u00fe\u00fd\u00f0ir beint \u00e1 &#8222;\u00e9g (efni) bor\u00f0a (s\u00f6gn) banana (hlutur).&#8220;<\/p>\n\n\n\n<h3 class=\"wp-block-heading\" id=\"h-5-immerse-yourself-in-indonesian-practice-makes-perfect\">5. S\u00f6kkva \u00fe\u00e9r ni\u00f0ur \u00e1 ind\u00f3nes\u00edsku: \u00c6fingin skapar meistarann<\/h3>\n\n\n\n<p>Fegur\u00f0 ind\u00f3nes\u00edskrar m\u00e1lfr\u00e6\u00f0i liggur \u00ed einfaldleika hennar og a\u00f0gengi. Regluleg \u00e6fing me\u00f0 lestri, ritun, hlustun og tali mun hj\u00e1lpa \u00fe\u00e9r a\u00f0 n\u00e1 t\u00f6kum \u00e1 tungum\u00e1linu og m\u00e1lfr\u00e6\u00f0i \u00feess. Fa\u00f0ma\u00f0u \u00e1skoranirnar, sigra\u00f0u margbreytileikann og opna\u00f0u hinn sanna sjarma ind\u00f3nes\u00edsku tungum\u00e1lsins.<\/p>\n\n\n\n<p>Svo, ertu tilb\u00fainn a\u00f0 kafa ofan \u00ed undur ind\u00f3nes\u00edskrar m\u00e1lfr\u00e6\u00f0i? N\u00e1lgastu \u00fea\u00f0 af sj\u00e1lfstrausti og forvitni og me\u00f0 skuldbindingu og spennu getur\u00f0u br\u00e1tt or\u00f0i\u00f0 m\u00e1lsnjall ind\u00f3nes\u00edskum\u00e6landi. Selamat belajar! (Til hamingju me\u00f0 n\u00e1mi\u00f0!)<\/p>\n<\/div><\/div>\n\r\n<section class=\"learnNavigationSection\">\r\n            \r\n        <a href=\"https:\/\/talkpal.ai\/is\/laerdu-indonesisku\/\">\r\n            <div class=\"learnNavigationWrapper\">\r\n                <div class=\"learnNavigationContent\">\r\n                    <img decoding=\"async\" src=\"https:\/\/talkpal.ai\/wp-content\/uploads\/2024\/08\/Indonesian.jpg\" alt=\"Indonesian Flag\">\r\n                    <div>\r\n                        <h4>Um ind\u00f3nes\u00edskt n\u00e1m<\/h4>\r\n                        <p>Finndu \u00fat allt um ind\u00f3nes\u00edska m\u00e1lfr\u00e6\u00f0i.<\/p>\r\n                    <\/div>\r\n                <\/div>\r\n            <\/div>\r\n        <\/a>\r\n\r\n        \r\n        <a href=\"https:\/\/talkpal.ai\/is\/indonesisku-malfraedi-aefingar\/\">\r\n            <div class=\"learnNavigationWrapper\">\r\n                <div class=\"learnNavigationContent\">\r\n                    <img decoding=\"async\" src=\"https:\/\/talkpal.ai\/wp-content\/uploads\/2024\/08\/Indonesian.jpg\" alt=\"Indonesian Flag\">\r\n                    <div>\r\n                        <h4>Ind\u00f3nes\u00edsk m\u00e1lfr\u00e6\u00f0i\u00e6fing<\/h4>\r\n                        <p>\u00c6f\u00f0u ind\u00f3nes\u00edska m\u00e1lfr\u00e6\u00f0i.<\/p>\r\n                    <\/div>\r\n                <\/div>\r\n            <\/div>\r\n        <\/a>\r\n\r\n        \r\n        <a href=\"https:\/\/talkpal.ai\/vocabulary_language\/indonesian\/\">\r\n            <div class=\"learnNavigationWrapper\">\r\n                <div class=\"learnNavigationContent\">\r\n                    <img decoding=\"async\" src=\"https:\/\/talkpal.ai\/wp-content\/uploads\/2024\/08\/Indonesian.jpg\" alt=\"Indonesian Flag\">\r\n                    <div>\r\n                        <h4>Ind\u00f3nes\u00edskur or\u00f0afor\u00f0i<\/h4>\r\n                        <p>St\u00e6kka\u00f0u ind\u00f3nes\u00edskan or\u00f0afor\u00f0a \u00feinn.<\/p>\r\n                    <\/div>\r\n                <\/div>\r\n            <\/div>\r\n        <\/a>\r\n\r\n            <\/section>","protected":false},"excerpt":{"rendered":"<p>Undur ind\u00f3nes\u00edskrar m\u00e1lfr\u00e6\u00f0i: lei\u00f0arv\u00edsir fyrir tungum\u00e1lanema Ind\u00f3nes\u00edsk m\u00e1lfr\u00e6\u00f0i \u2013 einf\u00f6ld en gl\u00e6sileg, velkomin en samt gr\u00edpandi, a\u00f0gengileg en samt heillandi. \u00deegar \u00fe\u00fa leggur af sta\u00f0 \u00ed fer\u00f0 \u00fe\u00edna til a\u00f0 l\u00e6ra ind\u00f3nes\u00edsku tungum\u00e1li\u00f0, vertu viss um a\u00f0 \u00fea\u00f0 ver\u00f0ur \u00e1n\u00e6gjuleg reynsla a\u00f0 fa\u00f0ma m\u00e1lfr\u00e6\u00f0i \u00feess. Me\u00f0 \u00feessari grein stefnum vi\u00f0 a\u00f0 \u00fev\u00ed a\u00f0 veita \u00fe\u00e9r [&hellip;]<\/p>\n","protected":false},"author":1,"featured_media":114122,"parent":0,"menu_order":0,"comment_status":"closed","ping_status":"closed","template":"LearningContentPage.php","meta":{"_acf_changed":false,"footnotes":""},"class_list":["post-145215","page","type-page","status-publish","has-post-thumbnail","hentry"],"acf":[],"yoast_head":"<!-- This site is optimized with the Yoast SEO Premium plugin v27.2 (Yoast SEO v27.2) - https:\/\/yoast.com\/product\/yoast-seo-premium-wordpress\/ -->\n<title>Ind\u00f3nes\u00edsk m\u00e1lfr\u00e6\u00f0i - Talkpal<\/title>\n<meta name=\"description\" content=\"N\u00e1\u00f0u t\u00f6kum \u00e1 ind\u00f3nes\u00edskri m\u00e1lfr\u00e6\u00f0i \u00e1reynslulaust me\u00f0 gervigreindarforritinu Talkpal . Haf\u00f0u \u00f6ryggi \u00ed samskiptum me\u00f0 lei\u00f0s\u00f6gn Talkpal sem byggir \u00e1 gervigreind.\" \/>\n<meta name=\"robots\" content=\"index, follow, max-snippet:-1, max-image-preview:large, max-video-preview:-1\" \/>\n<link rel=\"canonical\" href=\"https:\/\/talkpal.ai\/is\/indonesisk-malfraedi\/\" \/>\n<meta property=\"og:locale\" content=\"is_IS\" \/>\n<meta property=\"og:type\" content=\"article\" \/>\n<meta property=\"og:title\" content=\"Ind\u00f3nes\u00edsk m\u00e1lfr\u00e6\u00f0i\" \/>\n<meta property=\"og:description\" content=\"Undur ind\u00f3nes\u00edskrar m\u00e1lfr\u00e6\u00f0i: lei\u00f0arv\u00edsir fyrir tungum\u00e1lanema Ind\u00f3nes\u00edsk m\u00e1lfr\u00e6\u00f0i \u2013 einf\u00f6ld en gl\u00e6sileg, velkomin en samt gr\u00edpandi, a\u00f0gengileg en samt\" \/>\n<meta property=\"og:url\" content=\"https:\/\/talkpal.ai\/is\/indonesisk-malfraedi\/\" \/>\n<meta property=\"og:site_name\" content=\"Talkpal\" \/>\n<meta property=\"article:publisher\" content=\"https:\/\/www.facebook.com\/profile.php?id=100090733639311\" \/>\n<meta property=\"article:modified_time\" content=\"2025-12-13T15:43:15+00:00\" \/>\n<meta property=\"og:image\" content=\"https:\/\/talkpal.ai\/wp-content\/uploads\/2023\/05\/indonesia.png\" \/>\n\t<meta property=\"og:image:width\" content=\"512\" \/>\n\t<meta property=\"og:image:height\" content=\"512\" \/>\n\t<meta property=\"og:image:type\" content=\"image\/png\" \/>\n<meta name=\"twitter:card\" content=\"summary_large_image\" \/>\n<meta name=\"twitter:site\" content=\"@talkpalai\" \/>\n<meta name=\"twitter:label1\" content=\"Est. reading time\" \/>\n\t<meta name=\"twitter:data1\" content=\"3 minutes\" \/>\n<script type=\"application\/ld+json\" class=\"yoast-schema-graph\">{\"@context\":\"https:\/\/schema.org\",\"@graph\":[{\"@type\":\"WebPage\",\"@id\":\"https:\/\/talkpal.ai\/is\/indonesisk-malfraedi\/\",\"url\":\"https:\/\/talkpal.ai\/is\/indonesisk-malfraedi\/\",\"name\":\"Ind\u00f3nes\u00edsk m\u00e1lfr\u00e6\u00f0i - Talkpal\",\"isPartOf\":{\"@id\":\"https:\/\/talkpal.ai\/is\/#website\"},\"primaryImageOfPage\":{\"@id\":\"https:\/\/talkpal.ai\/is\/indonesisk-malfraedi\/#primaryimage\"},\"image\":{\"@id\":\"https:\/\/talkpal.ai\/is\/indonesisk-malfraedi\/#primaryimage\"},\"thumbnailUrl\":\"https:\/\/talkpal.ai\/wp-content\/uploads\/2023\/05\/indonesia.png\",\"datePublished\":\"2023-05-14T14:09:29+00:00\",\"dateModified\":\"2025-12-13T15:43:15+00:00\",\"description\":\"N\u00e1\u00f0u t\u00f6kum \u00e1 ind\u00f3nes\u00edskri m\u00e1lfr\u00e6\u00f0i \u00e1reynslulaust me\u00f0 gervigreindarforritinu Talkpal . Haf\u00f0u \u00f6ryggi \u00ed samskiptum me\u00f0 lei\u00f0s\u00f6gn Talkpal sem byggir \u00e1 gervigreind.\",\"breadcrumb\":{\"@id\":\"https:\/\/talkpal.ai\/is\/indonesisk-malfraedi\/#breadcrumb\"},\"inLanguage\":\"is\",\"potentialAction\":[{\"@type\":\"ReadAction\",\"target\":[\"https:\/\/talkpal.ai\/is\/indonesisk-malfraedi\/\"]}]},{\"@type\":\"ImageObject\",\"inLanguage\":\"is\",\"@id\":\"https:\/\/talkpal.ai\/is\/indonesisk-malfraedi\/#primaryimage\",\"url\":\"https:\/\/talkpal.ai\/wp-content\/uploads\/2023\/05\/indonesia.png\",\"contentUrl\":\"https:\/\/talkpal.ai\/wp-content\/uploads\/2023\/05\/indonesia.png\",\"width\":512,\"height\":512},{\"@type\":\"BreadcrumbList\",\"@id\":\"https:\/\/talkpal.ai\/is\/indonesisk-malfraedi\/#breadcrumb\",\"itemListElement\":[{\"@type\":\"ListItem\",\"position\":1,\"name\":\"Homepage\",\"item\":\"https:\/\/talkpal.ai\/is\/\"},{\"@type\":\"ListItem\",\"position\":2,\"name\":\"Ind\u00f3nes\u00edsk m\u00e1lfr\u00e6\u00f0i\"}]},{\"@type\":\"WebSite\",\"@id\":\"https:\/\/talkpal.ai\/is\/#website\",\"url\":\"https:\/\/talkpal.ai\/is\/\",\"name\":\"Talkpal\",\"description\":\"AI Language Learning\",\"publisher\":{\"@id\":\"https:\/\/talkpal.ai\/is\/#organization\"},\"alternateName\":\"Talkpal AI\",\"potentialAction\":[{\"@type\":\"SearchAction\",\"target\":{\"@type\":\"EntryPoint\",\"urlTemplate\":\"https:\/\/talkpal.ai\/is\/?s={search_term_string}\"},\"query-input\":{\"@type\":\"PropertyValueSpecification\",\"valueRequired\":true,\"valueName\":\"search_term_string\"}}],\"inLanguage\":\"is\"},{\"@type\":\"Organization\",\"@id\":\"https:\/\/talkpal.ai\/is\/#organization\",\"name\":\"Talkpal, Inc.\",\"alternateName\":\"Talkpal AI\",\"url\":\"https:\/\/talkpal.ai\/is\/\",\"logo\":{\"@type\":\"ImageObject\",\"inLanguage\":\"is\",\"@id\":\"https:\/\/talkpal.ai\/is\/#\/schema\/logo\/image\/\",\"url\":\"https:\/\/talkpal.ai\/wp-content\/uploads\/2024\/03\/Talkpal-Logo-Icon.png\",\"contentUrl\":\"https:\/\/talkpal.ai\/wp-content\/uploads\/2024\/03\/Talkpal-Logo-Icon.png\",\"width\":2880,\"height\":2880,\"caption\":\"Talkpal, Inc.\"},\"image\":{\"@id\":\"https:\/\/talkpal.ai\/is\/#\/schema\/logo\/image\/\"},\"sameAs\":[\"https:\/\/www.facebook.com\/profile.php?id=100090733639311\",\"https:\/\/x.com\/talkpalai\",\"https:\/\/www.linkedin.com\/company\/talkpal\/\",\"https:\/\/www.youtube.com\/@TalkPal\/\",\"https:\/\/www.tiktok.com\/@talkpal\",\"https:\/\/www.instagram.com\/talkpal_ai\/\",\"https:\/\/www.crunchbase.com\/organization\/talkpal-9cde\",\"https:\/\/www.g2.com\/products\/talkpal-for-business\/\",\"https:\/\/www.trustpilot.com\/review\/talkpal.ai\",\"https:\/\/www.capterra.com\/p\/10006800\/TalkPal\/\"],\"description\":\"Talkpal is a language learning web and mobile education app, powered by the latest AI technologies, that provides engaging experiences to its customers in many different languages to help them improve their language skills. Users can chat about unlimited amount of topics with the app and use other modes to practice their language learning.\",\"email\":\"support@talkpal.ai\",\"legalName\":\"Talkpal, Inc.\",\"foundingDate\":\"2023-04-03\",\"duns\":\"118989042\",\"numberOfEmployees\":{\"@type\":\"QuantitativeValue\",\"minValue\":\"11\",\"maxValue\":\"50\"},\"publishingPrinciples\":\"https:\/\/talkpal.ai\/publishing-principles\/\",\"actionableFeedbackPolicy\":\"https:\/\/talkpal.ai\/actionable-feedback-policy\/\",\"correctionsPolicy\":\"https:\/\/talkpal.ai\/corrections-policy\/\",\"ethicsPolicy\":\"https:\/\/talkpal.ai\/ethics-policy\/\",\"diversityPolicy\":\"https:\/\/talkpal.ai\/diversity-policy\/\",\"diversityStaffingReport\":\"https:\/\/talkpal.ai\/diversity-policy\/\"}]}<\/script>\n<!-- \/ Yoast SEO Premium plugin. -->","yoast_head_json":{"title":"Ind\u00f3nes\u00edsk m\u00e1lfr\u00e6\u00f0i - Talkpal","description":"N\u00e1\u00f0u t\u00f6kum \u00e1 ind\u00f3nes\u00edskri m\u00e1lfr\u00e6\u00f0i \u00e1reynslulaust me\u00f0 gervigreindarforritinu Talkpal . Haf\u00f0u \u00f6ryggi \u00ed samskiptum me\u00f0 lei\u00f0s\u00f6gn Talkpal sem byggir \u00e1 gervigreind.","robots":{"index":"index","follow":"follow","max-snippet":"max-snippet:-1","max-image-preview":"max-image-preview:large","max-video-preview":"max-video-preview:-1"},"canonical":"https:\/\/talkpal.ai\/is\/indonesisk-malfraedi\/","og_locale":"is_IS","og_type":"article","og_title":"Ind\u00f3nes\u00edsk m\u00e1lfr\u00e6\u00f0i","og_description":"Undur ind\u00f3nes\u00edskrar m\u00e1lfr\u00e6\u00f0i: lei\u00f0arv\u00edsir fyrir tungum\u00e1lanema Ind\u00f3nes\u00edsk m\u00e1lfr\u00e6\u00f0i \u2013 einf\u00f6ld en gl\u00e6sileg, velkomin en samt gr\u00edpandi, a\u00f0gengileg en samt","og_url":"https:\/\/talkpal.ai\/is\/indonesisk-malfraedi\/","og_site_name":"Talkpal","article_publisher":"https:\/\/www.facebook.com\/profile.php?id=100090733639311","article_modified_time":"2025-12-13T15:43:15+00:00","og_image":[{"width":512,"height":512,"url":"https:\/\/talkpal.ai\/wp-content\/uploads\/2023\/05\/indonesia.png","type":"image\/png"}],"twitter_card":"summary_large_image","twitter_site":"@talkpalai","twitter_misc":{"Est. reading time":"3 minutes"},"schema":{"@context":"https:\/\/schema.org","@graph":[{"@type":"WebPage","@id":"https:\/\/talkpal.ai\/is\/indonesisk-malfraedi\/","url":"https:\/\/talkpal.ai\/is\/indonesisk-malfraedi\/","name":"Ind\u00f3nes\u00edsk m\u00e1lfr\u00e6\u00f0i - Talkpal","isPartOf":{"@id":"https:\/\/talkpal.ai\/is\/#website"},"primaryImageOfPage":{"@id":"https:\/\/talkpal.ai\/is\/indonesisk-malfraedi\/#primaryimage"},"image":{"@id":"https:\/\/talkpal.ai\/is\/indonesisk-malfraedi\/#primaryimage"},"thumbnailUrl":"https:\/\/talkpal.ai\/wp-content\/uploads\/2023\/05\/indonesia.png","datePublished":"2023-05-14T14:09:29+00:00","dateModified":"2025-12-13T15:43:15+00:00","description":"N\u00e1\u00f0u t\u00f6kum \u00e1 ind\u00f3nes\u00edskri m\u00e1lfr\u00e6\u00f0i \u00e1reynslulaust me\u00f0 gervigreindarforritinu Talkpal . Haf\u00f0u \u00f6ryggi \u00ed samskiptum me\u00f0 lei\u00f0s\u00f6gn Talkpal sem byggir \u00e1 gervigreind.","breadcrumb":{"@id":"https:\/\/talkpal.ai\/is\/indonesisk-malfraedi\/#breadcrumb"},"inLanguage":"is","potentialAction":[{"@type":"ReadAction","target":["https:\/\/talkpal.ai\/is\/indonesisk-malfraedi\/"]}]},{"@type":"ImageObject","inLanguage":"is","@id":"https:\/\/talkpal.ai\/is\/indonesisk-malfraedi\/#primaryimage","url":"https:\/\/talkpal.ai\/wp-content\/uploads\/2023\/05\/indonesia.png","contentUrl":"https:\/\/talkpal.ai\/wp-content\/uploads\/2023\/05\/indonesia.png","width":512,"height":512},{"@type":"BreadcrumbList","@id":"https:\/\/talkpal.ai\/is\/indonesisk-malfraedi\/#breadcrumb","itemListElement":[{"@type":"ListItem","position":1,"name":"Homepage","item":"https:\/\/talkpal.ai\/is\/"},{"@type":"ListItem","position":2,"name":"Ind\u00f3nes\u00edsk m\u00e1lfr\u00e6\u00f0i"}]},{"@type":"WebSite","@id":"https:\/\/talkpal.ai\/is\/#website","url":"https:\/\/talkpal.ai\/is\/","name":"Talkpal","description":"AI Language Learning","publisher":{"@id":"https:\/\/talkpal.ai\/is\/#organization"},"alternateName":"Talkpal AI","potentialAction":[{"@type":"SearchAction","target":{"@type":"EntryPoint","urlTemplate":"https:\/\/talkpal.ai\/is\/?s={search_term_string}"},"query-input":{"@type":"PropertyValueSpecification","valueRequired":true,"valueName":"search_term_string"}}],"inLanguage":"is"},{"@type":"Organization","@id":"https:\/\/talkpal.ai\/is\/#organization","name":"Talkpal, Inc.","alternateName":"Talkpal AI","url":"https:\/\/talkpal.ai\/is\/","logo":{"@type":"ImageObject","inLanguage":"is","@id":"https:\/\/talkpal.ai\/is\/#\/schema\/logo\/image\/","url":"https:\/\/talkpal.ai\/wp-content\/uploads\/2024\/03\/Talkpal-Logo-Icon.png","contentUrl":"https:\/\/talkpal.ai\/wp-content\/uploads\/2024\/03\/Talkpal-Logo-Icon.png","width":2880,"height":2880,"caption":"Talkpal, Inc."},"image":{"@id":"https:\/\/talkpal.ai\/is\/#\/schema\/logo\/image\/"},"sameAs":["https:\/\/www.facebook.com\/profile.php?id=100090733639311","https:\/\/x.com\/talkpalai","https:\/\/www.linkedin.com\/company\/talkpal\/","https:\/\/www.youtube.com\/@TalkPal\/","https:\/\/www.tiktok.com\/@talkpal","https:\/\/www.instagram.com\/talkpal_ai\/","https:\/\/www.crunchbase.com\/organization\/talkpal-9cde","https:\/\/www.g2.com\/products\/talkpal-for-business\/","https:\/\/www.trustpilot.com\/review\/talkpal.ai","https:\/\/www.capterra.com\/p\/10006800\/TalkPal\/"],"description":"Talkpal is a language learning web and mobile education app, powered by the latest AI technologies, that provides engaging experiences to its customers in many different languages to help them improve their language skills. Users can chat about unlimited amount of topics with the app and use other modes to practice their language learning.","email":"support@talkpal.ai","legalName":"Talkpal, Inc.","foundingDate":"2023-04-03","duns":"118989042","numberOfEmployees":{"@type":"QuantitativeValue","minValue":"11","maxValue":"50"},"publishingPrinciples":"https:\/\/talkpal.ai\/publishing-principles\/","actionableFeedbackPolicy":"https:\/\/talkpal.ai\/actionable-feedback-policy\/","correctionsPolicy":"https:\/\/talkpal.ai\/corrections-policy\/","ethicsPolicy":"https:\/\/talkpal.ai\/ethics-policy\/","diversityPolicy":"https:\/\/talkpal.ai\/diversity-policy\/","diversityStaffingReport":"https:\/\/talkpal.ai\/diversity-policy\/"}]}},"_links":{"self":[{"href":"https:\/\/talkpal.ai\/is\/wp-json\/wp\/v2\/pages\/145215","targetHints":{"allow":["GET"]}}],"collection":[{"href":"https:\/\/talkpal.ai\/is\/wp-json\/wp\/v2\/pages"}],"about":[{"href":"https:\/\/talkpal.ai\/is\/wp-json\/wp\/v2\/types\/page"}],"author":[{"embeddable":true,"href":"https:\/\/talkpal.ai\/is\/wp-json\/wp\/v2\/users\/1"}],"replies":[{"embeddable":true,"href":"https:\/\/talkpal.ai\/is\/wp-json\/wp\/v2\/comments?post=145215"}],"version-history":[{"count":0,"href":"https:\/\/talkpal.ai\/is\/wp-json\/wp\/v2\/pages\/145215\/revisions"}],"wp:featuredmedia":[{"embeddable":true,"href":"https:\/\/talkpal.ai\/is\/wp-json\/wp\/v2\/media\/114122"}],"wp:attachment":[{"href":"https:\/\/talkpal.ai\/is\/wp-json\/wp\/v2\/media?parent=145215"}],"curies":[{"name":"wp","href":"https:\/\/api.w.org\/{rel}","templated":true}]}}