{"id":144570,"date":"2023-05-14T14:08:53","date_gmt":"2023-05-14T14:08:53","guid":{"rendered":"http:\/\/talkpal.ai\/ungversk-malfraedi\/"},"modified":"2025-12-12T10:47:00","modified_gmt":"2025-12-12T10:47:00","slug":"ungversk-malfraedi","status":"publish","type":"page","link":"https:\/\/talkpal.ai\/is\/ungversk-malfraedi\/","title":{"rendered":"Ungversk m\u00e1lfr\u00e6\u00f0i"},"content":{"rendered":"\r\n\r\n\r\n<section class=\"languageChallengeSection\">\r\n    <div class=\"languageInfoWrapper\">\r\n        \r\n        <h1>Ungversk m\u00e1lfr\u00e6\u00f0i<\/h1>\r\n        <p>Tilb\u00fainn\/n a\u00f0 takast \u00e1 vi\u00f0 einstaka tungum\u00e1la\u00e1skorun? Kaf\u00f0u \u00fe\u00e9r ofan \u00ed <a href=\"https:\/\/talkpal.ai\/learn-hungarian\/\">ungverska<\/a> <a href=\"https:\/\/talkpal.ai\/grammar\/\">m\u00e1lfr\u00e6\u00f0i<\/a> og uppg\u00f6tva\u00f0u einstaka eiginleika hennar. Byrja\u00f0u a\u00f0 l\u00e6ra \u00ed dag og uppg\u00f6tva\u00f0u hvernig \u00fea\u00f0 a\u00f0 n\u00e1 t\u00f6kum \u00e1 ungverskri m\u00e1lfr\u00e6\u00f0i opnar dyr a\u00f0 innihaldsr\u00edkum samr\u00e6\u00f0um og dj\u00fapri vir\u00f0ingu fyrir r\u00edkri tungum\u00e1laarfleif\u00f0 Ungverjalands!<\/p>\r\n\r\n                            <a class=\"getStartedHidden\" href=\"https:\/\/app.talkpal.ai\/signup?lng=\">Byrja\u00f0u<\/a>\r\n        \r\n    <\/div>\r\n\r\n    <figure>\r\n    <img decoding=\"async\" width=\"768\" height=\"768\" src=\"https:\/\/talkpal.ai\/wp-content\/uploads\/2023\/06\/hungarian-768x768.png\" class=\"languageImage no-lazy\" alt=\"Language learning strategies for advanced learners\" fetchpriority=\"high\" sizes=\"(max-width: 768px) 150px, 768px\" srcset=\"https:\/\/talkpal.ai\/wp-content\/uploads\/2023\/06\/hungarian-768x768.png 768w, https:\/\/talkpal.ai\/wp-content\/uploads\/2023\/06\/hungarian-300x300.png 300w\" \/>\r\n    \r\n\r\n    <\/figure>\r\n\r\n            <a class=\"getStartedVisible\" href=\"https:\/\/app.talkpal.ai\/signup?lng=\">Byrja\u00f0u<\/a>\r\n    \r\n<\/section>\r\n<section class=\"promotionalBanner\">\r\n    <p class=\"promotionalText\">Skilvirkasta lei\u00f0in til a\u00f0 l\u00e6ra tungum\u00e1l<\/p>\r\n    <a class=\"promotionalLink\" href=\"https:\/\/app.talkpal.ai\/signup?lng=\">Pr\u00f3fa\u00f0u Talkpal \u00f3keypis<\/a>\r\n<\/section>\n<div class=\"wp-block-group pageContainerStyle\"><div class=\"wp-block-group__inner-container is-layout-constrained wp-block-group-is-layout-constrained\">\n<h2 class=\"wp-block-heading\" id=\"h-title-unlocking-the-secrets-of-hungarian-grammar\">Titill: Leyndarm\u00e1l ungverskrar m\u00e1lfr\u00e6\u00f0i afhj\u00fapu\u00f0<\/h2>\n\n\n\n<p><a href=\"https:\/\/talkpal.ai\/learn-hungarian\/\">Ungverska<\/a>, finn\u00f3-\u00fagr\u00edskt tungum\u00e1l, sker sig \u00far me\u00f0 s\u00ednu einstaka m\u00e1lfr\u00e6\u00f0ikerfi, sem gerir \u00fea\u00f0 a\u00f0 heillandi \u00e1skorun fyrir tungum\u00e1la\u00e1hugamenn. A\u00f0 l\u00e6ra ungversku v\u00edkkar ekki a\u00f0eins tungum\u00e1la\u00feekkingu \u00fe\u00edna heldur gerir \u00fe\u00e9r einnig kleift a\u00f0 kafa ofan \u00ed gr\u00edpandi menningu og s\u00f6gu Ungverjalands. \u00de\u00f3 a\u00f0 <a href=\"https:\/\/talkpal.ai\/hungarian-grammar\/\">ungversk m\u00e1lfr\u00e6\u00f0i<\/a> kunni \u00ed upphafi a\u00f0 vir\u00f0ast \u00f3gnvekjandi, gerir \u00fea\u00f0 n\u00e1msferli\u00f0 a\u00f0gengilegra a\u00f0 brj\u00f3ta hana ni\u00f0ur \u00ed vi\u00f0r\u00e1\u00f0anlega \u00fe\u00e6tti. \u00cd \u00feessari grein munum vi\u00f0 kynna \u00fe\u00e9r forvitnilegan heim ungverskrar m\u00e1lfr\u00e6\u00f0i og veita lei\u00f0beiningar um a\u00f0 n\u00e1 t\u00f6kum \u00e1 margbreytileika hennar.<\/p>\n\n\n\n<h3 class=\"wp-block-heading\" id=\"h-1-word-order-a-flexible-feature\">1. Or\u00f0ar\u00f6\u00f0: Sveigjanlegur eiginleiki<\/h3>\n\n\n\n<p>\u00d3l\u00edkt m\u00f6rgum \u00f6\u00f0rum tungum\u00e1lum hefur ungverska tilt\u00f6lulega sveigjanlega or\u00f0ar\u00f6\u00f0. \u00de\u00f3 a\u00f0 d\u00e6miger\u00f0 ungversk setning fylgi mynstrinu Subject-Verb-Object (SVO), eru a\u00f0rar or\u00f0askipanir einnig algengar og nota\u00f0ar til a\u00f0 leggja \u00e1herslu \u00e1 mismunandi hluta setningarinnar. A\u00f0 kynnast \u00feessum afbrig\u00f0um gerir \u00fe\u00e9r kleift a\u00f0 skilja og sm\u00ed\u00f0a ungverskar setningar \u00e1 skilvirkari h\u00e1tt.<\/p>\n\n\n\n<h3 class=\"wp-block-heading\" id=\"h-2-nouns-and-cases-the-role-of-suffixes\">2. Nafnor\u00f0 og f\u00f6ll: Hlutverk vi\u00f0skeyta<\/h3>\n\n\n\n<p>Ungversk nafnor\u00f0 hafa ekki m\u00e1lfr\u00e6\u00f0ilegt kyn, sem einfaldar setningager\u00f0. Hins vegar nota nafnor\u00f0 og a\u00f0rir hlutar m\u00e1lsins \u00ed ungverskri m\u00e1lfr\u00e6\u00f0i ofgn\u00f3tt af vi\u00f0skeytum til a\u00f0 gefa til kynna tilvik, eignarhald og fleirt\u00f6lu. A\u00f0 l\u00e6ra \u00feessi vi\u00f0skeyti og notkun \u00feeirra mun b\u00e6ta getu \u00fe\u00edna til a\u00f0 eiga samskipti \u00e1 ungversku til muna.<\/p>\n\n\n\n<p>D\u00e6mi:<\/p>\n\n\n\n<p><strong>\u2013 h\u00e1z (h\u00fas) \u2013 h\u00e1zak (h\u00fas)<\/strong><\/p>\n\n\n\n<p><strong>\u2013 h\u00e1zban (\u00ed h\u00fasinu) \u2013 h\u00e1zakban (\u00ed h\u00fasunum)<\/strong><\/p>\n\n\n\n<h3 class=\"wp-block-heading\" id=\"h-3-verbs-conjugation-and-tense\">3. Sagnir: Samtenging og spenna<\/h3>\n\n\n\n<p>Ungverskar sagnir eru beyg\u00f0ar eftir spennu, skapi, efni og skilgreiningu. \u00de\u00f3 a\u00f0 \u00fea\u00f0 s\u00e9u nokkrar t\u00ed\u00f0ir \u00e1 ungversku, \u00fe\u00e1 er g\u00f3\u00f0ur upphafspunktur a\u00f0 l\u00e6ra \u00ferj\u00e1r a\u00f0al t\u00ed\u00f0ir &#8211; n\u00fat\u00ed\u00f0, fort\u00ed\u00f0 og framt\u00ed\u00f0. Kynntu \u00fe\u00e9r reglulegt sagnabeygingarmynstur og l\u00e6r\u00f0u algengar \u00f3reglulegar sagnir til a\u00f0 efla munnlega samskiptah\u00e6fileika \u00fe\u00edna.<\/p>\n\n\n\n<h3 class=\"wp-block-heading\" id=\"h-4-adjectives-agreement-and-placement\">4. L\u00fdsingaror\u00f0: Samkomulag og sta\u00f0setning<\/h3>\n\n\n\n<p>\u00cd ungverskri m\u00e1lfr\u00e6\u00f0i ver\u00f0a l\u00fdsingaror\u00f0 a\u00f0 vera samm\u00e1la nafnor\u00f0inu sem \u00feau breyta hva\u00f0 var\u00f0ar t\u00f6lu (eint\u00f6lu e\u00f0a fleirt\u00f6lu). Hins vegar \u00feurfa l\u00fdsingaror\u00f0 ekki a\u00f0 passa vi\u00f0 nafnor\u00f0i\u00f0 fyrir m\u00e1lfr\u00e6\u00f0ilegt m\u00e1l. L\u00fdsingaror\u00f0 eru venjulega \u00e1 undan nafnor\u00f0inu og veita l\u00fdsandi samhengi fyrir setninguna.<\/p>\n\n\n\n<p>D\u00e6mi:<\/p>\n\n\n\n<p><strong>&#8211; piros alma (rautt epli)<\/strong><\/p>\n\n\n\n<p><strong>\u2013 sz\u00e9p vir\u00e1gok (falleg bl\u00f3m)<\/strong><\/p>\n\n\n\n<h3 class=\"wp-block-heading\" id=\"h-5-vowel-harmony-a-unique-feature\">5. S\u00e9rhlj\u00f3\u00f0as\u00e1tt: Einstakur eiginleiki<\/h3>\n\n\n\n<p>S\u00e9rkennandi \u00fe\u00e1ttur \u00ed ungverskri m\u00e1lfr\u00e6\u00f0i er s\u00e9rhlj\u00f3\u00f0asamhlj\u00f3mur, sem felur \u00ed s\u00e9r samkomulag s\u00e9rhlj\u00f3\u00f0a innan or\u00f0a. Samhlj\u00f3mur s\u00e9rhlj\u00f3\u00f0a hefur \u00e1hrif \u00e1 \u00fea\u00f0 hvernig vi\u00f0skeyti eru myndu\u00f0 og fest vi\u00f0 or\u00f0. A\u00f0 skilja og \u00e6fa s\u00e9rhlj\u00f3\u00f0a samhlj\u00f3m mun <a href=\"https:\/\/talkpal.ai\/locations\/language-courses-in-gera\/\">gera<\/a> skriflega og tala\u00f0a ungversku n\u00e1kv\u00e6mari og e\u00f0lilegri.<\/p>\n\n\n\n<h3 class=\"wp-block-heading\" id=\"h-6-engaging-with-the-language\">6. A\u00f0 taka \u00fe\u00e1tt \u00ed tungum\u00e1linu<\/h3>\n\n\n\n<p>\u00c1hrifar\u00edkasta lei\u00f0in til a\u00f0 skilja og innr\u00e6ta ungverska m\u00e1lfr\u00e6\u00f0i a\u00f0 fullu er a\u00f0 taka st\u00f6\u00f0ugt \u00fe\u00e1tt \u00ed tungum\u00e1linu. Me\u00f0 \u00fev\u00ed a\u00f0 lesa ungverskar b\u00f3kmenntir, horfa \u00e1 innf\u00e6ddar kvikmyndir e\u00f0a <a href=\"https:\/\/talkpal.ai\/locations\/language-courses-in-tala\/\">tala<\/a> virkan vi\u00f0 \u00fe\u00e1 sem hafa hana a\u00f0 m\u00f3\u00f0urm\u00e1li muntu styrkja skilning \u00feinn \u00e1 m\u00e1lfr\u00e6\u00f0i \u00e1 <a href=\"https:\/\/talkpal.ai\/locations\/language-courses-in-sama\/\">sama<\/a> t\u00edma og \u00fe\u00fa eykur or\u00f0afor\u00f0a \u00feinn samt\u00edmis.<\/p>\n\n\n\n<h3 class=\"wp-block-heading\" id=\"h-conclusion\">Ni\u00f0ursta\u00f0a<\/h3>\n\n\n\n<p>\u00de\u00f3 a\u00f0 ungversk m\u00e1lfr\u00e6\u00f0i kunni a\u00f0 vir\u00f0ast fl\u00f3kin, mun \u00fea\u00f0 hj\u00e1lpa \u00fe\u00e9r a\u00f0 ver\u00f0a f\u00e6r \u00ed \u00feessu heillandi tungum\u00e1li a\u00f0 n\u00e1lgast hana skref fyrir skref og \u00e6fa st\u00f6\u00f0ugt. Taktu vi\u00f0 \u00e1skoruninni \u00feegar \u00fe\u00fa leggur af sta\u00f0 \u00ed fer\u00f0alag \u00feitt um ungverska tungum\u00e1li\u00f0, og \u00fe\u00fa munt flj\u00f3tlega finna sj\u00e1lfan \u00feig sj\u00e1lfs\u00f6ruggan um ranghala m\u00e1lfr\u00e6\u00f0i hennar. Gle\u00f0ilegt a\u00f0 l\u00e6ra og nj\u00f3ttu \u00feess a\u00f0 kanna undur ungverskrar m\u00e1lfr\u00e6\u00f0i!<\/p>\n<\/div><\/div>\n\r\n<section class=\"learnNavigationSection\">\r\n            \r\n        <a href=\"https:\/\/talkpal.ai\/is\/laerdu-ungversku\/\">\r\n            <div class=\"learnNavigationWrapper\">\r\n                <div class=\"learnNavigationContent\">\r\n                    <img decoding=\"async\" src=\"https:\/\/talkpal.ai\/wp-content\/uploads\/2024\/08\/Hungarian.jpg\" alt=\"Hungarian Flag\">\r\n                    <div>\r\n                        <h4>Um ungverskun\u00e1m<\/h4>\r\n                        <p>Finndu \u00fat allt um ungverska m\u00e1lfr\u00e6\u00f0i.<\/p>\r\n                    <\/div>\r\n                <\/div>\r\n            <\/div>\r\n        <\/a>\r\n\r\n        \r\n        <a href=\"https:\/\/talkpal.ai\/is\/ungverskar-malfraediaefingar\/\">\r\n            <div class=\"learnNavigationWrapper\">\r\n                <div class=\"learnNavigationContent\">\r\n                    <img decoding=\"async\" src=\"https:\/\/talkpal.ai\/wp-content\/uploads\/2024\/08\/Hungarian.jpg\" alt=\"Hungarian Flag\">\r\n                    <div>\r\n                        <h4>Ungversk m\u00e1lfr\u00e6\u00f0i\u00e6fing<\/h4>\r\n                        <p>\u00c6f\u00f0u ungverska m\u00e1lfr\u00e6\u00f0i.<\/p>\r\n                    <\/div>\r\n                <\/div>\r\n            <\/div>\r\n        <\/a>\r\n\r\n        \r\n        <a href=\"https:\/\/talkpal.ai\/vocabulary_language\/hungarian\/\">\r\n            <div class=\"learnNavigationWrapper\">\r\n                <div class=\"learnNavigationContent\">\r\n                    <img decoding=\"async\" src=\"https:\/\/talkpal.ai\/wp-content\/uploads\/2024\/08\/Hungarian.jpg\" alt=\"Hungarian Flag\">\r\n                    <div>\r\n                        <h4>Ungverskur or\u00f0afor\u00f0i<\/h4>\r\n                        <p>St\u00e6kka\u00f0u ungverskan or\u00f0afor\u00f0a \u00feinn.<\/p>\r\n                    <\/div>\r\n                <\/div>\r\n            <\/div>\r\n        <\/a>\r\n\r\n            <\/section>","protected":false},"excerpt":{"rendered":"<p>Titill: Leyndarm\u00e1l ungverskrar m\u00e1lfr\u00e6\u00f0i afhj\u00fapu\u00f0 Ungverska, finn\u00f3-\u00fagr\u00edskt tungum\u00e1l, sker sig \u00far me\u00f0 s\u00ednu einstaka m\u00e1lfr\u00e6\u00f0ikerfi, sem gerir \u00fea\u00f0 a\u00f0 heillandi \u00e1skorun fyrir tungum\u00e1la\u00e1hugamenn. A\u00f0 l\u00e6ra ungversku v\u00edkkar ekki a\u00f0eins tungum\u00e1la\u00feekkingu \u00fe\u00edna heldur gerir \u00fe\u00e9r einnig kleift a\u00f0 kafa ofan \u00ed gr\u00edpandi menningu og s\u00f6gu Ungverjalands. \u00de\u00f3 a\u00f0 ungversk m\u00e1lfr\u00e6\u00f0i kunni \u00ed upphafi a\u00f0 vir\u00f0ast \u00f3gnvekjandi, [&hellip;]<\/p>\n","protected":false},"author":1,"featured_media":113195,"parent":0,"menu_order":0,"comment_status":"closed","ping_status":"closed","template":"LearningContentPage.php","meta":{"_acf_changed":false,"footnotes":""},"class_list":["post-144570","page","type-page","status-publish","has-post-thumbnail","hentry"],"acf":[],"yoast_head":"<!-- This site is optimized with the Yoast SEO Premium plugin v27.2 (Yoast SEO v27.2) - https:\/\/yoast.com\/product\/yoast-seo-premium-wordpress\/ -->\n<title>Ungversk m\u00e1lfr\u00e6\u00f0i - Talkpal<\/title>\n<meta name=\"description\" content=\"N\u00e1\u00f0u t\u00f6kum \u00e1 ungverskri m\u00e1lfr\u00e6\u00f0i - l\u00e6r\u00f0u m\u00e1lfr\u00e6\u00f0ireglur og \u00e6f\u00f0u \u00feig \u00ed a\u00f0 mynda setningar. F\u00e1\u00f0u gagnlegar lei\u00f0beiningar fr\u00e1 Talkpal AI.\" \/>\n<meta name=\"robots\" content=\"index, follow, max-snippet:-1, max-image-preview:large, max-video-preview:-1\" \/>\n<link rel=\"canonical\" href=\"https:\/\/talkpal.ai\/is\/ungversk-malfraedi\/\" \/>\n<meta property=\"og:locale\" content=\"is_IS\" \/>\n<meta property=\"og:type\" content=\"article\" \/>\n<meta property=\"og:title\" content=\"Ungversk m\u00e1lfr\u00e6\u00f0i\" \/>\n<meta property=\"og:description\" content=\"Titill: Leyndarm\u00e1l ungverskrar m\u00e1lfr\u00e6\u00f0i afhj\u00fapu\u00f0 Ungverska, finn\u00f3-\u00fagr\u00edskt tungum\u00e1l, sker sig \u00far me\u00f0 s\u00ednu einstaka m\u00e1lfr\u00e6\u00f0ikerfi, sem gerir \u00fea\u00f0 a\u00f0\" \/>\n<meta property=\"og:url\" content=\"https:\/\/talkpal.ai\/is\/ungversk-malfraedi\/\" \/>\n<meta property=\"og:site_name\" content=\"Talkpal\" \/>\n<meta property=\"article:publisher\" content=\"https:\/\/www.facebook.com\/profile.php?id=100090733639311\" \/>\n<meta property=\"article:modified_time\" content=\"2025-12-12T10:47:00+00:00\" \/>\n<meta property=\"og:image\" content=\"https:\/\/talkpal.ai\/wp-content\/uploads\/2023\/05\/Hungarian.png\" \/>\n\t<meta property=\"og:image:width\" content=\"512\" \/>\n\t<meta property=\"og:image:height\" content=\"512\" \/>\n\t<meta property=\"og:image:type\" content=\"image\/png\" \/>\n<meta name=\"twitter:card\" content=\"summary_large_image\" \/>\n<meta name=\"twitter:site\" content=\"@talkpalai\" \/>\n<meta name=\"twitter:label1\" content=\"Est. reading time\" \/>\n\t<meta name=\"twitter:data1\" content=\"3 minutes\" \/>\n<script type=\"application\/ld+json\" class=\"yoast-schema-graph\">{\"@context\":\"https:\/\/schema.org\",\"@graph\":[{\"@type\":\"WebPage\",\"@id\":\"https:\/\/talkpal.ai\/is\/ungversk-malfraedi\/\",\"url\":\"https:\/\/talkpal.ai\/is\/ungversk-malfraedi\/\",\"name\":\"Ungversk m\u00e1lfr\u00e6\u00f0i - Talkpal\",\"isPartOf\":{\"@id\":\"https:\/\/talkpal.ai\/is\/#website\"},\"primaryImageOfPage\":{\"@id\":\"https:\/\/talkpal.ai\/is\/ungversk-malfraedi\/#primaryimage\"},\"image\":{\"@id\":\"https:\/\/talkpal.ai\/is\/ungversk-malfraedi\/#primaryimage\"},\"thumbnailUrl\":\"https:\/\/talkpal.ai\/wp-content\/uploads\/2023\/05\/Hungarian.png\",\"datePublished\":\"2023-05-14T14:08:53+00:00\",\"dateModified\":\"2025-12-12T10:47:00+00:00\",\"description\":\"N\u00e1\u00f0u t\u00f6kum \u00e1 ungverskri m\u00e1lfr\u00e6\u00f0i - l\u00e6r\u00f0u m\u00e1lfr\u00e6\u00f0ireglur og \u00e6f\u00f0u \u00feig \u00ed a\u00f0 mynda setningar. F\u00e1\u00f0u gagnlegar lei\u00f0beiningar fr\u00e1 Talkpal AI.\",\"breadcrumb\":{\"@id\":\"https:\/\/talkpal.ai\/is\/ungversk-malfraedi\/#breadcrumb\"},\"inLanguage\":\"is\",\"potentialAction\":[{\"@type\":\"ReadAction\",\"target\":[\"https:\/\/talkpal.ai\/is\/ungversk-malfraedi\/\"]}]},{\"@type\":\"ImageObject\",\"inLanguage\":\"is\",\"@id\":\"https:\/\/talkpal.ai\/is\/ungversk-malfraedi\/#primaryimage\",\"url\":\"https:\/\/talkpal.ai\/wp-content\/uploads\/2023\/05\/Hungarian.png\",\"contentUrl\":\"https:\/\/talkpal.ai\/wp-content\/uploads\/2023\/05\/Hungarian.png\",\"width\":512,\"height\":512},{\"@type\":\"BreadcrumbList\",\"@id\":\"https:\/\/talkpal.ai\/is\/ungversk-malfraedi\/#breadcrumb\",\"itemListElement\":[{\"@type\":\"ListItem\",\"position\":1,\"name\":\"Homepage\",\"item\":\"https:\/\/talkpal.ai\/is\/\"},{\"@type\":\"ListItem\",\"position\":2,\"name\":\"Ungversk m\u00e1lfr\u00e6\u00f0i\"}]},{\"@type\":\"WebSite\",\"@id\":\"https:\/\/talkpal.ai\/is\/#website\",\"url\":\"https:\/\/talkpal.ai\/is\/\",\"name\":\"Talkpal\",\"description\":\"AI Language Learning\",\"publisher\":{\"@id\":\"https:\/\/talkpal.ai\/is\/#organization\"},\"alternateName\":\"Talkpal AI\",\"potentialAction\":[{\"@type\":\"SearchAction\",\"target\":{\"@type\":\"EntryPoint\",\"urlTemplate\":\"https:\/\/talkpal.ai\/is\/?s={search_term_string}\"},\"query-input\":{\"@type\":\"PropertyValueSpecification\",\"valueRequired\":true,\"valueName\":\"search_term_string\"}}],\"inLanguage\":\"is\"},{\"@type\":\"Organization\",\"@id\":\"https:\/\/talkpal.ai\/is\/#organization\",\"name\":\"Talkpal, Inc.\",\"alternateName\":\"Talkpal AI\",\"url\":\"https:\/\/talkpal.ai\/is\/\",\"logo\":{\"@type\":\"ImageObject\",\"inLanguage\":\"is\",\"@id\":\"https:\/\/talkpal.ai\/is\/#\/schema\/logo\/image\/\",\"url\":\"https:\/\/talkpal.ai\/wp-content\/uploads\/2024\/03\/Talkpal-Logo-Icon.png\",\"contentUrl\":\"https:\/\/talkpal.ai\/wp-content\/uploads\/2024\/03\/Talkpal-Logo-Icon.png\",\"width\":2880,\"height\":2880,\"caption\":\"Talkpal, Inc.\"},\"image\":{\"@id\":\"https:\/\/talkpal.ai\/is\/#\/schema\/logo\/image\/\"},\"sameAs\":[\"https:\/\/www.facebook.com\/profile.php?id=100090733639311\",\"https:\/\/x.com\/talkpalai\",\"https:\/\/www.linkedin.com\/company\/talkpal\/\",\"https:\/\/www.youtube.com\/@TalkPal\/\",\"https:\/\/www.tiktok.com\/@talkpal\",\"https:\/\/www.instagram.com\/talkpal_ai\/\",\"https:\/\/www.crunchbase.com\/organization\/talkpal-9cde\",\"https:\/\/www.g2.com\/products\/talkpal-for-business\/\",\"https:\/\/www.trustpilot.com\/review\/talkpal.ai\",\"https:\/\/www.capterra.com\/p\/10006800\/TalkPal\/\"],\"description\":\"Talkpal is a language learning web and mobile education app, powered by the latest AI technologies, that provides engaging experiences to its customers in many different languages to help them improve their language skills. Users can chat about unlimited amount of topics with the app and use other modes to practice their language learning.\",\"email\":\"support@talkpal.ai\",\"legalName\":\"Talkpal, Inc.\",\"foundingDate\":\"2023-04-03\",\"duns\":\"118989042\",\"numberOfEmployees\":{\"@type\":\"QuantitativeValue\",\"minValue\":\"11\",\"maxValue\":\"50\"},\"publishingPrinciples\":\"https:\/\/talkpal.ai\/publishing-principles\/\",\"actionableFeedbackPolicy\":\"https:\/\/talkpal.ai\/actionable-feedback-policy\/\",\"correctionsPolicy\":\"https:\/\/talkpal.ai\/corrections-policy\/\",\"ethicsPolicy\":\"https:\/\/talkpal.ai\/ethics-policy\/\",\"diversityPolicy\":\"https:\/\/talkpal.ai\/diversity-policy\/\",\"diversityStaffingReport\":\"https:\/\/talkpal.ai\/diversity-policy\/\"}]}<\/script>\n<!-- \/ Yoast SEO Premium plugin. -->","yoast_head_json":{"title":"Ungversk m\u00e1lfr\u00e6\u00f0i - Talkpal","description":"N\u00e1\u00f0u t\u00f6kum \u00e1 ungverskri m\u00e1lfr\u00e6\u00f0i - l\u00e6r\u00f0u m\u00e1lfr\u00e6\u00f0ireglur og \u00e6f\u00f0u \u00feig \u00ed a\u00f0 mynda setningar. F\u00e1\u00f0u gagnlegar lei\u00f0beiningar fr\u00e1 Talkpal AI.","robots":{"index":"index","follow":"follow","max-snippet":"max-snippet:-1","max-image-preview":"max-image-preview:large","max-video-preview":"max-video-preview:-1"},"canonical":"https:\/\/talkpal.ai\/is\/ungversk-malfraedi\/","og_locale":"is_IS","og_type":"article","og_title":"Ungversk m\u00e1lfr\u00e6\u00f0i","og_description":"Titill: Leyndarm\u00e1l ungverskrar m\u00e1lfr\u00e6\u00f0i afhj\u00fapu\u00f0 Ungverska, finn\u00f3-\u00fagr\u00edskt tungum\u00e1l, sker sig \u00far me\u00f0 s\u00ednu einstaka m\u00e1lfr\u00e6\u00f0ikerfi, sem gerir \u00fea\u00f0 a\u00f0","og_url":"https:\/\/talkpal.ai\/is\/ungversk-malfraedi\/","og_site_name":"Talkpal","article_publisher":"https:\/\/www.facebook.com\/profile.php?id=100090733639311","article_modified_time":"2025-12-12T10:47:00+00:00","og_image":[{"width":512,"height":512,"url":"https:\/\/talkpal.ai\/wp-content\/uploads\/2023\/05\/Hungarian.png","type":"image\/png"}],"twitter_card":"summary_large_image","twitter_site":"@talkpalai","twitter_misc":{"Est. reading time":"3 minutes"},"schema":{"@context":"https:\/\/schema.org","@graph":[{"@type":"WebPage","@id":"https:\/\/talkpal.ai\/is\/ungversk-malfraedi\/","url":"https:\/\/talkpal.ai\/is\/ungversk-malfraedi\/","name":"Ungversk m\u00e1lfr\u00e6\u00f0i - Talkpal","isPartOf":{"@id":"https:\/\/talkpal.ai\/is\/#website"},"primaryImageOfPage":{"@id":"https:\/\/talkpal.ai\/is\/ungversk-malfraedi\/#primaryimage"},"image":{"@id":"https:\/\/talkpal.ai\/is\/ungversk-malfraedi\/#primaryimage"},"thumbnailUrl":"https:\/\/talkpal.ai\/wp-content\/uploads\/2023\/05\/Hungarian.png","datePublished":"2023-05-14T14:08:53+00:00","dateModified":"2025-12-12T10:47:00+00:00","description":"N\u00e1\u00f0u t\u00f6kum \u00e1 ungverskri m\u00e1lfr\u00e6\u00f0i - l\u00e6r\u00f0u m\u00e1lfr\u00e6\u00f0ireglur og \u00e6f\u00f0u \u00feig \u00ed a\u00f0 mynda setningar. F\u00e1\u00f0u gagnlegar lei\u00f0beiningar fr\u00e1 Talkpal AI.","breadcrumb":{"@id":"https:\/\/talkpal.ai\/is\/ungversk-malfraedi\/#breadcrumb"},"inLanguage":"is","potentialAction":[{"@type":"ReadAction","target":["https:\/\/talkpal.ai\/is\/ungversk-malfraedi\/"]}]},{"@type":"ImageObject","inLanguage":"is","@id":"https:\/\/talkpal.ai\/is\/ungversk-malfraedi\/#primaryimage","url":"https:\/\/talkpal.ai\/wp-content\/uploads\/2023\/05\/Hungarian.png","contentUrl":"https:\/\/talkpal.ai\/wp-content\/uploads\/2023\/05\/Hungarian.png","width":512,"height":512},{"@type":"BreadcrumbList","@id":"https:\/\/talkpal.ai\/is\/ungversk-malfraedi\/#breadcrumb","itemListElement":[{"@type":"ListItem","position":1,"name":"Homepage","item":"https:\/\/talkpal.ai\/is\/"},{"@type":"ListItem","position":2,"name":"Ungversk m\u00e1lfr\u00e6\u00f0i"}]},{"@type":"WebSite","@id":"https:\/\/talkpal.ai\/is\/#website","url":"https:\/\/talkpal.ai\/is\/","name":"Talkpal","description":"AI Language Learning","publisher":{"@id":"https:\/\/talkpal.ai\/is\/#organization"},"alternateName":"Talkpal AI","potentialAction":[{"@type":"SearchAction","target":{"@type":"EntryPoint","urlTemplate":"https:\/\/talkpal.ai\/is\/?s={search_term_string}"},"query-input":{"@type":"PropertyValueSpecification","valueRequired":true,"valueName":"search_term_string"}}],"inLanguage":"is"},{"@type":"Organization","@id":"https:\/\/talkpal.ai\/is\/#organization","name":"Talkpal, Inc.","alternateName":"Talkpal AI","url":"https:\/\/talkpal.ai\/is\/","logo":{"@type":"ImageObject","inLanguage":"is","@id":"https:\/\/talkpal.ai\/is\/#\/schema\/logo\/image\/","url":"https:\/\/talkpal.ai\/wp-content\/uploads\/2024\/03\/Talkpal-Logo-Icon.png","contentUrl":"https:\/\/talkpal.ai\/wp-content\/uploads\/2024\/03\/Talkpal-Logo-Icon.png","width":2880,"height":2880,"caption":"Talkpal, Inc."},"image":{"@id":"https:\/\/talkpal.ai\/is\/#\/schema\/logo\/image\/"},"sameAs":["https:\/\/www.facebook.com\/profile.php?id=100090733639311","https:\/\/x.com\/talkpalai","https:\/\/www.linkedin.com\/company\/talkpal\/","https:\/\/www.youtube.com\/@TalkPal\/","https:\/\/www.tiktok.com\/@talkpal","https:\/\/www.instagram.com\/talkpal_ai\/","https:\/\/www.crunchbase.com\/organization\/talkpal-9cde","https:\/\/www.g2.com\/products\/talkpal-for-business\/","https:\/\/www.trustpilot.com\/review\/talkpal.ai","https:\/\/www.capterra.com\/p\/10006800\/TalkPal\/"],"description":"Talkpal is a language learning web and mobile education app, powered by the latest AI technologies, that provides engaging experiences to its customers in many different languages to help them improve their language skills. Users can chat about unlimited amount of topics with the app and use other modes to practice their language learning.","email":"support@talkpal.ai","legalName":"Talkpal, Inc.","foundingDate":"2023-04-03","duns":"118989042","numberOfEmployees":{"@type":"QuantitativeValue","minValue":"11","maxValue":"50"},"publishingPrinciples":"https:\/\/talkpal.ai\/publishing-principles\/","actionableFeedbackPolicy":"https:\/\/talkpal.ai\/actionable-feedback-policy\/","correctionsPolicy":"https:\/\/talkpal.ai\/corrections-policy\/","ethicsPolicy":"https:\/\/talkpal.ai\/ethics-policy\/","diversityPolicy":"https:\/\/talkpal.ai\/diversity-policy\/","diversityStaffingReport":"https:\/\/talkpal.ai\/diversity-policy\/"}]}},"_links":{"self":[{"href":"https:\/\/talkpal.ai\/is\/wp-json\/wp\/v2\/pages\/144570","targetHints":{"allow":["GET"]}}],"collection":[{"href":"https:\/\/talkpal.ai\/is\/wp-json\/wp\/v2\/pages"}],"about":[{"href":"https:\/\/talkpal.ai\/is\/wp-json\/wp\/v2\/types\/page"}],"author":[{"embeddable":true,"href":"https:\/\/talkpal.ai\/is\/wp-json\/wp\/v2\/users\/1"}],"replies":[{"embeddable":true,"href":"https:\/\/talkpal.ai\/is\/wp-json\/wp\/v2\/comments?post=144570"}],"version-history":[{"count":0,"href":"https:\/\/talkpal.ai\/is\/wp-json\/wp\/v2\/pages\/144570\/revisions"}],"wp:featuredmedia":[{"embeddable":true,"href":"https:\/\/talkpal.ai\/is\/wp-json\/wp\/v2\/media\/113195"}],"wp:attachment":[{"href":"https:\/\/talkpal.ai\/is\/wp-json\/wp\/v2\/media?parent=144570"}],"curies":[{"name":"wp","href":"https:\/\/api.w.org\/{rel}","templated":true}]}}