{"id":144255,"date":"2023-05-14T14:04:48","date_gmt":"2023-05-14T14:04:48","guid":{"rendered":"http:\/\/talkpal.ai\/hebresk-malfraedi\/"},"modified":"2025-12-13T15:39:11","modified_gmt":"2025-12-13T15:39:11","slug":"hebresk-malfraedi","status":"publish","type":"page","link":"https:\/\/talkpal.ai\/is\/hebresk-malfraedi\/","title":{"rendered":"Hebresk m\u00e1lfr\u00e6\u00f0i"},"content":{"rendered":"\r\n\r\n\r\n<section class=\"languageChallengeSection\">\r\n    <div class=\"languageInfoWrapper\">\r\n        \r\n        <h1>Hebresk m\u00e1lfr\u00e6\u00f0i<\/h1>\r\n        <p>L\u00e6r\u00f0u hebreska <a href=\"https:\/\/talkpal.ai\/grammar\/\">m\u00e1lfr\u00e6\u00f0i<\/a> og afhj\u00fapa\u00f0u leyndard\u00f3ma tungum\u00e1ls me\u00f0 dj\u00fapar s\u00f6gulegar r\u00e6tur og n\u00fat\u00edma\u00fe\u00fd\u00f0ingu. Taktu \u00e1skoruninni fagnandi og tengstu vi\u00f0 l\u00edflega menningu \u00ed gegnum fegur\u00f0 hebreskrar m\u00e1lfr\u00e6\u00f0i!<\/p>\r\n\r\n                            <a class=\"getStartedHidden\" href=\"https:\/\/app.talkpal.ai\/signup?lng=\">Byrja\u00f0u<\/a>\r\n        \r\n    <\/div>\r\n\r\n    <figure>\r\n    <img decoding=\"async\" width=\"768\" height=\"768\" src=\"https:\/\/talkpal.ai\/wp-content\/uploads\/2023\/06\/hebrew-768x768.png\" class=\"languageImage no-lazy\" alt=\"Language learning for proficient communication\" fetchpriority=\"high\" sizes=\"(max-width: 768px) 150px, 768px\" srcset=\"https:\/\/talkpal.ai\/wp-content\/uploads\/2023\/06\/hebrew-768x768.png 768w, https:\/\/talkpal.ai\/wp-content\/uploads\/2023\/06\/hebrew-300x300.png 300w\" \/>\r\n    \r\n\r\n    <\/figure>\r\n\r\n            <a class=\"getStartedVisible\" href=\"https:\/\/app.talkpal.ai\/signup?lng=\">Byrja\u00f0u<\/a>\r\n    \r\n<\/section>\r\n<section class=\"promotionalBanner\">\r\n    <p class=\"promotionalText\">Skilvirkasta lei\u00f0in til a\u00f0 l\u00e6ra tungum\u00e1l<\/p>\r\n    <a class=\"promotionalLink\" href=\"https:\/\/app.talkpal.ai\/signup?lng=\">Pr\u00f3fa\u00f0u Talkpal \u00f3keypis<\/a>\r\n<\/section>\n<div class=\"wp-block-group pageContainerStyle\"><div class=\"wp-block-group__inner-container is-layout-constrained wp-block-group-is-layout-constrained\">\n<h2 class=\"wp-block-heading\" id=\"h-mastering-hebrew-grammar-your-ultimate-guide\">A\u00f0 n\u00e1 t\u00f6kum \u00e1 hebreskri m\u00e1lfr\u00e6\u00f0i: Fullkominn lei\u00f0arv\u00edsir \u00feinn<\/h2>\n\n\n\n<p>Shalom, tungum\u00e1l \u00e1hugamenn! Ertu tilb\u00fainn a\u00f0 kafa inn \u00ed heillandi heim hebreskrar m\u00e1lfr\u00e6\u00f0i? \u00de\u00fa ert kominn \u00e1 r\u00e9ttan sta\u00f0. \u00deessi grein er full af au\u00f0skiljanlegum uppl\u00fdsingum og samtalst\u00f3n og mun lei\u00f0a \u00feig \u00ed gegnum d\u00e1lei\u00f0andi svi\u00f0 hebreskrar m\u00e1lfr\u00e6\u00f0i. Br\u00e1\u00f0um muntu geta sm\u00ed\u00f0a\u00f0 setningar og teki\u00f0 \u00fe\u00e1tt \u00ed innihaldsr\u00edkum samt\u00f6lum vi\u00f0 m\u00f3\u00f0urm\u00e1l. Svo, vi\u00f0 skulum hefja fer\u00f0 \u00fe\u00edna \u00ed \u00e1tt a\u00f0 \u00fev\u00ed a\u00f0 n\u00e1 t\u00f6kum \u00e1 hebreskri m\u00e1lfr\u00e6\u00f0i!<\/p>\n\n\n\n<p><strong>En fyrst, hvers vegna hebresk m\u00e1lfr\u00e6\u00f0i?<\/strong><\/p>\n\n\n\n<p>Ef \u00fe\u00fa ert a\u00f0 l\u00e6ra hebresku er traustur grunnur \u00ed m\u00e1lfr\u00e6\u00f0i nau\u00f0synlegur til a\u00f0 <a href=\"https:\/\/talkpal.ai\/locations\/language-courses-in-tala\/\">tala<\/a>, lesa og skrifa reiprennandi. \u00de\u00f3 a\u00f0 hebresk m\u00e1lfr\u00e6\u00f0i geti \u00ed upphafi virst fl\u00f3kin, ver\u00f0ur h\u00fan a\u00f0gengilegri \u00feegar h\u00fan er brotin ni\u00f0ur \u00ed sm\u00e6rri og me\u00f0f\u00e6rilegri hluta. Svo, vi\u00f0 skulum leggja af sta\u00f0 \u00ed \u00feetta spennandi fer\u00f0alag!<\/p>\n\n\n\n<h3 class=\"wp-block-heading\" id=\"h-1-nouns-gender-and-number\">1. Nafnor\u00f0, kyn og tala<\/h3>\n\n\n\n<p>Hebresk nafnor\u00f0 hafa tv\u00f6 kyn &#8211; karlkyn og kvenkyn &#8211; og geta veri\u00f0 eint\u00f6lu e\u00f0a fleirt\u00f6lu. A\u00f0 bera kennsl \u00e1 kyn nafnor\u00f0s myndar grundv\u00f6ll fyrir r\u00e9tta setningarbyggingu \u00fev\u00ed \u00fea\u00f0 hefur \u00e1hrif \u00e1 a\u00f0ra or\u00f0flokka, svo sem sagnir og l\u00fdsingaror\u00f0.  <\/p>\n\n\n\n<p>Almenn \u00feumalputtaregla: ef nafnor\u00f0 endar \u00e1 \u201e\u05d4\u201c (hey) e\u00f0a \u201e\u05ea\u201c (tav), er \u00fea\u00f0 venjulega kvenkyns. Undantekningar eru \u00fe\u00f3 til, svo lykilatri\u00f0i er a\u00f0 leggja nafnor\u00f0 \u00e1 minni\u00f0 \u00e1 me\u00f0an \u00fe\u00fa l\u00e6rir or\u00f0afor\u00f0a.<\/p>\n\n\n\n<p>A\u00f0 auki taka hebresk nafnor\u00f0 mismunandi form eftir fj\u00f6lda. Fleirt\u00f6lu karlkynsnafnor\u00f0 enda venjulega \u00e1 \u201e\u05d9\u05dd\u201c (yim), \u00e1 me\u00f0an fleirt\u00f6lu kvenkynsnafnor\u00f0 enda \u00e1 \u201e\u05d5\u05ea\u201c (ot).<\/p>\n\n\n\n<h3 class=\"wp-block-heading\" id=\"h-2-adjectives-agreement-and-definite-articles\">2. L\u00fdsingaror\u00f0, samkomulag og \u00e1kve\u00f0nar greinar<\/h3>\n\n\n\n<p>L\u00fdsingaror\u00f0 \u00e1 hebresku ver\u00f0a a\u00f0 vera samm\u00e1la \u00ed kyni og t\u00f6lu vi\u00f0 nafnor\u00f0i\u00f0 sem \u00feau breyta. Til a\u00f0 <a href=\"https:\/\/talkpal.ai\/locations\/language-courses-in-gera\/\">gera<\/a> l\u00fdsingaror\u00f0 kvenlegt skaltu b\u00e6ta vi\u00f0 \u201e\u05d4\u201c (hey) \u00ed lokin ef \u00fea\u00f0 er ekki \u00feegar me\u00f0 \u00fea\u00f0. Til a\u00f0 b\u00faa til l\u00fdsingaror\u00f0 \u00ed fleirt\u00f6lu skaltu fylgja s\u00f6mu meginreglu og nafnor\u00f0: b\u00e6ttu vi\u00f0 \u201e\u05d9\u05dd\u201c fyrir karlkyn og \u201e\u05d5\u05ea\u201c fyrir kvenkyn.<\/p>\n\n\n\n<p>\u00c1kve\u00f0na greinin \u201ethe\u201c \u00e1 hebresku er \u201e\u05d4\u201c (hey) og er b\u00e6tt vi\u00f0 sem forskeyti vi\u00f0 nafnor\u00f0i\u00f0 e\u00f0a l\u00fdsingaror\u00f0i\u00f0. Til d\u00e6mis, \u201e\u05d4\u05e1\u05e4\u05e8\u201c (haSefer \u2013 b\u00f3kin) e\u00f0a \u201e\u05d4\u05db\u05d3\u05d5\u05e8 \u05d4\u05d2\u05d3\u05d5\u05dc\u201c (hakadur hagadol \u2013 st\u00f3ri boltinn).<\/p>\n\n\n\n<h3 class=\"wp-block-heading\" id=\"h-3-verbs-tense-and-conjugation\">3. Sagnor\u00f0, t\u00ed\u00f0 og samtenging<\/h3>\n\n\n\n<p>Hebreskar sagnir gegna mikilv\u00e6gu hlutverki \u00ed m\u00e1lfr\u00e6\u00f0i og er skipt \u00ed sj\u00f6 samtengingarh\u00f3pa sem kallast \u201ebinyanim\u201c. Hver binyan hefur \u00e1hrif \u00e1 merkingu s\u00f6gnarinnar og hlutverk \u00ed setningu.<\/p>\n\n\n\n<p>Til a\u00f0 gefa \u00fe\u00e9r flj\u00f3tt yfirlit skulum vi\u00f0 r\u00e6\u00f0a n\u00fat\u00ed\u00f0 reglulegra sagna:<\/p>\n\n\n\n<p><strong>\u2013 \u05d0\u05e0\u05d9 \u05e7\u05d5\u05e8\u05d0\/\u05ea (ani kore\/et \u2013 \u00e9g les, masc.\/fem.)<\/strong><\/p>\n\n\n\n<p><strong>\u2013 \u05d0\u05ea\/\u05d4 \u05e7\u05d5\u05e8\u05d0\/\u05ea (ata\/at kore\/et \u2013 \u00fe\u00fa lest, masc.\/fem.)<\/strong><\/p>\n\n\n\n<p><strong>\u2013 \u05d4\u05d5\u05d0\/\u05d4\u05d9\u05d0 \u05e7\u05d5\u05e8\u05d0\/\u05ea (hu\/hi kore\/et \u2013 hann\/h\u00fan les)<\/strong><\/p>\n\n\n\n<p>Mundu a\u00f0 \u00feetta er bara byrjunin! Margar a\u00f0rar spennur, \u00f3reglulegar sagnir og binyan fl\u00e6kjustig munu koma fram \u00feegar \u00fe\u00fa framfarir.<\/p>\n\n\n\n<h3 class=\"wp-block-heading\" id=\"h-4-pronouns-prepositions-and-more\">4. Forn\u00f6fn, forsetningar og fleira!<\/h3>\n\n\n\n<p>Hebresk m\u00e1lfr\u00e6\u00f0i felur \u00ed s\u00e9r a\u00f0ra \u00fe\u00e6tti eins og forn\u00f6fn (\u05d0\u05e0\u05d9, \u05d0\u05ea\u05d4, \u05d4\u05d5\u05d0, \u05d4\u05d9\u05d0, og svo framvegis), forsetningar (\u05d1, \u05dc, \u05de, \u05e2\u05dc, osfrv.) og or\u00f0atilt\u00e6ki. \u00dea\u00f0 er mikilv\u00e6gt a\u00f0 takast \u00e1 vi\u00f0 hvern \u00fe\u00e1tt til a\u00f0 n\u00e1 yfirgripsmikilli kunn\u00e1ttu \u00ed hebresku, svo taktu \u00fea\u00f0 eitt skref \u00ed einu.<\/p>\n\n\n\n<p>A\u00f0 lokum, \u00fea\u00f0 er engin fl\u00fdtilei\u00f0 til a\u00f0 n\u00e1 t\u00f6kum \u00e1 hebreskri m\u00e1lfr\u00e6\u00f0i. \u00dea\u00f0 krefst \u00ferautseigju, \u00e6fingar og \u00feolinm\u00e6\u00f0i. Hins vegar, \u00feegar \u00fe\u00fa hefur skili\u00f0 ranghala \u00feess muntu nj\u00f3ta bl\u00e6brig\u00f0a \u00feess a\u00f0 tala \u00e1 hebresku, kanna r\u00edka menningu og s\u00f6gu og d\u00fdpka \u00feakkl\u00e6ti \u00feitt fyrir tungum\u00e1linu. vel (behatzlacha \u2013 gangi \u00fe\u00e9r vel)!<\/p>\n<\/div><\/div>\n\r\n<section class=\"learnNavigationSection\">\r\n            \r\n        <a href=\"https:\/\/talkpal.ai\/is\/laerdu-hebresku\/\">\r\n            <div class=\"learnNavigationWrapper\">\r\n                <div class=\"learnNavigationContent\">\r\n                    <img decoding=\"async\" src=\"https:\/\/talkpal.ai\/wp-content\/uploads\/2024\/08\/Hebrew.jpg\" alt=\"Israel Flag\">\r\n                    <div>\r\n                        <h4>Um hebreskun\u00e1m<\/h4>\r\n                        <p>Finndu \u00fat allt um hebreska m\u00e1lfr\u00e6\u00f0i.<\/p>\r\n                    <\/div>\r\n                <\/div>\r\n            <\/div>\r\n        <\/a>\r\n\r\n        \r\n        <a href=\"https:\/\/talkpal.ai\/is\/hebreska-malfraedi-aefingar\/\">\r\n            <div class=\"learnNavigationWrapper\">\r\n                <div class=\"learnNavigationContent\">\r\n                    <img decoding=\"async\" src=\"https:\/\/talkpal.ai\/wp-content\/uploads\/2024\/08\/Hebrew.jpg\" alt=\"Israel Flag\">\r\n                    <div>\r\n                        <h4>Hebreska m\u00e1lfr\u00e6\u00f0i\u00e6fing<\/h4>\r\n                        <p>\u00c6f\u00f0u hebreska m\u00e1lfr\u00e6\u00f0i.<\/p>\r\n                    <\/div>\r\n                <\/div>\r\n            <\/div>\r\n        <\/a>\r\n\r\n        \r\n        <a href=\"https:\/\/talkpal.ai\/vocabulary_language\/hebrew\/\">\r\n            <div class=\"learnNavigationWrapper\">\r\n                <div class=\"learnNavigationContent\">\r\n                    <img decoding=\"async\" src=\"https:\/\/talkpal.ai\/wp-content\/uploads\/2024\/08\/Hebrew.jpg\" alt=\"Israel Flag\">\r\n                    <div>\r\n                        <h4>Hebreskur or\u00f0afor\u00f0i<\/h4>\r\n                        <p>St\u00e6kka\u00f0u hebreskan or\u00f0afor\u00f0a \u00feinn.<\/p>\r\n                    <\/div>\r\n                <\/div>\r\n            <\/div>\r\n        <\/a>\r\n\r\n            <\/section>","protected":false},"excerpt":{"rendered":"<p>A\u00f0 n\u00e1 t\u00f6kum \u00e1 hebreskri m\u00e1lfr\u00e6\u00f0i: Fullkominn lei\u00f0arv\u00edsir \u00feinn Shalom, tungum\u00e1l \u00e1hugamenn! Ertu tilb\u00fainn a\u00f0 kafa inn \u00ed heillandi heim hebreskrar m\u00e1lfr\u00e6\u00f0i? \u00de\u00fa ert kominn \u00e1 r\u00e9ttan sta\u00f0. \u00deessi grein er full af au\u00f0skiljanlegum uppl\u00fdsingum og samtalst\u00f3n og mun lei\u00f0a \u00feig \u00ed gegnum d\u00e1lei\u00f0andi svi\u00f0 hebreskrar m\u00e1lfr\u00e6\u00f0i. Br\u00e1\u00f0um muntu geta sm\u00ed\u00f0a\u00f0 setningar og teki\u00f0 \u00fe\u00e1tt [&hellip;]<\/p>\n","protected":false},"author":1,"featured_media":112950,"parent":0,"menu_order":0,"comment_status":"closed","ping_status":"closed","template":"LearningContentPage.php","meta":{"_acf_changed":false,"footnotes":""},"class_list":["post-144255","page","type-page","status-publish","has-post-thumbnail","hentry"],"acf":[],"yoast_head":"<!-- This site is optimized with the Yoast SEO Premium plugin v27.2 (Yoast SEO v27.2) - https:\/\/yoast.com\/product\/yoast-seo-premium-wordpress\/ -->\n<title>Hebresk m\u00e1lfr\u00e6\u00f0i - Talkpal<\/title>\n<meta name=\"description\" content=\"B\u00e6ttu hebresku m\u00e1lfr\u00e6\u00f0i \u00fe\u00edna af \u00f6ryggi - l\u00e6r\u00f0u lykilreglur, mynda\u00f0u r\u00e9ttar setningar og \u00e1tt sk\u00fdr samskipti me\u00f0 einf\u00f6ldum gervigreindarkennslustundum Talkpal .\" \/>\n<meta name=\"robots\" content=\"index, follow, max-snippet:-1, max-image-preview:large, max-video-preview:-1\" \/>\n<link rel=\"canonical\" href=\"https:\/\/talkpal.ai\/is\/hebresk-malfraedi\/\" \/>\n<meta property=\"og:locale\" content=\"is_IS\" \/>\n<meta property=\"og:type\" content=\"article\" \/>\n<meta property=\"og:title\" content=\"Hebresk m\u00e1lfr\u00e6\u00f0i\" \/>\n<meta property=\"og:description\" content=\"A\u00f0 n\u00e1 t\u00f6kum \u00e1 hebreskri m\u00e1lfr\u00e6\u00f0i: Fullkominn lei\u00f0arv\u00edsir \u00feinn Shalom, tungum\u00e1l \u00e1hugamenn! Ertu tilb\u00fainn a\u00f0 kafa inn \u00ed heillandi heim hebreskrar m\u00e1lfr\u00e6\u00f0i?\" \/>\n<meta property=\"og:url\" content=\"https:\/\/talkpal.ai\/is\/hebresk-malfraedi\/\" \/>\n<meta property=\"og:site_name\" content=\"Talkpal\" \/>\n<meta property=\"article:publisher\" content=\"https:\/\/www.facebook.com\/profile.php?id=100090733639311\" \/>\n<meta property=\"article:modified_time\" content=\"2025-12-13T15:39:11+00:00\" \/>\n<meta property=\"og:image\" content=\"https:\/\/talkpal.ai\/wp-content\/uploads\/2023\/05\/israel.png\" \/>\n\t<meta property=\"og:image:width\" content=\"512\" \/>\n\t<meta property=\"og:image:height\" content=\"512\" \/>\n\t<meta property=\"og:image:type\" content=\"image\/png\" \/>\n<meta name=\"twitter:card\" content=\"summary_large_image\" \/>\n<meta name=\"twitter:site\" content=\"@talkpalai\" \/>\n<meta name=\"twitter:label1\" content=\"Est. reading time\" \/>\n\t<meta name=\"twitter:data1\" content=\"3 minutes\" \/>\n<script type=\"application\/ld+json\" class=\"yoast-schema-graph\">{\"@context\":\"https:\/\/schema.org\",\"@graph\":[{\"@type\":\"WebPage\",\"@id\":\"https:\/\/talkpal.ai\/is\/hebresk-malfraedi\/\",\"url\":\"https:\/\/talkpal.ai\/is\/hebresk-malfraedi\/\",\"name\":\"Hebresk m\u00e1lfr\u00e6\u00f0i - Talkpal\",\"isPartOf\":{\"@id\":\"https:\/\/talkpal.ai\/is\/#website\"},\"primaryImageOfPage\":{\"@id\":\"https:\/\/talkpal.ai\/is\/hebresk-malfraedi\/#primaryimage\"},\"image\":{\"@id\":\"https:\/\/talkpal.ai\/is\/hebresk-malfraedi\/#primaryimage\"},\"thumbnailUrl\":\"https:\/\/talkpal.ai\/wp-content\/uploads\/2023\/05\/israel.png\",\"datePublished\":\"2023-05-14T14:04:48+00:00\",\"dateModified\":\"2025-12-13T15:39:11+00:00\",\"description\":\"B\u00e6ttu hebresku m\u00e1lfr\u00e6\u00f0i \u00fe\u00edna af \u00f6ryggi - l\u00e6r\u00f0u lykilreglur, mynda\u00f0u r\u00e9ttar setningar og \u00e1tt sk\u00fdr samskipti me\u00f0 einf\u00f6ldum gervigreindarkennslustundum Talkpal .\",\"breadcrumb\":{\"@id\":\"https:\/\/talkpal.ai\/is\/hebresk-malfraedi\/#breadcrumb\"},\"inLanguage\":\"is\",\"potentialAction\":[{\"@type\":\"ReadAction\",\"target\":[\"https:\/\/talkpal.ai\/is\/hebresk-malfraedi\/\"]}]},{\"@type\":\"ImageObject\",\"inLanguage\":\"is\",\"@id\":\"https:\/\/talkpal.ai\/is\/hebresk-malfraedi\/#primaryimage\",\"url\":\"https:\/\/talkpal.ai\/wp-content\/uploads\/2023\/05\/israel.png\",\"contentUrl\":\"https:\/\/talkpal.ai\/wp-content\/uploads\/2023\/05\/israel.png\",\"width\":512,\"height\":512},{\"@type\":\"BreadcrumbList\",\"@id\":\"https:\/\/talkpal.ai\/is\/hebresk-malfraedi\/#breadcrumb\",\"itemListElement\":[{\"@type\":\"ListItem\",\"position\":1,\"name\":\"Homepage\",\"item\":\"https:\/\/talkpal.ai\/is\/\"},{\"@type\":\"ListItem\",\"position\":2,\"name\":\"Hebresk m\u00e1lfr\u00e6\u00f0i\"}]},{\"@type\":\"WebSite\",\"@id\":\"https:\/\/talkpal.ai\/is\/#website\",\"url\":\"https:\/\/talkpal.ai\/is\/\",\"name\":\"Talkpal\",\"description\":\"AI Language Learning\",\"publisher\":{\"@id\":\"https:\/\/talkpal.ai\/is\/#organization\"},\"alternateName\":\"Talkpal AI\",\"potentialAction\":[{\"@type\":\"SearchAction\",\"target\":{\"@type\":\"EntryPoint\",\"urlTemplate\":\"https:\/\/talkpal.ai\/is\/?s={search_term_string}\"},\"query-input\":{\"@type\":\"PropertyValueSpecification\",\"valueRequired\":true,\"valueName\":\"search_term_string\"}}],\"inLanguage\":\"is\"},{\"@type\":\"Organization\",\"@id\":\"https:\/\/talkpal.ai\/is\/#organization\",\"name\":\"Talkpal, Inc.\",\"alternateName\":\"Talkpal AI\",\"url\":\"https:\/\/talkpal.ai\/is\/\",\"logo\":{\"@type\":\"ImageObject\",\"inLanguage\":\"is\",\"@id\":\"https:\/\/talkpal.ai\/is\/#\/schema\/logo\/image\/\",\"url\":\"https:\/\/talkpal.ai\/wp-content\/uploads\/2024\/03\/Talkpal-Logo-Icon.png\",\"contentUrl\":\"https:\/\/talkpal.ai\/wp-content\/uploads\/2024\/03\/Talkpal-Logo-Icon.png\",\"width\":2880,\"height\":2880,\"caption\":\"Talkpal, Inc.\"},\"image\":{\"@id\":\"https:\/\/talkpal.ai\/is\/#\/schema\/logo\/image\/\"},\"sameAs\":[\"https:\/\/www.facebook.com\/profile.php?id=100090733639311\",\"https:\/\/x.com\/talkpalai\",\"https:\/\/www.linkedin.com\/company\/talkpal\/\",\"https:\/\/www.youtube.com\/@TalkPal\/\",\"https:\/\/www.tiktok.com\/@talkpal\",\"https:\/\/www.instagram.com\/talkpal_ai\/\",\"https:\/\/www.crunchbase.com\/organization\/talkpal-9cde\",\"https:\/\/www.g2.com\/products\/talkpal-for-business\/\",\"https:\/\/www.trustpilot.com\/review\/talkpal.ai\",\"https:\/\/www.capterra.com\/p\/10006800\/TalkPal\/\"],\"description\":\"Talkpal is a language learning web and mobile education app, powered by the latest AI technologies, that provides engaging experiences to its customers in many different languages to help them improve their language skills. Users can chat about unlimited amount of topics with the app and use other modes to practice their language learning.\",\"email\":\"support@talkpal.ai\",\"legalName\":\"Talkpal, Inc.\",\"foundingDate\":\"2023-04-03\",\"duns\":\"118989042\",\"numberOfEmployees\":{\"@type\":\"QuantitativeValue\",\"minValue\":\"11\",\"maxValue\":\"50\"},\"publishingPrinciples\":\"https:\/\/talkpal.ai\/publishing-principles\/\",\"actionableFeedbackPolicy\":\"https:\/\/talkpal.ai\/actionable-feedback-policy\/\",\"correctionsPolicy\":\"https:\/\/talkpal.ai\/corrections-policy\/\",\"ethicsPolicy\":\"https:\/\/talkpal.ai\/ethics-policy\/\",\"diversityPolicy\":\"https:\/\/talkpal.ai\/diversity-policy\/\",\"diversityStaffingReport\":\"https:\/\/talkpal.ai\/diversity-policy\/\"}]}<\/script>\n<!-- \/ Yoast SEO Premium plugin. -->","yoast_head_json":{"title":"Hebresk m\u00e1lfr\u00e6\u00f0i - Talkpal","description":"B\u00e6ttu hebresku m\u00e1lfr\u00e6\u00f0i \u00fe\u00edna af \u00f6ryggi - l\u00e6r\u00f0u lykilreglur, mynda\u00f0u r\u00e9ttar setningar og \u00e1tt sk\u00fdr samskipti me\u00f0 einf\u00f6ldum gervigreindarkennslustundum Talkpal .","robots":{"index":"index","follow":"follow","max-snippet":"max-snippet:-1","max-image-preview":"max-image-preview:large","max-video-preview":"max-video-preview:-1"},"canonical":"https:\/\/talkpal.ai\/is\/hebresk-malfraedi\/","og_locale":"is_IS","og_type":"article","og_title":"Hebresk m\u00e1lfr\u00e6\u00f0i","og_description":"A\u00f0 n\u00e1 t\u00f6kum \u00e1 hebreskri m\u00e1lfr\u00e6\u00f0i: Fullkominn lei\u00f0arv\u00edsir \u00feinn Shalom, tungum\u00e1l \u00e1hugamenn! Ertu tilb\u00fainn a\u00f0 kafa inn \u00ed heillandi heim hebreskrar m\u00e1lfr\u00e6\u00f0i?","og_url":"https:\/\/talkpal.ai\/is\/hebresk-malfraedi\/","og_site_name":"Talkpal","article_publisher":"https:\/\/www.facebook.com\/profile.php?id=100090733639311","article_modified_time":"2025-12-13T15:39:11+00:00","og_image":[{"width":512,"height":512,"url":"https:\/\/talkpal.ai\/wp-content\/uploads\/2023\/05\/israel.png","type":"image\/png"}],"twitter_card":"summary_large_image","twitter_site":"@talkpalai","twitter_misc":{"Est. reading time":"3 minutes"},"schema":{"@context":"https:\/\/schema.org","@graph":[{"@type":"WebPage","@id":"https:\/\/talkpal.ai\/is\/hebresk-malfraedi\/","url":"https:\/\/talkpal.ai\/is\/hebresk-malfraedi\/","name":"Hebresk m\u00e1lfr\u00e6\u00f0i - Talkpal","isPartOf":{"@id":"https:\/\/talkpal.ai\/is\/#website"},"primaryImageOfPage":{"@id":"https:\/\/talkpal.ai\/is\/hebresk-malfraedi\/#primaryimage"},"image":{"@id":"https:\/\/talkpal.ai\/is\/hebresk-malfraedi\/#primaryimage"},"thumbnailUrl":"https:\/\/talkpal.ai\/wp-content\/uploads\/2023\/05\/israel.png","datePublished":"2023-05-14T14:04:48+00:00","dateModified":"2025-12-13T15:39:11+00:00","description":"B\u00e6ttu hebresku m\u00e1lfr\u00e6\u00f0i \u00fe\u00edna af \u00f6ryggi - l\u00e6r\u00f0u lykilreglur, mynda\u00f0u r\u00e9ttar setningar og \u00e1tt sk\u00fdr samskipti me\u00f0 einf\u00f6ldum gervigreindarkennslustundum Talkpal .","breadcrumb":{"@id":"https:\/\/talkpal.ai\/is\/hebresk-malfraedi\/#breadcrumb"},"inLanguage":"is","potentialAction":[{"@type":"ReadAction","target":["https:\/\/talkpal.ai\/is\/hebresk-malfraedi\/"]}]},{"@type":"ImageObject","inLanguage":"is","@id":"https:\/\/talkpal.ai\/is\/hebresk-malfraedi\/#primaryimage","url":"https:\/\/talkpal.ai\/wp-content\/uploads\/2023\/05\/israel.png","contentUrl":"https:\/\/talkpal.ai\/wp-content\/uploads\/2023\/05\/israel.png","width":512,"height":512},{"@type":"BreadcrumbList","@id":"https:\/\/talkpal.ai\/is\/hebresk-malfraedi\/#breadcrumb","itemListElement":[{"@type":"ListItem","position":1,"name":"Homepage","item":"https:\/\/talkpal.ai\/is\/"},{"@type":"ListItem","position":2,"name":"Hebresk m\u00e1lfr\u00e6\u00f0i"}]},{"@type":"WebSite","@id":"https:\/\/talkpal.ai\/is\/#website","url":"https:\/\/talkpal.ai\/is\/","name":"Talkpal","description":"AI Language Learning","publisher":{"@id":"https:\/\/talkpal.ai\/is\/#organization"},"alternateName":"Talkpal AI","potentialAction":[{"@type":"SearchAction","target":{"@type":"EntryPoint","urlTemplate":"https:\/\/talkpal.ai\/is\/?s={search_term_string}"},"query-input":{"@type":"PropertyValueSpecification","valueRequired":true,"valueName":"search_term_string"}}],"inLanguage":"is"},{"@type":"Organization","@id":"https:\/\/talkpal.ai\/is\/#organization","name":"Talkpal, Inc.","alternateName":"Talkpal AI","url":"https:\/\/talkpal.ai\/is\/","logo":{"@type":"ImageObject","inLanguage":"is","@id":"https:\/\/talkpal.ai\/is\/#\/schema\/logo\/image\/","url":"https:\/\/talkpal.ai\/wp-content\/uploads\/2024\/03\/Talkpal-Logo-Icon.png","contentUrl":"https:\/\/talkpal.ai\/wp-content\/uploads\/2024\/03\/Talkpal-Logo-Icon.png","width":2880,"height":2880,"caption":"Talkpal, Inc."},"image":{"@id":"https:\/\/talkpal.ai\/is\/#\/schema\/logo\/image\/"},"sameAs":["https:\/\/www.facebook.com\/profile.php?id=100090733639311","https:\/\/x.com\/talkpalai","https:\/\/www.linkedin.com\/company\/talkpal\/","https:\/\/www.youtube.com\/@TalkPal\/","https:\/\/www.tiktok.com\/@talkpal","https:\/\/www.instagram.com\/talkpal_ai\/","https:\/\/www.crunchbase.com\/organization\/talkpal-9cde","https:\/\/www.g2.com\/products\/talkpal-for-business\/","https:\/\/www.trustpilot.com\/review\/talkpal.ai","https:\/\/www.capterra.com\/p\/10006800\/TalkPal\/"],"description":"Talkpal is a language learning web and mobile education app, powered by the latest AI technologies, that provides engaging experiences to its customers in many different languages to help them improve their language skills. Users can chat about unlimited amount of topics with the app and use other modes to practice their language learning.","email":"support@talkpal.ai","legalName":"Talkpal, Inc.","foundingDate":"2023-04-03","duns":"118989042","numberOfEmployees":{"@type":"QuantitativeValue","minValue":"11","maxValue":"50"},"publishingPrinciples":"https:\/\/talkpal.ai\/publishing-principles\/","actionableFeedbackPolicy":"https:\/\/talkpal.ai\/actionable-feedback-policy\/","correctionsPolicy":"https:\/\/talkpal.ai\/corrections-policy\/","ethicsPolicy":"https:\/\/talkpal.ai\/ethics-policy\/","diversityPolicy":"https:\/\/talkpal.ai\/diversity-policy\/","diversityStaffingReport":"https:\/\/talkpal.ai\/diversity-policy\/"}]}},"_links":{"self":[{"href":"https:\/\/talkpal.ai\/is\/wp-json\/wp\/v2\/pages\/144255","targetHints":{"allow":["GET"]}}],"collection":[{"href":"https:\/\/talkpal.ai\/is\/wp-json\/wp\/v2\/pages"}],"about":[{"href":"https:\/\/talkpal.ai\/is\/wp-json\/wp\/v2\/types\/page"}],"author":[{"embeddable":true,"href":"https:\/\/talkpal.ai\/is\/wp-json\/wp\/v2\/users\/1"}],"replies":[{"embeddable":true,"href":"https:\/\/talkpal.ai\/is\/wp-json\/wp\/v2\/comments?post=144255"}],"version-history":[{"count":0,"href":"https:\/\/talkpal.ai\/is\/wp-json\/wp\/v2\/pages\/144255\/revisions"}],"wp:featuredmedia":[{"embeddable":true,"href":"https:\/\/talkpal.ai\/is\/wp-json\/wp\/v2\/media\/112950"}],"wp:attachment":[{"href":"https:\/\/talkpal.ai\/is\/wp-json\/wp\/v2\/media?parent=144255"}],"curies":[{"name":"wp","href":"https:\/\/api.w.org\/{rel}","templated":true}]}}