{"id":143963,"date":"2023-05-14T14:03:43","date_gmt":"2023-05-14T14:03:43","guid":{"rendered":"http:\/\/talkpal.ai\/galisisk-malfraedi\/"},"modified":"2025-12-13T15:30:34","modified_gmt":"2025-12-13T15:30:34","slug":"galisisk-malfraedi","status":"publish","type":"page","link":"https:\/\/talkpal.ai\/is\/galisisk-malfraedi\/","title":{"rendered":"Galis\u00edsk m\u00e1lfr\u00e6\u00f0i"},"content":{"rendered":"\r\n\r\n\r\n<section class=\"languageChallengeSection\">\r\n    <div class=\"languageInfoWrapper\">\r\n        \r\n        <h1>Galis\u00edsk m\u00e1lfr\u00e6\u00f0i<\/h1>\r\n        <p>Uppg\u00f6tva\u00f0u sjarma galis\u00edsku tungum\u00e1lsins me\u00f0 \u00fev\u00ed a\u00f0 n\u00e1 t\u00f6kum \u00e1 grundvallarreglum m\u00e1lfr\u00e6\u00f0innar. A\u00f0 skilja <a href=\"https:\/\/talkpal.ai\/grammar\/\">m\u00e1lfr\u00e6\u00f0i<\/a> galis\u00edskrar m\u00e1lfr\u00e6\u00f0i mun opna dyr a\u00f0 innihaldsr\u00edkum samskiptum og d\u00fdpri skilningi \u00e1 l\u00edflegri menningu Galis\u00edu. Byrja\u00f0u a\u00f0 l\u00e6ra <a href=\"https:\/\/talkpal.ai\/learn-galician\/\">galis\u00edska<\/a> m\u00e1lfr\u00e6\u00f0i \u00ed dag og taktu fyrsta skrefi\u00f0 \u00ed \u00e1tt a\u00f0 f\u00e6rni \u00ed tali!<\/p>\r\n\r\n                            <a class=\"getStartedHidden\" href=\"https:\/\/app.talkpal.ai\/signup?lng=\">Byrja\u00f0u<\/a>\r\n        \r\n    <\/div>\r\n\r\n    <figure>\r\n    <img decoding=\"async\" width=\"768\" height=\"768\" src=\"https:\/\/talkpal.ai\/wp-content\/uploads\/2023\/06\/galician-768x768.png\" class=\"languageImage no-lazy\" alt=\"Language immersion powerful learning method\" fetchpriority=\"high\" sizes=\"(max-width: 768px) 150px, 768px\" srcset=\"https:\/\/talkpal.ai\/wp-content\/uploads\/2023\/06\/galician-768x768.png 768w, https:\/\/talkpal.ai\/wp-content\/uploads\/2023\/06\/galician-300x300.png 300w\" \/>\r\n    \r\n\r\n    <\/figure>\r\n\r\n            <a class=\"getStartedVisible\" href=\"https:\/\/app.talkpal.ai\/signup?lng=\">Byrja\u00f0u<\/a>\r\n    \r\n<\/section>\r\n<section class=\"promotionalBanner\">\r\n    <p class=\"promotionalText\">Skilvirkasta lei\u00f0in til a\u00f0 l\u00e6ra tungum\u00e1l<\/p>\r\n    <a class=\"promotionalLink\" href=\"https:\/\/app.talkpal.ai\/signup?lng=\">Pr\u00f3fa\u00f0u Talkpal \u00f3keypis<\/a>\r\n<\/section>\n<div class=\"wp-block-group pageContainerStyle\"><div class=\"wp-block-group__inner-container is-layout-constrained wp-block-group-is-layout-constrained\">\n<h2 class=\"wp-block-heading\" id=\"h-galician-grammar-unlocking-the-beauty-of-a-romance-language\">Galis\u00edsk m\u00e1lfr\u00e6\u00f0i: A\u00f0 opna fegur\u00f0 r\u00f3mant\u00edsks tungum\u00e1ls<\/h2>\n\n\n\n<p>Galis\u00edska, r\u00f3mant\u00edskt tungum\u00e1l sem tala\u00f0 er af yfir tveimur millj\u00f3num manna \u00e1 nor\u00f0vesturhluta Sp\u00e1nar, er einst\u00f6k og gr\u00edpandi m\u00e1ll\u00fdska sem deilir l\u00edkt me\u00f0 port\u00fag\u00f6lsku. \u00dea\u00f0 hefur s\u00e9rstaka hlj\u00f3\u00f0fr\u00e6\u00f0i, heillandi s\u00f6gu og lifandi lj\u00f3\u00f0r\u00e6na hef\u00f0. Til a\u00f0 n\u00e1 t\u00f6kum \u00e1 \u00feessu heillandi tungum\u00e1li er mikilv\u00e6gt a\u00f0 skilja m\u00e1lfr\u00e6\u00f0i \u00feess. \u00cd \u00feessari grein munum vi\u00f0 kanna mikilv\u00e6ga \u00fe\u00e6tti galis\u00edskrar m\u00e1lfr\u00e6\u00f0i og veita r\u00e1\u00f0 til a\u00f0 hj\u00e1lpa \u00fe\u00e9r a\u00f0 skara fram \u00far \u00ed \u00feessari tungum\u00e1lafer\u00f0.<\/p>\n\n\n\n<h3 class=\"wp-block-heading\" id=\"h-key-components-of-galician-grammar\">Lykil\u00fe\u00e6ttir galis\u00edskrar m\u00e1lfr\u00e6\u00f0i:<\/h3>\n\n\n\n<p><a href=\"https:\/\/talkpal.ai\/galician-grammar\/\">Galis\u00edsk m\u00e1lfr\u00e6\u00f0i<\/a>, eins og \u00f6nnur r\u00f3m\u00f6nsk tungum\u00e1l, samanstendur af \u00fdmsum reglum og mannvirkjum sem skilgreina r\u00e9tta notkun \u00feess. H\u00e9r eru nokkur grundvallaratri\u00f0i galis\u00edskrar m\u00e1lfr\u00e6\u00f0i sem \u00fe\u00fa \u00e6ttir a\u00f0 \u00feekkja:<\/p>\n\n\n\n<p><strong>1. Nafnor\u00f0:<\/strong> Galis\u00edsk nafnor\u00f0 hafa tv\u00f6 m\u00e1lfr\u00e6\u00f0ileg kyn (karlkyns og kvenkyns) og eru beyg\u00f0 fyrir t\u00f6lu (eint\u00f6lu og fleirt\u00f6lu). Kyn nafnor\u00f0s hefur \u00e1hrif \u00e1 form greina, l\u00fdsingaror\u00f0a og fornafna sem fylgja \u00fev\u00ed.<\/p>\n\n\n\n<p><strong>2. Greinar:<\/strong> Galis\u00edska hefur \u00e1kve\u00f0nar greinar (o, os, a, as) og \u00f3\u00e1kve\u00f0nar greinar (un, uns, unha, unhas). \u00c1kve\u00f0nir hlutir eru nota\u00f0ir til a\u00f0 v\u00edsa til \u00e1kve\u00f0inna hluta e\u00f0a f\u00f3lks en \u00f3\u00e1kve\u00f0nir hlutir eru nota\u00f0ir fyrir almennar e\u00f0a \u00f3s\u00e9rt\u00e6kar tilv\u00edsanir.<\/p>\n\n\n\n<p><strong>3. L\u00fdsingaror\u00f0 og atviksor\u00f0: L\u00fdsingaror\u00f0<\/strong> \u00e1 galis\u00edsku eru venjulega samm\u00e1la \u00ed kyni og t\u00f6lu me\u00f0 nafnor\u00f0unum sem \u00feau breyta. Atviksor\u00f0 eru aftur \u00e1 m\u00f3ti \u00f3breytanleg og breytast ekki eftir kyni e\u00f0a n\u00fameri nafnor\u00f0sins.<\/p>\n\n\n\n<p><strong>4. Sagnir:<\/strong> Galis\u00edskar sagnir eru beyg\u00f0ar \u00ed \u00feremur reglulegum mynstrum (ar, er, ir) og \u00fdmsum \u00f3reglulegum mynstrum. Sagnir beygjast eftir spennu (n\u00fat\u00ed\u00f0, fort\u00ed\u00f0, framt\u00ed\u00f0 o.s.frv.), skapi (lei\u00f0beinandi, vi\u00f0tengingarh\u00e6tti, br\u00fdnt), \u00fe\u00e6tti (fullkominn, \u00f3fullkominn) og r\u00f6dd (virk, \u00f3virk). Forn\u00f6fnum er oft sleppt \u00ed beygingu sagna, \u00fear sem s\u00f6gnin formi\u00f0 gefur venjulega til kynna vi\u00f0fangsefni\u00f0.<\/p>\n\n\n\n<p><strong>5. Setningager\u00f0:<\/strong> Galis\u00edska notar venjulega Subject-Verb-Object (SVO) e\u00f0a Verb-Subject-Object (VSO) or\u00f0ar\u00f6\u00f0, allt eftir \u00e1herslum og samhengi. Hins vegar er \u00feessi or\u00f0ar\u00f6\u00f0 sveigjanleg.<\/p>\n\n\n\n<h3 class=\"wp-block-heading\" id=\"h-tips-for-learning-galician-grammar\">R\u00e1\u00f0 til a\u00f0 l\u00e6ra galis\u00edska m\u00e1lfr\u00e6\u00f0i:<\/h3>\n\n\n\n<p>Til a\u00f0 skara fram \u00far \u00ed galis\u00edsku m\u00e1lfr\u00e6\u00f0in\u00e1mi \u00fe\u00ednu skaltu \u00edhuga \u00feessar gagnlegu a\u00f0fer\u00f0ir:<\/p>\n\n\n\n<p><strong>1. Regluleg \u00e6fing:<\/strong> Samr\u00e6mi er lykilatri\u00f0i. Tileinka\u00f0u \u00e1kve\u00f0num t\u00edmum \u00e1 hverjum degi e\u00f0a viku til a\u00f0 \u00e6fa <a href=\"https:\/\/talkpal.ai\/is\/usbekiskar-malfraediaefingar\/\">m\u00e1lfr\u00e6\u00f0i\u00e6fingar<\/a>, lestur og ritun \u00e1 galis\u00edsku.<\/p>\n\n\n\n<p><strong>2. Nota\u00f0u innf\u00e6ddar au\u00f0lindir:<\/strong> S\u00f6kkva \u00fe\u00e9r ni\u00f0ur \u00ed ekta galis\u00edskt efni eins og b\u00f3kmenntir, fr\u00e9ttagreinar og kvikmyndir. \u00deetta hj\u00e1lpar \u00fe\u00e9r ekki a\u00f0eins a\u00f0 sj\u00e1 galis\u00edska m\u00e1lfr\u00e6\u00f0i \u00ed samhengi heldur b\u00e6tir einnig lestrar- og hlustunarh\u00e6fileika \u00fe\u00edna.<\/p>\n\n\n\n<p>3. L\u00e6r\u00f0u nafnor\u00f0 kyn og greinar: Kynntu \u00fe\u00e9r galis\u00edsk <strong>nafnor\u00f0 kyn og<\/strong> r\u00e9tta notkun greina. \u00deetta er mikilv\u00e6gt til a\u00f0 mynda n\u00e1kv\u00e6mar og samfelldar setningar.<\/p>\n\n\n\n<p><strong>4. Tengstu m\u00f3\u00f0urm\u00e1li:<\/strong> Taktu \u00fe\u00e1tt \u00ed m\u00f3\u00f0urm\u00e1li galis\u00edskum\u00e6landi \u00ed gegnum tungum\u00e1laskiptaforrit, samf\u00e9lagsmi\u00f0la e\u00f0a spjallbor\u00f0 \u00e1 netinu. \u00deetta gefur t\u00e6kif\u00e6ri til a\u00f0 \u00e6fa m\u00e1lfr\u00e6\u00f0i \u00ed raunverulegum samt\u00f6lum og f\u00e1 d\u00fdrm\u00e6ta endurgj\u00f6f.<\/p>\n\n\n\n<p><strong>5. \u00deolinm\u00e6\u00f0i og \u00ferautseigja:<\/strong> A\u00f0 l\u00e6ra n\u00fdtt tungum\u00e1l tekur t\u00edma, sta\u00f0festu og \u00feolinm\u00e6\u00f0i. Taktu \u00e1skorunum opnum \u00f6rmum og fagna\u00f0u framf\u00f6rum \u00fe\u00ednum \u00e1 lei\u00f0inni.<\/p>\n\n\n\n<h2 class=\"wp-block-heading\" id=\"h-conclusion\">\u00c1lyktun:<\/h2>\n\n\n\n<p>Galis\u00edsk m\u00e1lfr\u00e6\u00f0i, me\u00f0 s\u00edn einst\u00f6ku einkenni og tengingu vi\u00f0 r\u00f3m\u00f6nsku tungum\u00e1lafj\u00f6lskylduna, geymir lykilinn a\u00f0 \u00fev\u00ed a\u00f0 n\u00e1 t\u00f6kum \u00e1 \u00feessari gr\u00edpandi m\u00e1ll\u00fdsku. Me\u00f0 \u00fev\u00ed a\u00f0 skilja lykil\u00fe\u00e6tti \u00feess og fylgja n\u00e1msa\u00f0fer\u00f0um okkar ertu \u00e1 g\u00f3\u00f0ri lei\u00f0 me\u00f0 tungum\u00e1lakunn\u00e1ttu. Svo, legg\u00f0u af sta\u00f0 \u00ed \u00feessa spennandi fer\u00f0 og opna\u00f0u undur galis\u00edsku tungum\u00e1lsins!<\/p>\n<\/div><\/div>\n\r\n<section class=\"learnNavigationSection\">\r\n            \r\n        <a href=\"https:\/\/talkpal.ai\/is\/laerdu-galisisku\/\">\r\n            <div class=\"learnNavigationWrapper\">\r\n                <div class=\"learnNavigationContent\">\r\n                    <img decoding=\"async\" src=\"https:\/\/talkpal.ai\/wp-content\/uploads\/2024\/08\/Galician.jpg\" alt=\"Galicia Flag\">\r\n                    <div>\r\n                        <h4>Um galis\u00edska n\u00e1m<\/h4>\r\n                        <p>Finndu \u00fat allt um galis\u00edska m\u00e1lfr\u00e6\u00f0i.<\/p>\r\n                    <\/div>\r\n                <\/div>\r\n            <\/div>\r\n        <\/a>\r\n\r\n        \r\n        <a href=\"https:\/\/talkpal.ai\/is\/galisiskar-malfraediaefingar\/\">\r\n            <div class=\"learnNavigationWrapper\">\r\n                <div class=\"learnNavigationContent\">\r\n                    <img decoding=\"async\" src=\"https:\/\/talkpal.ai\/wp-content\/uploads\/2024\/08\/Galician.jpg\" alt=\"Galicia Flag\">\r\n                    <div>\r\n                        <h4>Galis\u00edsk m\u00e1lfr\u00e6\u00f0i\u00e6fing<\/h4>\r\n                        <p>\u00c6f\u00f0u galis\u00edska m\u00e1lfr\u00e6\u00f0i.<\/p>\r\n                    <\/div>\r\n                <\/div>\r\n            <\/div>\r\n        <\/a>\r\n\r\n        \r\n        <a href=\"https:\/\/talkpal.ai\/vocabulary_language\/galician\/\">\r\n            <div class=\"learnNavigationWrapper\">\r\n                <div class=\"learnNavigationContent\">\r\n                    <img decoding=\"async\" src=\"https:\/\/talkpal.ai\/wp-content\/uploads\/2024\/08\/Galician.jpg\" alt=\"Galicia Flag\">\r\n                    <div>\r\n                        <h4>Galis\u00edskur or\u00f0afor\u00f0i<\/h4>\r\n                        <p>St\u00e6kka\u00f0u galis\u00edskan or\u00f0afor\u00f0a \u00feinn.<\/p>\r\n                    <\/div>\r\n                <\/div>\r\n            <\/div>\r\n        <\/a>\r\n\r\n            <\/section>","protected":false},"excerpt":{"rendered":"<p>Galis\u00edsk m\u00e1lfr\u00e6\u00f0i: A\u00f0 opna fegur\u00f0 r\u00f3mant\u00edsks tungum\u00e1ls Galis\u00edska, r\u00f3mant\u00edskt tungum\u00e1l sem tala\u00f0 er af yfir tveimur millj\u00f3num manna \u00e1 nor\u00f0vesturhluta Sp\u00e1nar, er einst\u00f6k og gr\u00edpandi m\u00e1ll\u00fdska sem deilir l\u00edkt me\u00f0 port\u00fag\u00f6lsku. \u00dea\u00f0 hefur s\u00e9rstaka hlj\u00f3\u00f0fr\u00e6\u00f0i, heillandi s\u00f6gu og lifandi lj\u00f3\u00f0r\u00e6na hef\u00f0. Til a\u00f0 n\u00e1 t\u00f6kum \u00e1 \u00feessu heillandi tungum\u00e1li er mikilv\u00e6gt a\u00f0 skilja m\u00e1lfr\u00e6\u00f0i \u00feess. [&hellip;]<\/p>\n","protected":false},"author":1,"featured_media":111988,"parent":0,"menu_order":0,"comment_status":"closed","ping_status":"closed","template":"LearningContentPage.php","meta":{"_acf_changed":false,"footnotes":""},"class_list":["post-143963","page","type-page","status-publish","has-post-thumbnail","hentry"],"acf":[],"yoast_head":"<!-- This site is optimized with the Yoast SEO Premium plugin v27.2 (Yoast SEO v27.2) - https:\/\/yoast.com\/product\/yoast-seo-premium-wordpress\/ -->\n<title>Galis\u00edsk m\u00e1lfr\u00e6\u00f0i - Talkpal<\/title>\n<meta name=\"description\" content=\"N\u00e1\u00f0u au\u00f0veldlega t\u00f6kum \u00e1 galis\u00edskri m\u00e1lfr\u00e6\u00f0i - l\u00e6r\u00f0u reglur, bygg\u00f0u r\u00e9ttar setningar og \u00e1ttu sk\u00fdr samskipti\" \/>\n<meta name=\"robots\" content=\"index, follow, max-snippet:-1, max-image-preview:large, max-video-preview:-1\" \/>\n<link rel=\"canonical\" href=\"https:\/\/talkpal.ai\/is\/galisisk-malfraedi\/\" \/>\n<meta property=\"og:locale\" content=\"is_IS\" \/>\n<meta property=\"og:type\" content=\"article\" \/>\n<meta property=\"og:title\" content=\"Galis\u00edsk m\u00e1lfr\u00e6\u00f0i\" \/>\n<meta property=\"og:description\" content=\"Galis\u00edsk m\u00e1lfr\u00e6\u00f0i: A\u00f0 opna fegur\u00f0 r\u00f3mant\u00edsks tungum\u00e1ls Galis\u00edska, r\u00f3mant\u00edskt tungum\u00e1l sem tala\u00f0 er af yfir tveimur millj\u00f3num manna \u00e1 nor\u00f0vesturhluta\" \/>\n<meta property=\"og:url\" content=\"https:\/\/talkpal.ai\/is\/galisisk-malfraedi\/\" \/>\n<meta property=\"og:site_name\" content=\"Talkpal\" \/>\n<meta property=\"article:publisher\" content=\"https:\/\/www.facebook.com\/profile.php?id=100090733639311\" \/>\n<meta property=\"article:modified_time\" content=\"2025-12-13T15:30:34+00:00\" \/>\n<meta property=\"og:image\" content=\"https:\/\/talkpal.ai\/wp-content\/uploads\/2023\/05\/Galician-spain.png\" \/>\n\t<meta property=\"og:image:width\" content=\"512\" \/>\n\t<meta property=\"og:image:height\" content=\"512\" \/>\n\t<meta property=\"og:image:type\" content=\"image\/png\" \/>\n<meta name=\"twitter:card\" content=\"summary_large_image\" \/>\n<meta name=\"twitter:site\" content=\"@talkpalai\" \/>\n<meta name=\"twitter:label1\" content=\"Est. reading time\" \/>\n\t<meta name=\"twitter:data1\" content=\"3 minutes\" \/>\n<script type=\"application\/ld+json\" class=\"yoast-schema-graph\">{\"@context\":\"https:\/\/schema.org\",\"@graph\":[{\"@type\":\"WebPage\",\"@id\":\"https:\/\/talkpal.ai\/is\/galisisk-malfraedi\/\",\"url\":\"https:\/\/talkpal.ai\/is\/galisisk-malfraedi\/\",\"name\":\"Galis\u00edsk m\u00e1lfr\u00e6\u00f0i - Talkpal\",\"isPartOf\":{\"@id\":\"https:\/\/talkpal.ai\/is\/#website\"},\"primaryImageOfPage\":{\"@id\":\"https:\/\/talkpal.ai\/is\/galisisk-malfraedi\/#primaryimage\"},\"image\":{\"@id\":\"https:\/\/talkpal.ai\/is\/galisisk-malfraedi\/#primaryimage\"},\"thumbnailUrl\":\"https:\/\/talkpal.ai\/wp-content\/uploads\/2023\/05\/Galician-spain.png\",\"datePublished\":\"2023-05-14T14:03:43+00:00\",\"dateModified\":\"2025-12-13T15:30:34+00:00\",\"description\":\"N\u00e1\u00f0u au\u00f0veldlega t\u00f6kum \u00e1 galis\u00edskri m\u00e1lfr\u00e6\u00f0i - l\u00e6r\u00f0u reglur, bygg\u00f0u r\u00e9ttar setningar og \u00e1ttu sk\u00fdr samskipti\",\"breadcrumb\":{\"@id\":\"https:\/\/talkpal.ai\/is\/galisisk-malfraedi\/#breadcrumb\"},\"inLanguage\":\"is\",\"potentialAction\":[{\"@type\":\"ReadAction\",\"target\":[\"https:\/\/talkpal.ai\/is\/galisisk-malfraedi\/\"]}]},{\"@type\":\"ImageObject\",\"inLanguage\":\"is\",\"@id\":\"https:\/\/talkpal.ai\/is\/galisisk-malfraedi\/#primaryimage\",\"url\":\"https:\/\/talkpal.ai\/wp-content\/uploads\/2023\/05\/Galician-spain.png\",\"contentUrl\":\"https:\/\/talkpal.ai\/wp-content\/uploads\/2023\/05\/Galician-spain.png\",\"width\":512,\"height\":512},{\"@type\":\"BreadcrumbList\",\"@id\":\"https:\/\/talkpal.ai\/is\/galisisk-malfraedi\/#breadcrumb\",\"itemListElement\":[{\"@type\":\"ListItem\",\"position\":1,\"name\":\"Homepage\",\"item\":\"https:\/\/talkpal.ai\/is\/\"},{\"@type\":\"ListItem\",\"position\":2,\"name\":\"Galis\u00edsk m\u00e1lfr\u00e6\u00f0i\"}]},{\"@type\":\"WebSite\",\"@id\":\"https:\/\/talkpal.ai\/is\/#website\",\"url\":\"https:\/\/talkpal.ai\/is\/\",\"name\":\"Talkpal\",\"description\":\"AI Language Learning\",\"publisher\":{\"@id\":\"https:\/\/talkpal.ai\/is\/#organization\"},\"alternateName\":\"Talkpal AI\",\"potentialAction\":[{\"@type\":\"SearchAction\",\"target\":{\"@type\":\"EntryPoint\",\"urlTemplate\":\"https:\/\/talkpal.ai\/is\/?s={search_term_string}\"},\"query-input\":{\"@type\":\"PropertyValueSpecification\",\"valueRequired\":true,\"valueName\":\"search_term_string\"}}],\"inLanguage\":\"is\"},{\"@type\":\"Organization\",\"@id\":\"https:\/\/talkpal.ai\/is\/#organization\",\"name\":\"Talkpal, Inc.\",\"alternateName\":\"Talkpal AI\",\"url\":\"https:\/\/talkpal.ai\/is\/\",\"logo\":{\"@type\":\"ImageObject\",\"inLanguage\":\"is\",\"@id\":\"https:\/\/talkpal.ai\/is\/#\/schema\/logo\/image\/\",\"url\":\"https:\/\/talkpal.ai\/wp-content\/uploads\/2024\/03\/Talkpal-Logo-Icon.png\",\"contentUrl\":\"https:\/\/talkpal.ai\/wp-content\/uploads\/2024\/03\/Talkpal-Logo-Icon.png\",\"width\":2880,\"height\":2880,\"caption\":\"Talkpal, Inc.\"},\"image\":{\"@id\":\"https:\/\/talkpal.ai\/is\/#\/schema\/logo\/image\/\"},\"sameAs\":[\"https:\/\/www.facebook.com\/profile.php?id=100090733639311\",\"https:\/\/x.com\/talkpalai\",\"https:\/\/www.linkedin.com\/company\/talkpal\/\",\"https:\/\/www.youtube.com\/@TalkPal\/\",\"https:\/\/www.tiktok.com\/@talkpal\",\"https:\/\/www.instagram.com\/talkpal_ai\/\",\"https:\/\/www.crunchbase.com\/organization\/talkpal-9cde\",\"https:\/\/www.g2.com\/products\/talkpal-for-business\/\",\"https:\/\/www.trustpilot.com\/review\/talkpal.ai\",\"https:\/\/www.capterra.com\/p\/10006800\/TalkPal\/\"],\"description\":\"Talkpal is a language learning web and mobile education app, powered by the latest AI technologies, that provides engaging experiences to its customers in many different languages to help them improve their language skills. Users can chat about unlimited amount of topics with the app and use other modes to practice their language learning.\",\"email\":\"support@talkpal.ai\",\"legalName\":\"Talkpal, Inc.\",\"foundingDate\":\"2023-04-03\",\"duns\":\"118989042\",\"numberOfEmployees\":{\"@type\":\"QuantitativeValue\",\"minValue\":\"11\",\"maxValue\":\"50\"},\"publishingPrinciples\":\"https:\/\/talkpal.ai\/publishing-principles\/\",\"actionableFeedbackPolicy\":\"https:\/\/talkpal.ai\/actionable-feedback-policy\/\",\"correctionsPolicy\":\"https:\/\/talkpal.ai\/corrections-policy\/\",\"ethicsPolicy\":\"https:\/\/talkpal.ai\/ethics-policy\/\",\"diversityPolicy\":\"https:\/\/talkpal.ai\/diversity-policy\/\",\"diversityStaffingReport\":\"https:\/\/talkpal.ai\/diversity-policy\/\"}]}<\/script>\n<!-- \/ Yoast SEO Premium plugin. -->","yoast_head_json":{"title":"Galis\u00edsk m\u00e1lfr\u00e6\u00f0i - Talkpal","description":"N\u00e1\u00f0u au\u00f0veldlega t\u00f6kum \u00e1 galis\u00edskri m\u00e1lfr\u00e6\u00f0i - l\u00e6r\u00f0u reglur, bygg\u00f0u r\u00e9ttar setningar og \u00e1ttu sk\u00fdr samskipti","robots":{"index":"index","follow":"follow","max-snippet":"max-snippet:-1","max-image-preview":"max-image-preview:large","max-video-preview":"max-video-preview:-1"},"canonical":"https:\/\/talkpal.ai\/is\/galisisk-malfraedi\/","og_locale":"is_IS","og_type":"article","og_title":"Galis\u00edsk m\u00e1lfr\u00e6\u00f0i","og_description":"Galis\u00edsk m\u00e1lfr\u00e6\u00f0i: A\u00f0 opna fegur\u00f0 r\u00f3mant\u00edsks tungum\u00e1ls Galis\u00edska, r\u00f3mant\u00edskt tungum\u00e1l sem tala\u00f0 er af yfir tveimur millj\u00f3num manna \u00e1 nor\u00f0vesturhluta","og_url":"https:\/\/talkpal.ai\/is\/galisisk-malfraedi\/","og_site_name":"Talkpal","article_publisher":"https:\/\/www.facebook.com\/profile.php?id=100090733639311","article_modified_time":"2025-12-13T15:30:34+00:00","og_image":[{"width":512,"height":512,"url":"https:\/\/talkpal.ai\/wp-content\/uploads\/2023\/05\/Galician-spain.png","type":"image\/png"}],"twitter_card":"summary_large_image","twitter_site":"@talkpalai","twitter_misc":{"Est. reading time":"3 minutes"},"schema":{"@context":"https:\/\/schema.org","@graph":[{"@type":"WebPage","@id":"https:\/\/talkpal.ai\/is\/galisisk-malfraedi\/","url":"https:\/\/talkpal.ai\/is\/galisisk-malfraedi\/","name":"Galis\u00edsk m\u00e1lfr\u00e6\u00f0i - Talkpal","isPartOf":{"@id":"https:\/\/talkpal.ai\/is\/#website"},"primaryImageOfPage":{"@id":"https:\/\/talkpal.ai\/is\/galisisk-malfraedi\/#primaryimage"},"image":{"@id":"https:\/\/talkpal.ai\/is\/galisisk-malfraedi\/#primaryimage"},"thumbnailUrl":"https:\/\/talkpal.ai\/wp-content\/uploads\/2023\/05\/Galician-spain.png","datePublished":"2023-05-14T14:03:43+00:00","dateModified":"2025-12-13T15:30:34+00:00","description":"N\u00e1\u00f0u au\u00f0veldlega t\u00f6kum \u00e1 galis\u00edskri m\u00e1lfr\u00e6\u00f0i - l\u00e6r\u00f0u reglur, bygg\u00f0u r\u00e9ttar setningar og \u00e1ttu sk\u00fdr samskipti","breadcrumb":{"@id":"https:\/\/talkpal.ai\/is\/galisisk-malfraedi\/#breadcrumb"},"inLanguage":"is","potentialAction":[{"@type":"ReadAction","target":["https:\/\/talkpal.ai\/is\/galisisk-malfraedi\/"]}]},{"@type":"ImageObject","inLanguage":"is","@id":"https:\/\/talkpal.ai\/is\/galisisk-malfraedi\/#primaryimage","url":"https:\/\/talkpal.ai\/wp-content\/uploads\/2023\/05\/Galician-spain.png","contentUrl":"https:\/\/talkpal.ai\/wp-content\/uploads\/2023\/05\/Galician-spain.png","width":512,"height":512},{"@type":"BreadcrumbList","@id":"https:\/\/talkpal.ai\/is\/galisisk-malfraedi\/#breadcrumb","itemListElement":[{"@type":"ListItem","position":1,"name":"Homepage","item":"https:\/\/talkpal.ai\/is\/"},{"@type":"ListItem","position":2,"name":"Galis\u00edsk m\u00e1lfr\u00e6\u00f0i"}]},{"@type":"WebSite","@id":"https:\/\/talkpal.ai\/is\/#website","url":"https:\/\/talkpal.ai\/is\/","name":"Talkpal","description":"AI Language Learning","publisher":{"@id":"https:\/\/talkpal.ai\/is\/#organization"},"alternateName":"Talkpal AI","potentialAction":[{"@type":"SearchAction","target":{"@type":"EntryPoint","urlTemplate":"https:\/\/talkpal.ai\/is\/?s={search_term_string}"},"query-input":{"@type":"PropertyValueSpecification","valueRequired":true,"valueName":"search_term_string"}}],"inLanguage":"is"},{"@type":"Organization","@id":"https:\/\/talkpal.ai\/is\/#organization","name":"Talkpal, Inc.","alternateName":"Talkpal AI","url":"https:\/\/talkpal.ai\/is\/","logo":{"@type":"ImageObject","inLanguage":"is","@id":"https:\/\/talkpal.ai\/is\/#\/schema\/logo\/image\/","url":"https:\/\/talkpal.ai\/wp-content\/uploads\/2024\/03\/Talkpal-Logo-Icon.png","contentUrl":"https:\/\/talkpal.ai\/wp-content\/uploads\/2024\/03\/Talkpal-Logo-Icon.png","width":2880,"height":2880,"caption":"Talkpal, Inc."},"image":{"@id":"https:\/\/talkpal.ai\/is\/#\/schema\/logo\/image\/"},"sameAs":["https:\/\/www.facebook.com\/profile.php?id=100090733639311","https:\/\/x.com\/talkpalai","https:\/\/www.linkedin.com\/company\/talkpal\/","https:\/\/www.youtube.com\/@TalkPal\/","https:\/\/www.tiktok.com\/@talkpal","https:\/\/www.instagram.com\/talkpal_ai\/","https:\/\/www.crunchbase.com\/organization\/talkpal-9cde","https:\/\/www.g2.com\/products\/talkpal-for-business\/","https:\/\/www.trustpilot.com\/review\/talkpal.ai","https:\/\/www.capterra.com\/p\/10006800\/TalkPal\/"],"description":"Talkpal is a language learning web and mobile education app, powered by the latest AI technologies, that provides engaging experiences to its customers in many different languages to help them improve their language skills. Users can chat about unlimited amount of topics with the app and use other modes to practice their language learning.","email":"support@talkpal.ai","legalName":"Talkpal, Inc.","foundingDate":"2023-04-03","duns":"118989042","numberOfEmployees":{"@type":"QuantitativeValue","minValue":"11","maxValue":"50"},"publishingPrinciples":"https:\/\/talkpal.ai\/publishing-principles\/","actionableFeedbackPolicy":"https:\/\/talkpal.ai\/actionable-feedback-policy\/","correctionsPolicy":"https:\/\/talkpal.ai\/corrections-policy\/","ethicsPolicy":"https:\/\/talkpal.ai\/ethics-policy\/","diversityPolicy":"https:\/\/talkpal.ai\/diversity-policy\/","diversityStaffingReport":"https:\/\/talkpal.ai\/diversity-policy\/"}]}},"_links":{"self":[{"href":"https:\/\/talkpal.ai\/is\/wp-json\/wp\/v2\/pages\/143963","targetHints":{"allow":["GET"]}}],"collection":[{"href":"https:\/\/talkpal.ai\/is\/wp-json\/wp\/v2\/pages"}],"about":[{"href":"https:\/\/talkpal.ai\/is\/wp-json\/wp\/v2\/types\/page"}],"author":[{"embeddable":true,"href":"https:\/\/talkpal.ai\/is\/wp-json\/wp\/v2\/users\/1"}],"replies":[{"embeddable":true,"href":"https:\/\/talkpal.ai\/is\/wp-json\/wp\/v2\/comments?post=143963"}],"version-history":[{"count":0,"href":"https:\/\/talkpal.ai\/is\/wp-json\/wp\/v2\/pages\/143963\/revisions"}],"wp:featuredmedia":[{"embeddable":true,"href":"https:\/\/talkpal.ai\/is\/wp-json\/wp\/v2\/media\/111988"}],"wp:attachment":[{"href":"https:\/\/talkpal.ai\/is\/wp-json\/wp\/v2\/media?parent=143963"}],"curies":[{"name":"wp","href":"https:\/\/api.w.org\/{rel}","templated":true}]}}